{"id":8967,"date":"2024-09-06T17:40:05","date_gmt":"2024-09-06T17:40:05","guid":{"rendered":"https:\/\/travelshelper.com\/staging\/?page_id=8967"},"modified":"2026-03-13T18:09:05","modified_gmt":"2026-03-13T18:09:05","slug":"%e5%b8%95%e6%88%88%e8%90%a8%e6%b8%a9%e6%b3%89","status":"publish","type":"page","link":"https:\/\/travelshelper.com\/zh\/destinations\/north-america\/united-states\/pagosa-springs\/","title":{"rendered":"\u5e15\u6208\u8428\u6e29\u6cc9"},"content":{"rendered":"<p>\u5e15\u6208\u8428\u65af\u666e\u6797\u65af\u662f\u79d1\u7f57\u62c9\u591a\u5dde\u897f\u5357\u90e8\u7684\u4e00\u4e2a\u5c0f\u578b\u5c71\u533a\u793e\u533a\u3002\u6839\u636e2020\u5e74\u4eba\u53e3\u666e\u67e5\uff0c\u5176\u4eba\u53e3\u6570\u91cf\u5f98\u5f8a\u572816\u4e16\u7eaa\u4e2d\u671f\uff0c\u9884\u8ba1\u52302025\u5e74\u5c06\u589e\u957f\u81f3\u7ea61,877\u4eba\u3002\u8be5\u9547\u7684\u4eba\u53e3\u7ed3\u6784\u53cd\u6620\u51fa\u5176\u5e74\u8f7b\u7684\u57fa\u6570\uff08\u4e2d\u4f4d\u5e74\u9f84\u7ea634.5\u5c81\uff09\u548c\u663e\u8457\u7684\u897f\u73ed\u7259\u88d4\/\u62c9\u4e01\u88d4\u4eba\u53e3\uff08\u7ea6\u5360\u5c45\u6c11\u768443%\uff09\u3002\u5e15\u6208\u8428\u65af\u666e\u6797\u65af\u7684\u7ecf\u6d4e\u4e25\u91cd\u4f9d\u8d56\u65c5\u6e38\u4e1a\u548c\u9000\u4f11\u6536\u5165\u3002\u5bb6\u5ead\u6536\u5165\u4e2d\u4f4d\u6570\u9002\u4e2d\uff08\u7ea636,700\u7f8e\u5143\uff09\uff0c\u7ea623%\u7684\u5bb6\u5ead\u751f\u6d3b\u5728\u8d2b\u56f0\u7ebf\u4ee5\u4e0b\u3002\u8bb8\u591a\u5bb6\u5ead\u4f9d\u8d56\u670d\u52a1\u4e1a\u3001\u6237\u5916\u5a31\u4e50\u548c\u9152\u5e97\u4e1a\u3002\u8fd1\u51e0\u5341\u5e74\u6765\uff0c\u7531\u4e8e\u8be5\u9547\u8457\u540d\u7684\u6e29\u6cc9\u548c\u6ed1\u96ea\u573a\u5438\u5f15\u4e86\u4f17\u591a\u6e38\u5ba2\uff0c\u8be5\u9547\u7684\u7ecf\u6d4e\u5df2\u8d8b\u4e8e\u7a33\u5b9a\u3002<\/p>\n<p>\u5e15\u6208\u8428\u65af\u666e\u6797\u65af\u4f4d\u4e8e\u79d1\u7f57\u62c9\u591a\u5dde\u5d0e\u5c96\u7684\u5723\u80e1\u5b89\u5c71\u8109\u897f\u90e8\uff0c\u8ddd\u65b0\u58a8\u897f\u54e5\u5dde\u8fb9\u754c\u4ee5\u5317\u7ea6 35 \u82f1\u91cc\u3002\u5b83\u5750\u843d\u5728\u5927\u9646\u5206\u6c34\u5cad\u897f\u5761\u6d77\u62d4 7,126 \u82f1\u5c3a\u7684\u5730\u65b9\uff0c\u5360\u636e\u7740\u4e00\u7247\u88ab\u68ee\u6797\u548c\u767d\u96ea\u7691\u7691\u7684\u5c71\u5cf0\u73af\u7ed5\u7684\u6c99\u6f20\u9ad8\u539f\u3002\u5723\u80e1\u5b89\u6cb3\u4ece\u9644\u8fd1\u6d41\u6dcc\uff0c\u6c34\u6e90\u6765\u81ea\u5c71\u95f4\u878d\u96ea\u3002\u5c0f\u9547\u5468\u56f4\u73af\u7ed5\u7740\u677e\u6811\u6797\u548c\u5c71\u827e\u704c\u6728\u4e1b\uff0c\u6c14\u5019\u5f02\u5e38\u6674\u6717\uff0c\u6bcf\u5e74\u7ea6\u6709 300 \u5929\u7684\u9633\u5149\u3002\u51ac\u5b63\u5bd2\u51b7\uff0c\u4f46\u5728\u8fd9\u4e2a\u6d77\u62d4\u9ad8\u5ea6\u76f8\u5bf9\u6e29\u548c\uff0c\u590f\u5b63\u6e29\u6696\u5e72\u71e5\u3002\u5c71\u533a\u548c\u9ad8\u539f\u6c99\u6f20\u7684\u7ed3\u5408\u8d4b\u4e88\u4e86\u5e15\u6208\u8428\u65af\u666e\u6797\u65af\u4e0e\u79d1\u7f57\u62c9\u591a\u5dde\u4f4e\u5730\u5e73\u539f\u622a\u7136\u4e0d\u540c\u7684\u81ea\u7136\u73af\u5883\u3002\u5c0f\u9547\u4e09\u9762\u88ab\u56fd\u5bb6\u68ee\u6797\u73af\u7ed5\uff0c\u663e\u5f97\u683c\u5916\u504f\u8fdc\uff0c\u5374\u53c8\u62e5\u6709\u56db\u5b63\u7686\u5b9c\u7684\u4f11\u95f2\u5a31\u4e50\u73af\u5883\u3002<\/p>\n<p>\u65e9\u5728\u6b27\u6d32\u4eba\u5230\u6765\u4e4b\u524d\uff0c\u5e15\u6208\u8428\u5730\u533a\u5bf9\u5c24\u7279\u4eba\u6765\u8bf4\u5c31\u662f\u5723\u5730\uff0c\u4ed6\u4eec\u79f0\u8fd9\u4e9b\u6cc9\u6c34\u4e3a\u201c\u5e15\u6208\u8428\u201d\uff08Pagosah\uff09\uff0c\u610f\u4e3a\u201c\u6cbb\u6108\u4e4b\u6c34\u6216\u6cb8\u6c34\u201d\u3002\u5c24\u7279\u90e8\u843d\u548c\u7eb3\u74e6\u970d\u90e8\u843d\u66fe\u65ad\u65ad\u7eed\u7eed\u5730\u4f7f\u7528\u8fc7\u8fd9\u7247\u533a\u57df\uff0c\u56f4\u7ed5\u6cc9\u6c34\u7684\u51b2\u7a81\u4e00\u76f4\u6301\u7eed\u523019\u4e16\u7eaa\u672b\u30021880\u5e74\uff0c\u7f8e\u56fd\u653f\u5e9c\u63a5\u7ba1\u4e86\u6cc9\u6c34\uff0c\u4e0d\u4e45\u4e4b\u540e\uff0c\u767d\u4eba\u5b9a\u5c45\u8005\u4e5f\u63d0\u51fa\u4e86\u6240\u6709\u6743\u8981\u6c42\u3002\u5e15\u6208\u8428\u6cc9\u4e8e1883\u5e74\u89c4\u5212\uff0c\u5e76\u4e8e1891\u5e74\u5efa\u9547\u3002<\/p>\n<p>\u6700\u521d\uff0c\u7531\u4e8e\u62d3\u8352\u8005\u780d\u4f10\u68ee\u6797\u5e76\u5728\u9644\u8fd1\u7684\u5c71\u5761\u4e0a\u91c7\u77ff\uff0c\u5c0f\u9547\u7684\u7ecf\u6d4e\u4ee5\u9ec4\u91d1\u3001\u6728\u6750\u548c\u7267\u573a\u4e3a\u4e3b\u300220\u4e16\u7eaa\u521d\uff0c\u5c0f\u9547\u7684\u63a8\u52a8\u8005\u8bd5\u56fe\u56f4\u7ed5\u6e29\u6cc9\u53d1\u5c55\u65c5\u6e38\u4e1a\uff0c\u4f46\u51e0\u5341\u5e74\u6765\u4e00\u76f4\u4e0e\u4e16\u9694\u7edd\u300220\u4e16\u7eaa50\u81f360\u5e74\u4ee3\u7684\u79d1\u7f57\u62c9\u591a\u6cb3\u84c4\u6c34\u5de5\u7a0b\u5e26\u6765\u4e86\u7535\u529b\u548c\u9053\u8def\uff0c\u8fd9\u6807\u5fd7\u7740\u5c0f\u9547\u7684\u91cd\u5927\u8f6c\u6298\u70b9\u3002\u5230\u4e8620\u4e16\u7eaa70\u5e74\u4ee3\uff0c\u5e15\u6208\u8428\u65af\u666e\u6797\u65af\u5f00\u59cb\u79ef\u6781\u5f00\u53d1\u5176\u6e29\u6cc9\u5ea6\u5047\u6751\u3002\u201c\u7ea2\u9a91\u58eb\u96c6\u7ed3\u201d\uff08Red Ryder Roundup\uff09\u662f\u5e15\u6208\u8428\u65af\u666e\u6797\u65af\u4e00\u4e2a\u72ec\u7279\u7684\u6587\u5316\u91cc\u7a0b\u7891\uff0c\u8fd9\u662f\u4e00\u9879\u59cb\u4e8e20\u4e16\u7eaa50\u5e74\u4ee3\u7684\u7f8e\u56fd\u72ec\u7acb\u65e5\u725b\u4ed4\u7ade\u6280\u548c\u6e38\u884c\u6d3b\u52a8\uff0c\u65e8\u5728\u7eaa\u5ff5\u5f53\u5730\u7684\u725b\u4ed4\u6587\u5316\u3002\u968f\u7740\u65f6\u95f4\u7684\u63a8\u79fb\uff0c\u5e15\u6208\u8428\u65af\u666e\u6797\u65af\u4e5f\u56e0\u5176\u5386\u53f2\u7279\u8272\u7684\u4fdd\u62a4\u800c\u83b7\u5f97\u4e86\u201c\u4fdd\u62a4\u7f8e\u56fd\u201d\u793e\u533a\uff082006\u5e74\uff09\u7684\u8ba4\u53ef\u3002<\/p>\n<p>\u5e15\u6208\u8428\u65af\u666e\u6797\u65af\u4fdd\u7559\u7740\u897f\u90e8\u5c0f\u9547\u7684\u6c1b\u56f4\u3002\u82f1\u8bed\u662f\u4e3b\u8981\u8bed\u8a00\uff0c\u4f46\u8fd1\u4e00\u534a\u7684\u4eba\u53e3\u62e5\u6709\u897f\u73ed\u7259\u88d4\u8840\u7edf\uff08\u53cd\u6620\u4e86\u5f53\u5730\u6587\u5316\u4f20\u7edf\uff09\u3002\u5f53\u5730\u4eba\u70ed\u60c5\u53cb\u597d\uff0c\u90bb\u91cc\u53cb\u597d\uff1b\u7267\u573a\u548c\u539f\u4f4f\u6c11\u4f20\u7edf\u4e0e\u73b0\u4ee3\u6237\u5916\u751f\u6d3b\u65b9\u5f0f\u76f8\u878d\u5408\u3002\u8fd9\u91cc\u7684\u751f\u6d3b\u8282\u594f\u60a0\u95f2\uff1a\u590f\u5b63\u4eba\u4eec\u53ef\u4ee5\u5f92\u6b65\u3001\u6f02\u6d41\u6216\u5728\u6e29\u6cc9\u4e2d\u6ce1\u6fa1\uff0c\u51ac\u5b63\u5219\u53ef\u4ee5\u5728\u9644\u8fd1\u7684\u5ea6\u5047\u6751\u6ed1\u96ea\u3002\u793e\u533a\u6d3b\u52a8\u53cd\u6620\u4e86\u8fd9\u91cc\u878d\u5408\u7684\u6587\u5316\u4f20\u7edf\uff1a\u4f8b\u5982\uff0c\u6bcf\u5e74\u4e03\u6708\uff0c\u5f53\u5730\u4eba\u548c\u6e38\u5ba2\u90fd\u4f1a\u6234\u4e0a\u725b\u4ed4\u5e3d\u53c2\u52a0\u7ea2\u9a91\u58eb\u725b\u4ed4\u7ade\u6280\u6e38\u884c\u3002\u79cb\u5b63\uff0c\u5c0f\u9547\u4f1a\u4e3e\u529e\u8272\u5f69\u8282\uff0c\u8fd9\u662f\u4e00\u4e2a\u5145\u6ee1\u70ed\u6c14\u7403\u3001\u8461\u8404\u9152\u548c\u8dd1\u6b65\u6bd4\u8d5b\u7684\u8282\u65e5\u3002\u65e0\u8bba\u8001\u5c45\u6c11\u8fd8\u662f\u65b0\u79fb\u6c11\uff0c\u53cb\u597d\u90fd\u662f\u4ed6\u4eec\u7684\u9a84\u50b2\u2014\u2014\u5728\u8fd9\u91cc\uff0c\u964c\u751f\u4eba\u5728\u6e29\u6cc9\u6c60\u8fb9\u4f1a\u53d7\u5230\u70ed\u60c5\u7684\u95ee\u5019\uff0c\u5e97\u4e3b\u4e5f\u80fd\u53eb\u51fa\u987e\u5ba2\u7684\u540d\u5b57\u3002\u5c3d\u7ba1\u5e15\u6208\u8428\u662f\u4e00\u4e2a\u65c5\u6e38\u5c0f\u9547\uff0c\u4f46\u5176\u5e02\u4e2d\u5fc3\u5374\u7ed9\u4eba\u4e00\u79cd\u4ee4\u4eba\u60ca\u8bb6\u7684\u53e4\u96c5\u611f\u89c9\uff0c\u62e5\u6709\u9002\u5408\u6b65\u884c\u7684\u5927\u8857\u3001\u827a\u672f\u753b\u5eca\u548c\u51e0\u5bb6\u9152\u9986\uff0c\u5f53\u5730\u4eba\u548c\u6e38\u5ba2\u53ef\u4ee5\u4e00\u8fb9\u559d\u7740\u5f53\u5730\u5564\u9152\u4e00\u8fb9\u804a\u5929\u3002<\/p>\n<p>\u5e15\u6208\u8428\u7684\u6e29\u6cc9\u662f\u8fd9\u91cc\u6700\u5177\u5438\u5f15\u529b\u7684\u666f\u70b9\u3002\u201c\u6bcd\u6cc9\u201d\u7531\u6df1\u5c42\u5730\u70ed\u6e90\u6ecb\u517b\uff0c\u6c34\u6e29\u9ad8\u8fbe\u7ea6 70 \u6444\u6c0f\u5ea6\uff08144 \u534e\u6c0f\u5ea6\uff09\uff0c\u5e76\u6c47\u805a\u4e86\u6570\u4e2a\u516c\u5171\u548c\u79c1\u4eba\u6d78\u6ce1\u6c60\u3002\u6e38\u5ba2\u4eec\u5168\u5e74\u90fd\u6765\u6ce1\u6e29\u6cc9\uff0c\u5373\u4f7f\u5728\u4e0b\u96ea\u5929\u4e5f\u662f\u5982\u6b64\u3002\u8ddd\u79bb\u5c0f\u9547\u4ec5\u51e0\u5206\u949f\u8f66\u7a0b\u7684\u72fc\u6eaa\u6ed1\u96ea\u573a\u4ee5\u5176\u60ca\u4eba\u7684\u964d\u96ea\u91cf\uff08\u5e73\u5747\u6bcf\u5e74\u7ea6 430 \u82f1\u5bf8\uff0c\u662f\u79d1\u7f57\u62c9\u591a\u5dde\u6240\u6709\u5ea6\u5047\u80dc\u5730\u4e2d\u6700\u591a\u7684\uff09\u548c\u9002\u5408\u5bb6\u5ead\u6e38\u73a9\u7684\u96ea\u9053\u800c\u95fb\u540d\u3002<\/p>\n<p>\u5e15\u6208\u8428\u7684\u5bb6\u95e8\u53e3\u5c31\u662f\u5927\u81ea\u7136\u3002\u9547\u4e1c\u7684\u5b9d\u85cf\u7011\u5e03\uff08Treasure Falls\uff09\u843d\u5dee105\u82f1\u5c3a\uff0c\u6cbf\u7740\u68ee\u6797\u5c0f\u5f84\u8f7b\u677e\u5f92\u6b65\u5373\u53ef\u5230\u8fbe\u3002\u9644\u8fd1\u7684\u5176\u4ed6\u7011\u5e03\u5305\u62ec\u76ae\u5fb7\u62c9\u7011\u5e03\uff08Piedra Falls\uff09\u548c\u5bcc\u5c14\u8fc8\u5c14\u7011\u5e03\uff08Fourmile Falls\uff09\uff0c\u6cbf\u7740\u4e61\u6751\u5c0f\u5f84\u7a7f\u8fc7\u677e\u6797\u5373\u53ef\u5230\u8fbe\u3002\u5e15\u6208\u8428\u4e5f\u9760\u8fd1\u70df\u56f1\u5ca9\u56fd\u5bb6\u7eaa\u5ff5\u7891\uff08Chimney Rock National Monument\uff09\uff0c\u8fd9\u662f\u4e00\u5904\u53e4\u8001\u7684\u666e\u97e6\u5e03\u6d1b\u9057\u5740\uff0c\u62e5\u6709\u96c4\u4f1f\u7684\u77f3\u5854\u548c\u57fa\u74e6\uff08kivas\uff09\uff0c\u5176\u5386\u53f2\u53ef\u8ffd\u6eaf\u81f3\u516c\u5143950\u5e74\u81f31150\u5e74\u3002\u62a4\u6797\u5458\u5e26\u9886\u7684\u6e38\u89c8\u56e2\u4f1a\u8bb2\u89e3\u8be5\u9057\u5740\u7684\u5929\u6587\u5750\u6807\u3002\u6d41\u7ecf\u5e15\u6208\u8428\u7684\u5723\u80e1\u5b89\u6cb3\uff08San Juan River\uff09\u4ee5\u5176\u91d1\u724c\u98de\u9493\u800c\u95fb\u540d\uff0c\u6b64\u5916\u8fd8\u6709\u590f\u5b63\u6f02\u6d41\u548c\u8f7b\u677e\u7684\u6f02\u6d41\u9879\u76ee\u3002<\/p>\n<p>\u9547\u4e0a\u9664\u4e86\u6e29\u6cc9\u672c\u8eab\uff0c\u8fd8\u6709\u4e00\u4e9b\u7279\u8272\u666f\u70b9\u3002\u5f17\u96f7\u5fb7\u00b7\u54c8\u66fc\u827a\u672f\u535a\u7269\u9986\uff08\u53c8\u540d\u7ea2\u9a91\u58eb\u535a\u7269\u9986\uff09\u662f\u4e3a\u4e86\u7eaa\u5ff5\u8fd9\u4f4d\u5c06\u5e15\u6208\u8428\u4f5c\u4e3a\u6545\u4e61\u7684\u6f2b\u753b\u5bb6\u800c\u5efa\u3002\u5f53\u5730\u7684\u6237\u5916\u7528\u54c1\u5546\u5e97\u5728\u6cb3\u4e0a\u51fa\u79df\u6a61\u76ae\u8247\u548c\u76ae\u5212\u8247\uff0c\u5f92\u6b65\u65c5\u884c\u5546\u5e97\u5219\u63d0\u4f9b\u9a91\u9a6c\u5c0f\u5f84\u548c\u88c5\u5907\u3002\u5168\u5e74\u90fd\u6709\u5de5\u827a\u54c1\u96c6\u5e02\u3001\u519c\u8d38\u5e02\u573a\u548c\u827a\u672f\u5c55\u5438\u5f15\u7740\u4f17\u591a\u6e38\u5ba2\u3002\u5e15\u6208\u8428\u7684\u9b45\u529b\u5f88\u5927\u7a0b\u5ea6\u4e0a\u5728\u4e8e\u6237\u5916\uff1a\u98ce\u666f\u4f18\u7f8e\u7684\u8f66\u9053\u901a\u5f80\u9ad8\u5c71\u6e56\u6cca\uff08\u4f8b\u5982\u5a01\u5ec9\u59c6\u65af\u6e56\u548c\u77f3\u82f1\u6e56\uff09\uff0c\u751a\u81f3\u8fde\u9910\u5385\u548c\u5496\u5561\u9986\u90fd\u80fd\u6b23\u8d4f\u5230\u7fa4\u5c71\u7684\u5168\u666f\u3002\u5bf9\u4e8e\u6e38\u5ba2\u6765\u8bf4\uff0c\u5fc5\u505a\u7684\u4e00\u4ef6\u4e8b\u663e\u800c\u6613\u89c1\uff1a\u5728\u70ed\u6c14\u817e\u817e\u7684\u77ff\u6cc9\u6c34\u4e2d\u653e\u677e\u8eab\u5fc3\uff0c\u7136\u540e\u547c\u5438\u6e05\u65b0\u7684\u5c71\u95f4\u7a7a\u6c14\u3002<\/p>\n<p>\u5e15\u6208\u8428\u65af\u666e\u6797\u65af\u6ca1\u6709\u81ea\u5df1\u7684\u5927\u578b\u673a\u573a\u6216\u706b\u8f66\u7ad9\u3002\u6700\u8fd1\u7684\u5546\u4e1a\u673a\u573a\u662f\u675c\u5170\u6208-\u62c9\u666e\u62c9\u5854\u53bf\u673a\u573a (DRO)\uff0c\u4f4d\u4e8e\u5176\u897f\u4fa7\u7ea6 60 \u82f1\u91cc\u5904\uff0c\u6bcf\u65e5\u6709\u98de\u5f80\u4e39\u4f5b\u548c\u8fbe\u62c9\u65af\u7684\u822a\u73ed\uff0c\u4ee5\u53ca\u98de\u5f80\u83f2\u5c3c\u514b\u65af\u3001\u76d0\u6e56\u57ce\u548c\u62c9\u65af\u7ef4\u52a0\u65af\u7684\u5b63\u8282\u6027\u822a\u73ed\u3002\u4ece\u83f2\u5c3c\u514b\u65af\u6216\u4e39\u4f5b\u673a\u573a\u51fa\u53d1\uff0c\u8f66\u7a0b\u7ea6 5-6 \u5c0f\u65f6\uff1b\u4ece\u963f\u5c14\u4f2f\u514b\u57fa\u51fa\u53d1\uff0c\u8f66\u7a0b\u7ea6 4 \u5c0f\u65f6\u3002\u6e38\u5ba2\u901a\u5e38\u79df\u8f66\uff1b\u7f8e\u56fd 160 \u53f7\u516c\u8def\u6a2a\u8de8\u72fc\u6eaa\u5c71\u53e3\uff0c\u4e1c\u897f\u8fde\u63a5\u5e15\u6208\u8428\u3002\uff08\u8bf7\u6ce8\u610f\uff0c\u72fc\u6eaa\u5c71\u53e3\u662f\u4e00\u6761\u9ad8\u5c71\u516c\u8def\u2014\u2014\u51ac\u5b63\u8def\u51b5\u53ef\u80fd\u5f88\u5371\u9669\u3002\u9a7e\u9a76\u5458\u5e94\u67e5\u770b\u5b9e\u65f6\u66f4\u65b0\u3002\uff09<\/p>\n<p>\u5e15\u6208\u8428\u9547\u4e2d\u5fc3\u5e03\u5c40\u7d27\u51d1\uff08\u5e02\u4e2d\u5fc3\u6b65\u884c\u5373\u53ef\u8f7b\u677e\u62b5\u8fbe\uff09\uff0c\u4f46\u8bb8\u591a\u4eae\u70b9\u90fd\u9690\u85cf\u5728\u5ce1\u8c37\u6216\u68ee\u6797\u4e4b\u4e2d\u3002\u5c71\u533a\u5feb\u7ebf\u4ea4\u901a\u7cfb\u7edf\u63d0\u4f9b\u672c\u5730\u516c\u4ea4\u670d\u52a1\uff0c\u5305\u62ec\u9014\u7ecf\u5e15\u6208\u8428\u65af\u666e\u6797\u65af\u53ca\u5176\u5468\u8fb9\u793e\u533a\u7684\u56fa\u5b9a\u7ebf\u8def\uff0c\u4ee5\u53ca\u8fdc\u81f3\u675c\u5170\u6208\u7684\u7ebf\u8def\u3002\u8fd9\u9879\u670d\u52a1\u5bf9\u8001\u5e74\u4eba\u6765\u8bf4\u4ef7\u683c\u4f4e\u5ec9\u751a\u81f3\u514d\u8d39\u3002\u7136\u800c\uff0c\u5e7f\u9614\u7684\u68ee\u6797\u548c\u5c71\u8109\u53ea\u80fd\u901a\u8fc7\u6c7d\u8f66\u3001\u5168\u5730\u5f62\u8f66\u6216\u6b65\u884c\u5230\u8fbe\uff0c\u56e0\u6b64\u79df\u8f66\u6216\u5b89\u6392\u5bfc\u6e38\u670d\u52a1\u8f83\u4e3a\u5e38\u89c1\u3002\u5e02\u4e2d\u5fc3\u505c\u8f66\u4f4d\u6709\u9650\uff0c\u4f46\u901a\u5e38\u6bd4\u5927\u57ce\u5e02\u66f4\u5bb9\u6613\u627e\u5230\uff1b\u4e3b\u8857\u4e0a\u6324\u6ee1\u4e86\u884c\u4eba\uff0c\u5c24\u5176\u662f\u5728\u590f\u5b63\u5468\u672b\u3002<\/p>\n<p>\u8d27\u5e01\u4e3a\u7f8e\u5143\uff0c\u82f1\u8bed\u968f\u5904\u53ef\u89c1\uff1b\u8bb8\u591a\u5f53\u5730\u4eba\u4e5f\u5e7f\u6cdb\u4f7f\u7528\u897f\u73ed\u7259\u8bed\u3002\u7531\u4e8e\u6d77\u62d4\u8f83\u9ad8\uff0c\u521d\u6b21\u5230\u8bbf\u7684\u6e38\u5ba2\u5e94\u7559\u51fa\u65f6\u95f4\u9002\u5e94\u2014\u2014\u5728\u6d77\u62d4\u8d85\u8fc7 7,000 \u82f1\u5c3a\u7684\u5730\u65b9\uff0c\u5373\u4f7f\u662f\u77ed\u9014\u6b65\u884c\u4e5f\u4f1a\u611f\u5230\u5403\u529b\u3002\u51ac\u5b63\u9053\u8def\u7ed3\u51b0\u4e14\u5927\u96ea\u7eb7\u98de\uff1b\u590f\u5b63\u9633\u5149\u5f3a\u70c8\uff0c\u5efa\u8bae\u6d82\u62b9\u9632\u6652\u971c\u5e76\u8865\u5145\u6c34\u5206\u3002\u6e38\u5ba2\u5e94\u50cf\u5728\u7f8e\u56fd\u5176\u4ed6\u76ee\u7684\u5730\u4e00\u6837\u7ed9\u670d\u52a1\u5458\u548c\u5bfc\u6e38\u5c0f\u8d39\uff0815-20%\uff09\u3002\u5f53\u5730\u793c\u4eea\u8f83\u4e3a\u968f\u610f\uff1a\u8def\u4eba\u5feb\u901f\u6253\u4e2a\u62db\u547c\u6216\u70b9\u5934\u81f4\u610f\u662f\u60ef\u4f8b\u3002\u5e15\u6208\u8428\u7684\u6cbb\u5b89\u603b\u4f53\u826f\u597d\uff1a\u793e\u533a\u89c4\u6a21\u5c0f\uff0c\u73af\u5883\u5b81\u9759\u3002\u9700\u91c7\u53d6\u5e38\u8bc6\u6027\u9884\u9632\u63aa\u65bd\u2014\u2014\u7559\u610f\u91ce\u751f\u52a8\u7269\uff08\u8425\u5730\u91cc\u7684\u718a\u6216\u9e8b\u9e7f\uff0c\u53d1\u60c5\u671f\u7684\u54cd\u5c3e\u86c7\uff09\uff0c\u5e76\u7559\u610f\u5929\u6c14\u9884\u62a5\uff0c\u5c24\u5176\u662f\u5728\u51ac\u5b63\u3002<a href=\"https:\/\/travelshelper.com\/zh\/%e7%9b%ae%e7%9a%84%e5%9c%b0\/%e5%8c%97%e7%be%8e%e6%b4%b2\/%e7%be%8e%e5%88%a9%e5%9d%9a%e5%90%88%e4%bc%97%e5%9b%bd\/%e4%bc%af%e5%85%8b%e5%88%a9%e6%96%af%e6%99%ae%e6%9e%97%e6%96%af\/\" target=\"_self\" aria-labelledby=\"uael-post-8997\"><br \/>\n<\/a><\/p>","protected":false},"excerpt":{"rendered":"<p>\u5e15\u6208\u8428\u65af\u666e\u6797\u65af\uff08Pagosa Springs\uff09\uff0c\u5728\u5c24\u7279\u8bed\u4e2d\u88ab\u79f0\u4e3aPagw\u00f6\u00f6sa\uff0c\u5728\u7eb3\u74e6\u970d\u8bed\u4e2d\u88ab\u79f0\u4e3aT\u00f3 Sido H\u00e1\u00e1l\u012f\u0301\uff0c\u662f\u4e00\u4e2a\u5145\u6ee1\u6d3b\u529b\u4e14\u72ec\u5177\u7279\u8272\u7684\u793e\u533a\uff0c\u4f4d\u4e8e\u79d1\u7f57\u62c9\u591a\u5dde\u963f\u4e18\u5229\u5854\u53bf\u7684\u4e2d\u5fc3\u5730\u5e26\u3002\u4f5c\u4e3a\u53bf\u6cbb\u6240\u5728\u5730\u548c\u8be5\u5730\u533a\u4eba\u53e3\u6700\u591a\u7684\u57ce\u9547\uff0c\u5e15\u6208\u8428\u65af\u666e\u6797\u65af\u4ee5\u5176\u72ec\u7279\u7684\u81ea\u7136\u7f8e\u666f\u548c\u6df1\u539a\u7684\u5386\u53f2\u6587\u5316\u4ef7\u503c\u800c\u95fb\u540d\u3002\u6839\u636e2020\u5e74\u4eba\u53e3\u666e\u67e5\uff0c\u5e15\u6208\u8428\u65af\u666e\u6797\u65af\u4eba\u53e3\u4e3a1,571\u4eba\uff0c\u8fd9\u4e2a\u5730\u65b9\u81ea\u6cbb\u5e02\u6df1\u53d7\u5c45\u6c11\u548c\u6e38\u5ba2\u7684\u559c\u7231\u3002\u5b83\u65e2\u80fd\u901a\u5f80\u5e7f\u9614\u7684\u8352\u91ce\uff0c\u53c8\u80fd\u517c\u5177\u5c0f\u9547\u7684\u9b45\u529b\u3002<\/p>","protected":false},"author":1,"featured_media":17607,"parent":8072,"menu_order":0,"comment_status":"closed","ping_status":"closed","template":"elementor_theme","meta":{"_eb_attr":"","footnotes":""},"class_list":["post-8967","page","type-page","status-publish","has-post-thumbnail"],"_links":{"self":[{"href":"https:\/\/travelshelper.com\/zh\/wp-json\/wp\/v2\/pages\/8967","targetHints":{"allow":["GET"]}}],"collection":[{"href":"https:\/\/travelshelper.com\/zh\/wp-json\/wp\/v2\/pages"}],"about":[{"href":"https:\/\/travelshelper.com\/zh\/wp-json\/wp\/v2\/types\/page"}],"author":[{"embeddable":true,"href":"https:\/\/travelshelper.com\/zh\/wp-json\/wp\/v2\/users\/1"}],"replies":[{"embeddable":true,"href":"https:\/\/travelshelper.com\/zh\/wp-json\/wp\/v2\/comments?post=8967"}],"version-history":[{"count":0,"href":"https:\/\/travelshelper.com\/zh\/wp-json\/wp\/v2\/pages\/8967\/revisions"}],"up":[{"embeddable":true,"href":"https:\/\/travelshelper.com\/zh\/wp-json\/wp\/v2\/pages\/8072"}],"wp:featuredmedia":[{"embeddable":true,"href":"https:\/\/travelshelper.com\/zh\/wp-json\/wp\/v2\/media\/17607"}],"wp:attachment":[{"href":"https:\/\/travelshelper.com\/zh\/wp-json\/wp\/v2\/media?parent=8967"}],"curies":[{"name":"wp","href":"https:\/\/api.w.org\/{rel}","templated":true}]}}