{"id":17269,"date":"2024-09-25T23:43:43","date_gmt":"2024-09-25T23:43:43","guid":{"rendered":"https:\/\/travelshelper.com\/staging\/?page_id=17269"},"modified":"2026-03-12T22:42:56","modified_gmt":"2026-03-12T22:42:56","slug":"%e6%8b%89%e8%80%b6%e8%8c%a8%e5%87%af%e7%89%b9%e6%99%ae%e5%88%a9%e9%87%87","status":"publish","type":"page","link":"https:\/\/travelshelper.com\/zh\/destinations\/europe\/slovakia\/rajecke-teplice\/","title":{"rendered":"\u62c9\u8036\u8328\u51ef\u7279\u666e\u5229\u91c7"},"content":{"rendered":"<p>\u62c9\u8036\u514b\u7279\u666e\u5229\u91c7\u662f\u65af\u6d1b\u4f10\u514b\u65e5\u5229\u7eb3\u5dde\u4e00\u4e2a\u7d27\u51d1\u7684\u5e02\u9547\uff0c\u4e5f\u662f\u8be5\u56fd\u4eba\u53e3\u7b2c\u56db\u5c11\u7684\u57ce\u5e02\uff08\u7ea62800\u4eba\uff09\uff0c\u4f4d\u4e8e\u65e5\u5229\u7eb3\u6b63\u5357\u7ea6\u5341\u516c\u91cc\u5904\u62c9\u8036\u514b\u76c6\u5730\u7684\u4e00\u5c0f\u7247\u533a\u57df\u3002\u62c9\u8036\u514b\u7279\u666e\u5229\u91c7\u4ee5\u517638\u6444\u6c0f\u5ea6\u7684\u6e29\u6c34\u800c\u95fb\u540d\uff0c\u5b83\u6db5\u76d6\u4e86\u5386\u53f2\u60a0\u4e45\u7684\u6e29\u6cc9\u533a\u548c\u6ce2\u5362\u592b\u897f\u533a\uff0c\u5e76\u7531\u540c\u4e00\u5e02\u653f\u7ba1\u7406\u673a\u6784\u7ba1\u8f96\uff0c\u53ef\u901a\u8fc7I\/64\u516c\u8def\u548c\u65e5\u5229\u7eb3-\u62c9\u8036\u514b\u94c1\u8def\u5230\u8fbe\u3002\u6e29\u6cc9\u6c34\u6e90\u5730\u4e0e\u5c71\u8c37\u5730\u5f62\u7684\u4f18\u96c5\u4ea4\u6c47\uff0c\u4f7f\u62c9\u8036\u514b\u7279\u666e\u5229\u91c7\u6210\u4e3a\u6e29\u6cc9\u7597\u517b\u548c\u7530\u56ed\u4f11\u61a9\u7684\u6c38\u6052\u7ebd\u5e26\u3002<\/p>\n<p>\u4eba\u7c7b\u5bf9\u8fd9\u4e9b\u6c34\u6e90\u7684\u8ba4\u8bc6\u53ef\u4ee5\u8ffd\u6eaf\u5230\u5341\u56db\u4e16\u7eaa\u4e2d\u53f6\uff0c\u5f53\u65f6\u4e00\u5f201376\u5e74\u7684\u5730\u56fe\u9996\u6b21\u6807\u6ce8\u4e86\u8be5\u5730\u70b9\u2014\u2014\u6e29\u6cc9\uff08Thermae\uff09\uff0c\u800c\u8def\u6613\u5927\u5e1d\u56fd\u738b\u7684\u4e00\u4efd\u7687\u5bb6\u5baa\u7ae0\u5219\u8bc1\u5b9e\u4e86\u201c\u5854\u6ce2\u5c14\u6070\u522b\u5885\u201d\uff08Villa Tapolcha\uff09\u7684\u5b58\u5728\uff0c\u4e3a\u8fd9\u4e9b\u6cc9\u6c34\u63d0\u4f9b\u4e86\u6700\u521d\u7684\u4e66\u9762\u8ba4\u53ef\u3002\u4e24\u4e2a\u4e16\u7eaa\u540e\uff0c\u53731496\u5e74\uff0c\u5f17\u62c9\u8fea\u65af\u62c9\u592b\u4e8c\u4e16\u56fd\u738b\u5728\u4e00\u4efd\u8d60\u4e88\u4ec0\u7279\u51e1\u00b7\u624e\u6ce2\u65af\u57fa\uff08\u0160tefan Z\u00e1po\u013esk\u00fd\uff09\u7684\u5951\u7ea6\u4e2d\uff0c\u63d0\u5230\u4e86\u201c\u6258\u666e\u5229\u6070\u9886\u5730\u201d\uff08possessio Thoplycza\uff09\uff0c\u6697\u793a\u7740\u5728\u8fd9\u7247\u5177\u6709\u6cbb\u6108\u529f\u80fd\u7684\u542b\u6c34\u5c42\u5468\u56f4\u51fa\u73b0\u4e86\u4e00\u4e2a\u5b9a\u5c45\u70b9\u3002\u901a\u8fc7\u8fd9\u4e9b\u65e9\u671f\u7684\u8bc1\u660e\uff0c\u62c9\u8036\u514b\u7279\u666e\u5229\u91c7\u786e\u7acb\u4e86\u5176\u4f5c\u4e3a\u5730\u8d28\u4e0e\u6cbb\u7406\u4ea4\u6c47\u4e4b\u5730\u7684\u5730\u4f4d\uff0c\u5730\u8d28\u7684\u5730\u4e0b\u6e29\u6696\u6ecb\u517b\u7740\u5f53\u5730\u5c45\u6c11\u548c\u5b98\u50da\u673a\u6784\u7684\u5229\u76ca\u3002<\/p>\n<p>\u5230\u5341\u4e03\u4e16\u7eaa\u521d\uff0c\u5229\u5854\u74e6\u9886\u5730\u2014\u2014\u6e29\u6cc9\u7684\u5e7f\u9614\u8303\u56f4\u2014\u2014\u5df2\u521d\u5177\u89c4\u6a21\uff1a\u4e00\u5ea7\u7b80\u964b\u7684\u6e29\u6cc9\u5c4b\u548c\u4e00\u5bb6\u4e3a\u5bcc\u88d5\u987e\u5ba2\u670d\u52a1\u7684\u5ba2\u6808\uff0c\u4e3a\u65e5\u540e\u53d1\u5c55\u6210\u4e3a\u5982\u4eca\u6e29\u6cc9\u5c0f\u9547\u7684\u5b9a\u5c45\u70b9\u5960\u5b9a\u4e86\u57fa\u7840\u3002\u7b2c\u4e00\u90e8\u8be6\u7ec6\u7684\u6e29\u6cc9\u6d74\u8c31\u8bb0\u5f55\u7531\u200b\u200b\u514b\u91cc\u65af\u6258\u5f17\u00b7\u5a01\u5ec9\u00b7\u80e1\u8d39\u5170\u6559\u6388\u7684\u540c\u65f6\u4ee3\u4eba\u5927\u536b\u00b7\u6208\u7279\u5f17\u91cc\u5fb7\u00b7\u514b\u5170\u8328\u6559\u6388\u64b0\u5199\uff0c\u8bb0\u5f55\u4e86\u4e09\u4e2a\u5c4b\u9876\u7b80\u6734\u7684\u6e29\u6cc9\u6c60\uff0c\u5e76\u8d5e\u626c\u4e86\u6e29\u6cc9\u6c34\u5bf9\u762b\u75ea\u3001\u98ce\u6e7f\u75c5\u3001\u6c34\u80bf\u548c\u76ae\u80a4\u75c5\u7684\u7597\u6548\u2014\u2014\u8fd9\u6210\u4e3a\u8be5\u5730\u7597\u517b\u80dc\u5730\u58f0\u8a89\u7684\u65e9\u671f\u8bc1\u660e\u3002<\/p>\n<p>1610\u5e74\uff0c\u5728\u5e15\u62c9\u4e01\u00b7\u5c24\u62c9\u4f0a\u00b7\u56fe\u5c14\u4f50\uff08Juraj Thurzo\uff09\u7684\u4e3b\u6301\u4e0b\uff0c\u6e29\u6cc9\u7684\u5efa\u8bbe\u52a0\u901f\u8fdb\u884c\u3002\u4e00\u4efd1604\u5e74\u7684\u6587\u4ef6\u8bc1\u5b9e\uff0c\u56fe\u5c14\u4f50\u5bf9\u6e29\u6cc9\u7684\u63a8\u5d07\u5907\u81f3\uff0c\u751a\u81f3\u4e0b\u4ee4\u5efa\u9020\u4e00\u5ea7\u5305\u542b\u516d\u95f4\u5ba2\u623f\u7684\u7816\u780c\u5e84\u56ed\u3002\u7136\u800c\uff0c\u4ed6\u53bb\u4e16\u540e\uff0c\u5217\u5854\u74e6\u9886\u5730\u7684\u5206\u5272\u5bfc\u81f4\u6e29\u6cc9\u88ab\u8352\u5e9f\uff0c\u6e29\u6cc9\u57fa\u7840\u8bbe\u65bd\u4e5f\u968f\u4e4b\u8870\u843d\u3002\u76f4\u523018\u4e16\u7eaa\u672b\uff0c\u6e29\u6cc9\u624d\u8fce\u6765\u4e86\u590d\u5174\u3002\u626c\u00b7\u5361\u5229\u65af\u7537\u7235\uff08J\u00e1n Kalis\uff09\u2014\u2014\u4ed6\u672c\u4eba\u662f\u539f\u9886\u5730\u7684\u540e\u88d4\u2014\u2014\u65a5\u5de8\u8d44\u5efa\u9020\u4e86\u4e00\u5ea7\u65b0\u7684\u7816\u780c\u51c9\u4ead\uff0c\u5185\u8bbe\u5341\u56db\u95f4\u516c\u5bd3\uff0c\u4ece\u800c\u6062\u590d\u4e86\u62c9\u8036\u514b\u7279\u666e\u5229\u91c7\u4f5c\u4e3a\u8d35\u65cf\u3001\u5e02\u6c11\u548c\u5e73\u6c11\u7684\u5ea6\u5047\u80dc\u5730\u7684\u5730\u4f4d\uff0c\u4ed6\u4eec\u6bcf\u4e2a\u4eba\u90fd\u4f1a\u524d\u5f80\u4e09\u4e2a\u6307\u5b9a\u7684\u6e29\u6cc9\u6c60\u4e4b\u4e00\u3002<\/p>\n<p>1776\u5e74\uff0c\u5e15\u6c83\u5c14\u00b7\u963f\u8fbe\u7c73\uff08Pavol Adami\uff09\u9996\u6b21\u5bf9\u8fd9\u4e9b\u6e29\u6cc9\u6210\u5206\u8fdb\u884c\u4e86\u79d1\u5b66\u7814\u7a76\uff0c\u9996\u6b21\u63d0\u51fa\u4e86\u5173\u4e8e\u6e29\u6cc9\u6210\u5206\u7684\u63cf\u8ff0\uff1b\u5341\u4e03\u5e74\u540e\uff0c\u53731793\u5e74\uff0c\u62c5\u4efb\u56fe\u5c14\u5947\u5b89\u65af\u5361\u53bf\uff08Tur\u010dianska County\uff09\u533b\u5e08\u7684\u963f\u739b\u5fb7\u00b7\u51ef\u6797\uff08Amad\u00e9 Kelin\uff09\u533b\u751f\u5728\u7ef4\u4e5f\u7eb3\u51fa\u7248\u4e86\u9996\u90e8\u4e13\u8457\uff0c\u5c06\u62c9\u8036\u514b\u00b7\u7279\u666e\u5229\u91c7\u7684\u529f\u6548\u4f20\u904d\u4e86\u6574\u4e2a\u5308\u7259\u5229\u738b\u56fd\u3002\u6b64\u540e\uff0c\u5728\u6574\u4e2a\u5341\u4e5d\u4e16\u7eaa\uff0c\u62c9\u8036\u514b\u00b7\u7279\u666e\u5229\u91c7\u5c0f\u9547\u84ec\u52c3\u53d1\u5c55\uff0c\u6210\u4e3a\u8d35\u65cf\u548c\u5bcc\u88d5\u8d44\u4ea7\u9636\u7ea7\u9752\u7750\u7684\u907f\u6691\u80dc\u5730\uff0c\u5176\u7597\u517b\u9662\u548c\u7597\u517b\u8bbe\u65bd\u7684\u4e0d\u65ad\u6269\u5f20\uff0c\u4e5f\u8bc1\u660e\u4e86\u5176\u5ba2\u6e90\u7684\u4e0d\u65ad\u589e\u957f\u3002<\/p>\n<p>\u7b2c\u4e00\u6b21\u4e16\u754c\u5927\u6218\u7684\u52a8\u8361\u5bfc\u81f4\u5c0f\u9547\u6025\u5267\u8870\u843d\uff1a\u5916\u56fd\u6e38\u5ba2\u9510\u51cf\uff0c\u5c0f\u9547\u7684\u540d\u58f0\u4e5f\u9010\u6e10\u8870\u843d\uff0c\u53ea\u5269\u4e0b\u5f53\u5730\u5c45\u6c11\u7684\u8e2a\u5f71\u3002\u5c3d\u7ba1\u5982\u6b64\uff0c\u4e24\u6b21\u4e16\u754c\u5927\u6218\u671f\u95f4\uff081925-1937\uff09\uff0c\u4e00\u4e9b\u5730\u6807\u6027\u5efa\u7b51\u62d4\u5730\u800c\u8d77\u2014\u2014\u6e29\u6cc9\u4e4b\u5bb6\u3001\u5df4\u5c3c\u514b\u6e29\u6cc9\u5b66\u9662\u4ee5\u53ca\u97e6\u5361\u6cd5\u7279\u62c9\u9152\u5e97\u548c\u9a6c\u62c9\u6cd5\u7279\u62c9\u9152\u5e97\u2014\u2014\u6bcf\u5ea7\u5efa\u7b51\u90fd\u4f53\u73b0\u4e86\u5f53\u4ee3\u5efa\u7b51\u7684\u654f\u9510\u89e6\u89c9\uff0c\u4ee5\u53ca\u5bf9\u7597\u517b\u521b\u65b0\u7684\u5168\u65b0\u8ffd\u6c42\u3002<\/p>\n<p>1941\u5e74\u65af\u6d1b\u4f10\u514b\u56fd\u5bb6\u7edf\u6cbb\u65f6\u671f\uff0c\u6e29\u6cc9\u7ba1\u7406\u6743\u79fb\u4ea4\u7ed9\u5de5\u4eba\u793e\u4f1a\u4fdd\u9669\u516c\u53f8\uff0c\u8be5\u516c\u53f8\u542f\u7528\u4e86\u4e00\u4e2a\u9732\u5929\u6e29\u6cc9\u6cf3\u6c60\uff0c\u4ece\u800c\u8ba9\u6c11\u4f17\u66f4\u5bb9\u6613\u4eab\u53d7\u5230\u5177\u6709\u7597\u6548\u7684\u6e29\u6cc9\u30021959\u5e74\uff0c\u56fd\u5bb6\u5f53\u5c40\u6b63\u5f0f\u6388\u4e88\u62c9\u8036\u514b\u7279\u666e\u5229\u91c7\u6e29\u6cc9\u9547\u5730\u4f4d\uff0c\u5212\u5b9a\u4e86\u6e29\u6cc9\u7684\u4fdd\u62a4\u8fb9\u754c\uff0c\u5e76\u6b63\u5f0f\u786e\u7acb\u4e86\u8be5\u5730\u533a\u7684\u6d74\u7597\u610f\u4e49\u3002\u4e8c\u6218\u540e\u7684\u51e0\u5341\u5e74\uff0c\u968f\u7740\u533b\u7597\u8bbe\u5907\u548c\u4f4f\u5bbf\u8bbe\u65bd\u7684\u6295\u8d44\u6fc0\u589e\uff0c\u6e29\u6cc9\u9547\u8fce\u6765\u4e86\u9f0e\u76db\u65f6\u671f\uff0c\u6700\u7ec8\u4e8e1989\u5e74\u5347\u683c\u4e3a\u57ce\u5e02\u3002<\/p>\n<p>\u5982\u4eca\uff0c\u62c9\u8036\u514b\u7279\u666e\u5229\u91c7\u5750\u843d\u4e8e\u62c9\u4f0a\u574e\u5361\u6cb3\u8c37\u4e4b\u4e2d\uff0c\u82cf\u970d\u592b\u5c71\u548c\u5362\u574e\u65af\u5361\u00b7\u9a6c\u62c9\u00b7\u6cd5\u7279\u62c9\u5c71\u8109\u7684\u843d\u53f6\u6797\u548c\u9488\u53f6\u6797\u73af\u7ed5\u5176\u95f4\uff0c\u5448\u73b0\u51fa\u4e00\u7247\u7247\u7597\u517b\u57fa\u7840\u8bbe\u65bd\u548c\u5b81\u9759\u7965\u548c\u7684\u68ee\u6797\u666f\u8c61\u3002\u6e38\u5ba2\u53ef\u4ee5\u6cbf\u7740\u5e02\u4e2d\u5fc3\u7684\u6e29\u6cc9\u6c60\u6f2b\u6b65\uff0c\u5728\u5065\u5eb7\u4e2d\u5fc3\u4eab\u53d7\u6c34\u7597\uff0c\u6216\u6cbf\u7740\u65e0\u6570\u6761\u5f92\u6b65\u5c0f\u5f84\u6500\u767b\u81f3\u79d1\u4f50\u5c14\u81ea\u7136\u4fdd\u62a4\u533a\u3002\u8fd9\u7247\u5360\u573091.58\u516c\u9877\u7684\u98de\u5730\u4e0a\u70b9\u7f00\u7740\u73cd\u7a00\u7684\u82b1\u5349\u7fa4\u843d\uff0c\u5e76\u53ef\u6b23\u8d4f\u5230\u53e4\u8001\u767d\u4e91\u77f3\u4e0a\u96d5\u523b\u7684\u5ca9\u5c42\u3001\u6d1e\u7a74\u548c\u88c2\u7f1d\u7684\u5168\u666f\u3002<\/p>\n<p>\u6587\u5316\u9057\u4ea7\u8574\u85cf\u4e8e\u6559\u5802\u548c\u79d8\u5bc6\u96c6\u4f1a\u4e2d\uff0c\u5b83\u4eec\u65e2\u627f\u8f7d\u7740\u4fe1\u4ef0\uff0c\u4e5f\u627f\u8f7d\u7740\u8bb0\u5fc6\uff1a\u5723\u6bcd\u5347\u5929\u6559\u5802\u3001\u8036\u7a23\u5723\u5fc3\u6559\u5802\u4ee5\u53ca\u6ce2\u5362\u7ef4\u8c22\u7684\u5723\u57fa\u91cc\u5c14\u548c\u9ea6\u6258\u8fea\u6559\u5802\u2014\u2014\u6240\u6709\u8fd9\u4e9b\u6559\u5802\u90fd\u4e0e\u4e00\u5ea7\u5e84\u4e25\u7684\u7eaa\u5ff5\u7891\u5171\u5b58\uff0c\u7eaa\u5ff5\u7891\u662f\u4e3a\u4e86\u7eaa\u5ff5\u7b2c\u4e00\u6b21\u4e16\u754c\u5927\u6218\u9635\u4ea1\u5c06\u58eb\u3002\u7a7f\u8fc7\u5e02\u4e2d\u5fc3\u7684\u6b65\u9053\u95f4\uff0c\u53ef\u4ee5\u770b\u5230\u4e00\u4e9b\u6d74\u5ba4\uff0c\u5b83\u4eec\u7684\u5916\u5899\u4ee4\u4eba\u8054\u60f3\u8d77\u6e29\u6cc9\u7684\u539a\u91cd\u5386\u53f2\uff0c\u800c\u5065\u8eab\u4e2d\u5fc3\u3001\u7f51\u7403\u573a\u3001\u8ff7\u4f60\u9ad8\u5c14\u592b\u7403\u573a\u548c\u98de\u76d8\u9ad8\u5c14\u592b\u7403\u573a\u4ee5\u53ca\u62c9\u8036\u514b\u9ad8\u5c14\u592b\u516c\u56ed\u7b49\u73b0\u4ee3\u5316\u8bbe\u65bd\uff0c\u5219\u4e3a\u7597\u517b\u80dc\u5730\u589e\u6dfb\u4e86\u4f11\u95f2\u5a31\u4e50\u7684\u4e50\u8da3\u3002<\/p>\n<p>\u62c9\u8036\u514b\u7279\u666e\u5229\u91c7\u7684\u5f53\u4ee3\u7279\u8272\u6838\u5fc3\u5728\u4e8e\u5176\u5730\u70ed\u8d44\u6e90\uff1a\u4e00\u5904\u6d8c\u51fa\u6e29\u5ea6\u9ad8\u8fbe38\u6444\u6c0f\u5ea6\u7684\u78b3\u9178\u6c22\u9499\u9541\u6e29\u6cc9\uff0c\u672a\u7ecf\u4efb\u4f55\u5316\u5b66\u5904\u7406\uff0c\u53ef\u7528\u4e8e\u6cbb\u7597\u808c\u8089\u9aa8\u9abc\u7cfb\u7edf\u7684\u529f\u80fd\u6027\u548c\u9000\u884c\u6027\u75be\u75c5\u3001\u4e3b\u8981\u5173\u8282\u548c\u810a\u67f1\u672f\u540e\u5eb7\u590d\uff0c\u4ee5\u53ca\u67d0\u4e9b\u795e\u7ecf\u7cfb\u7edf\u75be\u75c5\u3002\u5728\u7efc\u5408\u6c34\u7597\u62a4\u7406\u4e2d\uff0c\u5bbe\u5ba2\u53ef\u4ee5\u4eab\u53d7\u6c34\u7597\u3001\u7535\u7597\u3001\u77f3\u8721\u6577\u8d34\u3001\u624b\u6cd5\u63a8\u62ff\u3001\u6c14\u4f53\u6ce8\u5c04\u4ee5\u53ca\u4e2a\u4eba\u548c\u56e2\u4f53\u4f53\u80b2\u953b\u70bc\u2014\u2014\u8fd9\u79cd\u7efc\u5408\u7597\u6cd5\u5de9\u56fa\u4e86\u62c9\u8036\u514b\u7279\u666e\u5229\u91c7\u5728\u6b27\u6d32\u6d74\u7597\u5723\u6bbf\u4e2d\u7684\u5730\u4f4d\u3002<\/p>\n<p>\u5468\u56f4\u7684\u68ee\u6797\u662f\u737e\u3001\u72d0\u72f8\u3001\u8c82\u3001\u9a6c\u9e7f\u3001\u732b\u5934\u9e70\u548c\u9e70\u7684\u5bb6\u56ed\uff0c\u5f53\u5730\u7a7a\u6c14\u6e05\u65b0\uff0c\u51e0\u4e4e\u6ca1\u6709\u4efb\u4f55\u9897\u7c92\u7269\uff0c\u8fd9\u4f7f\u5f97\u8fd9\u5ea7\u57ce\u5e02\u4e0d\u4ec5\u6210\u4e3a\u65af\u6d1b\u4f10\u514b\u7597\u517b\u9662\u60a3\u8005\u7684\u9996\u9009\u4e4b\u5730\uff0c\u4e5f\u5438\u5f15\u4e86\u6765\u81ea\u6377\u514b\u5171\u548c\u56fd\u3001\u6ce2\u5170\u548c\u5fb7\u56fd\u7684\u6e38\u5ba2\u3002\u81ea\u884c\u8f66\u9053\u873f\u8712\u7a7f\u8fc7\u8c37\u5e95\uff0c\u6797\u836b\u5c0f\u9053\u5438\u5f15\u7740\u6b65\u884c\u8005\u524d\u6765\u89c2\u8d4f\u5580\u5c14\u5df4\u9621\u5c71\u8109\u4e30\u5bcc\u7684\u690d\u7269\u7fa4\u3002\u6bcf\u4e2a\u5b63\u8282\uff0c\u62c9\u8036\u514b\u7279\u666e\u5229\u91c7\u90fd\u5448\u73b0\u51fa\u4e00\u79cd\u533b\u5b66\u7684\u7cbe\u51c6\u4e0e\u81ea\u7136\u7684\u58ee\u4e3d\u7684\u878d\u5408\uff1a\u51e0\u4e2a\u4e16\u7eaa\u7684\u97f5\u5f8b\u5728\u6e29\u6cc9\u6c34\u7684\u6f7a\u6f7a\u6d41\u6c34\u58f0\u4e2d\u8f7b\u67d4\u56de\u8361\u3002<\/p>","protected":false},"excerpt":{"rendered":"<p>\u62c9\u8036\u514b\u7279\u666e\u5229\u91c7\u4f4d\u4e8e\u65af\u6d1b\u4f10\u514b\u65e5\u5229\u7eb3\u5dde\uff0c\u662f\u8be5\u56fd\u4eba\u53e3\u7b2c\u56db\u5c11\u7684\u5c0f\u9547\u3002\u8fd9\u5ea7\u8ff7\u4eba\u7684\u5ea6\u5047\u5c0f\u9547\u4ee5\u5176\u5929\u7136\u6e29\u6cc9\u800c\u95fb\u540d\uff0c\u62e5\u6709\u5177\u6709\u7597\u6548\u7684\u6cc9\u6c34\u548c\u5b81\u9759\u7684\u73af\u5883\uff0c\u591a\u5e74\u6765\u4e00\u76f4\u5438\u5f15\u7740\u4f17\u591a\u6e38\u5ba2\u3002\u62c9\u8036\u514b\u7279\u666e\u5229\u91c7\u4f4d\u4e8e\u62c9\u8036\u514b\u5361\u76c6\u5730\u5317\u90e8\uff0c\u8ddd\u79bb\u65e5\u5229\u7eb3\u4ee5\u5357\u7ea610\u516c\u91cc\uff0c\u5c55\u73b0\u4e86\u8be5\u5730\u533a\u4e30\u5bcc\u7684\u5386\u53f2\u548c\u81ea\u7136\u7f8e\u666f\u3002<\/p>","protected":false},"author":1,"featured_media":17604,"parent":13300,"menu_order":0,"comment_status":"closed","ping_status":"closed","template":"elementor_theme","meta":{"_eb_attr":"","footnotes":""},"class_list":["post-17269","page","type-page","status-publish","has-post-thumbnail"],"_links":{"self":[{"href":"https:\/\/travelshelper.com\/zh\/wp-json\/wp\/v2\/pages\/17269","targetHints":{"allow":["GET"]}}],"collection":[{"href":"https:\/\/travelshelper.com\/zh\/wp-json\/wp\/v2\/pages"}],"about":[{"href":"https:\/\/travelshelper.com\/zh\/wp-json\/wp\/v2\/types\/page"}],"author":[{"embeddable":true,"href":"https:\/\/travelshelper.com\/zh\/wp-json\/wp\/v2\/users\/1"}],"replies":[{"embeddable":true,"href":"https:\/\/travelshelper.com\/zh\/wp-json\/wp\/v2\/comments?post=17269"}],"version-history":[{"count":0,"href":"https:\/\/travelshelper.com\/zh\/wp-json\/wp\/v2\/pages\/17269\/revisions"}],"up":[{"embeddable":true,"href":"https:\/\/travelshelper.com\/zh\/wp-json\/wp\/v2\/pages\/13300"}],"wp:featuredmedia":[{"embeddable":true,"href":"https:\/\/travelshelper.com\/zh\/wp-json\/wp\/v2\/media\/17604"}],"wp:attachment":[{"href":"https:\/\/travelshelper.com\/zh\/wp-json\/wp\/v2\/media?parent=17269"}],"curies":[{"name":"wp","href":"https:\/\/api.w.org\/{rel}","templated":true}]}}