{"id":17250,"date":"2024-09-25T23:25:22","date_gmt":"2024-09-25T23:25:22","guid":{"rendered":"https:\/\/travelshelper.com\/staging\/?page_id=17250"},"modified":"2026-03-12T22:43:57","modified_gmt":"2026-03-12T22:43:57","slug":"%e7%a7%91%e7%93%a6%e4%b9%94%e7%93%a6","status":"publish","type":"page","link":"https:\/\/travelshelper.com\/zh\/destinations\/europe\/slovakia\/kovacova\/","title":{"rendered":"\u79d1\u74e6\u4e54\u74e6"},"content":{"rendered":"<p>\u79d1\u74e6\u4e54\u74e6\u5750\u843d\u4e8e\u65af\u6d1b\u4f10\u514b\u5179\u6c83\u4f26\u76c6\u5730\u7684\u4e2d\u5fc3\u5730\u5e26\uff0c\u6751\u4e2d\u5fc3\u6d77\u62d4303\u7c73\uff0c\u5730\u52bf\u8d77\u4f0f\u4e8e288\u7c73\u81f3489\u7c73\u4e4b\u95f4\u3002\u622a\u81f32016\u5e74\uff0c\u79d1\u74e6\u4e54\u74e6\u5171\u67091541\u540d\u5c45\u6c11\uff0c\u5360\u636e\u7740\u6218\u7565\u8981\u5730\uff0c\u4f4d\u4e8e\u5179\u6c83\u4f26\u4ee5\u897f5\u516c\u91cc\uff0c\u73ed\u65af\u5361-\u6bd4\u65af\u7279\u91cc\u5bdf18\u516c\u91cc\u5904\uff0c\u6e29\u6cc9\u5c0f\u9547\u65af\u5229\u4e9a\u5947\u5c31\u5728\u5176\u5317\u90e8\u3002\u8fd9\u4e2a\u7d27\u51d1\u7684\u805a\u843d\u56e01898\u5e74\u53d1\u73b0\u7684\u6e29\u6cc9\u800c\u95fb\u540d\uff0c\u5176\u8fd150\u6444\u6c0f\u5ea6\u7684\u6c34\u6e29\u5728\u4e00\u4e2a\u591a\u4e16\u7eaa\u4ee5\u6765\u4e00\u76f4\u5438\u5f15\u7740\u6e38\u5ba2\u3002\u79d1\u74e6\u4e54\u74e6\u4f4d\u4e8e\u514b\u96f7\u59c6\u5c3c\u8328\u5c71\u8109\u7684\u5c71\u9e93\uff0c\u6bd7\u90bb\u8d6b\u9f99\u6cb3\uff0c\u5730\u5904\u4e3b\u8981\u516c\u8def\u7684\u4ea4\u6c47\u5904\uff0c\u662f\u65af\u6d1b\u4f10\u514b\u4e2d\u90e8\u4e00\u4e2a\u5b81\u9759\u7684\u907f\u96be\u6240\uff0c\u4e5f\u662f\u4ea4\u901a\u4fbf\u5229\u7684\u5ea6\u5047\u80dc\u5730\u3002<\/p>\n<p>\u4ece\u5730\u8d28\u5730\u57fa\u5230\u73b0\u4ee3\u6e29\u6cc9\uff0c\u79d1\u74e6\u4e54\u74e6\u7684\u6545\u4e8b\u5c42\u5c42\u9012\u8fdb\uff0c\u5982\u540c\u8857\u9053\u4e0b\u65b9\u7684\u5ca9\u77f3\u822c\u53e4\u8001\u800c\u590d\u6742\u3002\u66f4\u53e4\u8001\u7684\u7b2c\u4e09\u7eaa\u5ca9\u77f3\u7684\u6784\u9020\u529b\u5851\u9020\u4e86\u5179\u6c83\u4f26\u76c6\u5730\uff0c\u800c\u8d6b\u9f99\u8c37\u897f\u5317\u51b0\u76d6\u96d5\u51ff\u51fa\u7684\u65ad\u5c42\u7ebf\u5219\u4f7f\u8fd9\u91cc\u7684\u5730\u9762\u4e0e\u90bb\u8fd1\u7684\u9ad8\u5730\u76f8\u6bd4\u7565\u5fae\u51f9\u9677\u3002\u5b89\u5c71\u5ca9\u548c\u51dd\u7070\u5ca9\u65f6\u4ee3\u7684\u706b\u5c71\u6d3b\u52a8\uff0c\u5728\u6574\u4e2a\u5730\u533a\u5f62\u6210\u4e86\u4e0b\u6258\u7f57\u5c3c\u4e9a\u9636\u7684\u51dd\u7070\u5ca9\u3001\u7c98\u571f\u3001\u783e\u5ca9\u548c\u7802\u5ca9\uff0c\u8fd9\u4e9b\u5ca9\u77f3\u901a\u5e38\u88ab\u9ec4\u571f\u548c\u591a\u6210\u56e0\u7c98\u571f\u8986\u76d6\u3002\u8fd9\u4e9b\u6c89\u79ef\u7269\u5f62\u6210\u4e86\u571f\u58e4\u7c7b\u578b\u591a\u6837\u7684\u571f\u58e4\uff0c\u4ece\u4f4e\u5730\u7684\u80f6\u7ed3\u5fae\u6676\u4e9a\u578b\u5230\u5c71\u5761\u4e0a\u7684\u6210\u571f\u5c42\uff0c\u4e3a\u6e29\u6cc9\u533a\u4e0a\u65b9\u7684\u68ee\u6797\u9ad8\u5730\u63d0\u4f9b\u4e86\u80a5\u6c83\u7684\u57fa\u8d28\u3002\u5728\u8fd9\u7247\u5206\u5c42\u7684\u571f\u5730\u4e2d\uff0c\u6709\u4e00\u6761\u65ad\u5c42\u4ece\u6e29\u6cc9\u5411\u897f\u5357\u5ef6\u4f38\uff0c\u5c06\u70ed\u6c34\u56f0\u5728\u4e0d\u900f\u6c34\u5c42\u4e4b\u4e0b\u5f88\u6df1\u7684\u5730\u65b9\u2014\u2014\u5730\u8d28\u5916\u79d1\u533b\u751f\u4e8e 1898 \u5e74\u5bf9\u8fd9\u4e9b\u70ed\u6c34\u8fdb\u884c\u4e86\u523a\u7a7f\uff0c\u5728\u4e09\u53e0\u7eaa\u767d\u4e91\u5ca9\u548c\u77f3\u7070\u5ca9\u4e2d\u94bb\u63a2\u81f3 405 \u7c73\u6df1\uff0c\u53d1\u73b0\u4e86\u4e00\u5904\u6bcf\u79d2\u53ef\u55b7\u51fa 15 \u5347\u6e29\u5ea6\u4e3a 48.5\u00b0C \u7684\u77ff\u6cc9\u6c34\u3002<\/p>\n<p>\u65e9\u5728\u79d1\u5b66\u597d\u5947\u5fc3\u53d1\u73b0\u5176\u6e29\u6696\u4e4b\u524d\uff0c\u79d1\u74e6\u4e54\u74e6\u5730\u533a\u7684\u4eba\u7c7b\u6d3b\u52a8\u53ef\u4ee5\u8ffd\u6eaf\u5230\u9752\u94dc\u65f6\u4ee3\u65e9\u671f\u3002\u5f53\u65f6\u5728\u6e29\u6cc9\u6316\u6398\u4e2d\u53d1\u73b0\u7684\u9676\u74f7\u788e\u7247\u6697\u793a\u7740\u4e00\u4e9b\u540d\u79f0\u5df2\u6e6e\u6ca1\u4e8e\u65f6\u95f4\u957f\u6cb3\u4e2d\u7684\u5b9a\u5c45\u70b9\u3002\u516c\u5143\u516d\u4e16\u7eaa\u672b\uff0c\u968f\u7740\u65b0\u5c45\u6c11\u8bd5\u56fe\u5728\u76c6\u5730\u80a5\u6c83\u7684\u571f\u58e4\u4e0a\u8015\u4f5c\uff0c\u5e03\u62c9\u683c\u98ce\u683c\u7684\u65e9\u671f\u65af\u62c9\u592b\u9676\u5668\u4e5f\u968f\u4e4b\u800c\u6765\u3002\u5927\u6469\u62c9\u7ef4\u4e9a\u65f6\u671f\uff0c\u4e00\u4e2a\u793e\u533a\u7f51\u7edc\u56f4\u7ed5\u7740\u8be5\u53bf\u7684\u884c\u653f\u4e2d\u5fc3\u666e\u65af\u5b63\u57ce\u5821\uff08Pust\u00fd hrad\uff09\u805a\u96c6\uff0c\u76f4\u52301241\u5e74\u8499\u53e4\u5165\u4fb5\u6467\u6bc1\u4e86\u8fd9\u4e9b\u524d\u54e8\u3002\u76f4\u5230\u5165\u4fb5\u8005\u64a4\u9000\u540e\uff0c\u8fd9\u7247\u571f\u5730\u624d\u9010\u6e10\u6062\u590d\u751f\u673a\u3002\u52301254\u5e744\u670823\u65e5\uff0c\u56fd\u738b\u8d1d\u62c9\u56db\u4e16\uff08B\u00e9la IV\uff09\u7684\u4e00\u4efd\u5baa\u7ae0\u8bb0\u5f55\u4e86\u201c\u79d1\u963f\u4e54\u533b\u9662\u4e4b\u5730\u201d\uff08Terra hospitum de Koachou\uff09\uff0c\u8fd9\u662f\u5bf9\u540e\u6765\u6210\u4e3a\u65af\u5854\u62c9\u00b7\u79d1\u74e6\u4e54\u74e6\uff08Star\u00e1 Kov\u00e1\u010dov\u00e1\uff09\u7684\u5730\u533a\u7684\u9996\u6b21\u4e66\u9762\u63d0\u53ca\uff0c\u8fd9\u662f\u4e00\u4e2a\u4f4d\u4e8e\u83b1\u7ef4\u91c7\uff08Levice\uff09\u81f3\u73ed\u65af\u5361\u00b7\u6bd4\u65af\u7279\u91cc\u5bdf\uff08Bansk\u00e1 Bystrica\uff09\u8d38\u6613\u8def\u7ebf\u6cbf\u7ebf\u7684\u94c1\u5320\u805a\u5c45\u5730\u3002<\/p>\n<p>\u76f4\u5230\u5341\u516d\u4e16\u7eaa\u672b\uff0c\u79d1\u74e6\u4e54\u74e6\u624d\u8fc1\u81f3\u5982\u4eca\u7684\u6240\u5728\u5730\uff0c\u9760\u8fd1\u6d8c\u73b0\u7684\u77ff\u6cc9\u3002\u6b64\u540e\uff0c\u79d1\u74e6\u4e54\u74e6\u7684\u751f\u6d3b\u4fbf\u4e0e\u5179\u6c83\u4f26\u5e84\u56ed\u7d27\u5bc6\u76f8\u8fde\uff0c\u5c45\u6c11\u4eec\u4f9d\u7136\u6309\u90e8\u5c31\u73ed\u5730\u4e3a\u5f53\u5730\u8d35\u65cf\u64ad\u79cd\u3001\u6536\u5272\u548c\u642c\u8fd0\uff0c\u5373\u4f7f\u5728\u5341\u4e03\u4e16\u7eaa\u521d\u5965\u65af\u66fc\u5e1d\u56fd\u7684\u5a01\u80c1\u62b5\u8fbe\u8fd9\u7247\u9ad8\u5730\u65f6\uff0c\u4ed6\u4eec\u4ecd\u7136\u625b\u8d77\u6b66\u5668\u3002\u535a\u5b66\u7684\u9a6c\u6cf0\u00b7\u8d1d\u5c14\u540e\u6765\u57281736\u5e74\u5c06\u8fd9\u4e2a\u793e\u533a\u63cf\u8ff0\u4e3a\u4e00\u4e2a\u201c\u8d2b\u7a77\u7684\u5c0f\u6751\u5e84\u201d\uff0c\u800c\u585e\u7f2a\u5c14\u00b7\u7c73\u79d1\u7ef4\u5c3c\u7ed8\u5236\u7684\u5341\u516b\u4e16\u7eaa\u4e2d\u671f\u5730\u56fe\u4e5f\u8bc1\u5b9e\u4e86\u5b83\u7b80\u964b\u7684\u89c4\u6a21\u3002\u9a6c\u624e\u5c14\u5316\u653f\u7b56\u672a\u80fd\u5f7b\u5e95\u6839\u9664\u8fd9\u5ea7\u57ce\u9547\u7684\u65af\u6d1b\u4f10\u514b\u8eab\u4efd\u8ba4\u540c\uff0c\u5230\u4e86\u5341\u4e5d\u4e16\u7eaa\u672b\uff0c\u8910\u7164\u77ff\u5751\u5728\u5468\u56f4\u7684\u5c71\u4e18\u4e0a\u7559\u4e0b\u4e86\u4f24\u75d5\uff0c\u5c3d\u7ba1\u52d8\u63a2\u7164\u77ff\u53d1\u73b0\u4e86\u70ed\u77ff\u8109\uff0c\u4ece\u800c\u91cd\u65b0\u5b9a\u4e49\u4e86\u79d1\u74e6\u4e54\u74e6\u7684\u547d\u8fd0\u3002<\/p>\n<p>1898\u5e74\u53d1\u73b0\u6e29\u6cc9\uff0c\u5f00\u542f\u4e86\u65b0\u7684\u7bc7\u7ae0\u3002\u6700\u521d\u7684\u4e95\u6c34\u6e29\u5ea6\u4e3a45.6\u6444\u6c0f\u5ea6\uff0c\u4f46\u5230\u4e861964\u5e74\uff0c\u66f4\u6df1\u7684\u94bb\u5b54\u6d8c\u5165\u4e86\u66f4\u70ed\u3001\u66f4\u4e30\u5bcc\u7684\u6c34\u6d41\u3002\u968f\u7740\u5e2d\u5377\u4e2d\u6b27\u7684\u653f\u6cbb\u53d8\u9769\uff0c\u516c\u4f17\u5bf9\u8fd9\u4e9b\u6e29\u6cc9\u7684\u5174\u8da3\u4e5f\u4e0e\u65e5\u4ff1\u589e\u3002\u5728\u5308\u7259\u5229\u738b\u56fd\u7edf\u6cbb\u4e0b\uff0c\u79d1\u74e6\u4e54\u74e6\u4f4d\u4e8e\u4f50\u5ed6\u59c6\u53bf\uff1b1918\u5e74\uff0c\u5b83\u52a0\u5165\u4e86\u65b0\u6210\u7acb\u7684\u6377\u514b\u65af\u6d1b\u4f10\u514b\u5171\u548c\u56fd\uff1b1939\u5e74\u81f31945\u5e74\uff0c\u5b83\u96b6\u5c5e\u4e8e\u77ed\u6682\u7684\u65af\u6d1b\u4f10\u514b\u5171\u548c\u56fd\u3002\u5728\u4e24\u6b21\u4e16\u754c\u5927\u6218\u671f\u95f4\uff0c\u5f53\u5730\u9886\u5bfc\u4eba\u4e8e1932\u5e74\u8bf7\u613f\uff0c\u8981\u6c42\u83b7\u5f97\u5b98\u65b9\u7684\u533b\u7597\u6e29\u6cc9\u5730\u4f4d\u30021930\u5e74\uff0c\u6e29\u6cc9\u901a\u7535\uff0c1937\u5e74\u5168\u6751\u7535\u6c14\u5316\uff0c\u9884\u793a\u7740\u5373\u5c06\u5230\u6765\u7684\u57fa\u7840\u8bbe\u65bd\u6539\u5584\u3002<\/p>\n<p>\u9053\u8def\u6210\u4e3a\u79d1\u74e6\u4e54\u74e6\u53d1\u5c55\u7684\u52a8\u8109\u3002I\/69\u516c\u8def\u73af\u7ed5\u5176\u4e1c\u90e8\u8fb9\u7f18\uff0c\u4e0e\u8fde\u63a5\u5c3c\u7279\u62c9\u548c\u73ed\u65af\u5361-\u6bd4\u65af\u7279\u91cc\u5bdf\u7684R1\u9ad8\u901f\u516c\u8def\u4ea4\u6c47\uff0c\u5e76\u4e0e\u6765\u81ea\u5179\u6c83\u4f26\u7684I\/66\u516c\u8def\u76f8\u8fde\u3002\u5411\u5317\u4e09\u516c\u91cc\u5904\uff0c\u65af\u5229\u4e9a\u5947\u673a\u573a\u4e3a\u822a\u7a7a\u65c5\u5ba2\u63d0\u4f9b\u4e86\u4fbf\u6377\u7684\u51fa\u884c\u670d\u52a1\u3002\u90ca\u533a\u516c\u4ea4\u7ebf\u8def\u4fdd\u8bc1\u4e86\u901a\u5f80\u4e24\u4e2a\u533a\u57df\u4e2d\u5fc3\u7684\u76f4\u8fbe\u670d\u52a1\uff0c\u800cR1-\u5e03\u5fb7\u6070\u9ad8\u901f\u516c\u8def\u548c\u5f53\u5730\u9053\u8def\u7684\u6539\u5584\u5219\u4e3a\u901a\u52e4\u8005\u548c\u6e38\u5ba2\u63d0\u4f9b\u4e86\u66f4\u987a\u7545\u7684\u51fa\u884c\u65b9\u5f0f\u3002\u523020\u4e16\u7eaa50\u5e74\u4ee3\uff0c\u79c1\u4eba\u673a\u52a8\u8f66\u53d6\u4ee3\u4e86\u9a6c\u8f66\uff1b\u010cSAD\u516c\u4ea4\u8f66\u4ece1952\u5e74\u8d77\u5f00\u59cb\u63d0\u4f9b\u5b9a\u65f6\u65f6\u523b\u8868\u3002<\/p>\n<p>\u5728\u8f66\u6c34\u9a6c\u9f99\u7684\u4ea4\u901a\u548c\u6e38\u5ba2\u7684\u55a7\u95f9\u58f0\u4e4b\u4e0b\uff0c\u9690\u85cf\u7740\u5927\u9646\u6027\u6c14\u5019\u7684\u9c9c\u660e\u5bf9\u6bd4\u3002\u8be5\u76c6\u5730\u6bcf\u5e74\u9891\u7e41\u51fa\u73b0\u9006\u6e29\uff0c\u96fe\u6c14\u5f25\u6f2b\u957f\u8fbe 173 \u5929\uff0c\u8fd9\u8bc1\u660e\u4e86\u51b7\u7a7a\u6c14\u5728\u6cb3\u6d41\u5207\u5272\u7684\u4f4e\u8c37\u4e2d\u6c47\u96c6\u3002\u51ac\u5b63\u5bd2\u51b7\u2014\u2014\u4e00\u6708\u4efd\u5e73\u5747\u6c14\u6e29\u9aa4\u964d\u81f3 -4.7\u00b0C\uff0c\u6700\u4f4e\u6e29\u5ea6\u53ef\u4f4e\u81f3 -30\u00b0C\u2014\u2014\u800c\u4e03\u6708\u6700\u70ed\uff0c\u5e73\u5747\u6c14\u6e29\u8fbe\u5230 18.8\u00b0C\uff0c\u5728\u70c8\u65e5\u4e0b\u6781\u7aef\u6c14\u6e29\u8d85\u8fc7 35\u00b0C\uff0c\u5348\u540e\u8fd8\u53ef\u80fd\u51fa\u73b0\u96f7\u66b4\u3002\u5e74\u964d\u6c34\u91cf\u8d85\u8fc7 700 \u6beb\u7c73\uff0c\u96c6\u4e2d\u5728\u4e03\u6708\u7684 81 \u6beb\u7c73\uff0c\u7b2c\u4e00\u573a\u96ea\u5728 11 \u6708\u4e0b\u65ec\u5230\u6765\uff0c\u8986\u76d6\u7530\u91ce\u76f4\u5230 3 \u6708\u521d\uff0c\u79ef\u96ea\u539a\u5ea6\u7565\u9ad8\u4e8e 20 \u5398\u7c73\u3002\u5c71\u8c37\u96fe\u6c14\u5728\u4e0a\u5348\u4e2d\u65ec\u6d88\u6563\uff0c\u4f46\u4e91\u91cf\u5728\u6574\u4e2a 12 \u6708\u4ecd\u6301\u7eed\u63a5\u8fd1 79%\uff0c\u5230 9 \u6708\u624d\u964d\u81f3 52%\uff0c\u6bcf\u4e94\u5929\u4e2d\u5c31\u6709\u4e00\u5929\u6674\u6717\u7684\u5929\u7a7a\u3002<\/p>\n<p>\u6751\u5e84\u5468\u56f4\u73af\u7ed5\u7740\u8302\u5bc6\u7684\u5c71\u6bdb\u6989\u3001\u6a61\u6811\u548c\u4e91\u6749\u6797\uff0c\u5176\u95f4\u70b9\u7f00\u7740\u89d2\u6811\u3001\u94f6\u51b7\u6749\u548c\u82cf\u683c\u5170\u677e\u3002\u67ab\u6811\u3001\u60ac\u94c3\u6728\u548c\u5c71\u6768\u70b9\u7f00\u5728\u6cb3\u5cb8\u8d70\u5eca\u4e0a\uff0c\u523a\u69d0\u548c\u6934\u6811\u5219\u6cbf\u7740\u6e29\u6cc9\u516c\u56ed\u7684\u5c0f\u5f84\u548c\u53e4\u8001\u7684\u6c2f\u5316\u6c60\u5858\u751f\u957f\u3002\u5893\u5730\u5185\u77d7\u7acb\u7740\u4e00\u7247\u5927\u53f6\u6934\u6811\u6797\uff0c\u5176\u4e09\u767e\u5e74\u7684\u6811\u5e72\u5982\u540c\u4e00\u5ea7\u6d3b\u7684\u7eaa\u5ff5\u7891\uff1b\u9644\u8fd1\u7684\u4f11\u95f2\u533a\u5219\u805a\u96c6\u7740\u4e09\u68f5\u5de8\u5927\u7684\u6a61\u6811\uff0c\u5b83\u4eec\u6807\u5fd7\u7740\u51e0\u4e2a\u4e16\u7eaa\u7684\u5b63\u8282\u53d8\u8fc1\u3002\u535a\u91cc\u7eb3\u677e\u6811\u6797\u4e5f\u503c\u5f97\u4e00\u63d0\uff0c\u5b83\u6709\u7740\u5e84\u4e25\u7684\u884c\u5217\uff0c\u4ee5\u53ca\u4f9d\u9644\u5728\u9633\u5149\u6e29\u6696\u7684\u5c71\u5761\u4e0a\u7684\u55dc\u70ed\u690d\u7269\u3002\u91c7\u96c6\u8005\u5728\u8fd9\u91cc\u53ef\u4ee5\u627e\u5230\u5927\u91cf\u7684\u8611\u83c7\u548c\u836f\u8349\uff0c\u6751\u5e84\u4e0a\u65b9\u7684\u4e00\u4e2a\u5c0f\u6c60\u5858\u5219\u4e3a\u4eba\u4eec\u63d0\u4f9b\u4e86\u5b81\u9759\u7684\u6c34\u8fb9\u4f11\u61a9\u4e4b\u6240\u3002<\/p>\n<p>\u52a8\u7269\u7fa4\u6cbf\u7740\u68ee\u6797\u800c\u884c\u3002\u72cd\u5b50\u3001\u9a6c\u9e7f\u548c\u91ce\u732a\u5728\u514b\u96f7\u59c6\u5c3c\u514b\u5c71\u5357\u9e93\u6f2b\u6e38\uff0c\u800c\u4ece\u4ee5\u524d\u7684\u52a8\u7269\u56ed\u9003\u51fa\u7684\u9ec7\u9e7f\u5219\u6084\u65e0\u58f0\u606f\u5730\u6df7\u6742\u5728\u5f53\u5730\u9e7f\u7fa4\u4e2d\u3002\u91ce\u732b\u5728\u9ec4\u660f\u65f6\u5206\u5f98\u5f8a\uff0c\u732b\u5934\u9e70\u2014\u2014\u5927\u89d2\u732b\u5934\u9e70\u548c\u9a6c\u8e44\u732b\u5934\u9e70\u2014\u2014\u5728\u591c\u7a7a\u4e2d\u5de1\u903b\u3002\u5728\u9690\u853d\u7684\u6797\u95f4\u7a7a\u5730\u4e0a\uff0c\u5de8\u5927\u7684\u9a6c\u8e44\u8760\u5728\u53e4\u8001\u7684\u6811\u679d\u4e0b\u7fe9\u7fe9\u8d77\u821e\uff1b\u5728\u4f4e\u77ee\u7684\u690d\u88ab\u4e2d\uff0c\u4e00\u53ea\u7eff\u8272\u7684\u87b3\u8782\u9759\u9759\u5730\u6816\u606f\u5728\u4e00\u7247\u6811\u53f6\u4e0a\u3002\u4ece\u6cb3\u5cb8\u704c\u6728\u4e1b\u5230\u5ca9\u77f3\u9732\u5934\uff0c\u9519\u7efc\u590d\u6742\u7684\u6816\u606f\u5730\u7ef4\u6301\u7740\u4e0e\u6751\u5e84\u89c4\u6a21\u4e0d\u76f8\u7b26\u7684\u591a\u6837\u6027\u3002<\/p>\n<p>\u4e8c\u5341\u4e16\u7eaa\u91cd\u5851\u4e86\u8fd9\u91cc\u7684\u793e\u4f1a\u548c\u516c\u6c11\u7ed3\u6784\u30021929\u5e74\uff0c\u4ec0\u7279\u51e1\u00b7\u666e\u65e5\u970d\u8fbe\uff08\u0160tefan P\u0159\u00edhoda\uff09\u8fce\u6765\u4e86\u7b2c\u4e00\u8f86\u6c7d\u8f66\u3002\u51e0\u5e74\u4e4b\u5185\uff0c\u6751\u5e84\u4fbf\u901a\u4e0a\u4e86\u7535\u8bdd\u7ebf\uff0c\u5e76\u91cd\u5efa\u4e86\u4e00\u6761\u5e26\u6709\u9a7f\u7ad9\u7684\u56fd\u9053\u3002\u6218\u540e\uff0c\u6751\u91cc\u51fa\u73b0\u4e86\u79c1\u4eba\u5df4\u58eb\u670d\u52a1\u3001\u96c6\u4f53\u519c\u5e84\u7684\u5408\u5e76\u3001\u6587\u5316\u4e2d\u5fc3\u3001\u767e\u8d27\u5546\u5e97\u3001\u9152\u5e97\u548c\u5c71\u95f4\u5c0f\u5c4b\u3002\u5230\u4e8620\u4e16\u7eaa70\u5e74\u4ee3\uff0c\u6c7d\u8f66\u9732\u8425\u5730\u548c\u5929\u7136\u6c14\u7ba1\u9053\u6807\u5fd7\u7740\u73b0\u4ee3\u5316\u7684\u4f11\u95f2\u548c\u516c\u5171\u8bbe\u65bd\u7684\u51fa\u73b0\uff0c\u800c\u513f\u7ae5\u6c34\u7597\u4e2d\u5fc3\u3001\u5e7c\u513f\u56ed\u548c\u56fd\u5bb6\u5eb7\u590d\u4e2d\u5fc3\u5219\u4e3a\u65e5\u76ca\u58ee\u5927\u7684\u533b\u7597\u4fdd\u5065\u548c\u5bb6\u5ead\u670d\u52a1\u4f53\u7cfb\u589e\u6dfb\u4e86\u65b0\u7684\u5185\u5bb9\u30021991\u5e74\uff0c\u5c0f\u5b66\u6559\u5b66\u697c\u3001\u6c34\u5e93\u548c\u5347\u7ea7\u540e\u7684\u901a\u8baf\u8bbe\u65bd\u7ae3\u5de5\uff0c\u9884\u793a\u77401998\u5e74\u7115\u7136\u4e00\u65b0\u7684\u6751\u5e84\u5e7f\u573a\u7684\u8bde\u751f\u3002\u5e7f\u573a\u4e0a\uff0c\u96c6\u5e02\u5927\u5385\u3001\u516c\u4ea4\u8f66\u5019\u8f66\u4ead\u548c\u4fe1\u606f\u677f\u56f4\u7ed5\u7740\u4e00\u6761\u5c0f\u6b65\u9053\u800c\u5efa\u3002<\/p>\n<p>\u79d1\u74e6\u4e54\u74e6\u7684\u6559\u80b2\u59cb\u4e8e1837\u5e74\uff0c\u5f53\u65f6\u4e00\u4f4d\u540d\u53eb\u7279\u96f7\u5e03\u54c8\uff08Trebu\u013ea\uff09\u7684\u519c\u6c11\u6559\u5e08\u5728\u4e00\u4e2a\u4e0e\u5176\u8bf4\u662f\u6b63\u89c4\u5b66\u6821\uff0c\u4e0d\u5982\u8bf4\u662f\u6559\u5b66\u697c\uff0c\u6559\u6388\u57fa\u7840\u8bfe\u7a0b\u3002\u52301907\u5e74\uff0c\u5f53\u5730\u5c45\u6c11\u5efa\u9020\u4e86\u4e00\u5ea7\u65b0\u6821\u820d\uff0c\u5e76\u5f15\u5165\u4e86\u5308\u7259\u5229\u8bed\u6559\u5b66\uff1b1918\u5e74\u540e\uff0c\u53d7\u8fc7\u56fd\u5bb6\u57f9\u8bad\u7684\u6559\u5e08\u5f00\u59cb\u7528\u65af\u6d1b\u4f10\u514b\u8bed\u6388\u8bfe\u3002\u4e8c\u5341\u4e16\u7eaa\u4e0b\u534a\u53f6\uff0c\u4e00\u6240\u62e5\u6709\u4e24\u95f4\u6559\u5ba4\u7684\u5c0f\u5b66\u624e\u6839\uff0c\u968f\u540e\u53c8\u589e\u8bbe\u4e86\u4e00\u6240\u5e7c\u513f\u56ed\u30022002\u5e74\uff0c\u8fd9\u4e24\u6240\u5b66\u6821\u5408\u5e76\u4e3a\u79d1\u74e6\u4e54\u74e6\u5c0f\u5b66\u548c\u5e7c\u513f\u56ed\uff0c\u4e3a\u4ece\u5b66\u524d\u73ed\u5230\u4e00\u5e74\u7ea7\u7684\u513f\u7ae5\u63d0\u4f9b\u540c\u4e00\u5c4b\u6a90\u4e0b\u7684\u6559\u80b2\uff0c\u5e76\u5ef6\u7eed\u4e86\u6751\u5e84\u4ee5\u793e\u533a\u4e3a\u57fa\u7840\u7684\u5b66\u4e60\u4f20\u7edf\u3002<\/p>\n<p>\u534f\u4f1a\u548c\u5fd7\u613f\u56e2\u4f53\u957f\u671f\u4ee5\u6765\u4e00\u76f4\u662f\u5f53\u5730\u6587\u5316\u7684\u6807\u5fd7\u6027\u7ec4\u6210\u90e8\u5206\u3002\u65af\u6d1b\u4f10\u514b\u7ea2\u5341\u5b57\u4f1a\u3001\u65af\u6d1b\u4f10\u514b\u5987\u5973\u534f\u4f1a\u548c\u65af\u6d1b\u4f10\u514b\u9a6c\u8482\u5361\u793e\u56e2\uff08Matica slovensk\u00e1\uff09\u81f4\u529b\u4e8e\u516c\u6c11\u548c\u6587\u5316\u6d3b\u52a8\uff0c\u6b64\u5916\u8fd8\u6709\u9000\u4f11\u4eba\u5458\u4ff1\u4e50\u90e8\u65e5\u7ef4\u7eb3\uff08\u017divena\uff09\u3001\u72e9\u730e\u534f\u4f1a\u548c\u513f\u7ae5\u5408\u5531\u56e2\u6208\u62c9\u5179\u8fea\u514b\uff08Gorazd\u00edk\uff09\u3002\u4f53\u80b2\u7231\u597d\u8005\u7ec4\u7ec7\u8db3\u7403\u548c\u4e52\u4e53\u7403\u961f\uff0c\u6e38\u5ba2\u548c\u6392\u7403\u8fd0\u52a8\u5458\u89c4\u5212\u8def\u7ebf\u548c\u7403\u573a\uff0c\u4fdd\u9f84\u7403\u8fd0\u52a8\u5458\u548c\u56fd\u9645\u8c61\u68cb\u9009\u624b\u5728\u793e\u533a\u5927\u5385\u805a\u4f1a\uff0c\u56fd\u5bb6\u5eb7\u590d\u4e2d\u5fc3\u5185\u8fd8\u8bbe\u6709\u6b8b\u75be\u4eba\u4f53\u80b2\u4ff1\u4e50\u90e8\u3002\u6bcf\u4e2a\u7ec4\u7ec7\u90fd\u4f20\u627f\u4f20\u7edf\uff0c\u4fc3\u8fdb\u793e\u4f1a\u8054\u7cfb\uff0c\u5e76\u5f70\u663e\u79d1\u74e6\u4e54\u74e6\u5bf9\u5305\u5bb9\u6027\u793e\u533a\u751f\u6d3b\u7684\u627f\u8bfa\u3002<\/p>\n<p>\u4eba\u53e3\u8d8b\u52bf\u53cd\u6620\u51fa\u7a33\u6b65\u589e\u957f\u30021787\u5e74\uff0c\u8be5\u6751\u4ec5\u6709203\u540d\u5c45\u6c11\uff0c\u4e00\u4e2a\u4e16\u7eaa\u540e\u589e\u957f\u5230297\u4eba\uff0c\u52301948\u5e74\u5219\u8fbe\u5230450\u4eba\u3002\u52301970\u5e74\uff0c\u4eba\u53e3\u589e\u957f\u5230685\u4eba\uff0c\u5343\u79a7\u4e4b\u9645\u5219\u8fbe\u52301480\u4eba\u3002\u5728\u7ecf\u5386\u4e86\u77ed\u6682\u7684\u505c\u6ede\u671f\u540e\uff0c2005\u5e74\u4e4b\u540e\u7684\u65b0\u4f4f\u5b85\u5f00\u53d1\u53c8\u63a8\u52a8\u4e86\u8be5\u6751\u7684\u6269\u5f20\uff0c2016\u5e74\uff0c\u8be5\u6751\u7684\u5c45\u6c11\u6570\u91cf\u8fbe\u52301541\u4eba\u3002\u65af\u6d1b\u4f10\u514b\u4eba\u5360\u8be5\u6751\u603b\u4eba\u53e3\u768498%\u4ee5\u4e0a\uff0c\u6301\u7eed\u589e\u957f\u7684\u72ec\u7acb\u4f4f\u5b85\u9879\u76ee\u8fdb\u4e00\u6b65\u8bc1\u660e\u4e86\u8be5\u6751\u5bf9\u5bb6\u5ead\u548c\u9000\u4f11\u4eba\u58eb\u7684\u5438\u5f15\u529b\u3002<\/p>\n<p>\u79d1\u74e6\u4e54\u74e6\u7684\u8c61\u5f81\u4ee5\u7eb9\u7ae0\u7684\u5f62\u5f0f\u63d0\u70bc\u51fa\u5176\u72ec\u7279\u7684\u8eab\u4efd\u3002\u5e02\u5fbd\u4e3a\u84dd\u8272\u76fe\u724c\u4e0a\u7684\u4e24\u4e2a\u91d1\u8272\u4ea4\u53c9\u9a6c\u8e44\uff0c\u9a6c\u8e44\u540e\u8ddf\u51f8\u8d77\uff0c\u4e0b\u65b9\u662f\u4e00\u6761\u84dd\u8272\u6761\u7eb9\uff0c\u8c61\u5f81\u7740\u9a8f\u9a6c\u548c\u6cb3\u6d41\u3002\u5e02\u65d7\u5728\u8282\u65e5\u671f\u95f4\u98d8\u626c\uff0c\u6c34\u5e73\u5ef6\u4f38\uff0c\u7531\u4e94\u6761\u8272\u5e26\u7ec4\u6210\u2014\u2014\u767d\u3001\u9ec4\u3001\u84dd\u3001\u9ec4\u3001\u767d\u2014\u2014\u5176\u6bd4\u4f8b\u4e0e\u7eb9\u7ae0\u76f8\u547c\u5e94\uff0c\u5e76\u4ee5\u4e09\u4e2a\u5c16\u89d2\u6536\u5c3e\uff0c\u8c61\u5f81\u7740\u8be5\u6751\u4f20\u7edf\u4e0e\u5f00\u653e\u7684\u878d\u5408\u3002<\/p>\n<p>\u5982\u4eca\uff0c\u79d1\u74e6\u4e54\u74e6\u7684\u65c5\u6e38\u4e1a\u84ec\u52c3\u53d1\u5c55\uff0c\u5f97\u76ca\u4e8e\u5176\u533b\u7597\u4fdd\u5065\u3001\u6237\u5916\u4f11\u95f2\u548c\u533a\u57df\u9057\u4ea7\u7684\u7ed3\u5408\u3002\u5047\u65e5\u516c\u56ed\u5168\u5e74\u5f00\u653e\uff0c\u5176\u6c34\u666f\u548c\u6bd7\u90bb\u7684\u9732\u8425\u5730\u5468\u56f4\u73af\u7ed5\u7740\u79c1\u4eba\u5c0f\u5c4b\u548c\u5bbe\u9986\u3002\u9a91\u884c\u8005\u6cbf\u7740\u6ca5\u9752\u8def\u548c\u6797\u95f4\u5c0f\u8def\uff0c\u524d\u5f80\u9644\u8fd1\u7684\u5df4\u4e01\u68ee\u6797\uff0c\u6216\u6cbf\u7740\u5c71\u9e93\u524d\u5f80\u514b\u96f7\u59c6\u5c3c\u514b\u5c71\u810a\uff0c\u800c\u89c5\u98df\u8005\u5219\u6df1\u5165\u704c\u6728\u4e1b\u4e2d\u5bfb\u627e\u9e21\u6cb9\u83cc\u548c\u725b\u809d\u83cc\u3002\u4e00\u6761\u5f92\u6b65\u5c0f\u5f84\u901a\u5f80\u706b\u5c71\u5c71\u9876\uff0c\u53ef\u6b23\u8d4f\u58ee\u4e3d\u7684\u5168\u666f\u3002\u9644\u8fd1\u7684\u4e00\u7cfb\u5217\u5730\u6807\u5efa\u7b51\u4e5f\u4e3a\u6bcf\u4e00\u6bb5\u884c\u7a0b\u589e\u6dfb\u4e86\u4e30\u5bcc\u7684\u8272\u5f69\uff1a\u4f18\u96c5\u7684\u8d6b\u9f99\u585e\u514b\u6728\u7ed3\u6784\u6559\u5802\u3001\u9759\u8c27\u7684\u666e\u65af\u5b63\u57ce\u5821\u9057\u5740\u3001\u5179\u6c83\u4f26\u57ce\u5821\u7684\u9632\u5fa1\u5927\u5385\u3001\u535a\u7f57\u74e6\u5c71\u690d\u7269\u56ed\u7684\u9488\u53f6\u6797\u4ee5\u53ca\u65af\u5229\u4e9a\u5947\u6e29\u6cc9\u7684\u77ff\u6cc9\u6c60\u3002<\/p>\n<p>\u79d1\u74e6\u4e54\u74e6\u7684\u7cbe\u9ad3\u6e90\u4e8e\u571f\u5730\u3001\u6c34\u3001\u5386\u53f2\u548c\u793e\u533a\u7684\u4ea4\u878d\u3002\u8fd9\u91cc\u7684\u6e29\u6cc9\u4ece\u4e09\u53e0\u7eaa\u57fa\u5ca9\u4e2d\u6c69\u6c69\u6d8c\u51fa\uff0c\u68ee\u6797\u751f\u957f\u4e8e\u706b\u5c71\u51dd\u7070\u5ca9\u4e4b\u4e0a\uff0c\u8fd9\u91cc\u7684\u5c45\u6c11\u4e16\u4e16\u4ee3\u4ee3\u4f20\u627f\u7740\u4ece\u9752\u94dc\u65f6\u4ee3\u9676\u827a\u5bb6\u5230\u73b0\u4ee3\u6c34\u7597\u5e08\u7684\u4f20\u627f\u3002\u7ecf\u5386\u4e86\u51e0\u4e2a\u4e16\u7eaa\u7684\u653f\u6cbb\u53d8\u8fc1\u3001\u7ecf\u6d4e\u52a8\u8361\u548c\u793e\u4f1a\u8f6c\u578b\uff0c\u8fd9\u5ea7\u6751\u5e84\u5728\u5f00\u542f\u65b0\u7684\u53d1\u5c55\u7bc7\u7ae0\u7684\u540c\u65f6\uff0c\u4f9d\u7136\u4fdd\u7559\u7740\u5176\u72ec\u7279\u7684\u98ce\u8c8c\u3002\u5bf9\u4e8e\u5bfb\u6c42\u4f11\u61a9\u548c\u63a2\u7d22\u7684\u65c5\u884c\u8005\u6765\u8bf4\uff0c\u79d1\u74e6\u4e54\u74e6\u62e5\u6709\u6e29\u6696\u7684\u6cc9\u6c34\u3001\u6e05\u6f88\u7684\u5c71\u95f4\u7a7a\u6c14\uff0c\u4ee5\u53ca\u4e00\u4e2a\u6df1\u8c19\u5730\u57df\u4ef7\u503c\u7684\u793e\u533a\u7684\u6c38\u6052\u8109\u640f\u3002<\/p>","protected":false},"excerpt":{"rendered":"<p>\u79d1\u74e6\u4e54\u74e6\uff08Kov\u00e1\u010dov\u00e1\uff09\u4f4d\u4e8e\u5179\u6c83\u4f26\u76c6\u5730\u7684\u897f\u5357\u90e8\uff0c\u662f\u65af\u6d1b\u4f10\u514b\u4e2d\u90e8\u7684\u4e00\u4e2a\u6e29\u6cc9\u6751\uff0c\u4eba\u53e3\u7ea61600\u4eba\u3002\u8fd9\u4e2a\u7530\u56ed\u8bd7\u822c\u7684\u5c0f\u6751\u5e84\u4ee5\u5176\u836f\u7528\u6e29\u6cc9\u548c\u53ef\u8ffd\u6eaf\u81f313\u4e16\u7eaa\u7684\u60a0\u4e45\u5386\u53f2\u800c\u95fb\u540d\uff0c\u8ddd\u79bb\u5179\u6c83\u4f26\u4ee5\u897f\u4ec54\u516c\u91cc\u3002<\/p>","protected":false},"author":1,"featured_media":17539,"parent":13300,"menu_order":0,"comment_status":"closed","ping_status":"closed","template":"elementor_theme","meta":{"_eb_attr":"","footnotes":""},"class_list":["post-17250","page","type-page","status-publish","has-post-thumbnail"],"_links":{"self":[{"href":"https:\/\/travelshelper.com\/zh\/wp-json\/wp\/v2\/pages\/17250","targetHints":{"allow":["GET"]}}],"collection":[{"href":"https:\/\/travelshelper.com\/zh\/wp-json\/wp\/v2\/pages"}],"about":[{"href":"https:\/\/travelshelper.com\/zh\/wp-json\/wp\/v2\/types\/page"}],"author":[{"embeddable":true,"href":"https:\/\/travelshelper.com\/zh\/wp-json\/wp\/v2\/users\/1"}],"replies":[{"embeddable":true,"href":"https:\/\/travelshelper.com\/zh\/wp-json\/wp\/v2\/comments?post=17250"}],"version-history":[{"count":0,"href":"https:\/\/travelshelper.com\/zh\/wp-json\/wp\/v2\/pages\/17250\/revisions"}],"up":[{"embeddable":true,"href":"https:\/\/travelshelper.com\/zh\/wp-json\/wp\/v2\/pages\/13300"}],"wp:featuredmedia":[{"embeddable":true,"href":"https:\/\/travelshelper.com\/zh\/wp-json\/wp\/v2\/media\/17539"}],"wp:attachment":[{"href":"https:\/\/travelshelper.com\/zh\/wp-json\/wp\/v2\/media?parent=17250"}],"curies":[{"name":"wp","href":"https:\/\/api.w.org\/{rel}","templated":true}]}}