{"id":17137,"date":"2024-09-25T16:54:31","date_gmt":"2024-09-25T16:54:31","guid":{"rendered":"https:\/\/travelshelper.com\/staging\/?page_id=17137"},"modified":"2026-03-12T22:10:54","modified_gmt":"2026-03-12T22:10:54","slug":"%e5%b7%b4%e5%b0%bc%e4%ba%9a%c2%b7%e5%bc%97%e9%b2%81%e4%bc%8a%e5%a5%87","status":"publish","type":"page","link":"https:\/\/travelshelper.com\/zh\/destinations\/europe\/serbia\/banja-vrujci\/","title":{"rendered":"\u5df4\u5c3c\u4e9a\u00b7\u5f17\u9c81\u4f0a\u5947"},"content":{"rendered":"<p>\u5df4\u5c3c\u4e9a\u5f17\u9c81\u4f0a\u5947\uff08Banja Vrujci\uff09\u4f4d\u4e8e\u585e\u5c14\u7ef4\u4e9a\u79d1\u5362\u5df4\u62c9\u533a\u7c73\u5965\u5c3c\u5bdf\u5e02\uff08Mionica\uff09\u82cf\u6c83\u535a\u5c14\u5c71\u811a\u4e0b\u7684\u4e00\u4e2a\u72ed\u7a84\u5c71\u8c37\u4e2d\u3002\u5b83\u4f4d\u4e8e\u8d1d\u5c14\u683c\u83b1\u5fb7\u4ee5\u897f92\u516c\u91cc\u5904\uff0c\u6d77\u62d4180\u7c73\uff0c\u4ecb\u4e8e\u7c73\u5965\u5c3c\u5bdf\u9547\u548c\u5229\u5409\u683c\u9547\u4e4b\u95f4\u3002\u867d\u7136\u51c6\u786e\u7684\u4eba\u53e3\u6570\u636e\u5c1a\u672a\u516c\u5f00\uff0c\u4f46\u8be5\u5b9a\u5c45\u70b9\u7684\u7279\u8272\u6e90\u4e8e\u5176\u6e29\u6cc9\u8d44\u6e90\uff0c\u6e29\u6cc9\u517b\u80b2\u4e86\u4e00\u4e2a\u6e29\u6cc9\u793e\u533a\u3001\u4e00\u5bb6\u74f6\u88c5\u6c34\u4f01\u4e1a\u3001\u4e00\u5bb6\u77ff\u6cc9\u6c34\u5de5\u5382\u4ee5\u53ca\u4e00\u4e9b\u57fa\u7840\u6559\u80b2\u8bbe\u65bd\u3002<\/p>\n<p>\u8be5\u5730\u533a\u7684\u5730\u5f62\u7531\u7f13\u5761\u548c\u6cb3\u5cb8\u9636\u5730\u7ec4\u6210\uff0c\u4e0a\u6258\u666e\u5229\u5361\u6cb3\u548c\u6258\u666e\u5229\u5361\u6cb3\u7a7f\u6d41\u800c\u8fc7\u3002\u4e24\u6761\u6c34\u9053\u5728\u6e29\u6cc9\u533a\u6c47\u5408\uff0c\u7136\u540e\u7ee7\u7eed\u5411\u4e1c\u6d41\u5411\u66f4\u5927\u7684\u6cb3\u6d41\u7cfb\u7edf\u3002\u5c71\u8c37\u7684\u7f13\u5761\u548c\u9760\u8fd1\u82cf\u6c83\u535a\u5c14\u5730\u5757\u7684\u5730\u7406\u4f4d\u7f6e\u521b\u9020\u4e86\u826f\u597d\u7684\u5c0f\u6c14\u5019\u6761\u4ef6\uff0c\u589e\u5f3a\u4e86\u6237\u5916\u6d3b\u52a8\u7684\u5438\u5f15\u529b\uff0c\u5e76\u5728\u6e29\u6696\u7684\u6708\u4efd\u4fc3\u8fdb\u4e86\u7a7a\u6c14\u6e05\u65b0\u3001\u901a\u98ce\u826f\u597d\u3002<\/p>\n<p>\u6c34\u6587\u8c03\u67e5\u663e\u793a\uff0c\u8be5\u6e29\u6cc9\u4e3a\u9499\u9541\u4f4e\u77ff\u7269\u8d28\u6cc9\uff0c\u5e73\u5747\u6d8c\u51fa\u6e29\u5ea6\u4e3a26\u81f327\u6444\u6c0f\u5ea6\u3002\u8fd9\u4e9b\u53c2\u6570\u8868\u660e\uff0c\u5176\u603b\u6eb6\u89e3\u56fa\u4f53\u6d53\u5ea6\u8f83\u4f4e\uff0c\u4f46\u4ecd\u80fd\u8fbe\u5230\u6d74\u7597\u4e2d\u5e38\u63a8\u8350\u7684\u77ff\u7269\u8d28\u5e73\u8861\u6c34\u5e73\u3002\u6052\u5b9a\u7684\u6d41\u901f\u786e\u4fdd\u4e86\u6e29\u6cc9\u6c60\u548c\u6c34\u9053\u5168\u5e74\u4fdd\u6301\u6e05\u6f88\u6c34\u8d28\uff0c\u4e0d\u4f1a\u51fa\u73b0\u505c\u6ede\u3002<\/p>\n<p>\u5c45\u6c11\u548c\u6e38\u5ba2\u4f7f\u7528\u6e29\u6cc9\u6c34\u8fdb\u884c\u5185\u5916\u7406\u7597\u3002\u6c90\u6d74\u533a\u5229\u7528\u6e29\u6c34\u7f13\u89e3\u9000\u884c\u6027\u548c\u708e\u75c7\u6027\u98ce\u6e7f\u75c5\u3001\u5750\u9aa8\u795e\u7ecf\u75db\u548c\u9759\u8109\u66f2\u5f20\u7b49\u75c7\u72b6\u3002\u533b\u751f\u548c\u6c34\u7597\u6280\u5e08\u8fd8\u4f1a\u5f00\u53e3\u670d\u836f\u6765\u6cbb\u7597\u80c3\u80a0\u9053\u548c\u4ee3\u8c22\u6027\u75be\u75c5\uff0c\u800c\u76ae\u80a4\u79d1\u5219\u901a\u8fc7\u63a7\u5236\u6d78\u6ce1\u548c\u5c40\u90e8\u6ce5\u7597\u6765\u6cbb\u7597\u5404\u79cd\u6162\u6027\u548c\u6025\u6027\u76ae\u80a4\u75c5\u3002<\/p>\n<p>\u8be5\u6e29\u6cc9\u4e2d\u5fc3\u7684\u5efa\u7b51\u5e03\u5c40\u5728\u585e\u5c14\u7ef4\u4e9a\u72ec\u4e00\u65e0\u4e8c\u3002\u5de5\u7a0b\u5e08\u4eec\u5c06\u6e29\u6cc9\u6c60\u76f4\u63a5\u5efa\u5728\u6cc9\u6e90\u4e0a\u65b9\uff0c\u4f7f\u77ff\u6cc9\u6c34\u80fd\u591f\u6301\u7eed\u5faa\u73af\u3002\u8fd9\u79cd\u81ea\u7531\u6d41\u52a8\u7684\u8bbe\u8ba1\u65e0\u9700\u6c2f\u5316\u6216\u518d\u5faa\u73af\u7cfb\u7edf\uff0c\u4ece\u800c\u4fdd\u7559\u4e86\u6e29\u6cc9\u6c34\u7684\u5929\u7136\u6210\u5206\u3002\u56e0\u6b64\uff0c\u6e38\u5ba2\u5728\u7597\u7a0b\u671f\u95f4\u53ef\u4ee5\u6301\u7eed\u83b7\u5f97\u65b0\u9c9c\u6e29\u6696\u7684\u6e29\u6cc9\u6c34\u3002<\/p>\n<p>\u8003\u53e4\u5b66\u548c\u4eba\u79cd\u5b66\u8bc1\u636e\u8868\u660e\uff0c\u81ea\u53e4\u4ee5\u6765\uff0cVrujci \u6e29\u6cc9\u5468\u56f4\u5c31\u6709\u4eba\u7c7b\u6d3b\u52a8\u3002\u6587\u7269\u548c\u539f\u59cb\u5c45\u4f4f\u5730\u7684\u9057\u8ff9\u8868\u660e\uff0c\u65e9\u5728\u6b63\u5f0f\u5f00\u53d1\u4e4b\u524d\uff0c\u5f53\u5730\u793e\u533a\u5c31\u5df2\u7ecf\u610f\u8bc6\u5230\u6e29\u6cc9\u7684\u6f5c\u529b\u3002\u76f4\u52301935\u5e74\uff0c\u8be5\u5730\u624d\u975e\u6b63\u5f0f\u5730\u4f5c\u4e3a\u91ce\u751f\u6e29\u6cc9\u7597\u517b\u5730\u8fd0\u8425\u3002\u6b64\u540e\uff0c\u5f53\u5c40\u5efa\u7acb\u4e86\u89c4\u8303\u7684\u8bbe\u65bd\uff0c\u5e76\u6b63\u5f0f\u5c06 Vrujci \u6307\u5b9a\u4e3a\u53d7\u56fd\u5bb6\u7ba1\u7406\u7684\u4eba\u6c11\u7597\u517b\u80dc\u5730\u3002<\/p>\n<p>\u5f53\u5730\u4f20\u8bf4\u5c06\u8fd9\u4e9b\u6e29\u6cc9\u4e0e\u4e2d\u4e16\u7eaa\u4eba\u7269\u7c73\u5170\u00b7\u6258\u666e\u5229\u5361\uff08Milan Toplica\uff09\u8054\u7cfb\u5728\u4e00\u8d77\uff0c\u636e\u8bf4\u6258\u666e\u5229\u5361\u5728\u6cb3\u5cb8\u8fb9\u62e5\u6709\u4e00\u5ea7\u5bab\u6bbf\u3002\u4ed6\u7684\u7ef0\u53f7\u6e90\u4e8e\u585e\u5c14\u7ef4\u4e9a\u8bed\u201cToplica\u201d\u4e00\u8bcd\uff0c\u610f\u4e3a\u6e29\u6696\u6216\u708e\u70ed\u3002\u53e6\u4e00\u4e2a\u4f20\u8bf4\u5219\u79f0\uff0c\u57281914\u5e74\u79d1\u5362\u5df4\u62c9\u6218\u5f79\u4e2d\u53d7\u4f24\u7684\u585e\u5c14\u7ef4\u4e9a\u58eb\u5175\u66fe\u5728\u6e29\u6cc9\u6cb3\u4e2d\u6c90\u6d74\u4ee5\u52a0\u901f\u5eb7\u590d\u3002\u8fd9\u4e00\u4f20\u200b\u200b\u8bf4\u5728\u5f53\u5730\u5c45\u6c11\u4e2d\u6d41\u4f20\uff0c\u8bc1\u660e\u4e86\u6e29\u6cc9\u6c34\u5728\u4f24\u53e3\u62a4\u7406\u548c\u5eb7\u590d\u65b9\u9762\u529f\u6548\u5353\u8457\u3002<\/p>\n<p>\u8fd1\u51e0\u5341\u5e74\u6765\uff0c\u8be5\u5b9a\u5c45\u70b9\u7684\u7ecf\u6d4e\u57fa\u7840\u4e0d\u65ad\u591a\u5143\u5316\u3002\u5929\u7136\u6cc9\u6c34\u662f\u6c83\u8fbe\u6c83\u8fbe (Voda Voda) \u54c1\u724c\u74f6\u88c5\u6c34\u7684\u6e90\u5934\uff0c\u8be5\u54c1\u724c\u4ea7\u54c1\u7545\u9500\u4e1c\u6b27\u548c\u4e9a\u6d32\u90e8\u5206\u5730\u533a\u3002\u6bd7\u90bb\u88c5\u74f6\u5382\u7684\u9521\u7eb3\u5c14\u79d1 (Sinalko) \u5de5\u5382\u5c06\u5f53\u5730\u77ff\u6cc9\u6c34\u52a0\u5de5\u6210\u8f6f\u996e\u6599\u4ea7\u54c1\u3002\u6e29\u6cc9\u793e\u533a\u8fd8\u8bbe\u6709\u4e00\u6240\u5c0f\u5b66\uff0c\u76f4\u81f3\u516b\u5e74\u7ea7\uff0c\u4f53\u73b0\u4e86\u5c45\u6c11\u751f\u6d3b\u4e0e\u65c5\u6e38\u4e1a\u548c\u5de5\u4e1a\u7684\u878d\u5408\u3002<\/p>\n<p>\u9664\u4e86\u533b\u7597\u548c\u5546\u4e1a\u6d3b\u52a8\u5916\uff0c\u5df4\u5c3c\u4e9a\u5f17\u9c81\u4f0a\u5947 (Banja Vrujci) \u8fd8\u81f4\u529b\u4e8e\u63d0\u4f9b\u4e00\u822c\u7684\u4f11\u95f2\u5a31\u4e50\u6d3b\u52a8\u3002\u5468\u56f4\u7684\u5c71\u4e18\u548c\u6cb3\u5cb8\u8bbe\u6709\u6807\u8bb0\u6e05\u6670\u7684\u6b65\u9053\uff0c\u7a7f\u8fc7\u6a61\u6811\u548c\u5c71\u6bdb\u6989\u6df7\u5408\u6797\u5730\u3002\u5782\u9493\u8005\u7ecf\u5e38\u5728\u6258\u666e\u5229\u5361 (Toplica) \u6eaa\u6d41\u4e2d\u5782\u9493\u9cdf\u9c7c\uff0c\u800c\u6307\u5b9a\u7684\u7a7a\u5730\u5219\u652f\u6301\u5b63\u8282\u6027\u9732\u8425\u3002\u5e73\u7f13\u7684\u5730\u5f62\u548c\u6c34\u666f\u76f8\u7ed3\u5408\uff0c\u4f7f\u8fd9\u91cc\u6210\u4e3a\u5bb6\u5ead\u5ea6\u5047\u548c\u4e2a\u4eba\u4f11\u61a9\u7684\u7406\u60f3\u573a\u6240\u3002<\/p>\n<p>\u4fbf\u6377\u7684\u4ea4\u901a\u662f\u6e29\u6cc9\u7597\u517b\u5730\u6301\u7eed\u5438\u5f15\u6e38\u5ba2\u7684\u91cd\u8981\u56e0\u7d20\u3002\u4e00\u6761\u7ef4\u62a4\u826f\u597d\u7684\u533a\u57df\u516c\u8def\u8fde\u63a5\u7740\u6e29\u6cc9\u7597\u517b\u5730\u548c\u8d1d\u5c14\u683c\u83b1\u5fb7\uff0c\u9a7e\u8f66\u4e0d\u5230\u4e24\u5c0f\u65f6\u5373\u53ef\u5230\u8fbe\u3002\u6f58\u5207\u6c83\u4f4d\u4e8e\u5176\u4e1c\u5317\u65b9\u5411113\u516c\u91cc\u5904\uff0c\u5965\u5e03\u96f7\u8bfa\u74e6\u8328\u4f4d\u4e8e\u5176\u4e1c\u5357\u65b9\u541165\u516c\u91cc\u5904\uff0c\u74e6\u5217\u6c83\u4f4d\u4e8e\u5176\u897f\u5357\u65b9\u541130\u516c\u91cc\u5904\uff0c\u6070\u6070\u514b\u4f4d\u4e8e\u5176\u5357\u65b9\u541162\u516c\u91cc\u5904\uff0c\u8bfa\u7ef4\u8428\u5fb7\u4f4d\u4e8e\u5176\u5317\u65b9\u5411170\u516c\u91cc\u5904\u3002\u6b64\u5916\uff0c\u8fd8\u6709\u516c\u5171\u5c0f\u5df4\u548c\u4e0d\u5b9a\u671f\u7684\u65c5\u6e38\u56e2\u53ef\u4f9b\u9009\u62e9\uff0c\u4f5c\u4e3a\u79c1\u4eba\u4ea4\u901a\u65b9\u5f0f\u7684\u8865\u5145\u3002<\/p>\n<p>\u5df4\u5c3c\u4e9a\u5f17\u9c81\u4f0a\u5947\uff08Banja Vrujci\uff09\u5468\u8fb9\u5730\u533a\u62d3\u5c55\u4e86\u6587\u5316\u548c\u5386\u53f2\u63a2\u7d22\u7684\u9886\u57df\u3002\u5411\u5357\u4e94\u516c\u91cc\uff0c\u65af\u7279\u9c81\u52a0\u5c3c\u514b\uff08Struganik\uff09\u6751\u4fdd\u7559\u4e86\u9646\u519b\u5143\u5e05\u65e5\u6c83\u91d1\u00b7\u7c73\u5e0c\u5947\uff08\u017divojin Mi\u0161i\u0107\uff09\u7684\u51fa\u751f\u5730\uff0c\u5e76\u8bbe\u6709\u4e00\u5ea7\u5c0f\u578b\u535a\u7269\u9986\uff0c\u4e13\u95e8\u7eaa\u5ff5\u4ed6\u5728\u7b2c\u4e00\u6b21\u4e16\u754c\u5927\u6218\u4e2d\u7684\u4f5c\u7528\u3002\u5411\u4e0a\u6e38\u4e03\u516c\u91cc\uff0c\u662f\u91cc\u5e03\u5c3c\u5bdf\u6d1e\u7a74\uff08Ribnica Cave\uff09\u548c\u5723\u5f7c\u5f97\u4fdd\u7f57\u6559\u5802\uff08St. Peter and Paul Church\uff09\uff0c\u5747\u53ef\u6cbf\u7740\u91cc\u5e03\u5c3c\u5bdf\u6cb3\uff08Ribnica River\uff09\u4e0a\u7684\u4e00\u6761\u7f13\u5761\u5c0f\u5f84\u5230\u8fbe\u3002<\/p>\n<p>\u4fee\u9053\u9662\u9057\u4ea7\u904d\u5e03\u65b9\u5706\u4e8c\u5341\u4e09\u516c\u91cc\u5185\u3002\u535a\u6208\u74e6\u8fbe\u4fee\u9053\u9662\u4fdd\u7559\u4e86\u5341\u4e03\u4e16\u7eaa\u7684\u5efa\u7b51\u98ce\u683c\u548c\u4e1c\u6b63\u6559\u793c\u4eea\u827a\u672f\u3002\u4e09\u5341\u4e09\u516c\u91cc\u5916\u7684\u5207\u5229\u8036\u4fee\u9053\u9662\u5219\u4f53\u73b0\u4e86\u7531\u5c3c\u53e4\u62c9\u00b7\u97e6\u5229\u7c73\u7f57\u7ef4\u5947\u4e3b\u6559\u59d4\u6258\u5efa\u9020\u7684\u4e8c\u5341\u4e16\u7eaa\u65e9\u671f\u6559\u4f1a\u8bbe\u8ba1\u98ce\u683c\u3002\u4f17\u591a\u5b97\u6559\u573a\u6240\u5c55\u73b0\u4e86\u8be5\u5730\u533a\u4e30\u5bcc\u7684\u7cbe\u795e\u548c\u793e\u533a\u8ba4\u540c\u7684\u5386\u53f2\u5c42\u6b21\u3002<\/p>\n<p>\u6e29\u6cc9\u9644\u8fd1\u7684\u5929\u7136\u9ad8\u5730\u5448\u73b0\u51fa\u5b63\u8282\u6027\u7684\u9b45\u529b\u300223\u516c\u91cc\u5916\u7684\u62c9\u8d3e\u514b\u5c71\uff08Mount Rajac\uff09\u6bcf\u5e74\u4e03\u6708\u4e2d\u65ec\u90fd\u4f1a\u4e3e\u529e\u5e72\u8349\u5236\u4f5c\u6d3b\u52a8\uff0c\u53c2\u4e0e\u8005\u5c06\u5728\u90a3\u91cc\u7ec3\u4e60\u4f20\u7edf\u7684\u4e61\u6751\u6280\u827a\u3002\u66f4\u8fdc\u4e00\u70b9\uff0c\u5411\u897f15\u516c\u91cc\u7684\u8fea\u592b\u5947\u5df4\u96f7\u9ad8\u539f\uff08Div\u010dibare\uff09\u6d77\u62d4\u7ea6800\u7c73\uff0c\u62e5\u6709\u9ad8\u6d77\u62d4\u6b65\u9053\u548c\u51ac\u5b63\u8fd0\u52a8\u8bbe\u65bd\u3002<\/p>\n<p>\u7c73\u5965\u5c3c\u5bdf\uff08Mionica\uff09\u662f\u8be5\u533a\u7684\u884c\u653f\u4e2d\u5fc3\uff0c\u4f4d\u4e8e\u897f\u5317\u65b9\u5411\u5341\u516c\u91cc\u5904\u3002\u9547\u4e0a\u7684\u5e02\u573a\u3001\u8bca\u6240\u548c\u5e02\u653f\u670d\u52a1\u4e3a\u5e38\u4f4f\u5c45\u6c11\u548c\u6765\u8bbf\u7684\u6e29\u6cc9\u5ba2\u4eba\u63d0\u4f9b\u670d\u52a1\u3002\u72ed\u7a84\u7684\u9053\u8def\u8fde\u63a5\u7740\u5e15\u4ec0\u7279\u91cc\u5947\uff08Pa\u0161tri\u0107\uff09\u548c\u8d1d\u5c14\u79d1\u74e6\u8328\uff08Berkovac\uff09\u7b49\u8f83\u5c0f\u7684\u6751\u5e84\uff0c\u4fc3\u8fdb\u4e86\u4e61\u6751\u65c5\u6e38\u7684\u53d1\u5c55\uff0c\u5e76\u5076\u5c14\u4e3e\u529e\u5c55\u793a\u5f53\u5730\u5de5\u827a\u54c1\u548c\u519c\u4ea7\u54c1\u7684\u624b\u5de5\u827a\u54c1\u96c6\u5e02\u3002<\/p>\n<p>\u6c34\u7597\u8bbe\u65bd\u7684\u6269\u5efa\u8ba1\u5212\u5305\u62ec\u201cPrva Nova Banja\u201d\u4e2d\u5fc3\u7684\u7ae3\u5de5\u3002\u6295\u5165\u8fd0\u8425\u540e\uff0c\u5b83\u5c06\u6210\u4e3a\u4e00\u4e2a\u96c6\u7406\u7597\u5957\u623f\u3001\u5ba4\u5185\u6cf3\u6c60\u3001\u5065\u5eb7\u5de5\u4f5c\u5ba4\u548c\u4f1a\u8bae\u7a7a\u95f4\u4e8e\u4e00\u4f53\u7684\u7efc\u5408\u4f53\u3002\u652f\u6301\u8005\u58f0\u79f0\uff0c\u8be5\u5f00\u53d1\u9879\u76ee\u5c06\u878d\u5408\u73b0\u4ee3\u8bbe\u8ba1\u4e0e\u73af\u4fdd\u7406\u5ff5\uff0c\u91c7\u7528\u53ef\u6301\u7eed\u6750\u6599\uff0c\u5e76\u4fdd\u7559\u6e29\u6cc9\u7684\u81ea\u7531\u6d41\u52a8\u7279\u6027\u3002<\/p>\n<p>\u5df4\u5c3c\u4e9a\u5f17\u9c81\u4f0a\u5947 (Banja Vrujci) \u7684\u9b45\u529b\u5728\u4e8e\u5176\u5e94\u7528\u79d1\u5b66\u4e0e\u60a0\u95f2\u793e\u533a\u751f\u6d3b\u7684\u878d\u5408\u3002\u6e29\u6cc9\u7684\u5316\u5b66\u7279\u6027\u7ecf\u6c34\u6587\u5b66\u5bb6\u9a8c\u8bc1\uff0c\u800c\u5176\u5efa\u6210\u7684\u8bbe\u65bd\u5219\u4fdd\u7559\u4e86\u4f20\u7edf\u7684\u6cbb\u7597\u65b9\u6cd5\u3002\u5bfb\u6c42\u7f13\u89e3\u6162\u6027\u75be\u75c5\u7684\u6e38\u5ba2\u3001\u5bfb\u6c42\u9002\u5ea6\u6237\u5916\u6d3b\u52a8\u7684\u5bb6\u5ead\u4ee5\u53ca\u63a2\u7d22\u585e\u5c14\u7ef4\u4e9a\u5730\u533a\u5386\u53f2\u7684\u6587\u5316\u65c5\u884c\u8005\u90fd\u80fd\u5728\u8fd9\u91cc\u627e\u5230\u4ef7\u503c\u3002\u5c3d\u7ba1\u533b\u7597\u6807\u51c6\u4e0d\u65ad\u63d0\u9ad8\uff0c\u74f6\u88c5\u6c34\u7684\u9500\u552e\u8303\u56f4\u4e0d\u65ad\u6269\u5927\uff0c\u4f46\u6e29\u6cc9\u4e0e\u5929\u7136\u6c34\u6e90\u7684\u8054\u7cfb\u59cb\u7ec8\u5982\u4e00\u3002<\/p>","protected":false},"excerpt":{"rendered":"<p>\u5df4\u5c3c\u4e9a\u5f17\u9c81\u4f0a\u5947\u5750\u843d\u5728\u585e\u5c14\u7ef4\u4e9a\u897f\u90e8\uff0c\u662f\u4e00\u5ea7\u98ce\u666f\u5982\u753b\u7684\u6e29\u6cc9\u5c0f\u9547\uff0c\u4ee5\u5176\u7597\u6108\u7684\u6e29\u6cc9\u6c34\u548c\u5b81\u9759\u7684\u73af\u5883\u5438\u5f15\u7740\u4f17\u591a\u6e38\u5ba2\u3002\u8fd9\u5ea7\u8ff7\u4eba\u7684\u5c0f\u9547\u5750\u843d\u5728\u82cf\u6c83\u535a\u5c14\u5c71\u9e93\u548c\u6258\u666e\u5229\u5361\u6cb3\u8c37\u4e4b\u95f4\uff0c\u5df2\u6210\u4e3a\u5bfb\u6c42\u7597\u6108\u7597\u6cd5\u7684\u4eba\u4eec\u7684\u907f\u96be\u6240\uff0c\u4e5f\u662f\u9003\u79bb\u90fd\u5e02\u55a7\u56a3\u7684\u5b81\u9759\u6e2f\u6e7e\u3002\u867d\u7136\u5177\u4f53\u7684\u4eba\u53e3\u6570\u91cf\u5c1a\u672a\u516c\u5e03\uff0c\u4f46\u8fd9\u5ea7\u5c0f\u9547\u7684\u91cd\u8981\u6027\u66f4\u591a\u5730\u5728\u4e8e\u5176\u81ea\u7136\u8d44\u6e90\u548c\u5386\u53f2\u610f\u4e49\uff0c\u800c\u975e\u5176\u89c4\u6a21\u3002<\/p>","protected":false},"author":1,"featured_media":17476,"parent":13445,"menu_order":0,"comment_status":"closed","ping_status":"closed","template":"elementor_theme","meta":{"_eb_attr":"","footnotes":""},"class_list":["post-17137","page","type-page","status-publish","has-post-thumbnail"],"_links":{"self":[{"href":"https:\/\/travelshelper.com\/zh\/wp-json\/wp\/v2\/pages\/17137","targetHints":{"allow":["GET"]}}],"collection":[{"href":"https:\/\/travelshelper.com\/zh\/wp-json\/wp\/v2\/pages"}],"about":[{"href":"https:\/\/travelshelper.com\/zh\/wp-json\/wp\/v2\/types\/page"}],"author":[{"embeddable":true,"href":"https:\/\/travelshelper.com\/zh\/wp-json\/wp\/v2\/users\/1"}],"replies":[{"embeddable":true,"href":"https:\/\/travelshelper.com\/zh\/wp-json\/wp\/v2\/comments?post=17137"}],"version-history":[{"count":0,"href":"https:\/\/travelshelper.com\/zh\/wp-json\/wp\/v2\/pages\/17137\/revisions"}],"up":[{"embeddable":true,"href":"https:\/\/travelshelper.com\/zh\/wp-json\/wp\/v2\/pages\/13445"}],"wp:featuredmedia":[{"embeddable":true,"href":"https:\/\/travelshelper.com\/zh\/wp-json\/wp\/v2\/media\/17476"}],"wp:attachment":[{"href":"https:\/\/travelshelper.com\/zh\/wp-json\/wp\/v2\/media?parent=17137"}],"curies":[{"name":"wp","href":"https:\/\/api.w.org\/{rel}","templated":true}]}}