{"id":17077,"date":"2024-09-25T14:29:22","date_gmt":"2024-09-25T14:29:22","guid":{"rendered":"https:\/\/travelshelper.com\/staging\/?page_id=17077"},"modified":"2026-03-12T21:17:57","modified_gmt":"2026-03-12T21:17:57","slug":"%e5%9c%a3%e6%a0%bc%e5%a5%a5%e5%b0%94%e5%85%b9%e5%b7%b4%e4%bc%8a","status":"publish","type":"page","link":"https:\/\/travelshelper.com\/zh\/destinations\/europe\/romania\/sangeorz-bai\/","title":{"rendered":"\u5723\u683c\u5965\u5c14\u5179\u5df4\u4f0a"},"content":{"rendered":"<p>\u6851\u683c\u5965\u5c14\u65e5-\u62dc\u4f0a\u4f4d\u4e8e\u7279\u5170\u897f\u74e6\u5c3c\u4e9a\u9ad8\u539f\u4e1c\u5317\u7f18\uff0c\u7f57\u5fb7\u7eb3\u5c71\u8109\u7ef5\u5ef6\u8d77\u4f0f\uff0c\u68ee\u6797\u8986\u76d6\u7684\u5c71\u5761\u7ef5\u5ef6\u81f3\u7d22\u6885\u82cf\u5c14\u9a6c\u96f7\u6cb3\uff08Some\u0219ul Mare River\uff09\u6cb3\u5cb8\u3002\u6851\u683c\u5965\u5c14\u65e5-\u62dc\u4f0a\u6d77\u62d4465\u7c73\uff0c\u5360\u636e\u7740\u91cd\u8981\u7684\u6218\u7565\u4f4d\u7f6e\uff0c\u90e8\u5206\u4f4d\u4e8e\u7f57\u5fb7\u7eb3\u5c71\u56fd\u5bb6\u516c\u56ed\u5185\uff0c\u5176\u8fb9\u754c\u5ef6\u4f38\u81f3\u79d1\u5c14\u8fc8\u4e9a\uff08Cormaia\uff09\u548c\u74e6\u83b1\u4e9a\u535a\u5c14\u5e93\u56fe\u9c81\u4f0a\uff08Valea Borcutului\uff09\u4e24\u4e2a\u884c\u653f\u6751\u3002DN17\u56fd\u9053\u662f\u6b27\u6d32E58\u516c\u8def\u7684\u4e00\u90e8\u5206\uff0c\u6a2a\u7a7f\u8be5\u9547\uff0c\u897f\u8fde\u514b\u5362\u65e5\u53bf\u7684\u5fb7\u65e5\uff08Dej\uff09\uff0c\u4e1c\u8fde\u82cf\u6070\u74e6\uff08Suceava\uff09\u3002\u6851\u683c\u5965\u5c14\u65e5-\u62dc\u4f0a\u8ddd\u79bb\u8bb7\u745f\u4e4c\u5fb7\uff08N\u0103s\u0103ud\uff0930\u516c\u91cc\uff0c\u8ddd\u79bb\u53bf\u57ce\u6bd4\u65af\u7279\u91cc\u5bdf\uff08Bistri\u021ba\uff0940\u516c\u91cc\uff0c\u65e2\u662f\u5f53\u5730\u884c\u653f\u4e2d\u5fc3\uff0c\u4e5f\u662f\u7f57\u9a6c\u5c3c\u4e9a\u9996\u5c48\u4e00\u6307\u7684\u6e29\u6cc9\u7597\u517b\u80dc\u5730\u4e4b\u4e00\u3002\u6839\u636e 2021 \u5e74\u7684\u4eba\u53e3\u666e\u67e5\uff0c\u5176\u4eba\u53e3\u4e3a 10,931 \u4eba\uff0c\u6bd4 2011 \u5e74\u7684 9,679 \u4eba\u6709\u6240\u589e\u52a0\uff0c\u8fd9\u65e2\u53cd\u6620\u4e86\u5176\u5bf9\u6c38\u4e45\u5c45\u6c11\u7684\u5438\u5f15\u529b\uff0c\u4e5f\u53cd\u6620\u4e86\u5b63\u8282\u6027\u7684\u5065\u5eb7\u6e38\u5ba2\u6d8c\u5165\u3002<\/p>\n<p>\u6851\u683c\u5965\u5c14\u65e5-\u62dc\u4f0a\u7684\u8d77\u6e90\u53ef\u4ee5\u8ffd\u6eaf\u5230\u5730\u7406\u4e0e\u6c34\u6587\u7684\u81ea\u7136\u4ea4\u6c47\u3002\u5c0f\u9547\u4f4d\u4e8e\u7d22\u59c6\u82cf\u5c14\u6cb3\u53f3\u5cb8\uff0c\u7d27\u90bb\u4e0e\u79d1\u5c14\u8fc8\u4e9a\u6cb3\u4ea4\u6c47\u5904\u7684\u4e0b\u6e38\u3002\u8fd9\u79cd\u6cbf\u6cb3\u5730\u5f62\u4e3a\u65e9\u671f\u5b9a\u5c45\u4ee5\u53ca\u540e\u6765\u7684\u77ff\u6cc9\u5f00\u53d1\u521b\u9020\u4e86\u6761\u4ef6\u3002\u6c11\u95f4\u8bb0\u5fc6\u4fdd\u7559\u4e86\u5f53\u5730\u591a\u8bed\u8a00\u7684\u5386\u53f2\uff0c\u5308\u7259\u5229\u8bed\u79f0\u4e4b\u4e3a\u201cOl\u00e1hszentgy\u00f6rgy\u201d\uff0c\u5fb7\u8bed\u79f0\u4e4b\u4e3a\u201cSankt Georgen\u201d\uff0c\u8fd9\u4e24\u4e2a\u5730\u540d\u90fd\u4ee3\u8868\u7740\u7279\u5170\u897f\u74e6\u5c3c\u4e9a\u7684\u6587\u5316\u5c42\u6b21\u3002\u5728\u884c\u653f\u4e0a\uff0c\u9547\u8f96\u7684\u4e24\u4e2a\u6751\u5e84\u2014\u2014\u79d1\u5c14\u8fc8\u4e9a\uff08Korm\u00e1ja\uff09\u548c\u535a\u5c14\u5e93\u56fe\u9c81\u4f0a\u8c37\uff08Borpatak\uff09\u2014\u2014\u5c06\u6c11\u653f\u7ba1\u8f96\u533a\u5ef6\u4f38\u81f3\u76f8\u90bb\u7684\u5c71\u8c37\uff0c\u90a3\u91cc\u7684\u6797\u5730\u548c\u7267\u573a\u51e0\u4e2a\u4e16\u7eaa\u4ee5\u6765\u4e00\u76f4\u662f\u5f53\u5730\u519c\u6c11\u7684\u751f\u8ba1\u6765\u6e90\u3002<\/p>\n<p>\u8be5\u5730\u533a\u7684\u571f\u58e4\u548c\u5e95\u571f\u5b55\u80b2\u4e86\u5341\u5904\u72ec\u7279\u7684\u77ff\u6cc9\uff0c\u5176\u6cc9\u6c34\u7684\u77ff\u7269\u6210\u5206\u548c\u6e29\u5ea6\u5404\u4e0d\u76f8\u540c\u3002\u8fd9\u4e9b\u6cc9\u6c34\u5386\u6765\u88ab\u8ba4\u4e3a\u53ef\u4ee5\u6cbb\u7597\u6d88\u5316\u7cfb\u7edf\u75be\u75c5\u3001\u809d\u75c5\u548c\u98ce\u6e7f\u75c5\uff0c\u4f7f\u5f97\u6851\u683c\u65e5-\u62dc\u4f0a\u5728\u4e8c\u5341\u4e16\u7eaa\u521d\u6210\u4e3a\u8457\u540d\u7684\u6e29\u6cc9\u7597\u517b\u80dc\u5730\u3002\u5230\u4e86\u4e8c\u5341\u4e16\u7eaa\u4e2d\u53f6\uff0c\u533b\u5b66\u6743\u5a01\u5f00\u59cb\u5bf9\u8fd9\u4e9b\u6cc9\u6c34\u8fdb\u884c\u7cfb\u7edf\u5206\u6790\uff0c\u5e76\u5c06\u5176\u4e0e\u6cd5\u56fd\u7ef4\u5e0c\u6e29\u6cc9\u548c\u6377\u514b\u5171\u548c\u56fd\u5361\u7f57\u7ef4\u53d1\u5229\u6e29\u6cc9\u7b49\u8457\u540d\u6e29\u6cc9\u8fdb\u884c\u6bd4\u8f83\u3002\u5f53\u5730\u4f18\u8d28\u7684\u7a7a\u6c14\uff0c\u52a0\u4e0a\u5468\u56f4\u7684\u5c71\u6bdb\u6989\u3001\u51b7\u6749\u3001\u677e\u6811\u548c\u4e91\u6749\u6797\u7684\u51c0\u5316\u548c\u8c03\u8282\uff0c\u8fdb\u4e00\u6b65\u63d0\u5347\u4e86\u8fd9\u91cc\u7684\u6cbb\u7597\u529f\u6548\u3002<\/p>\n<p>\u4e13\u4e1a\u8bbe\u65bd\u7684\u5f00\u53d1\u4e0e\u5bf9\u6c34\u6e90\u7684\u79d1\u5b66\u8ba4\u8bc1\u540c\u6b65\u8fdb\u884c\u3002\u73b0\u4ee3\u5316\u7684\u6cbb\u7597\u4e2d\u5fc3\u4f4d\u4e8e\u5ea6\u5047\u516c\u56ed\u7684\u4e2d\u5fc3\u4f4d\u7f6e\u3002\u4e2d\u5fc3\u5185\u8bbe\u6709\u6c34\u7597\u6c60\u3001\u7535\u7597\u4eea\u3001\u70ed\u77ff\u6cc9\u6d74\u6c60\u548c\u83ab\u83f2\u5854\u5ba4\uff0c\u60a3\u8005\u53ef\u4ee5\u5728\u6b64\u4f53\u9a8c\u6765\u81ea\u706b\u5c71\u6cc9\u7684\u5bcc\u542b\u4e8c\u6c27\u5316\u78b3\u7684\u7a7a\u6c14\u3002\u6c14\u96fe\u5ba4\u548c\u5438\u5165\u8231\u53ef\u6cbb\u7597\u547c\u5438\u7cfb\u7edf\u75be\u75c5\uff0c\u800c\u77f3\u8721\u5305\u624e\u7ad9\u548c\u533b\u7597\u5065\u8eab\u623f\u5219\u53ef\u9488\u5bf9\u808c\u8089\u9aa8\u9abc\u75be\u75c5\u63d0\u4f9b\u91cf\u8eab\u5b9a\u5236\u7684\u5eb7\u590d\u65b9\u6848\u3002\u591a\u6837\u5316\u7684\u6cbb\u7597\u65b9\u5f0f\u4f53\u73b0\u4e86\u6574\u4f53\u5065\u5eb7\u7406\u5ff5\uff0c\u5c06\u88ab\u52a8\u6d78\u6ce1\u7597\u6cd5\u4e0e\u76d1\u7763\u4e0b\u7684\u4f53\u80b2\u953b\u70bc\u548c\u547c\u5438\u62a4\u7406\u76f8\u7ed3\u5408\u3002<\/p>\n<p>\u4f4f\u5bbf\u57fa\u7840\u8bbe\u65bd\u4e0d\u65ad\u6269\u5c55\uff0c\u4ee5\u6ee1\u8db3\u7597\u517b\u548c\u4f11\u95f2\u6e38\u5ba2\u7684\u9700\u6c42\u3002\u5efa\u4e8e\u793e\u4f1a\u4e3b\u4e49\u65f6\u671f\u7684Hebe\u9152\u5e97\u8bbe\u6709900\u4e2a\u5e8a\u4f4d\uff0c\u800c\u539fUGSR\u9152\u5e97\uff08\u73b0\u66f4\u540d\u4e3a\u7d22\u59c6\u82cf\u5c14\u9152\u5e97\uff0c\u62e5\u6709\u4e24\u661f\u7ea7\u8bc4\u7ea7\uff09\u5219\u63d0\u4f9b600\u4e2a\u5e8a\u4f4d\u3002\u6b64\u5916\uff0c\u8fd8\u6709\u4e00\u7cfb\u5217\u79c1\u4eba\u522b\u5885\u3001\u5bbe\u9986\u548c\u522b\u5885\uff0c\u4ece\u4e00\u661f\u7ea7\u4f4f\u5bbf\u5230\u4e09\u661f\u7ea7\uff0c\u4e3a\u8fd9\u4e9b\u5927\u578b\u9152\u5e97\u5355\u5143\u63d0\u4f9b\u4e86\u8865\u5145\u3002\u4e30\u5bcc\u7684\u9009\u62e9\u6ee1\u8db3\u4e86\u4e0d\u540c\u793e\u4f1a\u7ecf\u6d4e\u9636\u5c42\u7684\u9700\u6c42\uff0c\u4ece\u5bfb\u6c42\u77ed\u671f\u7597\u517b\u7684\u56fd\u5185\u6e38\u5ba2\u5230\u53c2\u52a0\u957f\u671f\u5065\u5eb7\u9879\u76ee\u7684\u5916\u56fd\u6e38\u5ba2\uff0c\u5e94\u6709\u5c3d\u6709\u3002<\/p>\n<p>\u9664\u4e86\u6e29\u6cc9\u7597\u517b\u4e4b\u5916\uff0c\u6851\u683c\u65e5-\u62dc\u4f0a\u8fd8\u4fdd\u7559\u7740\u8bb8\u591a\u5177\u6709\u91cd\u8981\u5efa\u7b51\u548c\u6587\u5316\u610f\u4e49\u7684\u9057\u5740\u3002\u5ea6\u5047\u516c\u56ed\u672c\u8eab\u5e03\u5c40\u5f97\u5982\u540c\u4e00\u7247\u7eff\u6d32\uff0c\u51c9\u4ead\u3001\u6b65\u9053\u548c\u836b\u51c9\u7684\u957f\u6905\u70b9\u7f00\u5728\u836f\u7528\u6e29\u6cc9\u4e4b\u4e2d\u3002\u4e00\u5c0a\u5efa\u4e8e1880\u5e74\u7684\u5361\u62c9\u62c9\u5927\u7406\u77f3\u8d6b\u67cf\u5973\u795e\u96d5\u50cf\u77d7\u7acb\u4e8e\u8fd9\u7247\u666f\u89c2\u7684\u6838\u5fc3\uff0c\u662f\u5bf9\u8fd9\u5ea7\u5c0f\u9547\u5341\u4e5d\u4e16\u7eaa\u7597\u517b\u80dc\u5730\u7684\u81f4\u656c\u3002\u9644\u8fd1\u7684\u4e24\u5bb6\u827a\u672f\u753b\u5eca\u4f53\u73b0\u4e86\u5bf9\u6587\u5316\u4f20\u627f\u7684\u91cd\u89c6\uff1b\u5b83\u4eec\u8f6e\u6d41\u4e3e\u529e\u5f53\u5730\u753b\u5bb6\u3001\u96d5\u5851\u5bb6\u548c\u624b\u5de5\u827a\u4eba\u7684\u5c55\u89c8\uff0c\u5c06\u7597\u517b\u4e0e\u5ba1\u7f8e\u6b23\u8d4f\u5b8c\u7f8e\u7ed3\u5408\u3002<\/p>\n<p>\u5728\u79d1\u5c14\u8fc8\u4e9a\u6751\u90ca\u5916\uff0c\u4e1c\u6b63\u6559\u4fee\u9053\u9662\u5448\u73b0\u51fa\u9c9c\u660e\u7684\u53e4\u4eca\u5bf9\u6bd4\u3002\u4fee\u9053\u9662\u793e\u533a\u6210\u7acb\u4e8e2003\u5e74\uff0c\u4ee5\u4e00\u5ea7\u6700\u521d\u5efa\u4e8e1749\u5e74\u81f31751\u5e74\u4e4b\u95f4\uff0c\u4f4d\u4e8e\u6ce2\u5c14\u5361\u4e9a\u5c71\u8c37\u7684\u6728\u5236\u6559\u5802\u4e3a\u4e2d\u5fc3\u3002\u8fd9\u5ea7\u6559\u5802\u66fe\u96b6\u5c5e\u4e8e\u4e00\u5ea7\u4fee\u9053\u9662\uff0c\u8be5\u4fee\u9053\u9662\u4e8e1733\u5e74\u7531\u62c9\u591a\u514b\u4e3b\u6559\u7c73\u8428\u4f0a\u5c14\u8d5e\u52a9\u5efa\u7acb\uff0c\u5728\u6700\u7ec8\u843d\u6237\u4e8e\u6b64\u4e4b\u524d\u66fe\u6613\u5730\u4e09\u6b21\u3002\u6559\u5802\u5723\u50cf\u5c4f\u4e0a\u7ed8\u6709\u4e00\u5c42\u521b\u4f5c\u4e8e1751\u5e74\u7684\u5723\u50cf\uff0c\u5c55\u73b0\u4e86\u5341\u516b\u4e16\u7eaa\u7279\u5170\u897f\u74e6\u5c3c\u4e9a\u5723\u50cf\u753b\u5bb6\u7684\u7cbe\u6e5b\u6280\u827a\u3002\u5982\u4eca\uff0c\u4fee\u9053\u9662\u5efa\u7b51\u7fa4\u4e0d\u4ec5\u70ed\u60c5\u597d\u5ba2\uff0c\u8fd8\u4e3a\u671d\u5723\u8005\u548c\u6e38\u5ba2\u63d0\u4f9b\u5728\u5b81\u9759\u7965\u548c\u7684\u73af\u5883\u4e2d\u53c2\u52a0\u65e5\u5e38\u793c\u62dc\u7684\u673a\u4f1a\u3002<\/p>\n<p>\u4ece\u4eba\u53e3\u7ed3\u6784\u6765\u770b\uff0c\u6851\u683c\u5965\u5c14\u65e5-\u62dc\u4f0a\u9547\u8fd1\u51e0\u5341\u5e74\u6765\u7ecf\u5386\u4e86\u5fae\u5999\u7684\u53d8\u5316\u30022002\u5e74\u7684\u4eba\u53e3\u666e\u67e5\u663e\u793a\uff0c97.8%\u7684\u4eba\u53e3\u4e3a\u7f57\u9a6c\u5c3c\u4e9a\u65cf\uff0c1.5%\u4e3a\u7f57\u59c6\u65cf\uff0c0.5%\u4e3a\u5308\u7259\u5229\u65cf\uff1b\u5b97\u6559\u4fe1\u4ef0\u65b9\u9762\uff0c73.1%\u4e3a\u7f57\u9a6c\u5c3c\u4e9a\u4e1c\u6b63\u6559\uff0c19.7%\u4e3a\u4e94\u65ec\u8282\u6d3e\uff0c5.9%\u4e3a\u5e0c\u814a\u5929\u4e3b\u6559\u3002\u52302021\u5e74\uff0c\u8be5\u9547\u7684\u79cd\u65cf\u6784\u6210\u4ecd\u7136\u4ee5\u7f57\u9a6c\u5c3c\u4e9a\u65cf\u4e3a\u4e3b\uff0c\u536090.82%\uff0c1.15%\u4e3a\u7f57\u59c6\u65cf\uff0c7.89%\u4e3a\u672a\u7533\u62a5\u5b97\u6559\u4fe1\u4ef0\u8005\uff1b\u5b97\u6559\u4fe1\u4ef0\u65b9\u9762\uff0c61.36%\u4e3a\u4e1c\u6b63\u6559\uff0c25.55%\u4e3a\u4e94\u65ec\u8282\u6d3e\uff0c4.07%\u4e3a\u5e0c\u814a\u5929\u4e3b\u6559\uff0c8.12%\u4e3a\u672a\u7533\u62a5\u5b97\u6559\u4fe1\u4ef0\u8005\u3002\u8fd9\u4e9b\u6570\u636e\u8868\u660e\uff0c\u8be5\u9547\u7684\u793e\u4f1a\u7ed3\u6784\u65e2\u4fdd\u6301\u4e86\u8fde\u7eed\u6027\uff0c\u53c8\u9010\u6e10\u5448\u73b0\u591a\u6837\u5316\uff0c\u540c\u65f6\uff0c\u968f\u7740\u65f6\u95f4\u7684\u63a8\u79fb\uff0c\u4e2a\u4eba\u8eab\u4efd\u8ba4\u540c\u4e5f\u7ecf\u5386\u4e86\u4e00\u5b9a\u7a0b\u5ea6\u7684\u91cd\u65b0\u8bc4\u4f30\u3002<\/p>\n<p>\u6851\u683c\u5965\u5c14\u65e5-\u62dc\u4f0a\u5468\u56f4\u7684\u751f\u6001\u73af\u5883\u63d0\u5347\u4e86\u5176\u4f5c\u4e3a\u7597\u517b\u80dc\u5730\u7684\u58f0\u8a89\u3002\u7f57\u5fb7\u7eb3\u5c71\u662f\u4e1c\u5580\u5c14\u5df4\u9621\u5c71\u8109\u6700\u5927\u7684\u5c71\u5cf0\uff0c\u5dcd\u5ce8\u8038\u7acb\u4e8e\u5c0f\u9547\u5317\u90e8\u8fb9\u7f18\u3002\u590f\u5b63\uff0c\u5c0f\u5f84\u873f\u8712\u7a7f\u8fc7\u91ce\u82b1\u76db\u5f00\u7684\u4e9a\u9ad8\u5c71\u8349\u7538\uff1b\u51ac\u5b63\uff0c\u767d\u96ea\u7691\u7691\u7684\u5c71\u5761\u5438\u5f15\u7740\u8d8a\u91ce\u6ed1\u96ea\u8005\u548c\u96ea\u978b\u5f92\u6b65\u7231\u597d\u8005\u3002\u9644\u8fd1\u7684\u7f57\u5fb7\u7eb3\u5c71\u56fd\u5bb6\u516c\u56ed\u4fdd\u62a4\u7740\u51b0\u5ddd\u51b0\u6597\u3001\u7279\u6709\u690d\u7269\u548c\u53d7\u4fdd\u62a4\u7684\u91ce\u751f\u52a8\u7269\uff0c\u63d0\u4f9b\u5e26\u5bfc\u6e38\u7684\u81ea\u7136\u6f2b\u6b65\u548c\u89e3\u8bf4\u9879\u76ee\u3002\u867d\u7136\u5ea6\u5047\u6751\u7684\u6838\u5fc3\u5b9a\u200b\u200b\u4f4d\u4ecd\u7136\u662f\u533b\u7597\uff0c\u4f46\u6bd7\u90bb\u7684\u8352\u91ce\u4e3a\u6237\u5916\u4f11\u95f2\u548c\u73af\u5883\u6559\u80b2\u63d0\u4f9b\u4e86\u5145\u8db3\u7684\u673a\u4f1a\u3002<\/p>\n<p>\u6851\u683c\u5965\u5c14\u65e5-\u62dc\u4f0a\u5728\u533a\u57df\u805a\u843d\u7f51\u7edc\u4e2d\u7684\u5730\u4f4d\u51f8\u663e\u4e86\u5176\u7ecf\u6d4e\u548c\u7269\u6d41\u7684\u91cd\u8981\u6027\u3002\u4e1c\u5317\u90e8\u5750\u843d\u7740\u4ee5\u6c11\u95f4\u5de5\u827a\u548c\u6797\u4e1a\u6d3b\u52a8\u95fb\u540d\u7684\u8fc8\u8036\u9c81\u9547\uff1b\u897f\u5357\u90e8\u7684\u4f0a\u5c14\u74e6\u7c73\u5361\u9547\u662f\u6a2a\u8de8\u4f0a\u5c14\u74e6\u6cb3\u8c37\u7684\u519c\u4e1a\u4e2d\u5fc3\u3002\u8fde\u63a5\u8fd9\u4e9b\u793e\u533a\u53ca\u5176\u4ed6\u793e\u533a\u7684DN17\/E58\u8d70\u5eca\u4fc3\u8fdb\u4e86\u6728\u6750\u3001\u4e73\u5236\u54c1\u548c\u624b\u5de5\u827a\u54c1\u7684\u8d38\u6613\uff0c\u540c\u65f6\u4e5f\u5438\u5f15\u7740\u6e38\u5ba2\u5728\u6851\u683c\u5965\u5c14\u65e5-\u62dc\u4f0a\u7a0d\u4f5c\u505c\u7559\uff0c\u4f11\u61a9\u517b\u751f\u3002\u56e0\u6b64\uff0c\u8fd9\u5ea7\u5c0f\u9547\u65e2\u662f\u5580\u5c14\u5df4\u9621\u5c71\u8109\u4e1c\u90e8\u4ea4\u901a\u7cfb\u7edf\u7684\u67a2\u7ebd\uff0c\u53c8\u662f\u4e00\u4e2a\u540d\u526f\u5176\u5b9e\u7684\u76ee\u7684\u5730\u3002<\/p>\n<p>\u6851\u683c\u5965\u5c14\u65e5-\u62dc\u4f0a\u7684\u5386\u53f2\u8bb0\u5f55\u63ed\u793a\u4e86\u5176\u5c42\u5c42\u9012\u8fdb\u7684\u5b9a\u5c45\u548c\u6cbb\u7406\u3002\u65e9\u671f\u5bf9\u201c\u5723\u4e54\u6cbb\u6d74\u573a\u201d\u7684\u63d0\u53ca\u8bc1\u660e\u4e86\u5f53\u5730\u4eba\u5728\u4e2d\u4e16\u7eaa\u65f6\u671f\u5c31\u5df2\u610f\u8bc6\u5230\u6e29\u6cc9\u7684\u5b58\u5728\uff0c\u5c3d\u7ba1\u6b63\u5f0f\u88ab\u8ba4\u53ef\u4e3a\u6e29\u6cc9\u5ea6\u5047\u80dc\u5730\u662f\u5728\u5341\u516b\u4e16\u7eaa\u672b\u5341\u4e5d\u4e16\u7eaa\u521d\u54c8\u5e03\u65af\u5821\u738b\u671d\u7edf\u6cbb\u65f6\u671f\u3002\u5965\u5308\u5e1d\u56fd\u5730\u56fe\u4e0a\u6807\u6ce8\u4e3a\u201c\u5965\u62c9\u8d6b\u5723\u6377\u5c14\u5409\u00b7\u5bcc\u5c14\u591a\u201d\uff08Ol\u00e1hszentgy\u00f6rgy f\u00fcrd\u0151\uff09\uff0c\u6807\u5fd7\u7740\u5b83\u662f\u4e00\u5ea7\u7687\u5bb6\u533b\u7597\u7ad9\u3002\u5927\u7f57\u9a6c\u5c3c\u4e9a\u5728\u4e24\u6b21\u4e16\u754c\u5927\u6218\u671f\u95f4\uff0c\u5bf9\u533b\u7597\u57fa\u7840\u8bbe\u65bd\u7684\u6295\u8d44\u6301\u7eed\u4e0d\u65ad\uff0c\u6700\u7ec8\u5f62\u6210\u4e86\u56fd\u8425\u7597\u517b\u9662\u3002\u793e\u4f1a\u4e3b\u4e49\u65f6\u671f\uff0c\u8bbe\u65bd\u8fdb\u4e00\u6b65\u6269\u5efa\uff0c\u5305\u62ec\u5efa\u9020\u4e86\u8d6b\u8d1d\u9152\u5e97\uff08Hebe Hotel\uff09\u5e76\u6269\u5efa\u4e86\u6cbb\u7597\u533a\u3002\u81ea20\u4e16\u7eaa90\u5e74\u4ee3\u4ee5\u6765\uff0c\u540e\u5171\u4ea7\u4e3b\u4e49\u53d1\u5c55\u91cd\u70b9\u662f\u5bbe\u9986\u79c1\u6709\u5316\u3001\u5386\u53f2\u5efa\u7b51\u4fee\u590d\u4ee5\u53ca\u7b26\u5408\u6b27\u6d32\u5065\u5eb7\u65c5\u6e38\u6807\u51c6\u3002<\/p>\n<p>\u5728\u6587\u5316\u65b9\u9762\uff0c\u8be5\u9547\u4fdd\u7559\u7740\u53cd\u6620\u7279\u5170\u897f\u74e6\u5c3c\u4e9a\u4e61\u6751\u98ce\u60c5\u7684\u4f20\u7edf\u8282\u5e86\u6d3b\u52a8\u3002\u5b97\u6559\u6e38\u884c\u662f\u4e3a\u4e86\u7eaa\u5ff5\u5b88\u62a4\u795e\u5723\u4eba\u7684\u8282\u65e5\uff0c\u5c24\u5176\u662f\u5723\u4e54\u6cbb\uff0c\u800c\u4e94\u65ec\u8282\u6d3e\u6559\u4f1a\u5219\u4f1a\u5728\u6625\u5b63\u548c\u590f\u5b63\u4e3e\u884c\u4e0d\u540c\u7684\u4eea\u5f0f\u3002\u6c11\u95f4\u97f3\u4e50\u548c\u821e\u8e48\u6d3b\u52a8\u5b9a\u671f\u590d\u5174\u5f53\u5730\u7684\u65cb\u5f8b\u4f20\u7edf\uff0c\u4e00\u5e74\u4e00\u5ea6\u7684\u624b\u5de5\u827a\u54c1\u96c6\u5e02\u5219\u5c55\u793a\u7740\u6728\u96d5\u3001\u523a\u7ee3\u548c\u7f16\u7ec7\u54c1\u3002\u8fd9\u4e9b\u4ee5\u5c71\u5ddd\u6cb3\u6d41\u4e3a\u80cc\u666f\u7684\u516c\u5171\u805a\u4f1a\uff0c\u5373\u4f7f\u5728\u8fce\u63a5\u5916\u56fd\u6e38\u5ba2\u7684\u540c\u65f6\uff0c\u4e5f\u5f3a\u5316\u4e86\u5f53\u5730\u7684\u7279\u8272\u3002<\/p>\n<p>\u4ea4\u901a\u4e92\u8054\u4e92\u901a\u4e0d\u65ad\u53d1\u5c55\uff0c\u4ee5\u652f\u6301\u516c\u5171\u548c\u79c1\u4eba\u51fa\u884c\u3002DN17\/E58 \u516c\u8def\u6cbf\u7ebf\u8bbe\u6709\u5b9a\u671f\u5df4\u58eb\u670d\u52a1\uff0c\u8fde\u63a5\u6851\u683c\u5965\u5c14\u65e5-\u62dc\u4f0a\u3001\u6bd4\u65af\u7279\u91cc\u5bdf\u3001\u82cf\u6070\u74e6\uff0c\u4ee5\u53ca\u66f4\u8fdc\u7684\u5df4\u4e9a\u9a6c\u96f7\u548c\u514b\u5362\u65e5-\u7eb3\u6ce2\u5361\u3002\u8fc7\u53bb\u5341\u5e74\u7684\u9053\u8def\u5347\u7ea7\u6539\u5584\u4e86\u5c71\u53e3\u7684\u5b89\u5168\u6027\uff0c\u800c\u81ea\u884c\u8f66\u9053\u7684\u5efa\u8bbe\u4e5f\u4e3a\u751f\u6001\u6e38\u5ba2\u63d0\u4f9b\u4e86\u4fbf\u5229\u3002\u6700\u8fd1\u7684\u706b\u8f66\u7ad9\u4f4d\u4e8e\u8bb7\u745f\u4e4c\u5fb7\u548c\u4f0a\u5c14\u74e6\u7c73\u5361\uff0c\u4ecd\u7136\u662f\u8d27\u8fd0\u548c\u5ba2\u8fd0\u5217\u8f66\u7684\u6d3b\u8dc3\u67a2\u7ebd\uff0c\u4e3a\u524d\u5f80\u6e29\u6cc9\u5ea6\u5047\u80dc\u5730\u63d0\u4f9b\u4e86\u95f4\u63a5\u7684\u94c1\u8def\u4ea4\u901a\u3002<\/p>\n<p>\u73af\u5883\u7ba1\u7406\u5df2\u5728\u5730\u65b9\u5f53\u5c40\u548c\u4fdd\u62a4\u673a\u6784\u4e2d\u65e5\u76ca\u53d7\u5230\u91cd\u89c6\u3002\u5bf9\u6cc9\u6c34\u4ea7\u91cf\u548c\u6c34\u8d28\u7684\u76d1\u6d4b\u786e\u4fdd\u7528\u4e8e\u6cbb\u7597\u7528\u9014\u7684\u5f00\u91c7\u91cf\u4e0d\u8d85\u8fc7\u81ea\u7136\u8865\u7ed9\u7387\u3002\u68ee\u6797\u7ba1\u7406\u8ba1\u5212\u5728\u65c5\u6e38\u57fa\u7840\u8bbe\u65bd\u4e0e\u6816\u606f\u5730\u4fdd\u62a4\u4e4b\u95f4\u53d6\u5f97\u5e73\u8861\uff0c\u5e02\u653f\u6cd5\u89c4\u5219\u8981\u6c42\u5728\u5ea6\u5047\u533a\u5185\u8bbe\u7acb\u7eff\u5730\u5e76\u8fdb\u884c\u5e9f\u6c34\u5904\u7406\u3002\u5b66\u6821\u7684\u6559\u80b2\u6d3b\u52a8\u5f3a\u8c03\u4e86\u8be5\u9547\u7684\u5730\u8d28\u9057\u4ea7\u548c\u53ef\u6301\u7eed\u65c5\u6e38\u5b9e\u8df5\u7684\u91cd\u8981\u6027\u3002<\/p>\n<p>\u6851\u683c\u5965\u5c14\u65e5-\u62dc\u4f0a\u7684\u7ecf\u6d4e\u6d3b\u52a8\u4e3b\u8981\u56f4\u7ed5\u5065\u5eb7\u65c5\u6e38\u3001\u9152\u5e97\u670d\u52a1\u53ca\u76f8\u5173\u5546\u4e1a\u3002\u6c34\u7597\u4e2d\u5fc3\u3001\u8bca\u6240\u548c\u5065\u5eb7\u4e2d\u5fc3\u96c7\u4f63\u4e86\u76f8\u5f53\u4e00\u90e8\u5206\u52b3\u52a8\u529b\uff0c\u800c\u9910\u5385\u3001\u5496\u5561\u9986\u548c\u96f6\u552e\u5e97\u5219\u6ee1\u8db3\u4e86\u6e38\u5ba2\u7684\u9700\u6c42\u3002\u519c\u4e1a\u548c\u5c0f\u89c4\u6a21\u6797\u4e1a\u7ecf\u8425\u5728\u79d1\u5c14\u8fc8\u4e9a\uff08Cormaia\uff09\u548c\u74e6\u83b1\u4e9a\u535a\u5e93\u56fe\u9c81\u4f0a\uff08Valea Borcutului\uff09\u7b49\u536b\u661f\u6751\u6301\u7eed\u8fdb\u884c\uff0c\u4e3a\u533a\u57df\u5e02\u573a\u751f\u4ea7\u4e73\u5236\u54c1\u3001\u8702\u871c\u548c\u6728\u6750\u3002\u533b\u7597\u670d\u52a1\u4e0e\u519c\u4e1a\u751f\u4ea7\u7684\u5171\u751f\u5173\u7cfb\u652f\u6491\u7740\u5f53\u5730\u7ecf\u6d4e\uff0c\u5e73\u8861\u4e86\u73b0\u4ee3\u5316\u8bbe\u65bd\u4e0e\u4f20\u7edf\u4ea7\u4e1a\u3002<\/p>\n<p>\u6851\u683c\u5965\u5c14\u65e5-\u62dc\u4f0a\u7684\u89c6\u89c9\u7279\u5f81\u878d\u5408\u4e86\u4e61\u571f\u5efa\u7b51\u4e0e\u4e8c\u5341\u4e16\u7eaa\u5efa\u7b51\u98ce\u683c\u3002\u9661\u5ced\u7684\u5761\u5c4b\u9876\u6728\u5c4b\u4e0e\u793e\u4f1a\u4e3b\u4e49\u65f6\u671f\u7684\u9152\u5e97\u5e76\u80a9\u800c\u7acb\uff0c\u800c\u65b0\u5efa\u7684\u522b\u5885\u5219\u91c7\u7528\u7b80\u7ea6\u5b9e\u7528\u7684\u8bbe\u8ba1\u3002\u57ce\u9547\u666f\u89c2\u987a\u7740\u6cb3\u6d41\u873f\u8712\u800c\u4e0a\uff0c\u516c\u5171\u7a7a\u95f4\u2014\u2014\u4f8b\u5982\u7d22\u59c6\u82cf\u5c14\u6ee8\u6d77\uff08Some\u0219ul Mare\uff09\u6cbf\u5cb8\u7684\u957f\u5eca\u2014\u2014\u4e3a\u4eba\u4eec\u63d0\u4f9b\u4e86\u5728\u67ab\u6811\u548c\u83e9\u63d0\u6811\u95f4\u60a0\u95f2\u6f2b\u6b65\u7684\u4f53\u9a8c\u3002\u8857\u9053\u6807\u8bc6\u548c\u4fe1\u606f\u724c\u4ec5\u4ee5\u7f57\u9a6c\u5c3c\u4e9a\u8bed\u663e\u793a\uff0c\u53cd\u6620\u51fa\u8be5\u5730\u533a\u7edd\u5927\u591a\u6570\u5c45\u6c11\u4e3a\u7f57\u9a6c\u5c3c\u4e9a\u4eba\uff0c\u4f46\u5076\u5c14\u4e5f\u4f1a\u6709\u53cc\u8bed\u8bf4\u660e\uff0c\u4ee5\u7eaa\u5ff5\u8be5\u5730\u533a\u7684\u5386\u53f2\u591a\u6837\u6027\u3002<\/p>\n<p>\u6851\u683c\u5965\u5c14\u65e5-\u62dc\u4f0a\u6e29\u6cc9\u4e2d\u5fc3\u4e0e\u514b\u5362\u65e5-\u7eb3\u6ce2\u5361\u548c\u5e03\u52a0\u52d2\u65af\u7279\u7684\u5927\u5b66\u533b\u9662\u5df2\u5f00\u59cb\u5f00\u5c55\u533b\u5b66\u7814\u7a76\u5408\u4f5c\u3002\u6e29\u6cc9\u7684\u77ff\u7269\u6210\u5206\u7814\u7a76\u4ecd\u5728\u7ee7\u7eed\uff0c\u5c24\u5176\u5173\u6ce8\u78b3\u9178\u6c22\u76d0\u3001\u9499\u548c\u9541\u79bb\u5b50\uff0c\u8fd9\u4e9b\u79bb\u5b50\u88ab\u8ba4\u4e3a\u4f1a\u5f71\u54cd\u4ee3\u8c22\u8fc7\u7a0b\u3002\u8bd5\u70b9\u9879\u76ee\u6b63\u5728\u63a2\u7d22\u4f7f\u7528\u83ab\u83f2\u5854\u6c14\u4f53\u8fdb\u884c\u5fc3\u8840\u7ba1\u5eb7\u590d\uff0c\u800c\u4e34\u5e8a\u8bd5\u9a8c\u5219\u8bc4\u4f30\u6c34\u7597\u548c\u7269\u7406\u7597\u6cd5\u76f8\u7ed3\u5408\u7684\u957f\u671f\u7597\u6548\u3002\u8fd9\u4e9b\u5408\u4f5c\u65e8\u5728\u5c06\u6851\u683c\u5965\u5c14\u65e5-\u62dc\u4f0a\u6e29\u6cc9\u4e2d\u5fc3\u7eb3\u5165\u6b27\u6d32\u6c34\u7597\u7814\u7a76\u4e2d\u5fc3\u7f51\u7edc\uff0c\u4ece\u800c\u63d0\u5347\u79d1\u5b66\u53ef\u4fe1\u5ea6\u548c\u6cbb\u7597\u6548\u679c\u3002<\/p>\n<p>\u6bd4\u65af\u7279\u91cc\u5bdf-\u8bb7\u745f\u4e4c\u5fb7\u53bf\u7684\u804c\u4e1a\u5b66\u6821\u4e3a\u5ea6\u5047\u533a\u7684\u6559\u80b2\u548c\u57f9\u8bad\u63d0\u4f9b\u652f\u6301\u3002\u9152\u5e97\u7ba1\u7406\u3001\u7406\u7597\u548c\u6c34\u7597\u8bfe\u7a0b\u4e3a\u6851\u683c\u5965\u5c14\u65e5-\u62dc\u4f0a\u7684\u9152\u5e97\u548c\u8bca\u6240\u6bd5\u4e1a\u751f\u63d0\u4f9b\u5c31\u4e1a\u652f\u6301\u3002\u6301\u7eed\u7684\u4e13\u4e1a\u53d1\u5c55\u7814\u8ba8\u4f1a\u901a\u5e38\u5728\u5f53\u5730\u6cbb\u7597\u4e2d\u5fc3\u4e3e\u884c\uff0c\u4e3a\u4ece\u4e1a\u4eba\u5458\u63d0\u4f9b\u6700\u65b0\u7684\u6c34\u7597\u548c\u547c\u5438\u62a4\u7406\u6280\u672f\u3002\u8fd9\u4e9b\u6559\u80b2\u8054\u7cfb\u5de9\u56fa\u4e86\u8be5\u9547\u4f5c\u4e3a\u7597\u517b\u80dc\u5730\u548c\u4e13\u4e1a\u77e5\u8bc6\u4e2d\u5fc3\u7684\u5730\u4f4d\u3002<\/p>\n<p>\u6851\u683c\u65e5-\u62dc\u4f0a\uff08S\u00e2ngeorz-B\u0103i\uff09\u7684\u6587\u5316\u3001\u81ea\u7136\u4e0e\u533b\u5b66\u7684\u4ea4\u878d\uff0c\u4f53\u73b0\u4e86\u4f17\u591a\u4e2d\u6b27\u548c\u4e1c\u6b27\u5c71\u533a\u5ea6\u5047\u80dc\u5730\u6240\u79c9\u6301\u7684\u4ef7\u503c\u89c2\u3002\u5c0f\u9547\u7684\u7279\u8272\u6e90\u4e8e\u5176\u6c34\u6e90\uff0c\u5e76\u901a\u8fc7\u68ee\u6797\u3001\u5efa\u7b51\u548c\u5f53\u5730\u5c45\u6c11\u5f97\u4ee5\u5145\u5206\u5c55\u73b0\u3002\u79d1\u5c14\u8fc8\u4e9a\uff08Cormaia\uff09\u5386\u53f2\u60a0\u4e45\u7684\u6559\u5802\u548c\u5ea6\u5047\u516c\u56ed\u5185\u7684\u5927\u7406\u77f3\u96d5\u50cf\uff0c\u662f\u65f6\u4ee3\u53d8\u8fc1\u7684\u89c1\u8bc1\uff0c\u89c1\u8bc1\u4e86\u4ece\u54c8\u5e03\u65af\u5821\u738b\u671d\u7684\u5e87\u62a4\u5230\u793e\u4f1a\u4e3b\u4e49\u6269\u5f20\uff0c\u518d\u5230\u5f53\u4ee3\u7684\u79c1\u6709\u5316\u3002\u5728\u8fd9\u4e9b\u53d8\u8fc1\u4e2d\uff0c\u6cc9\u6c34\u59cb\u7ec8\u5982\u4e00\uff0c\u968f\u65f6\u51c6\u5907\u6ecb\u517b\u90a3\u4e9b\u5bfb\u6c42\u6170\u85c9\u3001\u91cd\u751f\u548c\u4f11\u61a9\u7684\u4eba\u4eec\u3002<\/p>\n<p>\u6851\u683c\u65e5-\u62dc\u4f0a\u575a\u6301\u4e25\u683c\u7684\u73af\u5883\u6807\u51c6\uff0c\u4fc3\u8fdb\u7814\u7a76\u5408\u4f5c\uff0c\u5e76\u4f20\u627f\u5176\u6587\u5316\u4f20\u7edf\uff0c\u5728\u4e0d\u65ad\u53d1\u5c55\u7684\u540c\u65f6\uff0c\u4e5f\u4fdd\u7559\u4e86\u4e24\u4e2a\u591a\u4e16\u7eaa\u524d\u5960\u5b9a\u5176\u8f89\u714c\u5730\u4f4d\u7684\u7279\u8d28\u3002\u5c0f\u9547\u7684\u68ee\u6797\u548c\u6cb3\u6d41\u4e3a\u751f\u6001\u7814\u7a76\u63d0\u4f9b\u4e86\u9c9c\u6d3b\u7684\u5b9e\u9a8c\u5ba4\uff0c\u5176\u6cbb\u7597\u8bbe\u65bd\u582a\u79f0\u7efc\u5408\u7597\u6cd5\u7684\u5178\u8303\uff0c\u5176\u793e\u533a\u66f4\u662f\u5f53\u5730\u60a0\u4e45\u6587\u5316\u9057\u4ea7\u7684\u89c1\u8bc1\u3002\u6e38\u5ba2\u4eec\u6765\u6b64\u5bfb\u6c42\u7597\u6108\uff0c\u79bb\u5f00\u65f6\uff0c\u5374\u5bf9\u8fd9\u91cc\u7559\u4e0b\u4e86\u4eba\u7c7b\u667a\u6167\u4e0e\u81ea\u7136\u7980\u8d4b\u548c\u8c10\u5171\u5b58\u7684\u5370\u8c61\u3002<\/p>\n<p>\u5f52\u6839\u7ed3\u5e95\uff0c\u6851\u683c\u5965\u5c14\u65e5-\u62dc\u4f0a\u662f\u7279\u5170\u897f\u74e6\u5c3c\u4e9a\u6e29\u6cc9\u5ea6\u5047\u80dc\u5730\u7684\u5178\u8303\u3002\u5b83\u4f4d\u4e8e\u7f57\u5fb7\u7eb3\u5c71\u8109\u811a\u4e0b\u7684\u5730\u7406\u4f4d\u7f6e\u3001\u79d1\u5c14\u8fc8\u4e9a\u6751\u548c\u74e6\u83b1\u4e9a\u535a\u5e93\u56fe\u9c81\u4f0a\u6751\u7684\u884c\u653f\u7ba1\u7406\u3001\u5341\u5904\u77ff\u6cc9\u6c34\u7f51\u7edc\u4ee5\u53ca\u5b8c\u5584\u7684\u6cbb\u7597\u57fa\u7840\u8bbe\u65bd\uff0c\u6784\u6210\u4e86\u4e00\u4e2a\u7d27\u5bc6\u7684\u6574\u4f53\u3002\u8be5\u9547\u7684\u4eba\u53e3\u8d8b\u52bf\u3001\u6559\u4f1a\u9057\u5740\u3001\u827a\u672f\u573a\u6240\u548c\u6559\u80b2\u9879\u76ee\u5f3a\u5316\u4e86\u5176\u6301\u7eed\u66f4\u65b0\u7684\u53d9\u4e8b\u3002\u6851\u683c\u5965\u5c14\u65e5-\u62dc\u4f0a\u65e2\u662f\u533b\u7597\u8d44\u6e90\u4e30\u5bcc\u7684\u5730\u533a\uff0c\u4e5f\u662f\u4e00\u90e8\u9c9c\u6d3b\u7684\u533a\u57df\u5386\u53f2\u7f16\u5e74\u53f2\uff0c\u81f4\u529b\u4e8e\u5728\u5065\u5eb7\u548c\u6587\u5316\u9057\u4ea7\u65b9\u9762\u670d\u52a1\u5b50\u5b59\u540e\u4ee3\u3002<\/p>","protected":false},"excerpt":{"rendered":"<p>\u6851\u683c\u5965\u5c14\u65e5-\u62dc\u4f0a\uff08S\u00e2ngeorz-B\u0103i\uff09\u662f\u7f57\u9a6c\u5c3c\u4e9a\u7279\u5170\u897f\u74e6\u5c3c\u4e9a\u5730\u533a\u6bd4\u65af\u7279\u91cc\u5bdf-\u8bb7\u745f\u4e4c\u5fb7\u53bf\uff08Bistri\u021ba-N\u0103s\u0103ud\uff09\u98ce\u666f\u79c0\u4e3d\u7684\u5c71\u533a\uff0c\u662f\u4e00\u5ea7\u8ff7\u4eba\u7684\u6e29\u6cc9\u5ea6\u5047\u80dc\u5730\u548c\u5c0f\u9547\u3002\u8fd9\u5ea7\u5c0f\u9547\u517c\u5177\u81ea\u7136\u7f8e\u666f\u548c\u7597\u517b\u80dc\u5730\uff0c\u4e3a\u5f53\u5730\u5c45\u6c11\u589e\u6dfb\u4e86\u4e30\u5bcc\u7684\u7f57\u9a6c\u5c3c\u4e9a\u6587\u5316\u3002\u8fd9\u5ea7\u5c0f\u9547\u901a\u5e38\u62fc\u5199\u4e3a\u201cS\u00eengeorz-B\u0103i\u201d\uff0c\u5176\u5386\u53f2\u6e0a\u6e90\u53ef\u8ffd\u6eaf\u5230\u5176\u53cc\u8bed\u540d\u79f0\uff1a\u5308\u7259\u5229\u8bed\u4e3a\u201cOl\u00e1hszentgy\u00f6rgy\u201d\uff0c\u5fb7\u8bed\u4e3a\u201cSankt Georgen\u201d\u3002<\/p>","protected":false},"author":1,"featured_media":17531,"parent":11908,"menu_order":0,"comment_status":"closed","ping_status":"closed","template":"elementor_theme","meta":{"_eb_attr":"","footnotes":""},"class_list":["post-17077","page","type-page","status-publish","has-post-thumbnail"],"_links":{"self":[{"href":"https:\/\/travelshelper.com\/zh\/wp-json\/wp\/v2\/pages\/17077","targetHints":{"allow":["GET"]}}],"collection":[{"href":"https:\/\/travelshelper.com\/zh\/wp-json\/wp\/v2\/pages"}],"about":[{"href":"https:\/\/travelshelper.com\/zh\/wp-json\/wp\/v2\/types\/page"}],"author":[{"embeddable":true,"href":"https:\/\/travelshelper.com\/zh\/wp-json\/wp\/v2\/users\/1"}],"replies":[{"embeddable":true,"href":"https:\/\/travelshelper.com\/zh\/wp-json\/wp\/v2\/comments?post=17077"}],"version-history":[{"count":0,"href":"https:\/\/travelshelper.com\/zh\/wp-json\/wp\/v2\/pages\/17077\/revisions"}],"up":[{"embeddable":true,"href":"https:\/\/travelshelper.com\/zh\/wp-json\/wp\/v2\/pages\/11908"}],"wp:featuredmedia":[{"embeddable":true,"href":"https:\/\/travelshelper.com\/zh\/wp-json\/wp\/v2\/media\/17531"}],"wp:attachment":[{"href":"https:\/\/travelshelper.com\/zh\/wp-json\/wp\/v2\/media?parent=17077"}],"curies":[{"name":"wp","href":"https:\/\/api.w.org\/{rel}","templated":true}]}}