{"id":17059,"date":"2024-09-25T13:41:06","date_gmt":"2024-09-25T13:41:06","guid":{"rendered":"https:\/\/travelshelper.com\/staging\/?page_id=17059"},"modified":"2026-03-12T21:14:58","modified_gmt":"2026-03-12T21:14:58","slug":"%e6%b2%83%e4%bc%8a%e5%86%85%e9%98%bf%e8%90%a8","status":"publish","type":"page","link":"https:\/\/travelshelper.com\/zh\/destinations\/europe\/romania\/voineasa\/","title":{"rendered":"\u6c83\u4f0a\u5185\u963f\u8428"},"content":{"rendered":"<p>\u6c83\u4f0a\u5185\u4e9a\u8428\u4f4d\u4e8e\u7f57\u9a6c\u5c3c\u4e9a\u6c83\u5c14\u6070\u53bf\uff0c\u6a2a\u8de8\u7279\u5170\u897f\u74e6\u5c3c\u4e9a\u548c\u5965\u5c14\u7279\u5c3c\u4e9a\u4e4b\u95f4\u7ecf\u5e38\u88ab\u5ffd\u89c6\u7684\u8fb9\u754c\u3002\u6c83\u4f0a\u5185\u4e9a\u8428\u662f\u6d1b\u7279\u9c81\u6cb3\u8c37\u7684\u4e00\u4e2a\u5c0f\u6751\u5e84\u7fa4\uff0c\u6d77\u62d4600\u81f3800\u7c73\u30022021\u5e74\u4eba\u53e3\u666e\u67e5\u8bb0\u5f55\u7684\u5e38\u4f4f\u4eba\u53e3\u4e3a1224\u4eba\uff0c\u4f4e\u4e8e\u5341\u5e74\u524d\u76841455\u4eba\u3002\u8be5\u516c\u793e\u7531\u4e09\u4e2a\u6751\u5e84\u7ec4\u6210\u2014\u2014\u74e6\u83b1\u4e9a\u00b7\u9ed8\u5207\u8212\u9c81\u4f0a\uff08Valea M\u0103ce\u015fului\uff09\u3001\u6c83\u4f0a\u5185\u4e9a\u8428\u672c\u6751\uff08Voineasa\uff09\u548c\u6c83\u4f0a\u5185\u5e0c\u5854\uff08Voine\u015fi\u0163a\uff09\u3002\u8be5\u5730\u533a\u4ee5\u9488\u53f6\u6797\u8986\u76d6\u7684\u5c71\u5761\u3001\u6e05\u6f88\u7684\u6eaa\u6d41\u548c\u73af\u7ed5\u6d1b\u7279\u9c81\u5c71\u8109\u7684\u6c14\u5019\u4e3a\u7279\u8272\u3002\u6c83\u4f0a\u5185\u4e9a\u8428\uff08Voineasa\uff09\u662f\u4e00\u4e2a\u65e9\u57281496\u5e748\u67081\u65e5\u5c31\u5df2\u8bb0\u5f55\u7684\u5b9a\u5c45\u70b9\uff0c\u5b83\u4f4d\u4e8e\u5c71\u5185\u6d3c\u5730\uff0c\u590f\u5b63\u51c9\u723d\uff0c\u4e03\u6708\u5e73\u5747\u6c14\u6e2914\u00b0C\uff0c\u51ac\u5b63\u4e00\u6708\u5e73\u5747\u6c14\u6e29-7\u00b0C\uff0c\u5e74\u964d\u6c34\u91cf\u63a5\u8fd1800\u6beb\u7c73\u3002\u9ad8\u6d77\u62d4\u3001\u7eaf\u51c0\u7684\u7a7a\u6c14\u548c\u7535\u79bb\u5927\u6c14\u7684\u7ed3\u5408\uff0c\u4f7f\u8fd9\u91cc\u957f\u671f\u4ee5\u6765\u6210\u4e3a\u5907\u53d7\u9752\u7750\u7684\u6c14\u5019\u5ea6\u5047\u80dc\u5730\uff0c\u81f3\u4eca\u4ecd\u4fdd\u6301\u7740\u60ca\u4eba\u7684\u4e00\u81f4\u6027\u3002<\/p>\n<p>\u521d\u5165\u9547\u4e2d\u5fc3\uff0c\u4fbf\u4f1a\u611f\u53d7\u5230\u4e00\u79cd\u4e95\u7136\u6709\u5e8f\u7684\u5b81\u9759\u3002\u8857\u9053\u7f13\u7f13\u5411\u4e0b\u5ef6\u4f38\u81f3\u6cb3\u7554\uff0c\u4eba\u884c\u9053\u4e24\u65c1\u662f\u6734\u7d20\u7684\u522b\u5885\uff0c\u5176\u5916\u5899\u4f53\u73b0\u4e86\u73b0\u4ee3\u4e0e\u590d\u53e4\u7684\u5efa\u7b51\u98ce\u683c\u3002\u5360\u4e3b\u5bfc\u5730\u4f4d\u7684\u6cbb\u7597\u4e2d\u5fc3\uff0c\u5176\u4fa7\u7ffc\u6cbf\u7740\u4e3b\u5e72\u9053\u7684\u4e00\u4fa7\u5ef6\u4f38\uff0c\u5176\u5386\u53f2\u53ef\u4ee5\u8ffd\u6eaf\u5230\u5171\u4ea7\u4e3b\u4e49\u65f6\u4ee3\u6c83\u4f0a\u5185\u4e9a\u8428\uff08Voineasa\uff09\u6539\u5efa\u4e3a\u6e29\u6cc9\u5ea6\u5047\u80dc\u5730\u7684\u65f6\u671f\u3002\u8fd9\u5ea7\u524d\u536b\u7684\u5efa\u7b51\u65e8\u5728\u5bb9\u7eb3\u5927\u91cf\u5ba2\u4eba\uff0c\u81f3\u4eca\u4ecd\u662f\u533b\u7597\u65c5\u6e38\u4e1a\u7684\u7126\u70b9\uff0c\u8be5\u884c\u4e1a\u4fa7\u91cd\u4e8e\u547c\u5438\u548c\u808c\u8089\u9aa8\u9abc\u6cbb\u7597\u3001\u795e\u7ecf\u7cfb\u7edf\u5eb7\u590d\u4ee5\u53ca\u7ee7\u53d1\u6027\u8d2b\u8840\u7684\u5eb7\u590d\u3002\u5728\u6cbb\u7597\u4e2d\u5fc3\u5185\uff0c\u6e38\u5ba2\u53ef\u4ee5\u8fdb\u5165\u914d\u5907\u6700\u65b0\u7535\u7597\u3001\u6309\u6469\u3001\u6d74\u7597\u548c\u6c14\u96fe\u5438\u5165\u6280\u672f\u7684\u6cbb\u7597\u5ba4\uff0c\u6240\u6709\u6cbb\u7597\u5747\u7531\u7cbe\u901a\u7ecf\u5178\u6b27\u6d32\u7597\u6cd5\u548c\u7f57\u9a6c\u5c3c\u4e9a\u536b\u751f\u5f53\u5c40\u89c4\u5b9a\u7684\u89c4\u7a0b\u7684\u4ece\u4e1a\u4eba\u5458\u8fdb\u884c\u3002<\/p>\n<p>\u9664\u4e86\u4e34\u5e8a\u73af\u5883\uff0c\u4f4f\u5bbf\u9009\u62e9\u4e5f\u66f4\u52a0\u4e30\u5bcc\uff0c\u5305\u62ec\u4e00\u7cfb\u5217\u79c1\u4eba\u9152\u5e97\u548c\u5bbe\u9986\u3002\u5b83\u4eec\u7684\u5ba4\u5185\u8bbe\u8ba1\u98ce\u683c\u5404\u5f02\uff0c\u4ece\u8ba9\u5bbe\u5ba2\u4e13\u6ce8\u4e8e\u5468\u56f4\u6797\u5730\u7684\u6734\u7d20\u6781\u7b80\u4e3b\u4e49\uff0c\u5230\u88c5\u9970\u7740\u7eba\u7ec7\u54c1\u548c\u827a\u672f\u54c1\u3001\u4f53\u73b0\u5965\u5c14\u7279\u5c3c\u4e9a\u6c11\u95f4\u4f20\u7edf\u7684\u6e29\u99a8\u7a7a\u95f4\uff0c\u5e94\u6709\u5c3d\u6709\u3002\u6bcf\u5bb6\u9152\u5e97\u90fd\u4e0e\u5f53\u5730\u6587\u5316\u9057\u4ea7\u8fdb\u884c\u7740\u6709\u610f\u8bc6\u7684\u5bf9\u8bdd\uff0c\u5c06\u5f53\u5730\u7279\u8272\u878d\u5165\u5ba4\u5185\u88c5\u6f62\u56fe\u6848\u3001\u5899\u9762\u914d\u8272\u65b9\u6848\u548c\u516c\u5171\u4f11\u606f\u533a\u3002\u5c3d\u7ba1\u88c5\u9970\u7e41\u590d\uff0c\u4f46\u65e0\u8bba\u662f\u6c34\u7597\u4e2d\u5fc3\u8fd8\u662f\u72ec\u7acb\u4f4f\u5bbf\uff0c\u90fd\u4e1d\u6beb\u6ca1\u6709\u727a\u7272\u5b9e\u7528\u6027\uff1a\u5ba2\u623f\u5728\u7a7a\u95f4\u3001\u81ea\u7136\u91c7\u5149\u548c\u901a\u98ce\u65b9\u9762\u90fd\u9075\u5faa\u7740\u4e25\u683c\u7684\u6807\u51c6\uff0c\u516c\u5171\u533a\u57df\u7684\u5e03\u7f6e\u4e5f\u6ce8\u91cd\u793e\u4ea4\u4e92\u52a8\uff0c\u800c\u975e\u5546\u4e1a\u5ea6\u5047\u6751\u5e38\u89c1\u7684\u6d6e\u5938\u4f5c\u98ce\u3002<\/p>\n<p>\u6c83\u4f0a\u5185\u8428\u7597\u517b\u6c14\u5019\u7684\u9b45\u529b\u4e0e\u73af\u7ed5\u5c71\u8c37\u7684\u8302\u5bc6\u6797\u5730\u5bc6\u4e0d\u53ef\u5206\u3002\u677e\u6811\u3001\u51b7\u6749\u548c\u4e91\u6749\u6797\u7ef5\u5ef6\u4e0d\u7edd\u5730\u5ef6\u4f38\u81f3\u5c71\u5761\uff0c\u5b83\u4eec\u7684\u9488\u53f6\u91ca\u653e\u51fa\u8d1f\u79bb\u5b50\uff0c\u7814\u7a76\u8868\u660e\uff0c\u8fd9\u79cd\u8d1f\u79bb\u5b50\u6709\u52a9\u4e8e\u63d0\u9ad8\u601d\u7ef4\u6e05\u6670\u5ea6\u548c\u6539\u5584\u60c5\u7eea\u3002\u5236\u56fe\u5e08\u5c06\u5468\u8fb9\u73af\u5883\u6807\u8bc6\u4e3a\u62c9\u6258\u91cc\u5854\u81ea\u7136\u4fdd\u62a4\u533a\u7684\u4e00\u90e8\u5206\uff0c\u8fd9\u662f\u4e00\u4e2a\u53d7\u4fdd\u62a4\u7684\u68ee\u6797\u751f\u6001\u7cfb\u7edf\uff0c\u4ee5\u539f\u59cb\u5c71\u6bdb\u6989\u6797\u4e0e\u82b1\u6978\u548c\u675c\u677e\u6797\u70b9\u7f00\u5176\u95f4\u800c\u8457\u79f0\u3002\u4e16\u4e16\u4ee3\u4ee3\u7684\u7267\u7f8a\u4eba\u548c\u4f10\u6728\u5de5\u4eba\u5f00\u8f9f\u7684\u5c0f\u5f84\u873f\u8712\u7a7f\u8fc7\u8fd9\u7247\u5e7f\u9614\u7684\u68ee\u6797\uff0c\u6cbf\u9014\u53ef\u89c1\u5f53\u5730\u7279\u6709\u7684\u690d\u7269\u2014\u2014\u675c\u9e43\u82b1\u3001\u51ac\u9752\u548c\u73cd\u7a00\u5170\u82b1\u2014\u2014\u4e5f\u4e3a\u5728\u53d7\u8fc7\u5f53\u5730\u690d\u7269\u5b66\u548c\u5730\u8d28\u5b66\u57f9\u8bad\u7684\u5bfc\u6e38\u7684\u5e26\u9886\u4e0b\u8fdb\u884c\u6062\u590d\u6027\u5f92\u6b65\u63d0\u4f9b\u4e86\u826f\u597d\u7684\u73af\u5883\u3002<\/p>\n<p>\u8fd9\u4e9b\u5c0f\u5f84\u4e5f\u901a\u5f80\u6d1b\u7279\u9c81\u7011\u5e03\uff08Lotru Waterfalls\uff09\uff0c\u7011\u5e03\u7fa4\u7684\u9ad8\u5ea6\u548c\u6c34\u91cf\u968f\u5b63\u8282\u53d8\u5316\uff0c\u4f46\u59cb\u7ec8\u4fdd\u6301\u7740\u4ee4\u4eba\u53f9\u4e3a\u89c2\u6b62\u7684\u6c14\u52bf\u3002\u6625\u5b63\uff0c\u878d\u6c34\u5954\u817e\u5728\u57fa\u5ca9\u4e0a\u51b2\u5237\u51fa\u4e34\u65f6\u6c34\u9053\uff0c\u6df1\u79cb\u7684\u7011\u5e03\u5219\u6c34\u6d41\u7a33\u5b9a\uff0c\u6c34\u82b1\u5728\u4f4e\u5782\u7684\u9633\u5149\u4e0b\uff0c\u5728\u6bcf\u4e00\u6ef4\u6c34\u7684\u5e95\u90e8\u5f62\u6210\u5f69\u8679\u3002\u7011\u5e03\u867d\u7136\u4f4d\u7f6e\u504f\u8fdc\uff0c\u4f46\u53ef\u4ee5\u901a\u8fc7\u4e00\u6761\u4ece\u4e3b\u8def\u5c94\u5f00\u7684\u788e\u77f3\u8def\u5230\u8fbe\uff1b\u8fd9\u6bb5\u65c5\u7a0b\u5c55\u73b0\u4e86\u6c83\u4f0a\u5185\u8428\uff08Voineasa\uff09\u517c\u5177\u4e1a\u4f59\u535a\u7269\u5b66\u5bb6\u548c\u7ecf\u9a8c\u4e30\u5bcc\u7684\u5f92\u6b65\u8005\u7684\u5305\u5bb9\u6027\u3002\u6cbf\u9014\uff0c\u5f53\u5730\u653f\u5e9c\u8bbe\u7f6e\u7684\u4fe1\u606f\u724c\u4ecb\u7ecd\u4e86\u4e3b\u8981\u666f\u70b9\uff0c\u4f46\u53c8\u4e0d\u4f1a\u6253\u6270\u5468\u56f4\u7684\u5b81\u9759\uff1b\u7528\u539f\u6728\u548c\u77f3\u5934\u642d\u5efa\u7684\u5b9a\u671f\u4f11\u606f\u5e73\u53f0\uff0c\u5219\u5f15\u5bfc\u4eba\u4eec\u6c89\u601d\u5c71\u8c37\u7684\u5730\u8c8c\u3002<\/p>\n<p>\u8ddd\u79bb\u6c34\u5e93\u7ea6\u4e8c\u5341\u4e94\u516c\u91cc\u5904\u5750\u843d\u7740\u7ef4\u5fb7\u62c9\u6c34\u5e93\uff0c\u8fd9\u7247\u5e7f\u9614\u7684\u6c34\u57df\u7531\u7f57\u9a6c\u5c3c\u4e9a\u6700\u5927\u7684\u6c34\u529b\u53d1\u7535\u7ad9\u4e4b\u4e00\u84c4\u6c34\u3002\u8fd9\u5ea7\u6c34\u575d\u5efa\u4e8e1965\u5e74\u81f31972\u5e74\u95f4\uff0c\u5c06\u6d1b\u7279\u9c81\u6cb3\u66fe\u7ecf\u8352\u51c9\u7684\u6cb3\u6bb5\u53d8\u6210\u4e86\u4e00\u4e2a\u6e56\u6cca\uff0c\u6ee1\u8d1f\u8377\u8fd0\u8f6c\u65f6\u6c34\u9762\u9762\u79ef\u63a5\u8fd1\u5341\u56db\u5e73\u65b9\u516c\u91cc\u3002\u4ece\u6c83\u4f0a\u5185\u4e9a\u8428\u51fa\u53d1\uff0c\u4e00\u6761\u873f\u8712\u7684\u9053\u8def\u873f\u8712\u800c\u4e0a\uff0c\u76f4\u62b5\u6c34\u575d\u9876\uff0c\u6cbf\u9014\u7684\u9488\u53f6\u6797\u968f\u7740\u5761\u5ea6\u7684\u589e\u52a0\u800c\u9010\u6e10\u7a00\u758f\uff0c\u51c9\u723d\u7684\u7a7a\u6c14\u6c47\u805a\u5728\u9760\u8fd1\u9876\u5cf0\u7684\u6d3c\u5730\u4e2d\u3002\u767b\u4e0a\u5824\u575d\uff0c\u6e38\u5ba2\u4eec\u53ef\u4ee5\u9971\u89c8\u6c34\u5e93\u5e73\u9759\u7684\u666f\u8c61\uff0c\u6c34\u5e93\u8fb9\u7f18\u7684\u5c71\u5cf0\u5e38\u5e38\u79ef\u96ea\u4e0d\u5316\uff0c\u76f4\u5230\u6625\u672b\u624d\u7ed3\u51fa\u7d2f\u7d2f\u7684\u679c\u5b9e\u3002\u8fd9\u91cc\u4e5f\u662f\u524d\u5f80 Ciunget \u6c34\u7535\u7ad9\u4e00\u65e5\u6e38\u7684\u51fa\u53d1\u70b9\uff0c\u5728\u5bfc\u6e38\u7684\u8bb2\u89e3\u4e0b\uff0c\u6c34\u7535\u7ad9\u7684\u6da1\u8f6e\u673a\u3001\u538b\u529b\u6c34\u7ba1\u548c\u751f\u6001\u4fdd\u62a4\u63aa\u65bd\u5c06\u5f97\u5230\u8bb2\u89e3\uff0c\u6b64\u5916\uff0c\u8fd9\u91cc\u8fd8\u53ef\u4ee5\u524d\u5f80\u66f4\u4e3a\u50fb\u9759\u7684 Vidra Mountain Chalet\uff0c\u8fd9\u662f\u4e00\u5904\u4e3a\u8ba1\u5212\u5728 F\u0103g\u0103ra\u015f \u5c71\u8109\u8fdb\u884c\u591a\u65e5\u63a2\u9669\u7684\u767b\u5c71\u8005\u63d0\u4f9b\u7684\u907f\u96be\u6240\u3002<\/p>\n<p>\u9cdf\u9c7c\u5782\u9493\u662f\u6c83\u4f0a\u5185\u8428\u7684\u53e6\u4e00\u5927\u9b45\u529b\uff0c\u5f53\u5730\u4eba\u548c\u6301\u8bc1\u5782\u9493\u8005\u90fd\u5728\u6d1b\u7279\u9c81\u6cb3\u53ca\u5176\u652f\u6d41\u8fdb\u884c\u5782\u9493\u3002\u6cb3\u6c34\u6e05\u6f88\u5bcc\u6c27\uff0c\u4e3a\u8910\u9cdf\u548c\u8679\u9cdf\u63d0\u4f9b\u4e86\u4e30\u5bcc\u7684\u6816\u606f\u5730\uff0c\u8fd9\u4e9b\u9c7c\u79cd\u5728\u5bd2\u51b7\u6e4d\u6025\u7684\u6eaa\u6d41\u4e2d\u7e41\u884d\u751f\u606f\u3002\u65e0\u9700\u673a\u68b0\u8f85\u52a9\u5373\u53ef\u5230\u8fbe\u6e14\u573a\uff0c\u800c\u516c\u793e\u7684\u73af\u5883\u6cd5\u89c4\u4e5f\u5f3a\u5236\u8981\u6c42\u91c7\u7528\u201c\u9493\u653e\u6d41\u201d\u7684\u65b9\u5f0f\uff0c\u4ee5\u7ef4\u6301\u9c7c\u7fa4\u6570\u91cf\u3002\u5bf9\u4e8e\u559c\u6b22\u7cfb\u7edf\u5316\u5782\u9493\u65b9\u5f0f\u7684\u6e38\u5ba2\uff0c\u5f53\u5730\u5782\u9493\u4ff1\u4e50\u90e8\u63d0\u4f9b\u8bbe\u5907\u79df\u8d41\u3001\u98de\u9493\u6280\u5de7\u6307\u5bfc\u4ee5\u53ca\u5b63\u8282\u6027\u6eaa\u6d41\u751f\u6001\u7814\u8ba8\u4f1a\u3002\u8fd9\u4e9b\u4e3e\u63aa\u5f3a\u5316\u4e86\u6c83\u4f0a\u5185\u8428\u5bf9\u81ea\u7136\u4fdd\u62a4\u548c\u4f11\u95f2\u5a31\u4e50\u540c\u7b49\u91cd\u89c6\u7684\u5370\u8c61\uff0c\u786e\u4fdd\u516c\u793e\u7684\u201crybarys\u201d\uff08\u6751\u91cc\u6e14\u6c11\u7684\u4e16\u88ad\u79f0\u8c13\uff09\u80fd\u591f\u4e0e\u81ea\u7136\u5faa\u73af\u548c\u8c10\u5171\u5b58\u3002<\/p>\n<p>\u6e29\u548c\u7684\u6c14\u5019\u5c55\u73b0\u4e86\u6c83\u4f0a\u5185\u4e9a\u8428\u7684\u9b45\u529b\uff0c\u800c\u51ac\u5b63\uff0cTransalpina \u6ed1\u96ea\u573a\u9879\u76ee\u5219\u5c06\u6c83\u4f0a\u5185\u4e9a\u8428\u53d8\u6210\u4e86\u9ad8\u5c71\u8fd0\u52a8\u7684\u4e2d\u5fc3\u3002\u8be5\u9879\u76ee\u4f4d\u4e8e\u6c83\u4f0a\u5185\u4e9a\u8428\u6b63\u5317\u7684\u5c71\u5761\u4e0a\uff0c\u7531\u4e24\u6761\u83b1\u7279\u7eb3\uff08Leitner\uff09\u7f06\u8f66\uff08\u7531\u6d77\u62d41850\u7c73\u7684\u4e2d\u95f4\u7ad9\u8fde\u63a5\uff09\u3001\u4e00\u6761\u6bcf\u5c0f\u65f6\u53ef\u5bb9\u7eb31200\u540d\u6ed1\u96ea\u8005\u7684\u56db\u5ea7\u7f06\u8f66\u4ee5\u53ca\u4e24\u6761\u989d\u5916\u7684\u5730\u9762\u7f06\u8f66\u7ec4\u6210\u300294\u4e2a\u7f06\u8f66\u53a2\uff0c\u6bcf\u4e2a\u53ef\u5bb9\u7eb38\u540d\u4e58\u5ba2\uff0c\u4ece\u6d77\u62d41320\u7c73\u7684\u57fa\u7ad9\u4e0a\u5347\u5230\u6d77\u62d41974\u7c73\u7684\u5c71\u9876\u7ec8\u70b9\u7ad9\u3002\u5c71\u9876\u8bbe\u6709\u5168\u666f\u957f\u6905\uff0c\u53ef\u4f9b\u4e0b\u5c71\u524d\u77ed\u6682\u4f11\u606f\u3002\u8003\u8651\u5230\u8be5\u5730\u533a\u964d\u96ea\u91cf\u7684\u53d8\u5316\uff0c\u8fd0\u8425\u5546\u7ef4\u62a4\u7740\u4e00\u4e2a\u5bb9\u91cf\u4e3a12\u4e07\u7acb\u65b9\u7c73\u7684\u4eba\u5de5\u6c34\u5e93\u2014\u2014\u8fd9\u662f\u7f57\u9a6c\u5c3c\u4e9a\u6700\u5927\u7684\u4eba\u5de5\u6c34\u5e93\u2014\u2014\u9020\u96ea\u673a\u4ece\u4e2d\u53d6\u6c34\uff0c\u4e3a\u5206\u5e03\u5728\u96ea\u9053\u6cbf\u7ebf\u7684\u5341\u53f0\u79fb\u52a8\u5f0f\u9020\u96ea\u70ae\u4f9b\u6c34\u3002\u5c71\u5761\u4e24\u4fa7\u7cbe\u5fc3\u7ba1\u7406\u7684\u677e\u6811\u6797\u65e2\u53ef\u4ee5\u4f5c\u4e3a\u9632\u98ce\u6797\uff0c\u53c8\u53ef\u4ee5\u4f5c\u4e3a\u5929\u7136\u7684\u9488\u53f6\u4fdd\u62a4\u533a\uff0c\u8fd9\u4e9b\u9488\u53f6\u5728\u96ea\u4e0b\u88ab\u538b\u5b9e\uff0c\u6709\u52a9\u4e8e\u5de9\u56fa\u6ed1\u96ea\u8868\u9762\u3002<\/p>\n<p>\u6ed1\u96ea\u573a\u811a\u4e0b\uff0c\u516c\u5171\u9732\u53f0\u96c6\u9910\u996e\u548c\u4f11\u95f2\u4e8e\u4e00\u4f53\u3002\u6e38\u5ba2\u53ef\u4ee5\u9009\u62e9\u5feb\u9910\u5e97\uff0c\u4eab\u7528\u5f53\u5730\u7279\u8272\u83dc\u80b4\u2014\u2014\u70df\u718f\u9cdf\u9c7c\u9171\u3001\u5c71\u9999\u8349\u714e\u86cb\u5377\u2014\u2014\u6216\u8005\u6ed1\u96ea\u540e\u4f11\u95f2\u533a\uff0c\u5468\u672b\uff0c\u8fd9\u91cc\u4f9b\u5e94\u6696\u5fc3\u996e\u54c1\uff0c\u5e76\u4f34\u6709\u73b0\u573a\u6c11\u8c23\u97f3\u4e50\u3002\u9732\u53f0\u4e0a\u8fd8\u914d\u5907\u4e86\u73b0\u4ee3\u5316\u7684\u536b\u751f\u533a\u548c\u8d85\u73b0\u4ee3\u7684\u536b\u751f\u95f4\uff0c\u6b64\u5916\uff0c\u8fd8\u6709\u5c71\u5730\u6551\u63f4\u7ad9\u548c\u7531\u7f57\u9a6c\u5c3c\u4e9a\u8499\u5927\u62ff\u5dde\u5baa\u5175\u961f\u9a7b\u5b88\u7684\u6025\u6551\u7ad9\uff0c\u968f\u65f6\u51c6\u5907\u5e94\u5bf9\u4efb\u4f55\u7d27\u6025\u60c5\u51b5\u3002\u6bd7\u90bb\u8bbe\u65bd\u7684\u662f\u4e00\u4e2a\u4e94\u5c42\u3001\u53ef\u5bb9\u7eb3400\u8f86\u8f66\u7684\u505c\u8f66\u573a\uff0c\u5176\u5efa\u7b51\u8bbe\u8ba1\u4e0e\u5468\u56f4\u7684\u5730\u5f62\u878d\u4e3a\u4e00\u4f53\uff0c\u5e76\u53ef\u76f4\u63a5\u901a\u5f80\u552e\u7968\u5904\u4ee5\u53ca\u6ed1\u96ea\u677f\u3001\u6ed1\u96ea\u677f\u548c\u9632\u62a4\u88c5\u5907\u7684\u79df\u8d41\u4e2d\u5fc3\u3002<\/p>\n<p>\u6c83\u4f0a\u5185\u8428\u7684\u65e5\u5386\u4e0a\u5145\u6ee1\u4e86\u5b63\u8282\u6027\u8282\u65e5\uff0c\u65e2\u81f4\u656c\u7530\u56ed\u4f20\u7edf\uff0c\u4e5f\u5c55\u73b0\u5f53\u4ee3\u6587\u5316\u8868\u73b0\u5f62\u5f0f\u3002\u6bcf\u5e74\u590f\u5929\uff0c\u6d1b\u7279\u9c81\u8c37\u90fd\u4f1a\u5728\u9a6c\u585e\u82cf\u9c81\u8c37\uff08Valea M\u0103ce\u015fului\uff09\u9644\u8fd1\u7684\u8349\u5730\u4e0a\u4e3e\u529e\u6c11\u8c23\u805a\u4f1a\uff0c\u7ba1\u5f26\u4e50\u961f\u5728\u53f7\u89d2\u548c\u7267\u7f8a\u7b1b\u7684\u4f34\u594f\u4e0b\u6f14\u594f\u53e4\u8001\u7684\u6c11\u8c23\u3002\u79cb\u5929\uff0c\u5f53\u5730\u53a8\u5e08\u4eec\u9f50\u805a\u6c83\u4f0a\u5185\u4ec0\u5854\uff08Voine\u015fi\u0163a\uff09\uff0c\u4e3e\u529e\u7f8e\u98df\u535a\u89c8\u4f1a\uff0c\u5c55\u793a\u4ece\u91ce\u5473\u5230\u9910\u684c\u7684\u83dc\u5355\u4ee5\u53ca\u6765\u81ea\u68ee\u6797\u91c7\u96c6\u7684\u98df\u6750\u2014\u2014\u8611\u83c7\u3001\u91ce\u751f\u6d46\u679c\u548c\u53ef\u98df\u7528\u575a\u679c\u2014\u2014\u8fd9\u4e9b\u98df\u6750\u5728\u5f53\u5730\u68c0\u9a8c\u5458\u7684\u76d1\u7763\u4e0b\u70f9\u5236\uff0c\u4ee5\u786e\u4fdd\u5176\u8d28\u91cf\u548c\u6765\u6e90\u3002\u51ac\u5929\uff0c\u5c0f\u9547\u4e2d\u5fc3\u5f25\u6f2b\u7740\u72c2\u6b22\u7684\u6c1b\u56f4\uff0c\u706f\u7b3c\u6e38\u884c\u3001\u6234\u7740\u9762\u5177\u7684\u821e\u8005\u4ee5\u53ca\u516c\u5171\u7bdd\u706b\uff0c\u5411\u57fa\u7763\u6559\u4e4b\u524d\u7684\u590d\u5174\u4eea\u5f0f\u81f4\u656c\u3002\u8fd9\u4e9b\u6d3b\u52a8\u867d\u7136\u4e0d\u6784\u6210\u6b63\u5f0f\u7684\u65c5\u6e38\u666f\u70b9\uff0c\u4f46\u5374\u5c55\u73b0\u51fa\u4e00\u79cd\u6839\u690d\u4e8e\u793e\u533a\u56e2\u7ed3\u548c\u5bf9\u571f\u5730\u5c0a\u91cd\u7684\u7cbe\u795e\u3002<\/p>\n<p>\u4eba\u53e3\u7edf\u8ba1\u5b66\u548c\u6c11\u65cf\u5fd7\u7ec6\u8282\u4e5f\u4f53\u73b0\u4e86\u6c83\u4f0a\u5185\u4e9a\u8428\u7684\u7279\u8272\u3002\u57282021\u5e74\u7684\u4eba\u53e3\u666e\u67e5\u4e2d\uff0c90.77%\u7684\u5c45\u6c11\u81ea\u79f0\u7f57\u9a6c\u5c3c\u4e9a\u65cf\uff0c0.16%\u7684\u5c45\u6c11\u81ea\u8ba4\u4e3a\u5c5e\u4e8e\u5176\u4ed6\u65cf\u7fa4\uff0c9.07%\u7684\u5c45\u6c11\u672a\u5177\u4f53\u8bf4\u660e\u3002\u5b97\u6559\u4fe1\u4ef0\u4e0e\u79cd\u65cf\u5bc6\u5207\u76f8\u5173\uff1a89.79%\u7684\u5c45\u6c11\u4fe1\u5949\u4e1c\u6b63\u6559\uff0c0.65%\u7684\u5c45\u6c11\u4fe1\u5949\u5176\u4ed6\u5b97\u6559\uff0c9.56%\u7684\u5c45\u6c11\u5c1a\u672a\u786e\u5b9a\u3002\u81ea2011\u5e74\u4e0a\u6b21\u4eba\u53e3\u666e\u67e5\u4ee5\u6765\uff0c\u8fd9\u4e9b\u6570\u5b57\u7565\u6709\u53d8\u5316\uff0c\u5f53\u65f6\u767b\u8bb0\u7684\u4eba\u6570\u4e3a1455\u4eba\uff0c\u8868\u660e\u7f57\u9a6c\u5c3c\u4e9a\u5c71\u533a\u7684\u519c\u6751\u4eba\u53e3\u6b63\u5728\u9010\u6e10\u51cf\u5c11\u3002\u5c3d\u7ba1\u5982\u6b64\uff0c\u8be5\u793e\u533a\u4ecd\u7136\u4fdd\u7559\u7740\u8fde\u8d2f\u7684\u6587\u5316\u8ba4\u540c\uff0c\u8fd9\u4f53\u73b0\u5728\u5bf9\u4e61\u6751\u6559\u5802\u7684\u7ef4\u62a4\u3001\u519c\u6c11\u5f0f\u679c\u56ed\u7684\u7ef4\u62a4\u4ee5\u53ca\u4e0e\u519c\u5386\u548c\u7267\u5386\u76f8\u5173\u7684\u5b63\u8282\u6027\u4eea\u5f0f\u7684\u5ef6\u7eed\u3002<\/p>\n<p>\u7814\u7a76\u533a\u57df\u53d1\u5c55\u548c\u4e61\u6751\u632f\u5174\u7684\u5b66\u8005\u4eec\u6ce8\u610f\u5230\u6c83\u4f0a\u5185\u8428\u4ece\u4e00\u4e2a\u50fb\u9759\u7684\u5c71\u533a\u5b9a\u5c45\u70b9\u53d1\u5c55\u6210\u4e3a\u4e00\u4e2a\u591a\u5143\u5316\u5ea6\u5047\u80dc\u5730\u7684\u5386\u7a0b\u3002\u6c83\u4f0a\u5185\u8428\u6301\u7eed\u6295\u8d44\u533b\u7597\u57fa\u7840\u8bbe\u65bd\uff0c\u5e76\u4e0d\u65ad\u6269\u5efa\u4f11\u95f2\u8bbe\u65bd\uff0c\u540c\u65f6\u4fdd\u62a4\u73af\u5883\u8d44\u4ea7\uff0c\u4f7f\u5176\u6210\u4e3a\u5e73\u8861\u7ecf\u6d4e\u9700\u6c42\u4e0e\u751f\u6001\u8d23\u4efb\u7684\u5178\u8303\u3002\u5f53\u5730\u884c\u653f\u90e8\u95e8\u5df2\u83b7\u5f97\u6b27\u76df\u8d44\u91d1\uff0c\u7528\u4e8e\u9053\u8def\u7ef4\u62a4\u3001\u5e9f\u7269\u7ba1\u7406\u5347\u7ea7\u548c\u5bbd\u5e26\u4e92\u8054\u7f51\u5b89\u88c5\uff0c\u4ece\u800c\u4fc3\u8fdb\u4e86\u8fdc\u7a0b\u529e\u516c\u548c\u5c0f\u578b\u4f01\u4e1a\u5b75\u5316\uff0c\u540c\u65f6\u53c8\u4e0d\u635f\u5bb3\u5c0f\u9547\u7684\u7530\u56ed\u98ce\u60c5\u3002<\/p>\n<p>\u968f\u7740\u7f57\u9a6c\u5c3c\u4e9a\u4e0d\u65ad\u878d\u5165\u66f4\u5e7f\u6cdb\u7684\u6b27\u6d32\u6587\u5316\u548c\u7ecf\u6d4e\u6846\u67b6\uff0c\u6c83\u4f0a\u5185\u4e9a\u8428\uff08Voineasa\uff09\u5c55\u73b0\u4e86\u8fb9\u7f18\u5730\u533a\u6253\u9020\u72ec\u7279\u98ce\u8c8c\u7684\u80fd\u529b\u3002\u65e0\u8bba\u662f\u88ab\u79bb\u5b50\u5316\u7a7a\u6c14\u548c\u677e\u9999\u68ee\u6797\u5438\u5f15\u7684\u5065\u5eb7\u7231\u597d\u8005\uff0c\u8ffd\u5bfb\u6cc9\u6eaa\u9cdf\u9c7c\u7684\u5782\u9493\u8005\uff0c\u6e34\u671b\u4f53\u9a8c\u65b0\u5947\u9ad8\u5c71\u6ed1\u96ea\u7684\u6ed1\u96ea\u8005\uff0c\u8fd8\u662f\u63a2\u7a76\u4f20\u7edf\u4e0e\u73b0\u4ee3\u5316\u4ea4\u7ec7\u7684\u5b66\u8005\uff0c\u6c83\u4f0a\u5185\u4e9a\u8428\u90fd\u5c55\u73b0\u51fa\u5c42\u5c42\u9012\u8fdb\u7684\u53d9\u4e8b\u3002\u5b83\u7684\u8d77\u6e90\u53ef\u8ffd\u6eaf\u81f3\u4e94\u4e2a\u591a\u4e16\u7eaa\u4ee5\u524d\uff0c\u4f46\u5176\u613f\u666f\u59cb\u7ec8\u575a\u5b9a\u5730\u6307\u5411\u53ef\u6301\u7eed\u53d1\u5c55\u3001\u793e\u533a\u51dd\u805a\u529b\u4ee5\u53ca\u81ea\u7136\u548c\u6587\u5316\u9057\u4ea7\u7684\u7ba1\u7406\u3002<\/p>\n<p>\u6c83\u4f0a\u5185\u4e9a\u8428\u878d\u5408\u4e86\u7597\u517b\u6c14\u5019\u3001\u7cbe\u5fc3\u8bbe\u8ba1\u7684\u57fa\u7840\u8bbe\u65bd\u548c\u7ecf\u4e45\u4e0d\u8870\u7684\u4e61\u6751\u98ce\u4fd7\uff0c\u582a\u79f0\u5c71\u533a\u65c5\u6e38\u80dc\u5730\u7684\u5178\u8303\uff0c\u6452\u5f03\u4e86\u5927\u4f17\u65c5\u6e38\u7684\u6d6e\u5938\uff0c\u66f4\u6ce8\u91cd\u4ee5\u4f53\u9a8c\u4e3a\u57fa\u7840\u7684\u8282\u5236\u5f0f\u53c2\u4e0e\u3002\u5c0f\u9547\u7684\u672a\u6765\u53d6\u51b3\u4e8e\u5229\u76ca\u76f8\u5173\u8005\u80fd\u5426\u6709\u6548\u7ba1\u7406\u5ba2\u6d41\uff0c\u4fdd\u62a4\u68ee\u6797\u548c\u6c34\u9053\u7684\u5b8c\u6574\u6027\uff0c\u4ee5\u53ca\u57f9\u80b2\u90a3\u4e9b\u5c06\u5c45\u6c11\u4e0e\u571f\u5730\u7d27\u5bc6\u8054\u7cfb\u5728\u4e00\u8d77\u7684\u65e0\u5f62\u7ebd\u5e26\u2014\u2014\u8bed\u8a00\u3001\u4eea\u5f0f\u548c\u5de5\u827a\u3002\u5982\u679c\u8fd9\u4e9b\u52aa\u529b\u53d6\u5f97\u6210\u529f\uff0c\u6c83\u4f0a\u5185\u4e9a\u8428\u5c06\u7ee7\u7eed\u5728\u5386\u53f2\u4e0e\u73b0\u4ee3\u7684\u4ea4\u6c47\u5904\u5360\u636e\u72ec\u7279\u7684\u5730\u4f4d\uff0c\u6210\u4e3a\u4e61\u6751\u97e7\u6027\u7684\u5178\u8303\uff0c\u5e76\u4e0e\u6b27\u6d32\u4ea4\u901a\u7e41\u5fd9\u7684\u65c5\u6e38\u8def\u7ebf\u5f62\u6210\u4e00\u5904\u9759\u8c27\u7684\u5bf9\u6bd4\u3002<\/p>","protected":false},"excerpt":{"rendered":"<p>\u6c83\u4f0a\u5185\u4e9a\u8428\uff08Voineasa\uff09\u662f\u7f57\u9a6c\u5c3c\u4e9a\u5965\u5c14\u7279\u5c3c\u4e9a\u6c83\u5c14\u6070\u53bf\u4e00\u4e2a\u7530\u56ed\u8bd7\u822c\u7684\u4e61\u9547\uff0c\u4eba\u53e3\u7e41\u591a\uff0c\u6816\u606f\u5728\u98ce\u666f\u79c0\u4e3d\u7684\u5580\u5c14\u5df4\u9621\u5c71\u8109\u4e4b\u4e2d\u3002\u6c83\u4f0a\u5185\u4e9a\u8428\u7531\u4e09\u4e2a\u6751\u5e84\u7ec4\u6210\u2014\u2014\u74e6\u83b1\u4e9a\u00b7\u9a6c\u5207\u7d22\u9c81\u4f0a\uff08Valea M\u0103ce\u0219ului\uff09\u3001\u6c83\u4f0a\u5185\u4e9a\u8428\uff08Voineasa\uff09\u548c\u6c83\u4f0a\u5185\u897f\u5bdf\uff08Voine\u0219i\u021ba\uff09\uff0c\u8fd9\u7247\u7f8e\u4e3d\u7684\u571f\u5730\u6700\u80fd\u4f53\u73b0\u7f57\u9a6c\u5c3c\u4e9a\u4e30\u5bcc\u7684\u6587\u5316\u4f20\u7edf\u548c\u81ea\u7136\u7f8e\u666f\u3002<\/p>","protected":false},"author":1,"featured_media":17492,"parent":11908,"menu_order":0,"comment_status":"closed","ping_status":"closed","template":"elementor_theme","meta":{"_eb_attr":"","footnotes":""},"class_list":["post-17059","page","type-page","status-publish","has-post-thumbnail"],"_links":{"self":[{"href":"https:\/\/travelshelper.com\/zh\/wp-json\/wp\/v2\/pages\/17059","targetHints":{"allow":["GET"]}}],"collection":[{"href":"https:\/\/travelshelper.com\/zh\/wp-json\/wp\/v2\/pages"}],"about":[{"href":"https:\/\/travelshelper.com\/zh\/wp-json\/wp\/v2\/types\/page"}],"author":[{"embeddable":true,"href":"https:\/\/travelshelper.com\/zh\/wp-json\/wp\/v2\/users\/1"}],"replies":[{"embeddable":true,"href":"https:\/\/travelshelper.com\/zh\/wp-json\/wp\/v2\/comments?post=17059"}],"version-history":[{"count":0,"href":"https:\/\/travelshelper.com\/zh\/wp-json\/wp\/v2\/pages\/17059\/revisions"}],"up":[{"embeddable":true,"href":"https:\/\/travelshelper.com\/zh\/wp-json\/wp\/v2\/pages\/11908"}],"wp:featuredmedia":[{"embeddable":true,"href":"https:\/\/travelshelper.com\/zh\/wp-json\/wp\/v2\/media\/17492"}],"wp:attachment":[{"href":"https:\/\/travelshelper.com\/zh\/wp-json\/wp\/v2\/media?parent=17059"}],"curies":[{"name":"wp","href":"https:\/\/api.w.org\/{rel}","templated":true}]}}