{"id":17035,"date":"2024-09-25T12:28:10","date_gmt":"2024-09-25T12:28:10","guid":{"rendered":"https:\/\/travelshelper.com\/staging\/?page_id=17035"},"modified":"2026-03-12T21:02:12","modified_gmt":"2026-03-12T21:02:12","slug":"%e5%b7%b4%e4%bc%8a%e8%8e%b1%e5%9b%be%e4%bb%80%e7%ba%b3%e5%be%b7","status":"publish","type":"page","link":"https:\/\/travelshelper.com\/zh\/destinations\/europe\/romania\/baile-tusnad\/","title":{"rendered":"\u5df4\u4f0a\u83b1\u56fe\u4ec0\u7eb3\u5fb7"},"content":{"rendered":"<p>\u4f2f\u4f0a\u83b1\u56fe\u4ec0\u7eb3\u5fb7\u5750\u843d\u4e8e\u9ad8\u5c71\u4e0e\u5ce1\u8c37\u7684\u4ea4\u6c47\u5904\uff0c\u5176\u5b58\u5728\u672c\u8eab\u5c31\u88ab\u6e90\u6e90\u4e0d\u65ad\u7684\u5bcc\u542b\u77ff\u7269\u8d28\u7684\u6cc9\u6c34\u548c\u5c42\u5c42\u53e0\u53e0\u7684\u7279\u5170\u897f\u74e6\u5c3c\u4e9a\u5386\u53f2\u6240\u5851\u9020\u3002\u622a\u81f32021\u5e74\uff0c\u8be5\u9547\u4eba\u53e3\u8bb0\u5f55\u4e3a1372\u4eba\uff0c\u662f\u7f57\u9a6c\u5c3c\u4e9a\u4eba\u53e3\u5bc6\u5ea6\u6700\u5c0f\u7684\u57ce\u9547\uff0c\u4f46\u5b83\u6240\u5f15\u53d1\u7684\u5171\u9e23\u5374\u8fdc\u8fdc\u8d85\u51fa\u4e86\u5176\u4eba\u53e3\u89c4\u6a21\u3002\u8be5\u9547\u4f4d\u4e8e\u4e18\u514b\u6d3c\u5730\u5357\u90e8\uff0c\u6d77\u62d4650\u7c73\uff0c\u5730\u5904\u54c8\u5c14\u5409\u5854\u5c71\u8109\u548c\u535a\u591a\u514b\u5c71\u8109\u4e4b\u95f4\uff0c\u73af\u7ed5\u7740\u873f\u8712\u7684\u5965\u5c14\u7279\u6cb3\u3002\u4f2f\u4f0a\u83b1\u56fe\u4ec0\u7eb3\u5fb7\u8fd8\u7ba1\u8f96\u7740\u9644\u8fd1\u7684\u5361\u76ae\u56fe\u65af\u6751\uff0c\u5b83\u4e0d\u4ec5\u4ec5\u662f\u4e00\u4e2a\u5730\u7406\u5b9e\u4f53\uff0c\u66f4\u662f\u4e00\u5ea7\u8574\u85cf\u7740\u6e29\u6cc9\u4f20\u7edf\u3001\u5730\u8d28\u5947\u89c2\u548c\u6587\u5316\u4f20\u627f\u7684\u9c9c\u6d3b\u5b9d\u5e93\u3002<\/p>\n<p>\u5341\u4e5d\u4e16\u7eaa\u521d\uff0c\u4f2f\u4f0a\u83b1\u56fe\u4ec0\u7eb3\u5fb7\uff08B\u0103ile Tu\u015fnad\uff09\u7684\u77ff\u4ea7\u9057\u4ea7\u8f6e\u5ed3\u9010\u6e10\u4ece\u5f53\u5730\u4eba\u7684\u8bb0\u5fc6\u4e2d\u6d6e\u73b0\uff0c\u5e76\u9010\u6e10\u88ab\u6b63\u5f0f\u8ba4\u53ef\u3002\u65e9\u5728\u5341\u516b\u4e16\u7eaa\uff0c\u6587\u5b57\u8bb0\u5f55\u5c31\u8bb0\u8f7d\u4e86\u56fe\u4ec0\u7eb3\u5fb7\u5730\u533a\u6709\u6cc9\u6c34\uff0c\u4f46\u76f4\u52301842\u5e74\uff0c\u8c23\u8a00\u624d\u9010\u6e10\u6f14\u53d8\u6210\u4f20\u5947\uff1a\u4e00\u4f4d\u7267\u7f8a\u4eba\u7684\u513f\u5b50\u5728\u6cc9\u6c34\u4e2d\u6d78\u6ce1\u540e\uff0c\u987d\u56fa\u7684\u76ae\u75b9\u5f97\u5230\u4e86\u7f13\u89e3\u3002\u8fd9\u4e9b\u4ee5\u585e\u51ef\u4f0a\uff08Sz\u00e9kely\uff09\u4eba\u53e3\u8ff0\u7684\u6545\u4e8b\uff0c\u9996\u6b21\u6fc0\u53d1\u4e86\u5f53\u5730\u4eba\u7684\u597d\u5947\u5fc3\uff0c\u5e76\u4fc3\u4f7f\u4ed6\u4eec\u5f00\u5c55\u6709\u7ec4\u7ec7\u7684\u6d3b\u52a8\u3002\u52301845\u5e74\uff0c\u4e00\u5bb6\u516c\u53f8\u6210\u7acb\uff0c\u5176\u660e\u786e\u76ee\u6807\u662f\u5f00\u53d1\u4e03\u5904\u4e0d\u540c\u7684\u6cc9\u6c34\u3002\u8fd9\u4e9b\u6cc9\u6c34\u7684\u6c14\u6ce1\u6c34\u7ecf\u8fc7\u5730\u4e0b\u8fc7\u7a0b\u78b3\u9178\u5316\uff0c\u542b\u6709\u94a0\u3001\u78b3\u9178\u6c22\u76d0\u3001\u6c2f\u548c\u5fae\u91cf\u94c1\u5143\u7d20\u7b49\u590d\u6742\u7684\u5316\u5b66\u6210\u5206\u3002\u8fd9\u9879\u65e9\u671f\u5bf9\u6c34\u7597\u7684\u6295\u8d44\u9884\u793a\u7740\u79d1\u5b66\u65b9\u6cd5\u7684\u51fa\u73b0\uff0c\u4f46\u5b83\u4e5f\u672a\u80fd\u514d\u53d7\u653f\u6cbb\u52a8\u8361\u7684\u5f71\u54cd\u3002 1848 \u5e74\u81f3 1849 \u5e74\u9769\u547d\u671f\u95f4\u7684\u5c0f\u89c4\u6a21\u51b2\u7a81\u5c06\u65b0\u5efa\u7684\u6d74\u573a\u5937\u4e3a\u5e73\u5730\uff0c\u76f4\u5230 1852 \u5e74\u5f17\u6717\u8328\u00b7\u7ea6\u745f\u592b\u7687\u5e1d\u8bbf\u95ee\u671f\u95f4\u624d\u4eb2\u81ea\u4e0b\u4ee4\u91cd\u5efa\uff0c\u786e\u7acb\u4e86\u7687\u5e1d\u5bf9\u8fd9\u4e2a\u65b0\u5174\u6e29\u6cc9\u5c0f\u9547\u7684\u8ba4\u53ef\u3002<\/p>\n<p>1860\u5e74\u4e4b\u540e\u7684\u5341\u5e74\u91cc\uff0c\u4f2f\u4f0a\u83b1\u56fe\u4ec0\u7eb3\u5fb7\uff08B\u0103ile Tu\u015fnad\uff09\u52a0\u901f\u8fc8\u5411\u73b0\u4ee3\u3002\u4ee5\u6e29\u6cc9\u59d4\u5458\u4f1a\u4e3b\u5e2d\u8d1d\u5185\u5fb7\u514b\u00b7\u8fc8\u514b\u65af\u4f2f\u7235\uff08Count Benedek Mikes\uff09\u547d\u540d\u7684\u8fc8\u514b\u65af\u6cc9\uff08Mikes\uff09\u6210\u4e3a\u9996\u4e2a\u63a5\u53d7\u5316\u5b66\u5206\u6790\u7684\u6cc9\u6e90\uff0c\u5206\u6790\u8d39\u7528\u7531\u8fc8\u514b\u65af\u672c\u4eba\u627f\u62c5\u3002\u8fd9\u4e00\u65f6\u523b\u6807\u5fd7\u7740\u4ece\u6c11\u95f4\u4f20\u8bf4\u5230\u5b9e\u9a8c\u5ba4\u68c0\u9a8c\u7684\u8f6c\u53d8\uff0c\u56fe\u4ec0\u7eb3\u5fb7\u7684\u77ff\u6cc9\u6c34\u4e5f\u56e0\u6b64\u83b7\u5f97\u4e86\u57fa\u4e8e\u5b9e\u8bc1\u6d4b\u91cf\u7684\u58f0\u8a89\u30021890\u5e74\uff0c\u7531\u8d1d\u62c9\u00b7\u5e93\u514b\u83b1\uff08B\u00e9la Kuklai\uff09\u8bbe\u8ba1\u7684\u65af\u7279\u51e1\u5c3c\u4e9a\u533b\u7597\u4e2d\u5fc3\uff08Stef\u00e1nia Medical Center\uff09\u5f00\u4e1a\uff0c\u540e\u6765\u7b80\u79f0\u4e3a\u201c\u5723\u5b89\u5a1c\u201d\uff08Sf\u00e2nta Ana\uff09\uff0c\u4f7f\u533b\u7597\u5b9e\u8df5\u5236\u5ea6\u5316\u3002\u5728\u8fd9\u91cc\uff0c\u60a3\u8005\u53ef\u4ee5\u63a5\u53d7\u5fc3\u8840\u7ba1\u75be\u75c5\u3001\u795e\u7ecf\u7cfb\u7edf\u75be\u75c5\u3001\u6d88\u5316\u7cfb\u7edf\u75be\u75c5\u548c\u5185\u5206\u6ccc\u5931\u8c03\u7684\u6cbb\u7597\uff0c\u6240\u6709\u6cbb\u7597\u5747\u4ee5\u78b3\u9178\u6d74\u3001\u7535\u6d41\u7597\u6cd5\u548c\u77f3\u8721\u7597\u6cd5\u3001\u624b\u52a8\u53cd\u5c04\u6309\u6469\u4ee5\u53ca\u6709\u9488\u5bf9\u6027\u7684\u77ff\u6cc9\u6c34\u6444\u5165\u4e3a\u57fa\u7840\u3002<\/p>\n<p>1900\u5e74\u4fee\u5efa\u7684\u4eba\u5de5\u6e56\u4e18\u5361\u4ec0\uff08Ciuca\u015f\uff09\u4e3a\u5c0f\u9547\u666f\u89c2\u589e\u6dfb\u4e86\u65b0\u7684\u4eae\u70b9\uff0c\u800c\u8fd9\u4e00\u4eae\u70b9\u540e\u6765\u88ab\u81ea\u7136\u5947\u89c2\u5723\u5b89\u5a1c\u6e56\uff08Sf\u00e2nta Ana\uff09\u6240\u63a9\u76d6\u3002\u8fd9\u5ea7\u7fe0\u7eff\u8272\u7684\u6e56\u6cca\u5f62\u6210\u4e8e\u6d77\u62d4950\u7c73\u7684\u706b\u5c71\u53e3\u5185\uff0c\u4f4d\u4e8e\u4e1c\u5357\u65b9\u5411\u4ec5\u4e24\u516c\u91cc\u5904\uff0c\u5728\u7f57\u9a6c\u5c3c\u4e9a\u81f3\u4eca\u4ecd\u72ec\u4e00\u65e0\u4e8c\u3002\u5b83\u4ece\u5ca9\u6d46\u623f\u6d8c\u5165\u5145\u6ee1\u6c34\u7684\u76c6\u5730\uff0c\u8d4b\u4e88\u4e86\u8fd9\u7247\u666f\u89c2\u72ec\u7279\u7684\u5730\u8d28\u7279\u5f81\uff0c\u4e0d\u4ec5\u5438\u5f15\u7740\u6e38\u5ba2\u524d\u6765\u6b23\u8d4f\u5176\u6ce2\u5149\u7cbc\u7cbc\u7684\u6e56\u9762\uff0c\u8fd8\u6b23\u8d4f\u7740\u90bb\u8fd1\u8482\u8bfa\u6b66\u5c14\u83ab\u970d\u65af\uff08Tinovul Mohos\uff09\u2014\u2014\u4e00\u7247\u5bcc\u542b\u6ce5\u70ad\u85d3\u7684\u6ce5\u70ad\u6cbc\u6cfd\u2014\u2014\u4e2d\u4fdd\u5b58\u7684\u73cd\u7a00\u690d\u7269\u7fa4\u843d\u3002\u8482\u8bfa\u6b66\u5c14\u83ab\u970d\u65af\u662f\u4e00\u7247\u88ab\u6307\u5b9a\u4e3a\u81ea\u7136\u4fdd\u62a4\u533a\u7684\u6ce5\u70ad\u6cbc\u6cfd\u3002<\/p>\n<p>\u5341\u4e5d\u4e16\u7eaa\u672b\u4e8c\u5341\u4e16\u7eaa\u521d\uff0c\u4f2f\u4f0a\u83b1\u56fe\u4ec0\u7eb3\u5fb7\uff08B\u0103ile Tu\u015fnad\uff09\u7684\u8eab\u4efd\u8ba4\u540c\u4e0e\u53d8\u8fc1\u7684\u653f\u6cbb\u5730\u7406\u683c\u5c40\u4ea4\u7ec7\u5728\u4e00\u8d77\u3002\u5b83\u4f4d\u4e8e\u5386\u53f2\u60a0\u4e45\u7684\u7279\u5170\u897f\u74e6\u5c3c\u4e9a\u7684\u585e\u51ef\u4f0a\u5730\u533a\uff08Sz\u00e9kely Land\uff09\uff0c\u66fe\u662f\u5308\u7259\u5229\u738b\u56fd\u5947\u514b\u8c22\u514b\u533a\uff08Cs\u00edksz\u00e9k\uff09\u7684\u4e00\u90e8\u5206\uff0c\u76f4\u81f31876\u5e74\u7684\u884c\u653f\u6539\u9769\u5c06\u5176\u5212\u5f52\u5947\u514b\u53bf\uff08Cs\u00edk County\uff09\u3002\u7b2c\u4e00\u6b21\u4e16\u754c\u5927\u6218\u7ed3\u675f\u540e\uff0c\u7279\u522b\u662f1918\u5e7412\u6708\u7279\u5170\u897f\u74e6\u5c3c\u4e9a\u4e0e\u7f57\u9a6c\u5c3c\u4e9a\u5408\u5e76\uff0c\u884c\u653f\u6743\u79fb\u4ea4\u7ed9\u5e03\u52a0\u52d2\u65af\u7279\u30021918-1919\u5e74\u7684\u5308\u7f57\u51b2\u7a81\u518d\u6b21\u786e\u7acb\u4e86\u7f57\u9a6c\u5c3c\u4e9a\u7684\u7edf\u6cbb\uff0c1920\u5e74\u7684\u300a\u7279\u91cc\u4e9a\u519c\u6761\u7ea6\u300b\u6279\u51c6\u4e86\u8fd9\u4e9b\u53d8\u5316\uff0c\u4f7f\u4f2f\u4f0a\u83b1\u56fe\u4ec0\u7eb3\u5fb7\u5728\u4e24\u6b21\u4e16\u754c\u5927\u6218\u671f\u95f4\u88ab\u5212\u5f52\u4e18\u514b\u53bf\uff08Ciuc County\uff09\u30021940\u5e74\u7684\u7b2c\u4e8c\u6b21\u7ef4\u4e5f\u7eb3\u4ef2\u88c1\u6cd5\u5ead\u626d\u8f6c\u4e86\u8fd9\u4e00\u8f68\u8ff9\uff0c\u5c06\u5317\u7279\u5170\u897f\u74e6\u5c3c\u4e9a\u4ea4\u8fd8\u7ed9\u5308\u7259\u5229\u653f\u5e9c\uff0c\u76f4\u52301944\u5e74\u672b\uff0c\u7f57\u9a6c\u5c3c\u4e9a\u548c\u82cf\u8054\u519b\u961f\u7684\u63a8\u8fdb\u624d\u89e3\u653e\u4e86\u8fd9\u7247\u9886\u571f\u3002\u82cf\u8054\u519b\u4e8b\u7ba1\u8f96\u6301\u7eed\u52301945\u5e743\u67089\u65e5\uff0c\u6b64\u540e\u8be5\u9547\u518d\u6b21\u5f52\u5165\u7f57\u9a6c\u5c3c\u4e9a\u7ba1\u8f96\u3002\u6218\u540e\u91cd\u7ec4\u671f\u95f4\uff0c\u4f2f\u4f0a\u83b1\u56fe\u4ec0\u7eb3\u5fb7\u4e8e1952\u5e74\u81f31960\u5e74\u95f4\u5212\u5f52\u9a6c\u624e\u5c14\u81ea\u6cbb\u533a\uff0c\u968f\u540e\u53c8\u5212\u5f52\u7a46\u5217\u4ec0-\u9a6c\u624e\u5c14\u81ea\u6cbb\u533a\uff0c\u76f4\u81f31968\u5e74\u81ea\u6cbb\u533a\u89e3\u6563\u3002\u81ea1968\u5e74\u8d77\uff0c\u8be5\u9547\u96b6\u5c5e\u4e8e\u54c8\u5c14\u5409\u5854\u53bf\u7ba1\u8f96\u3002<\/p>\n<p>\u8fd1\u51e0\u5341\u5e74\u6765\u7684\u4eba\u53e3\u7ed3\u6784\u53d8\u5316\u53cd\u6620\u4e86\u519c\u6751\u4eba\u53e3\u51cf\u5c11\u548c\u65cf\u7fa4\u5ef6\u7eed\u7684\u66f4\u5e7f\u6cdb\u6a21\u5f0f\u30022011\u5e74\u7684\u4eba\u53e3\u666e\u67e5\u8bb0\u5f55\u663e\u793a\uff0c\u585e\u51ef\u4f0a\u67091617\u540d\u5c45\u6c11\uff0c\u5176\u4e2d90.3%\u4e3a\u5308\u7259\u5229\u4eba\uff0c\u6b64\u5916\u8fd8\u6709\u7f57\u9a6c\u5c3c\u4e9a\u65cf\u7fa4\uff086.9%\uff09\u548c\u7f57\u59c6\u65cf\u7fa4\uff082.6%\uff09\u3002\u52302021\u5e74\uff0c\u4eba\u200b\u200b\u53e3\u5df2\u964d\u81f31372\u4eba\uff0c\u4f46\u65cf\u7fa4\u6784\u6210\u4ecd\u7136\u4ee5\u5308\u7259\u5229\u65cf\u7fa4\u4e3a\u4e3b\u3002\u5b97\u6559\u4fe1\u4ef0\u6982\u51b5\u8fdb\u4e00\u6b65\u51f8\u663e\u4e86\u5386\u53f2\u6e0a\u6e90\uff1a\u7f57\u9a6c\u5929\u4e3b\u6559\u5f92\u5360\u4fe1\u5f92\u603b\u6570\u7684\u56db\u5206\u4e4b\u4e09\uff0c\u5176\u4f59\u4e3a\u4e1c\u6b63\u6559\u3001\u6539\u9769\u5b97\u3001\u8036\u548c\u534e\u89c1\u8bc1\u4eba\u548c\u5176\u4ed6\u6559\u6d3e\uff0c\u800c\u90e8\u5206\u5c45\u6c11\u9009\u62e9\u4e0d\u516c\u5f00\u5b97\u6559\u4fe1\u4ef0\u3002<\/p>\n<p>\u9762\u5bf9\u8fd9\u6837\u7684\u4eba\u53e3\u7ed3\u6784\uff0c\u8fd9\u5ea7\u6e29\u6cc9\u5c0f\u9547\u4f9d\u7136\u5c55\u73b0\u7740\u5176\u81ea\u7136\u4e0e\u6587\u5316\u7684\u9b45\u529b\u3002\u6e38\u5ba2\u7684\u6cbb\u7597\u9002\u5e94\u75c7\u6db5\u76d6\u4e86\u4e00\u7cfb\u5217\u75be\u75c5\uff0c\u5c24\u5176\u662f\u5fc3\u8840\u7ba1\u75be\u75c5\uff08\u4f8b\u5982\u5fc3\u808c\u6897\u585e\u540e\u6062\u590d\u3001\u9ad8\u8840\u538b\u548c\u74e3\u819c\u75be\u75c5\uff09\uff0c\u4ee5\u53ca\u690d\u7269\u795e\u7ecf\u7efc\u5408\u5f81\u3001\u6162\u6027\u6d88\u5316\u7cfb\u7edf\u75be\u75c5\u548c\u8f7b\u5ea6\u5185\u5206\u6ccc\u5931\u8c03\uff08\u4f8b\u5982\u7532\u72b6\u817a\u529f\u80fd\u4ea2\u8fdb\uff09\u3002\u6cbb\u7597\u65b9\u5f0f\u591a\u79cd\u591a\u6837\uff0c\u878d\u5408\u4e86\u6c34\u7597\uff08\u4f7f\u75287\u81f314\u6444\u6c0f\u5ea6\u7684\u78b3\u9178\u3001\u94c1\u8d28\u548c\u4f4e\u6e17\u6c34\uff09\u4e0e\u7535\u6d41\u3001\u78c1\u7597\u3001\u77f3\u8721\u6577\u8d34\u3001\u8349\u836f\u6d78\u6ce1\u548c\u624b\u6cd5\u53cd\u5c04\u7597\u6cd5\u3002\u4e9a\u9ad8\u5c71\u6c14\u5019\u7684\u7279\u70b9\u662f\u5e74\u5e73\u5747\u6c14\u6e298\u6444\u6c0f\u5ea6\uff0c\u51ac\u5b63\u5bd2\u51b7\u591a\u53d8\uff0c\u4e91\u91cf\u7a00\u5c11\uff0c\u7a7a\u6c14\u4e2d\u5bcc\u542b\u6811\u8102\u6c14\u6eb6\u80f6\u548c\u8d1f\u79bb\u5b50\uff0c\u8fd9\u4e9b\u56e0\u7d20\u4e0e\u8fd9\u4e9b\u5e72\u9884\u63aa\u65bd\u76f8\u5f97\u76ca\u5f70\uff0c\u5f62\u6210\u4e86\u4e00\u79cd\u6ecb\u8865\u7684\u751f\u7269\u6c14\u5019\uff0c\u5c0f\u9547\u4ee5\u6b64\u4e3a\u5356\u70b9\uff0c\u529b\u6c42\u8eab\u5fc3\u7115\u53d1\u6d3b\u529b\u3002<\/p>\n<p>\u9664\u4e86\u6cbb\u7597\u57fa\u7840\u8bbe\u65bd\u5916\uff0c\u5468\u56f4\u7684\u666f\u89c2\u8fd8\u62e5\u6709\u4e00\u7cfb\u5217\u53ef\u62d3\u5c55\u6e38\u5ba2\u4f53\u9a8c\u7684\u666f\u70b9\u3002\u6d77\u62d4 701 \u7c73\u7684\u963f\u6ce2\u5c14\u5854 (Apor Tower) \u5750\u62e5\u5168\u666f\u89c6\u91ce\uff1b\u5b83\u59cb\u5efa\u4e8e 1883 \u5e74\uff0c\u5e76\u4e8e 2008 \u5e74\u7cbe\u5fc3\u4fee\u590d\uff0c\u662f 19 \u4e16\u7eaa\u6d6a\u6f2b\u4e3b\u4e49\u548c\u5f53\u4ee3\u4fdd\u62a4\u7684\u89c1\u8bc1\u3002\u9644\u8fd1\u7684\u730e\u9e70\u5ca9 (Falcons&#039; Rock) \u89c1\u8bc1\u4e86\u8be5\u5730\u533a\u4e30\u5bcc\u7684\u9e1f\u7c7b\u8d44\u6e90\uff0c\u800c\u5723\u5b89\u5a1c\u6e56 (Sf\u00e2nta Ana) \u706b\u5c71\u76c6\u5730\u4ecd\u7136\u662f\u81ea\u7136\u5947\u89c2\u4e2d\u7684\u7470\u5b9d\u3002\u82d4\u85d3\u6cbc\u6cfd\u6e56 (Tinovul Mohos) \u4fdd\u5b58\u7740\u73cd\u7a00\u7684\u7ef4\u7ba1\u690d\u7269\u548c\u6ce5\u70ad\u85d3\u7269\u79cd\uff0c\u5176\u67d4\u8f6f\u7684\u4e18\u9675\u5438\u5f15\u7740\u4eba\u4eec\u6cbf\u7740\u6728\u677f\u8def\u5c0f\u5fc3\u63a2\u7d22\u3002\u5728\u4e09\u5341\u81f3\u56db\u5341\u516c\u91cc\u7684\u534a\u5f84\u8303\u56f4\u5185\u5206\u5e03\u7740\u6c11\u65cf\u5fd7\u548c\u5b97\u6559\u9057\u5740\uff1a\u7c73\u8036\u5c14\u5e93\u96f7\u4e9a\u4e18\u514b (Miercurea Ciuc) \u7684\u7c73\u79d1\u5821\u5792\u5185\u8bbe\u6709\u4e00\u5ea7\u6c11\u65cf\u5fd7\u535a\u7269\u9986\uff1b\u82cf\u7a46\u83b1\u4e4c\u4e18\u514b\u7684\u65b9\u6d4e\u4f1a\u4fee\u9053\u9662\u4fdd\u7559\u4e86\u7279\u5170\u897f\u74e6\u5c3c\u4e9a\u4e3a\u6570\u4e0d\u591a\u7684\u54e5\u7279\u5f0f\u7ba1\u98ce\u7434\u4e4b\u4e00\uff1b\u897f\u5e93\u83b1\u5c3c\u7684\u585e\u514b\u52d2\u7eaa\u5ff5\u7891\u7eaa\u5ff5\u7740\u5f53\u5730\u7684\u6587\u5316\u9057\u4ea7\uff1b\u5965\u591a\u5c14\u9ed1\u585e\u5e93\u8036\u65af\u514b\u62e5\u6709\u4e00\u5ea7\u5341\u516d\u4e16\u7eaa\u5821\u5792\u7684\u9057\u5740\uff1b\u5723\u683c\u5965\u5c14\u57fa\u5728\u5176\u5f52\u6b63\u6559\u5802\u548c\u56fd\u5bb6\u827a\u672f\u4e0e\u4eba\u79cd\u5b66\u535a\u7269\u9986\u4e2d\u5c55\u793a\u4e86\u54e5\u7279\u5f0f\u5efa\u7b51\u3002<\/p>\n<p>\u6587\u5316\u65e5\u5386\u4ee5\u6c11\u4fd7\u8282\u65e5\u548c\u6e38\u884c\u8d2f\u7a7f\u56db\u5b63\u7684\u97f5\u5f8b\u3002\u6bcf\u5e74\u516d\u6708\uff0c\u5df4\u5c14\u74e6\u5c3c\u5965\u65af\u6b4c\u821e\u4e0e\u6c11\u4fd7\u670d\u9970\u8282\u90fd\u4f1a\u91cd\u73b0\u4f20\u7edf\u7684\u821e\u8e48\u548c\u670d\u9970\uff1b\u4e03\u6708\uff0c\u5207\u5c14\u7eb3\u7279\u516c\u793e\u7684\u4f0a\u5361\u5821\u5792\u5219\u4f1a\u4e3e\u529e\u6c11\u4fd7\u8282\u3002\u5341\u4e8c\u6708\uff0c\u5207\u5c14\u7eb3\u7279\u7684\u9762\u5177\u6e38\u884c\u5c06\u901a\u8fc7\u7cbe\u5fc3\u7684\u670d\u9970\u548c\u4eea\u5f0f\uff0c\u91cd\u73b0\u524d\u57fa\u7763\u6559\u65f6\u4ee3\u7684\u98ce\u4fd7\u3002\u624b\u5de5\u827a\u4f20\u7edf\u5728\u5de5\u574a\u4e2d\u4f20\u627f\u81f3\u4eca\uff0c\u5de5\u574a\u5236\u4f5c\u521a\u7389\u9996\u9970\u3001\u7ed8\u6709\u84dd\u7eff\u8272\u82b1\u5349\u56fe\u6848\u7684\u9676\u74f7\u4ee5\u53ca\u67f3\u6761\u5236\u54c1\uff0c\u6bcf\u4e00\u4ef6\u4f5c\u54c1\u90fd\u4f53\u73b0\u7740\u8be5\u5730\u533a\u7684\u624b\u5de5\u827a\u4f20\u627f\u3002<\/p>\n<p>\u7f8e\u98df\u4f73\u80b4\u4f53\u73b0\u4e86\u5308\u7259\u5229\u548c\u7f57\u9a6c\u5c3c\u4e9a\u996e\u98df\u4e60\u60ef\u7684\u4ea4\u7ec7\u3002\u5b5c\u7136\u6c64\u70ed\u6c14\u817e\u817e\uff0c\u6563\u53d1\u7740\u845b\u7f15\u5b50\u7c7d\u7684\u6e29\u6696\uff0c\u968f\u540e\u662f\u7ea2\u8fa3\u6912\u7c89\u548c\u5308\u7259\u5229\u725b\u8089\u6c64\uff0c\u5c06\u70df\u718f\u7ea2\u8fa3\u6912\u7c89\u4e0e\u6162\u7096\u7684\u8089\u7c7b\u5b8c\u7f8e\u878d\u5408\u3002\u6728\u838e\u5361\u548c\u6ce2\u52a0\u5947\u70b9\u7f00\u7740\u9910\u684c\uff0c\u800c\u5e93\u5c14\u7279\u65af\u5361\u62c9\u514b\u65af\uff08k\u00fcrt\u0151skal\u00e1cs\uff09\u2014\u2014\u4e00\u79cd\u5728\u70ad\u706b\u4e0a\u70e4\u7126\u7684\u5706\u67f1\u5f62\u9762\u56e2\u2014\u2014\u5219\u6563\u53d1\u7740\u9999\u8349\u548c\u8089\u6842\u7684\u9999\u5473\u3002\u9178\u5976\u6cb9\u767d\u83dc\u6c64\u914d\u917f\u8611\u83c7\uff0c\u5c55\u73b0\u4e86\u5c71\u5730\u7267\u573a\u4e2d\u5f53\u5730\u7279\u4ea7\u7684\u9b45\u529b\u3002<\/p>\n<p>\u524d\u5f80\u4f2f\u4f0a\u83b1\u56fe\u4ec0\u7eb3\u5fb7\uff08B\u0103ile Tu\u015fnad\uff09\u7684\u4ea4\u901a\u5341\u5206\u4fbf\u6377\uff0c\u65e0\u8bba\u662f\u516c\u8def\u8fd8\u662f\u94c1\u8def\u3002DN 12 \u9ad8\u901f\u516c\u8def\u4ece\u5e03\u62c9\u7d22\u592b\uff08Bra\u015fov\uff09\u51fa\u53d1\uff0c\u9014\u7ecf\u5723\u683c\u5965\u5c14\u57fa\uff08Sf\u00e2ntu Gheorghe\uff09\u5230\u8fbe\u7c73\u8036\u5c14\u5e93\u96f7\u4e9a\u4e18\u514b\uff08Miercurea Ciuc\uff09\uff0c\u518d\u5f80\u524d\u5ef6\u4f38\u3002\u4ece\u5e03\u62c9\u7d22\u592b\u51fa\u53d1\uff0c\u5168\u7a0b 67 \u516c\u91cc\uff1b\u4ece\u5723\u683c\u5965\u5c14\u57fa\u51fa\u53d1\uff0c\u5168\u7a0b 37 \u516c\u91cc\uff1b\u4ece\u7c73\u8036\u5c14\u5e93\u96f7\u4e9a\u4e18\u514b\u51fa\u53d1\uff0c\u5168\u7a0b 32 \u516c\u91cc\u3002\u4ece\u5df4\u514b\u4e4c\uff08Bac\u0103u\uff09\u51fa\u53d1\uff0c\u9014\u7ecf\u79d1\u9ed8\u5185\u4ec0\u8482\uff08Com\u0103ne\u015fti\uff09\u7684\u8f85\u52a9\u8def\u7ebf\u4e0e\u7c73\u8036\u5c14\u5e93\u96f7\u4e9a\u4e18\u514b\uff08Miercurea Ciuc\uff09\u6c47\u5408\uff0c\u8fde\u63a5 DN 12A \u9ad8\u901f\u516c\u8def\u3002\u4e3b\u8981\u94c1\u8def\u7ebf\u8fde\u63a5\u5e03\u52a0\u52d2\u65af\u7279\uff08Bucharest\uff09\u548c\u5df4\u4e9a\u9a6c\u96f7\uff08Baia Mare\uff09\uff0c\u5217\u8f66\u505c\u9760\u4f2f\u4f0a\u83b1\u56fe\u4ec0\u7eb3\u5fb7\uff08B\u0103ile Tu\u015fnad\uff09\u8f66\u7ad9\uff0c\u4f46\u65f6\u523b\u8868\u7684\u53d1\u8f66\u9891\u7387\u53cd\u6620\u4e86\u8be5\u9547\u7684\u89c4\u6a21\u3002<\/p>\n<p>\u4f2f\u4f0a\u83b1\u56fe\u4ec0\u7eb3\u5fb7\uff08B\u0103ile Tu\u015fnad\uff09\u7684\u6545\u4e8b\u4e0e\u90a3\u4e9b\u5851\u9020\u4e86\u5176\u673a\u6784\u7684\u4eba\u4eec\u606f\u606f\u76f8\u5173\u3002\u7ea6\u745f\u592b\u00b7\u5e03\u62c9\u52a0\uff08Iosif Blaga\uff0c1864-1937\uff09\u62c5\u4efb\u6e29\u6cc9\u534f\u4f1a\u4f1a\u957f\uff0c\u5f15\u9886\u4e86\u6e29\u6cc9\u534f\u4f1a\u7684\u65e9\u671f\u53d1\u5c55\uff1b\u7c73\u54c8\u4f0a\u00b7\u8c22\u5c14\u73ed\uff08Mihai \u015eerban\uff0c1877-1947\uff09\u5219\u5728\u9547\u4e0a\u521b\u5efa\u4e86\u7b2c\u4e00\u5ea7\u7f57\u9a6c\u5c3c\u4e9a\u4e1c\u6b63\u6559\u6559\u5802\uff0c\u62d3\u5c55\u4e86\u624e\u6839\u4e8e\u585e\u51ef\u4f0a\u5308\u7259\u5229\u4f20\u7edf\u7684\u793e\u533a\u7684\u6587\u5316\u548c\u7cbe\u795e\u7ef4\u5ea6\u3002\u4ed6\u4eec\u7684\u7cbe\u795e\u9057\u4ea7\u5728\u81f3\u4eca\u4ecd\u5c79\u7acb\u4e0d\u5012\u7684\u5efa\u7b51\u4ee5\u53ca\u4f9d\u7136\u5f71\u54cd\u7740\u65e5\u5e38\u751f\u6d3b\u7684\u793c\u62dc\u548c\u5065\u5eb7\u4eea\u5f0f\u4e2d\u5f97\u4ee5\u4f20\u627f\u3002<\/p>\n<p>\u603b\u800c\u8a00\u4e4b\uff0c\u4f2f\u4f0a\u83b1\u56fe\u4ec0\u7eb3\u5fb7\u4e0d\u4ec5\u4ec5\u662f\u4e00\u4e2a\u4f11\u95f2\u7597\u517b\u7684\u9759\u4fee\u4e4b\u6240\uff1b\u5b83\u5c55\u73b0\u4e86\u4e00\u5e45\u4eba\u7c7b\u4e0e\u73af\u5883\u3001\u79d1\u5b66\u548c\u4f20\u7edf\u4e92\u52a8\u7684\u548c\u8c10\u753b\u9762\u3002\u4eba\u53e3\u6570\u91cf\u3001\u6c11\u65cf\u6bd4\u4f8b\u548c\u5b97\u6559\u4fe1\u4ef0\u5c55\u73b0\u51fa\u4e00\u4e2a\u65e2\u7a33\u5b9a\u53c8\u4e0d\u65ad\u53d1\u5c55\u7684\u793e\u533a\u3002\u706b\u5c71\u5730\u8c8c\u5b55\u80b2\u7684\u77ff\u6cc9\u4e3a\u878d\u5408\u5b9e\u8bc1\u5206\u6790\u4e0e\u767e\u5e74\u4f20\u7edf\u7597\u6cd5\u7684\u7597\u6cd5\u63d0\u4f9b\u4e86\u5143\u7d20\u57fa\u7840\u3002\u53d7\u6d77\u62d4\u548c\u68ee\u6797\u8986\u76d6\u7cbe\u5fc3\u8c03\u8282\u7684\u751f\u7269\u6c14\u5019\uff0c\u5728\u4fc3\u8fdb\u8eab\u4f53\u6062\u590d\u7684\u540c\u65f6\uff0c\u4e5f\u5f15\u53d1\u4e86\u4eba\u4eec\u7684\u6c89\u601d\u3002\u5468\u56f4\u7684\u5854\u697c\u3001\u6e56\u6cca\u548c\u5ce1\u8c37\u5c06\u53d9\u4e8b\u5ef6\u4f38\u81f3\u81ea\u7136\u5386\u53f2\u9886\u57df\uff0c\u800c\u8282\u65e5\u3001\u624b\u5de5\u827a\u548c\u70f9\u996a\u4eea\u5f0f\u5219\u7ef4\u7cfb\u7740\u6587\u5316\u7684\u5ef6\u7eed\u3002\u6301\u7eed\u4e0d\u65ad\u7684\u653f\u6cbb\u91cd\u7ec4\u2014\u2014\u54c8\u5e03\u65af\u5821\u738b\u671d\u7684\u6cd5\u4ee4\u3001\u4e8c\u5341\u4e16\u7eaa\u7684\u6761\u7ea6\u3001\u81ea\u6cbb\u533a\u548c\u73b0\u4ee3\u90e1\u53bf\u2014\u2014\u8d4b\u4e88\u4e86\u57ce\u9547\u666f\u89c2\u6743\u5a01\u548c\u8eab\u4efd\u8ba4\u540c\u7684\u591a\u91cd\u5370\u8bb0\u3002\u7136\u800c\uff0c\u5728\u6bcf\u4e00\u6b21\u8715\u53d8\u4e2d\uff0c\u6c34\u6d41\u59cb\u7ec8\u5982\u4e00\uff0c\u5982\u540c\u4e00\u6761\u7ebd\u5e26\uff0c\u5c06\u7267\u7f8a\u4eba\u7684\u6545\u4e8b\u4e0e\u5b9e\u9a8c\u5ba4\u62a5\u544a\u3001\u7687\u5bb6\u8bcf\u4e66\u4e0e\u5f53\u4ee3\u5065\u5eb7\u65b9\u6848\u8fde\u63a5\u5728\u4e00\u8d77\u3002\u6b63\u662f\u8fd9\u4efd\u6052\u4e45\u4e0d\u53d8\uff0c\u6d41\u6dcc\u5728\u77f3\u7070\u5ca9\u548c\u4eba\u7c7b\u8bb0\u5fc6\u4e2d\uff0c\u4f2f\u4f0a\u83b1\u56fe\u4ec0\u7eb3\u5fb7\u5c55\u73b0\u4e86\u5b83\u7684\u672c\u8d28\uff1a\u8fd9\u91cc\u5c06\u571f\u5730\u7684\u5fae\u5999\u5316\u5b66\u4e0e\u7cbe\u5fc3\u5475\u62a4\u7684\u5b9e\u8df5\u878d\u4e3a\u4e00\u4f53\uff0c\u9080\u8bf7\u6bcf\u4e00\u4f4d\u6e38\u5ba2\u53c2\u4e0e\u81ea\u7136\u3001\u5386\u53f2\u4e0e\u5065\u5eb7\u7684\u5bf9\u8bdd\u3002<\/p>","protected":false},"excerpt":{"rendered":"<p>\u4f2f\u4f0a\u83b1\u56fe\u4ec0\u7eb3\u5fb7\uff08B\u0103ile Tu\u0219nad\uff09\u662f\u7f57\u9a6c\u5c3c\u4e9a\u7279\u5170\u897f\u74e6\u5c3c\u4e9a\u5730\u533a\u4e1c\u90e8\u4e00\u5ea7\u98ce\u666f\u5982\u753b\u7684\u5c0f\u9547\uff0c\u622a\u81f32021\u5e74\uff0c\u4eba\u200b\u200b\u53e3\u4e3a1372\u4eba\uff0c\u662f\u7f57\u9a6c\u5c3c\u4e9a\u4eba\u53e3\u6700\u5c11\u7684\u57ce\u9547\u3002\u8fd9\u5ea7\u5c0f\u9547\u5750\u843d\u5728\u5965\u5c14\u7279\u6cb3\u8c37\u7684\u54c8\u5c14\u5409\u5854\u5c71\u548c\u535a\u591a\u514b\u5c71\u4e4b\u95f4\uff0c\u6d77\u62d4650\u7c73\uff0c\u4f4d\u4e8e\u4e18\u514b\u6d3c\u5730\u5357\u90e8\uff0c\u666f\u8272\u4f18\u7f8e\u3002<\/p>","protected":false},"author":1,"featured_media":17485,"parent":11908,"menu_order":0,"comment_status":"closed","ping_status":"closed","template":"elementor_theme","meta":{"_eb_attr":"","footnotes":""},"class_list":["post-17035","page","type-page","status-publish","has-post-thumbnail"],"_links":{"self":[{"href":"https:\/\/travelshelper.com\/zh\/wp-json\/wp\/v2\/pages\/17035","targetHints":{"allow":["GET"]}}],"collection":[{"href":"https:\/\/travelshelper.com\/zh\/wp-json\/wp\/v2\/pages"}],"about":[{"href":"https:\/\/travelshelper.com\/zh\/wp-json\/wp\/v2\/types\/page"}],"author":[{"embeddable":true,"href":"https:\/\/travelshelper.com\/zh\/wp-json\/wp\/v2\/users\/1"}],"replies":[{"embeddable":true,"href":"https:\/\/travelshelper.com\/zh\/wp-json\/wp\/v2\/comments?post=17035"}],"version-history":[{"count":0,"href":"https:\/\/travelshelper.com\/zh\/wp-json\/wp\/v2\/pages\/17035\/revisions"}],"up":[{"embeddable":true,"href":"https:\/\/travelshelper.com\/zh\/wp-json\/wp\/v2\/pages\/11908"}],"wp:featuredmedia":[{"embeddable":true,"href":"https:\/\/travelshelper.com\/zh\/wp-json\/wp\/v2\/media\/17485"}],"wp:attachment":[{"href":"https:\/\/travelshelper.com\/zh\/wp-json\/wp\/v2\/media?parent=17035"}],"curies":[{"name":"wp","href":"https:\/\/api.w.org\/{rel}","templated":true}]}}