{"id":17017,"date":"2024-09-25T11:36:59","date_gmt":"2024-09-25T11:36:59","guid":{"rendered":"https:\/\/travelshelper.com\/staging\/?page_id=17017"},"modified":"2026-03-12T21:04:52","modified_gmt":"2026-03-12T21:04:52","slug":"%e8%b4%b9%e5%88%a9%e5%85%8b%e6%96%af%e8%b4%9d%e8%8e%b1","status":"publish","type":"page","link":"https:\/\/travelshelper.com\/zh\/destinations\/europe\/romania\/baile-felix\/","title":{"rendered":"\u8d39\u5229\u514b\u65af\u8d1d\u83b1"},"content":{"rendered":"<p>\u4f2f\u4f0a\u83b1\u8d39\u5229\u514b\u65af\u662f\u7f57\u9a6c\u5c3c\u4e9a\u514b\u91cc\u8428\u7eb3\u5730\u533a\u6bd4\u970d\u5c14\u53bf\u5723\u9a6c\u4e01\u516c\u793e\u7684\u4e00\u4e2a\u6751\u5e84\uff0c\u4f4d\u4e8e\u5965\u62c9\u8fea\u4e9a\u5e02\u4ee5\u5357\u7ea6 10 \u516c\u91cc\u5904\uff0c\u662f\u7f57\u9a6c\u5c3c\u4e9a\u6700\u5927\u7684\u6c38\u4e45\u6027\u6e29\u6cc9\u5ea6\u5047\u80dc\u5730\uff0c\u62e5\u6709 7,000 \u591a\u4e2a\u4f4f\u5bbf\u573a\u6240\uff0c\u6e29\u6cc9\u6e29\u5ea6\u8303\u56f4\u4e3a 20\u00b0C \u81f3 49\u00b0C\u3002<\/p>\n<p>\u4ece1711\u5e74\u81f31721\u5e74\u95f4\u5efa\u9020\u7684\u6700\u65e9\u7684\u5efa\u7b51\uff0c\u5230\u5982\u4eca\u517c\u5177\u533b\u7597\u5eb7\u590d\u548c\u4f11\u95f2\u65c5\u6e38\u4e2d\u5fc3\u7684\u5730\u4f4d\uff0c\u767e\u4e50\u8d39\u5229\u514b\u65af\u6751\uff08B\u0103ile Felix\uff09\u51ed\u501f\u4e25\u8c28\u7684\u5b9e\u8bc1\u89c2\u5bdf\u548c\u7a33\u6b65\u7684\u9002\u5e94\u53d1\u5c55\uff0c\u5f00\u8f9f\u4e86\u4e00\u6761\u53d1\u5c55\u4e4b\u8def\u3002\u6751\u540d\u672c\u8eab\u5c31\u81f4\u656c\u8d39\u5229\u514b\u65af\u00b7\u8d6b\u5c14\u5f7b\uff08Felix Helcher\uff09\uff0c\u4ed6\u662f\u4e00\u4f4d\u5341\u516b\u4e16\u7eaa\u7684\u6469\u62c9\u7ef4\u4e9a\u50e7\u4fa3\uff0c\u96b6\u5c5e\u4e8e\u514b\u6d1b\u65af\u7279\u5e03\u9c81\u514b\u4fee\u9053\u9662\uff0c\u8d1f\u8d23\u7ba1\u7406\u5723\u9a6c\u4e01\uff08S\u00e2nmartin\uff09\u9886\u5730\uff0c\u5e76\u76d1\u7763\u4e86\u5308\u7259\u5229\u8d39\u5229\u514b\u65af\u798f\u5c14\u591a\uff08F\u00e9lixf\u00fcrd\u0151\uff09\u540d\u79f0\u4e0b\u9996\u4e2a\u534f\u8c03\u4e00\u81f4\u7684\u6d17\u6d74\u8bbe\u65bd\u5f00\u53d1\u9879\u76ee\u3002\u4e09\u4e2a\u4e16\u7eaa\u4ee5\u6765\uff0c\u8fd9\u5ea7\u6751\u5e84\u7684\u5730\u7406\u5750\u6807\u2014\u2014\u5750\u843d\u5728\u535a\u5c14\u4ec0\uff08Bor\u015f\uff09\u8fb9\u5883\u68c0\u67e5\u7ad9\u4e1c\u5357\u7ea622\u516c\u91cc\u5904\u4e00\u7247\u8d77\u4f0f\u7684\u6866\u6811\u548c\u6a61\u6811\u6797\u4e4b\u4e2d\u2014\u2014\u59cb\u7ec8\u5982\u4e00\uff0c\u5373\u4f7f\u793e\u4f1a\u3001\u653f\u6cbb\u548c\u79d1\u5b66\u6f6e\u6d41\u6539\u53d8\u4e86\u5176\u5efa\u7b51\u73af\u5883\u548c\u7597\u517b\u670d\u52a1\u7684\u8f6e\u5ed3\uff0c\u4e5f\u4f9d\u7136\u5982\u6b64\u3002<\/p>\n<p>\u5341\u516b\u4e16\u7eaa\u521d\uff0c\u8d6b\u5c14\u5f7b\u6307\u5bfc\u5efa\u9020\u4e86\u6700\u521d\u7684\u6d74\u573a\uff0c\u5176\u4e3b\u8981\u5438\u5f15\u529b\u5728\u4e8e\u5176\u6d8c\u51fa\u7684\u70ed\u6c34\u4e0e\u5b63\u8282\u6027\u73af\u5883\u6e29\u5ea6\u76f8\u6297\u8861\u7684\u7eaf\u7cb9\u5947\u89c2\u3002\u5f53\u5730\u4f20\u8bf4\u5c06\u6e29\u6cc9\u7684\u53d1\u73b0\u65f6\u95f4\u5b9a\u5728\u516c\u51431000\u5e74\u62161200\u5e74\uff0c\u800c\u66f4\u4e3a\u8c28\u614e\u7684\u5b66\u8005\u5219\u8ba4\u4e3a\u6e29\u6cc9\u7684\u6b63\u5f0f\u5f00\u53d1\u59cb\u4e8e1700\u5e74\u5de6\u53f3\u3002\u523018\u4e16\u7eaa20\u5e74\u4ee3\u4e2d\u671f\uff0c\u7b2c\u4e00\u6279\u7b80\u964b\u7684\u8bbe\u65bd\u9010\u6e10\u88ab\u516c\u5171\u6d74\u573a\u6240\u53d6\u4ee3\uff0c\u8fd9\u4e9b\u6d74\u573a\u53ef\u4ee5\u63a5\u5f85\u90a3\u4e9b\u5bfb\u6c42\u6162\u6027\u75be\u75c5\u7f13\u89e3\u7684\u6c42\u533b\u8005\u30021948\u5e74\uff0c\u4fee\u9053\u9662\u571f\u5730\u5728\u5171\u4ea7\u515a\u56fd\u6709\u5316\u4e0b\u89e3\u6563\uff0c\u524a\u5f31\u4e86\u666e\u96f7\u8499\u7279\u96f7\u4fee\u4f1a\u5bf9\u8be5\u5730\u7684\u76f4\u63a5\u7ba1\u7406\uff0c\u4f46\u8fd9\u5e76\u672a\u62b9\u6740\u5f53\u65f6\u533b\u5b66\u754c\u5bf9\u5bcc\u542b\u77ff\u7269\u8d28\u7684\u6e29\u6cc9\u7684\u5e7f\u6cdb\u9700\u6c42\u3002<\/p>\n<p>\u4f2f\u4f0a\u83b1\u8d39\u5229\u514b\u65af (B\u0103ile Felix) \u7684\u7279\u8272\u4f9d\u7136\u662f\u5176\u5bcc\u542b\u5be1\u91d1\u5c5e\u3001\u91cd\u78b3\u9178\u76d0\u3001\u9499\u548c\u94a0\u7684\u6e29\u6cc9\uff0c\u5176\u6cbb\u7597\u6f5c\u529b\u5df2\u88ab\u5386\u4ee3\u533b\u62a4\u4eba\u5458\u8bc1\u5b9e\u30021885\u5e74\uff0c\u4e00\u5904\u6d8c\u51fa\u6c34\u6e29\u9ad8\u8fbe49\u00b0C\u7684\u65b0\u6cc9\u6d8c\u51fa\uff0c\u6269\u5927\u4e86\u5ea6\u5047\u6751\u7684\u6cbb\u7597\u8303\u56f4\uff0c\u5e76\u8d85\u8d8a\u4e86\u5730\u57df\u754c\u9650\uff0c\u518d\u6b21\u786e\u7acb\u4e86\u5176\u58f0\u8a89\u3002\u5185\u79d1\u533b\u751f\u6765\u5230\u8fd9\u91cc\uff0c\u4e3a\u60a3\u6709\u98ce\u6e7f\u6027\u591a\u5173\u8282\u708e\u3001\u7c7b\u98ce\u6e7f\u6027\u810a\u67f1\u708e\u3001\u9000\u884c\u6027\u5173\u8282\u75c5\u548c\u795e\u7ecf\u75db\u7684\u60a3\u8005\u63a8\u8350\u7279\u5b9a\u7684\u6cbb\u7597\u65b9\u6848\u3002\u4e2d\u67a2\u548c\u5468\u56f4\u795e\u7ecf\u7cfb\u7edf\u75be\u75c5\u3001\u5987\u79d1\u75be\u75c5\u3001\u521b\u4f24\u540e\u5eb7\u590d\u4ee5\u53ca\u67d0\u4e9b\u5185\u5206\u6ccc\u75be\u75c5\u4e5f\u662f\u5ea6\u5047\u6751\u7684\u70ed\u95e8\u8bca\u7597\u9879\u76ee\u3002\u5ea6\u5047\u6751\u7684\u6cbb\u7597\u624b\u6bb5\u5305\u62ec\u7535\u7597\u3001\u6c34\u7597\u3001\u55b7\u96fe\u7ed9\u836f\u3001\u77f3\u8721\u5305\u57cb\u548c\u9488\u5bf9\u6027\u6309\u6469\uff0c\u6240\u6709\u8fd9\u4e9b\u90fd\u5728\u65e5\u76ca\u5b8c\u5584\u7684\u533b\u7597\u4f53\u7cfb\u7684\u76d1\u7763\u4e0b\u8fdb\u884c\u3002<\/p>\n<p>\u5728\u5c65\u884c\u7597\u517b\u4f7f\u547d\u7684\u540c\u65f6\uff0c\u767e\u4e50\u8d39\u5229\u514b\u65af\u6e29\u6cc9\u5ea6\u5047\u6751\u8fd8\u81f4\u529b\u4e8e\u6253\u9020\u4f11\u95f2\u65c5\u6e38\u8bbe\u65bd\u3002\u5982\u4eca\uff0c\u7531\u9152\u5e97\u3001\u5bbe\u9986\u548c\u79c1\u4eba\u522b\u5885\u7ec4\u6210\u7684\u7f51\u7edc\u53ef\u63d0\u4f9b\u8d85\u8fc77000\u4e2a\u4f4f\u5bbf\u4f4d\uff0c\u5e76\u914d\u5907\u5ba4\u5185\u5916\u6e38\u6cf3\u8bbe\u65bd\u3002\u6e29\u548c\u7684\u5927\u9646\u6027\u6c14\u5019\uff0c\u590f\u5b63\u6e29\u548c\uff0c\u51ac\u5b63\u5219\u88ab\u843d\u53f6\u6797\u8986\u76d6\uff0c\u8d4b\u4e88\u4e86\u8fd9\u91cc\u5e38\u5e74\u6e29\u6696\u7684\u6c14\u5019\u3002\u8fd9\u6837\u7684\u6c14\u5019\u5b55\u80b2\u4e86\u4e9a\u70ed\u5e26\u7761\u83b2\u2014\u2014Nymphaea lotus Thermalis\u2014\u2014\u4e00\u79cd\u7b2c\u4e09\u7eaa\u9057\u7559\u4e0b\u6765\u7684\u690d\u7269\uff0c\u5728\u5ea6\u5047\u6751\u7684\u6e56\u6cca\u4e2d\u7e41\u8302\u751f\u957f\u3002\u6e38\u5ba2\u4eec\u53ef\u4ee5\u4e0e\u8fd9\u4e9b\u82b1\u6735\u3001\u6d77\u9f9f\u3001\u73cd\u5947\u9c7c\u7c7b\u548c\u5176\u4ed6\u751f\u7269\u76f8\u9047\uff0c\u8fd9\u4e9b\u90fd\u4f53\u73b0\u4e86\u6e29\u6cc9\u6c34\u72ec\u7279\u7684\u5c0f\u6c14\u5019\u548c\u4e30\u5bcc\u7684\u77ff\u7269\u8d28\u542b\u91cf\u3002<\/p>\n<p>\u5728\u4e1c\u90e8\uff0c\u90bb\u8fd1\u4f2f\u4f0a\u83b1\u4e00\u8fc8\uff08B\u0103ile 1 Mai\uff09\u7684\u201cP\u00e2r\u00e2ul Pe\u0163a\u201d\u81ea\u7136\u4fdd\u62a4\u533a\uff0c\u4e3a\u4eba\u4eec\u63d0\u4f9b\u4e86\u4e09\u79cd\u53d7\u4fdd\u62a4\u7269\u79cd\u7684\u96be\u5f97\u4e00\u89c1\uff1aMelanopsis parreyssi\u8717\u725b\uff0c\u4e00\u79cd\u7ecf\u53d7\u4f4f\u4e86\u8fde\u7eed\u51b0\u5ddd\u4f5c\u7528\u7684\u7b2c\u4e09\u7eaa\u5b51\u9057\u7269\u79cd\uff1bScardinus racovitzae\uff0c\u4fd7\u79f0\u201cRo\u0219ioara lui Racovi\u021b\u0103\u201d\uff0c\u4ee5\u9996\u6b21\u63cf\u8ff0\u5b83\u7684\u7f57\u9a6c\u5c3c\u4e9a\u535a\u7269\u5b66\u5bb6\u547d\u540d\uff1b\u4ee5\u53caNymphaea lotusthermalis\uff0c\u5176\u6b27\u6d32\u5206\u5e03\u8303\u56f4\u4ec5\u9650\u4e8e\u8fd9\u7247\u533a\u57df\u3002\u4fdd\u62a4\u533a\u7684\u6c34\u751f\u751f\u6001\u7cfb\u7edf\u5982\u540c\u4e00\u4e2a\u6d3b\u751f\u751f\u7684\u5b9e\u9a8c\u5ba4\uff0c\u8fde\u63a5\u7740\u4fdd\u62a4\u751f\u7269\u5b66\u3001\u5730\u8d28\u5b66\u548c\u6c14\u5019\u5b66\u3002<\/p>\n<p>\u4f2f\u4f0a\u83b1\u8d39\u5229\u514b\u65af\u7684\u4f11\u95f2\u5a31\u4e50\u6d3b\u52a8\u517c\u5177\u5386\u53f2\u4e0e\u73b0\u4ee3\u4f53\u9a8c\u3002\u963f\u6ce2\u7f57\u6e29\u6cc9\u6c60\u4e8e1900\u5e74\u843d\u6210\uff0c\u4fdd\u7559\u4e8620\u4e16\u7eaa\u65e9\u671f\u6e29\u6cc9\u5efa\u7b51\u548c\u516c\u5171\u6d74\u573a\u6587\u5316\u7684\u7279\u8272\u3002\u6bd7\u90bb\u7684\u8bbe\u65bd\u2014\u2014\u4f2f\u4f0a\u83b1\u8d39\u5229\u514b\u65af\u7684\u5ba4\u5185\u6c34\u4e0a\u4e50\u56ed\u548c\u4f4d\u4e8e\u4f2f\u4f0a\u83b11 Mai\u7684\u9020\u6d6a\u6c60\u2014\u2014\u88ab\u8a89\u4e3a\u7f57\u9a6c\u5c3c\u4e9a\u6700\u53e4\u8001\u7684\u9020\u6d6a\u6c60\uff0c\u62e5\u6709\u8d85\u8fc7\u767e\u5e74\u7684\u8fd0\u8425\u5386\u53f2\u2014\u2014\u6ee1\u8db3\u4e86\u6e38\u5ba2\u5728\u5bfb\u6c42\u6d3b\u529b\u6c34\u4e0a\u4f11\u95f2\u7684\u540c\u65f6\uff0c\u4e5f\u5bfb\u6c42\u8eab\u5fc3\u6c89\u6d78\u5f0f\u7597\u6108\u7684\u613f\u671b\u3002\u9020\u6d6a\u6c60\u8f7b\u67d4\u7684\u8d77\u4f0f\u5de7\u5999\u5730\u81f4\u656c\u4e86\u9644\u8fd1\u6e29\u6cc9\u6e56\u7684\u6d41\u7545\u66f2\u7ebf\uff0c\u5e76\u5f3a\u5316\u4e86\u5ea6\u5047\u6751\u4f5c\u4e3a\u7597\u517b\u4e2d\u5fc3\u548c\u4f11\u61a9\u573a\u6240\u7684\u53cc\u91cd\u8eab\u4efd\u3002<\/p>\n<p>\u5468\u56f4\u6751\u5e84\u77d7\u7acb\u7740\u4e00\u7cfb\u5217\u8de8\u8d8a\u4e2d\u4e16\u7eaa\u81f3\u73b0\u4ee3\u7684\u6559\u4f1a\u5efa\u7b51\uff0c\u8fd9\u8fdb\u4e00\u6b65\u589e\u5f3a\u4e86\u4eba\u4eec\u5bf9\u5386\u53f2\u548c\u5efa\u7b51\u9057\u4ea7\u7684\u5438\u5f15\u529b\u3002\u6d77\u5384\u793c\u62dc\u5802\u662f\u4e00\u5ea7\u5341\u56db\u4e16\u7eaa\u7684\u6559\u5802\u5927\u5385\uff0c\u5176\u72ec\u7279\u7684\u8bbe\u8ba1\u878d\u5408\u4e86\u7f57\u9a6c\u5f0f\u3001\u897f\u591a\u4f1a\u5f0f\u548c\u54e5\u7279\u5f0f\u5143\u7d20\uff0c\u5e76\u4e8e1977\u5e74\u8fdb\u884c\u4e86\u4fee\u590d\uff0c\u4ee5\u4fdd\u7559\u5176\u6734\u7d20\u7684\u77f3\u62f1\u9876\u548c\u67f3\u53f6\u5200\u7a97\u3002\u51e0\u516c\u91cc\u5916\u77d7\u7acb\u7740\u8428\u5c3c\u6cd5\u59c6\u5efa\u7b51\uff0c\u5b83\u66fe\u5c5e\u4e8e\u5341\u4e03\u4e16\u7eaa\u5723\u6587\u68ee\u7279\u4fee\u9053\u4f1a\uff0c\u5982\u4eca\u56e0\u5176\u5df4\u6d1b\u514b\u98ce\u683c\u7684\u5916\u5899\u800c\u5907\u53d7\u8d5e\u8a89\u3002\u5728\u9f99\u9676\uff0c\u4e00\u5ea7\u5341\u4e94\u4e16\u7eaa\u7684\u4e1c\u6b63\u6559\u6559\u5802\u77d7\u7acb\u5728\u4e00\u4e2a\u4e61\u6751\u805a\u843d\u4e2d\uff1b\u800c\u6d77\u5384\u5219\u62e5\u6709\u4e0d\u540c\u5e74\u4ee3\u7684\u7f57\u9a6c\u5929\u4e3b\u6559\u548c\u5e0c\u814a\u5929\u4e3b\u6559\u5723\u6bbf\u3002\u5e03\u9c81\u65af\u56fe\u91cc\u7684\u4e00\u5ea7\u6728\u5236\u6559\u5802\u548c\u4f2f\u4f0a\u83b1\u8d39\u5229\u514b\u65af\u7684\u4e00\u5ea7\u5341\u4e5d\u4e16\u7eaa\u7684\u5e0c\u814a\u5929\u4e3b\u6559\u6559\u5802\u8fdb\u4e00\u6b65\u4e30\u5bcc\u4e86\u8be5\u5730\u533a\u7684\u6559\u4f1a\u9057\u4ea7\u3002<\/p>\n<p>\u5730\u8d28\u73b0\u8c61\u4e5f\u5438\u5f15\u4e86\u5b66\u8005\u548c\u666e\u901a\u6c11\u4f17\u7684\u5173\u6ce8\u3002\u5728 Dealul \u015eomleului \u7684\u77f3\u7070\u5ca9\u5c71\u5761\u4e0a\uff0c\u6709\u4e00\u4e2a\u5580\u65af\u7279\u7ad6\u4e95\uff0c\u901a\u5e38\u88ab\u79f0\u4e3a Betfia \u88c2\u8c37\uff0c\u6216\u8005\u7528\u5f53\u5730\u7684\u8bf4\u6cd5\uff0c\u79f0\u4e3a\u201cBetfia \u706b\u5c71\u53e3\u201d\uff0c\u5b83\u6df1\u8fbe 86 \u7c73\uff0c\u51e0\u4e4e\u5782\u76f4\u7684 86 \u7c73\u843d\u5dee\u6700\u7ec8\u6c47\u5165\u4e00\u4e2a\u5730\u4e0b\u6d1e\u7a74\u3002\u8fd9\u4e00\u7279\u5f81\u4f53\u73b0\u4e86\u8be5\u5730\u533a\u53ef\u6eb6\u57fa\u5ca9\u548c\u5730\u4e0b\u6392\u6c34\u6a21\u5f0f\uff0c\u8fd9\u4e9b\u6a21\u5f0f\u5851\u9020\u4e86\u963f\u666e\u585e\u5c3c\u5c71\u8109\uff08Apuseni\uff09\u7684\u6c34\u5316\u5b66\u6027\u8d28\u548c\u6d1e\u7a74\u6784\u9020\u3002<\/p>\n<p>\u5728\u4f2f\u4f0a\u83b1\u8d39\u5229\u514b\u65af\u9547\u5468\u8fb9\uff0c\u6e38\u5ba2\u53ef\u4ee5\u53c2\u52a0\u7ec4\u7ec7\u7684\u6e38\u89c8\u6d3b\u52a8\uff0c\u524d\u5f80\u4f4d\u4e8e\u5947\u4ec0\u514b\u4e4c\u7684\u4e4c\u5c14\u5e0c\u6d1b\u6d1e\u7a74\uff08Ur\u0219ilor Cave\uff09\u3002\u8fd9\u662f\u7f57\u9a6c\u5c3c\u4e9a\u552f\u4e00\u4e00\u4e2a\u8fbe\u5230\u56fd\u9645\u6807\u51c6\u7684\u6d1e\u7a74\u5b66\u9057\u5740\uff0c\u4ee5\u5176\u4e30\u5bcc\u7684\u718a\u79d1\u52a8\u7269\u5316\u77f3\u800c\u95fb\u540d\u3002\u53e4\u751f\u7269\u5b66\u5bb6\u548c\u53e4\u751f\u7269\u5b66\u5bb6\u4eec\u90fd\u5728\u7814\u7a76\u8fd9\u91cc\u7684\u5316\u77f3\u7ec4\u5408\uff0c\u4ee5\u6df1\u5165\u4e86\u89e3\u66f4\u65b0\u4e16\u5de8\u578b\u52a8\u7269\uff0c\u5373\u4f7f\u6e38\u5ba2\u4eec\u8d70\u5728\u67d4\u548c\u7684\u7535\u706f\u7167\u4eae\u7684\u9884\u5b9a\u8def\u5f84\u4e0a\u3002\u6d1e\u7a74\u51c9\u723d\u7684\u5185\u90e8\u548c\u5e03\u6ee1\u5316\u77f3\u7684\u6d1e\u7a74\u58c1\u4e0e\u5730\u8868\u7684\u6e29\u6696\u548c\u95f2\u9002\u5f62\u6210\u4e86\u9c9c\u660e\u7684\u5bf9\u6bd4\u3002<\/p>\n<p>\u4e8c\u5341\u4e16\u7eaa\uff0c\u767e\u4e50\u8d39\u5229\u514b\u65af\u5ea6\u5047\u6751\u7ecf\u5386\u4e86\u8870\u843d\u4e0e\u590d\u5174\u30021948\u5e74\u4fee\u9053\u9662\u571f\u5730\u56fd\u6709\u5316\u540e\uff0c\u56fd\u5bb6\u62e8\u4ed8\u8d44\u6e90\u7528\u4e8e\u5efa\u8bbe\u4f11\u95f2\u8bbe\u65bd\uff0c\u5176\u4e2d\u5305\u62ec\u4e0e\u6cbb\u5b89\u5c40\uff08Securitate\uff09\u76f8\u5173\u7684\u8bbe\u65bd\u3002\u6614\u65e5\u4fee\u9053\u9662\u5e84\u56ed\u7684\u79c1\u6709\u5236\u4ecd\u7531\u666e\u96f7\u8499\u7279\u96f7\u4fee\u4f1a\uff08Premonstratensian Order\uff09\u7684\u6559\u4f1a\u4e3b\u5f20\u30021989\u5e74\u653f\u6cbb\u53d8\u9769\u540e\uff0c\u767e\u4e50\u8d39\u5229\u514b\u65af\u5ea6\u5047\u6751\u8fdb\u5165\u4e86\u5feb\u901f\u53d1\u5c55\u65f6\u671f\uff1a\u63d0\u4f9b\u56fd\u9645\u6c34\u51c6\u8212\u9002\u4f4f\u5bbf\u7684\u5bbe\u9986\u6570\u91cf\u6fc0\u589e\uff0c\u79c1\u4eba\u4f4f\u5bbf\u4e5f\u56e0\u65e5\u76ca\u589e\u957f\u7684\u56fd\u5185\u5916\u9700\u6c42\u800c\u4e0d\u65ad\u6269\u5f20\u30022014\u5e74\u94c1\u8def\u5ba2\u8fd0\u670d\u52a1\u7684\u4e2d\u65ad\u5e76\u672a\u524a\u5f31\u5ea6\u5047\u6751\u7684\u9b45\u529b\uff0c\u56e0\u4e3a\u5927\u591a\u6570\u6e38\u5ba2\u90fd\u662f\u4ece\u5965\u62c9\u8fea\u4e9a\uff08Oradea\uff09\u6216\u535a\u5c14\u4ec0\uff08Bor\u015f\uff09\u8fb9\u5883\u68c0\u67e5\u7ad9\u7ecf\u516c\u8def\u62b5\u8fbe\u3002<\/p>\n<p>\u5728\u5176\u53d1\u5c55\u5386\u7a0b\u4e2d\uff0c\u767e\u4e50\u8d39\u5229\u514b\u65af\u6e29\u6cc9\u59cb\u7ec8\u5728\u7ecf\u9a8c\u79d1\u5b66\u4e0e\u751f\u6d3b\u4f53\u9a8c\u4e4b\u95f4\u4fdd\u6301\u7740\u5fae\u5999\u7684\u5e73\u8861\u3002\u6614\u65e5\u7b80\u6734\u7684\u5341\u516b\u4e16\u7eaa\u4ead\u9601\u5efa\u7b51\u7fa4\u5982\u4eca\u5df2\u88ab\u914d\u5907\u8bca\u65ad\u8bbe\u5907\u3001\u9759\u7535\u6d74\u3001\u77f3\u8721\u5305\u624e\u5ba4\u548c\u55b7\u96fe\u67dc\u7684\u73b0\u4ee3\u5316\u533b\u7597\u4e2d\u5fc3\u6240\u53d6\u4ee3\uff0c\u4f46\u5176\u57fa\u672c\u539f\u7406\u59cb\u7ec8\u672a\u53d8\uff1a\u67d0\u4e9b\u75be\u75c5\u53ef\u4ee5\u901a\u8fc7\u63a7\u5236\u5bcc\u542b\u77ff\u7269\u8d28\u7684\u70ed\u91cf\u548c\u6d6e\u529b\u6d78\u6ce1\u6765\u7f13\u89e3\u3002\u7f57\u9a6c\u5c3c\u4e9a\u56fd\u5185\u5916\u533b\u5b66\u671f\u520a\u7684\u51fa\u7248\u7269\u8bb0\u5f55\u4e86\u5176\u5bf9\u708e\u6027\u98ce\u6e7f\u75c5\u3001\u795e\u7ecf\u75db\u3001\u521b\u4f24\u540e\u50f5\u786c\u4ee5\u53ca\u67d0\u4e9b\u5987\u79d1\u75be\u75c5\u7684\u7597\u6548\u3002\u4ece\u6e29\u6cc9\u6e56\u5e8a\u4e2d\u63d0\u53d6\u7684\u8150\u6ce5\uff0c\u901a\u8fc7\u63d0\u4f9b\u7ec6\u9897\u7c92\u3001\u5bcc\u542b\u6709\u673a\u8d28\u7684\u7c98\u571f\uff0c\u8865\u5145\u4e86\u6c34\u7597\u7684\u529f\u6548\uff0c\u800c\u8fd9\u4e9b\u7c98\u571f\u7684\u6297\u708e\u7279\u6027\u957f\u671f\u4ee5\u6765\u5728\u5f53\u5730\u6c11\u95f4\u533b\u5b66\u4e2d\u4eab\u6709\u76db\u8a89\u3002<\/p>\n<p>\u867d\u7136\u6838\u5fc3\u5ba2\u6237\u7fa4\u4f9d\u7136\u5305\u62ec\u63a5\u53d7\u5185\u79d1\u533b\u751f\u5904\u65b9\u6570\u5468\u7597\u7a0b\u7684\u60a3\u8005\uff0c\u4f46\u8d8a\u6765\u8d8a\u591a\u7684\u4eba\u65e0\u9700\u8f6c\u8bca\u5c31\u6765\uff0c\u4ed6\u4eec\u88ab\u6e05\u65b0\u7684\u7a7a\u6c14\u3001\u6e29\u5e26\u68ee\u6797\u548c\u6e29\u6696\u7684\u6d77\u6c34\u6240\u5438\u5f15\uff0c\u5e0c\u671b\u80fd\u5728\u8fd9\u91cc\u5f97\u5230\u7247\u523b\u4f11\u61a9\u3002\u4e9a\u70ed\u5e26\u7761\u83b2\u5728\u5e73\u9759\u7684\u6c34\u9762\u95f4\u98d8\u8361\uff1b\u82cd\u9e6d\u7684\u54c0\u9e23\u6253\u7834\u4e86\u6e05\u6668\u7684\u5b81\u9759\uff1b\u5076\u5c14\u4f1a\u6709\u6210\u7fa4\u7684\u5019\u9e1f\u5728\u5b63\u8282\u6027\u8fc1\u5f99\u4e2d\u9a7b\u8db3\u3002\u4f11\u95f2\u6b65\u9053\u873f\u8712\u7a7f\u8fc7\u6a61\u6811\u548c\u5c71\u6bdb\u6989\u6811\u6797\uff0c\u767e\u5e74\u8001\u6811\u9759\u9759\u5730\u89c1\u8bc1\u7740\u6751\u5e84\u7684\u6545\u4e8b\u3002<\/p>\n<p>\u5f53\u5730\u653f\u5e9c\u548c\u4f01\u4e1a\u5bb6\u4eec\u81f4\u529b\u4e8e\u5c06\u53ef\u6301\u7eed\u6027\u878d\u5165\u5230\u6301\u7eed\u53d1\u5c55\u4e2d\u3002\u8282\u6c34\u6280\u672f\u3001\u5730\u70ed\u8d44\u6e90\u7684\u53ef\u63a7\u5f00\u91c7\u4ee5\u53ca\u5bf9\u7761\u83b2\u6816\u606f\u5730\u7684\u4fdd\u62a4\uff0c\u90fd\u4f53\u73b0\u51fa\u5ea6\u5047\u6751\u7684\u53ef\u6301\u7eed\u53d1\u5c55\u4f9d\u8d56\u4e8e\u4fdd\u62a4\u51e0\u4e2a\u4e16\u7eaa\u524d\u5438\u5f15\u83f2\u5229\u514b\u65af\u00b7\u8d6b\u5c14\u5f7b\u7684\u81ea\u7136\u8d44\u6e90\u3002\u6e56\u6ee8\u6b65\u9053\u6cbf\u7ebf\u7684\u6559\u80b2\u5c55\u677f\u8bb2\u89e3\u4e86\u6e29\u6cc9\u6c34\u7684\u751f\u6001\u73af\u5883\u4ee5\u53ca\u5730\u4e0b\u6c34\u5faa\u73af\u4e0e\u5730\u8868\u6cc9\u4e4b\u95f4\u7684\u76f8\u4e92\u4f5c\u7528\u3002\u8fd9\u4e9b\u63aa\u65bd\u4e0d\u4ec5\u57f9\u517b\u4e86\u6e38\u5ba2\u7684\u8d23\u4efb\u611f\uff0c\u4e5f\u5de9\u56fa\u4e86\u5ea6\u5047\u6751\u5728\u533b\u7597\u548c\u73af\u5883\u9886\u57df\u7684\u6743\u5a01\u5730\u4f4d\u3002<\/p>\n<p>\u767e\u4e50\u8d39\u5229\u514b\u65af\u7684\u6838\u5fc3\u7406\u5ff5\u662f\u60a0\u4e45\u4f20\u7edf\u4e0e\u6e10\u8fdb\u5f0f\u521b\u65b0\u7684\u878d\u5408\u3002\u5b83\u4ece\u672a\u89ca\u89ce\u9ed1\u6d77\u5ea6\u5047\u80dc\u5730\u7684\u89c4\u6a21\uff0c\u4f46\u5728\u81ea\u8eab\u7684\u9886\u57df\uff0c\u5b83\u5df2\u8d85\u8d8a\u6240\u6709\u56fd\u5185\u7ade\u4e89\u5bf9\u624b\u3002\u65e0\u8bba\u662f\u5bcc\u4e3d\u5802\u7687\u7684\u6c34\u7597\u9152\u5e97\uff0c\u8fd8\u662f\u5bb6\u5ead\u7ecf\u8425\u7684\u65c5\u9986\u548c\u522b\u5885\uff0c\u767e\u4e50\u8d39\u5229\u514b\u65af\u7684\u4f4f\u5bbf\u90fd\u79c9\u627f\u7740\u4e00\u4e2a\u4e0d\u8a00\u800c\u55bb\u7684\u7406\u5ff5\uff1a\u63d0\u4f9b\u70ed\u60c5\u53cb\u597d\u7684\u6b3e\u5f85\uff0c\u5374\u4e0d\u6c42\u5962\u534e\u3002\u963f\u6ce2\u7f57\u6cf3\u6c60\u7684\u95e8\u7968\u4ef7\u683c\u4fdd\u7559\u4e86\u65e9\u671f\u7684\u4f4e\u5ec9\uff1b\u79c1\u4eba\u6c34\u7597\u5957\u623f\u4e0e\u516c\u5171\u6d74\u573a\u5e76\u5b58\u3002<\/p>\n<p>\u6570\u767e\u5e74\u6765\uff0c\u4eba\u7c7b\u7684\u5e72\u9884\u3001\u79d1\u5b66\u63a2\u7a76\u3001\u5efa\u7b51\u8bbe\u8ba1\u548c\u666f\u89c2\u7ba1\u7406\u7684\u7d2f\u79ef\u6548\u5e94\uff0c\u9020\u5c31\u4e86\u8fd9\u7247\u96be\u4ee5\u8f7b\u6613\u5f52\u7c7b\u7684\u571f\u5730\u3002\u5b83\u65e2\u662f\u533b\u7597\u5723\u5730\uff0c\u53c8\u662f\u81ea\u7136\u4fdd\u62a4\u533a\uff0c\u662f\u4e00\u5ea7\u6d3b\u751f\u751f\u7684\u6e29\u6cc9\u6587\u5316\u535a\u7269\u9986\uff0c\u66f4\u662f\u4e61\u6751\u65e5\u5e38\u751f\u6d3b\u7684\u573a\u6240\u3002\u6751\u6c11\u4eec\u4f9d\u7136\u8015\u8018\u7740\u5c0f\u5757\u571f\u5730\uff0c\u7167\u6599\u7740\u679c\u56ed\uff0c\u5e76\u5728\u79cb\u5b63\u7684\u6797\u95f4\u91c7\u6458\u8611\u83c7\u3002\u5965\u62c9\u8fea\u4e9a\u7684\u96c6\u5e02\u65e5\u5438\u5f15\u4e86\u4f17\u591a\u552e\u5356\u8702\u871c\u3001\u5976\u916a\u548c\u624b\u5de5\u7eba\u7ec7\u54c1\u7684\u5c0f\u8d29\uff1b\u6709\u4e9b\u987e\u5ba2\u4f1a\u5728\u524d\u5f80\u4f2f\u4f0a\u83b1\u8d39\u5229\u514b\u65af\u7684\u9014\u4e2d\u7a0d\u4f5c\u505c\u7559\uff0c\u5c06\u5f53\u5730\u7684\u519c\u4ea7\u54c1\u88c5\u4e0a\u884c\u674e\u7bb1\u3002<\/p>\n<p>\u66ae\u8272\u65f6\u5206\uff0c\u68ee\u6797\u8986\u76d6\u7684\u5c71\u5761\u5448\u73b0\u51fa\u66f4\u6df1\u7684\u8272\u8c03\uff0c\u6e29\u6cc9\u6c60\u4e0a\u65b9\u5f25\u6f2b\u7740\u8f7b\u67d4\u7684\u84b8\u6c7d\uff0c\u5ea6\u5047\u6751\u5f25\u6f2b\u7740\u4e00\u79cd\u9759\u8c27\u6c89\u601d\u7684\u6c1b\u56f4\u3002\u6e38\u6cf3\u8005\u4ece\u5ba4\u5185\u6c34\u4e0a\u4e50\u56ed\u8d70\u51fa\u6765\uff0c\u5750\u5728\u77f3\u51f3\u4e0a\uff0c\u8ba9\u6e29\u6696\u7684\u84b8\u6c7d\u5728\u808c\u80a4\u4e0a\u51dd\u7ed3\u3002\u4e00\u5bb6\u4eba\u805a\u96c6\u5728\u6e56\u8fb9\uff0c\u89c2\u8d4f\u7761\u83b2\u7efd\u653e\u82b1\u74e3\u3002\u5386\u53f2\u5b66\u5bb6\u4eec\u5728\u6559\u5802\u95e8\u524d\u9a7b\u8db3\uff0c\u601d\u8003\u7f57\u9a6c\u5f0f\u62f1\u95e8\u3002\u535a\u7269\u5b66\u5bb6\u4eec\u8e72\u5728\u6cbc\u6cfd\u5730\u7684\u8fb9\u7f18\uff0c\u52fe\u52d2\u51fa\u9ed1\u5c3e\u8717\u725b\u72ec\u7279\u7684\u8f6e\u5ed3\u3002\u5728\u8fd9\u4e9b\u65f6\u523b\uff0c\u767e\u4e50\u8d39\u5229\u514b\u65af\u5c55\u73b0\u4e86\u5b83\u7684\u672c\u8d28\uff1a\u4eba\u7c7b\u63a2\u7d22\u4e0e\u81ea\u7136\u8fc7\u7a0b\u7684\u4ea4\u6c47\uff0c\u8fd9\u5ea7\u5efa\u7b51\u5e76\u975e\u7531\u5927\u7406\u77f3\u6216\u94a2\u94c1\u5efa\u9020\uff0c\u800c\u662f\u7531\u6c34\u3001\u77ff\u7269\u548c\u8bb0\u5fc6\u5efa\u9020\u800c\u6210\u3002<\/p>\n<p>\u4e09\u4e2a\u591a\u4e16\u7eaa\u4ee5\u6765\uff0c\u8fd9\u4e2a\u6751\u5e84\u7ecf\u5386\u4e86\u653f\u6cbb\u4f53\u5236\u3001\u79d1\u5b66\u8303\u5f0f\u548c\u6e38\u5ba2\u671f\u671b\u7684\u53d8\u8fc1\u3002\u5b83\u7684\u6545\u4e8b\u6db5\u76d6\u4e86\u6469\u62c9\u7ef4\u4e9a\u50e7\u4fa3\u3001\u5341\u4e5d\u4e16\u7eaa\u7684\u6c34\u6587\u5730\u8d28\u5b66\u5bb6\u3001\u4e8c\u5341\u4e16\u7eaa\u7684\u56fd\u5bb6\u89c4\u5212\u8005\u548c\u4e8c\u5341\u4e00\u4e16\u7eaa\u7684\u4f01\u4e1a\u5bb6\u3002\u7136\u800c\uff0c\u5176\u6838\u5fc3\u59cb\u7ec8\u4e0d\u53d8\uff1a\u6e29\u6cc9\u2014\u2014\u5730\u4e0b\u5730\u8d28\u7684\u9988\u8d60\u2014\u2014\u53ef\u4ee5\u88ab\u7cbe\u51c6\u3001\u8c28\u614e\u548c\u5c0a\u91cd\u5730\u5229\u7528\uff0c\u5e26\u6765\u4ece\u751f\u7406\u7f13\u89e3\u5230\u7eaf\u7cb9\u6c89\u6d78\u5f0f\u4f53\u9a8c\u7b49\u8bf8\u591a\u76ca\u5904\u3002\u5728\u8fd9\u65b9\u9762\uff0c\u4f2f\u4f0a\u83b1\u00b7\u8d39\u5229\u514b\u65af\u6751\u8bc1\u660e\u4e86\u4e00\u4e2a\u5730\u65b9\u80fd\u591f\u5851\u9020\u4eba\u7c7b\u613f\u671b\uff0c\u540c\u65f6\u4e5f\u88ab\u4eba\u7c7b\u613f\u671b\u6240\u5851\u9020\u7684\u6301\u4e45\u529b\u91cf\u3002\u5b83\u662f\u5065\u5eb7\u65c5\u6e38\u6545\u4e8b\u4e2d\u7684\u4e00\u7ae0\uff0c\u5728\u6e29\u6cc9\u4e2d\u4e66\u5199\uff0c\u5728\u68ee\u6797\u8986\u76d6\u7684\u5c71\u4e18\u73af\u7ed5\u4e2d\uff0c\u7531\u7ecf\u9a8c\u3001\u4e13\u4e1a\u77e5\u8bc6\u3001\u6743\u5a01\u548c\u53ef\u4fe1\u5ea6\u7684\u4e25\u683c\u76f8\u4e92\u4f5c\u7528\u652f\u6491\u3002<\/p>","protected":false},"excerpt":{"rendered":"<p>\u4f2f\u4f0a\u83b1\u8d39\u5229\u514b\u65af\u4f4d\u4e8e\u7f57\u9a6c\u5c3c\u4e9a\u6bd4\u970d\u5c14\u53bf\u5723\u9a6c\u4e01\u4e61\uff0c\u662f\u7f57\u9a6c\u5c3c\u4e9a\u6700\u5927\u7684\u6c38\u4e45\u6027\u6e29\u6cc9\u5ea6\u5047\u80dc\u5730\uff0c\u6df1\u53d7\u5f53\u5730\u5c45\u6c11\u7684\u559c\u7231\u3002\u8be5\u5730\u4f4d\u4e8e\u5965\u62c9\u8fea\u4e9a\u4ee5\u5357\u7ea610\u516c\u91cc\u5904\uff0c\u98ce\u666f\u79c0\u4e3d\uff0c\u5728\u7f57\u9a6c\u5c3c\u4e9a\u65c5\u6e38\u4e1a\u4e2d\u5360\u636e\u7740\u4e3e\u8db3\u8f7b\u91cd\u7684\u5730\u4f4d\uff0c\u5176\u63a5\u5f85\u80fd\u529b\u4ec5\u6b21\u4e8e\u9ed1\u6d77\u6cbf\u5cb8\u5730\u533a\u3002<\/p>","protected":false},"author":1,"featured_media":17487,"parent":11908,"menu_order":0,"comment_status":"closed","ping_status":"closed","template":"elementor_theme","meta":{"_eb_attr":"","footnotes":""},"class_list":["post-17017","page","type-page","status-publish","has-post-thumbnail"],"_links":{"self":[{"href":"https:\/\/travelshelper.com\/zh\/wp-json\/wp\/v2\/pages\/17017","targetHints":{"allow":["GET"]}}],"collection":[{"href":"https:\/\/travelshelper.com\/zh\/wp-json\/wp\/v2\/pages"}],"about":[{"href":"https:\/\/travelshelper.com\/zh\/wp-json\/wp\/v2\/types\/page"}],"author":[{"embeddable":true,"href":"https:\/\/travelshelper.com\/zh\/wp-json\/wp\/v2\/users\/1"}],"replies":[{"embeddable":true,"href":"https:\/\/travelshelper.com\/zh\/wp-json\/wp\/v2\/comments?post=17017"}],"version-history":[{"count":0,"href":"https:\/\/travelshelper.com\/zh\/wp-json\/wp\/v2\/pages\/17017\/revisions"}],"up":[{"embeddable":true,"href":"https:\/\/travelshelper.com\/zh\/wp-json\/wp\/v2\/pages\/11908"}],"wp:featuredmedia":[{"embeddable":true,"href":"https:\/\/travelshelper.com\/zh\/wp-json\/wp\/v2\/media\/17487"}],"wp:attachment":[{"href":"https:\/\/travelshelper.com\/zh\/wp-json\/wp\/v2\/media?parent=17017"}],"curies":[{"name":"wp","href":"https:\/\/api.w.org\/{rel}","templated":true}]}}