{"id":16242,"date":"2024-09-22T19:00:46","date_gmt":"2024-09-22T19:00:46","guid":{"rendered":"https:\/\/travelshelper.com\/staging\/?page_id=16242"},"modified":"2026-03-11T23:15:39","modified_gmt":"2026-03-11T23:15:39","slug":"%e6%b3%a2%e6%9d%b0%e5%b8%83%e6%8b%89%e8%bf%aa","status":"publish","type":"page","link":"https:\/\/travelshelper.com\/zh\/destinations\/europe\/czech-republic\/podebrady\/","title":{"rendered":"\u6ce2\u6770\u5e03\u62c9\u8fea"},"content":{"rendered":"<p>\u6ce2\u6770\u5e03\u62c9\u8fea\u5750\u843d\u5728\u6613\u5317\u6cb3\u7684\u7f13\u5761\u4e0a\uff0c\u5176\u7d27\u51d1\u7684\u6e29\u6cc9\u533a\u548c\u5386\u53f2\u4e2d\u5fc3\u4f4d\u4e8e\u5e03\u62c9\u683c\u4ee5\u4e1c\u4ec5\u56db\u5341\u591a\u516c\u91cc\u5904\uff0c\u6cbf\u7740\u73b0\u4ee3\u5316\u7684D11\u9ad8\u901f\u516c\u8def\u5373\u53ef\u5230\u8fbe\u3002\u8be5\u9547\u7684\u5730\u7c4d\u9762\u79ef\u7ea6\u4e3a33.7\u5e73\u65b9\u516c\u91cc\uff0c\u4f4d\u4e8e\u5e7f\u9614\u7684\u6ce2\u62c9\u6bd4\u4e9a\u4f4e\u5730\uff0c\u6d77\u62d4\u5728184\u7c73\u5230190\u7c73\u4e4b\u95f4\u53d8\u5316\u4e0d\u5927\u3002\u8fd9\u7247\u5e73\u5766\u7684\u5e73\u539f\u4e0a\uff0c\u8015\u4f5c\u5bc6\u96c6\uff0c\u4f46\u70b9\u7f00\u7740\u96f6\u661f\u7684\u6d2a\u6cdb\u68ee\u6797\uff0c\u81ea\u65e7\u77f3\u5668\u65f6\u4ee3\u6700\u65e9\u7684\u730e\u4eba\u6cbf\u7740\u873f\u8712\u7684\u6cb3\u5cb8\u8ffd\u8e2a\u730e\u7269\u4ee5\u6765\uff0c\u8fd9\u91cc\u5c31\u5b55\u80b2\u4e86\u4eba\u7c7b\u7684\u805a\u5c45\u5730\u3002<\/p>\n<p>\u4ece\u9065\u8fdc\u7684\u5343\u5e74\u5230\u4eca\u5929\uff0c\u6ce2\u6770\u5e03\u62c9\u8fea\u7684\u547d\u8fd0\u4e0e\u5b83\u7684\u6c34\u9053\u606f\u606f\u76f8\u5173\u30021262\u5e74\uff0c\u56fd\u738b\u666e\u70ed\u7c73\u65af\u5c14\u00b7\u5965\u5854\u5361\u4e8c\u4e16\uff08P\u0159emysl Otakar II\uff09\u8ba4\u8bc6\u5230\u4e86\u8fd9\u7247\u571f\u5730\u7684\u6218\u7565\u4ef7\u503c\u548c\u7f8e\u5b66\u4ef7\u503c\u3002\u4ed6\u4e0b\u4ee4\u5728\u539f\u5740\u4e0a\u5efa\u9020\u4e00\u5ea7\u77f3\u5934\u6c34\u5821\uff0c\u5c06\u4e00\u5ea7\u7b80\u964b\u7684\u9632\u5fa1\u5e84\u56ed\u4f5c\u4e3a\u5b9a\u5c45\u70b9\uff0c\u5e76\u4ee5\u6b64\u4f5c\u4e3a\u6cb3\u7554\u7684\u951a\u70b9\u3002\u51e0\u4e2a\u4e16\u7eaa\u4ee5\u6765\uff0c\u8fd9\u5ea7\u5821\u5792\u88ab\u6539\u5efa\u6210\u4f18\u96c5\u7684\u6ce2\u6770\u5e03\u62c9\u8fea\u57ce\u5821\uff0c\u5176\u575a\u56fa\u7684\u7816\u77f3\u7ed3\u6784\u548c\u4f18\u7f8e\u7684\u5ead\u9662\u6210\u4e3a\u5c0f\u9547\u7279\u8272\u7684\u6838\u5fc3\u3002<\/p>\n<p>\u5b54\u4ec0\u5854\u7279\u5bb6\u65cf\uff08Kun\u0161t\u00e1t\uff0c\u540e\u66f4\u540d\u4e3a\u5b54\u4ec0\u5854\u7279-\u6ce2\u6770\u5e03\u62c9\u5fb7\u4ec0\u8482\u5bb6\u65cf\uff09\u5728\u6b64\u7559\u4e0b\u4e86\u6c38\u4e45\u7684\u9057\u4ea7\u3002\u5728\u4ed6\u4eec\u7684\u7ba1\u7406\u4e0b\uff0c\u5c24\u5176\u662f\u5728\u6ce2\u6770\u5e03\u62c9\u8fea\u7684\u4e54\u6cbb\uff08George of Pod\u011bbrady\uff09\u7684\u9886\u5bfc\u4e0b\uff0c\u5e84\u56ed\u84ec\u52c3\u53d1\u5c55\u30021472\u5e74\uff0c\u4e54\u6cbb\u7684\u513f\u5b50\u4eec\u6b63\u5f0f\u786e\u5b9a\u4e86\u8be5\u5b9a\u5c45\u70b9\u7684\u5e02\u653f\u5730\u4f4d\uff0c\u8d4b\u4e88\u5176\u57ce\u9547\u7684\u7279\u6743\u548c\u8d23\u4efb\u3002\u968f\u7740\u4e54\u6cbb\u6210\u4e3a\u6ce2\u897f\u7c73\u4e9a\u56fd\u738b\uff0c\u6ce2\u6770\u5e03\u62c9\u8fea\u4e0d\u4ec5\u58f0\u671b\u5353\u8457\uff0c\u8fd8\u83b7\u5f97\u4e86\u4e00\u5b9a\u7a0b\u5ea6\u7684\u7687\u5bb6\u8d5e\u52a9\uff0c\u4f7f\u5176\u5728\u4e2d\u4e16\u7eaa\u665a\u671f\u4fdd\u6301\u7e41\u8363\u30021495\u5e74\uff0c\u7edf\u6cbb\u6743\u79fb\u4ea4\u7ed9\u7687\u5bb6\u5546\u4f1a\uff0c1839\u5e74\uff0c\u53c8\u843d\u5165\u7ef4\u4e5f\u7eb3\u91d1\u878d\u5bb6\u683c\u5965\u5c14\u683c\u00b7\u51af\u00b7\u897f\u7eb3\uff08Georg von Sina\uff09\u7684\u79c1\u4eba\u624b\u4e2d\u3002<\/p>\n<p>\u7136\u800c\uff0c1905\u5e74\u5f7b\u5e95\u6539\u53d8\u4e86\u6ce2\u6770\u5e03\u62c9\u8fea\u7684\u7528\u9014\u3002\u57ce\u5821\u5ead\u9662\u5185\u4e00\u5904\u6df1\u8fbe\u8fd1\u4e5d\u5341\u516b\u7c73\u7684\u77ff\u6cc9\u6d8c\u51fa\uff0c\u6d8c\u51fa\u7684\u77ff\u6cc9\u5bcc\u542b\u78b3\u9178\u548c\u94c1\uff0c\u636e\u8bf4\u5177\u6709\u6cbb\u7597\u529f\u6548\u30021908\u5e74\uff0c\u7b2c\u4e00\u5ea7\u6e29\u6cc9\u9986\u843d\u6210\uff0c\u968f\u540e\u7684\u51e0\u5341\u5e74\u91cc\uff0c\u5c0f\u9547\u9010\u6e10\u53d1\u5c55\u6210\u4e3a\u5fc3\u8840\u7ba1\u6cbb\u7597\u4e2d\u5fc3\u3002\u5c0f\u9547\u7684\u677e\u6811\u6210\u836b\u7684\u516c\u56ed\u5efa\u4e8e20\u4e16\u7eaa30\u5e74\u4ee3\uff0c\u7531\u6c83\u4f0a\u6377\u8d6b\u00b7\u514b\u54c8\u7279\uff08Vojt\u011bch Kerhart\uff09\u8bbe\u8ba1\uff0c\u516c\u56ed\u5411\u706b\u8f66\u7ad9\u65b9\u5411\u5ef6\u4f38\uff0c\u800c\u706b\u8f66\u7ad9\u672c\u8eab\u5219\u4e8e1932\u5e74\u5efa\u6210\uff0c\u6210\u4e3a\u6ce2\u897f\u7c73\u4e9a\u7b2c\u4e00\u4e2a\u529f\u80fd\u4e3b\u4e49\u98ce\u683c\u7684\u7ec8\u70b9\u7ad9\u3002<\/p>\n<p>\u5982\u4eca\uff0c\u6e29\u6cc9\u516c\u56ed\u4f9d\u7136\u662f\u5e02\u6c11\u751f\u6d3b\u7684\u4e2d\u5fc3\u3002\u516c\u56ed\u5185\u5bbd\u9614\u7684\u94f8\u94c1\u67f1\u5eca\u63a9\u6620\u7740\u77ff\u6cc9\u55b7\u6cc9\uff0c\u4e00\u5ea7\u8457\u540d\u7684\u82b1\u949f\u5728\u4e00\u5ea7\u5947\u7279\u7684\u9752\u94dc\u77ee\u4eba\u65c1\u8fb9\u6572\u6253\u7740\u62a5\u65f6\uff0c\u8bb0\u5f55\u7740\u65f6\u95f4\u7684\u6d41\u901d\u3002\u516c\u56ed\u5468\u8fb9\u77d7\u7acb\u7740\u7ea6\u745f\u592b\u00b7\u82ac\u8fbe\u8bbe\u8ba1\u7684\u522b\u5885\u548c\u5bbe\u9986\uff0c\u4ee5\u53ca\u5229\u672c\u65af\u57fa\u6e29\u6cc9\u5c4b\u3001\u4e2d\u592e\u6e29\u6cc9\u548c\u590f\u5b63\u6e29\u6cc9\u7b49\u914d\u5957\u8bbe\u65bd\uff0c\u5176\u7b80\u6d01\u7684\u7ebf\u6761\u8bc9\u8bf4\u7740\u4e24\u6b21\u4e16\u754c\u5927\u6218\u671f\u95f4\u5bf9\u73b0\u4ee3\u5316\u7684\u70ed\u60c5\u3002<\/p>\n<p>\u6ce2\u6770\u5e03\u62c9\u8fea\u7684\u5386\u53f2\u4e2d\u5fc3\u81ea1992\u5e74\u8d77\u88ab\u5217\u4e3a\u57ce\u5e02\u4fdd\u62a4\u533a\uff0c\u4fdd\u7559\u4e86\u4e2d\u4e16\u7eaa\u548c\u8fd1\u4ee3\u65e9\u671f\u53d1\u5c55\u7684\u7279\u5f81\u3002\u4f0a\u65e5\u5e7f\u573a\u81f3\u4eca\u4ecd\u4fdd\u7559\u7740\u57ce\u5821\u7684\u95e8\u697c\u548c19\u4e16\u7eaa\u7531\u535a\u80e1\u65af\u62c9\u592b\u00b7\u65bd\u5c3c\u5c14\u5e0c\uff08Bohuslav Schnirch\uff09\u521b\u4f5c\u7684\u4e54\u6cbb\u56fd\u738b\u7eaa\u5ff5\u7891\uff0c\u8fd9\u5ea7\u7eaa\u5ff5\u7891\u582a\u79f0\u6377\u514b\u7eaa\u5ff5\u6027\u96d5\u5851\u7684\u5dc5\u5cf0\u4e4b\u4f5c\u30021765\u5e74\u7684\u5723\u6bcd\u67f1\u77d7\u7acb\u4e8e\u6b64\uff0c\u662f\u5bf91714\u5e74\u761f\u75ab\u7684\u5e84\u4e25\u89c1\u8bc1\u3002\u5e7f\u573a\u4e24\u4fa7\u662f\u5e02\u653f\u5730\u6807\uff1a\u6587\u827a\u590d\u5174\u65f6\u671f\u7684\u8001\u5e02\u653f\u5385\uff08\u73b0\u4e3a\u5e02\u7acb\u56fe\u4e66\u9986\uff09\uff1b1906\u5e74\u7684\u65b0\u6587\u827a\u590d\u5174\u65f6\u671f\u5e02\u653f\u5385\uff1b\u4ee5\u53ca1899\u5e74\u7684\u5e02\u6c11\u50a8\u84c4\u94f6\u884c\u5927\u697c\uff0c\u5176\u4f18\u96c5\u7684\u5916\u89c2\u4ee4\u4eba\u56de\u60f3\u8d77\u5965\u5308\u5e1d\u56fd\u5728\u4e16\u7eaa\u672b\u7684\u81ea\u4fe1\u3002<\/p>\n<p>\u9664\u4e86\u8fd9\u4e9b\u6838\u5fc3\u9057\u5740\u4e4b\u5916\uff0c\u8be5\u9547\u8fd8\u5c55\u73b0\u51fa\u8fde\u7eed\u7684\u53d1\u5c55\u9636\u6bb5\u3002\u8d1d\u5229\u5fb7\u62c9\u8857\u533a\u4e8e18\u4e16\u7eaa\u4e2d\u53f6\u5728\u5723\u5341\u5b57\u5723\u67b6\u5347\u5929\u6559\u5802\u4e1c\u4fa7\u5174\u8d77\uff0c\u800c\u8d6b\u62c9\u5179\u90ca\u533a\u5219\u5174\u8d77\u4e8e\u65e7\u90ca\u533a\u6c60\u5858\u7684\u5e72\u6db8\u6cb3\u5e8a\u4e4b\u4e0a\u30021870\u5e74\u94c1\u8def\u7684\u901a\u8f66\uff0c\u4ee5\u53ca\u968f\u540e\u7684\u53cc\u8f68\u548c\u7535\u6c14\u5316\uff0c\u4fc3\u4f7f\u8be5\u9547\u6269\u5c55\u6210\u4e3a\u7531\u5f17\u6717\u9f50\u8c22\u514b\u00b7\u626c\u8fbe\uff08Franti\u0161ek Janda\uff09\u8bbe\u8ba1\u7684\u73b0\u4ee3\u82b1\u56ed\u57ce\u5e02\u8857\u533a\uff0c\u5982\u4eca\u88ab\u79f0\u4e3a\u65e5\u65e5\u79d1\u592b\uff08\u017di\u017ekov\uff09\u3002\u4ece\u514b\u5c14\u54c8\u7279\uff08Kerhart\uff09\u8bbe\u8ba1\u7684\u519c\u4e1a\u5b66\u6821\u548c\u90ae\u5c40\u5927\u697c\uff0c\u5230\u7ea6\u745f\u592b\u00b7\u585e\u6885\u62c9\u5fb7\uff08Josef Semer\u00e1d\uff09\u8bbe\u8ba1\u7684\u6377\u514b\u65af\u6d1b\u4f10\u514b\u80e1\u65af\u6d3e\u6559\u5802\uff0c\u65b0\u529f\u80fd\u4e3b\u4e49\u4e5f\u7559\u4e0b\u4e86\u5370\u8bb0\u3002<\/p>\n<p>\u5e7f\u9614\u7684\u5468\u8fb9\u5730\u533a\u81ea\u7136\u8d44\u6e90\u4e30\u5bcc\u3002\u6613\u5317\u6cb3\u7684\u4e00\u6761\u76f2\u6cb3\uff0c\u5f53\u5730\u4eba\u79f0\u4e4b\u4e3a\u65af\u5e93\u76ae\u65af\uff08Skupice\uff09\uff0c\u8ba9\u4eba\u56de\u60f3\u8d77\u6613\u5317\u6cb3\u5728\u6cbb\u7406\u4e4b\u524d\u7684\u6f7a\u6f7a\u6d41\u6c34\u3002\u6cbf\u7740\u5947\u5fb7\u5229\u7eb3\u6cb3\uff08Cidlina River\uff09\u5411\u4e1c\uff0c\u5750\u843d\u7740\u5229\u6bd4\u5947\u5362\uff08Libick\u00fd luh\uff09\u56fd\u5bb6\u81ea\u7136\u4fdd\u62a4\u533a\uff0c\u5b83\u662f\u66fe\u7ecf\u8986\u76d6\u4f4e\u5730\u7684\u5e7f\u9614\u6d2a\u6cdb\u68ee\u6797\u7684\u6b8b\u5b58\u788e\u7247\u3002\u9644\u8fd1\u7684\u70ed\u6d2a\u65af\u5361\u5965\u535a\u62c9\uff08\u017dehu\u0148sk\u00e1 obora\uff09\u3001\u76ae\u585e\u5947\u5c3c\u666e\u96f7\u897f\u666e\uff08P\u00edse\u010dn\u00fd presyp\uff09\u7684\u6c99\u6d32\u3001\u6811\u6728\u7e41\u8302\u7684\u73ed\uff08B\u00e1\u0148\uff09\u548c\u8461\u8404\u56ed\u5c71\u4e18\u7ef4\u5c3c\u5f17\u5c14\u5947\uff08Vinn\u00fd vrch\uff09\u90fd\u8bbe\u6709\u4fdd\u62a4\u533a\u3002\u8be5\u5730\u533a\u6c14\u5019\u76f8\u5bf9\u6e29\u6696\uff0c\u5e74\u5e73\u5747\u6c14\u6e29\u7ea6\u4e3a9\u6444\u6c0f\u5ea6\uff0c\u6625\u6765\u65e9\uff0c\u79cb\u53bb\u665a\u6765\uff1b\u79ef\u96ea\u5f88\u5c11\u8d85\u8fc7\u51e0\u5929\uff0c\u800c\u51ac\u5b63\u7684\u9006\u6e29\u5e26\u548c\u51b0\u51bb\u7684\u8584\u96fe\u5219\u4e3a\u6cb3\u7554\u666f\u89c2\u589e\u6dfb\u4e86\u4e00\u4efd\u6734\u7d20\u7684\u9b45\u529b\u3002<\/p>\n<p>\u4ece\u4eba\u53e3\u7edf\u8ba1\u5b66\u89d2\u5ea6\u6765\u770b\uff0c\u6ce2\u6770\u5e03\u62c9\u8fea\u957f\u671f\u4ee5\u6765\u89c4\u6a21\u4e0d\u5927\u3002\u7ea6\u4e00\u4e07\u4e94\u5343\u4eba\u53e3\u5c45\u4f4f\u5728\u4e94\u4e2a\u5730\u7c4d\u533a\u2014\u2014\u6ce2\u6770\u5e03\u62c9\u8fea\u672c\u533a\u3001\u6ce2\u62c9\u8d1d\u514b\u3001\u5927\u5179\u535a\u65e5\u3001\u514b\u9c81\u514b\u548c\u666e\u70ed\u5fb7\u5c3c\u6d1b\u5854\u2014\u2014\u5360\u57303369.7\u516c\u9877\u3002\u6839\u636e2001\u5e74\u7684\u4eba\u53e3\u666e\u67e5\uff0c\u8fd1\u4e09\u5206\u4e4b\u4e8c\u7684\u5c45\u6c11\u8868\u793a\u6ca1\u6709\u5b97\u6559\u4fe1\u4ef0\uff1b\u5728\u6709\u5b97\u6559\u4fe1\u4ef0\u7684\u5c45\u6c11\u4e2d\uff0c\u7f57\u9a6c\u5929\u4e3b\u6559\u4f1a\u4ecd\u7136\u5360\u4e3b\u5bfc\u5730\u4f4d\u3002\u6ce2\u6770\u5e03\u62c9\u8fea\u66fe\u662f\u4e00\u4e2a\u5c0f\u578b\u72b9\u592a\u793e\u533a\u7684\u6240\u5728\u5730\uff0c\u4f46\u4e0e\u8bb8\u591a\u4e2d\u6b27\u57ce\u9547\u4e00\u6837\uff0c\u8fd9\u4e2a\u793e\u533a\u5728\u5927\u5c60\u6740\u4e2d\u6d88\u5931\u4e86\u3002<\/p>\n<p>\u6ce2\u6770\u5e03\u62c9\u8fea\u7684\u6587\u5316\u5728\u4e00\u4e2a\u79c1\u5bc6\u7684\u5f53\u5730\u821e\u53f0\u4e0a\u5c55\u5f00\u3002\u7eb3\u79d1\u74e6\u5c14\u5185\u5267\u9662\u548c\u57ce\u5821\u7535\u5f71\u9662\u5750\u843d\u5728\u57ce\u5821\u5ead\u9662\u4e2d\uff0c\u6614\u65e5\u7684\u5267\u9662\u7a7a\u95f4\u7ecf\u8fc7\u4fee\u590d\uff0c\u53ef\u5bb9\u7eb3233\u200b\u200b\u540d\u89c2\u4f17\uff0c\u5e76\u6062\u590d\u4e8619\u4e16\u7eaa\u7684\u5e03\u5c40\u3002\u6ce2\u62c9\u5e03\u65af\u51ef\u535a\u7269\u9986\u5750\u843d\u5728\u7531\u4ec0\u6ed5\u8d1d\u5c14\u514b\u7684\u6606\u80e1\u5854\uff08Kunhuta of \u0160ternberk\uff09\u521b\u5efa\u7684\u524d\u4e2d\u4e16\u7eaa\u533b\u9662\u5185\uff0c\u5176\u5df4\u6d1b\u514b\u98ce\u683c\u7684\u5916\u5899\u4e0e\u5185\u90e8\u5efa\u7b51\u76f8\u6620\u6210\u8da3\uff1a\u4e00\u5ea7\u5c0f\u6559\u5802\uff0c\u66fe\u662f\u56fd\u738b\u4e54\u6cbb\u7684\u8bde\u751f\u5730\uff0c\u5982\u4eca\u9648\u5217\u7740\u65bd\u5c3c\u5c14\u5e0c\u7684\u539f\u59cb\u7eaa\u5ff5\u7891\uff0c\u4ee5\u53ca\u53ef\u8ffd\u6eaf\u81f310\u4e16\u7eaa\u7684\u6728\u5236\u5355\u6728\u8239\u3002\u4f4d\u4e8e\u62c9\u8d1d\u6cb3\u7554\u5229\u8428\uff08Lys\u00e1 nad Labem\uff09\u3001\u7f57\u65e5\u8d3e\u6d1b\u7ef4\u91c7\uff08Ro\u017e\u010falovice\uff09\u3001\u8428\u5fb7\u65af\u5361\uff08Sadsk\u00e1\uff09\u548c\u6885\u65af\u6cf0\u514b\u00b7\u514b\u62c9\u6d1b\u97e6\uff08M\u011bstec Kr\u00e1lov\u00e9\uff09\u7684\u536b\u661f\u6536\u85cf\uff0c\u8fdb\u4e00\u6b65\u62d3\u5c55\u4e86\u8be5\u673a\u6784\u5728\u6574\u4e2a\u5730\u533a\u7684\u5f71\u54cd\u529b\u3002<\/p>\n<p>\u6ce2\u6770\u5e03\u62c9\u8fea\u5e02\u7acb\u56fe\u4e66\u9986\u5ef6\u7eed\u4e86\u81ea1930\u5e74\u4ee5\u6765\u6587\u827a\u590d\u5174\u65f6\u671f\u5e02\u653f\u5385\u7684\u5e02\u653f\u4f20\u7edf\uff0c\u800c\u4f4d\u4e8e\u6e29\u6cc9\u516c\u56ed\u8fb9\u7f18\u7684\u8def\u5fb7\u7ef4\u514b\u00b7\u5e93\u5df4\u753b\u5eca\u5219\u5c55\u51fa\u4e86\u4e0e\u6ce2\u62c9\u6bd4\u4e9a\u5e73\u539f\u7684\u98ce\u666f\u548c\u97f5\u5f8b\u76f8\u547c\u5e94\u7684\u4f5c\u54c1\u3002\u4e00\u5e74\u4e00\u5ea6\u7684\u8282\u65e5\u5e86\u5178\u5728\u65e5\u5386\u4e0a\u7559\u4e0b\u4e86\u6d53\u58a8\u91cd\u5f69\u7684\u4e00\u7b14\uff1a\u56fd\u738b\u4e54\u6cbb\u5386\u53f2\u8282\u5e26\u6765\u4e2d\u4e16\u7eaa\u76db\u5178\uff1b\u590f\u672b\u7684\u8bd7\u6b4c\u65e5\u6c47\u805a\u4e86\u4f5c\u5bb6\u548c\u8bfb\u8005\uff1b\u6b27\u6d32\u620f\u5267\u514b\u83ab\u67e5\u94dc\u7ba1\u4e50\u6bd4\u8d5b\u5438\u5f15\u4e86\u4f17\u591a\u56fd\u9645\u4e50\u56e2\uff1b\u9752\u5e74\u620f\u5267\u8282\u3001\u4eea\u4ed7\u961f\u9526\u6807\u8d5b\u548c\u5df4\u7ef4\u00b7\u83b1\u5854\u97f3\u4e50\u8282\u5219\u4e3a\u57ce\u9547\u5e7f\u573a\u548c\u516c\u56ed\u589e\u6dfb\u4e86\u6d3b\u529b\u3002\u5341\u6708\u7684\u6ce2\u897f\u7c73\u4e9a\u5e7f\u64ad\u5927\u5956\u8d5b\u65e8\u5728\u5e86\u795d\u5e7f\u64ad\u5267\u827a\u672f\uff1b\u81ea2016\u5e74\u4ee5\u6765\uff0c\u6ce2\u6770\u5e03\u62c9\u8fea\u539f\u58f0\u97f3\u4e50\u8282\u5219\u5c55\u793a\u4e86\u7535\u5f71\u97f3\u4e50\u548c\u591a\u5a92\u4f53\u8868\u6f14\u3002<\/p>\n<p>\u4ea4\u901a\u8981\u9053\u7eb5\u6a2a\u4ea4\u9519\uff0c\u65e2\u6709\u53e4\u4ee3\u7684\uff0c\u4e5f\u6709\u73b0\u4ee3\u7684\u3002\u6ce2\u6770\u5e03\u62c9\u8fea\u8d77\u6e90\u4e8e\u514b\u62c9\u5fb7\u65af\u5361\u8def\uff08Kladsk\u00e1 Road\uff09\u4e0a\u7684\u4e00\u5904\u6d45\u6ee9\uff0c\u8fd9\u6761\u8d38\u6613\u8def\u7ebf\u8fde\u63a5\u7740\u5e03\u62c9\u683c\u3001\u897f\u91cc\u897f\u4e9a\u548c\u6ce2\u5170\u3002\u5230\u4e8619\u4e16\u7eaa\u521d\uff0c\u5e1d\u56fd\u9053\u8def\u901a\u8fc7\u666e\u70ed\u5fb7\u6885\u65af\u6377\u96f7\u5e03\u5c3c\u514b\u6c34\u575d\uff08P\u0159edm\u011bstsk\u00fd rybn\u00edk dam\uff09\u5c06\u5176\u4e0e\u8d6b\u62c9\u5fb7\u8328-\u514b\u62c9\u6d1b\u97e6\uff08Hradec Kr\u00e1lov\u00e9\uff09\u4ee5\u53ca\u79d1\u6797\uff08Kol\u00edn\uff09\u3001\u5b81\u5e03\u5c14\u514b\uff08Nymburk\uff09\u53ca\u66f4\u8fdc\u7684\u5730\u65b9\u8fde\u63a5\u8d77\u6765\uff0c\u8fd9\u4e9b\u9053\u8def\u662fD11\u9ad8\u901f\u516c\u8def\u4ee5\u53ca\u5982\u4eca\u670d\u52a1\u4e8e\u8be5\u9547\u7684I\/38\u3001II\/611\u3001I\/32\u548cII\/329\u4e3b\u5e72\u9053\u7684\u6e90\u5934\u3002\u4e03\u5ea7\u6865\u6881\u6a2a\u8de8\u6613\u5317\u6cb3\uff0c\u4f4d\u4e8e\u5e02\u754c\u5185\uff0c\u4ece1828-1831\u5e74\u7684\u77f3\u8d28\u9632\u6d2a\u6865\u53ca\u5176\u4f4d\u4e8e\u5e02\u4e2d\u5fc3\u76842008\u5e74\u94a2\u5236\u7ee7\u4efb\u8005\uff0c\u5230\u4f4d\u4e8e\u5927\u5179\u535a\u65e5\uff08Velk\u00e9 Zbo\u017e\u00ed\uff09\u7684\u5929\u7136\u6c14\u7ba1\u9053\u6865\u3002\u884c\u4eba\u8d70\u8fc7\u4e00\u5ea7 122 \u7c73\u957f\u7684\u6b65\u884c\u6865\uff0c\u8be5\u6865\u4e8e 2002 \u5e74\u5728\u6c34\u7535\u7ad9\u5efa\u9020\uff0c\u4e5f\u662f\u5b89\u4e1c\u5c3c\u00b7\u6069\u683c\u5c14 (Anton\u00edn Engel) \u7684\u8bbe\u8ba1\u4f5c\u54c1\uff0c\u73b0\u5df2\u88ab\u5217\u4e3a\u56fd\u5bb6\u6587\u5316\u53e4\u8ff9\u8fdb\u884c\u4fdd\u62a4\u3002<\/p>\n<p>\u81ea1870\u5e74\u4ee5\u6765\uff0c\u94c1\u8def\u8fde\u63a5\u4e00\u76f4\u662f\u6ce2\u6770\u5e03\u62c9\u8fea\u5730\u533a\u4ea4\u901a\u7684\u652f\u67f1\u3002\u5965\u5730\u5229\u897f\u5317\u94c1\u8def\u7684231\u53f7\u53cc\u8f68\u7535\u6c14\u5316\u7ebf\u8def\u63d0\u4f9b\u524d\u5f80\u5e03\u62c9\u683c\u3001\u79d1\u6797\u3001\u8d6b\u62c9\u5fb7\u8328-\u514b\u62c9\u6d1b\u97e6\u53ca\u5176\u4ed6\u5730\u533a\u7684\u7279\u5feb\u5217\u8f66\u548c\u672c\u5730\u5217\u8f66\uff0c\u6bcf\u4e2a\u5de5\u4f5c\u65e5\u7ea6\u6709\u4e94\u5341\u591a\u8d9f\u5217\u8f66\u505c\u9760\u8be5\u9547\u7684\u4e3b\u7ad9\u548c\u5927\u5179\u535a\u65e5\u7ad9\u3002\u6613\u5317\u6cb3\u66fe\u7ecf\u6ee1\u8f7d\u7740\u5f00\u5f80\u8d6b\u74e6\u83b1\u8482\u91c7\u53d1\u7535\u5382\u7684\u7164\u70ad\uff0c\u5982\u4eca\u7684\u5546\u4e1a\u822a\u8fd0\u5df2\u9010\u6e10\u88ab\u4f11\u95f2\u8239\u53ea\u6240\u53d6\u4ee3\u2014\u2014\u4ece\u201c\u514b\u62c9\u5c14\u00b7\u4f0a\u65e5\u201d\u53f7\u6e38\u8f6e\u5230\u79c1\u4eba\u8fd0\u52a8\u8247\u2014\u2014\u4ee5\u53ca\u5965\u585e\u5207\u514b\u7684\u6751\u5e84\u6e21\u8f6e\u3002<\/p>\n<p>\u957f\u9014\u5df4\u58eb\u5f80\u8fd4\u4e8e\u6377\u514b\u5171\u548c\u56fd\u548c\u90bb\u56fd\u65af\u6d1b\u4f10\u514b\u548c\u6ce2\u5170\u7684\u9996\u90fd\u548c\u6e29\u6cc9\u5c0f\u9547\u4e4b\u95f4\uff0c\u4f46\u57ce\u5e02\u516c\u5171\u4ea4\u901a\u4ec5\u9650\u4e8e 2016 \u5e74\u4e3a 65 \u5c81\u4ee5\u4e0a\u6216\u884c\u52a8\u4e0d\u4fbf\u7684\u516c\u6c11\u63a8\u51fa\u7684\u8001\u5e74\u51fa\u79df\u8f66\u670d\u52a1\u3002<\/p>\n<p>\u6ce2\u6770\u5e03\u62c9\u8fea\u7684\u7279\u8272\u5e76\u975e\u6e90\u81ea\u96c4\u4f1f\u7684\u9632\u5fa1\u5de5\u4e8b\u6216\u9669\u5cfb\u7684\u5c71\u5cf0\uff0c\u800c\u662f\u6e90\u81ea\u5176\u5efa\u7b51\u73af\u5883\u7684\u9759\u8c27\u548c\u8c10\u3001\u6cb3\u6d41\u7684\u5e73\u7a33\u8109\u52a8\uff0c\u4ee5\u53ca\u5c06\u53e4\u4ee3\u9057\u8ff9\u6539\u9020\u6210\u73b0\u4ee3\u7597\u517b\u573a\u6240\u7684\u793e\u533a\u7684\u97e7\u6027\u3002\u5728\u8fd9\u91cc\uff0c\u5728\u5e73\u539f\u7684\u5e7f\u9614\u5929\u7a7a\u4e0b\uff0c\u4eba\u4eec\u611f\u53d7\u5230\u7684\u5e76\u975e\u58ee\u89c2\u7684\u666f\u8c61\uff0c\u800c\u662f\u4e00\u79cd\u9002\u5ea6\u7684\u4f18\u96c5\uff1a\u9ece\u660e\u65f6\u5206\u6e29\u6cc9\u516c\u56ed\u7684\u9759\u8c27\uff0c\u6613\u5317\u6cb3\u6c34\u6d41\u62cd\u6253\u7740\u7801\u5934\u78e8\u8680\u7684\u77f3\u5934\u7684\u9759\u8c27\uff0c\u4ee5\u53ca\u901a\u8fc7\u77f3\u5934\u548c\u6c34\u6d41\u8bc9\u8bf4\u7684\u5386\u53f2\u7684\u9759\u8c27\u3002\u5728\u8fc7\u53bb\u4e0e\u73b0\u5728\u7684\u4ea4\u6c47\u5904\uff0c\u6ce2\u6770\u5e03\u62c9\u8fea\u59cb\u7ec8\u662f\u4e00\u4e2a\u53cd\u601d\u4e0e\u590d\u5174\u7684\u573a\u6240\uff0c\u5b83\u8f7b\u67d4\u7684\u97f5\u5f8b\u5f15\u9886\u7740\u65c5\u4eba\u8ddf\u968f\u6cb3\u6d41\u7684\u8282\u594f\u800c\u884c\u3002<\/p>","protected":false},"excerpt":{"rendered":"<p>\u6ce2\u6770\u5e03\u62c9\u8fea\u662f\u6377\u514b\u5171\u548c\u56fd\u4e2d\u6ce2\u5e0c\u7c73\u4e9a\u5730\u533a\u7684\u4e00\u5ea7\u6e29\u6cc9\u5c0f\u9547\uff0c\u4eba\u53e3\u7ea615,000\u4eba\u3002\u8be5\u5730\u533a\u4f4d\u4e8e\u6613\u5317\u6cb3\u7554\uff0c\u517c\u5177\u5386\u53f2\u610f\u4e49\u548c\u73b0\u4ee3\u5316\u7684\u5eb7\u4f53\u8bbe\u65bd\u3002\u5c0f\u9547\u5730\u7406\u4f4d\u7f6e\u4f18\u8d8a\uff0c\u4f4d\u4e8e\u5e03\u62c9\u683c\u4ee5\u4e1c\u7ea639\u516c\u91cc\uff0c\u5b81\u5e03\u5c14\u514b\u4e1c\u5357\u7ea67\u516c\u91cc\uff0c\u662f\u5bfb\u6c42\u8fdc\u79bb\u57ce\u5e02\u55a7\u56a3\u7684\u5c45\u6c11\u548c\u6e38\u5ba2\u7684\u7406\u60f3\u4f11\u61a9\u4e4b\u6240\u3002<\/p>","protected":false},"author":1,"featured_media":18769,"parent":14322,"menu_order":0,"comment_status":"closed","ping_status":"closed","template":"elementor_theme","meta":{"_eb_attr":"","footnotes":""},"class_list":["post-16242","page","type-page","status-publish","has-post-thumbnail"],"_links":{"self":[{"href":"https:\/\/travelshelper.com\/zh\/wp-json\/wp\/v2\/pages\/16242","targetHints":{"allow":["GET"]}}],"collection":[{"href":"https:\/\/travelshelper.com\/zh\/wp-json\/wp\/v2\/pages"}],"about":[{"href":"https:\/\/travelshelper.com\/zh\/wp-json\/wp\/v2\/types\/page"}],"author":[{"embeddable":true,"href":"https:\/\/travelshelper.com\/zh\/wp-json\/wp\/v2\/users\/1"}],"replies":[{"embeddable":true,"href":"https:\/\/travelshelper.com\/zh\/wp-json\/wp\/v2\/comments?post=16242"}],"version-history":[{"count":0,"href":"https:\/\/travelshelper.com\/zh\/wp-json\/wp\/v2\/pages\/16242\/revisions"}],"up":[{"embeddable":true,"href":"https:\/\/travelshelper.com\/zh\/wp-json\/wp\/v2\/pages\/14322"}],"wp:featuredmedia":[{"embeddable":true,"href":"https:\/\/travelshelper.com\/zh\/wp-json\/wp\/v2\/media\/18769"}],"wp:attachment":[{"href":"https:\/\/travelshelper.com\/zh\/wp-json\/wp\/v2\/media?parent=16242"}],"curies":[{"name":"wp","href":"https:\/\/api.w.org\/{rel}","templated":true}]}}