{"id":15420,"date":"2024-09-20T23:51:22","date_gmt":"2024-09-20T23:51:22","guid":{"rendered":"https:\/\/travelshelper.com\/staging\/?page_id=15420"},"modified":"2026-03-11T18:34:32","modified_gmt":"2026-03-11T18:34:32","slug":"%e4%b9%8c%e5%85%b0%e5%b7%b4%e6%89%98","status":"publish","type":"page","link":"https:\/\/travelshelper.com\/zh\/destinations\/asia\/mongolia\/ulaanbaatar\/","title":{"rendered":"\u4e4c\u5170\u5df4\u6258"},"content":{"rendered":"<p>\u4e4c\u5170\u5df4\u6258\u4f4d\u4e8e\u9ad8\u6d77\u62d4\u6c14\u6d41\u4e0e\u8fbd\u9614\u7684\u8499\u53e4\u8349\u539f\u4ea4\u6c47\u4e4b\u5904\u3002\u5b83\u6d77\u62d4\u7ea61350\u7c73\uff0c\u5750\u843d\u5728\u8272\u695e\u683c\u6cb3\u652f\u6d41\u56fe\u62c9\u6cb3\u51b2\u5237\u51fa\u7684\u6cb3\u8c37\u4e4b\u4e2d\u3002\u4e4c\u5170\u5df4\u6258\u88ab\u56db\u5ea7\u5dcd\u5ce8\u7684\u5c71\u5cf0\u73af\u7ed5\u2014\u2014\u897f\u8fb9\u662f\u677e\u5409\u8bfa\u6d77\u5c14\u6c57\u5cf0\uff0c\u5317\u8fb9\u662f\u94a6\u683c\u5c14\u6cf0\u5cf0\u548c\u5df4\u5f66\u7956\u5c14\u8d6b\u5cf0\uff0c\u5357\u8fb9\u662f\u68ee\u6797\u8986\u76d6\u7684\u535a\u683c\u8fbe\u6c57\u5c71\u3002\u8fd9\u5ea7\u57ce\u5e02\u9971\u53d7\u897f\u4f2f\u5229\u4e9a\u53cd\u6c14\u65cb\u7684\u4fb5\u88ad\uff0c\u51ac\u5b63\u4ee5\u4e25\u5bd2\u8457\u79f0\uff0c\u590f\u5b63\u5219\u77ed\u6682\u800c\u6e29\u6696\u3002\u5c3d\u7ba1\u65e9\u6668\u6c14\u6e29\u4f4e\u81f3\u96f6\u4e0b40\u6444\u6c0f\u5ea6\uff0c\u4f46\u4e4c\u5170\u5df4\u6258\u7684\u5e74\u5e73\u5747\u6c14\u6e29\u4ec5\u4e3a0.2\u6444\u6c0f\u5ea6\uff0c\u4f7f\u5176\u6210\u4e3a\u4e16\u754c\u4e0a\u5e74\u5e73\u5747\u6c14\u6e29\u6700\u51b7\u7684\u56fd\u5bb6\u9996\u90fd\uff0c\u4ec5\u6b21\u4e8e\u683c\u9675\u5170\u5c9b\u7684\u52aa\u514b\u3002\u5b83\u7684\u6c14\u5019\u7c7b\u578b\u8de8\u8d8a\u5bd2\u51b7\u534a\u5e72\u65f1\uff08BSk\uff09\u548c\u4e9a\u5317\u6781\uff08Dwc\uff09\u7c7b\u578b\u7684\u8fb9\u754c\uff0c7 \u6708\u4efd\u7684\u9177\u70ed\u9ad8\u6e29\uff0839\u00b0C\uff09\u548c 1 \u6708\u4efd\u7684\u5317\u6781\u5b81\u9759\u4e4b\u95f4\u6025\u5267\u53d8\u5316\uff0c\u5851\u9020\u4e86\u5b83\u7684\u5efa\u7b51\u548c\u751f\u6d3b\u65b9\u5f0f\u3002<\/p>\n\n\n\n<p>\u73b0\u4ee3\u4e4c\u5170\u5df4\u6258\u7684\u5386\u53f2\u53ef\u4ee5\u8ffd\u6eaf\u52301639\u5e74\uff0c\u5f53\u65f6\u8499\u53e4\u4f5b\u6559\u7684\u7b2c\u4e00\u4f4d\u7cbe\u795e\u9886\u8896\u624e\u7eb3\u5df4\u624e\u5c14\u5efa\u7acb\u4e86\u4e00\u4e2a\u540d\u4e3a\u4e4c\u5c14\u53e4\u7684\u6d41\u52a8\u5bfa\u9662\u3002\u7531\u4e8e\u5fc5\u7136\u7684\u6e38\u7267\u751f\u6d3b\uff0c\u8fd9\u4e2a\u5b97\u6559\u4e2d\u5fc3\u5728\u8fd1140\u5e74\u7684\u65f6\u95f4\u91cc\u8fc1\u79fb\u4e8629\u6b21\uff0c\u4e0e\u8499\u53e4\u6e38\u7267\u793e\u4f1a\u7684\u8282\u594f\u7d27\u5bc6\u76f8\u8fde\u3002\u76f4\u52301778\u5e74\uff0c\u4e4c\u5c14\u53e4\u624d\u6700\u7ec8\u8131\u79bb\u4e86\u6d41\u52a8\u72b6\u6001\uff0c\u5b9a\u5c45\u5728\u571f\u62c9\u6cb3\u9644\u8fd1\uff0c\u8fd9\u6761\u5546\u961f\u8def\u7ebf\u4f4d\u4e8e\u4e2d\u4fc4\u8fb9\u5883\u7684\u6070\u514b\u56fe\u4e0e\u5317\u4eac\u4e4b\u95f4\u3002\u968f\u77401911\u5e74\u6e05\u671d\u7684\u8986\u706d\uff0c\u8fd9\u5ea7\u57ce\u5e02\u4ece\u5176\u6559\u4f1a\u8d77\u6e90\u53d1\u5c55\u6210\u4e3a\u72ec\u7acb\u7684\u7194\u7089\u3002\u5728\u7b2c\u516b\u4e16\u54f2\u5e03\u5c0a\u4e39\u5df4\u547c\u56fe\u514b\u56fe\u7edf\u6cbb\u4e0b\uff0c\u5b83\u6210\u4e3a\u77ed\u547d\u7684\u535a\u683c\u591a\u6c57\u56fd\u7684\u9996\u90fd\u30021921 \u5e74\u5171\u4ea7\u4e3b\u4e49\u9769\u547d\u540e\uff0c\u968f\u7740\u8499\u53e4\u4eba\u6c11\u5171\u548c\u56fd\u7684\u6210\u7acb\uff0c\u5b83\u4e8e 1924 \u5e74\u88ab\u91cd\u65b0\u547d\u540d\u4e3a\u4e4c\u5170\u5df4\u6258\uff0c\u610f\u4e3a\u201c\u7ea2\u8272\u82f1\u96c4\u201d\u3002<\/p>\n\n\n\n<p>20\u4e16\u7eaa50\u5e74\u4ee3\uff0c\u82cf\u8054\u65f6\u4ee3\u7684\u89c4\u5212\u6539\u53d8\u4e86\u4e4c\u5170\u5df4\u6258\u7684\u9762\u8c8c\u3002\u6728\u5236\u8499\u53e4\u5305\u9010\u6e10\u88ab\u5343\u7bc7\u4e00\u5f8b\u7684\u516c\u5bd3\u697c\u53d6\u4ee3\uff0c\u6797\u836b\u5927\u9053\u62d3\u5bbd\uff0c\u516c\u5171\u5e7f\u573a\u7115\u7136\u4e00\u65b0\uff0c\u5bcc\u4e3d\u5802\u7687\u3002\u4f4d\u4e8e\u57ce\u5e02\u4e2d\u5fc3\u7684\u82cf\u8d6b\u5df4\u6258\u5c14\u5e7f\u573a\uff0c\u5c55\u73b0\u7740\u8fd9\u5ea7\u57ce\u5e02\u7684\u82f1\u96c4\u4eec\uff1a\u9a91\u7740\u9a8f\u9a6c\u7684\u8fbe\u7a46\u4e01\u00b7\u82cf\u8d6b\u5df4\u6258\u5c14\u548c\u51dd\u89c6\u5317\u65b9\u7684\u6210\u5409\u601d\u6c57\uff0c\u5e7f\u573a\u4e24\u4fa7\u662f\u653f\u5e9c\u5bab\u548c\u873f\u8712\u7684\u548c\u5e73\u5927\u9053\u3002\u7136\u800c\uff0c\u6614\u65e5\u7684\u9057\u8ff9\u4f9d\u7136\u5c79\u7acb\u2014\u2014\u7518\u4e39\u5bfa\u3001\u535a\u683c\u7279\u6c57\u7684\u51ac\u5bab\u548c\u4e54\u91d1\u5587\u561b\u5e99\uff0c\u63d0\u9192\u7740\u4eba\u4eec\u8fd9\u5ea7\u66fe\u7ecf\u662f\u671d\u5723\u8005\u7ed5\u884c\u8def\u7ebf\u7684\u5bfa\u9662\u57ce\u5e02\uff0c\u5982\u4eca\u8fd9\u4e9b\u8def\u7ebf\u5df2\u954c\u523b\u5728\u9053\u8def\u7f51\u7edc\u4e2d\u3002\u81ea 1990 \u5e74\u6c11\u4e3b\u6297\u8bae\u63a8\u7ffb\u4e00\u515a\u7edf\u6cbb\u4ee5\u6765\uff0c\u4e4c\u5170\u5df4\u6258\u8fce\u6765\u4e86\u6570\u91cf\u7a7a\u524d\u7684\u79fb\u6c11\uff0c\u5176\u4eba\u53e3\u4ece 2007 \u5e74\u7684\u4e0d\u5230 100 \u4e07\u7ffb\u4e86\u4e00\u756a\uff0c\u5230 2022 \u5e74\u5e95\u5c06\u8fbe\u5230\u7ea6 160 \u4e07\u3002<\/p>\n\n\n\n<p>\u5feb\u901f\u53d1\u5c55\u8d85\u51fa\u4e86\u57fa\u7840\u8bbe\u65bd\u5efa\u8bbe\u7684\u901f\u5ea6\uff0c\u5bfc\u81f4\u4e09\u5206\u4e4b\u4e8c\u7684\u5c45\u6c11\u5c45\u4f4f\u5728\u5317\u90e8\u8fb9\u7f18\u7684\u8499\u53e4\u5305\u533a\u3002\u7531\u4e8e\u7f3a\u4e4f\u53ef\u9760\u7684\u4f9b\u6c34\u3001\u536b\u751f\u8bbe\u65bd\u548c\u94fa\u8bbe\u7684\u9053\u8def\uff0c\u8fd9\u4e9b\u793e\u533a\u53ea\u80fd\u4f9d\u9760\u81ea\u5efa\u7684\u8499\u53e4\u5305\u548c\u7164\u7089\u53d6\u6696\u3002\u51ac\u5b63\uff0c\u4ee4\u4eba\u7a92\u606f\u7684\u96fe\u973e\u7b3c\u7f69\u7740\u4e4c\u5170\u5df4\u6258\uff0c\u4e4c\u5170\u5df4\u6258\u7684\u7a7a\u6c14\u8d28\u91cf\u6392\u540d\u4e5f\u4f4d\u5217\u5168\u7403\u6700\u5dee\u4e4b\u5217\u3002\u513f\u7ae5\u80ba\u708e\u53d1\u75c5\u7387\u4e0d\u65ad\u6500\u5347\uff0c\u5b9e\u9a8c\u5ba4\u5bf9\u9897\u7c92\u7269\u7684\u68c0\u6d4b\u7ed3\u679c\u4e5f\u4f53\u73b0\u51fa\u4e4c\u5170\u5df4\u6258\u516c\u5171\u536b\u751f\u8d1f\u62c5\u7684\u663e\u8457\u589e\u52a0\u3002\u4e0e\u6b64\u540c\u65f6\uff0c\u5728\u4e4c\u5170\u5df4\u6258\u6838\u5fc3\u533a\uff0c\u5efa\u7b51\u70ed\u6f6e\u5e2d\u5377\u800c\u6765\uff0c\u65b0\u7684\u9ad8\u697c\u5927\u53a6\u62d4\u5730\u800c\u8d77\u2014\u2014\u6709\u4e9b\u5df2\u83b7\u8bb8\u53ef\uff0c\u6709\u4e9b\u5219\u5728\u6cd5\u5f8b\u5c1a\u672a\u660e\u6670\u7684\u60c5\u51b5\u4e0b\u62d4\u5730\u800c\u8d77\u2014\u2014\u8fd9\u8bc1\u660e\u4e4c\u5170\u5df4\u6258\u7684\u7ecf\u6d4e\u65e2\u84ec\u52c3\u53d1\u5c55\uff0c\u53c8\u7f3a\u4e4f\u76d1\u7ba1\u3002<\/p>\n\n\n\n<p>\u4f5c\u4e3a\u8499\u53e4\u7684\u653f\u6cbb\u548c\u91d1\u878d\u4e2d\u5fc3\uff0c\u4e4c\u5170\u5df4\u6258\u5e02\u8f96\u533a\u5185\u5c45\u4f4f\u7740\u8fd1\u4e00\u534a\u7684\u8499\u53e4\u4eba\u53e3\u3002\u4e4c\u5170\u5df4\u6258\u4e0e\u5468\u8fb9\u7684\u6258\u592b\u7701\uff08\u6258\u592b\u7701\u9996\u5e9c\u7956\u6069\u83ab\u5fb7\u4f4d\u4e8e\u4e4c\u5170\u5df4\u6258\u4ee5\u535743\u516c\u91cc\uff09\u5206\u5f00\u7ba1\u8f96\uff0c\u96c6\u4e2d\u4e86\u8499\u53e4\u7684\u6587\u5316\u673a\u6784\u3001\u4f01\u4e1a\u603b\u90e8\u548c\u4ea4\u901a\u8981\u9053\u3002MCS\u96c6\u56e2\u3001\u5854\u4e07\u535a\u683c\u5fb7\uff08Tavan Bogd\uff09\u548cMobicom\u7b49\u672c\u5730\u4f01\u4e1a\u96c6\u56e2\u624e\u6839\u4e8e\u6b64\uff0c\u6b64\u5916\uff0c\u8fd8\u6709\u5916\u56fd\u77ff\u4e1a\u516c\u53f8\u5728\u9644\u8fd1\u535a\u9c81\uff08Boroo\uff09\u53ca\u5176\u4ed6\u5730\u533a\u5f00\u91c7\u91d1\u77ff\u3002\u670d\u52a1\u4e1a\u7ea6\u5360\u8be5\u5e02GDP\u768443%\uff0c\u91c7\u77ff\u4e1a\u5219\u8d21\u732e\u4e8625%\u3002\u7136\u800c\uff0c\u6b63\u59822008\u5e74\u7ecf\u6d4e\u8870\u9000\u671f\u95f4\u6240\u89c1\uff0c\u5927\u5b97\u5546\u54c1\u4ef7\u683c\u6ce2\u52a8\u7684\u9634\u5f71\u4fc3\u4f7f\u4f01\u4e1a\u79ef\u6781\u5bfb\u6c42\u591a\u5143\u5316\u53d1\u5c55\uff0c\u50ac\u751f\u4e86\u79d1\u6280\u3001\u91d1\u878d\u548c\u65c5\u6e38\u9886\u57df\u7684\u521d\u521b\u4f01\u4e1a\u3002<\/p>\n\n\n\n<p>\u5728\u8fd9\u5e45\u57ce\u5e02\u9526\u7ee3\u4e2d\uff0c\u53e4\u4ee3\u548c\u73b0\u4ee3\u7684\u827a\u672f\u5f62\u5f0f\u84ec\u52c3\u53d1\u5c55\u3002\u5bfa\u9662\u5b88\u62a4\u7740\u73cd\u5b9d\uff1a\u7518\u4e39\u5bfa26.5\u7c73\u9ad8\u7684\u9540\u91d1\u89c2\u4e16\u97f3\u83e9\u8428\u50cf\u548c\u4e54\u91d1\u5587\u561b\u5e99\u91cc\u73cd\u85cf\u4e30\u5bcc\u7684\u753b\u5eca\u5728\u4f17\u591a\u5b97\u6559\u573a\u6240\u88ab\u5937\u4e3a\u5e73\u5730\u7684\u6e05\u6d17\u4e2d\u5e78\u5b58\u4e86\u4e0b\u6765\u3002\u624e\u7eb3\u5df4\u624e\u5c14\u7f8e\u672f\u535a\u7269\u9986\u6536\u85cf\u7740\u8499\u53e4\u6700\u8457\u540d\u7684\u827a\u672f\u5723\u4eba\u7684\u6770\u4f5c\uff0c\u800c\u56fd\u5bb6\u535a\u7269\u9986\u5219\u8ffd\u6eaf\u4e86\u4ece\u53f2\u524d\u65f6\u4ee3\u5230\u8499\u53e4\u5e1d\u56fd\u65f6\u671f\u4eba\u7c7b\u7684\u8db3\u8ff9\u3002\u4e4c\u5170\u5df4\u6258\u6b4c\u5267\u9662\u4e0e\u6ce2\u58eb\u987f\u8868\u6f14\u827a\u672f\u56e2\u4f53\u7b49\u673a\u6784\u5408\u4f5c\u4e0a\u6f14\u82ad\u857e\u821e\u548c\u4ea4\u54cd\u4e50\u3002\u56fe\u4eec\u989d\u8d6b\u4e50\u56e2\u3001\u9a6c\u5934\u7434\u4e50\u56e2\u548c\u56fd\u5bb6\u5927\u4e50\u56e2\u7b49\u6c11\u95f4\u4e50\u56e2\u5728\u5168\u7403\u5de1\u56de\u6f14\u51fa\uff0c\u5c06\u957f\u6b4c\u3001\u9a6c\u5934\u7434\u548c\u624e\u59c6\u9762\u5177\u821e\u7684\u56de\u54cd\u5e26\u5230\u9065\u8fdc\u7684\u821e\u53f0\u3002<\/p>\n\n\n\n<p>\u516c\u56ed\u548c\u4fdd\u62a4\u533a\u73af\u7ed5\u57ce\u5e02\u5448\u5f27\u5f62\u5206\u5e03\u3002\u535a\u683c\u8fbe\u6c57\u4e4c\u52d2\u4fdd\u62a4\u533a\u662f\u4e00\u590412\u4e16\u7eaa\u7684\u4fdd\u62a4\u9057\u5740\uff0c\u5360\u57306.73\u4e07\u516c\u9877\uff0c\u4e24\u4fa7\u751f\u957f\u7740\u843d\u53f6\u677e\u548c\u677e\u6811\uff0c\u4e0e12\u4e16\u7eaa\u6587\u6b8a\u5bfa\u9057\u5740\u9065\u76f8\u547c\u5e94\u3002\u4f4d\u4e8e\u4e1c\u90e870\u516c\u91cc\u7684Gorkhi-Terelj\u56fd\u5bb6\u516c\u56ed\uff0c\u8bbe\u6709\u5f92\u6b65\u5c0f\u5f84\uff0c\u4ee5\u53ca40\u7c73\u9ad8\u7684\u6210\u5409\u601d\u6c57\u9a91\u9a6c\u96d5\u50cf\uff0c\u96d5\u50cf\u5e95\u90e8\u6324\u6ee1\u4e86\u7eaa\u5ff5\u54c1\u644a\u4f4d\uff0c\u5438\u5f15\u7740\u4e00\u65e5\u6e38\u7684\u6e38\u5ba2\u3002\u5728\u5e02\u533a\u5185\uff0c\u56fd\u5bb6\u56ed\u6797\u516c\u56ed\u5360\u573055\u516c\u9877\uff0c\u79cd\u690d\u4e86\u8d85\u8fc710\u4e07\u68f5\u6811\uff0c\u65e8\u5728\u6559\u80b2\u5e02\u6c11\u4fdd\u62a4\u73af\u5883\uff1b\u800c\u4e00\u4e9b\u8f83\u5c0f\u7684\u6811\u6797\u5219\u7528\u4e8e\u7eaa\u5ff5\u6614\u65e5\u4eba\u7269\u6216\u4fc3\u8fdb\u97e9\u8499\u53cb\u8c0a\u3002<\/p>\n\n\n\n<p>\u4e4c\u5170\u5df4\u6258\u7684\u8857\u9053\u808c\u7406\u4ea4\u7ec7\u7740\u65b0\u65e7\u3002\u548c\u5e73\u5927\u9053\uff0c\u66fe\u7ecf\u7684\u4e4c\u5c14\u53e4\u7684\u201c\u4e18\u7f57\u201d\uff08Ch\u00f6l\u00f6\u00f6\uff09\uff0c\u4e1c\u897f\u8d2f\u7a7f\u4e2d\u5fc3\u5e7f\u573a\uff0c\u4eba\u884c\u9053\u4e24\u65c1\u6797\u7acb\u7740\u56fd\u8425\u767e\u8d27\u5546\u5e97\u548c\u4f9b\u5e94\u84b8\u9762\u5305\u548c\u751c\u70b9\u7684\u5496\u5561\u9986\u3002\u4f0a\u8d6b\u6258\u9c81\u73af\u8def\u6cbf\u7740\u5df2\u6d88\u5931\u7684\u5bfa\u5e99\uff0c\u8ffd\u6eaf\u671d\u5723\u8005\u7684\u7948\u7977\u4e4b\u8def\uff0c\u4e0e\u65e5\u63f4\u7684\u201c\u592a\u9633\u4e4b\u8def\u201d\uff08Narnii Zam\uff09\u76f8\u4ea4\u3002\u5317\u90e8\u7684\u8499\u53e4\u5305\u533a\u5c31\u5728\u4e0d\u8fdc\u5904\uff0c\u571f\u8def\u7eb5\u6a2a\u4ea4\u9519\uff0c\u70b9\u7f00\u7740\u975e\u6b63\u5f0f\u7684\u5e02\u573a\u3002\u5411\u5357\uff0c\u5bcc\u88d5\u7684\u793e\u533a\u5ef6\u4f38\u81f3\u56fe\u5c14\uff08Tuul\uff09\uff0c\u90a3\u91cc\u7684\u590f\u5b63\u522b\u5885\u2014\u2014\u7956\u65af\u5170\uff08zuslan\uff09\uff0c\u8ba9\u4eba\u8054\u60f3\u5230\u4fc4\u7f57\u65af\u522b\u5885\u2014\u2014\u5750\u843d\u5728\u767d\u6768\u548c\u67f3\u6811\u4e4b\u95f4\uff0c\u5468\u672b\u4e3e\u529e\u70e7\u70e4\u6d3b\u52a8\uff0c\u5076\u5c14\u8fd8\u80fd\u770b\u5230\u7267\u6c11\u7684\u9a6c\u5339\u5728\u508d\u665a\u5403\u8349\u3002<\/p>\n\n\n\n<p>\u516c\u5171\u4ea4\u901a\u652f\u6491\u7740\u8fd9\u5ea7\u62e5\u6709\u8d85\u8fc766\u4e07\u8f86\u6ce8\u518c\u8f66\u8f86\u7684\u57ce\u5e02\u3002\u516c\u4ea4\u8f66\u5360\u636e\u4e3b\u5bfc\u5730\u4f4d\uff1a\u6765\u81ea19\u5bb6\u516c\u53f8\u7684950\u8f86\u516c\u4ea4\u8f66\u884c\u9a76\u5728105\u6761\u7ebf\u8def\u4e0a\uff0c\u6bcf\u5929\u8fd0\u9001\u8fd150\u4e07\u540d\u4e58\u5ba2\u30022015\u5e74\uff0c\u201cU Money\u201d\u667a\u80fd\u5361\u7968\u4ef7\u7cfb\u7edf\u53d6\u4ee3\u4e86\u552e\u7968\u5458\uff0c\u7b80\u5316\u4e86\u6210\u4eba\u7968\u4ef7300\u81f3500\u56fe\u683c\u91cc\u514b\u7684\u65c5\u7a0b\u3002\u65e0\u8f68\u7535\u8f66\u548c\u5c0f\u5df4\u586b\u8865\u4e86\u7a7a\u7f3a\uff1b\u76ee\u524d\u6709372\u8f86\u6b63\u89c4\u51fa\u79df\u8f66\u5728\u6709\u6807\u5fd7\u7684\u8f66\u9053\u4e0a\u884c\u9a76\uff0c\u800c\u65e0\u724c\u51fa\u79df\u8f66\u548c\u50cfUBCab\u8fd9\u6837\u7684\u53eb\u8f66\u5e94\u7528\u5219\u5728\u6697\u5730\u91cc\u84ec\u52c3\u53d1\u5c55\u3002\u548c\u5e73\u5927\u9053\u3001\u4f0a\u8d6b\u6258\u9c81\u5927\u9053\u3001\u7eb3\u5c14\u5c3c\u624e\u59c6\u5927\u9053\u548c\u6210\u5409\u601d\u6c57\u5927\u9053\u4e0a\u7684\u4ea4\u901a\u7f13\u6162\uff0c2021\u5e74\u9ad8\u5cf0\u65f6\u6bb5\u7684\u5e73\u5747\u8f66\u901f\u5c06\u964d\u81f39\u516c\u91cc\/\u5c0f\u65f6\u4ee5\u4e0b\uff0c\u9884\u8ba1\u968f\u7740\u4ea4\u901a\u62e5\u5835\u52a0\u5267\uff0c\u8f66\u901f\u5c06\u8fdb\u4e00\u6b65\u4e0b\u964d\u3002<\/p>\n\n\n\n<p>\u94c1\u8def\u8fde\u63a5\u4e4c\u5170\u5df4\u6258\u4e0e\u4fc4\u7f57\u65af\u548c\u4e2d\u56fd\uff0c\u901a\u8fc7\u8499\u53e4\u56fd\u94c1\u8def\uff0c\u4e94\u4e2a\u76f4\u5347\u673a\u505c\u673a\u576a\u70b9\u7f00\u7740\u8fd9\u5ea7\u57ce\u5e02\u7684\u5929\u9645\u7ebf\u3002\u6210\u5409\u601d\u6c57\u56fd\u9645\u673a\u573a\u4e8e2021\u5e74\u5728\u6258\u592b\u5dde\u7684\u745f\u683c\u4f26\u843d\u6210\uff0c\u53d6\u4ee3\u4e86\u65e7\u7684\u5e03\u626c\u7279-\u4e4c\u54c8\u673a\u573a\u3002\u673a\u573a\u822a\u7ad9\u697c\u8bbe\u6709\u901a\u5f80\u6b27\u6d32\u3001\u4e1c\u4e9a\u548c\u56fd\u5185\u5404\u7701\u4e2d\u5fc3\u7684\u822a\u7ebf\uff0c\u5e76\u901a\u8fc7\u7a7f\u68ad\u5df4\u58eb\u548c\u9ad8\u901f\u516c\u8def\u4e0e\u5e02\u533a\u76f8\u8fde\u3002\u5728\u4e4c\u5170\u5df4\u6258\uff0c\u4ea4\u901a\u89c4\u5212\u4eba\u5458\u9762\u4e34\u7740\u6d2a\u6c34\u6cdb\u6ee5\u7684\u95ee\u9898\uff1b\u53ea\u670916%\u7684\u94fa\u88c5\u9053\u8def\u6709\u6392\u6c34\u7cfb\u7edf\uff0c\u8fd9\u4f7f\u5f97\u6625\u5b63\u878d\u96ea\u6210\u4e3a\u8499\u53e4\u5305\u793e\u533a\u7684\u79ef\u6c34\u9690\u60a3\u3002<\/p>\n\n\n\n<p>\u5bf9\u4e8e\u6e38\u5ba2\u6765\u8bf4\uff0c\u73b0\u5b9e\u4e0e\u5386\u53f2\u4ea4\u7ec7\u5728\u4e00\u8d77\u3002ATM \u673a\u6570\u91cf\u4f17\u591a\u2014\u2014Golomt \u548c TDB \u94f6\u884c\u63a5\u53d7\u56fd\u9645\u5361\u7684\u56fe\u683c\u91cc\u514b (t\u00f6gr\u00f6g)\uff0c\u4f46\u9700\u652f\u4ed8\u7ea6 3% \u7684\u624b\u7eed\u8d39\uff0c\u800c\u4e14\u53ea\u6709\u673a\u573a\u7684\u53d6\u6b3e\u673a\u63a5\u53d7 Cirrus \u5361\u3002\u6cbf\u7740\u548c\u5e73\u5927\u9053\uff0c\u8d27\u5e01\u5151\u6362\u5904\u63d0\u4f9b\u6781\u5177\u7ade\u4e89\u529b\u7684\u6c47\u7387\uff0c\u800c\u5927\u578b\u9152\u5e97\u5219\u5168\u5929\u5019\u63d0\u4f9b\u8d27\u5e01\u4ea4\u6613\u670d\u52a1\u3002\u72af\u7f6a\u96c6\u4e2d\u5728\u5468\u8fb9\u5730\u533a\uff1a\u8499\u53e4\u5305\u533a\u3001\u6ca1\u6709\u8def\u706f\u7684\u5c0f\u5df7\u548c\u62e5\u6324\u7684\u5e02\u573a\u9700\u8981\u8b66\u60d5\u6252\u7a83\uff1b\u76f8\u6bd4\u4e4b\u4e0b\uff0c\u5e02\u4e2d\u5fc3\u76f8\u5bf9\u5b89\u5168\u3002\u5076\u5c14\u4f1a\u53d1\u751f\u4e00\u4e9b\u6d89\u53ca\u9189\u9152\u65c1\u89c2\u8005\u7684\u4ec7\u5916\u4e8b\u4ef6\uff1b\u5728\u9152\u5427\u548c\u51fa\u79df\u8f66\u4e0a\u4fdd\u6301\u8c28\u614e\uff0c\u4ee5\u53ca\u591c\u95f4\u7ed3\u4f34\u51fa\u884c\uff0c\u53ef\u4ee5\u6700\u5927\u7a0b\u5ea6\u5730\u964d\u4f4e\u98ce\u9669\u3002<\/p>\n\n\n\n<p>\u5728\u5176\u53d1\u5c55\u7684\u7b2c\u516d\u4e2a\u9636\u6bb5\u2014\u20141639\u5e74\u81f31778\u5e74\u7684\u50e7\u4fa3\u6d41\u52a8\u671f\uff1b1778\u5e74\u81f31924\u5e74\u7684\u6e05\u671d\u5e93\u4f26\u65f6\u671f\uff1b1924\u5e74\u81f31990\u5e74\u7684\u793e\u4f1a\u4e3b\u4e49\u5171\u548c\u56fd\u65f6\u671f\uff1b\u7ecf\u6d4e\u8427\u6761\u768420\u4e16\u7eaa90\u5e74\u4ee3\uff1b\u4ee5\u53ca2000\u5e74\u4ee5\u6765\u7684\u7206\u70b8\u5f0f\u589e\u957f\u2014\u2014\u4e4c\u5170\u5df4\u6258\u5c55\u73b0\u51fa\u5c42\u5c42\u7684\u8eab\u4efd\u8ba4\u540c\u3002\u6bcf\u4e00\u5c42\u90fd\u7559\u4e0b\u4e86\u75d5\u8ff9\uff1a\u4ee4\u4eba\u8054\u60f3\u8d77\u5bfa\u5e99\u56f4\u5899\u7684\u6728\u6805\u680f\uff1b\u82cf\u8054\u65f6\u4ee3\u7684\u516c\u5bd3\u9010\u6e10\u88ab\u73bb\u7483\u5854\u697c\u6240\u53d6\u4ee3\uff1b\u6cbe\u6ee1\u6ce5\u571f\u7684\u8499\u53e4\u5305\u5728\u9713\u8679\u706f\u9152\u5e97\u62db\u724c\u7684\u6620\u886c\u4e0b\u663e\u5f97\u683c\u5916\u9192\u76ee\u3002\u5728\u6781\u7aef\u7684\u6c14\u6e29\u548c\u4e0d\u5e73\u7b49\u7684\u73af\u5883\u4e2d\uff0c\u4e4c\u5170\u5df4\u6258\u4f9d\u7136\u662f\u8499\u53e4\u7684\u795e\u7ecf\u4e2d\u67a2\uff0c\u5728\u6e38\u7267\u4e60\u4fd7\u3001\u4f5b\u5b66\u5b66\u4e60\u548c\u5bf9\u56f0\u5883\u7684\u575a\u97e7\u9002\u5e94\u7684\u57fa\u7840\u4e0a\uff0c\u4e0d\u65ad\u6253\u9020\u73b0\u4ee3\u5316\u3002\u5b83\u53d8\u5e7b\u83ab\u6d4b\u7684\u5929\u9645\u7ebf\u6620\u7167\u7740\u8fdc\u5904\u7684\u8349\u539f\u2014\u2014\u5411\u5929\u7a7a\u655e\u5f00\uff0c\u88ab\u98ce\u5851\u9020\uff0c\u4e5f\u56e0\u5c06\u8fd9\u7247\u5bd2\u51b7\u5c71\u8c37\u89c6\u4e3a\u5bb6\u56ed\u7684\u4eba\u4eec\u800c\u5145\u6ee1\u6d3b\u529b\u3002<\/p>","protected":false},"excerpt":{"rendered":"<p>\u4e4c\u5170\u5df4\u6258\u662f\u8499\u53e4\u7684\u9996\u90fd\u548c\u6700\u5927\u57ce\u5e02\uff0c\u62e5\u6709160\u4e07\u5c45\u6c11\uff0c\u6839\u636e\u5e74\u5e73\u5747\u6c14\u6e29\uff0c\u88ab\u516c\u8ba4\u4e3a\u4e16\u754c\u4e0a\u6700\u5bd2\u51b7\u7684\u9996\u90fd\u3002\u8fd9\u5ea7\u5145\u6ee1\u6d3b\u529b\u7684\u57ce\u5e02\u4f4d\u4e8e\u8499\u53e4\u4e2d\u5317\u90e8\uff0c\u6d77\u62d4\u7ea61300\u7c73\uff0c\u62e5\u6709\u8fd1\u56db\u4e2a\u4e16\u7eaa\u7684\u60a0\u4e45\u5386\u53f2\u3002\u8fd9\u5ea7\u57ce\u5e02\u4ece\u6e38\u7267\u4f5b\u6559\u5bfa\u9662\u4e2d\u5fc3\u8f6c\u53d8\u4e3a\u5f53\u4ee3\u90fd\u5e02\u4e2d\u5fc3\uff0c\u4f53\u73b0\u4e86\u8499\u53e4\u4e30\u5bcc\u7684\u6587\u5316\u9057\u4ea7\u53ca\u5176\u56fd\u5bb6\u53d1\u5c55\u5386\u7a0b\u3002<\/p>","protected":false},"author":1,"featured_media":3043,"parent":15411,"menu_order":0,"comment_status":"closed","ping_status":"closed","template":"elementor_theme","meta":{"_eb_attr":"","footnotes":""},"class_list":["post-15420","page","type-page","status-publish","has-post-thumbnail"],"_links":{"self":[{"href":"https:\/\/travelshelper.com\/zh\/wp-json\/wp\/v2\/pages\/15420","targetHints":{"allow":["GET"]}}],"collection":[{"href":"https:\/\/travelshelper.com\/zh\/wp-json\/wp\/v2\/pages"}],"about":[{"href":"https:\/\/travelshelper.com\/zh\/wp-json\/wp\/v2\/types\/page"}],"author":[{"embeddable":true,"href":"https:\/\/travelshelper.com\/zh\/wp-json\/wp\/v2\/users\/1"}],"replies":[{"embeddable":true,"href":"https:\/\/travelshelper.com\/zh\/wp-json\/wp\/v2\/comments?post=15420"}],"version-history":[{"count":0,"href":"https:\/\/travelshelper.com\/zh\/wp-json\/wp\/v2\/pages\/15420\/revisions"}],"up":[{"embeddable":true,"href":"https:\/\/travelshelper.com\/zh\/wp-json\/wp\/v2\/pages\/15411"}],"wp:featuredmedia":[{"embeddable":true,"href":"https:\/\/travelshelper.com\/zh\/wp-json\/wp\/v2\/media\/3043"}],"wp:attachment":[{"href":"https:\/\/travelshelper.com\/zh\/wp-json\/wp\/v2\/media?parent=15420"}],"curies":[{"name":"wp","href":"https:\/\/api.w.org\/{rel}","templated":true}]}}