{"id":14785,"date":"2024-09-20T09:34:11","date_gmt":"2024-09-20T09:34:11","guid":{"rendered":"https:\/\/travelshelper.com\/staging\/?page_id=14785"},"modified":"2026-03-11T18:16:36","modified_gmt":"2026-03-11T18:16:36","slug":"%e5%90%89%e5%b0%94%e5%90%89%e6%96%af%e6%96%af%e5%9d%a6","status":"publish","type":"page","link":"https:\/\/travelshelper.com\/zh\/destinations\/asia\/kyrgyzstan\/","title":{"rendered":"\u5409\u5c14\u5409\u65af\u65af\u5766"},"content":{"rendered":"<p>Kyrgyzstan, officially the Kyrgyz Republic, occupies a rugged swath of Central Asia, its territory defined by the soaring ridges of the Tian Shan and Pamir ranges. Lands enclosed by Kazakhstan to the north, Uzbekistan to the west, Tajikistan to the south and China to the east, the republic extends between 39\u00b0 and 44\u00b0 N latitude and 69\u00b0 and 81\u00b0 E longitude. Bishkek, its administrative centre, stands in the northern foothills, while Osh\u2014its second city and among the region\u2019s oldest urban settlements\u2014rests near the fertile branches of the Fergana Valley. The state counts just over seven million inhabitants, principally ethnic Kyrgyz, alongside sizable Uzbek and Russian communities. This article surveys Kyrgyzstan\u2019s physical contours, its complex past, and the social and economic forces that shape its present.<\/p>\n\n\n\n<p>Human presence in present-day Kyrgyzstan reaches back to nomadic tribes that roamed the steppes long before recorded chronicles. The Yenisei Kyrgyz established a khaganate by the early medieval era, only to be subsumed by successive Turkic confederations. In the thirteenth century, the Mongol Empire incorporated the region; indigenous rule reemerged intermittently under Mongol successor states and later the Dzungar Khanate. After the Dzungars\u2019 fall, Kyrgyz and related Kipchak groups formed part of the Kokand Khanate until 1876, when tsarist Russia annexed the territory. Over the next six decades, Slavic settlers transformed lower-lying pastures into cultivated land, while local uprisings against imperial conscription occasionally erupted.<\/p>\n\n\n\n<p>Under Soviet administration, the Kara-Kirghiz Autonomous Oblast took shape within the Russian Soviet Republic, renamed Kirghiz Autonomous Soviet Socialist Republic in 1926, and elevated to union republic status in 1936. Frunze\u2014formerly Pishpek\u2014became the capital, and Russification, industrialization, and collectivization reshaped society. The Kyrgyz language adopted Latin and later Cyrillic scripts, compulsory schooling advanced literacy, and the Epic of Manas entered written form. The Soviet period also brought deported minorities\u2014Germans, Chechens, Poles\u2014adding to the region\u2019s diversity.<\/p>\n\n\n\n<p>By 1990, as Mikhail Gorbachev\u2019s reforms loosened Moscow\u2019s grip, pro-independence sentiment led to the election of Askar Akayev as president. On 31 August 1991, Kyrgyzstan declared sovereignty from the Soviet Union. The republic adjusted its constitution, changed its English and Russian spellings to match the Kyrgyz endonym, and restored the capital\u2019s indigenous name as Bishkek.<\/p>\n\n\n\n<p>At independence, Kyrgyzstan adopted a strong presidential model. Discontent with Akayev\u2019s increasingly authoritarian tenure spurred the 2005 \u201cTulip Revolution,\u201d which installed Kurmanbek Bakiyev. Bakiyev\u2019s administration, too, struggled with constitutional disputes and allegations of electoral malfeasance. In 2010, popular unrest led to further transition, and a parliamentary-presidential hybrid emerged. Over the following decade, shifting power balances between executive and legislative bodies produced a semi-presidential arrangement until reforms in 2021 restored a dominant presidential role. Throughout this period, ethnic tensions\u2014especially between Kyrgyz and Uzbek communities\u2014flared in southern provinces, while economic hardship and contested elections prompted periodic protests.<\/p>\n\n\n\n<p>\u5409\u5c14\u5409\u65af\u65af\u5766\u7ea680%\u7684\u56fd\u571f\u6d77\u62d4\u8d85\u8fc71500\u7c73\u3002\u5c71\u5cf0\u9ad8\u5ea6\u901a\u5e38\u8d85\u8fc77000\u7c73\uff1b\u6770\u683c\u4ec0\u4e54\u5e93\u82cf\u5cf0\uff08\u539f\u540d\u6ce2\u522b\u8fbe\u5cf0\uff09\u4f4d\u4e8e\u4e2d\u56fd\u8fb9\u5883\uff0c\u6d77\u62d4\u9ad8\u8fbe7439\u7c73\uff0c\u662f\u4e16\u754c\u4e0a\u6700\u5317\u7aef\u76847000\u7c73\u4ee5\u4e0a\u5c71\u5cf0\u3002\u873f\u8712\u4e8e\u5c71\u810a\u4e4b\u95f4\u7684\u6cb3\u8c37\u2014\u2014\u5176\u4e2d\u6700\u8457\u540d\u7684\u662f\u7eb3\u4f26\u6cb3\u548c\u5361\u62c9\u6cb3\u2014\u2014\u6ecb\u517b\u7740\u9521\u5c14\u6cb3\u3002\u9521\u5c14\u6cb3\u66fe\u6d41\u5165\u54b8\u6d77\uff0c\u540e\u6765\u88ab\u4e0b\u6e38\u5404\u5dde\u5f15\u6c34\u704c\u6e89\u68c9\u82b1\u3002\u695a\u6cb3\u5219\u4ece\u5317\u90e8\u6d41\u7ecf\u54c8\u8428\u514b\u65af\u5766\u3002\u51ac\u5b63\u5f3a\u964d\u96ea\u4f1a\u5f15\u53d1\u6625\u5b63\u6d2a\u6c34\uff0c\u6d2a\u6c34\u4f1a\u91cd\u5851\u6cb3\u5cb8\uff0c\u5a01\u80c1\u4e0b\u6e38\u5c45\u6c11\u70b9\uff0c\u800c\u5f84\u6d41\u5219\u4e3a\u4f17\u591a\u6c34\u7535\u7ad9\u63d0\u4f9b\u6c34\u6e90\u3002<\/p>\n\n\n\n<p>\u4f0a\u585e\u514b\u6e56\u662f\u4f4d\u4e8e\u5929\u5c71\u4e1c\u5317\u90e8\u6d77\u62d41607\u7c73\u7684\u76d0\u6e56\uff0c\u662f\u4e16\u754c\u7b2c\u4e8c\u5927\u9ad8\u5c71\u6e56\u6cca\uff0c\u4ec5\u6b21\u4e8e\u7684\u7684\u5580\u5580\u6e56\u3002\u5b83\u7684\u540d\u5b57\u5728\u5409\u5c14\u5409\u65af\u8bed\u4e2d\u610f\u4e3a\u201c\u6e29\u6696\u7684\u6e56\u6cca\u201d\uff0c\u53cd\u6620\u4e86\u51ac\u5b63\u6c14\u6e29\u5bd2\u51b7\u5374\u65e0\u51b0\u5c01\u7684\u666f\u8c61\u3002\u8015\u5730\u9762\u79ef\u4e0d\u5230\u603b\u9762\u79ef\u76848%\uff1b\u53ef\u8015\u5730\u96c6\u4e2d\u5728\u5317\u90e8\u5e73\u539f\u548c\u8d39\u5c14\u5e72\u7eb3\u76c6\u5730\u7684\u8fb9\u7f18\u3002\u9488\u53f6\u6797\u8986\u76d6\u7684\u68ee\u6797\u5c71\u5761\u9010\u6e10\u88ab\u9ad8\u5c71\u8349\u7538\u3001\u534a\u6c99\u6f20\u4e18\u9675\u548c\u4f4e\u6d77\u62d4\u6c99\u6f20\u6240\u53d6\u4ee3\uff0c\u652f\u6491\u7740\u4e03\u79cd\u4e0d\u540c\u7684\u9646\u5730\u751f\u6001\u7cfb\u7edf\u3002\u622a\u81f32019\u5e74\uff0c\u4e00\u9879\u5168\u7403\u8c03\u67e5\u5c06\u5409\u5c14\u5409\u65af\u65af\u5766\u7684\u68ee\u6797\u666f\u89c2\u5b8c\u6574\u6027\u6392\u540d\u4e16\u754c\u7b2c\u5341\u4e09\u3002<\/p>\n\n\n\n<p>\u5927\u9646\u6027\u5f71\u54cd\u5360\u4e3b\u5bfc\u5730\u4f4d\uff0c\u4f46\u6d77\u62d4\u9ad8\u5ea6\u4e5f\u5bfc\u81f4\u4e86\u533a\u57df\u5dee\u5f02\u3002\u8d39\u5c14\u5e72\u7eb3\u8c37\u5730\u5c5e\u4e9a\u70ed\u5e26\u9ad8\u6e29\u5730\u533a\uff0c\u590f\u5b63\u6700\u9ad8\u6c14\u6e29\u63a5\u8fd140\u00b0C\uff0c\u51ac\u5b63\u6c14\u5019\u6e29\u548c\u3002\u5317\u90e8\u5c71\u9e93\u5730\u533a\u6c14\u5019\u6e29\u548c\u3002\u5728\u9ad8\u6d77\u62d4\u5730\u533a\uff0c\u6c14\u5019\u6761\u4ef6\u4ece\u5e72\u71e5\u7684\u5927\u9646\u6027\u6c14\u5019\u5230\u6781\u5730\u6c14\u5019\u4e0d\u7b49\uff1b\u6d77\u62d43000\u7c73\u4ee5\u4e0a\u7684\u5730\u533a\u4e00\u5e74\u4e2d\u5927\u90e8\u5206\u65f6\u95f4\u90fd\u4f1a\u79ef\u96ea\u3002\u51ac\u5b63\uff0c\u5728\u66b4\u9732\u5730\u533a\uff0c\u6c14\u6e29\u53ef\u80fd\u4f4e\u4e8e-20\u00b0C\uff0c\u751a\u81f3\u4e00\u4e9b\u4f4e\u6d3c\u76c6\u5730\u4e5f\u4f1a\u88ab\u5927\u96ea\u8986\u76d6\uff0c\u6301\u7eed\u8d85\u8fc7\u4e00\u4e2a\u6708\u3002\u5728\u4f4e\u5730\uff0c\u4e00\u6708\u5e73\u5747\u6c14\u6e29\u7ea6\u4e3a-6\u00b0C\uff0c\u800c\u4e03\u6708\u5e73\u5747\u6c14\u6e29\u4e3a24\u00b0C\u3002<\/p>\n\n\n\n<p>\u5409\u5c14\u5409\u65af\u65af\u5766\u5206\u4e3a\u4e03\u4e2a\u5dde\uff08oblustar\uff09\u548c\u4e24\u5ea7\u5168\u56fd\u6027\u57ce\u5e02\u2014\u2014\u6bd4\u4ec0\u51ef\u514b\u548c\u5965\u4ec0\uff0c\u8fd9\u4e24\u5ea7\u57ce\u5e02\u4e0d\u53d7\u5dde\u7ba1\u8f96\u3002\u5404\u5dde\u4e0b\u8bbe\u56db\u5341\u56db\u4e2a\u533a\uff08aymaqtar\uff09\uff0c\u6bcf\u4e2a\u533a\u7531\u603b\u7edf\u901a\u8fc7\u5dde\u653f\u5e9c\u4efb\u547d\u7684\u5dde\u957f\uff08akim\uff09\u7ba1\u8f96\u3002\u5404\u533a\u8fdb\u4e00\u6b65\u7ec6\u5206\u4e3a\u4e61\u6751\u81ea\u6cbb\u533a\uff08ayyl \u00f6km\u00f6t\u00fc\uff09\uff0c\u5176\u4e2d\u5305\u542b\u672a\u8bbe\u7acb\u72ec\u7acb\u5e02\u9547\u7684\u6751\u5e84\u3002\u8fd9\u4e9b\u5730\u533a\u5305\u62ec\uff1a\u5df4\u7279\u80af\u3001\u695a\u4f0a\u3001\u8d3e\u62c9\u52d2\u963f\u5df4\u5fb7\u3001\u7eb3\u4f26\u3001\u5965\u4ec0\u3001\u5854\u62c9\u65af\u548c\u4f0a\u585e\u514b\u6e56\u3002\u6bcf\u4e2a\u5730\u533a\u90fd\u4f53\u73b0\u4e86\u72ec\u7279\u7684\u5730\u8c8c\u548c\u7ecf\u6d4e\u7279\u5f81\u2014\u2014\u4ece\u7eb3\u4f26\u7684\u504f\u8fdc\u5c71\u533a\u5230\u695a\u4f0a\u7684\u5e7f\u9614\u519c\u7530\u3002<\/p>\n\n\n\n<p>\u5409\u5c14\u5409\u65af\u65af\u5766\u5728\u4eba\u7c7b\u53d1\u5c55\u6307\u6570\u4e2d\u6392\u540d\u7b2c117\u4f4d\uff0c\u662f\u4e2d\u4e9a\u56fd\u5bb6\u4e2d\u7b2c\u4e8c\u8d2b\u7a77\u7684\u56fd\u5bb6\uff0c\u4ec5\u6b21\u4e8e\u5854\u5409\u514b\u65af\u5766\u3002\u5176\u8f6c\u578b\u7ecf\u6d4e\u4e25\u91cd\u4f9d\u8d56\u77ff\u4ea7\u51fa\u53e3\uff08\u5c24\u5176\u662f\u9ec4\u91d1\u3001\u7164\u70ad\u548c\u94c0\uff09\uff0c\u4ee5\u53ca\u7ea680\u4e07\u5728\u56fd\u5916\uff08\u4e3b\u8981\u5728\u4fc4\u7f57\u65af\uff09\u5de5\u4f5c\u7684\u5409\u5c14\u5409\u65af\u65af\u5766\u4eba\u7684\u6c47\u6b3e\u3002\u56fd\u5bb6\u94f6\u884c\u2014\u2014\u5409\u5c14\u5409\u65af\u5171\u548c\u56fd\u56fd\u5bb6\u94f6\u884c\u2014\u2014\u8d1f\u8d23\u7ba1\u7406\u8d27\u5e01\u53d1\u884c\u2014\u2014\u5409\u5c14\u5409\u65af\u65af\u5766\u7d22\u59c6\uff08KGS\uff09\uff0c\u5e76\u6839\u636e\u8d22\u653f\u6539\u9769\u8c03\u6574\u8d27\u5e01\u653f\u7b56\u3002\u82cf\u8054\u89e3\u4f53\u540e\uff0c\u51fa\u53e3\u5e02\u573a\u84b8\u53d1\uff0c\u8feb\u4f7f\u5176\u8fdb\u884c\u75db\u82e6\u7684\u8c03\u6574\uff1a\u53d6\u6d88\u4ef7\u683c\u8865\u8d34\uff0c\u5f00\u5f81\u589e\u503c\u7a0e\uff0c\u5e76\u524a\u51cf\u516c\u5171\u652f\u51fa\u30021998\u5e7412\u670820\u65e5\u52a0\u5165\u4e16\u754c\u8d38\u6613\u7ec4\u7ec7\uff0c\u6807\u5fd7\u7740\u5409\u5c14\u5409\u65af\u65af\u5766\u81f4\u529b\u4e8e\u81ea\u7531\u5316\u3002<\/p>\n\n\n\n<p>2002\u5e74\uff0c\u519c\u4e1a\u8d21\u732e\u4e86\u8be5\u56fdGDP\u768435%\u4ee5\u4e0a\uff0c\u5e76\u5438\u7eb3\u4e86\u7ea6\u4e00\u534a\u7684\u52b3\u52a8\u529b\u3002\u755c\u7267\u4e1a\u5360\u636e\u4e3b\u5bfc\u5730\u4f4d\uff0c\u5728\u5c71\u5730\u7267\u573a\u9972\u517b\u725b\u7f8a\uff0c\u751f\u4ea7\u7f8a\u6bdb\u3001\u8089\u7c7b\u548c\u5976\u5236\u54c1\u3002\u519c\u4f5c\u7269\u79cd\u690d\u4e3b\u8981\u96c6\u4e2d\u5728\u5c0f\u9ea6\u3001\u751c\u83dc\u3001\u571f\u8c46\u3001\u68c9\u82b1\u548c\u70df\u8349\uff0c\u4f46\u519c\u7528\u5316\u5b66\u54c1\u548c\u71c3\u6599\u7684\u9ad8\u6602\u8fdb\u53e3\u6210\u672c\u9650\u5236\u4e86\u673a\u68b0\u5316\uff0c\u8bb8\u591a\u5c0f\u519c\u6237\u53ea\u80fd\u96c7\u4f63\u9a6c\u5339\u548c\u8fdb\u884c\u4f53\u529b\u52b3\u52a8\u3002\u519c\u4ea7\u54c1\u52a0\u5de5\uff0c\u5c24\u5176\u662f\u5976\u5236\u54c1\u3001\u8089\u7c7b\u548c\u68c9\u82b1\u52a0\u5de5\uff0c\u4e3a\u6295\u8d44\u63d0\u4f9b\u4e86\u673a\u4f1a\u3002<\/p>\n\n\n\n<p>\u77ff\u4ea7\u8d44\u6e90\u4e30\u5bcc\uff0c\u652f\u6491\u7740\u51b6\u91d1\u4e1a\uff1a\u5c3d\u7ba1\u5b58\u5728\u73af\u5883\u65b9\u9762\u7684\u62c5\u5fe7\uff0c\u5e93\u59c6\u6258\u5c14\u91d1\u77ff\u7684\u5f00\u91c7\u4ecd\u5438\u5f15\u4e86\u5916\u56fd\u5408\u4f5c\u4f19\u4f34\u3002\u6c34\u7535\u5f00\u53d1\u5229\u7528\u5c71\u5730\u5f84\u6d41\uff0c\u6709\u6f5c\u529b\u6269\u5927\u7535\u529b\u51fa\u53e3\u3002\u77f3\u6cb9\u548c\u5929\u7136\u6c14\u50a8\u91cf\u5fae\u4e4e\u5176\u5fae\uff0c\u56e0\u6b64\u9700\u8981\u8fdb\u53e3\u4ee5\u6ee1\u8db3\u56fd\u5185\u9700\u6c42\u3002<\/p>\n\n\n\n<p>\u622a\u81f3 2020 \u5e74 8 \u6708\uff0c\u5409\u5c14\u5409\u65af\u65af\u5766\u4eba\u53e3\u7ea6\u4e3a 659 \u4e07\uff0c\u5176\u4e2d 34.4% \u5728 15 \u5c81\u4ee5\u4e0b\uff0c6.2% \u5728 65 \u5c81\u4ee5\u4e0a\uff1b\u57ce\u5e02\u5c45\u6c11\u7ea6\u5360\u603b\u4eba\u53e3\u7684\u4e09\u5206\u4e4b\u4e00\uff0c\u5e73\u5747\u4eba\u53e3\u5bc6\u5ea6\u4e3a\u6bcf\u5e73\u65b9\u516c\u91cc 25 \u4eba\u3002\u5409\u5c14\u5409\u65af\u65af\u5766\u65cf\u5360 77.8%\uff1b\u4e4c\u5179\u522b\u514b\u65cf\u5360 14.2%\uff0c\u4e3b\u8981\u5206\u5e03\u5728\u5357\u90e8\uff1b\u4fc4\u7f57\u65af\u65cf\u5360 3.8%\uff0c\u96c6\u4e2d\u5728\u6bd4\u4ec0\u51ef\u514b\u548c\u695a\u4f0a\u4e00\u5e26\u3002\u8f83\u5c0f\u7684\u65cf\u7fa4\u5305\u62ec\u4e1c\u5e72\u4eba\u3001\u5854\u5409\u514b\u4eba\u3001\u7ef4\u543e\u5c14\u65cf\u3001\u54c8\u8428\u514b\u65cf\u7b49\uff0c\u5171\u8ba1 80 \u591a\u4e2a\u4e0d\u540c\u7684\u65cf\u7fa4\u3002\u81ea\u72ec\u7acb\u4ee5\u6765\uff0c\u7531\u4e8e\u8bb8\u591a\u4fc4\u7f57\u65af\u4eba\u3001\u4e4c\u514b\u5170\u4eba\u548c\u5fb7\u56fd\u4eba\u79fb\u6c11\uff0c\u5409\u5c14\u5409\u65af\u65af\u5766\u65cf\u7684\u6bd4\u4f8b\u4ece 1979 \u5e74\u7684\u7ea6 50% \u4e0a\u5347\u5230 2013 \u5e74\u7684 70% \u4ee5\u4e0a\u3002<\/p>\n\n\n\n<p>\u5409\u5c14\u5409\u65af\u4eba\u4f20\u7edf\u4e0a\u5b9e\u884c\u5b63\u8282\u6027\u653e\u7267\uff0c\u590f\u5b63\u5c06\u7272\u755c\u8d76\u5230\u9ad8\u5730\u7267\u573a\uff08jailoo\uff09\uff0c\u5c45\u4f4f\u5728\u540d\u4e3a\u8499\u53e4\u5305\u7684\u4fbf\u643a\u5f0f\u5706\u5f62\u5e10\u7bf7\u4e2d\u3002\u76f8\u6bd4\u4e4b\u4e0b\uff0c\u4e4c\u5179\u522b\u514b\u4eba\u548c\u5854\u5409\u514b\u4eba\u5728\u8d39\u5c14\u5e72\u7eb3\u5e73\u539f\u4ece\u4e8b\u704c\u6e89\u519c\u4e1a\u3002\u5c3d\u7ba1\u57ce\u5e02\u79fb\u6c11\u6570\u91cf\u6709\u6240\u589e\u52a0\uff0c\u4f46\u8fd9\u79cd\u6a21\u5f0f\u5728\u519c\u6751\u5730\u533a\u4f9d\u7136\u5b58\u5728\u3002\u57282024\u5e74\u5168\u7403\u9965\u997f\u6307\u6570\u4e2d\uff0c\u5409\u5c14\u5409\u65af\u65af\u5766\u5728127\u4e2a\u56fd\u5bb6\u4e2d\u6392\u540d\u7b2c36\u4f4d\uff0c\u5176\u5f97\u5206\u4e3a6.8\uff0c\u88ab\u5f52\u7c7b\u4e3a\u4f4e\u9965\u997f\u56fd\u5bb6\u3002<\/p>\n\n\n\n<p>\u5409\u5c14\u5409\u65af\u8bed\u5c5e\u4e8e\u94a6\u5bdf\u514b\u8bed\u652f\u7a81\u53a5\u8bed\uff0c\u4e3a\u56fd\u8bed\uff1b\u4fc4\u8bed\u81ea 2000 \u5e74\u8d77\u4e0e\u5409\u5c14\u5409\u65af\u8bed\u540c\u4e3a\u5b98\u65b9\u8bed\u8a00\u3002\u5409\u5c14\u5409\u65af\u8bed\u4f7f\u7528 1941 \u5e74\u5f15\u5165\u7684\u897f\u91cc\u5c14\u5b57\u6bcd\u3002\u6548\u4eff\u90bb\u56fd\u54c8\u8428\u514b\u65af\u5766\u7684\u62c9\u4e01\u8bed\u6539\u9769\u4ecd\u5728\u8ba8\u8bba\u4e2d\uff1b2023 \u5e74 4 \u6708\uff0c\u5728\u8bed\u8a00\u59d4\u5458\u4f1a\u4e3b\u5e2d\u63d0\u8bae\u5411\u62c9\u4e01\u8bed\u8fc7\u6e21\u540e\uff0c\u4fc4\u7f57\u65af\u6682\u505c\u4e86\u4e73\u5236\u54c1\u51fa\u53e3\u3002\u56fd\u5bb6\u5e7f\u64ad\u548c\u5370\u5237\u5a92\u4f53\u90fd\u4f7f\u7528\u4e24\u79cd\u8bed\u8a00\uff0c\u4f46\u7531\u83ab\u65af\u79d1\u652f\u6301\u7684\u4fc4\u7f57\u65af\u5a92\u4f53\u4fdd\u6301\u7740\u5f3a\u5927\u7684\u6536\u89c6\u7387\uff0c\u5c24\u5176\u662f\u5728\u57ce\u5e02\u548c\u5317\u90e8\u5730\u533a\u3002\u5728\u6bd4\u4ec0\u51ef\u514b\uff0c2020 \u5e74\u7684\u8c03\u67e5\u6570\u636e\u663e\u793a\uff0c55.6% \u7684\u5bb6\u5ead\u5728\u5bb6\u8bf4\u4fc4\u8bed\uff0c43.6% \u7684\u5bb6\u5ead\u8bf4\u5409\u5c14\u5409\u65af\u8bed\uff1b\u5168\u56fd\u8303\u56f4\u5185\uff0c70.9% \u7684\u5bb6\u5ead\u5728\u56fd\u5185\u4f7f\u7528\u5409\u5c14\u5409\u65af\u8bed\u3002\u5546\u4e1a\u548c\u516c\u52a1\u7ecf\u5e38\u4f7f\u7528\u4fc4\u8bed\uff0c\u4f46\u73b0\u5728\u8bae\u4f1a\u4f1a\u8bae\u9ed8\u8ba4\u4f7f\u7528\u5409\u5c14\u5409\u65af\u8bed\u5e76\u63d0\u4f9b\u540c\u58f0\u4f20\u8bd1\u3002<\/p>\n\n\n\n<p>\u4f0a\u65af\u5170\u6559\u5360\u4e3b\u5bfc\u5730\u4f4d\uff1a\u7f8e\u56fd\u4e2d\u592e\u60c5\u62a5\u5c40\u4e16\u754c\u6982\u51b5 2017 \u5e74\u4f30\u8ba1\uff0c90% \u7684\u516c\u6c11\u8ba4\u4e3a\u81ea\u5df1\u662f\u7a46\u65af\u6797\uff0c\u4e3b\u8981\u662f\u65e0\u5b97\u6d3e\u4eba\u58eb\u6216\u54c8\u4e43\u6590\u5b66\u6d3e\u7684\u900a\u5c3c\u6d3e\u4fe1\u5f92\uff0c\u4f46 2012 \u5e74\u7684\u81ea\u6211\u8ba4\u540c\u8c03\u67e5\u53d1\u73b0\uff0c64% \u7684\u4eba\u53ea\u8bf4\u81ea\u5df1\u662f\u201c\u7a46\u65af\u6797\u201d\uff0c\u53ea\u6709 23% \u7684\u4eba\u660e\u786e\u8868\u793a\u81ea\u5df1\u662f\u900a\u5c3c\u6d3e\u3002\u82cf\u8054\u65f6\u671f\uff0c\u65e0\u795e\u8bba\u5360\u636e\u5b98\u65b9\u4e3b\u5bfc\u5730\u4f4d\uff1b\u72ec\u7acb\u540e\uff0c\u5b97\u6559\u4eea\u5f0f\u548c\u6e05\u771f\u5bfa\u5efa\u8bbe\u6709\u6240\u589e\u52a0\uff0c\u540c\u65f6\u547c\u5401\u6062\u590d\u7cbe\u795e\u4ef7\u503c\u89c2\u3002\u76ae\u5c24\u7814\u7a76\u4e2d\u5fc3 2009 \u5e74\u7684\u4e00\u4efd\u62a5\u544a\u663e\u793a\uff0c86.3% \u7684\u516c\u6c11\u4fe1\u5949\u4f0a\u65af\u5170\u6559\u3002\u5c11\u6570\u57fa\u7763\u6559\u5c11\u6570\u6d3e\u2014\u2014\u4e3b\u8981\u4e3a\u4fc4\u7f57\u65af\u4e1c\u6b63\u6559\u3001\u4e4c\u514b\u5170\u4e1c\u6b63\u6559\u3001\u8def\u5fb7\u6559\u3001\u518d\u6d17\u793c\u6d3e\u548c\u7f57\u9a6c\u5929\u4e3b\u6559\u2014\u2014\u7ea6\u5360 7%\u3002\u8036\u548c\u534e\u89c1\u8bc1\u4eba\u4fe1\u5f92\u4eba\u6570\u5728 5,000 \u81f3 10,000 \u4eba\u4e4b\u95f4\u3002\u4ecd\u6709\u5c11\u6570\u72b9\u592a\u4eba\uff0c\u4e3b\u8981\u662f\u5e03\u54c8\u62c9\u4eba\u548c\u963f\u4ec0\u80af\u7eb3\u5179\u4eba\u3002\u6c11\u95f4\u548c\u82cf\u83f2\u6d3e\u4f20\u7edf\u4e0e\u4f5b\u6559\u884d\u751f\u7684\u4e60\u4fd7\uff08\u4f8b\u5982\u5c06\u7ecf\u5e61\u7cfb\u5728\u5723\u6811\u4e0a\uff09\u4e00\u8d77\u4fdd\u7559\u4e0b\u6765\u3002<\/p>\n\n\n\n<p>\u963f\u5c14\u5351\u65af\u5c71\u7684\u5730\u5f62\u9650\u5236\u4e86\u9053\u8def\u901a\u884c\uff0c\u53ea\u80fd\u5728\u72ed\u7a84\u7684\u5c71\u8c37\u548c\u9ad8\u5c71\u9698\u53e3\uff08\u901a\u5e38\u6d77\u62d4\u8d85\u8fc73000\u7c73\uff09\u901a\u884c\uff0c\u5bb9\u6613\u53d1\u751f\u96ea\u5d29\u548c\u5c71\u4f53\u6ed1\u5761\u3002\u5728\u4e9a\u6d32\u5f00\u53d1\u94f6\u884c\u7684\u652f\u6301\u4e0b\uff0c\u4e00\u6761\u8fde\u63a5\u6bd4\u4ec0\u51ef\u514b\u548c\u5965\u4ec0\u7684\u73b0\u4ee3\u5316\u5357\u5317\u516c\u8def\u7ae3\u5de5\uff0c\u6539\u5584\u4e86\u695a\u4f0a\u6cb3\u8c37\u548c\u8d39\u5c14\u5e72\u7eb3\u8c37\u5730\u4e4b\u95f4\u7684\u4ea4\u901a\u3002\u76ee\u524d\u6b63\u8ba1\u5212\u4fee\u5efa\u4e00\u6761\u901a\u5f80\u4e2d\u56fd\u7684\u4e1c\u652f\u7ebf\u3002\u516c\u8def\u603b\u957f\u7ea634000\u516c\u91cc\uff0c\u5176\u4e2d22600\u516c\u91cc\u4e3a\u94fa\u88c5\u8def\u9762\uff1b7700\u516c\u91cc\u4e3a\u975e\u94fa\u88c5\u8def\u6bb5\uff0c\u5728\u6f6e\u6e7f\u8def\u9762\u4e0a\u884c\u9a76\u5341\u5206\u5371\u9669\u3002<\/p>\n\n\n\n<p>\u94c1\u8def\u57fa\u7840\u8bbe\u65bd\u7684\u5efa\u8bbe\u5e76\u672a\u8003\u8651\u540e\u6765\u7684\u8fb9\u754c\u95ee\u9898\uff0c\u76ee\u524d\u7ea6\u6709370\u516c\u91cc\u5bbd\u8f68\u94c1\u8def\uff0c\u7531\u4e8e\u4e0e\u4e4c\u5179\u522b\u514b\u65af\u5766\u548c\u54c8\u8428\u514b\u65af\u5766\u7684\u8054\u7cfb\u4e2d\u65ad\uff0c\u8fd9\u4e9b\u94c1\u8def\u7684\u4f7f\u7528\u7387\u5f88\u4f4e\u30022022\u5e74\uff0c\u5df4\u96f7\u514b\u5947\u81f3\u5361\u62c9\u514b\u5207186\u516c\u91cc\u7684\u5ef6\u4f38\u7ebf\u5f00\u5de5\uff0c\u7528\u4e8e\u8fd0\u8f93\u7164\u70ad\uff1b\u52302023\u5e746\u6708\uff0c\u5df4\u96f7\u514b\u5947\u81f3\u6bd4\u4ec0\u51ef\u514b\u7684\u94c1\u8def\u7ebf\u5df2\u5f00\u901a\u3002\u4f5c\u4e3a\u201c\u4e00\u5e26\u4e00\u8def\u201d\u5021\u8bae\u7684\u4e00\u90e8\u5206\uff0c\u4e2d\u5409\u4e4c\u94c1\u8def\u9884\u8ba1\u5c06\u4e8e2025\u5e747\u6708\u5f00\u5de5\uff0c\u5168\u957f523\u516c\u91cc\uff0c\u6a2a\u8de8\u4e09\u56fd\u3002<\/p>\n\n\n\n<p>\u822a\u7a7a\u65c5\u884c\u4e2d\u5fc3\u4f4d\u4e8e\u6bd4\u4ec0\u51ef\u514b\u9644\u8fd1\u7684\u739b\u7eb3\u65af\u56fd\u9645\u673a\u573a\uff0c\u8be5\u673a\u573a\u6709\u98de\u5f80\u83ab\u65af\u79d1\u3001\u963f\u62c9\u6728\u56fe\u3001\u4f0a\u65af\u5766\u5e03\u5c14\u548c\u8fea\u62dc\u7684\u822a\u7ebf\uff1b\u5965\u4ec0\u673a\u573a\u63d0\u4f9b\u6bcf\u65e5\u98de\u5f80\u9996\u90fd\u7684\u822a\u73ed\uff0c\u4ee5\u53ca\u98de\u5f80\u4fc4\u7f57\u65af\u548c\u4e2d\u4e9a\u4e3b\u8981\u57ce\u5e02\u7684\u822a\u73ed\u3002\u8d3e\u62c9\u52d2\u963f\u5df4\u5fb7\u673a\u573a\u4e0e\u6bd4\u4ec0\u51ef\u514b\u4fdd\u6301\u7740\u822a\u7ebf\uff0c\u5e76\u6709\u5b63\u8282\u6027\u822a\u73ed\u98de\u5f80\u4f0a\u585e\u514b\u6e56\u3002\u8bb8\u591a\u82cf\u8054\u65f6\u671f\u7684\u673a\u573a\u76ee\u524d\u4ecd\u5904\u4e8e\u505c\u7528\u72b6\u6001\u6216\u4ec5\u7528\u4e8e\u519b\u4e8b\u7528\u9014\u3002\u7531\u4e8e\u5b89\u5168\u95ee\u9898\uff0c\u5409\u5c14\u5409\u65af\u65af\u5766\u7684\u822a\u7a7a\u516c\u53f8\u5df2\u88ab\u5217\u5165\u6b27\u76df\u7684\u7981\u98de\u540d\u5355\u3002<\/p>\n\n\n\n<p>\u5c71\u5730\u666f\u89c2\u3001\u9ad8\u5c71\u6e56\u6cca\u548c\u6587\u5316\u9057\u4ea7\u6784\u6210\u4e86\u5409\u5c14\u5409\u65af\u65af\u5766\u7684\u9b45\u529b\u6240\u5728\u3002\u4f0a\u585e\u514b\u6e56\u5317\u5cb8\u5750\u843d\u7740\u4e54\u5c14\u84ec\u963f\u5854\u3001\u5361\u62c9\u5965\u4f0a\u548c\u535a\u65af\u7279\u91cc\u7b49\u5ea6\u5047\u80dc\u5730\uff1b2006-2007\u5e74\uff0c\u5e74\u6e38\u5ba2\u6570\u91cf\u66fe\u8fbe\u5230100\u591a\u4e07\u7684\u5cf0\u503c\uff0c\u4f46\u4e4b\u540e\u7531\u4e8e\u5730\u533a\u52a8\u8361\u5bfc\u81f4\u6e38\u5ba2\u6570\u91cf\u51cf\u5c11\u3002\u963f\u83b1\u8c37\u548c\u677e\u5e93\u5c14\u6e56\u5728\u590f\u5b63\u6e38\u7267\u671f\u95f4\u5438\u5f15\u7740\u7267\u6c11\u548c\u5f92\u6b65\u65c5\u884c\u8005\u3002\u8428\u96f7\u5207\u83b1\u514b\u81ea\u7136\u4fdd\u62a4\u533a\u63d0\u4f9b\u51b0\u5ddd\u6e56\u6cca\u548c\u6df7\u4ea4\u6797\u95f4\u7684\u5f92\u6b65\u65c5\u884c\u3002\u5854\u4ec0\u62c9\u5df4\u7279\u7684\u77f3\u780c\u5546\u961f\u65c5\u9986\u53ef\u8ffd\u6eaf\u81f315\u4e16\u7eaa\uff0c\u77d7\u7acb\u5728\u6614\u65e5\u7684\u4e1d\u7ef8\u4e4b\u8def\u6cbf\u7ebf\u3002\u5e03\u62c9\u7eb3\u5854\u662f\u6258\u514b\u9a6c\u514b\u9644\u8fd1\u4e00\u5ea7\u5efa\u4e8e10\u4e16\u7eaa\u7684\u5c16\u5854\uff0c\u4ee4\u4eba\u56de\u60f3\u8d77\u5df4\u62c9\u8428\u8d21\u7684\u9996\u90fd\u3002\u963f\u62c9\u963f\u5c14\u6070\u56fd\u5bb6\u516c\u56ed\u8ddd\u79bb\u6bd4\u4ec0\u51ef\u514b\u534a\u5c0f\u65f6\u8f66\u7a0b\uff0c\u62e5\u6709\u6d77\u62d4\u8d85\u8fc74000\u7c73\u7684\u5c71\u5cf0\u548c\u6807\u8bb0\u6e05\u6670\u7684\u6b65\u9053\u3002<\/p>\n\n\n\n<p>\u57ce\u5e02\u6e38\u5ba2\u53ef\u4ee5\u63a2\u7d22\u6bd4\u4ec0\u51ef\u514b\u7684\u82cf\u8054\u65f6\u4ee3\u5e7f\u573a\u3001\u535a\u7269\u9986\u548c\u96c6\u5e02\uff1b\u5965\u4ec0\u7684\u5927\u578b\u9732\u5929\u5e02\u573a\u6bcf\u5929\u90fd\u5728\u82cf\u83b1\u66fc\u56fe\u9644\u8fd1\u8425\u4e1a\uff0c\u82cf\u83b1\u66fc\u56fe\u662f\u8be5\u56fd\u552f\u4e00\u7684\u8054\u5408\u56fd\u6559\u79d1\u6587\u7ec4\u7ec7\u4e16\u754c\u9057\u4ea7\u3002\u4e61\u6751\u805a\u5c45\u5730\uff0c\u4f8b\u5982\u4ee5\u6838\u6843\u6797\u548c\u4f0a\u65af\u5170\u671d\u5723\u5730\u800c\u95fb\u540d\u7684\u963f\u5c14\u65af\u5170\u535a\u5e03\uff0c\u4ee5\u53ca\u901a\u5f80\u677e\u5e93\u5c14\u5f92\u6b65\u65c5\u884c\u7684\u95e8\u6237\u79d1\u5947\u79d1\u5c14\uff0c\u5c55\u793a\u4e86\u5f53\u5730\u7684\u624b\u5de5\u827a\u548c\u7530\u56ed\u751f\u6d3b\u65b9\u5f0f\u3002\u6e38\u5ba2\u53ef\u4ee5\u5165\u4f4f\u8499\u53e4\u5305\uff0c\u54c1\u5c1d\u8d1d\u4ec0\u5df4\u9a6c\u514b\u548c\u66fc\u8482\uff0c\u5e76\u53c2\u52a0\u5c55\u793a\u9a6c\u672f\u8fd0\u52a8\u3001\u97f3\u4e50\u548c\u53e3\u5934\u8bd7\u6b4c\u7684\u8282\u65e5\u3002\u90e8\u5206\u5c71\u8c37\u8fd8\u63d0\u4f9b\u72e9\u730e\u3001\u5782\u9493\u548c\u76f4\u5347\u673a\u6ed1\u96ea\u670d\u52a1\u3002<\/p>\n\n\n\n<p>\u5c3d\u7ba1\u540d\u4e49\u4e0a\u7a46\u65af\u6797\u5360\u591a\u6570\uff0c\u4f46\u7531\u4e8e\u5176\u793e\u4f1a\u89c4\u8303\u897f\u5316\uff0c\u57ce\u5e02\u7684\u7740\u88c5\u8981\u6c42\u4ecd\u7136\u5bbd\u677e\uff0c\u4f46\u5728\u5357\u90e8\u519c\u6751\u5730\u533a\uff0c\u5efa\u8bae\u7a7f\u7740\u4fdd\u5b88\u3002\u8fd1\u5e74\u6765\u8f7b\u5fae\u72af\u7f6a\u6709\u6240\u589e\u52a0\uff1b\u5efa\u8bae\u5728\u57ce\u5e02\u4e2d\u5fc3\u5730\u533a\u5929\u9ed1\u540e\u4fdd\u6301\u8b66\u60d5\u3002\u7d27\u6025\u670d\u52a1\u7535\u8bdd\u4e3a101\uff08\u706b\u8b66\uff09\u3001102\uff08\u8b66\u5bdf\uff09\u548c103\uff08\u533b\u7597\uff09\uff0c\u56fd\u9645\u533a\u53f7\u4e3a+996\u3002<\/p>\n\n\n\n<p>\u5409\u5c14\u5409\u65af\u65af\u5766\u5728\u5d0e\u5c96\u7684\u5730\u5f62\u3001\u60a0\u4e45\u7684\u6587\u5316\u4e60\u4fd7\u4ee5\u53ca\u9971\u53d7\u5e1d\u56fd\u548c\u9769\u547d\u5f71\u54cd\u7684\u5386\u53f2\u4e4b\u95f4\u5bfb\u6c42\u5e73\u8861\u3002\u5176\u7ecf\u6d4e\u5728\u5e94\u5bf9\u5bf9\u6c47\u6b3e\u548c\u91c7\u6398\u4e1a\u7684\u4f9d\u8d56\u7684\u540c\u65f6\uff0c\u4e5f\u5bfb\u6c42\u901a\u8fc7\u6c34\u7535\u548c\u65c5\u6e38\u4e1a\u5b9e\u73b0\u591a\u5143\u5316\u53d1\u5c55\u3002\u8bed\u8a00\u7684\u4e8c\u5143\u6027\u51f8\u663e\u4e86\u590d\u6742\u7684\u8eab\u4efd\u8ba4\u540c\uff0c\u5b97\u6559\u751f\u6d3b\u5c06\u4f20\u7edf\u4e0e\u4e16\u4fd7\u6cbb\u7406\u878d\u4e3a\u4e00\u4f53\u3002\u5373\u4f7f\u533a\u57df\u4e00\u4f53\u5316\u9879\u76ee\u8feb\u5728\u7709\u776b\uff0c\u4ea4\u901a\u7684\u6539\u5584\u4ecd\u5728\u6301\u7eed\u5f25\u5408\u5c71\u533a\u4e4b\u95f4\u7684\u9e3f\u6c9f\u3002\u5bf9\u4e8e\u7a7f\u8d8a\u5c71\u53e3\u548c\u5c71\u8c37\u7684\u4eba\u4eec\u6765\u8bf4\uff0c\u5409\u5c14\u5409\u65af\u65af\u5766\u5c55\u73b0\u51fa\u4e00\u5e45\u65e2\u8270\u8f9b\u53c8\u5f15\u4eba\u5165\u80dc\u7684\u98ce\u666f\uff0c\u4e00\u4e2a\u7531\u5176\u8f6e\u5ed3\u548c\u4eba\u6c11\u5171\u540c\u5b9a\u4e49\u7684\u5171\u548c\u56fd\u3002<\/p>","protected":false},"excerpt":{"rendered":"<p>\u5409\u5c14\u5409\u65af\u65af\u5766\u4f4d\u4e8e\u4e2d\u4e9a\uff0c\u662f\u8be5\u5730\u533a\u60a0\u4e45\u5386\u53f2\u548c\u58ee\u4e3d\u81ea\u7136\u666f\u89c2\u7684\u5178\u8303\u3002\u8fd9\u4e2a\u5185\u9646\u56fd\u5bb6\u6b63\u5f0f\u540d\u79f0\u4e3a\u5409\u5c14\u5409\u65af\u5171\u548c\u56fd\uff0c\u5750\u843d\u4e8e\u5929\u5c71\u548c\u5e15\u7c73\u5c14\u9ad8\u539f\u4e4b\u95f4\uff0c\u6218\u7565\u5730\u4f4d\u4e3e\u8db3\u8f7b\u91cd\u3002\u5409\u5c14\u5409\u65af\u65af\u5766\u4eba\u53e3\u8d85\u8fc7700\u4e07\uff0c\u5176\u653f\u6cbb\u548c\u5546\u4e1a\u4e2d\u5fc3\u662f\u9996\u90fd\u548c\u6700\u5927\u57ce\u5e02\u6bd4\u4ec0\u51ef\u514b\u3002\u5409\u5c14\u5409\u65af\u65af\u5766\u5317\u90bb\u54c8\u8428\u514b\u65af\u5766\uff0c\u897f\u90bb\u4e4c\u5179\u522b\u514b\u65af\u5766\uff0c\u5357\u90bb\u5854\u5409\u514b\u65af\u5766\uff0c\u4e1c\u90bb\u4e2d\u56fd\uff0c\u4e1c\u5357\u4e0e\u4e2d\u56fd\u63a5\u58e4\uff0c\u4e0e\u4e0a\u8ff0\u6240\u6709\u56fd\u5bb6\u5747\u63a5\u58e4\uff0c\u56e0\u6b64\u5904\u4e8e\u591a\u79cd\u6587\u660e\u548c\u5f71\u54cd\u7684\u4ea4\u6c47\u5904\u3002<\/p>","protected":false},"author":1,"featured_media":3487,"parent":24063,"menu_order":0,"comment_status":"closed","ping_status":"closed","template":"elementor_theme","meta":{"_eb_attr":"","footnotes":""},"class_list":["post-14785","page","type-page","status-publish","has-post-thumbnail"],"_links":{"self":[{"href":"https:\/\/travelshelper.com\/zh\/wp-json\/wp\/v2\/pages\/14785","targetHints":{"allow":["GET"]}}],"collection":[{"href":"https:\/\/travelshelper.com\/zh\/wp-json\/wp\/v2\/pages"}],"about":[{"href":"https:\/\/travelshelper.com\/zh\/wp-json\/wp\/v2\/types\/page"}],"author":[{"embeddable":true,"href":"https:\/\/travelshelper.com\/zh\/wp-json\/wp\/v2\/users\/1"}],"replies":[{"embeddable":true,"href":"https:\/\/travelshelper.com\/zh\/wp-json\/wp\/v2\/comments?post=14785"}],"version-history":[{"count":0,"href":"https:\/\/travelshelper.com\/zh\/wp-json\/wp\/v2\/pages\/14785\/revisions"}],"up":[{"embeddable":true,"href":"https:\/\/travelshelper.com\/zh\/wp-json\/wp\/v2\/pages\/24063"}],"wp:featuredmedia":[{"embeddable":true,"href":"https:\/\/travelshelper.com\/zh\/wp-json\/wp\/v2\/media\/3487"}],"wp:attachment":[{"href":"https:\/\/travelshelper.com\/zh\/wp-json\/wp\/v2\/media?parent=14785"}],"curies":[{"name":"wp","href":"https:\/\/api.w.org\/{rel}","templated":true}]}}