{"id":14631,"date":"2024-09-19T21:40:05","date_gmt":"2024-09-19T21:40:05","guid":{"rendered":"https:\/\/travelshelper.com\/staging\/?page_id=14631"},"modified":"2026-03-11T21:52:53","modified_gmt":"2026-03-11T21:52:53","slug":"%e4%ba%9a%e7%be%8e%e5%b0%bc%e4%ba%9a","status":"publish","type":"page","link":"https:\/\/travelshelper.com\/zh\/destinations\/europe\/armenia\/","title":{"rendered":"\u4e9a\u7f8e\u5c3c\u4e9a"},"content":{"rendered":"<p>\u4e9a\u7f8e\u5c3c\u4e9a\u4f4d\u4e8e\u5927\u9646\u4ea4\u6c47\u5904\u7684\u4e00\u7247\u72ed\u957f\u9ad8\u539f\u5730\u5e26\uff0c\u53e4\u4ee3\u5e1d\u56fd\u7684\u8f6e\u5ed3\u81f3\u4eca\u4ecd\u5f71\u54cd\u7740\u4eba\u4eec\u7684\u65e5\u5e38\u751f\u6d3b\u3002\u4e9a\u7f8e\u5c3c\u4e9a\u5750\u843d\u4e8e\u897f\u4e9a\u7684\u4e9a\u7f8e\u5c3c\u4e9a\u9ad8\u539f\uff0c\u5e38\u88ab\u5217\u4e3a\u5357\u9ad8\u52a0\u7d22\u5730\u533a\u7684\u4e00\u90e8\u5206\u3002\u5b83\u897f\u90bb\u571f\u8033\u5176\uff0c\u5317\u63a5\u683c\u9c81\u5409\u4e9a\uff0c\u4e1c\u90bb\u963f\u585e\u62dc\u7586\uff0c\u5357\u90bb\u4f0a\u6717\u53ca\u963f\u585e\u62dc\u7586\u7684\u98de\u5730\u7eb3\u5e0c\u5207\u4e07\u3002\u4e9a\u7f8e\u5c3c\u4e9a\u9996\u90fd\u517c\u4e3b\u8981\u91d1\u878d\u4e2d\u5fc3\u57c3\u91cc\u6e29\u5750\u843d\u4e8e\u8d6b\u62c9\u5179\u4e39\u6cb3\u7554\uff0c\u65e2\u662f\u4e00\u5ea7\u73b0\u4ee3\u5316\u5927\u90fd\u5e02\uff0c\u4e5f\u662f\u5343\u5e74\u4f20\u7edf\u7684\u4f20\u627f\u8005\u3002<\/p>\n<p>\u4e9a\u7f8e\u5c3c\u4e9a\u4eba\u8eab\u4efd\u8ba4\u540c\u7684\u8d77\u6e90\uff0c\u6e90\u81ea\u4e9a\u7f8e\u5c3c\u4e9a\u9ad8\u539f\u7684\u6d69\u701a\u53f2\u518c\u3002\u8fd9\u7247\u571f\u5730\u66fe\u5c45\u4f4f\u7740\u54c8\u4e9a\u8428-\u963f\u9f50\u4eba\u3001\u8212\u666e\u91cc\u4e9a\u4eba\u548c\u5948\u91cc\u4eba\u7b49\u90e8\u843d\u3002\u516c\u5143\u524d\u516d\u4e16\u7eaa\uff0c\u4e00\u79cd\u53e4\u8001\u7684\u539f\u59cb\u4e9a\u7f8e\u5c3c\u4e9a\u8bed\uff08\u5176\u672c\u8eab\u662f\u5370\u6b27\u8bed\u7cfb\u7684\u4e00\u4e2a\u5206\u652f\uff09\u878d\u5165\u4e86\u5f53\u5730\u8bed\u8a00\u3002\u516c\u5143\u524d860\u5e74\uff0c\u4e4c\u62c9\u5c14\u56fe\u5d1b\u8d77\uff0c\u6210\u4e3a\u7b2c\u4e00\u4e2a\u7edf\u4e00\u7684\u4e9a\u7f8e\u5c3c\u4e9a\u653f\u4f53\u3002\u5b83\u7684\u91ce\u5fc3\u9010\u6e10\u6d88\u9000\uff0c\u5230\u516c\u5143\u524d\u516d\u4e16\u7eaa\uff0c\u5b83\u88ab\u963f\u5951\u7f8e\u5c3c\u5fb7\u738b\u671d\u7684\u603b\u7763\u7edf\u6cbb\u6240\u53d6\u4ee3\u3002\u7136\u800c\uff0c\u5728\u516c\u5143\u524d\u4e00\u4e16\u7eaa\uff0c\u5728\u63d0\u683c\u5170\u4e8c\u4e16\u7684\u7edf\u6cbb\u4e0b\uff0c\u4e9a\u7f8e\u5c3c\u4e9a\u738b\u56fd\u8fbe\u5230\u4e86\u9f0e\u76db\u65f6\u671f\uff0c\u7586\u57df\u4ece\u9ed1\u6d77\u5ef6\u4f38\u81f3\u7f8e\u7d22\u4e0d\u8fbe\u7c73\u4e9a\u3002\u77ed\u77ed\u4e00\u4e2a\u4e16\u7eaa\u4e4b\u540e\uff0c\u5373\u516c\u5143 301 \u5e74\uff0c\u4e9a\u7f8e\u5c3c\u4e9a\u6210\u4e3a\u5386\u53f2\u4e0a\u7b2c\u4e00\u4e2a\u5c06\u57fa\u7763\u6559\u786e\u7acb\u4e3a\u5176\u5b98\u65b9\u4fe1\u4ef0\u7684\u56fd\u5bb6\uff0c\u8fd9\u4e00\u4e3e\u52a8\u4f7f\u4e9a\u7f8e\u5c3c\u4e9a\u4f7f\u5f92\u6559\u4f1a\u6210\u4e3a\u4e16\u754c\u4e0a\u6700\u65e9\u7684\u56fd\u5bb6\u6559\u4f1a\u3002<\/p>\n<p>\u968f\u540e\u7684\u51e0\u4e2a\u4e16\u7eaa\u91cc\uff0c\u4e9a\u7f8e\u5c3c\u4e9a\u88ab\u62dc\u5360\u5ead\u548c\u8428\u73ca\u6ce2\u65af\u74dc\u5206\uff0c\u4e24\u5927\u52bf\u529b\u5404\u81ea\u5f3a\u52a0\u5404\u81ea\u7684\u884c\u653f\u4f53\u5236\u3002\u516c\u51439\u4e16\u7eaa\uff0c\u5df4\u683c\u62c9\u56fe\u5c3c\u5bb6\u65cf\u7edf\u6cbb\u4e0b\uff0c\u4e9a\u7f8e\u5c3c\u4e9a\u4e00\u5ea6\u590d\u5174\uff0c\u5e76\u91cd\u5efa\u4e3a\u4e9a\u7f8e\u5c3c\u4e9a\u738b\u56fd\uff0c\u76f4\u81f31045\u5e74\u3002\u968f\u540e\uff0c\u4e9a\u7f8e\u5c3c\u4e9a\u738b\u56fd\u9010\u6e10\u8870\u843d\uff0c\u4f46\u5230\u4e8611\u4e16\u7eaa\uff0c\u4e9a\u7f8e\u5c3c\u4e9a\u8d35\u65cf\u5728\u5730\u4e2d\u6d77\u4e1c\u90e8\u7684\u5947\u91cc\u4e5e\u4e9a\u5efa\u7acb\u4e86\u6d77\u4e0a\u516c\u56fd\u3002\u8be5\u653f\u4f53\u4e00\u76f4\u5ef6\u7eed\u523014\u4e16\u7eaa\uff0c\u5373\u4f7f\u5728\u5b89\u7eb3\u6258\u5229\u4e9a\u6ca6\u9677\u4e8e\u5965\u65af\u66fc\u5e1d\u56fd\u7edf\u6cbb\u671f\u95f4\uff0c\u4e9a\u7f8e\u5c3c\u4e9a\u7684\u6cd5\u5f8b\u548c\u6559\u4f1a\u5236\u5ea6\u4e5f\u5f97\u4ee5\u4fdd\u7559\u3002<\/p>\n<p>\u968f\u7740\u5341\u516d\u4e16\u7eaa\u5965\u65af\u66fc\u5e1d\u56fd\u548c\u6ce2\u65af\u9738\u6743\u7684\u5d1b\u8d77\uff0c\u4e9a\u7f8e\u5c3c\u4e9a\u672c\u571f\u5206\u88c2\u4e3a\u4e1c\u897f\u4e24\u90e8\u5206\uff0c\u5728\u63a5\u8fde\u4e0d\u65ad\u7684\u6218\u4e89\u4e2d\uff0c\u4e9a\u7f8e\u5c3c\u4e9a\u9886\u571f\u5982\u540c\u4ee3\u5e01\u822c\u88ab\u4e70\u5356\u3002\u5230\u4e86\u5341\u4e5d\u4e16\u7eaa\uff0c\u4fc4\u7f57\u65af\u541e\u5e76\u4e86\u4e1c\u4e9a\u7f8e\u5c3c\u4e9a\uff0c\u800c\u897f\u4e9a\u7f8e\u5c3c\u4e9a\u5219\u4ecd\u5904\u4e8e\u5965\u65af\u66fc\u5e1d\u56fd\u7684\u7edf\u6cbb\u4e4b\u4e0b\u3002\u7b2c\u4e00\u6b21\u4e16\u754c\u5927\u6218\u9020\u6210\u4e86\u6bc1\u706d\u6027\u7684\u7834\u574f\uff0c\u5965\u65af\u66fc\u5e1d\u56fd\u519b\u961f\u5bf9\u591a\u8fbe150\u4e07\u4e9a\u7f8e\u5c3c\u4e9a\u4eba\u8fdb\u884c\u4e86\u7cfb\u7edf\u6027\u7684\u706d\u7edd\u3002\u5728\u4fc4\u56fd\u9769\u547d\u5f15\u53d1\u7684\u52a8\u4e71\u4e2d\uff0c\u4e9a\u7f8e\u5c3c\u4e9a\u4e8e1918\u5e74\u77ed\u6682\u5730\u6210\u4e3a\u4e00\u4e2a\u5171\u548c\u56fd\uff0c\u4f46\u6700\u7ec8\u4e8e1920\u5e74\u88ab\u82cf\u8054\u541e\u5e76\u3002\u5b83\u4e00\u76f4\u88ab\u79f0\u4e3a\u4e9a\u7f8e\u5c3c\u4e9a\u82cf\u7ef4\u57c3\u793e\u4f1a\u4e3b\u4e49\u5171\u548c\u56fd\uff0c\u76f4\u52301991\u5e74\u82cf\u8054\u89e3\u4f53\uff0c\u5982\u4eca\u7684\u4e9a\u7f8e\u5c3c\u4e9a\u5171\u548c\u56fd\u624d\u91cd\u65b0\u83b7\u5f97\u4e3b\u6743\u3002<\/p>\n<p>\u5730\u7406\u73af\u5883\u904d\u5e03\u4e9a\u7f8e\u5c3c\u4e9a\u7684\u5404\u4e2a\u89d2\u843d\u3002\u4e9a\u7f8e\u5c3c\u4e9a\u56fd\u571f\u9762\u79ef\u7ea629,743\u5e73\u65b9\u516c\u91cc\uff0c\u4ee5\u5c71\u5730\u4e3a\u4e3b\u2014\u2014\u8d85\u8fc785%\u7684\u56fd\u571f\u9762\u79ef\u4f4d\u4e8e\u6d77\u62d41,000\u7c73\u4ee5\u4e0a\u3002\u6e4d\u6025\u7684\u6cb3\u6d41\u5288\u5f00\u6df1\u9083\u7684\u5ce1\u8c37\uff0c\u5730\u52bf\u9ad8\u5ea6\u5f88\u5c11\u4f4e\u4e8e390\u7c73\u3002\u963f\u62c9\u52a0\u8328\u5c71\u6d77\u62d4\u9ad8\u8fbe4,090\u7c73\uff0c\u800c\u5982\u4eca\u4f4d\u4e8e\u571f\u8033\u5176\u5883\u5185\u7684\u4e9a\u62c9\u62c9\u7279\u5c71\u5219\u5dcd\u5ce8\u8038\u7acb\uff0c\u6d77\u62d45,137\u7c73\uff0c\u662f\u4e9a\u7f8e\u5c3c\u4e9a\u56fd\u5fbd\u4e0a\u4e00\u4e2a\u6781\u5177\u4ee3\u8868\u6027\u7684\u6807\u5fd7\u3002\u4e24\u5927\u4e3b\u8981\u751f\u6001\u533a\u2014\u2014\u9ad8\u52a0\u7d22\u6df7\u4ea4\u6797\u548c\u4e1c\u5b89\u7eb3\u6258\u5229\u4e9a\u5c71\u5730\u8349\u539f\u2014\u2014\u8574\u85cf\u7740\u4e30\u5bcc\u7684\u751f\u7269\u591a\u6837\u6027\u3002<\/p>\n<p>\u6c14\u5019\u4e0e\u6d77\u62d4\u9ad8\u5ea6\u606f\u606f\u76f8\u5173\u3002\u590f\u5b63\u708e\u70ed\u5e72\u71e5\uff0c\u9633\u5149\u5145\u8db3\uff0c\u4f4e\u6e7f\u5ea6\u548c\u508d\u665a\u5439\u62c2\u5c71\u8c37\u7684\u5c71\u98ce\u4f7f\u6c14\u5019\u66f4\u52a0\u6e29\u548c\u3002\u77ed\u6682\u7684\u6625\u5b63\u8ba9\u4f4d\u4e8e\u6f2b\u957f\u7684\u79cb\u5b63\uff0c\u6811\u53f6\u6210\u719f\u65f6\u5448\u73b0\u51fa\u706b\u7ea2\u7684\u8272\u5f69\u3002\u51ac\u5b63\u964d\u96ea\u5145\u6c9b\uff0c\u6c14\u6e29\u4f4e\u81f3\u96f6\u4e0b10\u6444\u6c0f\u5ea6\uff0c\u5438\u5f15\u7740\u6ed1\u96ea\u7231\u597d\u8005\u524d\u5f80\u8ddd\u79bb\u57c3\u91cc\u6e29\u4ec5\u534a\u5c0f\u65f6\u8f66\u7a0b\u7684\u8428\u683c\u5361\u4f50\u5c14\u5c71\u5761\u3002\u585e\u51e1\u6e56\u6d77\u62d41900\u7c73\uff0c\u662f\u4e16\u754c\u7b2c\u4e8c\u9ad8\u7684\u4e3b\u8981\u6e56\u6cca\uff0c\u51ac\u5b63\u7ed3\u51b0\uff0c\u4f46\u5728\u6e29\u6696\u7684\u6708\u4efd\u5219\u6210\u4e3a\u4f11\u95f2\u5a31\u4e50\u548c\u5782\u9493\u7684\u573a\u6240\u3002<\/p>\n<p>\u4e9a\u7f8e\u5c3c\u4e9a\u884c\u653f\u533a\u5212\u4e3a\u5341\u4e2a\u7701\uff0c\u6bcf\u4e2a\u7701\u7531\u56fd\u5bb6\u653f\u5e9c\u4efb\u547d\u7684\u7701\u957f\u7ba1\u8f96\u3002\u57c3\u91cc\u6e29\u5219\u72ec\u5177\u7279\u8272\uff0c\u62e5\u6709\u76f4\u9009\u5e02\u957f\u548c\u5341\u4e8c\u4e2a\u534a\u81ea\u6cbb\u533a\u3002\u5404\u7701\u53c8\u7ec6\u5206\u4e3a\u4e5d\u767e\u4e00\u5341\u4e94\u4e2a\u81ea\u6cbb\u533a\uff0c\u5176\u4e2d\u56db\u5341\u4e5d\u4e2a\u4e3a\u57ce\u5e02\uff0c\u516b\u767e\u516d\u5341\u516d\u4e2a\u4e3a\u4e61\u6751\u3002\u8fd9\u4e9b\u5e02\u7ea7\u5355\u4f4d\u65e2\u6709\u57ce\u9547\uff0c\u4e5f\u6709\u4e61\u6751\uff0c\u53cd\u6620\u51fa\u8be5\u5730\u533a\u5730\u5f62\u5730\u8c8c\uff0c\u5bc6\u96c6\u7684\u805a\u843d\u548c\u5b64\u7acb\u7684\u6751\u843d\u4ea4\u66ff\u51fa\u73b0\u3002<\/p>\n<p>\u73b0\u4ee3\u7ecf\u6d4e\u4ee5\u5de5\u4e1a\u548c\u77ff\u4ea7\u5f00\u91c7\u4e3a\u652f\u67f1\uff0c\u5e76\u8f85\u4ee5\u5927\u91cf\u4fa8\u6c11\u7684\u6c47\u6b3e\u30021991\u5e74\u4e4b\u524d\uff0c\u4e9a\u7f8e\u5c3c\u4e9a\u7684\u82cf\u8054\u65f6\u4ee3\u7ecf\u6d4e\u4ee5\u5de5\u4e1a\u4e3a\u5bfc\u5411\uff0c\u751f\u4ea7\u673a\u68b0\u3001\u7535\u5b50\u4ea7\u54c1\u3001\u52a0\u5de5\u98df\u54c1\u548c\u7eba\u7ec7\u54c1\u3002\u72ec\u7acb\u540e\uff0c\u53d7\u7cae\u98df\u5b89\u5168\u9700\u6c42\u7684\u63a8\u52a8\uff0c\u519c\u4e1a\u5728\u5c31\u4e1a\u4e2d\u7684\u5360\u6bd4\u4e00\u5ea6\u98d9\u5347\u81f340%\uff0c\u5e76\u572821\u4e16\u7eaa\u521d\u7a33\u5b9a\u5728GDP\u768420%\u5de6\u53f3\u3002\u5982\u4eca\uff0c\u5916\u56fd\u6295\u8d44\uff08\u901a\u5e38\u901a\u8fc7\u65c5\u5c45\u6d77\u5916\u7684\u4e9a\u7f8e\u5c3c\u4e9a\u4eba\u8fdb\u884c\uff09\u5728\u57fa\u7840\u8bbe\u65bd\u3001\u6280\u672f\u548c\u65c5\u6e38\u4e1a\u53d1\u5c55\u4e2d\u53d1\u6325\u7740\u5173\u952e\u4f5c\u7528\u3002<\/p>\n<p>\u4ece\u4eba\u53e3\u7edf\u8ba1\u5b66\u89d2\u5ea6\u6765\u770b\uff0c\u622a\u81f32025\u5e74\uff0c\u4e9a\u7f8e\u5c3c\u4e9a\u4eba\u53e3\u7ea6\u4e3a3,081,100\u4eba\uff0c\u662f\u524d\u82cf\u8054\u52a0\u76df\u5171\u548c\u56fd\u4e2d\u4eba\u53e3\u6700\u7a20\u5bc6\u7684\u56fd\u5bb6\u4e4b\u4e00\u300220\u4e16\u7eaa90\u5e74\u4ee3\uff0c\u4e9a\u7f8e\u5c3c\u4e9a\u79fb\u6c11\u6570\u91cf\u6fc0\u589e\uff0c\u4f46\u6b64\u540e\u6709\u6240\u653e\u7f13\uff0c\u81ea2012\u5e74\u8d77\u4eba\u53e3\u589e\u957f\u653e\u7f13\u3002\u4e9a\u7f8e\u5c3c\u4e9a\u5883\u5916\uff0c\u5e9e\u5927\u7684\u4e9a\u7f8e\u5c3c\u4e9a\u4fa8\u6c11\u2014\u2014\u4f30\u8ba1\u7ea6\u6709800\u4e07\u4eba\u2014\u2014\u5728\u4fc4\u7f57\u65af\u3001\u6cd5\u56fd\u3001\u7f8e\u56fd\u3001\u4f0a\u6717\u3001\u9ece\u5df4\u5ae9\u7b49\u5730\u7e41\u884d\u751f\u606f\u3002\u5728\u571f\u8033\u5176\uff0c\u5c24\u5176\u662f\u5728\u4f0a\u65af\u5766\u5e03\u5c14\u5468\u8fb9\uff0c\u4e9a\u7f8e\u5c3c\u4e9a\u4eba\u7684\u5386\u53f2\u793e\u533a\u4f9d\u7136\u5b58\u5728\uff1b\u5728\u8036\u8def\u6492\u51b7\u8001\u57ce\u548c\u5a01\u5c3c\u65af\u9644\u8fd1\u7684\u5723\u62c9\u624e\u7f57\u5c9b\u4e0a\uff0c\u4e5f\u6709\u4e00\u4e9b\u5c0f\u578b\u7684\u4e9a\u7f8e\u5c3c\u4e9a\u805a\u5c45\u533a\uff0c\u90a3\u91cc\u7684\u6885\u5947\u5854\u5c14\u4fee\u9053\u9662\u4fdd\u5b58\u7740\u51e0\u4e2a\u4e16\u7eaa\u4ee5\u6765\u7684\u5b66\u672f\u6210\u679c\u3002<\/p>\n<p>\u4e9a\u7f8e\u5c3c\u4e9a\u65cf\u5360\u603b\u4eba\u53e3\u768498.1%\u3002\u96c5\u5179\u8fea\u65cf\u662f\u6700\u5927\u7684\u5c11\u6570\u6c11\u65cf\uff0c\u7ea6\u53601.1%\uff0c\u4fc4\u7f57\u65af\u65cf\u7ea6\u53600.5%\u3002\u5176\u4ed6\u65cf\u7fa4\u2014\u2014\u4e9a\u8ff0\u4eba\u3001\u5e0c\u814a\u4eba\u3001\u683c\u9c81\u5409\u4e9a\u4eba\u3001\u5e93\u5c14\u5fb7\u4eba\u3001\u72b9\u592a\u4eba\u7b49\u7b49\u2014\u2014\u6784\u6210\u4e86\u591a\u5143\u7684\u65cf\u7fa4\u3002\u5728\u7eb3\u6208\u5c14\u8bfa-\u5361\u62c9\u5df4\u8d6b\u51b2\u7a81\u7206\u53d1\u524d\uff0c\u963f\u585e\u62dc\u7586\u4eba\u66fe\u662f\u91cd\u8981\u7684\u5c11\u6570\u6c11\u65cf\uff0c\u4f46\u52301990\u5e74\u51e0\u4e4e\u5168\u90e8\u79bb\u5f00\u3002\u76f8\u53cd\uff0c\u6765\u81ea\u963f\u585e\u62dc\u7586\u7684\u4e9a\u7f8e\u5c3c\u4e9a\u96be\u6c11\u6f6e\u4e5f\u4fc3\u8fdb\u4e86\u8be5\u56fd\u76f8\u5bf9\u540c\u8d28\u5316\u7684\u5f62\u6210\u3002<\/p>\n<p>\u4e9a\u7f8e\u5c3c\u4e9a\u8bed\u91c7\u7528\u6885\u65af\u7f57\u666e\u00b7\u9a6c\u4ec0\u6258\u8328\uff08Mesrop\u200c Mashtots\uff09\u4e8e\u516c\u5143405\u5e74\u5de6\u53f3\u53d1\u660e\u7684\u5b57\u6bcd\u4e66\u5199\uff0c\u81f3\u4eca\u4ecd\u662f\u552f\u4e00\u7684\u5b98\u65b9\u8bed\u8a00\u3002\u5176\u4e09\u5341\u4e5d\u4e2a\u5b57\u6bcd\uff08\u6700\u521d\u4e3a\u4e09\u5341\u516d\u5b57\u6bcd\uff0c\u540e\u65b0\u589e\u4e09\u4e2a\uff09\u5f70\u663e\u4e86\u5176\u5ef6\u7eed\u5341\u516d\u4e2a\u4e16\u7eaa\u7684\u6587\u5b66\u4f20\u7edf\u3002\u4fc4\u8bed\u4ecd\u7136\u662f\u5e7f\u6cdb\u4f7f\u7528\u7684\u7b2c\u4e8c\u8bed\u8a00\uff0c\u8fd9\u53cd\u6620\u4e86\u6570\u5341\u5e74\u6765\u82cf\u8054\u7edf\u6cbb\u7684\u5f71\u54cd\uff0c\u800c\u82f1\u8bed\u5728\u5b66\u6821\u548c\u57ce\u5e02\u4e2d\u5fc3\u4e5f\u9010\u6e10\u666e\u53ca\u3002<\/p>\n<p>\u5b97\u6559\u5728\u6bcf\u4e2a\u6751\u5e84\u548c\u57ce\u9547\u90fd\u7559\u4e0b\u4e86\u6df1\u523b\u7684\u5370\u8bb0\u3002\u8d85\u8fc793%\u7684\u4e9a\u7f8e\u5c3c\u4e9a\u4eba\u4fe1\u5949\u4e9a\u7f8e\u5c3c\u4e9a\u4f7f\u5f92\u6559\u4f1a\u3002\u8be5\u6559\u4f1a\u690d\u6839\u4e8e\u516c\u5143\u4e00\u4e16\u7eaa\u8fbe\u592a\u548c\u5df4\u591a\u7f57\u4e70\u4f7f\u5f92\u7684\u4f20\u6559\u4e8b\u4e1a\uff0c\u5c5e\u4e8e\u4e1c\u6b63\u6559\u3002\u57c3\u5947\u7c73\u963f\u6d25\u7684\u5929\u4e3b\u6559\u5802\uff0c\u5176\u4e94\u4e16\u7eaa\u7684\u4e2d\u6bbf\u662f\u4e16\u754c\u4e0a\u6700\u53e4\u8001\u7684\u6559\u5802\u4e4b\u4e00\u3002\u5929\u4e3b\u6559\u4f1a\u2014\u2014\u5305\u62ec\u4e9a\u7f8e\u5c3c\u4e9a\u548c\u62c9\u4e01\u88d4\u2014\u2014\u4f9d\u7136\u5b58\u5728\uff0c\u65b0\u6559\u793e\u7fa4\u3001\u4fc4\u7f57\u65af\u88d4\u83ab\u6d1b\u5361\u4eba\u56e2\u4f53\u4ee5\u53ca\u96c6\u4e2d\u5728\u57c3\u91cc\u6e29\u548c\u585e\u51e1\u7684\u5c11\u6570\u72b9\u592a\u793e\u7fa4\u4e5f\u4f9d\u7136\u5b58\u5728\u3002<\/p>\n<p>\u96c5\u5179\u8fea\u6559\u5728\u897f\u90e8\u9ad8\u5730\u6751\u5e84\u4e2d\u4f9d\u7136\u5b58\u5728\u30022019\u5e74\uff0c\u5e93\u5df4\u00b7\u6885\u96f7\u00b7\u8fea\u74e6\u5185\u795e\u5e99\uff08Quba M\u00ear\u00ea D\u00eewan\u00ea\uff09\u5f00\u653e\uff0c\u590d\u5174\u4e86\u53e4\u8001\u7684\u4eea\u5f0f\u3002\u8fd9\u4e9b\u5b97\u6559\u6d3e\u522b\u5728\u627f\u8ba4\u4e9a\u7f8e\u5c3c\u4e9a\u4f7f\u5f92\u6559\u4f1a\u7684\u5baa\u6cd5\u4e0b\u5171\u5b58\uff0c\u540c\u65f6\u7ef4\u62a4\u6240\u6709\u4eba\u7684\u5b97\u6559\u4fe1\u4ef0\u81ea\u7531\u3002<\/p>\n<p>\u4e9a\u7f8e\u5c3c\u4e9a\u5efa\u7b51\u5e26\u6709\u6297\u9707\u7684\u5370\u8bb0\u3002\u539a\u5b9e\u7684\u77f3\u5899\u548c\u4f4e\u77ee\u7684\u8f6e\u5ed3\u62b5\u5fa1\u7740\u5730\u9707\uff0c\u800c\u5f53\u5730\u4e30\u5bcc\u7684\u51dd\u7070\u5ca9\u548c\u7384\u6b66\u5ca9\u5219\u9020\u5c31\u4e86\u7ecf\u4e45\u4e0d\u8870\u7684\u5efa\u7b51\u3002\u867d\u7136\u53e4\u4ee3\u6728\u7ed3\u6784\u5efa\u7b51\u4ec5\u5b58\u5be5\u5be5\u65e0\u51e0\uff0c\u4f46\u963f\u5c3c\u7b49\u5730\u7684\u4e2d\u4e16\u7eaa\u9996\u90fd\u4f9d\u7136\u4e0e\u5df2\u6d88\u5931\u7684\u5b9a\u5c45\u70b9\u7684\u8f6e\u5ed3\u76f8\u6620\u6210\u8da3\u3002\u5728\u6bcf\u4e2a\u5c71\u8c37\u4e2d\uff0c\u6559\u5802\u548c\u4fee\u9053\u9662\u2014\u2014\u51ff\u523b\u5728\u60ac\u5d16\u4e0a\u7684\u683c\u52a0\u5c14\u5fb7\u4fee\u9053\u9662\u3001\u52a0\u5c3c\u7684\u5bf9\u79f0\u67f1\u5b50\u3001\u8bfa\u62c9\u4e07\u514b\u7cbe\u96d5\u7ec6\u7422\u7684\u95e8\u5eca\u2014\u2014\u90fd\u5f70\u663e\u7740\u5b9e\u7528\u5de5\u827a\u4e0e\u795e\u5723\u613f\u671b\u7684\u878d\u5408\u3002<\/p>\n<p>\u7f8e\u98df\u4f53\u73b0\u4e86\u4e1c\u897f\u65b9\u7684\u878d\u5408\u3002\u98df\u8c31\u66f4\u6ce8\u91cd\u98df\u6750\u7684\u54c1\u8d28\uff0c\u800c\u975e\u6d53\u91cd\u7684\u9999\u6599\u3002\u65b0\u9c9c\u7684\u9999\u8349\u3001\u8c46\u7c7b\u3001\u575a\u679c\u4ee5\u53ca\u674f\u5b50\uff08\u4e9a\u7f8e\u5c3c\u4e9a\u7684\u56fd\u679c\uff09\u7b49\u6c34\u679c\u4e3a\u83dc\u80b4\u589e\u6dfb\u4e86\u98ce\u5473\uff0c\u800c\u8461\u8404\u53f6\u6216\u5377\u5fc3\u83dc\u5219\u53ef\u4f5c\u4e3a\u8c03\u5473\u9985\u6599\u7684\u5bb9\u5668\u3002\u8c61\u5f81\u751f\u80b2\u7684\u77f3\u69b4\uff0c\u65e2\u662f\u98df\u8c31\u7684\u4e00\u90e8\u5206\uff0c\u4e5f\u662f\u56fe\u50cf\u5b66\u7684\u4e00\u90e8\u5206\u3002\u5341\u5b57\u67b6\u5f62\u9762\u5305\u3001\u5bcc\u542b\u9178\u6885\u7684\u7096\u83dc\u4ee5\u53ca\u5728\u5766\u90fd\u91cc\u70e4\u7089\u4e2d\u70d8\u70e4\u7684\u8f7b\u76c8\u6241\u9762\u5305\uff0c\u6784\u6210\u4e86\u65e5\u5e38\u83dc\u80b4\u7684\u5178\u578b\u4ee3\u8868\uff0c\u4f50\u4ee5\u5c71\u95f4\u6eaa\u6d41\u6355\u635e\u7684\u9cdf\u9c7c\u6216\u585e\u51e1\u6e56\u6355\u635e\u7684\u5c0f\u9f99\u867e\u3002<\/p>\n<p>\u6e38\u5ba2\u5728\u4e9a\u7f8e\u5c3c\u4e9a\u4f1a\u53d1\u73b0\u4e30\u5bcc\u7684\u5730\u57df\u591a\u6837\u6027\u3002\u4e2d\u90e8\u4e9a\u7f8e\u5c3c\u4e9a\u4ee5\u57c3\u91cc\u6e29\u548c\u5b97\u6559\u4e2d\u5fc3\u57c3\u5947\u7c73\u963f\u6d25\u4e3a\u4e2d\u5fc3\uff0c\u62e5\u6709\u683c\u52a0\u5c14\u5fb7\u4fee\u9053\u9662\u548c\u970d\u5c14\u7ef4\u62c9\u666e\u8003\u53e4\u4fdd\u62a4\u533a\uff0c\u4e24\u8005\u5747\u63d0\u4f9b\u4e0e\u6587\u5316\u9057\u4ea7\u4eb2\u5bc6\u63a5\u89e6\u7684\u673a\u4f1a\u3002\u585e\u51e1\u6e56\u5730\u533a\u73af\u7ed5\u7740\u4e00\u4e2a\u9ad8\u6d77\u62d4\u6e56\u6cca\uff0c\u5c55\u73b0\u7740\u53e4\u8001\u7684\u5341\u5b57\u77f3\u5893\u5730\u548c\u590f\u5b63\u6d77\u6ee9\uff0c\u5f53\u5730\u9910\u9986\u4ee5\u6de1\u6c34\u9c7c\u4e3a\u7279\u8272\u3002\u5317\u90e8\u7701\u4efd\u4e0e\u683c\u9c81\u5409\u4e9a\u63a5\u58e4\uff0c\u62e5\u6709\u4ec5\u53ef\u901a\u8fc7\u72ed\u7a84\u5c0f\u5f84\u8fdb\u5165\u7684\u50fb\u9759\u4fee\u9053\u9662\uff0c\u4ee5\u53ca\u8fea\u5229\u7136\u2014\u2014\u4e00\u4e2a\u68ee\u6797\u8986\u76d6\u7684\u5ea6\u5047\u80dc\u5730\uff0c\u5176\u4e0d\u65ad\u53d1\u5c55\u7684\u7f8e\u98df\u666f\u8c61\u5524\u8d77\u4e86\u963f\u5c14\u5351\u65af\u5c71\u7684\u9b45\u529b\u3002\u5728\u5357\u90e8\uff0c\u6c83\u7f57\u5766\u548c\u963f\u739b\u53e4\u5ce1\u8c37\u5185\u5750\u843d\u7740\u5854\u7279\u592b\u4fee\u9053\u9662\u548c\u8bfa\u62c9\u4e07\u514b\u4fee\u9053\u9662\uff0c\u800c\u585e\u5229\u59c6\u7684\u5546\u961f\u9057\u5740\u548c\u6b23\u514b\u4f50\u5217\u65af\u514b\u7684\u60ac\u5d16\u6751\u5e84\u5219\u6697\u793a\u7740\u66fe\u7ecf\u7e41\u534e\u7684\u4e1d\u7ef8\u4e4b\u8def\u8179\u5730\u3002<\/p>\n<p>\u5728\u4f17\u591a\u57ce\u5e02\u4e2d\u5fc3\u4e2d\uff0c\u57c3\u91cc\u6e29\u4ee5\u5176\u5bbd\u9614\u7684\u8857\u9053\u548c\u9ec4\u660f\u540e\u8212\u9002\u5b89\u5168\u7684\u6c1b\u56f4\u800c\u8131\u9896\u800c\u51fa\uff0c\u5c3d\u7ba1\u5076\u5c14\u4f1a\u6709\u5c0f\u5077\u5c0f\u6478\u3002\u4e45\u59c6\u91cc\u66fe\u57281988\u5e74\u5730\u9707\u4e2d\u906d\u53d7\u91cd\u521b\uff0c\u5982\u4eca\u6b63\u7ecf\u5386\u7740\u6587\u5316\u590d\u5174\uff1b\u7b2c\u4e09\u5927\u57ce\u5e02\u74e6\u7eb3\u4f50\u5c14\u4fdd\u7559\u7740\u82cf\u8054\u65f6\u4ee3\u5b81\u9759\u7684\u5e03\u5c40\uff1b\u6e29\u6cc9\u5c0f\u9547\u6770\u5c14\u7a46\u514b\u4ee5\u5176\u6e29\u6696\u7684\u77ff\u6cc9\u5438\u5f15\u7740\u6e38\u5ba2\u3002\u8428\u683c\u5361\u4f50\u5c14\u62e5\u6709\u6ed1\u96ea\u7f06\u8f66\u548c\u7cbe\u5fc3\u7ef4\u62a4\u7684\u96ea\u9053\uff0c\u81f3\u4eca\u4ecd\u662f\u8be5\u56fd\u4e3b\u8981\u7684\u51ac\u5b63\u8fd0\u52a8\u80dc\u5730\u3002<\/p>\n<p>\u65c5\u884c\u8005\u4f7f\u7528\u5fb7\u62c9\u59c6\uff08AMD\uff09\u8fdb\u884c\u65e5\u5e38\u4ea4\u6613\u3002\u786c\u5e01\u9762\u503c\u4ece10\u5230500\u5fb7\u62c9\u59c6\u4e0d\u7b49\uff1b\u7eb8\u5e01\u9762\u503c\u6700\u9ad8\u53ef\u8fbe10\u4e07\u5fb7\u62c9\u59c6\u3002\u8d27\u5e01\u5151\u6362\u7f8e\u5143\u3001\u6b27\u5143\u6216\u5362\u5e03\u975e\u5e38\u4fbf\u6377\uff0c\u901a\u5e38\u65e0\u9700\u624b\u7eed\u8d39\uff1b\u4e3b\u8981\u7f51\u7edc\u7684ATM\u673a\u904d\u5e03\u57ce\u5e02\u5730\u533a\uff0c\u4f46\u5728\u57c3\u91cc\u6e29\u4ee5\u5916\uff0c\u73b0\u91d1\u901a\u5e38\u5fc5\u4e0d\u53ef\u5c11\u3002<\/p>\n<p>\u4e9a\u7f8e\u5c3c\u4e9a\u7684\u5b89\u5168\u72b6\u51b5\u4ee4\u4eba\u77a9\u76ee\u3002\u5f53\u5730\u4eba\u91cd\u89c6\u70ed\u60c5\u597d\u5ba2\uff0c\u5373\u4f7f\u5728\u5929\u9ed1\u540e\uff0c\u57c3\u91cc\u6e29\u53ca\u5468\u8fb9\u5730\u533a\u7684\u4eba\u884c\u9053\u4e5f\u4ee4\u4eba\u611f\u5230\u5b89\u5168\u3002\u5efa\u8bae\u8c28\u614e\u5bf9\u5f85\u65e0\u8bc1\u51fa\u79df\u8f66\u53f8\u673a\u2014\u2014\u63d0\u524d\u5546\u5b9a\u8f66\u8d39\u6216\u4f7f\u7528\u5b98\u65b9\u5e94\u7528\u7a0b\u5e8f\u53ef\u4ee5\u907f\u514d\u7ea0\u7eb7\u3002\u81ea2018\u5e74\u5929\u9e45\u7ed2\u9769\u547d\u4ee5\u6765\uff0c\u5f71\u54cd\u6e38\u5ba2\u7684\u8f7b\u5fae\u8150\u8d25\u73b0\u8c61\u6709\u6240\u51cf\u5c11\u3002\u8def\u4eba\u7684\u76ee\u5149\u901a\u5e38\u53cd\u6620\u7684\u662f\u597d\u5947\u800c\u975e\u654c\u610f\uff0c\u516c\u5f00\u7684\u79cd\u65cf\u4e3b\u4e49\u4e5f\u5f88\u5c11\u89c1\u3002\u7136\u800c\uff0cLGBT\u6e38\u5ba2\u5e94\u8c28\u614e\u884c\u4e8b\uff0c\u56e0\u4e3a\u793e\u4f1a\u63a5\u53d7\u5ea6\u4ecd\u7136\u6709\u9650\u200b\u200b\uff0c\u800c\u4e14\u540c\u6027\u7ed3\u5408\u5728\u4e9a\u7f8e\u5c3c\u4e9a\u56fd\u5185\u4e0d\u88ab\u627f\u8ba4\u3002<\/p>\n<p>\u5c0a\u91cd\u5f53\u5730\u4e60\u4fd7\uff0c\u8ba9\u6bcf\u4e00\u6b21\u505c\u7559\u90fd\u66f4\u52a0\u4e30\u5bcc\u591a\u5f69\u3002\u5973\u58eb\u7a7f\u7740\u6734\u7d20\uff0c\u4f69\u6234\u5934\u5dfe\uff0c\u9002\u5408\u524d\u5f80\u6559\u5802\uff1b\u7537\u58eb\u5728\u5ba4\u5185\u5219\u9700\u8131\u5e3d\u3002\u5728\u4fee\u9053\u9662\u6559\u5802\u70b9\u71c3\u8721\u70db\u662f\u4e00\u79cd\u53ef\u9009\u7684\u8868\u8fbe\u656c\u610f\u7684\u65b9\u5f0f\u3002\u4e0e\u4e9a\u7f8e\u5c3c\u4e9a\u4eba\u8c08\u8bba\u5386\u53f2\u6216\u6587\u5316\uff0c\u4f1a\u8ba9\u4eba\u4ea7\u751f\u771f\u8bda\u7684\u5174\u8da3\uff0c\u4f46\u5982\u679c\u4e0d\u8fdb\u884c\u65e5\u5e38\u7684\u5bd2\u6684\uff0c\u5c31\u8d38\u7136\u8c08\u53ca\u751f\u610f\uff0c\u53ef\u80fd\u4f1a\u663e\u5f97\u5510\u7a81\u3002\u4e58\u5750\u516c\u5171\u4ea4\u901a\u5de5\u5177\u65f6\uff0c\u5e94\u5c0a\u91cd\u957f\u8f88\uff1b\u70ed\u60c5\u597d\u5ba2\u7684\u539f\u5219\u4e5f\u8981\u6c42\u4e3b\u4eba\u786e\u4fdd\u5ba2\u4eba\u7684\u8212\u9002\u2014\u2014\u62d2\u7edd\u63d0\u4f9b\u66f4\u591a\u98df\u7269\u6216\u996e\u6599\uff0c\u53ef\u80fd\u4f1a\u8003\u9a8c\u4e9a\u7f8e\u5c3c\u4e9a\u4eba\u7684\u793c\u8c8c\u3002<\/p>\n<p>\u5bf9\u4e8e\u53cc\u91cd\u56fd\u7c4d\u8005\u6765\u8bf4\uff0c\u591a\u91cd\u56fd\u7c4d\u7684\u6743\u5229\u4e0e\u4e49\u52a1\u5e76\u5b58\uff1a18\u5c81\u81f327\u5c81\u7684\u4e9a\u7f8e\u5c3c\u4e9a\u7537\u6027\u5fc5\u987b\u670d\u5175\u5f79\uff0c\u65e0\u8bba\u6301\u6709\u5176\u4ed6\u62a4\u7167\u3002\u9003\u907f\u5175\u5f79\u5c06\u53d7\u5230\u6cd5\u5f8b\u5904\u7f5a\u3002\u4e9a\u7f8e\u5c3c\u4e9a\u4e0e\u963f\u585e\u62dc\u7586\u7684\u957f\u671f\u51b2\u7a81\u63d0\u9192\u4eba\u4eec\u5728\u8fb9\u5883\u5730\u533a\u4fdd\u6301\u8c28\u614e\uff0c\u56e0\u4e3a\u90a3\u91cc\u5076\u5c14\u4f1a\u53d1\u751f\u5c0f\u89c4\u6a21\u51b2\u7a81\uff0c\u4fc4\u7f57\u65af\u7ef4\u548c\u90e8\u961f\u4e5f\u5728\u62c9\u94a6\u8d70\u5eca\u8fdb\u884c\u76d1\u89c6\u3002<\/p>\n<p>\u4e9a\u7f8e\u5c3c\u4e9a\u65e2\u662f\u4e00\u90e8\u9c9c\u6d3b\u7684\u6587\u660e\u53f2\uff0c\u4e5f\u662f\u4e00\u4e2a\u572821\u4e16\u7eaa\u5f00\u62d3\u524d\u8fdb\u7684\u56fd\u5bb6\u3002\u5b83\u7684\u4e18\u9675\u548c\u9ad8\u539f\u8ffd\u6eaf\u7740\u6e38\u7267\u6c11\u65cf\u3001\u5341\u5b57\u519b\u548c\u5546\u4eba\u7684\u8db3\u8ff9\u3002\u4ece\u77f3\u5899\u7684\u7eb9\u7406\u3001\u6559\u5802\u91cc\u7684\u7948\u7977\uff0c\u5230\u7cbe\u5fc3\u70f9\u5236\u7684\u7f8e\u98df\uff0c\u8fd9\u4e2a\u56fd\u5bb6\u5e76\u975e\u901a\u8fc7\u5b8f\u5927\u7684\u5ba3\u8a00\uff0c\u800c\u662f\u901a\u8fc7\u4e00\u4e2a\u7ecf\u5386\u8fc7\u5931\u53bb\u4e0e\u91cd\u751f\u7684\u6c11\u65cf\u9ed8\u9ed8\u627f\u53d7\u800c\u5c55\u73b0\u7684\u3002\u5bf9\u4e8e\u90a3\u4e9b\u6c89\u6d78\u4e8e\u4e9a\u7f8e\u5c3c\u4e9a\u97f5\u5f8b\u7684\u4eba\u6765\u8bf4\uff0c\u4e9a\u7f8e\u5c3c\u4e9a\u5c55\u73b0\u4e86\u4e00\u6bb5\u6734\u5b9e\u65e0\u534e\u3001\u96c4\u8fa9\u6709\u529b\u7684\u5386\u53f2\u4f20\u627f\u3002<\/p>","protected":false},"excerpt":{"rendered":"<p>\u4e9a\u7f8e\u5c3c\u4e9a\u4f4d\u4e8e\u897f\u4e9a\u4e9a\u7f8e\u5c3c\u4e9a\u9ad8\u539f\u7684\u5185\u9646\uff0c\u5730\u5904\u6b27\u4e9a\u4ea4\u754c\u7684\u6218\u7565\u8981\u5730\u3002\u4e9a\u7f8e\u5c3c\u4e9a\u662f\u5357\u9ad8\u52a0\u7d22\u5730\u533a\u4e00\u4e2a\u9762\u79ef\u867d\u5c0f\u5374\u4e3e\u8db3\u8f7b\u91cd\u7684\u56fd\u5bb6\uff0c\u4eba\u53e3\u7ea6290\u4e07\u3002\u57c3\u91cc\u6e29\u662f\u8be5\u56fd\u9996\u90fd\u548c\u6700\u5927\u57ce\u5e02\uff0c\u4eba\u53e3\u7ea6\u5360\u5168\u56fd\u603b\u4eba\u53e3\u7684\u4e09\u5206\u4e4b\u4e00\uff0c\u662f\u8be5\u56fd\u5145\u6ee1\u6d3b\u529b\u7684\u6587\u5316\u548c\u5546\u4e1a\u4e2d\u5fc3\u3002<\/p>","protected":false},"author":1,"featured_media":3821,"parent":24078,"menu_order":0,"comment_status":"closed","ping_status":"closed","template":"elementor_theme","meta":{"_eb_attr":"","footnotes":""},"class_list":["post-14631","page","type-page","status-publish","has-post-thumbnail"],"_links":{"self":[{"href":"https:\/\/travelshelper.com\/zh\/wp-json\/wp\/v2\/pages\/14631","targetHints":{"allow":["GET"]}}],"collection":[{"href":"https:\/\/travelshelper.com\/zh\/wp-json\/wp\/v2\/pages"}],"about":[{"href":"https:\/\/travelshelper.com\/zh\/wp-json\/wp\/v2\/types\/page"}],"author":[{"embeddable":true,"href":"https:\/\/travelshelper.com\/zh\/wp-json\/wp\/v2\/users\/1"}],"replies":[{"embeddable":true,"href":"https:\/\/travelshelper.com\/zh\/wp-json\/wp\/v2\/comments?post=14631"}],"version-history":[{"count":0,"href":"https:\/\/travelshelper.com\/zh\/wp-json\/wp\/v2\/pages\/14631\/revisions"}],"up":[{"embeddable":true,"href":"https:\/\/travelshelper.com\/zh\/wp-json\/wp\/v2\/pages\/24078"}],"wp:featuredmedia":[{"embeddable":true,"href":"https:\/\/travelshelper.com\/zh\/wp-json\/wp\/v2\/media\/3821"}],"wp:attachment":[{"href":"https:\/\/travelshelper.com\/zh\/wp-json\/wp\/v2\/media?parent=14631"}],"curies":[{"name":"wp","href":"https:\/\/api.w.org\/{rel}","templated":true}]}}