{"id":14328,"date":"2024-09-19T08:40:52","date_gmt":"2024-09-19T08:40:52","guid":{"rendered":"https:\/\/travelshelper.com\/staging\/?page_id=14328"},"modified":"2026-03-11T23:19:55","modified_gmt":"2026-03-11T23:19:55","slug":"%e5%85%8b%e5%b0%94%e7%a7%91%e8%af%ba%e8%b0%a2%e5%b1%b1","status":"publish","type":"page","link":"https:\/\/travelshelper.com\/zh\/destinations\/europe\/czech-republic\/krkonose\/","title":{"rendered":"\u514b\u5c14\u79d1\u8bfa\u8c22\u5c71"},"content":{"rendered":"<p>\u5de8\u4eba\u5c71\uff0c\u6377\u514b\u8bed\u79f0\u4e3a\u514b\u5c14\u79d1\u8bfa\u8c22\u5c71\uff08Krkono\u0161e\uff09\uff0c\u6ce2\u5170\u8bed\u79f0\u4e3a\u514b\u5c14\u79d1\u8bfa\u8c22\u5c71\uff08Karkonosze\uff09\uff0c\u5fb7\u8bed\u79f0\u4e3a\u91cc\u68ee\u5c71\uff08Riesengebirge\uff09\uff0c\u4f4d\u4e8e\u6377\u514b\u5171\u548c\u56fd\u6700\u5317\u7aef\u548c\u6ce2\u5170\u897f\u5357\u7f18\u3002\u5b83\u662f\u6ce2\u5e0c\u7c73\u4e9a\u5730\u5757\u5185\u82cf\u53f0\u5fb7\u5c71\u8109\u7684\u6700\u9ad8\u6bb5\u3002\u5176\u4e3b\u5c71\u810a\u5927\u81f4\u5448\u4e1c\u897f\u8d70\u5411\uff0c\u65e2\u662f\u56fd\u754c\uff0c\u4e5f\u662f\u6ce2\u5e0c\u7c73\u4e9a\u4e0e\u897f\u91cc\u897f\u4e9a\u7684\u5386\u53f2\u5206\u754c\u7ebf\u3002\u65af\u6d85\u65e5\u5361\u5c71\uff08\u015anie\u017cka\uff09\u6d77\u62d41603\u7c73\uff0c\u662f\u6377\u514b\u5171\u548c\u56fd\u6700\u9ad8\u7684\u81ea\u7136\u70b9\u3002\u4e0e\u8bb8\u591a\u540c\u7b49\u89c4\u6a21\u7684\u5c71\u8109\u4e0d\u540c\uff0c\u5de8\u4eba\u5c71\u5c55\u73b0\u51fa\u9ad8\u5c71\u7684\u5178\u578b\u7279\u5f81\u2014\u2014\u51b0\u5ddd\u51b0\u6597\u3001\u51b0\u7f18\u6c89\u79ef\u7269\u548c\u9661\u5ced\u7684\u9ad8\u5c71\u6811\u6728\u8fb9\u754c\u2014\u2014\u5c3d\u7ba1\u603b\u9762\u79ef\u4ec5\u4e3a631\u5e73\u65b9\u516c\u91cc\uff08\u6377\u514b\u5171\u548c\u56fd\u5883\u5185454\u5e73\u65b9\u516c\u91cc\uff0c\u6ce2\u5170\u5883\u5185177\u5e73\u65b9\u516c\u91cc\uff09\u3002<\/p>\n<p>\u6700\u65e9\u5173\u4e8e\u201c\u514b\u5c14\u79d1\u8bfa\u4ec0\u201d\uff08Krkono\u0161\uff09\u7684\u4e66\u9762\u8bb0\u8f7d\u51fa\u73b0\u57281492\u5e74\u4e00\u4efd\u4e0e\u4ec0\u6377\u6f58\u5c3c\u91c7\u5e84\u56ed\uff08Manor of \u0160t\u011bpanice\uff09\u76f8\u5173\u7684\u8bb0\u5f55\u4e2d\uff0c\u800c1518\u5e74\u7684\u514b\u52b3\u8fea\u626c\uff08Klaudy\u00e1n\uff09\u5730\u56fe\u5219\u5c06\u8be5\u5c71\u8109\u6807\u8bb0\u4e3a\u201c\u514b\u5c14\u79d1\u8bfa\u4ec0\u201d\uff08Krkonoss\uff09\u3002\u8bed\u8a00\u5b66\u5bb6\u901a\u5e38\u8ba4\u4e3a\u8be5\u540d\u79f0\u6e90\u4e8e\u53e4\u65af\u62c9\u592b\u8bed\u201ckrk\/krak\u201d\uff0c\u610f\u4e3a\u77ee\u5c0f\u7684\u5c71\u677e\uff08Krummholz\uff09\uff0c\u4ee5\u53ca\u201cno\u0161\u201d\uff0c\u6e90\u81ea\u201cnosit\u201d\uff0c\u610f\u4e3a\u201c\u643a\u5e26\u201d\uff0c\u53ef\u80fd\u6697\u6307\u6c89\u91cd\u7684\u5c71\u810a\u7ebf\u3002\u53e6\u4e00\u79cd\u7406\u8bba\u8ba4\u4e3a\uff0c\u73b0\u4ee3\u79f0\u8c13\u4e0e\u6258\u52d2\u5bc6\u7684\u201cCorconti\u201d\u6709\u5173\uff0c\u540e\u8005\u6307\u7684\u662f\u524d\u51ef\u5c14\u7279\u4eba\u6216\u65e5\u8033\u66fc\u90e8\u843d\u3002\u8bf8\u5982\u201cHrisenpergisches Gebirge\u201d\u548c\u201cRiesen Gebirge\u201d\u7b49\u5fb7\u8bed\u540d\u79f0\u6700\u65e9\u51fa\u73b0\u572816\u4e16\u7eaa\u7684\u7f16\u5e74\u53f2\u4e2d\uff0c\u800c\u6377\u514b\u7f16\u5e74\u53f2\u5bb6\u535a\u80e1\u65af\u62c9\u592b\u00b7\u5df4\u5c14\u5bbe\uff08Bohuslav Balb\u00edn\uff09\u57281679\u5e74\u7684\u8457\u4f5c\u4e2d\u5217\u4e3e\u4e86\u4e00\u7cfb\u5217\u540d\u79f0\uff0c\u5305\u62ec\u201cSn\u011b\u017en\u00e9 hory\u201d\uff08\u96ea\u5c71\uff09\u548c\u201cCerconossios\u201d\u3002\u76f4\u5230 19 \u4e16\u7eaa\uff0cKrkono\u0161e\u3001Karkonosze \u548c Riesengebirge \u624d\u6210\u4e3a\u6807\u51c6\u672f\u8bed\u3002<\/p>\n<p>\u5de8\u5cf0\u5c71\u8109\u5b55\u80b2\u4e86\u6570\u6761\u8457\u540d\u6cb3\u6d41\u3002\u5728\u6377\u514b\u5883\u5185\uff0c\u6613\u5317\u6cb3\uff08Labe\uff09\u53d1\u6e90\u4e8e\u4e3b\u5c71\u810a\u9644\u8fd1\uff0c\u968f\u540e\u51b2\u5237\u51fa\u9661\u5ced\u7684\u51b0\u5ddd\u5ce1\u8c37\u3002\u5176\u7011\u5e03\u5305\u62ec\u62c9\u5e03\u65af\u57fa\u7011\u5e03\uff08Labsk\u00fd vodop\u00e1d\uff0c50\u7c73\uff09\u548c\u6f58\u6070\u592b\u65af\u57fa\u7011\u5e03\uff08Pan\u010davsk\u00fd vodop\u00e1d\uff0c140\u7c73\uff09\uff0c\u540e\u8005\u4fdd\u6301\u7740\u6377\u514b\u7684\u6700\u9ad8\u7eaa\u5f55\u3002\u5176\u4ed6\u7011\u5e03\u2014\u2014\u4e0a\u4e4c\u666e\u65af\u57fa\u7011\u5e03\uff08Horn\u00ed \u00dapsk\u00fd\uff09\u3001\u4e0b\u4e4c\u666e\u65af\u57fa\u7011\u5e03\uff08Doln\u00ed \u00dapsk\u00fd\uff09\u548c\u7a46\u59c6\u62c9\u74e6\u7011\u5e03\uff08Mumlava\uff0c8.9\u7c73\uff09\u2014\u2014\u5c55\u73b0\u4e86\u9ad8\u6d77\u62d4\u6c34\u6d41\u7684\u4fb5\u8680\u529b\u3002\u5728\u6ce2\u5170\uff0c\u5361\u7f05\u7eb3\u6cb3\uff08Kamienna\uff09\u3001\u6c83\u5c3c\u5bdf\u6cb3\uff08\u0141omnica\uff09\u548c\u535a\u5e03\u5c14\u6cb3\uff08B\u00f3br\uff09\u4ece\u60ac\u5d16\u5ced\u58c1\u4e0a\u503e\u6cfb\u800c\u4e0b\uff0c\u5f62\u6210\u4e86\u5361\u7f05\u5947\u514b\u7011\u5e03\uff08Kamie\u0144czyk\uff0c27\u7c73\uff09\u3001\u4ec0\u514b\u62c9\u57fa\u7011\u5e03\uff08Szklarki\uff0c13.3\u7c73\uff09\u3001\u6c83\u591a\u65af\u5e15\u5fb7\u7eb3\u6c83\u5c3c\u897f\u7011\u5e03\uff08Wodospad na \u0141omnicy\uff0c10\u7c73\uff09\u548c\u6ce2\u5fb7\u6208\u5c14\u7eb3\u7011\u5e03\uff08Podg\u00f3rna\uff0c10\u7c73\uff09\u3002\u4e3b\u5c71\u810a\u5c06\u5317\u6d77\uff08\u7ecf\u6613\u5317\u6cb3\uff09\u548c\u6ce2\u7f57\u7684\u6d77\uff08\u7ecf\u5317\u90e8\u652f\u6d41\uff09\u7684\u96c6\u6c34\u533a\u4e00\u5206\u4e3a\u4e8c\uff0c\u662f\u5177\u6709\u5927\u9646\u6c34\u6587\u610f\u4e49\u7684\u8f74\u7ebf\u3002<\/p>\n<p>\u957f\u671f\u4ee5\u6765\uff0c\u4fdd\u62a4\u4e00\u76f4\u662f\u8fb9\u5883\u4e24\u4fa7\u4eba\u7c7b\u6d3b\u52a8\u7684\u4e3b\u5bfc\u3002\u6377\u514b\u514b\u5c14\u79d1\u8bfa\u8c22\u56fd\u5bb6\u516c\u56ed\uff08KRNAP\uff09\u6210\u7acb\u4e8e1963\u5e74\uff0c\u662f\u6377\u514b\u65af\u6d1b\u4f10\u514b\u7684\u7b2c\u4e8c\u4e2a\u56fd\u5bb6\u516c\u56ed\uff0c\u5360\u5730370\u5e73\u65b9\u516c\u91cc\uff0c\u4ece\u5c71\u5730\u8349\u7538\u5230\u4e9a\u9ad8\u5c71\u77f3\u6960\u6797\uff0c\u5e94\u6709\u5c3d\u6709\u3002\u6ce2\u5170\u7684\u514b\u5c14\u79d1\u8bfa\u8c22\u56fd\u5bb6\u516c\u56ed\uff08KPN\uff09\u6210\u7acb\u4e8e1959\u5e74\uff0c\u5360\u573055.8\u5e73\u65b9\u516c\u91cc\uff0c\u6db5\u76d6\u4e86\u8be5\u5c71\u8109\u6700\u9ad8\u7684\u5c71\u5761\uff08\u6d77\u62d4900\u81f31000\u7c73\u53ca\u4ee5\u4e0a\uff09\u3002\u8fd9\u4e24\u4e2a\u56fd\u5bb6\u516c\u56ed\u5171\u540c\u6784\u6210\u4e86\u8054\u5408\u56fd\u6559\u79d1\u6587\u7ec4\u7ec7\u201c\u4eba\u4e0e\u751f\u7269\u5708\u8ba1\u5212\u201d\u4e0b\u6307\u5b9a\u7684\u514b\u5c14\u79d1\u8bfa\u8c22\/\u514b\u5c14\u79d1\u8bfa\u8c22\u8de8\u5883\u751f\u7269\u5708\u4fdd\u62a4\u533a\u3002\u4e24\u5730\u7684\u7ba1\u7406\u7406\u5ff5\u5404\u4e0d\u76f8\u540c\uff1aKPN\u4e25\u683c\u6267\u884c\u4e0d\u5e72\u9884\u653f\u7b56\uff0c\u7981\u6b62\u5728\u67af\u6b7b\u6797\u4e0a\u91cd\u65b0\u9020\u6797\uff1b\u800cKRNAP\u5219\u5f00\u5c55\u5927\u89c4\u6a21\u9020\u6797\uff0c\u4ee5\u7a33\u5b9a\u571f\u58e4\u5e76\u5f00\u57a6\u88f8\u9732\u533a\u57df\u3002<\/p>\n<p>\u5de8\u4eba\u5c71\u8109\u7684\u6c14\u8c61\u6761\u4ef6\u53d8\u5316\u65e0\u5e38\uff0c\u4f17\u6240\u5468\u77e5\u3002\u51ac\u5b63\u79ef\u96ea\u8fde\u7ef5\uff0c\u539a\u5ea6\u5f80\u5f80\u8d85\u8fc7\u4e09\u7c73\uff0c\u96fe\u6c14\u5f25\u6f2b\uff0c\u5c24\u5176\u662f\u5728\u65af\u6d85\u65e5\u5361\u5cf0\u9876\uff0c\u6bcf\u5e74\u6709296\u5929\u88ab\u96fe\u7b3c\u7f69\u3002\u5cf0\u9876\u5e74\u5e73\u5747\u6c14\u6e29\u5f98\u5f8a\u57280.2\u6444\u6c0f\u5ea6\u5de6\u53f3\uff0c\u4e0e\u9065\u8fdc\u7684\u5317\u7eac\u5730\u533a\u76f8\u4f3c\u3002\u5c71\u810a\u906d\u9047\u6b27\u6d32\u6700\u731b\u70c8\u7684\u98ce\u529b\uff0c\u5317\u90e8\u60ac\u5d16\u4e0a\u9891\u7e41\u51fa\u73b0\u7684\u711a\u98ce\u73b0\u8c61\u66f4\u662f\u96ea\u4e0a\u52a0\u971c\u3002\u964d\u6c34\u91cf\u4ece\u8c37\u5e95\u7684\u7ea6700\u6beb\u7c73\u9010\u6e10\u589e\u52a0\u5230\u65af\u6d85\u65e5\u5361\u5cf0\u9876\u76841230\u6beb\u7c73\u4ee5\u4e0a\uff1b\u4e3b\u5c71\u810a\u9644\u8fd1\u7684\u96ea\u5751\u5e74\u964d\u6c34\u91cf\u6700\u9ad8\u53ef\u8fbe1512\u6beb\u7c73\u3002\u8fd9\u6837\u7684\u6c14\u5019\u6761\u4ef6\u5851\u9020\u4e86\u51b0\u5ddd\u8fb9\u7f18\u7684\u5730\u8c8c\uff0c\u5e76\u51b3\u5b9a\u4e86\u4eba\u7c7b\u5229\u7528\u7684\u5b63\u8282\u6027\u8282\u5f8b\u3002<\/p>\n<p>\u6570\u5341\u5ea7\u4f20\u7edf\u5c0f\u5c4b\u6563\u5e03\u5728\u6811\u7ebf\u4e4b\u4e0a\uff0c\u6cbf\u7740\u4e3b\u8f74\u7ebf\u873f\u8712\u800c\u7acb\uff1a\u6377\u514b\u8bed\u4e2d\u79f0\u4e4b\u4e3a\u201cbouda\u201d\uff0c\u5fb7\u8bed\u4e2d\u79f0\u4e4b\u4e3a\u201cBaude\u201d\uff0c\u6ce2\u5170\u8bed\u4e2d\u79f0\u4e4b\u4e3a\u201cschronisko\u201d\u3002\u8fd9\u4e9b\u5efa\u7b51\u6e90\u4e8e\u4e2d\u53e4\u9ad8\u5730\u5fb7\u8bed\u201cBuode\u201d\uff08\u610f\u4e3a\u201c\u68da\u5c4b\u201d\u6216\u201c\u5e87\u62a4\u6240\u201d\uff09\uff0c\u6700\u521d\u662f\u7267\u7f8a\u4eba\u590f\u5b63\u7684\u7530\u56ed\u907f\u96be\u6240\u3002\u4ece19\u4e16\u7eaa\u521d\u5f00\u59cb\uff0c\u5b83\u4eec\u5438\u5f15\u4e86\u767b\u5c71\u8005\uff0c\u523019\u4e16\u7eaa\u672b\u6f14\u53d8\u6210\u65c5\u820d\u3002\u968f\u540e\uff0c\u8bb8\u591a\u5c0f\u5c4b\u8fdb\u884c\u4e86\u6269\u5efa\uff0c\u4ee5\u5bb9\u7eb3\u4e0d\u65ad\u589e\u957f\u7684\u6e38\u5ba2\u6570\u91cf\u3002\u5176\u4e2d\u8457\u540d\u7684\u4f8b\u5b50\u5305\u62ec\u6377\u514b\u5730\u533a\u7684\u5362\u5947\u5c3c\u5e03\u8fbe\uff08Lu\u010dn\u00ed bouda\uff09\u3001\u9a6c\u4e01\u8bfa\u74e6\u5e03\u8fbe\uff08Martinova bouda\uff09\u548c\u6c83\u585e\u5361\u5e03\u8fbe\uff08Voseck\u00e1 bouda\uff09\uff0c\u4ee5\u53ca\u6ce2\u5170\u7684\u65af\u8d6b\u7f57\u5c3c\u65af\u79d1\u65af\u7279\u6cfd\u54c8\u5b66\u9662\uff08Schronisko Strzecha Akademicka\uff09\u3001\u8428\u83ab\u7279\u5c3c\u4e9a\uff08Samotnia\uff09\u548c\u7eb3\u54c8\u5229\u65af\u6cfd\u5c3c\u8328\u57fa\uff08na Hali Szrenickiej\uff09\u300220\u4e16\u7eaa\u589e\u5efa\u7684\u5f7c\u5f97\u7f57\u5a03\u5e03\u8fbe\uff08Petrova bouda\uff09\u548c\u65af\u6d85\u65e5\u5361\u5cf0\u9876\u5c0f\u5c4b\u53cd\u6620\u4e86\u5411\u65c5\u6e38\u4e13\u7528\u8bbe\u8ba1\u8f6c\u53d8\u7684\u8d8b\u52bf\u3002<\/p>\n<p>\u82b1\u5c97\u5ca9\u5c71\u4e18\u70b9\u7f00\u7740\u5929\u9645\u7ebf\uff0c\u7ecf\u6570\u5343\u5e74\u7684\u971c\u51bb\u548c\u98ce\u8680\u96d5\u7422\u800c\u6210\u3002\u5728\u4e3b\u5c71\u810a\u4e0a\uff0c\u8fea\u592b\u5951\u5c71\u5cf0\uff08D\u00edv\u010d\u00ed kameny\uff0c\u53c8\u79f0\u897f\u91cc\u5c71\u5cf0\uff09\u548c\u7a46\u65e5\u65af\u514b\u5c71\u5cf0\uff08Mu\u017esk\u00e9 kameny\uff0c\u53c8\u79f0\u6377\u514b\u5c71\u5cf0\uff09\u9ad8\u8fbe1400\u7c73\u4ee5\u4e0a\uff1b\u5728\u5176\u4ed6\u5730\u65b9\uff0c\u6377\u514b\u7684\u54c8\u62c9\u970d\u7ef4\u5c71\u5cf0\uff08Harrachovy kameny\uff09\u4ee5\u53ca\u6ce2\u5170\u7684\u76ae\u8036\u5c14\u683c\u65e5\u7c73\u5c71\u5cf0\uff08Pielgrzymy\uff09\u548c\u65af\u6c83\u6d85\u8328\u5c3c\u514b\u5c71\u5cf0\uff08S\u0142onecznik\uff09\u9ad8\u8fbe\u8fd130\u7c73\u3002\u8fd9\u4e9b\u4eba\u5f62\u5c71\u5cf0\u8d4b\u4e88\u4e86\u5c71\u8109\u96d5\u5851\u822c\u7684\u7279\u8d28\uff0c\u5e76\u5c06\u5176\u4e0e\u7c7b\u4f3c\u7684\u82cf\u53f0\u5fb7\u5c71\u8109\u8054\u7cfb\u8d77\u6765\u3002\u51b0\u4e0b\u4fb5\u8680\u548c\u51b0\u540e\u98ce\u5316\u4f5c\u7528\u96d5\u7422\u51fa\u5706\u5f62\u5267\u573a\u3001\u6f02\u783e\u548c\u5757\u72b6\u5e73\u539f\uff0c\u4ee4\u5730\u8d28\u5b66\u5bb6\u548c\u6e38\u5ba2\u90fd\u4e3a\u4e4b\u7740\u8ff7\u3002<\/p>\n<p>\u65e9\u5728\u73b0\u4ee3\u65c5\u6e38\u4e1a\u5174\u8d77\u4e4b\u524d\uff0c\u5de8\u4eba\u5c71\u5c31\u5438\u5f15\u7740\u4f17\u591a\u63a2\u9669\u5bb6\u548c\u827a\u672f\u5bb6\u3002\u8bd7\u4eba\u897f\u5965\u591a\u00b7\u79d1\u5c14\u7eb3\u548c\u7ea6\u7ff0\u00b7\u6c83\u5c14\u592b\u5188\u00b7\u6b4c\u5fb7\u4e8e18\u4e16\u7eaa\u672b19\u4e16\u7eaa\u521d\u767b\u4e0a\u65af\u6d85\u65e5\u5361\u5c71\uff0c\u753b\u5bb6\u5361\u65af\u5e15\u00b7\u5927\u536b\u00b7\u5f17\u91cc\u5fb7\u91cc\u5e0c\u548c\u5361\u5c14\u00b7\u53e4\u65af\u5854\u592b\u00b7\u5361\u9c81\u65af\u5219\u5728\u5c71\u810a\u95f4\u5bfb\u6c42\u7075\u611f\u30021800\u5e74\uff0c\u5e74\u8f7b\u7684\u7ea6\u7ff0\u00b7\u6606\u897f\u00b7\u4e9a\u5f53\u65af\u5728\u6b27\u6d32\u65c5\u5c45\u671f\u95f4\u7a7f\u8d8a\u4e86\u8fd9\u5ea7\u5c71\u8109\u300219\u4e16\u7eaa\u4e2d\u53f6\uff0c\u5fb7\u56fd\u548c\u5965\u5730\u5229\u5728\u4e24\u5cb8\u6210\u7acb\u4e86\u201c\u91cc\u68ee\u683c\u6bd4\u5c14\u683c\u65af\u534f\u4f1a\u201d\uff08Riesengebirgsverein\uff09\uff0c\u8d1f\u8d23\u89c4\u5212\u548c\u7ef4\u62a4\u957f\u8fbe3000\u516c\u91cc\u7684\u5e9e\u5927\u5c71\u8def\u7f51\u7edc\uff0c\u5176\u4e2d\u4ec5\u4e3b\u5c71\u810a\u548c\u5185\u5c71\u810a\u5c31\u8fbe500\u516c\u91cc\u3002<\/p>\n<p>\u81ea17\u4e16\u7eaa\u4ee5\u6765\uff0c\u4eba\u4eec\u5c31\u5f00\u59cb\u8bb0\u5f55\u5c71\u5730\u707e\u5bb3\u3002\u73b0\u5b58\u6700\u65e9\u7684\u5c71\u5730\u9047\u96be\u8005\u7eaa\u5ff5\u7891\uff0c\u662f\u4e3a\u4e86\u7eaa\u5ff5\u626c\u00b7\u76ae\u8036\u5c3c\u4e9a\u70ed\u514b-\u5965\u5fb7\u7f57\u74e6\u65e5\uff08Jan Pieni\u0105\u017cek-Odrow\u0105\u017c\uff09\uff0c\u77d7\u7acb\u5728\u65af\u6d85\u65e5\u5361\u5c71\u9876\uff0c\u7eaa\u5ff5\u4ed6\u4e8e1828\u5e74\u901d\u4e16\u30021968\u5e74\uff0c\u6bd4\u4e9a\u96f7\u52a0\u5c14\u5ce1\u8c37\uff08Bia\u0142y Jar\uff09\u53d1\u751f\u4e86\u4e00\u573a\u707e\u96be\u6027\u7684\u96ea\u5d29\uff0c\u9020\u621019\u4eba\u6b7b\u4ea1\uff0c5\u4eba\u53d7\u4f24\uff0c\u52a8\u5458\u4e86\u4e00\u652f1100\u4eba\u7684\u6551\u63f4\u961f\u3002\u8fd9\u4e9b\u4e8b\u4ef6\u4fc3\u4f7f\u4eba\u4eec\u7cfb\u7edf\u6027\u5730\u76d1\u6d4b\u96ea\u5d29\uff0c\u8bbe\u7f6e\u9632\u62a4\u5c4f\u969c\uff0c\u5e76\u5efa\u7acb\u4e86\u4e0d\u65ad\u53d1\u5c55\u7684\u9884\u8b66\u7cfb\u7edf\u3002<\/p>\n<p>\u523019\u4e16\u7eaa\u672b\uff0c\u5de8\u4eba\u5c71\u5df2\u6210\u4e3a\u5fb7\u610f\u5fd7\u5e1d\u56fd\u9996\u5c48\u4e00\u6307\u7684\u5ea6\u5047\u80dc\u5730\uff0c\u4e3b\u8981\u53d7\u5fb7\u56fd\u4eba\u548c\u6ce2\u5170\u4eba\u9752\u7750\u3002\u6ce2\u5170\u8bed\u65c5\u6e38\u6307\u5357\u4ece18\u4e16\u7eaa\u4e2d\u53f6\u5f00\u59cb\u51fa\u73b0\uff0c\u6ce2\u5170\u672c\u571f\u767b\u5c71\u5411\u5bfc\u966a\u540c\u6e38\u5ba2\u3002\u6c11\u65cf\u590d\u5174\u65f6\u671f\u7684\u6377\u514b\u4f5c\u5bb6\u5c06\u65af\u6d85\u65e5\u5361\u9882\u626c\u4e3a\u65af\u62c9\u592b\u4eba\u8eab\u4efd\u7684\u8c61\u5f81\u3002\u5728\u67cf\u6797\u7ecf\u6d4e\u7e41\u8363\u65f6\u671f\uff0c\u67cf\u6797\u5546\u4eba\u5728\u65af\u514b\u62c9\u65af\u5361\u6ce2\u4f26\u5df4\uff08\u65e7\u79f0\u65bd\u8d56\u4f2f\u8c6a\uff09\u5efa\u9020\u522b\u5885\uff0c\u4ece\u4e3b\u8981\u57ce\u5e02\u4e2d\u5fc3\u4e58\u706b\u8f66\u5373\u53ef\u5230\u8fbe\uff0c\u751a\u81f3\u53ef\u4ee5\u7ecf\u8036\u83b1\u5c3c\u4e9a\u53e4\u62c9\u4e58\u5750\u65e9\u671f\u6c49\u838e\u822a\u7a7a\u7684\u822a\u7ebf\u5230\u8fbe\u3002<\/p>\n<p>\u65e9\u5728\u6ed1\u96ea\u51fa\u73b0\u4e4b\u524d\uff0c\u96ea\u6a47\u5c31\u5df2\u5360\u636e\u4e86\u5f53\u5730\u4eba\u7684\u60f3\u8c61\u30021817 \u5e74\uff0c\u5965\u53e4\u65af\u7279\u00b7\u5185\u5fb7\u54c8\u7279\u00b7\u51af\u00b7\u683c\u5948\u68ee\u7459 (August Neidhardt von Gneisenau) \u8bb0\u5f55\u4e86\u4ece\u6ce2\u6885\u5179\u5c3c\u5e03\u8fea (Pomezn\u00ed boudy) \u5230\u79d1\u74e6\u96f7 (Kowary) \u7684\u5341\u516c\u91cc\u4e0b\u5761\u3002\u5230 19 \u4e16\u7eaa\u672b\uff0c\u4e24\u79cd\u96ea\u6a47\u2014\u2014\u575a\u56fa\u7684\u6728\u6750\u7275\u5f15\u8f66\u548c\u7075\u6d3b\u7684\u201cHitsch&#039;n\u201d\u2014\u2014\u6210\u4e3a\u4e86\u7ade\u8d5b\u7684\u5947\u89c2\uff1b1900 \u5e74\u5de6\u53f3\uff0c\u7edf\u8ba1\u51fa\u6295\u5165\u4f7f\u7528\u7684\u957f\u6ed1\u884c\u96ea\u6a47\u63a5\u8fd1 4,000 \u8f86\uff0c\u8fd0\u52a8\u578b\u96ea\u6a47\u63a5\u8fd1 6,000 \u8f86\u3002\u5317\u6b27\u6ed1\u96ea\u8fd0\u52a8\u662f\u5728 1891 \u5e74\u5f17\u91cc\u4e54\u592b\u00b7\u5357\u68ee (Fridtjof Nansen) \u7684\u683c\u9675\u5170\u63a2\u9669\u8bb0\u88ab\u8bd1\u6210\u5fb7\u8bed\u540e\u4f20\u5165\u8fd9\u91cc\u7684\u3002\u540c\u5e74\uff0c\u7b2c\u4e00\u5bb6\u5965\u5308\u5e1d\u56fd\u6ed1\u96ea\u5de5\u5382\u5728\u59c6\u62c9\u4ee3\u5e03\u57fa (Mlad\u00e9 Buky) \u5f00\u4e1a\u30021892-93 \u5e74\u51ac\u5929\uff0c\u5728\u62a4\u6797\u5458\u3001\u6559\u5e08\u548c\u4e3a\u8d2b\u56f0\u6ed1\u96ea\u8005\u63d0\u4f9b\u57fa\u7840\u8bbe\u65bd\u548c\u88c5\u5907\u7684\u5de5\u4e1a\u8d5e\u52a9\u4eba\u7684\u5e2e\u52a9\u4e0b\uff0c\u9996\u6b21\u6709\u8bb0\u5f55\u5730\u7528\u6ed1\u96ea\u677f\u7a7f\u8d8a\u4e3b\u5c71\u810a\u3002<\/p>\n<p>\u4e16\u7eaa\u4e4b\u4ea4\uff0c\u4f17\u591a\u6ed1\u96ea\u4ff1\u4e50\u90e8\u5e94\u8fd0\u800c\u751f\u3002\u503c\u5f97\u6ce8\u610f\u7684\u662f\uff0c\u5965\u5730\u5229\u6ed1\u96ea\u8054\u5408\u4f1a\uff08\u00d6SV\uff09\u7684\u5341\u4e8c\u4e2a\u521b\u59cb\u6210\u5458\u4e2d\u6709\u4e94\u4e2a\u90fd\u4f4d\u4e8e\u5de8\u4eba\u5c71\u533a\u3002\u5f17\u5c14\u8d6b\u62c9\u6bd4\uff08\u970d\u6069\u5185\u5c14\u8d1d\uff09\u662f\u00d6SV\u6210\u7acb\u6700\u521d\u4e09\u5e74\u7684\u603b\u90e8\u6240\u5728\u5730\uff0c\u5176\u9996\u4efb\u4e3b\u5e2d\u5409\u591a\u00b7\u7f57\u7279\uff08Guido Rotter\uff09\u5c31\u6765\u81ea\u5c71\u533a\u3002\u5728\u897f\u91cc\u897f\u4e9a\u5730\u533a\uff0c\u4ff1\u4e50\u90e8\u96b6\u5c5e\u4e8e\u5fb7\u56fd\u6ed1\u96ea\u534f\u4f1a\uff08DSV\uff09\u3002\u7b2c\u4e00\u6b21\u4e16\u754c\u5927\u6218\u548c\u6377\u514b\u65af\u6d1b\u4f10\u514b\u5efa\u56fd\u540e\uff0c\u5fb7\u8bed\u4ff1\u4e50\u90e8\u52a0\u5165\u4e86HDW\uff0c\u800c\u6377\u514b\u56e2\u4f53\u5219\u7ec4\u5efa\u4e86Svaz ly\u017ea\u0159\u016f\u3002\u8be5\u5730\u533a\u4e3e\u529e\u4e86\u5317\u6b27\u4e24\u9879\u3001\u8df3\u53f0\u6ed1\u96ea\u548c\u96ea\u6a47\u7b49\u56fd\u5185\u548c\u56fd\u9645\u6bd4\u8d5b\uff1b\u9a6c\u4e01\u548c\u5f17\u91cc\u5fb7\u5c14\u00b7\u8482\u7b56\u7b49\u5f53\u5730\u8fd0\u52a8\u5458\u66fe\u83b7\u5f97\u6b27\u6d32\u96ea\u6a47\u51a0\u519b\u3002<\/p>\n<p>\u4e00\u6761\u6807\u8bb0\u6e05\u6670\u7684\u6b65\u9053\u2014\u2014\u6ce2\u5170-\u6377\u514b\u53cb\u8c0a\u6b65\u9053\u2014\u2014\u6cbf\u7740\u4e3b\u5c71\u810a\uff0c\u5728\u65af\u96f7\u5c3c\u5bdf\uff08Szrenica\uff09\u548c\u5965\u514b\u62c9\u4f0a\u5c71\u53e3\uff08Okraj Pass\uff0cPomezn\u00ed boudy\uff09\u4e4b\u95f4\u5ef6\u4f38\u7ea630\u516c\u91cc\u3002\u8be5\u6b65\u9053\u96be\u5ea6\u9002\u4e2d\uff0c\u4e0e\u51ac\u5b63\u6ed1\u96ea\u8def\u7ebf\u5171\u4eab\u8def\u6bb5\uff0c\u4e24\u4e09\u5929\u5373\u53ef\u5b8c\u6210\u3002\u6e38\u5ba2\u53ef\u5728\u5386\u53f2\u60a0\u4e45\u7684\u6728\u5c4b\u6216\u6307\u5b9a\u7684\u9732\u8425\u5730\u8fc7\u591c\uff0c\u4f46\u516c\u56ed\u5185\u4ecd\u7136\u7981\u6b62\u9732\u8425\u3002\u9664\u4e86\u5c71\u810a\u5f92\u6b65\u4e4b\u5916\uff0c\u6570\u767e\u516c\u91cc\u7684\u4f4e\u6d77\u62d4\u8def\u5f84\u4e5f\u9002\u5408\u4e00\u65e5\u5f92\u6b65\u3002\u8be5\u5c71\u8109\u7684\u81ea\u884c\u8f66\u9053\u7f51\u7edc\u7531\u5929\u7136\u7684\u5355\u884c\u9053\u548c\u5bcc\u6709\u6311\u6218\u6027\u7684\u4e0b\u5761\u8def\u7ebf\u7ec4\u6210\uff0c\u873f\u8712\u7a7f\u8fc7\u68ee\u6797\u3001\u8349\u5730\u548c\u6613\u5317\u6cb3\u6c34\u5e93\u3002\u6c34\u5e93\u8fd8\u8bbe\u6709\u5212\u8239\u3001\u9493\u9c7c\u3001\u7f51\u7403\u548c\u58c1\u7403\u8bbe\u65bd\u3002<\/p>\n<p>\u8fd9\u5ea7\u5c71\u8109\u7684\u6587\u5316\u7279\u5f81\u4e0e\u9c81\u8d1d\u624e\u5c14\uff08R\u00fcbezahl\uff09\u7684\u4f20\u8bf4\u5bc6\u4e0d\u53ef\u5206\u2014\u2014\u6377\u514b\u8bed\u4e2d\u88ab\u79f0\u4e3a\u514b\u62c9\u79d1\u8bfa\u4ec0\uff08Krakono\u0161\uff09\uff0c\u6ce2\u5170\u8bed\u4e2d\u88ab\u79f0\u4e3a\u5229\u5947\u6cfd\u5e15\uff08Liczyrzepa\uff09\u3002\u9c81\u8d1d\u624e\u5c14\u662f\u5f53\u5730\u4f20\u8bf4\u4e2d\u53cd\u590d\u65e0\u5e38\u7684\u7cbe\u7075\u3002\u4ed6\u7684\u5f62\u8c61\u88c5\u9970\u7740\u8def\u6807\u3001\u7eaa\u5ff5\u54c1\uff0c\u751a\u81f3\u73b0\u4ee3\u7684\u6b65\u9053\u3002\u5728\u6587\u5b66\u9886\u57df\uff0c\u8fd9\u5ea7\u5c71\u8109\u4e3a\u5f17\u91cc\u5fb7\u91cc\u5e0c\u00b7\u5fb7\u00b7\u62c9\u00b7\u83ab\u7279\u00b7\u5bcc\u51ef\uff08Friedrich de la Motte Fouqu\u00e9\uff09\u7684\u4e2d\u7bc7\u5c0f\u8bf4\u300a\u5de8\u5c71\u7684\u7267\u7f8a\u4eba\u300b\uff08Der Hirt des Riesengeb\u00fcrgs\uff09\u63d0\u4f9b\u4e86\u80cc\u666f\uff0c\u5f70\u663e\u4e86\u5b83\u5728\u5fb7\u56fd\u6d6a\u6f2b\u4e3b\u4e49\u60f3\u8c61\u529b\u4e2d\u7559\u4e0b\u7684\u6301\u4e45\u5370\u8bb0\u3002<\/p>\n<p>\u4e58\u5750\u5df4\u58eb\u3001\u94c1\u8def\u6216\u79c1\u5bb6\u8f66\u53ef\u4ee5\u524d\u5f80\u91d1\u8272\u548c\u73ab\u7470\u8272\u8c03\u7684\u738b\u56fd\u3002\u4ece\u5e03\u62c9\u683c\u5207\u5c14\u5c3c\u83ab\u65af\u7279\u706b\u8f66\u7ad9\u51fa\u53d1\u7684\u76f4\u8fbe\u5df4\u58eb\u53ef\u524d\u5f80\u54c8\u62c9\u970d\u592b\u3001\u4ec0\u5e73\u5fb7\u83b1\u9c81\u592b\u59c6\u6797\u548c\u626c\u65af\u51ef\u77ff\u6cc9\u57ce\uff0c\u7968\u4ef7\u7ea6\u4e3a 200 \u6377\u514b\u514b\u6717\uff0c\u884c\u7a0b\u65f6\u95f4\u7ea6 3 \u5c0f\u65f6\u3002\u6377\u514b\u94c1\u8def\u6bcf\u5c0f\u65f6\u4e00\u73ed\u4ece\u54c8\u62c9\u970d\u592b\u53d1\u5f80\u5229\u8d1d\u96f7\u8328\u3001\u5766\u74e6\u5c14\u5fb7\u548c\u65af\u514b\u62c9\u65af\u5361\u6ce2\u4f26\u5df4\uff0c\u4ece\u5e03\u62c9\u683c\u51fa\u53d1\u7684\u7279\u5feb\u5217\u8f66\u8fd0\u884c\u65f6\u95f4\u4e3a 07:25 \u548c 13:25\u3002 Rokytnice nad Jizerou \u4ec5\u63d0\u4f9b\u5468\u672b\u670d\u52a1\uff0c\u800c Pec pod Sn\u011b\u017ekou \u548c \u0160pindler\u016fv Ml\u00fdn \u5219\u9700\u8981\u4ece Trutnov \u6216 Vrchlab\u00ed \u6362\u4e58\u5df4\u58eb\u3002\u67d0\u4e9b\u9ad8\u6d77\u62d4\u8def\u7ebf\u9700\u8981\u83b7\u5f97\u9053\u8def\u901a\u884c\u8bb8\u53ef\uff1b\u4ece\u6ce2\u5170\u873f\u8712\u7684\u6500\u767b\u53ef\u4ee5\u770b\u5230\u5168\u666f\u3002<\/p>\n<p>\u8fdb\u5165\u6377\u514b\u7684\u4fdd\u62a4\u533a\u662f\u514d\u8d39\u7684\uff1b\u4f46\u662f\uff0c\u5fc5\u987b\u4e25\u683c\u9075\u5b88\u6807\u8bb0\u7684\u8def\u5f84\uff0c\u7279\u522b\u662f\u5728\u91ce\u751f\u52a8\u7269\u7e41\u6b96\u5b63\u8282\u3002\u6ce2\u5170\u514b\u5c14\u79d1\u8bfa\u8c22\u5c71\u56fd\u5bb6\u516c\u56ed\u5bf9\u67d0\u4e9b\u533a\u57df\u6536\u53d6\u5165\u573a\u8d39\uff0c\u4f46\u6cbf\u4e3b\u5c71\u810a\u8def\u5f84\u901a\u884c\u514d\u8d39\u3002\u8d8a\u91ce\u8f66\u5728\u4e3b\u8981\u9053\u8def\u4e4b\u5916\u4ecd\u7136\u88ab\u7981\u6b62\uff0c\u4ee5\u4fdd\u62a4\u8106\u5f31\u7684\u571f\u58e4\u548c\u52a8\u7269\u3002\u5728\u516c\u4ea4\u7f51\u7edc\u5185\uff0c\u8def\u7ebf\u9002\u5408\u5f92\u6b65\u65c5\u884c\u8005\u548c\u9a91\u81ea\u884c\u8f66\u7684\u4eba\u2014\u20141 \u53f7\u8def\u7ebf\uff08\u7ea2\u8272\uff09\u6bcf\u5929\u4e24\u73ed\u8fde\u63a5\u54c8\u62c9\u970d\u592b\u3001\u626c\u65af\u51ef\u6e29\u6cc9\u5e02\u3001\u4f69\u5947\u6ce2\u5fb7\u65af\u6d85\u65e5\u5e93\u548c\u6ce2\u6885\u5179\u5c3c\u5e03\u8fea\uff0c\u65b9\u4fbf\u643a\u5e26\u6eda\u52a8\u884c\u674e\u8fdb\u884c\u70b9\u5bf9\u70b9\u5f92\u6b65\u65c5\u884c\u3002\u7f06\u8f66\u2014\u2014\u4ece\u4f69\u5947\u5230\u65af\u6d85\u65e5\u5361\uff0c\u4ece\u626c\u65af\u51ef\u6e29\u6cc9\u5e02\u5230\u5207\u5c14\u7eb3\u970d\u62c9\u548c\u4f69\u5947\u7684 Hn\u011bd\u00fd Vrch\u2014\u2014\u63d0\u4f9b\u4e86\u8270\u82e6\u6500\u767b\u7684\u66ff\u4ee3\u65b9\u6848\uff0c\u590f\u5b63\u548c\u51ac\u5b63\u90fd\u6709\u8fd0\u8425\uff0c\u7968\u4ef7\u5b9a\u671f\u66f4\u65b0\u3002<\/p>\n<p>\u5de8\u4eba\u5c71\u8109\u5448\u73b0\u51fa\u4e00\u79cd\u5bf9\u6bd4\u9c9c\u660e\u7684\u666f\u8c61\uff1a\u4ece\u98ce\u8680\u7684\u5c71\u810a\u548c\u539a\u539a\u7684\u79ef\u96ea\uff0c\u5230\u873f\u8712\u7684\u6cb3\u6d41\u548c\u82b1\u5c97\u5ca9\u9732\u5934\uff1b\u4ece\u53e4\u8001\u7684\u4f20\u8bf4\u5230\u73b0\u4ee3\u7684\u6ed1\u96ea\u9053\u3002\u8fd9\u4e9b\u5c71\u8109\u7684\u4fdd\u62a4\u533a\u5730\u4f4d\u3001\u60a0\u4e45\u7684\u5386\u53f2\u4ee5\u53ca\u4e30\u5bcc\u591a\u5f69\u7684\u4f11\u95f2\u6d3b\u52a8\uff0c\u4f7f\u5b83\u4eec\u6210\u4e3a\u4e2d\u6b27\u6700\u7ecf\u4e45\u4e0d\u8870\u7684\u5c71\u5730\u65c5\u6e38\u76ee\u7684\u5730\u4e4b\u4e00\uff0c\u6bcf\u4e2a\u5b63\u8282\u90fd\u5145\u6ee1\u7740\u6c89\u601d\u4e0e\u6311\u6218\u3002<\/p>","protected":false},"excerpt":{"rendered":"<p>\u5de8\u4eba\u5c71\u8109\uff08\u6377\u514b\u8bed\u79f0\u4e3a\u514b\u5c14\u79d1\u8bfa\u8c22\uff0c\u6ce2\u5170\u8bed\u79f0\u4e3a\u514b\u5c14\u79d1\u8bfa\u8c22\uff09\u662f\u6377\u514b\u5171\u548c\u56fd\u548c\u6ce2\u5170\u8fb9\u5883\u7684\u4e00\u6761\u8457\u540d\u5c71\u8109\u3002\u8fd9\u5ea7\u8457\u540d\u7684\u5730\u8d28\u6784\u9020\u4e0e\u6ce2\u5e0c\u7c73\u4e9a\u5730\u5757\u5e7f\u9614\u7684\u82cf\u53f0\u5fb7\u5c71\u8109\u878d\u4e3a\u4e00\u4f53\uff0c\u62e5\u6709\u7ea63\u4e07\u540d\u6c38\u4e45\u5c45\u6c11\uff0c\u5206\u5e03\u5728\u5176\u5c71\u8c37\u548c\u5c71\u9e93\u7684\u51e0\u4e2a\u57ce\u9547\u548c\u6751\u5e84\u3002\u5c71\u8109\u5360\u5730\u9762\u79ef\u7ea6650\u5e73\u65b9\u516c\u91cc\uff0c\u6700\u9ad8\u5cf0\u65af\u6d85\u65e5\u5361\u5cf0\uff08\u6ce2\u5170\u8bed\u79f0\u4e3a\u015anie\u017cka\uff09\u6d77\u62d41603\u7c73\uff085259\u82f1\u5c3a\uff09\uff0c\u662f\u6377\u514b\u5171\u548c\u56fd\u7684\u6700\u9ad8\u5cf0\u3002<\/p>","protected":false},"author":1,"featured_media":3588,"parent":14322,"menu_order":0,"comment_status":"closed","ping_status":"closed","template":"elementor_theme","meta":{"_eb_attr":"","footnotes":""},"class_list":["post-14328","page","type-page","status-publish","has-post-thumbnail"],"_links":{"self":[{"href":"https:\/\/travelshelper.com\/zh\/wp-json\/wp\/v2\/pages\/14328","targetHints":{"allow":["GET"]}}],"collection":[{"href":"https:\/\/travelshelper.com\/zh\/wp-json\/wp\/v2\/pages"}],"about":[{"href":"https:\/\/travelshelper.com\/zh\/wp-json\/wp\/v2\/types\/page"}],"author":[{"embeddable":true,"href":"https:\/\/travelshelper.com\/zh\/wp-json\/wp\/v2\/users\/1"}],"replies":[{"embeddable":true,"href":"https:\/\/travelshelper.com\/zh\/wp-json\/wp\/v2\/comments?post=14328"}],"version-history":[{"count":0,"href":"https:\/\/travelshelper.com\/zh\/wp-json\/wp\/v2\/pages\/14328\/revisions"}],"up":[{"embeddable":true,"href":"https:\/\/travelshelper.com\/zh\/wp-json\/wp\/v2\/pages\/14322"}],"wp:featuredmedia":[{"embeddable":true,"href":"https:\/\/travelshelper.com\/zh\/wp-json\/wp\/v2\/media\/3588"}],"wp:attachment":[{"href":"https:\/\/travelshelper.com\/zh\/wp-json\/wp\/v2\/media?parent=14328"}],"curies":[{"name":"wp","href":"https:\/\/api.w.org\/{rel}","templated":true}]}}