{"id":13318,"date":"2024-09-17T16:05:30","date_gmt":"2024-09-17T16:05:30","guid":{"rendered":"https:\/\/travelshelper.com\/staging\/?page_id=13318"},"modified":"2026-03-12T22:41:53","modified_gmt":"2026-03-12T22:41:53","slug":"%e7%89%b9%e4%bc%a6%e9%92%a6","status":"publish","type":"page","link":"https:\/\/travelshelper.com\/zh\/destinations\/europe\/slovakia\/trencin\/","title":{"rendered":"\u7279\u4f26\u94a6"},"content":{"rendered":"<p>\u7279\u4f26\u94a6\u662f\u4e00\u5ea7\u5386\u53f2\u60a0\u4e45\u7684\u57ce\u5e02\uff0c\u7ea6\u6709 54,107 \u540d\u5c45\u6c11\uff0c\u5360\u5730\u9762\u79ef\u7ea6 82 \u5e73\u65b9\u516c\u91cc\uff0c\u6a2a\u8de8\u65af\u6d1b\u4f10\u514b\u897f\u5317\u90e8\u5341\u4e2a\u5730\u7c4d\u5730\u533a\u3002\u5b83\u4f4d\u4e8e\u5e03\u62c9\u8fea\u65af\u62c9\u53d1\u4e1c\u5317\u7ea6 120 \u516c\u91cc\u5904\uff0c\u5730\u5904\u6ce2\u74e6\u65e5\u4e2d\u90e8\u5730\u533a\u4e2d\u5fc3\uff0c\u5360\u636e\u74e6\u8d6b\u6cb3\u7684\u4e00\u4e2a\u6218\u7565\u6027\u62d0\u5f2f\u5904\uff0c\u90a3\u91cc\u7684\u5ca9\u77f3\u6d77\u89d2\u66fe\u7ecf\u73af\u62b1\u7740\u4e00\u6761\u53e4\u8001\u7684\u6cb3\u5e8a\u3002\u4f5c\u4e3a\u7279\u4f26\u94a6\u5730\u533a\uff08\u65af\u6d1b\u4f10\u514b\u516b\u4e2a\u5730\u533a\u4e4b\u4e00\uff09\u7684\u884c\u653f\u9996\u5e9c\uff0c\u5b83\u652f\u6491\u7740\u4ece\u6d85\u59c6\u7ecd\u74e6\u5230\u4f0a\u62c9\u74e6\u5411\u4e1c\u5317\u5ef6\u4f38 20 \u516c\u91cc\u7684\u8fde\u7eed\u57ce\u5e02\u805a\u843d\u3002\u4f5c\u4e3a\u5546\u4e1a\u3001\u6587\u5316\u3001\u4f53\u80b2\u548c\u65f6\u5c1a\u4e2d\u5fc3\uff0c\u7279\u4f26\u94a6\u56f4\u7ed5\u7740\u5176\u5b8f\u4f1f\u7684\u57ce\u5821\u53d1\u5c55\u8d77\u6765\uff0c\u5c06\u7f57\u9a6c\u9057\u4ea7\u3001\u4e2d\u4e16\u7eaa\u9632\u5fa1\u5de5\u4e8b\u3001\u5df4\u6d1b\u514b\u5f0f\u5efa\u7b51\u548c\u73b0\u4ee3\u57fa\u7840\u8bbe\u65bd\u4ea4\u7ec7\u6210\u4e00\u4e2a\u7d27\u5bc6\u7ed3\u5408\u7684\u57ce\u5e02\u7ed3\u6784\u3002<\/p>\n<p>\u4ece\u5580\u5c14\u5df4\u9621\u5c71\u8109\u897f\u9e93\u7684\u9ad8\u5730\u5230\u74e6\u8d6b\u6cb3\u7684\u5357\u5317\u8f74\u7ebf\uff0c\u7279\u4f26\u94a6\u7684\u5730\u7406\u73af\u5883\u5851\u9020\u4e86\u57ce\u5e02\u751f\u6d3b\u7684\u65b9\u65b9\u9762\u9762\u3002\u65af\u6d1b\u4f10\u514b\u6700\u957f\u7684\u6cb3\u6d41\u74e6\u8d6b\u6cb3\u5c06\u5b9a\u5c45\u70b9\u4e00\u5206\u4e3a\u4e8c\uff0c\u5728\u5386\u53f2\u4e2d\u5fc3\u4e0a\u65b9\u65af\u5361\u5c14\u5361\u53d1\u7535\u5382\u9644\u8fd1\u6c47\u5165\u8bfa\u897f\u57fa\u8fd0\u6cb3\uff0c\u7136\u540e\u4e0e\u6bd4\u65af\u5e93\u76ae\u8328\u57fa\u8fd0\u6cb3\u5206\u9053\u800c\u884c\u3002\u5728\u897f\u970d\u7279\u533a\uff0c\u7279\u666e\u5229\u5947\u5361\u6cb3\u873f\u8712\u6d41\u7ecf\u8bfa\u897f\u57fa\u6c34\u9053\uff0c\u5965\u5e15\u6258\u592b\u65af\u57fa\u6cb3\u548c\u5e93\u5e03\u5170\u65af\u57fa\u6cb3\u7b49\u652f\u6d41\u4e3a\u5176\u6ce8\u5165\u6c34\u6e90\u3002\u5965\u5217\u970d\u592b\u65af\u57fa\u6cb3\u4ece\u4e1c\u90e8\u6c47\u5165\u74e6\u8d6b\u6cb3\uff0c\u800c\u5179\u62c9\u6258\u592b\u65af\u57fa\u6cb3\u5219\u5728\u897f\u90e8\u4e0e\u57ce\u5e02\u8fb9\u7f18\u4e0b\u65b9\u7684\u5fb7\u91cc\u6258\u7c73\u5bdf\u6cb3\u6c47\u5408\u3002\u6cbf\u7740\u5357\u90e8\u8fb9\u7f18\uff0c\u62c9\u7ef4\u5947\u79d1\u7ef4\u6cb3\u7a7f\u8fc7\u7d22\u5e03\u62c9\u970d\u592b\u65af\u57fa\u7684\u5730\u5f62\uff0c\u52fe\u52d2\u51fa\u57ce\u5e02\u5efa\u6210\u73af\u5883\u7684\u8fb9\u7f18\u3002\u5373\u4f7f\u662f\u4ece Kozieho vrch \u5730\u5757\u4e0b\u7684\u624e\u5e03\u62c9\u5c3c (Z\u00e1brani) \u51fa\u53d1\u7684\u666e\u901a\u6c34\u9053\u4e5f\u80fd\u6d41\u5165\u9521\u970d\u7279\u56db\u53f7 (Sihot IV) \u9644\u8fd1\u7684\u7279\u666e\u5229\u5947\u5361 (Tepli\u010dka)\u3002<\/p>\n<p>\u8fd9\u4e9b\u6c34\u9053\u52fe\u52d2\u51fa\u57ce\u5e02\u7684\u5f62\u6001\uff0c\u800c\u5468\u56f4\u7684\u9ad8\u5730\u5219\u5b9a\u4e49\u4e86\u5b83\u7684\u8f6e\u5ed3\u3002\u7279\u4f26\u94a6\u5750\u843d\u4e8e\u767d\u5580\u5c14\u5df4\u9621\u5c71\u8109\u897f\u9e93\u4e0e\u6ce2\u74e6\u65e5\u65af\u57fa\u4f0a\u8bfa\u97e6\u8328\u5c71\u548c\u65af\u7279\u62c9\u4f50\u592b\u65af\u57fa\u5c71\u4e1c\u90e8\u4e4b\u95f4\u3002\u5728\u79d1\u9f50\u970d\u5c71\u2014\u2014\u4e00\u5ea7\u66fe\u4e00\u5ea6\u963b\u788d\u4ea4\u901a\u7684363\u7c73\u9ad8\u7684\u5c71\u2014\u2014\u7684\u5c71\u5dc5\u4e4b\u4e0b\uff0c\u5750\u843d\u7740\u5e03\u96f7\u9f50\u7eb3\u68ee\u6797\u516c\u56ed\uff0c\u5176\u6811\u6728\u7e41\u8302\u7684\u5c71\u5761\u7f13\u548c\u4e86\u57ce\u5e02\u7f51\u683c\u7684\u683c\u5c40\u3002\u5c71\u4e18\u7684\u5b58\u5728\u8d4b\u4e88\u4e86\u57ce\u5e02\u4e0d\u89c4\u5219\u7684\u5730\u5f62\uff0c\u62c9\u957f\u4e86\u4ea4\u901a\u8def\u7ebf\uff0c\u5e76\u5c06\u5f00\u53d1\u9650\u5236\u5728\u5c71\u810a\u548c\u6cb3\u5cb8\u4e4b\u95f4\u4e0d\u89c4\u5219\u7684\u7a7a\u5730\u4e0a\u3002\u5728\u8fd9\u6837\u7684\u73af\u5883\u4e2d\uff0c\u5efa\u7b51\u7a7a\u95f4\u4e0e\u7eff\u8272\u8d70\u5eca\u4ea4\u9519\uff0c\u4ece\u591a\u4e2a\u6709\u5229\u4f4d\u7f6e\u4fdd\u7559\u4e86\u6b23\u8d4f\u57ce\u5821\u5ca9\u77f3\u7684\u89c6\u91ce\u3002<\/p>\n<p>\u7279\u4f26\u94a6\u57ce\u5821\u77d7\u7acb\u4e8e\u5ca9\u77f3\u5ced\u58c1\u4e4b\u4e0a\uff0c\u5360\u636e\u7740\u8fd9\u5ea7\u57ce\u5e02\u6700\u5177\u6807\u5fd7\u6027\u7684\u4f4d\u7f6e\u3002\u81ea\u5341\u4e09\u4e16\u7eaa\u6269\u5efa\u4ee5\u6765\uff0c\u8fd9\u5ea7\u8981\u585e\u89c1\u8bc1\u4e86\u8d35\u65cf\u5bb6\u65cf\u548c\u541b\u4e3b\u7684\u7edf\u6cbb\uff0c\u4ece\u9a6c\u56fe\u4ec0\u00b7\u6070\u514b\u00b7\u7279\u4f26\u94a6\u65af\u57fa\u5230\u5362\u591a\u7ef4\u7279\u5927\u5e1d\u3001\u5362\u68ee\u5821\u7684\u65e5\u683c\u8499\u5fb7\u3001\u624e\u6ce2\u65af\u57fa\u5144\u5f1f\uff0c\u4ee5\u53ca1600\u5e74\u540e\u7684\u4f0a\u83b1\u6c99\u9f50\u5bb6\u65cf\u30021790\u5e74\u7684\u4e00\u573a\u5927\u706b\u5c06\u57ce\u5821\u5efa\u7b51\u7fa4\u7684\u90e8\u5206\u533a\u57df\u70e7\u6210\u5e9f\u589f\uff0c\u76f4\u52301955\u5e74\u624d\u5f00\u59cb\u8fdb\u884c\u7cfb\u7edf\u7684\u4fdd\u62a4\u548c\u91cd\u5efa\u30022003\u5e743\u67087\u65e5\uff0c\u897f\u4fa7\u9632\u5fa1\u5de5\u4e8b\u7684\u4e00\u90e8\u5206\u5012\u584c\uff0c\u518d\u6b21\u906d\u53d7\u8003\u9a8c\u3002\u5728\u57ce\u5821\u4e4b\u4e0b\uff0c\u5e02\u4e2d\u5fc3\u7b3c\u7f69\u5728\u9634\u5f71\u4e4b\u4e2d\uff0c\u8857\u9053\u873f\u8712\u73af\u7ed5\u7740\u6614\u65e5\u7684\u6cb3\u5e8a\uff0c\u5982\u4eca\u4e00\u6761\u73b0\u4ee3\u5316\u7684\u5927\u9053\u6a2a\u8de8\u5176\u4e0a\u3002<\/p>\n<p>\u5821\u5792\u4e0b\u65b9\uff0c\u4e00\u6761\u54e5\u7279\u5f0f\u697c\u68af\u4ece\u5e7f\u573a\u873f\u8712\u800c\u4e0a\uff0c\u901a\u5f80\u6559\u533a\u6559\u5802\u548c\u76f8\u90bb\u7684\u9632\u5fa1\u5de5\u4e8b\u3002\u8fd9\u4e9b\u201c\u6559\u533a\u697c\u68af\u201d\u5efa\u4e8e1568\u5e74\uff0c\u65e8\u5728\u65b9\u4fbf\u5b88\u519b\u5728\u57ce\u5899\u548c\u51e0\u5e74\u524d\u5efa\u9020\u7684\u519b\u68b0\u5e93\u4e4b\u95f4\u901a\u884c\u30021708\u5e74\uff0c\u5b83\u906d\u53d7\u4e86\u4e00\u573a\u5927\u706b\uff0c\u5e76\u4e8e1978\u5e74\u81f31981\u5e74\u95f4\u4fee\u590d\u81f3\u5982\u4eca\u7684\u6a21\u6837\u3002\u697c\u68af\u7684\u62f1\u5f62\u9876\u7bf7\u906e\u853d\u7740\u671d\u5723\u8005\uff0c\u4e5f\u4e3a\u671d\u5723\u8005\u7684\u76ee\u5149\u63d0\u4f9b\u4e86\u5e87\u62a4\uff0c\u5c06\u57ce\u5821\u7684\u58ee\u4e3d\u666f\u8272\u5c3d\u6536\u773c\u5e95\u3002<\/p>\n<p>\u5723\u6bcd\u5723\u8bde\u6559\u5802\u77d7\u7acb\u5728\u8001\u57ce\u533a\uff0c\u5176\u5854\u697c\u9ad8\u8038\u4e8e\u72ed\u7a84\u7684\u8857\u9053\u4e4b\u4e0a\u3002\u6559\u5802\u65c1\u8fb9\u77d7\u7acb\u7740\u7279\u4f26\u94a6\u552f\u4e00\u4fdd\u5b58\u5b8c\u597d\u7684\u54e5\u7279\u5f0f\u5efa\u7b51\uff1a\u5723\u7c73\u8fe6\u52d2\u7684\u846c\u793c\u6559\u5802\u548c\u85cf\u9aa8\u5802\uff0c\u5e84\u4e25\u5730\u89c1\u8bc1\u7740\u8fd9\u5ea7\u57ce\u5e02\u4e2d\u4e16\u7eaa\u7684\u8654\u8bda\u3002\u9644\u8fd1\uff0c\u6bd4\u65af\u5e93\u76ae\u91c7\u533a\u7684\u5723\u79d1\u65af\u9a6c\u65af\u548c\u8fbe\u7c73\u5b89\u6559\u5802\u5efa\u4e8e\u5341\u4e09\u4e16\u7eaa\u4e2d\u53f6\uff0c\u5176\u7b80\u6d01\u7684\u7ebf\u6761\u8bc9\u8bf4\u7740\u5982\u4eca\u57ce\u5e02\u8857\u533a\u7684\u4e61\u6751\u8d77\u6e90\u3002<\/p>\n<p>\u5728\u4f17\u591a\u4e2d\u4e16\u7eaa\u57ce\u95e8\u4e2d\uff0c\u4e00\u5ea7\u5b64\u96f6\u96f6\u7684\u57ce\u95e8\u5e78\u5b58\u4e86\u4e0b\u6765\u3002\u5b83\u88ab\u79f0\u4e3a\u4e0b\u57ce\u95e8\uff0c\u6216\u79f0\u571f\u8033\u5176\u57ce\u95e8\uff0c\u62e5\u6709\u4e00\u5ea7\u5c16\u5c16\u7684\u54e5\u7279\u5f0f\u62f1\u95e8\uff0c\u62f1\u95e8\u4e0a\u65b9\u954c\u523b\u7740\u4e24\u884c\u62c9\u4e01\u94ed\u6587\uff0c\u5206\u522b\u5ba3\u544a\u795e\u7075\u548c\u516c\u6c11\u7684\u5e87\u4f51\u3002\u5176\u4e2d\u4e00\u884c\u94ed\u6587\u5199\u9053\uff1a\u201cSi Deus non custodit civitatem, frustra vigilat qui custodit eam\u201d\uff08\u795e\u4e0d\u5b88\u62a4\u516c\u6c11\uff0c\u4e0d\u5b88\u62a4\u516c\u6c11\uff09\u2014\u2014\u8fd9\u53e5\u8b66\u793a\u8bed\u5373\u4f7f\u6700\u8b66\u60d5\u7684\u5b88\u536b\uff0c\u5982\u679c\u6ca1\u6709\u66f4\u9ad8\u7ea7\u522b\u7684\u5b88\u62a4\uff0c\u4e5f\u65e0\u80fd\u4e3a\u529b\u3002\u94ed\u6587\u4e4b\u95f4\u88c5\u9970\u7740\u7279\u4f26\u94a6\u5e02\u7684\u5e02\u5fbd\uff0c\u5f70\u663e\u4e86\u7279\u4f26\u94a6\u7684\u57ce\u5e02\u8eab\u4efd\u3002<\/p>\n<p>\u65e9\u5728\u4e2d\u4e16\u7eaa\u7edf\u6cbb\u8005\u5851\u9020\u7279\u4f26\u94a6\u4e4b\u524d\uff0c\u7f57\u9a6c\u519b\u56e2\u5c31\u66fe\u5728\u8fd9\u91cc\u8fc7\u51ac\u3002\u516c\u5143179\u5e74\uff0c\u4e00\u5757\u523b\u5728\u57ce\u5821\u5ca9\u77f3\u4e0a\u7684\u62c9\u4e01\u94ed\u6587\u6807\u5fd7\u7740\u9a6c\u53ef\u66fc\u5c3c\u6218\u4e89\u6700\u5317\u7aef\u7684\u75d5\u8ff9\uff0c\u5f53\u65f6\u52b3\u52a0\u91cc\u897f\u5965\uff08Laugaricio\uff09\u7684\u8425\u5730\u7ecf\u53d7\u4f4f\u4e86\u4e2d\u6b27\u4e25\u51ac\u7684\u8003\u9a8c\u3002\u8fd9\u5757\u94ed\u6587\u572819\u4e16\u7eaa\u88ab\u91cd\u65b0\u53d1\u73b0\uff0c\u5982\u4eca\u4f4d\u4e8e\u4f0a\u4e3d\u838e\u767d\u9152\u5e97\uff08Hotel Elizabeth\uff09\u540e\u9762\uff0c\u8fd9\u5ea7\u73b0\u4ee3\u5730\u6807\u5efa\u7b51\u4ee5\u66fe\u7ecf\u4e3a\u7687\u540e\u547d\u540d\uff0c\u800c\u9152\u5e97\u6b63\u662f\u4e3a\u7687\u540e\u800c\u5efa\u3002<\/p>\n<p>\u548c\u5e73\u5e7f\u573a\u66fe\u662f\u5bab\u5ef7\u6e38\u884c\u961f\u4f0d\u7684\u805a\u96c6\u5730\uff0c\u5982\u4eca\u77d7\u7acb\u7740\u4e00\u5ea7\u761f\u75ab\u7eaa\u5ff5\u67f1\uff0c\u67f1\u9876\u96d5\u523b\u7740\u5723\u4e09\u4e00\u50cf\u3002\u5b83\u5efa\u4e8e1712\u5e74\uff0c\u7531\u7c73\u5e93\u62c9\u65af\u00b7\u4f0a\u83b1\u4ec0\u54c8\u9f50\u4f2f\u7235\u4e0b\u4ee4\u5efa\u9020\uff0c\u4ee5\u7eaa\u5ff51710\u5e74\u7684\u90a3\u573a\u5927\u761f\u75ab\u3002\u8fd9\u6839\u767d\u8272\u7684\u77f3\u67f1\u8d2f\u7a7f\u5e7f\u573a\u7684\u8f74\u7ebf\uff0c\u65e2\u8c61\u5f81\u7740\u751f\u547d\u7684\u8106\u5f31\uff0c\u4e5f\u8c61\u5f81\u7740\u8fd9\u5ea7\u57ce\u5e02\u7684\u97e7\u6027\u3002<\/p>\n<p>\u4e3b\u5e7f\u573a\u897f\u4fa7\u77d7\u7acb\u7740\u5723\u65b9\u6d4e\u5404\u00b7\u6cfd\u7ef4\u5c14\u76ae\u4e9a\u91cc\u65af\u7279\u6559\u5802\uff0c\u5b83\u66fe\u662f\u8036\u7a23\u4f1a\u7684\u5efa\u7b51\u7269\uff0c\u5176\u5df4\u6d1b\u514b\u98ce\u683c\u7684\u6b63\u9762\u6700\u8fd1\u4e8e2016\u5e745\u6708\u8fdb\u884c\u4e86\u4fee\u590d\u3002\u9644\u8fd1\uff0c\u4e00\u5ea7\u5efa\u4e8e1795\u5e74\u5de6\u53f3\u7684\u798f\u97f3\u6d3e\u6559\u5802\u6807\u5fd7\u7740\u8fd9\u5ea7\u57ce\u5e02\u65e5\u76ca\u589e\u957f\u7684\u5b97\u6559\u591a\u6837\u6027\uff0c\u800c\u5efa\u4e8e1789\u5e74\u7684\u6734\u7d20\u5723\u5b89\u59ae\u6559\u5802\u5219\u5728\u9644\u8fd1\u7684\u5e7f\u573a\u4e0a\u5360\u636e\u7740\u81ea\u5df1\u7684\u4e00\u5e2d\u4e4b\u5730\u30021913\u5e74\uff0c\u72b9\u592a\u793e\u533a\u5728\u4e00\u5ea7\u53e4\u8001\u7684\u6559\u5802\u9057\u5740\u4e0a\u5efa\u9020\u4e86\u4e00\u5ea7\u65b0\u53e4\u5178\u4e3b\u4e49\u98ce\u683c\u7684\u72b9\u592a\u6559\u5802\uff1b\u5982\u4eca\uff0c\u5b83\u6210\u4e3a\u4e86\u4e00\u4e2a\u6587\u5316\u4e2d\u5fc3\uff0c\u4e3e\u529e\u5c55\u89c8\u548c\u97f3\u4e50\u4f1a\uff0c\u8ba9\u4eba\u56de\u60f3\u8d77\u72b9\u592a\u793e\u533a\u66fe\u7ecf\u7684\u6d3b\u529b\u3002\u5728\u9a6c\u56fe\u7ecd\u74e6\u8857\uff0c\u523d\u5b50\u624b\u4e4b\u5bb6\u662f\u4e2d\u4e16\u7eaa\u53f8\u6cd5\u5236\u5ea6\u7684\u7f55\u89c1\u57ce\u5e02\u9057\u8ff9\uff0c\u91cc\u9762\u65e2\u662f\u523d\u5b50\u624b\u7684\u4f4f\u6240\uff0c\u4e5f\u662f\u4e00\u95f4\u4ee4\u4eba\u6bdb\u9aa8\u609a\u7136\u7684\u5211\u8baf\u5ba4\u3002<\/p>\n<p>\u7279\u4f26\u94a6\u5730\u5904\u4ea4\u901a\u8981\u9053\uff0c\u81ea\u7f57\u9a6c\u65f6\u4ee3\u4ee5\u6765\u5c31\u4fc3\u8fdb\u4e86\u8d38\u6613\u53d1\u5c55\u3002\u5b83\u6fd2\u4e34\u6cb3\u6d41\uff0c\u66fe\u65b9\u4fbf\u6728\u6750\u3001\u76d0\u548c\u519c\u4ea7\u54c1\u7684\u987a\u6d41\u8fd0\u8f93\uff0c\u800c\u9646\u8def\u4ea4\u901a\u5219\u5c06\u5176\u4e0e\u5e03\u62c9\u8fea\u65af\u62c9\u53d1\u3001\u65e5\u5229\u7eb3\u53ca\u5176\u4ed6\u5730\u533a\u8fde\u63a5\u8d77\u6765\u3002\u5982\u4eca\uff0c\u8fd9\u5ea7\u57ce\u5e02\u4ecd\u7136\u662f\u5546\u4e1a\u548c\u5de5\u4e1a\u7684\u4e2d\u5fc3\uff0c\u56fd\u5185\u5916\u516c\u53f8\u7684\u603b\u90e8\u548c\u5206\u652f\u673a\u6784\u5747\u8bbe\u4e8e\u6b64\u3002\u65f6\u88c5\u535a\u89c8\u4f1a\u7684\u8d77\u6e90\u53ef\u4ee5\u8ffd\u6eaf\u5230\u65e9\u671f\u5728\u57ce\u5821\u5ead\u9662\u4e3e\u529e\u7684\u5c55\u89c8\uff1b\u7279\u4f26\u94a6\u4f5c\u4e3a\u670d\u88c5\u5c55\u793a\u4e2d\u5fc3\u7684\u58f0\u8a89\uff0c\u5728\u5438\u5f15\u8bbe\u8ba1\u5e08\u548c\u4e70\u5bb6\u524d\u5f80\u8857\u5934\u7684\u5b63\u8282\u6027\u6d3b\u52a8\u4e2d\u5f97\u4ee5\u5ef6\u7eed\u3002<\/p>\n<p>\u4f5c\u4e3a\u65af\u6d1b\u4f10\u514b\u4eba\u53e3\u7b2c\u516b\u5927\u57ce\u5e02\uff0c\u7279\u4f26\u94a6\u7ba1\u8f96\u4e5d\u4e2a\u5468\u8fb9\u5730\u533a\uff1a\u8d1d\u5e03\u62c9\u6c83\u6cb3\u7554\u5df4\u8bfa\u592b\u91c7\u3001\u4f0a\u62c9\u74e6\u3001\u7c73\u4e9a\u74e6\u3001\u74e6\u970d\u59c6\u6cb3\u7554\u65b0\u6885\u65af\u6258\u3001\u6e38\u51fb\u961f\u3001\u6ce2\u74e6\u65e5\u65af\u5361\u6bd4\u65af\u7279\u91cc\u5bdf\u3001\u666e\u5217\u7ef4\u624e\u3001\u666e\u970d\u592b\u548c\u7279\u4f26\u94a6\u672c\u8eab\uff0c\u63d0\u4f9b\u533a\u57df\u6cbb\u7406\u548c\u670d\u52a1\u3002\u5b83\u81ea\u5df1\u7684\u57ce\u5e02\u7fa4\u6cbf\u7740\u74e6\u8d6b\u6cb3\u5411\u4e1c\u5317\u5ef6\u4f38\uff0c\u5305\u62ec\u5185\u59c6\u7ecd\u74e6\u3001\u7279\u4f26\u94a6\u65af\u514b\u7279\u666e\u5229\u91c7\u3001\u65b0\u675c\u5e03\u5c3c\u5bdf\u3001\u74e6\u970d\u59c6\u6cb3\u7554\u675c\u5e03\u5c3c\u5bdf\u548c\u4f0a\u62c9\u74e6\u7b49\u57ce\u9547\u3002\u8fd9\u6761\u8fde\u7eed\u7684\u57ce\u5e02\u5316\u8d70\u5eca\u4f53\u73b0\u4e86\u6ce2\u74e6\u9f50\u5730\u533a\u4e2d\u90e8\u7684\u53d1\u5c55\uff0c\u5de5\u4e1a\u533a\u548c\u4f4f\u5b85\u533a\u4e0e\u5927\u7247\u68ee\u6797\u548c\u519c\u7530\u4ea4\u7ec7\u5728\u4e00\u8d77\u3002<\/p>\n<p>\u94c1\u8def\u4ea4\u901a\u8fde\u63a5\u7279\u4f26\u94a6\u4e0e\u5e03\u62c9\u8fea\u65af\u62c9\u53d1\u548c\u65e5\u5229\u7eb3\uff08120\u53f7\u7ebf\uff0c\u5df2\u5b8c\u6210\u73b0\u4ee3\u5316\u6539\u9020\uff09\uff0c\u4ee5\u53ca\u4e0e\u5947\u8bfa\u62c9\u5c3c\uff08143\u53f7\u7ebf\uff09\u7684\u94c1\u8def\u8fde\u63a5\u30022017\u5e74\uff0c\u4e00\u5ea7\u65b0\u7684\u94c1\u8def\u6865\u5f00\u901a\uff0c\u4fc3\u4f7f\u65af\u5229\u592b\u79d1\u5a03\u8857\uff08Slivkov\u00e1\uff09\u548c\u8428\u592b\u62c9\u8bfa\u5a03\u8857\uff08\u0160afr\u00e1nov\u00e1\uff09\u6cbf\u7ebf\u5efa\u9020\u4e86\u66ff\u4ee3\u7684\u590f\u5b63\u6e38\u6cf3\u6c60\u548c\u65b0\u589e\u4f4f\u623f\u3002\u91cd\u65b0\u8bbe\u8ba1\u7684\u516c\u4ea4\u8f66\u7ad9\u8ba1\u5212\u5c06\u5efa\u6210\u4e00\u4e2a\u76f4\u63a5\u8fde\u63a5\u94c1\u8def\u67a2\u7ebd\u7684\u73b0\u4ee3\u5316\u7ec8\u70b9\u7ad9\uff0c\u4f53\u73b0\u4e86\u8be5\u5e02\u5bf9\u591a\u5f0f\u8054\u8fd0\u7684\u627f\u8bfa\u3002\u7279\u4f26\u94a6\u6709\u56db\u4e2a\u8f66\u7ad9\uff1a\u4e24\u6761\u7ebf\u8def\u4e0a\u7684\u7279\u4f26\u94a6\u603b\u7ad9\u3001143\u53f7\u7ebf\u8def\u4e0a\u7684\u7279\u4f26\u94a6-\u666e\u96f7\u5fb7\u6885\u65af\u8482\u7ad9\u3001120\u53f7\u7ebf\u8def\u4e0a\u7684\u7279\u4f26\u94a6-\u5179\u62c9\u6258\u592b\u91c7\u7ad9\u4ee5\u53ca\u7279\u4f26\u94a6-\u5965\u5e15\u6258\u74e6\u7ad9\u3002<\/p>\n<p>\u9053\u8def\u57fa\u7840\u8bbe\u65bd\u4ee5D1\u9ad8\u901f\u516c\u8def\u7684\u4e54\u970d\u5229\u7eb3-\u6d85\u59c6\u7ecd\u74e6\u8def\u6bb5\u4ee5\u53ca\u56fd\u9053I\/61\u548cII\/507\u4e3a\u4e3b\u3002\u89c4\u5212\u4e2d\u7684R2\u9ad8\u901f\u516c\u8def\u5c06\u7f13\u89e3\u57ce\u5e02\u897f\u5357\u8fb9\u7f18\u7684I\/9\u4ea4\u901a\u62e5\u5835\u3002\u81ea2015\u5e743\u6708\u8d77\uff0c\u4e1c\u5357\u7ed5\u9053\u2014\u2014\u4ee5\u7b2c\u4e8c\u5ea7\u74e6\u8d6b\u6865\u4e3a\u7279\u8272\u2014\u2014\u5c06\u8f66\u8f86\u4ece\u5386\u53f2\u4e2d\u5fc3\u5206\u6d41\uff0c\u6cbf\u57c3\u5217\u514b\u7279\u91cc\u5947\u7eb3\u8857\u7684\u56db\u8f66\u9053\u9a76\u5411\u675c\u5e03\u5c3c\u5bdf\u3002\u7b2c\u4e8c\u9636\u6bb5\u5c06\u7a7f\u8d8a\u5e03\u96f7\u9f50\u7eb3\u5730\u5757\uff0c\u8fde\u63a5\u7ef4\u970d\u5fb7\u7eb3\u8857\u548c\u5e93\u5e03\u62c9\u8857\uff0c\u5e76\u7f13\u89e3\u4f0a\u4e3d\u838e\u767d\u9152\u5e97\u9644\u8fd1SNP\u5e7f\u573a\u7684\u4ea4\u901a\u62e5\u5835\u3002<\/p>\n<p>\u7279\u4f26\u94a6\u673a\u573a\u4f4d\u4e8e\u6bd4\u65af\u5e93\u76ae\u91c7\u533a\u4e0a\u7a7a\uff0c\u4e3a\u519b\u7528\u548c\u6c11\u7528\u822a\u7a7a\u63d0\u4f9b\u652f\u6301\u3002\u673a\u573a\u5185\u7684\u201c\u7279\u4f26\u94a6\u7ef4\u4fee\u516c\u53f8\u201d\uff08Leteck\u00e9 opravovne Tren\u010d\u00edn\uff09\u8d1f\u8d23\u7ef4\u62a4\u6765\u81ea\u4e16\u754c\u5404\u5730\u7684\u98de\u673a\u548c\u76f4\u5347\u673a\u3002\u5c3d\u7ba1\u5b9a\u671f\u5546\u4e1a\u822a\u73ed\u6709\u9650\uff0c\u4f46\u673a\u573a\u7684\u8fd0\u8425\u51f8\u663e\u4e86\u7279\u4f26\u94a6\u5728\u533a\u57df\u822a\u7a7a\u548c\u7269\u6d41\u9886\u57df\u7684\u5730\u4f4d\u3002<\/p>\n<p>\u5728\u57ce\u5e02\u8303\u56f4\u5185\uff0cTransdev Tren\u010d\u00edn \u8fd0\u8425\u7740 1 \u81f3 31 \u53f7\u516c\u4ea4\u7ebf\u8def\u7f51\u7edc\uff0c\u5c65\u884c\u516c\u5171\u670d\u52a1\u4e49\u52a1\u3002\u66fe\u7ecf\u8003\u8651\u5c06\u65e0\u8f68\u7535\u8f66\u5ef6\u4f38\u81f3\u675c\u5e03\u5c3c\u5bdf\u7684\u65b9\u6848\u5df2\u8ba9\u4f4d\u4e8e\u7eaf\u516c\u4ea4\u7ebf\u8def\uff0c\u800c\u672a\u6765\u7684\u8ba1\u5212\u5305\u62ec\u5c06\u5df4\u8bfa\u97e6\u8328\u94c1\u8def\u7ebf\u7684\u8f68\u9053\u63d0\u5347\u81f3\u8857\u9053\u6c34\u5e73\uff0c\u4ece\u800c\u8fde\u63a5\u4e2d\u5fc3\u533a\u548c\u5357\u90e8\u5730\u533a\u3002<\/p>\n<p>\u5728\u74e6\u8d6b\u6c34\u9053\u7684\u89c4\u5212\u8def\u7ebf\u4e0a\uff0c\u7279\u4f26\u94a6\u5df2\u5728\u5176\u6c34\u575d\u5904\u5efa\u9020\u4e86\u4e00\u5ea7\u8239\u95f8\uff0c\u4ee5\u63a7\u5236\u6cb3\u6d41\u6c34\u4f4d\u5dee\u5f02\u3002\u4e00\u4e2a\u5c0f\u578b\u7801\u5934\u53ef\u5bb9\u7eb3\u6e38\u8f6e\u3001\u8fd0\u52a8\u8247\u548c\u6551\u63f4\u8247\uff0c\u800c\u5efa\u9020\u4e00\u5ea7\u5927\u578b\u6e2f\u53e3\u7684\u8ba1\u5212\u4ecd\u5728\u8003\u8651\u4e2d\u3002\u5373\u4fbf\u9646\u8def\u548c\u822a\u7a7a\u7f51\u7edc\u5df2\u5360\u636e\u4e3b\u5bfc\u5730\u4f4d\uff0c\u8fd9\u79cd\u6c34\u8fd0\u8fd0\u8f93\u5c06\u91cd\u7533\u7279\u4f26\u94a6\u4f5c\u4e3a\u6cb3\u6d41\u67a2\u7ebd\u7684\u53e4\u8001\u5730\u4f4d\u3002<\/p>\n<p>\u4ece\u4eba\u53e3\u7edf\u8ba1\u5b66\u89d2\u5ea6\u6765\u770b\uff0c\u7279\u4f26\u94a62001\u5e74\u7684\u4eba\u53e3\u666e\u67e5\u663e\u793a\uff0c65.8%\u7684\u5c45\u6c11\u4e3a\u7f57\u9a6c\u5929\u4e3b\u6559\u5f92\uff0c7.1%\u4e3a\u8def\u5fb7\u6559\u5f92\uff0c22.3%\u7684\u5c45\u6c11\u65e0\u5b97\u6559\u4fe1\u4ef0\uff1b\u4ece\u79cd\u65cf\u89d2\u5ea6\u6765\u770b\uff0c95.3%\u7684\u5c45\u6c11\u4e3a\u65af\u6d1b\u4f10\u514b\u4eba\uff0c2.4%\u4e3a\u6377\u514b\u4eba\u3002\u52302018\u5e74\uff0c\u4eba\u53e3\u5df2\u5c0f\u5e45\u589e\u957f\u81f35.5\u4e07\u591a\u4eba\uff0c\u8fd9\u53cd\u6620\u51fa\u7a33\u5b9a\u7684\u7ecf\u6d4e\u589e\u957f\u3001\u4f4e\u5931\u4e1a\u7387\u548c\u76f8\u5bf9\u8f83\u9ad8\u7684\u751f\u6d3b\u6c34\u5e73\u3002\u51ac\u5b63\u6c14\u6e29\u4f4e\u4e8e\u5468\u56f4\u9ad8\u5730\uff0c\u590f\u5b63\u4ee5\u5168\u56fd\u6807\u51c6\u8861\u91cf\u8f83\u4e3a\u6e29\u548c\uff0c\u5c71\u8109\u95f4\u7684\u76db\u884c\u98ce\u5f71\u54cd\u7740\u6bcf\u65e5\u7684\u5929\u6c14\u6a21\u5f0f\u3002<\/p>\n<p>\u7279\u4f26\u94a6\u7684\u6587\u5316\u751f\u6d3b\u56e0\u97f3\u4e50\u548c\u4f53\u80b2\u800c\u5145\u6ee1\u6d3b\u529b\u3002\u81ea1997\u5e74\u4ee5\u6765\uff0c\u6ce2\u970d\u8fbe\u97f3\u4e50\u8282\uff08Pohoda\uff09\u5438\u5f15\u4e86\u65af\u6d1b\u4f10\u514b\u6240\u6709\u97f3\u4e50\u6d3b\u52a8\u4e2d\u6700\u591a\u7684\u89c2\u4f17\uff0c\u6bcf\u5e74\u590f\u5929\u90fd\u4f1a\u5728\u673a\u573a\u573a\u5730\u4e0a\u6f14\u5404\u79cd\u7cbe\u5f69\u7eb7\u5448\u7684\u8282\u76ee\u3002\u5728\u51b0\u7403\u65b9\u9762\uff0c\u5f53\u5730\u4ff1\u4e50\u90e8\u4f4d\u5217\u5168\u56fd\u9876\u5c16\uff0c\u5176\u6e9c\u51b0\u573a\u662f\u72c2\u70ed\u7403\u8ff7\u7684\u805a\u96c6\u5730\u3002\u57ce\u5821\u533a\u548c\u5e02\u653f\u5385\u5185\u6301\u7eed\u4e3e\u529e\u5c55\u89c8\u548c\u96c6\u5e02\uff0c\u5ef6\u7eed\u7740\u53ef\u8ffd\u6eaf\u81f3\u65e9\u671f\u8d38\u6613\u96c6\u4f1a\u7684\u4f20\u7edf\u3002<\/p>\n<p>\u7279\u4f26\u94a6\u5c55\u671b\u672a\u6765\uff0c\u5728\u4f20\u627f\u4e0e\u521b\u65b0\u4e4b\u95f4\u5bfb\u6c42\u5e73\u8861\u3002\u6559\u5802\u3001\u72b9\u592a\u6559\u5802\u548c\u9632\u5fa1\u5de5\u4e8b\u7b49\u53e4\u8ff9\u7684\u9010\u6b65\u4fee\u590d\uff0c\u4e0e\u4ea4\u901a\u548c\u516c\u5171\u7a7a\u95f4\u7684\u6295\u8d44\u540c\u6b65\u8fdb\u884c\u3002\u65b0\u7684\u4f4f\u5b85\u5f00\u53d1\u9879\u76ee\u5728\u6614\u65e5\u7684\u519c\u7530\u4e0a\u62d4\u5730\u800c\u8d77\uff0c\u89c4\u5212\u5de5\u4f5c\u4e5f\u81f4\u529b\u4e8e\u4fdd\u62a4\u6cbf\u6eaa\u6d41\u548c\u5c71\u4e18\u7684\u7eff\u8272\u8d70\u5eca\u3002\u8fd9\u5ea7\u57ce\u5e02\u81f4\u529b\u4e8e\u63d0\u5347\u5176\u4f5c\u4e3a\u533a\u57df\u65c5\u6e38\u76ee\u7684\u5730\u7684\u5f62\u8c61\uff0c\u63a8\u5e7f\u5176\u5efa\u7b51\u7fa4\u548c\u81ea\u7136\u73af\u5883\uff0c\u800c\u975e\u8bc9\u8bf8\u523b\u677f\u7684\u5ba3\u4f20\u3002\u5b83\u7684\u6545\u4e8b\u4f9d\u7136\u662f\u5ef6\u7eed\u6027\u548c\u9002\u5e94\u6027\u7684\uff1a\u4e00\u5ea7\u7531\u6cb3\u6d41\u3001\u5c71\u4e18\u548c\u5386\u53f2\u5851\u9020\u7684\u57ce\u5e02\uff0c\u5c06\u8fc7\u53bb\u4f20\u627f\u5230\u672a\u6765\u3002<\/p>","protected":false},"excerpt":{"rendered":"<p>\u7279\u4f26\u94a6\u662f\u65af\u6d1b\u4f10\u514b\u7b2c\u516b\u5927\u57ce\u5e02\uff0c\u4eba\u53e3\u8d85\u8fc75.5\u4e07\u3002\u8fd9\u5ea7\u5386\u53f2\u60a0\u4e45\u7684\u57ce\u5e02\u5750\u843d\u5728\u65af\u6d1b\u4f10\u514b\u897f\u90e8\uff0c\u4f4d\u4e8e\u74e6\u8d6b\u6cb3\u8c37\u4e2d\u90e8\uff0c\u5730\u7406\u4f4d\u7f6e\u4f18\u8d8a\uff0c\u8ddd\u79bb\u9996\u90fd\u5e03\u62c9\u8fea\u65af\u62c9\u53d1\u7ea695\u516c\u91cc\uff0859\u82f1\u91cc\uff09\u3002\u6bd7\u90bb\u6377\u514b\u8fb9\u5883\uff0c\u52a0\u4e0a\u4e30\u5bcc\u7684\u6587\u5316\u9057\u4ea7\uff0c\u4f7f\u7279\u4f26\u94a6\u6210\u4e3a\u4e2d\u6b27\u5386\u53f2\u4e0e\u5f53\u4ee3\u65af\u6d1b\u4f10\u514b\u751f\u6d3b\u7684\u91cd\u8981\u4ea4\u6c47\u70b9\u3002<\/p>","protected":false},"author":1,"featured_media":3989,"parent":13300,"menu_order":0,"comment_status":"closed","ping_status":"closed","template":"elementor_theme","meta":{"_eb_attr":"","footnotes":""},"class_list":["post-13318","page","type-page","status-publish","has-post-thumbnail"],"_links":{"self":[{"href":"https:\/\/travelshelper.com\/zh\/wp-json\/wp\/v2\/pages\/13318","targetHints":{"allow":["GET"]}}],"collection":[{"href":"https:\/\/travelshelper.com\/zh\/wp-json\/wp\/v2\/pages"}],"about":[{"href":"https:\/\/travelshelper.com\/zh\/wp-json\/wp\/v2\/types\/page"}],"author":[{"embeddable":true,"href":"https:\/\/travelshelper.com\/zh\/wp-json\/wp\/v2\/users\/1"}],"replies":[{"embeddable":true,"href":"https:\/\/travelshelper.com\/zh\/wp-json\/wp\/v2\/comments?post=13318"}],"version-history":[{"count":0,"href":"https:\/\/travelshelper.com\/zh\/wp-json\/wp\/v2\/pages\/13318\/revisions"}],"up":[{"embeddable":true,"href":"https:\/\/travelshelper.com\/zh\/wp-json\/wp\/v2\/pages\/13300"}],"wp:featuredmedia":[{"embeddable":true,"href":"https:\/\/travelshelper.com\/zh\/wp-json\/wp\/v2\/media\/3989"}],"wp:attachment":[{"href":"https:\/\/travelshelper.com\/zh\/wp-json\/wp\/v2\/media?parent=13318"}],"curies":[{"name":"wp","href":"https:\/\/api.w.org\/{rel}","templated":true}]}}