{"id":12093,"date":"2024-09-15T14:13:19","date_gmt":"2024-09-15T14:13:19","guid":{"rendered":"https:\/\/travelshelper.com\/staging\/?page_id=12093"},"modified":"2026-03-12T19:43:05","modified_gmt":"2026-03-12T19:43:05","slug":"%e5%a1%9e%e5%9b%be%e5%b7%b4%e5%b0%94","status":"publish","type":"page","link":"https:\/\/travelshelper.com\/zh\/destinations\/europe\/portugal\/setubal\/","title":{"rendered":"\u585e\u56fe\u5df4\u5c14"},"content":{"rendered":"<p>\u585e\u56fe\u5df4\u5c14\u662f\u8461\u8404\u7259\u91cc\u65af\u672c\u5927\u90fd\u4f1a\u533a\u7684\u4e00\u4e2a\u6cbf\u6d77\u5e02\u9547\uff0c\u9762\u79ef\u4e3a 230.33 \u5e73\u65b9\u516c\u91cc\uff0c\u622a\u81f3 2014 \u5e74\u62e5\u6709 118,166 \u540d\u5c45\u6c11\uff082001 \u5e74\u5176\u57ce\u5e02\u6838\u5fc3\u533a\u4eba\u53e3\u4e3a 89,303 \u540d\uff09\uff0c\u4f4d\u4e8e\u9996\u90fd\u4ee5\u5357 50 \u516c\u91cc\u5904\uff0c\u8428\u591a\u6cb3\u53e3\u5317\u5cb8\uff0c\u8fd9\u4e00\u5730\u70b9\u51b3\u5b9a\u4e86\u5176\u6d77\u6d0b\u9057\u4ea7\u3001\u7ecf\u6d4e\u53d1\u5c55\u548c\u6301\u4e45\u5438\u5f15\u529b\u3002<\/p>\n<p>\u585e\u56fe\u5df4\u5c14\u7684\u8d77\u6e90\u53ef\u4ee5\u8ffd\u6eaf\u5230\u8fdc\u53e4\u65f6\u4ee3\uff0c\u5f53\u65f6\u7684\u5b9a\u5c45\u70b9\u88ab\u7f57\u9a6c\u5e1d\u56fd\u4e4b\u524d\u7684\u5c45\u6c11\u79f0\u4e3a\u585e\u6258\u5e03\u91cc\u52a0\uff08Cetobriga\uff09\u3002\u5b83\u4f4d\u4e8e\u8428\u591a\u6cb3\u53e3\u7684\u4f18\u8d8a\u5730\u7406\u4f4d\u7f6e\u8d4b\u4e88\u4e86\u5b83\u91cd\u8981\u7684\u6218\u7565\u610f\u4e49\uff0c\u5438\u5f15\u4e86\u4e00\u6ce2\u53c8\u4e00\u6ce2\u7684\u6587\u5316\u548c\u7edf\u6cbb\u8005\u3002\u5728\u5b89\u8fbe\u5362\u65af\u7edf\u6cbb\u65f6\u671f\uff0c\u5b83\u66f4\u540d\u4e3a\u6c99\u56fe\u5df4\u5c14\uff08Sha\u1e6d\u016bbar\uff09\uff0c\u8fd9\u4e2a\u540d\u5b57\u53cd\u6620\u4e86\u8fd9\u5ea7\u57ce\u5e02\u4e0e\u4f0a\u6bd4\u5229\u4e9a\u7a46\u65af\u6797\u653f\u4f53\u7684\u878d\u5408\u53ca\u5176\u5728\u5730\u4e2d\u6d77\u8d38\u6613\u7f51\u7edc\u4e2d\u7684\u5730\u4f4d\u3002\u6bcf\u4e2a\u65f6\u4ee3\u90fd\u7559\u4e0b\u4e86\u5404\u81ea\u7684\u8bed\u8a00\u5370\u8bb0\uff1a\u4e2d\u4e16\u7eaa\u57fa\u7763\u6559\u7684\u6536\u590d\u5931\u5730\u8fd0\u52a8\u6062\u590d\u4e86\u62c9\u4e01\u8bed\u7684\u5f71\u54cd\u529b\uff1b\u5230\u4e86\u5341\u4e5d\u4e16\u7eaa\uff0c\u56fd\u9645\u822a\u6d77\u5bb6\u4eec\u7528\u82f1\u8bed\u79f0\u8be5\u6e2f\u53e3\u4e3a\u201c\u5723\u4e4c\u8d1d\u65af\u201d\uff08Saint Ubes\uff09\uff0c\u7528\u6cd5\u8bed\u79f0\u5176\u4e3a\u201c\u5723\u4f0a\u592b\u201d\uff08Saint-Yves\uff09\uff0c\u8fd9\u8bc1\u660e\u4e86\u5176\u5546\u4e1a\u5f71\u54cd\u529b\u4e4b\u5e7f\u3002<\/p>\n<p>1860\u5e749\u670815\u65e5\uff0c\u4f69\u5fb7\u7f57\u4e94\u4e16\u56fd\u738b\u6279\u51c6\u585e\u56fe\u5df4\u5c14\u6b63\u5f0f\u5347\u683c\u4e3a\u57ce\u5e02\u3002\u8fd9\u4e00\u5929\u81f3\u4eca\u4ecd\u662f\u585e\u56fe\u5df4\u5c14\u7684\u5e02\u9547\u5047\u65e5\uff0c\u6807\u5fd7\u7740\u5176\u5728\u8461\u8404\u7259\u65e5\u76ca\u589e\u957f\u7684\u5f71\u54cd\u529b\u5f97\u5230\u6b63\u5f0f\u8ba4\u53ef\u3002\u4e0e\u5176\u8bf4\u662f\u76db\u5927\u7684\u5e86\u5178\uff0c\u4e0d\u5982\u8bf4\u662f\u96c6\u4f53\u7eaa\u5ff5\u7684\u65f6\u523b\uff0c\u5c45\u6c11\u4eec\u5728\u6b64\u56de\u987e\u73b0\u4ee3\u6797\u836b\u5927\u9053\u548c\u6e2f\u53e3\u51fa\u73b0\u4e4b\u524d\u7684\u5c42\u5c42\u5386\u53f2\u3002\u5e02\u653f\u6863\u6848\u9986\u4fdd\u7559\u7740\u5baa\u7ae0\u548c\u7687\u5bb6\u6cd5\u4ee4\uff0c\u89c1\u8bc1\u4e86\u5e02\u653f\u673a\u6784\u7684\u9010\u6b65\u5de9\u56fa\u4ee5\u53ca\u585e\u56fe\u5df4\u5c14\u4f5c\u4e3a\u4e00\u4e2a\u72ec\u7279\u57ce\u5e02\u5b9e\u4f53\u7684\u5d1b\u8d77\u3002<\/p>\n<p>\u5730\u7406\u73af\u5883\u51b3\u5b9a\u4e86\u585e\u56fe\u5df4\u5c14\u7684\u7279\u8272\u548c\u7ecf\u6d4e\u3002\u8428\u591a\u6cb3\u53e3\u6e05\u6f88\u7684\u6d77\u6c34\u9010\u6e10\u6269\u5c55\uff0c\u5f62\u6210\u4e00\u4e2a\u5bbd\u9614\u7684\u5165\u53e3\uff0c\u4e00\u7fa4\u666e\u901a\u7684\u5bbd\u543b\u6d77\u8c5a\u5728\u8fd9\u91cc\u7e41\u884d\u751f\u606f\u3002\u8fd9\u7247\u975e\u51e1\u7684\u9cb8\u7c7b\u7fa4\u843d\u2014\u2014\u6b27\u6d32\u6c34\u57df\u4ec5\u6709\u7684\u4e09\u4e2a\u5e38\u9a7b\u7fa4\u843d\u4e4b\u4e00\u2014\u2014\u5df2\u6210\u4e3a\u8fd9\u5ea7\u57ce\u5e02\u751f\u6001\u9057\u4ea7\u7684\u8c61\u5f81\u3002\u5728\u585e\u56fe\u5df4\u5c14\u4e3b\u57ce\u5bf9\u9762\uff0c\u6cb3\u53e3\u5357\u5cb8\uff0c\u7279\u7f57\u4e9a\u534a\u5c9b\u7ef5\u5ef6\u8d77\u4f0f\uff0c\u5982\u540c\u4e00\u6761\u767d\u8272\u548c\u91d1\u8272\u7684\u6c99\u6ee9\uff0c\u6d77\u5cb8\u7ebf\u4e0a\u70b9\u7f00\u7740\u8c6a\u534e\u9152\u5e97\u548c\u5ea6\u5047\u6751\uff0c\u590f\u65e5\u91cc\uff0c\u5b83\u4eec\u7684\u8f6e\u5ed3\u5728\u6c34\u9762\u4e0a\u6e05\u6670\u53ef\u89c1\u3002<\/p>\n<p>\u963f\u62c9\u6bd4\u8fbe\u81ea\u7136\u516c\u56ed\uff08Arr\u00e1bida Natural Park\uff09\u5317\u4e34\u6d77\u5cb8\uff0c\u5dcd\u5ce8\u8038\u7acb\uff0c\u77f3\u7070\u5ca9\u5ced\u58c1\u4e0a\u8986\u76d6\u7740\u5730\u4e2d\u6d77\u704c\u6728\u4e1b\u3001\u6813\u76ae\u680e\u548c\u91d1\u53f6\u677e\u3002\u6cbf\u7740\u8fd9\u6761\u53d7\u4fdd\u62a4\u7684\u8d70\u5eca\uff0c\u4e00\u5904\u5904\u6e05\u6f88\u89c1\u5e95\u7684\u6d77\u6e7e\u2014\u2014\u963f\u5c14\u5df4\u514b\u5c14\uff08Albarquel\uff09\u3001\u83f2\u76d6\u91cc\u5c3c\u4e9a\uff08Figueirinha\uff09\u3001\u52a0\u62c9\u6ce2\u65af\uff08Gal\u00e1pos\uff09\u3001\u52a0\u62c9\u76ae\u7ebd\u65af\uff08Galapinhos\uff09\u3001\u514b\u96f7\u7f57\uff08Creiro\uff09\u548c\u6ce2\u8482\u5c3c\u5965\u00b7\u8fbe\u00b7\u963f\u62c9\u6bd4\u8fbe\uff08Portinho da Arr\u00e1bida\uff09\u2014\u2014\u4f9d\u6b21\u5c55\u5f00\u3002\u6bcf\u4e00\u5904\u6d77\u6e7e\u90fd\u88ab\u60ac\u5d16\u548c\u6797\u5730\u73af\u7ed5\uff0c\u5982\u540c\u5149\u5f71\u5728\u6d77\u9762\u4e0a\u7fe9\u7fe9\u8d77\u821e\u3002\u516c\u56ed\u7684\u5c0f\u5f84\u873f\u8712\u7a7f\u8fc7\u9759\u8c27\u7684\u5c71\u8c37\u548c\u5ca9\u77f3\u5cac\u89d2\uff0c\u65e0\u8bba\u662f\u4f11\u95f2\u6f2b\u6b65\u8005\u8fd8\u662f\u8d44\u6df1\u5f92\u6b65\u7231\u597d\u8005\uff0c\u90fd\u80fd\u5728\u6b64\u9886\u7565\u9646\u5730\u4e0e\u6d77\u6d0b\u4ea4\u878d\u7684\u58ee\u4e3d\u666f\u8272\u3002<\/p>\n<p>\u4e8c\u5341\u4e16\u7eaa\u521d\uff0c\u585e\u56fe\u5df4\u5c14\u7684\u6d77\u6ee8\u56e0\u6c99\u4e01\u9c7c\u7f50\u5934\u4e1a\u800c\u70ed\u95f9\u975e\u51e1\u3002\u7801\u5934\u4e24\u65c1\u6797\u7acb\u7740\u4e00\u6392\u6392\u7ad6\u7740\u9ad8\u8038\u70df\u56f1\u7684\u5de5\u5382\uff0c\u4ea7\u54c1\u8fd0\u5f80\u8fdc\u65b9\u5e02\u573a\u3002\u6bcf\u5929\u9ece\u660e\uff0c\u6e14\u8239\u8f7d\u7740\u95ea\u95ea\u53d1\u5149\u7684\u6c99\u4e01\u9c7c\u5f52\u6765\uff0c\u8fd9\u4e9b\u6c99\u4e01\u9c7c\u662f\u5f53\u5730\u7e41\u8363\u7684\u57fa\u7840\u3002\u867d\u7136\u7f50\u5934\u5382\u5982\u4eca\u5df2\u9500\u58f0\u533f\u8ff9\uff0c\u4f46\u822a\u6d77\u7cbe\u795e\u4f9d\u7136\u751f\u673a\u52c3\u52c3\u3002\u5546\u4e1a\u7801\u5934\u88c5\u5378\u7740\u5e72\u6563\u8d27\u548c\u6db2\u4f53\u6563\u8d27\uff0c\u800c\u6e38\u8247\u505c\u6cca\u5904\u5219\u7199\u7199\u6518\u6518\uff0c\u505c\u6cca\u7740\u4f11\u95f2\u8239\u53ea\u3002\u5927\u6d77\u7684\u8109\u640f\u5728\u6d77\u9e1f\u7684\u9e23\u53eb\u548c\u7cfb\u6cca\u7f06\u7ef3\u7684\u560e\u5431\u58f0\u4e2d\u8426\u7ed5\u4e0d\u53bb\u3002<\/p>\n<p>\u65c5\u6e38\u4e1a\u4e0e\u4f20\u7edf\u8d38\u6613\u540c\u6b65\u53d1\u5c55\uff0c\u5145\u5206\u5229\u7528\u4e86\u585e\u56fe\u5df4\u5c14\u6bd7\u90bb\u6cb3\u53e3\u548c\u5927\u897f\u6d0b\u7684\u53cc\u91cd\u4f18\u52bf\u3002\u89c4\u6a21\u5404\u5f02\u7684\u9152\u5e97\u4e3a\u88ab\u81ea\u7136\u5947\u89c2\u548c\u6587\u5316\u7470\u5b9d\u5438\u5f15\u7684\u6e38\u5ba2\u63d0\u4f9b\u4f4f\u5bbf\u3002\u57fa\u7840\u8bbe\u65bd\u7684\u6539\u5584\u2014\u2014\u5305\u62ec\u9053\u8def\u3001\u7801\u5934\u548c\u6e38\u5ba2\u4e2d\u5fc3\u2014\u2014\u5728\u4fdd\u62a4\u8be5\u5730\u533a\u751f\u6001\u5b8c\u6574\u6027\u7684\u540c\u65f6\uff0c\u4e5f\u5411\u90a3\u4e9b\u8ffd\u6c42\u771f\u5b9e\u800c\u975e\u4eba\u4e3a\u5947\u89c2\u7684\u6e38\u5ba2\u5c55\u73b0\u4e86\u5176\u9b45\u529b\u3002\u773c\u5149\u72ec\u5230\u7684\u6e38\u5ba2\u5728\u585e\u56fe\u5df4\u5c14\u65e2\u80fd\u627e\u5230\u5b81\u9759\u7684\u4f11\u61a9\uff0c\u53c8\u80fd\u63a2\u7d22\u53d1\u73b0\u3002<\/p>\n<p>\u6d77\u5cb8\u7ebf\u4e4b\u5916\uff0c\u585e\u56fe\u5df4\u5c14\u662f\u901a\u5f80\u963f\u62c9\u6bd4\u8fbe\u8179\u5730\u7684\u95e8\u6237\u3002\u4e00\u7247\u7247\u8f6f\u6728\u6a61\u6811\u548c\u677e\u6811\u4ea4\u7ec7\u7684\u6811\u6797\uff0c\u88ab\u4e00\u7247\u7247\u8461\u8404\u56ed\u548c\u6a44\u6984\u6811\u6797\u6240\u53d6\u4ee3\u3002\u8fd9\u91cc\uff0c\u5730\u4e2d\u6d77\u5f0f\u519c\u4e1a\u5728\u68af\u7530\u4e2d\u5ef6\u7eed\u81f3\u4eca\uff0c\u8461\u8404\u85e4\u6500\u9644\u5728\u9633\u5149\u666e\u7167\u7684\u5c71\u5761\u4e0a\uff0c\u6a44\u6984\u5728\u9732\u5929\u4e0b\u6210\u719f\u3002\u8003\u53e4\u9057\u8ff9\u70b9\u7f00\u7740\u8fd9\u7247\u4e61\u6751\u666f\u8c61\uff1a\u514b\u96f7\u7f57\u7684\u7f57\u9a6c\u9057\u5740\u662f\u6700\u4ee4\u4eba\u56de\u5473\u7684\u9057\u5740\u4e4b\u4e00\uff0c\u5176\u77f3\u5934\u5730\u57fa\u5524\u8d77\u4e86\u4eba\u4eec\u5bf9\u4e24\u5343\u5e74\u524d\u4e61\u6751\u751f\u6d3b\u7684\u56de\u5fc6\u3002\u8be5\u5730\u533a\u7684\u7f57\u9a6c\u9057\u4ea7\u5ef6\u4f38\u5230\u9a6c\u8d5b\u514b\u788e\u7247\u548c\u5efa\u7b51\u9057\u8ff9\uff0c\u8fd9\u4e9b\u9057\u8ff9\u89c1\u8bc1\u7740\u4eba\u7c7b\u5728\u8fd9\u7247\u6d77\u5cb8\u7684\u6301\u4e45\u5b58\u5728\u3002<\/p>\n<p>\u8036\u7a23\u4fee\u9053\u9662\u77d7\u7acb\u4e8e\u6cb3\u53e3\u4e4b\u4e0a\uff0c\u662f\u4e00\u5ea7\u5341\u4e94\u3001\u5341\u516d\u4e16\u7eaa\u7684\u6559\u5802\uff0c\u662f\u200b\u200b\u66fc\u52aa\u57c3\u5c14\u98ce\u683c\u7684\u8c61\u5f81\u3002\u5176\u665a\u671f\u54e5\u7279\u5f0f\u95e8\u5eca\u548c\u96d5\u523b\u7684\u822a\u6d77\u56fe\u6848\uff0c\u9882\u626c\u7740\u5927\u822a\u6d77\u65f6\u4ee3\uff0c\u8461\u8404\u7259\u4eba\u6b63\u662f\u5728\u90a3\u4e2a\u65f6\u4ee3\u63a2\u7d22\u672a\u77e5\u7684\u6d77\u6d0b\u3002\u82e5\u6602\u4e8c\u4e16\u56fd\u738b\u6b63\u662f\u5728\u4fee\u9053\u9662\u7684\u56f4\u5899\u5185\u7b7e\u7f72\u4e86\u897f\u73ed\u7259\u548c\u8461\u8404\u7259\u74dc\u5206\u5168\u7403\u9886\u571f\u7684\u6761\u7ea6\u2014\u2014\u8fd9\u4efd\u6587\u4ef6\u7684\u5f71\u54cd\u5728\u4e4b\u540e\u7684\u5e1d\u56fd\u7248\u56fe\u4e0a\u56de\u8361\u3002\u9644\u8fd1\u7684\u5723\u6bcd\u6069\u5178\u5927\u6559\u5802\u662f\u7f57\u9a6c\u5929\u4e3b\u6559\u585e\u56fe\u5df4\u5c14\u6559\u533a\u7684\u4e2d\u5fc3\u3002\u5176\u98ce\u683c\u4e3b\u4e49\u7684\u7acb\u9762\u5728\u5185\u655b\u4e0e\u88c5\u9970\u4e4b\u95f4\u53d6\u5f97\u5e73\u8861\uff0c\u582a\u79f0\u5efa\u7b51\u5e73\u8861\u7684\u5178\u8303\u3002<\/p>\n<p>\u4e0e\u8fd9\u7247\u795e\u5723\u5efa\u7b51\u7fa4\u76f8\u5f97\u76ca\u5f70\u7684\u662f\u5723\u6731\u5229\u6602\u6559\u5802\uff0c\u5b83\u4e5f\u662f\u66fc\u52aa\u57c3\u5c14\u5f0f\u5efa\u7b51\u7684\u6770\u4f5c\uff0c\u5176\u95e8\u5eca\u4e0a\u96d5\u523b\u7740\u951a\u548c\u7ef3\u7d22\u72b6\u7684\u56fe\u6848\u3002\u822a\u6d77\u8c61\u5f81\u610f\u4e49\u4e0e\u5b97\u6559\u4fe1\u4ef0\u7684\u4ea4\u7ec7\uff0c\u4f53\u73b0\u4e86\u8fd9\u5ea7\u57ce\u5e02\u7684\u53cc\u91cd\u8eab\u4efd\uff1a\u4e00\u4e2a\u4e0e\u4fe1\u4ef0\u548c\u6e14\u4e1a\u7d27\u5bc6\u76f8\u8fde\u7684\u793e\u533a\u3002\u51e0\u4e2a\u4e16\u7eaa\u4ee5\u6765\uff0c\u8fd9\u4e9b\u6559\u5802\u7684\u8654\u8bda\u548c\u671d\u5723\uff0c\u5f15\u9886\u7740\u4eba\u4eec\u7684\u96c6\u4f53\u8282\u594f\uff0c\u89c1\u8bc1\u7740\u6d17\u793c\u3001\u5a5a\u793c\u548c\u846c\u793c\uff0c\u5b83\u4eec\u7684\u949f\u58f0\u4e16\u4ee3\u6d41\u4f20\u3002<\/p>\n<p>\u5723\u83f2\u5229\u666e\u57ce\u5821\u662f\u8fd9\u5ea7\u57ce\u5e02\u7684\u6700\u9ad8\u70b9\uff0c\u5b83\u7531\u585e\u5df4\u65af\u8482\u5b89\u56fd\u738b\u4e8e1575\u5e74\u4e0b\u4ee4\u5efa\u9020\uff0c\u4f5c\u4e3a\u62b5\u5fa1\u6d77\u76d7\u88ad\u51fb\u7684\u5821\u5792\u3002\u8fd9\u5ea7\u5821\u5792\u7531\u83f2\u5229\u6ce2\u00b7\u7279\u5c14\u9f50\u8bbe\u8ba1\uff0c\u540e\u6765\u88ab\u8bef\u8ba4\u4e3a\u662f\u83f2\u5229\u666e\u4e00\u4e16\u7684\u6770\u4f5c\uff0c\u800c\u5f53\u5730\u547d\u540d\u6cd5\u6b63\u662f\u4ee5\u6b64\u6765\u7eaa\u5ff5\u4ed6\u3002\u51e0\u4e2a\u4e16\u7eaa\u4ee5\u6765\uff0c\u57ce\u5821\u7684\u5821\u5792\u548c\u5c71\u810a\u968f\u7740\u519b\u4e8b\u6280\u672f\u7684\u4e0d\u65ad\u53d1\u5c55\u800c\u4e0d\u65ad\u6539\u8fdb\u3002\u5982\u4eca\uff0c\u8fd9\u5ea7\u57ce\u5821\u5df2\u6210\u4e3a\u4e00\u5bb6\u65c5\u9986\uff0c\u5ba2\u4eba\u53ef\u4ee5\u5728\u66fe\u7ecf\u7531\u58eb\u5175\u628a\u5b88\u7684\u57ce\u5899\u4e0a\u4f4f\u5bbf\u3002\u4ece\u57ce\u579b\u4e0a\u53ef\u4ee5\u4fef\u77b0\u7ea2\u74e6\u5c4b\u9876\u3001\u72ed\u7a84\u8857\u9053\u548c\u8428\u591a\u6cb3\u6cb3\u6bb5\u7684\u5168\u666f\u2014\u2014\u8fd9\u5e45\u666f\u8c61\u5c06\u57ce\u5e02\u5f62\u6001\u4e0e\u6d77\u6d0b\u5730\u5e73\u7ebf\u5b8c\u7f8e\u5730\u878d\u5408\u5728\u4e00\u8d77\u3002<\/p>\n<p>\u585e\u56fe\u5df4\u5c14\u7684\u6c14\u5019\u5c5e\u4e8e\u5178\u578b\u7684\u5730\u4e2d\u6d77\u6c14\u5019\u3002\u51ac\u5b63\u6e29\u548c\u6e7f\u6da6\uff0c\u767d\u5929\u6c14\u6e29\u901a\u5e38\u572815\u81f317\u6444\u6c0f\u5ea6\u4e4b\u95f4\uff0c\u591c\u95f4\u6700\u4f4e\u6c14\u6e29\u57285\u81f38\u6444\u6c0f\u5ea6\u4e4b\u95f4\u3002\u590f\u5b63\u6674\u6717\u6e29\u6696\uff0c\u767d\u5929\u6700\u9ad8\u6c14\u6e29\u572828\u81f331\u6444\u6c0f\u5ea6\u4e4b\u95f4\uff0c\u591c\u95f4\u6c14\u6e29\u56de\u843d\u81f315\u81f317\u6444\u6c0f\u5ea6\u3002\u5e74\u964d\u6c34\u96c6\u4e2d\u572811\u6708\u81f33\u6708\u4e4b\u95f4\uff0c\u6ecb\u517b\u7740\u8461\u8404\u56ed\u548c\u679c\u56ed\u3002\u5e74\u5e73\u5747\u6c14\u6e29\u572816.5\u81f317\u6444\u6c0f\u5ea6\u4e4b\u95f4\u3002\u7136\u800c\uff0c\u6c14\u5019\u8bb0\u5f55\u63d0\u9192\u5c45\u6c11\u6ce8\u610f\u66f4\u6781\u7aef\u7684\u60c5\u51b5\uff1a2018\u5e748\u67084\u65e5\uff0c\u6c14\u6e29\u8fbe\u5230\u4e8645.5\u6444\u6c0f\u5ea6\u2014\u2014\u8fd9\u662f\u4f0a\u6bd4\u5229\u4e9a\u5927\u897f\u6d0b\u6cbf\u5cb8\u6709\u8bb0\u5f55\u4ee5\u6765\u7684\u6700\u9ad8\u6e29\u5ea6\u2014\u2014\u51f8\u663e\u4e86\u73af\u5883\u6ce2\u52a8\u7684\u53ef\u80fd\u6027\u3002<\/p>\n<p>\u585e\u56fe\u5df4\u5c14\u7684\u7ecf\u6d4e\u6d3b\u52a8\u65e2\u591a\u5143\u5316\u53c8\u7ecf\u4e45\u4e0d\u8870\u30022011\u5e74\uff0c\u52b3\u52a8\u529b\u6570\u91cf\u4e3a58,514\u4eba\uff0c\u5931\u4e1a\u7387\u4e3a15.6%\u3002\u7b2c\u4e09\u4ea7\u4e1a\u5360\u5c31\u4e1a\u4eba\u53e3\u768473.5%\uff0c\u7b2c\u4e8c\u4ea7\u4e1a\u536024.9%\uff0c\u7b2c\u4e00\u4ea7\u4e1a\u4ec5\u53601.6%\u3002\u5de5\u4e1a\u8bbe\u65bd\u751f\u4ea7\u7eb8\u6d46\u3001\u7eb8\u5f20\u3001\u6c34\u6ce5\u3001\u5316\u80a5\u548c\u690d\u7269\u836f\u3002\u9020\u8239\u5382\u548c\u4fee\u8239\u5382\u6cbf\u7740\u6cb3\u53e3\u8fb9\u7f18\u6392\u5217\u3002\u706b\u529b\u53d1\u7535\u5382\u5229\u7528\u5f53\u5730\u8d44\u6e90\u53d1\u7535\u3002\u66fe\u7ecf\u8f83\u4e3a\u666e\u904d\u7684\u6c7d\u8f66\u7ec4\u88c5\u4e1a\uff0c\u5982\u4eca\u5728\u90bb\u8fd1\u5730\u533a\u4ee5\u4e09\u4e2a\u54c1\u724c\u8fd0\u8425\u30022012\u5e74\uff0c\u585e\u56fe\u5df4\u5c14\u6e2f\u8d27\u7269\u541e\u5410\u91cf\u8fbe605.8\u4e07\u5428\uff0c\u4f4d\u5c45\u5168\u56fd\u7b2c\u56db\u4f4d\uff0c\u5360\u8461\u8404\u7259\u603b\u541e\u5410\u91cf\u76847.4%\u3002<\/p>\n<p>\u4ea4\u901a\u5e72\u7ebf\u5c06\u585e\u56fe\u5df4\u5c14\u4e0e\u91cc\u65af\u672c\u53ca\u5176\u4ed6\u5730\u533a\u8fde\u63a5\u8d77\u6765\u3002CP \u57ce\u90ca\u5217\u8f66\u6bcf\u534a\u5c0f\u65f6\u4e00\u73ed\uff0c\u5f00\u5f80\u5df4\u96f7\u7f57\u6216\u8428\u591a\u6d77\u6ee9 A \u533a\uff0c\u800c\u8d39\u5854\u53e4\u65af\u5217\u8f66\u5219\u7a7f\u8fc7\u6cb3\u53e3\u5f00\u5f80\u91cc\u65af\u672c\u7684 Roma-Areeiro\u3002\u594e\u8d1d\u591a\u5e7f\u573a\u548c\u8428\u591a\u6d77\u6ee9 A \u533a\u8bbe\u6709\u4e8c\u7ea7\u505c\u9760\u7ad9\uff0c\u53ef\u4f9b\u5f53\u5730\u4e58\u5ba2\u505c\u9760\uff0c\u4f46\u6ca1\u6709\u6df1\u591c\u670d\u52a1\u3002\u8d27\u8fd0\u901a\u8fc7\u585e\u56fe\u5df4\u5c14\u9a6c\u5c14\u7ad9\u548c\u8428\u591a\u6d77\u6ee9\u7ad9\u8fdb\u884c\uff0c\u540e\u8005\u4e8e 2009 \u5e74\u505c\u6b62\u5ba2\u8fd0\u8fd0\u8425\u3002A12 \u9ad8\u901f\u516c\u8def\u5411\u5317\u901a\u5f80\u9996\u90fd\uff0c\u56fd\u9053 N10\u3001N10-4 \u548c N10-8 \u5c06\u8be5\u5730\u533a\u8fde\u63a5\u5728\u4e00\u8d77\u3002Alsa Todi \u65d7\u4e0b\u7684\u57ce\u5e02\u516c\u4ea4\u8f66\u4ece ITS \u7ec8\u70b9\u7ad9\u51fa\u53d1\uff0c\u63d0\u4f9b\u57ce\u5e02\u8def\u7ebf\u670d\u52a1\uff0cFlixBus\u3001Rede Nacional de Expressos \u548c BlaBlaCar Bus \u7b49\u57ce\u9645\u516c\u4ea4\u516c\u53f8\u5c06\u585e\u56fe\u5df4\u5c14\u4e0e\u5404\u5927\u57ce\u5e02\u4e2d\u5fc3\u8fde\u63a5\u8d77\u6765\u3002<\/p>\n<p>\u585e\u56fe\u5df4\u5c14\u7684\u6587\u5316\u751f\u6d3b\u56f4\u7ed5\u7740\u5e02\u573a\u548c\u5267\u9662\u800c\u6d3b\u8dc3\u3002\u8def\u6613\u838e\u00b7\u6258\u8fea\u5927\u9053\u4e0a\u7684\u6e14\u4eba\u5e02\u573a\uff08Mercado do Livramento\uff09\u88ab\u8a89\u4e3a\u6b27\u6d32\u6700\u597d\u7684\u9c7c\u5e02\u4e4b\u4e00\uff1b\u644a\u4f4d\u4e0a\u7433\u7405\u6ee1\u76ee\u7684\u6e14\u83b7\u9648\u5217\u7740\u8272\u5f69\u9c9c\u8273\u7684\u6e14\u83b7\u3002\u9644\u8fd1\u7b80\u6734\u7684\u5c0f\u9910\u9986\u4f9b\u5e94\u70e4\u6c99\u4e01\u9c7c\u548c\u7528\u5f53\u5730\u6a44\u6984\u6cb9\u7096\u5236\u7684\u8d1d\u7c7b\u3002\u8def\u6613\u838e\u00b7\u6258\u8fea\u5927\u9053\u672c\u8eab\u5c31\u50cf\u4e00\u6761\u8d2f\u7a7f\u5386\u53f2\u4e2d\u5fc3\u7684\u8f74\u7ebf\uff0c\u4e24\u4fa7\u904d\u5e03\u5496\u5561\u9986\uff0c\u5c45\u6c11\u4eec\u6e05\u6668\u5728\u6b64\u4eab\u7528\u5496\u5561\u548c\u7cd5\u70b9\uff0c\u611f\u53d7\u57ce\u5e02\u8282\u594f\u7684\u53d8\u8fc1\u3002<\/p>\n<p>\u585e\u56fe\u5df4\u5c14\u52a8\u753b\u5267\u9662 (Teatro Anima\u00e7\u00e3o de Set\u00fabal) \u81f4\u529b\u4e8e\u8868\u6f14\u827a\u672f\uff0c\u4ee5\u8461\u8404\u7259\u8bed\u4e0a\u6f14\u7684\u620f\u5267\u5438\u5f15\u4e86\u4f17\u591a\u5fe0\u5b9e\u89c2\u4f17\u3002\u6bd7\u90bb\u7684\u963f\u5c14\u5df4\u514b\u5c14\u516c\u56ed (Albarquel Park) \u5185\u662f\u201c\u884c\u519b\u4e0e\u6597\u725b\u201d\u5e02\u653f\u4e2d\u5fc3\uff0c\u8fd9\u5ea7\u516c\u56ed\u4f4d\u4e8e\u963f\u62c9\u6bd4\u8fbe\u5c71\u811a\u4e0b\uff0c\u5360\u5730\u56db\u516c\u9877\u3002\u516c\u56ed\u5185\uff0c\u6b65\u9053\u873f\u8712\u5728\u7eff\u836b\u4e4b\u4e0b\uff0c\u5b69\u5b50\u4eec\u5728\u6e38\u4e50\u573a\u4e0a\u5b09\u620f\u73a9\u800d\uff0c\u5496\u5561\u9986\u517c\u9152\u5427\u5219\u53ef\u6b23\u8d4f\u6cb3\u53e3\u7684\u666f\u8272\uff0c\u4ee5\u53ca\u9ec4\u660f\u65f6\u5206\u7279\u7f57\u4e9a\u5ea6\u5047\u80dc\u5730\u8f7b\u67d4\u7684\u8f6e\u5ed3\u3002\u4e2d\u5fc3\u5185\u7684\u5c55\u89c8\u53cd\u6620\u4e86\u5f53\u5730\u7684\u6587\u5316\u9057\u4ea7\uff0c\u4ece\u6444\u5f71\u4f5c\u54c1\u5230\u5f53\u4ee3\u827a\u672f\u88c5\u7f6e\uff0c\u5e94\u6709\u5c3d\u6709\u3002<\/p>\n<p>\u4f53\u80b2\u70ed\u60c5\u5728\u7ef4\u591a\u5229\u4e9a\u8db3\u7403\u4ff1\u4e50\u90e8\u53ca\u5176\u4e3b\u573a\u90a6\u82ac\u7403\u573a\uff08Est\u00e1dio do Bonfim\uff09\u5468\u56f4\u51dd\u805a\u3002\u8fd9\u5ea7\u62e5\u6709\u4e00\u4e07\u4e94\u5343\u4e2a\u5ea7\u4f4d\u7684\u7403\u573a\u6bd7\u90bb\u963f\u5c14\u5df4\u514b\u5c14\u7403\u573a\uff0c\u6bd4\u8d5b\u65e5\u7684\u6b22\u547c\u58f0\u8ba9\u7403\u573a\u4e0a\u5f25\u6f2b\u7740\u6d53\u90c1\u7684\u793e\u533a\u7cbe\u795e\u30022020\u5e74\uff0c\u4ff1\u4e50\u90e8\u53cc\u53cc\u964d\u7ea7\u81f3\u8461\u8404\u7259\u8054\u8d5b\uff0c\u8003\u9a8c\u7740\u7403\u8ff7\u7684\u5fe0\u8bda\u5ea6\u3002\u7136\u800c\uff0c\u8db3\u7403\u4ecd\u7136\u662f\u516c\u6c11\u8eab\u4efd\u8ba4\u540c\u7684\u652f\u67f1\uff0c\u5728\u8fd9\u91cc\uff0c\u4e89\u8bae\u548c\u5fe0\u8bda\u4e0e\u5f53\u5730\u81ea\u8c6a\u611f\u4ea4\u7ec7\u5728\u4e00\u8d77\u3002<\/p>\n<p>\u4ee5\u81ea\u7136\u4e3a\u4e3b\u9898\u7684\u77ed\u9014\u65c5\u884c\u65e2\u662f\u7ecf\u6d4e\u8d44\u4ea7\uff0c\u4e5f\u662f\u4fdd\u62a4\u73af\u5883\u7684\u5de5\u5177\u3002\u7531 Vertigem Azul \u548c Dolphin Bay \u7b49\u4f01\u4e1a\u8fd0\u8425\u7684\u6d77\u8c5a\u89c2\u8d4f\u4e4b\u65c5\uff0c\u5e26\u9886\u6e38\u5ba2\u7a7f\u8d8a\u6d77\u6e7e\uff0c\u63a2\u5bfb\u5f53\u5730\u7684\u5bbd\u543b\u6d77\u8c5a\u7fa4\u843d\u3002\u8461\u8404\u9152\u65c5\u6e38\u4e1a\u5728\u963f\u6cfd\u5510\u84ec\u52c3\u53d1\u5c55\uff0c\u4f55\u585e\u00b7\u739b\u4e3d\u4e9a\u00b7\u8fbe\u00b7\u4e30\u585e\u5361 (Jos\u00e9 Maria da Fonseca) \u548c\u5df4\u5361\u7565 (Bacalh\u00f4a) \u7b49\u5386\u53f2\u60a0\u4e45\u7684\u5e84\u56ed\u5f00\u8bbe\u4e86\u9152\u7a96\u548c\u8461\u8404\u56ed\uff0c\u81ea\u5341\u4e5d\u4e16\u7eaa\u4ee5\u6765\u4fbf\u5f00\u59cb\u751f\u4ea7\u52a0\u5f3a\u578b\u8461\u8404\u9152\u3002\u963f\u5c14\u5e93\u8d1d\u9152\u5e84 (Quinta de Alcube) \u9700\u9884\u7ea6\uff0c\u5728\u7530\u56ed\u98ce\u5149\u4e2d\u63d0\u4f9b\u79c1\u5bc6\u7684\u54c1\u9152\u4f53\u9a8c\u3002<\/p>\n<p>\u57ce\u5e02\u6838\u5fc3\u533a\u4ee5\u5916\u7684\u9057\u4ea7\u5305\u62ec\u83ab\u4f0a\u5c3c\u5965\u00b7\u5fb7\u00b7\u9a6c\u96f7\u00b7\u8fbe\u00b7\u7a46\u91cc\u65af\u5361\uff08Moinho de Mar\u00e9 da Mourisca\uff09\uff0c\u5b83\u662f\u8428\u591a\u6cb3\u53e3\u81ea\u7136\u4fdd\u62a4\u533a\u5185\u56db\u5ea7\u6f6e\u6c50\u78e8\u574a\u4e4b\u4e00\u3002\u8fd9\u91cc\u53e4\u8001\u7684\u673a\u5236\u5229\u7528\u6f6e\u6c50\u7684\u6da8\u843d\u6765\u78e8\u788e\u8c37\u7269\u3002\u5982\u4eca\uff0c\u78e8\u574a\u7684\u9732\u53f0\u4e3a\u9e1f\u7c7b\u5b66\u5bb6\u548c\u666e\u901a\u7684\u89c2\u5bdf\u8005\u63d0\u4f9b\u670d\u52a1\uff0c\u4ed6\u4eec\u4ee5\u6cbc\u6cfd\u4e3a\u80cc\u666f\uff0c\u8ffd\u8e2a\u82cd\u9e6d\u3001\u706b\u70c8\u9e1f\u548c\u8fc1\u5f99\u6d89\u79bd\u3002\u5de5\u4e1a\u8003\u53e4\u4e0e\u91ce\u751f\u52a8\u7269\u7684\u76f8\u4e92\u4f5c\u7528\uff0c\u51f8\u663e\u4e86\u8be5\u5730\u533a\u4eba\u7c7b\u667a\u6167\u4e0e\u81ea\u7136\u8fc7\u7a0b\u7684\u878d\u5408\u3002<\/p>\n<p>\u8003\u53e4\u548c\u6d1e\u7a74\u63a2\u9669\u7684\u7279\u8272\u8fdb\u4e00\u6b65\u4e30\u5bcc\u4e86\u884c\u7a0b\u3002\u514b\u96f7\u7f57\uff08Creiro\uff09\u7684\u7f57\u9a6c\u9057\u5740\u4ee4\u4eba\u8054\u60f3\u8d77\u5f53\u65f6\u7684\u4e61\u95f4\u5c45\u4f4f\u5730\uff0c\u5176\u5899\u58c1\u548c\u5730\u57fa\u5c55\u73b0\u4e86\u5f53\u65f6\u7684\u5bb6\u5ead\u548c\u519c\u4e1a\u751f\u6d3b\u3002\u5723\u739b\u683c\u4e3d\u8fbe\u4e4b\u7a74\uff08Lapa de Santa Margarida\uff09\u548c\u5e03\u62c9\u74e6\u65e0\u82b1\u679c\u5c71\u6d1e\uff08Gruta da Figueira Brava\uff09\u7b49\u6d1e\u7a74\u5c55\u73b0\u4e86\u795e\u5723\u548c\u53f2\u524d\u7684\u7ef4\u5ea6\uff1a\u540e\u8005\u51fa\u571f\u4e86\u5c3c\u5b89\u5fb7\u7279\u4eba\u7684\u6587\u7269\uff0c\u5c06\u585e\u56fe\u5df4\u5c14\u7f6e\u4e8e\u4eba\u7c7b\u8fdb\u5316\u7684\u6df1\u5c42\u8109\u7edc\u4e4b\u4e2d\u3002\u8fd9\u4e9b\u5730\u4e0b\u901a\u9053\u9700\u8981\u8c28\u614e\u548c\u656c\u754f\uff0c\u5b83\u4eec\u5bc2\u9759\u7684\u5ba4\u5185\u56de\u8361\u7740\u7956\u5148\u7684\u56de\u58f0\u3002<\/p>\n<p>\u6700\u540e\uff0c\u5df4\u5361\u7565\u5bab\u53ca\u5e84\u56ed (Pal\u00e1cio e Quinta da Bacalh\u00f4a) \u4f53\u73b0\u4e86\u8be5\u5730\u533a\u7684\u8d35\u65cf\u548c\u827a\u672f\u9057\u4ea7\u3002\u5bab\u6bbf\u5750\u843d\u5728\u4fee\u526a\u6574\u9f50\u7684\u82b1\u56ed\u4e2d\uff0c\u8bbe\u6709\u6587\u827a\u590d\u5174\u548c\u5df4\u6d1b\u514b\u827a\u672f\u753b\u5eca\u3001\u74f7\u7816\u88c5\u9970\u7684\u5927\u5385\u548c\u795e\u8bdd\u96d5\u50cf\u3002\u5e84\u56ed\u7684\u56ed\u827a\u8bbe\u8ba1\u548c\u827a\u672f\u6536\u85cf\u4e0e\u5d0e\u5c96\u7684\u6d77\u5cb8\u5f62\u6210\u4e86\u9c9c\u660e\u7684\u5bf9\u6bd4\uff0c\u8ba9\u6e38\u5ba2\u5728\u4e00\u4e2a\u4e0b\u5348\u7684\u65f6\u95f4\u91cc\u5c31\u80fd\u4ece\u57ce\u5e02\u8857\u9053\u8d70\u8fdb\u96d5\u523b\u7684\u6811\u6797\u3002<\/p>\n<p>\u585e\u56fe\u5df4\u5c14\u878d\u5408\u4e86\u58ee\u4e3d\u7684\u81ea\u7136\u98ce\u5149\u3001\u60a0\u4e45\u7684\u5386\u53f2\u548c\u9c9c\u6d3b\u7684\u4f20\u7edf\uff0c\u5176\u9b45\u529b\u8fdc\u4e0d\u6b62\u6e2f\u53e3\u3001\u5821\u5792\u548c\u4fee\u9053\u9662\u7684\u7b80\u5355\u96c6\u5408\u3002\u8fd9\u91cc\u662f\u6cb3\u6d41\u4e0e\u5927\u897f\u6d0b\u4ea4\u6c47\u4e4b\u5904\uff0c\u5efa\u7b51\u548c\u5de5\u4e1a\u4e0e\u751f\u7269\u5708\u548c\u6d77\u6d0b\u4ea4\u6c47\u4e4b\u5904\uff0c\u6587\u5316\u8bb0\u5fc6\u954c\u523b\u4e8e\u77f3\u5899\u548c\u98ce\u6c99\u6d77\u5cb8\u4e4b\u4e0a\u3002\u5728\u585e\u56fe\u5df4\u5c14\uff0c\u65f6\u95f4\u7684\u7ef4\u5ea6\u6e05\u6670\u53ef\u89c1\u2014\u2014\u5728\u6761\u7ea6\u7684\u58a8\u8ff9\u548c\u6f6e\u6c50\u7684\u6d41\u6dcc\u4e2d\uff0c\u5728\u6559\u5802\u7684\u9634\u5f71\u548c\u8461\u8404\u56ed\u7684\u68af\u7530\u4e2d\u2014\u2014\u6bcf\u4e00\u4e2a\u5143\u7d20\u90fd\u89c1\u8bc1\u7740\u8461\u8404\u7259\u7684\u5927\u897f\u6d0b\u9057\u4ea7\uff0c\u4ee5\u53ca\u5343\u767e\u5e74\u6765\u652f\u6491\u4eba\u7c7b\u53d1\u5c55\u7684\u666f\u89c2\u7684\u6301\u4e45\u9b45\u529b\u3002<\/p>","protected":false},"excerpt":{"rendered":"<p>\u585e\u56fe\u5df4\u5c14\u662f\u8461\u8404\u7259\u7684\u4e00\u4e2a\u57ce\u5e02\u548c\u76f4\u8f96\u533a\uff0c\u622a\u81f32014\u5e74\u4eba\u53e3\u4e3a118,166\u4eba\uff0c\u5360\u5730\u9762\u79ef230.33\u5e73\u65b9\u516c\u91cc\u3002\u585e\u56fe\u5df4\u5c14\u5750\u843d\u5728\u8fd9\u4e2a\u8f83\u5927\u7684\u76f4\u8f96\u533a\u5185\uff0c2001\u5e74\u4eba\u53e3\u4e3a89,302\u4eba\u3002\u585e\u56fe\u5df4\u5c14\u672c\u8eab\u5c31\u662f\u4e00\u4e2a\u91cd\u8981\u7684\u57ce\u5e02\u4e2d\u5fc3\uff0c\u4f4d\u4e8e\u91cc\u65af\u672c\u4ee5\u5357\u7ea650\u516c\u91cc\u5904\uff0c\u662f\u91cc\u65af\u672c\u5927\u90fd\u4f1a\u533a\u7684\u81ea\u7136\u7ec4\u6210\u90e8\u5206\u3002<\/p>","protected":false},"author":1,"featured_media":4027,"parent":12065,"menu_order":0,"comment_status":"closed","ping_status":"closed","template":"elementor_theme","meta":{"_eb_attr":"","footnotes":""},"class_list":["post-12093","page","type-page","status-publish","has-post-thumbnail"],"_links":{"self":[{"href":"https:\/\/travelshelper.com\/zh\/wp-json\/wp\/v2\/pages\/12093","targetHints":{"allow":["GET"]}}],"collection":[{"href":"https:\/\/travelshelper.com\/zh\/wp-json\/wp\/v2\/pages"}],"about":[{"href":"https:\/\/travelshelper.com\/zh\/wp-json\/wp\/v2\/types\/page"}],"author":[{"embeddable":true,"href":"https:\/\/travelshelper.com\/zh\/wp-json\/wp\/v2\/users\/1"}],"replies":[{"embeddable":true,"href":"https:\/\/travelshelper.com\/zh\/wp-json\/wp\/v2\/comments?post=12093"}],"version-history":[{"count":0,"href":"https:\/\/travelshelper.com\/zh\/wp-json\/wp\/v2\/pages\/12093\/revisions"}],"up":[{"embeddable":true,"href":"https:\/\/travelshelper.com\/zh\/wp-json\/wp\/v2\/pages\/12065"}],"wp:featuredmedia":[{"embeddable":true,"href":"https:\/\/travelshelper.com\/zh\/wp-json\/wp\/v2\/media\/4027"}],"wp:attachment":[{"href":"https:\/\/travelshelper.com\/zh\/wp-json\/wp\/v2\/media?parent=12093"}],"curies":[{"name":"wp","href":"https:\/\/api.w.org\/{rel}","templated":true}]}}