{"id":11967,"date":"2024-09-15T11:03:38","date_gmt":"2024-09-15T11:03:38","guid":{"rendered":"https:\/\/travelshelper.com\/staging\/?page_id=11967"},"modified":"2026-03-12T21:00:26","modified_gmt":"2026-03-12T21:00:26","slug":"%e5%b8%83%e5%8a%a0%e5%8b%92%e6%96%af%e7%89%b9","status":"publish","type":"page","link":"https:\/\/travelshelper.com\/zh\/destinations\/europe\/romania\/bucharest\/","title":{"rendered":"\u5e03\u52a0\u52d2\u65af\u7279"},"content":{"rendered":"<p>\u5e03\u52a0\u52d2\u65af\u7279\u662f\u7f57\u9a6c\u5c3c\u4e9a\u7684\u9996\u90fd\u548c\u6700\u5927\u57ce\u5e02\uff0c\u5750\u843d\u4e8e\u8be5\u56fd\u4e1c\u5357\u90e8\u767b\u535a\u7ef4\u5bdf\u6cb3\u7554\u3002\u5e03\u52a0\u52d2\u65af\u7279\u5e02\u533a\u9762\u79ef240\u5e73\u65b9\u516c\u91cc\uff0c\u4eba\u53e3\u7ea6176\u4e07\uff1b\u5927\u90fd\u5e02\u5708\u9762\u79ef1811\u5e73\u65b9\u516c\u91cc\uff0c\u4eba\u53e3\u7ea6230\u4e07\uff0c\u662f\u6b27\u76df\u4eba\u53e3\u7b2c\u516b\u5927\u57ce\u5e02\u3002\u4f5c\u4e3a\u653f\u5e9c\u6240\u5728\u5730\u3001\u8499\u7279\u5c3c\u4e9a\u5730\u533a\u7684\u4e2d\u5fc3\u4ee5\u53ca\u6587\u5316\u3001\u653f\u6cbb\u548c\u7ecf\u6d4e\u6d3b\u52a8\u7684\u652f\u70b9\uff0c\u5e03\u52a0\u52d2\u65af\u7279\u7684\u91cd\u8981\u6027\u8fdc\u8fdc\u8d85\u8d8a\u4e86\u5176\u884c\u653f\u8fb9\u754c\u3002<\/p>\n<p>\u5173\u4e8e\u8be5\u5b9a\u5c45\u70b9\u7684\u6700\u65e9\u6587\u732e\u8bb0\u8f7d\u53ef\u8ffd\u6eaf\u52301459\u5e74\uff0c\u4f46\u76f4\u52301862\u5e74\uff0c\u5e03\u52a0\u52d2\u65af\u7279\u624d\u6b63\u5f0f\u6210\u4e3a\u65b0\u5174\u7f57\u9a6c\u5c3c\u4e9a\u56fd\u5bb6\u7684\u9996\u90fd\u3002\u4ece\u90a3\u65f6\u8d77\uff0c\u8fd9\u5ea7\u57ce\u5e02\u7a33\u6b65\u53d1\u5c55\u7740\u6587\u5316\u673a\u6784\u3001\u5a92\u4f53\u548c\u827a\u672f\u5708\u3002\u6570\u5341\u5e74\u6765\uff0c\u5b83\u9010\u6e10\u5f62\u6210\u4e86\u878d\u5408\u5341\u4e5d\u4e16\u7eaa\u6298\u8877\u4e3b\u4e49\u5efa\u7b51\u3001\u65b0\u53e4\u5178\u4e3b\u4e49\u7acb\u9762\u548c\u873f\u8712\u7684\u65b0\u827a\u672f\u8fd0\u52a8\u88c5\u9970\u7684\u5efa\u7b51\u98ce\u683c\u3002\u4e24\u6b21\u4e16\u754c\u5927\u6218\u671f\u95f4\uff0c\u4e00\u6279\u65b0\u7684\u5efa\u7b51\u5546\u5f00\u59cb\u62e5\u62b1\u5305\u8c6a\u65af\u6781\u7b80\u4e3b\u4e49\u3001\u88c5\u9970\u827a\u672f\u51e0\u4f55\u5b66\u4ee5\u53ca\u6c11\u65cf\u6d6a\u6f2b\u4e3b\u4e49\u590d\u5174\u98ce\u683c\u3002\u8fd9\u4e9b\u5e74\uff0c\u4f18\u96c5\u7684\u8857\u9053\u548c\u56fd\u9645\u5316\u7684\u793e\u4f1a\u6c1b\u56f4\u8ba9\u6e38\u5ba2\u4eec\u5c06\u8fd9\u5ea7\u57ce\u5e02\u79f0\u4e3a\u201c\u5c0f\u5df4\u9ece\u201d\u6216\u201c\u4e1c\u65b9\u5df4\u9ece\u201d\u3002<\/p>\n<p>\u4e8c\u5341\u4e16\u7eaa\u8003\u9a8c\u7740\u5e03\u52a0\u52d2\u65af\u7279\u7684\u57ce\u5e02\u808c\u7406\u3002\u8f70\u70b8\u3001\u5730\u9707\u4ee5\u53ca\u5c3c\u53e4\u62c9\u00b7\u9f50\u5965\u585e\u65af\u5e93\uff08Nicolae Ceau\u0219escu\uff09\u9886\u5bfc\u4e0b\u7684\u201c\u7cfb\u7edf\u5316\u201d\u610f\u8bc6\u5f62\u6001\u8fd0\u52a8\uff0c\u6467\u6bc1\u4e86\u5927\u7247\u5386\u53f2\u6838\u5fc3\u533a\uff0c\u8bb8\u591a\u5b8f\u4f1f\u5efa\u7b51\u6216\u5012\u584c\u6216\u88ab\u5937\u4e3a\u5e73\u5730\u3002\u7136\u800c\uff0c\u8bb8\u591a\u5e78\u5b58\u7684\u5efa\u7b51\u2014\u2014\u6cd5\u5f0f\u8054\u6392\u522b\u5885\u3001\u5bab\u6bbf\u5f0f\u8c6a\u5b85\u548c\u7eff\u6811\u6210\u836b\u7684\u6797\u836b\u5927\u9053\u2014\u2014\u90fd\u7ecf\u8fc7\u4e86\u7cbe\u5fc3\u4fee\u590d\u3002\u4e8c\u5341\u4e00\u4e16\u7eaa\u7684\u6587\u5316\u590d\u5174\u50ac\u751f\u4e86\u7ecf\u6d4e\u548c\u521b\u610f\u4ea7\u4e1a\u7684\u84ec\u52c3\u53d1\u5c55\uff0c\u4f7f\u8fd9\u5ea7\u57ce\u5e02\u6210\u4e3a\u6b27\u6d32\u53d1\u5c55\u6700\u5feb\u7684\u9ad8\u79d1\u6280\u6295\u8d44\u548c\u521b\u65b0\u4e2d\u5fc3\u4e4b\u4e00\u3002<\/p>\n<p>\u622a\u81f32023\u5e741\u6708\uff0c\u8be5\u5e02\u767b\u8bb0\u7684\u5c45\u6c11\u6570\u91cf\u4e3a174\u4e07\uff0c\u5982\u679c\u7b97\u4e0a\u536b\u661f\u57ce\uff0c\u975e\u6b63\u5f0f\u7edf\u8ba1\u6570\u5b57\u4e3a230\u4e07\u3002\u65b0\u51a0\u75ab\u60c5\u671f\u95f4\uff0c\u5b98\u65b9\u62a5\u544a\u7684\u5065\u5eb7\u76d1\u6d4b\u6570\u636e\u663e\u793a\uff0c\u5e03\u52a0\u52d2\u65af\u7279\u7684\u4eba\u53e3\u6570\u91cf\u4e3a250\u4e07\uff0c\u51f8\u663e\u4e86\u7ba1\u7406\u5982\u6b64\u4eba\u53e3\u7a20\u5bc6\u7684\u67a2\u7ebd\u57ce\u5e02\u540e\u52e4\u5de5\u4f5c\u7684\u590d\u6742\u6027\u30022017\u5e74\uff0c\u4e00\u9879\u5168\u7403\u6307\u6570\u663e\u793a\uff0c\u5e03\u52a0\u52d2\u65af\u7279\u662f\u6b27\u6d32\u589e\u957f\u6700\u5feb\u7684\u8fc7\u591c\u65c5\u6e38\u76ee\u7684\u5730\uff0c\u5e76\u5728\u968f\u540e\u4e24\u5e74\u7684\u53d1\u5c55\u6f5c\u529b\u6392\u540d\u4e2d\u4f4d\u5c45\u699c\u9996\u3002\u7136\u800c\uff0c\u4eba\u53e3\u666e\u67e5\u6570\u636e\u663e\u793a\uff0c\u8be5\u5e02\u6c38\u4e45\u5c45\u6c11\u6570\u91cf\u7565\u6709\u4e0b\u964d\uff0c\u8fd9\u4e00\u73b0\u8c61\u90e8\u5206\u5f52\u56e0\u4e8e\u90ca\u533a\u79fb\u6c11\u3002<\/p>\n<p>\u5e03\u52a0\u52d2\u65af\u7279\u7684\u5730\u7406\u533a\u57df\u5927\u81f4\u5448\u5706\u5f62\uff0c\u4ece\u5927\u5b66\u5e7f\u573a\u5230\u5e02\u533a\u8fb9\u754c\u534a\u5f84\u7ea610\u81f312\u516c\u91cc\u3002\u767b\u535a\u7ef4\u5bdf\u6cb3\uff08D\u00e2mbovi\u021ba River\uff09\u5c06\u57ce\u5e02\u4e00\u5206\u4e3a\u4e8c\uff0c\u7136\u540e\u6c47\u5165\u963f\u5c14\u6770\u4ec0\u6cb3\uff08Arge\u0219\uff09\uff0c\u6700\u7ec8\u6c47\u5165\u591a\u7459\u6cb3\u3002\u5728\u5317\u90e8\uff0c\u56db\u5ea7\u76f8\u8fde\u7684\u6c34\u5e93\u2014\u2014\u8d6b\u62c9\u65af\u7279\u52b3\uff08Her\u0103strau\uff09\u3001\u5f17\u6d1b\u96f7\u65af\u5361\uff08Floreasca\uff09\u3001\u6cf0\uff08Tei\uff09\u548c\u79d1\u4f26\u8482\u7eb3\uff08Colentina\uff09\u2014\u2014\u6cbf\u7740\u79d1\u4f26\u8482\u7eb3\u6cb3\u7684\u6cb3\u9053\u873f\u8712\u800c\u4e0b\uff0c\u800c\u4e00\u4e2a\u8f83\u5c0f\u7684\u89c2\u8d4f\u6027\u76c6\u5730\u2014\u2014\u897f\u4ec0\u7c73\u4e45\u6e56\uff08Lake Ci\u0219migiu\uff09\u5219\u5750\u843d\u5728\u7fe0\u7eff\u7684\u897f\u4ec0\u7c73\u4e45\u82b1\u56ed\uff08Ci\u0219migiu Gardens\uff09\u4e4b\u4e2d\u3002\u5728\u5927\u5b66\u5e7f\u573a\u5357\u4fa7\u7684\u5723\u4e54\u6cbb\u5e7f\u573a\uff08St George Square\uff09\u65b0\u5723\u4e54\u6cbb\u6559\u5802\uff08New St George Church\uff09\u524d\uff0c\u77d7\u7acb\u7740\u4e00\u4e2a\u8c61\u5f81\u6027\u7684\u96f6\u516c\u91cc\u6807\u8bb0\u3002<\/p>\n<p>\u8fd9\u5ea7\u57ce\u5e02\u7684\u6d77\u62d4\u9ad8\u5ea6\u6ce2\u52a8\uff0c\u4e1c\u5357\u90e8\u7684\u4e39\u535a\u7ef4\u5bdf\u6865\u5927\u7ea6\u4e3a 56 \u7c73\uff0c\u800c\u897f\u90e8\u5c71\u9876\u6709\u4e00\u5ea7\u519b\u4e8b\u6559\u5802\uff0c\u6d77\u62d4\u4e3a 91.5 \u7c73\u3002\u4f20\u7edf\u4e0a\uff0c\u5e03\u52a0\u52d2\u65af\u7279\u636e\u8bf4\u5750\u843d\u5728\u4e03\u5ea7\u5c71\u4e0a\uff1aMihai Vod\u0103\u3001Dealul Mitropoliei\u3001Radu Vod\u0103\u3001Cotroceni\u3001Dealul Spirii\u3001V\u0103c\u0103re\u015fti \u548c Sf\u00e2ntu Gheorghe Nou\uff0c\u8fd9\u662f\u7f57\u9a6c\u7684\u8bd7\u610f\u547c\u5e94\uff0c\u5f3a\u8c03\u4e86\u5176\u524d\u73b0\u4ee3\u8d77\u6e90\u4e8e\u66fe\u7ecf\u88ab Vl\u0103siei \u68ee\u6797\u8986\u76d6\u7684\u80a5\u6c83\u5e73\u539f\u3002<\/p>\n<p>\u9519\u843d\u6709\u81f4\u7684\u7eff\u5730\u70b9\u7f00\u7740\u57ce\u5e02\u808c\u7406\u3002\u897f\u7c73\u5409\u4e4c\u82b1\u56ed\uff08Ci\u0219migiu Gardens\uff09\u5efa\u4e8e1847\u5e74\uff0c\u7531\u5fb7\u56fd\u5efa\u7b51\u5e08\u5361\u5c14\u00b7F\u00b7W\u00b7\u8fc8\u8036\uff08Carl FW Meyer\uff09\u8bbe\u8ba1\uff0c\u662f\u5e02\u4e2d\u5fc3\u9644\u8fd1\u4e00\u5904\u7eff\u6811\u6210\u836b\u7684\u4f11\u61a9\u80dc\u5730\uff0c\u5386\u53f2\u4e0a\u66fe\u5438\u5f15\u8fc7\u4f17\u591a\u8bd7\u4eba\u548c\u5c0f\u8bf4\u5bb6\u3002\u8d6b\u62c9\u65af\u7279\u62c9\u4e4c\u516c\u56ed\uff08Her\u0103strau Park\uff09\u73af\u7ed5\u7740\u4e0e\u5176\u540c\u540d\u7684\u6e56\u6cca\u7684\u5317\u5cb8\uff0c\u5e76\u5c06\u7f57\u9a6c\u5c3c\u4e9a\u4e61\u6751\u535a\u7269\u9986\u7eb3\u5165\u5176\u4e2d\u3002\u5ef7\u5185\u96f7\u56fe\u9c81\u516c\u56ed\uff08Tineretului Park\uff09\u4e8e1965\u5e74\u843d\u6210\uff0c\u662f\u5357\u90e8\u5730\u533a\u7684\u4e3b\u8981\u4f11\u95f2\u533a\uff0c\u5e76\u8bbe\u6709\u4e00\u4e2a\u4e13\u4e3a\u513f\u7ae5\u8bbe\u8ba1\u7684\u201c\u8ff7\u4f60\u5c0f\u9547\u201d\u3002<\/p>\n<p>\u79d1\u7279\u7f57\u585e\u5c3c\u533a\u7684\u690d\u7269\u56ed\u62e5\u6709\u6e29\u5ba4\u548c\u9732\u5929\u82b1\u575b\uff0c\u79cd\u690d\u7740\u8d85\u8fc7\u4e00\u4e07\u79cd\u690d\u7269\uff1b\u5b83\u6700\u521d\u662f\u7687\u5bb6\u6e38\u4e50\u573a\u3002\u5176\u4ed6\u8457\u540d\u7684\u516c\u56ed\u5305\u62ec\u8fc8\u514b\u5c14\u4e00\u4e16\u56fd\u738b\u516c\u56ed\u3001\u5361\u7f57\u5c14\u516c\u56ed\u3001\u4e9a\u5386\u5c71\u5927\u00b7\u4f0a\u4e07\u00b7\u5e93\u624e\u516c\u56ed\uff08\u4fd7\u79f0\u6cf0\u5766\u516c\u56ed\uff09\u3001\u57fa\u585e\u83b1\u592b\u516c\u56ed\u3001\u4f0a\u5179\u6c83\u5c14\u516c\u56ed\u3001\u683c\u52d2\u8fea\u7eb3\u00b7\u4f0a\u79d1\u963f\u5185\u4f0a\u516c\u56ed\u3001\u73af\u72b6\u516c\u56ed\u548c\u83ab\u5409\u5965\u7f57\u4ec0\u516c\u56ed\u3002\u6b64\u5916\uff0c\u56fd\u5bb6\u516c\u56ed\u3001\u6cf0\u4f0a\u516c\u56ed\u3001\u57c3\u7f57\u4f0a\u6d1b\u5c14\u516c\u56ed\u548c\u514b\u5170\u52a0\u897f\u516c\u56ed\u7b49\u5176\u4ed6\u516c\u56ed\uff0c\u4ee5\u53ca\u83ab\u91cc\u6e56\uff0c\u4e3a\u57ce\u5e02\u8fb9\u7f18\u7684\u4eba\u4eec\u63d0\u4f9b\u4e86\u8fdb\u4e00\u6b65\u7684\u4f11\u61a9\u4e4b\u6240\u3002<\/p>\n<p>\u5176\u4e2d\uff0c\u74e6\u514b\u96f7\u4ec0\u8482\u6e56\u5c24\u4e3a\u5f15\u4eba\u6ce8\u76ee\u3002\u8be5\u6e56\u5728\u9f50\u5965\u585e\u65af\u5e93\u6267\u653f\u65f6\u671f\u4ee5\u6df7\u51dd\u571f\u6c34\u6c60\u7684\u5f62\u5f0f\u5efa\u6210\uff0c\u4f46\u57281989\u5e74\u9769\u547d\u540e\u88ab\u5e9f\u5f03\u3002\u4e8c\u5341\u591a\u5e74\u6765\uff0c\u8be5\u6e56\u7ecf\u5386\u4e86\u4e8b\u5b9e\u4e0a\u7684\u91ce\u5316\u6539\u9020\u3002\u81ea2016\u5e745\u6708\u8d77\uff0c\u5b83\u88ab\u6307\u5b9a\u4e3a\u74e6\u514b\u96f7\u4ec0\u8482\u81ea\u7136\u516c\u56ed\uff0c\u5360\u5730190\u516c\u9877\uff0c\u5176\u4e2d\u4e00\u534a\u4e3a\u5f00\u653e\u6c34\u57df\uff0c\u6816\u606f\u774097\u79cd\u9e1f\u7c7b\u30017\u79cd\u54fa\u4e73\u52a8\u7269\u4ee5\u53ca\u4f17\u591a\u4e24\u6816\u52a8\u7269\u548c\u6606\u866b\u3002\u74e6\u514b\u96f7\u4ec0\u8482\u6e56\u88ab\u975e\u6b63\u5f0f\u5730\u79f0\u4e3a\u201c\u5e03\u52a0\u52d2\u65af\u7279\u4e09\u89d2\u6d32\u201d\uff0c\u5b83\u81f3\u4eca\u4ecd\u662f\u5927\u81ea\u7136\u5728\u5bc6\u96c6\u7684\u57ce\u5e02\u5c45\u4f4f\u533a\u4e2d\u590d\u82cf\u7684\u6709\u529b\u89c1\u8bc1\u3002<\/p>\n<p>\u76f4\u523020\u4e16\u7eaa\u672b\uff0c\u9996\u90fd\u5468\u8fb9\u5730\u533a\u4ecd\u4ee5\u519c\u4e1a\u4e3a\u4e3b\u3002\u81ea\u5171\u4ea7\u4e3b\u4e49\u57ae\u53f0\u4ee5\u6765\uff0c\u4f0a\u5c14\u798f\u592b\u53bf\u8fc5\u901f\u57ce\u9547\u5316\uff1a\u52302021\u5e74\uff0c\u5176\u4eba\u53e3\u589e\u957f\u81f3542,686\u4eba\uff0c\u8fd9\u4e00\u589e\u5e45\u8d85\u8fc7\u4e862011\u5e74\u81f32021\u5e74\u95f4\u7f57\u9a6c\u5c3c\u4e9a\u5176\u4ed6\u6240\u6709\u53bf\u7684\u4eba\u53e3\u589e\u957f\u3002\u6ce2\u4f69\u4ec0\u8482-\u83b1\u5965\u5c14\u4ee3\u5c3c\u3001\u6c83\u4f26\u5854\u91cc\u3001\u57fa\u4e9a\u7eb3\u3001\u5e03\u62c9\u52a0\u8fea\u9c81\u3001\u6f58\u6cf0\u5229\u8499\u3001\u5e03\u592b\u6cf0\u4e9a\u548c\u5965\u6258\u4f69\u5c3c\u7b49\u6751\u5e84\u5df2\u53d1\u5c55\u6210\u4e3a\u5bcc\u88d5\u7684\u901a\u52e4\u57ce\u9547\uff0c\u4f7f\u8fd9\u5ea7\u57ce\u5e02\u4e0e\u66f4\u5e7f\u9614\u7684\u5927\u90fd\u5e02\u683c\u5c40\u7d27\u5bc6\u76f8\u8fde\u3002<\/p>\n<p>\u5e03\u52a0\u52d2\u65af\u7279\u7684\u6c14\u5019\u4ecb\u4e8e\u6e7f\u6da6\u5927\u9646\u6027\u548c\u6e7f\u6da6\u4e9a\u70ed\u5e26\u4e4b\u95f4\uff0c\u590f\u5b63\u708e\u70ed\u6f6e\u6e7f\uff0c\u51ac\u5b63\u5bd2\u51b7\u591a\u96ea\u3002\u4ef2\u590f\u65e5\u6700\u9ad8\u6c14\u6e29\u5e73\u5747\u4e3a29.8\u00b0C\uff0c\u4e2d\u90e8\u5730\u533a\u6700\u9ad8\u6c14\u6e29\u53ef\u8fbe35-40\u00b0C\u3002\u51ac\u5b63\u6c14\u6e29\u901a\u5e38\u4f1a\u964d\u81f3\u51b0\u70b9\u4ee5\u4e0b\uff0c\u5728\u5e73\u539f\u5730\u533a\u5f3a\u98ce\u7684\u63a8\u52a8\u4e0b\uff0c\u6c14\u6e29\u751a\u81f3\u4f1a\u9aa4\u964d\u81f3-10\u00b0C\u3002\u6625\u5b63\u548c\u79cb\u5b63\u65e5\u5747\u6c14\u6e29\u572817\u81f322\u00b0C\u4e4b\u95f4\u6ce2\u52a8\uff1b\u6625\u5b63\u964d\u96e8\u91cf\u901a\u5e38\u8f83\u5927\uff0c\u590f\u5b63\u5219\u4f1a\u51fa\u73b0\u7a81\u5982\u5176\u6765\u7684\u77ed\u6682\u66b4\u98ce\u96e8\u3002<\/p>\n<p>\u4ece\u4eba\u53e3\u7edf\u8ba1\u5b66\u89d2\u5ea6\u6765\u770b\uff0c2021\u5e74\u4eba\u53e3\u666e\u67e5\u663e\u793a\uff0c\u5e03\u52a0\u52d2\u65af\u7279\u5e02\u533a\u4eba\u53e3\u4e3a1,716,961\u4eba\uff0c\u81ea2011\u5e74\u4ee5\u6765\u7565\u6709\u4e0b\u964d\u3002\u4f4e\u51fa\u751f\u7387\u548c\u5411\u90ca\u533a\u8fc1\u79fb\u662f\u9020\u6210\u8fd9\u4e00\u8d8b\u52bf\u7684\u539f\u56e0\u3002\u8054\u5408\u56fd\u7684\u4e00\u9879\u7814\u7a76\u5c06\u5e03\u52a0\u52d2\u65af\u7279\u5217\u4e3a28\u4e2a\u6b27\u6d32\u9996\u90fd\u4e2d\u7684\u7b2c19\u4f4d\uff0c\u8fd9\u4e9b\u56fd\u5bb6\u7684\u4eba\u53e3\u57281990\u5e74\u81f32010\u5e74\u4ee3\u4e2d\u671f\u4e0b\u964d\u4e86\u8fd14%\uff1b\u5927\u91cf\u5bb6\u5ead\u548c\u5e74\u8f7b\u4e13\u4e1a\u4eba\u58eb\u8fc1\u5f80\u536b\u661f\u516c\u793e\u662f\u9020\u6210\u8fd9\u4e00\u73b0\u8c61\u7684\u4e3b\u8981\u539f\u56e0\u3002<\/p>\n<p>\u5728\u7ecf\u6d4e\u65b9\u9762\uff0c\u5e03\u52a0\u52d2\u65af\u7279\u7684\u4eba\u53e3\u4e0d\u5230\u5168\u56fd\u603b\u4eba\u53e3\u768410%\uff0c\u5374\u8d21\u732e\u4e86\u7f57\u9a6c\u5c3c\u4e9a\u7ea624%\u7684\u56fd\u5185\u751f\u4ea7\u603b\u503c\u548c\u8fd1\u56db\u5206\u4e4b\u4e00\u7684\u5de5\u4e1a\u4ea7\u503c\u3002\u8fd1\u4e09\u5206\u4e4b\u4e00\u7684\u5168\u56fd\u7a0e\u6536\u6765\u81ea\u9996\u90fd\u30022017\u5e74\uff0c\u5e03\u52a0\u52d2\u65af\u7279-\u4f0a\u5c14\u798f\u592b\u5730\u533a\u7ecf\u8d2d\u4e70\u529b\u5e73\u4ef7\u8c03\u6574\u540e\u7684\u4eba\u5747GDP\u8fbe\u5230\u4e86\u6b27\u76df\u5e73\u5747\u6c34\u5e73\u7684145%\uff0c\u8d85\u8fc7\u4e86\u5e03\u8fbe\u4f69\u65af\uff08139%\uff09\u3001\u9a6c\u5fb7\u91cc\uff08125%\uff09\u3001\u67cf\u6797\uff08118%\uff09\u3001\u7f57\u9a6c\uff08110%\uff09\u3001\u91cc\u65af\u672c\uff08102%\uff09\u548c\u7d22\u975e\u4e9a\uff0879%\uff09\u7b49\u57ce\u5e02\u7684\u53ef\u6bd4\u6c34\u5e73\u3002<\/p>\n<p>\u5728\u7ecf\u5386\u4e8620\u4e16\u7eaa90\u5e74\u4ee3\u7684\u76f8\u5bf9\u505c\u6ede\u4e4b\u540e\uff0c\u8fd9\u5ea7\u57ce\u5e02\u5f3a\u52bf\u53cd\u5f39\uff1a\u57fa\u7840\u8bbe\u65bd\u66f4\u65b0\u3001\u5546\u4e1a\u7efc\u5408\u4f53\u3001\u4f4f\u5b85\u533a\u548c\u73bb\u7483\u5e55\u5899\u9ad8\u697c\u91cd\u5851\u4e86\u57ce\u5e02\u5929\u9645\u7ebf\u30022013\u5e741\u6708\uff0c\u5f53\u5730\u5931\u4e1a\u7387\u4e3a2.1%\uff0c\u8fdc\u4f4e\u4e8e5.8%\u7684\u5168\u56fd\u5e73\u5747\u6c34\u5e73\u3002\u5982\u4eca\uff0c\u670d\u52a1\u4e1a\u5728\u7ecf\u6d4e\u4e2d\u5360\u636e\u4e3b\u5bfc\u5730\u4f4d\uff0c\u7ea618.6\u4e07\u5bb6\u4f01\u4e1a\uff08\u51e0\u4e4e\u6db5\u76d6\u7f57\u9a6c\u5c3c\u4e9a\u6240\u6709\u5927\u578b\u4f01\u4e1a\uff09\u7684\u603b\u90e8\u90fd\u8bbe\u5728\u8fd9\u91cc\u3002\u623f\u5730\u4ea7\u548c\u5efa\u7b51\u4e1a\u63a8\u52a8\u4e86\u5343\u79a7\u5e74\u540e\u57ce\u5e02\u6269\u5f20\u7684\u5927\u90e8\u5206\uff0c\u800c\u5e03\u52a0\u52d2\u65af\u7279\u4e5f\u5df2\u6210\u4e3a\u4fe1\u606f\u6280\u672f\u548c\u901a\u4fe1\u7684\u65d7\u8230\u4e2d\u5fc3\uff1b\u4f17\u591a\u56fd\u9645\u8f6f\u4ef6\u516c\u53f8\u5728\u8be5\u5e02\u8bbe\u6709\u79bb\u5cb8\u4ea4\u4ed8\u8bbe\u65bd\u3002<\/p>\n<p>\u5e03\u52a0\u52d2\u65af\u7279\u8bc1\u5238\u4ea4\u6613\u6240\u4e8e2005\u5e74\u5e95\u4e0e\u7535\u5b50\u4ea4\u6613\u5e73\u53f0Rasdaq\u5408\u5e76\uff0c\u6210\u4e3a\u91d1\u878d\u4e1a\u7684\u652f\u67f1\u3002\u81ea20\u4e16\u7eaa90\u5e74\u4ee3\u672b\u4ee5\u6765\uff0c\u4e8c\u5341\u591a\u5bb6\u8d2d\u7269\u4e2d\u5fc3\u548c\u5546\u573a\u62d4\u5730\u800c\u8d77\uff1a\u5176\u4e2d\u8457\u540d\u7684\u5305\u62ecB\u0103neasa\u8d2d\u7269\u57ce\u3001AFI Palace Cotroceni\u8d2d\u7269\u4e2d\u5fc3\u3001Mega\u8d2d\u7269\u4e2d\u5fc3\u3001Bucure\u0219ti\u8d2d\u7269\u4e2d\u5fc3\u3001ParkLake\u8d2d\u7269\u4e2d\u5fc3\u3001Sun Plaza\u8d2d\u7269\u4e2d\u5fc3\u3001Promenada\u8d2d\u7269\u4e2d\u5fc3\u548cUnirea\u8d2d\u7269\u4e2d\u5fc3\u3002\u4e9a\u9a6c\u900a\u3001\u5fae\u8f6f\u3001\u80b2\u78a7\u3001\u7532\u9aa8\u6587\u548cIBM\u7b49\u8de8\u56fd\u516c\u53f8\u5747\u5df2\u5728\u5f53\u5730\u8bbe\u7acb\u4e1a\u52a1\u3002\u6b64\u5916\uff0c\u5e03\u52a0\u52d2\u65af\u7279\u8fd8\u62e5\u6709\u4f17\u591a\u5927\u578b\u77f3\u6cb9\u5929\u7136\u6c14\u3001\u6c7d\u8f66\u3001\u7535\u4fe1\u548c\u6d88\u8d39\u54c1\u516c\u53f8\uff0c\u5176\u4e2d\u5305\u62ec\u7f57\u9a6c\u5c3c\u4e9a\u6700\u5927\u7684\u80fd\u6e90\u96c6\u56e2Petrom\u30022023\u5e74\uff0c\u5e03\u52a0\u52d2\u65af\u7279\u7684\u56fa\u5b9a\u5bbd\u5e26\u901f\u5ea6\u4f4d\u5c45\u5168\u7403\u7b2c\u516d\uff0c\u5e73\u5747\u901f\u7387\u8fbe250 Mbps\u3002<\/p>\n<p>\u4ea4\u901a\u57fa\u7840\u8bbe\u65bd\u5305\u62ec\u7531Metrorex\u8fd0\u8425\u7684\u4e94\u6761\u5730\u94c1\u7ebf\u8def\uff08M1\u81f3M5\uff09\uff0c\u5171\u8bbe\u516d\u5341\u56db\u4e2a\u8f66\u7ad9\u3002\u9996\u6bb5\u4e8e1979\u5e74\u5f00\u901a\uff0c\u6700\u65b0\u7ebf\u8def\u4e8e2020\u5e74\u6295\u5165\u8fd0\u8425\uff1b\u7b2c\u516d\u6761\u7ebf\u8def\u6b63\u5728\u5efa\u8bbe\u4e2d\u3002\u5730\u9762\u4ea4\u901a\u65b9\u9762\uff0c\u5e03\u52a0\u52d2\u65af\u7279\u4ea4\u901a\u516c\u53f8\uff08Societatea de Transport Bucure\u0219ti\uff09\u8fd0\u8425\u516c\u4ea4\u8f66\u3001\u6709\u8f68\u7535\u8f66\u3001\u65e0\u8f68\u7535\u8f66\u548c\u8f7b\u8f68\u8f66\u8f86\uff0c\u6b64\u5916\u8fd8\u6709\u79c1\u8425\u5c0f\u5df4\u548c\u591a\u8fbe1\u4e07\u8f86\u51fa\u79df\u8f66\u3002<\/p>\n<p>\u94c1\u8def\u8fde\u63a5\u4ece\u5e03\u52a0\u52d2\u65af\u7279\u5317\u7ad9\uff08C\u0103ile Ferate Rom\u00e2ne\uff09\u5411\u5916\u8f90\u5c04\uff0c\u8fde\u63a5\u7740\u5e03\u52a0\u52d2\u65af\u7279\u4e0e\u8d1d\u5c14\u683c\u83b1\u5fb7\u3001\u7d22\u975e\u4e9a\u3001\u7ef4\u4e5f\u7eb3\u3001\u5e03\u8fbe\u4f69\u65af\u3001\u4f0a\u65af\u5766\u5e03\u5c14\u548c\u57fa\u8f85\u7b49\u56fd\u5185\u5916\u4e3b\u8981\u76ee\u7684\u5730\u3002\u5df4\u8428\u62c9\u5e03\u3001\u5965\u535a\u5c14\u3001\u4f2f\u5c3c\u4e9a\u8428\u548c\u666e\u7f57\u683c\u96f7\u82cf\u5c14\u7b49\u6b21\u8981\u8f66\u7ad9\u6b63\u5728\u6574\u5408\u6210\u670d\u52a1\u4e8e\u5e03\u52a0\u52d2\u65af\u7279\u5e02\u548c\u4f0a\u5c14\u798f\u592b\u53bf\u7684\u901a\u52e4\u94c1\u8def\u7f51\u7edc\u3002\u5e03\u52a0\u52d2\u65af\u7279\u6700\u53e4\u8001\u7684\u94c1\u8def\u7ec8\u70b9\u7ad9\u83f2\u62c9\u96f7\u7279\u4e8e1869\u5e74\u843d\u6210\uff0c\u540e\u6765\u5728\u5171\u4ea7\u4e3b\u4e49\u653f\u6743\u7edf\u6cbb\u4e0b\u88ab\u6539\u5efa\u4e3a\u516c\u4ea4\u7ec8\u70b9\u7ad9\u3002<\/p>\n<p>\u5965\u6258\u4f69\u5c3c\u7684\u822a\u7a7a\u65c5\u884c\u4e2d\u5fc3\u4f4d\u4e8e\u4ea8\u5229\u00b7\u79d1\u5b89\u5fb7\u56fd\u9645\u673a\u573a (OTP)\uff0c\u8be5\u673a\u573a\u4f4d\u4e8e\u5965\u6258\u4f69\u5c3c\u5e02\u4e2d\u5fc3\u4ee5\u5317 16.5 \u516c\u91cc\u5904\uff1b2017 \u5e74\uff0c\u8be5\u673a\u573a\u5ba2\u6d41\u91cf\u8d85\u8fc7 1280 \u4e07\u4eba\u6b21\uff0c\u662f\u7f57\u9a6c\u5c3c\u4e9a\u6700\u7e41\u5fd9\u7684\u673a\u573a\u3002\u5965\u96f7\u5c14\u00b7\u5f17\u62c9\u4f0a\u5e93\u56fd\u9645\u673a\u573a (BBU) \u4f4d\u4e8e\u5e02\u533a\u4ee5\u5317 8 \u516c\u91cc\u5904\uff0c\u63d0\u4f9b\u516c\u52a1\u673a\u548c\u5305\u673a\u670d\u52a1\u3002<\/p>\n<p>\u5e03\u52a0\u52d2\u65af\u7279\u7684\u516c\u8def\u4ea4\u901a\u662f\u56fd\u5bb6\u516c\u8def\u7f51\u548c\u6cdb\u6b27\u8d70\u5eca IV \u548c IX \u7684\u5173\u952e\u5e72\u9053\u3002\u4e3b\u8981\u9ad8\u901f\u516c\u8def\u2014\u2014\u5f00\u5f80\u76ae\u7279\u4ec0\u8482\uff08\u7ee7\u7eed\u5411\u5308\u7259\u5229\u65b9\u5411\uff09\u7684 A1 \u9ad8\u901f\u516c\u8def\u3001\u5f00\u5f80\u5eb7\u65af\u5766\u5bdf\u7684 A2 \u592a\u9633\u9ad8\u901f\u516c\u8def\u548c\u5f00\u5f80\u666e\u6d1b\u8036\u4ec0\u8482\u7684 A3 \u9ad8\u901f\u516c\u8def\u2014\u2014\u90fd\u53d1\u6e90\u4e8e\u6b64\u3002\u9ad8\u901f\u516c\u8def\u8ddd\u79bb\u5305\u62ec\uff1a\u5230\u5e03\u62c9\u7d22\u592b 183 \u516c\u91cc\uff0c\u5230\u5eb7\u65af\u5766\u5bdf 203 \u516c\u91cc\uff0c\u5230\u96c5\u897f 408 \u516c\u91cc\uff0c\u5230\u514b\u5362\u65e5-\u7eb3\u6ce2\u5361 451 \u516c\u91cc\uff0c\u5230\u8482\u7c73\u4ec0\u74e6\u62c9 544 \u516c\u91cc\u3002\u5185\u5916\u73af\u8def\u4e0e\u653e\u5c04\u72b6\u6797\u836b\u5927\u9053\u76f8\u8f85\u76f8\u6210\u3002\u5c3d\u7ba1\u7cfb\u7edf\u6027\u7684\u9053\u8def\u4fee\u7f2e\u5df2\u7ecf\u89e3\u51b3\u4e86\u8bb8\u591a\u7834\u635f\u7684\u4e3b\u5e72\u9053\u95ee\u9898\uff0c\u4f46\u7531\u4e8e\u6c7d\u8f66\u4fdd\u6709\u91cf\u4e0d\u65ad\u589e\u52a0\uff082013 \u5e74\u6ce8\u518c\u6c7d\u8f66\u5df2\u8fbe 113 \u4e07\u8f86\uff09\uff0c\u9ad8\u5cf0\u65f6\u6bb5\u7684\u4ea4\u901a\u62e5\u5835\u4f9d\u7136\u666e\u904d\u5b58\u5728\u30022010 \u5e74\uff0c\u4e3a\u9002\u5e94\u6c7d\u8f66\u4fdd\u6709\u91cf\u589e\u957f\uff0c\u8f66\u724c\u53f7\u6539\u4e3a\u4e09\u4f4d\u6570\u3002 2011 \u5e74 6 \u6708 17 \u65e5\uff0c\u7f57\u9a6c\u5c3c\u4e9a\u6700\u957f\u3001\u6b27\u6d32\u5927\u9646\u6700\u5bbd\u7684\u659c\u62c9\u6865\u2014\u2014\u5df4\u8428\u62c9\u5e03\u7acb\u4ea4\u6865\u5f00\u901a\uff0c\u663e\u8457\u6539\u5584\u4e86\u683c\u5170\u7279\u6865\u548c\u5317\u7ad9\u9644\u8fd1\u7684\u4ea4\u901a\u6d41\u91cf\u3002<\/p>\n<p>\u8fd1\u5e74\u6765\uff0c\u5e03\u52a0\u52d2\u65af\u7279\u7684\u6587\u5316\u751f\u6d3b\u84ec\u52c3\u53d1\u5c55\uff0c\u6db5\u76d6\u89c6\u89c9\u827a\u672f\u3001\u8868\u6f14\u827a\u672f\u548c\u591c\u751f\u6d3b\u3002\u4e0e\u7f57\u9a6c\u5c3c\u4e9a\u5176\u4ed6\u5730\u533a\u4e0d\u540c\uff0c\u8fd9\u5ea7\u57ce\u5e02\u7684\u521b\u610f\u6c1b\u56f4\u5e76\u975e\u5355\u4e00\uff0c\u800c\u662f\u878d\u5408\u4e86\u672c\u571f\u4f20\u7edf\u4e0e\u5168\u7403\u5f71\u54cd\u3002\u753b\u5eca\u3001\u97f3\u4e50\u5385\u3001\u5267\u9662\u548c\u4ff1\u4e50\u90e8\u84ec\u52c3\u53d1\u5c55\uff0c\u5438\u5f15\u7740\u5404\u884c\u5404\u4e1a\u7684\u5c45\u6c11\u548c\u6e38\u5ba2\u3002<\/p>\n<p>\u5e03\u52a0\u52d2\u65af\u7279\u7684\u8bb8\u591a\u5730\u6807\u5efa\u7b51\u90fd\u4ee5\u7eaa\u5ff5\u6027\u5efa\u7b51\u800c\u95fb\u540d\u3002\u8bae\u4f1a\u5bab\u5efa\u4e8e20\u4e16\u7eaa80\u5e74\u4ee3\u9f50\u5965\u585e\u65af\u5e93\u6267\u653f\u65f6\u671f\uff0c\u662f\u4e16\u754c\u4e0a\u6700\u5927\u7684\u8bae\u4f1a\u5927\u53a6\uff1b\u5176\u5e9e\u5927\u7684\u4f53\u91cf\u5185\u8bbe\u7acb\u6cd5\u673a\u6784\u3001\u56fd\u5bb6\u5f53\u4ee3\u827a\u672f\u535a\u7269\u9986\u4ee5\u53ca\u5168\u7403\u6700\u5bbd\u655e\u7684\u4f1a\u8bae\u4e2d\u5fc3\u4e4b\u4e00\u3002\u51ef\u65cb\u95e8\u5efa\u4e8e1935\u5e74\uff0c\u5176\u73b0\u6709\u5f62\u5f0f\u4eff\u7167\u5df4\u9ece\u51ef\u65cb\u95e8\u5efa\u9020\uff0c\u65e8\u5728\u7eaa\u5ff5\u7f57\u9a6c\u5c3c\u4e9a\u7684\u519b\u4e8b\u6210\u5c31\u3002\u91cd\u751f\u7eaa\u5ff5\u7891\u662f\u4e00\u5ea7\u629b\u5149\u5927\u7406\u77f3\u65b9\u5c16\u7891\uff0c\u4e8e2005\u5e74\u63ed\u5e55\uff0c\u65e8\u5728\u7eaa\u5ff51989\u5e74\u9769\u547d\u7684\u9047\u96be\u8005\uff0c\u5176\u62bd\u8c61\u7684\u5f62\u5f0f\u548c\u653f\u6cbb\u5185\u6db5\u5f15\u53d1\u4e86\u516c\u4f17\u7684\u4e89\u8bba\u3002<\/p>\n<p>\u7f57\u9a6c\u5c3c\u4e9a\u96c5\u5178\u5a1c\u795e\u5e99\u4e8e1886\u5e74\u81f31888\u5e74\u95f4\u901a\u8fc7\u516c\u4f17\u52df\u6350\u5efa\u6210\uff0c\u662f\u6c11\u65cf\u6587\u5316\u7684\u8c61\u5f81\uff0c\u5e76\u88ab\u6388\u4e88\u6b27\u6d32\u9057\u4ea7\u79f0\u53f7\u3002\u5e03\u52a0\u52d2\u65af\u7279\u6d32\u9645\u9152\u5e97\u662f\u4e00\u5bb6\u4f4d\u4e8e\u5927\u5b66\u5e7f\u573a\u9644\u8fd1\u7684\u9ad8\u5c42\u4e94\u661f\u7ea7\u9152\u5e97\uff0c\u6bcf\u95f4\u5ba2\u623f\u90fd\u62e5\u6709\u72ec\u7279\u7684\u5e03\u5c40\uff0c\u53ef\u6b23\u8d4f\u5230\u5168\u666f\u3002\u5361\u8428\u00b7\u65af\u574e\u6cf0\u4f0a\u9152\u5e97\u4e8e1957\u5e74\u5efa\u6210\uff0c\u4eff\u7167\u83ab\u65af\u79d1\u56fd\u7acb\u5927\u5b66\u8bbe\u8ba1\uff0c\u66fe\u662f\u5171\u4ea7\u515a\u5b98\u65b9\u65b0\u95fb\u673a\u6784\u7684\u6240\u5728\u5730\uff1b\u5176\u6b63\u9762\u81f3\u4eca\u4ecd\u662f\u5e03\u52a0\u52d2\u65af\u7279\u5e02\u552f\u4e00\u4e00\u5ea7\u4ee5\u9570\u5200\u9524\u5b50\u56fe\u6848\u88c5\u9970\u7684\u5efa\u7b51\u3002<\/p>\n<p>\u535a\u7269\u9986\u673a\u6784\u4f17\u591a\uff1a\u56fd\u5bb6\u827a\u672f\u535a\u7269\u9986\u3001\u683c\u91cc\u6208\u91cc\u00b7\u5b89\u63d0\u5e15\u56fd\u5bb6\u81ea\u7136\u5386\u53f2\u535a\u7269\u9986\u3001\u7f57\u9a6c\u5c3c\u4e9a\u519c\u6c11\u535a\u7269\u9986\u3001\u56fd\u5bb6\u5386\u53f2\u535a\u7269\u9986\u548c\u519b\u4e8b\u535a\u7269\u9986\u5171\u540c\u4fdd\u5b58\u5e76\u5c55\u793a\u7f57\u9a6c\u5c3c\u4e9a\u7684\u6587\u5316\u9057\u4ea7\u3002\u5e02\u4e2d\u5fc3\u672c\u8eab\u5c31\u662f\u4e2d\u4e16\u7eaa\u9057\u8ff9\u3001\u65b0\u53e4\u5178\u4e3b\u4e49\u5bab\u6bbf\u3001\u88c5\u9970\u827a\u672f\u8857\u533a\u3001\u65b0\u827a\u672f\u98ce\u683c\u522b\u5885\u548c\u4e8c\u5341\u4e16\u7eaa\u521d\u65b0\u7f57\u9a6c\u5c3c\u4e9a\u98ce\u683c\u5efa\u7b51\u7684\u6df7\u5408\u4f53\uff0c\u4e0e\u5171\u4ea7\u4e3b\u4e49\u65f6\u4ee3\u7684\u5b9e\u7528\u516c\u5bd3\u697c\u548c\u6563\u843d\u7684\u5f53\u4ee3\u6469\u5929\u5927\u697c\u4ea4\u7ec7\u5728\u4e00\u8d77\u3002<\/p>\n<p>\u572821\u4e16\u7eaa\u7684\u524d25\u5e74\uff0c\u5e03\u52a0\u52d2\u65af\u7279\u5728\u6b27\u76df\u7684\u8d44\u52a9\u548c\u56fd\u5185\u6295\u8d44\u7684\u63a8\u52a8\u4e0b\u7115\u7136\u4e00\u65b0\u3002\u7115\u7136\u4e00\u65b0\u7684\u8001\u57ce\u533a\u5c55\u73b0\u51fa\u4fee\u590d\u7684\u5916\u5899\u548c\u7115\u7136\u4e00\u65b0\u7684\u5ba4\u5185\u7a7a\u95f4\uff0c\u800c\u5305\u62ec\u5b8f\u4f1f\u7684\u5df4\u8428\u62c9\u5e03\u7acb\u4ea4\u6865\u5728\u5185\u7684\u57fa\u7840\u8bbe\u65bd\u5efa\u8bbe\u52fe\u52d2\u51fa\u8fd9\u5ea7\u57ce\u5e02\u4e0d\u65ad\u53d8\u5316\u7684\u8f6e\u5ed3\u3002\u8fd9\u5ea7\u66fe\u7ecf\u88ab\u8a89\u4e3a\u201c\u5c0f\u5df4\u9ece\u201d\u7684\u57ce\u5e02\uff0c\u5982\u4eca\u5c55\u73b0\u51fa\u4e00\u5ea7\u5145\u6ee1\u6d3b\u529b\u3001\u53cd\u5dee\u4ea4\u7ec7\u7684\u5927\u90fd\u5e02\uff1a\u4e00\u90e8\u9c9c\u6d3b\u7684\u7f16\u5e74\u53f2\uff0c\u8bb0\u5f55\u7740\u5386\u53f2\u3001\u73b0\u4ee3\u4ee5\u53ca\u4e24\u8005\u4e4b\u95f4\u6c38\u6052\u7684\u4e92\u52a8\u3002\u5728\u5145\u6ee1\u4f20\u5947\u8272\u5f69\u7684\u8857\u9053\u3001\u516c\u56ed\u548c\u5927\u9053\u4e0a\uff0c\u5e03\u52a0\u52d2\u65af\u7279\u7ee7\u7eed\u5c55\u73b0\u7740\u5176\u4f5c\u4e3a\u6d3b\u529b\u4e4b\u90fd\u7684\u5730\u4f4d\uff0c\u5b83\u8fde\u63a5\u7740\u8fc7\u53bb\u4e0e\u672a\u6765\u3002<\/p>","protected":false},"excerpt":{"rendered":"<p>\u5e03\u52a0\u52d2\u65af\u7279\u662f\u7f57\u9a6c\u5c3c\u4e9a\u7684\u9996\u90fd\u548c\u6700\u5927\u57ce\u5e02\uff0c\u662f\u4e00\u5ea7\u7e41\u8363\u7684\u5927\u90fd\u5e02\uff0c\u7ea6\u6709176\u4e07\u5c45\u6c11\u3002\u8fd9\u5ea7\u5145\u6ee1\u6d3b\u529b\u7684\u57ce\u5e02\u4f4d\u4e8e\u7f57\u9a6c\u5c3c\u4e9a\u4e1c\u5357\u90e8\u767b\u535a\u7ef4\u5bdf\u6cb3\u7554\uff0c\u662f\u7ea6230\u4e07\u5c45\u6c11\u7684\u5927\u90fd\u5e02\u533a\u7684\u4e2d\u5fc3\u3002\u51ed\u501f\u5982\u6b64\u5e9e\u5927\u7684\u4eba\u53e3\uff0c\u5e03\u52a0\u52d2\u65af\u7279\u5728\u6b27\u76df\u4eba\u53e3\u6392\u540d\u7b2c\u516b\uff0c\u51f8\u663e\u4e86\u5176\u5728\u5927\u9646\u7684\u91cd\u8981\u5730\u4f4d\u3002<\/p>","protected":false},"author":1,"featured_media":3400,"parent":11908,"menu_order":0,"comment_status":"closed","ping_status":"closed","template":"elementor_theme","meta":{"_eb_attr":"","footnotes":""},"class_list":["post-11967","page","type-page","status-publish","has-post-thumbnail"],"_links":{"self":[{"href":"https:\/\/travelshelper.com\/zh\/wp-json\/wp\/v2\/pages\/11967","targetHints":{"allow":["GET"]}}],"collection":[{"href":"https:\/\/travelshelper.com\/zh\/wp-json\/wp\/v2\/pages"}],"about":[{"href":"https:\/\/travelshelper.com\/zh\/wp-json\/wp\/v2\/types\/page"}],"author":[{"embeddable":true,"href":"https:\/\/travelshelper.com\/zh\/wp-json\/wp\/v2\/users\/1"}],"replies":[{"embeddable":true,"href":"https:\/\/travelshelper.com\/zh\/wp-json\/wp\/v2\/comments?post=11967"}],"version-history":[{"count":0,"href":"https:\/\/travelshelper.com\/zh\/wp-json\/wp\/v2\/pages\/11967\/revisions"}],"up":[{"embeddable":true,"href":"https:\/\/travelshelper.com\/zh\/wp-json\/wp\/v2\/pages\/11908"}],"wp:featuredmedia":[{"embeddable":true,"href":"https:\/\/travelshelper.com\/zh\/wp-json\/wp\/v2\/media\/3400"}],"wp:attachment":[{"href":"https:\/\/travelshelper.com\/zh\/wp-json\/wp\/v2\/media?parent=11967"}],"curies":[{"name":"wp","href":"https:\/\/api.w.org\/{rel}","templated":true}]}}