{"id":11896,"date":"2024-09-14T20:11:20","date_gmt":"2024-09-14T20:11:20","guid":{"rendered":"https:\/\/travelshelper.com\/staging\/?page_id=11896"},"modified":"2026-03-12T16:15:21","modified_gmt":"2026-03-12T16:15:21","slug":"%e9%9b%b7%e5%85%8b%e9%9b%85%e6%9c%aa%e5%85%8b","status":"publish","type":"page","link":"https:\/\/travelshelper.com\/zh\/destinations\/europe\/iceland\/reykjavik\/","title":{"rendered":"\u96f7\u514b\u96c5\u672a\u514b"},"content":{"rendered":"<p>\u96f7\u514b\u96c5\u672a\u514b\u662f\u51b0\u5c9b\u7684\u9996\u90fd\u548c\u6700\u5927\u57ce\u5e02\uff0c\u4f4d\u4e8e\u51b0\u5c9b\u897f\u5357\u90e8\u6cd5\u8d6b\u8428\u6e7e\u5357\u5cb8\uff0c\u5317\u7eac64\u00b008\u2032\u3002\u96f7\u514b\u96c5\u672a\u514b\u4f4d\u4e8e\u585e\u5c14\u8482\u963f\u7eb3\u5185\u65af\u534a\u5c9b\uff0c\u5e02\u533a\u53ca\u5176\u5411\u5357\u548c\u5411\u4e1c\u5ef6\u4f38\u7684\u4f4e\u5bc6\u5ea6\u90ca\u533a\u6784\u6210\u5176\u5730\u7406\u7279\u5f81\u3002\u622a\u81f32025\u5e741\u67081\u65e5\uff0c\u96f7\u514b\u96c5\u672a\u514b\u5e02\u533a\u7ea6\u670913.9\u4e07\u5c45\u6c11\uff0c\u5468\u8fb9\u9996\u90fd\u5730\u533a\u7ea6\u670924.9\u4e07\u5c45\u6c11\uff0c\u7ea6\u5360\u51b0\u5c9b\u603b\u4eba\u53e3\u768464%\u3002\u4f5c\u4e3a\u4e16\u754c\u6700\u5317\u7aef\u7684\u4e3b\u6743\u9996\u90fd\uff0c\u96f7\u514b\u96c5\u672a\u514b\u7684\u5730\u7406\u7279\u5f81\u7531\u5176\u51b0\u5ddd\u9057\u8ff9\u3001\u706b\u5c71\u57fa\u5e95\u3001\u5267\u70c8\u7684\u5b63\u8282\u6027\u5149\u7167\u53d8\u5316\u4ee5\u53ca\u878d\u5408\u4e2d\u4e16\u7eaa\u4f20\u5947\u548c\u524d\u6cbf\u521b\u610f\u7684\u6587\u5316\u751f\u6d3b\u6240\u5b9a\u4e49\u3002<\/p>\n<p>\u6839\u636e\u4e2d\u4e16\u7eaa\u7684\u300a\u96f7\u514b\u96c5\u672a\u514b\u53f2\u300b\uff08Landn\u00e1mab\u00f3k\uff09\u8bb0\u8f7d\uff0c\u96f7\u514b\u96c5\u672a\u514b\u7684\u4eba\u7c7b\u5386\u53f2\u59cb\u4e8e\u516c\u5143874\u5e74\u5de6\u53f3\uff0c\u5f53\u65f6\u82f1\u683c\u5c14\u592b\u00b7\u963f\u7eb3\u677e\uff08Ing\u00f3lfur Arnarson\uff09\u5efa\u7acb\u4e86\u7b2c\u4e00\u4e2a\u6c38\u4e45\u7684\u5317\u6b27\u5b9a\u5c45\u70b9\u3002\u4f20\u8bf4\u82f1\u683c\u5c14\u592b\u5c06\u4ed6\u7684\u9ad8\u5ea7\u67f1\u629b\u5165\u6d77\u4e2d\uff0c\u5e76\u53d1\u8a93\u8981\u5728\u5b83\u4eec\u88ab\u51b2\u4e0a\u5cb8\u7684\u4efb\u4f55\u5730\u65b9\u5b9a\u5c45\uff1b\u4e09\u5e74\u540e\uff0c\u4ed6\u7684\u5974\u96b6\u4eec\u5728\u5982\u4eca\u4ee5\u8fd9\u5ea7\u57ce\u5e02\u547d\u540d\u7684\u6d77\u6e7e\u6253\u635e\u5230\u4e86\u8fd9\u4e9b\u67f1\u5b50\u3002\u6b64\u540e\u8fd1\u4e00\u5343\u5e74\u95f4\uff0c\u9664\u4e86\u96f6\u661f\u6563\u5e03\u7684\u519c\u573a\u548c\u5b63\u8282\u6027\u8425\u5730\u5916\uff0c\u96f7\u514b\u96c5\u672a\u514b\u51e0\u4e4e\u6ca1\u6709\u57ce\u5e02\u53d1\u5c55\u3002\u76f4\u52301786\u5e74\uff0c\u96f7\u514b\u96c5\u672a\u514b\u624d\u6b63\u5f0f\u88ab\u6388\u4e88\u8d38\u6613\u57ce\u9547\u7684\u79f0\u53f7\uff0c\u90a3\u65f6\u7b80\u964b\u7684\u6e2f\u53e3\u548c\u5431\u5431\u4f5c\u54cd\u7684\u6728\u5c4b\u9010\u6e10\u88ab\u7a33\u6b65\u6269\u5f20\u7684\u5546\u4e1a\u548c\u884c\u653f\u529f\u80fd\u6240\u53d6\u4ee3\u3002\u5728\u6574\u4e2a\u5341\u4e5d\u4e16\u7eaa\uff0c\u96f7\u514b\u96c5\u672a\u514b\u53d1\u5c55\u6210\u4e3a\u4e00\u4e2a\u533a\u57df\u67a2\u7ebd\uff0c\u5e76\u5728\u4e8c\u5341\u4e16\u7eaa\u6210\u4e3a\u51b0\u5c9b\u65e0\u53ef\u4e89\u8bae\u7684\u653f\u5e9c\u3001\u91d1\u878d\u548c\u6587\u5316\u4e2d\u5fc3\u3002<\/p>\n<p>\u96f7\u514b\u96c5\u672a\u514b\u7684\u5730\u5f62\u5730\u8c8c\u662f\u7531\u51b0\u3001\u6d77\u548c\u706b\u7684\u76f8\u4e92\u4f5c\u7528\u5851\u9020\u7684\u3002\u5728\u4e0a\u4e00\u4e2a\u51b0\u6cb3\u65f6\u4ee3\u2014\u2014\u5927\u7ea6\u4e00\u4e07\u5e74\u524d\u2014\u2014\u5de8\u5927\u7684\u51b0\u5ddd\u8986\u76d6\u4e86\u8fd9\u7247\u533a\u57df\uff0c\u5373\u4f7f\u6cbf\u6d77\u6d77\u6c34\u4e0d\u65ad\u62cd\u6253\u51b0\u5ddd\u8fb9\u7f18\uff0c\u51b0\u5ddd\u7684\u91cd\u91cf\u4e5f\u538b\u7740\u4e0b\u65b9\u7684\u571f\u5730\u3002\u968f\u7740\u51b0\u5ddd\u6d88\u9000\u548c\u6d77\u5e73\u9762\u4e0b\u964d\uff0c\u50cf\u5384\u65af\u514b\u5c24\u5229\u5179\uff08\u00d6skjuhl\u00ed\u00f0\uff09\u548c\u65af\u79d1\u62c9\u6c83\u675c\u970d\u5c14\u7279\uff08Sk\u00f3lav\u00f6r\u00f0uholt\uff09\u8fd9\u6837\u7684\u5c71\u4e18\u9010\u6e10\u6f14\u53d8\u6210\u5c9b\u5c7f\uff0c\u5b83\u4eec\u7684\u706b\u5c71\u6839\u6e90\u53ef\u4ee5\u8ffd\u6eaf\u5230\u6e29\u6696\u7684\u95f4\u51b0\u671f\uff0c\u5f53\u65f6\u76fe\u5f62\u706b\u5c71\u55b7\u53d1\u5f62\u6210\u4e86\u7384\u6b66\u5ca9\u6d41\u3002\u5384\u65af\u514b\u5c24\u5229\u5179\u5c9b\u4e0a\u7684\u6c89\u79ef\u8d1d\u58f3\u72b6\u6c89\u79ef\u7269\u6bd4\u4eca\u5929\u7684\u6d77\u5e73\u9762\u9ad8\u51fa43\u7c73\uff0c\u8bc1\u660e\u4e86\u90a3\u91cc\u5b58\u5728\u7740\u53e4\u8001\u7684\u6d77\u5cb8\u7ebf\u3002\u51b0\u671f\u540e\u5747\u8861\u56de\u5f39\u4f7f\u5730\u8868\u4e0a\u5347\u81f3\u5982\u4eca\u7684\u9ad8\u5ea6\uff0c\u5c3d\u7ba1\u5730\u9707\u548c\u706b\u5c71\u55b7\u53d1\u2014\u2014\u4f8b\u5982\u5927\u7ea64500\u5e74\u524d\u4ece\u5e03\u62c9\u592b\u7ea6\u5c14\u706b\u5c71\u55b7\u53d1\u800c\u51fa\u7684\u7194\u5ca9\uff0c\u987a\u7740\u57c3\u5229\u8fbe\u5c71\u8c37\u6d41\u6dcc\u81f3\u57c3\u5229\u8fbe\u6c83\u683c\u6e7e\u2014\u2014\u4ecd\u7136\u63d0\u9192\u7740\u4eba\u4eec\u51b0\u5c9b\u52a8\u8361\u7684\u5730\u8d28\u6784\u9020\u3002\u57c3\u5229\u8fbe\u6cb3\u867d\u7136\u4e0d\u80fd\u901a\u822a\uff0c\u4f46\u5374\u4ee5\u57ce\u5e02\u9c91\u9c7c\u6d04\u6e38\u800c\u95fb\u540d\uff0c\u5b83\u873f\u8712\u6d41\u7ecf\u4e1c\u90e8\u90ca\u533a\uff1b\u800c\u6d77\u62d4914\u7c73\u7684\u57c3\u65af\u4e9a\u5c71\uff0c\u5219\u5982\u540c\u4e00\u5ea7\u82b1\u5c97\u5ca9\u54e8\u5175\uff0c\u77d7\u7acb\u5728\u6838\u5fc3\u533a\u7684\u897f\u5317\u90e8\u3002<\/p>\n<p>\u96f7\u514b\u96c5\u672a\u514b\u4f4d\u4e8e\u5317\u7eac 64\u00b0\uff0c\u8fd9\u5bfc\u81f4\u5176\u767d\u5929\u7684\u53d8\u5316\u6781\u5927\u30025 \u6708 20 \u65e5\u81f3 7 \u6708 24 \u65e5\u671f\u95f4\uff0c\u592a\u9633\u9ad8\u5ea6\u89d2\u4ece\u4e0d\u8d85\u8fc7\u5730\u5e73\u7ebf\u4ee5\u4e0b 5\u00b0\uff0c\u6574\u5ea7\u57ce\u5e02\u51e0\u4e4e\u4e00\u76f4\u6c90\u6d74\u5728\u65e5\u5149\u4e4b\u4e0b\uff1b\u800c 12 \u6708 2 \u65e5\u81f3 1 \u6708 10 \u65e5\u671f\u95f4\uff0c\u767d\u5929\u65f6\u95f4\u7f29\u77ed\u81f3\u4e0d\u8db3 5 \u5c0f\u65f6\uff0c\u592a\u9633\u9ad8\u5ea6\u89d2\u4ec5\u7ea6\u4e3a\u5730\u5e73\u7ebf\u4ee5\u4e0a 3\u00b0\u3002\u5c3d\u7ba1\u5730\u5904\u9ad8\u7eac\u5ea6\uff0c\u4f46\u6c14\u5019\u53d7\u5230\u5317\u5927\u897f\u6d0b\u6696\u6d41\uff08\u58a8\u897f\u54e5\u6e7e\u6696\u6d41\u7684\u4e00\u4e2a\u5206\u652f\uff09\u7684\u5f71\u54cd\uff0c\u5c5e\u4e8e\u4e9a\u6781\u5730\u6d77\u6d0b\u6027\u6c14\u5019\uff08\u67ef\u672c\u6c14\u5019\u5206\u7c7b\u6cd5 Cfc\uff09\uff0c\u63a5\u8fd1\u4e9a\u5317\u6781\u6c14\u5019\uff08Dfc\uff09\u3002\u51ac\u5b63\u76f8\u5bf9\u6e29\u548c\uff0c\u5f88\u5c11\u4f4e\u4e8e \u221215 \u00b0C\uff0c\u4f46\u51b0\u5c9b\u4f4e\u538b\u4f1a\u4f34\u6709\u9891\u7e41\u7684\u66b4\u98ce\u96e8\u3002\u590f\u5b63\u51c9\u723d\uff0c\u6c14\u6e29\u901a\u5e38\u5728 10 \u00b0C \u81f3 15 \u00b0C \u4e4b\u95f4\uff0c\u5f88\u5c11\u8d85\u8fc7 20 \u00b0C\u3002\u6bcf\u5e74\u7ea6\u6709147\u5929\u964d\u6c34\uff0c\u4f46\u53ef\u80fd\u4f1a\u51fa\u73b0\u957f\u671f\u5e72\u65f1\uff1b\u4e03\u6708\u548c\u516b\u6708\u6700\u70ed\uff0c\u4e00\u6708\u548c\u4e8c\u6708\u6700\u51b7\u3002\u5e74\u5e73\u5747\u65e5\u7167\u7ea61300\u5c0f\u65f6\uff0c\u4e0e\u7231\u5c14\u5170\u6216\u82cf\u683c\u5170\u76f8\u5f53\uff0c\u4f46\u8fdc\u5c11\u4e8e\u65af\u582a\u7684\u7eb3\u7ef4\u4e9a\u5927\u9646\u3002\u6700\u9ad8\u6c14\u6e2925.7\u00b0C\u51fa\u73b0\u57282008\u5e747\u670830\u65e5\uff0c\u6700\u4f4e\u6c14\u6e29\u221224.5\u00b0C\u51fa\u73b0\u57281918\u5e741\u670821\u65e5\uff1b\u6709\u8bb0\u5f55\u4ee5\u6765\u6700\u51b7\u7684\u6708\u4efd\u4ecd\u7136\u662f1918\u5e741\u6708\uff08\u5e73\u5747\u22127.2\u00b0C\uff09\uff0c\u6700\u70ed\u7684\u6708\u4efd\u662f2019\u5e747\u6708\uff08\u5e73\u574713.4\u00b0C\uff09\u3002<\/p>\n<p>\u96f7\u514b\u96c5\u672a\u514b\u5e02\uff08\u622a\u81f32025\u5e741\u67081\u65e5\uff09\u62e5\u6709138,772\u540d\u5c45\u6c11\uff0c\u7ea6\u5360\u51b0\u5c9b\u603b\u4eba\u53e3\u768435.6%\uff0c\u800c\u7531\u516d\u5e02\u7ec4\u6210\u7684\u9996\u90fd\u5927\u533a\u5219\u7ea6\u536064%\u3002\u79fb\u6c11\u91cd\u5851\u4e86\u8be5\u5e02\u7684\u4eba\u53e3\u7ed3\u6784\uff1a\u622a\u81f32024\u5e741\u67081\u65e5\uff0c\u7b2c\u4e00\u4ee3\u548c\u7b2c\u4e8c\u4ee3\u79fb\u6c11\u4eba\u6570\u4e3a33,731\u4eba\uff0c\u5360\u603b\u4eba\u53e3\u7684\u8fd1\u56db\u5206\u4e4b\u4e00\uff0c\u800c2019\u5e74\u8fd9\u4e00\u6bd4\u4f8b\u4e3a17.8%\uff0c1998\u5e74\u4ec5\u4e3a2.9%\u3002\u6ce2\u5170\u4eba\u3001\u7acb\u9676\u5b9b\u4eba\u3001\u4e4c\u514b\u5170\u4eba\u548c\u7f57\u9a6c\u5c3c\u4e9a\u4eba\u662f\u6700\u5927\u7684\u5916\u7c4d\u79fb\u6c11\u7fa4\u4f53\uff0c\u5176\u4e2d\u6b27\u76df\u548c\u6b27\u6d32\u81ea\u7531\u8d38\u6613\u8054\u76df\u56fd\u6c11\u7ea6\u5360\u65b0\u79fb\u6c11\u768464.8%\uff0c\u8fd1\u4e00\u534a\u6765\u81ea2004\u5e74\u540e\u52a0\u5165\u6b27\u76df\u7684\u56fd\u5bb6\u3002\u5728\u96f7\u514b\u96c5\u672a\u514b\u7684\u5b66\u6821\u91cc\uff0c\u4e09\u5206\u4e4b\u4e00\u7684\u5b66\u751f\u53ef\u80fd\u6709\u5916\u56fd\u8840\u7edf\uff0c\u5728\u65c5\u6e38\u65fa\u5b63\uff0c\u5e02\u4e2d\u5fc3\u7684\u6e38\u5ba2\u6570\u91cf\u53ef\u80fd\u8d85\u8fc7\u5f53\u5730\u5c45\u6c11\u3002<\/p>\n<p>\u4f5c\u4e3a\u51b0\u5c9b\u7684\u6587\u5316\u3001\u7ecf\u6d4e\u548c\u653f\u5e9c\u4e2d\u5fc3\uff0c\u96f7\u514b\u96c5\u672a\u514b\u6c47\u805a\u4e86\u51b0\u5c9b\u7684\u4e3b\u8981\u673a\u6784\u3002\u91d1\u878d\u533a\u535a\u5c14\u52a0\u987f\u6c47\u805a\u4e86\u5404\u5927\u516c\u53f8\u548c\u4e09\u5bb6\u6295\u8d44\u94f6\u884c\uff1b\u5b83\u66fe\u662f\u6240\u8c13\u7684\u201c\u5317\u6b27\u4e4b\u864e\u201d\u7e41\u8363\u65f6\u671f\u7684\u6838\u5fc3\uff0c\u5728\u6b64\u671f\u95f4\uff0c\u54c8\u5e15\u97f3\u4e50\u5385\u548c\u4f1a\u8bae\u4e2d\u5fc3\u7b49\u96c4\u5fc3\u52c3\u52c3\u7684\u9879\u76ee\u5982\u96e8\u540e\u6625\u7b0b\u822c\u6d8c\u73b0\u2014\u2014\u8fd9\u4e9b\u9879\u76ee\u540e\u6765\u56e02008\u5e74\u91d1\u878d\u5371\u673a\u800c\u53d7\u963b\u3002\u96f7\u514b\u96c5\u672a\u514b\u7684\u5916\u4ea4\u533a\u89c4\u6a21\u867d\u5c0f\uff0c\u5374\u610f\u4e49\u975e\u51e1\uff0c\u62e5\u6709\u5341\u56db\u4e2a\u5927\u4f7f\u9986\uff0c\u4ee5\u53ca\u683c\u9675\u5170\u3001\u6cd5\u7f57\u7fa4\u5c9b\u548c\u6b27\u76df\u7684\u9a7b\u5730\u548c\u4ee3\u8868\u5904\u3002<\/p>\n<p>\u4ea4\u901a\u57fa\u7840\u8bbe\u65bd\u65e2\u4f53\u73b0\u4e86\u51b0\u5c9b\u7684\u96c4\u5fc3\u58ee\u5fd7\uff0c\u4e5f\u4f53\u73b0\u4e86\u5bf9\u5730\u7406\u73b0\u5b9e\u7684\u9002\u5e94\u3002\u51b0\u5c9b\u7684\u4eba\u5747\u6c7d\u8f66\u62e5\u6709\u91cf\u4f4d\u5c45\u4e16\u754c\u524d\u5217\u2014\u2014\u6bcf\u5343\u540d\u5c45\u6c11\u7ea6\u6709522\u8f86\u6c7d\u8f66\u2014\u2014\u7136\u800c\uff0c\u5f97\u76ca\u4e8e\u8fde\u63a5\u4eba\u53e3\u4e2d\u5fc3\u7684\u591a\u8f66\u9053\u9ad8\u901f\u516c\u8def\u548c\u5145\u8db3\u7684\u505c\u8f66\u4f4d\uff0c\u96f7\u514b\u96c5\u672a\u514b\u7684\u4ea4\u901a\u62e5\u5835\u4ecd\u7136\u8f83\u4e3a\u6e29\u548c\u3002\u516c\u5171\u4ea4\u901a\u7531\u65af\u7279\u62c9\u6258\uff08Str\u00e6t\u00f3\uff09\u5e7f\u6cdb\u7684\u516c\u4ea4\u7f51\u7edc\u63d0\u4f9b\uff0c\u8457\u540d\u76841\u53f7\u73af\u57ce\u516c\u8def\u7ed5\u8fc7\u57ce\u5e02\u90ca\u533a\uff0c\u5c06\u9996\u90fd\u4e0e\u56fd\u5bb6\u516c\u8def\u7cfb\u7edf\u8fde\u63a5\u8d77\u6765\u3002\u96f7\u514b\u96c5\u672a\u514b\u673a\u573a\u5750\u843d\u5728\u5e02\u4e2d\u5fc3\u5357\u90e8\uff0c\u670d\u52a1\u4e8e\u56fd\u5185\u3001\u901a\u7528\u822a\u7a7a\u548c\u533b\u7597\u822a\u73ed\u2014\u2014\u5c3d\u7ba1\u5176\u4e2d\u5fc3\u4f4d\u7f6e\u957f\u671f\u4ee5\u6765\u5f15\u53d1\u4e86\u5173\u4e8e\u571f\u5730\u4f7f\u7528\u7684\u4e89\u8bae\u3002\u56fd\u9645\u65c5\u5ba2\u53ef\u901a\u8fc7\u897f\u5357\u65b9\u541140\u516c\u91cc\u5904\u7684\u51ef\u592b\u62c9\u7ef4\u514b\u56fd\u9645\u673a\u573a\u62b5\u8fbe\u3002\u4e24\u4e2a\u6d77\u6e2f\u4e3a\u6d77\u4e0a\u4ea4\u901a\u63d0\u4f9b\u670d\u52a1\uff1a\u9760\u8fd1\u5e02\u4e2d\u5fc3\u7684\u8001\u6e2f\uff0c\u4e3b\u8981\u505c\u9760\u6e14\u8239\u548c\u6e38\u8f6e\uff1b\u4ee5\u53ca\u4f4d\u4e8e\u4e1c\u90e8\u8fb9\u7f18\u7684\u5b59\u8fbe\u970d\u82ac\uff08Sundah\u00f6fn\uff09\uff0c\u8fd9\u662f\u51b0\u5c9b\u7684\u4e3b\u8981\u8d27\u8fd0\u6e2f\u53e3\u3002\u8fd9\u91cc\u6ca1\u6709\u516c\u5171\u94c1\u8def\uff0c\u4f46\u66fe\u7ecf\u5efa\u9020\u6e2f\u53e3\u8f68\u9053\u7684\u4e24\u53f0\u84b8\u6c7d\u673a\u8f66\u73b0\u5728\u53ef\u4f9b\u516c\u4f17\u53c2\u89c2\uff0c\u5e76\u4e14\u4ecd\u6709\u4eba\u5728\u63d0\u8bae\u4fee\u5efa\u96f7\u514b\u96c5\u672a\u514b\u548c\u51ef\u592b\u62c9\u7ef4\u514b\u4e4b\u95f4\u7684\u9ad8\u901f\u94c1\u8def\u3002<\/p>\n<p>\u5728\u57ce\u5e02\u5730\u4e0b\uff0c\u706b\u5c71\u70ed\u91cf\u9a71\u52a8\u7740\u4e00\u4e2a\u5148\u8fdb\u7684\u5730\u70ed\u533a\u57df\u4f9b\u70ed\u7f51\u7edc\u3002\u6240\u6709\u5efa\u7b51\uff08\u5305\u62ec\u4f4f\u5b85\u548c\u5de5\u4e1a\u5efa\u7b51\uff09\u5747\u4ece\u4f4d\u4e8e\u5185\u65af\u4e9a\u97e6\u5229\u5c14\uff08Nesjavellir\uff09\u548c\u8d6b\u5229\u820d\u4f0a\u8fea\uff08Hellishei\u00f0i\uff09\u7684\u4e24\u5ea7\u70ed\u7535\u8054\u4ea7\u7535\u5382\u83b7\u53d6\u70ed\u6c34\uff0c\u5e76\u8f85\u4ee5\u4f4e\u6e29\u7530\u3002\u4e2d\u5fc3\u57ce\u533a\u7684\u8def\u9762\u548c\u79c1\u4eba\u8f66\u9053\u91c7\u7528\u5730\u70ed\u6c34\u878d\u96ea\u7cfb\u7edf\uff0c\u516c\u5171\u6cf3\u6c60\u548c\u70ed\u6c34\u6d74\u7f38\u5219\u904d\u5e03\u57ce\u5e02\u5404\u5904\u3002\u7ea690%\u7684\u51b0\u5c9b\u5efa\u7b51\u5229\u7528\u5730\u70ed\u8d44\u6e90\uff0c\u5e74\u80fd\u8017\u8fbe39 PJ\uff0c\u5176\u4e2d48%\u7528\u4e8e\u96f7\u514b\u96c5\u672a\u514b\u7684\u4f9b\u6696\u3002\u8be5\u5e02\u7684\u70ed\u6c34\u751f\u4ea7\u80fd\u529b\u7ea6\u4e3a830\u5146\u74e6\uff0c\u800c\u5e73\u5747\u4f9b\u6696\u9700\u6c42\u4e3a473\u5146\u74e6\u3002<\/p>\n<p>\u96f7\u514b\u96c5\u672a\u514b\u7684\u6587\u5316\u9057\u4ea7\u5728\u5efa\u7b51\u548c\u673a\u6784\u7ba1\u7406\u4e0b\u5f97\u4ee5\u4f20\u627f\u3002\u5efa\u4e8e1909\u5e74\u7684\u6587\u5316\u4e2d\u5fc3\u8428\u592b\u7eb3\u80e1\u897f\u5fb7\uff08Safnah\u00fasi\u00f0\uff09\u66fe\u662f\u56fd\u5bb6\u56fe\u4e66\u9986\u3001\u6863\u6848\u9986\u3001\u535a\u7269\u9986\u548c\u81ea\u7136\u5386\u53f2\u9986\u85cf\u7684\u6240\u5728\u5730\uff1b2000\u5e74\u7684\u7ffb\u65b0\u4f7f\u5176\u91cd\u65b0\u5b9a\u4f4d\u4e3a\u56fd\u5bb6\u9057\u4ea7\u5c55\u89c8\uff0c\u5305\u62ec\u300a\u8bd7\u4f53\u57c3\u8fbe\u300b\u548c\u4e2d\u4e16\u7eaa\u8428\u8fe6\u7684\u539f\u59cb\u624b\u7a3f\u3002\u963f\u5c14\u5c3c\u00b7\u9a6c\u683c\u52aa\u677e\u51b0\u5c9b\u7814\u7a76\u6240\u4fdd\u5b58\u5e76\u51fa\u7248\u51b0\u5c9b\u624b\u7a3f\u96c6\uff0c\u96f7\u514b\u96c5\u672a\u514b\u4e8e2011\u5e74\u8363\u83b7\u8054\u5408\u56fd\u6559\u79d1\u6587\u7ec4\u7ec7\u201c\u6587\u5b66\u4e4b\u90fd\u201d\u79f0\u53f7\uff0c\u52a0\u5165\u4e86\u521b\u610f\u57ce\u5e02\u7f51\u7edc\u3002\u51b0\u5c9b\u8bed\u8fd9\u95e8\u9c9c\u6d3b\u7684\u8bed\u8a00\uff0c\u5728\u4e00\u5343\u591a\u5e74\u7684\u5386\u53f2\u4e2d\u51e0\u4e4e\u6ca1\u6709\u6539\u53d8\uff0c\u901a\u8fc7\u5f53\u4ee3\u5c0f\u8bf4\u548c\u7ffb\u8bd1\u84ec\u52c3\u53d1\u5c55\uff0c\u7ef4\u7cfb\u7740\u51b0\u5c9b\u7684\u8eab\u4efd\u8ba4\u540c\u548c\u53d9\u4e8b\u4f20\u7edf\u3002\u4ece\u8bfa\u8d1d\u5c14\u5956\u83b7\u5f97\u8005\u54c8\u5c14\u591a\u5c14\u00b7\u62c9\u514b\u65af\u5185\u65af\u5230\u5317\u6b27\u513f\u7ae5\u6587\u5b66\u5956\u83b7\u5f97\u8005\u7b49\u8457\u540d\u4f5c\u5bb6\u4e30\u5bcc\u4e86\u6587\u575b\uff0c\u800c\u72af\u7f6a\u5c0f\u8bf4\u5bb6\u963f\u7eb3\u5c14\u675c\u5c14\u00b7\u56e0\u5fb7\u91cc\u8fbe\u677e\u548c\u8096\u6069\u7b49\u8bd7\u4eba\u5219\u83b7\u5f97\u4e86\u56fd\u9645\u8d5e\u8a89\u3002<\/p>\n<p>\u827a\u672f\u6d3b\u529b\u5ef6\u4f38\u81f3\u753b\u5eca\u548c\u8868\u6f14\u573a\u6240\u3002\u54c8\u5e15\u6559\u5802\uff08Harpa\uff09\u62e5\u6709\u6676\u83b9\u5254\u900f\u7684\u5916\u5899\uff0c\u662f\u51b0\u5c9b\u4ea4\u54cd\u4e50\u56e2\u548c\u5168\u7403\u6f14\u51fa\u7684\u4e3e\u529e\u5730\uff1b\u54c8\u5c14\u683c\u6797\u59c6\u65af\u6559\u5802\uff08Hallgr\u00edmskirkja\uff09\u662f\u4f4d\u4e8e\u65af\u79d1\u62c9\u6c83\u675c\u970d\u5c14\u7279\uff08Sk\u00f3lav\u00f6r\u00f0uholt\uff09\u5c71\u9876\u7684\u96c4\u4f1f\u8def\u5fb7\u6559\u4f1a\u6559\u5802\uff0c\u4ece\u5176\u5854\u697c\u65c1\u7684\u83b1\u5f17\u00b7\u57c3\u91cc\u514b\u68ee\uff08Leifur Eir\u00edksson\uff09\u9752\u94dc\u96d5\u50cf\u53ef\u4ee5\u6b23\u8d4f\u5230\u5168\u666f\u3002\u73cd\u73e0\u697c\uff08Perlan\uff09\u4f4d\u4e8e\u5965\u65af\u514b\u80e1\u91cc\u5fb7\uff08\u00d6skjuhl\u00ed\u00f0\uff09\uff0c\u5176\u524d\u8eab\u662f\u70ed\u6c34\u7bb1\uff0c\u5176\u65cb\u8f6c\u9910\u5385\u4ee5\u53ca\u5730\u8d28\u548c\u81ea\u7136\u5386\u53f2\u5c55\u89c8\u5438\u5f15\u7740\u597d\u5947\u7684\u6e38\u5ba2\u3002\u7ef4\u8fea\u5c9b\u4e0a\u7684\u60f3\u8c61\u548c\u5e73\u5854\uff08Imagine Peace Tower\uff09\u6bcf\u5b63\u90fd\u4f1a\u4eae\u706f\u4ee5\u7eaa\u5ff5\u7ea6\u7ff0\u00b7\u5217\u4fac\uff0c\u5b83\u77d7\u7acb\u5728\u5e9f\u5f03\u6e14\u6751\u623f\u5c4b\u7ec4\u6210\u7684\u666f\u89c2\u4e2d\uff0c\u5468\u56f4\u73af\u7ed5\u7740\u590f\u5b63\u5496\u5561\u9986\u3002<\/p>\n<p>\u96f7\u514b\u96c5\u672a\u514b\u5e02\u4e2d\u5fc3\u7684\u5efa\u7b51\u98ce\u683c\u591a\u6837\uff0c\u4ece\u8272\u5f69\u9c9c\u8273\u7684\u6ce2\u7eb9\u94c1\u76ae\u5c0f\u5c4b\u5230\u5b9e\u7528\u4e3b\u4e49\u98ce\u683c\u7684\u7acb\u65b9\u4f53\u5efa\u7b51\uff0c\u518d\u5230\u65b0\u53e4\u5178\u4e3b\u4e49\u98ce\u683c\u7684\u6df7\u51dd\u571f\u5efa\u7b51\uff0c\u5e94\u6709\u5c3d\u6709\u3002\u5c0f\u578b\u7684\u77f3\u780c\u5efa\u7b51\u201cAl\u00feingish\u00fasi\u00f0\u201d\u5efa\u4e8e1881\u5e74\uff0c\u662f\u51b0\u5c9b\u8bae\u4f1a\u7684\u8fa9\u8bba\u5385\uff0c\u4f4d\u4e8e\u5965\u65af\u7279\u6c83\u52d2\u5e7f\u573a\uff08Austurv\u00f6llur\uff09\u65c1\u7684Kirkjustr\u00e6ti\u3002\u96f7\u514b\u96c5\u672a\u514b\u5927\u6559\u5802\u5219\u4e3a\u8fd9\u91cc\u5341\u516b\u4e16\u7eaa\u7684\u8857\u666f\u753b\u4e0a\u4e86\u5706\u6ee1\u7684\u53e5\u53f7\u3002\u5e02\u653f\u5385\u4f4d\u4e8e\u6258\u5b81\uff08Tj\u00f6rnin\uff09\u6e56\u5317\u5cb8\uff0c\u63d0\u4f9b\u51b0\u5c9b\u5730\u5f62\u56fe\u3001\u5c55\u89c8\u548c\u5496\u5561\u9986\u3002<\/p>\n<p>\u5f00\u653e\u7a7a\u95f4\u548c\u5c9b\u5c7f\u4e30\u5bcc\u4e86\u57ce\u5e02\u751f\u6d3b\u3002\u57ce\u5e02\u4e2d\u5fc3\u7684\u6c60\u5858 Tj\u00f6rnin \u5438\u5f15\u7740\u4f17\u591a\u5bb6\u5ead\u5728\u7eff\u8349\u5982\u8335\u7684\u6e56\u5cb8\u8fb9\u5582\u9e2d\uff0c\u5e76\u8fde\u63a5\u7740\u74e6\u7279\u65af\u7c73\u91cc\u9e1f\u7c7b\u4fdd\u62a4\u533a\u3002\u4e24\u4fa7\u904d\u5e03\u5496\u5561\u9986\u7684 Austurv\u00f6llur \u5e7f\u573a\u5728\u8bae\u4f1a\u7684\u76d1\u7763\u4e0b\u4e3e\u529e\u60a0\u95f2\u7684\u91ce\u9910\u6d3b\u52a8\u3002\u66fe\u7ecf\u7684\u519c\u7530 Klambrat\u00fan \u516c\u56ed\u5982\u4eca\u662f\u96f7\u514b\u96c5\u672a\u514b\u827a\u672f\u535a\u7269\u9986 Kjarvalssta\u00f0ir \u5c55\u9986\u7684\u6240\u5728\u5730\u3002\u4f4d\u4e8e\u52b3\u52a0\u8fbe\u5415\u5c14\u7684\u96f7\u514b\u96c5\u672a\u514b\u690d\u7269\u56ed\u514d\u8d39\u5c55\u793a\u8010\u5bd2\u7684\u5317\u6b27\u690d\u7269\u3002\u4ece Sundah\u00f6fn \u4e58\u5750\u590f\u5b63\u6e21\u8f6e\u5373\u53ef\u5230\u8fbe\u7ef4\u8fea\u5c9b\uff0c\u5c9b\u4e0a\u6709\u6b65\u884c\u9053\u3001\u5c0f\u91ce\u6d0b\u5b50 (Yoko Ono) \u7684\u706f\u5149\u88c5\u7f6e\u548c\u4e00\u5ea7\u5386\u53f2\u60a0\u4e45\u7684\u5546\u4eba\u4f4f\u5b85\u3002\u4f4d\u4e8e\u534a\u5c9b\u897f\u7aef\u7684\u683c\u7f57\u5854\u5c9b (Gr\u00f3tta) \u5728\u9000\u6f6e\u65f6\u4f1a\u53d8\u6210\u4e00\u4e2a\u5907\u53d7\u6b22\u8fce\u7684\u81ea\u7136\u5ea6\u5047\u80dc\u5730\u3002<\/p>\n<p>\u4f17\u591a\u535a\u7269\u9986\u4e3a\u8fd9\u5ea7\u57ce\u5e02\u7684\u9057\u4ea7\u9526\u4e0a\u6dfb\u82b1\u3002\u51b0\u5c9b\u56fd\u5bb6\u535a\u7269\u9986\u8bb2\u8ff0\u7740\u51b0\u5c9b\u4ece\u6b96\u6c11\u5230\u73b0\u4ee3\u5316\u7684\u5386\u53f2\uff1b\u56fd\u5bb6\u7f8e\u672f\u9986\u5219\u5728\u4e09\u4e2a\u573a\u9986\u5185\u91cd\u70b9\u5c55\u51fa\u4e8c\u5341\u4e16\u7eaa\u548c\u4e8c\u5341\u4e00\u4e16\u7eaa\u7684\u827a\u672f\u4f5c\u54c1\u4ee5\u53ca\u56fd\u9645\u827a\u672f\u4f5c\u54c1\u3002\u96f7\u514b\u96c5\u672a\u514b\u827a\u672f\u535a\u7269\u9986\u7684\u54c8\u592b\u7eb3\u80e1\u65af\uff08Hafnarh\u00fas\uff09\u548c\u514b\u52a0\u5c14\u74e6\u5c14\u65af\u5854\u8fea\u5c14\uff08Kjarvalssta\u00f0ir\uff09\u5c55\u51fa\u4e86\u57c3\u7f57\uff08Err\u00f3\uff09\u4e30\u5bcc\u7684\u4f5c\u54c1\uff0c\u5e76\u8f6e\u6d41\u4e3e\u529e\u51b0\u5c9b\u827a\u672f\u5bb6\u7684\u5c55\u89c8\u3002\u96f7\u514b\u96c5\u672a\u514b\u6444\u5f71\u535a\u7269\u9986\u62e5\u6709\u4e30\u5bcc\u7684\u6444\u5f71\u6863\u6848\uff1b\u6b96\u6c11\u65f6\u671f\u5c55\u89c8\u2014\u2014871\u00b12\u2014\u2014\u8ba9\u6e38\u5ba2\u6c89\u6d78\u5728\u6700\u65e9\u7684\u57ce\u5e02\u8db3\u8ff9\u4e2d\u3002\u4f4d\u4e8e\u963f\u5c14\u8d1d\u5c14\uff08\u00c1rb\u00e6r\uff09\u90ca\u533a\u7684\u963f\u5c14\u8d1d\u5c14\u8d3e\u5c14\u8428\u592b\uff08\u00c1rb\u00e6jarsafn\uff09\u9732\u5929\u535a\u7269\u9986\u91cd\u5efa\u4e86\u4e00\u4e2a\u7531\u65f6\u4ee3\u5efa\u7b51\u7ec4\u6210\u7684\u6751\u5e84\uff0c\u5e76\u6709\u8eab\u7740\u53e4\u88c5\u7684\u5bfc\u6e38\u8bb2\u89e3\u4f20\u7edf\u827a\u672f\u3002\u6b64\u5916\uff0c\u8fd8\u6709\u4e00\u4e9b\u72ec\u7279\u7684\u535a\u7269\u9986\uff0c\u5305\u62ec\u51b0\u5c9b\u9634\u830e\u535a\u7269\u9986\uff08Icelandic Phallological Museum\uff09\u4e30\u5bcc\u7684\u52a8\u7269\u5b66\u85cf\u54c1\uff0c\u4ee5\u53ca\u4f4d\u4e8e\u5730\u4e0b\u7684\u51b0\u5c9b\u670b\u514b\u535a\u7269\u9986\uff08Icelandic Punk Museum\uff09\uff0c\u540e\u8005\u5728\u4e00\u5ea7\u524d\u516c\u5171\u5395\u6240\u5185\u4fdd\u5b58\u7740\u51b0\u5c9b\u7684\u670b\u514b\u9057\u4ea7\u3002<\/p>\n<p>\u767d\u5929\uff0c\u96f7\u514b\u96c5\u672a\u514b\u7d27\u51d1\u7684\u5e02\u4e2d\u5fc3\u4ee4\u4eba\u6d41\u8fde\u5fd8\u8fd4\uff0c\u8272\u5f69\u7f24\u7eb7\u7684\u5916\u5899\u3001\u5546\u5e97\u3001\u753b\u5eca\u548c\u5496\u5561\u9986\u9cde\u6b21\u6809\u6bd4\u3002\u591c\u665a\uff0c\u6d1b\u52a0\u7ef4\u683c\u5927\u8857\u53ca\u5468\u8fb9\u5730\u533a\u793e\u4ea4\u6d3b\u52a8\u7199\u7199\u6518\u6518\uff1b\u9ad8\u6602\u7684\u9152\u6c34\u4ef7\u683c\u4fc3\u4f7f\u4eba\u4eec\u5728\u79c1\u4eba\u4f4f\u5b85\u524d\u4e3e\u884c\u9152\u5427\u805a\u4f1a\uff0c\u5348\u591c\u8fc7\u540e\uff0c\u4eba\u7fa4\u6d8c\u5165\u4ff1\u4e50\u90e8\u3002\u4eceGaukurinn\u5230\u56fd\u5bb6\u5267\u9662\uff0c\u73b0\u573a\u97f3\u4e50\u5168\u5e74\u4e0d\u95f4\u65ad\uff0c\u5e76\u5728\u6bcf\u5e7411\u6708\u7684\u51b0\u5c9b\u7535\u6ce2\u97f3\u4e50\u8282\u4e0a\u8fbe\u5230\u9ad8\u6f6e\u3002\u65b0\u5e74\u524d\u591c\uff0c\u81ea\u7531\u8d2d\u4e70\u6cd5\u5e26\u6765\u7684\u70df\u706b\u70b9\u71c3\u4e86\u6574\u5ea7\u57ce\u5e02\uff0c\u5c06\u8857\u9053\u53d8\u6210\u4e86\u7480\u74a8\u7684\u5e86\u5178\uff0c\u5e86\u795d\u590d\u5174\u3002<\/p>\n<p>\u96f7\u514b\u96c5\u672a\u514b\u662f\u4e00\u5ea7\u5145\u6ee1\u77db\u76fe\u7684\u57ce\u5e02\uff1a\u65e2\u504f\u8fdc\u5374\u53c8\u4e92\u8054\u4e92\u901a\uff0c\u65e2\u53d7\u81ea\u7136\u529b\u91cf\u7684\u652f\u914d\uff0c\u53c8\u5145\u6ee1\u4eba\u7c7b\u7684\u521b\u9020\u529b\u3002\u4ece\u9ad8\u8038\u7684\u77f3\u67f1\u5230\u5730\u70ed\u521b\u65b0\uff0c\u4ece\u8428\u8fe6\u624b\u7a3f\u5230\u5148\u950b\u827a\u672f\uff0c\u96f7\u514b\u96c5\u672a\u514b\u7684\u6b96\u6c11\u6545\u4e8b\u5982\u540c\u8fc7\u53bb\u4e0e\u73b0\u5728\u7684\u6301\u7eed\u5bf9\u8bdd\u822c\u5c55\u5f00\u3002\u5bf9\u4e8e\u65c5\u884c\u8005\u548c\u5c45\u6c11\u6765\u8bf4\uff0c\u96f7\u514b\u96c5\u672a\u514b\u63d0\u4f9b\u4e86\u4e00\u573a\u6c89\u6d78\u5f0f\u7684\u65c5\u7a0b\uff0c\u5e26\u60a8\u9886\u7565\u51b0\u5ddd\u548c\u7194\u5ca9\u5851\u9020\u7684\u666f\u89c2\u3001\u6d0b\u6d41\u8c03\u8282\u7684\u6c14\u5019\uff0c\u4ee5\u53ca\u7531\u6587\u5b66\u3001\u97f3\u4e50\u548c\u5c9b\u5c7f\u575a\u97e7\u4e0d\u62d4\u7684\u7cbe\u795e\u6240\u6fc0\u53d1\u7684\u6587\u5316\u3002<\/p>","protected":false},"excerpt":{"rendered":"<p>\u96f7\u514b\u96c5\u672a\u514b\u662f\u51b0\u5c9b\u7684\u9996\u90fd\u548c\u6700\u5927\u57ce\u5e02\uff0c\u4f4d\u4e8e\u51b0\u5c9b\u897f\u5357\u90e8\uff0c\u5730\u5904\u98ce\u666f\u5982\u753b\u7684\u6cd5\u8d6b\u8428\u6e7e\u5357\u5cb8\uff0c\u5730\u7406\u4f4d\u7f6e\u4f18\u8d8a\u3002\u5b83\u4f4d\u4e8e\u5317\u7eac64\u00b008&#039;\uff0c\u662f\u4e16\u754c\u4e0a\u5730\u7406\u4f4d\u7f6e\u6700\u5317\u7684\u4e3b\u6743\u56fd\u5bb6\u9996\u90fd\u3002\u622a\u81f32023\u5e74\uff0c\u96f7\u514b\u96c5\u672a\u514b\u7684\u4eba\u53e3\u7ea6\u4e3a14\u4e07\uff0c\u8f832015\u5e74\u7684121,822\u4eba\u663e\u8457\u589e\u957f\u3002\u9996\u90fd\u5730\u533a\uff08\u5305\u62ec\u96f7\u514b\u96c5\u672a\u514b\u53ca\u5176\u5468\u8fb9\u5730\u533a\uff09\u4eba\u53e3\u7ea6\u4e3a24.8\u4e07\u3002<\/p>","protected":false},"author":1,"featured_media":4121,"parent":11881,"menu_order":0,"comment_status":"closed","ping_status":"closed","template":"elementor_theme","meta":{"_eb_attr":"","footnotes":""},"class_list":["post-11896","page","type-page","status-publish","has-post-thumbnail"],"_links":{"self":[{"href":"https:\/\/travelshelper.com\/zh\/wp-json\/wp\/v2\/pages\/11896","targetHints":{"allow":["GET"]}}],"collection":[{"href":"https:\/\/travelshelper.com\/zh\/wp-json\/wp\/v2\/pages"}],"about":[{"href":"https:\/\/travelshelper.com\/zh\/wp-json\/wp\/v2\/types\/page"}],"author":[{"embeddable":true,"href":"https:\/\/travelshelper.com\/zh\/wp-json\/wp\/v2\/users\/1"}],"replies":[{"embeddable":true,"href":"https:\/\/travelshelper.com\/zh\/wp-json\/wp\/v2\/comments?post=11896"}],"version-history":[{"count":0,"href":"https:\/\/travelshelper.com\/zh\/wp-json\/wp\/v2\/pages\/11896\/revisions"}],"up":[{"embeddable":true,"href":"https:\/\/travelshelper.com\/zh\/wp-json\/wp\/v2\/pages\/11881"}],"wp:featuredmedia":[{"embeddable":true,"href":"https:\/\/travelshelper.com\/zh\/wp-json\/wp\/v2\/media\/4121"}],"wp:attachment":[{"href":"https:\/\/travelshelper.com\/zh\/wp-json\/wp\/v2\/media?parent=11896"}],"curies":[{"name":"wp","href":"https:\/\/api.w.org\/{rel}","templated":true}]}}