{"id":11657,"date":"2024-09-13T15:30:46","date_gmt":"2024-09-13T15:30:46","guid":{"rendered":"https:\/\/travelshelper.com\/staging\/?page_id=11657"},"modified":"2026-03-12T16:14:43","modified_gmt":"2026-03-12T16:14:43","slug":"cork","status":"publish","type":"page","link":"https:\/\/travelshelper.com\/zh\/destinations\/europe\/ireland\/cork\/","title":{"rendered":"Cork"},"content":{"rendered":"<p>\u79d1\u514b\uff0c\u53c8\u79f0\u201c\u53db\u9006\u4e4b\u57ce\u201d\uff0c\u662f\u7231\u5c14\u5170\u7b2c\u4e8c\u5927\u57ce\u5e02\uff0c\u6839\u636e2022\u5e74\u4eba\u53e3\u666e\u67e5\uff0c\u4eba\u53e3224,004\u4eba\uff0c\u5360\u5730\u7ea637\u5e73\u65b9\u516c\u91cc\uff0c\u4f4d\u4e8e\u7531\u5229\u6cb3\uff08River Lee\uff09\u7684\u4e24\u6761\u6c34\u9053\u5f62\u6210\u7684\u5c9b\u5c7f\u4e0a\u3002\u79d1\u514b\u4f4d\u4e8e\u7231\u5c14\u5170\u897f\u5357\u90e8\uff0c\u662f\u79d1\u514b\u90e1\u7684\u90e1\u6cbb\uff0c\u62e5\u6709\u4e16\u754c\u4e0a\u6700\u5927\u7684\u5929\u7136\u826f\u6e2f\u4e4b\u4e00\uff0c\u5229\u6cb3\u7684\u7801\u5934\u548c\u8239\u575e\u5411\u4e1c\u6d41\u5165\u9a6c\u6d2a\u6e56\uff08Lough Mahon\uff09\u548c\u79d1\u514b\u6e2f\uff08Cork Harbour\uff09\u3002<\/p>\n<p>\u79d1\u514b\uff08Cork\uff09\u2014\u2014\u7231\u5c14\u5170\u8bed\u4e2d\u79f0\u4e3aCorcaigh\uff0c\u610f\u4e3a\u201c\u6cbc\u6cfd\u201d\uff0c\u59cb\u5efa\u4e8e\u516c\u5143\u516d\u4e16\u7eaa\uff0c\u56f4\u7ed5\u7740\u5723\u82ac\u00b7\u5df4\u5c14\uff08Saint Fin Barre\uff09\u5efa\u7acb\u7684\u4e00\u5ea7\u4fee\u9053\u9662\u3002\u5b83\u8d77\u6e90\u4e8e\u80a5\u6c83\u5b9c\u822a\u7684\u5229\u6cb3\u4e09\u89d2\u6d32\u3002\u7ef4\u4eac\u5165\u4fb5\u8005\u4e8e\u516c\u5143915\u5e74\u5de6\u53f3\u6269\u5efa\u4e86\u8fd9\u5ea7\u57ce\u9547\u30021185\u5e74\uff0c\u7ea6\u7ff0\u738b\u5b50\u6388\u4e88\u79d1\u514b\u7279\u8bb8\u72b6\uff0c\u5728\u5b89\u8339\u738b\u671d\u7684\u7edf\u6cbb\u4e0b\uff0c\u5c06\u5176\u63d0\u5347\u4e3a\u57ce\u5e02\u3002\u4e00\u7247\u5b8c\u5168\u88ab\u56f4\u5899\u5305\u56f4\u7684\u4e2d\u4e16\u7eaa\u6838\u5fc3\u9010\u6e10\u6269\u5f20\uff0c\u6324\u6ee1\u4e86\u5229\u6cb3\u6c34\u9053\u4e4b\u95f4\u7684\u72ed\u957f\u5c9b\u5c7f\u3002\u5176\u4e2d\u51e0\u6761\u6c34\u9053\u540e\u6765\u88ab\u586b\u5e73\uff0c\u5f62\u6210\u4e86\u5982\u4eca\u7684\u5723\u5e15\u7279\u91cc\u514b\u8857\u3001\u5357\u8d2d\u7269\u4e2d\u5fc3\u548c\u5927\u6e38\u884c\u5e7f\u573a\u3002\u5269\u4f59\u7684\u6c34\u9053\u4ecd\u7136\u73af\u7ed5\u7740\u5e02\u4e2d\u5fc3\uff0c\u5176\u7bad\u5934\u72b6\u7684\u8f6e\u5ed3\u89c1\u8bc1\u7740\u5b83\u6cb3\u6d41\u4ea4\u7ec7\u7684\u8fc7\u53bb\u3002<\/p>\n<p>\u5230\u4e86\u5341\u4e03\u4e16\u7eaa\uff0c\u79d1\u514b\u7684\u6d77\u4e0a\u8d38\u6613\u84ec\u52c3\u53d1\u5c55\uff0c\u5c3d\u7ba1\u4e0d\u65ad\u589e\u957f\u7684\u8239\u8236\u89c4\u6a21\u9a71\u4f7f\u6e2f\u53e3\u6d3b\u52a8\u987a\u6d41\u800c\u4e0b\uff0c\u76f4\u62b5\u79d1\u8299\u3002\u50cf\u5468\u65e5\u4e95\uff08Sunday&#039;s Well\uff09\u548c\u8499\u7279\u8bfa\u7279\uff08Montenotte\uff09\u8fd9\u6837\u7684\u7e41\u534e\u90ca\u533a\u5728\u5317\u5cb8\u7684\u9ad8\u5730\u62d4\u5730\u800c\u8d77\uff0c\u800c\u4e00\u5ea7\u5341\u4e5d\u4e16\u7eaa\u7684\u5927\u5b66\u6821\u56ed\u2014\u2014\u79d1\u514b\u5927\u5b66\u5b66\u9662\u2014\u2014\u5219\u5728\u5357\u5cb8\u521d\u5177\u89c4\u6a21\u3002\u8fd9\u5ea7\u57ce\u5e02\u7684\u4e2d\u4e16\u7eaa\u57ce\u5899\u53ea\u5728\u5357\u5317\u5927\u8857\u9644\u8fd1\u6b8b\u5b58\uff0c\u7136\u800c\uff0c\u5bf9\u6587\u5316\u9057\u4ea7\u7684\u8ba4\u77e5\u5374\u5728\u8bf8\u591a\u5730\u6807\u5efa\u7b51\u4e2d\u5f97\u4ee5\u4f20\u627f\uff0c\u4f8b\u5982\u7ea2\u4fee\u9053\u9662\uff08\u552f\u4e00\u4e00\u5ea7\u4e2d\u4e16\u7eaa\u6559\u5802\u9057\u5740\uff09\uff0c\u4ee5\u53ca\u5723\u739b\u4e3d\u5927\u6559\u5802\uff08\u5317\u6559\u5802\u59cb\u5efa\u4e8e1808\u5e74\uff0c\u5854\u697c\u589e\u5efa\u4e8e19\u4e16\u7eaa60\u5e74\u4ee3\uff09\u548c\u5723\u82ac\u5df4\u5c14\u5927\u6559\u5802\uff08\u5efa\u4e8e1862\u5e74\u81f31879\u5e74\uff0c\u5728\u65e9\u671f\u5730\u57fa\u4e0a\uff0c\u7531\u5a01\u5ec9\u00b7\u4f2f\u5409\u65af\u8bbe\u8ba1\uff09\u3002<\/p>\n<p>\u79d1\u514b\u7684\u653f\u6cbb\u6c14\u8d28\u4e3a\u5176\u8d62\u5f97\u4e86\u201c\u53db\u9006\u4e4b\u57ce\u201d\u7684\u79f0\u53f7\uff0c\u56e0\u4e3a\u5728\u73ab\u7470\u6218\u4e89\u671f\u95f4\u540c\u60c5\u7ea6\u514b\u5bb6\u65cf\uff0c\u540e\u6765\u5728\u5185\u6218\u4e2d\u53cd\u5bf9\u300a\u82f1\u7231\u6761\u7ea6\u300b\uff0c\u5f53\u5730\u8857\u5934\u827a\u672f\u548c T \u6064\u886b\u4e0a\u6d41\u884c\u7740\u5bf9\u201c\u771f\u6b63\u7684\u9996\u90fd\u201d\u548c\u865a\u6784\u7684\u201c\u79d1\u514b\u4eba\u6c11\u5171\u548c\u56fd\u201d\u7684\u63d0\u53ca\u3002\u5b83\u7684\u72ec\u7acb\u7cbe\u795e\u4e0e\u5bf9\u5f53\u5730\u72ec\u7279\u7f8e\u98df\u4f20\u7edf\u7684\u9a84\u50b2\u76f8\u5f97\u76ca\u5f70\u2014\u2014crubeens\u3001\u725b\u809a\u548cdrisheen\u66fe\u572820\u4e16\u7eaa\u4e2d\u671f\u7684Katty Barry\u9910\u9986\u4f9b\u5e94\u2014\u2014\u4ee5\u53ca\u62e5\u6709\u767e\u5e74\u5386\u53f2\u7684\u82f1\u56fd\u5e02\u573a\uff0c\u5e02\u573a\u4e2d\u6446\u653e\u7740\u9c7c\u3001\u8089\u3001\u519c\u4ea7\u54c1\u548c\u624b\u5de5\u5976\u916a\u7684\u5e26\u9876\u644a\u4f4d\uff0c\u5524\u8d77\u4eba\u4eec\u5bf9\u79d1\u514b\u4f5c\u4e3a\u5386\u53f2\u5546\u6e2f\u7684\u8eab\u4efd\u7684\u56de\u5fc6\u3002\u8fd1\u5e74\u6765\uff0c\u7801\u5934\u533a\u7684\u4ed3\u5e93\u91cd\u751f\u4e3a\u7801\u5934\u5e02\u573a\uff082020 \u5e74 9 \u6708\u5f00\u4e1a\uff09\uff0c\u4ee5\u53ca\u4f4d\u4e8e\u5df4\u6797\u5766\u666e\u5c14\u7684\u9ed1\u5e02\uff082021 \u5e74 9 \u6708\uff09\uff0c\u8fd9\u4e24\u4e2a\u5ba4\u5185\u7f8e\u98df\u5927\u5385\u90fd\u5c06\u5f53\u5730\u644a\u8d29\u4e0e\u73b0\u573a\u6d3b\u52a8\u878d\u4e3a\u4e00\u4f53\u3002<\/p>\n<p>\u8be5\u5e02\u5c5e\u6d77\u6d0b\u6027\u6c14\u5019\uff0c\u6c14\u5019\u6e29\u548c\uff0c\u96e8\u91cf\u5145\u6c9b\uff0c\u591a\u53d8\u6027\u7b26\u5408\u7231\u5c14\u5170\u67ef\u672c\u6c14\u5019\u5206\u7c7b\u6cd5 (K\u00f6ppen Cfb) \u7684\u6807\u51c6\u3002\u8010\u5bd2\u533a\u4e3a 9b \u533a\uff0c\u4f4e\u6d3c\u5c9b\u5c7f\u4e2d\u5fc3\u7f55\u89c1\u971c\u96ea\u3002\u79d1\u514b\u673a\u573a\u6c14\u5019\u7ad9\u4f4d\u4e8e\u6838\u5fc3\u533a\u4ee5\u5357\u51e0\u516c\u91cc\u5904\uff0c\u6d77\u62d4 153 \u7c73\uff0c\u5e74\u5e73\u5747\u964d\u6c34\u91cf\u4e3a 1,239 \u6beb\u7c73\uff0c\u964d\u96e8\u65e5\u6570\u4e3a 218 \u5929\uff08\u8d85\u8fc7 0.2 \u6beb\u7c73\uff09\uff0c\u5176\u4e2d 80 \u5929\u8d85\u8fc7 5 \u6beb\u7c73\uff0c\u51b0\u96f9\u5929\u6570\u4e3a 6.5 \u5929\uff0c\u964d\u96ea\u5929\u6570\u4e3a 9.5 \u5929\uff08\u4ec5\u4e24\u5929\u4e3a\u79ef\u96ea\uff09\u3002\u6bcf\u5e74\uff0c\u79d1\u514b\u6709 97.8 \u4e2a\u65e9\u6668\u88ab\u96fe\u7b3c\u7f69\uff0c\u4e3b\u8981\u96c6\u4e2d\u5728\u51ac\u5b63\u3002\u7136\u800c\uff0c\u79d1\u514b\u4e5f\u662f\u7231\u5c14\u5170\u9633\u5149\u6700\u5145\u8db3\u7684\u57ce\u5e02\u4e4b\u4e00\uff0c\u5e73\u5747\u6bcf\u5929\u65e5\u7167\u65f6\u95f4\u8d85\u8fc7\u56db\u5c0f\u65f6\uff0c\u65e0\u9633\u5149\u7684\u65e5\u5b50\u53ea\u6709 63.7 \u5929\uff0c\u4e3b\u8981\u96c6\u4e2d\u5728\u9686\u51ac\u65f6\u8282\u3002\u5229\u6cb3\u6cbf\u5cb8\u5076\u5c14\u53d1\u751f\u7684\u6d2a\u6c34\u51f8\u663e\u4e86\u8be5\u5e02\u4e0e\u5176\u6c34\u9053\u7684\u5bc6\u5207\u5173\u7cfb\u3002<\/p>\n<p>\u79d1\u514b\u7684\u6587\u5316\u751f\u6d3b\u5145\u6ee1\u521b\u610f\u3002\u79d1\u514b\u97f3\u4e50\u5b66\u9662\u3001\u514b\u52b3\u798f\u5fb7\u827a\u672f\u8bbe\u8ba1\u5b66\u9662\u4ee5\u53ca\u79d1\u514b\u5927\u5b66\u514b\u52b3\u798f\u5fb7\u5206\u6821\u7684\u620f\u5267\u90e8\u95e8\u5171\u540c\u6784\u6210\u4e86\u5145\u6ee1\u6d3b\u529b\u7684\u827a\u672f\u751f\u6001\u7cfb\u7edf\u3002\u79d1\u5361\u591a\u5361\u5267\u56e2\uff08\u66fe\u662f\u5e0c\u91cc\u5b89\u00b7\u58a8\u83f2\u7684\u6f14\u51fa\u573a\u5730\uff09\u4e0e\u56fd\u5bb6\u821e\u8e48\u7f16\u6392\u5b66\u9662\u3001\u79c1\u5bc6\u7684\u7279\u91cc\u65af\u51ef\u5c14\u827a\u672f\u4e2d\u5fc3\u53ca\u5176\u72ec\u7acb\u7535\u5f71\u9662\u3001Firkin Crane \u821e\u8e48\u573a\u5730\u5171\u4eab\u573a\u5730\uff0c\u5e76\u5728\u79d1\u514b\u620f\u5267\u827a\u672f\u5b66\u9662\u3001\u8499\u798f\u7279\u8868\u6f14\u827a\u672f\u5b66\u9662\u548c\u6d82\u9e26\u5267\u56e2\u8fdb\u884c\u57f9\u8bad\u3002\u79d1\u514b\u7235\u58eb\u97f3\u4e50\u8282\u3001\u79d1\u514b\u7535\u5f71\u8282\u548c\u201c\u5927\u5e10\u7bf7\u73b0\u573a\u201d\uff08Live at the Marquee\uff09\u7b49\u5e74\u5ea6\u827a\u672f\u8282\u5438\u5f15\u7740\u4e16\u754c\u5404\u5730\u7684\u89c2\u4f17\uff0c\u800c\u57c3\u5f17\u91cc\u66fc\u5bab\u6bbf\u5267\u9662\u548c\u8c37\u4ed3\u5267\u9662\u5219\u5168\u5e74\u4e0a\u6f14\u5267\u76ee\u3002<\/p>\n<p>\u97f3\u4e50\u573a\u6240\u7684\u5bb9\u91cf\u4ece\u4e94\u5341\u4eba\u5230\u4e00\u5343\u4eba\u4e0d\u7b49\uff1a\u79d1\u514b\u6b4c\u5267\u9662\u3001The Everyman\u3001\u79d1\u514b\u827a\u672f\u5267\u9662\u3001\u585e\u6d66\u8def\u65af\u5927\u9053\u3001Dali\u3001Triskel Christchurch\u3001The Roundy \u548c Coughlan&#039;s\u3002\u672c\u571f\u4eba\u624d\u5305\u62ec RT\u00c9 Vanbrugh Quartet\u3001\u6447\u6eda\u5de8\u661f John Spillane \u548c Rory Gallagher\u3001\u5f00\u521b\u6027\u4e50\u961f Five Go Down to the Sea?\u3001Microdisney\u3001The Frank and Walters\u3001Sultans of Ping \u548c Simple Kid\uff0c\u4ee5\u53ca\u6b4c\u5267\u6f14\u5531\u5bb6 Cara O&#039;Sullivan\u3001Mary Hegarty\u3001Brendan Collins \u548c Sam McElroy\u3002\u6587\u5b66\u5708\u805a\u96c6\u5728\u8292\u65af\u7279\u6587\u5b66\u4e2d\u5fc3\u548c Triskel \u827a\u672f\u4e2d\u5fc3\uff0c\u4ee5\u7eaa\u5ff5\u79d1\u514b\u672c\u5730\u4eba Frank O&#039;Connor \u548c Se\u00e1n \u00d3 Faol\u00e1in\uff0c\u5e76\u652f\u6301 Thomas McCarthy\u3001Gerry Murphy \u548c William Wall \u7b49\u6770\u51fa\u4eba\u7269\u3002<\/p>\n<p>\u5bf9\u6587\u5316\u57fa\u7840\u8bbe\u65bd\u7684\u6295\u8d44\u91cd\u5851\u4e86\u8fd9\u5ea7\u57ce\u5e02\uff1a\u514b\u52b3\u798f\u5fb7\u5e02\u7acb\u7f8e\u672f\u9986\u7684\u73b0\u4ee3\u5316\u6269\u5efa\u3001\u6b4c\u5267\u9662\u572821\u4e16\u7eaa\u521d\u7684\u7ffb\u4fee\u30012004\u5e74\u5728\u79d1\u514b\u5927\u5b66\u5f00\u8bbe\u7684\u5218\u6613\u65af\u00b7\u683c\u9c81\u514b\u65af\u66fc\u753b\u5eca\uff08\u8be5\u753b\u5eca\u66fe\u5165\u56f4\u82f1\u56fd\u65af\u7279\u6797\u5956\uff09\u4ee5\u53ca2007\u5e749\u6708\u7ae3\u5de5\u7684\u8017\u8d446000\u4e07\u6b27\u5143\u7684\u97f3\u4e50\u5b66\u9662\u5927\u697c\u3002\u79d1\u514b\u4e8e2005\u5e74\u8363\u81ba\u201c\u6b27\u6d32\u6587\u5316\u4e4b\u90fd\u201d\uff0c\u5e76\u5165\u9009\u300a\u5b64\u72ec\u661f\u7403\u300b2010\u5e74\u6700\u4f73\u65c5\u6e38\u57ce\u5e02\u699c\u5355\uff0c\u88ab\u8a89\u4e3a\u201c\u7cbe\u81f4\u3001\u6d3b\u529b\u3001\u591a\u5143\u201d\uff0c\u8fd9\u5145\u5206\u8bc1\u660e\u4e86\u5176\u5168\u7403\u5730\u4f4d\u3002<\/p>\n<p>\u5efa\u7b51\u9057\u4ea7\u8de8\u8d8a\u65f6\u4ee3\u3002\u5723\u5e15\u7279\u91cc\u514b\u8857\u2014\u2014\u66fe\u7ecf\u7684\u674e\u6c0f\u6d77\u5ce1\u2014\u2014\u5728\u62f1\u5eca\u548c\u6b65\u884c\u8857\u4e0b\u65b9\u873f\u8712\u800c\u884c\uff0c\u5176\u5317\u7aef\u7ec8\u70b9\u662f\u9a6c\u4fee\u795e\u7236\u7684\u96d5\u50cf\u3002\u5965\u5229\u5f17\u00b7\u666e\u5170\u79d1\u7279\u8857\u4e0a\u77d7\u7acb\u7740\u62e5\u6709\u77f3\u7070\u5ca9\u7acb\u9762\u7684\u90ae\u653f\u603b\u5c40\uff0c\u5b83\u4f4d\u4e8e 1760 \u5e74\u7684\u7687\u5bb6\u5267\u9662\u5185\uff0c\u8be5\u5267\u9662\u4e8e 1850 \u5e74\u7531 Pablo Fanque \u6539\u5efa\u4e3a\u5706\u5f62\u5267\u573a\uff0c1877 \u5e74\u6210\u4e3a\u73b0\u5728\u7684\u90ae\u653f\u603b\u5c40\u3002\u7eff\u6811\u6210\u836b\u7684\u5927\u9605\u5175\u5927\u9053\u4e24\u65c1\u6797\u7acb\u7740\u529e\u516c\u5ba4\u548c\u91d1\u878d\u673a\u6784\uff0c\u4e0e\u8001\u5357\u8d2d\u7269\u4e2d\u5fc3\u7684\u4e54\u6cbb\u4e9a\u98ce\u683c\u94f6\u884c\u5185\u90e8\u88c5\u9970\u5f62\u6210\u9c9c\u660e\u5bf9\u6bd4\uff0c\u5305\u62ec 19 \u4e16\u7eaa 60 \u5e74\u4ee3\u7684\u7231\u5c14\u5170\u8054\u5408\u94f6\u884c\u4ea4\u6613\u6240\u3002\u73b0\u4ee3\u5929\u9645\u7ebf\u7531\u90e1\u653f\u5385\uff08\u66fe\u662f\u7231\u5c14\u5170\u6700\u9ad8\u7684\u5efa\u7b51\uff0c\u540e\u6765\u88ab\u9644\u8fd1\u7684\u4f0a\u8389\u838e\u767d\u5927\u53a6\u8d85\u8d8a\uff09\u548c\u5f02\u60f3\u5929\u5f00\u7684\u9752\u94dc\u96d5\u5851\u201cCha and Miah\u201d\u52fe\u52d2\u51fa\u6765\u3002\u5728\u674e\u6cb3\u5bf9\u5cb8\uff0c\u7ef4\u591a\u5229\u4e9a\u65f6\u4ee3\u7684\u5723\u6bcd\u7cbe\u795e\u75c5\u9662\u5df2\u91cd\u751f\u4e3a\u963f\u7279\u91d1\u65af\u5927\u5385\u4f4f\u5b85\u3002<\/p>\n<p>\u96c4\u8e1e\u5317\u4fa7\u7684\u5723\u5b89\u59ae\u6559\u5802\u5854\u697c\u4f4d\u4e8e\u9999\u987f\uff0c\u5176\u7ea2\u8272\u7802\u5ca9\u548c\u767d\u8272\u77f3\u7070\u5ca9\u5916\u5899\u9876\u90e8\u662f\u4e00\u4e2a 11 \u82f1\u5c3a\u9ad8\u7684\u9c91\u9c7c\u8272\u98ce\u5411\u6807\uff0c\u662f\u8fd9\u5ea7\u57ce\u5e02\u7684\u8c61\u5f81\u3002\u9644\u8fd1\u7684\u65af\u57fa\u8fea\u6551\u6d4e\u9662\u8ba9\u4eba\u56de\u60f3\u8d77 18 \u4e16\u7eaa\u7684\u6148\u5584\u4e8b\u4e1a\u3002\u79d1\u514b\u5e02\u653f\u5385\u5efa\u4e8e 20 \u4e16\u7eaa 30 \u5e74\u4ee3\uff0c\u662f\u82f1\u56fd\u653f\u5e9c\u5728 1920 \u5e74\u9ed1\u8910\u90e8\u961f\u201c\u711a\u70e7\u8f6f\u6728\u201d\u4e8b\u4ef6\u540e\u91c7\u53d6\u7684\u548c\u89e3\u59ff\u6001\uff0c\u53d6\u4ee3\u4e86\u5728\u72ec\u7acb\u6218\u4e89\u671f\u95f4\u88ab\u6467\u6bc1\u7684\u5e02\u653f\u5385\u3002\u57ce\u5e02\u5efa\u7b51\u5ef6\u7eed\u81f3\u4eca\uff0c\u5305\u62ec\u534e\u76db\u987f\u8857\u6cd5\u9662\u548c\u4f0a\u4e3d\u838e\u767d\u5821\uff0c\u800c\u6587\u5316\u5730\u6807\u5219\u6bd4\u6bd4\u7686\u662f\uff0c\u5305\u62ec\u57fa\u7763\u6559\u5802\uff08\u73b0\u4e3a\u7279\u91cc\u65af\u514b\u5c14\u827a\u672f\u4e2d\u5fc3\uff09\u3001\u5723\u739b\u4e3d\u591a\u660e\u6211\u4f1a\u6559\u5802\u3001\u79d1\u514b\u5927\u5b66\u6cb3\u7554\u56db\u5408\u9662\u3001\u5468\u65e5\u4e95\u7684\u524d\u5973\u5b50\u76d1\u72f1\u548c\u5386\u53f2\u60a0\u4e45\u7684\u82f1\u56fd\u5e02\u573a\uff08\u5176\u5386\u53f2\u53ef\u8ffd\u6eaf\u5230 1786 \u5e74\uff09\u3002<\/p>\n<p>\u7eff\u5730\u4e30\u5bcc\u4e86\u57ce\u5e02\u751f\u6d3b\uff1a\u5e02\u4e2d\u5fc3\u897f\u4fa7\u7684\u83f2\u8328\u6770\u62c9\u5fb7\u516c\u56ed\u5185\u8bbe\u6709\u79d1\u514b\u516c\u5171\u535a\u7269\u9986\uff1b\u6bd5\u6653\u666e\u00b7\u5362\u897f\u516c\u56ed\u4fdd\u7559\u4e86\u4e00\u6bb5\u4e2d\u4e16\u7eaa\u57ce\u5899\uff1b\u88ab\u79f0\u4e3a\u201cThe Lough\u201d\u7684\u5782\u9493\u6e56\u4ee5\u53ca\u4f4d\u4e8e\u5e03\u83b1\u514b\u7f57\u514b\u8fb9\u7f18\u7684\u7801\u5934\u548c\u5927\u897f\u6d0b\u6c60\u5858\u8d70\u5eca\u4e3a\u6162\u8dd1\u8005\u3001\u5212\u8239\u8005\u548c\u9a91\u884c\u8005\u63d0\u4f9b\u4e86\u4fbf\u5229\u3002\u81ea2012\u5e74\u4ee5\u6765\uff0c\u79d1\u514b\u5e02\u5df2\u5728\u8857\u9053\u666f\u89c2\u4e2d\u8bbe\u7f6e\u4e86\u81ea\u884c\u8f66\u9053\u548c\u81ea\u884c\u8f66\u505c\u653e\u5904\u30022014\u5e74\uff0cAn Rothar Nua \u542f\u52a8\u4e86\u4e00\u9879\u516c\u5171\u79df\u8d41\u8ba1\u5212\uff0c\u572831\u4e2a\u505c\u9760\u7ad9\u63d0\u4f9b330\u8f86\u81ea\u884c\u8f66\u3002<\/p>\n<p>\u5c3d\u7ba1Beamish &amp; Crawford\u5564\u9152\u5382\u4e8e2009\u5e74\u5173\u95ed\uff0c\u4e1a\u52a1\u8f6c\u79fb\u5230Lady&#039;s Well\u7684Murphy&#039;s\uff08\u76ee\u524d\u4e5f\u5728\u5f53\u5730\u917f\u9020\u559c\u529b\u5564\u9152\uff09\uff0c\u4f46\u79d1\u514b\u7684\u917f\u9152\u4f20\u7edf\u4f9d\u7136\u5ef6\u7eed\u3002Franciscan Well\u5564\u9152\u5382\u6210\u7acb\u4e8e1998\u5e74\uff0c\u540e\u88abCoors\u6536\u8d2d\uff0c\u4ecd\u5728\u7ee7\u7eed\u7cbe\u917f\u5564\u9152\u3002<\/p>\n<p>\u4ea4\u901a\u7f51\u7edc\u5c06\u79d1\u514b\u4e0e\u7231\u5c14\u5170\u53ca\u5176\u4ed6\u5730\u533a\u8fde\u63a5\u8d77\u6765\u3002\u79d1\u514b\u673a\u573a\u662f\u7231\u5c14\u5170\u7b2c\u4e8c\u7e41\u5fd9\u7684\u673a\u573a\uff0c\u4f4d\u4e8e\u57ce\u5e02\u5357\u90e8\uff0c\u63d0\u4f9b\u98de\u5f80\u8d85\u8fc745\u4e2a\u6b27\u6d32\u76ee\u7684\u5730\u7684\u822a\u73ed\u3002\u7231\u5c14\u5170\u5df4\u58eb\u57ce\u5e02\u670d\u52a1\uff08201-226\u8def\uff09\u5c06\u5e02\u4e2d\u5fc3\u4e0e\u90ca\u533a\u3001\u8d2d\u7269\u4e2d\u5fc3\u548c\u5927\u5b66\u6821\u56ed\u8fde\u63a5\u8d77\u6765\uff0c\u4e24\u6761\u73af\u7ebf\u5219\u73af\u7ed5\u5357\u5317\u3002\u81ea2019\u5e741\u6708\u8d77\uff0c220\u8def\u516c\u4ea4\u8f66\u6210\u4e3a\u7231\u5c14\u5170\u9996\u676124\u5c0f\u65f6\u5168\u5929\u5019\u5df4\u58eb\u7ebf\u8def\uff0c\u6bcf\u5c0f\u65f6\u51cc\u66681:30\u81f35:30\u8fde\u63a5\u5df4\u6797\u79d1\u5229\u683c\u548c\u5361\u91cc\u52a0\u6797\uff0c\u5f00\u901a\u7b2c\u4e00\u5e74\u4e58\u5ba2\u6570\u91cf\u5c31\u589e\u957f\u4e8670%\u3002 2022 \u5e74 10 \u6708\uff0c\u56fd\u5bb6\u4ea4\u901a\u7ba1\u7406\u5c40\u5c31\u79d1\u514b\u7684 BusConnects \u5c55\u5f00\u516c\u4f17\u54a8\u8be2\uff0c\u63d0\u8bae\u5728 2023 \u5e74 11 \u6708\u4e3e\u884c\u7684\u7b2c\u4e09\u8f6e\u54a8\u8be2\u4e2d\uff0c\u4fee\u5efa\u5341\u51e0\u6761\u8d70\u5eca\u3001\u516c\u4ea4\u8f66\u95f8\u673a\u3001\u6269\u5927\u516c\u4ea4\u8f66\u9053\uff0c\u5e76\u5728\u79d1\u514b\u5927\u5b66\u533b\u9662\u89c4\u5212\u6362\u4e58\u7ad9\u3002\u957f\u9014\u5ba2\u8f66\u4ece\u5e15\u5185\u5c14\u5e7f\u573a\u51fa\u53d1\uff0c\u5f00\u5f80\u57fa\u62c9\u5c3c\u3001\u6c83\u7279\u798f\u5fb7\u3001\u963f\u65af\u9686\u3001\u9999\u519c\u673a\u573a\u3001\u5229\u9ed8\u91cc\u514b\u3001\u6208\u5c14\u97e6\u548c\u90fd\u67cf\u6797\uff0c\u6b64\u5916\u8fd8\u6709\u79c1\u8425\u8fd0\u8425\u5546 Irish Citylink\u3001Aircoach \u548c Dublin Coach \u63d0\u4f9b\u8865\u5145\u3002<\/p>\n<p>\u6d77\u4e0a\u670d\u52a1\u5305\u62ec\u62c9\u4ec0\u5e03\u9c81\u514b\uff08Rushbrooke\uff09\u548c\u897f\u901a\u9053\uff08Passage West\uff09\u4e4b\u95f4\u7684\u8de8\u6cb3\u6e21\u8f6e\uff08Cross River Ferry\uff09\uff0c\u8be5\u6e21\u8f6e\u7f13\u89e3\u4e86\u6770\u514b\u6797\u5947\u96a7\u9053\uff08Jack Lynch Tunnel\uff09\u4e0b\u7684\u901a\u52e4\u4ea4\u901a\uff0c\u4ee5\u53ca\u5e03\u5217\u5854\u5c3c\u6e21\u8f6e\uff08Brittany Ferries\uff09\u4ece\u6797\u52a0\u65af\u57fa\u8fea\uff08Ringaskiddy\uff09\u7ecf\u5e02\u4e2d\u5fc3\u4e1c\u535716\u516c\u91cc\u5904\u7684\u79d1\u514b\u6e2f\uff08Port of Cork\uff09\u5230\u6cd5\u56fd\u7f57\u65af\u79d1\u592b\uff08Roscoff\uff09\u7684\u6c7d\u8f66\u670d\u52a1\u3002\u81ea20\u4e16\u7eaa80\u5e74\u4ee3\u4ee5\u6765\uff0c\u9053\u8def\u6539\u5584\u5de5\u7a0b\u2014\u2014\u79d1\u514b\u5357\u73af\u7ebf\uff08Cork South Link\uff09\u3001\u5357\u73af\u53cc\u8f66\u9053\u3001\u6770\u514b\u6797\u5947\u96a7\u9053\uff08Jack Lynch Tunnel\uff09\u3001\u91d1\u585e\u5c14\u8def\uff08Kinsale Road\uff09\u7acb\u4ea4\u6865\uff082006\uff09\u3001N20\u7ed5\u884c\u7ebf\u4ee5\u53ca\u4ee5\u884c\u4eba\u4e3a\u4e2d\u5fc3\u7684\u5e15\u7279\u91cc\u514b\u8857\uff08Patrick Street\uff09\u91cd\u5efa\u2014\u2014\u4e0e\u901a\u5f80\u90fd\u67cf\u6797\u7684M8\u9ad8\u901f\u516c\u8def\u5e76\u9a7e\u9f50\u9a71\u3002<\/p>\n<p>\u94c1\u8def\u66fe\u662f\u79d1\u514b\u4ea4\u901a\u4f53\u7cfb\u7684\u91cd\u8981\u7ec4\u6210\u90e8\u5206\uff0c\u62e5\u6709\u516b\u4e2a\u8f66\u7ad9\uff0c\u4e3a\u5f53\u5730\u548c\u533a\u57df\u7ebf\u8def\u63d0\u4f9b\u4ea4\u901a\u670d\u52a1\u3002\u5982\u4eca\uff0c\u80af\u7279\u7ad9\u4ecd\u7136\u662f\u7231\u5c14\u5170\u94c1\u8def\u6bcf\u5c0f\u65f6\u4e00\u73ed\u4ece\u90fd\u67cf\u6797\u51fa\u53d1\u7684\u5217\u8f66\u4ee5\u53ca\u5f00\u5f80\u57fa\u62c9\u5c3c\u3001\u7279\u62c9\u5229\u3001\u5229\u9ed8\u91cc\u514b\u3001\u6069\u5c3c\u65af\u548c\u6208\u5c14\u97e6\u7684\u57ce\u9645\u5217\u8f66\u7684\u67a2\u7ebd\uff0c\u800c\u5c0f\u5c9b\u7ad9\u548c\u683c\u6d1b\u6069\u7d22\u6069\u7ad9\u5219\u4e3a\u90ca\u533a\u901a\u52e4\u8005\u4ee5\u53ca2009\u5e74\u91cd\u65b0\u5f00\u653e\u7684\u683c\u6d1b\u6069\u7d22\u6069-\u7c73\u5fb7\u5c14\u987f\u7ebf\u63d0\u4f9b\u670d\u52a1\u3002\u4f20\u7edf\u7684\u6709\u8f68\u7535\u8f66\u2014\u20141872\u5e74\u4e3a\u9a6c\u62c9\u7535\u8f66\uff0c1898\u5e74\u81f31931\u5e74\u4e3a\u7535\u529b\u7535\u8f66\u2014\u2014\u5df2\u7ecf\u8ba9\u4f4d\u4e8e\u73b0\u4ee3\u8f68\u9053\u3002<\/p>\n<p>\u79d1\u514b\u7684\u4eba\u53e3\u4ece2016\u5e74\u4eba\u53e3\u666e\u67e5\u7684208,669\u4eba\u589e\u957f\u52302022\u5e74\u7684224,004\u4eba\uff0c\u6b64\u524d\uff0c\u5e03\u62c9\u5c3c\u7b49\u57ce\u9547\u7684\u8fb9\u754c\u88ab\u6269\u5927\u5230\u79d1\u514b\u5e02\uff0c\u5982\u4eca\u79d1\u514b\u90fd\u5e02\u533a\u5c45\u6c11\u5df2\u8d85\u8fc730\u4e07\u3002\u591a\u5143\u7684\u79fb\u6c11\u793e\u7fa4\u4e30\u5bcc\u4e86\u79d1\u514b\u7684\u793e\u4f1a\u7ed3\u6784\uff1a\u6ce2\u5170\u4eba\u3001\u82f1\u56fd\u4eba\u3001\u7acb\u9676\u5b9b\u4eba\u3001\u6cd5\u56fd\u4eba\u3001\u5fb7\u56fd\u4eba\u3001\u5370\u5ea6\u4eba\u3001\u5c3c\u65e5\u5229\u4e9a\u4eba\u3001\u5308\u7259\u5229\u4eba\u3001\u65af\u6d1b\u4f10\u514b\u4eba\u548c\u897f\u73ed\u7259\u4eba\u90fd\u4e3a\u8fd9\u5ea7\u57ce\u5e02\u7684\u56fd\u9645\u5316\u7279\u8272\u505a\u51fa\u4e86\u8d21\u732e\u3002\u5973\u6027\u4eba\u53e3\u7565\u591a\u4e8e\u7537\u6027\uff0c\u8fd9\u4e0e\u5168\u56fd\u8d8b\u52bf\u4e00\u81f4\uff0c\u4f46\u5dee\u8ddd\u8f83\u5c0f\u3002<\/p>\n<p>\u79d1\u514b\u867d\u7136\u4eab\u6709\u201c\u53db\u9006\u4e4b\u57ce\u201d\u7684\u7f8e\u8a89\uff0c\u4f46\u5176\u57ce\u5e02\u9762\u8c8c\u4f9d\u7136\u4e30\u5bcc\u591a\u5f69\u2014\u2014\u5b83\u65e2\u662f\u4e2d\u4e16\u7eaa\u4fee\u9053\u9662\uff0c\u53c8\u662f\u7ef4\u4eac\u5821\u5792\u3001\u683c\u9c81\u5409\u4e9a\u65f6\u671f\u7684\u5546\u6e2f\uff0c\u8fd8\u662f\u73b0\u4ee3\u6b27\u6d32\u7684\u6587\u5316\u4e4b\u90fd\u3002\u79d1\u514b\u88ab\u6cb3\u6d41\u5207\u5272\u800c\u6210\u7684\u5c9b\u5c7f\u6838\u5fc3\u548c\u5386\u53f2\u60a0\u4e45\u7684\u7801\u5934\u7ee7\u7eed\u5851\u9020\u7740\u8fd9\u5ea7\u5145\u6ee1\u6d3b\u529b\u7684\u57ce\u5e02\uff0c\u5b83\u65e2\u73cd\u89c6\u81ea\u5df1\u6781\u5176\u72ec\u7acb\u7684\u4f20\u7edf\uff0c\u53c8\u653e\u773c\u4e16\u754c\u3002<\/p>","protected":false},"excerpt":{"rendered":"<p>\u79d1\u514b\u662f\u7231\u5c14\u5170\u7b2c\u4e8c\u5927\u57ce\u5e02\uff0c\u4e5f\u662f\u79d1\u514b\u90e1\u7684\u884c\u653f\u4e2d\u5fc3\uff0c\u6839\u636e2022\u5e74\u4eba\u53e3\u666e\u67e5\uff0c\u4eba\u53e3\u4e3a224,004\u3002\u8fd9\u5ea7\u5145\u6ee1\u6d3b\u529b\u7684\u5927\u90fd\u5e02\u4f4d\u4e8e\u8292\u65af\u7279\u7701\uff0c\u662f\u7231\u5c14\u5170\u5c9b\u4e0a\u7684\u7b2c\u4e09\u5927\u57ce\u5e02\u3002\u79d1\u514b\u72ec\u7279\u7684\u5730\u5f62\u4ee5\u5176\u6838\u5fc3\u533a\u4e3a\u7279\u8272\uff0c\u6838\u5fc3\u533a\u4f4d\u4e8e\u7531\u5229\u6cb3\uff08River Lee\uff09\u7684\u4e24\u6761\u6c34\u9053\u5f62\u6210\u7684\u5c9b\u5c7f\u4e0a\u3002\u4e24\u6761\u6c34\u9053\u5728\u79d1\u514b\u5e02\u7684\u4e1c\u7aef\u4ea4\u6c47\uff0c\u5e9e\u5927\u7684\u7801\u5934\u7f51\u7edc\u5ef6\u4f38\u81f3\u9a6c\u6d2a\u6e56\uff08Lough Mahon\uff09\u548c\u79d1\u514b\u6e2f\uff08Cork Harbour\uff09\uff0c\u540e\u8005\u88ab\u516c\u8ba4\u4e3a\u5168\u7403\u6700\u4f1f\u5927\u7684\u5929\u7136\u826f\u6e2f\u4e4b\u4e00\u3002<\/p>","protected":false},"author":1,"featured_media":3992,"parent":11622,"menu_order":0,"comment_status":"closed","ping_status":"closed","template":"elementor_theme","meta":{"_eb_attr":"","footnotes":""},"class_list":["post-11657","page","type-page","status-publish","has-post-thumbnail"],"_links":{"self":[{"href":"https:\/\/travelshelper.com\/zh\/wp-json\/wp\/v2\/pages\/11657","targetHints":{"allow":["GET"]}}],"collection":[{"href":"https:\/\/travelshelper.com\/zh\/wp-json\/wp\/v2\/pages"}],"about":[{"href":"https:\/\/travelshelper.com\/zh\/wp-json\/wp\/v2\/types\/page"}],"author":[{"embeddable":true,"href":"https:\/\/travelshelper.com\/zh\/wp-json\/wp\/v2\/users\/1"}],"replies":[{"embeddable":true,"href":"https:\/\/travelshelper.com\/zh\/wp-json\/wp\/v2\/comments?post=11657"}],"version-history":[{"count":0,"href":"https:\/\/travelshelper.com\/zh\/wp-json\/wp\/v2\/pages\/11657\/revisions"}],"up":[{"embeddable":true,"href":"https:\/\/travelshelper.com\/zh\/wp-json\/wp\/v2\/pages\/11622"}],"wp:featuredmedia":[{"embeddable":true,"href":"https:\/\/travelshelper.com\/zh\/wp-json\/wp\/v2\/media\/3992"}],"wp:attachment":[{"href":"https:\/\/travelshelper.com\/zh\/wp-json\/wp\/v2\/media?parent=11657"}],"curies":[{"name":"wp","href":"https:\/\/api.w.org\/{rel}","templated":true}]}}