{"id":11563,"date":"2024-09-13T13:19:49","date_gmt":"2024-09-13T13:19:49","guid":{"rendered":"https:\/\/travelshelper.com\/staging\/?page_id=11563"},"modified":"2026-03-12T17:15:17","modified_gmt":"2026-03-12T17:15:17","slug":"%e8%80%83%e7%ba%b3%e6%96%af","status":"publish","type":"page","link":"https:\/\/travelshelper.com\/zh\/destinations\/europe\/lithuania\/kaunas\/","title":{"rendered":"\u8003\u7eb3\u65af"},"content":{"rendered":"<p>\u8003\u7eb3\u65af\u662f\u7acb\u9676\u5b9b\u7b2c\u4e8c\u5927\u57ce\u5e02\uff0c\u5176\u529f\u80fd\u57ce\u533a\uff082021\u5e74\uff09\u7ea6\u670939.1\u4e07\u5c45\u6c11\uff0c\u5176\u5468\u8fb9\u57ce\u5e02\u548c\u533a\u7ea7\u884c\u653f\u533a\uff082022\u5e74\uff09\u7ea6\u670944.8\u4e07\u5c45\u6c11\uff0c\u5360\u573015,700\u516c\u9877\u3002\u4ece\u4e2d\u4e16\u7eaa\u65f6\u671f\u4f5c\u4e3a\u7acb\u9676\u5b9b\u5927\u516c\u56fd\u53bf\u6cbb\u7684\u8d77\u6e90\uff0c\u5230\u5982\u4eca\u88ab\u8054\u5408\u56fd\u6559\u79d1\u6587\u7ec4\u7ec7\u5217\u4e3a\u4e16\u754c\u9057\u4ea7\uff0c\u8003\u7eb3\u65af\u4e00\u76f4\u662f\u7acb\u9676\u5b9b\u7ecf\u6d4e\u3001\u5b66\u672f\u548c\u6587\u5316\u6d3b\u529b\u7684\u652f\u70b9\u3002<\/p>\n<p>\u81ea15\u4e16\u7eaa\u521d\u9996\u6b21\u88ab\u63d0\u53ca\u4ee5\u6765\uff0c\u8003\u7eb3\u65af\u4e00\u76f4\u662f\u7279\u62c9\u51ef\u516c\u56fd\u884c\u653f\u6846\u67b6\u4e2d\u7684\u6218\u7565\u8981\u5730\u30021413\u5e74\uff0c\u8be5\u5b9a\u5c45\u70b9\u5347\u683c\u4e3a\u53bf\u7ea7\uff1b\u5728\u6c99\u7687\u4fc4\u56fd\u65f6\u671f\uff081843-1915\uff09\uff0c\u8003\u7eb3\u65af\u66fe\u662f\u8003\u7eb3\u65af\u7701\u7684\u9996\u5e9c\u30021862\u5e74\uff0c\u94c1\u8def\u7684\u5f00\u901a\u2014\u2014\u4ee5\u6d85\u66fc\u6cb3\u9ad8\u67b6\u6865\u548c\u53cc\u5b54\u94c1\u8def\u96a7\u9053\u7684\u5efa\u6210\u4e3a\u6807\u5fd7\u2014\u2014\u50ac\u5316\u4e86\u57ce\u5e02\u6269\u5f20\uff0c\u4f7f\u8be5\u9547\u6210\u4e3a\u5723\u5f7c\u5f97\u5821\u548c\u5fb7\u56fd\u5173\u7a0e\u540c\u76df\u4e4b\u95f4\u91cd\u8981\u7684\u7269\u6d41\u67a2\u7ebd\u3002\u7eba\u7ec7\u3001\u51b6\u91d1\u548c\u98df\u54c1\u52a0\u5de5\u7b49\u5de5\u4e1a\u4f01\u4e1a\u6cbf\u6cb3\u5cb8\u84ec\u52c3\u53d1\u5c55\uff0c\u800c\u7b2c\u4e00\u5ea7\u8fde\u63a5\u5982\u4eca\u7684\u624e\u5229\u4e9a\u5361\u5c14\u5c3c\u65af\uff08\u017daliakalnis\uff09\u7684\u6865\u6881\u4e8e1889\u5e74\u5efa\u6210\uff0c\u9884\u793a\u7740\u8fd9\u5ea7\u57ce\u5e02\u5c06\u8d85\u8d8a\u4e2d\u4e16\u7eaa\u6838\u5fc3\u533a\u7684\u53d1\u5c55\u3002<\/p>\n<p>\u4e24\u6b21\u4e16\u754c\u5927\u6218\u4e4b\u95f4\u7684\u65f6\u671f\u91cd\u65b0\u5b9a\u4e49\u4e86\u8003\u7eb3\u65af\u7684\u8eab\u4efd\u30021920\u5e74\uff0c\u7ef4\u5c14\u7ebd\u65af\u88ab\u6ce2\u5170\u7edf\u6cbb\uff0c\u8003\u7eb3\u65af\u6210\u4e3a\u4e34\u65f6\u9996\u90fd\u3002\u5728\u63a5\u4e0b\u6765\u7684\u4e8c\u5341\u5e74\u91cc\uff0c\u8fd9\u5ea7\u57ce\u5e02\u9010\u6e10\u6f14\u53d8\u6210\u77e5\u8bc6\u63a2\u7d22\u548c\u5ba1\u7f8e\u521b\u65b0\u7684\u7194\u7089\u3002\u5efa\u7b51\u5e08\u548c\u5efa\u7b51\u5546\u4eec\u878d\u5408\u4e86\u88c5\u9970\u827a\u672f\u98ce\u683c\u548c\u7acb\u9676\u5b9b\u6c11\u65cf\u590d\u5174\u98ce\u683c\uff0c\u5efa\u9020\u4e86\u4e00\u7cfb\u5217\u68f1\u89d2\u5206\u660e\u7684\u5efa\u7b51\uff0c\u5176\u51e0\u4f55\u88c5\u9970\u4ee4\u4eba\u56de\u60f3\u8d77\u4e8c\u5341\u4e16\u7eaa\u65e9\u671f\u7684\u73b0\u4ee3\u4e3b\u4e49\u7cbe\u795e\u3002\u5496\u5561\u9986\u6cbf\u7740\u81ea\u7531\u5927\u9053\uff08Laisv\u0117s al\u0117ja\uff09\u8fc5\u901f\u589e\u591a\uff0c\u800c\u6c99\u9f99\u548c\u6f14\u8bb2\u5385\u5219\u6210\u4e3a\u6587\u5b66\u3001\u54f2\u5b66\u548c\u6ce2\u7f57\u7684\u6d77\u5730\u533a\u4e3b\u4e49\u7684\u8ba8\u8bba\u573a\u6240\u3002\u8fd9\u6bb5\u7e41\u8363\u65f6\u671f\u7559\u4e0b\u4e86\u72ec\u7279\u7684\u57ce\u5e02\u5370\u8bb0\uff0c\u4ee5\u81f3\u4e8e\u8054\u5408\u56fd\u6559\u79d1\u6587\u7ec4\u7ec7\u4e8e2023\u5e74\u5c06\u8003\u7eb3\u65af\u4e24\u6b21\u4e16\u754c\u5927\u6218\u4e4b\u95f4\u7684\u57ce\u5e02\u4e2d\u5fc3\u5217\u5165\u4e16\u754c\u9057\u4ea7\u540d\u5f55\uff0c\u627f\u8ba4\u5176\u662f\u6b27\u6d32\u57ce\u5e02\u89c4\u6a21\u4e0a\u72ec\u4e00\u65e0\u4e8c\u7684\u73b0\u4ee3\u4e3b\u4e49\u57ce\u9547\u89c4\u5212\u548c\u8bbe\u8ba1\u9057\u4ea7\u7684\u4f53\u73b0\u3002<\/p>\n<p>\u82cf\u8054\u5360\u9886\u65f6\u671f\uff0c\u4e2d\u592e\u96c6\u6743\u89c4\u5212\u4e0e\u91cd\u5de5\u4e1a\u5e76\u5b58\uff0c\u5f62\u6210\u4e86\u9c9c\u660e\u5bf9\u6bd4\u3002\u5316\u5de5\u3001\u5236\u836f\u548c\u6728\u6750\u52a0\u5de5\u5de5\u5382\u5728\u57ce\u5e02\u8fb9\u7f18\u4e0d\u65ad\u6269\u5f20\u3002\u4f4f\u5b85\u5c0f\u533a\u4ee5\u91cd\u590d\u7684\u8f6e\u5ed3\u62d4\u5730\u800c\u8d77\uff0c\u7edf\u4e00\u7684\u7acb\u9762\u70b9\u7f00\u7740\u516c\u5171\u5ead\u9662\u548c\u9884\u5236\u5165\u53e3\u3002\u6587\u5316\u673a\u6784\u5728\u610f\u8bc6\u5f62\u6001\u7684\u5ba1\u89c6\u4e0b\u5c79\u7acb\u4e0d\u5012\uff0c\u5374\u4f9d\u7136\u6ecb\u517b\u7740\u5f53\u5730\u7684\u827a\u672f\u9636\u5c42\u2014\u2014\u6700\u8457\u540d\u7684\u662f\u8003\u7eb3\u65af\u5dde\u7acb\u97f3\u4e50\u5267\u9662\u548c\u7b2c\u4e5d\u5821\u5792\u535a\u7269\u9986\uff0c\u5b83\u4eec\u901a\u8fc7\u4e25\u8083\u7684\u5c55\u89c8\u7eaa\u5ff5\u6218\u4e89\u66b4\u884c\u3002\u8be5\u5e02\u4e24\u6761\u4e8e20\u4e16\u7eaa30\u5e74\u4ee3\u5f00\u901a\u7684\u7f06\u8f66\uff0c\u81f3\u4eca\u4ecd\u5728\u624e\u5229\u4e9a\u5361\u5c14\u5c3c\u65af\u548c\u963f\u5217\u514b\u7d22\u5854\u65af\u7684\u4e24\u4fa7\u873f\u8712\u800c\u4e0a\uff0c\u8fd9\u4e9b\u9057\u8ff9\u4f53\u73b0\u4e86\u66f4\u5177\u516c\u6c11\u610f\u8bc6\u7684\u57fa\u7840\u8bbe\u65bd\u5efa\u8bbe\u7406\u5ff5\uff0c\u8fd9\u79cd\u7406\u5ff5\u572820\u4e16\u7eaa\u4e2d\u671f\u7684\u610f\u8bc6\u5f62\u6001\u52a8\u8361\u4e2d\u5e78\u5b58\u4e86\u4e0b\u6765\u3002<\/p>\n<p>1990\u5e74\u6062\u590d\u72ec\u7acb\u540e\uff0c\u8003\u7eb3\u65af\u5f00\u59cb\u4e86\u5efa\u7b51\u7ffb\u65b0\u548c\u57ce\u5e02\u91cd\u5851\u7684\u8fdb\u7a0b\u3002\u4e24\u6b21\u4e16\u754c\u5927\u6218\u671f\u95f4\u7834\u8d25\u7684\u8c6a\u5b85\u7ecf\u8fc7\u4e86\u7cbe\u5fc3\u4fee\u590d\uff1b\u5e02\u653f\u5385\u91cd\u73b0\u4e86\u5176\u5341\u516b\u4e16\u7eaa\u7684\u5706\u9876\uff1b\u81ea\u7531\u5927\u9053\u91cd\u65b0\u94fa\u8bbe\u8def\u9762\u5e76\u6210\u4e3a\u6b65\u884c\u8857\u30022022\u5e74\uff0c\u8003\u7eb3\u65af\u8363\u83b7\u201c\u6b27\u6d32\u6587\u5316\u4e4b\u90fd\u201d\u79f0\u53f7\uff0c\u8fd9\u8c61\u5f81\u7740\u8fd9\u5ea7\u57ce\u5e02\u7684\u91cd\u751f\uff0c\u51f8\u663e\u4e86\u5176\u4e0d\u65ad\u53d1\u5c55\u7684\u6587\u5316\u7248\u56fe\uff1a\u5c55\u793a\u9676\u74f7\u548c\u4e2d\u4e16\u7eaa\u624b\u7a3f\u7684\u753b\u5eca\u3001\u5b9e\u9a8c\u5267\u56e2\u4ee5\u53ca\u5f70\u663e\u8fd9\u5ea7\u57ce\u5e02\u4e0e\u88c5\u9970\u827a\u672f\u4f20\u627f\u7684\u6301\u4e45\u8054\u7cfb\u7684\u8bbe\u8ba1\u53cc\u5e74\u5c55\u3002\u4e0e\u6b64\u540c\u65f6\uff0c\u8003\u7eb3\u65af\u6c34\u5e93\u533a\u57df\u516c\u56ed\u7684\u603b\u90e8\u548c\u7ef4\u9676\u5854\u65af\u00b7\u9a6c\u683c\u52aa\u65af\u5927\u5b66\u7684\u690d\u7269\u56ed\u63d0\u9192\u7740\u5c45\u6c11\u548c\u6e38\u5ba2\u8be5\u5730\u533a\u7684\u751f\u6001\u9057\u4ea7\u3002<\/p>\n<p>\u8003\u7eb3\u65af\u7684\u5730\u5f62\u5730\u8c8c\u4e3a\u4f4e\u5730\u6cbc\u6cfd\u548c\u6cb3\u6d41\u9636\u5730\uff0c\u8fd9\u4e9b\u5730\u8c8c\u7ecf\u8fc7\u6570\u5343\u5e74\u7684\u6cb3\u6d41\u4fb5\u8680\u800c\u5f62\u6210\u3002\u6bd7\u90bb\u7684\u5361\u5179\u52d2\u9c81\u8fbe\u68ee\u6797\u5f62\u6210\u4e86\u5c40\u90e8\u5c0f\u6c14\u5019\uff0c\u7f13\u548c\u4e86\u51ac\u5b63\u7684\u4e25\u9177\u6c14\u5019\uff0c\u51cf\u5f31\u4e86\u897f\u98ce\u7684\u731b\u70c8\u7a0b\u5ea6\u3002\u5c3d\u7ba1\u8003\u7eb3\u65af\u4f4d\u4e8e\u5317\u7eac\u4e94\u5341\u56db\u5ea6\uff0c\u4f46\u5b83\u5374\u4eab\u6709\u76f8\u5bf9\u6e29\u548c\u7684\u5927\u9646\u6027\u6c14\u5019\uff1a\u4ef2\u590f\u65e5\u7167\u957f\u8fbe\u5341\u4e03\u5c0f\u65f6\uff0c\u800c\u4ef2\u51ac\u5219\u7f29\u77ed\u81f3\u4e03\u5c0f\u65f6\u3002\u590f\u5b63\u5e73\u5747\u6700\u9ad8\u6c14\u6e29\u5f98\u5f8a\u572821-22\u00b0C\u5de6\u53f3\uff0c\u9ece\u660e\u65f6\u5206\u964d\u81f3\u7ea612\u00b0C\uff0c\u5728\u9ad8\u6e29\u5929\u6c14\u671f\u95f4\u5076\u5c14\u4f1a\u5347\u81f330\u00b0C\u3002\u51ac\u5b63\u5e73\u5747\u6c14\u6e29\u5728-8\u81f30\u00b0C\u4e4b\u95f4\uff0c\u5f88\u5c11\u8d85\u8fc7-15\u00b0C\u3002\u6625\u5b63\u548c\u79cb\u5b63\u6c14\u6e29\u4ece\u5bd2\u51b7\u7684\u65e9\u6668\u5230\u6e29\u548c\u7684\u4e0b\u5348\u53d8\u5316\u8fc5\u901f\uff0c\u7ef4\u6301\u7740\u5f53\u5730\u5c45\u6c11\u548c\u8fc1\u5f99\u9e1f\u7c7b\u90fd\u80fd\u9884\u671f\u7684\u5b63\u8282\u8282\u5f8b\u3002<\/p>\n<p>\u8fd9\u5ea7\u5927\u90fd\u5e02\u4e3b\u8981\u7531\u4e24\u4e2a\u533a\u57df\u7ec4\u6210\u3002\u8001\u57ce\u533a\u6070\u597d\u4f4d\u4e8e\u6cb3\u6d41\u4ea4\u6c47\u5904\uff0c\u4fdd\u7559\u4e86\u54e5\u7279\u5f0f\u3001\u6587\u827a\u590d\u5174\u5f0f\u548c\u5df4\u6d1b\u514b\u5f0f\u7684\u6807\u5fd7\u6027\u5efa\u7b51\u3002\u5341\u56db\u4e16\u7eaa\u7684\u8003\u7eb3\u65af\u57ce\u5821\u62e5\u6709\u5706\u5f62\u5854\u697c\u548c\u57ce\u579b\uff0c\u5982\u4eca\u8f6e\u6d41\u4e3e\u529e\u5f53\u4ee3\u827a\u672f\u5c55\u89c8\u3002\u9644\u8fd1\uff0c\u5efa\u4e8e1771\u5e74\u81f31780\u5e74\u7684\u5e02\u653f\u5385\u662fRotu\u0161\u0117s aik\u0161t\u0117\u7684\u4e2d\u5fc3\uff0c\u8fd9\u662f\u4e00\u4e2a\u9e45\u5375\u77f3\u5e7f\u573a\uff0c\u66fe\u662f\u4e2d\u4e16\u7eaa\u5e02\u573a\u3001\u53f8\u6cd5\u4f1a\u8bae\u548c\u8282\u65e5\u5e86\u5178\u7684\u573a\u6240\u3002\u4e24\u6b21\u4e16\u754c\u5927\u6218\u671f\u95f4\u5171\u548c\u56fd\u7684\u603b\u7edf\u5e9c\u5750\u843d\u5728\u7ef4\u5c14\u7ebd\u65af\u8857\u4e0a\uff0c\u5176\u65b0\u53e4\u5178\u4e3b\u4e49\u98ce\u683c\u7684\u95e8\u5eca\u5524\u8d77\u4e86\u65b0\u751f\u7acb\u9676\u5b9b\u56fd\u5bb6\u7684\u5e84\u4e25\u3002\u72ed\u7a84\u7684\u5c0f\u5df7\u901a\u5411\u5723\u4e54\u6cbb\u6559\u5802\uff0c\u5176\u7ea2\u7816\u62f1\u9876\u8ffd\u6eaf\u4e86\u81ea\u5341\u4e94\u4e16\u7eaa\u4ee5\u6765\u7684\u671d\u5723\u4e4b\u8def\uff0c\u7136\u540e\u7ee7\u7eed\u524d\u884c\u5230\u8fbe\u54e5\u7279\u5f0f\u7684\u4f69\u5c14\u5e93\u7eb3\u65af\u4e4b\u5bb6\uff0c\u6c49\u8428\u5546\u4eba\u66fe\u7ecf\u5728\u8fd9\u91cc\u7684\u96d5\u82b1\u6728\u6881\u4e0b\u805a\u4f1a\u3002<\/p>\n<p>\u65b0\u57ce\u5411\u4e1c\u5ef6\u4f38\uff0c\u6cbf\u7740\u873f\u8712\u7684\u81ea\u7531\u5927\u9053\uff08Laisv\u0117s al\u0117ja\uff09\u4eba\u884c\u6b65\u9053\u873f\u8712\u800c\u4e0a\u3002\u8fd9\u67611.6\u516c\u91cc\u957f\u7684\u6b65\u884c\u8857\u4e24\u4fa7\u79cd\u6ee1\u4e86\u6934\u6811\uff0c\u70b9\u7f00\u7740\u590d\u53e4\u7684\u706f\u5177\uff0c\u6784\u6210\u4e86\u8fd9\u5ea7\u57ce\u5e02\u7684\u793e\u4ea4\u52a8\u8109\u3002\u5728\u6797\u836b\u9053\u7684\u906e\u853d\u4e0b\uff0c\u5546\u8d29\u4eec\u515c\u552e\u7740\u77ed\u6682\u7684\u5de5\u827a\u54c1\uff0c\u5b66\u751f\u5496\u5561\u9986\u91cc\u7199\u7199\u6518\u6518\uff0c\u70ed\u95f9\u975e\u51e1\u3002\u5386\u53f2\u603b\u7edf\u5e9c\u7684\u73bb\u7483\u7a97\u4e0a\uff0c\u95ea\u70c1\u7740\u6d3b\u529b\uff0c\u5438\u5f15\u7740\u8def\u4eba\u9a7b\u8db3\u6b23\u8d4f\u539f\u6c41\u539f\u5473\u7684\u5bb6\u5177\u548c\u56fd\u5bb6\u5fbd\u7ae0\u3002\u6cbf\u7740\u540c\u5fc3\u5706\u72b6\u7684\u5c0f\u5df7\uff0c\u53ef\u4ee5\u770b\u5230\u4e00\u4e9b\u673a\u6784\uff0c\u4f8b\u5982\u7c73\u5f00\u6717\u57fa\u7f57\u00b7\u4e18\u5229\u5965\u5c3c\u65af\u56fd\u5bb6\u827a\u672f\u535a\u7269\u9986\uff08MK \u010ciurlionis National Art Museum\uff09\uff0c\u5176\u88c5\u9970\u827a\u672f\u98ce\u683c\u7684\u5916\u5899\u53ef\u8ffd\u6eaf\u523020\u4e16\u7eaa30\u5e74\u4ee3\uff1b\u4ee5\u53ca\u7ef4\u9676\u5854\u65af\u4e00\u4e16\u6218\u4e89\u535a\u7269\u9986\uff08Vytautas the Great War Museum\uff09\uff0c\u5176\u949f\u697c\u5728\u6b63\u5348\u65f6\u5206\u594f\u54cd\u6218\u65f6\u6c11\u8c23\u3002<\/p>\n<p>\u7eff\u8272\u7a7a\u95f4\u904d\u5e03\u57ce\u5e02\u808c\u7406\u3002\u6b27\u6d32\u6700\u5927\u7684\u57ce\u5e02\u6a61\u6811\u6797\u0104\u017euolynas\u5360\u573063\u516c\u9877\uff0c\u4f4d\u4e8e\u8001\u57ce\u533a\u4e1c\u5317\u90e8\uff0c\u5176\u76d8\u6839\u9519\u8282\u7684\u6811\u5e72\u906e\u853d\u7740\u6162\u8dd1\u5c0f\u5f84\u548c\u513f\u7ae5\u6e38\u4e50\u573a\u3002\u8003\u7eb3\u65af\u6c34\u5e93\u533a\u57df\u516c\u56ed\u6210\u7acb\u4e8e1992\u5e74\uff0c\u65e8\u5728\u4fdd\u62a4\u7acb\u9676\u5b9b\u6700\u5927\u4eba\u5de5\u6e56\u7684\u751f\u6001\u5b8c\u6574\u6027\uff0c\u63d0\u4f9b\u72ec\u6728\u821f\u8def\u7ebf\u548c\u6cbf\u7740\u6c34\u4e0b\u6cb3\u8c37\u7684\u89c2\u9e1f\u573a\u6240\u3002\u57ce\u5e02\u5185\u5206\u5e03\u774016\u4e2a\u57ce\u5e02\u516c\u56ed\u4ee5\u53ca\u591a\u4e2a\u68ee\u6797\u548c\u666f\u89c2\u4fdd\u62a4\u533a\uff0c\u5360\u5730\u603b\u9762\u79ef\u7684\u4e00\u534a\u4ee5\u4e0a\u3002\u690d\u7269\u56ed\u6210\u7acb\u4e8e1923\u5e74\uff0c\u9986\u5185\u6536\u85cf\u7740\u4ece\u9ad8\u5c71\u5047\u5c71\u5230\u672c\u571f\u6e7f\u5730\u690d\u7269\u7b49\u4e3b\u9898\u690d\u7269\uff0c\u800c\u8003\u7eb3\u65af\u52a8\u7269\u56ed\u5219\u9972\u517b\u7740\u4ece\u6b27\u6d32\u91ce\u725b\u5230\u8fdc\u4e1c\u5c0f\u718a\u732b\u7b49\u5404\u79cd\u7269\u79cd\u3002<\/p>\n<p>\u8003\u7eb3\u65af\u7684\u6587\u5316\u57fa\u7840\u8bbe\u65bd\u6db5\u76d6\u6570\u5341\u5bb6\u535a\u7269\u9986\u548c\u7f8e\u672f\u9986\u3002\u9b54\u9b3c\u535a\u7269\u9986\u5c55\u51fa\u4e86\u6765\u81ea\u4e16\u754c\u5404\u5730\u7684\u7ea63000\u4ef6\u96d5\u5851\u4f5c\u54c1\uff0c\u53cd\u6620\u4e86\u4eba\u7c7b\u5bf9\u5730\u72f1\u7684\u6c11\u95f4\u4f20\u8bf4\u3002\u7b2c\u4e5d\u5821\u5792\u535a\u7269\u9986\u5e84\u4e25\u5730\u8bb2\u8ff0\u4e86\u8fd9\u5ea7\u5821\u5792\u4ece\u6c99\u7687\u5821\u5792\u5230\u5927\u5c60\u6740\u65f6\u671f\u5927\u5c60\u6740\u9057\u5740\u7684\u8f6c\u53d8\uff0c\u5176\u6df7\u51dd\u571f\u70ae\u773c\u548c\u5730\u4e0b\u96a7\u9053\u9ed8\u9ed8\u5730\u89c1\u8bc1\u7740\u8fd9\u4e00\u5207\u3002\u5854\u8fbe\u65af\u00b7\u4f0a\u4e07\u7459\u65af\u5361\u65af\u52a8\u7269\u5b66\u535a\u7269\u9986\u4fdd\u5b58\u774019\u4e16\u7eaa\u63a2\u9669\u961f\u7684\u6807\u672c\uff0c\u800c\u5b9d\u77f3\u535a\u7269\u9986\u5219\u5448\u73b0\u4e86\u4e00\u573a\u63a2\u7d22\u5404\u5927\u6d32\u77ff\u7269\u7684\u6676\u83b9\u4e4b\u65c5\u3002\u5305\u62ec\u7ef4\u9676\u5854\u65af\u00b7\u9a6c\u683c\u52aa\u65af\u5927\u5b66\u5728\u5185\u7684\u5b66\u672f\u673a\u6784\u5438\u5f15\u4e86\u6210\u5343\u4e0a\u4e07\u7684\u672c\u79d1\u751f\uff0c\u8425\u9020\u51fa\u4e00\u79cd\u4eba\u53e3\u6d3b\u529b\uff0c\u4e3a\u793e\u533a\u5496\u5561\u9986\u548c\u4e66\u5e97\u6ce8\u5165\u4e86\u6d3b\u529b\u3002<\/p>\n<p>\u4ea4\u901a\u7f51\u7edc\u6574\u5408\u4e86\u591a\u79cd\u6a21\u5f0f\u3002\u8003\u7eb3\u65af\u56fd\u9645\u673a\u573a\u8d1f\u8d23\u533a\u57df\u548c\u4f4e\u6210\u672c\u822a\u7a7a\u516c\u53f8\u7684\u822a\u73ed\uff0c\u800c\u62e5\u6709\u767e\u5e74\u5386\u53f2\u7684\u5723\u5927\u6d41\u58eb\u548c\u5723\u5409\u96f7\u7eb3\u65af\u673a\u573a\u5219\u670d\u52a1\u4e8e\u8fd0\u52a8\u822a\u7a7a\u548c\u7acb\u9676\u5b9b\u822a\u7a7a\u535a\u7269\u9986\u30022017\u5e74\u540e\u5efa\u6210\u7684\u7acb\u9676\u5b9b\u6700\u5927\u7684\u516c\u4ea4\u603b\u7ad9\u901a\u8fc720\u4e2a\u767b\u673a\u53e3\u8fde\u63a5\u56fd\u5185\u548c\u56fd\u9645\u7ebf\u8def\u3002\u94c1\u8def\u670d\u52a1\u8d2f\u7a7f\u6cdb\u6b27\u8d70\u5ecaIX\u548c\u6cdb\u6b27\u8d70\u5ecaI\uff0c\u8fde\u63a5\u534e\u6c99\u3001\u7ef4\u5c14\u7ebd\u65af\u53ca\u5176\u4ed6\u5730\u533a\uff1b\u5373\u5c06\u5f00\u901a\u7684\u6ce2\u7f57\u7684\u6d77\u94c1\u8def\u6807\u51c6\u8f68\u8ddd\u6bb5\u6709\u671b\u589e\u5f3a\u4e0e\u4e2d\u6b27\u7684\u8054\u7cfb\u3002\u9ad8\u901f\u516c\u8def\u8f90\u5c04\u81f3\u7ef4\u5c14\u7ebd\u65af\uff08A1\uff09\u548c\u514b\u83b1\u4f69\u8fbe\uff08A1\u897f\u884c\uff09\uff0c\u4e0e\u6ce2\u7f57\u7684\u6d77\u5927\u9053\uff08E67\uff09\u8f74\u7ebf\u76f8\u4ea4\uff0c\u901a\u5f80\u534e\u6c99\u548c\u6ce2\u7f57\u7684\u6d77\u5404\u56fd\u9996\u90fd\u3002\u5728\u57ce\u5e02\u5185\uff0c\u7531 Kauno vie\u0161asis transportas \u7ba1\u7406\u7684 14 \u6761\u65e0\u8f68\u7535\u8f66\u548c 43 \u6761\u516c\u4ea4\u7ebf\u8def\u7ef4\u6301\u7740\u65e5\u5e38\u901a\u52e4\uff0c\u800c\u79fb\u52a8\u5e94\u7528\u7a0b\u5e8f \u017diogas \u5219\u901a\u8fc7\u975e\u63a5\u89e6\u5f0f\u4fbf\u6377\u65b9\u5f0f\u5b9e\u73b0\u4e86\u6570\u5b57\u5316\u8d2d\u7968\u3002\u6cb3\u8fd0\u4ea4\u901a\u4ecd\u7136\u4ee5\u5c3c\u66fc\u6cb3\u4e0a\u7684\u7801\u5934\u5f62\u5f0f\u5b58\u5728\uff0c\u4f46\u6c34\u7ffc\u8239\u670d\u52a1\u4ecd\u7136\u65f6\u65ad\u65f6\u7eed\u3002<\/p>\n<p>\u5728\u57ce\u5e02\u8fb9\u7f18\u4e4b\u5916\uff0c\u4e00\u7cfb\u5217\u9057\u5740\u4e30\u5bcc\u4e86\u8be5\u5730\u533a\u7684\u6587\u5316\u5e95\u8574\u3002\u5e15\u624e\u4f0a\u65af\u5229\u65af\u4fee\u9053\u9662\u2014\u2014\u4e00\u5ea7\u5efa\u4e8e\u5341\u4e03\u4e16\u7eaa\u7684\u5df4\u6d1b\u514b\u98ce\u683c\u5efa\u7b51\uff0c\u5750\u843d\u5728\u6cb3\u7554\u7684\u5cac\u89d2\u4e0a\u2014\u2014\u62e5\u6709\u7ed8\u6709\u58c1\u753b\u7684\u56de\u5eca\u548c\u4e00\u5ea7\u534e\u4e3d\u7684\u5723\u6bcd\u8bbf\u4eb2\u6559\u5802\u3002\u7b2c\u4e5d\u5821\u5792\u535a\u7269\u9986\u4f4d\u4e8e\u7ea6\u4e94\u516c\u91cc\u4ee5\u5317\uff0c\u5176\u4e09\u5341\u4e8c\u7c73\u9ad8\u7684\u7eaa\u5ff5\u5854\u4e0b\uff0c\u7eaa\u5ff5\u7740\u6218\u4e89\u66b4\u884c\u7684\u53d7\u5bb3\u8005\u3002\u9732\u5929\u7684\u9c81\u59c6\u5e0c\u4ec0\u514b\u65af\u535a\u7269\u9986\u4fdd\u5b58\u7740\u6c11\u65cf\u5fd7\u9057\u4ea7\uff0c\u90a3\u91cc\u7684\u4e61\u571f\u519c\u820d\u8bb2\u8ff0\u7740\u7acb\u9676\u5b9b\u7684\u4e61\u6751\u5386\u53f2\u3002\u590f\u5b63\uff0c\u6c99\u6ee9\u73af\u7ed5\u7740\u5e15\u5185\u7a46\u5185\u65af\u516c\u56ed\u6d77\u6ee9\u548c\u8003\u7eb3\u65af\u6e56\u6d77\u6ee9\uff0c\u53ef\u4e58\u5750\u65e0\u8f68\u7535\u8f66\u6216\u81ea\u884c\u8f66\u6cbf\u7740\u6c34\u4e0b\u5c0f\u5c9b\u524d\u5f80\u3002\u6749\u539f\u5343\u4ea9\u6545\u5c45\u662f\u4e3a\u4e86\u7eaa\u5ff5 1940 \u5e74\u65e5\u672c\u9886\u4e8b\u7b7e\u53d1\u7684\u6551\u547d\u7b7e\u8bc1\uff0c\u5176\u7b80\u6734\u7684\u623f\u95f4\u89c1\u8bc1\u4e86\u5730\u7f18\u653f\u6cbb\u5d29\u6e83\u4e2d\u7684\u9053\u5fb7\u4fe1\u5ff5\u3002<\/p>\n<p>\u8003\u7eb3\u65af\u89c1\u8bc1\u4e86\u7acb\u9676\u5b9b\u5386\u53f2\u7684\u6ca7\u6851\u53d8\u8fc1\uff0c\u7ecf\u5386\u4e86\u516c\u7235\u7edf\u6cbb\u3001\u5e1d\u56fd\u7edf\u6cbb\u3001\u5171\u548c\u72ec\u7acb\u4ee5\u53ca\u82cf\u8054\u5360\u9886\u3002\u4ece\u4e2d\u4e16\u7eaa\u57ce\u5899\u5230\u73b0\u4ee3\u91cc\u7a0b\u7891\uff0c\u8003\u7eb3\u65af\u7684\u5efa\u7b51\u5c42\u5c42\u53e0\u53e0\uff0c\u4f53\u73b0\u4e86\u8fd9\u5ea7\u57ce\u5e02\u4e0e\u8fc7\u53bb\u548c\u672a\u6765\u7684\u6c38\u6052\u5bf9\u8bdd\u3002\u8003\u7eb3\u65af\u5de7\u5999\u5730\u5e73\u8861\u4e86\u81ea\u7136\u666f\u89c2\u4e0e\u57ce\u5e02\u53d1\u5c55\u3001\u6587\u5316\u9057\u4ea7\u4e0e\u521b\u65b0\uff0c\u662f\u7acb\u9676\u5b9b\u5730\u7406\u4e2d\u5fc3\u97e7\u6027\u4e0e\u521b\u9020\u529b\u7684\u4f53\u73b0\u3002<\/p>","protected":false},"excerpt":{"rendered":"<p>\u8003\u7eb3\u65af\u662f\u7acb\u9676\u5b9b\u7b2c\u4e8c\u5927\u57ce\u5e02\uff0c\u5b83\u4f53\u73b0\u4e86\u7acb\u9676\u5b9b\u60a0\u4e45\u7684\u5386\u53f2\u3001\u6587\u5316\u548c\u7ecf\u6d4e\u8fdb\u6b65\u3002\u8fd9\u5ea7\u5927\u90fd\u5e02\u4f4d\u4e8e\u6d85\u66fc\u6cb3\u4e0e\u6d85\u91cc\u65af\u6cb3\u7684\u4ea4\u6c47\u5904\uff0c\u6781\u5927\u5730\u5851\u9020\u4e86\u7acb\u9676\u5b9b\u7684\u7279\u8272\uff0c\u5e76\u81f3\u4eca\u4ecd\u662f\u6ce2\u7f57\u7684\u6d77\u5730\u533a\u53d1\u5c55\u7684\u4ee3\u8868\u3002<\/p>","protected":false},"author":1,"featured_media":3040,"parent":11553,"menu_order":0,"comment_status":"closed","ping_status":"closed","template":"elementor_theme","meta":{"_eb_attr":"","footnotes":""},"class_list":["post-11563","page","type-page","status-publish","has-post-thumbnail"],"_links":{"self":[{"href":"https:\/\/travelshelper.com\/zh\/wp-json\/wp\/v2\/pages\/11563","targetHints":{"allow":["GET"]}}],"collection":[{"href":"https:\/\/travelshelper.com\/zh\/wp-json\/wp\/v2\/pages"}],"about":[{"href":"https:\/\/travelshelper.com\/zh\/wp-json\/wp\/v2\/types\/page"}],"author":[{"embeddable":true,"href":"https:\/\/travelshelper.com\/zh\/wp-json\/wp\/v2\/users\/1"}],"replies":[{"embeddable":true,"href":"https:\/\/travelshelper.com\/zh\/wp-json\/wp\/v2\/comments?post=11563"}],"version-history":[{"count":0,"href":"https:\/\/travelshelper.com\/zh\/wp-json\/wp\/v2\/pages\/11563\/revisions"}],"up":[{"embeddable":true,"href":"https:\/\/travelshelper.com\/zh\/wp-json\/wp\/v2\/pages\/11553"}],"wp:featuredmedia":[{"embeddable":true,"href":"https:\/\/travelshelper.com\/zh\/wp-json\/wp\/v2\/media\/3040"}],"wp:attachment":[{"href":"https:\/\/travelshelper.com\/zh\/wp-json\/wp\/v2\/media?parent=11563"}],"curies":[{"name":"wp","href":"https:\/\/api.w.org\/{rel}","templated":true}]}}