{"id":11462,"date":"2024-09-12T23:32:50","date_gmt":"2024-09-12T23:32:50","guid":{"rendered":"https:\/\/travelshelper.com\/staging\/?page_id=11462"},"modified":"2026-03-12T18:21:10","modified_gmt":"2026-03-12T18:21:10","slug":"%e6%91%a9%e5%b0%94%e5%a4%9a%e7%93%a6","status":"publish","type":"page","link":"https:\/\/travelshelper.com\/zh\/destinations\/europe\/moldova\/","title":{"rendered":"\u6469\u5c14\u8fbe\u7ef4\u4e9a"},"content":{"rendered":"<p>\u6469\u5c14\u591a\u74e6\u5171\u548c\u56fd\u662f\u4e1c\u6b27\u5185\u9646\u56fd\u5bb6\uff0c\u56fd\u571f\u9762\u79ef33,483\u5e73\u65b9\u516c\u91cc\uff0c\u4eba\u53e3\u7ea6242\u4e07\u3002\u5b83\u4f4d\u4e8e\u5df4\u5c14\u5e72-\u9ed1\u6d77\u76c6\u5730\u4e1c\u5317\u89d2\uff0c\u897f\u90bb\u7f57\u9a6c\u5c3c\u4e9a\uff0c\u5317\u3001\u4e1c\u3001\u5357\u4e09\u9762\u4e0e\u4e4c\u514b\u5170\u63a5\u58e4\u3002\u57fa\u5e0c\u8bb7\u4e4c\u662f\u6469\u5c14\u591a\u74e6\u7684\u9996\u90fd\u548c\u6700\u5927\u57ce\u5e02\uff0c\u662f\u8be5\u56fd\u653f\u6cbb\u3001\u6587\u5316\u548c\u5546\u4e1a\u4e2d\u5fc3\u3002<\/p>\n<p>\u6469\u5c14\u591a\u74e6\u6700\u65e9\u6709\u8bb0\u8f7d\u7684\u8eab\u4efd\u51fa\u73b0\u4e8e\u5341\u56db\u4e16\u7eaa\u4e2d\u53f6\uff0c\u5f53\u65f6\u662f\u5965\u65af\u66fc\u5e1d\u56fd\u5c01\u5730\u6469\u5c14\u8fbe\u7ef4\u4e9a\u516c\u56fd\u7684\u4e00\u90e8\u5206\u3002\u8fd1\u4e94\u4e2a\u4e16\u7eaa\u4ee5\u6765\uff0c\u516c\u56fd\u5728\u5b97\u4e3b\u56fd\u66f4\u8fed\u4e2d\u7ef4\u6301\u7740\u72ec\u7279\u7684\u672c\u571f\u6587\u5316\u30021812\u5e74\uff0c\u5965\u65af\u66fc\u5e1d\u56fd\u5c06\u6bd4\u8428\u62c9\u6bd4\u4e9a\u7701\uff08\u76f8\u5f53\u4e8e\u73b0\u4eca\u6469\u5c14\u591a\u74e6\u7684\u5927\u90e8\u5206\u5730\u533a\uff09\u5272\u8ba9\u7ed9\u4fc4\u7f57\u65af\u5e1d\u56fd\u30021856\u5e74\uff0c\u6bd4\u8428\u62c9\u6bd4\u4e9a\u5357\u90e8\u91cd\u65b0\u52a0\u5165\u6469\u5c14\u8fbe\u7ef4\u4e9a\u548c\u74e6\u62c9\u51e0\u4e9a\u516c\u56fd\uff0c\u4f46\u57281878\u5e74\u67cf\u6797\u4f1a\u8bae\u540e\u53c8\u56de\u5f52\u4fc4\u7f57\u65af\u7edf\u6cbb\u3002\u8fd9\u4e9b\u52a8\u8361\u7ed9\u884c\u653f\u7ed3\u6784\u3001\u8bed\u8a00\u4f7f\u7528\u548c\u571f\u5730\u6240\u6709\u5236\u7559\u4e0b\u4e86\u6df1\u523b\u7684\u5370\u8bb0\u3002<\/p>\n<p>1917\u5e74\u5723\u5f7c\u5f97\u5821\u7684\u52a8\u4e71\u6ce2\u53ca\u6bd4\u8428\u62c9\u6bd4\u4e9a\uff0c\u5f53\u5730\u8bae\u4f1a\u9996\u6b21\u5ba3\u5e03\u5728\u6447\u6447\u6b32\u5760\u7684\u4fc4\u7f57\u65af\u5171\u548c\u56fd\u5185\u5b9e\u73b0\u81ea\u6cbb\u30021918\u5e742\u6708\uff0c\u72ec\u7acb\u5ba3\u8a00\u83b7\u5f97\u786e\u8ba4\uff0c\u4e0d\u4e45\u4e4b\u540e\uff0c\u8be5\u5730\u533a\u7ecf\u5730\u65b9\u7acb\u6cd5\u673a\u6784\u6295\u7968\u5e76\u5165\u7f57\u9a6c\u5c3c\u4e9a\u3002\u8fd9\u79cd\u8054\u76df\u4e00\u76f4\u6301\u7eed\u52301940\u5e74\uff0c\u300a\u83ab\u6d1b\u6258\u592b-\u91cc\u5bbe\u7279\u6d1b\u752b\u6761\u7ea6\u300b\u8feb\u4f7f\u5e03\u52a0\u52d2\u65af\u7279\u5c06\u6bd4\u8428\u62c9\u6bd4\u4e9a\u548c\u5317\u5e03\u79d1\u7ef4\u7eb3\u5272\u8ba9\u7ed9\u82cf\u8054\u3002\u82cf\u8054\u5f53\u5c40\u5efa\u7acb\u4e86\u6469\u5c14\u591a\u74e6\u82cf\u7ef4\u57c3\u793e\u4f1a\u4e3b\u4e49\u5171\u548c\u56fd\uff0c\u5c06\u539f\u6bd4\u8428\u62c9\u6bd4\u4e9a\u7701\u7684\u90e8\u5206\u5730\u533a\u4e0e\u4e4c\u514b\u5170\u82cf\u7ef4\u57c3\u793e\u4f1a\u4e3b\u4e49\u5171\u548c\u56fd\u7684\u9886\u571f\u5408\u5e76\u3002<\/p>\n<p>\u968f\u7740\u82cf\u8054\u89e3\u4f53\uff0c\u6469\u5c14\u591a\u74e6\u82cf\u7ef4\u57c3\u793e\u4f1a\u4e3b\u4e49\u5171\u548c\u56fd\u4e8e1991\u5e748\u670827\u65e5\u5ba3\u5e03\u72ec\u7acb\uff0c\u5e76\u6b63\u5f0f\u66f4\u540d\u4e3a\u6469\u5c14\u591a\u74e6\u5171\u548c\u56fd\u3002\u51e0\u4e4e\u4e0e\u6b64\u540c\u65f6\uff0c\u5fb7\u6d85\u65af\u7279\u6cb3\u6cbf\u5cb8\u72ed\u957f\u7684\u4e1c\u90e8\u5730\u5e26\u5fb7\u6d85\u65af\u7279\u6cb3\u6cbf\u5cb8\u5730\u533a\u4e5f\u5efa\u7acb\u4e86\u4e8b\u5b9e\u4e0a\u7684\u884c\u653f\u7ba1\u7406\u673a\u6784\uff0c\u8fd9\u4e00\u5730\u4f4d\u81f3\u4eca\u4ecd\u672a\u5f97\u5230\u56fd\u9645\u793e\u4f1a\u7684\u627f\u8ba4\u3002\u8be5\u5171\u548c\u56fd1994\u5e74\u5baa\u6cd5\u786e\u7acb\u4e86\u8bae\u4f1a\u5236\u6846\u67b6\uff0c\u8d4b\u4e88\u603b\u7406\u884c\u653f\u6743\u529b\uff0c\u603b\u7edf\u804c\u4f4d\u4ec5\u4f5c\u4e3a\u793c\u4eea\u4ee3\u8868\uff0c\u5c3d\u7ba1\u8fd1\u6765\u5386\u4efb\u603b\u7edf\u7684\u5f62\u8c61\u6709\u6240\u63d0\u5347\u3002<\/p>\n<p>\u8fc7\u53bb\u5341\u5e74\uff0c\u57282020\u5e74\u5e95\u4ee5\u53f8\u6cd5\u5ec9\u6b63\u548c\u897f\u65b9\u503e\u5411\u4e3a\u653f\u7eb2\u5f53\u9009\u7684\u739b\u96c5\u00b7\u6851\u675c\u603b\u7edf\u7684\u9886\u5bfc\u4e0b\uff0c\u6469\u5c14\u591a\u74e6\u52a0\u5feb\u4e86\u52a0\u5165\u6b27\u76df\u7684\u8fdb\u7a0b\u3002\u5979\u4e8e2022\u5e746\u6708\u83b7\u5f97\u5019\u9009\u56fd\u5730\u4f4d\uff0c\u5e76\u4e8e2023\u5e7412\u670813\u65e5\u542f\u52a8\u6b63\u5f0f\u5165\u76df\u8c08\u5224\u3002\u6851\u675c\u8fd8\u8868\u793a\uff0c\u6469\u5c14\u591a\u74e6\u53ef\u80fd\u4f1a\u91cd\u65b0\u8bc4\u4f30\u5baa\u6cd5\u4e2d\u5173\u4e8e\u519b\u4e8b\u4e2d\u7acb\u7684\u89c4\u5b9a\uff0c\u4f7f\u5176\u4e0e\u96c6\u4f53\u5b89\u5168\u5b89\u6392\u66f4\u52a0\u7d27\u5bc6\u5730\u534f\u8c03\u4e00\u81f4\uff0c\u5c3d\u7ba1\u5979\u5f3a\u70c8\u8c34\u8d23\u4fc4\u7f57\u65af\u5165\u4fb5\u90bb\u56fd\u4e4c\u514b\u5170\u3002<\/p>\n<p>\u6469\u5c14\u591a\u74e6\u7684\u5730\u7406\u533a\u57df\u5305\u62ec\u8fde\u7ef5\u8d77\u4f0f\u7684\u4e18\u9675\u3001\u5bbd\u9614\u7684\u6cb3\u8c37\u4ee5\u53ca\u5357\u90e8\u4e00\u7247\u540d\u4e3a\u5e03\u8d3e\u514b\uff08Bugeac\uff09\u7684\u5e73\u7f13\u5e73\u539f\u3002\u6700\u9ad8\u6d77\u62d4430\u7c73\uff0c\u4f4d\u4e8e\u4f2f\u62c9\u5185\u4ec0\u8482\u5c71\uff08B\u0103l\u0103ne\u0219ti Hill\uff09\u7684\u5c71\u9876\uff0c\u8be5\u5c71\u4f4d\u4e8e\u6469\u5c14\u591a\u74e6\u9ad8\u539f\u5185\uff0c\u5ef6\u4f38\u81f3\u4e4c\u514b\u5170\u548c\u7f57\u9a6c\u5c3c\u4e9a\u3002\u4e9a\u533a\u57df\u5305\u62ec\u6469\u5c14\u591a\u74e6\u4e2d\u90e8\u7684\u79d1\u5fb7\u91cc\uff08Codri\uff09\u68ee\u6797\u5c71\u4e18\u3001\u4e1c\u5317\u90e8\u7684\u5fb7\u6d85\u65af\u7279\u4e18\u9675\u4ee5\u53ca\u897f\u90e8\u8fb9\u5883\u7684\u666e\u9c81\u7279\u4f4e\u5730\u3002\u9ed1\u9499\u571f\u662f\u5730\u7403\u4e0a\u6700\u80a5\u6c83\u7684\u571f\u58e4\u4e4b\u4e00\uff0c\u8986\u76d6\u4e86\u6469\u5c14\u591a\u74e6\u7ea6\u56db\u5206\u4e4b\u4e09\u7684\u9886\u571f\uff0c\u5b55\u80b2\u4e86\u60a0\u4e45\u7684\u519c\u4e1a\u4f20\u7edf\uff0c\u5c24\u5176\u9002\u5408\u8461\u8404\u79cd\u690d\u30021999\u5e74\u4ece\u4e4c\u514b\u5170\u83b7\u5f97\u7684\u4f4d\u4e8e\u4e45\u5c14\u4e45\u83b1\u4ec0\u8482\uff08Giurgiule\u0219ti\uff09\u7684\u4e00\u6761\u72ed\u7a84\u8d70\u5eca\uff0c\u4f7f\u6469\u5c14\u591a\u74e6\u5728\u591a\u7459\u6cb3\u4e0a\u62e5\u6709450\u7c73\u7684\u4e34\u6cb3\u9762\uff0c\u4ece\u800c\u95f4\u63a5\u901a\u5f80\u9ed1\u6d77\u3002<\/p>\n<p>\u6c14\u5019\u5c5e\u6e29\u5e26\u5927\u9646\u6027\u6c14\u5019\uff0c\u56e0\u9760\u8fd1\u9ed1\u6d77\u800c\u6709\u6240\u7f13\u548c\u3002\u590f\u5b63\u957f\u8fbe\u4e94\u4e2a\u6708\uff0c\u5e73\u5747\u6700\u9ad8\u6c14\u6e29\u63a5\u8fd120\u00b0C\uff1b\u51ac\u5b63\u51c9\u723d\uff0c\u4f46\u5f88\u5c11\u6709\u6781\u7aef\u5929\u6c14\uff0c\u4e00\u6708\u5e73\u5747\u6c14\u6e29\u4e3a-4\u00b0C\u3002\u5e74\u964d\u6c34\u91cf\u4ece\u5317\u90e8\u7ea6600\u6beb\u7c73\u5230\u5357\u90e8\u7ea6400\u6beb\u7c73\u4e0d\u7b49\uff0c\u4e3b\u8981\u96c6\u4e2d\u5728\u6625\u672b\u548c\u521d\u79cb\u3002\u5f3a\u964d\u96e8\u4f1a\u9020\u6210\u5c40\u90e8\u4fb5\u8680\uff0c\u4f46\u6301\u7eed\u7684\u5e72\u65f1\u53ef\u80fd\u4f1a\u4e2d\u65ad\u519c\u4e1a\u5468\u671f\u3002\u5386\u53f2\u6781\u7aef\u6c14\u6e29\u5305\u62ec2007\u5e747\u670821\u65e5\u5361\u95e8\u5361\uff08Camenca\uff09\u768441.5\u00b0C\u548c1963\u5e741\u670820\u65e5\u5e03\u62c9\u56fe\u8c22\u5c3c\uff08Br\u0103tu\u0219eni\uff09\u7684-35.5\u00b0C\u3002<\/p>\n<p>\u6469\u5c14\u591a\u74e6\u7ecf\u6d4e\u7684\u7279\u70b9\u662f\u4eba\u5747\u4ea7\u51fa\u9002\u4e2d\uff0c\u5728\u6b27\u6d32\u56fd\u5bb6\u4e2d\u6392\u540d\u5012\u6570\u7b2c\u4e8c\u3002\u670d\u52a1\u4e1a\u5360\u4e3b\u5bfc\u5730\u4f4d\uff0c\u800c\u519c\u4e1a\u4ecd\u7136\u662f\u519c\u6751\u751f\u8ba1\u7684\u57fa\u77f3\u3002\u81ea20\u4e16\u7eaa90\u5e74\u4ee3\u521d\u4ee5\u6765\uff0c\u7ecf\u6d4e\u589e\u957f\u53d7\u5230\u4eba\u53e3\u4e0b\u964d\u3001\u5927\u89c4\u6a21\u5916\u8fc1\u4ee5\u53ca\u8fd1\u671f\u66f4\u5e7f\u6cdb\u7684\u5730\u533a\u51b2\u7a81\u5e26\u6765\u7684\u80fd\u6e90\u51b2\u51fb\u7684\u5236\u7ea6\u3002\u793e\u4f1a\u798f\u5229\u4fdd\u969c\u4ecd\u7136\u81f3\u5173\u91cd\u8981\uff0c\u56e0\u4e3a\u76f8\u5f53\u4e00\u90e8\u5206\u4eba\u53e3\u4f9d\u9760\u56fd\u5bb6\u517b\u8001\u91d1\u6216\u5b9a\u5411\u63f4\u52a9\u7ef4\u6301\u751f\u6d3b\u3002\u8d38\u6613\u4f19\u4f34\u5173\u7cfb\u591a\u5143\u5316\u7684\u52aa\u529b\u5df2\u4f7f\u5927\u90e8\u5206\u8461\u8404\u9152\u51fa\u53e3\u5e02\u573a\u4ece\u4fc4\u7f57\u65af\u8f6c\u5411\u6b27\u76df\uff0c2021\u5e74\uff0c\u8d85\u8fc71.2\u4ebf\u5347\u8461\u8404\u9152\u9500\u5f80\u6b27\u76df\u6210\u5458\u56fd\uff0c\u800c\u9500\u5f80\u4fc4\u7f57\u65af\u7684\u8461\u8404\u9152\u4ec5\u4e3a860\u4e07\u5347\u3002<\/p>\n<p>\u4ece\u4eba\u53e3\u7edf\u8ba1\u5b66\u89d2\u5ea6\u6765\u770b\uff0c\u622a\u81f32024\u5e741\u6708\uff0c\u6469\u5c14\u591a\u74e6\u4eba\u53e3\u4f30\u8ba1\u4e3a2,423,300\u4eba\u3002\u57ce\u9547\u5c45\u6c11\u5360\u603b\u4eba\u53e3\u768443.4%\uff0c\u5176\u4e2d\u7ea6\u4e09\u5206\u4e4b\u4e00\u5c45\u4f4f\u5728\u57fa\u5e0c\u8bb7\u4e4c\u90fd\u5e02\u533a\u3002\u5df4\u5c14\u8328\uff0c\u5f53\u5730\u4eba\u5e38\u79f0\u5176\u4e3a\u201c\u5317\u65b9\u9996\u5e9c\u201d\uff0c\u662f\u6469\u5c14\u591a\u74e6\u7b2c\u4e8c\u5927\u57ce\u5e02\uff0c\u4f4d\u4e8e\u62c9\u4e4c\u7279\u6cb3\u6eda\u6eda\u6d41\u6dcc\u7684\u6cb3\u5cb8\u4e0a\uff0c\u62e5\u6709\u8d85\u8fc710\u4e07\u5c45\u6c11\u3002\u8482\u62c9\u65af\u6ce2\u5c14\u4eba\u53e3\u63a5\u8fd115\u4e07\uff0c\u662f\u672a\u88ab\u627f\u8ba4\u7684\u5fb7\u6d85\u65af\u7279\u6cb3\u6cbf\u5cb8\u5730\u533a\u7684\u884c\u653f\u4e2d\u5fc3\u3002\u79d1\u59c6\u62c9\u7279\u662f\u5357\u90e8\u81ea\u6cbb\u98de\u5730\u52a0\u544a\u5179\u7684\u4e2d\u5fc3\u3002<\/p>\n<p>\u7f57\u9a6c\u5c3c\u4e9a\u7684\u5e73\u5747\u9884\u671f\u5bff\u547d\u4e3a71.5\u5c81\uff0c\u5176\u4e2d\u7537\u6027\u4e3a67.2\u5c81\uff0c\u5973\u6027\u4e3a75.7\u5c81\uff0c\u6027\u522b\u6bd4\u4f8b\u7ea6\u4e3a100:90\u3002\u9002\u9f84\u5973\u6027\u7684\u53d7\u6559\u80b2\u7a0b\u5ea6\u9ad8\u4e8e\u7537\u6027\uff0c\u4f46\u5de5\u8d44\u5dee\u8ddd\u4f9d\u7136\u5b58\u572813.6%\u3002\u7f57\u9a6c\u5c3c\u4e9a\u8bed\u4e3a\u56fd\u8bed\uff0c\u81ea2023\u5e74\u8d77\u6b63\u5f0f\u6307\u5b9a\u4e3a\u7f57\u9a6c\u5c3c\u4e9a\u8bed\uff0c\u4f46\u4fc4\u8bed\u4ecd\u7136\u5e7f\u6cdb\u4f7f\u7528\uff0c\u5c24\u5176\u662f\u5728\u57ce\u5e02\u548c\u4e1c\u90e8\u5730\u533a\u3002\u52a0\u544a\u5179\u8bed\u5c5e\u4e8e\u7a81\u53a5\u8bed\u7cfb\uff0c\u5728\u4ee5\u52a0\u544a\u5179\u547d\u540d\u7684\u81ea\u6cbb\u533a\u90e8\u5206\u5730\u533a\u901a\u884c\u3002\u81ea20\u4e16\u7eaa90\u5e74\u4ee3\u4ee5\u6765\uff0c\u82f1\u8bed\u6559\u5b66\u6709\u6240\u6269\u5c55\uff0c\u4f46\u5728\u9996\u90fd\u4ee5\u5916\uff0c\u80fd\u591f\u6d41\u5229\u5730\u8fdb\u884c\u957f\u65f6\u95f4\u5bf9\u8bdd\u7684\u82f1\u8bed\u4ecd\u7136\u5f88\u5c11\u89c1\u3002<\/p>\n<p>\u6469\u5c14\u591a\u74e6\u7684\u6587\u5316\u751f\u6d3b\u4ea4\u7ec7\u7740\u4e30\u5bcc\u7684\u6559\u4f1a\u9057\u4ea7\u548c\u60a0\u4e45\u7684\u8461\u8404\u79cd\u690d\u4f20\u7edf\u3002700\u591a\u5ea7\u6559\u5802\u548c50\u591a\u5ea7\u4fee\u9053\u9662\u661f\u7f57\u68cb\u5e03\u5730\u6563\u5e03\u5728\u4e61\u6751\u4e4b\u4e2d\u3002\u5176\u4e2d\uff0c\u4f4d\u4e8e\u62c9\u4e4c\u7279\u6cb3\u5de6\u5cb8\u77f3\u7070\u5ca9\u4e0a\u7684\u8001\u5965\u5c14\u6d77\u6d1e\u7a74\u4fee\u9053\u9662\u5efa\u7b51\u7fa4\u81f3\u4eca\u4ecd\u4f9b\u5949\u4e3a\u5723\u5730\uff0c\u662f\u4e2d\u4e16\u7eaa\u4e1c\u6b63\u6559\u8654\u8bda\u7684\u8c61\u5f81\u3002\u5176\u60ac\u5d16\u8fb9\u7684\u5c0f\u6559\u5802\u548c\u90bb\u8fd1\u7684\u8003\u53e4\u9057\u5740\u63ed\u793a\u4e86\u53ef\u8ffd\u6eaf\u81f312\u4e16\u7eaa\u7684\u5c45\u4f4f\u75d5\u8ff9\u3002\u5361\u666e\u91cc\u4e9a\u7eb3\u4fee\u9053\u9662\u5750\u843d\u5728\u57fa\u5e0c\u8bb7\u4e4c\u4ee5\u5317\u7ea640\u516c\u91cc\u7684\u6a61\u6811\u6797\u4e2d\uff0c\u81f3\u4eca\u4ecd\u662f\u6469\u5c14\u591a\u74e6\u6700\u53d7\u6b22\u8fce\u7684\u7cbe\u795e\u9759\u4fee\u5730\u4e4b\u4e00\u3002<\/p>\n<p>\u6469\u5c14\u591a\u74e6\u7684\u9152\u7a96\u89c4\u6a21\u4f4d\u5c45\u4e16\u754c\u524d\u5217\u3002\u7c73\u83b1\u4ec0\u8482\u7c73\u5947\u9152\u5e84\uff08Mile\u0219tii Mici\uff09\u81ea2005\u5e74\u8d77\u83b7\u5f97\u5409\u5c3c\u65af\u4e16\u754c\u7eaa\u5f55\u8ba4\u8bc1\uff0c\u62e5\u6709\u8d85\u8fc7200\u516c\u91cc\u7684\u5730\u4e0b\u957f\u5eca\uff0c\u5176\u4e2d55\u516c\u91cc\u4ecd\u5728\u4f7f\u7528\u4e2d\uff0c\u85cf\u54c1\u8d85\u8fc7200\u4e07\u74f6\u3002\u514b\u91cc\u79d1\u74e6\u9152\u5e84\uff08Cricova\uff09\u662f\u4e00\u4e2a\u5e9e\u5927\u7684\u65e7\u77f3\u7070\u77f3\u91c7\u77f3\u573a\u7f51\u7edc\uff0c\u5176\u8461\u8404\u9152\u6309\u4ea7\u5730\u548c\u5e74\u4efd\u6392\u5217\u5728\u957f\u5eca\u5927\u9053\u4e0a\uff1b\u7c73\u7c73\u57ce\u5821\uff08Castel Mimi\uff09\u5219\u590d\u5174\u4e8619\u4e16\u7eaa\u7684\u57ce\u5821\u5efa\u7b51\uff0c\u4ee5\u5c55\u793a\u85cf\u54c1\u3001\u535a\u7269\u9986\u548c\u9152\u5e97\u7684\u529f\u80fd\u3002\u504f\u8fdc\u6751\u5e84\u7684\u5bb6\u5ead\u901a\u5e38\u62e5\u6709\u79c1\u4eba\u8461\u8404\u56ed\uff0c\u5e76\u5c06\u7956\u4f20\u7684\u8461\u8404\u683d\u57f9\u77e5\u8bc6\u4ee3\u4ee3\u76f8\u4f20\u3002\u6bcf\u5e74\u5341\u6708\uff0c\u56fd\u5bb6\u8461\u8404\u9152\u65e5\u90fd\u4f1a\u5411\u516c\u4f17\u5f00\u653e\u5168\u56fd\u5404\u5730\u7684\u9152\u5e84\uff0c\u6e38\u5ba2\u53ef\u4ee5\u901a\u8fc7\u7a7f\u68ad\u5df4\u58eb\u5f80\u8fd4\u4e8e\u5404\u4e2a\u9152\u7a96\u4e4b\u95f4\u3002<\/p>\n<p>\u5c3d\u7ba1\u4e0e\u897f\u6b27\u5176\u4ed6\u56fd\u5bb6\u76f8\u6bd4\uff0c\u6469\u5c14\u591a\u74e6\u7684\u65c5\u6e38\u4e1a\u5c1a\u5904\u4e8e\u8d77\u6b65\u9636\u6bb5\uff0c\u4f462022\u5e74\u7b2c\u4e00\u5b63\u5ea6\uff0c\u975e\u672c\u5730\u5c45\u6c11\u5165\u5883\u4eba\u6570\u5df2\u589e\u957f\u81f336,100\u4eba\uff0c\u8d85\u8fc7\u4e86\u75ab\u60c5\u524d\u7684\u6570\u5b57\u3002\u6469\u5c14\u591a\u74e6\u7684\u666f\u70b9\u4e3b\u8981\u96c6\u4e2d\u5728\u5386\u53f2\u9057\u5740\u3001\u4e61\u6751\u6587\u5316\u4f53\u9a8c\u548c\u8461\u8404\u9152\u4e4b\u8def\uff0c\u4f46\u5728\u57fa\u5e0c\u8bb7\u4e4c\u4ee5\u5916\u7684\u5730\u533a\uff0c\u6e38\u5ba2\u4ecd\u7136\u5be5\u5be5\u65e0\u51e0\u3002\u201c\u6469\u5c14\u591a\u74e6\u65c5\u6e38\u201d\u54c1\u724c\u63a8\u5e7f\u6469\u5c14\u591a\u74e6\u65c5\u6e38\u4e1a\u7684\u4e3e\u63aa\uff0c\u51f8\u663e\u4e86\u8be5\u56fd\u9633\u5149\u5145\u6c9b\u7684\u5b63\u8282\u2014\u2014\u6bcf\u5e74\u7ea6\u6709300\u5929\u7684\u9633\u5149\u666e\u7167\uff1b\u4ef7\u683c\u6781\u5177\u7ade\u4e89\u529b\uff1b\u4ee5\u53ca\u7f57\u9a6c\u5c3c\u4e9a\u3001\u65af\u62c9\u592b\u548c\u52a0\u544a\u5179\u4f20\u7edf\u4ea4\u878d\u7684\u591a\u5143\u6587\u5316\u5f71\u54cd\u3002<\/p>\n<p>\u57fa\u5e0c\u8bb7\u4e4c\u56fd\u9645\u673a\u573a\u662f\u56fd\u9645\u822a\u7ebf\u7684\u67a2\u7ebd\uff0c\u62e5\u6709\u901a\u5f80\u6b27\u6d32\u4e3b\u8981\u95e8\u6237\u7684\u5b9a\u671f\u822a\u7ebf\uff0c\u5305\u62ec\u963f\u59c6\u65af\u7279\u4e39\u53f2\u57fa\u6d66\u673a\u573a\u3001\u5df4\u9ece\u6234\u9ad8\u4e50\u673a\u573a\u3001\u4f26\u6566\u65af\u5766\u65af\u7279\u5fb7\u673a\u573a\u3001\u7f57\u9a6c\u83f2\u4e4c\u7c73\u5947\u8bfa\u673a\u573a\u3001\u4f0a\u65af\u5766\u5e03\u5c14\u673a\u573a\u548c\u7279\u62c9\u7ef4\u592b\u673a\u573a\u3002\u591c\u95f4\u94c1\u8def\u670d\u52a1\u8fde\u63a5\u57fa\u5e0c\u8bb7\u4e4c\u4e0e\u5e03\u52a0\u52d2\u65af\u7279\u3001\u57fa\u8f85\u548c\u6556\u5fb7\u8428\uff0c\u4f46\u76f4\u8fbe\u83ab\u65af\u79d1\u7684\u5217\u8f66\u4ecd\u7136\u6682\u505c\u8fd0\u8425\u3002\u7ecf\u7f57\u9a6c\u5c3c\u4e9a\u9646\u8def\u5165\u5883\u8f83\u4e3a\u7ecf\u6d4e\uff0c\u57fa\u5e0c\u8bb7\u4e4c\u548c\u5e03\u52a0\u52d2\u65af\u7279\u4e4b\u95f4\u6bcf\u65e5\u6709\u5367\u94fa\u5217\u8f66\uff0c\u8f66\u7a0b\u7ea612\u5c0f\u65f6\u3002\u516c\u4ea4\u7f51\u7edc\u8986\u76d6\u7f57\u9a6c\u5c3c\u4e9a\u548c\u4e4c\u514b\u5170\u7684\u5927\u591a\u6570\u57ce\u5e02\uff0c\u4f46\u7ecf\u5fb7\u6d85\u65af\u7279\u6cb3\u6cbf\u5cb8\u8fc7\u5883\u53ef\u80fd\u9700\u8981\u529e\u7406\u989d\u5916\u7684\u8fb9\u5883\u624b\u7eed\uff0c\u5e76\u5076\u5c14\u4f1a\u88ab\u8981\u6c42\u652f\u4ed8\u975e\u6b63\u5f0f\u8d39\u7528\u3002<\/p>\n<p>\u6469\u5c14\u591a\u74e6\u5883\u5185\u7684\u4ea4\u901a\u4e3b\u8981\u7531\u603b\u957f\u7ea612,730\u516c\u91cc\u7684\u516c\u8def\u7f51\u6784\u6210\uff0c\u5176\u4e2d\u8fd111,000\u516c\u91cc\u4e3a\u94fa\u88c5\u516c\u8def\uff0c\u4ee5\u53ca1,138\u516c\u91cc\u7684\u94c1\u8def\u3002\u5c0f\u578b\u5df4\u58eb\uff08\u6216\u79f0rutiere\uff09\u975e\u6b63\u5f0f\u5730\u5f80\u8fd4\u4e8e\u57ce\u9547\u548c\u6751\u5e84\u4e4b\u95f4\uff0c\u63d0\u4f9b\u7075\u6d3b\u7684\u65f6\u523b\u8868\u548c\u9002\u4e2d\u7684\u7968\u4ef7\u3002\u5728\u57fa\u5e0c\u8bb7\u4e4c\uff0c\u56fd\u6709\u65e0\u8f68\u7535\u8f66\u548c\u6709\u9650\u7684\u516c\u4ea4\u7ebf\u8def\u63d0\u4f9b\u4e86\u57ce\u5e02\u4ea4\u901a\uff0c\u5c3d\u7ba1\u79c1\u8425\u5c0f\u5df4\u4ecd\u7136\u662f\u6700\u666e\u904d\u7684\u516c\u5171\u4ea4\u901a\u5de5\u5177\u3002\u4e45\u5c14\u6731\u83b1\u4ec0\u8482\u7684\u591a\u7459\u6cb3\u7801\u5934\u53ef\u5bb9\u7eb3\u5c0f\u578b\u6d77\u4e0a\u8d27\u8f6e\uff0c\u5c06\u6469\u5c14\u591a\u74e6\u901a\u8fc7\u9ed1\u6d77\u4e0e\u5168\u7403\u822a\u8fd0\u8fde\u63a5\u8d77\u6765\u3002<\/p>\n<p>\u6469\u5c14\u591a\u74e6\u7684\u6e38\u5ba2\u4f1a\u4f53\u9a8c\u5230\u4ee5\u7b80\u6734\u548c\u5f53\u5730\u98df\u6750\u4e3a\u7279\u8272\u7684\u7f8e\u98df\u3002\u57fa\u5e0c\u8bb7\u4e4c\u7684\u5e02\u573a\u91cc\u6446\u6ee1\u4e86\u65b0\u9c9c\u6c34\u679c\u3001\u852c\u83dc\u3001\u5976\u916a\u548c\u814c\u5236\u8089\u7c7b\u3002\u8857\u533a\u5c0f\u9910\u9986\u4f9b\u5e94\u7389\u7c73\u7ca5\uff08m\u0103m\u0103lig\u0103\uff09\u3001\u767d\u5976\u916a\uff08br\u00e2nz\u0103\uff09\u548c\u9e21\u6c64\uff08zeama\uff09\uff0c\u4ee5\u53ca\u4fc4\u7f57\u65af\u548c\u4e4c\u514b\u5170\u7279\u8272\u83dc\u3002\u5c0f\u8d39\u5e76\u975e\u60ef\u4f8b\uff0c\u4e5f\u5e76\u975e\u5f3a\u5236\u6027\u7684\u3002\u4f4f\u5bbf\u9009\u62e9\u591a\u79cd\u591a\u6837\uff0c\u4ece\u4ee5\u6b27\u5143\u6216\u7f8e\u5143\u7ed3\u7b97\u7684\u7b80\u6734\u9152\u5e97\uff0c\u5230\u9996\u90fd\u4e00\u4e9b\u65b0\u5174\u7684\u65c5\u9986\uff0c\u5e94\u6709\u5c3d\u6709\u3002\u5728\u7701\u4f1a\u57ce\u5e02\uff0c\u82cf\u8054\u65f6\u4ee3\u7684\u4f4f\u5bbf\u8bbe\u65bd\u867d\u7136\u7b80\u964b\uff0c\u4f46\u4ef7\u683c\u53ef\u80fd\u9ad8\u4e8e\u9884\u671f\u3002<\/p>\n<p>\u6469\u5c14\u591a\u74e6\u5171\u548c\u56fd\u9519\u7efc\u590d\u6742\u7684\u5386\u53f2\u3001\u6587\u5316\u548c\u653f\u4f53\uff0c\u582a\u79f0\u97e7\u6027\u7684\u5178\u8303\u3002\u4e00\u4e2a\u4e16\u7eaa\u4ee5\u6765\uff0c\u7ecf\u5386\u4e86\u4e3b\u6743\u66f4\u8fed\u3001\u7ecf\u6d4e\u91cd\u7ec4\u548c\u5730\u533a\u52a8\u8361\uff0c\u9020\u5c31\u4e86\u4e00\u4e2a\u4ee5\u575a\u97e7\u548c\u8db3\u667a\u591a\u8c0b\u4e3a\u6807\u5fd7\u7684\u793e\u4f1a\u3002\u80a5\u6c83\u7684\u571f\u58e4\u548c\u5b9c\u4eba\u7684\u6c14\u5019\u5b55\u80b2\u4e86\u4e30\u9976\u7684\u519c\u4e1a\uff0c\u800c\u5176\u60a0\u4e45\u7684\u917f\u9152\u4f20\u7edf\u548c\u5723\u5730\u5219\u5f70\u663e\u7740\u6df1\u523b\u7684\u8ba4\u540c\u611f\u3002\u5982\u4eca\uff0c\u968f\u7740\u6469\u5c14\u591a\u74e6\u79ef\u6781\u53c2\u4e0e\u6b27\u6d32\u4e00\u4f53\u5316\u548c\u5168\u7403\u683c\u5c40\u7684\u8c03\u6574\uff0c\u5b83\u4e3a\u7ec6\u5fc3\u7684\u6e38\u5ba2\u5448\u73b0\u4e86\u4e00\u5e45\u5145\u6ee1\u5fae\u5999\u5947\u89c2\u3001\u4eba\u6587\u5173\u6000\u548c\u56db\u5b63\u97f5\u5f8b\u7684\u666f\u8c61\uff0c\u5373\u4f7f\u5728\u79bb\u5f00\u540e\u4ecd\u4f1a\u4e45\u4e45\u56de\u5473\u3002<\/p>","protected":false},"excerpt":{"rendered":"<p>\u6469\u5c14\u591a\u74e6\uff0c\u6b63\u5f0f\u540d\u79f0\u4e3a\u6469\u5c14\u591a\u74e6\u5171\u548c\u56fd\uff0c\u662f\u4e00\u4e2a\u4f4d\u4e8e\u4e1c\u6b27\u7684\u5185\u9646\u56fd\u5bb6\uff0c\u4f4d\u4e8e\u5df4\u5c14\u5e72\u534a\u5c9b\u7684\u4e1c\u5317\u8fb9\u7f18\u3002\u6469\u5c14\u591a\u74e6\u4ee5\u5176\u4e30\u5bcc\u7684\u5386\u53f2\u548c\u591a\u5143\u7684\u6587\u5316\u5f71\u54cd\u800c\u95fb\u540d\uff0c\u603b\u9762\u79ef\u4e3a33,483\u5e73\u65b9\u516c\u91cc\uff0c\u622a\u81f32024\u5e741\u6708\uff0c\u4eba\u53e3\u7ea6\u4e3a242\u4e07\u3002\u6469\u5c14\u591a\u74e6\u4f4d\u4e8e\u4e24\u4e2a\u8f83\u5927\u7684\u90bb\u56fd\u4e4b\u95f4\uff1a\u897f\u90bb\u7f57\u9a6c\u5c3c\u4e9a\uff0c\u5317\u3001\u4e1c\u3001\u5357\u4e09\u9762\u4e0e\u4e4c\u514b\u5170\u63a5\u58e4\u3002\u8be5\u56fd\u4e1c\u90e8\u8fb9\u754c\u4ee5\u5fb7\u6d85\u65af\u7279\u6cb3\u4e3a\u754c\uff0c\u6cb3\u5bf9\u5cb8\u662f\u672a\u88ab\u627f\u8ba4\u7684\u5206\u79bb\u56fd\u5bb6\u5fb7\u6d85\u65af\u7279\u6cb3\u6cbf\u5cb8\u5730\u533a\uff0c\u81ea\u6469\u5c14\u591a\u74e6\u72ec\u7acb\u4ee5\u6765\uff0c\u8be5\u5730\u533a\u4e00\u76f4\u662f\u653f\u6cbb\u7d27\u5f20\u7684\u7126\u70b9\u3002<\/p>","protected":false},"author":1,"featured_media":2745,"parent":24078,"menu_order":0,"comment_status":"closed","ping_status":"closed","template":"elementor_theme","meta":{"_eb_attr":"","footnotes":""},"class_list":["post-11462","page","type-page","status-publish","has-post-thumbnail"],"_links":{"self":[{"href":"https:\/\/travelshelper.com\/zh\/wp-json\/wp\/v2\/pages\/11462","targetHints":{"allow":["GET"]}}],"collection":[{"href":"https:\/\/travelshelper.com\/zh\/wp-json\/wp\/v2\/pages"}],"about":[{"href":"https:\/\/travelshelper.com\/zh\/wp-json\/wp\/v2\/types\/page"}],"author":[{"embeddable":true,"href":"https:\/\/travelshelper.com\/zh\/wp-json\/wp\/v2\/users\/1"}],"replies":[{"embeddable":true,"href":"https:\/\/travelshelper.com\/zh\/wp-json\/wp\/v2\/comments?post=11462"}],"version-history":[{"count":0,"href":"https:\/\/travelshelper.com\/zh\/wp-json\/wp\/v2\/pages\/11462\/revisions"}],"up":[{"embeddable":true,"href":"https:\/\/travelshelper.com\/zh\/wp-json\/wp\/v2\/pages\/24078"}],"wp:featuredmedia":[{"embeddable":true,"href":"https:\/\/travelshelper.com\/zh\/wp-json\/wp\/v2\/media\/2745"}],"wp:attachment":[{"href":"https:\/\/travelshelper.com\/zh\/wp-json\/wp\/v2\/media?parent=11462"}],"curies":[{"name":"wp","href":"https:\/\/api.w.org\/{rel}","templated":true}]}}