{"id":9800,"date":"2024-09-08T23:47:48","date_gmt":"2024-09-08T23:47:48","guid":{"rendered":"https:\/\/travelshelper.com\/staging\/?page_id=9800"},"modified":"2026-03-13T22:57:40","modified_gmt":"2026-03-13T22:57:40","slug":"suva","status":"publish","type":"page","link":"https:\/\/travelshelper.com\/vi\/destinations\/australia-and-oceania\/fiji\/suva\/","title":{"rendered":"Suva"},"content":{"rendered":"<p>Suva v\u1eeba l\u00e0 th\u1ee7 \u0111\u00f4 v\u1eeba l\u00e0 th\u00e0nh ph\u1ed1 l\u1edbn nh\u1ea5t c\u1ee7a Fiji. Th\u00e0nh ph\u1ed1 n\u00e0y \u0111\u00f3ng vai tr\u00f2 l\u00e0 trung t\u00e2m c\u1ee7a v\u00f9ng \u0111\u00f4 th\u1ecb l\u1edbn nh\u1ea5t c\u1ee7a qu\u1ed1c gia v\u00e0 ho\u1ea1t \u0111\u1ed9ng nh\u01b0 c\u1ea3ng ch\u00ednh c\u1ee7a v\u00f9ng n\u00e0y. Suva, n\u1eb1m \u1edf b\u1edd bi\u1ec3n \u0111\u00f4ng nam c\u1ee7a Viti Levu, h\u00f2n \u0111\u1ea3o l\u1edbn nh\u1ea5t c\u1ee7a Fiji, n\u1eb1m trong T\u1ec9nh Rewa c\u1ee7a Ph\u00e2n khu Trung t\u00e2m. Th\u00e0nh ph\u1ed1 n\u00e0y \u0111\u1ea1i di\u1ec7n cho s\u1ef1 k\u1ebft h\u1ee3p gi\u1eefa t\u1ea7m quan tr\u1ecdng v\u1ec1 m\u1eb7t l\u1ecbch s\u1eed v\u00e0 s\u1ee9c s\u1ed1ng \u0111\u01b0\u01a1ng \u0111\u1ea1i, thi\u1ebft l\u1eadp th\u00e0nh m\u1ed9t \u0111\u1ecba \u0111i\u1ec3m quan tr\u1ecdng \u1edf Nam Th\u00e1i B\u00ecnh D\u01b0\u01a1ng.<\/p>\n<p>Vi\u1ec7c ch\u1ec9 \u0111\u1ecbnh Suva l\u00e0 th\u1ee7 \u0111\u00f4 c\u1ee7a Fiji b\u1eaft \u0111\u1ea7u v\u00e0o n\u0103m 1877, sau khi di d\u1eddi kh\u1ecfi Levuka, n\u01a1i \u0111\u1ecbnh c\u01b0 ch\u00ednh c\u1ee7a ng\u01b0\u1eddi ch\u00e2u \u00c2u v\u00e0o th\u1eddi \u0111i\u1ec3m \u0111\u00f3. Nh\u1eefng h\u1ea1n ch\u1ebf v\u1ec1 m\u1eb7t \u0111\u1ecba l\u00fd c\u1ee7a Levuka, n\u1eb1m gi\u1eefa nh\u1eefng ng\u1ecdn n\u00fai d\u1ed1c v\u00e0 bi\u1ec3n, khi\u1ebfn vi\u1ec7c m\u1edf r\u1ed9ng tr\u1edf n\u00ean kh\u00f4ng th\u1ef1c t\u1ebf. N\u0103m 1882, ch\u00ednh quy\u1ec1n ch\u00ednh th\u1ee9c \u0111\u01b0\u1ee3c chuy\u1ec3n \u0111\u1ebfn Suva, b\u1eaft \u0111\u1ea7u vai tr\u00f2 l\u00e0 trung t\u00e2m qu\u1ea3n l\u00fd v\u00e0 ph\u00e1t tri\u1ec3n \u1edf Fiji.<\/p>\n<p>Theo \u0111i\u1ec1u tra d\u00e2n s\u1ed1 n\u0103m 2017, d\u00e2n s\u1ed1 c\u1ee7a Suva \u0111\u01b0\u1ee3c ghi nh\u1eadn l\u00e0 93.970 ng\u01b0\u1eddi. Khu v\u1ef1c \u0111\u00f4 th\u1ecb, c\u00f9ng v\u1edbi c\u00e1c v\u00f9ng ngo\u1ea1i \u00f4 t\u1ef1 tr\u1ecb, c\u00f3 d\u00e2n s\u1ed1 l\u00e0 185.913 ng\u01b0\u1eddi. D\u00e2n s\u1ed1 \u0111\u00f4 th\u1ecb, khi k\u1ebft h\u1ee3p v\u1edbi c\u00e1c th\u1ecb tr\u1ea5n l\u00e2n c\u1eadn Lami, Nasinu v\u00e0 Nausori, \u0111\u1ea1t kho\u1ea3ng 330.000 ng\u01b0\u1eddi, chi\u1ebfm h\u01a1n m\u1ed9t ph\u1ea7n ba t\u1ed5ng d\u00e2n s\u1ed1 c\u1ee7a Fiji. Khu ph\u1ee9c h\u1ee3p \u0111\u00f4 th\u1ecb \u0111\u01b0\u1ee3c g\u1ecdi l\u00e0 h\u00e0nh lang Suva-Nausori nh\u1ea5n m\u1ea1nh t\u1ea7m quan tr\u1ecdng c\u1ee7a Suva nh\u01b0 m\u1ed9t trung t\u00e2m trong khu\u00f4n kh\u1ed5 \u0111\u00f4 th\u1ecb c\u1ee7a Fiji.<\/p>\n<p>Suva v\u1eeba l\u00e0 trung t\u00e2m ch\u00ednh tr\u1ecb v\u1eeba l\u00e0 th\u1ee7 \u0111\u00f4 kinh t\u1ebf v\u00e0 v\u0103n h\u00f3a c\u1ee7a Fiji. Th\u00e0nh ph\u1ed1 n\u00e0y l\u00e0 \u0111\u1ecba \u0111i\u1ec3m ch\u00ednh cho tr\u1ee5 s\u1edf khu v\u1ef1c c\u1ee7a nhi\u1ec1u t\u1eadp \u0111o\u00e0n, c\u01a1 quan v\u00e0 ph\u00e1i \u0111o\u00e0n ngo\u1ea1i giao qu\u1ed1c t\u1ebf. Th\u00e0nh ph\u1ed1 n\u00e0y n\u1ed5i ti\u1ebfng v\u1edbi c\u1ea3nh quan ngh\u1ec7 thu\u1eadt v\u00e0 bi\u1ec3u di\u1ec5n s\u00f4i \u0111\u1ed9ng v\u00e0 \u0111ang \u0111\u01b0\u1ee3c c\u00f4ng nh\u1eadn l\u00e0 th\u1ee7 \u0111\u00f4 th\u1eddi trang c\u1ee7a Nam Th\u00e1i B\u00ecnh D\u01b0\u01a1ng. C\u00e1c di t\u00edch l\u1ecbch s\u1eed l\u00e0m n\u1ed5i b\u1eadt di s\u1ea3n thu\u1ed9c \u0111\u1ecba c\u1ee7a Suva, ch\u1eb3ng h\u1ea1n nh\u01b0 Th\u01b0 vi\u1ec7n Carnegie c\u1ee7a Th\u00e0nh ph\u1ed1 Suva v\u00e0 khu ph\u1ee9c h\u1ee3p ch\u00ednh ph\u1ee7, l\u00e0m t\u0103ng th\u00eam m\u00f4i tr\u01b0\u1eddng v\u0103n h\u00f3a c\u1ee7a th\u00e0nh ph\u1ed1.<\/p>\n<p>Suva n\u1eb1m tr\u00ean m\u1ed9t b\u00e1n \u0111\u1ea3o \u0111\u1ed3i n\u00fai bao quanh m\u1ed9t b\u1ebfn c\u1ea3ng, gi\u00e1p v\u1edbi V\u1ecbnh Laucala v\u00e0 C\u1ea3ng Suva. Nh\u1eefng ng\u1ecdn n\u00fai \u1edf ph\u00eda b\u1eafc v\u00e0 ph\u00eda t\u00e2y ch\u1eb7n gi\u00f3 m\u1eadu d\u1ecbch \u0111\u00f4ng nam, t\u1ea1o n\u00ean kh\u00ed h\u1eadu \u1ea9m \u01b0\u1edbt quanh n\u0103m. M\u1eb7c d\u00f9 g\u1ea7n bi\u1ec3n, b\u1edd bi\u1ec3n c\u1ee7a Suva c\u00f3 th\u1ea3m th\u1ef1c v\u1eadt ng\u1eadp m\u1eb7n, v\u1edbi C\u1ea3ng Th\u00e1i B\u00ecnh D\u01b0\u01a1ng l\u00e0 b\u00e3i bi\u1ec3n g\u1ea7n nh\u1ea5t. B\u1ed1i c\u1ea3nh \u0111\u1ecba l\u00fd \u0111\u1eb7c bi\u1ec7t l\u00e0m t\u0103ng th\u00eam s\u1ee9c h\u1ea5p d\u1eabn v\u00e0 b\u1ea3n s\u1eafc c\u1ee7a Suva.<\/p>\n<p>Suva \u0111\u01b0\u1ee3c \u0111\u1eb7c tr\u01b0ng b\u1edfi m\u1ed9t n\u1ec1n v\u0103n h\u00f3a \u0111a d\u1ea1ng, ch\u1ee7 y\u1ebfu bao g\u1ed3m ng\u01b0\u1eddi Fiji b\u1ea3n \u0111\u1ecba v\u00e0 ng\u01b0\u1eddi Fiji g\u1ed1c \u1ea4n. Th\u00e0nh ph\u1ed1 n\u00e0y c\u00f3 nhi\u1ec1u nh\u00f3m d\u00e2n t\u1ed9c thi\u1ec3u s\u1ed1, ch\u1eb3ng h\u1ea1n nh\u01b0 ng\u01b0\u1eddi Rotum, ng\u01b0\u1eddi Lauan, ng\u01b0\u1eddi Ch\u00e2u \u00c2u v\u00e0 ng\u01b0\u1eddi Trung Qu\u1ed1c. S\u1ef1 \u0111a d\u1ea1ng v\u1ec1 ng\u00f4n ng\u1eef \u1edf Suva l\u00e0 r\u00f5 r\u00e0ng, v\u1edbi ti\u1ebfng Anh, ti\u1ebfng Fiji v\u00e0 ti\u1ebfng Hindi Fiji l\u00e0 nh\u1eefng ng\u00f4n ng\u1eef \u0111\u01b0\u1ee3c n\u00f3i ch\u1ee7 y\u1ebfu.<\/p>\n<p>Th\u00e0nh ph\u1ed1 n\u00e0y \u0111\u00f3ng vai tr\u00f2 l\u00e0 trung t\u00e2m gi\u00e1o d\u1ee5c quan tr\u1ecdng, l\u00e0 n\u01a1i \u0111\u1eb7t c\u01a1 s\u1edf ch\u00ednh c\u1ee7a \u0110\u1ea1i h\u1ecdc Nam Th\u00e1i B\u00ecnh D\u01b0\u01a1ng (USP). C\u01a1 s\u1edf n\u00e0y thu h\u00fat sinh vi\u00ean t\u1eeb nhi\u1ec1u v\u00f9ng Th\u00e1i B\u00ecnh D\u01b0\u01a1ng kh\u00e1c nhau, qua \u0111\u00f3 n\u00e2ng cao t\u00ednh \u0111a d\u1ea1ng v\u0103n h\u00f3a c\u1ee7a Suva. B\u1ea3o t\u00e0ng Fiji, t\u1ecda l\u1ea1c t\u1ea1i Thurston Gardens, cung c\u1ea5p c\u00e1i nh\u00ecn t\u1ed5ng quan v\u1ec1 l\u1ecbch s\u1eed v\u00e0 v\u0103n h\u00f3a l\u00e2u \u0111\u1eddi c\u1ee7a Fiji, n\u01a1i l\u01b0u gi\u1eef b\u1ed9 s\u01b0u t\u1eadp hi\u1ec7n v\u1eadt Fiji l\u1edbn nh\u1ea5t tr\u00ean to\u00e0n c\u1ea7u.<\/p>\n<p>S\u1ef1 xu\u1ea5t hi\u1ec7n c\u1ee7a c\u00e1c trung t\u00e2m mua s\u1eafm hi\u1ec7n \u0111\u1ea1i nh\u01b0 Suva Central Shopping Mall v\u00e0 TappooCity, mang \u0111\u1ebfn cho th\u00e0nh ph\u1ed1 v\u1ebb \u0111\u1eb9p hi\u1ec7n \u0111\u1ea1i, \u0111\u1eb7c tr\u01b0ng cho c\u1ea3nh quan \u0111\u00f4 th\u1ecb c\u1ee7a Suva \u0111ang trong qu\u00e1 tr\u00ecnh ti\u1ebfn h\u00f3a li\u00ean t\u1ee5c. S\u1ef1 k\u1ebft h\u1ee3p c\u1ee7a nh\u1eefng khu ph\u00e1t tri\u1ec3n n\u00e0y v\u1edbi c\u00e1c khu mua s\u1eafm truy\u1ec1n th\u1ed1ng nh\u01b0 Cumming Street t\u1ea1o n\u00ean s\u1ef1 k\u1ebft h\u1ee3p gi\u1eefa c\u00e1c y\u1ebfu t\u1ed1 l\u1ecbch s\u1eed v\u00e0 \u0111\u01b0\u01a1ng \u0111\u1ea1i, g\u00f3p ph\u1ea7n t\u1ea1o n\u00ean v\u1ecb th\u1ebf c\u1ee7a Suva nh\u01b0 m\u1ed9t trung t\u00e2m \u0111\u00f4 th\u1ecb n\u0103ng \u0111\u1ed9ng v\u00e0 tinh vi.<\/p>","protected":false},"excerpt":{"rendered":"<p>Suva v\u1eeba l\u00e0 th\u1ee7 \u0111\u00f4 v\u1eeba l\u00e0 th\u00e0nh ph\u1ed1 l\u1edbn nh\u1ea5t c\u1ee7a Fiji. Th\u00e0nh ph\u1ed1 n\u00e0y \u0111\u00f3ng vai tr\u00f2 l\u00e0 trung t\u00e2m c\u1ee7a v\u00f9ng \u0111\u00f4 th\u1ecb l\u1edbn nh\u1ea5t c\u1ee7a qu\u1ed1c gia v\u00e0 ho\u1ea1t \u0111\u1ed9ng nh\u01b0 c\u1ea3ng ch\u00ednh c\u1ee7a v\u00f9ng n\u00e0y. Suva, n\u1eb1m \u1edf b\u1edd bi\u1ec3n \u0111\u00f4ng nam c\u1ee7a Viti Levu, h\u00f2n \u0111\u1ea3o l\u1edbn nh\u1ea5t c\u1ee7a Fiji, n\u1eb1m trong T\u1ec9nh Rewa c\u1ee7a Ph\u00e2n khu Trung t\u00e2m. Th\u00e0nh ph\u1ed1 n\u00e0y \u0111\u1ea1i di\u1ec7n cho s\u1ef1 k\u1ebft h\u1ee3p gi\u1eefa t\u1ea7m quan tr\u1ecdng v\u1ec1 m\u1eb7t l\u1ecbch s\u1eed v\u00e0 s\u1ee9c s\u1ed1ng \u0111\u01b0\u01a1ng \u0111\u1ea1i, thi\u1ebft l\u1eadp th\u00e0nh m\u1ed9t \u0111\u1ecba \u0111i\u1ec3m quan tr\u1ecdng \u1edf Nam Th\u00e1i B\u00ecnh D\u01b0\u01a1ng.<\/p>","protected":false},"author":1,"featured_media":3855,"parent":9785,"menu_order":0,"comment_status":"closed","ping_status":"closed","template":"elementor_theme","meta":{"_eb_attr":"","footnotes":""},"class_list":["post-9800","page","type-page","status-publish","has-post-thumbnail"],"_links":{"self":[{"href":"https:\/\/travelshelper.com\/vi\/wp-json\/wp\/v2\/pages\/9800","targetHints":{"allow":["GET"]}}],"collection":[{"href":"https:\/\/travelshelper.com\/vi\/wp-json\/wp\/v2\/pages"}],"about":[{"href":"https:\/\/travelshelper.com\/vi\/wp-json\/wp\/v2\/types\/page"}],"author":[{"embeddable":true,"href":"https:\/\/travelshelper.com\/vi\/wp-json\/wp\/v2\/users\/1"}],"replies":[{"embeddable":true,"href":"https:\/\/travelshelper.com\/vi\/wp-json\/wp\/v2\/comments?post=9800"}],"version-history":[{"count":0,"href":"https:\/\/travelshelper.com\/vi\/wp-json\/wp\/v2\/pages\/9800\/revisions"}],"up":[{"embeddable":true,"href":"https:\/\/travelshelper.com\/vi\/wp-json\/wp\/v2\/pages\/9785"}],"wp:featuredmedia":[{"embeddable":true,"href":"https:\/\/travelshelper.com\/vi\/wp-json\/wp\/v2\/media\/3855"}],"wp:attachment":[{"href":"https:\/\/travelshelper.com\/vi\/wp-json\/wp\/v2\/media?parent=9800"}],"curies":[{"name":"wp","href":"https:\/\/api.w.org\/{rel}","templated":true}]}}