{"id":9749,"date":"2024-09-08T22:45:39","date_gmt":"2024-09-08T22:45:39","guid":{"rendered":"https:\/\/travelshelper.com\/staging\/?page_id=9749"},"modified":"2026-03-13T23:13:07","modified_gmt":"2026-03-13T23:13:07","slug":"wellington","status":"publish","type":"page","link":"https:\/\/travelshelper.com\/vi\/destinations\/australia-and-oceania\/new-zealand\/wellington\/","title":{"rendered":"Wellington"},"content":{"rendered":"<p>Wellington, th\u1ee7 \u0111\u00f4 s\u00f4i \u0111\u1ed9ng c\u1ee7a New Zealand, l\u00e0 n\u01a1i c\u00f3 c\u1ea3nh quan tuy\u1ec7t \u0111\u1eb9p v\u00e0 s\u1ef1 thanh l\u1ecbch c\u1ee7a th\u00e0nh th\u1ecb h\u00f2a quy\u1ec7n m\u1ed9t c\u00e1ch li\u1ec1n m\u1ea1ch. Wellington, n\u1eb1m \u1edf r\u00eca ph\u00eda t\u00e2y nam c\u1ee7a \u0110\u1ea3o B\u1eafc, c\u00f3 v\u1ecb tr\u00ed thu\u1eadn l\u1ee3i gi\u1eefa D\u00e3y n\u00fai Remutaka g\u1ed3 gh\u1ec1 v\u00e0 eo bi\u1ec3n Cook r\u1ed9ng l\u1edbn. L\u00e0 th\u00e0nh ph\u1ed1 l\u1edbn th\u1ee9 ba \u1edf New Zealand, \u0111\u00e2y l\u00e0 trung t\u00e2m h\u00e0nh ch\u00ednh c\u1ee7a V\u00f9ng Wellington v\u00e0 l\u00e0 th\u1ee7 \u0111\u00f4 c\u1ef1c nam c\u1ee7a m\u1ed9t qu\u1ed1c gia c\u00f3 ch\u1ee7 quy\u1ec1n tr\u00ean to\u00e0n th\u1ebf gi\u1edbi. Wellington, v\u1edbi nhi\u1ec7t \u0111\u1ed9 ven bi\u1ec3n \u00f4n h\u00f2a, \u0111\u01b0\u1ee3c bi\u1ebft \u0111\u1ebfn l\u00e0 th\u00e0nh ph\u1ed1 c\u00f3 nhi\u1ec1u gi\u00f3 nh\u1ea5t th\u1ebf gi\u1edbi; \u0111\u1eb7c \u0111i\u1ec3m n\u00e0y \u0111\u1ecbnh h\u00ecnh n\u00ean s\u1ee9c h\u1ea5p d\u1eabn v\u00e0 l\u1ed1i s\u1ed1ng ri\u00eang c\u1ee7a th\u00e0nh ph\u1ed1.<\/p>\n<p>V\u0103n h\u00f3a M\u0101ori t\u1ed3n t\u1ea1i kh\u00e1 m\u1ea1nh m\u1ebd trong qu\u00e1 kh\u1ee9 c\u1ee7a Wellington. L\u1ecbch s\u1eed truy\u1ec1n mi\u1ec7ng c\u1ee7a ng\u01b0\u1eddi M\u0101ori cho r\u1eb1ng nh\u00e0 th\u00e1m hi\u1ec3m v\u0129 \u0111\u1ea1i Kupe \u0111\u00e3 \u0111i qua khu v\u1ef1c n\u00e0y v\u00e0o kho\u1ea3ng th\u1ebf k\u1ef7 th\u1ee9 m\u01b0\u1eddi. Ng\u01b0\u1eddi Iwi M\u0101ori \u0111\u1ea7u ti\u00ean \u0111\u1ecbnh c\u01b0 \u1edf khu v\u1ef1c n\u00e0y; Rangit\u0101ne v\u00e0 Mua\u016bpoko c\u00f9ng m\u1ed9t s\u1ed1 ng\u01b0\u1eddi kh\u00e1c. Nh\u01b0ng Chi\u1ebfn tranh Musket v\u00e0o \u0111\u1ea7u th\u1ebf k\u1ef7 19 \u0111\u00e3 g\u00e2y ra nh\u1eefng x\u00e1o tr\u1ed9n l\u1edbn khi\u1ebfn cho ng\u01b0\u1eddi Iwi ph\u00eda b\u1eafc nh\u01b0 Te \u0100ti Awa th\u1ed1ng tr\u1ecb. B\u1ed1i c\u1ea3nh v\u0103n h\u00f3a \u0111a d\u1ea1ng \u0111\u1ecbnh h\u00ecnh Wellington hi\u1ec7n nay b\u1eaft ngu\u1ed3n t\u1eeb b\u1ee9c tranh l\u1ecbch s\u1eed phong ph\u00fa n\u00e0y.<\/p>\n<p>\u0110\u01b0\u1ee3c thi\u1ebft k\u1ebf b\u1edfi \u0110\u1ea1i \u00fay William Mein Smith, T\u1ed5ng thanh tra \u0111\u1ea7u ti\u00ean c\u1ee7a C\u00f4ng ty New Zealand c\u1ee7a Edward Wakefield, h\u00ecnh d\u00e1ng hi\u1ec7n \u0111\u1ea1i c\u1ee7a Wellington b\u1eaft \u0111\u1ea7u h\u00ecnh th\u00e0nh v\u00e0o n\u0103m 1840. T\u1ea7m nh\u00ecn c\u1ee7a \u00f4ng bao g\u1ed3m m\u1ed9t chu\u1ed7i c\u00e1c thi\u1ebft k\u1ebf l\u01b0\u1edbi li\u00ean k\u1ebft tr\u1ea3i d\u00e0i xu\u1ed1ng v\u00f9ng \u0111\u1ea5t th\u1ea5p v\u00e0 s\u01b0\u1eddn \u0111\u1ed3i th\u1ea5p h\u01a1n. Ng\u00e0y nay, trung t\u00e2m \u0111\u00f4 th\u1ecb c\u1ee7a Wellington c\u00f3 d\u00e2n s\u1ed1 kho\u1ea3ng 215.200 ng\u01b0\u1eddi; trong khi \u0111\u00f3, t\u00ednh \u0111\u1ebfn th\u00e1ng 6 n\u0103m 2023, v\u00f9ng \u0111\u00f4 th\u1ecb l\u1edbn h\u01a1n\u2014bao g\u1ed3m Lower Hutt, Porirua v\u00e0 Upper Hutt\u2014c\u00f3 d\u00e2n s\u1ed1 h\u01a1n 440.900 ng\u01b0\u1eddi. Wellington l\u00e0 th\u1ee7 \u0111\u00f4 c\u1ee7a New Zealand k\u1ec3 t\u1eeb n\u0103m 1865; v\u1ecb tr\u00ed c\u1ee7a th\u00e0nh ph\u1ed1 n\u00e0y kh\u00f4ng \u0111\u01b0\u1ee3c x\u00e1c \u0111\u1ecbnh theo lu\u1eadt m\u00e0 theo quy \u01b0\u1edbc. Th\u00e0nh ph\u1ed1 n\u00e0y l\u00e0 tr\u00e1i tim ch\u00ednh tr\u1ecb c\u1ee7a New Zealand v\u00ec n\u01a1i \u0111\u00e2y c\u00f3 T\u00f2a \u00e1n T\u1ed1i cao, ch\u00ednh ph\u1ee7 v\u00e0 qu\u1ed1c h\u1ed9i c\u1ee7a New Zealand, v\u00e0 h\u1ea7u h\u1ebft c\u00e1c d\u1ecbch v\u1ee5 c\u00f4ng.<\/p>\n<p>V\u1ec1 m\u1eb7t kinh t\u1ebf, Wellington l\u00e0 m\u1ed9t \u0111\u00f4 th\u1ecb d\u1ecbch v\u1ee5 t\u1eadp trung nhi\u1ec1u v\u00e0o t\u00e0i ch\u00ednh, d\u1ecbch v\u1ee5 doanh nghi\u1ec7p, ch\u00ednh ph\u1ee7 v\u00e0 kinh doanh phim \u1ea3nh. \u0110\u01b0\u1ee3c coi l\u00e0 trung t\u00e2m c\u1ee7a c\u00e1c ng\u00e0nh phim v\u00e0 hi\u1ec7u \u1ee9ng \u0111\u1eb7c bi\u1ec7t c\u1ee7a New Zealand, n\u01a1i \u0111\u00e2y c\u0169ng d\u1ea7n \u0111\u01b0\u1ee3c x\u00e1c \u0111\u1ecbnh l\u00e0 trung t\u00e2m c\u1ee7a c\u00f4ng ngh\u1ec7 th\u00f4ng tin v\u00e0 \u0111\u1ed5i m\u1edbi. Hai tr\u01b0\u1eddng \u0111\u1ea1i h\u1ecdc nghi\u00ean c\u1ee9u c\u00f4ng l\u1eadp g\u00f3p ph\u1ea7n n\u00e2ng cao v\u1ecb th\u1ebf c\u1ee7a th\u00e0nh ph\u1ed1 n\u00e0y nh\u01b0 m\u1ed9t \u0111\u00f4 th\u1ecb tri th\u1ee9c. S\u00e2n bay qu\u1ed1c t\u1ebf Wellington, s\u00e2n bay b\u1eadn r\u1ed9n th\u1ee9 ba trong c\u1ea3 n\u01b0\u1edbc, ph\u1ee5c v\u1ee5 Wellington, \u0111\u00e2y c\u0169ng l\u00e0 m\u1ed9t c\u1ea3ng bi\u1ec3n quan tr\u1ecdng cho ph\u00e9p v\u1eadn chuy\u1ec3n c\u1ea3 trong n\u01b0\u1edbc v\u00e0 qu\u1ed1c t\u1ebf. C\u00e1c tuy\u1ebfn t\u00e0u h\u1ecfa v\u00e0 xe bu\u00fdt \u0111\u1ebfn B\u1edd bi\u1ec3n K\u0101piti v\u00e0 Wairarapa c\u0169ng nh\u01b0 c\u00e1c tuy\u1ebfn t\u00e0u thuy\u1ec1n n\u1ed1i th\u00e0nh ph\u1ed1 v\u1edbi \u0110\u1ea3o Nam t\u1ea1o n\u00ean h\u1ec7 th\u1ed1ng giao th\u00f4ng ho\u00e0n ch\u1ec9nh c\u1ee7a th\u00e0nh ph\u1ed1.<\/p>\n<p>Th\u01b0\u1eddng \u0111\u01b0\u1ee3c coi l\u00e0 trung t\u00e2m v\u0103n h\u00f3a c\u1ee7a New Zealand, Wellington t\u1ef1 h\u00e0o c\u00f3 m\u1ed9t quang c\u1ea3nh s\u00f4i \u0111\u1ed9ng v\u00e0 \u0111a d\u1ea1ng \u0111\u00e3 t\u00e1c \u0111\u1ed9ng \u0111\u1ebfn kh\u1eafp Ch\u00e2u \u0110\u1ea1i D\u01b0\u01a1ng. \u0110\u01b0\u1ee3c x\u1ebfp h\u1ea1ng th\u1ee9 t\u01b0 trong B\u1ea3ng x\u1ebfp h\u1ea1ng kh\u1ea3 n\u0103ng s\u1ed1ng to\u00e0n c\u1ea7u n\u0103m 2021, th\u00e0nh ph\u1ed1 n\u00e0y th\u01b0\u1eddng xuy\u00ean n\u1eb1m trong s\u1ed1 nh\u1eefng th\u00e0nh ph\u1ed1 \u0111\u00e1ng s\u1ed1ng nh\u1ea5t th\u1ebf gi\u1edbi, ngang b\u1eb1ng v\u1edbi Tokyo. Deutsche Bank \u0111\u00e3 x\u1ebfp h\u1ea1ng Wellington \u0111\u1ee9ng \u0111\u1ea7u th\u1ebf gi\u1edbi v\u00e0o n\u0103m 2017 v\u00e0 2018 v\u1ec1 c\u1ea3 kh\u1ea3 n\u0103ng s\u1ed1ng v\u00e0 kh\u00f4ng \u00f4 nhi\u1ec5m. N\u1ed5i ti\u1ebfng v\u1edbi s\u1ef1 kh\u00e9o l\u00e9o s\u00e1ng t\u1ea1o, t\u00ednh c\u00e1ch l\u1ecbch s\u1eed v\u00e0 b\u1ed1i c\u1ea3nh \u1ea9m th\u1ef1c s\u00f4i \u0111\u1ed9ng l\u00e0 nh\u1eefng trung t\u00e2m v\u0103n h\u00f3a nh\u01b0 Cuba Street v\u00e0 Newtown. \u0110\u01b0\u1ee3c x\u1ebfp h\u1ea1ng th\u1ee9 35 tr\u00ean to\u00e0n th\u1ebf gi\u1edbi theo Ch\u1ec9 s\u1ed1 trung t\u00e2m t\u00e0i ch\u00ednh to\u00e0n c\u1ea7u n\u0103m 2021, Wellington l\u00e0 m\u1ed9t trung t\u00e2m t\u00e0i ch\u00ednh h\u00e0ng \u0111\u1ea7u \u1edf khu v\u1ef1c Ch\u00e2u \u00c1 - Th\u00e1i B\u00ecnh D\u01b0\u01a1ng. T\u1eeb m\u1ed9t thu\u1ed9c \u0111\u1ecba M\u0101ori th\u1ecbnh v\u01b0\u1ee3ng tr\u1edf th\u00e0nh ti\u1ec1n \u0111\u1ed3n thu\u1ed9c \u0111\u1ecba v\u00e0 cu\u1ed1i c\u00f9ng l\u00e0 th\u1ee7 \u0111\u00f4 c\u1ee7a \u00dac, th\u00e0nh ph\u1ed1 \u0111\u00e3 tr\u1ea3i qua m\u1ed9t s\u1ef1 t\u00e1i sinh s\u00e1ng t\u1ea1o \u0111\u00e1ng kinh ng\u1ea1c.<\/p>\n<p>V\u1edbi kho\u1ea3ng 1,3 t\u1ef7 \u0111\u00f4 la New Zealand m\u1ed7i n\u0103m v\u00e0 9% t\u1ed5ng s\u1ed1 vi\u1ec7c l\u00e0m to\u00e0n th\u1eddi gian t\u01b0\u01a1ng \u0111\u01b0\u01a1ng c\u1ee7a Wellington l\u00e0 t\u1eeb du l\u1ecbch, ng\u00e0nh n\u00e0y kh\u00e1 quan tr\u1ecdng \u0111\u1ed1i v\u1edbi n\u1ec1n kinh t\u1ebf c\u1ee7a th\u00e0nh ph\u1ed1. V\u1edbi 3,6 tri\u1ec7u l\u01b0\u1ee3t kh\u00e1ch du l\u1ecbch h\u00e0ng n\u0103m, th\u00e0nh ph\u1ed1 n\u00e0y l\u00e0 \u0111i\u1ec3m \u0111\u1ebfn du l\u1ecbch \u0111\u01b0\u1ee3c ng\u01b0\u1eddi d\u00e2n New Zealand y\u00eau th\u00edch. H\u1ea7u h\u1ebft l\u00e0 t\u1eeb \u00dac, du kh\u00e1ch qu\u1ed1c t\u1ebf \u0111\u1ed5 v\u1ec1 Wellington v\u00e0 chi h\u00e0ng tri\u1ec7u \u0111\u00eam v\u00e0 \u0111\u00f4 la t\u1ea1i th\u00e0nh ph\u1ed1 n\u00e0y. Wellington \u0111\u00e3 tr\u1edf th\u00e0nh \u0111i\u1ec3m \u0111\u1ebfn du l\u1ecbch quan tr\u1ecdng ph\u1ea7n l\u1edbn l\u00e0 nh\u1edd v\u00e0o vi\u1ec7c x\u00e2y d\u1ef1ng b\u1ea3o t\u00e0ng Te Papa. Ng\u00e0nh du l\u1ecbch Wellington t\u00edch c\u1ef1c qu\u1ea3ng b\u00e1 th\u00e0nh ph\u1ed1 n\u00e0y l\u00e0 &#039;th\u1ee7 \u0111\u00f4 nh\u1ecf tuy\u1ec7t v\u1eddi nh\u1ea5t th\u1ebf gi\u1edbi&#039; v\u00e0 trong m\u01b0\u1eddi n\u0103m qua, s\u1ed1 \u0111\u00eam ngh\u1ec9 th\u01b0\u01a1ng m\u1ea1i c\u1ee7a kh\u00e1ch \u0111\u00e3 t\u0103ng \u0111\u00e1ng k\u1ec3.<\/p>\n<p>Trong s\u1ed1 c\u00e1c \u0111i\u1ec3m tham quan du l\u1ecbch n\u1ed5i ti\u1ebfng c\u1ee7a Wellington c\u00f3 B\u1ea3o t\u00e0ng Wellington, V\u01b0\u1eddn th\u00fa Wellington, Zealandia v\u00e0 Tuy\u1ebfn c\u00e1p treo Wellington n\u1ed5i ti\u1ebfng. V\u1edbi s\u1ef1 gia t\u0103ng \u0111\u00e1ng k\u1ec3 v\u1ec1 s\u1ed1 l\u01b0\u1ee3ng c\u00e1c chuy\u1ebfn \u0111i c\u1ee7a th\u1ee7y th\u1ee7 \u0111o\u00e0n v\u00e0 h\u00e0nh kh\u00e1ch trong nh\u1eefng n\u0103m g\u1ea7n \u0111\u00e2y, ng\u00e0nh du l\u1ecbch du thuy\u1ec1n \u0111ang b\u00f9ng n\u1ed5. Quy m\u00f4 nh\u1ecf, c\u00e1c \u0111i\u1ec3m tham quan v\u0103n h\u00f3a, c\u00e1c nh\u00e0 h\u00e0ng t\u1eebng \u0111o\u1ea1t gi\u1ea3i th\u01b0\u1edfng v\u00e0 v\u1ecb tr\u00ed g\u1ea7n c\u00e1c v\u0103n ph\u00f2ng ch\u00ednh ph\u1ee7 c\u1ee7a Wellington khi\u1ebfn n\u01a1i \u0111\u00e2y tr\u1edf th\u00e0nh \u0111\u1ecba \u0111i\u1ec3m ho\u00e0n h\u1ea3o cho c\u00e1c chuy\u1ebfn \u0111i h\u1ed9i ngh\u1ecb, do \u0111\u00f3 th\u00fac \u0111\u1ea9y n\u1ec1n kinh t\u1ebf \u0111\u1ecba ph\u01b0\u01a1ng h\u00e0ng n\u0103m.<\/p>","protected":false},"excerpt":{"rendered":"<p>Wellington, th\u1ee7 \u0111\u00f4 s\u00f4i \u0111\u1ed9ng c\u1ee7a New Zealand, l\u00e0 n\u01a1i c\u00f3 c\u1ea3nh quan tuy\u1ec7t \u0111\u1eb9p v\u00e0 s\u1ef1 thanh l\u1ecbch c\u1ee7a th\u00e0nh th\u1ecb h\u00f2a quy\u1ec7n m\u1ed9t c\u00e1ch li\u1ec1n m\u1ea1ch. Wellington, n\u1eb1m \u1edf r\u00eca ph\u00eda t\u00e2y nam c\u1ee7a \u0110\u1ea3o B\u1eafc, c\u00f3 v\u1ecb tr\u00ed thu\u1eadn l\u1ee3i gi\u1eefa D\u00e3y n\u00fai Remutaka g\u1ed3 gh\u1ec1 v\u00e0 eo bi\u1ec3n Cook r\u1ed9ng l\u1edbn. L\u00e0 th\u00e0nh ph\u1ed1 l\u1edbn th\u1ee9 ba \u1edf New Zealand, \u0111\u00e2y l\u00e0 trung t\u00e2m h\u00e0nh ch\u00ednh c\u1ee7a V\u00f9ng Wellington v\u00e0 l\u00e0 th\u1ee7 \u0111\u00f4 c\u1ef1c nam c\u1ee7a m\u1ed9t qu\u1ed1c gia c\u00f3 ch\u1ee7 quy\u1ec1n tr\u00ean to\u00e0n th\u1ebf gi\u1edbi. Wellington, v\u1edbi nhi\u1ec7t \u0111\u1ed9 ven bi\u1ec3n \u00f4n h\u00f2a, \u0111\u01b0\u1ee3c bi\u1ebft \u0111\u1ebfn l\u00e0 th\u00e0nh ph\u1ed1 c\u00f3 nhi\u1ec1u gi\u00f3 nh\u1ea5t th\u1ebf gi\u1edbi; \u0111\u1eb7c \u0111i\u1ec3m n\u00e0y \u0111\u1ecbnh h\u00ecnh n\u00ean s\u1ee9c h\u1ea5p d\u1eabn v\u00e0 l\u1ed1i s\u1ed1ng ri\u00eang c\u1ee7a th\u00e0nh ph\u1ed1.<\/p>","protected":false},"author":1,"featured_media":2787,"parent":9692,"menu_order":0,"comment_status":"closed","ping_status":"closed","template":"elementor_theme","meta":{"_eb_attr":"","footnotes":""},"class_list":["post-9749","page","type-page","status-publish","has-post-thumbnail"],"_links":{"self":[{"href":"https:\/\/travelshelper.com\/vi\/wp-json\/wp\/v2\/pages\/9749","targetHints":{"allow":["GET"]}}],"collection":[{"href":"https:\/\/travelshelper.com\/vi\/wp-json\/wp\/v2\/pages"}],"about":[{"href":"https:\/\/travelshelper.com\/vi\/wp-json\/wp\/v2\/types\/page"}],"author":[{"embeddable":true,"href":"https:\/\/travelshelper.com\/vi\/wp-json\/wp\/v2\/users\/1"}],"replies":[{"embeddable":true,"href":"https:\/\/travelshelper.com\/vi\/wp-json\/wp\/v2\/comments?post=9749"}],"version-history":[{"count":0,"href":"https:\/\/travelshelper.com\/vi\/wp-json\/wp\/v2\/pages\/9749\/revisions"}],"up":[{"embeddable":true,"href":"https:\/\/travelshelper.com\/vi\/wp-json\/wp\/v2\/pages\/9692"}],"wp:featuredmedia":[{"embeddable":true,"href":"https:\/\/travelshelper.com\/vi\/wp-json\/wp\/v2\/media\/2787"}],"wp:attachment":[{"href":"https:\/\/travelshelper.com\/vi\/wp-json\/wp\/v2\/media?parent=9749"}],"curies":[{"name":"wp","href":"https:\/\/api.w.org\/{rel}","templated":true}]}}