{"id":9739,"date":"2024-09-08T22:38:06","date_gmt":"2024-09-08T22:38:06","guid":{"rendered":"https:\/\/travelshelper.com\/staging\/?page_id=9739"},"modified":"2026-03-13T23:03:09","modified_gmt":"2026-03-13T23:03:09","slug":"treble-cone","status":"publish","type":"page","link":"https:\/\/travelshelper.com\/vi\/destinations\/australia-and-oceania\/new-zealand\/treble-cone\/","title":{"rendered":"Treble Cone"},"content":{"rendered":"<p>Treble Cone, khu tr\u01b0\u1ee3t tuy\u1ebft g\u1ea7n nh\u1ea5t v\u1edbi trung t\u00e2m n\u0103ng \u0111\u1ed9ng c\u1ee7a W\u0101naka, n\u1eb1m \u1edf v\u1ecb tr\u00ed thu\u1eadn ti\u1ec7n ch\u1ec9 c\u00e1ch th\u1ecb tr\u1ea5n quy\u1ebfn r\u0169 W\u0101naka m\u1ed9t \u0111o\u1ea1n l\u00e1i xe ng\u1eafn, do \u0111\u00f3 thu h\u00fat c\u1ea3 c\u01b0 d\u00e2n v\u00e0 du kh\u00e1ch. Treble Cone, n\u1ed5i ti\u1ebfng v\u1edbi t\u1ea7m nh\u00ecn tuy\u1ec7t \u0111\u1eb9p ra N\u00fai Aspiring\/Tititea v\u00e0 H\u1ed3 W\u0101naka, mang \u0111\u1ebfn s\u1ef1 k\u1ebft h\u1ee3p \u0111\u1eb7c bi\u1ec7t gi\u1eefa v\u1ebb \u0111\u1eb9p thi\u00ean nhi\u00ean v\u00e0 \u0111\u1ecba h\u00ecnh kh\u00f3 kh\u0103n thu h\u00fat nh\u1eefng ng\u01b0\u1eddi tr\u01b0\u1ee3t tuy\u1ebft v\u00e0 tr\u01b0\u1ee3t v\u00e1n \u1edf m\u1ecdi c\u1ea5p \u0111\u1ed9.<\/p>\n<p>Ngo\u00e0i vi\u1ec7c l\u00e0 khu tr\u01b0\u1ee3t tuy\u1ebft l\u1edbn nh\u1ea5t \u1edf \u0110\u1ea3o Nam c\u1ee7a New Zealand, Treble Cone c\u00f2n c\u00f3 \u0111\u1ed9 d\u1ed1c th\u1eb3ng \u0111\u1ee9ng d\u00e0i nh\u1ea5t \u1edf Qu\u1eadn Queenstown Southern Lakes. D\u00e0nh cho c\u1ea3 ng\u01b0\u1eddi m\u1edbi b\u1eaft \u0111\u1ea7u v\u00e0 ng\u01b0\u1eddi tr\u01b0\u1ee3t tuy\u1ebft trung c\u1ea5p, \u0111\u1ed9 d\u1ed1c th\u1eb3ng \u0111\u1ee9ng tuy\u1ec7t v\u1eddi 700 m\u00e9t n\u00e0y cung c\u1ea5p m\u1ed9t s\u1ed1 tuy\u1ebfn \u0111\u01b0\u1eddng d\u00e0i nh\u1ea5t trong khu v\u1ef1c, bao g\u1ed3m tuy\u1ebfn High Street d\u00e0i 4 km \u0111\u1ebfn Easy Rider. Ban \u0111\u1ea7u b\u1eaft \u0111\u1ea7u l\u00e0 m\u1ed9t s\u00e2n tr\u01b0\u1ee3t tuy\u1ebft nh\u1ecf c\u1ee7a c\u00e2u l\u1ea1c b\u1ed9, Treble Cone \u0111\u01b0\u1ee3c th\u00e0nh l\u1eadp v\u00e0o n\u0103m 1968 b\u1edfi nh\u1eefng ng\u01b0\u1eddi tr\u01b0\u1ee3t tuy\u1ebft Rod Aubrey, Murray Raffills v\u00e0 Ralph Markby. N\u01a1i \u0111\u00e2y \u0111\u00e3 ph\u00e1t tri\u1ec3n qua nhi\u1ec1u n\u0103m th\u00e0nh m\u1ed9t khu ngh\u1ec9 d\u01b0\u1ee1ng tr\u01b0\u1ee3t tuy\u1ebft \u0111\u1eb3ng c\u1ea5p th\u1ebf gi\u1edbi n\u1ed5i ti\u1ebfng v\u1edbi \u0111\u1ecba h\u00ecnh kh\u00f3 kh\u0103n v\u00e0 t\u1ea7m nh\u00ecn ngo\u1ea1n m\u1ee5c.<\/p>\n<p>Con \u0111\u01b0\u1eddng c\u1ee7a Treble Cone t\u1eeb m\u1ed9t s\u00e2n tr\u01b0\u1ee3t tuy\u1ebft nh\u1ecf \u0111\u1ebfn m\u1ed9t khu ngh\u1ec9 d\u01b0\u1ee1ng tr\u01b0\u1ee3t tuy\u1ebft h\u00e0ng \u0111\u1ea7u \u0111\u01b0\u1ee3c x\u00e1c \u0111\u1ecbnh b\u1eb1ng s\u1ef1 \u0111\u1ed5i m\u1edbi v\u00e0 c\u1ea3i ti\u1ebfn li\u00ean t\u1ee5c. Treble Cone \u0111\u01b0\u1ee3c \u0111\u0103ng k\u00fd l\u00e0 m\u1ed9t doanh nghi\u1ec7p c\u00f4ng v\u00e0o n\u0103m 1975 \u0111\u1ec3 t\u00e0i tr\u1ee3 cho m\u1ed9t con \u0111\u01b0\u1eddng ch\u1ea5t l\u01b0\u1ee3ng cao, m\u1ed9t t\u00f2a nh\u00e0 c\u0103n c\u1ee9 v\u00e0 c\u00e1c c\u01a1 s\u1edf cho thu\u00ea v\u00e1n tr\u01b0\u1ee3t c\u00f9ng v\u1edbi c\u00e1c c\u01a1 s\u1edf h\u1ea1 t\u1ea7ng c\u1ea7n thi\u1ebft kh\u00e1c. V\u1edbi gh\u1ebf n\u00e2ng \u0111\u00f4i \u0111\u1ea7u ti\u00ean t\u1ea1i Home Basin v\u00e0o n\u0103m 1983 v\u00e0 m\u1ed9t T-Bar t\u1ea1i Saddle Basin v\u00e0o n\u0103m 1989, s\u1ef1 ph\u00e1t tri\u1ec3n n\u00e0y \u0111\u00e3 chu\u1ea9n b\u1ecb n\u1ec1n t\u1ea3ng cho s\u1ef1 m\u1edf r\u1ed9ng h\u01a1n n\u1eefa v\u00e0o nh\u1eefng n\u0103m 80 v\u00e0 90. M\u1ed9t b\u01b0\u1edbc ngo\u1eb7t l\u1edbn l\u00e0 vi\u1ec7c m\u1edf c\u00e1c c\u01a1 s\u1edf t\u1ea1o tuy\u1ebft c\u1ed1 \u0111\u1ecbnh v\u00e0o n\u0103m 1991, \u0111\u1ea3m b\u1ea3o l\u1edbp ph\u1ee7 tuy\u1ebft \u0111\u00e1ng tin c\u1eady trong su\u1ed1t m\u00f9a.<\/p>\n<p>Gh\u1ebf n\u00e2ng 6 ch\u1ed7 ng\u1ed3i c\u00f3 th\u1ec3 th\u00e1o r\u1eddi, t\u1ed1c \u0111\u1ed9 cao \u0111\u1ea7u ti\u00ean c\u1ee7a New Zealand \u0111\u01b0\u1ee3c l\u1eafp \u0111\u1eb7t t\u1ea1i Home Basin l\u00e0 m\u1ed9t c\u1ea3i ti\u1ebfn \u0111\u00e1ng k\u1ec3 trong m\u00f9a gi\u1ea3i 1995\/96. S\u1ef1 ph\u00e1t tri\u1ec3n n\u00e0y \u0111\u00e3 th\u00fac \u0111\u1ea9y to\u00e0n b\u1ed9 tr\u1ea3i nghi\u1ec7m tr\u01b0\u1ee3t tuy\u1ebft v\u00e0 thay \u0111\u1ed5i l\u1ed1i v\u00e0o. C\u00e1c ph\u00e1t tri\u1ec3n b\u1ed5 sung bao g\u1ed3m b\u00e3i \u0111\u1eadu xe m\u1edbi, m\u1edf r\u1ed9ng t\u00f2a nh\u00e0 c\u01a1 s\u1edf v\u00e0 x\u00e2y d\u1ef1ng ao t\u1ea1o tuy\u1ebft.<\/p>\n<p>C\u00e1c c\u00f4ng tr\u00ecnh \u0111\u1ea5t r\u1ed9ng l\u1edbn nh\u1eb1m m\u1ee5c \u0111\u00edch n\u00e2ng c\u1ea5p \u0111\u1ecba h\u00ecnh ban \u0111\u1ea7u v\u00e0 trung gian \u1edf c\u1ea3 Home v\u00e0 Saddle Basins \u0111\u00e3 \u0111\u1ecbnh h\u00ecnh n\u00ean nh\u1eefng n\u0103m 2000. Nh\u1edd c\u00e1c tuy\u1ebfn \u0111\u01b0\u1eddng \u0111\u01b0\u1ee3c ch\u0103m s\u00f3c r\u1ed9ng r\u00e3i h\u01a1n v\u00e0 m\u1ed9t thang m\u00e1y b\u1ec1 m\u1eb7t mi\u1ec5n ph\u00ed d\u00e0nh cho ng\u01b0\u1eddi m\u1edbi b\u1eaft \u0111\u1ea7u g\u1ea7n c\u00e1c c\u01a1 s\u1edf c\u01a1 s\u1edf, nh\u1eefng s\u00e1ng ki\u1ebfn \u200b\u200bn\u00e0y \u0111\u1ea3m b\u1ea3o Treble Cone c\u00f3 th\u1ec3 \u0111\u00e1p \u1ee9ng \u0111\u01b0\u1ee3c nhi\u1ec1u k\u1ef9 n\u0103ng tr\u01b0\u1ee3t tuy\u1ebft h\u01a1n. M\u1ed9t c\u00f4ng vi\u00ean \u0111\u1ecba h\u00ecnh khi\u00eam t\u1ed1n v\u00e0 m\u1ed9t tuy\u1ebfn \u0111\u01b0\u1eddng vui ch\u01a1i d\u00e0nh cho tr\u1ebb em \u0111\u00e3 c\u1ea3i thi\u1ec7n s\u1ee9c h\u1ea5p d\u1eabn c\u1ee7a khu ngh\u1ec9 d\u01b0\u1ee1ng \u0111\u1ed1i v\u1edbi c\u00e1c gia \u0111\u00ecnh v\u00e0 nh\u1eefng ng\u01b0\u1eddi tr\u01b0\u1ee3t tuy\u1ebft thi\u1ebfu kinh nghi\u1ec7m h\u01a1n n\u1eefa.<\/p>\n<p>C\u01a1 s\u1edf h\u1ea1 t\u1ea7ng c\u1ee7a Treble Cone \u0111\u01b0\u1ee3c t\u0103ng c\u01b0\u1eddng h\u01a1n n\u1eefa v\u00e0o n\u0103m 2005 khi m\u1ed9t gh\u1ebf n\u00e2ng b\u1ed1n ch\u1ed7 c\u1ed1 \u0111\u1ecbnh m\u1edbi \u0111\u01b0\u1ee3c l\u1eafp \u0111\u1eb7t t\u1ea1i Saddle Basin v\u00e0 m\u1ed9t nh\u00e0 ngh\u1ec9 Ski Patrol tr\u00ean \u0111\u1ec9nh Six Seater. C\u00e1c kho\u1ea3n \u0111\u1ea7u t\u01b0 v\u00e0o c\u00f4ng ngh\u1ec7 t\u1ea1o tuy\u1ebft v\u00e0o n\u0103m 2006 v\u00e0 2007 \u0111\u1ea3m b\u1ea3o tuy\u1ebft r\u01a1i li\u00ean t\u1ee5c, do \u0111\u00f3 c\u1ea3i thi\u1ec7n \u0111\u1ed9 tin c\u1eady c\u1ee7a m\u00f9a tr\u01b0\u1ee3t tuy\u1ebft.<\/p>\n<p>Treble Cone \u0111\u00e3 t\u00edch h\u1ee3p c\u00f4ng ngh\u1ec7 m\u1edbi \u0111\u1ec3 \u0111\u01a1n gi\u1ea3n h\u00f3a tr\u1ea3i nghi\u1ec7m tr\u01b0\u1ee3t tuy\u1ebft. Khu ngh\u1ec9 d\u01b0\u1ee1ng \u0111\u00e3 thay \u0111\u1ed5i h\u1ec7 th\u1ed1ng b\u00e1n h\u00e0ng v\u00e0 b\u00e1n v\u00e9 v\u00e0o n\u0103m 2011\/12 khi h\u1ee3p t\u00e1c v\u1edbi Cardrona Ski Area, th\u00eam th\u1ebb \u0111i c\u00e1p treo d\u00f9ng chung OnePassNZ. Theo d\u00f5i s\u1ed1 l\u1ea7n tr\u01b0\u1ee3t v\u00e0 s\u1ed1 l\u1ea7n tr\u01b0\u1ee3t c\u1ee7a kh\u00e1ch, h\u1ec7 th\u1ed1ng b\u00e1n v\u00e9 RFID n\u00e0y cho ph\u00e9p nh\u1eefng ng\u01b0\u1eddi c\u00f3 th\u00f4ng tin x\u00e1c th\u1ef1c \u0111\u00e3 thanh to\u00e1n tr\u01b0\u1edbc tr\u01b0\u1ee3t tuy\u1ebft ngay \u0111\u1ebfn c\u1ed5ng.<\/p>\n<p>Th\u00e1ng 12 n\u0103m 2019, Cardrona Alpine Resort \u0111\u00e3 mua l\u1ea1i Treble Cone, m\u1edf ra m\u1ed9t ch\u01b0\u01a1ng m\u1edbi trong qu\u00e1 kh\u1ee9 c\u1ee7a khu ngh\u1ec9 d\u01b0\u1ee1ng. B\u1eb1ng c\u00e1ch k\u1ebft h\u1ee3p ho\u1ea1t \u0111\u1ed9ng ti\u1ebfp th\u1ecb v\u00e0 v\u1eadn h\u00e0nh c\u1ee7a hai khu ngh\u1ec9 d\u01b0\u1ee1ng, c\u00e1c k\u1ebf ho\u1ea1ch cung c\u1ea5p nhi\u1ec1u d\u1ecbch v\u1ee5 v\u00e0 l\u1ef1a ch\u1ecdn t\u00edch h\u1ee3p h\u01a1n hy v\u1ecdng s\u1ebd c\u1ea3i thi\u1ec7n to\u00e0n b\u1ed9 tr\u1ea3i nghi\u1ec7m cho kh\u00e1ch.<\/p>\n<p>Treble Cone l\u00e0 c\u1ed5ng th\u00f4ng tin \u0111\u1ebfn m\u1ed9t s\u1ed1 \u0111\u1ecba h\u00ecnh h\u1ebbo l\u00e1nh \u0111\u1eb9p nh\u1ea5t trong khu v\u1ef1c, ngo\u00e0i nh\u1eefng con \u0111\u01b0\u1eddng m\u00f2n \u0111\u01b0\u1ee3c b\u1ea3o d\u01b0\u1ee1ng t\u1ed1t. Treble Cone l\u00e0 \u0111i\u1ec3m truy c\u1eadp \u0111\u01b0\u1ee3c c\u1ed9ng \u0111\u1ed3ng tr\u01b0\u1ee3t tuy\u1ebft v\u00e0 tr\u01b0\u1ee3t v\u00e1n tuy\u1ebft v\u00f9ng h\u1ebbo l\u00e1nh s\u00f4i \u0111\u1ed9ng xung quanh Queenstown v\u00e0 W\u0101naka s\u1eed d\u1ee5ng \u0111\u1ec3 kh\u00e1m ph\u00e1 nh\u1eefng khu v\u1ef1c nguy\u00ean s\u01a1 n\u00e0y. \u0110\u1ed1i v\u1edbi ng\u01b0\u1eddi d\u00f9ng v\u00f9ng h\u1ebbo l\u00e1nh, khu ngh\u1ec9 d\u01b0\u1ee1ng cung c\u1ea5p v\u00e9 \u0111i c\u00e1p treo gi\u1ea3m gi\u00e1; Aspiring Guides t\u1ed5 ch\u1ee9c c\u00e1c chuy\u1ebfn tham quan c\u00f3 h\u01b0\u1edbng d\u1eabn v\u00e0o \u0111\u1ecba h\u00ecnh \u0111\u1ea7y th\u1eed th\u00e1ch n\u00e0y.<\/p>\n<p>Nh\u1eefng ng\u01b0\u1eddi \u0111am m\u00ea th\u1ec3 thao m\u00f9a \u0111\u00f4ng s\u1ebd th\u1ea5y Treble Cone n\u1eb1m \u1edf v\u1ecb tr\u00ed thu\u1eadn ti\u1ec7n g\u1ea7n W\u0101naka v\u00e0 Queenstown. Khu ngh\u1ec9 d\u01b0\u1ee1ng c\u00f3 th\u1ec3 d\u1ec5 d\u00e0ng \u0111\u1ebfn \u0111\u01b0\u1ee3c t\u1eeb W\u0101naka ho\u1eb7c l\u00e1i xe 90 ph\u00fat t\u1eeb Queenstown. L\u00e1i xe 35 ph\u00fat Nhi\u1ec1u ph\u01b0\u01a1ng ti\u1ec7n di chuy\u1ec3n, bao g\u1ed3m xe \u0111\u01b0a \u0111\u00f3n t\u1eadn n\u01a1i v\u00e0 c\u00e1c chuy\u1ebfn bay t\u1eeb Queenstown, \u0111\u1ea3m b\u1ea3o r\u1eb1ng du kh\u00e1ch c\u00f3 th\u1ec3 d\u1ec5 d\u00e0ng \u0111\u1ebfn c\u00e1c s\u01b0\u1eddn d\u1ed1c trong m\u00f9a \u0111\u00f4ng.<\/p>\n<p>Treble Cone c\u0169ng ch\u00e0o \u0111\u00f3n c\u00e1c m\u00f4n th\u1ec3 thao m\u00f9a h\u00e8 theo truy\u1ec1n th\u1ed1ng; n\u01a1i \u0111\u00e2y m\u1edf gh\u1ebf n\u00e2ng s\u00e1u ch\u1ed7 ng\u1ed3i cho xe \u0111\u1ea1p leo n\u00fai v\u00e0 \u0111i b\u1ed9 \u0111\u01b0\u1eddng d\u00e0i. M\u1eb7c d\u00f9 c\u00f4ng t\u00e1c chu\u1ea9n b\u1ecb cho c\u00e1c ho\u1ea1t \u0111\u1ed9ng m\u00f9a h\u00e8 v\u1eabn ch\u01b0a \u0111\u01b0\u1ee3c ti\u1ebfn h\u00e0nh, nh\u01b0ng di s\u1ea3n c\u1ee7a khu ngh\u1ec9 d\u01b0\u1ee1ng trong vi\u1ec7c t\u1ed5 ch\u1ee9c c\u00e1c s\u1ef1 ki\u1ec7n nh\u01b0 cu\u1ed9c \u0111ua \u0111\u1ed5 \u0111\u00e8o NZ Community Trust National Series nh\u1ea5n m\u1ea1nh s\u1ef1 t\u1eadn t\u00e2m c\u1ee7a khu ngh\u1ec9 d\u01b0\u1ee1ng \u0111\u1ed1i v\u1edbi s\u1ef1 tham gia c\u1ee7a c\u1ed9ng \u0111\u1ed3ng v\u00e0 c\u00e1c ho\u1ea1t \u0111\u1ed9ng vui ch\u01a1i ngo\u00e0i tr\u1eddi.<\/p>\n<table>\n<thead>\n<tr>\n<th>Lo\u1ea1i<\/th>\n<th>Chi ti\u1ebft<\/th>\n<\/tr>\n<\/thead>\n<tbody>\n<tr>\n<td>V\u1ecb tr\u00ed<\/td>\n<td>Wanaka, New Zealand<\/td>\n<\/tr>\n<tr>\n<td>Khu ngh\u1ec9 d\u01b0\u1ee1ng cao \u0111\u1ed9<\/td>\n<td>1.260 m\u00e9t (4.134 feet)<\/td>\n<\/tr>\n<tr>\n<td>M\u00f9a tr\u01b0\u1ee3t tuy\u1ebft<\/td>\n<td>Cu\u1ed1i th\u00e1ng 6 \u0111\u1ebfn \u0111\u1ea7u th\u00e1ng 10<\/td>\n<\/tr>\n<tr>\n<td>Gi\u00e1 v\u00e9 tr\u01b0\u1ee3t tuy\u1ebft<\/td>\n<td>Thay \u0111\u1ed5i theo \u0111\u1ed9 tu\u1ed5i v\u00e0 th\u1eddi gian; ki\u1ec3m tra trang web ch\u00ednh th\u1ee9c<\/td>\n<\/tr>\n<tr>\n<td>Gi\u1edd m\u1edf c\u1eeda<\/td>\n<td>9:00 s\u00e1ng \u2013 4:00 chi\u1ec1u<\/td>\n<\/tr>\n<tr>\n<td>S\u1ed1 l\u01b0\u1ee3ng \u0111\u01b0\u1eddng tr\u01b0\u1ee3t<\/td>\n<td>30+<\/td>\n<\/tr>\n<tr>\n<td>T\u1ed5ng chi\u1ec1u d\u00e0i \u0111\u01b0\u1eddng tr\u01b0\u1ee3t<\/td>\n<td>Kho\u1ea3ng 550 ha<\/td>\n<\/tr>\n<tr>\n<td>Ch\u1ea1y d\u00e0i nh\u1ea5t<\/td>\n<td>4 kil\u00f4m\u00e9t (2,5 d\u1eb7m)<\/td>\n<\/tr>\n<tr>\n<td>\u0110\u1ed9 d\u1ed1c d\u1ec5 d\u00e0ng<\/td>\n<td>10%<\/td>\n<\/tr>\n<tr>\n<td>\u0110\u1ed9 d\u1ed1c v\u1eeba ph\u1ea3i<\/td>\n<td>45%<\/td>\n<\/tr>\n<tr>\n<td>D\u1ed1c n\u00e2ng cao<\/td>\n<td>45%<\/td>\n<\/tr>\n<tr>\n<td>H\u01b0\u1edbng c\u1ee7a d\u1ed1c<\/td>\n<td>Ch\u1ee7 y\u1ebfu h\u01b0\u1edbng v\u1ec1 ph\u00eda nam<\/td>\n<\/tr>\n<tr>\n<td>Tr\u01b0\u1ee3t tuy\u1ebft ban \u0111\u00eam<\/td>\n<td>Kh\u00f4ng c\u00f3 s\u1eb5n<\/td>\n<\/tr>\n<tr>\n<td>L\u00e0m tuy\u1ebft<\/td>\n<td>Gi\u1edbi h\u1ea1n<\/td>\n<\/tr>\n<tr>\n<td>T\u1ed5ng s\u1ed1 thang m\u00e1y<\/td>\n<td>4<\/td>\n<\/tr>\n<tr>\n<td>Kh\u1ea3 n\u0103ng l\u00ean d\u1ed1c<\/td>\n<td>Kho\u1ea3ng 6.000 ng\u01b0\u1eddi m\u1ed7i gi\u1edd<\/td>\n<\/tr>\n<tr>\n<td>N\u00e2ng cao nh\u1ea5t<\/td>\n<td>1.962 m\u00e9t (6.437 feet)<\/td>\n<\/tr>\n<tr>\n<td>Gondola\/C\u00e1p treo<\/td>\n<td>Kh\u00f4ng c\u00f3<\/td>\n<\/tr>\n<tr>\n<td>Gh\u1ebf n\u00e2ng<\/td>\n<td>2<\/td>\n<\/tr>\n<tr>\n<td>K\u00e9o n\u00e2ng<\/td>\n<td>2<\/td>\n<\/tr>\n<tr>\n<td>C\u00f4ng vi\u00ean tuy\u1ebft<\/td>\n<td>1<\/td>\n<\/tr>\n<tr>\n<td>Cho thu\u00ea v\u00e1n tr\u01b0\u1ee3t tuy\u1ebft<\/td>\n<td>C\u00f3 s\u1eb5n<\/td>\n<\/tr>\n<tr>\n<td>Sau khi tr\u01b0\u1ee3t tuy\u1ebft<\/td>\n<td>C\u00f3 h\u1ea1n; ch\u1ee7 y\u1ebfu \u1edf Wanaka g\u1ea7n \u0111\u00f3<\/td>\n<\/tr>\n<\/tbody>\n<\/table>\n<article>\n<\/article>","protected":false},"excerpt":{"rendered":"<p>Treble Cone, khu tr\u01b0\u1ee3t tuy\u1ebft g\u1ea7n nh\u1ea5t v\u1edbi trung t\u00e2m n\u0103ng \u0111\u1ed9ng c\u1ee7a W\u0101naka, n\u1eb1m \u1edf v\u1ecb tr\u00ed thu\u1eadn ti\u1ec7n ch\u1ec9 c\u00e1ch th\u1ecb tr\u1ea5n quy\u1ebfn r\u0169 W\u0101naka m\u1ed9t \u0111o\u1ea1n l\u00e1i xe ng\u1eafn, do \u0111\u00f3 thu h\u00fat c\u1ea3 c\u01b0 d\u00e2n v\u00e0 du kh\u00e1ch. Treble Cone, n\u1ed5i ti\u1ebfng v\u1edbi t\u1ea7m nh\u00ecn tuy\u1ec7t \u0111\u1eb9p ra N\u00fai Aspiring\/Tititea v\u00e0 H\u1ed3 W\u0101naka, mang \u0111\u1ebfn s\u1ef1 k\u1ebft h\u1ee3p \u0111\u1eb7c bi\u1ec7t gi\u1eefa v\u1ebb \u0111\u1eb9p thi\u00ean nhi\u00ean v\u00e0 \u0111\u1ecba h\u00ecnh kh\u00f3 kh\u0103n thu h\u00fat nh\u1eefng ng\u01b0\u1eddi tr\u01b0\u1ee3t tuy\u1ebft v\u00e0 tr\u01b0\u1ee3t v\u00e1n \u1edf m\u1ecdi c\u1ea5p \u0111\u1ed9.<\/p>","protected":false},"author":1,"featured_media":3918,"parent":9692,"menu_order":0,"comment_status":"closed","ping_status":"closed","template":"elementor_theme","meta":{"_eb_attr":"","footnotes":""},"class_list":["post-9739","page","type-page","status-publish","has-post-thumbnail"],"_links":{"self":[{"href":"https:\/\/travelshelper.com\/vi\/wp-json\/wp\/v2\/pages\/9739","targetHints":{"allow":["GET"]}}],"collection":[{"href":"https:\/\/travelshelper.com\/vi\/wp-json\/wp\/v2\/pages"}],"about":[{"href":"https:\/\/travelshelper.com\/vi\/wp-json\/wp\/v2\/types\/page"}],"author":[{"embeddable":true,"href":"https:\/\/travelshelper.com\/vi\/wp-json\/wp\/v2\/users\/1"}],"replies":[{"embeddable":true,"href":"https:\/\/travelshelper.com\/vi\/wp-json\/wp\/v2\/comments?post=9739"}],"version-history":[{"count":0,"href":"https:\/\/travelshelper.com\/vi\/wp-json\/wp\/v2\/pages\/9739\/revisions"}],"up":[{"embeddable":true,"href":"https:\/\/travelshelper.com\/vi\/wp-json\/wp\/v2\/pages\/9692"}],"wp:featuredmedia":[{"embeddable":true,"href":"https:\/\/travelshelper.com\/vi\/wp-json\/wp\/v2\/media\/3918"}],"wp:attachment":[{"href":"https:\/\/travelshelper.com\/vi\/wp-json\/wp\/v2\/media?parent=9739"}],"curies":[{"name":"wp","href":"https:\/\/api.w.org\/{rel}","templated":true}]}}