{"id":9661,"date":"2024-09-08T21:01:07","date_gmt":"2024-09-08T21:01:07","guid":{"rendered":"https:\/\/travelshelper.com\/staging\/?page_id=9661"},"modified":"2026-03-13T23:10:04","modified_gmt":"2026-03-13T23:10:04","slug":"papua-new-guinea","status":"publish","type":"page","link":"https:\/\/travelshelper.com\/vi\/destinations\/australia-and-oceania\/papua-new-guinea\/","title":{"rendered":"Papua New Guinea"},"content":{"rendered":"<p>M\u1ed9t qu\u1ed1c gia h\u1ea5p d\u1eabn, Papua New Guinea, c\u00f2n \u0111\u01b0\u1ee3c g\u1ecdi l\u00e0 Nh\u00e0 n\u01b0\u1edbc \u0110\u1ed9c l\u1eadp Papua New Guinea, n\u1eb1m \u1edf Ch\u00e2u \u0110\u1ea1i D\u01b0\u01a1ng. C\u00f9ng v\u1edbi n\u1eeda ph\u00eda \u0111\u00f4ng c\u1ee7a \u0111\u1ea3o New Guinea, qu\u1ed1c gia n\u00e0y bao g\u1ed3m m\u1ed9t s\u1ed1 \u0111\u1ea3o ngo\u00e0i kh\u01a1i \u1edf Melanesia, m\u1ed9t khu v\u1ef1c c\u1ee7a T\u00e2y Nam Th\u00e1i B\u00ecnh D\u01b0\u01a1ng, ph\u00eda b\u1eafc \u00dac. V\u1ecb tr\u00ed chi\u1ebfn l\u01b0\u1ee3c c\u1ee7a Papua New Guinea khi\u1ebfn qu\u1ed1c gia n\u00e0y g\u1ea7n m\u1ed9t s\u1ed1 n\u01b0\u1edbc l\u00e1ng gi\u1ec1ng quan tr\u1ecdng: \u00dac \u1edf ph\u00eda nam, Qu\u1ea7n \u0111\u1ea3o Solomon \u1edf ph\u00eda \u0111\u00f4ng v\u00e0 Indonesia \u1edf ph\u00eda t\u00e2y. Port Moresby, \u1edf b\u1edd bi\u1ec3n ph\u00eda nam, l\u00e0 th\u1ee7 \u0111\u00f4 c\u1ee7a qu\u1ed1c gia n\u00e0y v\u00e0 l\u00e0 trung t\u00e2m ch\u00ednh tr\u1ecb v\u00e0 kinh doanh c\u1ee7a qu\u1ed1c gia n\u00e0y.<\/p>\n<p>Qu\u1ed1c \u0111\u1ea3o l\u1edbn th\u1ee9 ba tr\u00ean th\u1ebf gi\u1edbi, Papua New Guinea c\u00f3 di\u1ec7n t\u00edch 462.840 kil\u00f4m\u00e9t vu\u00f4ng (178.700 d\u1eb7m vu\u00f4ng). T\u1eeb r\u1eebng ng\u1eadp m\u1eb7n v\u00e0 b\u00e3i bi\u1ec3n ven bi\u1ec3n \u0111\u1ebfn nh\u1eefng ng\u1ecdn \u0111\u1ed3i d\u1ed1c v\u00e0 r\u1eebng m\u01b0a nhi\u1ec7t \u0111\u1edbi s\u00e2u, nhi\u1ec1u b\u1ed1i c\u1ea3nh \u0111\u1ecbnh h\u00ecnh n\u00ean khu v\u1ef1c r\u1ed9ng l\u1edbn n\u00e0y. Ngo\u00e0i vi\u1ec7c mang \u0111\u1ebfn m\u1ed9t c\u1ea3nh quan tuy\u1ec7t \u0111\u1eb9p, \u0111\u1ecba h\u00ecnh c\u1ee7a \u0111\u1ea5t n\u01b0\u1edbc n\u00e0y c\u00f2n r\u1ea5t quan tr\u1ecdng \u0111\u1ed1i v\u1edbi s\u1ef1 \u0111a d\u1ea1ng sinh h\u1ecdc c\u0169ng nh\u01b0 s\u1ef1 \u0111a d\u1ea1ng v\u0103n h\u00f3a c\u1ee7a n\u00f3.<\/p>\n<p>C\u00e1c s\u1ef1 ki\u1ec7n th\u1ebf gi\u1edbi quan tr\u1ecdng v\u00e0 \u1ea3nh h\u01b0\u1edfng c\u1ee7a th\u1ef1c d\u00e2n \u0111\u00e3 \u0111\u1ecbnh h\u00ecnh n\u00ean l\u1ecbch s\u1eed c\u1ee7a PNG nh\u01b0 m\u1ed9t qu\u1ed1c gia. V\u00e0o nh\u1eefng n\u0103m 1880, New Guinea thu\u1ed9c \u0110\u1ee9c \u1edf ph\u00eda b\u1eafc v\u00e0 L\u00e3nh th\u1ed5 Papua thu\u1ed9c Anh \u1edf ph\u00eda nam \u0111\u00e3 t\u00e1ch v\u00f9ng \u0111\u1ea5t n\u00e0y ra. Sau Th\u1ebf chi\u1ebfn th\u1ee9 nh\u1ea5t, to\u00e0n b\u1ed9 l\u00e3nh th\u1ed5 n\u1eb1m d\u01b0\u1edbi s\u1ef1 ki\u1ec3m so\u00e1t c\u1ee7a \u00dac sau khi L\u00e3nh th\u1ed5 New Guinea \u0111\u01b0\u1ee3c th\u00e0nh l\u1eadp nh\u01b0 m\u1ed9t ph\u00e1i b\u1ed9 c\u1ee7a Li\u00ean \u0111o\u00e0n c\u00e1c qu\u1ed1c gia t\u1eeb thu\u1ed9c \u0111\u1ecba c\u1ee7a \u0110\u1ee9c. L\u00e0 m\u1ed9t chi\u1ebfn tr\u01b0\u1eddng l\u1edbn, qu\u1ed1c gia n\u00e0y \u0111\u00e3 ch\u1ee9ng ki\u1ebfn \u200b\u200bnh\u1eefng cu\u1ed9c giao tranh d\u1eef d\u1ed9i \u1ea3nh h\u01b0\u1edfng \u0111\u1ebfn l\u1ecbch s\u1eed \u0111\u01b0\u01a1ng \u0111\u1ea1i c\u1ee7a m\u00ecnh trong chi\u1ebfn d\u1ecbch New Guinea c\u1ee7a Th\u1ebf chi\u1ebfn th\u1ee9 II.<\/p>\n<p>Sau khi gi\u00e0nh \u0111\u01b0\u1ee3c \u0111\u1ed9c l\u1eadp v\u00e0o n\u0103m 1975, Papua New Guinea tr\u1edf th\u00e0nh m\u1ed9t qu\u1ed1c gia Kh\u1ed1i th\u1ecbnh v\u01b0\u1ee3ng chung d\u01b0\u1edbi th\u1eddi Elizabeth II. Quan \u0111i\u1ec3m n\u00e0y v\u1eabn duy tr\u00ec cho \u0111\u1ebfn khi b\u00e0 qua \u0111\u1eddi v\u00e0o n\u0103m 2022, th\u1eddi \u0111i\u1ec3m Charles III k\u1ebf v\u1ecb b\u00e0. Do qu\u00e1 kh\u1ee9 thu\u1ed9c \u0111\u1ecba, h\u1ec7 th\u1ed1ng ch\u00ednh tr\u1ecb v\u00e0 ch\u00ednh s\u00e1ch \u0111\u1ed1i ngo\u1ea1i c\u1ee7a qu\u1ed1c gia n\u00e0y cho th\u1ea5y \u00fd ch\u00ed mu\u1ed1n tr\u1edf th\u00e0nh m\u1ed9t b\u00ean tham gia ch\u00ednh v\u00e0o c\u00e1c s\u1ef1 ki\u1ec7n khu v\u1ef1c v\u00e0 to\u00e0n c\u1ea7u.<\/p>\n<p>M\u1ed9t trong nh\u1eefng \u0111\u1eb7c \u0111i\u1ec3m \u0111\u00e1ng ch\u00fa \u00fd nh\u1ea5t c\u1ee7a Papua New Guinea l\u00e0 s\u1ef1 \u0111a d\u1ea1ng v\u1ec1 ng\u00f4n ng\u1eef. V\u1edbi 840 ng\u00f4n ng\u1eef \u0111\u01b0\u1ee3c bi\u1ebft \u0111\u1ebfn, bao g\u1ed3m ti\u1ebfng Anh, qu\u1ed1c gia n\u00e0y l\u00e0 qu\u1ed1c gia c\u00f3 s\u1ef1 \u0111a d\u1ea1ng v\u1ec1 ng\u00f4n ng\u1eef nh\u1ea5t tr\u00ean th\u1ebf gi\u1edbi. S\u1ef1 \u0111a d\u1ea1ng v\u1ec1 ng\u00f4n ng\u1eef n\u00e0y l\u00e0 b\u1eb1ng ch\u1ee9ng cho c\u1ea3 s\u1ef1 \u0111a d\u1ea1ng v\u1ec1 v\u0103n h\u00f3a c\u1ee7a qu\u1ed1c gia v\u00e0 s\u1ef1 ki\u00ean tr\u00ec c\u1ee7a ng\u01b0\u1eddi d\u00e2n b\u1ea3n \u0111\u1ecba. M\u1eb7c d\u00f9 c\u00f3 s\u1ef1 \u0111a d\u1ea1ng, Papua New Guinea v\u1ec1 c\u01a1 b\u1ea3n v\u1eabn l\u00e0 m\u1ed9t qu\u1ed1c gia n\u00f4ng th\u00f4n; ch\u1ec9 c\u00f3 13,25% d\u00e2n s\u1ed1 s\u1ed1ng \u1edf c\u00e1c th\u00e0nh ph\u1ed1 t\u00ednh \u0111\u1ebfn n\u0103m 2019. S\u1ed1ng trong c\u00e1c ng\u00f4i l\u00e0ng theo phong t\u1ee5c gi\u00fap h\u1ea7u h\u1ebft ng\u01b0\u1eddi d\u00e2n duy tr\u00ec l\u1ed1i s\u1ed1ng truy\u1ec1n th\u1ed1ng v\u1ed1n r\u1ea5t quan tr\u1ecdng \u0111\u1ed1i v\u1edbi c\u1ea5u tr\u00fac x\u00e3 h\u1ed9i v\u00e0 b\u1ea3n s\u1eafc c\u1ee7a h\u1ecd.<\/p>\n<p>V\u1ec1 m\u1eb7t d\u00e2n s\u1ed1, Papua New Guinea t\u1ef1 h\u00e0o c\u00f3 d\u00e2n s\u1ed1 \u0111\u00f4ng nh\u1ea5t trong s\u1ed1 c\u00e1c qu\u1ed1c \u0111\u1ea3o Th\u00e1i B\u00ecnh D\u01b0\u01a1ng. D\u1ef1 b\u00e1o cho th\u00e1ng 12 n\u0103m 2022 cho th\u1ea5y d\u00e2n s\u1ed1 c\u00f3 th\u1ec3 g\u1ea7n 17 tri\u1ec7u ng\u01b0\u1eddi h\u01a1n so v\u1edbi \u01b0\u1edbc t\u00ednh tr\u01b0\u1edbc \u0111\u00f3 c\u1ee7a ch\u00ednh ph\u1ee7 l\u00e0 9,4 tri\u1ec7u ng\u01b0\u1eddi. S\u1ef1 kh\u00e1c bi\u1ec7t n\u00e0y l\u00e0m n\u1ed5i b\u1eadt m\u1ee9c \u0111\u1ed9 kh\u00f3 kh\u0103n khi \u0111\u1ebfm m\u1ed9t qu\u1ed1c gia c\u00f3 \u0111\u1ecba h\u00ecnh \u0111a d\u1ea1ng v\u00e0 ph\u1ee9c t\u1ea1p nh\u01b0 v\u1eady. Qu\u1ea3n l\u00fd v\u00e0 ph\u00e1t tri\u1ec3n t\u00e0i nguy\u00ean ch\u1ecbu \u1ea3nh h\u01b0\u1edfng r\u1ea5t nhi\u1ec1u b\u1edfi c\u00e1ch d\u00e2n s\u1ed1 c\u1ee7a \u0111\u1ea5t n\u01b0\u1edbc t\u0103ng tr\u01b0\u1edfng v\u00e0 lan r\u1ed9ng.<\/p>\n<p>S\u1ef1 phong ph\u00fa c\u1ee7a c\u00e1c lo\u00e0i \u0111\u1ed9ng v\u1eadt \u1edf Papua New Guinea l\u00e0 m\u1ed9t \u0111\u1eb7c \u0111i\u1ec3m n\u1ed5i ti\u1ebfng kh\u00e1c. M\u1ed9t s\u1ed1 \u01b0\u1edbc t\u00ednh cho r\u1eb1ng h\u1ec7 sinh th\u00e1i \u0111a d\u1ea1ng c\u1ee7a \u0111\u1ea5t n\u01b0\u1edbc n\u00e0y l\u00e0 n\u01a1i sinh s\u1ed1ng c\u1ee7a nhi\u1ec1u lo\u00e0i th\u1ef1c v\u1eadt v\u00e0 \u0111\u1ed9ng v\u1eadt ch\u01b0a \u0111\u01b0\u1ee3c kh\u00e1m ph\u00e1, khi\u1ebfn n\u01a1i \u0111\u00e2y tr\u1edf th\u00e0nh \u0111\u1ecba \u0111i\u1ec3m l\u00fd t\u01b0\u1edfng cho c\u00e1c ch\u01b0\u01a1ng tr\u00ecnh nghi\u00ean c\u1ee9u sinh h\u1ecdc v\u00e0 b\u1ea3o t\u1ed3n. S\u1ef1 gi\u00e0u c\u00f3 t\u1ef1 nhi\u00ean n\u00e0y v\u1eeba l\u00e0 l\u1ee3i \u00edch v\u1eeba l\u00e0 v\u1ea5n \u0111\u1ec1 v\u00ec n\u00f3 \u0111\u00f2i h\u1ecfi ph\u1ea3i qu\u1ea3n l\u00fd c\u1ea9n th\u1eadn \u0111\u1ec3 c\u00e2n b\u1eb1ng gi\u1eefa b\u1ea3o t\u1ed3n sinh th\u00e1i v\u1edbi t\u0103ng tr\u01b0\u1edfng kinh t\u1ebf.<\/p>\n<p>Qu\u1ef9 Ti\u1ec1n t\u1ec7 Qu\u1ed1c t\u1ebf \u0111\u00e1nh gi\u00e1 n\u1ec1n kinh t\u1ebf c\u1ee7a Papua New Guinea l\u00e0 \u0111ang ph\u00e1t tri\u1ec3n. Kho\u1ea3ng b\u1ed1n m\u01b0\u01a1i ph\u1ea7n tr\u0103m c\u00e1 nh\u00e2n l\u00e0m ngh\u1ec1 n\u00f4ng t\u1ef1 cung t\u1ef1 c\u1ea5p, v\u1ec1 c\u01a1 b\u1ea3n l\u00e0 n\u1eb1m ngo\u00e0i h\u1ec7 th\u1ed1ng ti\u1ec1n t\u1ec7. C\u1ee5 th\u1ec3 l\u00e0 th\u1eeba nh\u1eadn v\u00e0 b\u1ea3o v\u1ec7 l\u1ed1i s\u1ed1ng truy\u1ec1n th\u1ed1ng n\u00e0y, Hi\u1ebfn ph\u00e1p Papua New Guinea nh\u1ea5n m\u1ea1nh gi\u00e1 tr\u1ecb c\u1ee7a c\u00e1c l\u00e0ng v\u00e0 c\u1ed9ng \u0111\u1ed3ng truy\u1ec1n th\u1ed1ng nh\u01b0 c\u00e1c th\u1ef1c th\u1ec3 x\u00e3 h\u1ed9i ch\u1ee9c n\u0103ng. S\u1ef1 c\u00f4ng nh\u1eadn theo hi\u1ebfn ph\u00e1p n\u00e0y nh\u1ea5n m\u1ea1nh t\u1ea7m quan tr\u1ecdng c\u1ee7a c\u00e1c c\u1ea5u tr\u00fac x\u00e3 h\u1ed9i b\u1ea3n \u0111\u1ecba trong vi\u1ec7c lu\u00f4n x\u00e1c \u0111\u1ecbnh b\u1ea3n s\u1eafc v\u00e0 ch\u00ednh quy\u1ec1n c\u1ee7a qu\u1ed1c gia.<\/p>\n<p>Tr\u00ean tr\u01b0\u1eddng qu\u1ed1c t\u1ebf, Papua New Guinea t\u00edch c\u1ef1c tham gia v\u00e0o m\u1ed9t s\u1ed1 t\u1ed5 ch\u1ee9c khu v\u1ef1c v\u00e0 qu\u1ed1c t\u1ebf. Ban \u0111\u1ea7u l\u00e0 m\u1ed9t qu\u1ed1c gia quan s\u00e1t vi\u00ean t\u1eeb n\u0103m 1976, n\u01b0\u1edbc n\u00e0y \u0111\u00e3 n\u1ed9p \u0111\u01a1n xin gia nh\u1eadp ch\u00ednh th\u1ee9c v\u00e0o Hi\u1ec7p h\u1ed9i c\u00e1c qu\u1ed1c gia \u0110\u00f4ng Nam \u00c1 (ASEAN). Trong s\u1ed1 c\u00e1c th\u00e0nh vi\u00ean ch\u00ednh th\u1ee9c \u0111\u01b0\u1ee3c C\u1ed9ng \u0111\u1ed3ng Th\u00e1i B\u00ecnh D\u01b0\u01a1ng, Di\u1ec5n \u0111\u00e0n Qu\u1ea7n \u0111\u1ea3o Th\u00e1i B\u00ecnh D\u01b0\u01a1ng, Kh\u1ed1i th\u1ecbnh v\u01b0\u1ee3ng chung c\u00e1c qu\u1ed1c gia v\u00e0 Li\u00ean h\u1ee3p qu\u1ed1c c\u00f4ng nh\u1eadn l\u00e0 Nh\u1eefng m\u1ed1i quan h\u1ec7 n\u00e0y cho th\u1ea5y Papua New Guinea cam k\u1ebft nh\u01b0 th\u1ebf n\u00e0o \u0111\u1ed1i v\u1edbi h\u1ee3p t\u00e1c khu v\u1ef1c v\u00e0 mu\u1ed1n t\u00e1c \u0111\u1ed9ng \u0111\u1ebfn c\u00e1c v\u1ea5n \u0111\u1ec1 th\u1ebf gi\u1edbi nh\u01b0 th\u1ebf n\u00e0o.<\/p>","protected":false},"excerpt":{"rendered":"<p>M\u1ed9t qu\u1ed1c gia h\u1ea5p d\u1eabn, Papua New Guinea, c\u00f2n \u0111\u01b0\u1ee3c g\u1ecdi l\u00e0 Nh\u00e0 n\u01b0\u1edbc \u0110\u1ed9c l\u1eadp Papua New Guinea, n\u1eb1m \u1edf Ch\u00e2u \u0110\u1ea1i D\u01b0\u01a1ng. C\u00f9ng v\u1edbi n\u1eeda ph\u00eda \u0111\u00f4ng c\u1ee7a \u0111\u1ea3o New Guinea, qu\u1ed1c gia n\u00e0y bao g\u1ed3m m\u1ed9t s\u1ed1 \u0111\u1ea3o ngo\u00e0i kh\u01a1i \u1edf Melanesia, m\u1ed9t khu v\u1ef1c c\u1ee7a T\u00e2y Nam Th\u00e1i B\u00ecnh D\u01b0\u01a1ng, ph\u00eda b\u1eafc \u00dac. V\u1ecb tr\u00ed chi\u1ebfn l\u01b0\u1ee3c c\u1ee7a Papua New Guinea khi\u1ebfn qu\u1ed1c gia n\u00e0y g\u1ea7n m\u1ed9t s\u1ed1 n\u01b0\u1edbc l\u00e1ng gi\u1ec1ng quan tr\u1ecdng: \u00dac \u1edf ph\u00eda nam, Qu\u1ea7n \u0111\u1ea3o Solomon \u1edf ph\u00eda \u0111\u00f4ng v\u00e0 Indonesia \u1edf ph\u00eda t\u00e2y. Port Moresby, \u1edf b\u1edd bi\u1ec3n ph\u00eda nam, l\u00e0 th\u1ee7 \u0111\u00f4 c\u1ee7a qu\u1ed1c gia n\u00e0y v\u00e0 l\u00e0 trung t\u00e2m ch\u00ednh tr\u1ecb v\u00e0 kinh doanh c\u1ee7a qu\u1ed1c gia n\u00e0y.<\/p>","protected":false},"author":1,"featured_media":3890,"parent":24105,"menu_order":0,"comment_status":"closed","ping_status":"closed","template":"elementor_theme","meta":{"_eb_attr":"","footnotes":""},"class_list":["post-9661","page","type-page","status-publish","has-post-thumbnail"],"_links":{"self":[{"href":"https:\/\/travelshelper.com\/vi\/wp-json\/wp\/v2\/pages\/9661","targetHints":{"allow":["GET"]}}],"collection":[{"href":"https:\/\/travelshelper.com\/vi\/wp-json\/wp\/v2\/pages"}],"about":[{"href":"https:\/\/travelshelper.com\/vi\/wp-json\/wp\/v2\/types\/page"}],"author":[{"embeddable":true,"href":"https:\/\/travelshelper.com\/vi\/wp-json\/wp\/v2\/users\/1"}],"replies":[{"embeddable":true,"href":"https:\/\/travelshelper.com\/vi\/wp-json\/wp\/v2\/comments?post=9661"}],"version-history":[{"count":0,"href":"https:\/\/travelshelper.com\/vi\/wp-json\/wp\/v2\/pages\/9661\/revisions"}],"up":[{"embeddable":true,"href":"https:\/\/travelshelper.com\/vi\/wp-json\/wp\/v2\/pages\/24105"}],"wp:featuredmedia":[{"embeddable":true,"href":"https:\/\/travelshelper.com\/vi\/wp-json\/wp\/v2\/media\/3890"}],"wp:attachment":[{"href":"https:\/\/travelshelper.com\/vi\/wp-json\/wp\/v2\/media?parent=9661"}],"curies":[{"name":"wp","href":"https:\/\/api.w.org\/{rel}","templated":true}]}}