{"id":9577,"date":"2024-09-08T19:25:43","date_gmt":"2024-09-08T19:25:43","guid":{"rendered":"https:\/\/travelshelper.com\/staging\/?page_id=9577"},"modified":"2026-03-13T23:08:33","modified_gmt":"2026-03-13T23:08:33","slug":"apia","status":"publish","type":"page","link":"https:\/\/travelshelper.com\/vi\/destinations\/australia-and-oceania\/samoa\/apia\/","title":{"rendered":"Apia"},"content":{"rendered":"<p>N\u1eb1m tr\u00ean h\u00f2n \u0111\u1ea3o l\u1edbn th\u1ee9 hai \u1edf Samoa, b\u1edd bi\u1ec3n ph\u00eda b\u1eafc trung t\u00e2m, Apia, th\u1ee7 \u0111\u00f4 n\u0103ng \u0111\u1ed9ng, l\u00e0 s\u1ef1 k\u1ebft h\u1ee3p \u0111\u1eb7c bi\u1ec7t gi\u1eefa di s\u1ea3n v\u0103n h\u00f3a v\u00e0 s\u1ef1 ph\u00e1t tri\u1ec3n hi\u1ec7n \u0111\u1ea1i. Thu\u1ed9c qu\u1eadn ch\u00ednh tr\u1ecb Tuamasaga, Apia l\u00e0 trung t\u00e2m ch\u00ednh tr\u1ecb, kinh t\u1ebf v\u00e0 v\u0103n h\u00f3a c\u1ee7a Samoa v\u1edbi t\u01b0 c\u00e1ch l\u00e0 th\u00e0nh ph\u1ed1 duy nh\u1ea5t t\u1ea1i \u0111\u00f3. Ph\u1ea7n gi\u1edbi thi\u1ec7u n\u00e0y s\u1ebd xem x\u00e9t \u0111\u1ecba h\u00ecnh, kh\u00ed h\u1eadu, c\u01a1 s\u1edf h\u1ea1 t\u1ea7ng v\u00e0 trung t\u00e2m ho\u1ea1t \u0111\u1ed9ng Th\u00e1i B\u00ecnh D\u01b0\u01a1ng \u0111\u1eb7c tr\u01b0ng cho th\u00e0nh ph\u1ed1.<\/p>\n<p>V\u1edbi d\u00e2n s\u1ed1 kho\u1ea3ng 35.974 ng\u01b0\u1eddi theo \u0111i\u1ec1u tra d\u00e2n s\u1ed1 n\u0103m 2021, ranh gi\u1edbi th\u1ef1c t\u1ebf c\u1ee7a Apia tr\u1ea3i d\u00e0i t\u1eeb l\u00e0ng Letogo \u1edf ph\u00eda \u0111\u00f4ng \u0111\u1ebfn khu v\u1ef1c c\u00f4ng nghi\u1ec7p h\u00f3a c\u1ee7a l\u00e0ng Vaitele \u1edf ph\u00eda t\u00e2y. N\u1eb1m \u1edf v\u1ecb tr\u00ed chi\u1ebfn l\u01b0\u1ee3c tr\u00ean m\u1ed9t b\u1ebfn c\u1ea3ng t\u1ef1 nhi\u00ean t\u1ea1i c\u1eeda s\u00f4ng Vaisigano, th\u00e0nh ph\u1ed1 n\u00e0y c\u00f3 b\u1ed1i c\u1ea3nh tuy\u1ec7t \u0111\u1eb9p v\u1edbi N\u00fai Vaea, n\u01a1i an ngh\u1ec9 cu\u1ed1i c\u00f9ng c\u1ee7a nh\u00e0 v\u0103n l\u1ed7i l\u1ea1c Robert Louis Stevenson, s\u1eebng s\u1eefng \u1edf ph\u00eda nam. Hai d\u00e3y n\u00fai l\u1edbn tr\u1ea3i d\u00e0i v\u1ec1 ph\u00eda nam \u1edf hai b\u00ean b\u1edd s\u00f4ng \u0111\u1ecbnh h\u00ecnh \u0111\u01b0\u1eddng ch\u00e2n tr\u1eddi c\u1ee7a th\u00e0nh ph\u1ed1; c\u00e1c con \u0111\u01b0\u1eddng bao g\u1ed3m \u0110\u01b0\u1eddng Cross Island, m\u1ed9t trong s\u1ed1 \u00edt c\u00e1c con \u0111\u01b0\u1eddng ch\u00ednh xuy\u00ean \u0111\u1ea3o t\u1eeb b\u1eafc xu\u1ed1ng nam, ch\u1ea1y qua nh\u1eefng d\u00e3y n\u00fai n\u00e0y.<\/p>\n<p>Apia thu\u1ed9c ph\u00e2n lo\u1ea1i kh\u00ed h\u1eadu K\u00f6ppen l\u00e0 \u201cAf\u201d v\u00e0 c\u00f3 m\u00f4i tr\u01b0\u1eddng r\u1eebng m\u01b0a nhi\u1ec7t \u0111\u1edbi. Nhi\u1ec7t \u0111\u1ed9 \u1ed5n \u0111\u1ecbnh quanh n\u0103m, trung b\u00ecnh kho\u1ea3ng 26\u00b0C (79\u00b0F) x\u00e1c \u0111\u1ecbnh m\u00f4i tr\u01b0\u1eddng n\u00e0y. Th\u00e0nh ph\u1ed1 c\u00f3 m\u00f9a m\u01b0a v\u00e0 m\u00f9a kh\u00f4 r\u00f5 r\u1ec7t; th\u00e1ng 7 v\u00e0 th\u00e1ng 8 l\u00e0 nh\u1eefng th\u00e1ng kh\u00f4 nh\u1ea5t khi l\u01b0\u1ee3ng m\u01b0a trung b\u00ecnh kho\u1ea3ng 80 mm. \u0110\u1ec3 so s\u00e1nh, th\u1eddi k\u1ef3 \u1ea9m \u01b0\u1edbt nh\u1ea5t k\u00e9o d\u00e0i t\u1eeb th\u00e1ng 12 \u0111\u1ebfn th\u00e1ng 3 v\u00e0 l\u01b0\u1ee3ng m\u01b0a h\u00e0ng th\u00e1ng th\u01b0\u1eddng v\u01b0\u1ee3t qu\u00e1 300 milil\u00edt. M\u00f4i tr\u01b0\u1eddng nhi\u1ec7t \u0111\u1edbi c\u1ee7a Apia kh\u00f4ng x\u00e1c \u0111\u1ecbnh kh\u00ed h\u1eadu c\u1ee7a n\u00f3; thay v\u00e0o \u0111\u00f3, gi\u00f3 m\u1eadu d\u1ecbch v\u00e0 c\u00e1c c\u01a1n b\u00e3o r\u1ea3i r\u00e1c \u0111\u1ecbnh h\u00ecnh n\u00ean n\u00f3, do \u0111\u00f3 t\u1ea1o ra c\u00e1c ki\u1ec3u th\u1eddi ti\u1ebft \u0111\u1eb7c bi\u1ec7t. Th\u00e0nh ph\u1ed1 nh\u1eadn \u0111\u01b0\u1ee3c kho\u1ea3ng 3.000 milil\u00edt m\u01b0a h\u00e0ng n\u0103m, h\u1ed7 tr\u1ee3 c\u00e1c h\u1ec7 sinh th\u00e1i phong ph\u00fa v\u00e0 th\u1ef1c v\u1eadt t\u01b0\u01a1i t\u1ed1t.<\/p>\n<p>C\u1ea3ng Apia c\u00f3 vai tr\u00f2 c\u1ef1c k\u1ef3 quan tr\u1ecdng \u0111\u1ed1i v\u1edbi ho\u1ea1t \u0111\u1ed9ng ngo\u1ea1i th\u01b0\u01a1ng c\u1ee7a Samoa, l\u00e0 c\u1ea3ng l\u1edbn nh\u1ea5t v\u00e0 b\u1eadn r\u1ed9n nh\u1ea5t c\u1ea3 n\u01b0\u1edbc. C\u00f9ng v\u1edbi c\u00e1c chuy\u1ebfn ph\u00e0 n\u1ed1i v\u1edbi Tokelau v\u00e0 Samoa thu\u1ed9c M\u1ef9, c\u1ea3ng n\u00e0y c\u00f3 th\u1ec3 ti\u1ebfp nh\u1eadn kh\u00ed LPG, nhi\u00ean li\u1ec7u nh\u1eadp kh\u1ea9u v\u00e0 t\u00e0u container. C\u1ea3ng b\u1eadn r\u1ed9n n\u00e0y nh\u1ea5n m\u1ea1nh t\u1ea7m quan tr\u1ecdng c\u1ee7a Apia nh\u01b0 m\u1ed9t c\u00e1nh c\u1eeda cho con ng\u01b0\u1eddi v\u00e0 th\u01b0\u01a1ng m\u1ea1i, do \u0111\u00f3 t\u1ea1o \u0111i\u1ec1u ki\u1ec7n cho s\u1ef1 t\u01b0\u01a1ng t\u00e1c v\u0103n h\u00f3a v\u00e0 ph\u00e1t tri\u1ec3n kinh t\u1ebf.<\/p>\n<p>C\u01a1 s\u1edf h\u1ea1 t\u1ea7ng giao th\u00f4ng c\u1ee7a th\u00e0nh ph\u1ed1 kh\u00e1 ph\u00e1t tri\u1ec3n v\u00e0 c\u00f3 h\u1ec7 th\u1ed1ng \u0111\u01b0\u1eddng b\u1ed9 ho\u00e0n ch\u1ec9nh th\u01b0\u1eddng \u0111\u01b0\u1ee3c b\u1ea3o tr\u00ec t\u1ed1t. Trong khi c\u00e1c tuy\u1ebfn \u0111\u01b0\u1eddng kh\u00f4ng tr\u1ea3i nh\u1ef1a ph\u1ee5c v\u1ee5 \u00edt l\u01b0u l\u01b0\u1ee3ng giao th\u00f4ng th\u01b0\u1eddng xuy\u00ean h\u01a1n, h\u1ea7u h\u1ebft c\u00e1c tuy\u1ebfn \u0111\u01b0\u1eddng ch\u00ednh \u0111\u1ec1u \u0111\u01b0\u1ee3c tr\u1ea3i nh\u1ef1a. Theo ti\u00eau chu\u1ea9n c\u1ee7a khu v\u1ef1c, c\u00e1c ph\u01b0\u01a1ng ti\u1ec7n \u0111\u00e3 \u0111\u01b0\u1ee3c l\u00e1i xe \u1edf b\u00ean tr\u00e1i \u0111\u01b0\u1eddng k\u1ec3 t\u1eeb th\u00e1ng 9 n\u0103m 2009. Ch\u00ednh quy\u1ec1n Samoa \u0111\u00e3 b\u1eaft \u0111\u1ea7u m\u1ed9t cu\u1ed9c \u0111\u1ea1i tu \u0111\u00e1ng k\u1ec3 c\u00e1c tuy\u1ebfn \u0111\u01b0\u1eddng ch\u00ednh xung quanh Khu \u0111\u00f4 th\u1ecb Apia v\u00e0o n\u0103m 2012, d\u1ea7n d\u1ea7n m\u1edf r\u1ed9ng c\u00e1c xa l\u1ed9 quan tr\u1ecdng \u0111\u1ec3 x\u1eed l\u00fd l\u01b0\u1ee3ng giao th\u00f4ng ng\u00e0y c\u00e0ng t\u0103ng.<\/p>\n<p>Apia \u0111\u01b0\u1ee3c ph\u1ee5c v\u1ee5 b\u1edfi m\u1ed9t m\u1ea1ng l\u01b0\u1edbi xe bu\u00fdt v\u00e0 taxi t\u01b0 nh\u00e2n l\u1edbn m\u1eb7c d\u00f9 kh\u00f4ng c\u00f3 \u0111\u01b0\u1eddng s\u1eaft ho\u1eb7c xe \u0111i\u1ec7n. Trong th\u00e0nh ph\u1ed1, \u0111i b\u1ed9 v\u1eabn l\u00e0 m\u1ed9t h\u00ecnh th\u1ee9c giao th\u00f4ng ph\u1ed5 bi\u1ebfn; m\u1ecdi ng\u01b0\u1eddi th\u01b0\u1eddng \u0111i b\u1ed9 tr\u00ean nh\u1eefng qu\u00e3ng \u0111\u01b0\u1eddng ng\u1eafn. M\u1eb7c d\u00f9 xe m\u00e1y v\u00e0 xe \u0111\u1ea1p kh\u00e1 hi\u1ebfm, nh\u01b0ng vi\u1ec7c gia t\u0103ng s\u1edf h\u1eefu \u00f4 t\u00f4 \u0111\u00e3 g\u00e2y ra t\u00ecnh tr\u1ea1ng t\u1eafc ngh\u1ebdn giao th\u00f4ng v\u00e0 do \u0111\u00f3 g\u00e2y ra chi ph\u00ed l\u1edbn cho c\u01a1 s\u1edf h\u1ea1 t\u1ea7ng \u0111\u01b0\u1eddng b\u1ed9.<\/p>\n<p>L\u1ed1i v\u00e0o n\u01b0\u1edbc ngo\u00e0i ch\u00ednh c\u1ee7a Samoa l\u00e0 S\u00e2n bay qu\u1ed1c t\u1ebf Faleolo, c\u00e1ch Apia b\u1ed1n m\u01b0\u01a1i ph\u00fat l\u00e1i xe v\u1ec1 ph\u00eda t\u00e2y. C\u00e1c h\u00e3ng h\u00e0ng kh\u00f4ng n\u1ed9i \u0111\u1ecba l\u1edbn nh\u01b0 Polynesian Airlines v\u00e0 Talofa Airways ph\u1ee5c v\u1ee5 Samoa \u0111\u1ebfn khu v\u1ef1c Th\u00e1i B\u00ecnh D\u01b0\u01a1ng r\u1ed9ng l\u1edbn h\u01a1n v\u00e0 xa h\u01a1n n\u1eefa. S\u00e2n bay nh\u1ecf h\u01a1n c\u1ee7a Fagali, S\u00e2n bay Fagali&#039;i, c\u0169ng \u0111\u00e3 t\u1eebng cho ph\u00e9p c\u00e1c chuy\u1ebfn bay n\u1ed9i \u0111\u1ecba v\u00e0 m\u1ed9t s\u1ed1 tuy\u1ebfn qu\u1ed1c t\u1ebf \u0111\u1ebfn Pago Pago \u1edf Samoa thu\u1ed9c M\u1ef9, do \u0111\u00f3 c\u1ea3i thi\u1ec7n kh\u1ea3 n\u0103ng k\u1ebft n\u1ed1i cho c\u1ea3 ng\u01b0\u1eddi d\u00e2n \u0111\u1ecba ph\u01b0\u01a1ng v\u00e0 du kh\u00e1ch.<\/p>","protected":false},"excerpt":{"rendered":"<p>N\u1eb1m tr\u00ean h\u00f2n \u0111\u1ea3o l\u1edbn th\u1ee9 hai \u1edf Samoa, b\u1edd bi\u1ec3n ph\u00eda b\u1eafc trung t\u00e2m, Apia, th\u1ee7 \u0111\u00f4 n\u0103ng \u0111\u1ed9ng, l\u00e0 s\u1ef1 k\u1ebft h\u1ee3p \u0111\u1eb7c bi\u1ec7t gi\u1eefa di s\u1ea3n v\u0103n h\u00f3a v\u00e0 s\u1ef1 ph\u00e1t tri\u1ec3n hi\u1ec7n \u0111\u1ea1i. Thu\u1ed9c qu\u1eadn ch\u00ednh tr\u1ecb Tuamasaga, Apia l\u00e0 trung t\u00e2m ch\u00ednh tr\u1ecb, kinh t\u1ebf v\u00e0 v\u0103n h\u00f3a c\u1ee7a Samoa v\u1edbi t\u01b0 c\u00e1ch l\u00e0 th\u00e0nh ph\u1ed1 duy nh\u1ea5t t\u1ea1i \u0111\u00f3. Ph\u1ea7n gi\u1edbi thi\u1ec7u n\u00e0y s\u1ebd xem x\u00e9t \u0111\u1ecba h\u00ecnh, kh\u00ed h\u1eadu, c\u01a1 s\u1edf h\u1ea1 t\u1ea7ng v\u00e0 trung t\u00e2m ho\u1ea1t \u0111\u1ed9ng Th\u00e1i B\u00ecnh D\u01b0\u01a1ng \u0111\u1eb7c tr\u01b0ng cho th\u00e0nh ph\u1ed1.<\/p>","protected":false},"author":1,"featured_media":4230,"parent":9568,"menu_order":0,"comment_status":"closed","ping_status":"closed","template":"elementor_theme","meta":{"_eb_attr":"","footnotes":""},"class_list":["post-9577","page","type-page","status-publish","has-post-thumbnail"],"_links":{"self":[{"href":"https:\/\/travelshelper.com\/vi\/wp-json\/wp\/v2\/pages\/9577","targetHints":{"allow":["GET"]}}],"collection":[{"href":"https:\/\/travelshelper.com\/vi\/wp-json\/wp\/v2\/pages"}],"about":[{"href":"https:\/\/travelshelper.com\/vi\/wp-json\/wp\/v2\/types\/page"}],"author":[{"embeddable":true,"href":"https:\/\/travelshelper.com\/vi\/wp-json\/wp\/v2\/users\/1"}],"replies":[{"embeddable":true,"href":"https:\/\/travelshelper.com\/vi\/wp-json\/wp\/v2\/comments?post=9577"}],"version-history":[{"count":0,"href":"https:\/\/travelshelper.com\/vi\/wp-json\/wp\/v2\/pages\/9577\/revisions"}],"up":[{"embeddable":true,"href":"https:\/\/travelshelper.com\/vi\/wp-json\/wp\/v2\/pages\/9568"}],"wp:featuredmedia":[{"embeddable":true,"href":"https:\/\/travelshelper.com\/vi\/wp-json\/wp\/v2\/media\/4230"}],"wp:attachment":[{"href":"https:\/\/travelshelper.com\/vi\/wp-json\/wp\/v2\/media?parent=9577"}],"curies":[{"name":"wp","href":"https:\/\/api.w.org\/{rel}","templated":true}]}}