{"id":9509,"date":"2024-09-08T15:02:14","date_gmt":"2024-09-08T15:02:14","guid":{"rendered":"https:\/\/travelshelper.com\/staging\/?page_id=9509"},"modified":"2026-03-13T13:05:38","modified_gmt":"2026-03-13T13:05:38","slug":"barbados","status":"publish","type":"page","link":"https:\/\/travelshelper.com\/vi\/destinations\/north-america\/barbados\/","title":{"rendered":"Barbados"},"content":{"rendered":"<p>Ng\u00e0y nay, Barbados l\u00e0 m\u1ed9t v\u00f9ng \u0111\u1ea5t h\u00ecnh l\u01b0\u1ee1i li\u1ec1m m\u1ecfng manh gi\u1eefa \u0110\u1ea1i T\u00e2y D\u01b0\u01a1ng, r\u1ed9ng nh\u1ea5t kho\u1ea3ng ba m\u01b0\u01a1i b\u1ed1n km, bao ph\u1ee7 m\u1ed9t di\u1ec7n t\u00edch 439 km2 v\u00e0 l\u00e0 n\u01a1i sinh s\u1ed1ng c\u1ee7a kho\u1ea3ng 287.000 ng\u01b0\u1eddi (2019), n\u1eb1m tr\u00ean s\u01b0\u1eddn c\u1ef1c \u0111\u00f4ng c\u1ee7a qu\u1ea7n \u0111\u1ea3o Lesser Antilles, n\u01a1i m\u00e0u xanh lam c\u1ee7a v\u00f9ng bi\u1ec3n Caribe ch\u1ea1m t\u1edbi v\u00f9ng ki\u1ebfn \u200b\u200bt\u1ea1o Nam M\u1ef9.<\/p>\n<p>T\u1eeb l\u1ea7n \u0111\u1ea7u ti\u00ean xu\u1ea5t hi\u1ec7n tr\u00ean m\u1ed9t b\u1ea3n \u0111\u1ed3 T\u00e2y Ban Nha n\u0103m 1511, qua giai \u0111o\u1ea1n chuy\u1ec3n ti\u1ebfp c\u1ee7a s\u1ef1 chi\u1ebfm \u0111\u00f3ng c\u1ee7a B\u1ed3 \u0110\u00e0o Nha v\u00e0o gi\u1eefa th\u1ebf k\u1ef7 XVI, cho \u0111\u1ebfn s\u1ef1 xu\u1ea5t hi\u1ec7n \u0111\u1ecbnh m\u1ec7nh c\u1ee7a Olive Blossom v\u00e0o th\u00e1ng 5 n\u0103m 1625\u2014khi Anh tuy\u00ean b\u1ed1 h\u00f2n \u0111\u1ea3o n\u00e0y l\u00e0 c\u1ee7a Vua James I\u2014v\u00e0 vi\u1ec7c \u0111i\u1ec1u \u0111\u1ed9ng nh\u1eefng ng\u01b0\u1eddi \u0111\u1ecbnh c\u01b0 l\u00e2u d\u00e0i ti\u1ebfp theo hai n\u0103m sau \u0111\u00f3, Barbados \u0111\u00e3 \u0111\u01b0\u1ee3c \u0111\u1ecbnh h\u00ecnh b\u1edfi s\u1ef1 l\u00ean xu\u1ed1ng c\u1ee7a c\u00e1c thi\u1ebft k\u1ebf \u0111\u1ebf qu\u1ed1c v\u00e0 s\u1ef1 kh\u1eafc nghi\u1ec7t c\u1ee7a n\u1ec1n kinh t\u1ebf \u0111\u1ed3n \u0111i\u1ec1n, trong nhi\u1ec1u th\u1ebf k\u1ef7, \u0111\u00e3 khai th\u00e1c ch\u1ebf \u0111\u1ed9 n\u00f4 l\u1ec7 c\u1ee7a ng\u01b0\u1eddi ch\u00e2u Phi \u0111\u1ec3 tr\u1ed3ng m\u00eda tr\u00ean c\u00e1c \u0111\u1ed3ng b\u1eb1ng tr\u0169ng th\u1ea5p c\u1ee7a m\u00ecnh. Sau \u0111\u00f3, s\u1ef1 gi\u1ea3i ph\u00f3ng, l\u1ea7n \u0111\u1ea7u ti\u00ean \u0111\u01b0\u1ee3c th\u1ef1c hi\u1ec7n theo lu\u1eadt b\u00e3i b\u1ecf ch\u1ebf \u0111\u1ed9 n\u00f4 l\u1ec7 c\u1ee7a Anh n\u0103m 1833, \u0111\u00e3 t\u1ea1o n\u00ean m\u1ed9t s\u1ef1 t\u00e1i thi\u1ebft x\u00e3 h\u1ed9i, m\u1eb7c d\u00f9 t\u00e0n t\u00edch c\u1ee7a ch\u1ebf \u0111\u1ed9 n\u00f4 l\u1ec7 v\u1eabn c\u00f2n t\u1ed3n t\u1ea1i trong c\u00e1c chu\u1ea9n m\u1ef1c x\u00e3 h\u1ed9i.<\/p>\n<p>V\u00e0o \u0111\u00eam tr\u01b0\u1edbc ng\u00e0y gi\u1ea3i ph\u00f3ng ch\u00ednh tr\u1ecb v\u00e0o ng\u00e0y 30 th\u00e1ng 11 n\u0103m 1966, Barbados \u0111\u00e3 ph\u00e1t tri\u1ec3n th\u00e0nh m\u1ed9t l\u00e3nh th\u1ed5 Kh\u1ed1i th\u1ecbnh v\u01b0\u1ee3ng chung ri\u00eang bi\u1ec7t v\u1edbi N\u1eef ho\u00e0ng Elizabeth II l\u00e0 ng\u01b0\u1eddi \u0111\u1ee9ng \u0111\u1ea7u nghi l\u1ec5; v\u00e0, v\u00e0o c\u00f9ng ng\u00e0y d\u01b0\u01a1ng l\u1ecbch n\u0103m 2021, \u0111\u1ea5t n\u01b0\u1edbc n\u00e0y \u0111\u00e3 ho\u00e0n th\u00e0nh \u0111\u01b0\u1eddng h\u01b0\u1edbng hi\u1ebfn ph\u00e1p c\u1ee7a m\u00ecnh b\u1eb1ng c\u00e1ch \u00e1p d\u1ee5ng khu\u00f4n kh\u1ed5 c\u1ed9ng h\u00f2a trong Kh\u1ed1i th\u1ecbnh v\u01b0\u1ee3ng chung, thay th\u1ebf ch\u1ebf \u0111\u1ed9 qu\u00e2n ch\u1ee7 b\u1eb1ng t\u1ed5ng th\u1ed1ng nh\u01b0ng v\u1eabn b\u1ea3o t\u1ed3n m\u1ed1i quan h\u1ec7 l\u1ecbch s\u1eed chung v\u00e0 n\u1ed7 l\u1ef1c h\u1ee3p t\u00e1c.<\/p>\n<p>V\u1ec1 m\u1eb7t \u0111\u1ecba l\u00fd, h\u00f2n \u0111\u1ea3o c\u00f3 \u0111\u1ecba h\u00ecnh nh\u1eb9 nh\u00e0ng v\u1ec1 ph\u00eda t\u00e2y\u2014n\u01a1i c\u00e1c th\u1ec1m san h\u00f4 d\u1ed1c v\u1ec1 ph\u00eda bi\u1ec3n b\u00ean d\u01b0\u1edbi m\u1ed9t v\u00e0nh \u0111ai r\u1ea1n san h\u00f4\u2014v\u00e0 m\u1ed9t con d\u1ed1c g\u1ed3 gh\u1ec1 h\u01a1n v\u1ec1 ph\u00eda Qu\u1eadn Scotland \u1edf ph\u00eda \u0111\u00f4ng b\u1eafc, n\u01a1i \u0111\u00e1 v\u00f4i b\u1ecb phong h\u00f3a \u0111\u00e3 t\u1ea1o ra c\u00e1c hang \u0111\u1ed9ng v\u00e0 khe n\u00fai cho th\u1ea5y h\u00e0ng thi\u00ean ni\u00ean k\u1ef7 h\u00f2a tan. Tr\u00ean \u0111\u1ec9nh qu\u1eadn n\u00e0y l\u00e0 N\u00fai Hillaby, cao t\u1edbi 340 m\u00e9t, \u0111\u1ec9nh c\u1ee7a \u0111\u1ecba h\u00ecnh Bajan. \u1ede \u0111\u00f3, ng\u01b0\u1eddi ta c\u00f3 th\u1ec3 nh\u1eadn ra h\u1ed3 s\u01a1 ph\u00e2n t\u1ea7ng c\u1ee7a s\u1ef1 b\u1ed3i t\u1ee5 ki\u1ebfn \u200b\u200bt\u1ea1o, v\u00ec Barbados n\u1eb1m tr\u00ean c\u00e1c tr\u1ea7m t\u00edch \u0111\u01b0\u1ee3c c\u1ea1o t\u1eeb M\u1ea3ng Nam M\u1ef9 khi n\u00f3 ch\u00ecm xu\u1ed1ng b\u00ean d\u01b0\u1edbi M\u1ea3ng Caribe, n\u00e2ng h\u00f2n \u0111\u1ea3o l\u00ean v\u1edbi t\u1ed1c \u0111\u1ed9 g\u1ea7n hai m\u01b0\u01a1i l\u0103m milim\u00e9t m\u1ed7i thi\u00ean ni\u00ean k\u1ef7. M\u0169i \u0111\u1ea5t Pico Teneriffe, \u0111\u01b0\u1ee3c \u0111\u1eb7t theo t\u00ean c\u1ee7a \u0110\u1ea3o Canary n\u1eb1m xa h\u01a1n v\u1ec1 ph\u00eda \u0111\u00f4ng, nh\u00f4 ra \u0110\u1ea1i T\u00e2y D\u01b0\u01a1ng nh\u01b0 m\u1ed9t s\u1ee9 gi\u1ea3 \u0111\u1ecba ch\u1ea5t c\u1ee7a nh\u1eefng l\u1ef1c s\u00e2u h\u01a1n \u0111\u00f3.<\/p>\n<p>V\u1ec1 m\u1eb7t kh\u00ed h\u1eadu, h\u00f2n \u0111\u1ea3o tr\u1ea3i qua nh\u1ecbp \u0111i\u1ec7u k\u00e9p: m\u00f9a \u1ea9m t\u1eeb th\u00e1ng 6 \u0111\u1ebfn th\u00e1ng 12, khi l\u01b0\u1ee3ng m\u01b0a c\u00f3 th\u1ec3 t\u00edch t\u1ee5 t\u1eeb 1.000 \u0111\u1ebfn 2.300 mm h\u00e0ng n\u0103m, v\u00e0 kho\u1ea3ng th\u1eddi gian kh\u00f4 h\u01a1n t\u1eeb th\u00e1ng 12 \u0111\u1ebfn th\u00e1ng 5, trong \u0111\u00f3 nhi\u1ec7t \u0111\u1ed9 ban ng\u00e0y dao \u0111\u1ed9ng t\u1eeb 21 \u0111\u1ebfn 31 \u0111\u1ed9 C. Gi\u00f3 m\u1eadu d\u1ecbch, kh\u00f4ng ng\u1eebng ngh\u1ec9 \u1edf m\u1ee9c m\u01b0\u1eddi hai \u0111\u1ebfn m\u01b0\u1eddi s\u00e1u km m\u1ed9t gi\u1edd, l\u00e0m d\u1ecbu \u0111\u1ed9 \u1ea9m theo ki\u1ec3u gi\u00f3 m\u00f9a, mang l\u1ea1i s\u1ef1 \u0111i\u1ec1u h\u00f2a khi\u1ebfn Barbados c\u00f3 danh ti\u1ebfng l\u00e0 n\u01a1i m\u00e0 c\u00e1c nh\u00e0 kh\u00ed t\u01b0\u1ee3ng h\u1ecdc g\u1ecdi l\u00e0 kh\u00ed h\u1eadu gi\u00f3 m\u00f9a nhi\u1ec7t \u0111\u1edbi, m\u1eb7c d\u00f9 nh\u1eefng c\u01a1n gi\u00f3 li\u00ean t\u1ee5c mang l\u1ea1i m\u1ed9t \u0111\u1eb7c \u0111i\u1ec3m kh\u00e1c bi\u1ec7t so v\u1edbi c\u00e1c v\u00f9ng x\u00edch \u0111\u1ea1o ng\u1ed9t ng\u1ea1t h\u01a1n.<\/p>\n<p>C\u00e1c c\u01a1n \u0111\u1ecba ch\u1ea5n v\u00e0 l\u1edf \u0111\u1ea5t, m\u1eb7c d\u00f9 kh\u00f4ng th\u01b0\u1eddng xuy\u00ean, ch\u1ee9ng minh cho n\u1ec1n t\u1ea3ng n\u0103ng \u0111\u1ed9ng c\u1ee7a h\u00f2n \u0111\u1ea3o; b\u00e3o c\u0169ng x\u00e2m nh\u1eadp m\u1ed9t c\u00e1ch r\u1eddi r\u1ea1c, nh\u01b0ng Barbados n\u1eb1m ngo\u00e0i \u0111\u01b0\u1eddng \u0111i c\u1ee7a xo\u00e1y thu\u1eadn ch\u00ednh. M\u1ed9t c\u01a1n b\u00e3o ph\u00e1 ho\u1ea1i trung b\u00ecnh ch\u1ec9 t\u00e1i di\u1ec5n m\u1ed9t l\u1ea7n trong hai m\u01b0\u01a1i s\u00e1u n\u0103m, b\u1eb1ng ch\u1ee9ng l\u00e0 c\u01a1n b\u00e3o Janet \u0111\u00e3 gh\u00e9 th\u0103m th\u1ea3m kh\u1ed1c v\u00e0o th\u00e1ng 9 n\u0103m 1955; g\u1ea7n \u0111\u00e2y h\u01a1n, B\u00e3o nhi\u1ec7t \u0111\u1edbi Tomas \u0111\u00e3 qu\u00e9t qua b\u1edd bi\u1ec3n v\u00e0o th\u00e1ng 10 n\u0103m 2010, g\u00e2y ra nh\u01b0ng thi\u1ec7t h\u1ea1i nh\u1ecf.<\/p>\n<p>V\u1ec1 m\u1eb7t nh\u00e2n kh\u1ea9u h\u1ecdc, cu\u1ed9c \u0111i\u1ec1u tra d\u00e2n s\u1ed1 qu\u1ed1c gia n\u0103m 2010 ghi nh\u1eadn 277.821 c\u01b0 d\u00e2n\u2014kho\u1ea3ng 144.800 ph\u1ee5 n\u1eef v\u00e0 133.000 nam gi\u1edbi\u2014h\u1ea7u h\u1ebft \u0111\u1ec1u l\u00e0 ng\u01b0\u1eddi g\u1ed1c Phi, ph\u1ea3n \u00e1nh h\u00e0ng th\u1ebf k\u1ef7 di c\u01b0 c\u01b0\u1ee1ng b\u1ee9c. Tu\u1ed5i th\u1ecd trung b\u00ecnh, \u1edf m\u1ee9c t\u00e1m m\u01b0\u01a1i n\u0103m v\u00e0o n\u0103m 2020, \u0111\u01b0\u1ee3c x\u1ebfp v\u00e0o lo\u1ea1i cao nh\u1ea5t tr\u00ean to\u00e0n c\u1ea7u, v\u1edbi ph\u1ee5 n\u1eef Barbados \u0111\u1ea1t trung b\u00ecnh t\u00e1m m\u01b0\u01a1i ba tu\u1ed5i v\u00e0 nam gi\u1edbi g\u1ea7n b\u1ea3y m\u01b0\u01a1i ch\u00edn tu\u1ed5i. C\u00f9ng v\u1edbi tu\u1ed5i th\u1ecd n\u00e0y, qu\u1ed1c gia n\u00e0y t\u1ef1 h\u00e0o c\u00f3 m\u1ed9t trong nh\u1eefng t\u1ef7 l\u1ec7 ng\u01b0\u1eddi s\u1ed1ng tr\u0103m tu\u1ed5i b\u00ecnh qu\u00e2n \u0111\u1ea7u ng\u01b0\u1eddi cao nh\u1ea5t th\u1ebf gi\u1edbi, m\u1ed9t minh ch\u1ee9ng cho c\u00e1c bi\u1ec7n ph\u00e1p y t\u1ebf c\u00f4ng c\u1ed9ng v\u00e0 kh\u1ea3 n\u0103ng ph\u1ee5c h\u1ed3i c\u1ee7a ng\u01b0\u1eddi d\u00e2n. S\u1ed1 li\u1ec7u v\u1ec1 kh\u1ea3 n\u0103ng sinh s\u1ea3n v\u00e0 t\u1eed vong cho th\u1ea5y t\u1ef7 l\u1ec7 sinh th\u00f4 l\u00e0 12,23 tr\u00ean m\u1ed9t ngh\u00ecn, t\u1ef7 l\u1ec7 t\u1eed vong l\u00e0 8,39 tr\u00ean m\u1ed9t ngh\u00ecn v\u00e0 t\u1ef7 l\u1ec7 t\u1eed vong \u1edf tr\u1ebb s\u01a1 sinh, t\u00ednh \u0111\u1ebfn n\u0103m 2021, ch\u1ec9 h\u01a1n m\u01b0\u1eddi m\u1ed9t tr\u00ean m\u1ed9t ngh\u00ecn ca sinh s\u1ed1ng\u2014m\u1ed9t s\u1ed1 li\u1ec7u th\u1ed1ng k\u00ea \u0111\u01b0\u1ee3c c\u00e1c c\u01a1 quan qu\u1ed1c t\u1ebf theo d\u00f5i ch\u1eb7t ch\u1ebd.<\/p>\n<p>N\u1ec1n kinh t\u1ebf c\u1ee7a Barbados, tr\u01b0\u1edbc \u0111\u00e2y \u0111\u01b0\u1ee3c neo gi\u1eef trong s\u1ea3n xu\u1ea5t \u0111\u01b0\u1eddng \u0111\u01a1n canh, \u0111\u00e3 \u0111a d\u1ea1ng h\u00f3a th\u00e0nh m\u1ed9t h\u1ec7 th\u1ed1ng h\u1ed7n h\u1ee3p c\u00e1c d\u1ecbch v\u1ee5, t\u00e0i ch\u00ednh n\u01b0\u1edbc ngo\u00e0i, s\u1ea3n xu\u1ea5t nh\u1eb9 v\u00e0 du l\u1ecbch. GDP b\u00ecnh qu\u00e2n \u0111\u1ea7u ng\u01b0\u1eddi x\u1ebfp th\u1ee9 n\u0103m m\u01b0\u01a1i hai tr\u00ean to\u00e0n th\u1ebf gi\u1edbi, trong s\u1ed1 t\u00e1m m\u01b0\u01a1i ba n\u1ec1n kinh t\u1ebf c\u00f3 thu nh\u1eadp cao \u0111\u01b0\u1ee3c c\u00e1c t\u1ed5 ch\u1ee9c t\u00e0i ch\u00ednh to\u00e0n c\u1ea7u ch\u1ec9 \u0111\u1ecbnh. Tuy nhi\u00ean, \u1ea9n sau s\u1ef1 th\u1ecbnh v\u01b0\u1ee3ng n\u00e0y l\u00e0 nh\u1eefng kh\u00f3 kh\u0103n: theo m\u1ed9t nghi\u00ean c\u1ee9u n\u0103m 2012 v\u1edbi Ng\u00e2n h\u00e0ng Ph\u00e1t tri\u1ec3n Caribe, c\u1ee9 n\u0103m ng\u01b0\u1eddi Bajan th\u00ec c\u00f3 m\u1ed9t ng\u01b0\u1eddi s\u1ed1ng d\u01b0\u1edbi ng\u01b0\u1ee1ng ngh\u00e8o \u0111\u00f3i v\u00e0 g\u1ea7n m\u1ed9t trong m\u01b0\u1eddi ng\u01b0\u1eddi kh\u00f4ng \u0111\u1ea3m b\u1ea3o \u0111\u01b0\u1ee3c ch\u1ebf \u0111\u1ed9 dinh d\u01b0\u1ee1ng \u0111\u1ea7y \u0111\u1ee7 h\u1eb1ng ng\u00e0y. Tuy nhi\u00ean, s\u1ef1 \u0111\u1ed5i m\u1edbi \u0111\u00e3 t\u00ecm th\u1ea5y s\u1ef1 th\u1ec3 hi\u1ec7n c\u1ee7a n\u00f3; Barbados \u0111\u1ea1t v\u1ecb tr\u00ed th\u1ee9 b\u1ea3y m\u01b0\u01a1i b\u1ea3y trong Ch\u1ec9 s\u1ed1 \u0110\u1ed5i m\u1edbi To\u00e0n c\u1ea7u n\u0103m 2024.<\/p>\n<p>\u0110\u1eddi s\u1ed1ng v\u0103n h\u00f3a di\u1ec5n ra v\u1edbi c\u01b0\u1eddng \u0111\u1ed9 h\u1ed7n t\u1ea1p. Thu\u1eadt ng\u1eef \u201cBajan\u201d, b\u1eaft ngu\u1ed3n t\u1eeb c\u00e1ch vi\u1ebft t\u1eaft c\u1ee7a \u201cBarbadian\u201d v\u00e0o th\u1ebf k\u1ef7 XVIII, v\u1eeba mang \u00fd ngh\u0129a qu\u1ed1c t\u1ecbch v\u1eeba mang \u00fd ngh\u0129a b\u1ea3n s\u1eafc, m\u1ed9t d\u1ea5u hi\u1ec7u c\u1ee7a l\u00f2ng t\u1ef1 h\u00e0o gi\u1eefa nh\u1eefng ng\u01b0\u1eddi d\u00e2n \u0111\u1ea3o c\u00f3 di s\u1ea3n \u0111an xen gi\u1eefa T\u00e2y Phi, B\u1ed3 \u0110\u00e0o Nha, \u0110\u00f4ng \u1ea4n, Creole v\u00e0 Anh. M\u1ed7i m\u00f9a h\u00e8, b\u1eaft \u0111\u1ea7u t\u1eeb \u0111\u1ea7u th\u00e1ng 7 v\u00e0 l\u00ean \u0111\u1ebfn \u0111\u1ec9nh \u0111i\u1ec3m v\u00e0o th\u1ee9 Hai \u0111\u1ea7u ti\u00ean c\u1ee7a th\u00e1ng 8\u2014Ng\u00e0y Kadooment\u2014l\u1ec5 h\u1ed9i Crop Over t\u00e1i hi\u1ec7n nghi l\u1ec5 th\u1ebf k\u1ef7 XVIII nh\u1eb1m t\u00f4n vinh v\u1ee5 thu ho\u1ea1ch m\u00eda cu\u1ed1i c\u00f9ng. Trong nhi\u1ec1u tu\u1ea7n di\u1ec5n ra c\u00e1c cu\u1ed9c thi \u00e2m nh\u1ea1c v\u00e0 nghi l\u1ec5 calypso v\u00e0 soca, c\u1ed9ng \u0111\u1ed3ng s\u1ebd trao v\u01b0\u01a1ng mi\u1ec7n cho Vua v\u00e0 N\u1eef ho\u00e0ng m\u00f9a m\u00e0ng, \u0111\u01b0\u1ee3c l\u1ea5y c\u1ea3m h\u1ee9ng t\u1eeb nh\u1eefng ng\u01b0\u1eddi lao \u0111\u1ed9ng t\u1eebng g\u00e1nh v\u00e1c nh\u1eefng g\u00e1nh n\u1eb7ng nh\u1ea5t tr\u00ean \u0111\u1ed3ng ru\u1ed9ng. Qua ti\u1ebfng k\u00e8n \u0111\u1ed3ng v\u00e0 ti\u1ebfng tr\u1ed1ng r\u1ec1n vang, qu\u00e1 kh\u1ee9 c\u1ee7a Barbados \u0111\u01b0\u1ee3c t\u00e1ch ra kh\u1ecfi kho l\u01b0u tr\u1eef v\u00e0 tr\u1edf th\u00e0nh hi\u1ec7n th\u1ef1c trong v\u0169 h\u1ed9i h\u00f3a trang v\u00e0 giai \u0111i\u1ec7u.<\/p>\n<p>\u1ea8m th\u1ef1c c\u0169ng mang d\u1ea5u \u1ea5n c\u1ee7a d\u00f2ng d\u00f5i \u0111a v\u0103n h\u00f3a n\u00e0y. M\u00f3n \u0103n qu\u1ed1c gia, cou-cou v\u1edbi c\u00e1 chu\u1ed3n v\u00e0 n\u01b0\u1edbc s\u1ed1t cay, k\u1ebft h\u1ee3p b\u1ed9t ng\u00f4 xay m\u1ecbn v\u1edbi c\u00e1 bi\u1ec3u t\u01b0\u1ee3ng c\u1ee7a h\u00f2n \u0111\u1ea3o - \u01b0\u1edbp trong h\u1ed7n h\u1ee3p c\u00e1c lo\u1ea1i th\u1ea3o m\u1ed9c \u0111\u1ecba ph\u01b0\u01a1ng - \u0111\u01b0\u1ee3c tr\u00ecnh b\u00e0y c\u00f9ng v\u1edbi n\u01b0\u1edbc s\u1ed1t c\u00f3 h\u1ea1t ti\u00eau. Pudding v\u00e0 souse - th\u1ecbt l\u1ee3n gi\u1ea5m v\u1edbi khoai lang t\u1ea9m gia v\u1ecb - xu\u1ea5t hi\u1ec7n tr\u00ean nh\u1eefng chi\u1ebfc b\u00e0n chung, g\u1ee3i nh\u1edb \u0111\u1ebfn nh\u1eefng c\u0103n b\u1ebfp n\u00f4ng th\u00f4n x\u01b0a. D\u01b0a chu\u1ed9t ng\u00e2m, ch\u1ea3 c\u00e1, &#034;b\u00e1nh n\u01b0\u1edbng&#034; chi\u00ean v\u00e0ng, v\u00e0 salad l\u00e1 gi\u00f2n \u0103n k\u00e8m v\u1edbi h\u1ea7u h\u1ebft c\u00e1c b\u1eefa \u0103n, \u0111\u01b0\u1ee3c ph\u1ee7 l\u00ean tr\u00ean b\u1eb1ng n\u01b0\u1edbc s\u1ed1t cay l\u00e0m t\u1eeb \u1edbt Scotch bonnet.<\/p>\n<p>R\u01b0\u1ee3u m\u1ea1nh \u0111\u01b0\u1ee3c ch\u01b0ng c\u1ea5t t\u1ea1i \u0111\u00e2y n\u1ed5i ti\u1ebfng to\u00e0n c\u1ea7u. R\u01b0\u1ee3u Rum Mount Gay, c\u00f3 ngu\u1ed3n g\u1ed1c t\u1eeb m\u1ed9t v\u0103n b\u1ea3n n\u0103m 1703, t\u1ef1 h\u00e0o l\u00e0 nh\u00e0 s\u1ea3n xu\u1ea5t r\u01b0\u1ee3u rum l\u00e2u \u0111\u1eddi nh\u1ea5t th\u1ebf gi\u1edbi c\u00f2n t\u1ed3n t\u1ea1i. C\u00e1c bi\u1ec3u hi\u1ec7n m\u00e0u h\u1ed5 ph\u00e1ch c\u1ee7a n\u00f3, \u0111\u01b0\u1ee3c \u1ee7 trong g\u1ed7 s\u1ed3i ch\u00e1y, cho th\u1ea5y nhi\u1ec1u th\u1ebf k\u1ef7 kinh nghi\u1ec7m ch\u01b0ng c\u1ea5t. R\u01b0\u1ee3u Rum Cockspur, v\u1ecb ng\u1ecdt pha d\u1eeba c\u1ee7a Malibu v\u00e0 bia nh\u1eb9 v\u00e0 bia h\u1ed5 ph\u00e1ch c\u1ee7a Banks Brewery \u0111\u1ea1i di\u1ec7n cho truy\u1ec1n th\u1ed1ng n\u1ea5u bia \u0111a d\u1ea1ng c\u1ee7a h\u00f2n \u0111\u1ea3o, trong khi Tiger Malt cung c\u1ea5p m\u1ed9t lo\u1ea1i \u0111\u1ed3 u\u1ed1ng m\u1ea1ch nha kh\u00f4ng c\u1ed3n d\u00e0nh cho kh\u1ea9u v\u1ecb \u00f4n \u0111\u1edbi. G\u1ea7n \u0111\u00e2y h\u01a1n, bia 10 Saints c\u1ee7a Speightstown, \u0111\u01b0\u1ee3c \u1ee7 l\u1eb7ng l\u1ebd trong ch\u00edn m\u01b0\u01a1i ng\u00e0y trong th\u00f9ng Special Reserve c\u1ee7a Mount Gay, \u0111\u00e3 thu h\u00fat \u0111\u01b0\u1ee3c l\u01b0\u1ee3ng ng\u01b0\u1eddi theo d\u00f5i khi\u00eam t\u1ed1n tr\u00ean kh\u1eafp c\u00e1c th\u1ecb tr\u01b0\u1eddng CARICOM k\u1ec3 t\u1eeb khi ra m\u1eaft v\u00e0o n\u0103m 2009.<\/p>\n<p>Ng\u01b0\u1eddi l\u00e1i xe \u0111i qua nh\u1eefng con \u0111\u01b0\u1eddng quanh co b\u00ean tr\u00e1i, chia s\u1ebb l\u1ed9 tr\u00ecnh v\u1edbi m\u1ed9t \u0111\u1ed9i xe \u0111\u00e3 \u0111\u0103ng k\u00fd v\u1edbi s\u1ed1 l\u01b0\u1ee3ng kho\u1ea3ng m\u1ed9t xe cho m\u1ed7i hai c\u01b0 d\u00e2n. Giao th\u00f4ng c\u00f3 th\u1ec3 khi\u1ebfn m\u1ed9t du kh\u00e1ch m\u1eafc k\u1eb9t d\u1ecdc theo \u0111o\u1ea1n \u0111\u01b0\u1eddng ph\u00eda \u0111\u00f4ng nam\u2014t\u1eeb Six Cross Roads \u1edf Saint Philip \u0111\u1ebfn North Point \u1edf Saint Lucy\u2014tr\u00ean m\u1ed9t chuy\u1ebfn \u0111i ch\u1ec9 d\u00e0i b\u1ed1n m\u01b0\u01a1i km c\u00f3 th\u1ec3 m\u1ea5t m\u1ed9t ti\u1ebfng r\u01b0\u1ee1i khi m\u1eb7t tr\u1eddi gi\u1eefa tr\u01b0a chi\u1ebfu s\u00e1ng tr\u00ean nh\u1eefng v\u1ea1ch k\u1ebb \u0111\u01b0\u1eddng. T\u1ea1i c\u00e1c ng\u00e3 t\u01b0, v\u00f2ng xoay chi\u1ebfm \u01b0u th\u1ebf; T\u01b0\u1ee3ng Gi\u1ea3i ph\u00f3ng Bussa, m\u1ed9t phi\u1ebfn qu\u00e2n th\u1ebf k\u1ef7 XVIII, chi\u1ebfm m\u1ed9t v\u00f2ng tr\u00f2n nh\u01b0 v\u1eady \u1edf ph\u00eda \u0111\u00f4ng Bridgetown, s\u1ef1 hi\u1ec7n di\u1ec7n c\u1ee7a n\u00f3 l\u00e0 m\u1ed9t b\u00e0i di\u1ec5n v\u0103n im l\u1eb7ng v\u1ec1 c\u00e1i gi\u00e1 ph\u1ea3i tr\u1ea3 cho t\u1ef1 do.<\/p>\n<p>Ph\u01b0\u01a1ng ti\u1ec7n c\u00f4ng c\u1ed9ng b\u1ed5 sung cho \u00f4 t\u00f4 c\u00e1 nh\u00e2n. C\u00e1c \u201cZR\u201d do t\u01b0 nh\u00e2n \u0111i\u1ec1u h\u00e0nh\u2014xe bu\u00fdt nh\u1ecf ch\u1edf kh\u00e1ch \u0111\u1ee9ng d\u1ecdc theo c\u00e1c tuy\u1ebfn \u0111\u01b0\u1eddng v\u00f2ng ng\u1eafm c\u1ea3nh\u2014v\u00e0 c\u00e1c \u201cxe bu\u00fdt nh\u1ecf\u201d m\u00e0u v\u00e0ng nh\u1ecf h\u00f2a l\u1eabn v\u1edbi xe bu\u00fdt c\u00f3 b\u1ea3ng giao th\u00f4ng m\u00e0u xanh da tr\u1eddi tu\u00e2n th\u1ee7 l\u1ecbch tr\u00ecnh v\u00e0 tuy\u1ebfn \u0111\u01b0\u1eddng c\u1ed1 \u0111\u1ecbnh. Gi\u00e1 v\u00e9 l\u00e0 3,50 Bds$ mua \u0111\u01b0\u1ee3c v\u00e9 \u0111i tr\u00ean b\u1ea5t k\u1ef3 tuy\u1ebfn n\u00e0o trong s\u1ed1 n\u00e0y; h\u1ecdc sinh m\u1eb7c \u0111\u1ed3ng ph\u1ee5c \u0111\u01b0\u1ee3c \u0111i mi\u1ec5n ph\u00ed tr\u00ean xe bu\u00fdt c\u1ee7a ch\u00ednh ph\u1ee7 v\u00e0 v\u1edbi gi\u00e1 2,50 Bds$ tr\u00ean xe ZR. Ti\u1ec1n th\u1eeba \u0111\u01b0\u1ee3c tr\u1ea3 b\u1edfi c\u00e1c nh\u00e0 \u0111i\u1ec1u h\u00e0nh t\u01b0 nh\u00e2n trong khi xe c\u1ee7a ch\u00ednh ph\u1ee7 ph\u00e1t h\u00e0nh bi\u00ean lai thay cho ti\u1ec1n xu nh\u1ecf; c\u00e1c nh\u00e0 ga v\u00e0 kho h\u00e0ng r\u1ea3i r\u00e1c t\u1ea1i Bridgetown, Speightstown, Oistins v\u00e0 Mangrove, m\u1ed7i trung t\u00e2m l\u00e0 m\u1ed9t n\u00fat trong h\u1ec7 th\u1ed1ng l\u01b0u th\u00f4ng c\u1ee7a h\u00f2n \u0111\u1ea3o.<\/p>\n<p>\u0110\u1ec3 theo \u0111u\u1ed5i m\u1ee5c ti\u00eau ph\u00e1t tri\u1ec3n b\u1ec1n v\u1eefng, Barbados \u0111\u00e3 mua ba m\u01b0\u01a1i ba xe bu\u00fdt \u0111i\u1ec7n BYD v\u00e0o th\u00e1ng 7 n\u0103m 2020, b\u1ed5 sung cho \u0111\u1ed9i xe ch\u1ea1y b\u1eb1ng d\u1ea7u diesel \u0111ang c\u0169 k\u1ef9 v\u00e0 th\u00fac \u0111\u1ea9y m\u1ee5c ti\u00eau lo\u1ea1i b\u1ecf nhi\u00ean li\u1ec7u h\u00f3a th\u1ea1ch v\u00e0o n\u0103m 2030 c\u1ee7a ch\u00ednh ph\u1ee7. C\u00e1c kh\u00e1ch s\u1ea1n, mu\u1ed1n ph\u1ee5c v\u1ee5 du kh\u00e1ch, th\u01b0\u1eddng \u0111i\u1ec1u \u0111\u1ed9ng xe \u0111\u01b0a \u0111\u00f3n \u0111\u1ebfn c\u00e1c \u0111\u1ecba danh \u0111\u1ecba ph\u01b0\u01a1ng v\u00e0 c\u00e1c c\u00f4ng ty cho thu\u00ea xe nh\u1ecf - kh\u00f4ng thu\u1ed9c chu\u1ed7i \u0111a qu\u1ed1c gia n\u00e0o - cung c\u1ea5p c\u00e1c l\u1ef1a ch\u1ecdn t\u1ef1 l\u00e1i cho nh\u1eefng ai mu\u1ed1n kh\u00e1m ph\u00e1 theo \u00fd mu\u1ed1n.<\/p>\n<p>S\u00e2n bay qu\u1ed1c t\u1ebf Grantley Adams, c\u1eeda ng\u00f5 h\u00e0ng kh\u00f4ng duy nh\u1ea5t c\u1ee7a h\u00f2n \u0111\u1ea3o, ho\u1ea1t \u0111\u1ed9ng nh\u01b0 m\u1ed9t trung t\u00e2m ph\u00eda nam cho th\u01b0\u01a1ng m\u1ea1i v\u00f9ng Caribe, nh\u1ea5n m\u1ea1nh kh\u1ea3 n\u0103ng k\u1ebft n\u1ed1i c\u1ee7a Barbados v\u1edbi ch\u00e2u \u00c2u, B\u1eafc M\u1ef9 v\u00e0 xa h\u01a1n n\u1eefa. M\u1ed9t kho\u1ea3n n\u00e2ng c\u1ea5p tr\u1ecb gi\u00e1 100 tri\u1ec7u \u0111\u00f4 la M\u1ef9 t\u1eeb n\u0103m 2003 \u0111\u1ebfn n\u0103m 2006 \u0111\u00e3 m\u1edf r\u1ed9ng n\u0103ng l\u1ef1c c\u1ee7a s\u00e2n bay v\u00e0 v\u00e0o n\u0103m 2023, nh\u00e0 ga Concorde c\u0169 \u0111\u00e3 b\u1eaft \u0111\u1ea7u \u0111\u01b0\u1ee3c chuy\u1ec3n \u0111\u1ed5i th\u00e0nh m\u1ed9t nh\u00e0 ga kh\u1edfi h\u00e0nh hi\u1ec7n \u0111\u1ea1i. Th\u1ee7 t\u01b0\u1edbng Mia Mottley \u0111\u00e3 c\u00f4ng b\u1ed1, v\u00e0o th\u00e1ng 12 n\u0103m 2023, c\u00e1c cu\u1ed9c \u0111\u00e0m ph\u00e1n \u0111\u1ec3 t\u0103ng th\u00eam 300 tri\u1ec7u \u0111\u00f4 la M\u1ef9 cho c\u00e1c c\u1ea3i ti\u1ebfn c\u1ee7a s\u00e2n bay, b\u00e1o hi\u1ec7u t\u01b0\u01a1ng lai s\u1ebd t\u0103ng l\u01b0u l\u01b0\u1ee3ng.<\/p>\n<p>Ti\u1ebfp c\u1eadn h\u00e0ng h\u1ea3i t\u1eadp trung t\u1ea1i c\u1ea3ng Bridgetown, n\u01a1i c\u00e1c ho\u1ea1t \u0111\u1ed9ng v\u1eadn chuy\u1ec3n container v\u00e0 du thuy\u1ec1n \u0111\u01b0\u1ee3c qu\u1ea3n l\u00fd b\u1edfi Barbados Port Inc., c\u01a1 quan \u0111\u01b0\u1ee3c t\u00e1i l\u1eadp tr\u01b0\u1edbc \u0111\u00e2y \u0111\u01b0\u1ee3c g\u1ecdi l\u00e0 Barbados Port Authority. C\u00e1c b\u1ebfn t\u00e0u c\u1ee7a c\u1ea3ng ti\u1ebfp nh\u1eadn t\u00e0u thuy\u1ec1n thu\u1ed9c m\u1ecdi h\u1ea1ng, c\u1ee7ng c\u1ed1 vai tr\u00f2 c\u1ee7a h\u00f2n \u0111\u1ea3o nh\u01b0 m\u1ed9t trung t\u00e2m cho th\u01b0\u01a1ng m\u1ea1i v\u00e0 gi\u1ea3i tr\u00ed tr\u00ean bi\u1ec3n.<\/p>\n<p>M\u1eb7c d\u00f9 ch\u1ec9 l\u00e0 m\u1ed9t h\u00f2n \u0111\u1ea3o duy nh\u1ea5t trong s\u1ed1 nhi\u1ec1u h\u00f2n \u0111\u1ea3o, Barbados n\u1ed5i b\u1eadt nh\u1edd d\u00f2ng d\u00f5i thu\u1ed9c \u0111\u1ecba kh\u00f4ng b\u1ecb gi\u00e1n \u0111o\u1ea1n c\u1ee7a m\u00ecnh\u2014\u0111\u01b0\u1ee3c g\u1ecdi l\u00e0 \u201cBimshire\u201d v\u00e0 \u201cLittle Britain\u201d\u2014v\u00e0 \u0111\u1eb7c \u0111i\u1ec3m \u0111\u1ecba ch\u1ea5t c\u1ee7a n\u00f3 l\u00e0 m\u1ed9t d\u1ea1ng \u0111\u1ecba h\u00ecnh \u0111\u01b0\u1ee3c t\u1ea1o th\u00e0nh t\u1eeb san h\u00f4, ch\u1ee9 kh\u00f4ng ph\u1ea3i l\u00e0 m\u1ed9t m\u0169i \u0111\u1ea5t n\u00fai l\u1eeda. Nh\u1eefng ng\u01b0\u1eddi h\u00e0ng x\u00f3m g\u1ea7n nh\u1ea5t c\u1ee7a n\u00f3\u2014Saint Lucia v\u00e0 Saint Vincent\u2014n\u1eb1m c\u00e1ch kho\u1ea3ng 168 km v\u1ec1 ph\u00eda t\u00e2y, nh\u1eefng \u0111\u1ec9nh n\u00fai g\u1ed3 gh\u1ec1 c\u1ee7a ch\u00fang xuy\u00ean th\u1ee7ng \u0111\u01b0\u1eddng ch\u00e2n tr\u1eddi, trong khi c\u00e1c \u0111\u01b0\u1eddng vi\u1ec1n ph\u1eb3ng c\u1ee7a Barbados cho th\u1ea5y c\u00e1c m\u1ea3nh v\u1ee1 r\u1ea1n san h\u00f4 v\u00e0 s\u1ef1 t\u00edch t\u1ee5 tr\u1ea7m t\u00edch.<\/p>\n<p>M\u01b0\u1eddi m\u1ed9t gi\u00e1o x\u1ee9 chia v\u00f9ng \u0111\u1ea5t khi\u00eam t\u1ed1n n\u00e0y th\u00e0nh b\u1ed1n v\u00f9ng kh\u00f4ng ch\u00ednh th\u1ee9c. Saint Michael l\u00e0 n\u01a1i c\u00f3 Bridgetown v\u00e0 m\u1ed9t ph\u1ea7n ba d\u00e2n s\u1ed1, Careenage ven s\u00f4ng v\u00e0 khu \u0111\u1ed3n tr\u00fa l\u1ecbch s\u1eed cung c\u1ea5p c\u1ed5ng v\u00e0o c\u00e2u chuy\u1ec7n thu\u1ed9c \u0111\u1ecba c\u1ee7a h\u00f2n \u0111\u1ea3o, c\u00f9ng v\u1edbi nh\u00e0 m\u00e1y ch\u01b0ng c\u1ea5t r\u01b0\u1ee3u Mount Gay v\u00e0 s\u00e2n cricket Kensington Oval. V\u1ec1 ph\u00eda t\u00e2y, Saint James, Saint Peter v\u00e0 Saint Lucy l\u00e0 nh\u1eefng b\u00e3i bi\u1ec3n \u0111\u01b0\u1ee3c che ch\u1edf nhi\u1ec1u nh\u1ea5t, Holetown v\u00e0 Speightstown cung c\u1ea5p m\u1ed9t h\u00e0nh lang nh\u00e0 ngh\u1ec9 v\u00e0 khu ngh\u1ec9 d\u01b0\u1ee1ng cho c\u00e1c gia \u0111\u00ecnh v\u00e0 tu\u1ea7n tr\u0103ng m\u1eadt. V\u1ec1 ph\u00eda nam, Christ Church l\u00e0 n\u01a1i t\u1eadp trung nhi\u1ec1u ho\u1ea1t \u0111\u1ed9ng v\u1ec1 \u0111\u00eam nh\u1ea5t, tr\u1ea3i d\u00e0i t\u1eeb Rockley qua Oistins \u0111\u1ebfn Silver Sands v\u1edbi c\u00e1c qu\u00e1n bar v\u00e0 nh\u00e0 h\u00e0ng, trong khi b\u1edd bi\u1ec3n Sainte Philip g\u1ed3 gh\u1ec1 \u1edf ph\u00eda \u0111\u00f4ng h\u1ea5p d\u1eabn nh\u1eefng ng\u01b0\u1eddi th\u00edch l\u01b0\u1edbt s\u00f3ng \u1ea5n t\u01b0\u1ee3ng. C\u00e1c gi\u00e1o x\u1ee9 trung t\u00e2m ph\u00eda \u0111\u00f4ng\u2014Saint Andrew, Saint George, Saint John, Saint Joseph v\u00e0 Saint Thomas\u2014ph\u1ea7n l\u1edbn v\u1eabn ch\u01b0a \u0111\u01b0\u1ee3c ph\u00e1t tri\u1ec3n, nh\u1eefng khu v\u01b0\u1eddn xanh t\u01b0\u01a1i, c\u00e1c \u0111\u1ed3n \u0111i\u1ec1n v\u00e0 hang \u0111\u1ed9ng ng\u1ea7m t\u1ea1i Harrison&#039;s Cave duy tr\u00ec s\u1ef1 giao thoa th\u00e2n m\u1eadt v\u1edbi n\u1ed9i \u0111\u1ecba Barbados.<\/p>\n<p>Nh\u1eefng h\u00f2n \u0111\u1ea3o nh\u1ecf xa x\u00f4i\u2014\u0110\u1ea3o Pelican, tr\u01b0\u1edbc \u0111\u00e2y l\u00e0 tr\u1ea1m ki\u1ec3m d\u1ecbch nh\u01b0ng gi\u1edd \u0111\u00e3 b\u1ecb s\u00e1p nh\u1eadp v\u00e0o c\u1ea3ng Bridgetown m\u1edf r\u1ed9ng, v\u00e0 \u0110\u1ea3o Culpepper, ch\u1ec9 l\u00e0 m\u1ed9t b\u00e3i c\u1ecf c\u00f3 th\u1ec3 \u0111i b\u1ed9 \u0111\u1ebfn khi th\u1ee7y tri\u1ec1u xu\u1ed1ng\u2014\u0111\u1ee9ng \u0111\u00f3 nh\u01b0 nh\u1eefng \u0111i\u1ec1u k\u1ef3 l\u1ea1 nh\u1ecf b\u00e9, quang c\u1ea3nh c\u1eb1n c\u1ed7i c\u1ee7a ch\u00fang t\u01b0\u01a1ng ph\u1ea3n v\u1edbi nh\u1eefng c\u00e1nh \u0111\u1ed3ng canh t\u00e1c v\u00e0 nh\u1eefng con \u0111\u01b0\u1eddng \u0111\u00f4ng \u0111\u00fac tr\u00ean \u0111\u1ea3o ch\u00ednh.<\/p>\n<p>Qua nhi\u1ec1u th\u1ebf k\u1ef7, Barbados \u0111\u00e3 khai th\u00e1c n\u1ec1n t\u1ea3ng san h\u00f4 v\u00e0 di s\u1ea3n \u0111\u1ebf qu\u1ed1c c\u1ee7a m\u00ecnh \u0111\u1ec3 t\u1ea1o n\u00ean m\u1ed9t x\u00e3 h\u1ed9i v\u1eeba th\u1ea5m \u0111\u1eabm truy\u1ec1n th\u1ed1ng v\u1eeba c\u1edfi m\u1edf v\u1edbi s\u1ef1 \u0111\u1ed5i m\u1edbi. T\u1ea1i \u0111\u00e2y, n\u01a1i gi\u00f3 bi\u1ec3n mang theo c\u1ea3 k\u00fd \u1ee9c v\u00e0 l\u1eddi h\u1ee9a, du kh\u00e1ch t\u00ecm th\u1ea5y m\u1ed9t h\u00f2n \u0111\u1ea3o ch\u1ed1ng l\u1ea1i ch\u1ee7 ngh\u0129a l\u00e3ng m\u1ea1n d\u1ec5 d\u00e3i, m\u1ed9t h\u00f2n \u0111\u1ea3o ti\u1ebft l\u1ed9 nh\u1eefng b\u00ed m\u1eadt c\u1ee7a m\u00ecnh th\u00f4ng qua s\u1ef1 t\u00edch t\u1ee5 ki\u00ean nh\u1eabn c\u1ee7a l\u1ecbch s\u1eed, \u0111\u1ecba ch\u1ea5t v\u00e0 v\u0103n h\u00f3a tr\u00ean m\u1ed9t s\u00e2n kh\u1ea5u c\u1ee7a v\u1ebb \u0111\u1eb9p khi\u00eam t\u1ed1n.<\/p>","protected":false},"excerpt":{"rendered":"<p>N\u1eb1m \u1edf Lesser Antilles c\u1ee7a T\u00e2y \u1ea4n, Barbados l\u00e0 m\u1ed9t qu\u1ed1c \u0111\u1ea3o h\u1ea5p d\u1eabn. L\u00e0 \u0111\u1ea3o c\u1ef1c \u0111\u00f4ng c\u1ee7a v\u00f9ng Caribe, \u1ea9n m\u00ecnh trong v\u00f9ng Caribe, Barbados n\u1eb1m c\u1ea1nh B\u1eafc M\u1ef9 v\u00e0 ph\u00eda b\u1eafc Nam M\u1ef9. V\u1ecb tr\u00ed \u0111\u1ecba l\u00fd c\u1ee7a Barbados \u1edf r\u00eca c\u00e1c m\u1ea3ng Nam M\u1ef9 v\u00e0 Caribe gi\u00fap gi\u1ea3i th\u00edch \u0111\u1ecba ch\u1ea5t \u0111\u1eb7c bi\u1ec7t c\u1ee7a n\u01a1i n\u00e0y. Bridgetown, th\u1ee7 \u0111\u00f4 v\u00e0 th\u00e0nh ph\u1ed1 l\u1edbn nh\u1ea5t tr\u00ean \u0111\u1ea3o, l\u00e0 trung t\u00e2m kinh doanh v\u00e0 v\u0103n h\u00f3a.<\/p>","protected":false},"author":1,"featured_media":3142,"parent":24084,"menu_order":0,"comment_status":"closed","ping_status":"closed","template":"elementor_theme","meta":{"_eb_attr":"","footnotes":""},"class_list":["post-9509","page","type-page","status-publish","has-post-thumbnail"],"_links":{"self":[{"href":"https:\/\/travelshelper.com\/vi\/wp-json\/wp\/v2\/pages\/9509","targetHints":{"allow":["GET"]}}],"collection":[{"href":"https:\/\/travelshelper.com\/vi\/wp-json\/wp\/v2\/pages"}],"about":[{"href":"https:\/\/travelshelper.com\/vi\/wp-json\/wp\/v2\/types\/page"}],"author":[{"embeddable":true,"href":"https:\/\/travelshelper.com\/vi\/wp-json\/wp\/v2\/users\/1"}],"replies":[{"embeddable":true,"href":"https:\/\/travelshelper.com\/vi\/wp-json\/wp\/v2\/comments?post=9509"}],"version-history":[{"count":0,"href":"https:\/\/travelshelper.com\/vi\/wp-json\/wp\/v2\/pages\/9509\/revisions"}],"up":[{"embeddable":true,"href":"https:\/\/travelshelper.com\/vi\/wp-json\/wp\/v2\/pages\/24084"}],"wp:featuredmedia":[{"embeddable":true,"href":"https:\/\/travelshelper.com\/vi\/wp-json\/wp\/v2\/media\/3142"}],"wp:attachment":[{"href":"https:\/\/travelshelper.com\/vi\/wp-json\/wp\/v2\/media?parent=9509"}],"curies":[{"name":"wp","href":"https:\/\/api.w.org\/{rel}","templated":true}]}}