{"id":9484,"date":"2024-09-08T13:46:30","date_gmt":"2024-09-08T13:46:30","guid":{"rendered":"https:\/\/travelshelper.com\/staging\/?page_id=9484"},"modified":"2026-03-13T13:06:29","modified_gmt":"2026-03-13T13:06:29","slug":"bahamas","status":"publish","type":"page","link":"https:\/\/travelshelper.com\/vi\/destinations\/north-america\/bahamas\/","title":{"rendered":"Bahamas"},"content":{"rendered":"<p>Kh\u1ed1i th\u1ecbnh v\u01b0\u1ee3ng chung Bahamas chi\u1ebfm m\u1ed9t v\u00f9ng bi\u1ec3n trong v\u1eaft v\u00e0 nh\u1eefng c\u1ed3n c\u00e1t l\u1ed9ng gi\u00f3, di\u1ec7n t\u00edch \u0111\u1ea5t li\u1ec1n 10.010 km2 xen k\u1ebd tr\u00ean kho\u1ea3ng 800 km c\u1ee7a \u0110\u1ea1i T\u00e2y D\u01b0\u01a1ng. H\u01a1n 400.000 c\u01b0 d\u00e2n m\u1ed9t ch\u00fat - trong s\u1ed1 \u0111\u00f3 90 ph\u1ea7n tr\u0103m c\u00f3 ngu\u1ed3n g\u1ed1c t\u1eeb t\u1ed5 ti\u00ean ch\u00e2u Phi - t\u1eadp trung ch\u1ee7 y\u1ebfu tr\u00ean 30 h\u00f2n \u0111\u1ea3o c\u00f3 ng\u01b0\u1eddi \u1edf, v\u1edbi Nassau c\u1ee7a New Providence \u0111\u00f3ng vai tr\u00f2 l\u00e0 trung t\u00e2m ch\u00ednh tr\u1ecb v\u00e0 c\u1ea3ng ch\u00ednh. N\u1eb1m gi\u1eefa v\u0129 \u0111\u1ed9 20\u00b0 v\u00e0 28\u00b0 b\u1eafc, v\u00e0 kinh \u0111\u1ed9 72\u00b0 \u0111\u1ebfn 80\u00b0 t\u00e2y, qu\u1ed1c gia n\u00e0y g\u00e1nh v\u00e1c 470.000 km2 l\u00e3nh th\u1ed5 h\u00e0ng h\u1ea3i, tr\u1ea3i d\u00e0i xa h\u01a1n nhi\u1ec1u so v\u1edbi b\u1edd bi\u1ec3n g\u1ee3n s\u00f3ng nh\u1eb9 nh\u00e0ng c\u1ee7a m\u00ecnh v\u00e0o v\u00f9ng bi\u1ec3n m\u00e0 cho \u0111\u1ebfn khi c\u00f3 s\u1ef1 ph\u00e2n \u0111\u1ecbnh hi\u1ec7n \u0111\u1ea1i, v\u1eabn tr\u00f4i d\u1ea1t kh\u00f4ng c\u00f3 ng\u01b0\u1eddi nh\u1eadn v\u00e0 kh\u00f4ng \u0111\u01b0\u1ee3c l\u1eadp b\u1ea3n \u0111\u1ed3.<\/p>\n<p>Nhi\u1ec1u th\u1ebf k\u1ef7 tr\u01b0\u1edbc khi c\u00e1c b\u1ea3n \u0111\u1ed3 c\u1ee7a ch\u00e2u \u00c2u in t\u00ean l\u00ean b\u1edd bi\u1ec3n, qu\u1ea7n \u0111\u1ea3o n\u00e0y \u0111\u00e3 ti\u1ebfp \u0111\u00f3n ng\u01b0\u1eddi Lucayan n\u00f3i ti\u1ebfng Arawakan, nh\u1eefng ng\u00f4i l\u00e0ng c\u1ee7a h\u1ecd n\u1eb1m r\u1ea3i r\u00e1c gi\u1eefa c\u00e1c r\u1eebng th\u00f4ng v\u00e0 r\u1eebng ng\u1eadp m\u1eb7n. V\u00e0o th\u00e1ng 10 n\u0103m 1492, m\u1ed9t th\u1ee7y th\u1ee7 ng\u01b0\u1eddi Genoa theo l\u1ec7nh c\u1ee7a T\u00e2y Ban Nha \u0111\u00e3 nh\u00ecn th\u1ea5y h\u00f2n \u0111\u1ea3o hi\u1ec7n \u0111\u01b0\u1ee3c g\u1ecdi l\u00e0 San Salvador, qua \u0111\u00f3 ch\u1ec9 ra d\u1ea5u ch\u00e2n \u0111\u1ea7u ti\u00ean c\u1ee7a ng\u01b0\u1eddi ch\u00e2u \u00c2u \u1edf n\u01a1i \u0111\u01b0\u1ee3c g\u1ecdi l\u00e0 &#034;Th\u1ebf gi\u1edbi m\u1edbi&#034;. Trong v\u00f2ng m\u1ed9t th\u1ebf h\u1ec7, ch\u00ednh quy\u1ec1n T\u00e2y Ban Nha \u0111\u00e3 nh\u1ed5 t\u1eadn g\u1ed1c g\u1ea7n nh\u01b0 to\u00e0n b\u1ed9 d\u00e2n s\u1ed1 b\u1ea3n \u0111\u1ecba - v\u1eadn chuy\u1ec3n h\u1ecd \u0111\u1ebfn Hispaniola d\u01b0\u1edbi s\u1ef1 c\u01b0\u1ee1ng b\u1ee9c - v\u00ec v\u1eady, \u0111\u1ebfn n\u0103m 1513, c\u00e1c \u0111\u1ea3o Bahamas ph\u1ea7n l\u1edbn \u0111\u00e3 b\u1ecb b\u1ecf tr\u1ed1ng. M\u00e3i \u0111\u1ebfn n\u0103m 1649, m\u1ed9t nh\u00f3m ng\u01b0\u1eddi \u0111\u1ecbnh c\u01b0 ng\u01b0\u1eddi Anh, nh\u1eefng nh\u00e0 th\u00e1m hi\u1ec3m Eleutheran t\u1eeb Bermuda, m\u1edbi tuy\u00ean b\u1ed1 nh\u1eefng c\u1ed3n c\u00e1t \u0111ang d\u1ecbch chuy\u1ec3n c\u1ee7a Eleuthera l\u00e0 n\u01a1i \u1ea9n n\u00e1u cho nh\u1eefng ng\u01b0\u1eddi b\u1ea5t \u0111\u1ed3ng ch\u00ednh ki\u1ebfn \u200b\u200bt\u00f4n gi\u00e1o. S\u1ef1 ki\u00ean tr\u00ec c\u1ee7a h\u1ecd - c\u00f9ng v\u1edbi nh\u1eefng ng\u01b0\u1eddi trung th\u00e0nh v\u1edbi n\u01b0\u1edbc M\u1ef9 ti\u1ebfp t\u1ee5c \u0111\u1ebfn sau n\u0103m 1783, mang theo lao \u0111\u1ed9ng n\u00f4 l\u1ec7 v\u00e0 ti\u1ec1n tr\u1ee3 c\u1ea5p \u0111\u1ed3n \u0111i\u1ec1n - \u0111\u00e3 \u0111\u1eb7t n\u1ec1n t\u1ea3ng d\u00e2n s\u1ed1 v\u00e0 n\u00f4ng nghi\u1ec7p t\u1ed3n t\u1ea1i cho \u0111\u1ebfn khi \u0111\u01b0\u1ee3c gi\u1ea3i ph\u00f3ng v\u00e0o n\u0103m 1834. T\u1eeb n\u0103m 1818 \u0111\u1ebfn th\u1eddi \u0111i\u1ec3m \u0111\u00f3, c\u00e1c h\u00f2n \u0111\u1ea3o \u0111\u00e3 tr\u1edf n\u00ean n\u1ed5i ti\u1ebfng l\u00e0 n\u01a1i \u1ea9n n\u00e1u: Ng\u01b0\u1eddi ch\u00e2u Phi \u0111\u01b0\u1ee3c gi\u1ea3i ph\u00f3ng kh\u1ecfi c\u00e1c t\u00e0u bu\u00f4n n\u00f4 l\u1ec7 b\u1ea5t h\u1ee3p ph\u00e1p, nh\u1eefng ng\u01b0\u1eddi ch\u1ea1y tr\u1ed1n \u1edf B\u1eafc M\u1ef9 v\u00e0 ng\u01b0\u1eddi Seminole Florida \u0111\u1ec1u t\u00ecm th\u1ea5y n\u01a1i \u1ea9n n\u00e1u tr\u00ean b\u1edd bi\u1ec3n n\u00e0y, \u0111\u1ebfn m\u1ee9c c\u00e1c thuy\u1ec1n tr\u01b0\u1edfng n\u01b0\u1edbc ngo\u00e0i kh\u00f4ng c\u00f2n kh\u1eb3ng \u0111\u1ecbnh s\u1ef1 r\u00e0ng bu\u1ed9c khi \u0111i\u1ec1u h\u01b0\u1edbng v\u00f9ng bi\u1ec3n Bahamas.<\/p>\n<p>D\u01b0\u1edbi s\u1ef1 gi\u00e1m s\u00e1t c\u1ee7a ho\u00e0ng gia Anh t\u1eeb n\u0103m 1718 tr\u1edf \u0111i, c\u00e1c \u0111\u1ea3o \u0111\u00e3 x\u00e2y d\u1ef1ng h\u1ec7 th\u1ed1ng ph\u00f2ng th\u1ee7 h\u00e0ng h\u1ea3i \u0111\u1ec3 ng\u0103n ch\u1eb7n n\u1ea1n c\u01b0\u1edbp bi\u1ec3n v\u00e0 \u0111\u1ea3m nh\u1eadn \u0111\u1ecba v\u1ecb thu\u1ed9c \u0111\u1ecba cho \u0111\u1ebfn n\u0103m 1973. N\u0103m \u0111\u00f3, s\u1ef1 l\u00e3nh \u0111\u1ea1o c\u1ee7a Sir Lynden Pindling \u0111\u00e3 \u0111\u01b0a qu\u1ea7n \u0111\u1ea3o n\u00e0y tr\u1edf th\u00e0nh m\u1ed9t qu\u1ed1c gia \u0111\u1ed9c l\u1eadp nh\u01b0 m\u1ed9t l\u00e3nh th\u1ed5 c\u1ee7a Kh\u1ed1i th\u1ecbnh v\u01b0\u1ee3ng chung, gi\u1eef Charles III l\u00e0m qu\u1ed1c v\u01b0\u01a1ng v\u00e0 th\u00e0nh l\u1eadp m\u1ed9t t\u1ed5ng \u0111\u1ed1c l\u00e0m ph\u00f3 ho\u00e0ng gia. Khung ch\u00ednh tr\u1ecb, d\u1ef1a tr\u00ean truy\u1ec1n th\u1ed1ng c\u1ee7a qu\u1ed1c h\u1ed9i Anh, k\u1ec3 t\u1eeb \u0111\u00f3 \u0111\u00e3 gi\u00e1m s\u00e1t s\u1ef1 ph\u00e1t tri\u1ec3n c\u1ee7a m\u1ed9t qu\u1ed1c gia c\u00f3 t\u1ed5ng s\u1ea3n ph\u1ea9m qu\u1ed1c n\u1ed9i b\u00ecnh qu\u00e2n \u0111\u1ea7u ng\u01b0\u1eddi \u0111\u1ee9ng th\u1ee9 m\u01b0\u1eddi b\u1ed1n \u1edf ch\u00e2u M\u1ef9. Du l\u1ecbch v\u00e0 t\u00e0i ch\u00ednh n\u01b0\u1edbc ngo\u00e0i, l\u1ea7n l\u01b0\u1ee3t chi\u1ebfm kho\u1ea3ng 70 v\u00e0 15 ph\u1ea7n tr\u0103m s\u1ea3n l\u01b0\u1ee3ng kinh t\u1ebf, neo gi\u1eef doanh thu qu\u1ed1c gia: b\u1ea3y trong m\u01b0\u1eddi \u0111\u00f4 la c\u00f3 ngu\u1ed3n g\u1ed1c t\u1eeb chi ti\u00eau c\u1ee7a du kh\u00e1ch, g\u1ea7n ba ph\u1ea7n t\u01b0 l\u01b0\u1ee3ng kh\u00e1ch \u0111\u1ebfn b\u1eb1ng t\u00e0u du l\u1ecbch, trong khi c\u00e1c d\u1ecbch v\u1ee5 t\u00e0i ch\u00ednh qu\u1ea3n l\u00fd t\u1ed5ng h\u1ee3p \u0111\u00e1ng kinh ng\u1ea1c - \u01b0\u1edbc t\u00ednh 13,7 ngh\u00ecn t\u1ef7 \u0111\u00f4 la M\u1ef9 trong t\u00e0i s\u1ea3n t\u01b0 nh\u00e2n v\u00e0 12 ngh\u00ecn t\u1ef7 \u0111\u00f4 la M\u1ef9 trong c\u00e1c c\u00f4ng ty n\u1eafm gi\u1eef \u0111\u01b0\u1ee3c b\u1ea3o v\u1ec7 d\u01b0\u1edbi quy\u1ec1n t\u00e0i ph\u00e1n c\u1ee7a Bahamas.<\/p>\n<p>Ngu\u1ed3n g\u1ed1c \u0111\u1ecba v\u1eadt l\u00fd c\u00f3 t\u1eeb \u0111\u1ea7u k\u1ef7 Trung sinh, khi c\u00e1c m\u1ea3nh Pangaea tr\u00f4i d\u1ea1t tr\u00ean c\u00e1c d\u00f2ng h\u1ea3i l\u01b0u \u0110\u1ea1i T\u00e2y D\u01b0\u01a1ng; c\u00e1c th\u1eddi \u0111\u1ea1i ti\u1ebfp theo \u0111\u00e3 t\u1ea1o n\u00ean qu\u1ea7n \u0111\u1ea3o hi\u1ec7n \u0111\u1ea1i th\u00f4ng qua c\u00e1c dao \u0111\u1ed9ng m\u1ef1c n\u01b0\u1edbc bi\u1ec3n c\u1ee7a k\u1ef7 Pleistocene. Ng\u00e0y nay, \u0110\u1ea3o Andros\u2014\u0111\u1ea3o l\u1edbn nh\u1ea5t trong s\u1ed1 kho\u1ea3ng 700 h\u00f2n \u0111\u1ea3o v\u00e0 2.400 c\u1ed3n c\u00e1t\u2014mang \u0111\u1ebfn b\u1ee9c tranh kh\u1ea3m th\u00f4ng v\u00e0 r\u1eebng kh\u00f4 t\u1ea1o n\u00ean ba v\u00f9ng sinh th\u00e1i tr\u00ean c\u1ea1n d\u1ecdc theo c\u00e1c b\u1ee5i c\u00e2y ng\u1eadp m\u1eb7n r\u1ed9ng l\u1edbn. M\u1ed9t n\u1eeda b\u1ec1 m\u1eb7t \u0111\u1ea5t c\u00f3 th\u1ea3m r\u1eebng, v\u1eabn gi\u1eef nguy\u00ean t\u1eeb n\u0103m 1990, h\u1ea7u h\u1ebft \u0111\u1ec1u \u0111\u01b0\u1ee3c t\u00e1i sinh t\u1ef1 nhi\u00ean v\u00e0 ch\u1ee7 y\u1ebfu do c\u00f4ng ch\u00fang qu\u1ea3n l\u00fd. B\u1ea3n th\u00e2n \u0111\u1ecba h\u00ecnh hi\u1ebfm khi v\u01b0\u1ee3t qu\u00e1 20 m\u00e9t \u0111\u1ed9 cao; N\u00fai Alvernia tr\u00ean \u0110\u1ea3o Cat cao t\u1edbi 64 m\u00e9t, th\u1ec3 hi\u1ec7n t\u1ed5ng th\u1ec3 m\u1eb7t b\u1eb1ng ph\u1eb3ng c\u1ee7a c\u00e1c h\u00f2n \u0111\u1ea3o.<\/p>\n<p>Nh\u1ecbp \u0111i\u1ec7u kh\u00ed h\u1eadu tu\u00e2n theo ch\u1ebf \u0111\u1ed9 th\u1ea3o nguy\u00ean nhi\u1ec7t \u0111\u1edbi: nhi\u1ec7t \u0111\u1ed9 thay \u0111\u1ed5i ch\u1ec9 7 \u00b0C gi\u1eefa nh\u1eefng th\u00e1ng m\u00e1t nh\u1ea5t v\u00e0 \u1ea5m nh\u1ea5t, trong khi D\u00f2ng h\u1ea3i l\u01b0u Gulf Stream th\u1ed5i qua l\u00e0m d\u1ecbu \u0111i nh\u1eefng \u0111i\u1ec1u ki\u1ec7n kh\u1eafc nghi\u1ec7t theo m\u00f9a. L\u01b0\u1ee3ng m\u01b0a \u0111\u1ea1t \u0111\u1ec9nh v\u00e0o gi\u1eefa n\u0103m khi m\u1eb7t tr\u1eddi l\u00ean \u0111\u1ebfn \u0111\u1ec9nh \u0111i\u1ec3m, m\u1eb7c d\u00f9 kh\u00f4 h\u1ea1n v\u1eabn x\u1ea3y ra trong su\u1ed1t m\u00f9a \u0111\u00f4ng. Nh\u1eefng \u0111\u1ee3t kh\u00f4ng kh\u00ed c\u1ef1c hi\u1ebfm x\u00e2m nh\u1eadp \u0111\u00e3 khi\u1ebfn nhi\u1ec7t k\u1ebf ban \u0111\u00eam xu\u1ed1ng d\u01b0\u1edbi 10 \u00b0C nh\u01b0ng k\u1ec3 t\u1eeb khi b\u1eaft \u0111\u1ea7u ghi ch\u00e9p d\u1eef li\u1ec7u kh\u00ed t\u01b0\u1ee3ng, s\u01b0\u01a1ng gi\u00e1 ch\u01b0a bao gi\u1edd xu\u1ea5t hi\u1ec7n tr\u00ean c\u00e1c r\u1ea1n san h\u00f4 c\u1ee7a Bahamas. M\u1ed9t tr\u1eadn tuy\u1ebft r\u01a1i \u0111\u01a1n l\u1ebb\u2014tuy\u1ebft tr\u1ed9n l\u1eabn v\u1edbi m\u01b0a\u2014tr\u00f4i qua Freeport v\u00e0o ng\u00e0y 19 th\u00e1ng 1 n\u0103m 1977, m\u1ed9t c\u1ea3nh t\u01b0\u1ee3ng tho\u00e1ng qua tr\u00ean n\u1ec1n tr\u1eddi xanh ng\u1ecdc \u0111\u1eb7c tr\u01b0ng c\u1ee7a Bahamas. \u00c1nh n\u1eafng m\u1eb7t tr\u1eddi chi\u1ebfu r\u1ecdi h\u01a1n 3.000 gi\u1edd m\u1ed7i n\u0103m, \u0111\u1ec3 l\u1ed9 nh\u1eefng kho\u1ea3ng \u0111\u1ea5t tr\u1ed1ng tr\u1ea3i \u0111\u1ea7y c\u00e2y b\u1ee5i r\u1ea3i r\u00e1c x\u01b0\u01a1ng r\u1ed3ng v\u00e0 nh\u1eefng b\u00e3i \u0111\u1ea5t b\u1eb1ng ph\u1eb3ng b\u1ecb m\u1eb7t tr\u1eddi thi\u00eau \u0111\u1ed1t.<\/p>\n<p>Tuy nhi\u00ean, \u0110\u1ea1i T\u00e2y D\u01b0\u01a1ng d\u1eef d\u1ed9i c\u0169ng g\u00e2y ra nh\u1eefng bi k\u1ecbch ri\u00eang: B\u00e3o Andrew \u0111\u00e3 c\u00e0n qu\u00e9t c\u00e1c \u0111\u1ea3o nh\u1ecf ph\u00eda b\u1eafc v\u00e0o n\u0103m 1992; B\u00e3o Floyd \u0111\u00e3 \u0111i d\u1ecdc theo b\u1edd bi\u1ec3n ph\u00eda \u0111\u00f4ng v\u00e0o n\u0103m 1999; v\u00e0 v\u00e0o th\u00e1ng 9 n\u0103m 2019, B\u00e3o Dorian \u0111\u00e3 t\u1ea5n c\u00f4ng Grand Bahama v\u00e0 Great Abaco v\u1edbi c\u01b0\u1eddng \u0111\u1ed9 c\u1ea5p 5, duy tr\u00ec s\u1ee9c gi\u00f3 298 km\/h v\u1edbi t\u1ed1c \u0111\u1ed9 l\u00ean t\u1edbi 350 km\/h, do \u0111\u00f3 \u0111\u00e3 ghi l\u1ea1i k\u1ef7 l\u1ee5c kh\u00ed t\u01b0\u1ee3ng nghi\u00eam tr\u1ecdng nh\u1ea5t c\u1ee7a qu\u1ed1c gia n\u00e0y. Nh\u1eefng nhi\u1ec5u lo\u1ea1n kh\u00ed h\u1eadu - \u0111\u01b0\u1ee3c ch\u1ee9ng minh b\u1eb1ng m\u1ee9c t\u0103ng n\u1eeda \u0111\u1ed9 C k\u1ec3 t\u1eeb n\u0103m 1960 - h\u1ee9a h\u1eb9n s\u1ef1 bi\u1ebfn \u0111\u1ed9ng gia t\u0103ng: c\u00e1c m\u00f4 h\u00ecnh cho th\u1ea5y m\u1ee9c t\u0103ng to\u00e0n c\u1ea7u 2 \u00b0C so v\u1edbi c\u00e1c chu\u1ea9n m\u1ef1c ti\u1ec1n c\u00f4ng nghi\u1ec7p c\u00f3 th\u1ec3 t\u0103ng g\u1ea5p b\u1ed1n l\u1ea7n c\u00e1c s\u1ef1 ki\u1ec7n m\u01b0a c\u1ef1c \u0111oan trong nh\u1eefng gi\u1edbi h\u1ea1n n\u00e0y. V\u1edbi \u00edt nh\u1ea5t 80 ph\u1ea7n tr\u0103m di\u1ec7n t\u00edch \u0111\u1ea5t li\u1ec1n n\u1eb1m d\u01b0\u1edbi \u0111\u1ed9 cao m\u01b0\u1eddi m\u00e9t, d\u1ef1 b\u00e1o m\u1ef1c n\u01b0\u1edbc bi\u1ec3n d\u00e2ng cao b\u00e1o hi\u1ec7u nh\u1eefng th\u00e1ch th\u1ee9c s\u00e2u s\u1eafc \u0111\u1ed1i v\u1edbi c\u00e1c c\u1ed9ng \u0111\u1ed3ng ven bi\u1ec3n, c\u01a1 s\u1edf h\u1ea1 t\u1ea7ng v\u00e0 h\u1ec7 sinh th\u00e1i.<\/p>\n<p>C\u01a1 s\u1edf h\u1ea1 t\u1ea7ng n\u0103ng l\u01b0\u1ee3ng v\u1eabn ph\u1ee5 thu\u1ed9c v\u00e0o d\u1ea7u m\u1ecf nh\u1eadp kh\u1ea9u, t\u1ea1o ra kho\u1ea3ng 2,94 tri\u1ec7u t\u1ea5n kh\u00ed nh\u00e0 k\u00ednh v\u00e0o n\u0103m 2023; tham v\u1ecdng c\u1ee7a ch\u00ednh ph\u1ee7 l\u00e0 cung c\u1ea5p 30 ph\u1ea7n tr\u0103m \u0111i\u1ec7n t\u1eeb c\u00e1c c\u01a1 s\u1edf l\u1eafp \u0111\u1eb7t n\u0103ng l\u01b0\u1ee3ng m\u1eb7t tr\u1eddi v\u00e0o n\u0103m 2033 b\u00e1o hi\u1ec7u s\u1ef1 chuy\u1ec3n d\u1ecbch m\u1edbi n\u1ed5i sang n\u0103ng l\u1ef1c t\u00e1i t\u1ea1o. C\u00f3 \u0111i\u1ec1u ki\u1ec7n l\u00e0 h\u1ee3p t\u00e1c qu\u1ed1c t\u1ebf, c\u00e1c cam k\u1ebft nh\u1eb1m m\u1ee5c \u0111\u00edch c\u1eaft gi\u1ea3m 30 ph\u1ea7n tr\u0103m l\u01b0\u1ee3ng kh\u00ed th\u1ea3i v\u00e0o n\u0103m 2030\u2014m\u1ed9t m\u1ee5c ti\u00eau, n\u1ebfu \u0111\u1ea1t \u0111\u01b0\u1ee3c, s\u1ebd k\u1ebft h\u1ee3p t\u0103ng tr\u01b0\u1edfng kinh t\u1ebf v\u1edbi qu\u1ea3n l\u00fd m\u00f4i tr\u01b0\u1eddng.<\/p>\n<p>V\u1eadn t\u1ea3i tr\u00ean kh\u1eafp qu\u1ea7n \u0111\u1ea3o \u0111an xen gi\u1eefa \u0111\u01b0\u1eddng b\u1ed9, \u0111\u01b0\u1eddng bi\u1ec3n v\u00e0 \u0111\u01b0\u1eddng h\u00e0ng kh\u00f4ng: 1.620 km \u0111\u01b0\u1eddng cao t\u1ed1c tr\u1ea3i nh\u1ef1a ch\u1ea1y qua New Providence, Grand Bahama v\u00e0 c\u00e1c \u0111\u1ea3o ch\u00ednh kh\u00e1c, trong khi s\u00e1u m\u01b0\u01a1i m\u1ed1t s\u00e2n bay k\u1ebft n\u1ed1i c\u00e1c c\u1ed9ng \u0111\u1ed3ng xa x\u00f4i\u2014trong s\u1ed1 \u0111\u00f3 c\u00f3 Lynden Pindling International g\u1ea7n Nassau, Grand Bahama International t\u1ea1i Freeport v\u00e0 Leonard M. Thompson International g\u1ea7n Abaco&#039;s Marsh Harbour. T\u00e0u bi\u1ec3n v\u1eabn l\u00e0 ph\u01b0\u01a1ng ti\u1ec7n kh\u00f4ng th\u1ec3 thi\u1ebfu \u0111\u1ec3 k\u1ebft n\u1ed1i gi\u1eefa c\u00e1c \u0111\u1ea3o, duy tr\u00ec ho\u1ea1t \u0111\u1ed9ng th\u01b0\u01a1ng m\u1ea1i v\u00e0 h\u00e0nh kh\u00e1ch \u1edf nh\u1eefng n\u01a1i \u0111\u01b0\u1eddng b\u0103ng kh\u00f4ng th\u1ec3 ti\u1ebfp c\u1eadn.<\/p>\n<p>V\u1ec1 m\u1eb7t nh\u00e2n kh\u1ea9u h\u1ecdc, Bahamas c\u00f3 bi\u1ec3u \u0111\u1ed3 t\u0103ng tr\u01b0\u1edfng khi\u00eam t\u1ed1n. Trong cu\u1ed9c \u0111i\u1ec1u tra d\u00e2n s\u1ed1 n\u0103m 2018, 67,2 ph\u1ea7n tr\u0103m c\u01b0 d\u00e2n n\u1eb1m trong \u0111\u1ed9 tu\u1ed5i 15\u201364, 25,9 ph\u1ea7n tr\u0103m d\u01b0\u1edbi 15 tu\u1ed5i v\u00e0 6,9 ph\u1ea7n tr\u0103m tr\u00ean 65 tu\u1ed5i. T\u1ef7 l\u1ec7 sinh v\u00e0 t\u1eed l\u1ea7n l\u01b0\u1ee3t l\u00e0 17,81 v\u00e0 9,35 tr\u00ean 1.000 ng\u01b0\u1eddi, trong khi di c\u01b0 r\u00f2ng t\u1ea1o ra m\u1ed9t cu\u1ed9c di c\u01b0 nh\u1eb9 \u1edf m\u1ee9c -2,13 ng\u01b0\u1eddi di c\u01b0 tr\u00ean 1.000 ng\u01b0\u1eddi. Tu\u1ed5i th\u1ecd trung b\u00ecnh l\u00e0 69,87 n\u0103m\u201473,49 \u0111\u1ed1i v\u1edbi ph\u1ee5 n\u1eef v\u00e0 66,32 \u0111\u1ed1i v\u1edbi nam gi\u1edbi\u2014v\u1edbi t\u1ed5ng t\u1ef7 l\u1ec7 sinh g\u1ea7n hai con tr\u00ean m\u1ed9t ph\u1ee5 n\u1eef. Nh\u1eefng v\u00f9ng \u0111\u1ea5t c\u00f3 m\u1eadt \u0111\u1ed9 \u0111\u1ecbnh c\u01b0 \u0111\u00f4ng \u0111\u00fac nh\u1ea5t t\u1eadp trung \u1edf New Providence v\u00e0 Grand Bahama; c\u00e1c \u0111\u1ea3o c\u00f3 ng\u01b0\u1eddi \u1edf kh\u00e1c\u2014Eleuthera, Cat Island, San Salvador, Exuma v\u00e0 qu\u1ea7n \u0111\u1ea3o Bimini trong s\u1ed1 \u0111\u00f3\u2014v\u1eabn duy tr\u00ec c\u00e1c c\u1ed9ng \u0111\u1ed3ng nh\u1ecf h\u01a1n nh\u01b0ng s\u00f4i \u0111\u1ed9ng.<\/p>\n<p>N\u1ec1n v\u0103n h\u00f3a \u0111an xen di s\u1ea3n thu\u1ed9c \u0111\u1ecba Anh, di s\u1ea3n ch\u00e2u Phi v\u00e0 \u1ea3nh h\u01b0\u1edfng c\u1ee7a M\u1ef9, th\u1ec3 hi\u1ec7n qua l\u00f2ng s\u00f9ng \u0111\u1ea1o, t\u1eadp t\u1ee5c d\u00e2n gian v\u00e0 bi\u1ec3u hi\u1ec7n ngh\u1ec7 thu\u1eadt. Ti\u1ebfng Anh \u0111\u00f3ng vai tr\u00f2 l\u00e0 ng\u00f4n ng\u1eef chung; Baptist l\u00e0 gi\u00e1o ph\u00e1i l\u1edbn nh\u1ea5t trong m\u1ed9t v\u00f9ng \u0111\u1ea5t n\u1ed5i ti\u1ebfng v\u1edbi t\u1ef7 l\u1ec7 nh\u00e0 th\u1edd tr\u00ean d\u00e2n s\u1ed1 cao nh\u1ea5t th\u1ebf gi\u1edbi. Obeah, m\u1ed9t h\u1ec7 th\u1ed1ng ma thu\u1eadt d\u00e2n gian c\u00f3 ngu\u1ed3n g\u1ed1c t\u1eeb ch\u00e2u Phi, v\u1eabn t\u1ed3n t\u1ea1i m\u1ed9t c\u00e1ch b\u00ed m\u1eadt \u1edf c\u00e1c qu\u1eadn \u0111\u1ea3o gia \u0111\u00ecnh, m\u1eb7c d\u00f9 b\u1ecb lu\u1eadt ph\u00e1p Bahamas c\u1ea5m. Nh\u1eefng ng\u01b0\u1eddi th\u1ee3 th\u1ee7 c\u00f4ng bi\u1ebfn &#034;r\u01a1m&#034; l\u00e1 c\u1ecd th\u00e0nh m\u0169 v\u00e0 t\u00fai \u0111\u1ec3 xu\u1ea5t kh\u1ea9u, c\u00e1c s\u1ea3n ph\u1ea9m d\u1ec7t c\u1ee7a h\u1ecd ph\u1ea3n \u00e1nh c\u00e1c k\u1ef9 thu\u1eadt truy\u1ec1n th\u1ed1ng \u0111\u01b0\u1ee3c truy\u1ec1n qua nhi\u1ec1u th\u1ebf h\u1ec7.<\/p>\n<p>Nh\u1ecbp \u0111i\u1ec7u l\u1ec5 h\u1ed9i l\u00e0m n\u1ed5i b\u1eadt l\u1ecbch. Ng\u00e0y t\u1eb7ng qu\u00e0 v\u00e0 Ng\u00e0y \u0111\u1ea7u n\u0103m m\u1edbi th\u1eafp s\u00e1ng c\u00e1c \u0111\u01b0\u1eddng ph\u1ed1 Nassau v\u1edbi Junkanoo\u2014m\u1ed9t c\u1ea3nh t\u01b0\u1ee3ng c\u1ee7a b\u1ed9 g\u00f5, k\u00e8n \u0111\u1ed3ng v\u00e0 l\u1ec5 ph\u1ee5c gi\u1ea5y nh\u0103n \u0111\u01b0\u1ee3c ch\u1ebf t\u00e1c m\u1edbi m\u1ed7i m\u00f9a\u2014trong khi gi\u1ea3i ph\u00f3ng v\u00e0 c\u00e1c ng\u00e0y l\u1ec5 qu\u1ed1c gia th\u00fac \u0111\u1ea9y c\u00e1c cu\u1ed9c di\u1ec5u h\u00e0nh quy m\u00f4 nh\u1ecf h\u01a1n \u1edf c\u00e1c khu \u0111\u1ecbnh c\u01b0 ngo\u00e0i \u0111\u1ea3o. C\u00e1c cu\u1ed9c \u0111ua thuy\u1ec1n t\u1eadp h\u1ee3p c\u00e1c th\u1ee7y th\u1ee7 tr\u00ean thuy\u1ec1n l\u00e0m vi\u1ec7c, k\u1ebft h\u1ee3p cu\u1ed9c thi h\u00e0ng h\u1ea3i v\u1edbi l\u1ec5 h\u1ed9i b\u1edd bi\u1ec3n v\u00e0 c\u00e1c l\u1ec5 k\u1ef7 ni\u1ec7m \u1ea9m th\u1ef1c t\u00f4n vinh s\u1ea3n l\u01b0\u1ee3ng \u0111\u1ecba ph\u01b0\u01a1ng: L\u1ec5 h\u1ed9i d\u1ee9a c\u1ee7a th\u1ecb tr\u1ea5n Gregory, L\u1ec5 h\u1ed9i cua c\u1ee7a Andros v\u00e0 c\u00e1c l\u1ec5 k\u1ef7 ni\u1ec7m tr\u00ean to\u00e0n \u0111\u1ea3o v\u1ec1 \u1ed1c x\u00e0 c\u1eeb, t\u00f4m h\u00f9m \u0111\u00e1 v\u00e0 \u1ed5i. C\u00e1c bu\u1ed5i k\u1ec3 chuy\u1ec7n g\u1ee3i l\u1ea1i truy\u1ec1n thuy\u1ebft c\u1ee7a t\u1ed5 ti\u00ean: lusca v\u00e0 chickcharney c\u1ee7a Andros, Pretty Molly c\u1ee7a Exuma v\u00e0 Th\u00e0nh ph\u1ed1 Atlantis \u0111\u00e3 m\u1ea5t n\u1ed5i ti\u1ebfng c\u1ee7a Bimini t\u1ea1o n\u00ean m\u1ed9t \u0111\u1ec1n th\u1edd c\u00e1c truy\u1ec1n thuy\u1ebft l\u00e0m n\u1ec1n t\u1ea3ng cho tr\u00ed t\u01b0\u1edfng t\u01b0\u1ee3ng c\u1ee7a qu\u1ed1c gia.<\/p>\n<p>V\u0103n h\u1ecdc xu\u1ea5t hi\u1ec7n t\u1eeb s\u1ef1 giao thoa gi\u1eefa k\u00fd \u1ee9c v\u00e0 thay \u0111\u1ed5i n\u00e0y. C\u00e1c nh\u00e0 th\u01a1 v\u00e0 nh\u00e0 v\u0103n xu\u00f4i\u2014trong \u0111\u00f3 c\u00f3 Susan Wallace\u2014t\u1ea1o n\u00ean nh\u1eefng c\u00e2u chuy\u1ec7n v\u1eadt l\u1ed9n v\u1edbi b\u1ea3n s\u1eafc, s\u1ef1 x\u00e2m nh\u1eadp c\u1ee7a hi\u1ec7n \u0111\u1ea1i v\u00e0o phong t\u1ee5c c\u1ee7a t\u1ed5 ti\u00ean v\u00e0 s\u1ee9c h\u1ea5p d\u1eabn l\u00e2u d\u00e0i c\u1ee7a v\u1ebb \u0111\u1eb9p t\u1ef1 nhi\u00ean. C\u00e1c t\u00e1c ph\u1ea9m c\u1ee7a h\u1ecd ch\u1ee9ng ki\u1ebfn \u200b\u200bnh\u1eefng thay \u0111\u1ed5i v\u1ec1 kinh t\u1ebf x\u00e3 h\u1ed9i, s\u1ef1 t\u00ecm ki\u1ebfm s\u1ef1 tinh t\u1ebf trong ngh\u1ec7 thu\u1eadt v\u00e0 nh\u1eadn th\u1ee9c b\u1ea3n th\u00e2n, v\u00e0 s\u1ef1 c\u0103ng th\u1eb3ng gi\u1eefa khao kh\u00e1t truy\u1ec1n th\u1ed1ng v\u00e0 s\u1ef1 th\u00fac \u0111\u1ea9y h\u01b0\u1edbng t\u1edbi s\u1ef1 h\u1ed9i nh\u1eadp qu\u1ed1c t\u1ebf.<\/p>\n<p>C\u1ea5u tr\u00fac qu\u1ea3n tr\u1ecb duy tr\u00ec s\u1ee9c s\u1ed1ng kinh t\u1ebf th\u00f4ng qua m\u1ed9t ch\u01b0\u01a1ng tr\u00ecnh \u0111\u00e1nh thu\u1ebf kh\u00f4ng c\u00f3 thu\u1ebf thu nh\u1eadp, thu\u1ebf doanh nghi\u1ec7p ho\u1eb7c thu\u1ebf thu nh\u1eadp t\u1eeb v\u1ed1n; ng\u00e2n kh\u1ed1 nh\u00e0 n\u01b0\u1edbc ch\u1ee7 y\u1ebfu c\u00f3 ngu\u1ed3n thu t\u1eeb thu\u1ebf nh\u1eadp kh\u1ea9u, thu\u1ebf gi\u00e1 tr\u1ecb gia t\u0103ng, ph\u00ed c\u1ea5p ph\u00e9p v\u00e0 \u0111\u00e1nh gi\u00e1 t\u00e0i s\u1ea3n. C\u00e1c kho\u1ea3n \u0111\u00f3ng g\u00f3p ti\u1ec1n l\u01b0\u01a1ng, \u0111\u01b0\u1ee3c chia s\u1ebb gi\u1eefa ng\u01b0\u1eddi s\u1eed d\u1ee5ng lao \u0111\u1ed9ng v\u00e0 ng\u01b0\u1eddi lao \u0111\u1ed9ng, t\u00e0i tr\u1ee3 cho b\u1ea3o hi\u1ec3m x\u00e3 h\u1ed9i, trong khi c\u00e1c s\u1ed1 li\u1ec7u ch\u00ednh th\u1ee9c ghi nh\u1eadn doanh thu thu\u1ebf \u1edf m\u1ee9c 17,2 ph\u1ea7n tr\u0103m GDP t\u00ednh \u0111\u1ebfn n\u0103m 2010. S\u1ef1 ngang gi\u00e1 c\u1ee7a \u0111\u1ed3ng \u0111\u00f4 la Bahamas v\u1edbi \u0111\u1ed3ng \u0111\u00f4 la M\u1ef9 h\u1ed7 tr\u1ee3 cho s\u1ef1 \u1ed5n \u0111\u1ecbnh t\u00e0i ch\u00ednh, t\u1ea1o \u0111i\u1ec1u ki\u1ec7n thu\u1eadn l\u1ee3i cho th\u01b0\u01a1ng m\u1ea1i v\u00e0 \u0111\u1ea7u t\u01b0.<\/p>\n<p>Khoa h\u1ecdc v\u00e0 ch\u00ednh s\u00e1ch c\u0169ng giao thoa tr\u00ean m\u1eb7t tr\u1eadn m\u00f4i tr\u01b0\u1eddng. \u0110i\u1ec3m s\u1ed1 c\u1ee7a Ch\u1ec9 s\u1ed1 to\u00e0n v\u1eb9n c\u1ea3nh quan r\u1eebng \u0111\u00e1nh gi\u00e1 h\u1ec7 sinh th\u00e1i Bahamas \u1edf m\u1ee9c cao v\u1eeba ph\u1ea3i, nh\u01b0ng vi\u1ec7c kh\u00f4ng c\u00f3 r\u1eebng nguy\u00ean sinh trong c\u00e1c khu v\u1ef1c \u0111\u01b0\u1ee3c b\u1ea3o v\u1ec7 nh\u1ea5n m\u1ea1nh nhu c\u1ea7u v\u1ec1 c\u00e1c chi\u1ebfn l\u01b0\u1ee3c b\u1ea3o t\u1ed3n. C\u00e1c m\u00f4 h\u00ecnh l\u00e2y truy\u1ec1n b\u1ec7nh t\u1eadt\u2014\u0111\u01b0\u1ee3c \u0111i\u1ec1u ch\u1ec9nh b\u1edfi s\u1ef1 thay \u0111\u1ed5i nhi\u1ec7t \u0111\u1ed9 v\u00e0 l\u01b0\u1ee3ng m\u01b0a\u2014\u0111\u1eb7t ra nh\u1eefng c\u00e2n nh\u1eafc kh\u00e1c v\u1ec1 s\u1ee9c kh\u1ecfe c\u1ed9ng \u0111\u1ed3ng, v\u00ec arbovirus c\u00f3 th\u1ec3 t\u00ecm th\u1ea5y nhi\u1ec1u c\u1eeda s\u1ed5 ph\u00e1t tri\u1ec3n h\u01a1n trong \u0111i\u1ec1u ki\u1ec7n \u1ea5m h\u01a1n, \u1ea9m \u01b0\u1edbt h\u01a1n.<\/p>\n<p>Do \u0111\u00f3, Kh\u1ed1i th\u1ecbnh v\u01b0\u1ee3ng chung Bahamas th\u1ec3 hi\u1ec7n m\u1ed9t b\u1ee9c tranh t\u01b0\u01a1ng ph\u1ea3n v\u00e0 li\u00ean t\u1ee5c: m\u1ed9t qu\u1ed1c gia \u0111\u01b0\u1ee3c t\u1ea1o h\u00ecnh b\u1edfi c\u00e1c qu\u00e1 tr\u00ecnh \u0111\u1ecba ch\u1ea5t c\u1ed5 \u0111\u1ea1i v\u00e0 di c\u01b0 c\u1ee7a con ng\u01b0\u1eddi; ki\u00ean c\u01b0\u1eddng tr\u01b0\u1edbc nh\u1eefng thay \u0111\u1ed5i th\u1ea5t th\u01b0\u1eddng c\u1ee7a b\u00e3o v\u00e0 nhi\u1ec7t \u0111\u1ed9; \u0111\u01b0\u1ee3c n\u00e2ng \u0111\u1ee1 b\u1edfi bi\u1ec3n c\u1ea3 thu h\u00fat nh\u1eefng ng\u01b0\u1eddi t\u00ecm ki\u1ebfm \u00e1nh n\u1eafng m\u1eb7t tr\u1eddi v\u00e0 c\u1ea3 v\u1ed1n; \u0111\u01b0\u1ee3c th\u00fac \u0111\u1ea9y b\u1edfi c\u00e1c nghi l\u1ec5 v\u0103n h\u00f3a g\u1eafn k\u1ebft c\u1ed9ng \u0111\u1ed3ng tr\u00ean kh\u1eafp c\u00e1c h\u00f2n \u0111\u1ea3o l\u1edbn nh\u1ecf. B\u00ean d\u01b0\u1edbi \u0111\u01b0\u1eddng ch\u00e2n tr\u1eddi v\u00f4 t\u1eadn c\u1ee7a m\u00e0u xanh ng\u1ecdc lam v\u00e0 b\u1ea7u tr\u1eddi, ng\u01b0\u1eddi d\u00e2n n\u01a1i \u0111\u00e2y duy tr\u00ec c\u00e1c truy\u1ec1n th\u1ed1ng sinh ra t\u1eeb s\u1ef1 c\u1ea7n thi\u1ebft v\u00e0 l\u1ec5 k\u1ef7 ni\u1ec7m, ch\u00e8o l\u00e1i \u0111\u1ea5t n\u01b0\u1edbc c\u1ee7a h\u1ecd qua c\u00e1c d\u00f2ng ch\u1ea3y c\u1ee7a l\u1ecbch s\u1eed v\u1edbi con m\u1eaft lu\u00f4n ch\u00fa \u00fd \u0111\u1ebfn s\u1ef1 l\u00ean xu\u1ed1ng c\u1ee7a th\u1ee7y tri\u1ec1u m\u00f4i tr\u01b0\u1eddng, x\u00e3 h\u1ed9i v\u00e0 kinh t\u1ebf.<\/p>","protected":false},"excerpt":{"rendered":"<p>Ch\u00ednh th\u1ee9c l\u00e0 Kh\u1ed1i th\u1ecbnh v\u01b0\u1ee3ng chung Bahamas, qu\u1ed1c \u0111\u1ea3o h\u1ea5p d\u1eabn n\u00e0y \u1edf \u0110\u1ea1i T\u00e2y D\u01b0\u01a1ng l\u00e0 m\u1ed9t ph\u1ea7n c\u1ee7a Qu\u1ea7n \u0111\u1ea3o Lucayan. V\u1edbi h\u01a1n 3.000 h\u00f2n \u0111\u1ea3o, c\u1ed3n c\u00e1t v\u00e0 \u0111\u1ea3o nh\u1ecf, qu\u1ed1c gia qu\u1ea7n \u0111\u1ea3o n\u00e0y \u0111\u01b0\u1ee3c ph\u00e2n bi\u1ec7t b\u1edfi s\u1ef1 ph\u00e2n t\u00e1n \u0111\u1ecba l\u00fd \u0111\u00e1ng k\u1ec3. Trong t\u1ed5ng di\u1ec7n t\u00edch \u0111\u1ea5t li\u1ec1n c\u1ee7a Qu\u1ea7n \u0111\u1ea3o Lucayan, khu v\u1ef1c n\u00e0y chi\u1ebfm 97% v\u00e0 d\u00e2n s\u1ed1 chi\u1ebfm 88%. Bahamas g\u1ea7n v\u1edbi Qu\u1ea7n \u0111\u1ea3o Turks v\u00e0 Caicos v\u00e0 n\u1eb1m \u1edf ph\u00eda b\u1eafc Cuba, ph\u00eda t\u00e2y b\u1eafc Hispaniola, chia c\u1eaft gi\u1eefa C\u1ed9ng h\u00f2a Dominica v\u00e0 Haiti. N\u00f3 n\u1eb1m \u1edf ph\u00eda \u0111\u00f4ng nam Florida v\u00e0 ph\u00eda \u0111\u00f4ng Florida Keys. N\u1eb1m tr\u00ean \u0110\u1ea3o New Providence, Nassau, th\u1ee7 \u0111\u00f4, l\u00e0 trung t\u00e2m c\u1ee7a qu\u1ed1c \u0111\u1ea3o n\u00e0y. Nh\u1ea5n m\u1ea1nh v\u00e0o khu v\u1ef1c h\u00e0ng h\u1ea3i r\u1ed9ng l\u1edbn c\u1ee7a m\u00ecnh, L\u1ef1c l\u01b0\u1ee3ng Ph\u00f2ng v\u1ec7 Ho\u00e0ng gia Bahamas \u0111\u1ecbnh ngh\u0129a l\u00e3nh th\u1ed5 c\u1ee7a \u0111\u1ea5t n\u01b0\u1edbc l\u00e0 kho\u1ea3ng 470.000 km\u00b2 (180.000 d\u1eb7m vu\u00f4ng).<\/p>","protected":false},"author":1,"featured_media":4263,"parent":24084,"menu_order":0,"comment_status":"closed","ping_status":"closed","template":"elementor_theme","meta":{"_eb_attr":"","footnotes":""},"class_list":["post-9484","page","type-page","status-publish","has-post-thumbnail"],"_links":{"self":[{"href":"https:\/\/travelshelper.com\/vi\/wp-json\/wp\/v2\/pages\/9484","targetHints":{"allow":["GET"]}}],"collection":[{"href":"https:\/\/travelshelper.com\/vi\/wp-json\/wp\/v2\/pages"}],"about":[{"href":"https:\/\/travelshelper.com\/vi\/wp-json\/wp\/v2\/types\/page"}],"author":[{"embeddable":true,"href":"https:\/\/travelshelper.com\/vi\/wp-json\/wp\/v2\/users\/1"}],"replies":[{"embeddable":true,"href":"https:\/\/travelshelper.com\/vi\/wp-json\/wp\/v2\/comments?post=9484"}],"version-history":[{"count":0,"href":"https:\/\/travelshelper.com\/vi\/wp-json\/wp\/v2\/pages\/9484\/revisions"}],"up":[{"embeddable":true,"href":"https:\/\/travelshelper.com\/vi\/wp-json\/wp\/v2\/pages\/24084"}],"wp:featuredmedia":[{"embeddable":true,"href":"https:\/\/travelshelper.com\/vi\/wp-json\/wp\/v2\/media\/4263"}],"wp:attachment":[{"href":"https:\/\/travelshelper.com\/vi\/wp-json\/wp\/v2\/media?parent=9484"}],"curies":[{"name":"wp","href":"https:\/\/api.w.org\/{rel}","templated":true}]}}