{"id":9463,"date":"2024-09-08T13:09:29","date_gmt":"2024-09-08T13:09:29","guid":{"rendered":"https:\/\/travelshelper.com\/staging\/?page_id=9463"},"modified":"2026-03-13T13:04:21","modified_gmt":"2026-03-13T13:04:21","slug":"caye-caulker","status":"publish","type":"page","link":"https:\/\/travelshelper.com\/vi\/destinations\/north-america\/belize\/caye-caulker\/","title":{"rendered":"Caye Caulker"},"content":{"rendered":"<p>Caye Caulker m\u1edf ra nh\u01b0 m\u1ed9t vi\u00ean ng\u1ecdc \u1ea9n gi\u1ea5u c\u1ee7a v\u00f9ng Caribe ph\u00eda t\u00e2y\u2014m\u1ed9t h\u00f2n \u0111\u1ea3o san h\u00f4 h\u1eb9p d\u00e0i ch\u01b0a \u0111\u1ea7y t\u00e1m kilomet v\u00e0 r\u1ed9ng ch\u01b0a \u0111\u1ea7y m\u1ed9t kilomet, \u0111\u01b0\u1ee3c bao quanh b\u1edfi m\u1ed9t \u0111\u1ea7m ph\u00e1 n\u00f4ng v\u00e0 R\u1ea1n san h\u00f4 Belize Barrier \u0111\u00e1ng k\u00ednh. Ng\u00f4i l\u00e0ng v\u1edbi kho\u1ea3ng b\u1ed1n ngh\u00ecn linh h\u1ed3n n\u00e0y chi\u1ebfm gi\u1eef ph\u1ea7n x\u01b0\u01a1ng s\u1ed1ng \u0111\u1ea7y c\u00e1t c\u1ee7a th\u1ec1m \u0111\u00e1 v\u00f4i n\u00e0y, n\u1eb1m c\u00e1ch Th\u00e0nh ph\u1ed1 Belize kho\u1ea3ng ba m\u01b0\u01a1i hai kilomet v\u1ec1 ph\u00eda b\u1eafc-\u0111\u00f4ng b\u1eafc. M\u1eb7c d\u00f9 c\u00f3 k\u00edch th\u01b0\u1edbc khi\u00eam t\u1ed1n, h\u00f2n \u0111\u1ea3o n\u00e0y v\u1eabn c\u00f3 s\u1ee9c h\u1ea5p d\u1eabn qu\u00e1 m\u1ee9c, b\u1eaft ngu\u1ed3n t\u1eeb s\u1ef1 t\u01b0\u01a1ng t\u00e1c tinh t\u1ebf gi\u1eefa v\u00f9ng n\u01b0\u1edbc trong v\u1eaft, nh\u1eefng b\u00e3i \u0111\u1ea5t ph\u1eb3ng l\u1ed9ng gi\u00f3 v\u00e0 m\u1ed9t l\u1ecbch s\u1eed \u0111\u01b0\u1ee3c vi\u1ebft b\u1eb1ng nh\u1eefng c\u01a1n b\u00e3o, cu\u1ed9c di c\u01b0 v\u00e0 s\u1ef1 nghi\u1ec7p c\u1ee7a con ng\u01b0\u1eddi.<\/p>\n<p>T\u1eeb \u00e1nh s\u00e1ng \u0111\u1ea7u ti\u00ean c\u1ee7a b\u00ecnh minh, nh\u1eefng ng\u00f4i nh\u00e0 g\u1ed7 th\u1ea5p c\u1ee7a ng\u00f4i l\u00e0ng\u2014h\u1eadu du\u1ec7 c\u1ee7a nh\u1eefng l\u00f4 \u0111\u1ea5t \u0111\u01b0\u1ee3c N\u1eef ho\u00e0ng Victoria c\u1ea5p v\u00e0o cu\u1ed1i th\u1ebf k\u1ef7 XIX\u2014t\u1ecfa s\u00e1ng v\u1edbi s\u1ef1 \u1ea5m \u00e1p ng\u1ecdt ng\u00e0o, m\u00e1i nh\u00e0 b\u1eb1ng \u0111\u1ea5t nung c\u1ee7a ch\u00fang in b\u00f3ng tr\u00ean n\u1ec1n tr\u1eddi chuy\u1ec3n \u0111\u1ed9ng qua m\u00e0u san h\u00f4 v\u00e0 m\u00e0u ch\u00e0m. Nh\u1eefng ng\u01b0\u1eddi \u0111\u01b0\u1ee3c c\u1ea5p \u0111\u1ea5t ban \u0111\u1ea7u, nh\u1eefng gia \u0111\u00ecnh c\u00f3 d\u00f2ng d\u00f5i v\u1eabn c\u00f2n g\u1eafn ch\u1eb7t v\u1edbi c\u1ea5u tr\u00fac x\u00e3 h\u1ed9i c\u1ee7a h\u00f2n \u0111\u1ea3o, \u0111\u00e3 ch\u1ecdn \u0111\u1ecba \u0111i\u1ec3m n\u00e0y v\u00ec v\u1ecbnh b\u1ea3o v\u1ec7 \u1edf ph\u00eda sau v\u00e0 b\u00e3i c\u00e1t san h\u00f4 ch\u1eafc ch\u1eafn b\u00ean d\u01b0\u1edbi c\u1ea7u c\u1ea3ng\u2014\u0111i\u1ec1u ki\u1ec7n \u0111\u00e1ng tin c\u1eady h\u01a1n so v\u1edbi c\u00e1c b\u00e3i b\u1ed3i l\u1ea7y l\u1ed9i \u1edf nh\u1eefng n\u01a1i kh\u00e1c. \u1ede \u0111\u00f3, nh\u1eefng ng\u01b0\u1eddi \u0111\u00e1nh c\u00e1 neo \u0111\u1eadu nh\u1eefng chi\u1ebfc xu\u1ed3ng \u0111\u1ed9c m\u1ed9c; ng\u00e0y nay, h\u1ecd neo \u0111\u1eadu nh\u1eefng chi\u1ebfc taxi n\u01b0\u1edbc b\u00f3ng b\u1ea9y v\u00e0 nh\u1eefng chi\u1ebfc thuy\u1ec1n \u0111\u00f4i ch\u1ea1y b\u1eb1ng h\u01a1i n\u01b0\u1edbc \u0111\u1ec3 l\u1eb7n bi\u1ec3n.<\/p>\n<p>C\u00e1c d\u00f2ng n\u01b0\u1edbc ng\u1ea7m t\u1ea1o n\u00ean nh\u1eefng b\u00ed \u1ea9n ri\u00eang c\u1ee7a ch\u00fang b\u00ean d\u01b0\u1edbi b\u1ec1 m\u1eb7t ng\u1eadp tr\u00e0n \u00e1nh n\u1eafng c\u1ee7a Caye Caulker. M\u1ed9t hang \u0111\u1ed9ng d\u01b0\u1edbi n\u01b0\u1edbc\u2014\u0111\u01b0\u1ee3c ng\u01b0\u1eddi d\u00e2n \u0111\u1ecba ph\u01b0\u01a1ng g\u1ecdi l\u00e0 Hang Kh\u1ed5ng L\u1ed3\u2014m\u1edf ra \u0111\u00e1 v\u00f4i s\u1ed1ng, trong khi r\u1ea1n san h\u00f4 kh\u00f4 \u1edf ph\u00eda \u0111\u00f4ng n\u1ed5i l\u00ean th\u00e0nh t\u1eebng m\u1ea3ng tr\u00ean b\u1ec1 m\u1eb7t tr\u01b0\u1edbc khi ch\u00ecm xu\u1ed1ng \u0111\u1ed9 s\u00e2u hai m\u00e9t tr\u1edf l\u00ean khi ng\u01b0\u1eddi ta di chuy\u1ec3n v\u1ec1 ph\u00eda b\u1eafc. Ph\u00e1 n\u00f4ng, hi\u1ebfm khi s\u00e2u h\u01a1n m\u01b0\u1eddi l\u0103m cm \u1edf m\u1ed9t s\u1ed1 n\u01a1i nh\u01b0ng l\u1ea1i s\u00e2u h\u01a1n b\u1ed1n m\u00e9t g\u1ea7n r\u00eca r\u1ea1n san h\u00f4, l\u00e0 n\u01a1i \u1ea9n n\u00e1u cho c\u1ea3 ng\u01b0\u1eddi l\u01b0\u1edbt v\u00e1n bu\u1ed3m v\u00e0 ng\u01b0\u1eddi b\u01a1i t\u1ef1 do. N\u00f3 c\u0169ng t\u1ea1o th\u00e0nh m\u1ed9t b\u1ea3n l\u1ec1 gi\u1eefa ng\u00f4i l\u00e0ng v\u00e0 bi\u1ec3n kh\u01a1i, m\u1ed9t ng\u01b0\u1ee1ng c\u1eeda v\u1eeba quy\u1ebfn r\u0169 v\u1eeba nguy hi\u1ec3m nh\u01b0 nhau.<\/p>\n<p>M\u1ed9t khe h\u1eb9p \u1edf ph\u1ea7n gi\u1eefa c\u1ee7a h\u00f2n \u0111\u1ea3o, \u0111\u01b0\u1ee3c g\u1ecdi m\u1ed9t c\u00e1ch th\u00f4ng t\u1ee5c l\u00e0 &#034;The Split&#034;, l\u00e0 minh ch\u1ee9ng s\u1ed1ng \u0111\u1ed9ng cho s\u00e1ng ki\u1ebfn \u200b\u200bc\u1ee7a \u0111\u1ecba ph\u01b0\u01a1ng v\u00e0 s\u1ef1 b\u1ec1n b\u1ec9 t\u1ef1 nhi\u00ean. M\u1eb7c d\u00f9 th\u01b0\u1eddng \u0111\u01b0\u1ee3c cho l\u00e0 do c\u01a1n b\u00e3o Hattie g\u00e2y ra v\u00e0o n\u0103m 1961, nh\u01b0ng r\u00e3nh n\u00e0y th\u1ef1c s\u1ef1 c\u00f3 ngu\u1ed3n g\u1ed1c t\u1eeb b\u00e0n tay c\u1ee7a d\u00e2n l\u00e0ng do Ramon Reyes l\u00e3nh \u0111\u1ea1o. Sau khi c\u01a1n b\u00e3o \u0111\u00e3 t\u1ea1o ra m\u1ed9t k\u00eanh n\u00f4ng, m\u1ed9t nh\u00f3m c\u01b0 d\u00e2n \u0111\u00e3 s\u1eed d\u1ee5ng x\u1ebbng v\u00e0 xe c\u00fat k\u00edt \u0111\u1ec3 \u0111\u00e0o s\u00e2u k\u00eanh cho xu\u1ed3ng \u0111\u1ed9c m\u1ed9c; th\u1eddi gian v\u00e0 d\u00f2ng th\u1ee7y tri\u1ec1u \u0111\u00e3 x\u00f3i m\u00f2n b\u1edd c\u1ee7a n\u00f3 \u0111\u1ebfn chi\u1ec1u r\u1ed9ng h\u01a1n ba m\u01b0\u01a1i m\u00e9t v\u00e0 \u0111\u1ed9 s\u00e2u cho ph\u00e9p nh\u1eefng chi\u1ebfc thuy\u1ec1n l\u1edbn h\u01a1n \u0111i qua. Ng\u00e0y nay, The Split \u0111\u00f3ng vai tr\u00f2 l\u00e0 hi\u00ean tr\u01b0\u1edbc chung - nh\u1eefng ng\u01b0\u1eddi \u0111\u00e1nh c\u00e1 v\u00e1 l\u01b0\u1edbi d\u1ecdc theo m\u00e9p c\u1ee7a n\u00f3, tr\u1ebb em th\u1ea3 b\u00e8 t\u1ea1m th\u1eddi v\u00e0 v\u00e0o l\u00fac ch\u1ea1ng v\u1ea1ng, \u0111\u01b0\u1eddng th\u1ee7y tr\u00e0n ng\u1eadp \u00e1nh \u0111\u00e8n l\u1ed3ng.<\/p>\n<p>B\u1ee9c tranh nh\u00e2n v\u0103n c\u1ee7a h\u00f2n \u0111\u1ea3o ph\u1ea3n \u00e1nh s\u1ef1 h\u1ed9i t\u1ee5 c\u1ee7a nh\u1eefng ng\u01b0\u1eddi t\u1ecb n\u1ea1n Maya-T\u00e2y Ban Nha t\u1eeb c\u00e1c cu\u1ed9c xung \u0111\u1ed9t n\u0103m 1847 c\u1ee7a Yucat\u00e1n v\u00e0 c\u00e1c c\u1ed9ng \u0111\u1ed3ng Creole v\u00e0 Garifuna b\u1ecb thu h\u00fat b\u1edfi s\u1ef1 phong ph\u00fa c\u1ee7a ngh\u1ec1 \u0111\u00e1nh b\u1eaft c\u00e1. \u0110\u1ebfn n\u0103m 2010, nh\u1eefng ng\u01b0\u1eddi c\u00f3 di s\u1ea3n mestizo chi\u1ebfm g\u1ea7n hai ph\u1ea7n ba s\u1ed1 li\u1ec7u th\u1ed1ng k\u00ea, v\u1edbi c\u00e1c nh\u00f3m thi\u1ec3u s\u1ed1 Creole, Caucasian, Maya v\u00e0 Garifuna l\u00e0m phong ph\u00fa th\u00eam b\u1ea3ng m\u00e0u v\u0103n h\u00f3a. Trong th\u1eadp k\u1ef7 hi\u1ec7n t\u1ea1i, d\u00e2n s\u1ed1 c\u1ee7a Caye Caulker \u0111\u00e3 t\u0103ng l\u00ean kho\u1ea3ng b\u1ed1n ngh\u00ecn ng\u01b0\u1eddi, duy tr\u00ec h\u01a1n n\u0103m m\u01b0\u01a1i nh\u00e0 ngh\u1ec9 nh\u1ecf c\u00f9ng v\u1edbi c\u00e1c nh\u00e0 h\u00e0ng, c\u1eeda h\u00e0ng th\u1ee7 c\u00f4ng m\u1ef9 ngh\u1ec7 v\u00e0 c\u00e1c nh\u00e0 \u0111i\u1ec1u h\u00e0nh l\u1eb7n.<\/p>\n<p>\u0110\u00e1nh b\u1eaft c\u00e1 t\u1eebng l\u00e0 ngu\u1ed3n s\u1ed1ng c\u1ee7a ng\u01b0\u1eddi d\u00e2n \u0111\u1ecba ph\u01b0\u01a1ng: \u1ed1c x\u00e0 c\u1eeb v\u00e0 t\u00f4m h\u00f9m r\u1ea5t nhi\u1ec1u d\u1ecdc theo r\u1ea1n san h\u00f4, trong khi c\u00e1c cu\u1ed9c di c\u01b0 theo m\u00f9a mang l\u1ea1i nhi\u1ec1u v\u00e2y c\u00e1, v\u00e0 trong Th\u1ebf chi\u1ebfn th\u1ee9 hai, l\u01b0\u1edbi \u0111\u00e1nh c\u00e1 \u0111\u00e3 thu \u0111\u01b0\u1ee3c nhi\u1ec1u m\u1ea3nh v\u1ee1 t\u1eeb c\u00e1c t\u00e0u b\u1ecb ng\u01b0 l\u00f4i \u0111\u00e1nh b\u1eaft - ki\u1ec7n cao su t\u1ecf ra \u0111\u1eb7c bi\u1ec7t c\u00f3 l\u1ee3i nhu\u1eadn. M\u1eb7c d\u00f9 v\u1eabn quan tr\u1ecdng \u0111\u1ed1i v\u1edbi g\u1ea7n t\u00e1m m\u01b0\u01a1i gia \u0111\u00ecnh, ng\u00e0nh \u0111\u00e1nh b\u1eaft c\u00e1 \u0111\u00e3 nh\u01b0\u1eddng v\u1ecb tr\u00ed h\u00e0ng \u0111\u1ea7u cho du l\u1ecbch, b\u1eaft \u0111\u1ea7u r\u1ea3i r\u00e1c v\u00e0o gi\u1eefa nh\u1eefng n\u0103m 1960 khi du kh\u00e1ch cu\u1ed1i tu\u1ea7n \u0111\u1ebfn b\u1eb1ng thuy\u1ec1n bu\u1ed3m \u0111\u1ebfn h\u00f2n \u0111\u1ea3o khi \u0111\u00f3 c\u00f2n th\u01b0a th\u1edbt ng\u01b0\u1eddi sinh s\u1ed1ng. Cu\u1ed1i nh\u1eefng n\u0103m 1960 \u0111\u00e3 m\u1edf ra c\u00e1c chuy\u1ebfn th\u00e1m hi\u1ec3m sinh h\u1ecdc bi\u1ec3n d\u01b0\u1edbi s\u1ef1 ch\u1ec9 \u0111\u1ea1o c\u1ee7a Ti\u1ebfn s\u0129 Hildebrand thu\u1ed9c \u0110\u1ea1i h\u1ecdc Corpus Christi, sau \u0111\u00f3 l\u00e0 nh\u1eefng ng\u01b0\u1eddi du l\u1ecbch ba l\u00f4 \u0111\u01b0\u1ee3c truy\u1ec1n mi\u1ec7ng d\u1ecdc theo \u0110\u01b0\u1eddng m\u00f2n Gringo kh\u00f4ng ch\u00ednh th\u1ee9c n\u1ed1i Tulum, Tikal v\u00e0 c\u00e1c \u0111i\u1ec3m tham chi\u1ebfu kh\u00e1c \u1edf Trung M\u1ef9. Vi\u1ec7c th\u00e0nh l\u1eadp h\u01b0\u1edbng d\u1eabn l\u1eb7n bi\u1ec3n c\u1ee7a gia \u0111\u00ecnh Auxillou \u0111\u00e3 c\u1ee7ng c\u1ed1 th\u00eam danh ti\u1ebfng c\u1ee7a Caye Caulker nh\u01b0 m\u1ed9t thi\u00ean \u0111\u01b0\u1eddng cho ho\u1ea1t \u0111\u1ed9ng th\u00e1m hi\u1ec3m d\u01b0\u1edbi n\u01b0\u1edbc.<\/p>\n<p>Khi t\u00e0u cao t\u1ed1c l\u00e0m lu m\u1edd c\u00e1nh bu\u1ed3m, nh\u1eefng du kh\u00e1ch l\u01b0u \u0111\u1ed9ng tr\u1edf th\u00e0nh s\u1ef1 hi\u1ec7n di\u1ec7n g\u1ea7n nh\u01b0 th\u01b0\u1eddng tr\u1ef1c. Ph\u01b0\u01a1ng ch\u00e2m c\u1ee7a h\u00f2n \u0111\u1ea3o - &#034;\u0110i ch\u1eadm&#034; - ch\u1ed1ng l\u1ea1i m\u1ecdi s\u1ef1 th\u00fac \u0111\u1ea9y v\u1ed9i v\u00e3, m\u1ed9t l\u1eddi m\u1eddi \u0111i d\u1ea1o tr\u00ean ba con ph\u1ed1 \u0111\u1ea7y c\u00e1t c\u1ee7a h\u00f2n \u0111\u1ea3o: Ph\u1ed1 Front ch\u1ea1y d\u1ecdc theo b\u1edd bi\u1ec3n ph\u00eda \u0111\u00f4ng, Ph\u1ed1 Back ch\u1ea1y d\u1ecdc theo m\u00e9p \u0111\u1ea7m ph\u00e1 v\u00e0 Ph\u1ed1 Middle n\u1eb1m gi\u1eefa ch\u00fang. M\u1ed9t chuy\u1ebfn \u0111i b\u1ed9 v\u00f2ng quanh \u0111\u1ea3o m\u1ea5t kh\u00f4ng qu\u00e1 b\u1ed1n m\u01b0\u01a1i ph\u00fat; xe \u0111\u1ea1p cho thu\u00ea v\u00e0 xe golf r\u00fat ng\u1eafn th\u1eddi gian \u0111\u00f3 th\u00e0nh m\u1ed9t chuy\u1ebfn \u0111i v\u00f2ng v\u00e8o trong m\u01b0\u1eddi l\u0103m ph\u00fat, xen k\u1ebd l\u00e0 nh\u1eefng tho\u00e1ng nh\u00ecn tho\u00e1ng qua c\u00e1c qu\u00e1n bar l\u1ee3p m\u00e1i tranh, x\u01b0\u1edfng ngh\u1ec7 thu\u1eadt v\u00e0 ph\u00f2ng tr\u01b0ng b\u00e0y th\u1ec9nh tho\u1ea3ng tr\u01b0ng b\u00e0y c\u00e1c t\u00e1c ph\u1ea9m c\u1ee7a c\u00e1c h\u1ecda s\u0129 c\u01b0 tr\u00fa. M\u1ed9t s\u1ed1 bu\u1ed5i t\u1ed1i, kh\u00f4ng kh\u00ed vang v\u1ecdng nh\u1eefng giai \u0111i\u1ec7u ng\u1eabu h\u1ee9ng khi c\u00e1c nh\u1ea1c s\u0129 \u0111\u1ebfn th\u0103m t\u1ee5 t\u1eadp trong c\u00e1c s\u00e2n trong ngo\u00e0i tr\u1eddi, nh\u1ecbp \u0111i\u1ec7u c\u1ee7a h\u1ecd h\u00f2a quy\u1ec7n v\u1edbi ti\u1ebfng c\u00f4n tr\u00f9ng r\u00edt v\u00e0 ti\u1ebfng s\u00f3ng v\u1ed7 r\u00ec r\u00e0o t\u1eeb xa.<\/p>\n<p>Tuy nhi\u00ean, b\u00e3o v\u1eabn lu\u00f4n hi\u1ec7n di\u1ec7n trong c\u00e2u chuy\u1ec7n c\u1ee7a h\u00f2n \u0111\u1ea3o. N\u0103m 1961, c\u01a1n b\u00e3o Hattie \u0111\u00e3 ph\u00e1 h\u1ee7y ng\u00f4i tr\u01b0\u1eddng g\u1ed7, c\u01b0\u1edbp \u0111i sinh m\u1ea1ng c\u1ee7a m\u01b0\u1eddi ba ng\u01b0\u1eddi\u2014ch\u1ee7 y\u1ebfu l\u00e0 tr\u1ebb em tr\u00fa \u1ea9n b\u00ean trong\u2014v\u00e0 th\u00fac \u0111\u1ea9y qu\u00e1 tr\u00ecnh t\u00e1i thi\u1ebft nhanh ch\u00f3ng do \u1ee7y ban kh\u1ea9n c\u1ea5p c\u1ee7a Th\u1ed1ng \u0111\u1ed1c Thornley gi\u00e1m s\u00e1t v\u00e0 \u0111\u01b0\u1ee3c tr\u1ef1c th\u0103ng c\u1ee7a Qu\u00e2n \u0111\u1ed9i Anh h\u1ed7 tr\u1ee3. Nh\u1eefng c\u01a1n b\u00e3o sau \u0111\u00f3\u2014g\u1ea7n \u0111\u00e2y nh\u1ea5t l\u00e0 c\u01a1n b\u00e3o Keith n\u0103m 2000\u2014\u0111\u00e3 th\u1eed th\u00e1ch quy\u1ebft t\u00e2m c\u1ee7a m\u1ed9t h\u00f2n \u0111\u1ea3o c\u00f3 \u0111\u1ed9 cao kh\u00f4ng n\u01a1i n\u00e0o v\u01b0\u1ee3t qu\u00e1 t\u00e1m feet. M\u1ed7i l\u1ea7n \u0111\u1ed5 b\u1ed9 \u0111\u1ec1u x\u00f3a s\u1ed5 th\u1ea3m th\u1ef1c v\u1eadt, nh\u01b0ng c\u00e1t san h\u00f4 v\u00e0 b\u1ee5i c\u00e2y ng\u1eadp m\u1eb7n l\u1ea1i ph\u1ee5c h\u1ed3i theo m\u00f9a, minh ch\u1ee9ng cho kh\u1ea3 n\u0103ng ph\u1ee5c h\u1ed3i tinh t\u1ebf \u0111\u01b0\u1ee3c kh\u1eafc h\u1ecda trong ch\u00ednh \u0111\u1ecba ch\u1ea5t c\u1ee7a h\u00f2n \u0111\u1ea3o.<\/p>\n<p>S\u1ee9c ph\u1ee5c h\u1ed3i \u0111\u1ecba ch\u1ea5t n\u00e0y c\u1ee7ng c\u1ed1 s\u1ee9c h\u1ea5p d\u1eabn c\u1ee7a Caye Caulker nh\u01b0 m\u1ed9t \u0111i\u1ec3m d\u1eebng ch\u00e2n cho m\u1ed9t s\u1ed1 khu b\u1ea3o t\u1ed3n bi\u1ec3n. Hol Chan n\u1eb1m c\u00e1ch b\u1edd bi\u1ec3n n\u1eeda gi\u1edd \u0111i thuy\u1ec1n, c\u00e1c khu v\u01b0\u1eddn san h\u00f4 tr\u01b0\u1edfng th\u00e0nh v\u00e0 nhi\u1ec1u lo\u00e0i c\u00e1 thu h\u00fat nh\u1eefng ng\u01b0\u1eddi l\u1eb7n \u1ed1ng th\u1edf v\u1edbi m\u1ee9c gi\u00e1 th\u1ed1ng nh\u1ea5t theo th\u1ecfa thu\u1eadn c\u1ee7a \u0111\u1ecba ph\u01b0\u01a1ng; Shark and Ray Alley n\u1eb1m c\u1ea1nh \u0111\u00f3, n\u01a1i c\u00e1 m\u1eadp y t\u00e1 v\u00e0 c\u00e1 \u0111u\u1ed1i gai \u0111\u1ed9c ph\u01b0\u01a1ng Nam l\u01b0\u1edbt gi\u1eefa nh\u1eefng ng\u01b0\u1eddi b\u01a1i l\u1ed9i, nh\u1eefng ng\u01b0\u1eddi t\u1ea1m th\u1eddi c\u1ea7m nh\u1eefng mi\u1ebfng v\u1ecf \u1ed1c x\u00e0 c\u1eeb n\u1ee9t. Xa h\u01a1n n\u1eefa, c\u00e1c chuy\u1ebfn tham quan \u0111\u1ebfn \u0110\u1ea3o san h\u00f4 Turneffe v\u00e0 Great Blue Hole n\u1ed5i ti\u1ebfng v\u1eaby g\u1ecdi th\u1ee3 l\u1eb7n \u0111\u01b0\u1ee3c c\u1ea5p ch\u1ee9ng ch\u1ec9 l\u1eb7n xu\u1ed1ng \u0111\u1ed9 s\u00e2u 124 m\u00e9t c\u1ee7a h\u1ed1 s\u1ee5t kh\u1ed5ng l\u1ed3, \u0111\u01b0\u1ee3c bao quanh b\u1edfi c\u00e1c nh\u0169 \u0111\u00e1 v\u00e0 c\u00e1 m\u1eadp r\u1ea1n san h\u00f4. Trong khi nhi\u1ec1u ng\u01b0\u1eddi coi vi\u1ec7c ng\u00e2m m\u00ecnh trong n\u01b0\u1edbc ng\u1eafn ng\u1ee7i l\u00e0 nghi l\u1ec5 b\u1eaft bu\u1ed9c h\u01a1n l\u00e0 s\u1ef1 ng\u1ea1c nhi\u00ean l\u00e2u d\u00e0i, th\u00ec vi\u1ec7c quay tr\u1edf l\u1ea1i qua c\u00e1c \u0111\u1ecba \u0111i\u1ec3m l\u1eb7n th\u1ee9 c\u1ea5p th\u01b0\u1eddng cho th\u1ea5y c\u00e1 k\u00e8n r\u00ecnh r\u1eadp c\u00e1c \u0111\u1ec9nh san h\u00f4 v\u00e0 \u0111\u00e0n c\u00e1 h\u1ed3ng b\u01a1i theo h\u00ecnh xo\u1eafn \u1ed1c \u0111\u1ed3ng b\u1ed9.<\/p>\n<p>C\u00e1c chuy\u1ebfn du ngo\u1ea1n ch\u00e8o thuy\u1ec1n kayak s\u1ebd \u0111\u01b0a du kh\u00e1ch \u0111i qua c\u00e1c r\u00eca r\u1eebng ng\u1eadp m\u1eb7n \u1edf ph\u00eda b\u1eafc h\u00f2n \u0111\u1ea3o, n\u01a1i Tsunami Adventures cung c\u1ea5p d\u1ecbch v\u1ee5 thuy\u1ec1n cho hai ng\u01b0\u1eddi\u2014l\u00fd t\u01b0\u1edfng \u0111\u1ec3 \u0111i theo b\u1edd bi\u1ec3n khu\u1ea5t gi\u00f3 \u0111\u1ec3 t\u00ecm ki\u1ebfm di\u1ec7c, c\u00f2 tr\u1eafng v\u00e0 chim n\u01b0\u1edbc r\u1eebng ng\u1eadp m\u1eb7n kh\u00f3 n\u1eafm b\u1eaft. Trong khi \u0111\u00f3, c\u00e1c chuy\u1ebfn thu\u00ea thuy\u1ec1n bu\u1ed3m k\u00e9o d\u00e0i c\u1ea3 ng\u00e0y cho ph\u00e9p \u0111i \u0111\u1ebfn c\u00e1c \u0111\u1ea3o nh\u1ecf h\u1ebbo l\u00e1nh, n\u01a1i c\u00f3 nh\u1eefng h\u00e0ng \u1ed1c x\u00e0 c\u1eeb v\u00e0 b\u1eaby t\u00f4m h\u00f9m ch\u1ee9ng th\u1ef1c cho v\u1ee5 thu ho\u1ea1ch truy\u1ec1n th\u1ed1ng, v\u00e0 b\u1eefa tr\u01b0a \u0111\u01b0\u1ee3c ch\u1ebf bi\u1ebfn ngo\u00e0i tr\u1eddi tr\u00ean boong t\u00e0u. \u0110\u1ed1i v\u1edbi nh\u1eefng ng\u01b0\u1eddi b\u1ecb thu h\u00fat b\u1edfi \u0111\u1ed9ng v\u1eadt hoang d\u00e3 tr\u00ean c\u1ea1n, Khu b\u1ea3o t\u1ed3n \u0111\u1ed9ng v\u1eadt hoang d\u00e3 Swallow Caye li\u1ec1n k\u1ec1\u2014\u0111\u01b0\u1ee3c th\u00e0nh l\u1eadp th\u00f4ng qua n\u1ed7 l\u1ef1c c\u1ee7a nh\u00e0 b\u1ea3o t\u1ed3n \u0111\u1ecba ph\u01b0\u01a1ng Chocolate Heredia\u2014t\u1ed5 ch\u1ee9c c\u00e1c tour du l\u1ecbch ng\u1eafm l\u1ee3n bi\u1ec3n c\u00f3 h\u01b0\u1edbng d\u1eabn vi\u00ean. M\u1eb7c d\u00f9 vi\u1ec7c b\u01a1i c\u00f9ng c\u00e1c sinh v\u1eadt n\u00e0y b\u1ecb c\u1ea5m, nh\u01b0ng \u0111\u00f4i khi nh\u1eefng con c\u00e1 con m\u1ea1o hi\u1ec3m \u0111\u1ebfn \u0111\u1ee7 g\u1ea7n \u0111\u1ec3 quan s\u00e1t nh\u1eefng ng\u01b0\u1eddi l\u1eb7n bi\u1ec3n b\u1eb1ng s\u1ef1 t\u00f2 m\u00f2 v\u00f4 h\u1ea1i.<\/p>\n<p>Du kh\u00e1ch \u0111\u1ebfn b\u1eb1ng m\u00e1y bay hai c\u00e1nh qu\u1ea1t tr\u00ean d\u1ea3i nh\u1ef1a \u0111\u01b0\u1eddng khi\u00eam t\u1ed1n c\u1ee7a Caye Caulker\u2014c\u00e1c chuy\u1ebfn bay t\u1eeb c\u00e1c s\u00e2n bay qu\u1ed1c t\u1ebf ho\u1eb7c th\u00e0nh ph\u1ed1 c\u1ee7a Belize City ti\u1ebft ki\u1ec7m \u0111\u01b0\u1ee3c m\u01b0\u1eddi \u0111\u1ebfn m\u01b0\u1eddi l\u0103m ph\u00fat th\u1eddi gian di chuy\u1ec3n v\u1edbi m\u1ee9c ph\u00ed b\u1ea3o hi\u1ec3m kho\u1ea3ng b\u1ea3y m\u01b0\u01a1i l\u0103m \u0111\u00f4 la M\u1ef9 m\u1ed9t chi\u1ec1u. Ph\u1ed5 bi\u1ebfn h\u01a1n l\u00e0 taxi n\u01b0\u1edbc t\u1ed1c \u0111\u1ed9 cao\u2014m\u1ed9t c\u1eb7p nh\u00e0 \u0111i\u1ec1u h\u00e0nh \u0111\u01b0a \u0111\u00f3n h\u00e0nh kh\u00e1ch \u0111\u1ebfn Belize City trong b\u1ed1n m\u01b0\u01a1i l\u0103m ph\u00fat v\u00e0 ti\u1ebfp t\u1ee5c \u0111\u1ebfn San Pedro, gi\u00e1 v\u00e9 dao \u0111\u1ed9ng t\u1eeb hai m\u01b0\u01a1i \u0111\u1ebfn ba m\u01b0\u01a1i l\u0103m \u0111\u00f4 la Belize m\u1ed9t chi\u1ec1u. V\u00e0o nh\u1eefng ng\u00e0y gi\u00f3 l\u1edbn, kh\u00e1ch h\u00e0ng th\u01b0\u1eddng h\u01b0\u1edbng v\u1ec1 ph\u00eda b\u0103ng gh\u1ebf \u0111u\u00f4i t\u00e0u \u0111\u1ec3 h\u1ea5p th\u1ee5 t\u1ed1t h\u01a1n nh\u1eefng con s\u00f3ng; ng\u01b0\u1ee3c l\u1ea1i, nh\u1eefng chuy\u1ebfn \u0111i l\u00fac b\u00ecnh minh mang \u0111\u1ebfn m\u1ed9t v\u00f9ng bi\u1ec3n ph\u1eb3ng l\u1eb7ng nh\u01b0 g\u01b0\u01a1ng ph\u1ea3n chi\u1ebfu m\u1eb7t tr\u1eddi m\u1ecdc.<\/p>\n<p>Trong l\u00e0ng, ho\u1ea1t \u0111\u1ed9ng th\u01b0\u01a1ng m\u1ea1i di\u1ec5n ra nh\u1ed9n nh\u1ecbp d\u1ecdc theo Ph\u1ed1 Front, n\u01a1i c\u00e1c c\u1eeda h\u00e0ng l\u01b0u ni\u1ec7m tr\u01b0ng b\u00e0y v\u00f5ng, \u0111\u1ed3 trang s\u1ee9c \u0111\u1ecba ph\u01b0\u01a1ng v\u00e0 h\u00e0ng d\u1ec7t th\u1ee7 c\u00f4ng, v\u00e0 hai m\u00e1y ATM\u2014t\u1ea1i Ng\u00e2n h\u00e0ng Atlantic v\u00e0 Credit Union\u2014th\u1ec9nh tho\u1ea3ng h\u1ebft ti\u1ec1n v\u00e0o nh\u1eefng ng\u00e0y cu\u1ed1i tu\u1ea7n d\u00e0i. C\u00e1c giao d\u1ecbch th\u01b0\u1eddng m\u1eb7c \u0111\u1ecbnh l\u00e0 \u0111\u00f4 la Belize, m\u1eb7c d\u00f9 ti\u1ec1n t\u1ec7 Hoa K\u1ef3 \u0111\u01b0\u1ee3c ch\u1ea5p nh\u1eadn v\u1edbi t\u1ef7 gi\u00e1 c\u1ed1 \u0111\u1ecbnh l\u00e0 hai \u0111\u1ed5i m\u1ed9t. C\u00e1c doanh nghi\u1ec7p nh\u1ecf b\u00e1n ceviche t\u01b0\u01a1i v\u00e0 \u0111\u1ed3 u\u1ed1ng l\u1ea1nh t\u1eeb c\u00e1c qu\u1ea7y h\u00e0ng c\u00f3 khung g\u1ed7, v\u00e0 tr\u00ean v\u1ec9 n\u01b0\u1edbng m\u1edf, phi l\u00ea c\u00e1 x\u00e8o x\u00e8o d\u01b0\u1edbi t\u00e1n l\u00e1 xo\u00e0i.<\/p>\n<p>Trong tr\u01b0\u1eddng h\u1ee3p kh\u00f4ng c\u00f3 b\u00e3i bi\u1ec3n th\u00f4ng th\u01b0\u1eddng, ch\u1ed7 ng\u1ed3i b\u00ean b\u1ebfn t\u00e0u cung c\u1ea5p b\u1ed1i c\u1ea3nh cho nh\u1eefng bu\u1ed5i chi\u1ec1u nh\u00e0n nh\u00e3. Kh\u00e1ch h\u00e0ng n\u1eb1m d\u00e0i tr\u00ean nh\u1eefng chi\u1ebfc gh\u1ebf nh\u1ef1a, ch\u00e2n \u0111ung \u0111\u01b0a tr\u00ean v\u00f9ng n\u01b0\u1edbc n\u00f4ng m\u00e0u ng\u1ecdc l\u1ee5c b\u1ea3o, trao \u0111\u1ed5i nh\u1eefng c\u00e2u chuy\u1ec7n v\u1ec1 vi\u1ec7c nh\u00ecn th\u1ea5y jurel v\u00e0 tr\u1eadn m\u01b0a nh\u01b0 tr\u00fat n\u01b0\u1edbc \u0111\u00eam qua. B\u1ea3n th\u00e2n The Split \u0111\u00f3ng vai tr\u00f2 l\u00e0 m\u1ed9t h\u1ed3 b\u01a1i c\u1ed9ng \u0111\u1ed3ng ng\u1eabu h\u1ee9ng, k\u00eanh \u0111\u00e0o y\u00ean t\u0129nh c\u1ee7a n\u00f3 mang \u0111\u1ebfn s\u1ef1 gi\u1ea3i tho\u00e1t kh\u1ecfi s\u1ef1 ph\u1ea3n chi\u1ebfu c\u1ee7a m\u1eb7t tr\u1eddi tr\u00ean b\u00e3i c\u00e1t san h\u00f4 tr\u1eafng n\u1eb1m b\u00ean d\u01b0\u1edbi m\u1ecdi s\u00e2n hi\u00ean v\u00e0 l\u1ed1i \u0111i. \u1ede \u0111\u00f3, The Lazy Lizard \u0111\u1eadu tr\u00ean k\u00e8 ch\u1eafn s\u00f3ng, nh\u1eefng chi\u1ebfc gh\u1ebf \u0111\u1ea9u qu\u1ea7y bar ch\u1ec9 c\u00e1ch m\u1eb7t n\u01b0\u1edbc v\u00e0i b\u01b0\u1edbc ch\u00e2n, kh\u00f4ng kh\u00ed n\u1ed3ng n\u1eb7c m\u00f9i r\u01b0\u1ee3u rum pha chanh v\u00e0 ti\u1ebfng g\u1ea3y \u0111\u00e0n guitar d\u00e2y th\u00e9p tr\u1ea7m \u1ea5m.<\/p>\n<p>M\u1eb7c d\u00f9 c\u00f3 c\u01a1 s\u1edf h\u1ea1 t\u1ea7ng khi\u00eam t\u1ed1n, Caye Caulker \u0111\u00e3 th\u00fac \u0111\u1ea9y m\u1ed9t b\u1ed1i c\u1ea3nh th\u01b0\u01a1ng m\u1ea1i \u0111i\u1ec7n t\u1eed khi\u00eam t\u1ed1n, cho ph\u00e9p c\u00e1c ngh\u1ec7 nh\u00e2n v\u1eadn chuy\u1ec3n c\u00e1c t\u00e1c ph\u1ea9m ch\u1ea1m kh\u1eafc v\u00e0 h\u00e0ng d\u1ec7t may v\u01b0\u1ee3t ra ngo\u00e0i \u0111\u01b0\u1eddng ch\u00e2n tr\u1eddi t\u1eebng \u0111\u1ecbnh h\u00ecnh th\u1ebf gi\u1edbi c\u1ee7a h\u1ecd. Tuy nhi\u00ean, h\u1ea7u h\u1ebft v\u1eabn h\u00e0i l\u00f2ng v\u1edbi vi\u1ec7c trao \u0111\u1ed5i tr\u1ea3i nghi\u1ec7m h\u01a1n l\u00e0 h\u00e0ng h\u00f3a: nh\u1eefng con s\u00f3ng l\u1edbn tr\u00e0n qua r\u1ea1n san h\u00f4 l\u00fac b\u00ecnh minh; s\u1ef1 im l\u1eb7ng bao tr\u00f9m khi m\u1ed9t con b\u1ed3 n\u00f4ng l\u01b0\u1edbt th\u1ea5p tr\u00ean nh\u1eefng b\u00e3i \u0111\u1ea5t b\u1eb1ng m\u00e0u ng\u1ecdc lam; \u00e1nh s\u00e1ng l\u00e2n quang l\u1ea5p l\u00e1nh do m\u00e1i ch\u00e8o d\u01b0\u1edbi \u00e1nh tr\u0103ng khu\u1ea5y \u0111\u1ed9ng. Nh\u1eefng kho\u1ea3nh kh\u1eafc nh\u01b0 v\u1eady ch\u1ed1ng l\u1ea1i s\u1ef1 bi\u1ebfn th\u00e0nh h\u00e0ng h\u00f3a, thay v\u00e0o \u0111\u00f3 \u0111\u01b0\u1ee3c l\u01b0u gi\u1eef trong k\u00fd \u1ee9c v\u00e0 trong nh\u1ecbp \u0111i\u1ec7u nh\u1eb9 nh\u00e0ng c\u1ee7a m\u1ed9t h\u00f2n \u0111\u1ea3o m\u1eddi g\u1ecdi du kh\u00e1ch di chuy\u1ec3n theo t\u1ed1c \u0111\u1ed9 kh\u00f4ng ph\u1ea3i do l\u1ecbch hay \u0111\u1ed3ng h\u1ed3 quy \u0111\u1ecbnh m\u00e0 ch\u1ec9 do th\u1ee7y tri\u1ec1u v\u00e0 th\u1ee7y tri\u1ec1u.<\/p>\n<p>Trong d\u1ea3i c\u00e1t v\u00e0 san h\u00f4 m\u1ecfng manh n\u00e0y, ng\u01b0\u1eddi ta c\u1ea3m nh\u1eadn \u0111\u01b0\u1ee3c s\u1ef1 \u0111an xen c\u1ee7a c\u00e1c l\u1ef1c l\u01b0\u1ee3ng v\u1eeba mang t\u00ednh nguy\u00ean t\u1ed1 v\u1eeba mang t\u00ednh con ng\u01b0\u1eddi\u2014m\u1ed9t th\u1ebf k\u1ef7 r\u01b0\u1ee1i \u0111\u1ecbnh c\u01b0, n\u1eeda t\u00e1 c\u01a1n b\u00e3o, s\u1ef1 chuy\u1ec3n \u0111\u1ed5i d\u1ea7n d\u1ea7n t\u1eeb l\u01b0\u1edbi sang \u1ed1ng th\u1edf r\u1ed3i nghi\u00ean c\u1ee9u d\u01b0\u1edbi n\u01b0\u1edbc. M\u1ed7i ch\u01b0\u01a1ng \u0111\u1ec1u l\u00e0m t\u0103ng th\u00eam chi\u1ec1u s\u00e2u cho t\u00ednh c\u00e1ch c\u1ee7a Caye Caulker: m\u1ed9t c\u1ed9ng \u0111\u1ed3ng \u0111\u01b0\u1ee3c h\u00ecnh th\u00e0nh do nhu c\u1ea7u v\u00e0 \u0111\u01b0\u1ee3c nu\u00f4i d\u01b0\u1ee1ng b\u1edfi bi\u1ec3n; m\u1ed9t n\u1ec1n kinh t\u1ebf bao g\u1ed3m c\u1ea3 vi\u1ec7c \u0111\u00e1nh b\u1eaft trong ng\u00e0y v\u00e0 s\u1ef1 di chuy\u1ec3n c\u1ee7a nh\u1eefng ng\u01b0\u1eddi l\u1eef h\u00e0nh; m\u1ed9t n\u01a1i m\u00e0 cu\u1ed9c s\u1ed1ng di\u1ec5n ra theo nh\u1ecbp \u0111i\u1ec7u \u0111\u01b0\u1ee3c \u0111o l\u01b0\u1eddng, \u0111\u01b0\u1ee3c h\u01b0\u1edbng d\u1eabn b\u1edfi m\u1ed9t l\u1eddi khuy\u00ean duy nh\u1ea5t \u0111\u01b0\u1ee3c vi\u1ebft ngu\u1ec7ch ngo\u1ea1c tr\u00ean m\u1ed9t bi\u1ec3n b\u00e1o c\u0169 k\u1ef9: \u0110i ch\u1eadm l\u1ea1i.<\/p>\n<p>\u1ede \u0111\u00e2y, th\u1ebf gi\u1edbi nguy\u00ean t\u1ed1 v\u1eabn g\u1ea7n g\u0169i trong t\u1ea7m tay\u2014b\u1edd san h\u00f4 nh\u1ea5p nh\u00f4 v\u1edbi s\u1ef1 s\u1ed1ng v\u00f4 h\u00ecnh, r\u1ea1n san h\u00f4 \u0111\u1ee9ng canh g\u00e1c tr\u00ean nh\u1eefng con s\u00f3ng, v\u00e0 b\u1ea3n th\u00e2n h\u00f2n \u0111\u1ea3o n\u1eb1m nh\u1eb9 nh\u00e0ng tr\u00ean h\u01a1i th\u1edf c\u1ee7a \u0111\u1ea1i d\u01b0\u01a1ng. D\u00e0nh th\u1eddi gian tr\u00ean Caye Caulker l\u00e0 \u0111\u1ec3 h\u00f2a m\u00ecnh v\u00e0o nh\u1eefng nh\u1ecbp \u0111i\u1ec7u n\u00e0y, \u0111\u1ec3 t\u1eeb b\u1ecf s\u1ef1 c\u1ea5p b\u00e1ch v\u00e0, trong s\u1ef1 gi\u1ea3i tho\u00e1t \u0111\u00f3, \u0111\u1ec3 c\u1ea3m nh\u1eadn nh\u1eefng d\u00f2ng ch\u1ea3y tinh t\u1ebf h\u01a1n c\u1ee7a m\u1ed9t n\u01a1i n\u1ee3 s\u1ef1 t\u1ed3n t\u1ea1i c\u1ee7a n\u00f3 cho s\u1ef1 g\u1eb7p g\u1ee1 c\u1ee7a \u0111\u00e1 v\u00e0 mu\u1ed1i v\u00e0 tinh th\u1ea7n b\u1ec1n b\u1ec9 c\u1ee7a nh\u1eefng ng\u01b0\u1eddi g\u1ecdi n\u01a1i n\u00e0y l\u00e0 nh\u00e0.<\/p>","protected":false},"excerpt":{"rendered":"<p>Ngo\u00e0i kh\u01a1i b\u1edd bi\u1ec3n Belize, Caye Caulker\u2014\u0111\u01b0\u1ee3c bi\u1ebft \u0111\u1ebfn trong ti\u1ebfng T\u00e2y Ban Nha l\u00e0 Cayo Caulker\u2014l\u00e0 m\u1ed9t h\u00f2n \u0111\u1ea3o \u1edf Bi\u1ec3n Caribe. V\u1edbi chi\u1ec1u r\u1ed9ng d\u01b0\u1edbi 1 d\u1eb7m (1,6 km) t\u1eeb \u0111\u00f4ng sang t\u00e2y v\u00e0 chi\u1ec1u d\u00e0i kho\u1ea3ng 5 d\u1eb7m (8,0 km) t\u1eeb b\u1eafc xu\u1ed1ng nam, h\u00f2n \u0111\u1ea3o san h\u00f4 \u0111\u00e1 v\u00f4i n\u00e0y l\u00e0 hi\u1ec7n th\u00e2n c\u1ee7a v\u1ebb \u0111\u1eb9p thi\u00ean nhi\u00ean v\u00e0 s\u1ef1 \u0111a d\u1ea1ng v\u0103n h\u00f3a. Tr\u00ean \u0111\u1ea3o, L\u00e0ng Caye Caulker l\u00e0 m\u1ed9t c\u1ed9ng \u0111\u1ed3ng g\u1ed3m kho\u1ea3ng 2.000 ng\u01b0\u1eddi n\u1ed5i b\u1eadt v\u1edbi th\u00e1i \u0111\u1ed9 tho\u1ea3i m\u00e1i v\u00e0 c\u00e1ch c\u01b0 x\u1eed th\u00e2n thi\u1ec7n.<\/p>","protected":false},"author":1,"featured_media":4715,"parent":9438,"menu_order":0,"comment_status":"closed","ping_status":"closed","template":"elementor_theme","meta":{"_eb_attr":"","footnotes":""},"class_list":["post-9463","page","type-page","status-publish","has-post-thumbnail"],"_links":{"self":[{"href":"https:\/\/travelshelper.com\/vi\/wp-json\/wp\/v2\/pages\/9463","targetHints":{"allow":["GET"]}}],"collection":[{"href":"https:\/\/travelshelper.com\/vi\/wp-json\/wp\/v2\/pages"}],"about":[{"href":"https:\/\/travelshelper.com\/vi\/wp-json\/wp\/v2\/types\/page"}],"author":[{"embeddable":true,"href":"https:\/\/travelshelper.com\/vi\/wp-json\/wp\/v2\/users\/1"}],"replies":[{"embeddable":true,"href":"https:\/\/travelshelper.com\/vi\/wp-json\/wp\/v2\/comments?post=9463"}],"version-history":[{"count":0,"href":"https:\/\/travelshelper.com\/vi\/wp-json\/wp\/v2\/pages\/9463\/revisions"}],"up":[{"embeddable":true,"href":"https:\/\/travelshelper.com\/vi\/wp-json\/wp\/v2\/pages\/9438"}],"wp:featuredmedia":[{"embeddable":true,"href":"https:\/\/travelshelper.com\/vi\/wp-json\/wp\/v2\/media\/4715"}],"wp:attachment":[{"href":"https:\/\/travelshelper.com\/vi\/wp-json\/wp\/v2\/media?parent=9463"}],"curies":[{"name":"wp","href":"https:\/\/api.w.org\/{rel}","templated":true}]}}