{"id":9438,"date":"2024-09-08T11:53:45","date_gmt":"2024-09-08T11:53:45","guid":{"rendered":"https:\/\/travelshelper.com\/staging\/?page_id=9438"},"modified":"2026-03-13T13:05:13","modified_gmt":"2026-03-13T13:05:13","slug":"belize","status":"publish","type":"page","link":"https:\/\/travelshelper.com\/vi\/destinations\/north-america\/belize\/","title":{"rendered":"Belize"},"content":{"rendered":"<p>Belize, m\u1ed9t qu\u1ed1c gia c\u00f3 397.483 c\u01b0 d\u00e2n theo \u0111i\u1ec1u tra d\u00e2n s\u1ed1 n\u0103m 2022, tr\u1ea3i d\u00e0i tr\u00ean di\u1ec7n t\u00edch 22.970 km2 tr\u00ean b\u1edd bi\u1ec3n \u0111\u00f4ng b\u1eafc c\u1ee7a Trung M\u1ef9. C\u00f3 bi\u00ean gi\u1edbi v\u1edbi ti\u1ec3u bang Quintana Roo c\u1ee7a Mexico \u1edf ph\u00eda b\u1eafc, c\u00e1c t\u1ec9nh Pet\u00e9n v\u00e0 Izabal c\u1ee7a Guatemala \u1edf ph\u00eda t\u00e2y v\u00e0 ph\u00eda nam, v\u00e0 \u0111\u01b0\u1ee3c bao quanh b\u1edfi Bi\u1ec3n Caribe v\u1edbi bi\u00ean gi\u1edbi h\u00e0ng h\u1ea3i d\u1ecdc theo Honduras \u1edf ph\u00eda \u0111\u00f4ng nam, qu\u1ed1c gia n\u00e0y chi\u1ebfm m\u1ed9t v\u1ecb tr\u00ed chi\u1ebfn l\u01b0\u1ee3c gi\u1eefa th\u1ebf gi\u1edbi Ch\u00e2u M\u1ef9 v\u00e0 Caribe v\u00e0 l\u00e0 l\u00e3nh th\u1ed5 Kh\u1ed1i th\u1ecbnh v\u01b0\u1ee3ng chung duy nh\u1ea5t tr\u00ean eo \u0111\u1ea5t Trung M\u1ef9.<\/p>\n<p>L\u00e2u tr\u01b0\u1edbc khi c\u00e1c t\u00e0u thuy\u1ec1n ch\u00e2u \u00c2u \u0111i v\u00f2ng qua b\u1edd bi\u1ec3n c\u1ee7a n\u00f3 v\u00e0o \u0111\u1ea7u th\u1ebf k\u1ef7 th\u1ee9 m\u01b0\u1eddi s\u00e1u, nh\u1eefng khu r\u1eebng \u0111\u1ea5t th\u1ea5p v\u00e0 nh\u1eefng ng\u1ecdn \u0111\u1ed3i \u0111\u00e1 v\u00f4i \u0111\u00e3 ch\u1ee9ng ki\u1ebfn \u200b\u200bs\u1ef1 tr\u1ed7i d\u1eady c\u1ee7a c\u00e1c th\u00e0nh bang Maya trong kho\u1ea3ng th\u1eddi gian t\u1eeb n\u0103m 1500 TCN \u0111\u1ebfn n\u0103m 300 SCN, n\u01a1i c\u00e1c trung t\u00e2m nghi l\u1ec5 ph\u00e1t tri\u1ec3n m\u1ea1nh m\u1ebd cho \u0111\u1ebfn kho\u1ea3ng n\u0103m 1200 SCN. S\u1ef1 xu\u1ea5t hi\u1ec7n c\u1ee7a \u0111o\u00e0n th\u00e1m hi\u1ec3m Christopher Columbus v\u00e0o n\u0103m 1502\u201304 b\u00e1o tr\u01b0\u1edbc nh\u1eefng ng\u01b0\u1eddi T\u00e2y Ban Nha th\u1ec9nh tho\u1ea3ng \u0111\u00f2i quy\u1ec1n s\u1edf h\u1eefu, nh\u01b0ng ch\u00ednh nh\u1eefng ng\u01b0\u1eddi \u0111\u1ecbnh c\u01b0 Anh, \u0111\u1ebfn v\u00e0o n\u0103m 1638, \u0111\u00e3 \u0111\u1eb7t n\u1ec1n m\u00f3ng cho s\u1ef1 hi\u1ec7n di\u1ec7n c\u1ee7a m\u1ed9t thu\u1ed9c \u0111\u1ecba ch\u1ec9 t\u1ed3n t\u1ea1i sau nh\u1eefng th\u00e1ch th\u1ee9c c\u1ee7a T\u00e2y Ban Nha sau cu\u1ed9c giao tranh n\u0103m 1798 t\u1ea1i St. George&#039;s Caye. V\u01b0\u01a1ng mi\u1ec7n Anh ch\u00ednh th\u1ee9c h\u00f3a quy\u1ec1n ki\u1ec3m so\u00e1t c\u1ee7a m\u00ecnh v\u00e0o n\u0103m 1862, v\u00e0 Belize \u0111\u1ea1t \u0111\u01b0\u1ee3c v\u1ecb th\u1ebf c\u00f3 ch\u1ee7 quy\u1ec1n v\u00e0o ng\u00e0y 21 th\u00e1ng 9 n\u0103m 1981, b\u1ea7u gi\u1eef l\u1ea1i qu\u1ed1c v\u01b0\u01a1ng Anh l\u00e0m nguy\u00ean th\u1ee7 qu\u1ed1c gia th\u00f4ng qua m\u1ed9t t\u1ed5ng \u0111\u1ed1c.<\/p>\n<p>\u0110\u1ecba h\u00ecnh c\u1ee7a qu\u1ed1c gia n\u00e0y v\u1eeba \u0111a d\u1ea1ng v\u1eeba gi\u00e0u c\u00f3 m\u1ed9t c\u00e1ch l\u1ea1 th\u01b0\u1eddng: m\u1ed9t kh\u1ed1i \u0111\u1ea5t g\u1ea7n nh\u01b0 h\u00ecnh thoi k\u00e9o d\u00e0i kho\u1ea3ng 280 km t\u1eeb b\u1eafc xu\u1ed1ng nam v\u00e0 kho\u1ea3ng 100 km t\u1eeb \u0111\u00f4ng sang t\u00e2y, \u0111\u01b0\u1ee3c bao quanh b\u1edfi c\u00e1c d\u00f2ng s\u00f4ng Hondo v\u00e0 Sarstoon u\u1ed1n l\u01b0\u1ee3n d\u1ecdc theo bi\u00ean gi\u1edbi c\u1ee7a n\u00f3. Trong khi khu v\u1ef1c ph\u00eda b\u1eafc bao g\u1ed3m c\u00e1c \u0111\u1ed3ng b\u1eb1ng ven bi\u1ec3n b\u1eb1ng ph\u1eb3ng, nhu\u1ed1m m\u00e0u \u0111\u1ea7m l\u1ea7y \u0111\u01b0\u1ee3c ph\u00e2n chia b\u1edfi c\u00e1c b\u1ee5i c\u00e2y ng\u1eadp m\u1eb7n, th\u00ec ph\u00eda nam v\u01b0\u01a1n l\u00ean d\u00e3y n\u00fai Maya, n\u01a1i c\u00e1c \u0111\u1ec9nh n\u00fai cao nh\u01b0 Doyle&#039;s Delight cao t\u1edbi 1.124 m\u00e9t. Gi\u1eefa nh\u1eefng \u0111i\u1ec3m c\u1ef1c \u0111oan n\u00e0y, v\u00f4 s\u1ed1 \u0111\u1ea7m ph\u00e1 - \u0111\u1eb7c bi\u1ec7t ph\u1ed5 bi\u1ebfn kh\u1eafp v\u00f9ng n\u1ed9i \u0111\u1ecba ph\u00eda b\u1eafc - l\u00e0m gi\u1ea3m di\u1ec7n t\u00edch \u0111\u1ea5t li\u1ec1n k\u1ec1 xu\u1ed1ng c\u00f2n kho\u1ea3ng 21.400 km2, \u0111\u00e1nh d\u1ea5u Belize l\u00e0 v\u00f9ng l\u00e3nh th\u1ed5 c\u00f3 m\u1eadt \u0111\u1ed9 d\u00e2n c\u01b0 th\u01b0a th\u1edbt nh\u1ea5t trong khu v\u1ef1c.<\/p>\n<p>D\u1ecdc theo 386 km b\u1edd bi\u1ec3n, r\u1ea1n san h\u00f4 ch\u1eafn s\u00f3ng d\u00e0i th\u1ee9 hai tr\u00ean to\u00e0n c\u1ea7u song song v\u1edbi b\u1edd bi\u1ec3n, duy tr\u00ec m\u1ed9t v\u01b0\u01a1ng qu\u1ed1c bi\u1ec3n phi th\u01b0\u1eddng v\u1edbi c\u00e1c \u0111\u1ea3o san h\u00f4, th\u1ea3m c\u1ecf bi\u1ec3n v\u00e0 r\u1ec5 c\u00e2y ng\u1eadp m\u1eb7n \u0111\u00f3ng vai tr\u00f2 l\u00e0 c\u00e1c n\u00fat quan tr\u1ecdng trong H\u00e0nh lang sinh h\u1ecdc Trung M\u1ef9. C\u00e1c khu r\u1eebng tr\u00ean c\u1ea1n - tr\u1ea3i d\u00e0i t\u1eeb v\u00f9ng \u0111\u1ea5t th\u1ea5p th\u01b0\u1eddng xanh l\u00e1 r\u1ed9ng \u0111\u1ebfn c\u00e1c r\u1eebng th\u00f4ng c\u1eadn nhi\u1ec7t \u0111\u1edbi \u1edf \u0111\u1ed9 cao cao h\u01a1n - l\u00e0 n\u01a1i tr\u00fa ng\u1ee5 c\u1ee7a h\u1ec7 \u0111\u1ed9ng th\u1ef1c v\u1eadt \u0111\u1eb7c h\u1eefu, trong khi b\u00e1o \u0111\u1ed1m, l\u1ee3n v\u00f2i v\u00e0 v\u00f4 s\u1ed1 lo\u00e0i chim u\u1ed1n l\u01b0\u1ee3n tr\u00ean t\u00e1n c\u00e2y. S\u1ef1 gi\u00e0u c\u00f3 v\u1ec1 sinh th\u00e1i n\u00e0y \u0111\u01b0a Belize l\u00ean v\u1ecb tr\u00ed h\u00e0ng \u0111\u1ea7u trong c\u00e1c n\u1ed7 l\u1ef1c b\u1ea3o t\u1ed3n, ngay c\u1ea3 khi t\u00ednh ch\u1ea5t bi\u1ec7t l\u1eadp v\u00e0 n\u1ed9i \u0111\u1ecba g\u1ed3 gh\u1ec1 c\u1ee7a n\u00f3 t\u1eebng khi\u1ebfn n\u01a1i \u0111\u00e2y tr\u1edf th\u00e0nh \u0111\u01b0\u1eddng d\u1eabn cho nh\u1eefng k\u1ebb bu\u00f4n b\u00e1n ma t\u00fay t\u00ecm c\u00e1ch v\u00e0o Mexico.<\/p>\n<p>V\u1ec1 m\u1eb7t kh\u00ed h\u1eadu, Belize tr\u1ea3i qua s\u1ef1 dao \u0111\u1ed9ng r\u00f5 r\u1ec7t gi\u1eefa m\u00f9a \u1ea9m \u01b0\u1edbt, k\u00e9o d\u00e0i t\u1eeb th\u00e1ng 5 \u0111\u1ebfn th\u00e1ng 11, v\u00e0 kho\u1ea3ng th\u1eddi gian t\u01b0\u01a1ng \u0111\u1ed1i kh\u00f4 h\u1ea1n t\u1eeb th\u00e1ng 12 \u0111\u1ebfn th\u00e1ng 4. C\u00e1c v\u00f9ng ven bi\u1ec3n ghi nh\u1eadn nhi\u1ec7t \u0111\u1ed9 trung b\u00ecnh h\u00e0ng th\u00e1ng t\u1eeb 24 \u00b0C v\u00e0o th\u00e1ng 1 \u0111\u1ebfn 27 \u00b0C v\u00e0o th\u00e1ng 7, \u0111\u01b0\u1ee3c \u0111i\u1ec1u h\u00f2a b\u1edfi gi\u00f3 m\u1eadu d\u1ecbch \u0111\u00f4ng b\u1eafc ngo\u00e0i kh\u01a1i v\u00f9ng Caribe; v\u00f9ng \u0111\u1ea5t th\u1ea5p n\u1ed9i \u0111\u1ecba c\u00f3 xu h\u01b0\u1edbng \u1ea5m h\u01a1n m\u1ed9t ch\u00fat, trong khi c\u00e1c cao nguy\u00ean v\u00f9ng n\u00fai c\u1ee7a Mountain Pine Ridge c\u00f3 \u0111i\u1ec1u ki\u1ec7n m\u00e1t m\u1ebb h\u01a1n \u0111\u00e1ng k\u1ec3. L\u01b0\u1ee3ng m\u01b0a thay \u0111\u1ed5i m\u1ea1nh - t\u1eeb kho\u1ea3ng 1.350 mm h\u00e0ng n\u0103m \u1edf v\u00f9ng \u0111\u1ea5t th\u1ea5p ph\u00eda b\u1eafc \u0111\u1ebfn h\u01a1n 4.500 mm \u1edf c\u1ef1c nam - v\u1edbi m\u1ed9t kho\u1ea3ng th\u1eddi gian &#034;kh\u00f4 h\u1ea1n&#034; ng\u1eafn ng\u1ee7i v\u00e0o gi\u1eefa m\u00f9a h\u00e8, l\u00e0m gi\u00e1n \u0111o\u1ea1n chu k\u1ef3 m\u01b0a ch\u00ednh.<\/p>\n<p>D\u00e2n s\u1ed1 c\u1ee7a Belize ph\u1ea3n \u00e1nh m\u1ed9t b\u1ee9c tranh di s\u1ea3n ph\u1ee9c t\u1ea1p: h\u1eadu du\u1ec7 c\u1ee7a ng\u01b0\u1eddi Maya chi\u1ebfm \u01b0u th\u1ebf \u1edf ph\u00eda b\u1eafc v\u00e0 ph\u00eda t\u00e2y, c\u1ed9ng \u0111\u1ed3ng ng\u01b0\u1eddi Garifuna\u2014mang truy\u1ec1n th\u1ed1ng ng\u01b0\u1eddi M\u1ef9 g\u1ed1c Phi\u2014sinh s\u1ed1ng \u1edf v\u00f9ng ven bi\u1ec3n Caribe, v\u00e0 c\u00e1c v\u00f9ng \u0111\u1ea5t Creole, Mestizo v\u00e0 Mennonite ch\u00e2u \u00c2u \u0111an xen v\u00e0o k\u1ebft c\u1ea5u qu\u1ed1c gia. M\u1ed9t s\u1ef1 thay \u0111\u1ed5i nh\u00e2n kh\u1ea9u h\u1ecdc \u1ed5n \u0111\u1ecbnh k\u1ec3 t\u1eeb nh\u1eefng n\u0103m 1980 \u0111\u00e3 ch\u1ee9ng ki\u1ebfn \u200b\u200bc\u01b0 d\u00e2n Hispanic-Mestizo \u0111\u1ea1t \u0111\u01b0\u1ee3c \u01b0u th\u1ebf v\u1ec1 s\u1ed1 l\u01b0\u1ee3ng, \u0111\u01b0\u1ee3c th\u00fac \u0111\u1ea9y b\u1edfi di c\u01b0 v\u00e0 t\u1ef7 l\u1ec7 sinh cao, trong khi ng\u01b0\u1eddi Creole \u0111\u00e3 di d\u1eddi v\u1edbi s\u1ed1 l\u01b0\u1ee3ng l\u1edbn \u0111\u1ebfn Hoa K\u1ef3. Ng\u00e0y nay, \u0111a ng\u00f4n ng\u1eef l\u00e0 \u0111i\u1ec1u ph\u1ed5 bi\u1ebfn: ti\u1ebfng Anh th\u1ed1ng tr\u1ecb nh\u01b0 ph\u01b0\u01a1ng ti\u1ec7n ch\u00ednh th\u1ee9c, nh\u01b0ng ti\u1ebfng Creole v\u00e0 ti\u1ebfng T\u00e2y Ban Nha th\u1ea5m nhu\u1ea7n v\u00e0o cu\u1ed9c s\u1ed1ng h\u00e0ng ng\u00e0y, b\u1ed5 sung cho ph\u01b0\u01a1ng ng\u1eef Maya v\u00e0 ti\u1ebfng Garifuna.<\/p>\n<p>Ho\u1ea1t \u0111\u1ed9ng kinh t\u1ebf v\u1eabn \u0111\u01b0\u1ee3c neo gi\u1eef trong n\u00f4ng nghi\u1ec7p v\u00e0 c\u00f4ng nghi\u1ec7p n\u00f4ng nghi\u1ec7p, v\u1edbi m\u00eda - m\u00f4 h\u00ecnh th\u1ef1c d\u00e2n - chi\u1ebfm g\u1ea7n m\u1ed9t n\u1eeda doanh thu xu\u1ea5t kh\u1ea9u v\u00e0 chu\u1ed1i l\u00e0 ngu\u1ed3n vi\u1ec7c l\u00e0m ch\u00ednh \u1edf n\u00f4ng th\u00f4n. \u0110u \u0111\u1ee7 n\u1eb1m trong ba m\u1eb7t h\u00e0ng xu\u1ea5t kh\u1ea9u h\u00e0ng \u0111\u1ea7u c\u1ee7a Belize, trong khi kho\u00e1ng s\u1ea3n c\u00f4ng nghi\u1ec7p, d\u1ea7u th\u00f4 (s\u1ea3n xu\u1ea5t kho\u1ea3ng 2.000 th\u00f9ng m\u1ed7i ng\u00e0y t\u00ednh \u0111\u1ebfn n\u0103m 2017) v\u00e0 d\u1ea7u m\u1ecf g\u00f3p ph\u1ea7n t\u1ea1o n\u00ean danh m\u1ee5c khi\u00eam t\u1ed1n nh\u01b0ng \u0111a d\u1ea1ng. Du l\u1ecbch v\u00e0 x\u00e2y d\u1ef1ng \u0111\u00e3 t\u0103ng l\u00ean trong nh\u1eefng th\u1eadp k\u1ef7 g\u1ea7n \u0111\u00e2y, \u0111\u01b0\u1ee3c th\u00fac \u0111\u1ea9y b\u1edfi h\u1ec7 sinh th\u00e1i mong manh nh\u01b0ng xa hoa c\u1ee7a \u0111\u1ea5t n\u01b0\u1edbc; c\u00e1c khu ngh\u1ec9 d\u01b0\u1ee1ng ven s\u00f4ng, c\u00e1c chuy\u1ebfn phi\u00eau l\u01b0u ch\u00e8o thuy\u1ec1n tr\u00ean s\u00f4ng v\u00e0 c\u00e1c chuy\u1ebfn \u0111i b\u1ed9 c\u00f3 h\u01b0\u1edbng d\u1eabn \u0111\u1ebfn c\u00e1c di t\u00edch kh\u1ea3o c\u1ed5 ph\u1ee5c v\u1ee5 cho th\u1ecb tr\u01b0\u1eddng du l\u1ecbch sinh th\u00e1i m\u00e0 ch\u00ednh ph\u1ee7 \u0111\u00e3 \u01b0u ti\u00ean k\u1ec3 t\u1eeb khi c\u00f3 n\u00f4ng nghi\u1ec7p.<\/p>\n<p>\u0110\u1ed3ng ti\u1ec1n n\u00e0y\u2014\u0111\u01b0\u1ee3c neo theo \u0111\u00f4 la M\u1ef9\u2014v\u00e0 c\u00e1c quy \u0111\u1ecbnh t\u1ef1 do v\u1ec1 ng\u00e2n h\u00e0ng, th\u1eadt \u0111\u00e1ng ti\u1ebfc, \u0111\u00e3 khi\u1ebfn Belize d\u1ec5 b\u1ecb r\u1eeda ti\u1ec1n, m\u1ed9t \u0111i\u1ec3m y\u1ebfu khi\u1ebfn Hoa K\u1ef3 ch\u1ec9 \u0111\u1ecbnh l\u00e0 \u201cqu\u1ed1c gia r\u1eeda ti\u1ec1n l\u1edbn\u201d v\u00e0o n\u0103m 2014. C\u00e1c bi\u1ec7n ph\u00e1p \u0111\u1ed1i ph\u00f3 nh\u1eafm v\u00e0o vi\u1ec7c tu\u00e2n th\u1ee7 thu\u1ebf v\u00e0 ki\u1ec3m so\u00e1t chi ti\u00eau \u0111\u00e3 \u0111\u01b0\u1ee3c \u0111\u1ec1 xu\u1ea5t, m\u1eb7c d\u00f9 th\u00e2m h\u1ee5t c\u01a1 s\u1edf h\u1ea1 t\u1ea7ng\u2014\u0111\u1eb7c bi\u1ec7t l\u00e0 chi ph\u00ed \u0111i\u1ec7n cao ng\u1ea5t ng\u01b0\u1edfng v\u00e0 m\u1ea1ng l\u01b0\u1edbi giao th\u00f4ng k\u00e9m ph\u00e1t tri\u1ec3n\u2014ti\u1ebfp t\u1ee5c g\u00e2y s\u1ee9c \u00e9p l\u00ean kh\u1ea3 n\u0103ng c\u1ea1nh tranh. C\u00e1c \u0111\u1ed1i t\u00e1c th\u01b0\u01a1ng m\u1ea1i ch\u00ednh bao g\u1ed3m Hoa K\u1ef3, Mexico, V\u01b0\u01a1ng qu\u1ed1c Anh, Li\u00ean minh Ch\u00e2u \u00c2u v\u00e0 c\u00e1c qu\u1ed1c gia CARICOM.<\/p>\n<p>Nh\u1ecbp \u0111i\u1ec7u x\u00e3 h\u1ed9i v\u0103n h\u00f3a c\u1ee7a Belize th\u1ec3 hi\u1ec7n r\u00f5 nh\u1ea5t trong L\u1ec5 k\u1ef7 ni\u1ec7m th\u00e1ng 9 h\u00e0ng n\u0103m, k\u1ef7 ni\u1ec7m Tr\u1eadn chi\u1ebfn St. George&#039;s Caye v\u00e0 Ng\u00e0y \u0110\u1ed9c l\u1eadp, trong khi nh\u1ecbp \u0111i\u1ec7u nh\u1ecbp nh\u00e0ng c\u1ee7a \u00e2m nh\u1ea1c punta nh\u1ea5n m\u1ea1nh b\u1ea3n s\u1eafc Garifuna d\u1ecdc theo b\u1edd bi\u1ec3n Caribe. C\u00e1c b\u1eefa \u0103n gia \u0111\u00ecnh th\u01b0\u1eddng t\u1eadp trung v\u00e0o c\u01a1m \u0111\u1eadu ninh trong n\u01b0\u1edbc c\u1ed1t d\u1eeba, g\u00e0 h\u1ea7m, tamales v\u00e0 escabeche, v\u1edbi b\u00e1nh khoai t\u00e2y chi\u00ean ho\u1eb7c b\u00e1nh ng\u00f4 v\u00e0o b\u1eefa s\u00e1ng v\u00e0 ereba - b\u00e1nh m\u00ec s\u1eafn - trong s\u1ed1 nh\u1eefng m\u00f3n \u0103n ch\u00ednh c\u1ee7a \u1ea9m th\u1ef1c Garifuna. C\u00e1c qu\u00e1n \u0103n th\u00e0nh th\u1ecb v\u00e0 c\u00e1c qu\u1ea7y h\u00e0ng ven \u0111\u01b0\u1eddng \u0111\u1ec1u ph\u1ee5c v\u1ee5 nh\u1eefng m\u00f3n \u0103n n\u00e0y v\u1edbi m\u1ee9c gi\u00e1 ph\u1ea3i ch\u0103ng, m\u1eb7c d\u00f9 c\u00f3 s\u1ef1 kh\u00e1c bi\u1ec7t gi\u1eefa c\u00e1c v\u00f9ng mi\u1ec1n: C\u1ed9ng \u0111\u1ed3ng ng\u01b0\u1eddi Maya d\u1ef1a v\u00e0o ng\u00f4, \u0111\u1eadu v\u00e0 b\u00ed, trong khi c\u00e1c qu\u1eadn ph\u00eda nam th\u01b0\u1edfng th\u1ee9c tr\u00e1i c\u00e2y r\u1eebng nhi\u1ec7t \u0111\u1edbi v\u00e0 c\u00e1 n\u01b0\u1edbc ng\u1ecdt.<\/p>\n<p>Th\u1ed1ng k\u00ea du l\u1ecbch t\u1eeb n\u0103m 2012 ghi nh\u1eadn g\u1ea7n 918.000 du kh\u00e1ch\u2014h\u01a1n m\u1ed9t n\u1eeda \u0111\u1ebfn t\u1eeb Hoa K\u1ef3\u2014t\u1ea1o ra doanh thu l\u00ean t\u1edbi 1,3 t\u1ef7 \u0111\u00f4 la. Sau s\u1ef1 gi\u00e1n \u0111o\u1ea1n c\u1ee7a \u0111\u1ea1i d\u1ecbch to\u00e0n c\u1ea7u, Belize \u0111\u00e3 tr\u1edf th\u00e0nh qu\u1ed1c gia Caribe \u0111\u1ea7u ti\u00ean cho ph\u00e9p du kh\u00e1ch \u0111\u00e3 ti\u00eam v\u1eafc-xin nh\u1eadp c\u1ea3nh m\u00e0 kh\u00f4ng c\u1ea7n x\u00e9t nghi\u1ec7m, c\u1ee7ng c\u1ed1 danh ti\u1ebfng c\u1ee7a n\u01a1i n\u00e0y nh\u01b0 m\u1ed9t thi\u00ean \u0111\u01b0\u1eddng an to\u00e0n cho c\u00e1c cu\u1ed9c phi\u00eau l\u01b0u tr\u00ean bi\u1ec3n v\u00e0 tr\u00ean c\u1ea1n. L\u1eb7n bi\u1ec3n gi\u1eefa c\u00e1c \u0111\u1ec9nh san h\u00f4, ch\u00e8o thuy\u1ec1n kayak qua c\u00e1c tuy\u1ebfn \u0111\u01b0\u1eddng th\u1ee7y \u1ea9n v\u00e0 bay qua c\u00e1c \u0111\u1ec9nh n\u00fai ph\u1ee7 \u0111\u1ea7y m\u01b0a l\u00e0m say \u0111\u1eafm nh\u1eefng ai t\u00ecm ki\u1ebfm s\u1ef1 giao thoa m\u1eadt thi\u1ebft v\u1edbi nhi\u1ec1u bi\u1ec3u hi\u1ec7n c\u1ee7a thi\u00ean nhi\u00ean.<\/p>\n<p>\u0110i\u1ec3m kh\u00e1c bi\u1ec7t gi\u1eefa c\u00e1c d\u00f2ng v\u0103n h\u00f3a n\u00e0y l\u00e0 c\u00e1c khu \u0111\u1ecbnh c\u01b0 Mennonite \u0111\u01b0\u1ee3c th\u00e0nh l\u1eadp t\u1eeb n\u0103m 1958, n\u01a1i c\u01b0 d\u00e2n di c\u01b0 t\u1eeb Ch\u00e2u \u00c2u v\u00e0 B\u1eafc M\u1ef9 theo c\u00e1c hi\u1ec7p \u0111\u1ecbnh cho ph\u00e9p t\u1ef1 ch\u1ee7 v\u1ec1 n\u00f4ng nghi\u1ec7p v\u00e0 mi\u1ec5n tr\u1eeb gi\u00e1o d\u1ee5c. C\u00e1c c\u1ed9ng \u0111\u1ed3ng c\u1ee7a h\u1ecd\u2014c\u00f3 th\u1ec3 nh\u1eadn bi\u1ebft b\u1eb1ng trang ph\u1ee5c b\u1ea3o th\u1ee7 v\u00e0 ph\u01b0\u01a1ng ng\u1eef b\u1eaft ngu\u1ed3n t\u1eeb ti\u1ebfng \u0110\u1ee9c\u2014\u0111\u00e3 th\u00fac \u0111\u1ea9y s\u1ea3n xu\u1ea5t s\u1eefa, gia c\u1ea7m v\u00e0 ng\u0169 c\u1ed1c, \u0111\u01b0a m\u1ed9t \u0111\u1ed9ng l\u1ef1c n\u00f4ng nghi\u1ec7p \u0111\u1ed9c \u0111\u00e1o v\u00e0o b\u1ee9c tranh kinh t\u1ebf c\u1ee7a Belize. Ngh\u1ec1 th\u1ee7 c\u00f4ng c\u1ee7a ng\u01b0\u1eddi Mennonite trong ngh\u1ec1 m\u1ed9c v\u00e0 c\u01a1 kh\u00ed c\u0169ng \u0111\u00e3 c\u1ee7ng c\u1ed1 sinh k\u1ebf n\u00f4ng th\u00f4n.<\/p>\n<p>Nh\u00ecn chung, Belize tr\u00ecnh b\u00e0y m\u1ed9t nghi\u00ean c\u1ee9u v\u1ec1 s\u1ef1 t\u01b0\u01a1ng ph\u1ea3n: n\u01a1i nh\u1eefng r\u1eb7ng n\u00fai cao nguy\u00ean ph\u1ee7 s\u01b0\u01a1ng m\u00f9 h\u1ed9i t\u1ee5 v\u1edbi c\u00e1c \u0111\u1ea3o san h\u00f4 \u0111\u1ea7y n\u1eafng; n\u01a1i nh\u1eefng d\u1ea5u t\u00edch c\u1ee7a ng\u01b0\u1eddi Maya h\u00e0ng th\u1ebf k\u1ef7 c\u00f2n s\u00f3t l\u1ea1i gi\u1eefa c\u00e1c tr\u01b0\u1eddng h\u1ecdc d\u1ea1y ti\u1ebfng Anh; n\u01a1i n\u1ec1n kinh t\u1ebf b\u1eaft ngu\u1ed3n t\u1eeb c\u00e1c \u0111\u1ed3n \u0111i\u1ec1n m\u00eda hi\u1ec7n \u0111ang thu h\u00fat c\u00e1c doanh nh\u00e2n sinh th\u00e1i; n\u01a1i d\u00e2n s\u1ed1 khi\u00eam t\u1ed1n d\u01b0\u1edbi b\u1ed1n tr\u0103m ngh\u00ecn ng\u01b0\u1eddi duy tr\u00ec cam k\u1ebft to l\u1edbn trong vi\u1ec7c b\u1ea3o t\u1ed3n di s\u1ea3n thi\u00ean nhi\u00ean. Gi\u1eefa nh\u1eefng c\u00e2u chuy\u1ec7n \u0111an xen n\u00e0y, \u0111\u1ea5t n\u01b0\u1edbc kh\u1eb3ng \u0111\u1ecbnh b\u1ea3n s\u1eafc c\u1ee7a m\u00ecnh th\u00f4ng qua c\u00e1c truy\u1ec1n th\u1ed1ng ki\u00ean c\u01b0\u1eddng, s\u1ef1 \u0111a d\u1ea1ng v\u1ec1 ng\u00f4n ng\u1eef v\u00e0 m\u1ed9t \u0111\u1ecba l\u00fd v\u1eeba che ch\u1edf v\u1eeba th\u00e1ch th\u1ee9c ng\u01b0\u1eddi d\u00e2n c\u1ee7a m\u00ecnh\u2014m\u1ed9t l\u1eddi k\u00eau g\u1ecdi ti\u1ebfp c\u1eadn m\u1ecdi con \u0111\u01b0\u1eddng, m\u1ecdi r\u1ea1n san h\u00f4, m\u1ecdi ng\u00f4i l\u00e0ng, v\u1edbi s\u1ef1 s\u1eb5n s\u00e0ng quan s\u00e1t s\u00e2u s\u1eafc v\u00e0 ph\u1ea3n \u1ee9ng m\u1ed9t c\u00e1ch t\u00f4n tr\u1ecdng.<\/p>","protected":false},"excerpt":{"rendered":"<p>With 397,484 people as of 2022 spread across 22,970 square kilometers of various terrain, Belize sits on the northeastern coast of Central America. This country presents an interesting place for research given its unique geography and long history.<\/p>","protected":false},"author":1,"featured_media":4052,"parent":24084,"menu_order":0,"comment_status":"closed","ping_status":"closed","template":"elementor_theme","meta":{"_eb_attr":"","footnotes":""},"class_list":["post-9438","page","type-page","status-publish","has-post-thumbnail"],"_links":{"self":[{"href":"https:\/\/travelshelper.com\/vi\/wp-json\/wp\/v2\/pages\/9438","targetHints":{"allow":["GET"]}}],"collection":[{"href":"https:\/\/travelshelper.com\/vi\/wp-json\/wp\/v2\/pages"}],"about":[{"href":"https:\/\/travelshelper.com\/vi\/wp-json\/wp\/v2\/types\/page"}],"author":[{"embeddable":true,"href":"https:\/\/travelshelper.com\/vi\/wp-json\/wp\/v2\/users\/1"}],"replies":[{"embeddable":true,"href":"https:\/\/travelshelper.com\/vi\/wp-json\/wp\/v2\/comments?post=9438"}],"version-history":[{"count":0,"href":"https:\/\/travelshelper.com\/vi\/wp-json\/wp\/v2\/pages\/9438\/revisions"}],"up":[{"embeddable":true,"href":"https:\/\/travelshelper.com\/vi\/wp-json\/wp\/v2\/pages\/24084"}],"wp:featuredmedia":[{"embeddable":true,"href":"https:\/\/travelshelper.com\/vi\/wp-json\/wp\/v2\/media\/4052"}],"wp:attachment":[{"href":"https:\/\/travelshelper.com\/vi\/wp-json\/wp\/v2\/media?parent=9438"}],"curies":[{"name":"wp","href":"https:\/\/api.w.org\/{rel}","templated":true}]}}