{"id":9313,"date":"2024-09-07T21:52:13","date_gmt":"2024-09-07T21:52:13","guid":{"rendered":"https:\/\/travelshelper.com\/staging\/?page_id=9313"},"modified":"2026-03-13T15:44:40","modified_gmt":"2026-03-13T15:44:40","slug":"santa-teresa","status":"publish","type":"page","link":"https:\/\/travelshelper.com\/vi\/destinations\/north-america\/costa-rica\/santa-teresa\/","title":{"rendered":"Santa Teresa"},"content":{"rendered":"<p>Santa Teresa l\u00e0 m\u1ed9t khu \u0111\u1ecbnh c\u01b0 ven bi\u1ec3n nh\u1ecf g\u1ecdn tr\u1ea3i d\u00e0i kho\u1ea3ng n\u0103m km d\u1ecdc theo b\u1edd bi\u1ec3n ph\u00eda t\u00e2y c\u1ee7a B\u00e1n \u0111\u1ea3o Nicoya c\u1ee7a Costa Rica, n\u1eb1m c\u00e1ch San Jos\u00e9 kho\u1ea3ng 150 km v\u1ec1 ph\u00eda t\u00e2y. N\u00f3 bao g\u1ed3m c\u1ea3 c\u00e1c \u0111\u1ed9ng m\u1ea1ch tr\u1ea3i nh\u1ef1a v\u00e0 r\u1ea3i s\u1ecfi v\u00e0 h\u1ed7 tr\u1ee3 m\u1ed9t nh\u00f3m d\u00e2n s\u1ed1 khi\u00eam t\u1ed1n, g\u1eafn b\u00f3 ch\u1eb7t ch\u1ebd v\u1edbi c\u00e1c sinh k\u1ebf \u0111\u00e3 thay \u0111\u1ed5i theo th\u1eddi gian. Ban \u0111\u1ea7u \u0111\u01b0\u1ee3c neo \u0111\u1eadu trong ngh\u1ec1 \u0111\u00e1nh b\u1eaft c\u00e1 quy m\u00f4 nh\u1ecf, n\u00f4ng nghi\u1ec7p v\u00e0 ch\u0103n nu\u00f4i gia s\u00fac (v\u1edbi khai th\u00e1c g\u1ed7 t\u1ea1i m\u1ed9t th\u1eddi \u0111i\u1ec3m b\u1ed5 sung cho thu nh\u1eadp \u0111\u1ecba ph\u01b0\u01a1ng), v\u00f9ng \u0111\u1ea5t n\u00e0y \u0111\u00e3 \u0111\u01b0\u1ee3c \u0111\u1ecbnh h\u00ecnh l\u1ea1i b\u1edfi m\u1ed9t m\u00f4 h\u00ecnh du l\u1ecbch \u0111ang ph\u00e1t tri\u1ec3n. Ng\u00e0y nay, du l\u1ecbch l\u00e0 n\u1ec1n t\u1ea3ng c\u1ee7a h\u1ea7u h\u1ebft c\u00e1c n\u1ec1n kinh t\u1ebf h\u1ed9 gia \u0111\u00ecnh, thu h\u00fat m\u1ed9t lo\u1ea1t du kh\u00e1ch v\u00e0 duy tr\u00ec m\u1ed9t lo\u1ea1t c\u00e1c d\u1ecbch v\u1ee5 \u0111ang m\u1edf r\u1ed9ng.<\/p>\n<p>V\u00e0o th\u1eddi k\u1ef3 \u0111\u1ea7u, Santa Teresa ho\u1ea1t \u0111\u1ed9ng nh\u01b0 m\u1ed9t l\u00e0ng ch\u00e0i xa x\u00f4i, nh\u1ecbp s\u1ed1ng h\u00e0ng ng\u00e0y c\u1ee7a n\u00f3 \u0111\u01b0\u1ee3c quy\u1ebft \u0111\u1ecbnh b\u1edfi th\u1ee7y tri\u1ec1u v\u00e0 m\u00f9a; c\u00e1c gia \u0111\u00ecnh c\u00e0y ru\u1ed9ng tr\u00ean c\u00e1c th\u1eeda \u0111\u1ea5t li\u1ec1n k\u1ec1 v\u00e0 ch\u0103n th\u1ea3 gia s\u00fac tr\u00ean \u0111\u1ed3ng c\u1ecf r\u1eadm r\u1ea1p, trong khi c\u00e1c c\u00e1nh \u0111\u1ed3ng g\u1ed7 c\u1ee9ng g\u1ea7n \u0111\u00f3 cung c\u1ea5p g\u1ed7 \u0111\u1ec3 s\u1eed d\u1ee5ng t\u1ea1i \u0111\u1ecba ph\u01b0\u01a1ng. V\u00e0o \u0111\u1ea7u nh\u1eefng n\u0103m 1990, m\u1ed9t l\u00e0n s\u00f3ng du kh\u00e1ch ti\u1ebft ki\u1ec7m \u0111\u00e3 t\u00ecnh c\u1edd t\u00ecm th\u1ea5y b\u1edd bi\u1ec3n \u00edt ng\u01b0\u1eddi bi\u1ebft \u0111\u1ebfn n\u00e0y, nh\u1eefng chuy\u1ebfn \u0111i c\u1eafm tr\u1ea1i khi\u00eam t\u1ed1n c\u1ee7a h\u1ecd \u0111\u00e3 gieo m\u1ea7m cho nh\u1eefng g\u00ec s\u1ebd ph\u00e1t tri\u1ec3n th\u00e0nh m\u1ed9t n\u1ec1n kinh t\u1ebf du l\u1ecbch s\u00f4i \u0111\u1ed9ng. Trong nh\u1eefng m\u00f9a li\u00ean ti\u1ebfp, tin t\u1ee9c lan truy\u1ec1n ra ngo\u00e0i bi\u00ean gi\u1edbi Costa Rica, th\u00fac \u0111\u1ea9y m\u1ed9t l\u00e0n s\u00f3ng \u0111\u1ea7u t\u01b0 v\u00e0 x\u00e2y d\u1ef1ng gia t\u0103ng v\u1eabn \u0111ang ti\u1ebfp di\u1ec5n.<\/p>\n<p>C\u01a1 s\u1edf h\u1ea1 t\u1ea7ng \u0111\u00e3 b\u1eaft k\u1ecbp, m\u1eb7c d\u00f9 c\u00f3 m\u1ed9t s\u1ed1 h\u1ea1n ch\u1ebf theo phong c\u00e1ch bohemian. M\u1ed9t s\u1ed1 \u00edt qu\u00e1n c\u00e0 ph\u00ea internet n\u1eb1m c\u1ea1nh c\u00e1c c\u1eeda h\u00e0ng t\u1ea1p h\u00f3a khi\u00eam t\u1ed1n, v\u00e0 h\u01a1n ba m\u01b0\u01a1i nh\u00e0 ngh\u1ec9 hi\u1ec7n n\u1eb1m d\u1ecdc theo con \u0111\u01b0\u1eddng ch\u00ednh, gi\u00e1 dao \u0111\u1ed9ng t\u1eeb m\u01b0\u1eddi \u0111\u00f4 la \u0111\u1ebfn m\u1ed9t ngh\u00ecn \u0111\u00f4 la m\u1ed9t \u0111\u00eam. C\u00e1c nh\u00e0 ngh\u1ec9 t\u1eadp trung g\u1ea7n b\u1edd bi\u1ec3n, m\u1ed7i b\u1ea5t \u0111\u1ed9ng s\u1ea3n h\u01b0\u1edbng v\u1ec1 ph\u00eda s\u00f3ng bi\u1ec3n v\u00e0 \u0111\u01b0\u1eddng ch\u00e2n tr\u1eddi Th\u00e1i B\u00ecnh D\u01b0\u01a1ng; c\u00e1c khu ngh\u1ec9 d\u01b0\u1ee1ng n\u1ed9i th\u1ea5t \u1ea9n m\u00ecnh gi\u1eefa nh\u1eefng r\u1eb7ng c\u00e2y c\u1ecd ph\u1ee5c v\u1ee5 cho nh\u1eefng ng\u01b0\u1eddi t\u00ecm ki\u1ebfm s\u1ef1 y\u00ean t\u0129nh. X\u01b0\u01a1ng s\u1ed1ng th\u01b0\u01a1ng m\u1ea1i thanh m\u1ea3nh c\u1ee7a th\u1ecb tr\u1ea5n l\u00e0 n\u01a1i cho thu\u00ea thi\u1ebft b\u1ecb v\u00e0 c\u00e1c qu\u00e1n \u0103n khi\u00eam t\u1ed1n, trong khi m\u1ed9t s\u1ed1 ph\u00f2ng t\u1eadp th\u1ec3 d\u1ee5c cung c\u1ea5p d\u1ecbch v\u1ee5 yoga bu\u1ed5i s\u00e1ng nh\u00ecn ra \u0111\u1ea1i d\u01b0\u01a1ng.<\/p>\n<p>Vi\u1ec7c ti\u1ebfp c\u1eadn Santa Teresa di\u1ec5n ra nh\u01b0 m\u1ed9t b\u00e0i t\u1eadp th\u00edch nghi v\u1edbi \u0111\u1ecba h\u00ecnh g\u1ed3 gh\u1ec1. Xe bu\u00fdt c\u00f4ng c\u1ed9ng k\u1ebft n\u1ed1i v\u1edbi Cobano, Montezuma v\u00e0 Mal Pais, v\u00e0 xe bu\u00fdt tr\u1ef1c ti\u1ebfp k\u1ebft n\u1ed1i v\u1edbi San Jos\u00e9; xe \u0111\u01b0a \u0111\u00f3n ri\u00eang c\u00f3 th\u1ec3 gi\u1ea3m \u0111\u00e1ng k\u1ec3 th\u1eddi gian di chuy\u1ec3n. Nhi\u1ec1u du kh\u00e1ch ch\u1ecdn bay \u0111\u1ebfn s\u00e2n bay qu\u1ed1c t\u1ebf San Jos\u00e9 v\u00e0 chuy\u1ec3n qua c\u00e1c h\u00e3ng v\u1eadn t\u1ea3i khu v\u1ef1c \u0111\u1ebfn S\u00e2n bay Tambor, t\u1eeb \u0111\u00f3 l\u00e1i xe b\u1ed1n m\u01b0\u01a1i l\u0103m ph\u00fat s\u1ebd \u0111\u01b0a h\u1ecd \u0111\u1ebfn th\u1ecb tr\u1ea5n. Ngo\u00e0i ra, du kh\u00e1ch c\u00f3 th\u1ec3 \u0111i \u0111\u01b0\u1eddng b\u1ed9 \u0111\u1ebfn b\u1ebfn ph\u00e0 Puntarenas, mua v\u00e9 tr\u1ef1c tuy\u1ebfn v\u00e0 \u0111i qua Paquera trong kho\u1ea3ng b\u1ea3y m\u01b0\u01a1i l\u0103m ph\u00fat; m\u1ed9t chuy\u1ebfn l\u00e1i xe n\u1eefa c\u00f3 th\u1eddi gian t\u01b0\u01a1ng \u0111\u01b0\u01a1ng s\u1ebd ho\u00e0n th\u00e0nh c\u00e1ch ti\u1ebfp c\u1eadn. Nh\u1eefng h\u00e0nh tr\u00ecnh \u0111a d\u1ea1ng n\u00e0y nh\u1ea5n m\u1ea1nh s\u1ef1 giao thoa gi\u1eefa c\u00e1c tuy\u1ebfn \u0111\u01b0\u1eddng b\u1ed9 v\u00e0 \u0111\u01b0\u1eddng th\u1ee7y c\u1ee7a th\u1ecb tr\u1ea5n.<\/p>\n<p>Nh\u1eefng \u0111o\u1ea1n \u0111\u01b0\u1eddng cu\u1ed1i c\u00f9ng \u0111\u00f2i h\u1ecfi s\u1ef1 t\u00f4n tr\u1ecdng. S\u1ef1 k\u1ebft h\u1ee3p c\u1ee7a m\u1eb7t \u0111\u01b0\u1eddng b\u1ecb x\u00f3i m\u00f2n v\u00e0 s\u1ecfi tr\u1ea3i d\u00e0i t\u1eeb Paquera \u0111\u1ebfn Santa Teresa, nh\u1eefng kh\u00fac cua kh\u00f4ng khoan nh\u01b0\u1ee3ng v\u00e0 b\u1ec1 m\u1eb7t \u0111\u1ea7y r\u1ed7. M\u1ed9t chi\u1ebfc xe b\u1ed1n b\u00e1nh ch\u1eafc ch\u1eafn s\u1ebd l\u00e0m gi\u1ea3m b\u1edbt s\u1ef1 g\u1ed3 gh\u1ec1, h\u1ec7 th\u1ed1ng treo c\u1ee7a n\u00f3 h\u1ea5p th\u1ee5 nh\u1eefng c\u00fa x\u00f3c c\u00f3 th\u1ec3 l\u00e0m m\u1ea5t \u1ed5n \u0111\u1ecbnh c\u00e1c ph\u01b0\u01a1ng ti\u1ec7n nh\u1eb9 h\u01a1n. Trong ph\u1ea1m vi th\u1ecb tr\u1ea5n, du kh\u00e1ch th\u01b0\u1eddng l\u1ef1a ch\u1ecdn xe \u0111\u1ecba h\u00ecnh ho\u1eb7c xe hai b\u00ean\u2014th\u1eadm ch\u00ed l\u00e0 xe &#034;buggy&#034; ch\u1edf n\u0103m h\u00e0nh kh\u00e1ch k\u1ebft h\u1ee3p s\u1ef1 nhanh nh\u1eb9n c\u1ee7a xe b\u1ed1n b\u00e1nh v\u1edbi s\u1ef1 an to\u00e0n c\u1ee7a cabin k\u00edn. D\u1ecbch v\u1ee5 cho thu\u00ea giao xe tr\u1ef1c ti\u1ebfp \u0111\u1ebfn n\u01a1i ngh\u1ec9 c\u1ee7a kh\u00e1ch, \u0111\u1ea3m b\u1ea3o t\u00ednh di \u0111\u1ed9ng m\u00e0 kh\u00f4ng b\u1ecb ch\u1eadm tr\u1ec5 qu\u00e1 m\u1ee9c.<\/p>\n<p>Gi\u1eefa b\u1ed1i c\u1ea3nh th\u00f4 s\u01a1 n\u00e0y, m\u1ed9t tinh th\u1ea7n \u0111\u01b0\u1ee3c vun \u0111\u1eafp \u0111\u00e3 xu\u1ea5t hi\u1ec7n. C\u00e1c tr\u1ea1i l\u01b0\u1edbt s\u00f3ng ho\u1ea1t \u0111\u1ed9ng quanh n\u0103m, \u0111\u01b0a nh\u1eefng ng\u01b0\u1eddi m\u1edbi v\u00e0o nh\u1eefng con s\u00f3ng d\u1eef d\u1ed9i d\u01b0\u1edbi s\u1ef1 h\u01b0\u1edbng d\u1eabn c\u1ee7a nh\u1eefng ng\u01b0\u1eddi h\u01b0\u1edbng d\u1eabn d\u00e0y d\u1ea1n kinh nghi\u1ec7m; c\u00e1c kh\u00f3a tu yoga chi\u1ebfm nh\u1eefng s\u00e2n trong r\u00e2m m\u00e1t, cung c\u1ea5p b\u00e0i t\u1eadp thi\u1ec1n \u0111\u1ecbnh v\u1edbi \u00e2m thanh c\u1ee7a nh\u1eefng con s\u00f3ng xa. C\u00e1c \u0111\u1ea7u b\u1ebfp \u0111\u1ebfn t\u1eeb B\u1eafc M\u1ef9, Ch\u00e2u \u00c2u v\u00e0 nhi\u1ec1u n\u01a1i kh\u00e1c \u0111\u00e3 th\u00e0nh l\u1eadp nh\u1eefng nh\u00e0 b\u1ebfp t\u00f4n vinh m\u00f9a m\u00e0ng \u0111\u1ecba ph\u01b0\u01a1ng\u2014h\u1ea3i s\u1ea3n t\u01b0\u01a1i t\u1eeb nh\u1eefng chi\u1ebfc thuy\u1ec1n th\u1ee7 c\u00f4ng, tr\u00e1i c\u00e2y nhi\u1ec7t \u0111\u1edbi ch\u00edn d\u01b0\u1edbi \u00e1nh m\u1eb7t tr\u1eddi x\u00edch \u0111\u1ea1o. M\u1ed7i nh\u00e0 h\u00e0ng truy\u1ec1n t\u1ea3i m\u1ed9t ch\u01b0\u01a1ng trong c\u00e2u chuy\u1ec7n v\u1ec1 s\u1ef1 giao l\u01b0u v\u0103n h\u00f3a hi\u1ec7n \u0111ang \u0111\u1ecbnh h\u00ecnh nh\u1ecbp \u0111\u1eadp c\u1ed9ng \u0111\u1ed3ng c\u1ee7a Santa Teresa.<\/p>\n<p>M\u00f4i tr\u01b0\u1eddng t\u1ef1 nhi\u00ean v\u1eabn l\u00e0 t\u1ed1i quan tr\u1ecdng. C\u00e1c b\u00e3i bi\u1ec3n c\u00f3 m\u00e0u x\u00e1m v\u00e0ng tr\u1ea7m l\u1eafng, c\u00e1t \u0111\u01b0\u1ee3c t\u1ea1o h\u00ecnh b\u1edfi d\u00f2ng th\u1ee7y tri\u1ec1u kh\u00f4ng ng\u1eebng; \u0111i\u1ec1u ki\u1ec7n l\u01b0\u1edbt s\u00f3ng \u0111\u1ea1t \u0111\u1ec9nh \u1edf m\u1ee9c trung b\u00ecnh \u0111\u1ebfn cao, h\u1ee9a h\u1eb9n nh\u1eefng con s\u00f3ng \u0111\u00e1ng tin c\u1eady thu h\u00fat nh\u1eefng ng\u01b0\u1eddi l\u01b0\u1edbt v\u00e1n \u1edf m\u1ecdi c\u1ea5p \u0111\u1ed9 k\u1ef9 n\u0103ng. Trong \u0111\u1ea5t li\u1ec1n, c\u00e1ch \u0111\u00f3 ch\u01b0a \u0111\u1ea7y ba m\u01b0\u01a1i ph\u00fat \u0111i xe, Khu b\u1ea3o t\u1ed3n thi\u00ean nhi\u00ean Cabo Blanco l\u00e0 khu b\u1ea3o t\u1ed3n ti\u00ean phong c\u1ee7a Costa Rica\u2014m\u1ed9t v\u00f9ng \u0111\u1ea5t r\u1eebng nguy\u00ean sinh c\u00f3 h\u1ec7 \u0111\u1ed9ng v\u1eadt b\u1ea3n \u0111\u1ecba sinh s\u1ed1ng gi\u1eefa nh\u1eefng m\u0169i \u0111\u1ea5t g\u1ed3 gh\u1ec1. C\u00e1c tour du l\u1ecbch sinh th\u00e1i c\u00f3 h\u01b0\u1edbng d\u1eabn vi\u00ean s\u1ebd theo d\u1ea5u nh\u1eefng con \u0111\u01b0\u1eddng m\u00f2n \u0111\u1ed9ng v\u1eadt hoang d\u00e3, l\u00e0m s\u00e1ng t\u1ecf s\u1ef1 t\u01b0\u01a1ng t\u00e1c gi\u1eefa \u0111\u1ea5t li\u1ec1n v\u00e0 bi\u1ec3n, n\u01a1i duy tr\u00ec c\u1ea3 c\u1ed9ng \u0111\u1ed3ng con ng\u01b0\u1eddi v\u00e0 kh\u00f4ng ph\u1ea3i con ng\u01b0\u1eddi.<\/p>\n<p>V\u0103n h\u00f3a l\u01b0\u1edbt s\u00f3ng \u1edf \u0111\u00e2y \u0111\u1ea1t \u0111\u1ebfn v\u1ecb th\u1ebf g\u1ea7n nh\u01b0 huy\u1ec1n tho\u1ea1i t\u1ea1i m\u1ed9t s\u1ed1 \u0111i\u1ec3m ph\u00e1 s\u00f3ng nh\u1ea5t \u0111\u1ecbnh. M\u1ed9t \u0111i\u1ec3m b\u00ean ph\u1ea3i \u0111\u01b0\u1ee3c g\u1ecdi m\u1ed9t c\u00e1ch th\u00f4ng t\u1ee5c l\u00e0 &#034;Suck Rock&#034; n\u1eb1m \u1edf ph\u00eda tr\u01b0\u1edbc Red Palm Villas Resort; khi nh\u1eefng con s\u00f3ng \u0111\u1ea1i d\u01b0\u01a1ng d\u00e2ng cao, nh\u1eefng con s\u00f3ng l\u1ed9t x\u00e1c trong nh\u1eefng \u1ed1ng r\u1ed7ng th\u00e1ch th\u1ee9c nh\u1eefng ng\u01b0\u1eddi l\u01b0\u1edbt s\u00f3ng d\u00e0y d\u1ea1n kinh nghi\u1ec7m, nh\u1ecbp \u0111i\u1ec7u c\u1ee7a ch\u00fang \u0111\u01b0\u1ee3c quy\u1ebft \u0111\u1ecbnh b\u1edfi h\u01b0\u1edbng gi\u00f3 ngo\u00e0i kh\u01a1i v\u00e0 h\u01b0\u1edbng s\u00f3ng. Ngay ph\u00eda nam, d\u1ecdc theo m\u1ed9t b\u00e3i c\u00e1t tr\u1eafng nguy\u00ean s\u01a1 \u0111\u01b0\u1ee3c m\u1ed9t qu\u00e1n bar \u0111\u1ecba ph\u01b0\u01a1ng g\u1ecdi l\u00e0 &#034;La Lora&#034;, m\u1ed9t b\u00e3i bi\u1ec3n ph\u00e1 s\u00f3ng li\u00ean t\u1ee5c l\u00fd t\u01b0\u1edfng \u0111\u1ec3 ti\u1ebfn tri\u1ec3n v\u00e0 vui ch\u01a1i. C\u00f3 r\u1ea5t nhi\u1ec1u d\u1ecbch v\u1ee5 cho thu\u00ea v\u00e1n v\u00e0 c\u00e1c b\u00e0i h\u1ecdc ri\u00eang, v\u00e0 c\u1ea3nh t\u01b0\u1ee3ng nh\u1eefng ng\u01b0\u1eddi l\u01b0\u1edbt s\u00f3ng v\u1ebd bi\u1ec3u \u0111\u1ed3 c\u00e1c cung tr\u00f2n kh\u1eafc h\u1ecda tr\u00ean n\u1ec1n Th\u00e1i B\u00ecnh D\u01b0\u01a1ng r\u1ed9ng l\u1edbn v\u1eabn l\u00e0 m\u1ed9t b\u1ee9c tranh l\u00e2u d\u00e0i.<\/p>\n<p>Du kh\u00e1ch \u0111\u1ebfn t\u1eeb kh\u1eafp c\u00e1c t\u1ec9nh c\u1ee7a Costa Rica, t\u1eeb c\u00e1c th\u1ee7 \u0111\u00f4 c\u1ee7a M\u1ef9 Latinh v\u00e0 t\u1eeb xa nh\u01b0 Hoa K\u1ef3, Canada, Ch\u00e2u \u00c2u v\u00e0 Israel. \u0110\u1ed9ng l\u1ef1c c\u1ee7a h\u1ecd tr\u1ea3i d\u00e0i t\u1eeb vi\u1ec7c theo \u0111u\u1ed5i m\u00f4n l\u01b0\u1edbt s\u00f3ng nguy\u00ean s\u01a1 \u0111\u1ebfn vi\u1ec7c t\u00ecm ki\u1ebfm s\u1ef1 \u1ea9n d\u1eadt ph\u1ee5c h\u1ed3i, v\u00e0 quy m\u00f4 khi\u00eam t\u1ed1n c\u1ee7a th\u1ecb tr\u1ea5n th\u00fac \u0111\u1ea9y c\u00e1c t\u01b0\u01a1ng t\u00e1c th\u1ef1c s\u1ef1\u2014ng\u01b0\u1eddi b\u00e1n h\u00e0ng nh\u1eadn ra kh\u00e1ch quay l\u1ea1i, ng\u01b0\u1eddi h\u01b0\u1edbng d\u1eabn nh\u1edb l\u1ea1i tr\u00ecnh \u0111\u1ed9 th\u00e0nh th\u1ea1o, ch\u1ee7 nh\u00e0 nh\u1edb l\u1ea1i c\u00e1c l\u1ef1a ch\u1ecdn b\u1eefa \u0103n \u01b0a th\u00edch. S\u1ef1 quen thu\u1ed9c nh\u01b0 v\u1eady t\u1ea1o ra s\u1ef1 ch\u00e0o \u0111\u00f3n mang c\u1ea3m gi\u00e1c \u00edt mang t\u00ednh giao d\u1ecbch h\u01a1n l\u00e0 gia \u0111\u00ecnh, nh\u1ea5n m\u1ea1nh b\u1ea3n s\u1eafc c\u1ed9ng \u0111\u1ed3ng c\u00e2n b\u1eb1ng gi\u1eefa ho\u1ea1t \u0111\u1ed9ng th\u01b0\u01a1ng m\u1ea1i v\u1edbi s\u1ef1 t\u00f4n tr\u1ecdng \u0111\u1ed1i v\u1edbi \u0111\u1ecba \u0111i\u1ec3m v\u00e0 truy\u1ec1n th\u1ed1ng.<\/p>\n<p>C\u00e2u chuy\u1ec7n v\u1ec1 Santa Teresa \u0111\u01b0\u1ee3c k\u1ec3 l\u1ea1i nh\u01b0 m\u1ed9t nghi\u00ean c\u1ee9u v\u1ec1 s\u1ef1 chuy\u1ec3n \u0111\u1ed5i\u2014tr\u01b0\u1edbc \u0111\u00e2y l\u00e0 m\u1ed9t l\u00e0ng ch\u00e0i \u1ea9n d\u1eadt, gi\u1edd \u0111\u00e2y l\u00e0 n\u01a1i h\u00e0nh h\u01b0\u01a1ng to\u00e0n c\u1ea7u c\u1ee7a nh\u1eefng ng\u01b0\u1eddi l\u01b0\u1edbt s\u00f3ng, nh\u1eefng ng\u01b0\u1eddi t\u00ecm ki\u1ebfm s\u1ee9c kh\u1ecfe v\u00e0 nh\u1eefng ng\u01b0\u1eddi \u0111am m\u00ea sinh th\u00e1i. Nh\u1eefng con \u0111\u01b0\u1eddng h\u1eb9p v\u00e0 c\u00e1c ti\u1ec7n nghi c\u01a1 b\u1ea3n c\u1ee7a n\u01a1i n\u00e0y v\u1eabn gi\u1eef \u0111\u01b0\u1ee3c tinh th\u1ea7n th\u00e1ch th\u1ee9c bi\u00ean c\u01b0\u01a1ng ngay c\u1ea3 khi c\u00e1c nh\u00e0 ngh\u1ec9 v\u00e0 qu\u00e1n \u0103n \u0111\u1ea1t \u0111\u1ebfn ti\u00eau chu\u1ea9n tinh t\u1ebf. \u1ede \u0111\u00e2y, nh\u1ecbp \u0111\u1eadp c\u1ee7a cu\u1ed9c s\u1ed1ng h\u00e0ng ng\u00e0y v\u1eabn g\u1eafn li\u1ec1n v\u1edbi c\u00e1c chu k\u1ef3 \u0111\u1ea1i d\u01b0\u01a1ng, nh\u01b0ng chi\u1ec1u k\u00edch con ng\u01b0\u1eddi \u0111\u00e3 tr\u1edf n\u00ean tinh t\u1ebf h\u01a1n: m\u1ed9t c\u1ed9ng \u0111\u1ed3ng \u0111an xen gi\u1eefa ng\u01b0\u1eddi d\u00e2n \u0111\u1ecba ph\u01b0\u01a1ng v\u00e0 ng\u01b0\u1eddi di c\u01b0, gi\u1eefa nh\u1eefng du kh\u00e1ch ti\u1ebft ki\u1ec7m v\u00e0 nh\u1eefng ng\u01b0\u1eddi t\u00ecm ki\u1ebfm s\u1ef1 xa x\u1ec9, \u0111\u01b0\u1ee3c k\u1ebft n\u1ed1i b\u1edfi l\u00f2ng t\u00f4n k\u00ednh chung \u0111\u1ed1i v\u1edbi m\u1ed9t b\u1edd bi\u1ec3n \u0111ang ph\u00e1t tri\u1ec3n. \u0110\u00e2y l\u00e0 n\u01a1i m\u00e0 c\u00e1c c\u1ea1nh th\u00f4 s\u01a1 c\u1ee7a \u0111\u1ecba l\u00fd h\u00f2a quy\u1ec7n v\u1edbi c\u00e1c \u0111\u01b0\u1eddng vi\u1ec1n \u0111\u01b0\u1ee3c trau chu\u1ed1t c\u1ee7a l\u00f2ng hi\u1ebfu kh\u00e1ch\u2014m\u1ed9t minh ch\u1ee9ng cho s\u1ee9c h\u1ea5p d\u1eabn l\u00e2u d\u00e0i c\u1ee7a m\u1ed9t b\u1edd bi\u1ec3n xa x\u00f4i \u0111\u01b0\u1ee3c \u0111\u1ecbnh h\u00ecnh l\u1ea1i b\u1edfi kh\u00e1t v\u1ecdng c\u1ee7a con ng\u01b0\u1eddi v\u00e0 s\u1ef1 h\u00f9ng v\u0129 c\u1ee7a thi\u00ean nhi\u00ean.<\/p>","protected":false},"excerpt":{"rendered":"<p>N\u1eb1m \u1edf t\u1ec9nh Puntarenas c\u1ee7a Costa Rica, Santa Teresa l\u00e0 m\u1ed9t th\u1ecb tr\u1ea5n nh\u1ecf \u0111\u00e1ng ch\u00fa \u00fd tr\u00ean B\u00e1n \u0111\u1ea3o Nicoya. Ban \u0111\u1ea7u l\u00e0 m\u1ed9t c\u1ed9ng \u0111\u1ed3ng \u0111\u00e1nh c\u00e1 xa x\u00f4i, n\u01a1i \u0111\u00e2y \u0111\u00e3 tr\u1edf th\u00e0nh m\u1ed9t t\u1ed5 ong cho du kh\u00e1ch t\u00ecm ki\u1ebfm s\u1ef1 ph\u1ea5n kh\u00edch c\u0169ng nh\u01b0 s\u1ef1 b\u00ecnh y\u00ean. San Jos\u00e9, Santa Teresa, c\u00f3 s\u1ef1 k\u1ebft h\u1ee3p \u0111\u1eb7c bi\u1ec7t gi\u1eefa v\u1ebb \u0111\u1eb9p thi\u00ean nhi\u00ean v\u00e0 s\u1ef1 \u0111a d\u1ea1ng v\u0103n h\u00f3a, c\u00e1ch \u0111\u00f4 th\u1ecb b\u1eadn r\u1ed9n kho\u1ea3ng 150 km v\u1ec1 ph\u00eda t\u00e2y.<\/p>","protected":false},"author":1,"featured_media":4581,"parent":9282,"menu_order":0,"comment_status":"closed","ping_status":"closed","template":"elementor_theme","meta":{"_eb_attr":"","footnotes":""},"class_list":["post-9313","page","type-page","status-publish","has-post-thumbnail"],"_links":{"self":[{"href":"https:\/\/travelshelper.com\/vi\/wp-json\/wp\/v2\/pages\/9313","targetHints":{"allow":["GET"]}}],"collection":[{"href":"https:\/\/travelshelper.com\/vi\/wp-json\/wp\/v2\/pages"}],"about":[{"href":"https:\/\/travelshelper.com\/vi\/wp-json\/wp\/v2\/types\/page"}],"author":[{"embeddable":true,"href":"https:\/\/travelshelper.com\/vi\/wp-json\/wp\/v2\/users\/1"}],"replies":[{"embeddable":true,"href":"https:\/\/travelshelper.com\/vi\/wp-json\/wp\/v2\/comments?post=9313"}],"version-history":[{"count":0,"href":"https:\/\/travelshelper.com\/vi\/wp-json\/wp\/v2\/pages\/9313\/revisions"}],"up":[{"embeddable":true,"href":"https:\/\/travelshelper.com\/vi\/wp-json\/wp\/v2\/pages\/9282"}],"wp:featuredmedia":[{"embeddable":true,"href":"https:\/\/travelshelper.com\/vi\/wp-json\/wp\/v2\/media\/4581"}],"wp:attachment":[{"href":"https:\/\/travelshelper.com\/vi\/wp-json\/wp\/v2\/media?parent=9313"}],"curies":[{"name":"wp","href":"https:\/\/api.w.org\/{rel}","templated":true}]}}