{"id":9282,"date":"2024-09-07T20:34:39","date_gmt":"2024-09-07T20:34:39","guid":{"rendered":"https:\/\/travelshelper.com\/staging\/?page_id=9282"},"modified":"2026-03-13T15:01:15","modified_gmt":"2026-03-13T15:01:15","slug":"costa-rica","status":"publish","type":"page","link":"https:\/\/travelshelper.com\/vi\/destinations\/north-america\/costa-rica\/","title":{"rendered":"Costa Rica"},"content":{"rendered":"<p>Costa Rica, m\u1ed9t qu\u1ed1c gia ch\u1ec9 c\u00f3 di\u1ec7n t\u00edch ch\u01b0a \u0111\u1ea7y n\u0103m m\u01b0\u01a1i ngh\u00ecn km vu\u00f4ng nh\u01b0ng l\u1ea1i tr\u00e0n ng\u1eadp s\u1ef1 \u0111a d\u1ea1ng v\u1ec1 sinh th\u00e1i v\u00e0 v\u0103n h\u00f3a, nu\u00f4i s\u1ed1ng h\u01a1n n\u0103m tri\u1ec7u c\u01b0 d\u00e2n trong \u0111\u1ecba h\u00ecnh xanh t\u01b0\u01a1i c\u1ee7a m\u00ecnh\u2014v\u00e0 ch\u1ec9 ri\u00eang t\u1ea1i San Jos\u00e9, h\u01a1n ba tr\u0103m n\u0103m m\u01b0\u01a1i ngh\u00ecn linh h\u1ed3n h\u1ed9i t\u1ee5 h\u00e0ng ng\u00e0y trong nh\u1ecbp s\u1ed1ng \u0111\u00f4 th\u1ecb, trong khi g\u1ea7n hai tri\u1ec7u ng\u01b0\u1eddi s\u1ed1ng trong v\u00f2ng tay \u0111\u00f4 th\u1ecb r\u1ed9ng l\u1edbn h\u01a1n. N\u1eb1m gi\u1eefa nh\u1eefng ng\u1ecdn \u0111\u1ed3i nh\u1ea5p nh\u00f4 c\u1ee7a Nicaragua \u1edf ph\u00eda b\u1eafc v\u00e0 v\u00f9ng \u0111\u1ea5t th\u1ea5p nhi\u1ec7t \u0111\u1edbi c\u1ee7a Panama \u1edf ph\u00eda \u0111\u00f4ng nam, v\u00e0 \u0111\u01b0\u1ee3c bao b\u1ecdc b\u1edfi b\u1edd bi\u1ec3n Caribe v\u00e0 Th\u00e1i B\u00ecnh D\u01b0\u01a1ng \u1edf ph\u00eda \u0111\u00f4ng v\u00e0 ph\u00eda t\u00e2y, n\u01b0\u1edbc c\u1ed9ng h\u00f2a m\u1ea3nh mai n\u00e0y n\u1eafm gi\u1eef c\u1ea3 ng\u00e3 t\u01b0 l\u1ee5c \u0111\u1ecba v\u00e0 ch\u1ee7 quy\u1ec1n \u0111\u1ea3o, m\u1edf r\u1ed9ng ph\u1ea1m vi h\u00e0ng h\u1ea3i c\u1ee7a m\u00ecnh th\u1eadm ch\u00ed \u0111\u1ebfn t\u1eadn \u0110\u1ea3o Cocos, n\u01a1i bi\u00ean gi\u1edbi c\u1ee7a Ecuador tr\u00f4i v\u1ec1 ph\u00eda nam. M\u1ed9t n\u1ec1n d\u00e2n ch\u1ee7 t\u1ed5ng th\u1ed1ng \u1ed5n \u0111\u1ecbnh, \u0111\u01b0\u1ee3c t\u00e0i tr\u1ee3 b\u1edfi l\u1ef1c l\u01b0\u1ee3ng lao \u0111\u1ed9ng n\u1ed5i ti\u1ebfng v\u00ec th\u00e0nh t\u00edch h\u1ecdc t\u1eadp c\u1ee7a m\u00ecnh\u2014gi\u00e1o d\u1ee5c chi\u1ebfm g\u1ea7n b\u1ea3y ph\u1ea7n tr\u0103m qu\u1ef9 c\u00f4ng so v\u1edbi m\u1ee9c trung b\u00ecnh to\u00e0n c\u1ea7u ch\u1ec9 h\u01a1n b\u1ed1n ph\u1ea7n tr\u0103m\u2014Costa Rica \u0111\u00e3 bi\u1ebfn \u0111\u1ed5i t\u1eeb m\u1ed9t n\u1ec1n kinh t\u1ebf n\u00f4ng nghi\u1ec7p th\u00e0nh m\u1ed9t b\u1ee9c tranh kh\u1ea3m c\u1ee7a t\u00e0i ch\u00ednh, d\u01b0\u1ee3c ph\u1ea9m, d\u1ecbch v\u1ee5 doanh nghi\u1ec7p v\u00e0 du l\u1ecbch sinh th\u00e1i, t\u1ea5t c\u1ea3 \u0111\u1ec1u \u0111\u01b0\u1ee3c th\u00fac \u0111\u1ea9y b\u1edfi c\u00e1c Khu th\u01b0\u01a1ng m\u1ea1i t\u1ef1 do \u0111\u01b0\u1ee3c h\u01b0\u1edfng \u01b0u \u0111\u00e3i v\u1ec1 thu\u1ebf.<\/p>\n<p>Trong ph\u1ea7n gi\u1edbi thi\u1ec7u ng\u1eafn g\u1ecdn n\u00e0y l\u00e0 b\u1ea3n ch\u1ea5t c\u1ee7a s\u1ef1 \u0111\u1ed9c \u0111\u00e1o c\u1ee7a Costa Rica: m\u1ed9t v\u00f9ng \u0111\u1ea5t \u0111\u00e3 b\u00e3i b\u1ecf qu\u00e2n \u0111\u1ed9i v\u00e0o n\u0103m 1949 sau m\u1ed9t cu\u1ed9c xung \u0111\u1ed9t d\u00e2n s\u1ef1 ng\u1eafn ng\u1ee7i, thay v\u00e0o \u0111\u00f3 l\u1ef1a ch\u1ecdn \u0111\u1ea7u t\u01b0 v\u00e0o ph\u00e1t tri\u1ec3n con ng\u01b0\u1eddi, qu\u1ea3n l\u00fd m\u00f4i tr\u01b0\u1eddng v\u00e0 g\u1eafn k\u1ebft x\u00e3 h\u1ed9i. K\u1ec3 t\u1eeb \u0111\u00f3, n\u01a1i n\u00e0y \u0111\u00e3 v\u1ea1ch ra m\u1ed9t con \u0111\u01b0\u1eddng kh\u00e1c th\u01b0\u1eddng gi\u1eefa c\u00e1c n\u01b0\u1edbc l\u00e1ng gi\u1ec1ng\u2014tr\u00e1nh xa l\u1ef1c l\u01b0\u1ee3ng v\u0169 trang, nu\u00f4i d\u01b0\u1ee1ng n\u1ec1n d\u00e2n ch\u1ee7 l\u1eadp hi\u1ebfn v\u00e0 n\u00e2ng cao ph\u00fac l\u1ee3i c\u1ee7a con ng\u01b0\u1eddi l\u00ean m\u1ed9t t\u1ea7m cao g\u1ea7n nh\u01b0 thi\u00eang li\u00eang. Ch\u1ec9 s\u1ed1 ph\u00e1t tri\u1ec3n con ng\u01b0\u1eddi c\u1ee7a n\u01b0\u1edbc n\u00e0y x\u1ebfp h\u1ea1ng trong s\u1ed1 s\u00e1u m\u01b0\u01a1i qu\u1ed1c gia h\u00e0ng \u0111\u1ea7u th\u1ebf gi\u1edbi, trong khi \u1edf M\u1ef9 Latinh, n\u01b0\u1edbc n\u00e0y x\u1ebfp th\u1ee9 n\u0103m, v\u01b0\u1ee3t qua c\u00e1c qu\u1ed1c gia c\u00f3 thu nh\u1eadp t\u01b0\u01a1ng \u0111\u01b0\u01a1ng v\u1ec1 c\u1ea3 ph\u00e1t tri\u1ec3n v\u00e0 c\u00f4ng b\u1eb1ng. \u0110\u01b0\u1ee3c nhi\u1ec1u ch\u1ec9 s\u1ed1 kh\u00e1c nhau tuy\u00ean b\u1ed1 l\u00e0 qu\u1ed1c gia h\u1ea1nh ph\u00fac nh\u1ea5t, ng\u01b0\u1eddi d\u00e2n c\u1ee7a n\u01b0\u1edbc n\u00e0y coi c\u1ee5m t\u1eeb \u201cPura Vida\u201d kh\u00f4ng ph\u1ea3i l\u00e0 kh\u1ea9u hi\u1ec7u d\u00e1n tr\u00ean c\u1ea3n xe m\u00e0 l\u00e0 m\u1ed9t tri\u1ebft l\u00fd s\u1ed1ng, m\u1ed9t minh ch\u1ee9ng cho ni\u1ec1m vui h\u00e0ng ng\u00e0y kh\u00f4ng b\u1ecb \u1ea3nh h\u01b0\u1edfng b\u1edfi nh\u1eefng \u00e1p l\u1ef1c ph\u1ed5 bi\u1ebfn \u1edf nh\u1eefng n\u01a1i kh\u00e1c.<\/p>\n<p>Nh\u1ecbp \u0111\u1eadp c\u1ee7a ti\u1ec3u l\u1ee5c \u0111\u1ecba th\u01b0\u1eddng ch\u1eadm l\u1ea1i \u1edf n\u01a1i n\u00fai m\u1ecdc, v\u00e0 \u1edf trung t\u00e2m Costa Rica, Thung l\u0169ng Trung t\u00e2m m\u1edf ra\u2014m\u1ed9t c\u00e1i n\u00f4i r\u1ed9ng l\u1edbn c\u1ee7a c\u00e1c th\u00e0nh ph\u1ed1 v\u00e0 v\u00f9ng cao nguy\u00ean tr\u1ed3ng c\u00e0 ph\u00ea \u0111\u01b0\u1ee3c bao quanh b\u1edfi n\u00fai l\u1eeda. \u1ede \u0111\u00e2y, San Jos\u00e9 ng\u1ef1 tr\u1ecb kh\u00f4ng ph\u1ea3i nh\u01b0 m\u1ed9t th\u1ee7 \u0111\u00f4 xa x\u00f4i m\u00e0 l\u00e0 l\u00f2 nung c\u1ee7a b\u1ea3n s\u1eafc d\u00e2n t\u1ed9c: m\u1ed9t s\u1ef1 lan t\u1ecfa c\u1ee7a nh\u1eefng \u0111\u1ea1i l\u1ed9 r\u1ee3p b\u00f3ng c\u00e2y, c\u00e1c nh\u00e0 h\u00e1t th\u1eddi thu\u1ed9c \u0111\u1ecba v\u00e0 c\u00e1c b\u1ea3o t\u00e0ng ghi l\u1ea1i qu\u1ef9 \u0111\u1ea1o c\u1ee7a n\u01b0\u1edbc c\u1ed9ng h\u00f2a t\u1eeb thu\u1ed9c \u0111\u1ecba T\u00e2y Ban Nha \u0111\u1ebfn nh\u00e0 n\u01b0\u1edbc hi\u1ec7n \u0111\u1ea1i. Alajuela, Cartago\u2014t\u1eebng l\u00e0 th\u1ee7 ph\u1ee7 qu\u1ed1c gia\u2014Heredia v\u00e0 San Ram\u00f3n ho\u00e0n thi\u1ec7n b\u1ed9 t\u1ee9 th\u00e0nh ph\u1ed1 th\u1ed1ng tr\u1ecb thung l\u0169ng, m\u1ed7i th\u00e0nh ph\u1ed1 \u0111\u1ec1u mang di s\u1ea3n ri\u00eang: V\u01b0\u01a1ng cung th\u00e1nh \u0111\u01b0\u1eddng baroque c\u1ee7a Cartago, c\u1eeda ng\u00f5 s\u00e2n bay c\u1ee7a Alajuela, \u0111\u1ed3n \u0111i\u1ec1n c\u00e0 ph\u00ea c\u1ee7a Heredia, h\u1ed9i ch\u1ee3 n\u00f4ng nghi\u1ec7p c\u1ee7a San Ram\u00f3n. B\u00ean kia nh\u1eefng trung t\u00e2m \u0111\u00f4 th\u1ecb n\u00e0y, v\u00f9ng \u0111\u1ea5t tr\u1ea3i d\u00e0i v\u1ec1 ph\u00eda Th\u00e1i B\u00ecnh D\u01b0\u01a1ng \u1edf v\u00f9ng Guanacaste, n\u01a1i nh\u1eefng khu r\u1eebng kh\u00f4 c\u1eb1n l\u1eb7ng l\u1ebd nh\u01b0\u1eddng ch\u1ed7 cho nh\u1eefng \u0111\u1ed3ng b\u1eb1ng r\u1ea3i r\u00e1c x\u01b0\u01a1ng r\u1ed3ng v\u00e0 b\u1edd bi\u1ec3n ph\u1ee7 \u0111\u1ea7y s\u00f3ng bi\u1ec3n; v\u1ec1 ph\u00eda Lim\u00f3n \u1edf s\u01b0\u1eddn Caribe, n\u01a1i nh\u1ecbp \u0111i\u1ec7u v\u00e0 ng\u00f4n ng\u1eef Afro-Caribbean th\u1ec3 hi\u1ec7n ngu\u1ed3n g\u1ed1c kh\u00f4ng \u0111\u1ed3ng nh\u1ea5t c\u1ee7a qu\u1ed1c gia; v\u00e0 v\u1ec1 ph\u00eda mi\u1ec1n n\u00fai ph\u00eda B\u1eafc, n\u01a1i \u0111\u1ec9nh n\u00fai Arenal ho\u00e0n h\u1ea3o bao quanh c\u00e1c su\u1ed1i n\u01b0\u1edbc n\u00f3ng v\u00e0 r\u1eebng m\u00e2y.<\/p>\n<p>M\u1ed9t v\u00f9ng \u0111\u1ea5t cao v\u1edbi \u0111\u1ec9nh n\u00fai Cerro Chirrip\u00f3 cao ba ngh\u00ecn t\u00e1m tr\u0103m m\u01b0\u1eddi ch\u00edn m\u00e9t, Costa Rica c\u0169ng che ch\u1edf cho \u0111\u1ec9nh n\u00fai l\u1eeda Iraz\u00fa cao v\u00fat, trong khi H\u1ed3 Arenal ph\u1ea3n chi\u1ebfu b\u1ea7u tr\u1eddi tr\u00ean m\u1ed9t b\u1ec1 m\u1eb7t t\u0129nh l\u1eb7ng sinh ra t\u1eeb bi k\u1ecbch ki\u1ebfn \u200b\u200bt\u1ea1o. Trong s\u1ed1 m\u01b0\u1eddi b\u1ed1n ng\u1ecdn n\u00fai l\u1eeda \u0111\u01b0\u1ee3c \u0111\u1eb7t t\u00ean, m\u1ed9t n\u1eeda \u0111\u00e3 khu\u1ea5y \u0111\u1ed9ng trong ba ph\u1ea7n t\u01b0 th\u1ebf k\u1ef7 qua, m\u1ed7i l\u1ea7n phun tr\u00e0o kh\u1eafc h\u1ecda nh\u1eefng \u0111\u01b0\u1eddng n\u00e9t m\u1edbi tr\u00ean b\u1ee9c tranh tr\u00e1i \u0111\u1ea5t. Kh\u00ed h\u1eadu c\u1ee7a \u0111\u1ea5t n\u01b0\u1edbc, ho\u00e0n to\u00e0n nhi\u1ec7t \u0111\u1edbi, chia n\u0103m th\u00e0nh m\u00f9a kh\u00f4 v\u00e0 m\u00f9a m\u01b0a\u2014t\u1eeb bu\u1ed5i s\u00e1ng trong l\u00e0nh c\u1ee7a th\u00e1ng 12 \u0111\u1ebfn bu\u1ed5i tr\u01b0a n\u1eafng n\u00f3ng c\u1ee7a th\u00e1ng 4, sau \u0111\u00f3 l\u00e0 nh\u1eefng c\u01a1n m\u01b0a k\u00e9o d\u00e0i cho \u0111\u1ebfn khi r\u00fat lui v\u00e0o th\u00e1ng 11. Tuy nhi\u00ean, nh\u1eefng nh\u1ecb ph\u00e2n nh\u01b0 v\u1eady l\u1ea1i ph\u1ea3n \u00e1nh s\u1eafc th\u00e1i: nh\u1eefng c\u01a1n m\u01b0a tr\u00e1i m\u00f9a l\u00e0m gi\u00e1n \u0111o\u1ea1n nh\u1eefng th\u00e1ng kh\u00f4 h\u1ea1n, v\u00e0 v\u00e0o m\u00f9a m\u01b0a, nh\u1eefng tia n\u1eafng m\u1eb7t tr\u1eddi ph\u00f9 du kh\u1eafc h\u1ecda c\u1ea7u v\u1ed3ng tr\u00ean b\u1ea7u tr\u1eddi m\u01b0a nhi\u1ec1u.<\/p>\n<p>\u0110\u1ecba h\u00ecnh v\u00e0 qu\u1ef9 \u0111\u1ea1o l\u1ecbch s\u1eed c\u1ee7a Costa Rica \u0111\u00e3 \u0111\u01b0a s\u1ee9c s\u1ed1ng kinh t\u1ebf v\u00e0o Thung l\u0169ng Trung t\u00e2m, nh\u01b0ng s\u1ef1 gi\u00e0u c\u00f3 th\u1ef1c s\u1ef1 c\u1ee7a n\u01a1i n\u00e0y n\u1eb1m \u1edf g\u1ea7n hai m\u01b0\u01a1i b\u1ea3y ph\u1ea7n tr\u0103m l\u00e3nh th\u1ed5 \u0111\u01b0\u1ee3c d\u00e0nh ri\u00eang l\u00e0m c\u00f4ng vi\u00ean v\u00e0 khu b\u1ea3o t\u1ed3n qu\u1ed1c gia\u2014t\u1ef7 l\u1ec7 \u0111\u1ea5t \u0111\u01b0\u1ee3c b\u1ea3o v\u1ec7 l\u1edbn nh\u1ea5t tr\u00ean th\u1ebf gi\u1edbi. Trong c\u00e1c khu b\u1ea3o t\u1ed3n n\u00e0y, ch\u1ec9 0,03 ph\u1ea7n tr\u0103m \u0111\u1ecba h\u00ecnh to\u00e0n c\u1ea7u l\u00e0 n\u01a1i tr\u00fa ng\u1ee5 c\u1ee7a g\u1ea7n n\u0103m ph\u1ea7n tr\u0103m t\u1ea5t c\u1ea3 c\u00e1c lo\u00e0i, t\u1eeb nh\u1eefng con quetzal l\u1ed9ng l\u1eaby trong r\u1eebng m\u00e2y Monteverde \u0111\u1ebfn nh\u1eefng con r\u00f9a da l\u00e0m t\u1ed5 tr\u00ean nh\u1eefng b\u00e3i bi\u1ec3n c\u00e1t \u0111en c\u1ee7a Tortuguero. Nh\u1eefng s\u01b0\u1eddn r\u1eebng r\u1eadm c\u1ee7a Manuel Antonio \u0111\u1ed5 xu\u1ed1ng bi\u1ec3n, trong khi v\u00f9ng hoang d\u00e3 xa x\u00f4i c\u1ee7a Corcovado l\u00e0 n\u01a1i tr\u00fa ng\u1ee5 c\u1ee7a lo\u00e0i l\u1ee3n v\u00f2i, b\u00e1o \u0111\u1ed1m v\u00e0 v\u1eb9t \u0111u\u00f4i d\u00e0i \u0111\u1ecf\u2014nh\u1eefng ti\u1ebfng v\u1ecdng c\u1ee7a th\u1eddi c\u1ed5 \u0111\u1ea1i khi c\u00e1c n\u1ec1n v\u0103n h\u00f3a Trung M\u1ef9 v\u00e0 Nam M\u1ef9 g\u1eb7p nhau tr\u00ean B\u00e1n \u0111\u1ea3o Nicoya, in d\u1ea5u \u1ea5n ti\u1ec1n T\u00e2y Ban Nha l\u00ean nh\u1eefng b\u1edd bi\u1ec3n n\u00e0y.<\/p>\n<p>L\u00e2u tr\u01b0\u1edbc khi nh\u1eefng ng\u01b0\u1eddi chinh ph\u1ee5c \u0111\u1ebfn v\u00e0o th\u1ebf k\u1ef7 th\u1ee9 m\u01b0\u1eddi s\u00e1u, c\u00e1c th\u1ee7 l\u0129nh \u0111\u00e3 bu\u00f4n b\u00e1n v\u00e0ng, \u0111\u1ed3 g\u1ed1m v\u00e0 mu\u1ed1i d\u1ecdc theo nh\u1eefng b\u1edd bi\u1ec3n n\u00e0y; v\u01b0\u01a1ng mi\u1ec7n T\u00e2y Ban Nha \u0111\u00e3 gi\u00e1ng c\u1ea5p thu\u1ed9c \u0111\u1ecba c\u1ee7a m\u00ecnh xu\u1ed1ng v\u1ecb th\u1ebf ngo\u1ea1i vi, ch\u1ec9 cho ph\u00e9p \u0111\u1ecbnh c\u01b0 th\u01b0a th\u1edbt. V\u1edbi n\u1ec1n \u0111\u1ed9c l\u1eadp v\u00e0o n\u0103m 1821, \u0111\u1ea7u ti\u00ean l\u00e0 m\u1ed9t ph\u1ea7n c\u1ee7a \u0110\u1ebf ch\u1ebf Mexico c\u1ee7a Agust\u00edn de Iturbide v\u00e0 sau \u0111\u00f3 l\u00e0 trong m\u1ed9t li\u00ean bang Trung M\u1ef9 tho\u00e1ng qua, Costa Rica cu\u1ed1i c\u00f9ng \u0111\u00e3 kh\u1eb3ng \u0111\u1ecbnh \u0111\u01b0\u1ee3c ch\u1ee7 quy\u1ec1n ho\u00e0n to\u00e0n v\u00e0o n\u0103m 1847. Sau \u0111\u00f3 l\u00e0 m\u1ed9t th\u1ebf k\u1ef7 \u0111\u01b0\u1ee3c \u0111\u00e1nh d\u1ea5u b\u1eb1ng xu\u1ea5t kh\u1ea9u c\u00e0 ph\u00ea, c\u00e1c d\u1ef1 \u00e1n \u0111\u01b0\u1eddng s\u1eaft n\u01b0\u1edbc ngo\u00e0i v\u00e0 s\u1ef1 tr\u1ed7i d\u1eady d\u1ea7n d\u1ea7n c\u1ee7a m\u1ed9t nh\u00f3m tinh hoa c\u00e0 ph\u00ea \u0111\u00e3 gieo m\u1ea7m cho s\u1ef1 bi\u1ebft ch\u1eef v\u00e0 c\u00e1c th\u1ec3 ch\u1ebf c\u00f4ng d\u00e2n. Tuy nhi\u00ean, s\u1ef1 r\u1ea1n n\u1ee9t th\u1ef1c s\u1ef1 \u0111\u00e3 x\u1ea3y ra v\u00e0o n\u0103m 1948, khi m\u1ed9t cu\u1ed9c kh\u1ee7ng ho\u1ea3ng b\u1ea7u c\u1eed k\u00e9o d\u00e0i m\u01b0\u1eddi m\u1ed9t ng\u00e0y \u0111\u00e3 bi\u1ebfn th\u00e0nh n\u1ed9i chi\u1ebfn; k\u1ebft th\u00fac c\u1ee7a n\u00f3 \u0111\u00e3 t\u1ea1o ra m\u1ed9t hi\u1ebfn ph\u00e1p c\u1ea5m qu\u00e2n \u0111\u1ed9i, chuy\u1ec3n h\u01b0\u1edbng c\u00e1c ngu\u1ed3n l\u1ef1c v\u00e0o tr\u01b0\u1eddng h\u1ecdc v\u00e0 b\u1ec7nh vi\u1ec7n, v\u00e0 \u0111\u1ec3 l\u1ea1i cho qu\u1ed1c gia b\u1ea3n ch\u1ea5t hi\u1ec7n \u0111\u1ea1i c\u1ee7a h\u00f2a b\u00ecnh.<\/p>\n<p>Trong n\u0103m m\u01b0\u01a1i n\u0103m k\u1ec3 t\u1eeb quy\u1ebft \u0111\u1ecbnh \u0111\u00f3, Costa Rica \u0111\u00e3 x\u00e2y d\u1ef1ng m\u1ed9t n\u1ec1n d\u00e2n ch\u1ee7 v\u1eefng m\u1ea1nh. N\u1ec1n b\u00e1o ch\u00ed t\u1ef1 do c\u1ee7a n\u01b0\u1edbc n\u00e0y \u0111\u01b0\u1ee3c x\u1ebfp h\u1ea1ng l\u00e0 m\u1ed9t trong nh\u1eefng n\u1ec1n b\u00e1o ch\u00ed t\u1ef1 do nh\u1ea5t tr\u00ean to\u00e0n c\u1ea7u, c\u00e1c quy tr\u00ecnh b\u1ea7u c\u1eed c\u1ee7a n\u01b0\u1edbc n\u00e0y lu\u00f4n minh b\u1ea1ch v\u00e0 c\u00e1c th\u1ec3 ch\u1ebf c\u1ee7a n\u01b0\u1edbc n\u00e0y, t\u1eeb ng\u00e0nh t\u01b0 ph\u00e1p \u0111\u1ebfn c\u00e1c t\u1ed5 ch\u1ee9c gi\u00e1m s\u00e1t \u0111\u1ed9c l\u1eadp, \u0111\u1ec1u gi\u00e0nh \u0111\u01b0\u1ee3c l\u00f2ng tin c\u1ee7a c\u00f4ng ch\u00fang. S\u1ef1 t\u1ef1 tin n\u00e0y l\u00e0 n\u1ec1n t\u1ea3ng cho th\u00e0nh t\u00edch li\u00ean t\u1ee5c c\u1ee7a qu\u1ed1c gia n\u00e0y trong c\u00e1c ch\u1ec9 s\u1ed1 to\u00e0n c\u1ea7u: x\u1ebfp h\u1ea1ng hai m\u01b0\u01a1i l\u0103m v\u1ec1 t\u1ef1 do b\u00e1o ch\u00ed, \u0111i\u1ec3m s\u1ed1 cao trong c\u00e1c bi\u1ec7n ph\u00e1p qu\u1ea3n tr\u1ecb v\u00e0 s\u1ef1 ca ng\u1ee3i li\u00ean t\u1ee5c v\u1ec1 h\u1ea1nh ph\u00fac ch\u1ee7 quan c\u1ee7a c\u00f4ng d\u00e2n. Trong khi c\u00e1c qu\u1ed1c gia Trung M\u1ef9 kh\u00e1c \u0111ang chao \u0111\u1ea3o gi\u1eefa b\u1ea1o l\u1ef1c ch\u00ednh tr\u1ecb v\u00e0 b\u1ea5t \u1ed5n kinh t\u1ebf, Costa Rica v\u1eabn duy tr\u00ec \u0111\u01b0\u1ee3c s\u1ef1 \u1ed5n \u0111\u1ecbnh, thu h\u00fat \u0111\u1ea7u t\u01b0 n\u01b0\u1edbc ngo\u00e0i v\u00e0o c\u00e1c c\u00f4ng vi\u00ean c\u00f4ng ngh\u1ec7 cao v\u00e0 c\u00e1c c\u1ee5m d\u01b0\u1ee3c ph\u1ea9m c\u1ee7a m\u00ecnh.<\/p>\n<p>Tuy nhi\u00ean, s\u1ef1 th\u1ecbnh v\u01b0\u1ee3ng kh\u00f4ng gi\u00fap Costa Rica mi\u1ec5n nhi\u1ec5m v\u1edbi s\u1ef1 mong manh c\u1ee7a m\u00f4i tr\u01b0\u1eddng. Nhi\u1ec7t \u0111\u1ed9 t\u0103ng cao th\u00e1ch th\u1ee9c c\u00e1c h\u1ec7 sinh th\u00e1i \u1edf \u0111\u1ed9 cao l\u1edbn, trong khi m\u1ef1c n\u01b0\u1edbc bi\u1ec3n d\u00e2ng cao x\u00e2m l\u1ea5n c\u1ea3 hai b\u1edd bi\u1ec3n. C\u00e1c ki\u1ec3u m\u01b0a thay \u0111\u1ed5i \u0111e d\u1ecda \u0111\u1ebfn v\u1ee5 thu ho\u1ea1ch c\u00e0 ph\u00ea \u1edf Tarraz\u00fa v\u00e0 c\u00e1c \u0111\u1ed3n \u0111i\u1ec1n chu\u1ed1i \u1edf Lim\u00f3n; l\u0169 l\u1ee5t, l\u1edf \u0111\u1ea5t, l\u1ed1c xo\u00e1y v\u00e0 h\u1ea1n h\u00e1n hi\u1ec7n l\u00e0m gi\u00e1n \u0111o\u1ea1n t\u00ednh theo m\u00f9a v\u1ed1n c\u00f3 th\u1ec3 d\u1ef1 \u0111o\u00e1n \u0111\u01b0\u1ee3c. G\u1ea7n b\u1ed1n trong s\u1ed1 n\u0103m ng\u01b0\u1eddi Costa Rica sinh s\u1ed1ng \u1edf c\u00e1c khu v\u1ef1c ng\u00e0y c\u00e0ng d\u1ec5 g\u1eb7p ph\u1ea3i nh\u1eefng m\u1ed1i nguy hi\u1ec3m nh\u01b0 v\u1eady v\u00e0 m\u1ed9t t\u1ef7 l\u1ec7 t\u01b0\u01a1ng t\u1ef1 trong GDP qu\u1ed1c gia ph\u1ee5 thu\u1ed9c v\u00e0o c\u00e1c l\u0129nh v\u1ef1c d\u1ec5 b\u1ecb \u1ea3nh h\u01b0\u1edfng b\u1edfi nh\u1eefng thay \u0111\u1ed5i v\u1ec1 kh\u00ed h\u1eadu. Ph\u1ea3n \u1ee9ng c\u1ee7a ch\u00ednh ph\u1ee7 bao g\u1ed3m c\u00e1c ch\u00ednh s\u00e1ch kh\u1eed cacbon \u0111\u1ea7y tham v\u1ecdng, h\u01b0\u1edbng t\u1edbi m\u1ee5c ti\u00eau ph\u00e1t th\u1ea3i r\u00f2ng b\u1eb1ng 0 v\u00e0o gi\u1eefa th\u1ebf k\u1ef7 v\u00e0 s\u1ef1 ph\u1ee5 thu\u1ed9c g\u1ea7n nh\u01b0 to\u00e0n c\u1ea7u v\u00e0o n\u0103ng l\u01b0\u1ee3ng t\u00e1i t\u1ea1o \u2014 ch\u00edn m\u01b0\u01a1i l\u0103m ph\u1ea7n tr\u0103m \u0111i\u1ec7n hi\u1ec7n nay ch\u1ea3y t\u1eeb n\u01b0\u1edbc, nhi\u1ec7t \u0111\u1ecba nhi\u1ec7t, gi\u00f3, b\u1ee9c x\u1ea1 m\u1eb7t tr\u1eddi v\u00e0 sinh kh\u1ed1i. Tuy nhi\u00ean, v\u00e0o n\u0103m 2024, vi\u1ec7c ph\u00e2n ph\u1ed1i h\u1ea1n h\u00e1n \u0111\u00e3 b\u1ed9c l\u1ed9 s\u1ef1 mong manh c\u1ee7a m\u1ed9t h\u1ec7 th\u1ed1ng v\u1eabn b\u1ecb r\u00e0ng bu\u1ed9c v\u1edbi c\u00e1c chu tr\u00ecnh th\u1ee7y v\u0103n.<\/p>\n<p>\u0110\u01b0\u1eddng n\u00e9t c\u1ee7a x\u00e3 h\u1ed9i ph\u1ea3n \u00e1nh m\u00f4i tr\u01b0\u1eddng c\u1ee7a n\u00f3: d\u1eef li\u1ec7u \u0111i\u1ec1u tra d\u00e2n s\u1ed1 t\u1eeb n\u0103m 2022, d\u1eef li\u1ec7u \u0111\u1ea7u ti\u00ean li\u1ec7t k\u00ea b\u1ea3n s\u1eafc d\u00e2n t\u1ed9c trong ch\u00edn m\u01b0\u01a1i l\u0103m n\u0103m, ghi nh\u1eadn s\u1ef1 \u0111a d\u1ea1ng c\u1ee7a ng\u01b0\u1eddi da tr\u1eafng v\u00e0 ng\u01b0\u1eddi lai c\u00f9ng v\u1edbi c\u00e1c c\u1ed9ng \u0111\u1ed3ng lai, ng\u01b0\u1eddi Phi-Caribbean, ng\u01b0\u1eddi b\u1ea3n \u0111\u1ecba, ng\u01b0\u1eddi Trung Qu\u1ed1c v\u00e0 c\u00e1c t\u1ed5 ti\u00ean kh\u00e1c. Di s\u1ea3n c\u1ee7a \u1ea3nh h\u01b0\u1edfng Chibcha v\u00e0 Nahuatl v\u1eabn t\u1ed3n t\u1ea1i trong c\u00e1c di t\u00edch kh\u1ea3o c\u1ed5 v\u00e0 truy\u1ec1n th\u1ed1ng d\u00e2n gian, trong khi d\u00e2n s\u1ed1 ng\u01b0\u1eddi Phi-Costa Rica c\u1ee7a Lim\u00f3n v\u1eabn gi\u1eef \u0111\u01b0\u1ee3c ti\u1ebfng Creole d\u1ef1a tr\u00ean ti\u1ebfng Anh b\u1eaft ngu\u1ed3n t\u1eeb nh\u1eefng cu\u1ed9c di c\u01b0 lao \u0111\u1ed9ng c\u1ee7a ng\u01b0\u1eddi Jamaica v\u00e0o th\u1ebf k\u1ef7 XIX. Ti\u1ebfng T\u00e2y Ban Nha v\u00e0 c\u00e1c nghi l\u1ec5 C\u00f4ng gi\u00e1o chi\u1ebfm \u01b0u th\u1ebf\u2014ti\u1ebfng v\u1ecdng c\u1ee7a th\u1eddi k\u1ef3 thu\u1ed9c \u0111\u1ecba\u2014nh\u01b0ng b\u1ee9c tranh v\u0103n h\u00f3a c\u1ee7a qu\u1ed1c gia n\u00e0y \u0111\u00e3 \u0111an xen nh\u1eefng s\u1ee3i ch\u1ec9 t\u1eeb Ch\u00e2u Phi, Ch\u00e2u \u00c1 v\u00e0 Ch\u00e2u M\u1ef9 v\u00e0o \u1ea9m th\u1ef1c, \u00e2m nh\u1ea1c v\u00e0 cu\u1ed9c s\u1ed1ng h\u00e0ng ng\u00e0y c\u1ee7a m\u00ecnh.<\/p>\n<p>Nh\u1ea1c Marimba vang v\u1ecdng kh\u1eafp c\u00e1c qu\u1ea3ng tr\u01b0\u1eddng th\u1ecb tr\u1ea5n; soca, salsa, cumbia v\u00e0 bachata khu\u1ea5y \u0111\u1ed9ng s\u00e0n nh\u1ea3y, m\u1eb7c d\u00f9, th\u1eadt k\u1ef3 l\u1ea1, \u0111\u1ed1i v\u1edbi th\u1ebf h\u1ec7 c\u0169 h\u01a1n l\u00e0 th\u1ebf h\u1ec7 tr\u1ebb. \u0110\u00e0n guitar v\u1eabn l\u00e0 ng\u01b0\u1eddi b\u1ea1n \u0111\u1ed3ng h\u00e0nh ph\u1ed5 bi\u1ebfn c\u1ee7a c\u00e1c \u0111i\u1ec7u nh\u1ea3y d\u00e2n gian, nh\u01b0ng marimba, v\u1edbi c\u00e1c ph\u00edm g\u1ed7 v\u00e0 khoang \u00e2m c\u1ed9ng h\u01b0\u1edfng, l\u00e0 nh\u1ea1c c\u1ee5 qu\u1ed1c gia\u2014giai \u0111i\u1ec7u c\u1ee7a n\u00f3 l\u00e0 bi\u1ec3u t\u01b0\u1ee3ng \u00e2m thanh c\u1ee7a b\u1ea3n s\u1eafc Costa Rica. S\u1ef1 h\u1ed7 tr\u1ee3 c\u1ee7a t\u1ed5 ch\u1ee9c cho ngh\u1ec7 thu\u1eadt \u0111\u1ebfn t\u1eeb B\u1ed9 V\u0103n h\u00f3a, Thanh ni\u00ean v\u00e0 Th\u1ec3 thao, \u0111\u01b0\u1ee3c chia th\u00e0nh c\u00e1c b\u1ed9 ph\u1eadn gi\u00e1m s\u00e1t ngh\u1ec7 thu\u1eadt th\u1ecb gi\u00e1c v\u00e0 s\u00e2n kh\u1ea5u, \u00e2m nh\u1ea1c, di s\u1ea3n v\u00e0 th\u01b0 vi\u1ec7n; D\u00e0n nh\u1ea1c Giao h\u01b0\u1edfng Qu\u1ed1c gia v\u00e0 Thanh ni\u00ean l\u00e0 v\u00ed d\u1ee5 v\u1ec1 s\u1ef1 k\u1ebft h\u1ee3p gi\u1eefa v\u0103n h\u00f3a v\u00e0 s\u1ef1 tham gia c\u1ee7a thanh ni\u00ean.<\/p>\n<p>Tr\u00ean \u0111\u0129a, Costa Rica cung c\u1ea5p c\u00e1c m\u00f3n \u0103n n\u00f3i l\u00ean l\u1ecbch s\u1eed nhi\u1ec1u l\u1edbp: tamales b\u1ea3n \u0111\u1ecba c\u00f9ng v\u1edbi ng\u0169 c\u1ed1c v\u00e0 th\u1ecbt du nh\u1eadp t\u1eeb T\u00e2y Ban Nha; \u1ea3nh h\u01b0\u1edfng sau n\u00e0y c\u1ee7a v\u00f9ng Caribe v\u00e0 Ch\u00e2u Phi th\u1ec3 hi\u1ec7n \u1edf gia v\u1ecb v\u00e0 m\u00f3n h\u1ea7m. C\u01a1m v\u00e0 \u0111\u1eadu\u2014gallo pinto\u2014l\u00e0 b\u1eefa s\u00e1ng qu\u1ed1c gia, trong khi casados \u200b\u200bk\u1ebft h\u1ee3p th\u1ecbt, chu\u1ed1i v\u00e0 salad th\u00e0nh b\u1eefa \u0103n tr\u01b0a. C\u00e1c qu\u00e1n soda ven \u0111\u01b0\u1eddng ph\u1ee5c v\u1ee5 ceviche v\u00e0 empanada t\u01b0\u01a1i, v\u00e0 c\u00e1c th\u1ecb tr\u1ea5n ven bi\u1ec3n b\u00e0y b\u00e1n h\u1ea3i s\u1ea3n ng\u00e2m d\u1eeba c\u00f3 h\u01b0\u01a1ng v\u1ecb c\u1ee7a n\u01b0\u1edbc mu\u1ed1i v\u00e0 \u00e1nh n\u1eafng m\u1eb7t tr\u1eddi. M\u1ed7i c\u00f4ng th\u1ee9c n\u1ea5u \u0103n \u0111\u1ec1u mang \u00e2m h\u01b0\u1edfng c\u1ee7a s\u1ef1 di c\u01b0 v\u00e0 th\u00edch nghi, c\u1ee7a m\u1ed9t x\u00e3 h\u1ed9i \u0111\u00e3 ch\u00e0o \u0111\u00f3n nh\u1eefng nguy\u00ean li\u1ec7u m\u1edbi\u2014v\u00e0 nh\u1eefng con ng\u01b0\u1eddi m\u1edbi\u2014m\u00e0 kh\u00f4ng t\u1eeb b\u1ecf h\u01b0\u01a1ng v\u1ecb c\u1ed1t l\u00f5i c\u1ee7a m\u00ecnh.<\/p>\n<p>Kh\u00e1ch du l\u1ecbch hi\u1ec7n \u0111\u1ed5 x\u00f4 \u0111\u1ebfn qu\u1ed1c gia m\u00e0 National Geographic ca ng\u1ee3i l\u00e0 n\u01a1i h\u1ea1nh ph\u00fac nh\u1ea5t th\u1ebf gi\u1edbi, n\u01a1i \u201cPura Vida\u201d v\u1eeba l\u00e0 l\u1eddi ch\u00e0o v\u1eeba l\u00e0 c\u00e2u th\u1ea7n ch\u00fa, m\u1ed9t l\u1eddi nh\u1eafc nh\u1edf r\u1eb1ng nh\u1eefng th\u00fa vui gi\u1ea3n \u0111\u01a1n\u2014b\u00e3i bi\u1ec3n \u1ea5m \u00e1p d\u01b0\u1edbi \u00e1nh n\u1eafng, nh\u1eefng khu r\u1eebng m\u00e2y m\u00f9 bao ph\u1ee7, c\u1ea3nh t\u01b0\u1ee3ng m\u1ed9t ch\u00fa v\u1eb9t \u0111u\u00f4i d\u00e0i \u0111\u1ecf th\u1eafm \u0111ang bay\u2014v\u01b0\u1ee3t xa nh\u1eefng g\u00e1nh n\u1eb7ng c\u1ee7a cu\u1ed9c s\u1ed1ng hi\u1ec7n \u0111\u1ea1i. T\u1eeb r\u1ea1n san h\u00f4 Cahuita \u0111\u1ebfn \u0111\u1ec9nh Chirrip\u00f3 b\u1ecb gi\u00f3 b\u00e0o m\u00f2n; t\u1eeb s\u1ef1 xa x\u00f4i c\u1ee7a \u0110\u1ea3o Cocos \u0111\u1ebfn nh\u1eefng h\u00e0nh lang t\u01b0\u01a1i t\u1ed1t c\u1ee7a Corcovado, Costa Rica cung c\u1ea5p m\u1ed9t h\u00e0nh tr\u00ecnh v\u01b0\u1ee3t ra ngo\u00e0i du l\u1ecbch th\u00f4ng th\u01b0\u1eddng. C\u00e1c tuy\u1ebfn \u0111\u01b0\u1eddng nh\u01b0 Camino de Costa Rica \u0111i qua eo \u0111\u1ea5t t\u1eeb \u200b\u200b\u0110\u1ea1i T\u00e2y D\u01b0\u01a1ng \u0111\u1ebfn Th\u00e1i B\u00ecnh D\u01b0\u01a1ng, trong khi l\u00e1i xe qua Camino del Cielo y Colibr\u00edes \u0111\u1ec3 chi\u00eam ng\u01b0\u1ee1ng c\u1ea3nh t\u01b0\u1ee3ng tuy\u1ec7t \u0111\u1eb9p c\u1ee7a c\u00e1c lo\u00e0i chim d\u1ecdc theo c\u00e1c d\u00e3y n\u00fai.<\/p>\n<p>Tuy nhi\u00ean, m\u00f3n qu\u00e0 l\u1edbn nh\u1ea5t c\u1ee7a \u0111\u1ea5t n\u01b0\u1edbc v\u1eabn l\u00e0 cam k\u1ebft v\u1ec1 s\u1ef1 h\u00f2a h\u1ee3p - gi\u1eefa con ng\u01b0\u1eddi, ch\u00ednh quy\u1ec1n v\u00e0 thi\u00ean nhi\u00ean - m\u1ed9t s\u1ef1 c\u00e2n b\u1eb1ng \u0111\u1ea1t \u0111\u01b0\u1ee3c sau cu\u1ed9c xung \u0111\u1ed9t d\u00e2n s\u1ef1, \u0111\u01b0\u1ee3c th\u00e1nh hi\u1ebfn b\u1eb1ng vi\u1ec7c b\u00e3i b\u1ecf v\u0169 kh\u00ed v\u00e0 \u0111\u01b0\u1ee3c duy tr\u00ec qua nhi\u1ec1u th\u1ebf h\u1ec7 qu\u1ea3n l\u00fd t\u1eadn t\u00e2m. \u0110\u00e2y l\u00e0 m\u1ed9t n\u01b0\u1edbc c\u1ed9ng h\u00f2a nh\u1ecf tr\u00ean \u0111\u1ea5t li\u1ec1n nh\u01b0ng c\u00f3 t\u1ea7m nh\u00ecn r\u1ed9ng l\u1edbn: m\u1ed9t ph\u00f2ng th\u00ed nghi\u1ec7m s\u1ed1ng \u0111\u1ed9ng, n\u01a1i d\u00e2n ch\u1ee7, ph\u00e1t tri\u1ec3n v\u00e0 \u0111a d\u1ea1ng sinh h\u1ecdc c\u00f9ng t\u1ed3n t\u1ea1i. \u1ede Costa Rica, cu\u1ed9c s\u1ed1ng di\u1ec5n ra \u1edf quy m\u00f4 c\u1ee7a con ng\u01b0\u1eddi, \u0111\u01b0\u1ee3c \u0111o b\u1eb1ng nh\u1ecbp \u0111i\u1ec7u c\u1ee7a ti\u1ebfng chim h\u00f3t v\u00e0 d\u00f2ng ch\u1ea3y c\u1ee7a c\u00e1c con s\u00f4ng thay v\u00ec ti\u1ebfng va ch\u1ea1m c\u1ee7a v\u0169 kh\u00ed - b\u1eb1ng ch\u1ee9ng r\u00f5 r\u00e0ng r\u1eb1ng an ninh th\u1ef1c s\u1ef1 kh\u00f4ng n\u1eb1m \u1edf c\u00e1c b\u1ee9c t\u01b0\u1eddng th\u00e0nh m\u00e0 \u1edf tr\u01b0\u1eddng h\u1ecdc, b\u1ec7nh vi\u1ec7n v\u00e0 vi\u1ec7c b\u1ea3o t\u1ed3n thi\u00ean nhi\u00ean hoang d\u00e3. V\u00e0 gi\u1eefa s\u1ef1 l\u00ean xu\u1ed1ng c\u1ee7a c\u00e1c m\u00f9a, ng\u01b0\u1eddi d\u00e2n c\u1ee7a \u0111\u1ea5t n\u01b0\u1edbc n\u00e0y v\u1eabn ti\u1ebfp t\u1ee5c kh\u1eb3ng \u0111\u1ecbnh, t\u1eebng ng\u00e0y, t\u00edn \u0111i\u1ec1u \u0111\u01a1n gi\u1ea3n c\u1ee7a Pura Vida - cu\u1ed9c s\u1ed1ng trong s\u00e1ng - v\u00e0 khi l\u00e0m nh\u01b0 v\u1eady, h\u1ecd v\u1ea1ch ra m\u1ed9t l\u1ed9 tr\u00ecnh truy\u1ec1n c\u1ea3m h\u1ee9ng v\u01b0\u1ee3t ra ngo\u00e0i bi\u00ean gi\u1edbi c\u1ee7a h\u1ecd.<\/p>","protected":false},"excerpt":{"rendered":"<p>Costa Rica, t\u00ean ch\u00ednh th\u1ee9c l\u00e0 C\u1ed9ng h\u00f2a Costa Rica, l\u00e0 m\u1ed9t qu\u1ed1c gia quy\u1ebfn r\u0169 n\u1eb1m \u1edf khu v\u1ef1c Trung M\u1ef9 c\u1ee7a B\u1eafc M\u1ef9. T\u00ean c\u1ee7a qu\u1ed1c gia n\u00e0y, c\u00f3 ngh\u0129a l\u00e0 &#034;B\u1edd bi\u1ec3n gi\u00e0u c\u00f3&#034;, ph\u1ea3n \u00e1nh v\u1ebb \u0111\u1eb9p thi\u00ean nhi\u00ean v\u00e0 t\u00e0i nguy\u00ean phong ph\u00fa c\u1ee7a \u0111\u1ea5t n\u01b0\u1edbc. C\u00f3 bi\u00ean gi\u1edbi v\u1edbi Nicaragua \u1edf ph\u00eda b\u1eafc, Bi\u1ec3n Caribe \u1edf ph\u00eda \u0111\u00f4ng b\u1eafc, Panama \u1edf ph\u00eda \u0111\u00f4ng nam v\u00e0 Th\u00e1i B\u00ecnh D\u01b0\u01a1ng \u1edf ph\u00eda t\u00e2y nam, Costa Rica c\u0169ng c\u00f3 chung \u0111\u01b0\u1eddng bi\u00ean gi\u1edbi tr\u00ean bi\u1ec3n v\u1edbi Ecuador \u1edf ph\u00eda nam \u0110\u1ea3o Cocos. V\u1ecb tr\u00ed \u0111\u1ecba l\u00fd n\u00e0y \u0111\u00e3 ban t\u1eb7ng cho Costa Rica m\u1ed9t lo\u1ea1t c\u00e1c h\u1ec7 sinh th\u00e1i \u0111a d\u1ea1ng v\u00e0 \u0111a d\u1ea1ng sinh h\u1ecdc phong ph\u00fa thu h\u00fat nh\u1eefng ng\u01b0\u1eddi \u0111am m\u00ea thi\u00ean nhi\u00ean t\u1eeb kh\u1eafp n\u01a1i tr\u00ean th\u1ebf gi\u1edbi.<\/p>","protected":false},"author":1,"featured_media":4241,"parent":24084,"menu_order":0,"comment_status":"closed","ping_status":"closed","template":"elementor_theme","meta":{"_eb_attr":"","footnotes":""},"class_list":["post-9282","page","type-page","status-publish","has-post-thumbnail"],"_links":{"self":[{"href":"https:\/\/travelshelper.com\/vi\/wp-json\/wp\/v2\/pages\/9282","targetHints":{"allow":["GET"]}}],"collection":[{"href":"https:\/\/travelshelper.com\/vi\/wp-json\/wp\/v2\/pages"}],"about":[{"href":"https:\/\/travelshelper.com\/vi\/wp-json\/wp\/v2\/types\/page"}],"author":[{"embeddable":true,"href":"https:\/\/travelshelper.com\/vi\/wp-json\/wp\/v2\/users\/1"}],"replies":[{"embeddable":true,"href":"https:\/\/travelshelper.com\/vi\/wp-json\/wp\/v2\/comments?post=9282"}],"version-history":[{"count":0,"href":"https:\/\/travelshelper.com\/vi\/wp-json\/wp\/v2\/pages\/9282\/revisions"}],"up":[{"embeddable":true,"href":"https:\/\/travelshelper.com\/vi\/wp-json\/wp\/v2\/pages\/24084"}],"wp:featuredmedia":[{"embeddable":true,"href":"https:\/\/travelshelper.com\/vi\/wp-json\/wp\/v2\/media\/4241"}],"wp:attachment":[{"href":"https:\/\/travelshelper.com\/vi\/wp-json\/wp\/v2\/media?parent=9282"}],"curies":[{"name":"wp","href":"https:\/\/api.w.org\/{rel}","templated":true}]}}