{"id":9270,"date":"2024-09-07T20:16:52","date_gmt":"2024-09-07T20:16:52","guid":{"rendered":"https:\/\/travelshelper.com\/staging\/?page_id=9270"},"modified":"2026-03-13T15:35:22","modified_gmt":"2026-03-13T15:35:22","slug":"cayo-guillermo","status":"publish","type":"page","link":"https:\/\/travelshelper.com\/vi\/destinations\/north-america\/cuba\/cayo-guillermo\/","title":{"rendered":"Cayo Guillermo"},"content":{"rendered":"<p>Cayo Guillermo n\u1ed5i l\u00ean \u1edf ph\u00eda tr\u01b0\u1edbc b\u1edd bi\u1ec3n ph\u00eda b\u1eafc c\u1ee7a Cuba nh\u01b0 m\u1ed9t c\u1ed3n c\u00e1t m\u1ea3nh mai trong qu\u1ea7n \u0111\u1ea3o Jardines del Rey, n\u1eb1m gi\u1eefa nh\u1eefng con s\u00f3ng nh\u1ea5p nh\u00f4 c\u1ee7a \u0110\u1ea1i T\u00e2y D\u01b0\u01a1ng v\u00e0 v\u1ecbnh nh\u1ecf \u00eam \u0111\u1ec1m \u0111\u01b0\u1ee3c g\u1ecdi l\u00e0 Bah\u00eda de Perros. C\u1ed9ng \u0111\u1ed3ng c\u01b0 d\u00e2n \u1edf \u0111\u00e2y kh\u00e1 khi\u00eam t\u1ed1n\u2014ch\u1ee7 y\u1ebfu bao g\u1ed3m nh\u00e2n vi\u00ean kh\u00e1ch s\u1ea1n \u0111i qua h\u00e0ng ng\u00e0y t\u1eeb Mor\u00f3n ho\u1eb7c Ciego de \u00c1vila\u2014v\u00e0 kh\u00f4ng c\u00f3 cu\u1ed9c \u0111i\u1ec1u tra d\u00e2n s\u1ed1 to\u00e0n di\u1ec7n n\u00e0o \u0111\u01b0\u1ee3c ghi nh\u1eadn cho v\u00f9ng \u0111\u1ea5t ven bi\u1ec3n n\u00e0y, k\u00e9o d\u00e0i kho\u1ea3ng n\u0103m km b\u1edd bi\u1ec3n bao g\u1ed3m vi\u00ean ng\u1ecdc ph\u00eda t\u00e2y c\u1ee7a n\u00f3, Playa Pilar. M\u1ed9t d\u1ea3i c\u00e1t li\u1ec1n m\u1ea1ch, \u0111\u01b0\u1ee3c nhu\u1ed9m m\u00e0u ng\u00e0 voi b\u1edfi nh\u1eefng c\u1ed3n c\u00e1t do gi\u00f3 t\u1ea1o h\u00ecnh, t\u1ea1o th\u00e0nh m\u1ed9t l\u00e3nh th\u1ed5 \u0111\u1ea3o do th\u00e0nh ph\u1ed1 Mor\u00f3n c\u1ee7a T\u1ec9nh Ciego de \u00c1vila qu\u1ea3n l\u00fd. B\u1ecb b\u1ecf qua trong ph\u1ea7n l\u1edbn l\u1ecbch s\u1eed ban \u0111\u1ea7u c\u1ee7a n\u00f3, c\u1ed3n c\u00e1t n\u00e0y hi\u1ec7n h\u1ed7 tr\u1ee3 m\u1ed9t ng\u00e0nh du l\u1ecbch ph\u00e1t tri\u1ec3n m\u1ea1nh, thu h\u00fat du kh\u00e1ch \u0111\u1ebfn v\u1edbi v\u00f9ng n\u01b0\u1edbc trong v\u1eaft v\u00e0 \u0111\u01b0\u1eddng ch\u00e2n tr\u1eddi t\u0129nh l\u1eb7ng nh\u01b0 th\u00ec th\u1ea7m m\u1ed9t c\u00e1ch c\u00e2n b\u1eb1ng.<\/p>\n<p>L\u00e2u tr\u01b0\u1edbc khi tr\u1edf th\u00e0nh \u0111i\u1ec3m \u0111\u1ebfn ngh\u1ec9 d\u01b0\u1ee1ng, Cayo Guillermo l\u00e0 n\u01a1i tr\u00fa \u1ea9n cho nh\u1eefng c\u01b0 d\u00e2n ven bi\u1ec3n ki\u00ean c\u01b0\u1eddng, nh\u1eefng ng\u01b0\u1eddi c\u00f3 cu\u1ed9c s\u1ed1ng xoay quanh c\u00e1c ngu\u1ed3n t\u00e0i nguy\u00ean bi\u1ec3n v\u00e0 r\u1eebng. Trong nh\u1eefng n\u0103m \u0111\u1ea7u m\u1edbi th\u00e0nh l\u1eadp, nh\u1eefng nh\u00f3m nh\u1ecf ng\u01b0 d\u00e2n \u0111\u00e3 d\u1ef1ng l\u00ean nh\u1eefng n\u01a1i tr\u00fa \u1ea9n \u0111\u01a1n gi\u1ea3n tr\u00ean b\u00e3i c\u00e1t, k\u00e9o l\u01b0\u1edbi v\u00e0o l\u00fac r\u1ea1ng s\u00e1ng; nh\u1eefng ng\u01b0\u1eddi kh\u00e1c ch\u1eb7t g\u1ed7 c\u1ee9ng v\u00e0o \u0111\u1ea5t li\u1ec1n, s\u1ea3n xu\u1ea5t than c\u1ee7i m\u00e0 h\u1ecd ch\u1edf v\u1ec1 \u0111\u1ea5t li\u1ec1n \u0111\u1ec3 b\u00e1n. \u0110\u1ebfn nh\u1eefng n\u0103m 1960, tin \u0111\u1ed3n lan truy\u1ec1n trong gi\u1edbi \u0111am m\u00ea c\u00e2u c\u00e1 th\u1ec3 thao r\u1eb1ng v\u00f9ng bi\u1ec3n xung quanh n\u00e0y c\u00f3 r\u1ea5t nhi\u1ec1u c\u00e1 c\u1edd v\u00e0 c\u00e1 marlin, t\u1ea1o ra m\u1ed9t nh\u00f3m nh\u1ecf nh\u1eefng ng\u01b0\u1eddi c\u00e2u c\u00e1 bi\u1ec3n s\u00e2u m\u1ea1o hi\u1ec3m ra kh\u01a1i \u0111\u1ec3 t\u00ecm ki\u1ebfm nh\u1eefng m\u1ebb c\u00e1 l\u1edbn. C\u00e1c chuy\u1ebfn th\u00e1m hi\u1ec3m c\u1ee7a h\u1ecd, \u0111\u01b0\u1ee3c th\u1ef1c hi\u1ec7n d\u01b0\u1edbi \u0111\u01b0\u1eddng ch\u00e2n tr\u1eddi b\u1ecb thi\u00eau \u0111\u1ed1t b\u1edfi m\u1eb7t tr\u1eddi x\u00edch \u0111\u1ea1o, \u0111\u00e3 mang \u0111\u1ebfn cho h\u00f2n \u0111\u1ea3o nh\u1ecf n\u00e0y danh ti\u1ebfng m\u1edbi - nh\u01b0ng c\u1ea3nh quan v\u1eabn gi\u1eef \u0111\u01b0\u1ee3c s\u1ef1 t\u0129nh l\u1eb7ng nguy\u00ean s\u01a1, ch\u1ec9 \u0111\u01b0\u1ee3c t\u00f4 \u0111i\u1ec3m b\u1eb1ng h\u00ecnh b\u00f3ng c\u1ee7a m\u1ed9t chi\u1ebfc t\u00e0u tu\u1ea7n d\u01b0\u01a1ng \u0111\u01a1n \u0111\u1ed9c tr\u00ean v\u00f9ng bi\u1ec3n xanh m\u00eanh m\u00f4ng.<\/p>\n<p>L\u1ea7n \u0111\u1ea7u ti\u00ean h\u00f2n \u0111\u1ea3o n\u00e0y tham gia v\u00e0o ng\u00e0nh du l\u1ecbch l\u00e0 v\u00e0o n\u0103m 1993 v\u1edbi l\u1ec5 kh\u00e1nh th\u00e0nh khu ph\u1ee9c h\u1ee3p ngh\u1ec9 d\u01b0\u1ee1ng ban \u0111\u1ea7u, m\u1ed9t k\u1ef7 nguy\u00ean m\u00e0 nh\u1eefng ng\u01b0\u1eddi ch\u1ec9 tr\u00edch sau n\u00e0y g\u1ecdi l\u00e0 &#034;ch\u1ee7 ngh\u0129a ph\u00e2n bi\u1ec7t ch\u1ee7ng t\u1ed9c du l\u1ecbch&#034;, v\u00ec c\u00f4ng d\u00e2n Cuba b\u1ecb c\u1ea5m v\u00e0o khu v\u1ef1c n\u00e0y tr\u1eeb khi \u0111\u01b0\u1ee3c tuy\u1ec3n d\u1ee5ng v\u00e0o c\u00e1c v\u1ecb tr\u00ed ph\u1ee5c v\u1ee5 ho\u1eb7c \u0111\u01b0\u1ee3c c\u1ea5p gi\u1ea5y ph\u00e9p \u0111\u1eb7c bi\u1ec7t. M\u1ed9t m\u1ea1ng l\u01b0\u1edbi t\u00e0u \u0111\u01b0a \u0111\u00f3n v\u00e0 gi\u1ea5y ph\u00e9p ch\u00ednh th\u1ee9c \u0111\u00e3 \u0111i\u1ec1u ch\u1ec9nh vi\u1ec7c ra v\u00e0o, b\u1ea3o t\u1ed3n m\u1ed9t v\u00f9ng \u0111\u1ea5t ri\u00eang bi\u1ec7t ch\u1ec9 d\u00e0nh cho du kh\u00e1ch qu\u1ed1c t\u1ebf. S\u1ef1 ph\u00e2n bi\u1ec7t nh\u01b0 v\u1eady k\u00e9o d\u00e0i cho \u0111\u1ebfn \u0111\u1ea7u th\u1ebf k\u1ef7 21, khi c\u00e1c c\u1ea3i c\u00e1ch ch\u00ednh s\u00e1ch d\u1ee1 b\u1ecf l\u1ec7nh c\u1ea5m; \u0111\u1ebfn n\u0103m 2001, c\u01b0 d\u00e2n \u0111\u1ecba ph\u01b0\u01a1ng s\u1edf h\u1eefu ph\u01b0\u01a1ng ti\u1ec7n c\u01a1 gi\u1edbi \u0111\u01b0\u1ee3c t\u1ef1 do \u0111i qua \u0111\u01b0\u1eddng \u0111\u1eafp cao v\u00e0 tuy\u00ean b\u1ed1 v\u1ecb tr\u00ed c\u1ee7a h\u1ecd tr\u00ean b\u00e3i c\u00e1t c\u1ee7a Playa Pilar. S\u1ef1 ph\u00e1t tri\u1ec3n c\u1ee7a c\u00f9 lao t\u1eeb m\u1ed9t n\u01a1i \u1ea9n d\u1eadt bi\u1ec7t l\u1eadp th\u00e0nh m\u1ed9t \u0111i\u1ec3m \u0111\u1ebfn to\u00e0n di\u1ec7n h\u01a1n v\u1eabn l\u00e0 bi\u1ec3u t\u01b0\u1ee3ng cho nh\u1eefng thay \u0111\u1ed5i l\u1edbn h\u01a1n trong c\u00e1ch ti\u1ebfp c\u1eadn c\u1ee7a Cuba \u0111\u1ed1i v\u1edbi ho\u1ea1t \u0111\u1ed9ng gi\u1ea3i tr\u00ed v\u00e0 m\u1edf c\u1eeda kinh t\u1ebf.<\/p>\n<p>M\u1ed7i bu\u1ed5i b\u00ecnh minh tr\u00ean Cayo Guillermo b\u00e1o hi\u1ec7u m\u1ed9t \u0111i\u1ec7u ba l\u00ea y\u00ean t\u0129nh c\u1ee7a nh\u1eefng ng\u01b0\u1eddi \u0111i l\u00e0m h\u00e0ng ng\u00e0y: nh\u1eefng chi\u1ebfc xe bu\u00fdt ch\u1edf nh\u00e2n vi\u00ean kh\u00e1ch s\u1ea1n t\u1eeb Mor\u00f3n v\u00e0 Ciego de \u00c1vila quanh co b\u0103ng qua con \u0111\u01b0\u1eddng \u0111\u1eafp cao, s\u1ef1 xu\u1ea5t hi\u1ec7n c\u1ee7a h\u1ecd \u0111\u01b0\u1ee3c b\u00e1o tr\u01b0\u1edbc b\u1eb1ng ti\u1ebfng \u0111\u1ed9ng c\u01a1 \u00eam d\u1ecbu v\u00e0 l\u1eddi h\u1ee9a v\u1ec1 b\u1eefa s\u00e1ng trong \u00e1nh b\u00ecnh minh. Nh\u1eefng ng\u01b0\u1eddi \u0111\u00e0n \u00f4ng v\u00e0 ph\u1ee5 n\u1eef n\u00e0y, \u0111\u1ebfn t\u1eeb c\u00e1c th\u1ecb tr\u1ea5n g\u1ea7n \u0111\u00f3 th\u01b0\u1eddng \u0111\u01b0\u1ee3c \u0111\u1eb7c tr\u01b0ng b\u1edfi v\u00f9ng \u0111\u1ea5t th\u1ea5p xanh t\u01b0\u01a1i v\u00e0 c\u00e1c doanh nghi\u1ec7p n\u00f4ng nghi\u1ec7p, \u0111\u00f3ng g\u00f3p m\u1ed9t lu\u1ed3ng sinh kh\u00ed ng\u1ea7m cho \u0111\u1ecba ph\u01b0\u01a1ng. H\u1ecd duy tr\u00ec m\u01b0\u1eddi c\u01a1 s\u1edf kh\u00e1ch s\u1ea1n tr\u00ean \u0111\u1ea3o\u2014trong s\u1ed1 \u0111\u00f3 c\u00f3 Cayo Guillermo Resort Kempinski, Gran Muthu Imperial, Gran Muthu Rainbow Hotel, Grand Muthu Cayo Guillermo, Hotel Camino del Mar (tr\u01b0\u1edbc \u0111\u00e2y l\u00e0 Melia Cayo Guillermo), Hotel Vigia (tr\u01b0\u1edbc \u0111\u00e2y l\u00e0 Sol Cayo Guillermo), Iberostar Daiquiri, Iberostar Selection Playa Pilar, Islazul Villa Gregorio v\u00e0 Starfish Cayo Guillermo (tr\u01b0\u1edbc \u0111\u00e2y l\u00e0 Villa Cojimar). Th\u00f3i quen c\u1ee7a h\u1ecd, m\u1eb7c d\u00f9 b\u1ecb gi\u1edbi h\u1ea1n b\u1edfi l\u1ecbch tr\u00ecnh l\u00e0m vi\u1ec7c, nh\u01b0ng l\u1ea1i g\u1eafn k\u1ebft \u0111\u1ea3o nh\u1ecf v\u1edbi nh\u1ecbp \u0111i\u1ec7u c\u1ee7a \u0111\u1ea5t li\u1ec1n.<\/p>\n<p>C\u00f3 th\u1ec3 ti\u1ebfp c\u1eadn thi\u00ean \u0111\u01b0\u1eddng c\u00e1t n\u00e0y b\u1eb1ng c\u1ea3 \u0111\u01b0\u1eddng h\u00e0ng kh\u00f4ng v\u00e0 \u0111\u01b0\u1eddng b\u1ed9. Aeropuerto Jardines del Rey (IATA: CCC; ICAO: MUCC) cung c\u1ea5p c\u00e1c chuy\u1ebfn bay theo l\u1ecbch tr\u00ecnh h\u1ea1 c\u00e1nh xu\u1ed1ng m\u1ed9t nh\u00e0 ga hi\u1ec7n \u0111\u1ea1i c\u00e1ch \u0111\u00f3 kh\u00f4ng qu\u00e1 m\u01b0\u1eddi km, t\u1eeb \u0111\u00f3 c\u00e1c d\u1ecbch v\u1ee5 \u0111\u01b0a \u0111\u00f3n \u0111\u01b0a kh\u00e1ch qua v\u00f9ng \u0111\u1ea5t ng\u1eadp n\u01b0\u1edbc ven bi\u1ec3n b\u1eb1ng ph\u1eb3ng. M\u1ed9t con \u0111\u01b0\u1eddng \u0111\u1eafp cao u\u1ed1n cong qua v\u00f9ng n\u01b0\u1edbc n\u00f4ng m\u00e0u ng\u1ecdc lam, \u0111\u1ea7u ti\u00ean l\u00e0 h\u1ee3p nh\u1ea5t c\u00f9 lao n\u00e0y v\u1edbi Cayo Coco l\u00e2n c\u1eadn tr\u01b0\u1edbc khi ph\u00e2n nh\u00e1nh th\u00e0nh m\u1ed9t nh\u1ecbp ng\u1eafn h\u01a1n v\u00e0 k\u1ebft th\u00fac t\u1ea1i Cayo Guillermo. Tr\u00ean \u0111\u01b0\u1eddng \u0111i, du kh\u00e1ch s\u1ebd kh\u1ea3o s\u00e1t c\u00e1c r\u00eca r\u1eebng ng\u1eadp m\u1eb7n v\u00e0 c\u00e1c ao n\u01b0\u1edbc m\u1eb7n, b\u1ec1 m\u1eb7t y\u00ean b\u00ecnh c\u1ee7a ch\u00fang ch\u1ec9 b\u1ecb x\u00e1o tr\u1ed9n b\u1edfi ti\u1ebfng n\u01b0\u1edbc b\u1eafn tung t\u00f3e c\u1ee7a m\u1ed9t con c\u00e1 \u0111\u1ed1i nh\u1ea3y ho\u1eb7c ti\u1ebfng l\u01b0\u1edbt nh\u1eb9 c\u1ee7a m\u1ed9t con ibis. \u0110\u1ed9ng m\u1ea1ch n\u00e0y k\u1ebft n\u1ed1i h\u00f2n \u0111\u1ea3o v\u1edbi qu\u1ed1c gia, k\u1ebft h\u1ee3p kh\u1ea3 n\u0103ng ti\u1ebfp c\u1eadn v\u1edbi c\u1ea3m gi\u00e1c mong \u0111\u1ee3i sinh ra t\u1eeb vi\u1ec7c v\u00e9n b\u1ee9c m\u00e0n kh\u00f4ng kh\u00ed bi\u1ec3n cu\u1ed1i c\u00f9ng.<\/p>\n<p>Qu\u1ea7n \u0111\u1ea3o Jardines del Rey, t\u00ean g\u1ecdi g\u1ee3i l\u00ean nh\u1eefng khu v\u01b0\u1eddn ho\u00e0ng gia, l\u00e0 m\u1ed9t trong nh\u1eefng v\u00f9ng bi\u00ean gi\u1edbi du l\u1ecbch ph\u00e1t tri\u1ec3n n\u0103ng \u0111\u1ed9ng nh\u1ea5t c\u1ee7a Cuba, v\u1edbi quy ho\u1ea1ch t\u1ed5ng th\u1ec3 h\u01b0\u1edbng \u0111\u1ebfn h\u01a1n hai m\u01b0\u01a1i ngh\u00ecn ph\u00f2ng tr\u00ean nhi\u1ec1u \u0111\u1ea3o. Khu v\u1ef1c n\u00e0y hi\u1ec7n l\u00e0 n\u01a1i c\u00f3 c\u00e1c c\u0103n c\u1ee9 h\u00e0ng h\u1ea3i ph\u1ee5c v\u1ee5 du thuy\u1ec1n ri\u00eang v\u00e0 c\u00e1c chuy\u1ebfn l\u1eb7n bi\u1ec3n, c\u00e1c c\u01a1 s\u1edf c\u1ea3ng hi\u1ec7n \u0111\u1ea1i cho t\u00e0u du l\u1ecbch v\u00e0 c\u00e1c s\u00e1ng ki\u1ebfn \u200b\u200bdu l\u1ecbch sinh th\u00e1i trong c\u00e1c khu b\u1ea3o t\u1ed3n \u0111\u01b0\u1ee3c b\u1ea3o v\u1ec7 tr\u00ean c\u00e1c \u0111\u1ea3o l\u00e2n c\u1eadn. C\u00e1c d\u1ef1 b\u00e1o d\u00e0i h\u1ea1n h\u00ecnh dung ra m\u1ea1ng l\u01b0\u1edbi \u0111\u01b0\u1eddng m\u00f2n m\u1edf r\u1ed9ng qua r\u1eebng ven bi\u1ec3n, c\u00e1c th\u00e1p quan s\u00e1t \u0111\u1ec3 ng\u1eafm chim v\u00e0 c\u00e1c trung t\u00e2m th\u00f4ng tin gi\u1edbi thi\u1ec7u h\u1ec7 \u0111\u1ed9ng th\u1ef1c v\u1eadt \u0111\u1eb7c h\u1eefu. \u0110\u1eb1ng sau \u0111\u1ed9ng l\u1ef1c ph\u00e1t tri\u1ec3n n\u00e0y l\u00e0 m\u1ed9t tham v\u1ecdng th\u1eadn tr\u1ecdng: c\u00e2n b\u1eb1ng c\u01a1 s\u1edf h\u1ea1 t\u1ea7ng \u0111\u1ea7y tham v\u1ecdng v\u1edbi vi\u1ec7c b\u1ea3o t\u1ed3n c\u00e1c c\u1ea3nh quan h\u1ea7u nh\u01b0 kh\u00f4ng thay \u0111\u1ed5i k\u1ec3 t\u1eeb khi nh\u1eefng du kh\u00e1ch \u0111\u1ea7u ti\u00ean \u0111\u1ebfn \u0111\u1ea3o \u0111\u1ec3 t\u00ecm ki\u1ebfm c\u00e1 v\u00e0 c\u1ee7i.<\/p>\n<p>M\u1ed9t con \u0111\u01b0\u1eddng hai l\u00e0n xe m\u1ea3nh mai b\u1eaft ngu\u1ed3n t\u1eeb Turiguan\u00f3 \u1edf ph\u00eda b\u1eafc c\u1ee7a T\u1ec9nh Ciego de \u00c1vila\u2014m\u1ed9t khu v\u1ef1c n\u1ed5i ti\u1ebfng v\u1edbi nh\u1eefng \u0111\u1ea7m ph\u00e1 l\u1ea5p l\u00e1nh, n\u01a1i c\u00e2u c\u00e1 h\u1ed3i \u0111\u01b0\u1ee3c nh\u1eefng ng\u01b0\u1eddi c\u00e2u c\u00e1 coi tr\u1ecdng c\u1ea3nh quan n\u00f4ng th\u00f4n c\u1ee7a khu v\u1ef1c n\u00e0y t\u00f4n s\u00f9ng. T\u1eeb r\u00eca \u0111\u1ea5t li\u1ec1n, v\u1ec9a h\u00e8 tr\u1ea3i d\u00e0i ra bi\u1ec3n, lu\u1ed3n l\u00e1ch qua c\u00e1c b\u00e3i tri\u1ec1u v\u00e0 ru\u1ed9ng mu\u1ed1i tr\u01b0\u1edbc khi leo l\u00ean \u0111\u1ec3 g\u1eb7p v\u00f2m th\u1ea5p c\u1ee7a \u0111\u00ea ch\u1eafn s\u00f3ng ph\u00eda tr\u00ean k\u00eanh. D\u1ecdc theo h\u00e0nh lang n\u00e0y, nh\u1eefng r\u1eb7ng d\u1eeba t\u1ea1o n\u00ean khung c\u1ea3nh tho\u00e1ng qua c\u1ee7a nh\u1eefng b\u00e3i bi\u1ec3n c\u00e1t tr\u1eafng; xa h\u01a1n, \u0111\u1ea1i d\u01b0\u01a1ng \u0111\u1ed5 nh\u1eefng l\u1edbp ren x\u1ed1p l\u00ean c\u00e1c r\u1ea1n san h\u00f4 n\u1eb1m ngay ngo\u00e0i kh\u01a1i. H\u00e0nh tr\u00ecnh n\u00e0y r\u00e8n luy\u1ec7n \u0111\u00f4i m\u1eaft tr\u01b0\u1edbc nh\u1eefng b\u1ee9c tranh to\u00e0n c\u1ea3nh thay \u0111\u1ed5i: m\u1ed9t kho\u1ea3nh kh\u1eafc, v\u00f9ng \u0111\u1ea5t ng\u1eadp n\u01b0\u1edbc c\u00f3 vi\u1ec1n c\u1ecf lau s\u1eady nh\u1ed9n nh\u1ecbp nh\u1eefng lo\u00e0i chim l\u1ed9i n\u01b0\u1edbc; kho\u1ea3nh kh\u1eafc ti\u1ebfp theo, m\u1ed9t v\u00f9ng n\u01b0\u1edbc l\u1ea5p l\u00e1nh r\u1ed9ng m\u1edf \u0111\u01b0\u1ee3c u\u1ed1n cong b\u1edfi c\u00e1c r\u1eb7ng san h\u00f4.<\/p>\n<p>M\u1eb7c d\u00f9 c\u00f3 quy m\u00f4 nh\u1ecf, nh\u01b0ng \u0111\u1ea3o t\u1ef1 h\u00e0o c\u00f3 m\u1ed9t lo\u1ea1t c\u00e1c ti\u1ec7n nghi kh\u00e1ch s\u1ea1n \u0111\u01b0\u1ee3c thi\u1ebft k\u1ebf \u0111\u1ec3 \u0111\u00e1p \u1ee9ng m\u1ecdi s\u1edf th\u00edch, t\u1eeb nh\u00e0 ngh\u1ec9 nh\u1ecf \u1ea5m c\u00fang \u0111\u1ebfn c\u00e1c khu ph\u1ee9c h\u1ee3p tr\u1ecdn g\u00f3i r\u1ed9ng l\u1edbn. C\u00e1c h\u1ed3 nh\u00e2n t\u1ea1o ph\u1ea3n chi\u1ebfu m\u00e0u s\u1eafc c\u1ee7a b\u1ea7u tr\u1eddi, b\u1ec1 m\u1eb7t y\u00ean b\u00ecnh c\u1ee7a ch\u00fang b\u1ecb ph\u00e1 v\u1ee1 b\u1edfi c\u00e1c tia n\u01b0\u1edbc ho\u1eb7c th\u1ec9nh tho\u1ea3ng c\u00f3 v\u1ecbt l\u01b0\u1edbt gi\u1eefa c\u00e1c \u0111\u1ea3o nh\u1ecf xanh t\u01b0\u01a1i. C\u00e1c h\u1ed3 b\u01a1i - m\u1ed9t s\u1ed1 \u0111\u01b0\u1ee3c bao quanh b\u1edfi c\u00e1c qu\u1ea7y bar d\u01b0\u1edbi n\u01b0\u1edbc, m\u1ed9t s\u1ed1 kh\u00e1c \u0111\u01b0\u1ee3c bao quanh b\u1edfi c\u00e1c l\u00f9m c\u00e2y c\u1ecd - mang \u0111\u1ebfn s\u1ef1 s\u1ea3ng kho\u00e1i d\u01b0\u1edbi \u00e1nh n\u1eafng m\u1eb7t tr\u1eddi kh\u00f4ng ng\u1eebng ngh\u1ec9. Ch\u01b0\u01a1ng tr\u00ecnh k\u00e9o d\u00e0i c\u1ea3 ng\u00e0y bao g\u1ed3m t\u1eeb c\u00e1c l\u1edbp h\u1ecdc khi\u00eau v\u0169 tr\u00ean c\u00e1c s\u00e2n hi\u00ean ngo\u00e0i tr\u1eddi \u0111\u1ebfn c\u00e1c bu\u1ed5i t\u1eadp yoga ng\u1eafm ho\u00e0ng h\u00f4n nh\u00ecn ra bi\u1ec3n; \u0111\u00eam \u0111\u1ebfn c\u00f3 nh\u1ea1c s\u1ed1ng d\u01b0\u1edbi nh\u1eefng t\u00e1n c\u00e2y trang tr\u00ed, ti\u1ebfng \u0111\u00e0n guitar ho\u1eb7c b\u1ed9 g\u00f5 \u0111\u01b0\u1ee3c truy\u1ec1n \u0111i trong l\u00e0n gi\u00f3 \u1ea5m \u00e1p. T\u1ea5t c\u1ea3 c\u00e1c t\u00ednh n\u0103ng n\u00e0y h\u00f2a nh\u1eadp li\u1ec1n m\u1ea1ch v\u00e0o m\u1ed9t c\u1ea3nh quan ch\u1ec9 \u0111\u01b0\u1ee3c b\u00e0n tay con ng\u01b0\u1eddi ch\u1ea1m nh\u1eb9, do \u0111\u00f3, ngay c\u1ea3 nh\u1eefng th\u00e0nh ph\u1ea7n khu ngh\u1ec9 d\u01b0\u1ee1ng ph\u1ee9c t\u1ea1p nh\u1ea5t c\u0169ng xu\u1ea5t hi\u1ec7n trong m\u1ed9t khung c\u1ea3nh nhi\u1ec7t \u0111\u1edbi b\u1ea5t bi\u1ebfn.<\/p>\n<p>\u0110\u01b0\u1eddng b\u1edd bi\u1ec3n tr\u00ean Cayo Guillermo t\u1ef1 \u0111\u1ecbnh h\u00ecnh th\u00f4ng qua s\u1ef1 t\u01b0\u01a1ng t\u00e1c c\u1ee7a c\u00e1t, gi\u00f3 v\u00e0 n\u01b0\u1edbc. N\u0103m km b\u00e3i bi\u1ec3n tr\u1ea3i d\u00e0i d\u1ecdc theo hai b\u00ean s\u01b0\u1eddn \u0111\u1ea3o, nh\u01b0ng kh\u00f4ng c\u00f3 b\u00e3i bi\u1ec3n n\u00e0o \u0111\u01b0\u1ee3c t\u00f4n k\u00ednh nh\u01b0 Playa Pilar \u1edf m\u0169i c\u1ef1c t\u00e2y c\u1ee7a n\u00f3. T\u1ea1i \u0111\u00e2y, nh\u1eefng c\u1ed3n c\u00e1t cao t\u1edbi m\u01b0\u1eddi s\u00e1u m\u00e9t, nh\u1eefng s\u01b0\u1eddn d\u1ed1c c\u1ee7a ch\u00fang \u0111\u01b0\u1ee3c t\u1ea1o h\u00ecnh b\u1edfi gi\u00f3 m\u1eadu d\u1ecbch th\u00e0nh nh\u1eefng b\u1eadc thang g\u1ee3n s\u00f3ng c\u1ee7a c\u00e1t ng\u00e0. M\u1ed9t h\u00e0nh lang h\u1eb9p lu\u1ed3n l\u00e1ch gi\u1eefa nh\u1eefng b\u1ee9c t\u01b0\u1eddng th\u00e0nh t\u1ef1 nhi\u00ean n\u00e0y v\u00e0 m\u00e9p n\u01b0\u1edbc, n\u01a1i \u0110\u1ea1i T\u00e2y D\u01b0\u01a1ng n\u1eb1m tr\u01a1 tr\u1ecdi trong m\u1ed9t quang ph\u1ed5 t\u1eeb m\u00e0u ng\u1ecdc lam nh\u1ea1t \u0111\u1ebfn m\u00e0u xanh coban. Khi m\u1eb7t tr\u1eddi m\u1ecdc, \u00e1nh s\u00e1ng l\u01b0\u1edbt qua nh\u1eefng g\u1ee3n s\u00f3ng tr\u00ean c\u00e1t, t\u1ea1o ra nh\u1eefng c\u00e1i b\u00f3ng tinh x\u1ea3o theo \u0111\u1ed9 cong c\u1ee7a t\u1eebng c\u1ed3n c\u00e1t; sau \u0111\u00f3, d\u01b0\u1edbi \u00e1nh s\u00e1ng ch\u00f3i chang gi\u1eefa tr\u01b0a, b\u1edd bi\u1ec3n l\u1ea5p l\u00e1nh nh\u01b0 m\u1ed9t t\u1ea5m b\u1ea1c \u0111\u01b0\u1ee3c \u0111\u00e1nh b\u00f3ng.<\/p>\n<p>Danh ti\u1ebfng c\u1ee7a Playa Pilar kh\u00f4ng ch\u1ec9 n\u1eb1m \u1edf nh\u1eefng \u0111\u01b0\u1eddng vi\u1ec1n \u0111i\u00eau kh\u1eafc c\u1ee7a n\u00f3 m\u00e0 c\u00f2n \u1edf \u0111\u1ed9 trong nh\u01b0 pha l\u00ea c\u1ee7a n\u01b0\u1edbc, n\u01a1i c\u00f3 s\u1ef1 s\u1ed1ng gi\u1eefa c\u00e1c r\u1ea1n san h\u00f4 g\u1ea7n \u0111\u00f3. C\u00e1c r\u1ea1n san h\u00f4 ven b\u1edd n\u1eb1m \u200b\u200btrong ph\u1ea1m vi l\u1ed9i n\u01b0\u1edbc c\u1ee7a b\u00e3i bi\u1ec3n, c\u00e1c \u0111\u1ea7u san h\u00f4 c\u1ee7a ch\u00fang x\u1ebfp th\u00e0nh h\u00e0ng nh\u01b0 nh\u1eefng nh\u00e0 th\u1edd d\u01b0\u1edbi n\u01b0\u1edbc. Nh\u1eefng ng\u01b0\u1eddi l\u1eb7n bi\u1ec3n tr\u00f4i n\u1ed5i tr\u00ean v\u00f9ng n\u01b0\u1edbc r\u1ed9ng l\u1edbn n\u00e0y, nh\u00ecn xu\u1ed1ng nh\u1eefng con c\u00e1 v\u1eb9t lao qua nh\u1eefng r\u1ea1n san h\u00f4 l\u1edbn nh\u01b0 t\u1ea3ng \u0111\u00e1 v\u00e0 \u0111\u00e0n c\u00e1 \u0111u\u1ed1i qu\u1ea1t s\u1ecdc c\u1ee7a ch\u00fang. C\u00e1c v\u0169ng n\u01b0\u1edbc th\u1ee7y tri\u1ec1u l\u1ed9 ra khi n\u01b0\u1edbc xu\u1ed1ng th\u1ea5p \u0111\u1ec3 l\u1ed9 nh\u1eefng con sao bi\u1ec3n b\u00e1m v\u00e0o \u0111\u00e1 b\u1ecb ph\u01a1i n\u1eafng; khi s\u00f3ng r\u00fat \u0111i, n\u00f3 \u0111\u1ec3 l\u1ea1i nh\u1eefng hang \u0111\u1ed9ng nh\u1ecf n\u01a1i t\u00f4m v\u00e0 \u0111\u1ed9ng v\u1eadt gi\u00e1p x\u00e1c non b\u01a1i l\u1ed9i. Nh\u1eefng cu\u1ed9c g\u1eb7p g\u1ee1 th\u00e2n m\u1eadt nh\u01b0 v\u1eady v\u1edbi th\u1ebf gi\u1edbi bi\u1ec3n nh\u1ea5n m\u1ea1nh b\u1ea3n s\u1eafc k\u00e9p c\u1ee7a \u0111\u1ea3o nh\u1ecf n\u00e0y l\u00e0 n\u01a1i \u1ea9n n\u00e1u tinh t\u1ebf v\u00e0 khu b\u1ea3o t\u1ed3n thi\u00ean nhi\u00ean.<\/p>\n<p>V\u00f9ng bi\u1ec3n sous-marine c\u1ee7a Cayo Guillermo \u0111\u00e3 \u0111\u01b0\u1ee3c so s\u00e1nh v\u1edbi m\u1ed9t b\u1ec3 c\u00e1 kh\u1ed5ng l\u1ed3, cung c\u1ea5p t\u1ea7m nh\u00ecn m\u1edf r\u1ed9ng h\u01a1n hai m\u01b0\u01a1i m\u00e9t v\u00e0o nh\u1eefng ng\u00e0y l\u1eb7ng gi\u00f3. C\u00e1c trung t\u00e2m l\u1eb7n n\u1eb1m g\u1ea7n b\u1edd k\u00e8 cung c\u1ea5p c\u00e1c chuy\u1ebfn \u0111i c\u00f3 h\u01b0\u1edbng d\u1eabn \u0111\u1ebfn c\u00e1c b\u1ee9c t\u01b0\u1eddng th\u1ea3 xu\u1ed1ng n\u01a1i c\u00e1c lo\u00e0i san h\u00f4 gorgonian v\u00e0 san h\u00f4 qu\u1ea1t bi\u1ec3n l\u1eafc l\u01b0 theo d\u00f2ng n\u01b0\u1edbc, trong khi c\u00e1c l\u1ea7n l\u1eb7n n\u00e2ng cao kh\u00e1m ph\u00e1 c\u00e1c \u0111\u1ec9nh n\u00fai s\u00e2u h\u01a1n c\u1ed9ng h\u01b0\u1edfng v\u1edbi c\u00e1 m\u00fa v\u00e0 c\u00e1 h\u1ed3ng. C\u00e1c kh\u00f3a h\u1ecdc h\u01b0\u1edbng d\u1eabn cho ng\u01b0\u1eddi m\u1edbi b\u1eaft \u0111\u1ea7u nh\u1ea5n m\u1ea1nh v\u00e0o kh\u1ea3 n\u0103ng ki\u1ec3m so\u00e1t \u0111\u1ed9 n\u1ed5i tr\u00ean c\u00e1c c\u1ea5u tr\u00fac r\u1ea1n san h\u00f4 m\u1ecfng manh, th\u00fac \u0111\u1ea9y v\u0103n h\u00f3a qu\u1ea3n l\u00fd trong s\u1ed1 nh\u1eefng ng\u01b0\u1eddi m\u1edbi tham gia kh\u00e1m ph\u00e1 d\u01b0\u1edbi n\u01b0\u1edbc. L\u1eb7n \u0111\u00eam ti\u1ebft l\u1ed9 m\u1ed9t v\u0169 tr\u1ee5 thay th\u1ebf: t\u00f4m h\u00f9m n\u1ed5i l\u00ean t\u1eeb c\u00e1c khe n\u1ee9t, b\u1ea1ch tu\u1ed9c lang thang t\u00ecm ki\u1ebfm con m\u1ed3i v\u00e0 sinh v\u1eadt ph\u00f9 du ph\u00e1t quang sinh h\u1ecdc l\u01b0\u1edbt \u0111i nh\u01b0 nh\u1eefng ng\u00f4i sao trong ch\u00f9m s\u00e1ng c\u1ee7a ng\u1ecdn \u0111u\u1ed1c. Trong t\u1eebng kho\u1ea3nh kh\u1eafc b\u00ean d\u01b0\u1edbi b\u1ec1 m\u1eb7t, h\u00f2n \u0111\u1ea3o n\u00e0y ti\u1ebft l\u1ed9 m\u1ed9t kh\u00eda c\u1ea1nh s\u1ed1ng \u0111\u1ed9ng nh\u01b0 b\u1ea5t k\u1ef3 kh\u00eda c\u1ea1nh n\u00e0o \u0111\u01b0\u1ee3c khi\u00eau v\u0169 b\u1edfi nh\u1eefng con s\u00f3ng \u0111\u1ea7y n\u1eafng.<\/p>\n<p>S\u1ef1 c\u1ed9ng h\u01b0\u1edfng v\u0103n h\u00f3a c\u1ee7a h\u00f2n \u0111\u1ea3o n\u00e0y v\u01b0\u1ee3t ra ngo\u00e0i s\u1ef1 gi\u00e0u c\u00f3 t\u1ef1 nhi\u00ean c\u1ee7a n\u00f3, mang d\u1ea5u \u1ea5n c\u1ee7a ni\u1ec1m \u0111am m\u00ea du l\u1ecbch th\u1eddi k\u1ef3 cu\u1ed1i c\u1ee7a Ernest Hemingway. Playa Pilar l\u1ea5y t\u00ean t\u1eeb du thuy\u1ec1n cabin do nh\u00e0 v\u0103n ch\u1ec9 huy, cu\u1ed1n ti\u1ec3u thuy\u1ebft cu\u1ed1i c\u00f9ng c\u1ee7a \u00f4ng, Islands in the Stream, mang nh\u1eefng c\u1ea3nh cao tr\u00e0o c\u1ee7a n\u00f3 \u0111\u1ebfn v\u00f9ng bi\u1ec3n ngo\u00e0i kh\u01a1i ch\u00ednh h\u00f2n \u0111\u1ea3o nh\u1ecf n\u00e0y. Du kh\u00e1ch c\u00f3 th\u1ec3 \u0111\u1ee9ng tr\u00ean c\u00f9ng m\u1ed9t b\u00e3i c\u00e1t n\u01a1i nh\u00e2n v\u1eadt ch\u00ednh c\u1ee7a \u00f4ng \u0111\u1ed1i m\u1eb7t v\u1edbi m\u1ea5t m\u00e1t v\u00e0 c\u1ee9u chu\u1ed9c, khi gi\u00f3 m\u1eadu d\u1ecbch th\u1ed5i nh\u1eefng c\u00e2y c\u1ecd tr\u00ean di s\u1ea3n c\u1ee7a t\u00e1c gi\u1ea3 v\u1eabn c\u00f2n nh\u01b0 ti\u1ebfng v\u1ecdng. Nh\u1eefng m\u1ed1i li\u00ean h\u1ec7 v\u0103n h\u1ecdc nh\u01b0 v\u1eady l\u00e0m s\u00e2u s\u1eafc th\u00eam s\u1ef1 tr\u00e2n tr\u1ecdng c\u1ee7a m\u1ed9t ng\u01b0\u1eddi \u0111\u1ed1i v\u1edbi \u0111\u1ecba \u0111i\u1ec3m, m\u1eddi g\u1ecdi s\u1ef1 ph\u1ea3n \u00e1nh v\u1ec1 s\u1ef1 t\u01b0\u01a1ng t\u00e1c gi\u1eefa c\u00e2u chuy\u1ec7n c\u1ee7a con ng\u01b0\u1eddi v\u00e0 \u0111\u1ecba l\u00fd nguy\u00ean t\u1ed1. Trong kh\u00f4ng gian gi\u1eefa t\u00e1c gi\u1ea3 v\u00e0 m\u00f4i tr\u01b0\u1eddng, l\u1ecbch s\u1eed mang m\u1ed9t s\u1ef1 hi\u1ec7n di\u1ec7n r\u00f5 r\u00e0ng - m\u1ed7i b\u01b0\u1edbc ch\u00e2n tr\u00ean b\u00e3i bi\u1ec3n l\u00e0 m\u1ed9t s\u1ef1 t\u00f4n vinh tinh t\u1ebf \u0111\u1ed1i v\u1edbi m\u1ed9t qu\u00e1 kh\u1ee9 \u0111\u1ea7y c\u00e2u chuy\u1ec7n.<\/p>\n<p>Trong qu\u00e1 tr\u00ecnh ti\u1ebfn tri\u1ec3n c\u00f3 t\u00ednh to\u00e1n t\u1eeb nh\u1eefng t\u00fap l\u1ec1u kh\u00f3i than v\u00e0 l\u01b0\u1edbi th\u1ea5m h\u1eafc \u00edn \u0111\u1ebfn nh\u1eefng kh\u00e1ch s\u1ea1n hi\u1ec7n \u0111\u1ea1i v\u00e0 t\u00e0u l\u1eb7n b\u00f3ng lo\u00e1ng, Cayo Guillermo \u0111\u00e3 b\u1ea3o t\u1ed3n \u0111\u01b0\u1ee3c b\u1ea3n ch\u1ea5t sinh ra t\u1eeb s\u1ef1 c\u00f4 \u0111\u1ed9c v\u00e0 kh\u00f4ng kh\u00ed m\u1eb7n. Kh\u00e1ch du l\u1ecbch \u0111\u1ebfn \u0111\u00e2y \u0111\u1ec3 t\u00ecm ki\u1ebfm s\u1ef1 th\u01b0 gi\u00e3n\u2014ngh\u1ec9 ng\u01a1i du\u1ed7i ch\u00e2n tr\u00ean hi\u00ean nh\u00e0, nh\u1eefng ly cocktail nhi\u1ec7t \u0111\u1edbi b\u00ean d\u01b0\u1edbi nh\u1eefng chi\u1ebfc palapas l\u1ee3p m\u00e1i tranh\u2014nh\u01b0ng h\u1ecd r\u1eddi \u0111i v\u1edbi nhi\u1ec1u th\u1ee9 h\u01a1n l\u00e0 l\u00e0n da r\u00e1m n\u1eafng. H\u1ecd mang theo \u1ea5n t\u01b0\u1ee3ng v\u1ec1 nh\u1eefng c\u1ed3n c\u00e1t nh\u00f4 l\u00ean tr\u00ean b\u1ea7u tr\u1eddi, ti\u1ebfng g\u1ea7m r\u00fa c\u1ee7a s\u00f3ng bi\u1ec3n l\u00fac ch\u1ea1ng v\u1ea1ng v\u00e0 nh\u1eefng kho\u1ea3nh kh\u1eafc giao h\u00f2a im l\u1eb7ng v\u1edbi th\u1ebf gi\u1edbi bi\u1ec3n c\u1ea3 v\u0129nh c\u1eedu nh\u01b0 ch\u00ednh bi\u1ec3n c\u1ea3. Ch\u00ednh t\u1ea1i \u0111\u00e2y, trong s\u1ef1 giao thoa gi\u1eefa s\u1ef1 trong l\u00e0nh c\u1ee7a m\u00f4i tr\u01b0\u1eddng v\u00e0 l\u00f2ng hi\u1ebfu kh\u00e1ch \u0111\u01b0\u1ee3c t\u1ea1o d\u1ef1ng c\u1ea9n th\u1eadn, \u0111\u1ea3o nh\u1ecf n\u00e0y b\u1ed9c l\u1ed9 ph\u1ea9m ch\u1ea5t s\u00e2u s\u1eafc nh\u1ea5t c\u1ee7a m\u00ecnh: l\u1eddi m\u1eddi \u0111\u1ebfn sinh s\u1ed1ng t\u1ea1i m\u1ed9t \u0111\u1ecba l\u00fd v\u1eeba g\u1ea7n g\u0169i v\u1eeba si\u00eau vi\u1ec7t kh\u00f4ng th\u1ec3 di\u1ec5n t\u1ea3 \u0111\u01b0\u1ee3c.<\/p>\n<p>Do \u0111\u00f3, Cayo Guillermo t\u1ed3n t\u1ea1i nh\u01b0 m\u1ed9t minh ch\u1ee9ng cho ngh\u1ec7 thu\u1eadt chuy\u1ec3n \u0111\u1ed5i nh\u1eb9 nh\u00e0ng, n\u01a1i nhu c\u1ea7u c\u1ee7a du l\u1ecbch th\u1ebf k\u1ef7 21 c\u00f9ng t\u1ed3n t\u1ea1i v\u1edbi s\u1ef1 tinh t\u1ebf v\u1ec1 m\u1eb7t sinh th\u00e1i. N\u00f3 \u0111\u1ee9ng nh\u01b0 m\u1ed9t l\u1eddi ca trong san h\u00f4 v\u00e0 c\u00e1t, \u0111\u01b0\u1ee3c kh\u1eafc ghi b\u1edfi gi\u00f3 v\u00e0 th\u1ee7y tri\u1ec1u, ch\u1edd \u0111\u1ee3i b\u01b0\u1edbc ch\u00e2n c\u1ee7a m\u1ed7i du kh\u00e1ch m\u1edbi, nh\u1eefng ng\u01b0\u1eddi s\u1ebd l\u1ea7n l\u01b0\u1ee3t kh\u1eafc ghi c\u00e2u th\u01a1 c\u1ee7a ri\u00eang h\u1ecd tr\u00ean b\u1edd bi\u1ec3n c\u1ee7a n\u00f3.<\/p>","protected":false},"excerpt":{"rendered":"<p>Cayo Guillermo l\u00e0 m\u1ed9t c\u1ed3n c\u00e1t quan tr\u1ecdng trong qu\u1ea7n \u0111\u1ea3o Jardines del Rey, n\u1eb1m tr\u00ean b\u1edd bi\u1ec3n ph\u00eda b\u1eafc c\u1ee7a Cuba. H\u00f2n \u0111\u1ea3o xinh \u0111\u1eb9p n\u00e0y n\u1eb1m gi\u1eefa \u0110\u1ea1i T\u00e2y D\u01b0\u01a1ng v\u00e0 V\u1ecbnh Dogs (Bahia de Perros). Cayo Guillermo, n\u1eb1m trong T\u1ec9nh Ciego de \u00c1vila, thu\u1ed9c th\u1ea9m quy\u1ec1n c\u1ee7a th\u00e0nh ph\u1ed1 Mor\u00f3n, m\u1ed9t khu v\u1ef1c n\u1ed5i ti\u1ebfng v\u1edbi v\u1ebb \u0111\u1eb9p thi\u00ean nhi\u00ean v\u00e0 t\u1ea7m quan tr\u1ecdng v\u1ec1 v\u0103n h\u00f3a.<\/p>","protected":false},"author":1,"featured_media":4644,"parent":9209,"menu_order":0,"comment_status":"closed","ping_status":"closed","template":"elementor_theme","meta":{"_eb_attr":"","footnotes":""},"class_list":["post-9270","page","type-page","status-publish","has-post-thumbnail"],"_links":{"self":[{"href":"https:\/\/travelshelper.com\/vi\/wp-json\/wp\/v2\/pages\/9270","targetHints":{"allow":["GET"]}}],"collection":[{"href":"https:\/\/travelshelper.com\/vi\/wp-json\/wp\/v2\/pages"}],"about":[{"href":"https:\/\/travelshelper.com\/vi\/wp-json\/wp\/v2\/types\/page"}],"author":[{"embeddable":true,"href":"https:\/\/travelshelper.com\/vi\/wp-json\/wp\/v2\/users\/1"}],"replies":[{"embeddable":true,"href":"https:\/\/travelshelper.com\/vi\/wp-json\/wp\/v2\/comments?post=9270"}],"version-history":[{"count":0,"href":"https:\/\/travelshelper.com\/vi\/wp-json\/wp\/v2\/pages\/9270\/revisions"}],"up":[{"embeddable":true,"href":"https:\/\/travelshelper.com\/vi\/wp-json\/wp\/v2\/pages\/9209"}],"wp:featuredmedia":[{"embeddable":true,"href":"https:\/\/travelshelper.com\/vi\/wp-json\/wp\/v2\/media\/4644"}],"wp:attachment":[{"href":"https:\/\/travelshelper.com\/vi\/wp-json\/wp\/v2\/media?parent=9270"}],"curies":[{"name":"wp","href":"https:\/\/api.w.org\/{rel}","templated":true}]}}