{"id":9165,"date":"2024-09-07T15:39:47","date_gmt":"2024-09-07T15:39:47","guid":{"rendered":"https:\/\/travelshelper.com\/staging\/?page_id=9165"},"modified":"2026-03-13T16:03:17","modified_gmt":"2026-03-13T16:03:17","slug":"san-cristobal","status":"publish","type":"page","link":"https:\/\/travelshelper.com\/vi\/destinations\/north-america\/dominican-republic\/san-cristobal\/","title":{"rendered":"San Crist\u00f3bal"},"content":{"rendered":"<p>San Crist\u00f3bal, n\u1eb1m \u1edf ph\u00eda nam c\u1ee7a C\u1ed9ng h\u00f2a Dominica, chi\u1ebfm m\u1ed9t thung l\u0169ng m\u00e0u m\u1ee1 d\u01b0\u1edbi ch\u00e2n d\u00e3y n\u00fai Cordillera Central, n\u1eb1m gi\u1eefa c\u00e1c d\u00f2ng s\u00f4ng quanh co Nigua v\u00e0 Nizao, c\u00e1ch th\u1ee7 \u0111\u00f4 c\u1ee7a qu\u1ed1c gia kho\u1ea3ng ba m\u01b0\u01a1i km v\u1ec1 ph\u00eda t\u00e2y d\u1ecdc theo DR-2. L\u00e0 th\u1ee7 ph\u1ee7 c\u1ee7a t\u1ec9nh c\u00f9ng t\u00ean, th\u00e0nh ph\u1ed1 n\u00e0y qu\u1ea3n l\u00fd m\u1ed9t qu\u1eadn tr\u1ef1c thu\u1ed9c duy nh\u1ea5t l\u00e0 Hato Damas. Kh\u00ed h\u1eadu gi\u00f3 m\u00f9a nhi\u1ec7t \u0111\u1edbi c\u1ee7a th\u00e0nh ph\u1ed1, \u0111\u01b0\u1ee3c \u0111\u00e1nh d\u1ea5u b\u1eb1ng s\u1ef1 \u1ea5m \u00e1p quanh n\u0103m v\u00e0 nh\u1eefng tr\u1eadn m\u01b0a nh\u01b0 tr\u00fat n\u01b0\u1edbc t\u1eeb th\u00e1ng 5 \u0111\u1ebfn th\u00e1ng 11, \u0111\u1ecbnh h\u00ecnh c\u1ea3 nh\u1ecbp \u0111i\u1ec7u c\u1ee7a cu\u1ed9c s\u1ed1ng h\u00e0ng ng\u00e0y v\u00e0 \u0111\u01b0\u1eddng vi\u1ec1n c\u1ee7a \u0111\u1ecba h\u00ecnh xanh t\u01b0\u01a1i, nh\u1ea5p nh\u00f4 c\u1ee7a th\u00e0nh ph\u1ed1.<\/p>\n<p>T\u1eeb nh\u1eefng ng\u00e0y \u0111\u1ea7u ti\u00ean, San Crist\u00f3bal \u0111\u00e3 ch\u1ee9ng ki\u1ebfn \u200b\u200bnhi\u1ec1u k\u1ef7 nguy\u00ean chuy\u1ec3n m\u00ecnh. Chuy\u1ebfn \u0111i th\u1ee9 hai c\u1ee7a Christopher Columbus v\u00e0o n\u0103m 1493 \u0111\u00e3 khi\u1ebfn ng\u01b0\u1eddi ch\u00e2u \u00c2u ch\u00fa \u00fd \u0111\u1ebfn nh\u1eefng con d\u1ed1c n\u00e0y, v\u00e0 trong th\u1ebf k\u1ef7 ti\u1ebfp theo, c\u00e1c trang tr\u1ea1i ch\u0103n nu\u00f4i v\u00e0 \u0111\u1ed3n \u0111i\u1ec1n m\u00eda b\u1eaft \u0111\u1ea7u m\u1ecdc l\u00ean d\u1ecdc theo c\u00e1c \u0111\u1ed3ng b\u1eb1ng m\u00e0u m\u1ee1 gi\u1eefa Haina v\u00e0 Nigua. Theo truy\u1ec1n th\u1ed1ng, Miguel D\u00edaz, m\u1ed9t k\u1ebb ch\u1ea1y tr\u1ed1n kh\u1ecfi nh\u1eefng h\u00ecnh ph\u1ea1t nghi\u00eam kh\u1eafc c\u1ee7a La Isabela, \u0111\u00e3 ph\u00e1t hi\u1ec7n ra c\u00e1c m\u1ecf v\u00e0ng \u1edf \u0111\u00e2y v\u1edbi s\u1ef1 h\u01b0\u1edbng d\u1eabn c\u1ee7a ng\u01b0\u1eddi v\u1ee3 b\u1ea3n \u0111\u1ecba Catalina. S\u1ef1 tr\u1edf l\u1ea1i La Isabela c\u1ee7a \u00f4ng \u0111\u00e3 th\u00fac \u0111\u1ea9y V\u01b0\u01a1ng mi\u1ec7n T\u00e2y Ban Nha quy\u1ebft \u0111\u1ecbnh th\u00e0nh l\u1eadp Ph\u00e1o \u0111\u00e0i Buenaventura - sau \u0111\u00f3 \u0111\u01b0\u1ee3c \u0111\u1ed5i t\u00ean th\u00e0nh San Crist\u00f3bal \u0111\u1ec3 t\u1ecf l\u00f2ng t\u00f4n k\u00ednh v\u1edbi v\u1ecb \u0111\u00f4 \u0111\u1ed1c - qua \u0111\u00f3 \u0111\u1eb7t n\u1ec1n m\u00f3ng cho m\u1ed9t khu \u0111\u1ecbnh c\u01b0 c\u00f3 nh\u00e0 th\u1edd gi\u00e1o x\u1ee9 San Gregorio de Nigua, \u0111\u01b0\u1ee3c x\u00e2y d\u1ef1ng v\u00e0o n\u0103m 1782, v\u1eabn l\u00e0 m\u1ed9t trong nh\u1eefng c\u00f4ng tr\u00ecnh ki\u1ebfn \u200b\u200btr\u00fac c\u1ed5 x\u01b0a nh\u1ea5t c\u1ee7a khu \u0111\u1ecbnh c\u01b0.<\/p>\n<p>Th\u1ebf k\u1ef7 19 \u0111\u00e3 th\u00eam v\u00e0o nhi\u1ec1u t\u1ea7ng \u00fd ngh\u0129a l\u1ecbch s\u1eed. V\u00e0o n\u0103m 1844, hi\u1ebfn ph\u00e1p c\u1ee7a C\u1ed9ng h\u00f2a Dominica m\u1edbi th\u00e0nh l\u1eadp \u0111\u00e3 \u0111\u01b0\u1ee3c long tr\u1ecdng c\u00f4ng b\u1ed1 trong khu\u00f4n vi\u00ean c\u1ee7a San Crist\u00f3bal, c\u1ee7ng c\u1ed1 vai tr\u00f2 c\u1ee7a n\u00f3 nh\u01b0 m\u1ed9t l\u00f2 luy\u1ec7n c\u1ee7a ch\u1ee7 quy\u1ec1n qu\u1ed1c gia. Nh\u1eefng con ph\u1ed1 v\u00e0 qu\u1ea3ng tr\u01b0\u1eddng nh\u1ecf g\u1ecdn c\u1ee7a th\u00e0nh ph\u1ed1 \u0111\u00e3 ch\u1ee9ng ki\u1ebfn \u200b\u200bcu\u1ed9c t\u1ee5 h\u1ecdp nhi\u1ec7t th\u00e0nh c\u1ee7a c\u00e1c \u0111\u1ea1i bi\u1ec3u, ch\u1eef k\u00fd c\u1ee7a h\u1ecd l\u00e0 m\u1ed9t minh ch\u1ee9ng kh\u00f4ng th\u1ec3 phai m\u1edd cho quy\u1ebft t\u00e2m c\u1ee7a m\u1ed9t qu\u1ed1c gia non tr\u1ebb. Trong khu\u00f4n vi\u00ean n\u00e0y, h\u1ed9i tr\u01b0\u1eddng trang nghi\u00eam \u0111\u00e3 ti\u1ebfp \u0111\u00f3n nh\u1eefng ng\u01b0\u1eddi k\u00fd t\u00ean v\u1eabn t\u1ed3n t\u1ea1i trong k\u00fd \u1ee9c t\u1eadp th\u1ec3, ngay c\u1ea3 khi c\u00e1c c\u00f4ng tr\u00ecnh xung quanh \u0111\u00e3 \u0111\u01b0\u1ee3c \u0111\u1ecbnh h\u00ecnh l\u1ea1i theo s\u1ef1 ti\u1ebfn tri\u1ec3n \u0111\u1ec1u \u0111\u1eb7n c\u1ee7a th\u1eddi gian.<\/p>\n<p>Tuy nhi\u00ean, th\u1ebf k\u1ef7 XX th\u01b0\u1eddng l\u00e0 th\u1ebf k\u1ef7 c\u00f3 b\u00f3ng t\u1ed1i d\u00e0i nh\u1ea5t. N\u0103m 1891, Rafael Le\u00f3nidas Trujillo Molina, ng\u01b0\u1eddi s\u1ebd l\u00ean n\u1eafm quy\u1ec1n cai tr\u1ecb \u0111\u1ed9c t\u00e0i trong ba m\u01b0\u01a1i n\u0103m, \u0111\u00e3 ch\u00e0o \u0111\u1eddi trong ph\u1ea1m vi c\u1ee7a San Crist\u00f3bal. S\u1ef1 hi\u1ec7n di\u1ec7n c\u1ee7a nh\u00e0 \u0111\u1ed9c t\u00e0i \u0111\u00e3 in d\u1ea5u l\u00ean c\u1ea3nh quan th\u00e0nh ph\u1ed1 nh\u1eefng t\u01b0\u1ee3ng \u0111\u00e0i v\u1eeba h\u00f9ng v\u0129 v\u1eeba ph\u00f4 tr\u01b0\u01a1ng\u2014trong s\u1ed1 \u0111\u00f3 c\u00f3 Balneario La Toma, m\u1ed9t khu ph\u1ee9c h\u1ee3p ngh\u1ec9 d\u01b0\u1ee1ng \u0111\u01b0\u1ee3c h\u00ecnh dung nh\u01b0 m\u1ed9t n\u01a1i tr\u01b0ng b\u00e0y hi\u1ec7n \u0111\u1ea1i v\u1ec1 gi\u1ea3i tr\u00ed, v\u00e0 Parque Piedras Vivas, m\u1ed9t d\u00e3y c\u1ed9t \u0111\u00e1 \u0111\u01b0\u1ee3c tuy\u1ec3n ch\u1ecdn t\u1eeb m\u1ed7i t\u1ec9nh c\u1ee7a Dominica, \u0111\u01b0\u1ee3c d\u1ef1ng l\u00ean \u0111\u1ec3 t\u00f4n vinh b\u1ea3n th\u00e2n. C\u00e1c t\u00e0i s\u1ea3n ri\u00eang g\u1eafn li\u1ec1n v\u1edbi gia \u0111\u00ecnh \u00f4ng\u2014El Castillo El Cerro, La Casa de Playa de Najayo (th\u01b0\u1eddng \u0111\u01b0\u1ee3c g\u1ecdi l\u00e0 Casa de Marfil), La Hacienda Mar\u00eda ho\u1eb7c Casa Blanca, v\u00e0 Casa de Caoba xa hoa\u2014tr\u01b0\u1edbc \u0111\u00e2y t\u01b0\u1ee3ng tr\u01b0ng cho s\u1ef1 th\u1ed1ng tr\u1ecb c\u1ee7a \u00f4ng; ng\u00e0y nay, m\u1eb7c d\u00f9 v\u1eabn c\u00f2n t\u1ed3n t\u1ea1i, nh\u1eefng c\u00f4ng tr\u00ecnh n\u00e0y \u0111\u00e3 ch\u1ecbu s\u1ef1 t\u00e0n ph\u00e1 c\u1ee7a s\u1ef1 l\u00e3ng qu\u00ean, m\u1eb7t ti\u1ec1n c\u1ee7a ch\u00fang \u0111\u1ed5 n\u00e1t nh\u01b0 t\u00e0n t\u00edch c\u1ee7a m\u1ed9t ch\u01b0\u01a1ng m\u00e0 nhi\u1ec1u ng\u01b0\u1eddi \u01b0\u1edbc r\u1eb1ng ch\u01b0a bao gi\u1edd \u0111\u01b0\u1ee3c vi\u1ebft.<\/p>\n<p>C\u00e1i ch\u1ebft c\u1ee7a Trujillo v\u00e0o n\u0103m 1961\u2014b\u1ecb m\u1ed9t nh\u00f3m \u00e2m m\u01b0u b\u1eafn ch\u1ebft tr\u00ean \u0111\u01b0\u1eddng \u0111\u1ebfn San Crist\u00f3bal\u2014\u0111\u00e3 ch\u1ea5m d\u1ee9t \u0111\u1ed9t ng\u1ed9t ch\u1ebf \u0111\u1ed9 cai tr\u1ecb \u0111\u1ed9c \u0111o\u00e1n, nh\u01b0ng di s\u1ea3n ki\u1ebfn \u200b\u200btr\u00fac c\u1ee7a \u00f4ng v\u1eabn \u0111\u01b0\u1ee3c \u0111an xen v\u00e0o k\u1ebft c\u1ea5u \u0111\u00f4 th\u1ecb. Trong khi khu ngh\u1ec9 d\u01b0\u1ee1ng t\u1ea1i La Toma v\u1eabn thu h\u00fat kh\u00e1ch du l\u1ecbch trong n\u01b0\u1edbc t\u00ecm ki\u1ebfm s\u1ef1 gi\u1ea3i t\u1ecfa nhanh ch\u00f3ng ven bi\u1ec3n, v\u00e0 c\u00f4ng vi\u00ean Living Stones v\u1eabn l\u00e0 m\u1ed9t t\u01b0\u1ee3ng \u0111\u00e0i v\u00f4 t\u00ecnh cho c\u1ea3 s\u1ef1 ki\u00eau ng\u1ea1o v\u00e0 s\u1ef1 th\u1ed1ng nh\u1ea5t, v\u00f4 s\u1ed1 doanh nghi\u1ec7p nh\u1ecf h\u01a1n \u0111ang m\u1ecdc l\u00ean d\u1ecdc theo c\u00e1c \u0111\u1ea1i l\u1ed9 ch\u00ednh, b\u00e1o hi\u1ec7u m\u1ed9t \u0111\u1ed9ng l\u1ef1c c\u00f4ng d\u00e2n \u0111\u1ec3 \u0111\u00f2i l\u1ea1i v\u00e0 t\u00e1i s\u1eed d\u1ee5ng c\u00e1c kh\u00f4ng gian c\u1ee7a m\u1ed9t qu\u00e1 kh\u1ee9 \u0111\u1ea7y r\u1eaby kh\u00f3 kh\u0103n.<\/p>\n<p>V\u1ec1 m\u1eb7t \u0111\u1ecba l\u00fd, San Crist\u00f3bal mang \u0111\u1ebfn m\u1ed9t b\u1ee9c tranh \u0111a d\u1ea1ng. C\u00e1c thung l\u0169ng, \u0111\u01b0\u1ee3c t\u01b0\u1edbi ti\u00eau b\u1edfi c\u00e1c nh\u00e1nh s\u00f4ng h\u1ed9i t\u1ee5 t\u1ea1i Nizao, nu\u00f4i d\u01b0\u1ee1ng c\u00e1c \u0111\u1ed3n \u0111i\u1ec1n quy m\u00f4 nh\u1ecf - lu\u1ed1ng h\u00e0nh t\u00e2y trong \u0111\u1ed3ng b\u1eb1ng Najayo-Palenque, c\u00e1c v\u01b0\u1eddn c\u00e0 ph\u00ea n\u1eb1m d\u1ecdc theo s\u01b0\u1eddn n\u00fai g\u1ea7n h\u01a1n v\u00e0 c\u00e1c l\u00f4 \u0111\u1ea5t tr\u1ed3ng cam qu\u00fdt \u1edf Villa Altagracia. B\u00ean kia v\u00e0nh \u0111ai n\u00f4ng nghi\u1ec7p, m\u1ed9t h\u00e0nh lang c\u00f4ng nghi\u1ec7p \u0111ang ho\u1ea1t \u0111\u1ed9ng m\u1ea1nh m\u1ebd. Nh\u00e0 m\u00e1y Maggi c\u1ee7a Nestl\u00e9, nh\u00e0 m\u00e1y ch\u1ebf bi\u1ebfn Goya Foods v\u00e0 c\u00e1c c\u01a1 s\u1edf c\u1ee7a t\u1eadp \u0111o\u00e0n Sancela Family chi\u1ebfm c\u00e1c tr\u1ea1m n\u1ed5i b\u1eadt, c\u00f9ng v\u1edbi m\u1ed9t khu c\u00f4ng nghi\u1ec7p th\u1ee7y tinh, nh\u00e0 m\u00e1y \u0111\u01b0\u1eddng \u1ed1ng CEDELCA v\u00e0 c\u00e1c x\u01b0\u1edfng s\u1ea3n xu\u1ea5t \u0111\u00e1 c\u1ea9m th\u1ea1ch v\u00e0 g\u1ea1ch \u1ed1p l\u00e1t d\u01b0\u1edbi bi\u1ec3u ng\u1eef c\u1ee7a Marmotech, Tecnotiles v\u00e0 Star Marble. M\u1ed9t khu v\u1ef1c kh\u00f4ng c\u00f3 kho v\u0169 kh\u00ed v\u00e0 c\u00e1c d\u00e2y chuy\u1ec1n s\u1ea3n xu\u1ea5t nh\u1eb9 kh\u00e1c nhau ho\u00e0n thi\u1ec7n b\u1ee9c tranh gh\u00e9p. Tuy nhi\u00ean, do g\u1ea7n Santo Domingo, m\u1ed9t b\u1ed9 ph\u1eadn \u0111\u00e1ng k\u1ec3 d\u00e2n s\u1ed1 h\u00e0ng ng\u00e0y l\u00ean \u0111\u01b0\u1eddng \u0111\u1ebfn th\u1ee7 \u0111\u00f4 ho\u1eb7c \u0111\u1ebfn c\u00e1c trung t\u00e2m l\u00e2n c\u1eadn nh\u01b0 Bajo de Haina v\u00e0 Nigua, cu\u1ed9c di c\u01b0 c\u1ee7a h\u1ecd l\u00e0 minh ch\u1ee9ng th\u01b0\u1eddng nh\u1eadt cho s\u1ee9c h\u00fat c\u1ee7a \u0111\u00f4 th\u1ecb.<\/p>\n<p>V\u1ec1 m\u1eb7t kinh t\u1ebf, San Crist\u00f3bal x\u1ebfp th\u1ee9 n\u0103m trong s\u1ed1 c\u00e1c trung t\u00e2m \u0111\u00f4 th\u1ecb c\u1ee7a qu\u1ed1c gia\u2014m\u1ed9t s\u1ef1 kh\u00e1c bi\u1ec7t \u0111\u01b0\u1ee3c ph\u1ea3n \u00e1nh trong ph\u1ea1m vi r\u1ed9ng l\u1edbn c\u1ee7a th\u01b0\u01a1ng m\u1ea1i. C\u00f4ng nghi\u1ec7p trong th\u00e0nh ph\u1ed1 v\u00e0 c\u00e1c khu t\u1ef1 do l\u00e2n c\u1eadn c\u00f9ng t\u1ed3n t\u1ea1i v\u1edbi c\u00e1c doanh nghi\u1ec7p n\u00f4ng nghi\u1ec7p v\u00e0 ho\u1ea1t \u0111\u1ed9ng c\u1ea3ng \u1edf Bajo de Haina v\u00e0 Palenque. C\u00e1c nh\u00e0 kho \u0111\u00f4ng \u0111\u00fac trong khu t\u1ef1 do, n\u01a1i h\u00e0ng h\u00f3a h\u01b0\u1edbng \u0111\u1ebfn xu\u1ea5t kh\u1ea9u di chuy\u1ec3n theo \u0111o\u00e0n di\u1ec5u h\u00e0nh c\u00f3 tr\u1eadt t\u1ef1, tr\u00e1i ng\u01b0\u1ee3c v\u1edbi s\u1ef1 c\u1ea7n c\u00f9 th\u1ea7m l\u1eb7ng c\u1ee7a nh\u1eefng ng\u01b0\u1eddi n\u00f4ng d\u00e2n \u0111ang thu ho\u1ea1ch qu\u1ea3 c\u00e0 ph\u00ea t\u1eeb nh\u1eefng ng\u1ecdn \u0111\u1ed3i c\u00f3 r\u1eebng ho\u1eb7c t\u1eadp trung trong nh\u1eefng ch\u1ed3i non c\u1ee7a c\u00e1c c\u00e1nh \u0111\u1ed3ng h\u00e0nh t\u00e2y. S\u1ef1 k\u1ebft h\u1ee3p gi\u1eefa c\u00f4ng nghi\u1ec7p n\u1eb7ng v\u00e0 canh t\u00e1c khi\u00eam t\u1ed1n t\u1ea1o n\u00ean m\u1ed9t n\u1ec1n kinh t\u1ebf c\u00e2n b\u1eb1ng, m\u1ed9t n\u1ec1n kinh t\u1ebf kh\u00f4ng ch\u1ec9 k\u00eau g\u1ecdi c\u00e1c si\u00eau d\u1ef1 \u00e1n m\u00e0 c\u0169ng kh\u00f4ng ch\u1ec9 t\u1ed3n t\u1ea1i d\u1ef1a tr\u00ean s\u1ef1 l\u00ean xu\u1ed1ng c\u1ee7a s\u1ea3n l\u01b0\u1ee3ng theo m\u00f9a.<\/p>\n<p>Du l\u1ecbch, ch\u1ee7 y\u1ebfu l\u00e0 trong n\u01b0\u1edbc, mang l\u1ea1i s\u1ee9c s\u1ed1ng h\u01a1n n\u1eefa. B\u00e3i bi\u1ec3n Najayo m\u1eddi g\u1ecdi c\u00e1c gia \u0111\u00ecnh n\u1eb1m d\u00e0i tr\u00ean b\u00e3i c\u00e1t v\u00e0 phi\u00eau l\u01b0u v\u00e0o nh\u1eefng con s\u00f3ng bi\u1ec3n \u1ea5m \u00e1p, trong khi b\u1edd bi\u1ec3n Palenque mang \u0111\u1ebfn n\u01a1i \u1ea9n d\u1eadt bi\u1ec7t l\u1eadp h\u01a1n. \u1ede ph\u00eda trong \u0111\u1ea5t li\u1ec1n, c\u00e1c h\u1ed3 b\u01a1i v\u00e0 khu d\u00e3 ngo\u1ea1i c\u1ee7a Balnearios de La Toma thu h\u00fat nh\u1eefng du kh\u00e1ch \u0111i ch\u01a1i trong ng\u00e0y, v\u00e0 Cuevas del Pomier\u2014m\u1ed9t m\u1ea1ng l\u01b0\u1edbi hang \u0111\u1ed9ng r\u1ea3i r\u00e1c c\u00e1c ch\u1eef t\u01b0\u1ee3ng h\u00ecnh th\u1eddi ti\u1ec1n Columbus\u2014mang \u0111\u1ebfn c\u00e1i nh\u00ecn tho\u00e1ng qua v\u1ec1 c\u01b0 d\u00e2n c\u1ed5 x\u01b0a c\u1ee7a h\u00f2n \u0111\u1ea3o. C\u00e1c con s\u00f4ng Haina v\u00e0 Nizao, u\u1ed1n l\u01b0\u1ee3n qua c\u00e1c h\u1ebbm n\u00fai r\u1ee3p b\u00f3ng c\u00e2y xo\u00e0i v\u00e0 c\u00e2y b\u00f4ng g\u00f2n, t\u1ea1o n\u00ean nh\u1eefng \u0111\u1ea5u tr\u01b0\u1eddng t\u1ef1 nhi\u00ean cho c\u1ea3 ng\u01b0\u1eddi b\u01a1i l\u1ed9i v\u00e0 ng\u01b0\u1eddi c\u00e2u c\u00e1, d\u00f2ng n\u01b0\u1edbc trong v\u1eaft g\u1ee3i nh\u1edb \u0111\u1ebfn th\u1eddi m\u00e0 thung l\u0169ng ch\u1ec9 vang v\u1ecdng ti\u1ebfng chim h\u00f3t.<\/p>\n<p>T\u01b0\u01a1ng x\u1ee9ng v\u1edbi nh\u1eefng n\u1ed7 l\u1ef1c \u0111a d\u1ea1ng c\u1ee7a m\u00ecnh, San Crist\u00f3bal \u0111\u00e3 ph\u00e1t tri\u1ec3n vi\u1ec5n th\u00f4ng m\u1ea1nh m\u1ebd. C\u00e1c nh\u00e0 m\u1ea1ng \u0111i\u1ec7n tho\u1ea1i qu\u1ed1c gia ch\u00ednh duy tr\u00ec ho\u1ea1t \u0111\u1ed9ng \u0111\u1ea7y \u0111\u1ee7, v\u00e0 c\u00e1c d\u1ecbch v\u1ee5 truy\u1ec1n h\u00ecnh c\u00e1p v\u00e0 v\u1ec7 tinh \u0111\u01b0\u1ee3c cung c\u1ea5p r\u1ed9ng r\u00e3i, cho ph\u00e9p c\u01b0 d\u00e2n kh\u00f4ng ch\u1ec9 k\u1ebft n\u1ed1i trong n\u01b0\u1edbc c\u1ed9ng h\u00f2a m\u00e0 c\u00f2n hi\u1ec3u bi\u1ebft v\u1ec1 c\u00e1c di\u1ec5n ng\u00f4n to\u00e0n c\u1ea7u. Trong c\u00e1c qu\u00e1n c\u00e0 ph\u00ea v\u00e0 c\u00e1c c\u1eeda h\u00e0ng khi\u00eam t\u1ed1n, ng\u01b0\u1eddi d\u00e2n s\u1eed d\u1ee5ng m\u00e1y t\u00ednh x\u00e1ch tay v\u00e0 thi\u1ebft b\u1ecb di \u0111\u1ed9ng, m\u1edf r\u1ed9ng ph\u1ea1m vi c\u1ee7a thung l\u0169ng v\u01b0\u1ee3t ra ngo\u00e0i gi\u1edbi h\u1ea1n v\u1eadt l\u00fd th\u00f4ng qua c\u00e1c \u0111\u1ed9ng m\u1ea1ch k\u1ef9 thu\u1eadt s\u1ed1.<\/p>\n<p>Trong su\u1ed1t qu\u00e1 tr\u00ecnh ph\u00e1t tri\u1ec3n c\u1ee7a m\u00ecnh, San Crist\u00f3bal \u0111\u00e3 h\u1ea5p th\u1ee5 c\u00e1c l\u1edbp b\u1ea3n s\u1eafc li\u00ean ti\u1ebfp\u2014khu \u0111\u1ecbnh c\u01b0 ti\u1ec1n thu\u1ed9c \u0111\u1ecba, n\u1ec1n n\u00f4ng nghi\u1ec7p thu\u1ed9c \u0111\u1ecba, l\u00f2 luy\u1ec7n c\u00e1ch m\u1ea1ng, n\u01a1i tr\u01b0ng b\u00e0y c\u1ee7a nh\u00e0 \u0111\u1ed9c t\u00e0i, c\u01b0\u1eddng qu\u1ed1c c\u00f4ng nghi\u1ec7p v\u00e0 n\u01a1i \u1ea9n d\u1eadt trong n\u01b0\u1edbc. M\u1ed7i t\u1ea7ng l\u1edbp \u0111\u1ec1u t\u0103ng c\u01b0\u1eddng ch\u1ee9 kh\u00f4ng x\u00f3a nh\u00f2a c\u00e1c t\u1ea7ng l\u1edbp kh\u00e1c, t\u1ea1o ra m\u1ed9t palimpsest ch\u1ed1ng l\u1ea1i s\u1ef1 m\u00f4 t\u1ea3 d\u1ec5 d\u00e3i. Ng\u01b0\u1eddi ta c\u00f3 th\u1ec3 \u0111i d\u1ea1o d\u1ecdc theo Avenida Espa\u00f1a v\u00e0 \u0111i qua m\u1eb7t ti\u1ec1n \u0111\u01b0\u1ee3c trang tr\u00ed c\u00f4ng phu, m\u1eb7c d\u00f9 \u0111\u00e3 \u0111\u1ed5 n\u00e1t, c\u1ee7a n\u01a1i \u1edf tr\u01b0\u1edbc \u0111\u00e2y c\u1ee7a Trujillo \u0111\u1ebfn c\u00e1c d\u00e2y chuy\u1ec1n l\u1eafp r\u00e1p s\u00e1ng b\u00f3ng c\u1ee7a ng\u00e0nh s\u1ea3n xu\u1ea5t hi\u1ec7n \u0111\u1ea1i, s\u1ef1 chuy\u1ec3n \u0111\u1ed5i \u0111\u1ed9t ng\u1ed9t \u0111\u1ebfn m\u1ee9c n\u00f3 g\u1ee3i ra s\u1ef1 suy ng\u1eabm v\u1ec1 c\u00e1c qu\u1ef9 \u0111\u1ea1o \u0111a d\u1ea1ng c\u1ee7a s\u1ef1 ti\u1ebfn b\u1ed9 v\u00e0 quy\u1ec1n l\u1ef1c.<\/p>\n<p>Trong \u00e1nh s\u00e1ng m\u1edd m\u1edd c\u1ee7a b\u00ecnh minh, thung l\u0169ng t\u1ecfa ra m\u1ed9t s\u1ef1 t\u0129nh l\u1eb7ng g\u1ea7n nh\u01b0 thi\u1ec1n \u0111\u1ecbnh. Nh\u1eefng ng\u01b0\u1eddi bu\u00f4n b\u00e1n chu\u1ea9n b\u1ecb chuy\u1ec3n nh\u1eefng chuy\u1ebfn h\u00e0ng h\u00e0nh t\u00e2y \u0111\u1ebfn c\u00e1c th\u1ecb tr\u01b0\u1eddng xa x\u00f4i; c\u1ed5ng nh\u00e0 m\u00e1y m\u1edf toang khi c\u00f4ng nh\u00e2n t\u1ee5 t\u1eadp d\u01b0\u1edbi nh\u1eefng bi\u1ec3u ng\u1eef th\u00f4ng b\u00e1o thay ca; d\u00f2ng n\u01b0\u1edbc Nizao, m\u1ec1m m\u1ea1i d\u01b0\u1edbi \u00e1nh n\u1eafng ban mai, r\u00f3c r\u00e1ch ch\u1ea3y tr\u00ean nh\u1eefng t\u1ea3ng \u0111\u00e1 \u0111\u01b0\u1ee3c m\u00e0i nh\u1eb5n qua nhi\u1ec1u th\u1ebf k\u1ef7. V\u00e0o gi\u1eefa tr\u01b0a, th\u00e0nh ph\u1ed1 \u1ed3n \u00e0o v\u1edbi c\u00f4ng su\u1ea5t t\u1ed1i \u0111a, v\u00e0 v\u00e0o bu\u1ed5i t\u1ed1i, b\u1edd s\u00f4ng tr\u00e0n ng\u1eadp ti\u1ebfng c\u01b0\u1eddi v\u00e0 ti\u1ebfng h\u00e1t. \u0110\u00f3 ch\u00ednh l\u00e0 \u0111i\u1ec7u ba l\u00ea tu\u1ea7n ho\u00e0n c\u1ee7a San Crist\u00f3bal: m\u1ed9t th\u00e0nh ph\u1ed1 c\u00f3 \u0111\u01b0\u1eddng vi\u1ec1n \u0111\u01b0\u1ee3c x\u00e1c \u0111\u1ecbnh b\u1edfi n\u01b0\u1edbc v\u00e0 s\u01b0\u1eddn n\u00fai, c\u00f3 c\u00e2u chuy\u1ec7n \u0111\u01b0\u1ee3c kh\u1eafc tr\u00ean nh\u1eefng t\u1ea3ng \u0111\u00e1 v\u1eeba s\u1ed1ng v\u1eeba \u0111\u00e3 ch\u1ebft t\u1eeb l\u00e2u, v\u00e0 t\u01b0\u01a1ng lai c\u1ee7a th\u00e0nh ph\u1ed1 v\u1eabn s\u1ed1ng \u0111\u1ed9ng v\u00e0 kh\u00f3 \u0111o\u00e1n nh\u01b0 nh\u1eefng gh\u1ec1nh th\u00e1c t\u1ea1o n\u00ean ranh gi\u1edbi c\u1ee7a th\u00e0nh ph\u1ed1.<\/p>\n<p>\u0110i qua San Crist\u00f3bal l\u00e0 \u0111\u1ec3 g\u1eb7p ph\u1ea3i s\u1ef1 \u0111\u1ed3ng b\u1ed9 c\u1ee7a c\u00e1c h\u1ecda ti\u1ebft\u2014ngu\u1ed3n g\u1ed1c ch\u00ednh tr\u1ecb, doanh nghi\u1ec7p th\u1ef1c d\u00e2n, t\u00e0n d\u01b0 c\u1ee7a ch\u1ebf \u0111\u1ed9 chuy\u00ean ch\u1ebf, s\u1ee9c s\u1ed1ng c\u00f4ng nghi\u1ec7p v\u00e0 s\u1ef1 gi\u1ea3i tho\u00e1t du l\u1ecbch\u2014\u0111\u01b0\u1ee3c d\u1ec7t th\u00e0nh m\u1ed9t t\u1ea5m th\u1ea3m v\u1eeba c\u1ed5 x\u01b0a v\u1eeba m\u1edbi n\u1ed5i. Thung l\u0169ng, \u0111\u01b0\u1ee3c bao b\u1ecdc b\u1edfi nh\u1eefng ng\u1ecdn n\u00fai v\u00e0 \u0111\u01b0\u1ee3c d\u1eabn d\u1eaft b\u1edfi nh\u1eefng con s\u00f4ng, che ch\u1edf cho m\u1ed9t d\u00e2n t\u1ed9c c\u00f3 c\u00f4ng vi\u1ec7c v\u00e0 th\u1eddi gian r\u1ea3nh r\u1ed7i g\u1eafn b\u00f3 ch\u1eb7t ch\u1ebd v\u1edbi v\u00f9ng \u0111\u1ea5t n\u00e0y. T\u1ea1i \u0111\u00e2y, nh\u1eefng ng\u01b0\u1eddi k\u00fd hi\u1ebfn ph\u00e1p \u0111\u00e3 t\u1eebng cam k\u1ebft t\u1ef1 do; t\u1ea1i \u0111\u00e2y, m\u1ed9t nh\u00e0 \u0111\u1ed9c t\u00e0i \u0111\u00e3 x\u00e2y d\u1ef1ng c\u00e1c t\u01b0\u1ee3ng \u0111\u00e0i cho h\u00ecnh \u1ea3nh b\u1ea3n th\u00e2n; t\u1ea1i \u0111\u00e2y, nh\u1eefng ng\u01b0\u1eddi th\u1ee3 th\u1ee7 c\u00f4ng t\u1ea1o ra nh\u1eefng t\u1ea5m \u0111\u00e1 c\u1ea9m th\u1ea1ch ngay c\u1ea3 khi c\u00e1c gia \u0111\u00ecnh tr\u1ed3ng c\u00e2y gi\u1ed1ng c\u00e0 ph\u00ea. Ch\u00ednh trong s\u1ef1 \u0111an xen c\u1ee7a di s\u1ea3n v\u00e0 \u0111\u1ed9ng l\u1ef1c n\u00e0y, San Crist\u00f3bal b\u1ed9c l\u1ed9 b\u1ea3n ch\u1ea5t c\u1ee7a m\u00ecnh: m\u1ed9t n\u01a1i v\u1eeba ph\u1ea3n chi\u1ebfu v\u1eeba d\u1ef1 \u0111o\u00e1n, n\u01a1i s\u1ee9c n\u1eb7ng c\u1ee7a l\u1ecbch s\u1eed c\u1ee7ng c\u1ed1 l\u1eddi h\u1ee9a v\u1ec1 t\u01b0\u01a1ng lai.<\/p>","protected":false},"excerpt":{"rendered":"<p>San Crist\u00f3bal l\u00e0 m\u1ed9t th\u00e0nh ph\u1ed1 n\u0103ng \u0111\u1ed9ng n\u1eb1m \u1edf ph\u00eda nam c\u1ee7a C\u1ed9ng h\u00f2a Dominica. Th\u00e0nh ph\u1ed1 n\u00e0y \u0111\u00f3ng vai tr\u00f2 l\u00e0 th\u1ee7 ph\u1ee7 c\u1ee7a t\u1ec9nh San Crist\u00f3bal, n\u1eb1m trong m\u1ed9t thung l\u0169ng \u0111\u1eb9p nh\u01b0 tranh v\u1ebd \u1edf ch\u00e2n d\u00e3y n\u00fai Cordillera Central, gi\u00e1p v\u1edbi s\u00f4ng Nigua v\u00e0 Nizao. Th\u00e0nh ph\u1ed1 n\u00e0y c\u00f3 m\u1ed9t qu\u1eadn \u0111\u01b0\u1ee3c g\u1ecdi l\u00e0 Hato Damas.<\/p>","protected":false},"author":1,"featured_media":3743,"parent":9128,"menu_order":0,"comment_status":"closed","ping_status":"closed","template":"elementor_theme","meta":{"_eb_attr":"","footnotes":""},"class_list":["post-9165","page","type-page","status-publish","has-post-thumbnail"],"_links":{"self":[{"href":"https:\/\/travelshelper.com\/vi\/wp-json\/wp\/v2\/pages\/9165","targetHints":{"allow":["GET"]}}],"collection":[{"href":"https:\/\/travelshelper.com\/vi\/wp-json\/wp\/v2\/pages"}],"about":[{"href":"https:\/\/travelshelper.com\/vi\/wp-json\/wp\/v2\/types\/page"}],"author":[{"embeddable":true,"href":"https:\/\/travelshelper.com\/vi\/wp-json\/wp\/v2\/users\/1"}],"replies":[{"embeddable":true,"href":"https:\/\/travelshelper.com\/vi\/wp-json\/wp\/v2\/comments?post=9165"}],"version-history":[{"count":0,"href":"https:\/\/travelshelper.com\/vi\/wp-json\/wp\/v2\/pages\/9165\/revisions"}],"up":[{"embeddable":true,"href":"https:\/\/travelshelper.com\/vi\/wp-json\/wp\/v2\/pages\/9128"}],"wp:featuredmedia":[{"embeddable":true,"href":"https:\/\/travelshelper.com\/vi\/wp-json\/wp\/v2\/media\/3743"}],"wp:attachment":[{"href":"https:\/\/travelshelper.com\/vi\/wp-json\/wp\/v2\/media?parent=9165"}],"curies":[{"name":"wp","href":"https:\/\/api.w.org\/{rel}","templated":true}]}}