{"id":9063,"date":"2024-09-07T10:31:08","date_gmt":"2024-09-07T10:31:08","guid":{"rendered":"https:\/\/travelshelper.com\/staging\/?page_id=9063"},"modified":"2026-03-13T16:28:29","modified_gmt":"2026-03-13T16:28:29","slug":"st-georges","status":"publish","type":"page","link":"https:\/\/travelshelper.com\/vi\/destinations\/north-america\/grenada\/st-georges\/","title":{"rendered":"St. George\u2019s"},"content":{"rendered":"<p>St. George&#039;s, tr\u00e1i tim \u0111ang \u0111\u1eadp c\u1ee7a Grenada v\u00e0 l\u00e0 khu \u0111\u1ecbnh c\u01b0 l\u1edbn nh\u1ea5t c\u1ee7a n\u00f3, n\u1eb1m tr\u00ean v\u00e0nh c\u1ee7a m\u1ed9t b\u1ebfn c\u1ea3ng h\u00ecnh m\u00f3ng ng\u1ef1a, b\u1ee9c tranh \u0111\u00f4 th\u1ecb c\u1ee7a n\u00f3 tr\u1ea3i d\u00e0i tr\u00ean nh\u1eefng ng\u1ecdn \u0111\u1ed3i t\u1eebng gi\u00e1p v\u1edbi m\u1ed9t mi\u1ec7ng n\u00fai l\u1eeda. Th\u00e0nh ph\u1ed1 n\u00e0y thu h\u00fat s\u1ef1 ch\u00fa \u00fd kh\u00f4ng ch\u1ec9 v\u00ec l\u00e0 c\u1ea3ng ch\u00ednh c\u1ee7a h\u00f2n \u0111\u1ea3o m\u00e0 c\u00f2n l\u00e0 n\u01a1i t\u1ecda l\u1ea1c c\u1ee7a Tr\u01b0\u1eddng Y khoa \u0110\u1ea1i h\u1ecdc St. George v\u00e0 l\u00e0 c\u1eeda ng\u00f5 h\u00e0ng kh\u00f4ng ch\u00ednh c\u1ee7a qu\u1ed1c gia, S\u00e2n bay Qu\u1ed1c t\u1ebf Maurice Bishop. N\u1eb1m \u1edf r\u00eca ph\u00eda \u0111\u00f4ng nam c\u1ee7a Qu\u1ea7n \u0111\u1ea3o Windward\u2014b\u1ea3n th\u00e2n Grenada tr\u1ea3i d\u00e0i m\u01b0\u1eddi t\u00e1m km chi\u1ec1u r\u1ed9ng v\u00e0 ba m\u01b0\u01a1i b\u1ed1n km chi\u1ec1u d\u00e0i\u2014th\u1ee7 \u0111\u00f4 n\u00e0y \u0111\u1eb7t c\u1ea1nh nhau h\u00e0ng th\u1ebf k\u1ef7 di s\u1ea3n thu\u1ed9c \u0111\u1ecba v\u1edbi n\u1ec1n kinh t\u1ebf hi\u1ec7n \u0111\u1ea1i, s\u00f4i \u0111\u1ed9ng d\u1ef1a tr\u00ean cacao, h\u1ea1t nh\u1ee5c \u0111\u1eadu kh\u1ea5u v\u00e0 c\u00e2y mace.<\/p>\n<p>T\u1eeb khi th\u00e0nh l\u1eadp v\u00e0o n\u0103m 1650 d\u01b0\u1edbi s\u1ef1 b\u1ea3o tr\u1ee3 c\u1ee7a Ph\u00e1p qua nhi\u1ec1u tr\u1eadn h\u1ecfa ho\u1ea1n, \u0111\u1ed9ng \u0111\u1ea5t v\u00e0 b\u00e3o li\u00ean ti\u1ebfp, St. George&#039;s \u0111\u00e3 li\u00ean t\u1ee5c t\u00e1i xu\u1ea5t, \u0111\u01b0\u1ee3c d\u1eabn d\u1eaft b\u1edfi l\u1eddi h\u1ee9a v\u1ec1 b\u1ebfn c\u1ea3ng t\u1ef1 nhi\u00ean v\u00e0 s\u1ee9c ph\u1ee5c h\u1ed3i c\u1ee7a ng\u01b0\u1eddi d\u00e2n. M\u01b0a nhi\u1ec7t \u0111\u1edbi nu\u00f4i d\u01b0\u1ee1ng nh\u1eefng c\u00e1nh \u0111\u1ed3ng vani, qu\u1ebf v\u00e0 g\u1eebng, trong khi kh\u00ed h\u1eadu \u0111\u01b0\u1ee3c \u0111i\u1ec1u h\u00f2a b\u1edfi nh\u1eefng c\u01a1n gi\u00f3 bi\u1ec3n nh\u1eb9 nh\u00e0ng \u0111\u1ea3m b\u1ea3o v\u1ecb th\u1ebf c\u1ee7a h\u00f2n \u0111\u1ea3o n\u00e0y trong s\u1ed1 nh\u1eefng nh\u00e0 s\u1ea3n xu\u1ea5t gia v\u1ecb h\u00e0ng \u0111\u1ea7u c\u1ee7a v\u00f9ng Caribe. M\u1ed9t du kh\u00e1ch \u0111i d\u1ecdc theo b\u1edd bi\u1ec3n Carenage ng\u00e0y nay s\u1ebd th\u1ea5y nh\u1eefng con \u0111\u01b0\u1eddng d\u1ea1o b\u1ed9 \u0111\u01b0\u1ee3c c\u1eaft t\u1ec9a c\u1ea9n th\u1eadn v\u00e0 nh\u1eefng ng\u00f4i nh\u00e0 c\u1ee7a th\u01b0\u01a1ng gia m\u00e0u ph\u1ea5n; nh\u01b0ng ngay ph\u00eda xa h\u01a1n, nh\u1eefng con \u0111\u01b0\u1eddng h\u1eb9p d\u1ed1c l\u00ean nh\u1eefng khu ph\u1ed1 n\u01a1i nh\u1eefng b\u1ee9c t\u01b0\u1eddng tr\u00e1t v\u1eefa san h\u00f4 g\u1ee3i nh\u1edb \u0111\u1ebfn tham v\u1ecdng thu\u1ed9c \u0111\u1ecba v\u00e0 ti\u1ebfng th\u00ec th\u1ea7m c\u1ee7a l\u1ecbch s\u1eed ph\u1ee7 l\u00ean ti\u1ebfng th\u00ec th\u1ea7m c\u1ee7a cu\u1ed9c s\u1ed1ng hi\u1ec7n \u0111\u1ea1i.<\/p>\n<p>Ngu\u1ed3n g\u1ed1c c\u1ee7a Fort Royal Town\u2014ti\u1ec1n th\u00e2n c\u1ee7a St. George&#039;s ng\u00e0y nay\u2014n\u1eb1m trong nh\u1eefng ph\u00e1n \u0111o\u00e1n th\u1ef1c d\u1ee5ng c\u1ee7a nh\u1eefng ng\u01b0\u1eddi th\u1ef1c d\u00e2n Ph\u00e1p \u0111\u1ea7u ti\u00ean, nh\u1eefng ng\u01b0\u1eddi \u0111\u1ea7u ti\u00ean \u0111\u00e3 d\u1ecdn s\u1ea1ch d\u00e2n s\u1ed1 Carib b\u1ea3n \u0111\u1ecba th\u00f4ng qua c\u00e1c cu\u1ed9c giao tranh t\u00e0n kh\u1ed1c, \u0111\u00e3 chuy\u1ec3n khu \u0111\u1ecbnh c\u01b0 c\u1ee7a h\u1ecd l\u00ean v\u00f9ng \u0111\u1ea5t cao h\u01a1n \u0111\u1ec3 \u1ee9ng ph\u00f3 v\u1edbi m\u1ef1c n\u01b0\u1edbc \u0111\u1ea7m ph\u00e1 d\u00e2ng cao v\u00e0 s\u1ed1 ng\u01b0\u1eddi ch\u1ebft v\u00ec s\u1ed1t r\u00e9t. \u0110\u1ebfn n\u0103m 1700, m\u1ed9t b\u1ea3n \u0111\u1ed3 th\u1ecb tr\u1ea5n m\u1edbi \u0111\u00e3 v\u1ea1ch ra nh\u1eefng con ph\u1ed1 h\u00ecnh ch\u1eef nh\u1eadt c\u00f3 tr\u1eadt t\u1ef1\u2014trong \u0111\u00f3 c\u00f3 St. Juille v\u00e0 St. John&#039;s\u2014v\u1eabn c\u00f2n t\u1ed3n t\u1ea1i trong l\u01b0\u1edbi \u0111\u00f4 th\u1ecb. C\u00e1c ph\u00e1o \u0111\u00e0i b\u1eb1ng \u0111\u00e1 bao quanh c\u00e1c m\u0169i \u0111\u1ea5t, \u0111\u01b0\u1ee3c thi\u1ebft k\u1ebf theo th\u1eddi k\u1ef3 c\u1ee7a Jean de Giou de Caylus, nh\u01b0ng hi\u1ec7n nay ch\u1ec9 c\u00f2n l\u1ea1i r\u1ea5t \u00edt d\u1ea5u t\u00edch c\u00f2n nguy\u00ean v\u1eb9n; th\u1eddi gian v\u00e0 b\u00e3o t\u1ed1 \u0111\u00e3 b\u00e0o m\u00f2n ph\u1ea7n l\u1edbn ph\u00e1o \u0111\u00e0i t\u1eebng canh g\u00e1c c\u00e1c tuy\u1ebfn \u0111\u01b0\u1eddng bi\u1ec3n. Khi Anh tuy\u00ean b\u1ed1 ch\u1ee7 quy\u1ec1n \u0111\u1ed1i v\u1edbi h\u00f2n \u0111\u1ea3o v\u00e0o n\u0103m 1763, c\u00e1c danh hi\u1ec7u \u0111\u00e3 \u0111\u01b0\u1ee3c Anh h\u00f3a\u2014Fort Royale tr\u1edf th\u00e0nh Fort George; Fort Royal Town \u0111\u01b0\u1ee3c chuy\u1ec3n \u0111\u1ed5i th\u00e0nh Saint George&#039;s Town\u2014v\u00e0 s\u1ef1 b\u1ea3o tr\u1ee3 c\u1ee7a Vua George III \u0111\u00e3 mang l\u1ea1i cho t\u00ean g\u1ecdi c\u1ee7a n\u00f3 s\u1ee9c n\u1eb7ng c\u1ee7a \u0111\u1ebf ch\u1ebf.<\/p>\n<p>Trong su\u1ed1t th\u1ebf k\u1ef7 th\u1ee9 m\u01b0\u1eddi t\u00e1m, c\u00e1c tr\u1eadn h\u1ecfa ho\u1ea1n n\u0103m 1771, 1775 v\u00e0 1792 \u0111\u00e3 t\u00e0n ph\u00e1 c\u00e1c c\u00f4ng tr\u00ecnh b\u1eb1ng g\u1ed7, th\u00fac \u0111\u1ea9y c\u00e1c s\u1eafc l\u1ec7nh ch\u1ed1ng l\u1ea1i vi\u1ec7c x\u00e2y d\u1ef1ng b\u1eb1ng g\u1ed7 v\u00e0 m\u1edf ra m\u1ed9t th\u1eddi \u0111\u1ea1i c\u1ee7a nh\u1eefng ng\u00f4i nh\u00e0 x\u00e2y b\u1eb1ng \u0111\u00e1 gi\u00fap t\u0103ng kh\u1ea3 n\u0103ng ph\u1ee5c h\u1ed3i cho k\u1ebft c\u1ea5u c\u1ee7a th\u00e0nh ph\u1ed1. Tuy nhi\u00ean, c\u00e1c tr\u1eadn \u0111\u1ed9ng \u0111\u1ea5t \u0111\u1ecba ch\u1ea5t n\u0103m 1867 v\u00e0 1888 s\u1ebd nh\u1eafc nh\u1edf c\u01b0 d\u00e2n v\u1ec1 ngu\u1ed3n g\u1ed1c n\u00fai l\u1eeda c\u1ee7a h\u00f2n \u0111\u1ea3o, khi eo \u0111\u1ea5t n\u1ed1i \u0111\u1ea7m ph\u00e1 v\u1edbi v\u00f9ng Caribe \u0111\u1ed9t nhi\u00ean ch\u00ecm xu\u1ed1ng d\u01b0\u1edbi bi\u1ec3n. Ngay c\u1ea3 b\u00e2y gi\u1edd, ng\u01b0\u1eddi ta c\u00f3 th\u1ec3 nh\u00ecn v\u00e0o v\u00f9ng n\u01b0\u1edbc trong v\u1eaft \u0111\u1ec3 th\u1ea5y nh\u1eefng t\u00e0n t\u00edch c\u1ee7a con \u0111\u01b0\u1eddng \u0111\u1eafp cao b\u1ecb ch\u00ecm \u0111\u00f3.<\/p>\n<p>V\u00e0o cu\u1ed1i th\u1ebf k\u1ef7 19, sau khi Bridgetown r\u00fat lui, St. George \u0111\u00e3 \u0111\u1ea3m nh\u1eadn vai tr\u00f2 th\u1ee7 ph\u1ee7 c\u1ee7a Qu\u1ea7n \u0111\u1ea3o Windward thu\u1ed9c Anh. Qu\u00e1n c\u00e0 ph\u00ea ngh\u1ec7 thu\u1eadt Tikal m\u1edf c\u1eeda v\u00e0o th\u00e1ng 12 n\u0103m 1959, \u0111\u00e1nh d\u1ea5u th\u1eddi \u0111i\u1ec3m m\u00e0 \u0111\u1eddi s\u1ed1ng v\u0103n h\u00f3a b\u1eaft \u0111\u1ea7u ph\u00e1t tri\u1ec3n c\u00f9ng v\u1edbi m\u1ee5c \u0111\u00edch h\u00e0nh ch\u00ednh. \u0110\u1ed9c l\u1eadp \u0111\u1ebfn v\u00e0o n\u0103m 1974, v\u00e0 m\u1eb7c d\u00f9 th\u1eadp k\u1ef7 sau \u0111\u00f3 \u0111\u00e3 m\u1edf ra s\u1ef1 h\u1ed7n lo\u1ea1n ch\u00ednh tr\u1ecb - l\u00ean \u0111\u1ebfn \u0111\u1ec9nh \u0111i\u1ec3m l\u00e0 m\u1ed9t cu\u1ed9c \u0111\u1ea3o ch\u00ednh c\u1ee7a phe c\u00e1nh t\u1ea3 v\u00e0 s\u1ef1 can thi\u1ec7p ti\u1ebfp theo c\u1ee7a Hoa K\u1ef3 v\u00e0o n\u0103m 1983 - b\u1ea3n s\u1eafc c\u1ee7a th\u00e0nh ph\u1ed1 v\u1eabn \u0111\u01b0\u1ee3c neo gi\u1eef trong b\u1ebfn c\u1ea3ng, c\u00e1c nh\u00e0 th\u1edd v\u00e0 c\u00e1c \u0111\u1ed3n \u0111i\u1ec1n gia v\u1ecb c\u1ee7a n\u00f3.<\/p>\n<p>B\u00e3o Ivan v\u00e0o th\u00e1ng 9 n\u0103m 2004 \u0111\u00e3 gi\u00e1ng m\u1ed9t \u0111\u00f2n d\u1eef d\u1ed9i ch\u01b0a t\u1eebng c\u00f3. G\u1ea7n ch\u00edn m\u01b0\u01a1i ph\u1ea7n tr\u0103m nh\u00e0 c\u1eeda b\u1ecb h\u01b0 h\u1ea1i; nh\u1eefng c\u00e2y nh\u1ee5c \u0111\u1eadu kh\u1ea5u \u0111ung \u0111\u01b0a, h\u00e0ng th\u1ebf k\u1ef7 tu\u1ed5i \u2014 bi\u1ec3u t\u01b0\u1ee3ng c\u1ee7a m\u1ea1ch m\u00e1u kinh t\u1ebf Grenada \u2014 \u0111\u00e3 b\u1ecb ph\u00e1 h\u1ee7y ho\u00e0n to\u00e0n. Tuy nhi\u00ean, s\u1ef1 \u0111o\u00e0n k\u1ebft qu\u1ed1c t\u1ebf, \u0111\u01b0\u1ee3c huy \u0111\u1ed9ng b\u1edfi c\u00e1c nh\u00e0 t\u00e0i tr\u1ee3 t\u1eeb Canada, Hoa K\u1ef3, Trung Qu\u1ed1c, Venezuela, Trinidad v\u00e0 Tobago v\u00e0 Li\u00ean minh ch\u00e2u \u00c2u, \u0111\u00e3 ch\u00e2m ng\u00f2i cho m\u1ed9t l\u00e0n s\u00f3ng t\u00e1i thi\u1ebft \u0111\u00e1ng ch\u00fa \u00fd. \u0110\u1ebfn n\u0103m 2007, St. George \u0111\u00e3 ch\u00e0o \u0111\u00f3n Gi\u1ea3i v\u00f4 \u0111\u1ecbch cricket th\u1ebf gi\u1edbi, b\u1edd bi\u1ec3n c\u1ee7a th\u00e0nh ph\u1ed1 \u0111\u01b0\u1ee3c l\u00f3t b\u1eb1ng nh\u1eefng gian h\u00e0ng v\u00e0 \u0111\u00e1m \u0111\u00f4ng ng\u01b0\u1eddi h\u00e2m m\u1ed9, m\u1ed9t minh ch\u1ee9ng cho s\u1ef1 ph\u1ee5c h\u1ed3i nhanh ch\u00f3ng v\u00e0 s\u1ef1 ki\u00ean tr\u00ec c\u1ee7a c\u01b0 d\u00e2n n\u01a1i \u0111\u00e2y. Ng\u00e0y nay, th\u00e0nh ph\u1ed1 n\u00e0y \u0111\u01b0\u1ee3c x\u1ebfp h\u1ea1ng trong s\u1ed1 m\u01b0\u1eddi \u0111i\u1ec3m \u0111\u1ebfn du thuy\u1ec1n h\u00e0ng \u0111\u1ea7u \u1edf Caribe, b\u1ebfn t\u00e0u du l\u1ecbch m\u1edbi \u0111\u01b0\u1ee3c l\u1eafp \u0111\u1eb7t c\u1ee7a th\u00e0nh ph\u1ed1 h\u01b0\u1edbng du kh\u00e1ch \u0111\u1ebfn \u0110\u01b0\u1eddng Lagoon v\u00e0 \u0110\u01b0\u1eddng Melville, n\u01a1i c\u00e1c nh\u00e0 h\u00e0ng v\u00e0 c\u1eeda h\u00e0ng lu\u00f4n t\u1ea5p n\u1eadp ho\u1ea1t \u0111\u1ed9ng.<\/p>\n<p>Trong l\u00f2ng th\u00e0nh ph\u1ed1, Carenage v\u1eabn l\u00e0 trung t\u00e2m, b\u1edd k\u00e8 c\u1ee7a n\u00f3 \u0111\u01b0\u1ee3c bao quanh b\u1edfi nh\u1eefng ng\u01b0\u1eddi b\u00e1n gia v\u1ecb v\u00e0 nh\u1eefng ng\u01b0\u1eddi b\u00e1n h\u00e0ng rong b\u00e1n b\u00e1nh rum v\u00e0 h\u1ea1t ca cao. Nh\u00e0 th\u1edd C\u00f4ng gi\u00e1o La M\u00e3, v\u1edbi t\u00f2a th\u00e1p c\u00f3 ni\u00ean \u0111\u1ea1i t\u1eeb n\u0103m 1818, gi\u1edbi thi\u1ec7u cho du kh\u00e1ch m\u1ed9t kh\u00f4ng gian b\u00ean trong r\u1ef1c r\u1ee1 s\u1eafc m\u00e0u\u2014m\u00e0u xanh lam nh\u1ea1t v\u00e0 \u0111\u1ecf san h\u00f4 g\u1eb7p nhau t\u1ea1i c\u00e1c m\u00e1i v\u00f2m h\u01b0\u1edbng l\u00ean tr\u1ea7n nh\u00e0 h\u00ecnh v\u00f2m. C\u00e1ch \u0111\u00f3 v\u00e0i d\u00e3y nh\u00e0, Nh\u00e0 th\u1edd Anh gi\u00e1o St. George \u0111\u01b0\u1ee3c \u0111\u1ed5i m\u1edbi: \u0111\u01b0\u1ee3c x\u00e2y d\u1ef1ng v\u00e0o n\u0103m 1825, nh\u1eefng chi\u1ebfc chu\u00f4ng \u0111\u1ed3ng h\u1ed3 l\u1eafp \u0111\u1eb7t v\u00e0o n\u0103m 1904 t\u1eebng \u0111i\u1ec3m gi\u1edd; b\u00e3o v\u00e0 s\u1ef1 l\u00e3ng qu\u00ean \u0111\u00e3 l\u00e0m s\u1ee5p \u0111\u1ed5 c\u00e1c b\u1ee9c t\u01b0\u1eddng c\u1ee7a nh\u00e0 th\u1edd v\u00e0o n\u0103m 2004, nh\u01b0ng m\u1ed9t th\u1eadp k\u1ef7 t\u00e1i thi\u1ebft \u0111\u00e3 kh\u00f4i ph\u1ee5c l\u1ea1i gian gi\u1eefa c\u1ee7a nh\u00e0 th\u1edd v\u00e0 gia c\u1ed1 c\u00e1c c\u1eeda s\u1ed5 k\u00ednh m\u00e0u \u0111\u1ec3 ch\u00e0o \u0111\u00f3n nh\u1eefng ng\u01b0\u1eddi s\u00f9ng \u0111\u1ea1o m\u1ed9t l\u1ea7n n\u1eefa.<\/p>\n<p>Khi \u0111i b\u1ed9 l\u00ean Fort George, du kh\u00e1ch s\u1ebd \u0111i qua nh\u1eefng con \u0111\u01b0\u1eddng quanh co v\u00e0 \u0111i qua nh\u1eefng c\u1ee5m nh\u00e0 d\u1ef1a v\u00e0o s\u01b0\u1eddn d\u1ed1c, nh\u1eefng s\u00e2n hi\u00ean ph\u1ee7 \u0111\u1ea7y hoa gi\u1ea5y. Ph\u00e1o \u0111\u00e0i\u2014nh\u1eefng ph\u00e1o \u0111\u00e0i b\u1eb1ng \u0111\u00e1 \u0111\u1ea7u ti\u00ean \u0111\u01b0\u1ee3c x\u00e2y d\u1ef1ng v\u00e0o n\u0103m 1705\u2014\u0111\u00e3 \u0111\u01b0\u1ee3c c\u1ea3nh s\u00e1t \u0111\u1ecba ph\u01b0\u01a1ng c\u1ea3i t\u1ea1o, m\u1ed9t ph\u00f2ng l\u00e0 ph\u00f2ng t\u1eadp th\u1ec3 d\u1ee5c, m\u1ed9t ph\u00f2ng kh\u00e1c l\u00e0 n\u01a1i t\u1eadp th\u1ec3 th\u1ee3 may. C\u00e1c b\u1ee9c t\u01b0\u1eddng th\u00e0nh, m\u1eb7c d\u00f9 b\u1ecb th\u1eddi gian v\u00e0 b\u00e3o t\u00e0n ph\u00e1, v\u1eabn mang \u0111\u1ebfn nh\u1eefng b\u1ee9c tranh to\u00e0n c\u1ea3nh bao qu\u00e1t: v\u1ec1 ph\u00eda \u0111\u00f4ng, Carenage m\u1edf r\u1ed9ng ra v\u00f9ng Caribe; v\u1ec1 ph\u00eda t\u00e2y, nh\u1eefng ng\u1ecdn \u0111\u1ed3i \u1ea9n m\u00ecnh trong khu r\u1eebng ng\u1ecdc l\u1ee5c b\u1ea3o. M\u1ed9t kho\u1ea3n ph\u00ed khi\u00eam t\u1ed1n d\u00e0nh cho du kh\u00e1ch\u2014ch\u1ec9 hai \u0111\u00f4 la\u2014v\u00e0 \u0111\u1ed5i l\u1ea1i, s\u1ef1 im l\u1eb7ng c\u1ee7a nhi\u1ec1u th\u1ebf k\u1ef7 d\u01b0\u1eddng nh\u01b0 bao tr\u00f9m l\u00ean c\u00e1c b\u1ee9c t\u01b0\u1eddng th\u00e0nh.<\/p>\n<p>V\u1ec1 m\u1eb7t v\u0103n h\u00f3a, nh\u1ecbp \u0111i\u1ec7u c\u1ee7a th\u00e0nh ph\u1ed1 g\u1eafn li\u1ec1n v\u1edbi L\u1ec5 h\u1ed9i Carnival, \u0111\u01b0\u1ee3c t\u1ed5 ch\u1ee9c h\u00e0ng n\u0103m v\u00e0o tu\u1ea7n th\u1ee9 hai c\u1ee7a th\u00e1ng T\u00e1m. B\u1eaft \u0111\u1ea7u v\u00e0o \u0111\u00eam Ch\u1ee7 Nh\u1eadt, d\u01b0\u1edbi ti\u1ebfng nh\u1ea1c c\u1ee7a ban nh\u1ea1c th\u00e9p, ph\u00e1t tri\u1ec3n th\u00e0nh l\u1ec5 h\u1ed9i v\u00e0o th\u1ee9 Hai t\u1ea1i C\u00f4ng vi\u00ean N\u1eef ho\u00e0ng, n\u01a1i nh\u1eefng ng\u01b0\u1eddi ph\u1ee5c trang v\u00e0 n\u1eef ho\u00e0ng calypso tranh gi\u00e0nh s\u1ef1 hoan ngh\u00eanh. \u0110\u1ebfn th\u1ee9 Ba, \u0111\u01b0\u1eddng ph\u1ed1 r\u1ed9n r\u00e0ng v\u1edbi ti\u1ebfng g\u00f5 v\u00e0 giai \u0111i\u1ec7u khi nh\u1eefng ng\u01b0\u1eddi ch\u01a1i \u0111\u00e0n th\u00e9p di\u1ec5u h\u00e0nh quanh co qua nh\u1eefng con h\u1ebbm t\u1eebng \u0111\u01b0\u1ee3c c\u1ea3 l\u00ednh \u00e1o \u0111\u1ecf Ph\u00e1p v\u00e0 Anh \u0111i qua. L\u1ec5 h\u1ed9i n\u00e0y, k\u1ef7 ni\u1ec7m ng\u00e0y ch\u1ea5m d\u1ee9t ch\u1ebf \u0111\u1ed9 n\u00f4 l\u1ec7, v\u1eeba t\u00f4n vinh t\u1ed5 ti\u00ean v\u1eeba kh\u1eb3ng \u0111\u1ecbnh s\u1ee9c s\u1ed1ng t\u1eadp th\u1ec3 h\u1ed7 tr\u1ee3 cho cu\u1ed9c s\u1ed1ng h\u00e0ng ng\u00e0y.<\/p>\n<p>V\u01b0\u1ee3t ra ngo\u00e0i ranh gi\u1edbi th\u00e0nh ph\u1ed1, nh\u1eefng con \u0111\u01b0\u1eddng m\u00f2n b\u00ed m\u1eadt lu\u1ed3n l\u00e1ch qua khu r\u1eebng m\u01b0a. Th\u00e1c St. Margaret, \u0111\u01b0\u1ee3c \u0111\u1eb7t t\u00ean nh\u01b0 v\u1eady v\u00ec n\u00f3 ch\u1ea3y qua g\u1ea7n b\u1ea3y th\u00e1c n\u01b0\u1edbc, cung c\u1ea5p m\u1ed9t chuy\u1ebfn \u0111i b\u1ed9 \u0111\u01b0\u1eddng d\u00e0i ba gi\u1edd qua khu v\u1ef1c xanh t\u01b0\u01a1i c\u1ee7a Grand Etang\u2014m\u1ed9t s\u1ef1 \u0111\u1eafm m\u00ecnh trong nh\u1eefng tia n\u1eafng xuy\u00ean qua nh\u1eefng h\u00e0ng c\u00e2y cao ch\u00f3t v\u00f3t, n\u01a1i nh\u1eefng c\u00e2y d\u01b0\u01a1ng x\u1ec9 l\u1ea5p l\u00e1nh s\u01b0\u01a1ng v\u00e0 s\u1ef1 t\u0129nh l\u1eb7ng ch\u1ec9 b\u1ecb ph\u00e1 v\u1ee1 b\u1edfi ti\u1ebfng n\u01b0\u1edbc ch\u1ea3y \u1ea7m \u1ea7m tr\u00ean \u0111\u00e1. Quay tr\u1edf l\u1ea1i th\u1ecb tr\u1ea5n, B\u1ea3o t\u00e0ng Qu\u1ed1c gia Grenada t\u1ecda l\u1ea1c t\u1ea1i doanh tr\u1ea1i c\u0169 c\u1ee7a Ph\u00e1p n\u0103m 1704, nh\u1eefng c\u00f4ng tr\u00ecnh sau n\u00e0y ho\u1ea1t \u0111\u1ed9ng nh\u01b0 nh\u00e0 t\u00f9 v\u00e0 kh\u00e1ch s\u1ea1n. Trong c\u00e1c ph\u00f2ng tr\u01b0ng b\u00e0y c\u1ee7a b\u1ea3o t\u00e0ng c\u00f3 c\u00e1c hi\u1ec7n v\u1eadt Carib v\u00e0 Arawak, di t\u00edch c\u1ee7a m\u00e1y m\u00f3c ch\u1ebf bi\u1ebfn \u0111\u01b0\u1eddng, c\u00f4ng c\u1ee5 c\u1ee7a m\u1ed9t ng\u00e0nh s\u0103n c\u00e1 voi t\u1eebng th\u1ecbnh v\u01b0\u1ee3ng\u2014v\u00e0, th\u1eadt k\u1ef3 l\u1ea1, m\u1ed9t b\u1ed3n t\u1eafm b\u1eb1ng \u0111\u00e1 c\u1ea9m th\u1ea1ch t\u1eebng \u0111\u01b0\u1ee3c l\u1eafp \u0111\u1eb7t cho Jos\u00e9phine Bonaparte.<\/p>\n<p>M\u1ed9t du kh\u00e1ch hi\u1ec7n \u0111\u1ea1i \u0111\u1ebfn b\u1eb1ng \u0111\u01b0\u1eddng h\u00e0ng kh\u00f4ng h\u1ea1 c\u00e1nh t\u1ea1i Maurice Bishop International, \u0111\u01b0\u1ee3c \u0111i\u1ec1u khi\u1ec3n b\u1edfi nh\u1eefng c\u01a1n gi\u00f3 bi\u1ec3n t\u1eeb Point Saline; trong m\u00f9a cao \u0111i\u1ec3m, c\u00e1c chuy\u1ebfn bay h\u00e0ng tu\u1ea7n th\u1eadm ch\u00ed c\u00f2n m\u1edf r\u1ed9ng \u0111\u1ebfn Frankfurt, m\u1eb7c d\u00f9 h\u1ea7u h\u1ebft du kh\u00e1ch k\u1ebft n\u1ed1i th\u00f4ng qua c\u00e1c trung t\u00e2m \u1edf Anh ho\u1eb7c Hoa K\u1ef3. \u1ede t\u1ea7ng tr\u1ec7t, xe bu\u00fdt nh\u1ecf t\u1ecfa ra t\u1eeb b\u1ebfn xe bu\u00fdt trung t\u00e2m, m\u1ed7i xe \u0111\u01b0\u1ee3c \u0111\u00e1nh d\u1ea5u \u0111i\u1ec3m \u0111\u1ebfn\u2014nh\u1eefng m\u00e3 \u0111\u01a1n gi\u1ea3n h\u01b0\u1edbng d\u1eabn h\u00e0nh kh\u00e1ch \u0111\u1ebfn Gouyave, Sauteurs ho\u1eb7c c\u00e1c v\u1ecbnh h\u1ebbo l\u00e1nh c\u1ee7a h\u00f2n \u0111\u1ea3o. Trong khi \u0111\u00f3, nh\u00e0 ga du thuy\u1ec1n t\u1ea1i Carenage v\u00e0 Trung t\u00e2m th\u01b0\u01a1ng m\u1ea1i Esplanada li\u1ec1n k\u1ec1, \u0111\u01b0\u1ee3c kh\u00e1nh th\u00e0nh v\u00e0o gi\u1eefa nh\u1eefng n\u0103m 2000, b\u00e1o hi\u1ec7u s\u1ef1 h\u1ed9i nh\u1eadp s\u00e2u r\u1ed9ng c\u1ee7a th\u00e0nh ph\u1ed1 v\u00e0o c\u00e1c tuy\u1ebfn du l\u1ecbch to\u00e0n c\u1ea7u.<\/p>\n<p>C\u00e1c nh\u00e0 quy ho\u1ea1ch \u0111\u00f4 th\u1ecb kh\u00f4ng ng\u1ed3i y\u00ean. M\u1ed9t b\u1ea3n thi\u1ebft k\u1ebf ph\u00e1t tri\u1ec3n c\u1ee7a Z\u00fcblin h\u00ecnh dung ra m\u1ed9t b\u1ebfn t\u00e0u du l\u1ecbch th\u1ee9 hai v\u00e0 m\u1ed9t \u0111\u01b0\u1eddng h\u1ea7m d\u00e0nh cho ng\u01b0\u1eddi \u0111i b\u1ed9 b\u00ean d\u01b0\u1edbi \u0111\u01b0\u1eddng h\u1ea7m Sendall, n\u1ed1i b\u00e1n \u0111\u1ea3o c\u00f3 Fort George l\u00e0m ch\u00e2n v\u1edbi khu v\u1ef1c b\u1ec7nh vi\u1ec7n. C\u00e1c con \u0111\u01b0\u1eddng \u1edf r\u00eca ph\u00eda t\u00e2y c\u1ee7a Carenage \u0111\u00e3 \u0111\u01b0\u1ee3c m\u1edf r\u1ed9ng \u0111\u1ec3 gi\u1ea3m b\u1edbt l\u01b0u l\u01b0\u1ee3ng giao th\u00f4ng, nh\u01b0ng v\u1eabn ph\u1ea3i h\u1ebft s\u1ee9c th\u1eadn tr\u1ecdng: nh\u1eefng con \u0111\u01b0\u1eddng m\u1ed9t chi\u1ec1u kh\u00f4ng c\u00f3 bi\u1ec3n b\u00e1o v\u00e0 c\u00e1c \u0111\u1ea3o giao th\u00f4ng tinh t\u1ebf\u2014m\u1ed9t s\u1ed1 kh\u00f4ng h\u01a1n g\u00ec c\u00e1c c\u1ecdc ti\u00eau \u0111\u01b0\u1ee3c s\u01a1n\u2014c\u00f3 th\u1ec3 g\u00e2y b\u1ed1i r\u1ed1i cho nh\u1eefng ng\u01b0\u1eddi l\u00e1i xe kh\u00f4ng chu\u1ea9n b\u1ecb.<\/p>\n<p>Qua nhi\u1ec1u th\u1ebf k\u1ef7 bi\u1ebfn \u0111\u1ed5i\u2014tham v\u1ecdng c\u1ee7a ng\u01b0\u1eddi \u0111\u1ecbnh c\u01b0, s\u1ef1 c\u1ea1nh tranh thu\u1ed9c \u0111\u1ecba, th\u1ea3m h\u1ecda thi\u00ean nhi\u00ean v\u00e0 s\u1ef1 t\u00e1i t\u1ea1o hi\u1ec7n \u0111\u1ea1i\u2014St. George v\u1eabn gi\u1eef \u0111\u01b0\u1ee3c s\u1ef1 g\u1eafn k\u1ebft b\u00ean trong, c\u1ea3m gi\u00e1c r\u1eb1ng m\u1ed7i s\u00e2n th\u01b0\u1ee3ng, m\u1ed7i ph\u00e1o \u0111\u00e0i, m\u1ed7i c\u00e2y hoa s\u1ee9 n\u1edf hoa \u0111\u1ec1u thu\u1ed9c v\u1ec1 m\u1ed9t c\u00e2u chuy\u1ec7n \u0111ang di\u1ec5n ra. M\u1ed9t v\u00e0i vi\u00ean \u0111\u00e1 v\u00e0 nhi\u1ec1u lo\u1ea1i gia v\u1ecb c\u1ee7a th\u00e0nh ph\u1ed1 ch\u1ee9ng minh cho c\u00e1c th\u1ebf l\u1ef1c c\u1ea3 v\u1ec1 \u0111\u1ecba ch\u1ea5t v\u00e0 con ng\u01b0\u1eddi: s\u1ef1 bi\u1ebfn \u0111\u1ed9ng c\u1ee7a n\u00fai l\u1eeda \u0111\u00e3 \u0111\u1ecbnh h\u00ecnh n\u00ean \u0111\u01b0\u1eddng cong c\u1ee7a b\u1ebfn c\u1ea3ng; c\u00e1c k\u1ef9 s\u01b0 ch\u00e2u \u00c2u t\u00ecm c\u00e1ch ch\u1ec9 huy v\u00f9ng n\u01b0\u1edbc c\u1ee7a n\u00f3; nh\u1eefng ng\u01b0\u1eddi d\u00e2n \u0111\u01b0\u1ee3c gi\u1ea3i ph\u00f3ng \u0111\u00e3 nh\u1ea3y calypso d\u01b0\u1edbi nh\u1eefng qu\u1ea7y h\u00e0ng b\u1eb1ng g\u1ed7; v\u00e0 nh\u1eefng ng\u01b0\u1eddi b\u1ea3o v\u1ec7 \u0111\u01b0\u01a1ng \u0111\u1ea1i \u0111\u00e3 t\u00e1i thi\u1ebft c\u00e1c t\u00f2a th\u00e1p nh\u00e0 th\u1edd v\u00e0 x\u00e2y d\u1ef1ng l\u1ea1i c\u00e1c l\u00f9m c\u00e2y nh\u1ee5c \u0111\u1eadu kh\u1ea5u.<\/p>\n<p>Kh\u00f4ng c\u00f3 c\u1ea3ng Caribe n\u00e0o kh\u00e1c k\u1ebft h\u1ee3p \u0111\u01b0\u1ee3c s\u1ef1 s\u00e2u s\u1eafc thanh b\u00ecnh v\u1edbi n\u0103ng l\u01b0\u1ee3ng r\u00f5 r\u1ec7t nh\u01b0 v\u1eady. V\u00e0o l\u00fac b\u00ecnh minh, ng\u01b0 d\u00e2n th\u1ea3 l\u01b0\u1edbi tr\u00ean n\u1ec1n \u00e1nh s\u00e1ng m\u00e0u \u0111\u00e0o, nh\u1eefng t\u1ea5m l\u01b0\u1edbi s\u1ebd tr\u1edf v\u1ec1 v\u1edbi nh\u1eefng con c\u00e1 b\u1ea3y m\u00e0u \u0111\u01b0\u1ee3c chuy\u1ec3n \u0111\u1ebfn c\u00e1c qu\u1ea7y h\u00e0ng \u1edf ch\u1ee3 Queen&#039;s Park. Nhi\u1ec7t \u0111\u1ed9 bu\u1ed5i chi\u1ec1u ph\u1ee7 l\u00ean th\u00e0nh ph\u1ed1 nh\u01b0 m\u1ed9t chi\u1ebfc kh\u0103n cho\u00e0ng, d\u1ee5 d\u1ed7 nh\u1eefng gi\u1ea5c ng\u1ee7 tr\u01b0a tr\u00ean nh\u1eefng hi\u00ean nh\u00e0 r\u00e2m m\u00e1t v\u00e0 \u0111\u01b0a du kh\u00e1ch \u0111i t\u00ecm gian gi\u1eefa nh\u00e0 th\u1edd m\u00e1t m\u1ebb. M\u00e0n \u0111\u00eam bu\u00f4ng xu\u1ed1ng v\u1edbi \u00e1nh s\u00e1ng c\u1ee7a nh\u1eefng chi\u1ebfc \u0111\u00e8n l\u1ed3ng d\u1ecdc ph\u1ed1 Melville, n\u01a1i c\u00e1c ki-\u1ed1t b\u00e1n r\u01b0\u1ee3u rum c\u00f3 gia v\u1ecb v\u00e0 nh\u1eefng l\u1eddi ch\u00fac m\u1eebng gi\u1ed1ng nh\u01b0 th\u00e1nh ca b\u1eb1ng ti\u1ebfng Ph\u00e1p Creole. Trong t\u1eebng kho\u1ea3nh kh\u1eafc, s\u1ef1 c\u1ed9ng h\u01b0\u1edfng c\u1ee7a l\u1ecbch s\u1eed v\u00e0 nh\u1ecbp \u0111i\u1ec7u c\u1ee7a cu\u1ed9c s\u1ed1ng th\u01b0\u1eddng nh\u1eadt h\u1ed9i t\u1ee5.<\/p>\n<p>Nh\u00ecn tho\u00e1ng qua St. George l\u00e0 quan s\u00e1t m\u1ed9t th\u00e0nh ph\u1ed1 mang theo qu\u00e1 kh\u1ee9 trong k\u00fd \u1ee9c v\u00e0 t\u01b0\u01a1ng lai trong t\u1eebng vi\u00ean ng\u00f3i \u0111\u01b0\u1ee3c s\u1eeda ch\u1eefa. \u1ede \u0111\u00e2y, m\u00f9i vani thoang tho\u1ea3ng trong nh\u1eefng con h\u1ebbm; \u1edf \u0111\u00f3, t\u00e0n t\u00edch c\u1ee7a Fort George g\u1ee3i l\u00ean m\u1ed9t th\u1ebf gi\u1edbi v\u1eeba v\u00f5 thu\u1eadt v\u1eeba tr\u00e1ng l\u1ec7. Tr\u00ean kh\u1eafp c\u00e1c m\u00e1i nh\u00e0, c\u00e1c ch\u1ea3o v\u1ec7 tinh \u0111\u1ee9ng c\u1ea1nh nh\u1eefng b\u1ee9c t\u01b0\u1eddng \u0111\u00e1 nham th\u1ea1ch, bi\u1ec3u t\u01b0\u1ee3ng c\u1ee7a m\u1ed9t n\u01a1i bao g\u1ed3m c\u1ea3 d\u00f2ng ch\u1ea3y to\u00e0n c\u1ea7u v\u00e0 phong t\u1ee5c \u0111\u1ecba ph\u01b0\u01a1ng. Trong h\u01a1n m\u01b0\u1eddi b\u1ea3y th\u1eadp k\u1ef7, b\u1edd bi\u1ec3n \u0111\u00f3 \u0111\u00e3 ch\u00e0o \u0111\u00f3n nh\u1eefng ng\u01b0\u1eddi th\u1ef1c d\u00e2n, du kh\u00e1ch, ng\u01b0\u1eddi di t\u1ea3n kh\u1ecfi b\u00e3o, c\u00e1c h\u1ecdc gi\u1ea3 theo \u0111u\u1ed5i y h\u1ecdc v\u00e0 nh\u1eefng ng\u01b0\u1eddi ph\u1ee5 n\u1eef trong trang ph\u1ee5c l\u00f4ng v\u0169 nh\u1ea3y m\u00faa d\u01b0\u1edbi nh\u1ecbp \u0111i\u1ec7u c\u1ee7a ch\u1ea3o th\u00e9p.<\/p>\n<p>\u0110\u00f3 ch\u00ednh l\u00e0 m\u1ea1ch k\u1ec3 chuy\u1ec7n c\u1ee7a th\u1ee7 \u0111\u00f4 Grenada: m\u1ed9t n\u01a1i c\u00f3 nh\u1eefng s\u1ef1 t\u01b0\u01a1ng ph\u1ea3n b\u1ec1n b\u1ec9, n\u01a1i c\u00e1i n\u00f4i n\u00fai l\u1eeda c\u1ee7a b\u1ebfn c\u1ea3ng nh\u01b0\u1eddng ch\u1ed7 cho nh\u1eefng \u0111\u1ea1i l\u1ed9 \u0111\u01b0\u1ee3c l\u00e1t b\u1eb1ng th\u01b0\u01a1ng m\u1ea1i v\u00e0 v\u0103n h\u00f3a. Ch\u00ednh t\u1ea1i \u0111\u00e2y, gi\u1eefa s\u1ef1 h\u1ed9i t\u1ee5 c\u1ee7a nh\u1eefng con ph\u1ed1 \u0111\u00e1 v\u00f4i v\u00e0 nh\u1eefng khu ch\u1ee3 gia v\u1ecb \u0111ang ph\u00e1t tri\u1ec3n, b\u1ea3n ch\u1ea5t c\u1ee7a m\u1ed9t h\u00f2n \u0111\u1ea3o\u2014l\u1ecbch s\u1eed c\u1ee7a n\u00f3 \u0111\u01b0\u1ee3c kh\u1eafc tr\u00ean \u0111\u00e1 san h\u00f4 v\u00e0 t\u01b0\u01a1ng lai c\u1ee7a n\u00f3 \u0111\u01b0\u1ee3c th\u01a1m m\u00f9i h\u1ea1t nh\u1ee5c \u0111\u1eadu kh\u1ea5u\u2014tr\u1edf n\u00ean v\u00f4 c\u00f9ng r\u00f5 n\u00e9t. Trong s\u1ef1 hi\u1ec7n di\u1ec7n \u0111\u00f3 \u1ea9n ch\u1ee9a c\u1ea3 l\u1eddi h\u1ee9a v\u00e0 s\u1ef1 th\u1eadt th\u1ea7m l\u1eb7ng: St. George s\u1ed1ng nh\u01b0 m\u1ed9t cu\u1ed1n s\u00e1ch m\u1edf, m\u1ed7i trang \u0111\u1ec1u \u0111\u01b0\u1ee3c l\u1eadt qua b\u1edfi th\u1ee7y tri\u1ec1u, b\u00e3o t\u1ed1, chi\u1ebfn th\u1eafng v\u00e0 b\u00e0n tay c\u1ee7a nh\u1eefng ng\u01b0\u1eddi coi b\u1ebfn c\u1ea3ng h\u00ecnh m\u00f3ng ng\u1ef1a n\u00e0y l\u00e0 nh\u00e0.<\/p>","protected":false},"excerpt":{"rendered":"<p>St. George&#039;s l\u00e0 th\u1ee7 ph\u1ee7 n\u0103ng \u0111\u1ed9ng c\u1ee7a qu\u1ed1c \u0111\u1ea3o Grenada thu\u1ed9c v\u00f9ng Caribe. N\u1eb1m gi\u1eefa l\u00f2ng m\u1ed9t mi\u1ec7ng n\u00fai l\u1eeda c\u1ed5 \u0111\u1ea1i, th\u1ecb tr\u1ea5n n\u00e0y c\u00f3 v\u1ecb tr\u00ed l\u00fd t\u01b0\u1edfng tr\u00ean m\u1ed9t b\u1ebfn c\u1ea3ng h\u00ecnh m\u00f3ng ng\u1ef1a, mang \u0111\u1ebfn t\u1ea7m nh\u00ecn tuy\u1ec7t \u0111\u1eb9p v\u00e0 \u0111\u1ecba h\u00ecnh \u0111\u1eb7c bi\u1ec7t. St. George&#039;s l\u00e0 trung t\u00e2m b\u1eadn r\u1ed9n c\u1ee7a c\u1ea3 v\u1ebb \u0111\u1eb9p v\u00e0 ti\u1ec7n \u00edch v\u00ec b\u1ebfn c\u1ea3ng t\u1ef1 nhi\u00ean c\u1ee7a n\u00f3 kh\u00f4ng ch\u1ec9 mang \u0111\u1ebfn t\u1ea7m nh\u00ecn ngo\u1ea1n m\u1ee5c m\u00e0 c\u00f2n l\u00e0 n\u01a1i quan tr\u1ecdng cho c\u00e1c ho\u1ea1t \u0111\u1ed9ng h\u00e0ng h\u1ea3i.<\/p>","protected":false},"author":1,"featured_media":3103,"parent":9051,"menu_order":0,"comment_status":"closed","ping_status":"closed","template":"elementor_theme","meta":{"_eb_attr":"","footnotes":""},"class_list":["post-9063","page","type-page","status-publish","has-post-thumbnail"],"_links":{"self":[{"href":"https:\/\/travelshelper.com\/vi\/wp-json\/wp\/v2\/pages\/9063","targetHints":{"allow":["GET"]}}],"collection":[{"href":"https:\/\/travelshelper.com\/vi\/wp-json\/wp\/v2\/pages"}],"about":[{"href":"https:\/\/travelshelper.com\/vi\/wp-json\/wp\/v2\/types\/page"}],"author":[{"embeddable":true,"href":"https:\/\/travelshelper.com\/vi\/wp-json\/wp\/v2\/users\/1"}],"replies":[{"embeddable":true,"href":"https:\/\/travelshelper.com\/vi\/wp-json\/wp\/v2\/comments?post=9063"}],"version-history":[{"count":0,"href":"https:\/\/travelshelper.com\/vi\/wp-json\/wp\/v2\/pages\/9063\/revisions"}],"up":[{"embeddable":true,"href":"https:\/\/travelshelper.com\/vi\/wp-json\/wp\/v2\/pages\/9051"}],"wp:featuredmedia":[{"embeddable":true,"href":"https:\/\/travelshelper.com\/vi\/wp-json\/wp\/v2\/media\/3103"}],"wp:attachment":[{"href":"https:\/\/travelshelper.com\/vi\/wp-json\/wp\/v2\/media?parent=9063"}],"curies":[{"name":"wp","href":"https:\/\/api.w.org\/{rel}","templated":true}]}}