{"id":9044,"date":"2024-09-07T10:13:08","date_gmt":"2024-09-07T10:13:08","guid":{"rendered":"https:\/\/travelshelper.com\/staging\/?page_id=9044"},"modified":"2026-03-13T16:27:47","modified_gmt":"2026-03-13T16:27:47","slug":"antigua-guatemala","status":"publish","type":"page","link":"https:\/\/travelshelper.com\/vi\/destinations\/north-america\/guatemala\/antigua\/","title":{"rendered":"Antigua Guatemala"},"content":{"rendered":"<p>Antigua Guatemala n\u1eb1m gi\u1eefa v\u00f9ng cao nguy\u00ean nh\u1ea5p nh\u00f4 c\u1ee7a mi\u1ec1n trung Guatemala, m\u1ed9t th\u00e0nh ph\u1ed1 c\u00f3 kho\u1ea3ng 34.685 c\u01b0 d\u00e2n theo th\u1ed1ng k\u00ea n\u0103m 2007, l\u00e0 tr\u1ee5 s\u1edf c\u1ee7a S\u1edf Sacatep\u00e9quez. T\u1eebng l\u00e0 n\u01a1i sinh s\u1ed1ng c\u1ee7a kho\u1ea3ng 65.000 c\u01b0 d\u00e2n v\u00e0o th\u1eddi k\u1ef3 ho\u00e0ng kim v\u00e0o th\u1ebf k\u1ef7 18, th\u1ecb tr\u1ea5n n\u00e0y chi\u1ebfm m\u1ed9t khu v\u1ef1c \u0111\u01b0\u1ee3c x\u00e1c \u0111\u1ecbnh b\u1edfi c\u00e1c d\u00e3y n\u00fai l\u1eeda v\u00e0 thung l\u0169ng m\u00e0u m\u1ee1 \u0111\u00e3 \u0111\u1ecbnh h\u00ecnh n\u00ean s\u1ef1 tr\u1ed7i d\u1eady c\u1ee7a n\u00f3 nh\u01b0 m\u1ed9t th\u1ee7 \u0111\u00f4 thu\u1ed9c \u0111\u1ecba v\u00e0 Di s\u1ea3n Th\u1ebf gi\u1edbi c\u1ee7a UNESCO. C\u00e1c m\u1eb7t ti\u1ec1n theo phong c\u00e1ch Baroque v\u00e0 m\u1eb7t b\u1eb1ng \u0111\u01b0\u1eddng ph\u1ed1 vu\u00f4ng g\u00f3c \u0111\u1eb7t Antigua v\u00e0o trung t\u00e2m c\u1ee7a k\u00fd \u1ee9c l\u1ecbch s\u1eed Guatemala. Trong kho\u1ea3ng th\u1eddi gian n\u1eeda thi\u00ean ni\u00ean k\u1ef7, c\u00e1c bi\u1ebfn \u0111\u1ed9ng \u0111\u1ecba ch\u1ea5n v\u00e0 kh\u1ea3 n\u0103ng ph\u1ee5c h\u1ed3i c\u1ee7a con ng\u01b0\u1eddi \u0111\u00e3 t\u1ea1o n\u00ean m\u1ed9t \u0111\u1ecba \u0111i\u1ec3m m\u00e0 c\u00e1c \u0111\u1ed9ng m\u1ea1ch l\u00e1t \u0111\u00e1 cu\u1ed9i y\u00ean t\u0129nh th\u00ec th\u1ea7m c\u1ea3 s\u1ef1 h\u00f9ng v\u0129 c\u1ee7a \u0111\u1ebf qu\u1ed1c v\u00e0 s\u1ef1 n\u0103ng \u0111\u1ed9ng \u0111\u01b0\u01a1ng \u0111\u1ea1i.<\/p>\n<p>\u0110\u01b0\u1ee3c th\u00e0nh l\u1eadp v\u00e0o n\u0103m 1543 v\u1edbi t\u01b0 c\u00e1ch l\u00e0 th\u1ee7 \u0111\u00f4 c\u1ee7a Captaincy General of Guatemala, Antigua nhanh ch\u00f3ng n\u1eafm gi\u1eef vai tr\u00f2 l\u00e3nh \u0111\u1ea1o khu v\u1ef1c. T\u1ea7m nh\u00ecn to\u00e0n c\u1ea3nh c\u1ee7a th\u00e0nh ph\u1ed1 - \u0111\u01b0\u1ee3c bao quanh b\u1edfi Volc\u00e1n de Agua v\u00e0 hai ng\u1ecdn n\u00fai l\u1eeda song sinh - \u0111\u00e3 m\u1eddi g\u1ecdi c\u00e1c nh\u00e0 thi\u1ebft k\u1ebf \u0111\u00f4 th\u1ecb thi\u1ebft k\u1ebf m\u1ed9t l\u01b0\u1edbi cung \u0111\u00ecnh \u0111\u01b0\u1ee3c bao ph\u1ee7 b\u1edfi c\u00e1c khu ph\u1ee9c h\u1ee3p t\u00f4n gi\u00e1o l\u1edbn. Trong nhi\u1ec1u th\u1ebf k\u1ef7 sau \u0111\u00f3, c\u00e1c ki\u1ebfn \u200b\u200btr\u00fac s\u01b0 v\u00e0 ngh\u1ec7 nh\u00e2n \u0111\u00e3 th\u1ea5m nhu\u1ea7n v\u00e0o c\u00e1c t\u00f2a nh\u00e0 c\u00f4ng c\u1ed9ng m\u1ed9t v\u1ed1n t\u1eeb v\u1ef1ng Baroque kh\u1eafc kh\u1ed5: c\u00e1c tr\u1ee5 c\u1ed9t, c\u00e1c \u0111\u1ea7u h\u1ed3i cong v\u00e0 c\u00e1c c\u1ed5ng \u0111\u01b0\u1ee3c ch\u1ea1m kh\u1eafc tinh x\u1ea3o. V\u00e0o gi\u1eefa th\u1ebf k\u1ef7 18, c\u00e1c qu\u1ea3ng tr\u01b0\u1eddng v\u00e0 c\u1ed5ng c\u1ee7a Antigua l\u00e0 v\u00ed d\u1ee5 \u0111i\u1ec3n h\u00ecnh cho s\u1ef1 tinh t\u1ebf c\u1ee7a \u0111\u00f4 th\u1ecb \u1edf v\u00f9ng ph\u00eda nam c\u1ee7a T\u00e2n T\u00e2y Ban Nha, danh ti\u1ebfng n\u00e0y \u0111\u00e3 \u0111\u01b0\u1ee3c kh\u1eb3ng \u0111\u1ecbnh khi UNESCO \u0111\u01b0a th\u00e0nh ph\u1ed1 n\u00e0y v\u00e0o danh s\u00e1ch Di s\u1ea3n Th\u1ebf gi\u1edbi v\u00e0o n\u0103m 1979.<\/p>\n<p>Tr\u1eadn \u0111\u1ed9ng \u0111\u1ea5t ng\u00e0y 29 th\u00e1ng 7 n\u0103m 1773 \u0111\u00e3 ph\u00e1 h\u1ee7y n\u1ec1n m\u00f3ng c\u1ee7a th\u00e0nh ph\u1ed1 v\u00e0 khi\u1ebfn d\u00e2n c\u01b0 ph\u00e2n t\u00e1n kh\u1eafp v\u00f9ng n\u00f4ng th\u00f4n. Sau tr\u1eadn \u0111\u1ed9ng \u0111\u1ea5t, h\u1ea7u h\u1ebft c\u01b0 d\u00e2n \u0111\u00e3 di t\u1ea3n \u0111\u1ebfn Th\u00e0nh ph\u1ed1 Guatemala \u0111\u1ec3 \u0111\u1ea3m b\u1ea3o an to\u00e0n, khi\u1ebfn Antigua ch\u00ecm trong \u0111\u1ed1ng \u0111\u1ed5 n\u00e1t. Trong nhi\u1ec1u th\u1eadp k\u1ef7, c\u00e1c nh\u00e0 th\u1edd, v\u0103n ph\u00f2ng ch\u00ednh ph\u1ee7 v\u00e0 tu vi\u1ec7n \u0111\u1ee9ng nh\u01b0 nh\u1eefng kh\u1ed1i \u0111\u00e1 r\u1ed7ng - minh ch\u1ee9ng cho c\u1ea3 s\u1ef1 mong manh v\u1ec1 m\u1eb7t sinh th\u00e1i v\u00e0 s\u1ee9c ch\u1ecbu \u0111\u1ef1ng c\u1ee7a con ng\u01b0\u1eddi. Ph\u1ea3i \u0111\u1ebfn n\u0103m 1944, khi T\u1ed5ng th\u1ed1ng Jorge Ubico ch\u1ec9 \u0111\u1ecbnh nh\u1eefng t\u00e0n t\u00edch c\u00f2n l\u1ea1i l\u00e0 Di t\u00edch qu\u1ed1c gia, th\u00ec c\u00f4ng t\u00e1c b\u1ea3o t\u1ed3n nghi\u00eam t\u00fac m\u1edbi b\u1eaft \u0111\u1ea7u. Nh\u1eefng ng\u01b0\u1eddi th\u1ee3 th\u1ee7 c\u00f4ng \u0111\u00e3 quay tr\u1edf l\u1ea1i nh\u1eefng c\u00e1nh c\u1ed5ng \u0111\u1ed5 n\u00e1t, gh\u00e9p v\u1eefa m\u1edbi v\u00e0o nh\u1eefng kh\u1ed1i \u0111\u00e1 \u0111\u00e3 c\u0169 k\u1ef9, v\u00e0 nh\u1eefng n\u1ed7 l\u1ef1c \u0111\u1ea7u ti\u00ean trong vi\u1ec7c t\u00e1i thi\u1ebft m\u1ed9t ph\u1ea7n b\u1eaft \u0111\u1ea7u \u0111\u01b0a s\u1ef1 s\u1ed1ng tr\u1edf l\u1ea1i nh\u1eefng c\u00e1nh c\u1eeda b\u1ecb b\u1ecf hoang.<\/p>\n<p>Central Park\u2014Parque Central\u2014v\u1eabn l\u00e0 tr\u00e1i tim \u0111\u1eadp r\u1ed9n r\u00e0ng c\u1ee7a cu\u1ed9c s\u1ed1ng \u0111\u00f4 th\u1ecb, nh\u1eefng l\u1ed1i \u0111i v\u00f2ng tr\u00f2n \u0111\u1ed3ng t\u00e2m t\u1ecfa ra t\u1eeb m\u1ed9t \u0111\u00e0i phun n\u01b0\u1edbc th\u1ebf k\u1ef7 17 \u0111\u00e3 \u0111\u01b0\u1ee3c ph\u1ee5c h\u1ed3i. T\u1ea1i \u0111\u00f3, ng\u01b0\u1eddi d\u00e2n \u0111\u1ecba ph\u01b0\u01a1ng t\u1ee5 h\u1ecdp d\u01b0\u1edbi nh\u1eefng h\u00e0ng c\u00e2y \u0111\u01b0\u1ee3c trang tr\u00ed l\u1ed9ng l\u1eaby v\u00e0o gi\u1eefa tr\u01b0a v\u00e0 m\u1ed9t l\u1ea7n n\u1eefa v\u00e0o l\u00fac ch\u1ea1ng v\u1ea1ng, khi kh\u00f4ng kh\u00ed m\u00e1t m\u1ebb v\u00e0 qu\u1ea3ng tr\u01b0\u1eddng l\u1ea5p l\u00e1nh \u00e1nh \u0111\u00e8n. Tr\u00ean s\u01b0\u1eddn ph\u00eda b\u1eafc c\u1ee7a n\u00f3 l\u00e0 C\u1ed5ng v\u00f2m Santa Catalina, ban \u0111\u1ea7u \u0111\u01b0\u1ee3c h\u00ecnh th\u00e0nh v\u00e0o th\u1ebf k\u1ef7 17 nh\u01b0 m\u1ed9t l\u1ed1i \u0111i c\u00f3 m\u00e1i che d\u00e0nh cho c\u00e1c n\u1eef tu \u1ea9n d\u1eadt. Th\u00e1p \u0111\u1ed3ng h\u1ed3 thanh m\u1ea3nh c\u1ee7a n\u00f3, \u0111\u01b0\u1ee3c gh\u00e9p v\u00e0o nh\u1eefng n\u0103m 1830, hi\u1ec7n \u0111\u00f3ng khung m\u1ed9t trong nh\u1eefng h\u00ecnh \u1ea3nh nhi\u1ebfp \u1ea3nh mang t\u00ednh bi\u1ec3u t\u01b0\u1ee3ng nh\u1ea5t c\u1ee7a khu v\u1ef1c: h\u00ecnh d\u1ea1ng nh\u1ee3t nh\u1ea1t c\u1ee7a c\u1ed5ng v\u00f2m n\u1ed5i b\u1eadt tr\u00ean h\u00ecnh b\u00f3ng h\u00f9ng v\u0129 c\u1ee7a Volc\u00e1n de Agua.<\/p>\n<p>M\u1ed7i m\u00f9a Chay, Antigua l\u1ea1i mang m\u1ed9t n\u00e9t ri\u00eang bi\u1ec7t s\u00f9ng \u0111\u1ea1o. T\u1eeb Th\u1ee9 T\u01b0 L\u1ec5 Tro tr\u1edf \u0111i, gi\u00e1o d\u00e2n v\u00e0 kh\u00e1ch h\u00e0nh h\u01b0\u01a1ng \u0111i d\u1ecdc theo c\u00e1c tuy\u1ebfn \u0111\u01b0\u1eddng r\u01b0\u1edbc l\u1ec5 \u0111\u01b0\u1ee3c h\u00e0ng ng\u00e0n b\u01b0\u1edbc ch\u00e2n l\u00e0m ph\u1eb3ng phiu. D\u01b0\u1edbi ch\u00e2n h\u1ecd, nh\u1eefng t\u1ea5m th\u1ea3m ph\u00f9 du\u2014\u0111\u01b0\u1ee3c d\u1ec7t t\u1eeb m\u00f9n c\u01b0a nhu\u1ed9m, c\u00e1nh hoa, l\u00e1 th\u00f4ng v\u00e0 \u0111\u00f4i khi l\u00e0 tr\u00e1i c\u00e2y ch\u00edn\u2014bi\u1ebfn nh\u1eefng vi\u00ean \u0111\u00e1 cu\u1ed9i th\u00e0nh nh\u1eefng t\u1ea5m th\u1ea3m s\u1ed1ng \u0111\u1ed9ng. Tu\u1ea7n n\u00e0y qua tu\u1ea7n kh\u00e1c, c\u00e1c h\u1ed9i \u0111o\u00e0n t\u00f4n gi\u00e1o t\u00e0i tr\u1ee3 cho nh\u1eefng t\u00e1c ph\u1ea9m ngh\u1ec7 thu\u1eadt ph\u00f9 du n\u00e0y, \u0111\u1ea1t \u0111\u1ebfn \u0111\u1ec9nh cao trong s\u1ef1 trang nghi\u00eam c\u1ee7a Tu\u1ea7n Th\u00e1nh v\u00e0o Ch\u00faa Nh\u1eadt L\u1ec5 L\u00e1 v\u00e0 Th\u1ee9 S\u00e1u Tu\u1ea7n Th\u00e1nh. V\u00e0o nh\u1eefng kho\u1ea3nh kh\u1eafc \u0111\u00f3, c\u00e1c t\u1ea7ng l\u1edbp \u0111\u1ee9c tin v\u00e0 l\u1ecbch s\u1eed c\u1ee7a th\u00e0nh ph\u1ed1 h\u1ed9i t\u1ee5 khi h\u01b0\u01a1ng tr\u1ea7m bay quanh c\u00e1c tu vi\u1ec7n \u0111\u1ed5 n\u00e1t v\u00e0 c\u00e1c c\u1ed5ng baroque.<\/p>\n<p>Du l\u1ecbch \u0111\u00e3 ph\u00e1t tri\u1ec3n th\u00e0nh \u0111\u1ed9ng l\u1ef1c kinh t\u1ebf ch\u00ednh c\u1ee7a th\u00e0nh ph\u1ed1. Antigua hi\u1ec7n \u0111\u00f3ng vai tr\u00f2 l\u00e0 trung t\u00e2m cho nh\u1eefng nh\u00e0 th\u00e1m hi\u1ec3m \u0111\u1ebfn c\u00e1c khu r\u1eebng nhi\u1ec7t \u0111\u1edbi, l\u00e0ng m\u1ea1c v\u00f9ng cao v\u00e0 b\u1edd bi\u1ec3n Caribe c\u1ee7a Trung M\u1ef9. C\u00e1c chuy\u1ebfn du ngo\u1ea1n b\u1eb1ng t\u00e0u du l\u1ecbch t\u1eeb c\u00e1c c\u1ea3ng Th\u00e1i B\u00ecnh D\u01b0\u01a1ng v\u00e0 \u0110\u1ea1i T\u00e2y D\u01b0\u01a1ng th\u01b0\u1eddng c\u00f3 Antigua trong h\u00e0nh tr\u00ecnh c\u1ee7a h\u1ecd, thu h\u00fat h\u00e0ng ngh\u00ecn ng\u01b0\u1eddi \u0111i d\u1ea1o tr\u00ean ph\u1ed1 m\u1ed7i ng\u00e0y. M\u1ed9t c\u1ed9ng \u0111\u1ed3ng ngh\u1ec9 h\u01b0u th\u1ecbnh v\u01b0\u1ee3ng g\u1ed3m nh\u1eefng ng\u01b0\u1eddi n\u01b0\u1edbc ngo\u00e0i t\u1eeb B\u1eafc M\u1ef9 v\u00e0 Ch\u00e2u \u00c2u mang \u0111\u1ebfn v\u1ebb \u0111\u1eb9p qu\u1ed1c t\u1ebf cho c\u00e1c qu\u00e1n c\u00e0 ph\u00ea v\u00e0 ch\u1ee3 th\u1ee7 c\u00f4ng \u0111\u1ecba ph\u01b0\u01a1ng, truy\u1ec1n cho th\u00e0nh ph\u1ed1 nhu c\u1ea7u \u1ed5n \u0111\u1ecbnh v\u1ec1 c\u00e1c d\u1ecbch v\u1ee5 v\u00e0 ti\u1ec7n nghi.<\/p>\n<p>N\u00f4ng nghi\u1ec7p t\u1eebng nu\u00f4i s\u1ed1ng ng\u01b0\u1eddi d\u00e2n Antigua nhi\u1ec1u nh\u01b0 th\u01b0\u01a1ng m\u1ea1i. C\u00e1c \u0111\u1ed3ng b\u1eb1ng xung quanh cho thu ho\u1ea1ch b\u1ed9i thu\u2014ng\u00f4, \u0111\u1eadu v\u00e0 c\u00e2y \u0103n qu\u1ea3 ph\u00e1t tri\u1ec3n m\u1ea1nh tr\u00ean \u0111\u1ea5t n\u00fai l\u1eeda m\u00e0u m\u1ee1. Tr\u1ed3ng c\u00e0 ph\u00ea n\u1ed5i l\u00ean nh\u01b0 m\u1ed9t lo\u1ea1i c\u00e2y th\u01b0\u01a1ng m\u1ea1i sau n\u00e0y, v\u1edbi h\u1ea1t c\u00e0 ph\u00ea c\u1ee7a khu v\u1ef1c \u0111\u01b0\u1ee3c h\u1ee3p t\u00e1c x\u00e3 qu\u1ed1c gia Anacaf\u00e9 coi tr\u1ecdng. Trong nh\u1eefng th\u1eadp k\u1ef7 g\u1ea7n \u0111\u00e2y, c\u00e1c \u0111\u1ed3n \u0111i\u1ec1n nh\u1ecf v\u00e0 h\u1ee3p t\u00e1c x\u00e3 \u0111\u00e3 ng\u01b0\u1ee1ng m\u1ed9 du kh\u00e1ch t\u00ecm ki\u1ebfm c\u1ea3 nh\u1eefng lo\u1ea1i bia m\u00e0u h\u1ed5 ph\u00e1ch v\u00e0 hi\u1ec3u bi\u1ebft s\u00e2u s\u1eafc v\u1ec1 truy\u1ec1n th\u1ed1ng t\u1eeb h\u1ea1t c\u00e0 ph\u00ea \u0111\u1ebfn t\u00e1ch c\u00e0 ph\u00ea.<\/p>\n<p>C\u00e1c ch\u01b0\u01a1ng tr\u00ecnh h\u1ecdc ti\u1ebfng Anh nh\u1eadp m\u00f4n n\u1eb1m trong s\u1ed1 nh\u1eefng d\u1ecbch v\u1ee5 \u0111\u1eb7c bi\u1ec7t nh\u1ea5t c\u1ee7a th\u00e0nh ph\u1ed1. C\u00e1c h\u1ecdc vi\u1ec7n h\u1ecdc ti\u1ebfng T\u00e2y Ban Nha \u0111\u00e3 ph\u00e1t tri\u1ec3n nh\u01b0 m\u1ed9t lo\u1ea1i v\u1ea3i th\u1ee9 c\u1ea5p cho n\u1ec1n kinh t\u1ebf, ti\u1ebfp nh\u1eadn sinh vi\u00ean t\u1eeb Ch\u00e2u \u00c2u, Ch\u00e2u \u00c1 v\u00e0 B\u1eafc M\u1ef9. C\u00e1c l\u1edbp h\u1ecdc nh\u00ecn ra s\u00e2n l\u00e1t g\u1ea1ch v\u00e0 hoa gi\u1ea5y n\u1edf r\u1ed9, n\u01a1i c\u00e1c gi\u1ea3ng vi\u00ean h\u01b0\u1edbng d\u1eabn c\u00e1c b\u00e0i t\u1eadp ng\u1eef ph\u00e1p v\u00e0 th\u1ef1c h\u00e0nh giao ti\u1ebfp gi\u1eefa ti\u1ebfng \u1ed3n \u00e0o c\u1ee7a c\u00e1c khu ch\u1ee3 \u0111\u1ecba ph\u01b0\u01a1ng. \u0110\u1ed1i v\u1edbi nhi\u1ec1u ng\u01b0\u1eddi, Antigua \u0111\u00f3ng vai tr\u00f2 l\u00e0 \u0111i\u1ec3m kh\u1edfi \u0111\u1ea7u kh\u00f4ng ch\u1ec9 cho ti\u1ebfng T\u00e2y Ban Nha Guatemala m\u00e0 c\u00f2n cho s\u1ef1 hi\u1ec3u bi\u1ebft v\u1ec1 v\u0103n h\u00f3a b\u1ea3n \u0111\u1ecba, di s\u1ea3n thu\u1ed9c \u0111\u1ecba v\u00e0 b\u1ea3n s\u1eafc nhi\u1ec1u l\u1edbp t\u1ea1o n\u00ean Trung M\u1ef9 hi\u1ec7n \u0111\u1ea1i.<\/p>\n<p>C\u00e1c l\u1ef1a ch\u1ecdn \u1ea9m th\u1ef1c tr\u1ea3i d\u00e0i t\u1eeb quen thu\u1ed9c \u0111\u1ebfn l\u1ea1 l\u1eabm. T\u1ea1i ch\u1ee3 th\u00e0nh ph\u1ed1 n\u1eb1m c\u1ea1nh b\u1ebfn xe bu\u00fdt trung t\u00e2m, nh\u1eefng ng\u01b0\u1eddi b\u00e1n h\u00e0ng rong b\u00e0y b\u00e1n b\u1eefa s\u00e1ng chap\u00edn g\u1ed3m \u0111\u1eadu chi\u00ean, tr\u1ee9ng chi\u00ean, chu\u1ed1i v\u00e0 ph\u00f4 mai t\u01b0\u01a1i, t\u1ea5t c\u1ea3 \u0111\u1ec1u k\u00e8m theo b\u00e1nh tortilla th\u1ee7 c\u00f4ng. Ngo\u00e0i tr\u00e1i tim \u0111\u00f3, c\u00e1c nh\u00e0 h\u00e0ng c\u00f2n ph\u1ee5c v\u1ee5 c\u00e1c m\u00f3n tapas ki\u1ec3u \u0110\u1ecba Trung H\u1ea3i, pizza \u0111\u1ebf m\u1ecfng, b\u00e1t m\u00ec ramen, b\u00e1nh m\u00ec k\u1eb9p th\u1ecbt v\u00e0 b\u00e1nh n\u01b0\u1edbng ki\u1ec3u Anh. Nh\u1eefng ng\u01b0\u1eddi l\u00e0m b\u00e1nh ng\u1ecdt t\u1ea1o ra b\u00e1nh \u00e9clairs v\u00e0 b\u00e1nh s\u1eebng b\u00f2 c\u00f3 l\u1edbp men s\u00e1ng b\u00f3ng d\u01b0\u1edbi \u00e1nh \u0111\u00e8n t\u1ee7 tr\u01b0ng b\u00e0y. Th\u00f4ng qua nh\u1eefng m\u00f3n \u0103n n\u00e0y, b\u1ed1i c\u1ea3nh \u1ea9m th\u1ef1c c\u1ee7a Antigua ph\u1ea3n \u00e1nh s\u1ef1 k\u1ebft h\u1ee3p gi\u1eefa truy\u1ec1n th\u1ed1ng \u0111\u1ecba ph\u01b0\u01a1ng v\u00e0 \u1ea3nh h\u01b0\u1edfng to\u00e0n c\u1ea7u, m\u1ed7i \u0111\u0129a th\u1ee9c \u0103n l\u00e0 m\u1ed9t th\u1ebf gi\u1edbi thu nh\u1ecf c\u1ee7a b\u1ea3n s\u1eafc \u0111ang thay \u0111\u1ed5i c\u1ee7a th\u00e0nh ph\u1ed1.<\/p>\n<p>L\u01b0\u1edbi \u0111\u01b0\u1eddng ph\u1ed1 c\u1ee7a th\u00e0nh ph\u1ed1 tr\u1ea3i d\u00e0i t\u1eeb Parque Central nh\u01b0 \u0111i\u1ec3m xu\u1ea5t ph\u00e1t c\u1ee7a n\u00f3, m\u1ed9t m\u1ea1ng l\u01b0\u1edbi c\u00e1c avenidas v\u00e0 calles \u0111\u01b0\u1ee3c c\u0103n ch\u1ec9nh theo la b\u00e0n. C\u00e1c \u0111\u1ea1i l\u1ed9 \u0111\u01b0\u1ee3c \u0111\u00e1nh s\u1ed1 t\u1eeb m\u1ed9t \u0111\u1ebfn t\u00e1m ch\u1ea1y theo h\u01b0\u1edbng b\u1eafc-nam, \u0111\u01b0\u1ee3c k\u00fd hi\u1ec7u l\u00e0 norte ho\u1eb7c sur theo v\u0129 \u0111\u1ed9 so v\u1edbi 5\u00aa Calle. Theo chi\u1ec1u ngang, c\u00e1c \u0111\u01b0\u1eddng ph\u1ed1 t\u1eeb m\u1ed9t \u0111\u1ebfn ch\u00edn ch\u1ea1y theo h\u01b0\u1edbng \u0111\u00f4ng-t\u00e2y, \u0111\u01b0\u1ee3c x\u00e1c \u0111\u1ecbnh l\u00e0 oriente ho\u1eb7c poniente theo kinh \u0111\u1ed9 so v\u1edbi 4\u00aa Avenida. H\u1ea7u h\u1ebft c\u00e1c g\u00f3c \u0111\u1ec1u kh\u00f4ng c\u00f3 bi\u1ec3n b\u00e1o, m\u1eddi g\u1ecdi nh\u1eefng ng\u01b0\u1eddi m\u1edbi \u0111\u1ebfn tham kh\u1ea3o \u00fd ki\u1ebfn \u200b\u200bt\u01b0 v\u1ea5n c\u1ee7a ng\u01b0\u1eddi d\u00e2n \u0111\u1ecba ph\u01b0\u01a1ng ho\u1eb7c m\u1ea1o hi\u1ec3m lang thang v\u00f4 \u0111\u1ecbnh tr\u00ean nh\u1eefng con \u0111\u01b0\u1eddng l\u00e1t \u0111\u00e1 cu\u1ed9i c\u00f3 b\u1ec1 m\u1eb7t kh\u00f4ng b\u1eb1ng ph\u1eb3ng ph\u1ea3n \u00e1nh l\u01b0u l\u01b0\u1ee3ng \u0111i b\u1ed9 qua l\u1ea1i trong nhi\u1ec1u th\u1ebf k\u1ef7.<\/p>\n<p>Nh\u1eefng t\u00e0n t\u00edch th\u1eddi k\u1ef3 thu\u1ed9c \u0111\u1ecba c\u1ee7a Antigua l\u00e0 m\u1ed9t trong nh\u1eefng \u0111i\u1ec3m tham quan h\u1ea5p d\u1eabn nh\u1ea5t c\u1ee7a th\u00e0nh ph\u1ed1. Nh\u1eefng t\u00e0n t\u00edch c\u00f2n s\u00f3t l\u1ea1i c\u1ee7a c\u00e1c tu vi\u1ec7n v\u00e0 t\u00f2a nh\u00e0 d\u00e2n s\u1ef1 g\u1ee3i l\u00ean nh\u1eefng c\u00e2u chuy\u1ec7n v\u1ec1 kh\u00e1t v\u1ecdng thi\u00eang li\u00eang v\u00e0 s\u1ef1 \u0111\u1ed5 n\u00e1t do \u0111\u1ed9ng \u0111\u1ea5t. Sau tr\u1eadn \u0111\u1ed9ng \u0111\u1ea5t n\u0103m 1773, c\u00e1c c\u00f4ng tr\u00ecnh b\u1ecb b\u1ecf hoang cho \u0111\u1ebfn khi nh\u1eefng n\u1ed7 l\u1ef1c b\u1ea3o t\u1ed3n v\u00e0o gi\u1eefa th\u1ebf k\u1ef7 20 gi\u00fap ch\u00fang c\u00f3 th\u1ec3 ti\u1ebfp c\u1eadn \u0111\u01b0\u1ee3c m\u1ed9t l\u1ea7n n\u1eefa. Du kh\u00e1ch b\u01b0\u1edbc v\u00e0o nh\u1eefng kh\u00f4ng gian n\u00e0y s\u1ebd th\u1ea5y nh\u1eefng phi\u1ebfn \u0111\u00e1 palimpsest nhi\u1ec1u l\u1edbp\u2014nh\u1eefng c\u00e1nh c\u1eeda \u0111\u01b0\u1ee3c b\u1ecbt k\u00edn m\u1ed9t n\u1eeda, nh\u1eefng m\u00e1i v\u00f2m cong nh\u01b0ng kh\u00f4ng \u0111\u01b0\u1ee3c h\u1ed7 tr\u1ee3, v\u00e0 nh\u1eefng m\u1eb7t ti\u1ec1n mang d\u1ea5u v\u1ebft c\u1ee7a \u0111\u00e1 ch\u1ea1m kh\u1eafc \u0111\u00e3 s\u1ed1ng s\u00f3t sau c\u01a1n th\u1ecbnh n\u1ed9 c\u1ee7a c\u01a1n ch\u1ea5n \u0111\u1ed9ng.<\/p>\n<p>Nh\u00e0 th\u1edd San Jos\u00e9, c\u00f3 m\u1eb7t ti\u1ec1n t\u1eeb n\u0103m 1680, v\u1eabn l\u00e0 m\u1ed9t trong nh\u1eefng c\u1ed5ng Baroque l\u1edbn nh\u1ea5t Trung M\u1ef9. H\u1ea7u h\u1ebft gian gi\u1eefa c\u1ee7a nh\u00e0 th\u1edd \u0111\u00e3 b\u1ecb rung chuy\u1ec3n, nh\u01b0ng m\u1eb7t ti\u1ec1n trang tr\u00ed c\u00f4ng phu v\u1eabn c\u00f2n nguy\u00ean v\u1eb9n. Vi\u1ec7c t\u00e1i thi\u1ebft v\u00e0o th\u1ebf k\u1ef7 19 \u0111\u00e3 gi\u00fap t\u00f2a nh\u00e0 ti\u1ebfp t\u1ee5c c\u00e1c ch\u1ee9c n\u0103ng t\u00f4n gi\u00e1o, trong khi nh\u1eefng t\u00e0n t\u00edch c\u1ee7a n\u00f3 ch\u1ee9ng minh cho k\u1ef9 n\u0103ng v\u00e0 \u0111\u1ee9c tin c\u1ee7a nh\u1eefng ng\u01b0\u1eddi th\u1ee3 th\u1ee7 c\u00f4ng th\u1ebf k\u1ef7 18. G\u1ea7n \u0111\u00f3, Colegio de San Jer\u00f3nimo mang \u0111\u1ebfn s\u1ef1 t\u01b0\u01a1ng ph\u1ea3n v\u1ec1 quy m\u00f4 th\u00e2n m\u1eadt\u2014m\u1ed9t ng\u00f4i tr\u01b0\u1eddng t\u1ed3n t\u1ea1i trong th\u1eddi gian ng\u1eafn \u0111\u01b0\u1ee3c ho\u00e0n th\u00e0nh v\u00e0o n\u0103m 1757, n\u01a1i \u1edf c\u1ee7a c\u00e1c tu s\u0129 Mercedarian tr\u01b0\u1edbc khi \u0111\u01b0\u1ee3c chuy\u1ec3n \u0111\u1ed5i th\u00e0nh m\u1ed9t nh\u00e0 h\u1ea3i quan. Khu v\u01b0\u1eddn kh\u00e9p k\u00edn c\u1ee7a n\u00f3, t\u1eadp trung v\u00e0o m\u1ed9t \u0111\u00e0i phun n\u01b0\u1edbc duy\u00ean d\u00e1ng, hi\u1ec7n l\u00e0 \u0111\u1ecba \u0111i\u1ec3m t\u1ed5 ch\u1ee9c c\u00e1c bu\u1ed5i bi\u1ec3u di\u1ec5n khi\u00eau v\u0169 v\u00e0 l\u1ec5 h\u1ed9i v\u0103n h\u00f3a, t\u1ea1o khung c\u1ea3nh cho ng\u1ecdn n\u00fai l\u1eeda xa xa.<\/p>\n<p>V\u1ec1 ph\u00eda \u0111\u00f4ng, Convento de Capuchinas b\u1ea3o t\u1ed3n nh\u1eefng c\u0103n ph\u00f2ng im l\u1eb7ng t\u1eebng l\u00e0 n\u01a1i \u1edf c\u1ee7a c\u00e1c n\u1eef tu Zaragoza. Nh\u1eefng b\u1ee9c t\u01b0\u1eddng v\u1ee1 v\u1ee5n nh\u01b0\u1eddng ch\u1ed7 cho nh\u1eefng khu v\u01b0\u1eddn b\u00ean trong, n\u01a1i hoa gi\u1ea5y v\u00e0 c\u00e2y h\u1ecd cam qu\u00fdt n\u1edf r\u1ed9 trong nh\u1eefng lu\u1ed1ng hoa h\u00ecnh h\u1ecdc. Khi leo l\u00ean s\u00e2n th\u01b0\u1ee3ng, du kh\u00e1ch s\u1ebd \u0111\u01b0\u1ee3c chi\u00eam ng\u01b0\u1ee1ng to\u00e0n c\u1ea3nh nh\u1eefng m\u00e1i nh\u00e0 l\u1ee3p ng\u00f3i v\u00e0 v\u00f9ng cao nguy\u00ean xung quanh. \u0110i b\u1ed9 m\u1ed9t \u0111o\u1ea1n ng\u1eafn s\u1ebd \u0111\u01b0a du kh\u00e1ch \u0111\u1ebfn Convento de Santa Clara, v\u1edbi m\u1eb7t ti\u1ec1n h\u01b0\u1edbng ra ph\u00eda sau, \u0111\u01b0\u1ee3c trang tr\u00ed xa hoa b\u1eb1ng v\u1eefa tr\u00e1t khu\u00f4n, th\u1ec3 hi\u1ec7n gu th\u1ea9m m\u1ef9 tinh t\u1ebf c\u1ee7a c\u00e1c n\u1eef tu d\u00f2ng Phanxic\u00f4. B\u00ean d\u01b0\u1edbi nh\u1eefng m\u00e1i v\u00f2m, m\u1ed9t khu v\u01b0\u1eddn trong s\u00e2n thu th\u1eadp \u00e1nh s\u00e1ng \u0111\u1ec3 thi\u1ec1n \u0111\u1ecbnh v\u00e0o bu\u1ed5i chi\u1ec1u v\u00e0 chi\u00eam nghi\u1ec7m trong y\u00ean t\u0129nh.<\/p>\n<p>Trong s\u1ed1 nh\u1eefng t\u00e0n t\u00edch t\u00f4n gi\u00e1o \u0111\u01b0\u1ee3c vi\u1ebfng th\u0103m nhi\u1ec1u nh\u1ea5t l\u00e0 San Francisco el Grande. H\u00ecnh d\u1ea1ng nhi\u1ec1u m\u00e1i v\u00f2m c\u1ee7a n\u00f3 che ch\u1edf h\u00e0i c\u1ed1t c\u1ee7a Hermano Pedro de San Jos\u00e9 Betancurt, v\u1ecb th\u00e1nh b\u1ea3n \u0111\u1ecba \u0111\u1ea7u ti\u00ean \u0111\u01b0\u1ee3c phong th\u00e1nh c\u1ee7a Guatemala. \u0110\u01b0\u1ee3c x\u00e2y d\u1ef1ng l\u1ea1i m\u1ed9t ph\u1ea7n sau tr\u1eadn \u0111\u1ed9ng \u0111\u1ea5t, nh\u00e0 th\u1edd v\u1eabn ho\u1ea1t \u0111\u1ed9ng v\u00e0 c\u00f3 m\u1ed9t b\u1ea3o t\u00e0ng khi\u00eam t\u1ed1n d\u00e0nh ri\u00eang cho cu\u1ed9c \u0111\u1eddi ph\u1ee5c v\u1ee5 ng\u01b0\u1eddi ngh\u00e8o c\u1ee7a v\u1ecb th\u00e1nh. C\u00e1ch \u0111\u00f3 v\u00e0i d\u00e3y nh\u00e0 v\u1ec1 ph\u00eda t\u00e2y, khu ph\u1ee9c h\u1ee3p r\u1ed9ng l\u1edbn c\u1ee7a La Recolecci\u00f3n tr\u1ea3i d\u00e0i v\u1ec1 ph\u00eda b\u1ebfn xe bu\u00fdt. T\u1eebng l\u00e0 m\u1ed9t tu vi\u1ec7n Recollects, n\u01a1i \u0111\u00e2y \u0111\u00e3 ch\u1ecbu \u0111\u1ef1ng nh\u1eefng tr\u1eadn \u0111\u1ed9ng \u0111\u1ea5t v\u00e0o n\u0103m 1717 v\u00e0 1753 tr\u01b0\u1edbc khi tr\u1eadn \u0111\u1ed9ng \u0111\u1ea5t Santa Marta n\u0103m 1773 bi\u1ebfn n\u01a1i n\u00e0y th\u00e0nh m\u1ed9t v\u1ecf s\u00f2 s\u00e2u hun h\u00fat. S\u1ef1 y\u00ean t\u0129nh bao tr\u00f9m kh\u1eafp c\u00e1c khu v\u01b0\u1eddn, cho ph\u00e9p du kh\u00e1ch \u0111i theo nh\u1eefng l\u1ed1i \u0111i trong tu vi\u1ec7n trong s\u1ef1 t\u0129nh l\u1eb7ng chi\u00eam nghi\u1ec7m.<\/p>\n<p>B\u1ea3o t\u00e0ng Truy\u1ec1n th\u1ed1ng Tu\u1ea7n l\u1ec5 Th\u00e1nh n\u1eb1m trong tu vi\u1ec7n c\u0169 c\u1ee7a Sor Juana de Maldonado, n\u01a1i c\u00e1c t\u1ea5m b\u1ea3ng t\u0129nh v\u00e0 c\u00e1c t\u00e1c ph\u1ea9m s\u1eafp \u0111\u1eb7t video k\u1ec3 l\u1ea1i c\u00e1c cu\u1ed9c r\u01b0\u1edbc ki\u1ec7u M\u00f9a Chay c\u1ee7a Antigua. Tr\u00ean ph\u1ed1 4\u00aa Calle Oriente, B\u1ea3o t\u00e0ng Ti\u1ec1n t\u1ec7 C\u00f4ng nghi\u1ec7p Banco l\u01b0u gi\u1eef l\u1ecbch s\u1eed ti\u1ec1n t\u1ec7 c\u1ee7a qu\u1ed1c gia, c\u00e1c ph\u00f2ng tr\u01b0ng b\u00e0y nh\u1ecf g\u1ecdn c\u1ee7a b\u1ea3o t\u00e0ng tr\u01b0ng b\u00e0y ti\u1ec1n xu th\u1eddi thu\u1ed9c \u0111\u1ecba v\u00e0 c\u00e1c m\u1eabu v\u1eadt hi\u1ec7n \u0111\u1ea1i. G\u1ea7n \u0111\u00f3, ChocoMuseo m\u1eddi du kh\u00e1ch \u0111\u1ebfn \u0111\u1ec3 t\u00f4i luy\u1ec7n s\u00f4 c\u00f4 la v\u00e0 t\u00ecm hi\u1ec3u v\u1ec1 c\u00e1ch tr\u1ed3ng ca cao\u2014t\u1eeb h\u1ea1t \u0111\u1ebfn thanh\u2014v\u00e0 B\u1ea3o t\u00e0ng Casa del Tejido Antiguo minh h\u1ecda c\u00e1c k\u1ef9 thu\u1eadt d\u1ec7t c\u1ee7a ng\u01b0\u1eddi Maya qua nhi\u1ec1u th\u1ebf k\u1ef7, nh\u1eefng ngh\u1ec7 nh\u00e2n c\u1ee7a b\u1ea3o t\u00e0ng t\u1ea1i khung c\u1eedi ch\u00e0o b\u00e1n h\u00e0ng d\u1ec7t may. Ph\u00eda nam qu\u1ea3ng tr\u01b0\u1eddng, B\u1ea3o t\u00e0ng Santiago de los Caballeros chi\u1ebfm gi\u1eef Palacio de los Capitanes Generales tr\u01b0\u1edbc \u0111\u00e2y, tr\u01b0ng b\u00e0y c\u00e1c hi\u1ec7n v\u1eadt th\u1eddi ti\u1ec1n T\u00e2y Ban Nha c\u00f9ng v\u1edbi c\u00e1c di t\u00edch thu\u1ed9c \u0111\u1ecba.<\/p>\n<p>Nh\u1eefng l\u1edbp l\u1ecbch s\u1eed \u0111a d\u1ea1ng n\u00e0y h\u1ed9i t\u1ee5 t\u1ea1i Parque Central, n\u01a1i nh\u1eefng m\u00e1i v\u00f2m thu\u1ed9c \u0111\u1ecba g\u1eb7p nh\u1eefng chi\u1ebfc gh\u1ebf d\u00e0i hi\u1ec7n \u0111\u1ea1i v\u00e0 nh\u1eefng ng\u01b0\u1eddi b\u00e1n h\u00e0ng rong b\u00e1n b\u01b0u thi\u1ebfp b\u00ean d\u01b0\u1edbi t\u00e1n c\u00e2y ph\u01b0\u1ee3ng t\u00edm. C\u00e1c \u0111\u1ed9ng m\u1ea1ch b\u1eb1ng \u0111\u00e1 c\u1ee7a Antigua mang m\u1ed9t l\u1edbp th\u1eddi gian ph\u1ee9c t\u1ea1p, k\u1ebft h\u1ee3p c\u00e1c thi\u1ebft k\u1ebf l\u1ea5y c\u1ea3m h\u1ee9ng t\u1eeb Aztec, n\u00e9t trang tr\u00ed baroque c\u1ee7a T\u00e2y Ban Nha v\u00e0 th\u01b0\u01a1ng m\u1ea1i hi\u1ec7n \u0111\u1ea1i do du l\u1ecbch th\u00fac \u0111\u1ea9y. C\u00e2u chuy\u1ec7n c\u1ee7a th\u1ecb tr\u1ea5n kh\u00f4ng xu\u1ea5t hi\u1ec7n trong m\u1ed9t th\u1eddi \u0111\u1ea1i m\u00e0 l\u00e0 qua nhi\u1ec1u th\u1eddi \u0111\u1ea1i\u2014nh\u1eefng t\u00e0n t\u00edch v\u00e0 t\u00e1i thi\u1ebft c\u1ee7a n\u00f3 c\u00f9ng t\u1ed3n t\u1ea1i trong m\u1ed9t hi\u1ec7n t\u1ea1i s\u1ed1ng \u0111\u1ed9ng t\u00f4n vinh qu\u00e1 kh\u1ee9 m\u00e0 kh\u00f4ng ho\u00e0i ni\u1ec7m.<\/p>\n<p>Tr\u00ean m\u1ed7i \u00f4 c\u1eeda s\u1ed5 n\u1ee9t n\u1ebb v\u00e0 m\u1ed7i con ph\u1ed1 ng\u1eadp tr\u00e0n \u00e1nh ho\u00e0ng h\u00f4n, Antigua Guatemala t\u1ef1 b\u1ed9c l\u1ed9 m\u00ecnh l\u00e0 m\u1ed9t th\u00e0nh ph\u1ed1 c\u1ee7a cu\u1ed9c \u0111\u1ed1i tho\u1ea1i li\u00ean t\u1ee5c: gi\u1eefa m\u00f4i tr\u01b0\u1eddng v\u00e0 ki\u1ebfn \u200b\u200btr\u00fac, gi\u1eefa k\u00fd \u1ee9c v\u00e0 s\u1ef1 \u0111\u1ed5i m\u1edbi, v\u00e0 gi\u1eefa cu\u1ed9c h\u00e0nh h\u01b0\u01a1ng v\u00e0 cu\u1ed9c s\u1ed1ng th\u01b0\u1eddng ng\u00e0y. Nh\u1eefng m\u1eb7t ti\u1ec1n theo phong c\u00e1ch Baroque v\u00e0 nh\u1eefng t\u00e0n t\u00edch ph\u1ee7 \u0111\u1ea7y r\u00eau k\u1ec3 l\u1ea1i bi\u00ean ni\u00ean s\u1eed v\u1ec1 tham v\u1ecdng, \u0111\u1ee9c tin, s\u1ef1 s\u1ee5p \u0111\u1ed5 v\u00e0 s\u1ef1 t\u00e1i sinh. \u0110\u1ed1i v\u1edbi du kh\u00e1ch b\u01b0\u1edbc tr\u00ean nh\u1eefng con \u0111\u01b0\u1eddng l\u00e1t \u0111\u00e1 cu\u1ed9i v\u1edbi nh\u1eefng b\u01b0\u1edbc ch\u00e2n c\u1ea9n th\u1eadn, th\u00e0nh ph\u1ed1 n\u00e0y kh\u00f4ng ch\u1ec9 cung c\u1ea5p nh\u1eefng b\u1ee9c \u1ea3nh v\u00e0 b\u01b0u thi\u1ebfp; n\u00f3 c\u00f2n truy\u1ec1n t\u1ea3i nh\u1eefng c\u00e2u chuy\u1ec7n \u0111\u1ea7y s\u1eafc th\u00e1i, \u0111an xen v\u00e0o t\u1eebng m\u00e1i v\u00f2m v\u00e0 s\u00e2n trong, ch\u1edd \u0111\u1ee3i nh\u1eefng ai s\u1eb5n s\u00e0ng l\u1eafng nghe kh\u00e1m ph\u00e1.<\/p>","protected":false},"excerpt":{"rendered":"<p>Antigua Guatemala, \u0111\u00f4i khi \u0111\u01b0\u1ee3c g\u1ecdi l\u00e0 Antigua ho\u1eb7c La Antigua, l\u00e0 m\u1ed9t th\u00e0nh ph\u1ed1 n\u1eb1m \u1edf v\u00f9ng cao nguy\u00ean trung t\u00e2m c\u1ee7a Guatemala. Th\u00e0nh ph\u1ed1 quy\u1ebfn r\u0169 n\u00e0y, \u0111\u1eb7c tr\u01b0ng b\u1edfi nh\u1eefng con ph\u1ed1 l\u00e1t \u0111\u00e1 cu\u1ed9i v\u00e0 ki\u1ebfn \u200b\u200btr\u00fac thu\u1ed9c \u0111\u1ecba \u0111\u1ea7y m\u00e0u s\u1eafc, t\u1eebng l\u00e0 th\u1ee7 \u0111\u00f4 c\u1ee7a \u0110\u1ea1i t\u01b0\u1edbng qu\u00e2n \u0111\u1ed9i Guatemala t\u1eeb n\u0103m 1543 \u0111\u1ebfn n\u0103m 1773. L\u1ecbch s\u1eed l\u00e2u \u0111\u1eddi v\u00e0 ki\u1ebfn \u200b\u200btr\u00fac ch\u1ecbu \u1ea3nh h\u01b0\u1edfng c\u1ee7a phong c\u00e1ch Baroque c\u1ee7a th\u00e0nh ph\u1ed1 \u0111\u00e3 mang l\u1ea1i cho n\u01a1i n\u00e0y danh hi\u1ec7u Di s\u1ea3n Th\u1ebf gi\u1edbi \u0111\u01b0\u1ee3c UNESCO c\u00f4ng nh\u1eadn v\u00e0o n\u0103m 1979.<\/p>","protected":false},"author":1,"featured_media":4137,"parent":9021,"menu_order":0,"comment_status":"closed","ping_status":"closed","template":"elementor_theme","meta":{"_eb_attr":"","footnotes":""},"class_list":["post-9044","page","type-page","status-publish","has-post-thumbnail"],"_links":{"self":[{"href":"https:\/\/travelshelper.com\/vi\/wp-json\/wp\/v2\/pages\/9044","targetHints":{"allow":["GET"]}}],"collection":[{"href":"https:\/\/travelshelper.com\/vi\/wp-json\/wp\/v2\/pages"}],"about":[{"href":"https:\/\/travelshelper.com\/vi\/wp-json\/wp\/v2\/types\/page"}],"author":[{"embeddable":true,"href":"https:\/\/travelshelper.com\/vi\/wp-json\/wp\/v2\/users\/1"}],"replies":[{"embeddable":true,"href":"https:\/\/travelshelper.com\/vi\/wp-json\/wp\/v2\/comments?post=9044"}],"version-history":[{"count":0,"href":"https:\/\/travelshelper.com\/vi\/wp-json\/wp\/v2\/pages\/9044\/revisions"}],"up":[{"embeddable":true,"href":"https:\/\/travelshelper.com\/vi\/wp-json\/wp\/v2\/pages\/9021"}],"wp:featuredmedia":[{"embeddable":true,"href":"https:\/\/travelshelper.com\/vi\/wp-json\/wp\/v2\/media\/4137"}],"wp:attachment":[{"href":"https:\/\/travelshelper.com\/vi\/wp-json\/wp\/v2\/media?parent=9044"}],"curies":[{"name":"wp","href":"https:\/\/api.w.org\/{rel}","templated":true}]}}