{"id":9021,"date":"2024-09-06T21:55:50","date_gmt":"2024-09-06T21:55:50","guid":{"rendered":"https:\/\/travelshelper.com\/staging\/?page_id=9021"},"modified":"2026-03-13T16:27:58","modified_gmt":"2026-03-13T16:27:58","slug":"guatemala","status":"publish","type":"page","link":"https:\/\/travelshelper.com\/vi\/destinations\/north-america\/guatemala\/","title":{"rendered":"Guatemala"},"content":{"rendered":"<p>Guatemala, n\u01a1i sinh s\u1ed1ng c\u1ee7a kho\u1ea3ng 17,6 tri\u1ec7u ng\u01b0\u1eddi, tr\u1ea3i d\u00e0i qua m\u1ed9t c\u1ea7u \u0111\u1ea5t li\u1ec1n \u1edf Trung M\u1ef9\u2014\u0111\u01b0\u1ee3c bao b\u1ecdc b\u1edfi Mexico \u1edf ph\u00eda b\u1eafc v\u00e0 ph\u00eda t\u00e2y, Belize \u1edf ph\u00eda \u0111\u00f4ng b\u1eafc, Honduras v\u00e0 El Salvador \u1edf ph\u00eda \u0111\u00f4ng, v\u1edbi Th\u00e1i B\u00ecnh D\u01b0\u01a1ng \u00e1p v\u00e0o s\u01b0\u1eddn ph\u00eda nam v\u00e0 V\u1ecbnh Honduras \u00f4m l\u1ea5y ph\u00eda \u0111\u00f4ng b\u1eafc. N\u01b0\u1edbc c\u1ed9ng h\u00f2a n\u00e0y, v\u1edbi \u0111\u1ecba h\u00ecnh xen k\u1ebd gi\u1eefa v\u00f9ng cao nguy\u00ean n\u00fai l\u1eeda, \u0111\u1ed3ng b\u1eb1ng Th\u00e1i B\u00ecnh D\u01b0\u01a1ng m\u00e0u m\u1ee1 v\u00e0 nh\u1eefng khu r\u1eebng r\u1eadm m\u00e0u ng\u1ecdc l\u1ee5c b\u1ea3o c\u1ee7a Pet\u00e9n, v\u1eeba h\u00e9 l\u1ed9 c\u00e1i n\u00f4i c\u1ed5 x\u01b0a c\u1ee7a n\u1ec1n v\u0103n minh v\u1eeba l\u00e0 s\u00e2n kh\u1ea5u cho nh\u1eefng v\u1edf k\u1ecbch hi\u1ec7n \u0111\u1ea1i \u0111\u1ea7y bi\u1ebfn \u0111\u1ed9ng. C\u00e2u chuy\u1ec7n c\u1ee7a n\u00f3, \u0111\u01b0\u1ee3c kh\u1eafc tr\u00ean \u0111\u00e1 v\u00e0 \u0111\u1ea5t, d\u1ec7t n\u00ean m\u1ed9t t\u1ea5m th\u1ea3m \u0111\u1ed9c \u0111\u00e1o v\u1ec1 nh\u1eefng k\u1ef3 quan thi\u00ean nhi\u00ean v\u00e0 quy\u1ebft t\u00e2m c\u1ee7a con ng\u01b0\u1eddi.<\/p>\n<p>T\u1eeb th\u1eddi \u0111i\u1ec3m c\u00e1c th\u00e0nh bang Maya \u0111\u1ea7u ti\u00ean xu\u1ea5t hi\u1ec7n t\u1eeb v\u00f9ng \u0111\u1ea5t th\u1ea5p Pet\u00e9n \u0111\u1ebfn c\u00e1c kim t\u1ef1 th\u00e1p cao ch\u00f3t v\u00f3t c\u1ee7a Tikal, khu v\u1ef1c hi\u1ec7n l\u00e0 Guatemala \u0111\u00e3 \u0111\u00f3ng vai tr\u00f2 l\u00e0 \u0111i\u1ec3m t\u1ef1a cho s\u1ef1 kh\u00e9o l\u00e9o c\u1ee7a ng\u01b0\u1eddi Mesoamerican. Nhi\u1ec1u th\u1ebf k\u1ef7 tr\u01b0\u1edbc khi Columbus v\u01b0\u1ee3t \u0110\u1ea1i T\u00e2y D\u01b0\u01a1ng, c\u00e1c m\u1ea1ng l\u01b0\u1edbi tuy\u1ebfn \u0111\u01b0\u1eddng th\u01b0\u01a1ng m\u1ea1i r\u1ed9ng l\u1edbn \u0111\u00e3 v\u1eadn chuy\u1ec3n ca cao v\u00e0 \u0111\u00e1 v\u1ecf chai, trong khi c\u00e1c linh m\u1ee5c l\u1eadp bi\u1ec3u \u0111\u1ed3 chuy\u1ec3n \u0111\u1ed9ng c\u1ee7a sao Kim v\u00e0 nh\u1ecbp \u0111i\u1ec7u c\u1ee7a ng\u00f4. S\u1ef1 xu\u1ea5t hi\u1ec7n c\u1ee7a nh\u1eefng ng\u01b0\u1eddi chinh ph\u1ee5c T\u00e2y Ban Nha v\u00e0o \u0111\u1ea7u nh\u1eefng n\u0103m 1500 \u0111\u00e3 \u0111\u00e1nh d\u1ea5u m\u1ed9t s\u1ef1 r\u1ea1n n\u1ee9t, khi c\u00e1c trung \u00fay c\u1ee7a Hern\u00e1n Cort\u00e9s v\u00e0 sau \u0111\u00f3 l\u00e0 Pedro de Alvarado \u0111\u00e3 khu\u1ea5t ph\u1ee5c th\u00e0nh ph\u1ed1 n\u00e0y \u0111\u1ebfn th\u00e0nh ph\u1ed1 kh\u00e1c, s\u00e1p nh\u1eadp l\u00e3nh \u0111\u1ecba Maya v\u00e0o ph\u00f3 v\u01b0\u01a1ng qu\u1ed1c T\u00e2n T\u00e2y Ban Nha. Tuy nhi\u00ean, ng\u01b0\u1eddi Maya kh\u00f4ng bi\u1ebfn m\u1ea5t: ng\u00f4n ng\u1eef c\u1ee7a h\u1ecd t\u1ed3n t\u1ea1i trong h\u00e0ng ng\u00e0n ng\u00f4i l\u00e0ng, linh h\u1ed3n c\u1ee7a h\u1ecd ng\u1ef1 trong c\u00e1c cenote linh thi\u00eang v\u00e0 nh\u1eefng ng\u00f4i \u0111\u1ec1n \u0111\u00e1 c\u1ee7a h\u1ecd v\u1eabn nh\u00f4 ra kh\u1ecfi t\u00e1n r\u1eebng r\u1eadm.<\/p>\n<p>\u0110\u1ed9c l\u1eadp \u0111\u1ebfn v\u00e0o th\u00e1ng 9 n\u0103m 1821, ban \u0111\u1ea7u \u0111\u01b0\u1ee3c chia s\u1ebb v\u1edbi Mexico, sau \u0111\u00f3 \u0111\u01b0\u1ee3c kh\u1eb3ng \u0111\u1ecbnh trong C\u1ed9ng h\u00f2a Li\u00ean bang Trung M\u1ef9 t\u1eeb n\u0103m 1823 cho \u0111\u1ebfn khi li\u00ean bang mong manh \u0111\u00f3 b\u1ecb chia c\u1eaft v\u00e0o n\u0103m 1841. Ph\u1ea7n c\u00f2n l\u1ea1i c\u1ee7a th\u1ebf k\u1ef7 XIX kh\u00f4ng h\u1ec1 k\u00e9m ph\u1ea7n b\u1ea5t \u1ed5n. Nh\u1eefng ng\u01b0\u1eddi m\u00f4i gi\u1edbi quy\u1ec1n l\u1ef1c v\u00e0 caudillos \u0111\u00e3 n\u1eafm quy\u1ec1n ki\u1ec3m so\u00e1t li\u00ean ti\u1ebfp, th\u01b0\u1eddng \u0111\u01b0\u1ee3c h\u1eadu thu\u1eabn b\u1edfi c\u00e1c l\u1ee3i \u00edch n\u01b0\u1edbc ngo\u00e0i quan t\u00e2m \u0111\u1ebfn c\u00e1c nh\u01b0\u1ee3ng b\u1ed9 v\u1ec1 c\u00e0 ph\u00ea v\u00e0 chu\u1ed1i. Th\u1ebf k\u1ef7 XX m\u1edf ra d\u01b0\u1edbi s\u1ef1 k\u1ebf th\u1eeba c\u1ee7a nh\u1eefng ng\u01b0\u1eddi \u0111\u00e0n \u00f4ng m\u1ea1nh m\u1ebd, m\u1ed7i ng\u01b0\u1eddi \u0111\u1ec1u m\u1eafc n\u1ee3 c\u00e1c thi\u1ebft k\u1ebf \u0111\u1ecba ch\u00ednh tr\u1ecb c\u1ee7a Washington v\u00e0 c\u00e1c y\u00eau c\u1ea7u th\u01b0\u01a1ng m\u1ea1i c\u1ee7a United Fruit v\u00e0 nh\u1eefng ng\u01b0\u1eddi k\u1ebf nhi\u1ec7m. N\u0103m 1944, khi T\u01b0\u1edbng Jorge Ubico b\u1ecb m\u1ed9t li\u00ean minh g\u1ed3m c\u00e1c s\u0129 quan qu\u00e2n \u0111\u1ed9i v\u00e0 d\u00e2n th\u01b0\u1eddng l\u1eadt \u0111\u1ed5 kh\u1ecfi quy\u1ec1n l\u1ef1c, m\u1ed9t th\u1eadp k\u1ef7 c\u1ea3i c\u00e1ch ng\u1eafn ng\u1ee7i \u0111\u00e3 b\u1eaft \u0111\u1ea7u: ph\u00e2n ph\u1ed1i l\u1ea1i \u0111\u1ea5t \u0111ai n\u00f4ng nghi\u1ec7p, b\u1ea3o v\u1ec7 lao \u0111\u1ed9ng v\u00e0 m\u1ed9t m\u1ea1ng l\u01b0\u1edbi an to\u00e0n x\u00e3 h\u1ed9i ph\u00f4i thai h\u1ee9a h\u1eb9n m\u1ed9t ch\u00ednh th\u1ec3 bao tr\u00f9m h\u01a1n. Nh\u01b0ng cu\u1ed9c \u0111\u1ea3o ch\u00ednh n\u0103m 1954 - do c\u00e1c \u0111\u1eb7c v\u1ee5 Hoa K\u1ef3 v\u00e0 ch\u1ee7 \u0111\u1ea5t b\u1ea3o th\u1ee7 d\u00e0n d\u1ef1ng - \u0111\u00e3 l\u1eadt \u0111\u1ed5 ch\u00ednh quy\u1ec1n d\u00e2n s\u1ef1 v\u00e0 kh\u00f4i ph\u1ee5c l\u1ea1i ch\u1ebf \u0111\u1ed9 \u0111\u1ea7u s\u1ecf.<\/p>\n<p>Ti\u1ebfp theo l\u00e0 m\u1ed9t cu\u1ed9c n\u1ed9i chi\u1ebfn t\u00e0n b\u1ea1o l\u1ea1nh ng\u01b0\u1eddi, t\u1eeb n\u0103m 1960 cho \u0111\u1ebfn khi m\u1ed9t hi\u1ec7p \u0111\u1ecbnh h\u00f2a b\u00ecnh n\u0103m 1996 mang l\u1ea1i s\u1ef1 b\u00ecnh y\u00ean mong manh. C\u00e1c l\u1ef1c l\u01b0\u1ee3ng ch\u00ednh ph\u1ee7, th\u01b0\u1eddng \u0111\u01b0\u1ee3c h\u01b0\u1edbng d\u1eabn b\u1edfi c\u00e1c h\u1ecdc thuy\u1ebft ch\u1ed1ng n\u1ed5i lo\u1ea1n t\u1eeb c\u00e1c c\u1ed1 v\u1ea5n qu\u00e2n s\u1ef1 n\u01b0\u1edbc ngo\u00e0i, \u0111\u00e3 ban h\u00e0nh ch\u00ednh s\u00e1ch thi\u00eau r\u1ee5i \u1edf c\u00e1c l\u00e0ng m\u1ea1c v\u00f9ng cao nguy\u00ean Maya, khi\u1ebfn h\u00e0ng ch\u1ee5c ngh\u00ecn ng\u01b0\u1eddi ch\u1ebft ho\u1eb7c m\u1ea5t t\u00edch. H\u00f2a b\u00ecnh ng\u00e0y nay d\u1ef1a tr\u00ean n\u1ec1n t\u1ea3ng mong manh: t\u0103ng tr\u01b0\u1edfng kinh t\u1ebf \u0111\u00e3 \u0111\u01b0\u1ee3c kh\u00f4i ph\u1ee5c v\u00e0 c\u00e1c cu\u1ed9c b\u1ea7u c\u1eed li\u00ean ti\u1ebfp ch\u1ee9ng minh cho kh\u00e1t v\u1ecdng d\u00e2n ch\u1ee7, nh\u01b0ng ni\u1ec1m tin ng\u00e2y th\u01a1 v\u00e0o c\u00e1c th\u1ec3 ch\u1ebf v\u1eabn c\u00f2n khan hi\u1ebfm. Ngh\u00e8o \u0111\u00f3i \u0111ang ho\u00e0nh h\u00e0nh \u1ea3nh h\u01b0\u1edfng \u0111\u1ebfn h\u01a1n m\u1ed9t n\u1eeda d\u00e2n s\u1ed1; g\u1ea7n m\u1ed9t ph\u1ea7n t\u01b0 ph\u1ea3i \u0111\u1ed1i m\u1eb7t v\u1edbi n\u1ea1n \u0111\u00f3i kinh ni\u00ean; v\u00e0 c\u00e1c m\u1ea1ng l\u01b0\u1edbi b\u1ea5t h\u1ee3p ph\u00e1p bu\u00f4n b\u00e1n ma t\u00fay, gieo r\u1eafc b\u1ea1o l\u1ef1c v\u00e0 l\u00e0m x\u00f3i m\u00f2n l\u00f2ng tin c\u1ee7a c\u00f4ng ch\u00fang.<\/p>\n<p>Trong b\u1ed1i c\u1ea3nh th\u1eed th\u00e1ch n\u00e0y, h\u1ec7 sinh th\u00e1i c\u1ee7a Guatemala ph\u00e1t tri\u1ec3n m\u1ea1nh m\u1ebd. T\u1eeb nh\u1eefng khu r\u1eebng m\u00e2y c\u1ee7a v\u00f9ng cao nguy\u00ean ph\u00eda t\u00e2y, n\u01a1i chim quetzal bay l\u01b0\u1ee3n gi\u1eefa nh\u1eefng c\u00e0nh c\u00e2y \u0111\u1ea7y d\u1ee9a c\u1ea3nh \u0111\u1ebfn nh\u1eefng th\u1ea3o nguy\u00ean ng\u1eadp n\u01b0\u1edbc theo m\u00f9a c\u1ee7a Pet\u00e9n, n\u01a1i c\u00f3 nhi\u1ec1u b\u00e1o \u0111\u1ed1m v\u00e0 l\u1ee3n v\u00f2i, n\u01b0\u1edbc c\u1ed9ng h\u00f2a n\u00e0y neo gi\u1eef m\u1ed9t trong nh\u1eefng \u0111i\u1ec3m n\u00f3ng \u0111a d\u1ea1ng sinh h\u1ecdc c\u1ed1t l\u00f5i c\u1ee7a Trung M\u1ef9. C\u00e1c con s\u00f4ng quanh co trong ch\u1ed1c l\u00e1t h\u01b0\u1edbng v\u1ec1 Th\u00e1i B\u00ecnh D\u01b0\u01a1ng, nh\u01b0ng l\u1ea1i d\u00e2ng l\u00ean th\u00e0nh nh\u1eefng \u0111\u1ed9ng m\u1ea1ch d\u1eef d\u1ed9i \u1edf l\u01b0u v\u1ef1c Caribe\u2014trong s\u1ed1 \u0111\u00f3 c\u00f3 Motagua, Polochic v\u00e0 Usumacinta, n\u01a1i ph\u00e2n \u0111\u1ecbnh bi\u00ean gi\u1edbi v\u1edbi Chiapas. H\u1ed3 Izabal, \u0111\u01b0\u1ee3c cung c\u1ea5p n\u01b0\u1edbc b\u1edfi S\u00f4ng Dulce, l\u1ea5p l\u00e1nh nh\u01b0 m\u1ed9t t\u1ea5m g\u01b0\u01a1ng \u0111\u01b0\u1ee3c bao quanh b\u1edfi r\u1eebng m\u01b0a; v\u00f9ng n\u01b0\u1edbc ng\u1ecdt c\u1ee7a h\u1ed3 nu\u00f4i d\u01b0\u1ee1ng lo\u00e0i l\u1ee3n bi\u1ec3n v\u00e0 c\u00e1 s\u1ea5u caiman, trong khi b\u1edd h\u1ed3 nu\u00f4i d\u01b0\u1ee1ng c\u00e1c ph\u00e1o \u0111\u00e0i thu\u1ed9c \u0111\u1ecba v\u00e0 l\u00e0ng ch\u00e0i.<\/p>\n<p>Cu\u1ed9c s\u1ed1ng \u0111\u00f4 th\u1ecb h\u1ed9i t\u1ee5 \u1edf v\u00f9ng cao nguy\u00ean, n\u01a1i Th\u00e0nh ph\u1ed1 Guatemala tr\u1ea3i d\u00e0i tr\u00ean m\u1ed9t thung l\u0169ng n\u00fai, l\u00e0 n\u01a1i l\u01b0u tr\u1eef C\u1ee5c L\u01b0u tr\u1eef Qu\u1ed1c gia, Th\u01b0 vi\u1ec7n Qu\u1ed1c gia v\u00e0 B\u1ea3o t\u00e0ng Kh\u1ea3o c\u1ed5 h\u1ecdc v\u00e0 D\u00e2n t\u1ed9c h\u1ecdc, n\u01a1i l\u01b0u gi\u1eef m\u1eb7t n\u1ea1 ng\u1ecdc b\u00edch v\u00e0 t\u01b0\u1ee3ng g\u1ed1m m\u00f4 t\u1ea3 c\u00e1c tri\u1ec1u \u0111\u1ea1i ho\u00e0ng gia. Ngay b\u00ean ngo\u00e0i th\u1ee7 \u0111\u00f4 l\u00e0 Antigua Guatemala, m\u1ed9t vi\u00ean ng\u1ecdc qu\u00fd c\u1ee7a th\u1ebf k\u1ef7 XVIII v\u1edbi nh\u1eefng ban c\u00f4ng c\u00f3 song s\u1eaft v\u00e0 nh\u1eefng nh\u00e0 th\u1edd baroque \u0111\u1ed5 n\u00e1t\u2014m\u1ed9t b\u1ea3o t\u00e0ng ngo\u00e0i tr\u1eddi v\u1ec1 nh\u1eefng v\u1ebft s\u1eb9o \u0111\u1ecba ch\u1ea5n v\u00e0 tro n\u00fai l\u1eeda. Xa h\u01a1n v\u1ec1 ph\u00eda t\u00e2y, H\u1ed3 Atitl\u00e1n\u2014\u0111\u01b0\u1ee3c bao quanh b\u1edfi c\u00e1c ng\u00f4i l\u00e0ng v\u00e0 n\u00fai l\u1eeda c\u1ee7a ng\u01b0\u1eddi Maya\u2014thu h\u00fat nh\u1eefng du kh\u00e1ch tr\u00f4i d\u1ea1t tr\u00ean nh\u1eefng chi\u1ebfc thuy\u1ec1n g\u1ed7 d\u1ecdc theo v\u00f9ng n\u01b0\u1edbc \u00eam \u1ea3, kh\u00e1m ph\u00e1 nh\u1eefng d\u1ea5u t\u00edch c\u1ee7a c\u00e1c nghi l\u1ec5 c\u1ed5 x\u01b0a trong m\u1ed7i \u00f4 c\u1eeda ch\u1ea1m kh\u1eafc.<\/p>\n<p>Phong t\u1ee5c \u1ea9m th\u1ef1c, gi\u1ed1ng nh\u01b0 ch\u00ednh n\u1ec1n v\u0103n h\u00f3a, c\u00f3 ngu\u1ed3n g\u1ed1c t\u1eeb n\u1ec1n t\u1ea3ng c\u1ee7a ng\u01b0\u1eddi Maya. Ng\u00f4 v\u1eabn l\u00e0 th\u1ee9 c\u00f3 ch\u1ee7 quy\u1ec1n\u2014nixtamalized th\u00e0nh b\u00e1nh tortilla v\u00e0 tamales, l\u00ean men th\u00e0nh atoles, \u00e9p th\u00e0nh b\u1ed9t thi\u00eang cho m\u00f3n fiambre v\u00e0o Ng\u00e0y l\u1ec5 c\u00e1c th\u00e1nh. \u1edat l\u00e0m t\u0103ng th\u00eam h\u01b0\u01a1ng v\u1ecb cho m\u00f3n kak&#039;ik l\u00e0m t\u1eeb c\u00e0 chua v\u1edbi g\u00e0 t\u00e2y; \u0111\u1eadu \u0111en ninh nh\u1eeb b\u00ean c\u1ea1nh h\u1ed7n h\u1ee3p rau c\u1ee7 v\u00e0 th\u1ecbt c\u1ee7a cocido. V\u00e0o l\u00fac r\u1ea1ng s\u00e1ng \u1edf Antigua, c\u00e1c qu\u1ea7y h\u00e0ng rong b\u00e1n chuchitos\u2014nh\u1eefng chi\u1ebfc tamales nh\u1ecf \u0111\u01b0\u1ee3c ng\u00e2m trong n\u01b0\u1edbc s\u1ed1t c\u00e0 chua\u2014ho\u1eb7c nh\u1eefng mi\u1ebfng khoai t\u00e2y nghi\u1ec1n ng\u1ecdt ng\u00e0o s\u1ebd bi\u1ebfn m\u1ea5t v\u00e0o gi\u1eefa bu\u1ed5i s\u00e1ng. \u0110\u1ebfn th\u00e1ng 12, c\u00e1c h\u1ed9 gia \u0111\u00ecnh tr\u00e0n ng\u1eadp m\u00f9i th\u01a1m c\u1ee7a ponche\u2014tr\u00e1i c\u00e2y h\u1ea7m trong ch\u1ea5t l\u1ecfng c\u00f3 gia v\u1ecb\u2014v\u00e0 c\u00f4ng s\u1ee9c c\u1ee7a nh\u1eefng ng\u01b0\u1eddi th\u1ee3 tamaladora chu\u1ea9n b\u1ecb nh\u1eefng \u0111\u1ed1ng masa \u0111\u01b0\u1ee3c g\u00f3i trong l\u00e1 chu\u1ed1i.<\/p>\n<p>S\u00e1u v\u00f9ng c\u1ee7a n\u01b0\u1edbc c\u1ed9ng h\u00f2a n\u00e0y c\u00f3 s\u1ef1 t\u01b0\u01a1ng ph\u1ea3n \u0111\u1ebfn m\u1ee9c m\u1ed9t h\u00e0nh tr\u00ecnh c\u00f3 th\u1ec3 \u0111i qua nh\u1eefng v\u00f9ng kh\u00ed h\u1eadu kh\u1eafc nghi\u1ec7t. \u1ede Cao nguy\u00ean Trung t\u00e2m, n\u00fai l\u1eeda cao h\u01a1n 3.000 m\u00e9t, ph\u1ee7 \u0111\u1ea7y m\u00e2y do gi\u00f3 th\u1ed5i v\u00e0 \u0111\u01b0\u1ee3c l\u00e0m m\u00e1t b\u1edfi s\u01b0\u01a1ng gi\u00e1 ban \u0111\u00eam. Cao nguy\u00ean ph\u00eda T\u00e2y, r\u1ea3i r\u00e1c nh\u1eefng ng\u00f4i l\u00e0ng c\u1ee7a ng\u01b0\u1eddi Maya, c\u00f3 t\u1ea7m nh\u00ecn ra nh\u1eefng c\u00e1nh \u0111\u1ed3ng b\u1eadc thang v\u00e0 nh\u1eefng con \u0111\u01b0\u1eddng m\u00f2n quanh co h\u01b0\u1edbng \u0111\u1ebfn nh\u1eefng ng\u00f4i \u0111\u1ec1n \u1ea9n gi\u1ea5u. \u0110\u00f4ng Guatemala, t\u1eadn h\u01b0\u1edfng s\u1ef1 kh\u00f4 c\u1eb1n, h\u1ed7 tr\u1ee3 c\u00e1c trang tr\u1ea1i v\u00e0 th\u1ecb tr\u1ea5n c\u1ee7a ng\u01b0\u1eddi T\u00e2y Ban Nha, n\u01a1i da b\u00f2 v\u1ed7 c\u00e1nh trong c\u00e1i n\u00f3ng gi\u1eefa tr\u01b0a. D\u1ecdc theo B\u1edd bi\u1ec3n Caribe, c\u00e1c c\u1eeda s\u00f4ng ng\u1eadp m\u1eb7n v\u00e0 b\u00e3i bi\u1ec3n c\u1ecd m\u1edf ra h\u01b0\u1edbng v\u1ec1 R\u1ea1n san h\u00f4 Mesoamerican; s\u00e2u h\u01a1n v\u00e0o \u0111\u1ea5t li\u1ec1n, r\u1eebng nhi\u1ec7t \u0111\u1edbi Pet\u00e9n c\u00f3 c\u00e1c bia \u0111\u00e1 v\u00e0 qu\u1ea3ng tr\u01b0\u1eddng El Mirador v\u00e0 Nak\u00fam, t\u01b0\u1ee3ng \u0111\u00e0i cho vinh quang ti\u1ec1n c\u1ed5 \u0111i\u1ec3n. V\u00f9ng \u0111\u1ea5t th\u1ea5p Th\u00e1i B\u00ecnh D\u01b0\u01a1ng, m\u1ed9t s\u01b0\u1eddn d\u1ed1c thoai tho\u1ea3i t\u1eeb Sierra Madre, \u0111\u1ec3 l\u1ed9 nh\u1eefng b\u00e3i bi\u1ec3n c\u00e1t \u0111en t\u1ea1i Monterrico\u2014n\u01a1i r\u00f9a bi\u1ec3n \u0111\u1ebfn l\u00e0m t\u1ed5 theo b\u1ea7y d\u01b0\u1edbi \u00e1nh tr\u0103ng.<\/p>\n<p>Trong s\u1ed1 v\u00f4 v\u00e0n c\u00e1c \u0111\u1ecba \u0111i\u1ec3m kh\u1ea3o c\u1ed5, Tikal l\u00e0 n\u01a1i ng\u1ef1 tr\u1ecb t\u1ed1i cao: m\u1ed9t th\u00e0nh ph\u1ed1 t\u1eebng l\u00e0 n\u01a1i sinh s\u1ed1ng c\u1ee7a h\u00e0ng ch\u1ee5c ngh\u00ecn ng\u01b0\u1eddi, h\u1ed3 ch\u1ee9a Lost World ph\u1ea3n chi\u1ebfu hai \u0111\u1ec9nh c\u1ee7a \u0110\u1ec1n I v\u00e0 Trung t\u00e2m Acropolis. Trong s\u1ed1 nh\u1eefng n\u01a1i y\u00ean t\u0129nh h\u01a1n c\u00f3 Iximch\u00e9\u2014t\u1eebng l\u00e0 th\u1ee7 \u0111\u00f4 c\u1ee7a Kaqchikel v\u00e0 c\u00f3 th\u1ec3 \u0111i \u0111\u1ebfn b\u1eb1ng chuy\u1ebfn \u0111i trong ng\u00e0y t\u1eeb Antigua ho\u1eb7c Th\u00e0nh ph\u1ed1 Guatemala\u2014v\u00e0 Aguateca, n\u01a1i nh\u1eefng b\u1ee9c t\u01b0\u1eddng th\u00e0nh \u0111\u1ed5 n\u00e1t \u0111\u1ee9ng canh g\u00e1c tr\u00ean c\u00e1c chi\u1ebfn h\u00e0o kh\u1ea3o c\u1ed5 v\u1eabn c\u00f2n t\u00ecm th\u1ea5y m\u1ea3nh g\u1ed1m v\u00e0 l\u01b0\u1ee1i ki\u1ebfm \u0111\u00e1 v\u1ecf chai. Con \u0111\u01b0\u1eddng \u00edt ng\u01b0\u1eddi \u0111i \u0111\u1ebfn El Mirador \u0111\u00f2i h\u1ecfi nhi\u1ec1u tu\u1ea7n l\u1ed9i b\u1ed9 qua khu r\u1eebng nguy\u00ean s\u01a1, nh\u01b0ng l\u1ea1i t\u01b0\u1edfng th\u01b0\u1edfng cho nh\u1eefng ng\u01b0\u1eddi gan d\u1ea1 v\u1edbi Kim t\u1ef1 th\u00e1p La Danta v\u0129 \u0111\u1ea1i\u2014m\u1ed9t trong nh\u1eefng c\u00f4ng tr\u00ecnh ki\u1ebfn \u200b\u200btr\u00fac l\u1edbn nh\u1ea5t c\u1ee7a nh\u00e2n lo\u1ea1i t\u00ednh theo th\u1ec3 t\u00edch.<\/p>\n<p>Thi\u00ean nhi\u00ean ban t\u1eb7ng nh\u1eefng nh\u00e0 th\u1edd \u0111\u00e1 v\u00e0 n\u01b0\u1edbc ri\u00eang c\u1ee7a n\u00f3. Semuc Champey, \u1edf Alta Verapaz, l\u00e0m cho\u00e1ng ng\u1ee3p \u0111\u00f4i m\u1eaft: m\u1ed9t th\u00e1c n\u01b0\u1edbc ng\u1ecdc b\u00edch n\u1eb1m tr\u00ean \u0111\u1ec9nh m\u1ed9t c\u00e2y c\u1ea7u \u0111\u00e1 v\u00f4i, \u0111\u01b0\u1ee3c t\u1ea1o th\u00e0nh b\u1edfi m\u1ed9t d\u00f2ng s\u00f4ng ch\u1ea3y ng\u1ea7m ch\u1ec9 \u0111\u1ec3 tr\u1edf v\u1ec1 v\u1edbi nh\u1eefng s\u1eafc th\u00e1i ng\u1ecdc lam thay \u0111\u1ed5i. G\u1ea7n \u0111\u00f3, Lanqu\u00edn m\u1ecdc xung quanh mi\u1ec7ng hang \u0111\u1ed9ng \u0111\u00e1 v\u00f4i vang v\u1ecdng ti\u1ebfng nh\u1ecf gi\u1ecdt c\u1ee7a nh\u0169 \u0111\u00e1. Tr\u00ean Rio Dulce, m\u1ed9t tuy\u1ebfn \u0111\u01b0\u1eddng th\u1ee7y quanh co n\u1eb1m gi\u1eefa Belize v\u00e0 Honduras, du kh\u00e1ch d\u1eebng ch\u00e2n t\u1ea1i Finca Para\u00edso\u2014su\u1ed1i n\u01b0\u1edbc n\u00f3ng b\u1eafn tung t\u00f3e nh\u01b0 m\u1ed9t spa bi\u1ec7t l\u1eadp\u2014tr\u01b0\u1edbc khi tham quan Castillo San Felipe de Lara, m\u1ed9t ph\u00e1o \u0111\u00e0i th\u1ebf k\u1ef7 XVII c\u00f3 nh\u1eefng b\u1ee9c t\u01b0\u1eddng m\u00e0u \u0111\u1ea5t son l\u1ea5p l\u00e1nh tr\u00ean m\u1eb7t h\u1ed3.<\/p>\n<p>For those drawn by volcanic drama, Volc\u00e1n de Pacaya remains a rite of passage. Accessible from Antigua, its summit trek ascends over two hours of sweating incline\u2014two routes diverge from nearby El Cedro and San Francisco, differing chiefly in gradient. Park rangers and soldiers patrol the trails, while local guides, licensed by the national park, navigate fissures alive with steam. On days when activity permits, visitors once roasted marshmallows above molten vents; today they content themselves with the glow of incandescent rock, wrapped in jackets to deflect the summit\u2019s chill winds.<\/p>\n<p>Even as tourism fuels growth\u2014injecting roughly US $1.8 billion into the economy in 2008 and attracting some two million visitors annually\u2014Guatemala contends with stark inequalities. Its GDP (purchasing power parity) per capita nears US $10 998, yet over half of all households subsist below the poverty threshold and formal unemployment hovers around 3 percent. Crime and corruption corrode the rule of law; rural families confront food insecurity even amid fertile soil, weighed down by historic land distribution patterns.<\/p>\n<p>The capital\u2019s museums, however, testify to a cultural renewal. The Ixchel Museum of Indigenous Textiles and Clothing displays huipiles woven with ancestral designs. The Museo Popol Vuh presents jade funerary masks, stucco reliefs and the codices recast in three-dimensional dioramas. In smaller towns\u2014one or more in each of the 329 municipalities\u2014curators tend exhibitions of native flora, ecclesiastical art and the implements of daily toil, preserving stories that might otherwise slip into oblivion.<\/p>\n<p>Amid these legacies, Guatemala reveals its true compass: resilience. The Maya calendar, carved in twilight-lit sanctuaries, reminds visitors that seasons of flowering follow campaigns of strife. Across flooded savannas and volcanic ledges, between colonial facades and village plazas where markets pulse with corn and coffee, the republic persists as a vessel of memory. To traverse its roads is to move through epochs: the hush of jungle, the clangor of choirs in painted chapels, the rumble of tectonic plates beneath your feet. It is to stand at the convergence of ancient prophecy and modern aspiration, where stone\u2014down to the last chip of obsidian\u2014bears witness to a singular chapter in human history.<\/p>","protected":false},"excerpt":{"rendered":"<p>Guatemala, v\u1edbi d\u00e2n s\u1ed1 \u01b0\u1edbc t\u00ednh kho\u1ea3ng 17,6 tri\u1ec7u ng\u01b0\u1eddi, l\u00e0 qu\u1ed1c gia \u0111\u00f4ng d\u00e2n nh\u1ea5t \u1edf Trung M\u1ef9. \u0110\u01b0\u1ee3c bi\u1ebft \u0111\u1ebfn ch\u00ednh th\u1ee9c l\u00e0 C\u1ed9ng h\u00f2a Guatemala, Honduras gi\u00e1p bi\u00ean gi\u1edbi v\u1edbi Guatemala \u1edf ph\u00eda \u0111\u00f4ng, Mexico \u1edf ph\u00eda b\u1eafc v\u00e0 ph\u00eda t\u00e2y, Belize \u1edf ph\u00eda \u0111\u00f4ng b\u1eafc v\u00e0 El Salvador \u1edf ph\u00eda \u0111\u00f4ng nam. V\u1ec1 m\u1eb7t th\u1ee7y v\u0103n, V\u1ecbnh Honduras gi\u00e1p bi\u00ean gi\u1edbi v\u1edbi Guatemala \u1edf ph\u00eda \u0111\u00f4ng b\u1eafc v\u00e0 Th\u00e1i B\u00ecnh D\u01b0\u01a1ng gi\u00e1p bi\u00ean gi\u1edbi v\u1edbi Guatemala \u1edf ph\u00eda nam.<\/p>","protected":false},"author":1,"featured_media":4397,"parent":24084,"menu_order":0,"comment_status":"closed","ping_status":"closed","template":"elementor_theme","meta":{"_eb_attr":"","footnotes":""},"class_list":["post-9021","page","type-page","status-publish","has-post-thumbnail"],"_links":{"self":[{"href":"https:\/\/travelshelper.com\/vi\/wp-json\/wp\/v2\/pages\/9021","targetHints":{"allow":["GET"]}}],"collection":[{"href":"https:\/\/travelshelper.com\/vi\/wp-json\/wp\/v2\/pages"}],"about":[{"href":"https:\/\/travelshelper.com\/vi\/wp-json\/wp\/v2\/types\/page"}],"author":[{"embeddable":true,"href":"https:\/\/travelshelper.com\/vi\/wp-json\/wp\/v2\/users\/1"}],"replies":[{"embeddable":true,"href":"https:\/\/travelshelper.com\/vi\/wp-json\/wp\/v2\/comments?post=9021"}],"version-history":[{"count":0,"href":"https:\/\/travelshelper.com\/vi\/wp-json\/wp\/v2\/pages\/9021\/revisions"}],"up":[{"embeddable":true,"href":"https:\/\/travelshelper.com\/vi\/wp-json\/wp\/v2\/pages\/24084"}],"wp:featuredmedia":[{"embeddable":true,"href":"https:\/\/travelshelper.com\/vi\/wp-json\/wp\/v2\/media\/4397"}],"wp:attachment":[{"href":"https:\/\/travelshelper.com\/vi\/wp-json\/wp\/v2\/media?parent=9021"}],"curies":[{"name":"wp","href":"https:\/\/api.w.org\/{rel}","templated":true}]}}