{"id":9003,"date":"2024-09-06T21:27:36","date_gmt":"2024-09-06T21:27:36","guid":{"rendered":"https:\/\/travelshelper.com\/staging\/?page_id=9003"},"modified":"2026-03-13T17:25:59","modified_gmt":"2026-03-13T17:25:59","slug":"trinidad-va-tobago","status":"publish","type":"page","link":"https:\/\/travelshelper.com\/vi\/destinations\/north-america\/trinidad-and-tobago\/","title":{"rendered":"Trinidad v\u00e0 Tobago"},"content":{"rendered":"<p>Trinidad v\u00e0 Tobago l\u00e0 n\u01b0\u1edbc c\u1ed9ng h\u00f2a c\u1ef1c nam c\u1ee7a v\u00f9ng Caribe, m\u1ed9t qu\u1ed1c gia qu\u1ea7n \u0111\u1ea3o \u0111\u01b0\u1ee3c t\u00f4 \u0111i\u1ec3m b\u1edfi hai h\u00f2n \u0111\u1ea3o ch\u00ednh\u2014Trinidad, tr\u1ea3i d\u00e0i 4.768 km\u00b2, v\u00e0 Tobago, bao g\u1ed3m 300 km\u00b2\u2014\u0111\u01b0\u1ee3c n\u1ed1i v\u1edbi nhau b\u1eb1ng m\u1ed9t k\u00eanh d\u00e0i 37 km trong v\u00f9ng n\u01b0\u1edbc nhi\u1ec7t \u0111\u1edbi trong v\u1eaft. L\u00e0 n\u01a1i sinh s\u1ed1ng c\u1ee7a kho\u1ea3ng 1,5 tri\u1ec7u c\u01b0 d\u00e2n trong kh\u1ed1i \u0111\u1ea5t li\u1ec1n r\u1ed9ng 5.128 km\u00b2 v\u00e0 h\u01a1n 335.000 ng\u01b0\u1eddi di c\u01b0 \u1edf n\u01b0\u1edbc ngo\u00e0i, qu\u1ed1c gia n\u00e0y ch\u1ec9 c\u00e1ch Venezuela 11 km v\u1ec1 ph\u00eda \u0111\u00f4ng b\u1eafc v\u00e0 c\u00e1ch Grenada 130 km v\u1ec1 ph\u00eda nam. C\u1ea3ng T\u00e2y Ban Nha, trung t\u00e2m h\u00e0nh ch\u00ednh, tr\u00e1i ng\u01b0\u1ee3c v\u1edbi Chaguanas, th\u00e0nh ph\u1ed1 \u0111\u00f4ng d\u00e2n nh\u1ea5t c\u1ee7a \u0111\u1ea5t n\u01b0\u1edbc n\u1eb1m gi\u1eefa H\u00e0nh lang \u0110\u00f4ng-T\u00e2y m\u00e0u m\u1ee1. V\u1eeba c\u1ea7n c\u00f9 v\u1eeba v\u0103n h\u00f3a, n\u01b0\u1edbc c\u1ed9ng h\u00f2a n\u00e0y \u0111an xen \u0111\u1ecba ch\u1ea5t, l\u1ecbch s\u1eed, kinh t\u1ebf v\u00e0 l\u1ec5 h\u1ed9i th\u00e0nh m\u1ed9t t\u1ea5m th\u1ea3m \u0111\u1ed9c \u0111\u00e1o cho v\u1ecb tr\u00ed \u1edf b\u00e1n c\u1ea7u nam c\u1ee7a m\u00ecnh.<\/p>\n<p>C\u00e1c d\u1ea1ng \u0111\u1ecba h\u00ecnh n\u1ed5i l\u00ean t\u1eeb th\u1ec1m l\u1ee5c \u0111\u1ecba Nam M\u1ef9, m\u1ed9t ph\u1ea7n m\u1edf r\u1ed9ng c\u00f3 d\u00f2ng d\u00f5i ki\u1ebfn \u200b\u200bt\u1ea1o \u0111\u00e3 t\u1ea1o n\u00ean hai v\u01b0\u01a1ng qu\u1ed1c n\u00fai non v\u00e0 v\u00f9ng \u0111\u1ea5t th\u1ea5p. \u1ede Trinidad, D\u00e3y n\u00fai ph\u00eda B\u1eafc t\u1ea1o th\u00e0nh m\u1ed9t \u0111\u01b0\u1eddng cong g\u1ed3 gh\u1ec1 d\u1ecdc theo b\u1edd bi\u1ec3n, \u0111\u1ec9nh cao nh\u1ea5t c\u1ee7a n\u00f3\u2014El Cerro del Aripo\u2014cao t\u1edbi 940 m\u00e9t so v\u1edbi m\u1ef1c n\u01b0\u1edbc bi\u1ec3n; El Tucuche g\u1ea7n \u0111\u00f3 cao t\u1edbi 936 m\u00e9t. B\u00ean d\u01b0\u1edbi x\u01b0\u01a1ng s\u1ed1ng n\u00e0y l\u00e0 c\u00e1c thung l\u0169ng ph\u00f9 sa m\u00e0u m\u1ee1 \u0111\u01b0\u1ee3c h\u00f4n b\u1edfi h\u00e0ng thi\u00ean ni\u00ean k\u1ef7 tr\u1ea7m t\u00edch, trong khi D\u00e3y n\u00fai Trung t\u00e2m v\u00e0 ph\u00eda Nam, m\u1eb7c d\u00f9 c\u00f3 \u0111\u1ed9 cao khi\u00eam t\u1ed1n, nh\u01b0ng l\u1ea1i l\u00e0m thay \u0111\u1ed5i d\u00f2ng ch\u1ea3y c\u1ee7a c\u00e1c con s\u00f4ng cung c\u1ea5p n\u01b0\u1edbc cho c\u00e1c h\u1ed3 ch\u1ee9a nh\u01b0 Hollis, Navet v\u00e0 Caroni. Ng\u01b0\u1ee3c l\u1ea1i, \u0111\u1ecba h\u00ecnh c\u1ee7a Tobago chia th\u00e0nh \u0111\u1ed3ng b\u1eb1ng ph\u00eda t\u00e2y nam v\u00e0 v\u00f9ng cao nguy\u00ean ph\u00eda \u0111\u00f4ng c\u00f3 \u0111\u1ec9nh cao nh\u1ea5t l\u00e0 \u0110\u1ec9nh Pigeon cao t\u1edbi 550 m\u00e9t. C\u00e1c r\u1ea1n san h\u00f4 bao quanh b\u1edd bi\u1ec3n, t\u1ea1o n\u00ean s\u1ef1 ph\u1ee9c t\u1ea1p d\u01b0\u1edbi n\u01b0\u1edbc \u0111\u1ec3 b\u1ed5 sung cho c\u00e1c \u0111\u1ec9nh n\u00fai \u1ea5n t\u01b0\u1ee3ng \u1edf ph\u00eda trong \u0111\u1ea5t li\u1ec1n.<\/p>\n<p>Kh\u00ed h\u1eadu, x\u00edch \u0111\u1ea1o nh\u01b0ng \u0111\u01b0\u1ee3c \u0111i\u1ec1u h\u00f2a b\u1edfi gi\u00f3 m\u1eadu d\u1ecbch, th\u1ec3 hi\u1ec7n r\u00f5 \u1edf nhi\u1ec7t \u0111\u1ed9 th\u1ea5p \u0111\u01b0\u1ee3c chia th\u00e0nh hai m\u00f9a r\u00f5 r\u1ec7t: giai \u0111o\u1ea1n kh\u00f4 t\u1eeb th\u00e1ng 1 \u0111\u1ebfn th\u00e1ng 5 v\u00e0 m\u1ed9t \u0111\u1ee3t m\u01b0a sau \u0111\u00f3. Gi\u00f3 \u0111\u00f4ng b\u1eafc l\u00e0m d\u1ecbu \u0111\u1ed9 \u1ea9m ven bi\u1ec3n, trong khi s\u01b0\u01a1ng m\u00f9 v\u00e0 m\u00e2y ph\u1ee7 l\u00ean D\u00e3y n\u00fai ph\u00eda B\u1eafc \u0111\u1ed9 \u1ea9m g\u1ea7n nh\u01b0 li\u00ean t\u1ee5c, l\u00e0m cho r\u1eebng m\u01b0a nhi\u1ec7t \u0111\u1edbi ph\u00e1t tri\u1ec3n m\u00e1t h\u01a1n nhi\u1ec1u so v\u1edbi \u0111\u1ed3ng b\u1eb1ng. B\u00e3o hi\u1ebfm khi m\u1ea1o hi\u1ec3m \u0111i xa v\u1ec1 ph\u00eda nam nh\u01b0 v\u1eady, m\u1eb7c d\u00f9 Tobago g\u1ee3i nh\u1edb \u0111\u1ebfn d\u1ea5u hi\u1ec7u c\u1ee7a B\u00e3o Flora v\u00e0o ng\u00e0y 30 th\u00e1ng 9 n\u0103m 1963, m\u1ed9t \u0111i\u1ec1u hi\u1ebfm th\u1ea5y trong bi\u00ean ni\u00ean s\u1eed kh\u00ed t\u01b0\u1ee3ng c\u1ee7a n\u01a1i n\u00e0y. Nhi\u1ec7t \u0111\u1ed9 cao k\u1ef7 l\u1ee5c \u1edf C\u1ea3ng T\u00e2y Ban Nha \u0111\u1ea1t 39 \u00b0C v\u00e0 c\u00f3 th\u1ec3 gi\u1ea3m xu\u1ed1ng 12 \u00b0C \u1edf c\u00e1c v\u00f9ng cao, nh\u1ea5n m\u1ea1nh bi\u00ean \u0111\u1ed9 kh\u00ed h\u1eadu \u0111\u01b0\u1ee3c h\u00ecnh th\u00e0nh theo \u0111\u1ed9 cao ch\u1ee9 kh\u00f4ng ch\u1ec9 ri\u00eang v\u0129 \u0111\u1ed9.<\/p>\n<p>Bi\u00ean ni\u00ean s\u1eed lo\u00e0i ng\u01b0\u1eddi c\u1ee7a qu\u1ea7n \u0111\u1ea3o n\u00e0y theo d\u1ea5u v\u1ebft c\u01b0 tr\u00fa c\u1ee7a ng\u01b0\u1eddi b\u1ea3n \u0111\u1ecba t\u1eeb r\u1ea5t l\u00e2u tr\u01b0\u1edbc cu\u1ed9c ch\u1ea1m tr\u00e1n c\u1ee7a Columbus v\u00e0o n\u0103m 1498. Sau khi T\u00e2y Ban Nha cai tr\u1ecb, Trinidad \u0111\u00e3 n\u1eb1m d\u01b0\u1edbi s\u1ef1 ch\u1ec9 huy c\u1ee7a Anh v\u00e0o n\u0103m 1797, ch\u00ednh th\u1ee9c nh\u01b0\u1ee3ng l\u1ea1i v\u00e0o n\u0103m 1802 v\u00e0 th\u1ed1ng nh\u1ea5t v\u1edbi Tobago v\u00e0o n\u0103m 1889; t\u00ecnh tr\u1ea1ng c\u00f3 ch\u1ee7 quy\u1ec1n \u0111\u00e3 \u0111\u1ebfn v\u00e0o n\u0103m 1962, ti\u1ebfp theo l\u00e0 ch\u1ebf \u0111\u1ed9 c\u1ed9ng h\u00f2a v\u00e0o n\u0103m 1976. Nh\u1eefng t\u1ea7ng l\u1edbp qu\u1ea3n l\u00fd v\u00e0 di c\u01b0 n\u00e0y \u0111\u00e3 \u0111\u1ec3 l\u1ea1i m\u1ed9t x\u00e3 h\u1ed9i n\u01a1i c\u00e1c di s\u1ea3n c\u1ee7a ng\u01b0\u1eddi Ch\u00e2u Phi, \u1ea4n \u0110\u1ed9, Ch\u00e2u \u00c2u, Trung Qu\u1ed1c, Amerindian v\u00e0 \u1ea2 R\u1eadp h\u1ed9i t\u1ee5. Ti\u1ebfng Creole ph\u00e1t tri\u1ec3n m\u1ea1nh m\u1ebd c\u00f9ng v\u1edbi c\u00e1c truy\u1ec1n th\u1ed1ng \u0110\u00f4ng \u1ea4n; nh\u1ecbp \u0111i\u1ec7u h\u1ed7n h\u1ee3p th\u00e2m nh\u1eadp v\u00e0o cu\u1ed9c s\u1ed1ng h\u00e0ng ng\u00e0y.<\/p>\n<p>D\u1ea7u kh\u00ed cung c\u1ea5p m\u1ea1ch c\u00f4ng nghi\u1ec7p ch\u00ednh c\u1ee7a \u0111\u1ea5t n\u01b0\u1edbc, gi\u00fap \u0111\u1ea5t n\u01b0\u1edbc n\u00e0y t\u00e1ch bi\u1ec7t kh\u1ecfi c\u00e1c n\u01b0\u1edbc c\u00f9ng v\u00f9ng Caribe th\u01b0\u1eddng ph\u1ee5 thu\u1ed9c v\u00e0o du l\u1ecbch. Tr\u1eef l\u01b0\u1ee3ng hydrocarbon d\u1ed3i d\u00e0o h\u1ed7 tr\u1ee3 c\u00e1c s\u1ed1 li\u1ec7u GDP b\u00ecnh qu\u00e2n \u0111\u1ea7u ng\u01b0\u1eddi \u0111\u01b0\u1ee3c x\u1ebfp v\u00e0o nh\u00f3m thu nh\u1eadp cao to\u00e0n c\u1ea7u, m\u1ed9t v\u1ecb th\u1ebf \u0111\u01b0\u1ee3c c\u1ee7ng c\u1ed1 khi OECD ph\u00e2n lo\u1ea1i l\u1ea1i \u0111\u1ea5t n\u01b0\u1edbc n\u00e0y v\u01b0\u1ee3t ra kh\u1ecfi nh\u00f3m \u0111ang ph\u00e1t tri\u1ec3n v\u00e0o n\u0103m 2011. S\u1ea3n xu\u1ea5t\u2014th\u1ef1c ph\u1ea9m, \u0111\u1ed3 u\u1ed1ng, xi m\u0103ng\u2014ph\u1ee5c v\u1ee5 th\u1ecb tr\u01b0\u1eddng khu v\u1ef1c, trong khi n\u00f4ng nghi\u1ec7p \u0111\u00f3ng g\u00f3p ca cao v\u00e0 cam qu\u00fdt. Du l\u1ecbch, m\u1eb7c d\u00f9 kh\u00f4ng ph\u1ea3i l\u00e0 tr\u1ee5 c\u1ed9t kinh t\u1ebf nh\u01b0 nh\u1eefng n\u01a1i kh\u00e1c, nh\u01b0ng ng\u00e0y c\u00e0ng \u0111\u01b0\u1ee3c ch\u00fa \u00fd, \u0111\u1eb7c bi\u1ec7t l\u00e0 \u1edf b\u1edd bi\u1ec3n Tobago.<\/p>\n<p>L\u1ec5 h\u1ed9i h\u00f3a trang, m\u1ed9t bi\u1ec3u t\u01b0\u1ee3ng c\u1ee7a b\u1ea3n s\u1eafc d\u00e2n t\u1ed9c, minh h\u1ecda cho s\u1ef1 pha tr\u1ed9n v\u0103n h\u00f3a n\u00e0y. C\u00e1c cu\u1ed9c di\u1ec5u h\u00e0nh tr\u00ean ph\u1ed1 th\u1eafp s\u00e1ng C\u1ea3ng T\u00e2y Ban Nha v\u00e0o m\u1ed7i th\u00e1ng Hai ho\u1eb7c th\u00e1ng Ba, v\u1edbi nh\u1eefng ng\u01b0\u1eddi d\u1ef1 ti\u1ec7c h\u00f3a trang ca ng\u1ee3i nh\u1eefng ng\u01b0\u1eddi ti\u00ean phong calypso v\u00e0 soca; d\u00e0n nh\u1ea1c steelpan tr\u00f2 chuy\u1ec7n b\u1eb1ng nh\u1eefng giai \u0111i\u1ec7u b\u1eaft ngu\u1ed3n t\u1eeb s\u1ef1 kh\u00e9o l\u00e9o c\u1ee7a ng\u01b0\u1eddi Ch\u00e2u Phi; c\u00e1c v\u0169 c\u00f4ng limbo th\u1ec3 hi\u1ec7n s\u1ef1 th\u00e1ch th\u1ee9c c\u1ee7a tr\u1ecdng l\u1ef1c. L\u1ec5 k\u1ef7 ni\u1ec7m Hosay v\u00e0 l\u1ec5 th\u1eafp s\u00e1ng Diwali \u0111\u00e1nh d\u1ea5u c\u00e1c l\u1ecbch t\u00f4n gi\u00e1o, trong khi chutney v\u00e0 parang c\u1ed9ng h\u01b0\u1edfng nh\u01b0 nh\u1eefng ph\u01b0\u01a1ng ng\u1eef \u00e2m nh\u1ea1c lai. C\u1ea3 Ng\u00e0y \u0111\u1ebfn c\u1ee7a ng\u01b0\u1eddi \u1ea4n \u0110\u1ed9 v\u00e0 Ng\u00e0y gi\u1ea3i ph\u00f3ng \u0111\u1ec1u c\u00f3 \u0111\u1ecba v\u1ecb ri\u00eang bi\u1ec7t l\u00e0 c\u00e1c ng\u00e0y l\u1ec5 qu\u1ed1c gia c\u00f4ng nh\u1eadn ch\u1ebf \u0111\u1ed9 kh\u1ebf \u01b0\u1edbc v\u00e0 gi\u1ea3i ph\u00f3ng\u2014l\u1ea7n \u0111\u1ea7u ti\u00ean c\u00f3 s\u1ef1 c\u00f4ng nh\u1eadn ch\u00ednh th\u1ee9c nh\u01b0 v\u1eady tr\u00ean to\u00e0n th\u1ebf gi\u1edbi.<\/p>\n<p>M\u1ea1ng l\u01b0\u1edbi giao th\u00f4ng ph\u1ea3n \u00e1nh t\u00ednh hai m\u1eb7t c\u1ee7a nhu c\u1ea7u hi\u1ec7n \u0111\u1ea1i v\u00e0 h\u1ea1n ch\u1ebf t\u1ef1 nhi\u00ean. \u0110\u01b0\u1eddng cao t\u1ed1c\u2014Uriah Butler, Churchill\u2013Roosevelt v\u00e0 Sir Solomon Hochoy\u2014x\u00e2u chu\u1ed7i h\u00e0nh lang \u0111\u00f4ng d\u00e2n c\u1ee7a Trinidad, trong khi Tobago d\u1ef1a v\u00e0o \u0110\u01b0\u1eddng cao t\u1ed1c Claude Noel \u0111\u1ec3 k\u1ebft n\u1ed1i n\u1ed9i \u0111\u1ecba. Xe bu\u00fdt c\u00f4ng c\u1ed9ng, taxi t\u01b0 nh\u00e2n v\u00e0 xe bu\u00fdt nh\u1ecf \u0111i qua c\u00e1c tuy\u1ebfn \u0111\u01b0\u1eddng n\u00e0y. Ph\u00e0 v\u00e0 taxi n\u01b0\u1edbc n\u1ed1i li\u1ec1n C\u1ea3ng T\u00e2y Ban Nha v\u1edbi Scarborough v\u00e0 San Fernando; kh\u00f4ng kh\u00ed v\u1eabn b\u1ecb xuy\u00ean th\u1ee7ng b\u1edfi S\u00e2n bay qu\u1ed1c t\u1ebf Piarco v\u00e0 S\u00e2n bay qu\u1ed1c t\u1ebf ANR Robinson. Piarco, \u0111\u01b0\u1ee3c kh\u00e1nh th\u00e0nh v\u00e0o n\u0103m 1931 v\u00e0 \u0111\u01b0\u1ee3c t\u00e1i ph\u00e1t tri\u1ec3n trong nhi\u1ec1u th\u1eadp k\u1ef7, \u0111\u00e3 gi\u00e0nh \u0111\u01b0\u1ee3c gi\u1ea3i th\u01b0\u1edfng S\u00e2n bay Caribe t\u1ed1t nh\u1ea5t c\u1ee7a Skytrax v\u00e0o n\u0103m 2023, ph\u1ee5c v\u1ee5 kho\u1ea3ng 2,6 tri\u1ec7u h\u00e0nh kh\u00e1ch v\u00e0o n\u0103m 2008 v\u00e0 l\u00e0 trung t\u00e2m c\u1ee7a Caribbean Airlines.<\/p>\n<p>C\u00e1c r\u00eca b\u1edd bi\u1ec3n c\u1ee7a n\u01b0\u1edbc c\u1ed9ng h\u00f2a n\u00e0y cho th\u1ea5y m\u1ed9t b\u1ee9c tranh to\u00e0n c\u1ea3nh v\u1ec1 c\u00e1c b\u00e3i bi\u1ec3n c\u00f3 \u0111\u1eb7c \u0111i\u1ec3m kh\u00e1c bi\u1ec7t r\u00f5 r\u1ec7t. B\u1edd bi\u1ec3n ph\u00eda b\u1eafc c\u1ee7a Trinidad c\u00f3 c\u00e1t m\u1ecbn v\u00e0 s\u00f3ng bi\u1ec3n trong v\u1eaft t\u1ea1i Maracas v\u00e0 Las Cuevas; h\u01b0\u1edbng ti\u1ebfp c\u1eadn ph\u00eda \u0111\u00f4ng c\u1ee7a Mayaro mang l\u1ea1i nh\u1eefng b\u00e3i c\u00e1t r\u1ed9ng h\u01a1n do v\u1ecf s\u00f2 t\u1ea1o th\u00e0nh. V\u00f9ng n\u01b0\u1edbc c\u1ee7a Quinam mang d\u1ea5u \u1ea5n tr\u1ea7m t\u00edch c\u1ee7a S\u00f4ng Orinoco, mang l\u1ea1i m\u1ed9t m\u00e0u s\u1eafc \u1ea5m \u00e1p h\u01a1n. Ng\u01b0\u1ee3c l\u1ea1i, Pigeon Point c\u1ee7a Tobago v\u00e0 V\u1ecbnh Englishman v\u1eabn l\u00e0 nh\u1eefng \u0111\u1ee9a con ti\u00eau bi\u1ec3u c\u1ee7a v\u00f9ng Caribe b\u00ecnh d\u1ecb\u2014c\u00e1t tr\u1eafng \u0111\u01b0\u1ee3c bao ph\u1ee7 b\u1edfi c\u00e1c \u0111\u1ea7m ph\u00e1 y\u00ean t\u0129nh, c\u00e1c khu v\u01b0\u1eddn san h\u00f4 trong t\u1ea7m tay.<\/p>\n<p>H\u1ec7 sinh th\u00e1i \u0111\u1ea7m l\u1ea7y l\u00e0m \u0111a d\u1ea1ng th\u00eam danh m\u1ee5c sinh th\u00e1i c\u1ee7a Trinidad. \u0110\u1ea7m l\u1ea7y Caroni, m\u1ed9t khu b\u1ea3o t\u1ed3n r\u1eebng ng\u1eadp m\u1eb7n, l\u00e0 n\u01a1i tr\u00fa ng\u1ee5 c\u1ee7a c\u00e1c \u0111\u00e0n c\u00f2 qu\u0103m \u0111\u1ecf v\u00e0o l\u00fac ch\u1ea1ng v\u1ea1ng, c\u00e1c v\u00f2ng cung bay c\u1ee7a ch\u00fang v\u1ebd n\u00ean nh\u1eefng v\u1ec7t \u0111\u1ecf th\u1eafm tr\u00ean n\u1ec1n tr\u1eddi r\u1ef1c ch\u00e1y. Nariva, v\u1ec1 ph\u00eda \u0111\u00f4ng, nu\u00f4i d\u01b0\u1ee1ng c\u00e1c \u0111\u1ea7m l\u1ea7y n\u01b0\u1edbc ng\u1ecdt n\u01a1i c\u00e1 s\u1ea5u caiman v\u00e0 chim n\u01b0\u1edbc sinh s\u00f4i n\u1ea3y n\u1edf. Nh\u1eefng v\u00f9ng \u0111\u1ea5t ng\u1eadp n\u01b0\u1edbc n\u00e0y, l\u00e0 m\u1ed9t ph\u1ea7n kh\u00f4ng th\u1ec3 thi\u1ebfu c\u1ee7a ngh\u1ec1 c\u00e1 v\u00e0 ki\u1ec3m so\u00e1t l\u0169 l\u1ee5t, l\u00e0 v\u00ed d\u1ee5 v\u1ec1 s\u1ef1 t\u01b0\u01a1ng t\u00e1c gi\u1eefa \u0111\u1ea5t, n\u01b0\u1edbc v\u00e0 \u0111\u1ed9ng v\u1eadt hoang d\u00e3 m\u00e0 sinh k\u1ebf c\u1ee7a ng\u01b0\u1eddi d\u00e2n \u0111\u1ecba ph\u01b0\u01a1ng ph\u1ee5 thu\u1ed9c v\u00e0o.<\/p>\n<p>Cu\u1ed9c s\u1ed1ng \u0111\u00f4 th\u1ecb t\u1eadp trung v\u00e0o c\u00e1c \u0111\u1ea1i l\u1ed9 r\u1ee3p b\u00f3ng c\u00e2y v\u00e0 di t\u00edch thu\u1ed9c \u0111\u1ecba c\u1ee7a Port of Spain, nh\u01b0ng kh\u00f4ng k\u00e9m ph\u1ea7n s\u00f4i \u0111\u1ed9ng l\u00e0 c\u00e1c khu ch\u1ee3 Chaguanas v\u00e0 c\u00e1c l\u1ed1i \u0111i d\u1ea1o ven s\u00f4ng c\u1ee7a San Fernando. Cu\u1ed9c s\u1ed1ng v\u1ec1 \u0111\u00eam t\u1eadp trung v\u00e0o c\u00e1c khu v\u1ef1c nh\u01b0 \u0110\u1ea1i l\u1ed9 Ariapita c\u1ee7a Port of Spain, n\u01a1i nh\u1eefng n\u1ed1t nh\u1ea1c steelpan vang v\u1ecdng t\u1eeb c\u00e1c ki-\u1ed1t ngo\u00e0i tr\u1eddi; c\u00e1c c\u00e2u l\u1ea1c b\u1ed9 \u1edf Chaguaramas ho\u1ea1t \u0111\u1ed9ng cho \u0111\u1ebfn t\u1eadn b\u00ecnh minh, m\u1eb7c d\u00f9 du kh\u00e1ch thi\u1ebfu c\u1ea3nh gi\u00e1c v\u1eabn ph\u1ea3i c\u1ea9n th\u1eadn. L\u1ecbch v\u0103n h\u00f3a c\u1ee7a n\u01b0\u1edbc c\u1ed9ng h\u00f2a n\u00e0y ch\u1ee9ng ki\u1ebfn \u200b\u200bc\u00e1c l\u1ec5 h\u1ed9i Hindu t\u1eeb Phagwah \u0111\u1ebfn Ganesh Utsav, c\u00e1c l\u1ec5 k\u1ef7 ni\u1ec7m c\u1ee7a C\u01a1 \u0111\u1ed1c gi\u00e1o t\u1eeb M\u00f9a Chay \u0111\u1ebfn Corpus Christi, c\u00e1c l\u1ec5 k\u1ef7 ni\u1ec7m c\u1ee7a ng\u01b0\u1eddi H\u1ed3i gi\u00e1o bao g\u1ed3m Eid al-Fitr v\u00e0 Hosay, v\u00e0 c\u00e1c l\u1ec5 k\u1ef7 ni\u1ec7m di s\u1ea3n c\u1ee7a ng\u01b0\u1eddi ch\u00e2u Phi v\u00e0 b\u1ea3n \u0111\u1ecba.<\/p>\n<p>C\u00e1c ch\u1ec9 s\u1ed1 v\u1ec1 gi\u00e1o d\u1ee5c v\u00e0 y t\u1ebf ph\u1ea3n \u00e1nh \u0111\u1ea7u t\u01b0 c\u1ee7a nh\u00e0 n\u01b0\u1edbc song song v\u1edbi s\u1ef1 th\u1ecbnh v\u01b0\u1ee3ng kinh t\u1ebf. T\u1ef7 l\u1ec7 bi\u1ebft ch\u1eef g\u1ea7n nh\u01b0 \u0111\u1ea1t m\u1ee9c ph\u1ed5 c\u1eadp; c\u00e1c c\u01a1 s\u1edf gi\u00e1o d\u1ee5c ti\u1ec3u h\u1ecdc v\u00e0 trung h\u1ecdc chi\u1ebfm l\u0129nh m\u1ecdi khu v\u1ef1c, trong khi gi\u00e1o d\u1ee5c \u0111\u1ea1i h\u1ecdc thu h\u00fat c\u1ea3 sinh vi\u00ean trong n\u01b0\u1edbc v\u00e0 Caribe. Ch\u0103m s\u00f3c s\u1ee9c kh\u1ecfe c\u1ed9ng \u0111\u1ed3ng, \u0111\u01b0\u1ee3c cung c\u1ea5p th\u00f4ng qua m\u1ea1ng l\u01b0\u1edbi b\u1ec7nh vi\u1ec7n v\u00e0 ph\u00f2ng kh\u00e1m, duy tr\u00ec c\u00e1c ch\u01b0\u01a1ng tr\u00ecnh ti\u00eam ch\u1ee7ng, d\u1ecbch v\u1ee5 ch\u0103m s\u00f3c b\u00e0 m\u1eb9 v\u00e0 gi\u00e1m s\u00e1t b\u1ec7nh nhi\u1ec7t \u0111\u1edbi.<\/p>\n<p>Trong \u0111\u1ecba ch\u00ednh tr\u1ecb khu v\u1ef1c c\u1ee7a C\u1ed9ng \u0111\u1ed3ng Caribe, Trinidad v\u00e0 Tobago c\u00f3 \u1ea3nh h\u01b0\u1edfng kh\u00f4ng c\u00e2n x\u1ee9ng v\u1edbi t\u01b0 c\u00e1ch l\u00e0 nh\u00e0 cung c\u1ea5p n\u0103ng l\u01b0\u1ee3ng, \u0111\u1ed1i tho\u1ea1i ngo\u1ea1i giao v\u00e0 ng\u1ecdn h\u1ea3i \u0111\u0103ng v\u0103n h\u00f3a. D\u1ea7u m\u1ecf v\u00e0 kh\u00ed \u0111\u1ed1t t\u1ef1 nhi\u00ean h\u00f3a l\u1ecfng c\u1ee7a n\u01b0\u1edbc n\u00e0y h\u1ed7 tr\u1ee3 c\u00e1c n\u01b0\u1edbc l\u00e1ng gi\u1ec1ng nh\u1ecf h\u01a1n, trong khi L\u1ec5 h\u1ed9i Carnival c\u1ee7a n\u01b0\u1edbc n\u00e0y thu h\u00fat kh\u00e1ch du l\u1ecbch v\u00e0 ngh\u1ec7 s\u0129 bi\u1ec3u di\u1ec5n t\u1eeb kh\u1eafp b\u00e1n c\u1ea7u. C\u00e1c c\u1ed9ng \u0111\u1ed3ng ng\u01b0\u1eddi di c\u01b0 \u1edf B\u1eafc M\u1ef9 v\u00e0 Ch\u00e2u \u00c2u duy tr\u00ec m\u1ed1i quan h\u1ec7 xuy\u00ean qu\u1ed1c gia, g\u1eedi ki\u1ec1u h\u1ed1i v\u00e0 b\u1ea3o t\u1ed3n c\u00e1c truy\u1ec1n th\u1ed1ng \u1ea9m th\u1ef1c v\u00e0 \u00e2m nh\u1ea1c \u1edf n\u01b0\u1edbc ngo\u00e0i.<\/p>\n<p>Tri\u1ec3n v\u1ecdng t\u01b0\u01a1ng lai c\u1ee7a n\u01b0\u1edbc c\u1ed9ng h\u00f2a ph\u1ee5 thu\u1ed9c v\u00e0o c\u00e1c n\u1ed7 l\u1ef1c \u0111a d\u1ea1ng h\u00f3a\u2014c\u00e1c d\u1ef1 \u00e1n th\u00ed \u0111i\u1ec3m n\u0103ng l\u01b0\u1ee3ng t\u00e1i t\u1ea1o, c\u00e1c s\u00e1ng ki\u1ebfn \u200b\u200bdu l\u1ecbch sinh th\u00e1i trong c\u00e1c khu r\u1eebng \u0111\u01b0\u1ee3c b\u1ea3o v\u1ec7 v\u00e0 c\u00e1c tuy\u1ebfn du l\u1ecbch di s\u1ea3n \u0111an xen c\u00e1c \u0111\u1ecba \u0111i\u1ec3m c\u1ee7a ng\u01b0\u1eddi da \u0111\u1ecf b\u1ea3n \u0111\u1ecba v\u00e0 ki\u1ebfn \u200b\u200btr\u00fac thu\u1ed9c \u0111\u1ecba. C\u00e1c k\u1ebf ho\u1ea1ch c\u1ee7a ch\u00ednh ph\u1ee7 h\u00ecnh dung ra c\u00e1c h\u00e0nh lang \u0111\u01b0\u1eddng s\u1eaft nh\u1eb9 \u1edf Trinidad, m\u1eb7c d\u00f9 c\u00e1c d\u1ef1 \u00e1n nh\u01b0 v\u1eady v\u1eabn c\u00f2n mang t\u00ednh tham v\u1ecdng. Tobago t\u00ecm c\u00e1ch c\u00e2n b\u1eb1ng gi\u1eefa vi\u1ec7c b\u1ea3o t\u1ed3n c\u00e1c r\u1ea1n san h\u00f4 c\u1ee7a m\u00ecnh v\u1edbi vi\u1ec7c ph\u00e1t tri\u1ec3n b\u1edd bi\u1ec3n b\u1ec1n v\u1eefng. Nh\u1eefng s\u00e1ng ki\u1ebfn \u200b\u200bn\u00e0y, xu\u1ea5t ph\u00e1t t\u1eeb c\u00e1c quan h\u1ec7 \u0111\u1ed1i t\u00e1c l\u00e2u d\u00e0i gi\u1eefa nh\u00e0 n\u01b0\u1edbc v\u00e0 t\u01b0 nh\u00e2n, ph\u1ea3n \u00e1nh m\u1ed9t qu\u1ed1c \u0111\u1ea3o v\u1eeba l\u01b0u t\u00e2m \u0111\u1ebfn s\u1ef1 gi\u00e0u c\u00f3 v\u1ec1 m\u1eb7t sinh th\u00e1i c\u1ee7a m\u00ecnh v\u1eeba quy\u1ebft t\u00e2m m\u1edf r\u1ed9ng n\u1ec1n t\u1ea3ng kinh t\u1ebf c\u1ee7a m\u00ecnh.<\/p>\n<p>M\u1eb7c d\u00f9 \u0111\u01b0\u1ee3c h\u00ecnh th\u00e0nh t\u1eeb s\u1ef1 gi\u00e0u c\u00f3 v\u1ec1 d\u1ea7u m\u1ecf, s\u1ef1 gi\u00e0u c\u00f3 th\u1ef1c s\u1ef1 c\u1ee7a Trinidad v\u00e0 Tobago l\u1ea1i n\u1ed5i l\u00ean trong l\u00f2 luy\u1ec7n x\u00e3 h\u1ed9i c\u1ee7a n\u00f3\u2014n\u01a1i ti\u1ebfng tr\u1ed1ng v\u00e0 \u0111\u00e0n sitar giao ti\u1ebfp, n\u01a1i th\u00e9p c\u1ed9ng h\u01b0\u1edfng v\u1edbi c\u00e1c c\u00f4ng tr\u00ecnh x\u00e2y d\u1ef1ng th\u1eddi thu\u1ed9c \u0111\u1ecba, n\u01a1i r\u1eebng ng\u1eadp m\u1eb7n l\u1ecdc n\u01b0\u1edbc s\u00f4ng, v\u00e0 n\u01a1i con ng\u01b0\u1eddi mang theo l\u1ecbch s\u1eed trong c\u1ea3 k\u00fd \u1ee9c v\u00e0 giai \u0111i\u1ec7u. \u0110\u00e2y ch\u00ednh l\u00e0 n\u01a1i b\u1ea3n ch\u1ea5t c\u1ee7a qu\u1ed1c gia t\u1ed3n t\u1ea1i: m\u1ed9t v\u01b0\u01a1ng qu\u1ed1c n\u01a1i \u0111\u1ecba l\u00fd, v\u0103n h\u00f3a v\u00e0 doanh nghi\u1ec7p h\u1ed9i t\u1ee5 \u1edf r\u00eca ph\u00eda nam c\u1ee7a v\u00f9ng Caribe, b\u1ed9c l\u1ed9 s\u1ee9c ph\u1ee5c h\u1ed3i v\u00e0 s\u1ef1 s\u00e1ng t\u1ea1o m\u00e0 kh\u00f4ng m\u1ed9t b\u1ea3n \u0111\u1ed3 n\u00e0o c\u00f3 th\u1ec3 truy\u1ec1n t\u1ea3i \u0111\u01b0\u1ee3c.<\/p>\n<p>T\u00f3m l\u1ea1i, C\u1ed9ng h\u00f2a Trinidad v\u00e0 Tobago th\u1ec3 hi\u1ec7n s\u1ef1 pha tr\u1ed9n \u0111\u1ed9c \u0111\u00e1o gi\u1eefa t\u00ednh li\u00ean t\u1ee5c v\u1ec1 m\u1eb7t \u0111\u1ecba ch\u1ea5t v\u1edbi Nam M\u1ef9, m\u1ed9t n\u1ec1n kinh t\u1ebf c\u1ea7n c\u00f9 b\u00e1m ch\u1eb7t v\u00e0o hydrocarbon v\u00e0 s\u1ee9c s\u1ed1ng v\u0103n h\u00f3a b\u1eaft ngu\u1ed3n t\u1eeb di s\u1ea3n c\u1ee7a ng\u01b0\u1eddi ch\u00e2u Phi, ng\u01b0\u1eddi \u1ea4n \u0110\u1ed9 v\u00e0 ng\u01b0\u1eddi b\u1ea3n \u0111\u1ecba. Hai h\u00f2n \u0111\u1ea3o song sinh c\u1ee7a n\u00f3, th\u1ed1ng nh\u1ea5t nh\u01b0ng ri\u00eang bi\u1ec7t, tr\u1ea3i d\u00e0i t\u1eeb d\u00e3y n\u00fai \u0111\u1ebfn r\u1ea1n san h\u00f4, t\u1eeb s\u1ef1 nh\u1ed9n nh\u1ecbp c\u1ee7a \u0111\u00f4 th\u1ecb \u0111\u1ebfn s\u1ef1 im l\u1eb7ng c\u1ee7a r\u1eebng ng\u1eadp m\u1eb7n. Qua nhi\u1ec1u th\u1ebf k\u1ef7 thu\u1ed9c \u0111\u1ecba h\u00f3a v\u00e0 t\u1ef1 ch\u1ee7, ng\u01b0\u1eddi d\u00e2n n\u01a1i \u0111\u00e2y \u0111\u00e3 h\u00ecnh th\u00e0nh n\u00ean m\u1ed9t x\u00e3 h\u1ed9i \u0111\u1eb7c tr\u01b0ng b\u1edfi c\u00e1c l\u1ec5 h\u1ed9i, \u00e2m nh\u1ea1c v\u00e0 tinh th\u1ea7n c\u1ed9ng \u0111\u1ed3ng. Do \u0111\u00f3, qu\u1ed1c gia hai h\u00f2n \u0111\u1ea3o n\u00e0y \u0111ang \u0111\u1ee9ng tr\u01b0\u1edbc ng\u00e3 ba \u0111\u01b0\u1eddng c\u1ee7a truy\u1ec1n th\u1ed1ng v\u00e0 s\u1ef1 chuy\u1ec3n \u0111\u1ed5i\u2014con \u0111\u01b0\u1eddng t\u01b0\u01a1ng lai c\u1ee7a n\u00f3 \u0111a d\u1ea1ng nh\u01b0 c\u1ea3nh quan c\u1ee7a n\u00f3, tr\u00e1i tim c\u1ee7a n\u00f3 ki\u00ean \u0111\u1ecbnh nh\u01b0 b\u1edd bi\u1ec3n l\u1ed9ng gi\u00f3 c\u1ee7a n\u00f3.<\/p>","protected":false},"excerpt":{"rendered":"<p>Trinidad v\u00e0 Tobago, t\u00ean ch\u00ednh th\u1ee9c l\u00e0 C\u1ed9ng h\u00f2a Trinidad v\u00e0 Tobago, l\u00e0 qu\u1ed1c gia n\u1eb1m \u1edf c\u1ef1c nam c\u1ee7a v\u00f9ng Caribe. Qu\u1ed1c gia n\u0103ng \u0111\u1ed9ng n\u00e0y bao g\u1ed3m c\u00e1c \u0111\u1ea3o ch\u00ednh c\u1ee7a Trinidad v\u00e0 Tobago c\u0169ng nh\u01b0 nhi\u1ec1u \u0111\u1ea3o nh\u1ecf h\u01a1n. V\u1ecb tr\u00ed thu\u1eadn l\u1ee3i c\u1ee7a h\u1ecd ch\u1ec9 c\u00e1ch Grenada 130 km (81 d\u1eb7m) v\u1ec1 ph\u00eda nam v\u00e0 c\u00e1ch b\u1edd bi\u1ec3n \u0111\u00f4ng b\u1eafc c\u1ee7a Venezuela 11 km (6,8 d\u1eb7m). Grenada \u1edf ph\u00eda t\u00e2y b\u1eafc, Barbados \u1edf ph\u00eda \u0111\u00f4ng, Venezuela \u1edf ph\u00eda nam v\u00e0 ph\u00eda t\u00e2y \u0111\u1ec1u c\u00f3 bi\u00ean gi\u1edbi tr\u00ean bi\u1ec3n v\u1edbi qu\u1ed1c gia n\u00e0y. H\u1ea7u h\u1ebft m\u1ecdi ng\u01b0\u1eddi \u0111\u1ec1u \u0111\u1ed3ng \u00fd r\u1eb1ng Trinidad v\u00e0 Tobago thu\u1ed9c v\u1ec1 T\u00e2y \u1ea4n, m\u1ed9t v\u00f9ng l\u00e3nh th\u1ed5 n\u1ed5i ti\u1ebfng v\u1edbi di s\u1ea3n v\u0103n h\u00f3a phong ph\u00fa v\u00e0 t\u1ea7m quan tr\u1ecdng v\u1ec1 m\u1eb7t l\u1ecbch s\u1eed. Th\u1ee7 \u0111\u00f4 l\u00e0 C\u1ea3ng T\u00e2y Ban Nha; Chaguanas l\u00e0 \u0111\u00f4 th\u1ecb l\u1edbn nh\u1ea5t v\u00e0 \u0111\u00f4ng d\u00e2n nh\u1ea5t.<\/p>","protected":false},"author":1,"featured_media":4419,"parent":24084,"menu_order":0,"comment_status":"closed","ping_status":"closed","template":"elementor_theme","meta":{"_eb_attr":"","footnotes":""},"class_list":["post-9003","page","type-page","status-publish","has-post-thumbnail"],"_links":{"self":[{"href":"https:\/\/travelshelper.com\/vi\/wp-json\/wp\/v2\/pages\/9003","targetHints":{"allow":["GET"]}}],"collection":[{"href":"https:\/\/travelshelper.com\/vi\/wp-json\/wp\/v2\/pages"}],"about":[{"href":"https:\/\/travelshelper.com\/vi\/wp-json\/wp\/v2\/types\/page"}],"author":[{"embeddable":true,"href":"https:\/\/travelshelper.com\/vi\/wp-json\/wp\/v2\/users\/1"}],"replies":[{"embeddable":true,"href":"https:\/\/travelshelper.com\/vi\/wp-json\/wp\/v2\/comments?post=9003"}],"version-history":[{"count":0,"href":"https:\/\/travelshelper.com\/vi\/wp-json\/wp\/v2\/pages\/9003\/revisions"}],"up":[{"embeddable":true,"href":"https:\/\/travelshelper.com\/vi\/wp-json\/wp\/v2\/pages\/24084"}],"wp:featuredmedia":[{"embeddable":true,"href":"https:\/\/travelshelper.com\/vi\/wp-json\/wp\/v2\/media\/4419"}],"wp:attachment":[{"href":"https:\/\/travelshelper.com\/vi\/wp-json\/wp\/v2\/media?parent=9003"}],"curies":[{"name":"wp","href":"https:\/\/api.w.org\/{rel}","templated":true}]}}