{"id":8979,"date":"2024-09-06T18:08:34","date_gmt":"2024-09-06T18:08:34","guid":{"rendered":"https:\/\/travelshelper.com\/staging\/?page_id=8979"},"modified":"2026-03-13T21:30:51","modified_gmt":"2026-03-13T21:30:51","slug":"su-that-hoac-hau-qua","status":"publish","type":"page","link":"https:\/\/travelshelper.com\/vi\/destinations\/north-america\/united-states\/truth-or-consequences\/","title":{"rendered":"S\u1ef1 Th\u1eadt ho\u1eb7c H\u1eadu Qu\u1ea3"},"content":{"rendered":"<p>Truth or Consequences l\u00e0 m\u1ed9t th\u00e0nh ph\u1ed1 \u0111\u1eb7c bi\u1ec7t n\u1eb1m \u1edf ti\u1ec3u bang New Mexico c\u1ee7a Hoa K\u1ef3, \u0111\u00f3ng vai tr\u00f2 l\u00e0 qu\u1eadn l\u1ef5 c\u1ee7a Qu\u1eadn Sierra. D\u00e2n s\u1ed1 c\u1ee7a Truth or Consequences theo \u0111i\u1ec1u tra d\u00e2n s\u1ed1 n\u0103m 2020 l\u00e0 6.052. Th\u00e0nh ph\u1ed1 n\u00e0y ch\u1ee7 y\u1ebfu \u0111\u01b0\u1ee3c bi\u1ebft \u0111\u1ebfn v\u1edbi c\u00e1i t\u00ean \u0111\u1ed9c \u0111\u00e1o c\u1ee7a n\u00f3, \u0111\u01b0\u1ee3c ch\u1ecdn v\u00e0o th\u00e1ng 3 n\u0103m 1950 sau ch\u01b0\u01a1ng tr\u00ecnh ph\u00e1t thanh n\u1ed5i ti\u1ebfng \u201cTruth or Consequences\u201d. M\u1eb7c d\u00f9 t\u00ean ch\u00ednh th\u1ee9c kh\u00f4ng c\u00f3 d\u1ea5u c\u00e2u, nh\u01b0ng vi\u1ec7c thay \u0111\u1ed5i t\u00ean n\u00e0y th\u01b0\u1eddng d\u1eabn \u0111\u1ebfn vi\u1ec7c g\u1ea1ch n\u1ed1i (Truth-or-Consequences, T-or-C) \u0111\u1ec3 r\u00f5 r\u00e0ng h\u01a1n.<\/p>\n<p>Su\u1ed1i n\u01b0\u1edbc n\u00f3ng c\u00f3 r\u1ea5t nhi\u1ec1u trong khu v\u1ef1c bao g\u1ed3m Truth or Consequences. V\u00e0o \u0111\u1ea7u th\u1ebf k\u1ef7 19, John Cross Ranch\u2014ph\u00eda tr\u00ean Geronimo Springs\u2014\u0111\u00e3 th\u00e0nh l\u1eadp ph\u00f2ng t\u1eafm c\u00f4ng c\u1ed9ng \u0111\u1ea7u ti\u00ean trong khu v\u1ef1c. C\u00e1c su\u1ed1i n\u01b0\u1edbc n\u00f3ng n\u1eb1m b\u00ean trong l\u01b0u v\u1ef1c Hot Springs Artesian. M\u1eb7c d\u00f9 c\u00f3 c\u00e1c su\u1ed1i n\u01b0\u1edbc n\u00f3ng t\u1ef1 nhi\u00ean, s\u1ef1 ph\u00e1t tri\u1ec3n c\u1ee7a khu \u0111\u1ecbnh c\u01b0 \u0111\u00e1ng ch\u00fa \u00fd trong khu v\u1ef1c \u0111\u00e3 b\u1ecb ho\u00e3n l\u1ea1i \u0111\u00e1ng k\u1ec3 cho \u0111\u1ebfn khi \u0110\u1eadp Elephant Butte v\u00e0 h\u1ed3 ch\u1ee9a \u0111\u01b0\u1ee3c x\u00e2y d\u1ef1ng, b\u1eaft \u0111\u1ea7u v\u00e0o n\u0103m 1912 v\u00e0 k\u1ebft th\u00fac khi ho\u00e0n th\u00e0nh v\u00e0o n\u0103m 1916. \u0110\u01b0\u1ee3c ch\u1ea5p thu\u1eadn b\u1edfi \u0110\u1ea1o lu\u1eadt khai hoang Newlands n\u0103m 1902, D\u1ef1 \u00e1n Rio Grande l\u00e0 m\u1ed9t n\u1ed7 l\u1ef1c ban \u0111\u1ea7u l\u1edbn trong vi\u1ec7c t\u01b0\u1edbi ti\u00eau quy m\u00f4 l\u1edbn ph\u1ee5 thu\u1ed9c v\u00e0o \u0111\u1eadp. \u0110\u01b0\u1ee3c th\u00e0nh l\u1eadp ch\u00ednh th\u1ee9c v\u1edbi t\u00ean g\u1ecdi Hot Springs v\u00e0o n\u0103m 1916, th\u1ecb tr\u1ea5n sau \u0111\u00f3 tr\u1edf th\u00e0nh tr\u1ee5 s\u1edf c\u1ee7a Qu\u1eadn Sierra v\u00e0o n\u0103m 1937. Ch\u1ee7 y\u1ebfu ph\u1ee5c v\u1ee5 kh\u00e1ch, Hot Springs c\u00f3 b\u1ed1n m\u01b0\u01a1i spa su\u1ed1i n\u01b0\u1edbc n\u00f3ng t\u1ef1 nhi\u00ean kh\u00e1c nhau v\u00e0o cu\u1ed1i nh\u1eefng n\u0103m 1930.<\/p>\n<p>M\u1ed9t cu\u1ed9c thi tr\u00ean ch\u01b0\u01a1ng tr\u00ecnh ph\u00e1t thanh \u0111\u00e3 d\u1eabn \u0111\u1ebfn vi\u1ec7c \u0111\u1ed5i t\u00ean th\u00e0nh ph\u1ed1 t\u1eeb Hot Springs th\u00e0nh Truth or Consequences. Ralph Edwards, ng\u01b0\u1eddi d\u1eabn ch\u01b0\u01a1ng tr\u00ecnh \u0111\u1ed1 vui c\u1ee7a \u0110\u00e0i ph\u00e1t thanh NBC &#034;Truth or Consequences&#034;, \u0111\u00e3 tuy\u00ean b\u1ed1 v\u00e0o th\u00e1ng 3 n\u0103m 1950 r\u1eb1ng \u00f4ng s\u1ebd ph\u00e1t s\u00f3ng ch\u01b0\u01a1ng tr\u00ecnh v\u00e0o d\u1ecbp k\u1ef7 ni\u1ec7m 10 n\u0103m th\u00e0nh l\u1eadp c\u1ee7a th\u1ecb tr\u1ea5n \u0111\u1ea7u ti\u00ean quy\u1ebft \u0111\u1ecbnh \u0111\u1ed5i t\u00ean theo ch\u01b0\u01a1ng tr\u00ecnh. Hot Springs ch\u00ednh th\u1ee9c \u0111\u1ed5i t\u00ean v\u00e0o ng\u00e0y 31 th\u00e1ng 3 n\u0103m 1950; ch\u01b0\u01a1ng tr\u00ecnh \u0111\u01b0\u1ee3c ph\u00e1t s\u00f3ng t\u1eeb \u0111\u1ecba \u0111i\u1ec3m n\u00e0y v\u00e0o t\u1ed1i h\u00f4m sau. Edwards \u0111\u00e3 \u0111\u1ebfn th\u0103m th\u1ecb tr\u1ea5n v\u00e0o cu\u1ed1i tu\u1ea7n \u0111\u1ea7u ti\u00ean c\u1ee7a th\u00e1ng 5 trong 50 n\u0103m ti\u1ebfp theo; s\u1ef1 ki\u1ec7n n\u00e0y \u0111\u01b0\u1ee3c g\u1ecdi l\u00e0 Fiesta. Cu\u1ed1i c\u00f9ng, Fiesta bao g\u1ed3m m\u1ed9t bu\u1ed5i bi\u1ec3u di\u1ec5n tr\u00ean s\u00e2n kh\u1ea5u, m\u1ed9t cu\u1ed9c thi s\u1eafc \u0111\u1eb9p v\u00e0 m\u1ed9t cu\u1ed9c di\u1ec5u h\u00e0nh. \u0110\u1ec3 t\u00f4n vinh c\u00e1c ch\u1ee9c s\u1eafc \u0111\u1ecba ph\u01b0\u01a1ng, n\u1eef ho\u00e0ng cu\u1ed9c thi Hoa h\u1eadu Fiesta n\u0103m ngo\u00e1i v\u00e0 ng\u01b0\u1eddi chi\u1ebfn th\u1eafng cu\u1ed9c thi N\u1eef ho\u00e0ng Chile Hatch, th\u00e0nh ph\u1ed1 t\u1ed5 ch\u1ee9c Fiesta v\u00e0o m\u1ed7i cu\u1ed1i tu\u1ea7n \u0111\u1ea7u ti\u00ean c\u1ee7a th\u00e1ng 5. Fiesta l\u00e0 m\u1ed9t s\u1ef1 ki\u1ec7n khi\u00eau v\u0169 \u0111\u01b0\u1ee3c t\u1ed5 ch\u1ee9c t\u1ea1i C\u00f4ng vi\u00ean Ralph Edwards.<\/p>\n<p>T\u1ed5ng c\u1ed9ng, c\u00e1c su\u1ed1i n\u01b0\u1edbc n\u00f3ng \u1edf Truth or Consequences cho th\u1ea5y l\u01b0u l\u01b0\u1ee3ng g\u1ea7n 99 l\u00edt (26 gallon M\u1ef9) m\u1ed7i gi\u00e2y. Truth or Consequences c\u00f3 g\u1ea7n b\u1ed1n m\u01b0\u01a1i spa su\u1ed1i n\u01b0\u1edbc n\u00f3ng tr\u01b0\u1edbc Th\u1ebf chi\u1ebfn II. Hi\u1ec7p h\u1ed9i su\u1ed1i n\u01b0\u1edbc n\u00f3ng \u1edf Truth or Consequences c\u00f3 m\u01b0\u1eddi c\u01a1 s\u1edf spa l\u00e0 th\u00e0nh vi\u00ean t\u00ednh \u0111\u1ebfn n\u0103m 2008. N\u0103m trong s\u1ed1 c\u00e1c \u0111\u1ecba \u0111i\u1ec3m n\u00e0y\u2014La Paloma Hot Springs &amp; Spa (tr\u01b0\u1edbc \u0111\u00e2y l\u00e0 Marshall Hot Springs), Riverbend Hot Springs, Indian Springs Bath House, Artesian Bath House v\u00e0 Hay-Yo-kay Hot Springs\u2014l\u1ea5y n\u01b0\u1edbc t\u1eeb c\u00e1c su\u1ed1i n\u01b0\u1edbc n\u00f3ng ch\u1ea3y t\u1ef1 do; n\u0103m trong s\u1ed1 \u0111\u00f3\u2014l\u00e0 gi\u1ebfng.<\/p>\n<p>Hai d\u1ef1 \u00e1n tr\u00ecnh di\u1ec5n n\u0103ng l\u01b0\u1ee3ng \u0111\u1ecba nhi\u1ec7t do S\u1edf N\u0103ng l\u01b0\u1ee3ng, Kho\u00e1ng s\u1ea3n v\u00e0 T\u00e0i nguy\u00ean thi\u00ean nhi\u00ean New Mexico \u0111i\u1ec1u h\u00e0nh t\u1ea1i Truth or Consequences trong nh\u1eefng n\u0103m 1980. Ban \u0111\u1ea7u cam k\u1ebft gi\u00fap \u0111\u1ee1 tr\u1ebb em khuy\u1ebft t\u1eadt v\u1ec1 th\u1ec3 ch\u1ea5t, B\u1ec7nh vi\u1ec7n Carrie Tingley \u0111\u00e3 s\u1eed d\u1ee5ng ti\u1ec1n c\u1ee7a ti\u1ec3u bang \u0111\u1ec3 b\u1eaft \u0111\u1ea7u m\u1ed9t ch\u01b0\u01a1ng tr\u00ecnh v\u1eadt l\u00fd tr\u1ecb li\u1ec7u t\u1ea1i Truth or Consequences; nh\u01b0ng ch\u01b0\u01a1ng tr\u00ecnh n\u00e0y sau \u0111\u00f3 \u0111\u00e3 chuy\u1ec3n \u0111\u1ebfn Albuquerque. H\u1ec7 th\u1ed1ng s\u01b0\u1edfi \u1ea5m kh\u00f4ng gian \u0111\u1ecba nhi\u1ec7t mang l\u1ea1i l\u1ee3i \u00edch cho Trung t\u00e2m Ng\u01b0\u1eddi cao tu\u1ed5i g\u1ea7n \u0111\u00f3.<\/p>\n<p>A city marked by historical importance and an unusual name that captures its unique appeal is Truth or Consequences. From its beginnings as a hot spring destination to its modern Fiesta celebrations, which regularly draw people through its natural beauty and cultural events, the city has changed. Whether one is savoring the therapeutic advantages of their hot springs or participating in the annual Fiesta, Truth or Consequences offers a special mix of relaxation, historical relevance, and community involvement, so establishing its uniqueness in New Mexico.\u2026<\/p>","protected":false},"excerpt":{"rendered":"<p>Truth or Consequences l\u00e0 m\u1ed9t th\u00e0nh ph\u1ed1 \u0111\u1eb7c bi\u1ec7t n\u1eb1m \u1edf ti\u1ec3u bang New Mexico c\u1ee7a Hoa K\u1ef3, \u0111\u00f3ng vai tr\u00f2 l\u00e0 qu\u1eadn l\u1ef5 c\u1ee7a Qu\u1eadn Sierra. D\u00e2n s\u1ed1 c\u1ee7a Truth or Consequences theo \u0111i\u1ec1u tra d\u00e2n s\u1ed1 n\u0103m 2020 l\u00e0 6.052. Th\u00e0nh ph\u1ed1 n\u00e0y ch\u1ee7 y\u1ebfu \u0111\u01b0\u1ee3c bi\u1ebft \u0111\u1ebfn v\u1edbi c\u00e1i t\u00ean \u0111\u1ed9c \u0111\u00e1o c\u1ee7a n\u00f3, \u0111\u01b0\u1ee3c ch\u1ecdn v\u00e0o th\u00e1ng 3 n\u0103m 1950 sau ch\u01b0\u01a1ng tr\u00ecnh ph\u00e1t thanh n\u1ed5i ti\u1ebfng \u201cTruth or Consequences\u201d. M\u1eb7c d\u00f9 t\u00ean ch\u00ednh th\u1ee9c kh\u00f4ng c\u00f3 d\u1ea5u c\u00e2u, nh\u01b0ng vi\u1ec7c thay \u0111\u1ed5i t\u00ean n\u00e0y th\u01b0\u1eddng d\u1eabn \u0111\u1ebfn vi\u1ec7c g\u1ea1ch n\u1ed1i (Truth-or-Consequences, T-or-C) \u0111\u1ec3 r\u00f5 r\u00e0ng h\u01a1n.<\/p>","protected":false},"author":1,"featured_media":23485,"parent":8072,"menu_order":0,"comment_status":"closed","ping_status":"closed","template":"elementor_theme","meta":{"_eb_attr":"","footnotes":""},"class_list":["post-8979","page","type-page","status-publish","has-post-thumbnail"],"_links":{"self":[{"href":"https:\/\/travelshelper.com\/vi\/wp-json\/wp\/v2\/pages\/8979","targetHints":{"allow":["GET"]}}],"collection":[{"href":"https:\/\/travelshelper.com\/vi\/wp-json\/wp\/v2\/pages"}],"about":[{"href":"https:\/\/travelshelper.com\/vi\/wp-json\/wp\/v2\/types\/page"}],"author":[{"embeddable":true,"href":"https:\/\/travelshelper.com\/vi\/wp-json\/wp\/v2\/users\/1"}],"replies":[{"embeddable":true,"href":"https:\/\/travelshelper.com\/vi\/wp-json\/wp\/v2\/comments?post=8979"}],"version-history":[{"count":0,"href":"https:\/\/travelshelper.com\/vi\/wp-json\/wp\/v2\/pages\/8979\/revisions"}],"up":[{"embeddable":true,"href":"https:\/\/travelshelper.com\/vi\/wp-json\/wp\/v2\/pages\/8072"}],"wp:featuredmedia":[{"embeddable":true,"href":"https:\/\/travelshelper.com\/vi\/wp-json\/wp\/v2\/media\/23485"}],"wp:attachment":[{"href":"https:\/\/travelshelper.com\/vi\/wp-json\/wp\/v2\/media?parent=8979"}],"curies":[{"name":"wp","href":"https:\/\/api.w.org\/{rel}","templated":true}]}}