{"id":8967,"date":"2024-09-06T17:40:05","date_gmt":"2024-09-06T17:40:05","guid":{"rendered":"https:\/\/travelshelper.com\/staging\/?page_id=8967"},"modified":"2026-03-13T18:09:05","modified_gmt":"2026-03-13T18:09:05","slug":"pagosa-springs","status":"publish","type":"page","link":"https:\/\/travelshelper.com\/vi\/destinations\/north-america\/united-states\/pagosa-springs\/","title":{"rendered":"Pagosa Springs"},"content":{"rendered":"<p>Pagosa Springs l\u00e0 m\u1ed9t c\u1ed9ng \u0111\u1ed3ng mi\u1ec1n n\u00fai nh\u1ecf \u1edf ph\u00eda t\u00e2y nam Colorado. D\u00e2n s\u1ed1 c\u1ee7a th\u1ecb tr\u1ea5n dao \u0111\u1ed9ng quanh m\u1ee9c gi\u1eefa nh\u1eefng n\u0103m 1500 trong cu\u1ed9c \u0111i\u1ec1u tra d\u00e2n s\u1ed1 n\u0103m 2020, t\u0103ng l\u00ean kho\u1ea3ng 1.877 v\u00e0o n\u0103m 2025. \u0110\u1eb7c \u0111i\u1ec3m d\u00e2n s\u1ed1 c\u1ee7a th\u1ecb tr\u1ea5n ph\u1ea3n \u00e1nh c\u01a1 s\u1edf d\u00e2n s\u1ed1 tr\u1ebb (tu\u1ed5i trung b\u00ecnh ~34,5) v\u00e0 s\u1ef1 hi\u1ec7n di\u1ec7n \u0111\u00e1ng k\u1ec3 c\u1ee7a ng\u01b0\u1eddi g\u1ed1c T\u00e2y Ban Nha\/La tinh (kho\u1ea3ng 43% c\u01b0 d\u00e2n). V\u1ec1 m\u1eb7t kinh t\u1ebf, Pagosa Springs ph\u1ee5 thu\u1ed9c r\u1ea5t nhi\u1ec1u v\u00e0o du l\u1ecbch v\u00e0 thu nh\u1eadp h\u01b0u tr\u00ed. Thu nh\u1eadp h\u1ed9 gia \u0111\u00ecnh trung b\u00ecnh khi\u00eam t\u1ed1n (kho\u1ea3ng 36.700 \u0111\u00f4 la) v\u1edbi kho\u1ea3ng 23% gia \u0111\u00ecnh d\u01b0\u1edbi m\u1ee9c ngh\u00e8o kh\u1ed5. Nhi\u1ec1u h\u1ed9 gia \u0111\u00ecnh d\u1ef1a v\u00e0o c\u00e1c ng\u00e0nh d\u1ecbch v\u1ee5, gi\u1ea3i tr\u00ed ngo\u00e0i tr\u1eddi v\u00e0 d\u1ecbch v\u1ee5 kh\u00e1ch s\u1ea1n. N\u1ec1n kinh t\u1ebf n\u00e0y \u0111\u00e3 \u1ed5n \u0111\u1ecbnh trong nh\u1eefng th\u1eadp k\u1ef7 g\u1ea7n \u0111\u00e2y khi c\u00e1c su\u1ed1i n\u01b0\u1edbc n\u00f3ng v\u00e0 khu tr\u01b0\u1ee3t tuy\u1ebft n\u1ed5i ti\u1ebfng c\u1ee7a th\u1ecb tr\u1ea5n thu h\u00fat \u0111\u01b0\u1ee3c du kh\u00e1ch.<\/p>\n<p>Pagosa Springs n\u1eb1m \u1edf d\u00e3y n\u00fai San Juan ph\u00eda t\u00e2y g\u1ed3 gh\u1ec1 c\u1ee7a Colorado, c\u00e1ch bi\u00ean gi\u1edbi New Mexico kho\u1ea3ng 35 d\u1eb7m v\u1ec1 ph\u00eda b\u1eafc. N\u1eb1m \u1edf \u0111\u1ed9 cao 7.126 feet tr\u00ean S\u01b0\u1eddn ph\u00eda T\u00e2y c\u1ee7a \u0110\u01b0\u1eddng ph\u00e2n chia l\u1ee5c \u0111\u1ecba, th\u1ecb tr\u1ea5n n\u00e0y n\u1eb1m tr\u00ean m\u1ed9t cao nguy\u00ean sa m\u1ea1c cao \u0111\u01b0\u1ee3c bao quanh b\u1edfi nh\u1eefng c\u00e1nh r\u1eebng v\u00e0 \u0111\u1ec9nh n\u00fai ph\u1ee7 tuy\u1ebft. S\u00f4ng San Juan ch\u1ea3y g\u1ea7n \u0111\u00f3, \u0111\u01b0\u1ee3c cung c\u1ea5p n\u01b0\u1edbc t\u1eeb tuy\u1ebft tan tr\u00ean n\u00fai. R\u1eebng th\u00f4ng v\u00e0 c\u00e2y x\u00f4 th\u01a1m bao quanh th\u1ecb tr\u1ea5n, n\u01a1i c\u00f3 kh\u00ed h\u1eadu n\u1eafng b\u1ea5t th\u01b0\u1eddng - kho\u1ea3ng 300 ng\u00e0y n\u1eafng m\u1ed7i n\u0103m. M\u00f9a \u0111\u00f4ng l\u1ea1nh nh\u01b0ng t\u01b0\u01a1ng \u0111\u1ed1i \u00f4n h\u00f2a so v\u1edbi \u0111\u1ed9 cao n\u00e0y, c\u00f2n m\u00f9a h\u00e8 \u1ea5m \u00e1p v\u00e0 th\u01b0\u1eddng kh\u00f4. S\u1ef1 k\u1ebft h\u1ee3p gi\u1eefa c\u00e1c y\u1ebfu t\u1ed1 n\u00fai non v\u00e0 sa m\u1ea1c cao t\u1ea1o cho Pagosa Springs m\u1ed9t khung c\u1ea3nh ri\u00eang bi\u1ec7t kh\u00f4ng gi\u1ed1ng nh\u01b0 \u0111\u1ed3ng b\u1eb1ng th\u1ea5p h\u01a1n c\u1ee7a Colorado. \u0110\u01b0\u1ee3c bao quanh b\u1edfi r\u1eebng qu\u1ed1c gia \u1edf ba ph\u00eda, th\u1ecb tr\u1ea5n c\u00f3 c\u1ea3m gi\u00e1c xa x\u00f4i nh\u01b0ng l\u1ea1i s\u1ed1ng trong m\u1ed9t m\u00f4i tr\u01b0\u1eddng h\u1ed7 tr\u1ee3 b\u1ed1n m\u00f9a gi\u1ea3i tr\u00ed tr\u1ecdn v\u1eb9n.<\/p>\n<p>L\u00e2u tr\u01b0\u1edbc khi ng\u01b0\u1eddi ch\u00e2u \u00c2u \u0111\u1ebfn, khu v\u1ef1c Pagosa l\u00e0 n\u01a1i linh thi\u00eang \u0111\u1ed1i v\u1edbi ng\u01b0\u1eddi Ute, nh\u1eefng ng\u01b0\u1eddi g\u1ecdi c\u00e1c su\u1ed1i l\u00e0 Pagosah, c\u00f3 ngh\u0129a l\u00e0 &#034;n\u01b0\u1edbc ch\u1eefa b\u1ec7nh ho\u1eb7c n\u01b0\u1edbc s\u00f4i&#034;. C\u00e1c b\u1ed9 l\u1ea1c Ute v\u00e0 Navajo th\u1ec9nh tho\u1ea3ng s\u1eed d\u1ee5ng khu v\u1ef1c n\u00e0y, v\u00e0 c\u00e1c cu\u1ed9c xung \u0111\u1ed9t v\u1ec1 c\u00e1c su\u1ed1i b\u00f9ng ph\u00e1t v\u00e0o cu\u1ed1i th\u1ebf k\u1ef7 19. N\u0103m 1880, ch\u00ednh ph\u1ee7 Hoa K\u1ef3 \u0111\u00e3 n\u1eafm quy\u1ec1n ki\u1ec3m so\u00e1t c\u00e1c su\u1ed1i, v\u00e0 ngay sau \u0111\u00f3 nh\u1eefng ng\u01b0\u1eddi \u0111\u1ecbnh c\u01b0 da tr\u1eafng \u0111\u00e3 c\u1eafm c\u1ecdc tuy\u00ean b\u1ed1 ch\u1ee7 quy\u1ec1n. Pagosa Springs \u0111\u01b0\u1ee3c ph\u00e2n l\u00f4 v\u00e0o n\u0103m 1883 v\u00e0 \u0111\u01b0\u1ee3c h\u1ee3p nh\u1ea5t th\u00e0nh m\u1ed9t th\u1ecb tr\u1ea5n v\u00e0o n\u0103m 1891.<\/p>\n<p>Ban \u0111\u1ea7u, n\u1ec1n kinh t\u1ebf t\u1eadp trung v\u00e0o v\u00e0ng, g\u1ed7 v\u00e0 ch\u0103n nu\u00f4i khi nh\u1eefng ng\u01b0\u1eddi ti\u00ean phong khai th\u00e1c r\u1eebng v\u00e0 khai th\u00e1c m\u1ecf \u1edf c\u00e1c s\u01b0\u1eddn d\u1ed1c g\u1ea7n \u0111\u00f3. V\u00e0o \u0111\u1ea7u th\u1ebf k\u1ef7 20, nh\u1eefng ng\u01b0\u1eddi qu\u1ea3ng b\u00e1 th\u1ecb tr\u1ea5n \u0111\u00e3 c\u1ed1 g\u1eafng x\u00e2y d\u1ef1ng m\u1ed9t doanh nghi\u1ec7p du l\u1ecbch xung quanh c\u00e1c su\u1ed1i n\u01b0\u1edbc n\u00f3ng, nh\u01b0ng n\u00f3 v\u1eabn n\u1eb1m \u1edf v\u00f9ng xa x\u00f4i trong nhi\u1ec1u th\u1eadp k\u1ef7. M\u1ed9t b\u01b0\u1edbc ngo\u1eb7t l\u1edbn \u0111\u00e3 \u0111\u1ebfn sau D\u1ef1 \u00e1n l\u01b0u tr\u1eef s\u00f4ng Colorado v\u00e0o nh\u1eefng n\u0103m 1950-60, mang l\u1ea1i \u0111i\u1ec7n v\u00e0 \u0111\u01b0\u1eddng s\u00e1. \u0110\u1ebfn nh\u1eefng n\u0103m 1970, Pagosa Springs \u0111\u00e3 t\u00edch c\u1ef1c ph\u00e1t tri\u1ec3n c\u00e1c khu ngh\u1ec9 d\u01b0\u1ee1ng m\u00f9a xu\u00e2n c\u1ee7a m\u00ecnh. M\u1ed9t c\u1ed9t m\u1ed1c v\u0103n h\u00f3a \u0111\u1ed9c \u0111\u00e1o l\u00e0 Red Ryder Roundup, m\u1ed9t cu\u1ed9c di\u1ec5u h\u00e0nh v\u00e0 cu\u1ed9c di\u1ec5u h\u00e0nh rodeo v\u00e0o ng\u00e0y 4 th\u00e1ng 7 b\u1eaft \u0111\u1ea7u v\u00e0o nh\u1eefng n\u0103m 1950 \u0111\u1ec3 t\u00f4n vinh v\u0103n h\u00f3a cao b\u1ed3i \u0111\u1ecba ph\u01b0\u01a1ng. Theo th\u1eddi gian, Pagosa Springs c\u0169ng \u0111\u01b0\u1ee3c c\u00f4ng nh\u1eadn l\u00e0 c\u1ed9ng \u0111\u1ed3ng \u201cB\u1ea3o t\u1ed3n n\u01b0\u1edbc M\u1ef9\u201d (n\u0103m 2006) v\u00ec \u0111\u00e3 b\u1ea3o v\u1ec7 \u0111\u01b0\u1ee3c b\u1ea3n s\u1eafc l\u1ecbch s\u1eed c\u1ee7a m\u00ecnh.<\/p>\n<p>Pagosa Springs v\u1eabn gi\u1eef \u0111\u01b0\u1ee3c n\u00e9t \u0111\u1eb7c tr\u01b0ng c\u1ee7a m\u1ed9t th\u1ecb tr\u1ea5n nh\u1ecf mi\u1ec1n T\u00e2y. Ti\u1ebfng Anh l\u00e0 ng\u00f4n ng\u1eef ch\u00ednh, nh\u01b0ng g\u1ea7n m\u1ed9t n\u1eeda d\u00e2n s\u1ed1 c\u00f3 ngu\u1ed3n g\u1ed1c T\u00e2y Ban Nha (ph\u1ea3n \u00e1nh di s\u1ea3n khu v\u1ef1c). Ng\u01b0\u1eddi d\u00e2n \u0111\u1ecba ph\u01b0\u01a1ng c\u00f3 xu h\u01b0\u1edbng kh\u00f4ng ch\u00ednh th\u1ee9c v\u00e0 th\u00e2n thi\u1ec7n; ch\u0103n nu\u00f4i v\u00e0 truy\u1ec1n th\u1ed1ng b\u1ea3n \u0111\u1ecba h\u00f2a quy\u1ec7n v\u1edbi l\u1ed1i s\u1ed1ng ngo\u00e0i tr\u1eddi hi\u1ec7n \u0111\u1ea1i. Nh\u1ecbp s\u1ed1ng th\u01b0 th\u00e1i: nh\u1eefng ng\u00e0y h\u00e8 d\u00e0nh cho vi\u1ec7c \u0111i b\u1ed9 \u0111\u01b0\u1eddng d\u00e0i, ch\u00e8o b\u00e8 ho\u1eb7c ng\u00e2m m\u00ecnh trong su\u1ed1i, trong khi m\u00f9a \u0111\u00f4ng ch\u1ee9ng ki\u1ebfn \u200b\u200bnh\u1eefng ng\u01b0\u1eddi tr\u01b0\u1ee3t tuy\u1ebft t\u1ea1i c\u00e1c khu ngh\u1ec9 d\u01b0\u1ee1ng g\u1ea7n \u0111\u00f3. C\u00e1c s\u1ef1 ki\u1ec7n c\u1ed9ng \u0111\u1ed3ng ph\u1ea3n \u00e1nh di s\u1ea3n pha tr\u1ed9n c\u1ee7a n\u01a1i n\u00e0y: v\u00ed d\u1ee5, v\u00e0o th\u00e1ng 7 h\u00e0ng n\u0103m, ng\u01b0\u1eddi d\u00e2n \u0111\u1ecba ph\u01b0\u01a1ng v\u00e0 du kh\u00e1ch \u0111\u1ed9i m\u0169 cao b\u1ed3i trong cu\u1ed9c di\u1ec5u h\u00e0nh Red Ryder Rodeo. V\u00e0o m\u00f9a thu, th\u1ecb tr\u1ea5n t\u1ed5 ch\u1ee9c Colorfest, m\u1ed9t l\u1ec5 h\u1ed9i c\u1ee7a nh\u1eefng ng\u01b0\u1eddi ch\u01a1i b\u00f3ng bay, r\u01b0\u1ee3u vang v\u00e0 ch\u1ea1y \u0111ua. \u0110\u1ed1i v\u1edbi c\u1ea3 c\u01b0 d\u00e2n l\u00e2u n\u0103m v\u00e0 ng\u01b0\u1eddi m\u1edbi \u0111\u1ebfn, s\u1ef1 th\u00e2n thi\u1ec7n l\u00e0 m\u1ed9t \u0111i\u1ec3m \u0111\u00e1ng t\u1ef1 h\u00e0o - \u0111\u00e2y l\u00e0 n\u01a1i m\u00e0 ng\u01b0\u1eddi l\u1ea1 nh\u1eadn \u0111\u01b0\u1ee3c c\u00e1i g\u1eadt \u0111\u1ea7u ch\u00e0o t\u1ea1i c\u00e1c h\u1ed3 n\u01b0\u1edbc n\u00f3ng ng\u00e2m m\u00ecnh v\u00e0 nh\u1eefng ng\u01b0\u1eddi b\u00e1n h\u00e0ng bi\u1ebft t\u00ean kh\u00e1ch h\u00e0ng. M\u1eb7c d\u00f9 l\u00e0 m\u1ed9t th\u1ecb tr\u1ea5n du l\u1ecbch, nh\u01b0ng trung t\u00e2m th\u00e0nh ph\u1ed1 Pagosa l\u1ea1i c\u00f3 c\u1ea3m gi\u00e1c k\u1ef3 l\u1ea1 \u0111\u1ebfn ng\u1ea1c nhi\u00ean, v\u1edbi Ph\u1ed1 ch\u00ednh c\u00f3 th\u1ec3 \u0111i b\u1ed9, c\u00e1c ph\u00f2ng tr\u01b0ng b\u00e0y ngh\u1ec7 thu\u1eadt v\u00e0 m\u1ed9t v\u00e0i qu\u00e1n r\u01b0\u1ee3u n\u01a1i ng\u01b0\u1eddi d\u00e2n \u0111\u1ecba ph\u01b0\u01a1ng v\u00e0 du kh\u00e1ch tr\u00f2 chuy\u1ec7n b\u00ean nh\u1eefng ly bia \u0111\u1ecba ph\u01b0\u01a1ng.<\/p>\n<p>\u0110i\u1ec3m thu h\u00fat ch\u00ednh l\u00e0 su\u1ed1i n\u01b0\u1edbc n\u00f3ng Pagosa. \u0110\u01b0\u1ee3c cung c\u1ea5p b\u1edfi c\u00e1c ngu\u1ed3n \u0111\u1ecba nhi\u1ec7t s\u00e2u, \u201cMother Spring\u201d s\u1ee7i b\u1ecdt \u1edf nhi\u1ec7t \u0111\u1ed9 kho\u1ea3ng 144\u00b0F v\u00e0 l\u1ea5p \u0111\u1ea7y m\u1ed9t s\u1ed1 h\u1ed3 ng\u00e2m c\u00f4ng c\u1ed9ng v\u00e0 t\u01b0 nh\u00e2n. Du kh\u00e1ch \u0111\u1ebfn ng\u00e2m m\u00ecnh quanh n\u0103m, ngay c\u1ea3 trong th\u1eddi ti\u1ebft tuy\u1ebft r\u01a1i. Ch\u1ec9 c\u00e1ch th\u1ecb tr\u1ea5n v\u00e0i ph\u00fat l\u00e1i xe l\u00e0 Khu tr\u01b0\u1ee3t tuy\u1ebft Wolf Creek, n\u1ed5i ti\u1ebfng v\u1edbi l\u01b0\u1ee3ng tuy\u1ebft r\u01a1i kh\u1ee7ng khi\u1ebfp (trung b\u00ecnh ~430 inch m\u1ed7i n\u0103m, nhi\u1ec1u nh\u1ea5t trong b\u1ea5t k\u1ef3 khu ngh\u1ec9 d\u01b0\u1ee1ng n\u00e0o \u1edf Colorado) v\u00e0 nh\u1eefng con d\u1ed1c th\u00e2n thi\u1ec7n v\u1edbi gia \u0111\u00ecnh.<\/p>\n<p>Thi\u00ean nhi\u00ean n\u1eb1m ngay tr\u01b0\u1edbc c\u1eeda nh\u00e0 Pagosa. Ph\u00eda \u0111\u00f4ng th\u1ecb tr\u1ea5n, Th\u00e1c Treasure \u0111\u1ed5 xu\u1ed1ng 105 feet qua m\u1ed9t chuy\u1ebfn \u0111i b\u1ed9 \u0111\u01b0\u1eddng d\u00e0i trong r\u1eebng d\u1ec5 d\u00e0ng. C\u00e1c th\u00e1c n\u01b0\u1edbc g\u1ea7n \u0111\u00f3 kh\u00e1c bao g\u1ed3m Th\u00e1c Piedra v\u00e0 Fourmile, c\u00f3 th\u1ec3 \u0111\u1ebfn b\u1eb1ng nh\u1eefng con \u0111\u01b0\u1eddng m\u00f2n m\u1ed9c m\u1ea1c xuy\u00ean qua r\u1eebng th\u00f4ng. Pagosa c\u0169ng g\u1ea7n \u0110\u00e0i t\u01b0\u1edfng ni\u1ec7m Qu\u1ed1c gia Chimney Rock, m\u1ed9t \u0111\u1ecba \u0111i\u1ec3m t\u1ed5 ti\u00ean c\u1ee7a ng\u01b0\u1eddi Pueblo v\u1edbi nh\u1eefng ng\u1ecdn th\u00e1p \u0111\u00e1 \u1ea5n t\u01b0\u1ee3ng v\u00e0 kiva c\u00f3 ni\u00ean \u0111\u1ea1i t\u1eeb n\u0103m 950\u20131150 sau C\u00f4ng nguy\u00ean. C\u00e1c tour du l\u1ecbch do ki\u1ec3m l\u00e2m h\u01b0\u1edbng d\u1eabn gi\u1ea3i th\u00edch v\u1ec1 s\u1ef1 li\u00ean k\u1ebft thi\u00ean v\u0103n c\u1ee7a \u0111\u1ecba \u0111i\u1ec3m n\u00e0y. S\u00f4ng San Juan, ch\u1ea3y qua Pagosa, n\u1ed5i ti\u1ebfng v\u1edbi ho\u1ea1t \u0111\u1ed9ng c\u00e2u c\u00e1 b\u1eb1ng ru\u1ed3i \u0111\u1ea1t huy ch\u01b0\u01a1ng v\u00e0ng, c\u00f9ng v\u1edbi ho\u1ea1t \u0111\u1ed9ng ch\u00e8o thuy\u1ec1n phao v\u00e0o m\u00f9a h\u00e8 v\u00e0 ch\u00e8o b\u00e8 nh\u1eb9 nh\u00e0ng.<\/p>\n<p>Trong th\u1ecb tr\u1ea5n, ngo\u00e0i c\u00e1c su\u1ed1i, c\u00f2n c\u00f3 m\u1ed9t s\u1ed1 \u0111i\u1ec3m tham quan \u0111\u1eb7c bi\u1ec7t. B\u1ea3o t\u00e0ng Ngh\u1ec7 thu\u1eadt Fred Harman (hay c\u00f2n g\u1ecdi l\u00e0 B\u1ea3o t\u00e0ng Red Ryder) t\u00f4n vinh h\u1ecda s\u0129 minh h\u1ecda truy\u1ec7n tranh \u0111\u00e3 bi\u1ebfn Pagosa th\u00e0nh nh\u00e0 c\u1ee7a m\u00ecnh. C\u00e1c nh\u00e0 cung c\u1ea5p d\u1ecbch v\u1ee5 \u0111\u1ecba ph\u01b0\u01a1ng cho thu\u00ea phao v\u00e0 thuy\u1ec1n kayak tr\u00ean s\u00f4ng, v\u00e0 c\u00e1c c\u1eeda h\u00e0ng \u0111i b\u1ed9 \u0111\u01b0\u1eddng d\u00e0i cung c\u1ea5p d\u1ecbch v\u1ee5 c\u01b0\u1ee1i ng\u1ef1a v\u00e0 \u0111\u1ed3 d\u00f9ng. Trong su\u1ed1t c\u1ea3 n\u0103m, c\u00e1c h\u1ed9i ch\u1ee3 th\u1ee7 c\u00f4ng, ch\u1ee3 n\u00f4ng s\u1ea3n v\u00e0 tri\u1ec3n l\u00e3m ngh\u1ec7 thu\u1eadt thu h\u00fat r\u1ea5t \u0111\u00f4ng ng\u01b0\u1eddi. Ph\u1ea7n l\u1edbn s\u1ef1 quy\u1ebfn r\u0169 c\u1ee7a Pagosa n\u1eb1m \u1edf ngo\u00e0i tr\u1eddi: nh\u1eefng chuy\u1ebfn \u0111i ng\u1eafm c\u1ea3nh d\u1eabn \u0111\u1ebfn c\u00e1c h\u1ed3 tr\u00ean n\u00fai cao (nh\u01b0 Williams, Quartz), v\u00e0 th\u1eadm ch\u00ed c\u00e1c qu\u00e1n \u0103n v\u00e0 qu\u00e1n c\u00e0 ph\u00ea c\u0169ng c\u00f3 t\u1ea7m nh\u00ecn to\u00e0n c\u1ea3nh ra n\u00fai. \u0110\u1ed1i v\u1edbi du kh\u00e1ch, \u0111i\u1ec1u ph\u1ea3i l\u00e0m l\u00e0 r\u00f5 r\u00e0ng: th\u01b0 gi\u00e3n trong l\u00e0n n\u01b0\u1edbc kho\u00e1ng n\u00f3ng h\u1ed5i v\u00e0 sau \u0111\u00f3 h\u00edt th\u1edf kh\u00f4ng kh\u00ed trong l\u00e0nh c\u1ee7a n\u00fai.<\/p>\n<p>Pagosa Springs kh\u00f4ng c\u00f3 s\u00e2n bay l\u1edbn hay nh\u00e0 ga xe l\u1eeda ri\u00eang. S\u00e2n bay th\u01b0\u01a1ng m\u1ea1i g\u1ea7n nh\u1ea5t l\u00e0 S\u00e2n bay Durango-La Plata County (DRO), c\u00e1ch kho\u1ea3ng 60 d\u1eb7m v\u1ec1 ph\u00eda t\u00e2y, c\u00f3 c\u00e1c chuy\u1ebfn bay h\u00e0ng ng\u00e0y \u0111\u1ebfn Denver, Dallas v\u00e0 c\u00e1c tuy\u1ebfn theo m\u00f9a \u0111\u1ebfn Phoenix, Salt Lake City v\u00e0 Las Vegas. T\u1eeb c\u00e1c s\u00e2n bay Phoenix ho\u1eb7c Denver, l\u00e1i xe m\u1ea5t kho\u1ea3ng 5\u20136 gi\u1edd; t\u1eeb Albuquerque m\u1ea5t kho\u1ea3ng 4 gi\u1edd v\u1ec1 ph\u00eda b\u1eafc. Du kh\u00e1ch th\u01b0\u1eddng thu\u00ea \u00f4 t\u00f4; \u0110\u01b0\u1eddng cao t\u1ed1c Hoa K\u1ef3 160 k\u1ebft n\u1ed1i Pagosa theo h\u01b0\u1edbng \u0111\u00f4ng-t\u00e2y qua \u0110\u00e8o Wolf Creek. (L\u01b0u \u00fd r\u1eb1ng \u0110\u00e8o Wolf Creek l\u00e0 m\u1ed9t con \u0111\u01b0\u1eddng tr\u00ean n\u00fai cao \u2013 \u0111i\u1ec1u ki\u1ec7n c\u00f3 th\u1ec3 nguy hi\u1ec3m v\u00e0o m\u00f9a \u0111\u00f4ng. Ng\u01b0\u1eddi l\u00e1i xe n\u00ean ki\u1ec3m tra th\u00f4ng tin c\u1eadp nh\u1eadt theo th\u1eddi gian th\u1ef1c.)<\/p>\n<p>Trung t\u00e2m th\u1ecb tr\u1ea5n Pagosa nh\u1ecf g\u1ecdn (trung t\u00e2m d\u1ec5 d\u00e0ng \u0111i b\u1ed9), nh\u01b0ng nhi\u1ec1u \u0111i\u1ec3m n\u1ed5i b\u1eadt n\u1eb1m tr\u00ean h\u1ebbm n\u00fai ho\u1eb7c trong r\u1eebng. H\u1ec7 th\u1ed1ng Mountain Express Transit cung c\u1ea5p d\u1ecbch v\u1ee5 xe bu\u00fdt \u0111\u1ecba ph\u01b0\u01a1ng, bao g\u1ed3m tuy\u1ebfn c\u1ed1 \u0111\u1ecbnh qua Pagosa Springs v\u00e0 c\u00e1c c\u1ed9ng \u0111\u1ed3ng xa x\u00f4i, v\u00e0 c\u00e1c tuy\u1ebfn k\u1ebft n\u1ed1i xa t\u1edbi Durango. D\u1ecbch v\u1ee5 n\u00e0y c\u00f3 chi ph\u00ed th\u1ea5p ho\u1eb7c mi\u1ec5n ph\u00ed cho ng\u01b0\u1eddi cao tu\u1ed5i. Tuy nhi\u00ean, nh\u1eefng khu r\u1eebng v\u00e0 ng\u1ecdn n\u00fai r\u1ed9ng l\u1edbn ch\u1ec9 c\u00f3 th\u1ec3 ti\u1ebfp c\u1eadn b\u1eb1ng \u00f4 t\u00f4, xe \u0111\u1ecba h\u00ecnh ATV ho\u1eb7c \u0111i b\u1ed9, v\u00ec v\u1eady vi\u1ec7c thu\u00ea xe ho\u1eb7c s\u1eafp x\u1ebfp c\u00e1c chuy\u1ebfn tham quan c\u00f3 h\u01b0\u1edbng d\u1eabn l\u00e0 ph\u1ed5 bi\u1ebfn. B\u00e3i \u0111\u1eadu xe \u1edf trung t\u00e2m th\u00e0nh ph\u1ed1 c\u00f3 h\u1ea1n nh\u01b0ng nh\u00ecn chung d\u1ec5 h\u01a1n so v\u1edbi c\u00e1c th\u00e0nh ph\u1ed1 l\u1edbn; c\u00e1c \u0111\u01b0\u1eddng ph\u1ed1 ch\u00ednh ch\u1eadt k\u00edn ng\u01b0\u1eddi \u0111i b\u1ed9, \u0111\u1eb7c bi\u1ec7t l\u00e0 v\u00e0o c\u00e1c ng\u00e0y cu\u1ed1i tu\u1ea7n m\u00f9a h\u00e8.<\/p>\n<p>Ti\u1ec1n t\u1ec7 l\u00e0 \u0111\u00f4 la M\u1ef9 v\u00e0 ti\u1ebfng Anh \u0111\u01b0\u1ee3c n\u00f3i \u1edf kh\u1eafp m\u1ecdi n\u01a1i; ti\u1ebfng T\u00e2y Ban Nha c\u0169ng \u0111\u01b0\u1ee3c nhi\u1ec1u ng\u01b0\u1eddi d\u00e2n \u0111\u1ecba ph\u01b0\u01a1ng n\u00f3i r\u1ed9ng r\u00e3i. Do \u0111\u1ed9 cao, du kh\u00e1ch m\u1edbi n\u00ean d\u00e0nh th\u1eddi gian \u0111\u1ec3 th\u00edch nghi - ngay c\u1ea3 nh\u1eefng chuy\u1ebfn \u0111i b\u1ed9 ng\u1eafn c\u0169ng c\u00f3 th\u1ec3 tr\u1edf n\u00ean kh\u00f3 kh\u0103n \u1edf \u0111\u1ed9 cao h\u01a1n 7.000 feet. M\u00f9a \u0111\u00f4ng c\u00f3 th\u1ec3 c\u00f3 nh\u1eefng con \u0111\u01b0\u1eddng b\u0103ng gi\u00e1 v\u00e0 tuy\u1ebft r\u01a1i d\u00e0y; nh\u1eefng ng\u00e0y h\u00e8 c\u00f3 th\u1ec3 c\u00f3 n\u1eafng g\u1eaft, v\u00ec v\u1eady n\u00ean d\u00f9ng kem ch\u1ed1ng n\u1eafng v\u00e0 n\u01b0\u1edbc. Du kh\u00e1ch n\u00ean th\u01b0\u1edfng ti\u1ec1n cho ng\u01b0\u1eddi ph\u1ee5c v\u1ee5 v\u00e0 h\u01b0\u1edbng d\u1eabn vi\u00ean (15\u201320%) nh\u01b0 \u1edf c\u00e1c \u0111i\u1ec3m \u0111\u1ebfn kh\u00e1c c\u1ee7a Hoa K\u1ef3. Nghi th\u1ee9c x\u00e3 giao kh\u00f4ng ch\u00ednh th\u1ee9c: m\u1ed9t l\u1eddi ch\u00e0o ho\u1eb7c g\u1eadt \u0111\u1ea7u nhanh t\u1eeb ng\u01b0\u1eddi qua \u0111\u01b0\u1eddng l\u00e0 th\u00f4ng l\u1ec7. An to\u00e0n \u1edf Pagosa n\u00f3i chung l\u00e0 t\u1ed1t: c\u1ed9ng \u0111\u1ed3ng nh\u1ecf v\u00e0 y\u00ean b\u00ecnh. \u00c1p d\u1ee5ng c\u00e1c bi\u1ec7n ph\u00e1p ph\u00f2ng ng\u1eeba th\u00f4ng th\u01b0\u1eddng - h\u00e3y c\u1ea9n th\u1eadn v\u1edbi \u0111\u1ed9ng v\u1eadt hoang d\u00e3 (g\u1ea5u ho\u1eb7c nai s\u1eebng t\u1ea5m trong khu c\u1eafm tr\u1ea1i, r\u1eafn \u0111u\u00f4i chu\u00f4ng trong th\u1eddi ti\u1ebft n\u00f3ng) v\u00e0 ch\u00fa \u00fd \u0111\u1ebfn c\u00e1c khuy\u1ebfn c\u00e1o v\u1ec1 th\u1eddi ti\u1ebft, \u0111\u1eb7c bi\u1ec7t l\u00e0 v\u00e0o m\u00f9a \u0111\u00f4ng.<a href=\"https:\/\/travelshelper.com\/vi\/diem-den\/bac-my\/hop-chung-quoc-hoa-ky\/berkeley-springs\/\" target=\"_self\" aria-labelledby=\"uael-post-8997\"><br \/>\n<\/a><\/p>","protected":false},"excerpt":{"rendered":"<p>Pagosa Springs, \u0111\u01b0\u1ee3c g\u1ecdi l\u00e0 Pagw\u00f6\u00f6sa trong ti\u1ebfng Ute v\u00e0 T\u00f3 Sido H\u00e1\u00e1l\u012f\u0301 trong ti\u1ebfng Navajo, l\u00e0 m\u1ed9t c\u1ed9ng \u0111\u1ed3ng s\u00f4i \u0111\u1ed9ng v\u00e0 \u0111\u1eb7c bi\u1ec7t n\u1eb1m \u1edf trung t\u00e2m Qu\u1eadn Archuleta, Colorado. L\u00e0 qu\u1eadn l\u1ef5 v\u00e0 l\u00e0 th\u1ecb tr\u1ea5n \u0111\u00f4ng d\u00e2n nh\u1ea5t trong khu v\u1ef1c, Pagosa Springs \u0111\u1ed9c \u0111\u00e1o v\u00ec v\u1ebb \u0111\u1eb9p t\u1ef1 nhi\u00ean v\u00e0 gi\u00e1 tr\u1ecb l\u1ecbch s\u1eed v\u00e0 v\u0103n h\u00f3a to l\u1edbn. V\u1edbi d\u00e2n s\u1ed1 l\u00e0 1.571 ng\u01b0\u1eddi theo \u0111i\u1ec1u tra d\u00e2n s\u1ed1 n\u0103m 2020, th\u00e0nh ph\u1ed1 t\u1ef1 qu\u1ea3n n\u00e0y \u0111\u01b0\u1ee3c c\u1ea3 ng\u01b0\u1eddi d\u00e2n v\u00e0 kh\u00e1ch du l\u1ecbch s\u0103n \u0111\u00f3n. N\u01a1i \u0111\u00e2y cung c\u1ea5p quy\u1ec1n ti\u1ebfp c\u1eadn c\u00e1c khu v\u1ef1c hoang d\u00e3 r\u1ed9ng l\u1edbn c\u00f9ng v\u1edbi s\u1ee9c h\u1ea5p d\u1eabn c\u1ee7a th\u1ecb tr\u1ea5n nh\u1ecf.<\/p>","protected":false},"author":1,"featured_media":17607,"parent":8072,"menu_order":0,"comment_status":"closed","ping_status":"closed","template":"elementor_theme","meta":{"_eb_attr":"","footnotes":""},"class_list":["post-8967","page","type-page","status-publish","has-post-thumbnail"],"_links":{"self":[{"href":"https:\/\/travelshelper.com\/vi\/wp-json\/wp\/v2\/pages\/8967","targetHints":{"allow":["GET"]}}],"collection":[{"href":"https:\/\/travelshelper.com\/vi\/wp-json\/wp\/v2\/pages"}],"about":[{"href":"https:\/\/travelshelper.com\/vi\/wp-json\/wp\/v2\/types\/page"}],"author":[{"embeddable":true,"href":"https:\/\/travelshelper.com\/vi\/wp-json\/wp\/v2\/users\/1"}],"replies":[{"embeddable":true,"href":"https:\/\/travelshelper.com\/vi\/wp-json\/wp\/v2\/comments?post=8967"}],"version-history":[{"count":0,"href":"https:\/\/travelshelper.com\/vi\/wp-json\/wp\/v2\/pages\/8967\/revisions"}],"up":[{"embeddable":true,"href":"https:\/\/travelshelper.com\/vi\/wp-json\/wp\/v2\/pages\/8072"}],"wp:featuredmedia":[{"embeddable":true,"href":"https:\/\/travelshelper.com\/vi\/wp-json\/wp\/v2\/media\/17607"}],"wp:attachment":[{"href":"https:\/\/travelshelper.com\/vi\/wp-json\/wp\/v2\/media?parent=8967"}],"curies":[{"name":"wp","href":"https:\/\/api.w.org\/{rel}","templated":true}]}}