{"id":8949,"date":"2024-09-06T15:29:24","date_gmt":"2024-09-06T15:29:24","guid":{"rendered":"https:\/\/travelshelper.com\/staging\/?page_id=8949"},"modified":"2026-03-13T17:49:35","modified_gmt":"2026-03-13T17:49:35","slug":"glenwood-springs","status":"publish","type":"page","link":"https:\/\/travelshelper.com\/vi\/destinations\/north-america\/united-states\/glenwood-springs\/","title":{"rendered":"Glenwood Springs"},"content":{"rendered":"<p>Glenwood Springs l\u00e0 m\u1ed9t th\u00e0nh ph\u1ed1 nh\u1ecf c\u1ee7a Colorado v\u1edbi kho\u1ea3ng 10.000 ng\u01b0\u1eddi, nh\u01b0ng c\u00f3 ti\u1ebfng t\u0103m l\u1edbn \u1edf d\u00e3y n\u00fai Rocky. Th\u00e0nh ph\u1ed1 n\u1eb1m \u1edf \u0111\u1ed9 cao kho\u1ea3ng 5.760 feet trong &#034;Thung l\u0169ng Roaring Fork&#034; \u1edf ph\u00eda t\u00e2y Colorado, n\u01a1i s\u00f4ng Colorado v\u00e0 Roaring Fork g\u1eb7p nhau. N\u1ec1n kinh t\u1ebf v\u00e0 l\u1ed1i s\u1ed1ng c\u1ee7a Glenwood Springs t\u1eeb l\u00e2u \u0111\u00e3 t\u1eadp trung v\u00e0o du l\u1ecbch v\u00e0 gi\u1ea3i tr\u00ed ngo\u00e0i tr\u1eddi. Th\u00e0nh ph\u1ed1 n\u1ed5i ti\u1ebfng l\u00e0 n\u01a1i c\u00f3 h\u1ed3 n\u01b0\u1edbc kho\u00e1ng n\u00f3ng l\u1edbn nh\u1ea5t th\u1ebf gi\u1edbi (di s\u1ea3n t\u1eeb n\u1ec1n v\u0103n h\u00f3a spa th\u1ebf k\u1ef7 19). L\u00e0 m\u1ed9t th\u00e0nh ph\u1ed1 nh\u1ecf, GDP b\u00ecnh qu\u00e2n \u0111\u1ea7u ng\u01b0\u1eddi c\u1ee7a th\u00e0nh ph\u1ed1 kh\u00e1 khi\u00eam t\u1ed1n; thu nh\u1eadp h\u1ed9 gia \u0111\u00ecnh trung b\u00ecnh v\u00e0o kho\u1ea3ng 87.000 \u0111\u00f4 la (cao h\u01a1n nhi\u1ec1u th\u1ecb tr\u1ea5n ngh\u1ec9 d\u01b0\u1ee1ng \u1edf Colorado) trong khi t\u1ef7 l\u1ec7 ngh\u00e8o \u0111\u00f3i t\u01b0\u01a1ng \u0111\u1ed1i th\u1ea5p. \u0110\u00e1ng ch\u00fa \u00fd l\u00e0 37% c\u01b0 d\u00e2n x\u00e1c \u0111\u1ecbnh m\u00ecnh l\u00e0 ng\u01b0\u1eddi g\u1ed1c T\u00e2y Ban Nha ho\u1eb7c La tinh, ph\u1ea3n \u00e1nh m\u1ed9t c\u1ed9ng \u0111\u1ed3ng ng\u01b0\u1eddi La tinh s\u00f4i \u0111\u1ed9ng v\u00e0 kho\u1ea3ng 62% l\u00e0 ng\u01b0\u1eddi da tr\u1eafng (kh\u00f4ng ph\u1ea3i ng\u01b0\u1eddi g\u1ed1c T\u00e2y Ban Nha). V\u1edbi \u0111\u1ed9 tu\u1ed5i trung b\u00ecnh l\u1edbn h\u01a1n (kho\u1ea3ng gi\u1eefa 40) v\u00e0 l\u1ef1c l\u01b0\u1ee3ng lao \u0111\u1ed9ng ch\u1ee7 y\u1ebfu l\u00e0 ng\u01b0\u1eddi \u0111\u1ecba ph\u01b0\u01a1ng, Glenwood Springs gi\u1ed1ng nh\u01b0 m\u1ed9t th\u1ecb tr\u1ea5n mi\u1ec1n n\u00fai kh\u00e9p k\u00edn \u2013 c\u00e1c ng\u00e0nh c\u00f4ng nghi\u1ec7p ch\u00ednh c\u1ee7a th\u1ecb tr\u1ea5n l\u00e0 ch\u0103m s\u00f3c s\u1ee9c kh\u1ecfe (B\u1ec7nh vi\u1ec7n Valley View l\u00e0 m\u1ed9t c\u00f4ng ty tuy\u1ec3n d\u1ee5ng l\u1edbn), d\u1ecbch v\u1ee5 l\u01b0u tr\u00fa (l\u01b0u tr\u00fa, \u0103n u\u1ed1ng) v\u00e0 du l\u1ecbch ngo\u00e0i tr\u1eddi (khu ngh\u1ec9 d\u01b0\u1ee1ng tr\u01b0\u1ee3t tuy\u1ebft, c\u00f4ng ty ch\u00e8o b\u00e8).<\/p>\n<p>Glenwood Springs n\u1eb1m \u1edf trung t\u00e2m Colorado, c\u00e1ch Denver kho\u1ea3ng 150 d\u1eb7m v\u1ec1 ph\u00eda t\u00e2y d\u1ecdc theo Xa l\u1ed9 Li\u00ean ti\u1ec3u bang 70. N\u01a1i n\u00e0y n\u1eb1m \u1ea9n m\u00ecnh trong H\u1ebbm n\u00fai Glenwood g\u1ed3 gh\u1ec1\u2014m\u1ed9t h\u00e0nh lang S\u00f4ng Colorado \u0111\u1eb9p nh\u01b0 tranh v\u1ebd \u0111\u01b0\u1ee3c bao quanh b\u1edfi nh\u1eefng b\u1ee9c t\u01b0\u1eddng v\u00e1ch \u0111\u00e1 \u0111\u1ecf cao ch\u00f3t v\u00f3t. Th\u00e0nh ph\u1ed1 l\u00e0 c\u1eeda ng\u00f5 ph\u00eda t\u00e2y v\u00e0o m\u1ed9t trung t\u00e2m thung l\u0169ng: t\u1eeb \u0111\u00e2y, m\u1ed9t xa l\u1ed9 d\u1eabn v\u1ec1 ph\u00eda nam \u0111\u1ebfn Aspen (tr\u01b0\u1ee3t tuy\u1ebft tuy\u1ec7t v\u1eddi), m\u1ed9t xa l\u1ed9 kh\u00e1c v\u1ec1 ph\u00eda t\u00e2y b\u1eafc h\u01b0\u1edbng \u0111\u1ebfn Vail v\u00e0 I-70 v\u1ec1 ph\u00eda \u0111\u00f4ng \u0111\u1ebfn sa m\u1ea1c cao. C\u1ea3nh quan xung quanh l\u00e0 v\u00f9ng cao nguy\u00ean c\u1ed5 \u0111i\u1ec3n: s\u01b0\u1eddn n\u00fai th\u00f4ng v\u00e0 s\u1ed3i, cao nguy\u00ean \u0111\u00e1 sa th\u1ea1ch \u1ea5n t\u01b0\u1ee3ng v\u00e0 l\u01b0u v\u1ef1c H\u1ed3 Hanging \u0111\u01b0\u1ee3c t\u1ea1o th\u00e0nh do b\u0103ng h\u00e0 \u1edf ph\u00eda \u0111\u00f4ng b\u1eafc. \u0110\u1ecba ch\u1ea5t c\u1ee7a khu v\u1ef1c n\u00e0y \u0111ang ho\u1ea1t \u0111\u1ed9ng - c\u00e1c su\u1ed1i n\u01b0\u1edbc n\u00f3ng th\u1ef1c s\u1ef1 phun tr\u00e0o qua c\u00e1c \u0111\u1ee9t g\u00e3y v\u00e0 \u0111\u00e1 v\u00f4i. Kh\u00ed h\u1eadu c\u1ee7a Glenwood l\u00e0 kh\u00ed h\u1eadu n\u00fai l\u1ee5c \u0111\u1ecba: M\u00f9a \u0111\u00f4ng l\u1ea1nh v\u00e0 c\u00f3 tuy\u1ebft (m\u1eb7c d\u00f9 \u00f4n h\u00f2a h\u01a1n so v\u1edbi D\u00e3y n\u00fai Front c\u1ee7a Colorado), v\u00e0 m\u00f9a h\u00e8 \u1ea5m \u00e1p v\u00e0 t\u01b0\u01a1ng \u0111\u1ed1i kh\u00f4. C\u00f3 m\u1ed9t s\u1ed1 vi kh\u00ed h\u1eadu t\u1ed3n t\u1ea1i xung quanh th\u00e0nh ph\u1ed1\u2014c\u00e1c khu v\u1ef1c g\u1ea7n s\u00f4ng c\u00f3 xu h\u01b0\u1edbng m\u00e1t h\u01a1n v\u00e0 xanh h\u01a1n so v\u1edbi \u0111\u1ec9nh cao nguy\u00ean kh\u00f4 h\u01a1n. Tuy nhi\u00ean, nh\u00ecn chung, ng\u01b0\u1eddi ta c\u00f3 th\u1ec3 mong \u0111\u1ee3i \u00e1nh n\u1eafng gay g\u1eaft v\u00e0o ban ng\u00e0y, \u0111\u00eam l\u1ea1nh v\u00e0 kh\u1ea3 n\u0103ng c\u00f3 gi\u00f4ng b\u00e3o v\u00e0o bu\u1ed5i chi\u1ec1u v\u00e0o m\u00f9a h\u00e8. M\u00f9a xu\u00e2n v\u00e0 m\u00f9a thu th\u01b0\u1eddng l\u00e0 m\u00f9a chuy\u1ec3n ti\u1ebfp ng\u1eafn. Tr\u00ean th\u1ef1c t\u1ebf, th\u1eddi ti\u1ebft th\u01b0\u1eddng \u0111\u1ee7 \u00f4n h\u00f2a cho du l\u1ecbch quanh n\u0103m: nh\u1eefng ng\u01b0\u1eddi \u0111i b\u1ed9 \u0111\u01b0\u1eddng d\u00e0i, tr\u01b0\u1ee3t tuy\u1ebft v\u00e0 \u0111i spa \u0111\u1ec1u \u0111\u1ed5 x\u00f4 \u0111\u1ebfn \u0111\u00e2y v\u00e0o c\u00e1c m\u00f9a kh\u00e1c nhau.<\/p>\n<p>L\u1ecbch s\u1eed c\u1ee7a Glenwood Springs g\u1eafn li\u1ec1n v\u1edbi nh\u1eefng c\u00e2u chuy\u1ec7n ti\u00ean phong v\u00e0 khai ph\u00e1. Ban \u0111\u1ea7u \u0111\u01b0\u1ee3c g\u1ecdi l\u00e0 &#034;Barlow&#034; theo t\u00ean c\u1ee7a nh\u00e0 th\u00e1m hi\u1ec3m Jacob Barlow (ng\u01b0\u1eddi \u0111\u00e3 ph\u00e1t hi\u1ec7n ra su\u1ed1i n\u01b0\u1edbc n\u00f3ng n\u1ed5i ti\u1ebfng v\u00e0o n\u0103m 1883), th\u1ecb tr\u1ea5n \u0111\u00e3 \u0111\u1ed5i t\u00ean v\u00e0o n\u0103m 1884 theo t\u00ean qu\u00ea h\u01b0\u01a1ng c\u1ee7a Barlow l\u00e0 Glenwood, Iowa. Th\u1ecb tr\u1ea5n nhanh ch\u00f3ng ph\u00e1t tri\u1ec3n xung quanh c\u00e1c su\u1ed1i tr\u1ecb li\u1ec7u: du kh\u00e1ch gi\u00e0u c\u00f3 \u0111\u00e3 x\u00e2y d\u1ef1ng nh\u1eefng kh\u00e1ch s\u1ea1n l\u1edbn v\u00e0 d\u1ecbch v\u1ee5 t\u00e0u h\u1ecfa tr\u00ean tuy\u1ebfn \u0111\u01b0\u1eddng s\u1eaft Denver &amp; Rio Grande k\u1ebft n\u1ed1i th\u1ecb tr\u1ea5n v\u1edbi ph\u1ea7n c\u00f2n l\u1ea1i c\u1ee7a Colorado. Tr\u00ean th\u1ef1c t\u1ebf, T\u1ed5ng th\u1ed1ng Theodore Roosevelt \u0111\u00e3 t\u1eebng ngh\u1ec9 d\u01b0\u1ee1ng t\u1ea1i Glenwood Springs v\u00e0o n\u0103m 1905, gi\u00fap \u0111\u01b0a n\u01a1i \u0111\u00e2y l\u00ean b\u1ea3n \u0111\u1ed3 nh\u01b0 m\u1ed9t n\u01a1i ngh\u1ec9 d\u01b0\u1ee1ng qu\u1ed1c gia. Th\u1ecb tr\u1ea5n \u0111\u01b0\u1ee3c th\u00e0nh l\u1eadp v\u00e0o n\u0103m 1886 v\u00e0 tr\u1edf th\u00e0nh trung t\u00e2m giao th\u00f4ng \u1edf D\u00e3y n\u00fai Rocky.<\/p>\n<p>C\u00e1c b\u01b0\u1edbc ngo\u1eb7t ch\u00ednh bao g\u1ed3m s\u1ef1 ph\u00e1t tri\u1ec3n th\u1ee7y \u0111i\u1ec7n v\u00e0o \u0111\u1ea7u th\u1ebf k\u1ef7 20 (\u0111\u1eadp \u1edf Glenwood Canyon mang l\u1ea1i \u0111i\u1ec7n v\u00e0o n\u0103m 1909) v\u00e0 vi\u1ec7c x\u00e2y d\u1ef1ng c\u00e1c xa l\u1ed9 ch\u00ednh sau \u0111\u00f3. V\u00e0o cu\u1ed1i th\u1ebf k\u1ef7 20, b\u1ea3n s\u1eafc c\u1ee7a Glenwood \u0111\u00e3 thay \u0111\u1ed5i ph\u1ea7n n\u00e0o t\u1eeb m\u1ed9t khu ngh\u1ec9 d\u01b0\u1ee1ng spa th\u00e0nh m\u1ed9t c\u01a1 s\u1edf gi\u1ea3i tr\u00ed. C\u00e1c \u0111i\u1ec3m tham quan m\u1edbi nh\u01b0 C\u00f4ng vi\u00ean phi\u00eau l\u01b0u Glenwood Caverns (m\u1edf c\u1eeda v\u00e0o nh\u1eefng n\u0103m 1990 tr\u00ean N\u00fai Iron ph\u00eda tr\u00ean th\u00e0nh ph\u1ed1) v\u00e0 vi\u1ec7c chuy\u1ec3n \u0111\u1ed5i m\u1ed9t s\u1ed1 nh\u00e0 t\u1eafm th\u00e0nh \u0111\u1ecba \u0111i\u1ec3m gi\u1ea3i tr\u00ed \u0111\u00e3 \u0111a d\u1ea1ng h\u00f3a s\u1ee9c h\u1ea5p d\u1eabn c\u1ee7a n\u01a1i n\u00e0y. \u0110i\u1ec1u quan tr\u1ecdng l\u00e0 Glenwood Springs kh\u00f4ng bao gi\u1edd \u0111\u00f3ng c\u1eeda ho\u00e0n to\u00e0n v\u00e0o m\u00f9a \u0111\u00f4ng (kh\u00f4ng gi\u1ed1ng nh\u01b0 m\u1ed9t s\u1ed1 th\u1ecb tr\u1ea5n tr\u01b0\u1ee3t tuy\u1ebft), v\u00ec v\u1eady n\u01a1i n\u00e0y \u0111\u00e3 ph\u00e1t tri\u1ec3n m\u1ed9t n\u1ec1n kinh t\u1ebf \u1ed5n \u0111\u1ecbnh do c\u01b0 d\u00e2n th\u00fac \u0111\u1ea9y. T\u00f3m l\u1ea1i, t\u1eeb ngu\u1ed3n g\u1ed1c l\u00e0 m\u1ed9t th\u1ecb tr\u1ea5n spa th\u1ebf k\u1ef7 19 \u0111\u1ebfn vai tr\u00f2 hi\u1ec7n t\u1ea1i l\u00e0 c\u1eeda ng\u00f5 tr\u01b0\u1ee3t tuy\u1ebft v\u00e0 \u0111i b\u1ed9 \u0111\u01b0\u1eddng d\u00e0i, l\u1ecbch s\u1eed c\u1ee7a Glenwood Springs l\u00e0 m\u1ed9t trong nh\u1eefng s\u1ef1 t\u00e1i t\u1ea1o li\u00ean t\u1ee5c. Ng\u00e0y nay, di s\u1ea3n th\u1ebf k\u1ef7 20 c\u1ee7a n\u01a1i n\u00e0y v\u1eabn t\u1ed3n t\u1ea1i trong c\u00e1c t\u00f2a nh\u00e0 nh\u00e0 t\u1eafm b\u1eb1ng g\u1ea1ch v\u00e0 g\u1ed7 tr\u00ean Bathhouse Row, trong c\u00e1c kh\u00e1ch s\u1ea1n c\u00f3 tu\u1ed5i \u0111\u1eddi h\u00e0ng th\u1ebf k\u1ef7 v\u00e0 trong m\u1ed9t c\u1ed9ng \u0111\u1ed3ng coi tr\u1ecdng c\u1ea3 di s\u1ea3n v\u00e0 cu\u1ed9c s\u1ed1ng ngo\u00e0i tr\u1eddi.<\/p>\n<p>Glenwood Springs c\u00f3 n\u00e9t \u0111\u1eb7c tr\u01b0ng c\u1ee7a m\u1ed9t th\u1ecb tr\u1ea5n nh\u1ecf mi\u1ec1n T\u00e2y v\u1edbi n\u00e9t th\u00e2n thi\u1ec7n, h\u01b0\u1edbng ngo\u1ea1i. Ng\u00f4n ng\u1eef ch\u00ednh th\u1ee9c l\u00e0 ti\u1ebfng Anh v\u00e0 v\u1edbi 37% d\u00e2n s\u1ed1 l\u00e0 ng\u01b0\u1eddi g\u1ed1c La tinh, ti\u1ebfng T\u00e2y Ban Nha c\u0169ng \u0111\u01b0\u1ee3c nghe kh\u00e1 th\u01b0\u1eddng xuy\u00ean. C\u1ed9ng \u0111\u1ed3ng n\u00e0y k\u1ef7 ni\u1ec7m m\u1ed9t truy\u1ec1n th\u1ed1ng \u0111\u1ecba ph\u01b0\u01a1ng n\u1ed5i ti\u1ebfng: l\u1ec5 h\u1ed9i Strawberry Days, m\u1ed9t s\u1ef1 ki\u1ec7n m\u00f9a h\u00e8 k\u00e9o d\u00e0i nhi\u1ec1u ng\u00e0y \u0111\u01b0\u1ee3c th\u00e0nh l\u1eadp v\u00e0o n\u0103m 1898, l\u00e0 l\u1ec5 k\u1ef7 ni\u1ec7m th\u00e0nh ph\u1ed1 l\u00e2u \u0111\u1eddi nh\u1ea5t c\u1ee7a Colorado. (T\u00ean c\u1ee7a l\u1ec5 h\u1ed9i ph\u1ea3n \u00e1nh c\u00e1c trang tr\u1ea1i d\u00e2u t\u00e2y l\u1ecbch s\u1eed c\u1ee7a thung l\u0169ng.) Ngo\u00e0i ra, v\u0103n h\u00f3a \u0111\u1ecba ph\u01b0\u01a1ng pha tr\u1ed9n c\u00e1c y\u1ebfu t\u1ed1 c\u1ed5 \u0111i\u1ec3n c\u1ee7a th\u1ecb tr\u1ea5n mi\u1ec1n n\u00fai - m\u1ed9t ch\u00fat tinh th\u1ea7n cao b\u1ed3i rodeo, l\u1ecbch s\u1eed khai th\u00e1c m\u1ecf v\u00e0 truy\u1ec1n thuy\u1ebft bi\u00ean gi\u1edbi - v\u1edbi v\u0103n h\u00f3a tr\u01b0\u1ee3t tuy\u1ebft v\u00e0 h\u01b0\u1edbng d\u1eabn vi\u00ean s\u00f4ng. Cu\u1ed9c s\u1ed1ng h\u00e0ng ng\u00e0y \u1edf \u0111\u00e2y tu\u00e2n theo nh\u1ecbp \u0111i\u1ec7u mi\u1ec1n n\u00fai th\u01b0 th\u00e1i: m\u1ecdi ng\u01b0\u1eddi th\u01b0\u1eddng \u0111\u01b0\u1ee3c nh\u00ecn th\u1ea5y trong trang ph\u1ee5c ngo\u00e0i tr\u1eddi gi\u1ea3n d\u1ecb (gi\u00e0y \u0111i b\u1ed9 \u0111\u01b0\u1eddng d\u00e0i ho\u1eb7c \u00e1o ph\u00f4ng c\u00f3 logo tr\u01b0\u1ee3t tuy\u1ebft), v\u00e0 c\u00e1c trung t\u00e2m x\u00e3 h\u1ed9i l\u00e0 c\u00e1c qu\u00e1n c\u00e0 ph\u00ea ven s\u00f4ng, nh\u00e0 m\u00e1y bia v\u00e0 c\u00f4ng vi\u00ean thay v\u00ec qu\u00e1n bar ho\u1eb7c h\u1ed9p \u0111\u00eam. \u0110i d\u1ea1o d\u1ecdc theo Grand Avenue (ph\u1ed1 ch\u00ednh c\u1ed5 k\u00ednh) s\u1ebd th\u1ea5y c\u00e1c ph\u00f2ng tr\u01b0ng b\u00e0y ngh\u1ec7 thu\u1eadt, hi\u1ec7u s\u00e1ch v\u00e0 s\u1ef1 k\u1ebft h\u1ee3p gi\u1eefa c\u00e1c qu\u00e1n th\u1ecbt n\u01b0\u1edbng c\u0169 v\u00e0 qu\u00e1n r\u01b0\u1ee3u sang tr\u1ecdng m\u1edbi - cho th\u1ea5y th\u1ecb tr\u1ea5n c\u00e2n b\u1eb1ng gi\u1eefa truy\u1ec1n th\u1ed1ng v\u00e0 xu h\u01b0\u1edbng.<\/p>\n<p>C\u01b0 d\u00e2n th\u01b0\u1eddng h\u01b0\u1edbng ngo\u1ea1i v\u00e0 hi\u1ebfu kh\u00e1ch. Ng\u01b0\u1eddi \u0111i xe \u0111\u1ea1p, ng\u01b0\u1eddi leo n\u00fai v\u00e0 ng\u01b0\u1eddi d\u1eaft ch\u00f3 \u0111i d\u1ea1o th\u01b0\u1eddng d\u1eebng l\u1ea1i \u0111\u1ec3 tr\u00f2 chuy\u1ec7n. C\u00e1c t\u00f2a nh\u00e0 hai t\u1ea7ng v\u00e0 nh\u1eefng con ph\u1ed1 r\u1ee3p b\u00f3ng c\u00e2y c\u1ee7a Glenwood t\u1ea1o n\u00ean b\u1ea7u kh\u00f4ng kh\u00ed nh\u01b0 con ng\u01b0\u1eddi. Nh\u1ecbp s\u1ed1ng ch\u1eadm r\u00e3i: tuy\u1ebft r\u01a1i d\u00e0y khi\u1ebfn m\u1ecdi ng\u01b0\u1eddi l\u00ean k\u1ebf ho\u1ea1ch cho c\u00e1c d\u1ef1 \u00e1n m\u00f9a \u0111\u00f4ng ch\u1eadm r\u00e3i, trong khi nh\u1eefng bu\u1ed5i t\u1ed1i d\u00e0i v\u00e0o m\u00f9a h\u00e8 khuy\u1ebfn kh\u00edch c\u00e1c bu\u1ed5i t\u1ee5 t\u1eadp n\u01b0\u1edbng th\u1ecbt v\u00e0 h\u00f2a nh\u1ea1c ngo\u00e0i tr\u1eddi mi\u1ec5n ph\u00ed. C\u00f3 l\u1ebd v\u00ec l\u1ecbch s\u1eed ch\u1eefa b\u1ec7nh c\u1ee7a su\u1ed1i, c\u0169ng c\u00f3 m\u1ed9t d\u00f2ng ch\u1ea3y ng\u1ea7m to\u00e0n di\u1ec7n - c\u00e1c ph\u00f2ng kh\u00e1m v\u00e0 ph\u00f2ng t\u1eadp yoga \u0111\u1ecba ph\u01b0\u01a1ng c\u00f9ng t\u1ed3n t\u1ea1i v\u1edbi c\u00e1c \u0111\u01a1n v\u1ecb cung c\u1ea5p d\u1ecbch v\u1ee5 c\u00e2u c\u00e1 b\u1eb1ng ru\u1ed3i. N\u00f3i chung, &#034;c\u1ea3m gi\u00e1c&#034; c\u1ee7a Glenwood Springs l\u00e0 m\u1ed9t trong nh\u1eefng n\u01a1i an l\u00e0nh v\u00e0 phi\u00eau l\u01b0u: m\u1ed9t n\u01a1i m\u00e0 c\u00e1c gia \u0111\u00ecnh \u0111\u00e3 sinh s\u1ed1ng qua nhi\u1ec1u th\u1ebf h\u1ec7, nh\u01b0ng n\u01a1i nh\u1eefng ng\u01b0\u1eddi m\u1edbi \u0111\u1ebfn b\u1ecb thu h\u00fat b\u1edfi nh\u1eefng d\u00f2ng s\u00f4ng xanh bi\u1ebfc, tr\u01b0\u1ee3t tuy\u1ebft trong v\u00f2ng m\u1ed9t gi\u1edd v\u00e0 n\u1ed5i ti\u1ebfng v\u1ec1 s\u1ee9c kh\u1ecfe t\u1ed1t v\u00e0 vui ch\u01a1i ngo\u00e0i tr\u1eddi.<\/p>\n<p>Nh\u1eefng \u0111i\u1ec3m n\u1ed5i b\u1eadt kh\u00f4ng th\u1ec3 b\u1ecf qua c\u1ee7a Glenwood Springs \u0111\u1ec1u g\u1eafn li\u1ec1n v\u1edbi v\u00f9ng n\u01b0\u1edbc v\u00e0 n\u00fai non c\u1ee7a n\u01a1i n\u00e0y. Khu ngh\u1ec9 d\u01b0\u1ee1ng Glenwood Hot Springs l\u00e0 m\u1ed9t huy\u1ec1n tho\u1ea1i: n\u01a1i \u0111\u00e2y c\u00f3 m\u1ed9t &#034;H\u1ed3 b\u01a1i l\u1edbn&#034; n\u1ed5i ti\u1ebfng th\u1ebf gi\u1edbi l\u00e0 h\u1ed3 b\u01a1i n\u01b0\u1edbc kho\u00e1ng n\u00f3ng l\u1edbn nh\u1ea5t th\u1ebf gi\u1edbi. \u0110\u01b0\u1ee3c cung c\u1ea5p n\u01b0\u1edbc t\u1eeb c\u00e1c su\u1ed1i t\u1ef1 nhi\u00ean \u1edf nhi\u1ec7t \u0111\u1ed9 122\u00b0F v\u00e0 \u0111\u01b0\u1ee3c l\u00e0m m\u00e1t \u0111\u1ebfn 104\u00b0F \u0111\u1ec3 b\u01a1i, H\u1ed3 b\u01a1i ch\u00ednh ch\u1ee9a h\u01a1n m\u1ed9t tri\u1ec7u gallon n\u01b0\u1edbc kho\u00e1ng. T\u1eafm trong nh\u1eefng v\u00f9ng n\u01b0\u1edbc n\u00f3ng n\u00e0y l\u00e0 m\u1ed9t nghi l\u1ec5 c\u00f3 t\u1eeb th\u1eddi ng\u01b0\u1eddi da \u0111\u1ecf Ute v\u00e0 nh\u1eefng ng\u01b0\u1eddi \u0111\u1ecbnh c\u01b0 \u0111\u1ea7u ti\u00ean. Ngay b\u00ean c\u1ea1nh, Yampah Spa &amp; Vapor Caves l\u1ecbch s\u1eed mang \u0111\u1ebfn m\u1ed9t tr\u1ea3i nghi\u1ec7m \u0111\u1ed9c \u0111\u00e1o kh\u00e1c: c\u00e1c hang \u0111\u1ed9ng n\u01b0\u1edbc n\u00f3ng trong nh\u00e0, n\u01a1i kh\u00f4ng kh\u00ed \u1ea9m, \u1ea5m v\u00e0 h\u01a1i kho\u00e1ng t\u1ea1o ra m\u1ed9t ph\u00f2ng x\u00f4ng h\u01a1i t\u1ef1 nhi\u00ean. \u0110\u1ec3 ng\u1eafm c\u1ea3nh, h\u00e3y \u0111i xe \u0111i\u1ec7n tr\u00ean kh\u00f4ng \u0111\u1ebfn C\u00f4ng vi\u00ean phi\u00eau l\u01b0u Glenwood Caverns. N\u1eb1m tr\u00ean \u0111\u1ec9nh N\u00fai S\u1eaft (cao 7.100 feet), c\u00f4ng vi\u00ean gi\u1ea3i tr\u00ed n\u00e0y c\u00f3 c\u00e1c tour tham quan hang \u0111\u1ed9ng qua c\u00e1c hang \u0111\u1ed9ng \u0111\u00e1 v\u00f4i c\u1ed5 \u0111\u1ea1i v\u00e0 c\u00e1c tr\u00f2 ch\u01a1i c\u1ea3m gi\u00e1c m\u1ea1nh (t\u00e0u l\u01b0\u1ee3n si\u00eau t\u1ed1c v\u00e0 x\u00edch \u0111u kh\u1ed5ng l\u1ed3) v\u1edbi t\u1ea7m nh\u00ecn ngo\u1ea1n m\u1ee5c ra h\u1ebbm n\u00fai.<\/p>\n<p>M\u1ed9t chuy\u1ebfn l\u00e1i xe ng\u1eafn s\u1ebd \u0111\u01b0a b\u1ea1n \u0111\u1ebfn H\u1ed3 Hanging, m\u1ed9t trong nh\u1eefng chuy\u1ebfn \u0111i b\u1ed9 \u0111\u01b0\u1eddng d\u00e0i n\u1ed5i ti\u1ebfng nh\u1ea5t c\u1ee7a Colorado. \u0110\u01b0\u1eddng m\u00f2n h\u1eb9p d\u00e0i 1,2 d\u1eb7m leo l\u00ean kho\u1ea3ng 1.000 feet \u0111\u1ebfn m\u1ed9t h\u1ed3 n\u01b0\u1edbc trong xanh, m\u00e0u ng\u1ecdc lam n\u1eb1m gi\u1eefa nh\u1eefng th\u00e1c n\u01b0\u1edbc v\u00e0 c\u00e1c b\u1ee9c t\u01b0\u1eddng \u0111\u00e1 travertine. (C\u1ea7n c\u00f3 gi\u1ea5y ph\u00e9p \u0111i b\u1ed9 \u0111\u01b0\u1eddng d\u00e0i, v\u00ec h\u1ed3 l\u00e0 Di t\u00edch thi\u00ean nhi\u00ean qu\u1ed1c gia \u0111\u01b0\u1ee3c b\u1ea3o v\u1ec7.) C\u00e1c \u0111i\u1ec3m tham quan ngo\u00e0i tr\u1eddi kh\u00e1c bao g\u1ed3m Sunlight Mountain Resort (khu tr\u01b0\u1ee3t tuy\u1ebft \u0111\u1ecba ph\u01b0\u01a1ng ngay ph\u00eda \u0111\u00f4ng b\u1eafc c\u1ee7a th\u1ecb tr\u1ea5n) v\u00e0 ch\u00e8o thuy\u1ec1n v\u01b0\u1ee3t th\u00e1c \u0111\u1eb3ng c\u1ea5p th\u1ebf gi\u1edbi tr\u00ean S\u00f4ng Colorado qua H\u1ebbm n\u00fai Glenwood (gi\u1ebfng th\u00e1c \u0111\u1eb9p nh\u01b0 tranh v\u1ebd \u0111\u01b0\u1ee3c bao quanh b\u1edfi nh\u1eefng v\u00e1ch \u0111\u00e1 \u0111\u1ecf). Trong th\u1ecb tr\u1ea5n, \u0111i d\u1ea1o d\u1ecdc theo \u0110\u1ea1i l\u1ed9 Grand s\u1ebd th\u1ea5y ki\u1ebfn \u200b\u200btr\u00fac nh\u00e0 t\u1eafm th\u1eddi Victoria, c\u00e1c c\u1eeda h\u00e0ng v\u00e0 qu\u00e1n c\u00e0 ph\u00ea \u0111\u1ecba ph\u01b0\u01a1ng. \u0110\u1eebng b\u1ecf l\u1ee1 C\u00f4ng vi\u00ean Hahn&#039;s Peak \u1edf trung t\u00e2m th\u00e0nh ph\u1ed1 - \u0111\u00e2y l\u00e0 m\u1ed9t c\u00f4ng vi\u00ean tr\u00ean n\u00fai nh\u1ecf nh\u01b0ng c\u1ed5 \u0111i\u1ec3n b\u00ean c\u1ea1nh d\u00f2ng s\u00f4ng.<\/p>\n<p>Glenwood Springs c\u0169ng c\u00f3 nh\u1eefng \u0111i\u1ec3m tham quan v\u0103n h\u00f3a: Kh\u00e1ch s\u1ea1n Colorado l\u1ecbch s\u1eed (n\u01a1i Teddy Roosevelt t\u1eebng \u1edf) l\u00e0 n\u01a1i c\u00f3 m\u1ed9t b\u1ea3o t\u00e0ng l\u1ecbch s\u1eed \u0111\u1ecba ph\u01b0\u01a1ng. Glenwood Vaudeville Revue l\u00e0 m\u1ed9t nh\u00e0 h\u00e1t \u0103n t\u1ed1i n\u1ed5i ti\u1ebfng l\u01b0u gi\u1eef n\u00e9t quy\u1ebfn r\u0169 c\u1ee7a Glenwood th\u1eddi x\u01b0a. V\u00e0 nh\u1eefng ng\u01b0\u1eddi th\u00edch ho\u1ea1t \u0111\u1ed9ng ngo\u00e0i tr\u1eddi n\u00ean t\u1eadn h\u01b0\u1edfng \u0110\u01b0\u1eddng gi\u1ea3i tr\u00ed Glenwood Canyon m\u1edbi \u2013 m\u1ed9t con \u0111\u01b0\u1eddng l\u00e1t \u0111\u00e1 \u0111\u1ec3 \u0111\u1ea1p xe d\u1ecdc theo S\u00f4ng Colorado. T\u00f3m l\u1ea1i, \u201cnh\u1eefng \u0111i\u1ec3m tham quan h\u00e0ng \u0111\u1ea7u\u201d c\u1ee7a Glenwood \u0111\u01b0\u1ee3c x\u00e2y d\u1ef1ng xung quanh n\u01b0\u1edbc v\u00e0 phi\u00eau l\u01b0u: su\u1ed1i ng\u00e2m, to\u00e0n c\u1ea3nh n\u00fai non, hang \u0111\u1ed9ng tr\u00ean n\u00fai cao v\u00e0 nh\u1eefng con \u0111\u01b0\u1eddng m\u00f2n. Nh\u1eefng \u0111i\u1ec1u n\u00e0y khi\u1ebfn ngay c\u1ea3 th\u1ecb tr\u1ea5n nh\u1ecf n\u00e0y c\u0169ng c\u00f3 c\u1ea3m gi\u00e1c nh\u01b0 m\u1ed9t k\u1ef3 ngh\u1ec9 tr\u1ecdn g\u00f3i.<\/p>\n<p>Glenwood Springs kh\u00f4ng c\u00f3 s\u00e2n bay l\u1edbn ri\u00eang. C\u00e1c chuy\u1ebfn bay th\u01b0\u01a1ng m\u1ea1i g\u1ea7n nh\u1ea5t l\u00e0 \u0111\u1ebfn Denver International (c\u00e1ch kho\u1ea3ng 220 d\u1eb7m) ho\u1eb7c Colorado Springs (210 d\u1eb7m). Tuy nhi\u00ean, \u0111\u1ec3 ti\u1ebfp c\u1eadn g\u1ea7n h\u01a1n v\u00e0o m\u00f9a \u0111\u00f4ng, du kh\u00e1ch th\u01b0\u1eddng bay \u0111\u1ebfn S\u00e2n bay Eagle County (Vail) ho\u1eb7c S\u00e2n bay Aspen\/Pitkin County, sau \u0111\u00f3 l\u00e1i xe 1\u20131,5 gi\u1edd tr\u00ean Xa l\u1ed9 Li\u00ean ti\u1ec3u bang 70 v\u00e0 c\u00e1c con \u0111\u01b0\u1eddng tr\u00ean n\u00fai cao. B\u1eb1ng \u00f4 t\u00f4, Glenwood r\u1ea5t d\u1ec5 \u0111\u1ebfn: n\u1eb1m \u1edf L\u1ed1i ra 116 tr\u00ean I-70, c\u00e1ch Grand Junction 90 ph\u00fat v\u1ec1 ph\u00eda \u0111\u00f4ng v\u00e0 c\u00e1ch Vail\/Aspen 25 ph\u00fat v\u1ec1 ph\u00eda t\u00e2y qua \u0110\u01b0\u1eddng cao t\u1ed1c Ti\u1ec3u bang 82. T\u00e0u California Zephyr c\u1ee7a Amtrak d\u1eebng t\u1ea1i Glenwood Springs, cung c\u1ea5p t\u00f9y ch\u1ecdn \u0111\u01b0\u1eddng s\u1eaft ng\u1eafm c\u1ea3nh t\u1eeb Denver ho\u1eb7c khu v\u1ef1c V\u1ecbnh San Francisco. Bustang, d\u1ecbch v\u1ee5 xe bu\u00fdt c\u1ee7a ti\u1ec3u bang Colorado v\u00e0 xe \u0111\u01b0a \u0111\u00f3n tr\u01b0\u1ee3t tuy\u1ebft c\u0169ng ph\u1ee5c v\u1ee5 th\u1ecb tr\u1ea5n.<\/p>\n<p>Trung t\u00e2m th\u00e0nh ph\u1ed1 Glenwood Springs kh\u00e1 nh\u1ecf g\u1ecdn v\u00e0 r\u1ea5t d\u1ec5 \u0111i b\u1ed9. M\u1ed9t tuy\u1ebfn xe bu\u00fdt th\u00e0nh ph\u1ed1 mi\u1ec5n ph\u00ed (\u201cRide Glenwood\u201d) ch\u1ea1y c\u1ee9 sau 30 ph\u00fat theo m\u1ed9t v\u00f2ng quanh th\u1ecb tr\u1ea5n, k\u1ebft n\u1ed1i c\u00e1c khu d\u00e2n c\u01b0, c\u1eeda h\u00e0ng v\u00e0 su\u1ed1i n\u01b0\u1edbc n\u00f3ng. V\u00e0o m\u00f9a h\u00e8 v\u00e0 m\u00f9a \u0111\u00f4ng, c\u00f3 th\u1ec3 nh\u00ecn th\u1ea5y r\u1ea5t nhi\u1ec1u ng\u01b0\u1eddi \u0111i xe \u0111\u1ea1p tr\u00ean v\u1ec9a h\u00e8 r\u1ed9ng ho\u1eb7c \u0111\u01b0\u1eddng d\u00e0nh cho xe \u0111\u1ea1p d\u1ecdc theo b\u1edd s\u00f4ng. Tuy nhi\u00ean, h\u1ea7u h\u1ebft du kh\u00e1ch \u0111\u1ec1u thu\u00ea \u00f4 t\u00f4 \u0111\u1ec3 m\u1ea1o hi\u1ec3m v\u00e0o nh\u1eefng ng\u1ecdn n\u00fai xung quanh (tr\u1eeb khi h\u1ecd \u1edf t\u1ea1i m\u1ed9t khu ngh\u1ec9 d\u01b0\u1ee1ng tr\u01b0\u1ee3t tuy\u1ebft c\u00f3 d\u1ecbch v\u1ee5 \u0111\u01b0a \u0111\u00f3n ri\u00eang). \u0110\u01b0\u1eddng m\u00f9a \u0111\u00f4ng c\u00f3 th\u1ec3 tr\u01a1n tr\u01b0\u1ee3t tr\u00ean tuy\u1ebft, v\u00ec v\u1eady, n\u00ean s\u1eed d\u1ee5ng l\u1ed1p xe 4WD ho\u1eb7c l\u1ed1p xe tuy\u1ebft khi l\u00e1i xe l\u00ean nh\u1eefng v\u00f9ng cao h\u01a1n. M\u1ed9t s\u1ed1 \u0111i\u1ec3m tham quan (nh\u01b0 \u0111\u01b0\u1eddng m\u00f2n Hanging Lake) hi\u1ec7n y\u00eau c\u1ea7u xe \u0111\u01b0a \u0111\u00f3n ho\u1eb7c b\u00e3i \u0111\u1eadu xe tr\u1ea3 ph\u00ed; nhi\u1ec1u \u0111\u01a1n v\u1ecb cung c\u1ea5p d\u1ecbch v\u1ee5 v\u00e0 kh\u00e1ch s\u1ea1n cung c\u1ea5p d\u1ecbch v\u1ee5 \u0111\u01b0a \u0111\u00f3n cho ng\u01b0\u1eddi tr\u01b0\u1ee3t tuy\u1ebft v\u00e0 ng\u01b0\u1eddi \u0111i b\u1ed9 \u0111\u01b0\u1eddng d\u00e0i.<\/p>\n<p>Ti\u1ec1n t\u1ec7 l\u00e0 \u0111\u00f4 la M\u1ef9. Ti\u1ebfng Anh \u0111\u01b0\u1ee3c n\u00f3i \u1edf kh\u1eafp m\u1ecdi n\u01a1i, nh\u01b0ng v\u1edbi d\u00e2n s\u1ed1 g\u1ed1c T\u00e2y Ban Nha \u0111\u00f4ng \u0111\u1ea3o, b\u1ea1n c\u00f3 th\u1ec3 th\u01b0\u1eddng xuy\u00ean nghe th\u1ea5y ti\u1ebfng T\u00e2y Ban Nha. Ti\u1ec1n boa kho\u1ea3ng 18% trong nh\u00e0 h\u00e0ng v\u00e0 cho h\u01b0\u1edbng d\u1eabn vi\u00ean l\u00e0 ti\u00eau chu\u1ea9n. Trang ph\u1ee5c th\u01b0\u1eddng ng\u00e0y ngo\u00e0i tr\u1eddi quanh n\u0103m: h\u00e3y ngh\u0129 \u0111\u1ebfn vi\u1ec7c m\u1eb7c nhi\u1ec1u l\u1edbp qu\u1ea7n \u00e1o v\u00e0o m\u00f9a \u0111\u00f4ng (m\u1eb7t tr\u1eddi tr\u00ean n\u00fai v\u1eabn c\u00f3 th\u1ec3 r\u1ea5t m\u1ea1nh) v\u00e0 qu\u1ea7n short\/\u00e1o ph\u00f4ng v\u00e0o m\u00f9a h\u00e8 (nh\u01b0ng h\u00e3y mang theo \u00e1o kho\u00e1c cho nh\u1eefng \u0111\u00eam m\u00e1t m\u1ebb). T\u00f4n tr\u1ecdng kh\u00f4ng kh\u00ed ngo\u00e0i tr\u1eddi: \u0111i tr\u00ean \u0111\u01b0\u1eddng m\u00f2n, gi\u1eef kho\u1ea3ng c\u00e1ch an to\u00e0n v\u1edbi \u0111\u1ed9ng v\u1eadt hoang d\u00e3 (s\u01b0 t\u1eed n\u00fai v\u00e0 g\u1ea5u s\u1ed1ng trong r\u1eebng) v\u00e0 ki\u1ec3m tra th\u1eddi ti\u1ebft tr\u01b0\u1edbc khi \u0111i b\u1ed9 \u0111\u01b0\u1eddng d\u00e0i tr\u00ean n\u00fai cao - b\u00e3o c\u00f3 th\u1ec3 \u1eadp \u0111\u1ebfn nhanh ch\u00f3ng. V\u00e0o m\u00f9a \u0111\u00f4ng, h\u00e3y c\u1ea9n th\u1eadn v\u1edbi tuy\u1ebft l\u1edf n\u1ebfu \u0111i ra kh\u1ecfi c\u00e1c khu v\u1ef1c \u0111\u00e3 \u0111\u01b0\u1ee3c thi\u1ebft l\u1eadp. M\u1eb7t tr\u1eddi tr\u00ean n\u00fai r\u1ea5t gay g\u1eaft \u1edf \u0111\u1ed9 cao; kem ch\u1ed1ng n\u1eafng v\u00e0 m\u0169 l\u00e0 nh\u1eefng th\u1ee9 c\u1ea7n thi\u1ebft. Cu\u1ed1i c\u00f9ng, m\u1eb7c d\u00f9 Glenwood Springs t\u01b0\u01a1ng \u0111\u1ed1i an to\u00e0n, h\u00e3y l\u01b0u \u00fd r\u1eb1ng c\u00e1c xa l\u1ed9 (\u0111\u1eb7c bi\u1ec7t l\u00e0 I-70) r\u1ea5t \u0111\u00f4ng xe t\u1ea3i. S\u1eed d\u1ee5ng v\u1ea1ch k\u1ebb \u0111\u01b0\u1eddng d\u00e0nh cho ng\u01b0\u1eddi \u0111i b\u1ed9 trong th\u1ecb tr\u1ea5n v\u00e0 lu\u00f4n th\u1eaft d\u00e2y an to\u00e0n.<a href=\"https:\/\/travelshelper.com\/vi\/diem-den\/bac-my\/hop-chung-quoc-hoa-ky\/berkeley-springs\/\" target=\"_self\" aria-labelledby=\"uael-post-8997\"><br \/>\n<\/a><\/p>","protected":false},"excerpt":{"rendered":"<p>Glenwood Springs, m\u1ed9t th\u00e0nh ph\u1ed1 t\u1ef1 qu\u1ea3n s\u00f4i \u0111\u1ed9ng \u0111\u00f3ng vai tr\u00f2 l\u00e0 qu\u1eadn l\u1ef5 c\u1ee7a Qu\u1eadn Garfield, Colorado, n\u1eb1m khu\u1ea5t t\u1ea1i ng\u00e3 ba s\u00f4ng Roaring Fork v\u00e0 Colorado. V\u1edbi 9.963 ng\u01b0\u1eddi theo \u0110i\u1ec1u tra d\u00e2n s\u1ed1 Hoa K\u1ef3 n\u0103m 2020, th\u00e0nh ph\u1ed1 nh\u1ecf nh\u01b0ng \u0111\u00e1ng ch\u00fa \u00fd n\u00e0y l\u00e0 m\u1ed9t trung t\u00e2m trong khu v\u1ef1c. Glenwood Springs l\u00e0 trung t\u00e2m gi\u1eefa Thung l\u0169ng Roaring Fork v\u00e0 m\u1ed9t t\u1eadp h\u1ee3p c\u00e1c th\u1ecb tr\u1ea5n nh\u1ecf h\u01a1n n\u1eb1m r\u1ea3i r\u00e1c d\u1ecdc theo S\u00f4ng Colorado; v\u1ecb tr\u00ed chi\u1ebfn l\u01b0\u1ee3c c\u1ee7a th\u00e0nh ph\u1ed1 gi\u00fap gi\u1ea3i th\u00edch c\u1ea3 \u00fd ngh\u0129a l\u1ecbch s\u1eed v\u00e0 hi\u1ec7n \u0111\u1ea1i c\u1ee7a th\u00e0nh ph\u1ed1.<\/p>","protected":false},"author":1,"featured_media":17477,"parent":8072,"menu_order":0,"comment_status":"closed","ping_status":"closed","template":"elementor_theme","meta":{"_eb_attr":"","footnotes":""},"class_list":["post-8949","page","type-page","status-publish","has-post-thumbnail"],"_links":{"self":[{"href":"https:\/\/travelshelper.com\/vi\/wp-json\/wp\/v2\/pages\/8949","targetHints":{"allow":["GET"]}}],"collection":[{"href":"https:\/\/travelshelper.com\/vi\/wp-json\/wp\/v2\/pages"}],"about":[{"href":"https:\/\/travelshelper.com\/vi\/wp-json\/wp\/v2\/types\/page"}],"author":[{"embeddable":true,"href":"https:\/\/travelshelper.com\/vi\/wp-json\/wp\/v2\/users\/1"}],"replies":[{"embeddable":true,"href":"https:\/\/travelshelper.com\/vi\/wp-json\/wp\/v2\/comments?post=8949"}],"version-history":[{"count":0,"href":"https:\/\/travelshelper.com\/vi\/wp-json\/wp\/v2\/pages\/8949\/revisions"}],"up":[{"embeddable":true,"href":"https:\/\/travelshelper.com\/vi\/wp-json\/wp\/v2\/pages\/8072"}],"wp:featuredmedia":[{"embeddable":true,"href":"https:\/\/travelshelper.com\/vi\/wp-json\/wp\/v2\/media\/17477"}],"wp:attachment":[{"href":"https:\/\/travelshelper.com\/vi\/wp-json\/wp\/v2\/media?parent=8949"}],"curies":[{"name":"wp","href":"https:\/\/api.w.org\/{rel}","templated":true}]}}