{"id":8795,"date":"2024-09-05T12:07:13","date_gmt":"2024-09-05T12:07:13","guid":{"rendered":"https:\/\/travelshelper.com\/staging\/?page_id=8795"},"modified":"2026-03-13T17:32:22","modified_gmt":"2026-03-13T17:32:22","slug":"cincinnati","status":"publish","type":"page","link":"https:\/\/travelshelper.com\/vi\/destinations\/north-america\/united-states\/cincinnati\/","title":{"rendered":"Cincinnati"},"content":{"rendered":"<p>Cincinnati, \u0111\u00f4i khi \u0111\u01b0\u1ee3c g\u1ecdi l\u00e0 &#034;Th\u00e0nh ph\u1ed1 N\u1eef ho\u00e0ng&#034;, n\u1eb1m gi\u1eefa Trung T\u00e2y v\u00e0 Nam d\u1ecdc theo S\u00f4ng Ohio. M\u1eb7c d\u00f9 nh\u1ecf h\u01a1n so v\u1edbi c\u00e1c th\u00e0nh ph\u1ed1 Chicago v\u00e0 Dallas, Cincinnati t\u1ef1 h\u00e0o c\u00f3 di s\u1ea3n phong ph\u00fa, n\u1ec1n v\u0103n h\u00f3a \u0111\u1eb7c s\u1eafc v\u00e0 b\u1ea7u kh\u00f4ng kh\u00ed &#034;th\u00e0nh ph\u1ed1 ven s\u00f4ng&#034; n\u1ed3ng h\u1eadu. D\u00e2n s\u1ed1 c\u1ee7a th\u00e0nh ph\u1ed1 l\u00e0 kho\u1ea3ng 309.317 ng\u01b0\u1eddi v\u00e0o n\u0103m 2020, khi\u1ebfn \u0111\u00e2y tr\u1edf th\u00e0nh th\u00e0nh ph\u1ed1 l\u1edbn th\u1ee9 ba \u1edf Ohio (sau Columbus v\u00e0 Cleveland) v\u00e0 l\u1edbn th\u1ee9 66 tr\u00ean to\u00e0n qu\u1ed1c. Khu v\u1ef1c \u0111\u00f4 th\u1ecb t\u00e1m qu\u1eadn c\u1ee7a th\u00e0nh ph\u1ed1 l\u1edbn h\u01a1n nhi\u1ec1u, kho\u1ea3ng 2,27 tri\u1ec7u ng\u01b0\u1eddi. N\u1ec1n kinh t\u1ebf khu v\u1ef1c r\u1ea5t m\u1ea1nh m\u1ebd: GDP c\u1ee7a Greater Cincinnati \u0111\u1ea1t kho\u1ea3ng 157 t\u1ef7 \u0111\u00f4 la v\u00e0o n\u0103m 2022. C\u00e1c c\u00f4ng ty l\u1edbn trong danh s\u00e1ch Fortune 500 nh\u01b0 Kroger (b\u00e1n l\u1ebb), Procter &amp; Gamble (h\u00e0ng ti\u00eau d\u00f9ng) v\u00e0 Fifth Third Bank c\u00f3 tr\u1ee5 s\u1edf ch\u00ednh t\u1ea1i \u0111\u00e2y, neo gi\u1eef m\u1ed9t n\u1ec1n kinh t\u1ebf \u0111a d\u1ea1ng. C\u00e1c ng\u00e0nh c\u00f4ng nghi\u1ec7p c\u1ee7a Cincinnati bao g\u1ed3m s\u1ea3n xu\u1ea5t, ch\u0103m s\u00f3c s\u1ee9c kh\u1ecfe (v\u00ed d\u1ee5: B\u1ec7nh vi\u1ec7n Nhi Cincinnati) v\u00e0 c\u00f4ng ngh\u1ec7 m\u1edbi n\u1ed5i. S\u1ef1 ph\u00e1t tri\u1ec3n c\u1ee7a th\u00e0nh ph\u1ed1 r\u1ea5t \u1ed5n \u0111\u1ecbnh: kh\u00f4ng gi\u1ed1ng nh\u01b0 nhi\u1ec1u khu v\u1ef1c Rust Belt kh\u00e1c, Cincinnati \u0111\u00e3 m\u1edf r\u1ed9ng v\u00e0o cu\u1ed1i th\u1ebf k\u1ef7 20 v\u00e0 qu\u00e1 tr\u00ecnh t\u00e1i thi\u1ebft trung t\u00e2m th\u00e0nh ph\u1ed1 k\u1ec3 t\u1eeb nh\u1eefng n\u0103m 1990 \u0111\u00e3 thu h\u00fat h\u01a1n m\u1ed9t ph\u1ea7n t\u01b0 tri\u1ec7u c\u01b0 d\u00e2n m\u1edbi v\u00e0 vi\u1ec7c l\u00e0m.<\/p>\n<p>Cincinnati n\u1eb1m \u1edf ph\u00eda t\u00e2y nam Ohio, gi\u00e1p v\u1edbi S\u00f4ng Ohio \u1edf ph\u00eda nam v\u00e0 ph\u00eda t\u00e2y (v\u1edbi Kentucky \u1edf b\u1edd b\u00ean kia) v\u00e0 nh\u1eefng ng\u1ecdn \u0111\u1ed3i nh\u1ea5p nh\u00f4 \u1edf ph\u00eda b\u1eafc. Kh\u00f4ng gi\u1ed1ng nh\u01b0 th\u1ea3o nguy\u00ean Illinois, c\u1ea3nh quan c\u1ee7a Cincinnati l\u00e0 \u0111\u1ed3i n\u00fai (ch\u00e2n \u0111\u1ed3i Appalachians), mang \u0111\u1ebfn cho nhi\u1ec1u khu ph\u1ed1 t\u1ea7m nh\u00ecn bao qu\u00e1t ra s\u00f4ng. Th\u00e0nh ph\u1ed1 th\u1ef1c s\u1ef1 tr\u1ea3i d\u00e0i tr\u00ean m\u1ed9t s\u1ed1 ng\u1ecdn \u0111\u1ed3i d\u1ed1c; m\u1ed9t s\u1ed1 khu v\u1ef1c trung t\u00e2m th\u00e0nh ph\u1ed1 v\u00e0 Over-the-Rhine n\u1eb1m tr\u00ean c\u00e1c v\u00e1ch \u0111\u00e1 nh\u00ecn ra s\u00f4ng. V\u1ec1 m\u1eb7t \u0111\u1ecba l\u00fd, th\u00e0nh ph\u1ed1 n\u1eb1m trong l\u01b0u v\u1ef1c Ng\u0169 \u0110\u1ea1i H\u1ed3 nh\u01b0ng \u1edf r\u00eca ch\u00e2n \u0111\u1ed3i Appalachian. Kh\u00ed h\u1eadu c\u1ee7a Cincinnati l\u00e0 kh\u00ed h\u1eadu chuy\u1ec3n ti\u1ebfp: c\u00f3 kh\u00ed h\u1eadu l\u1ee5c \u0111\u1ecba \u1ea9m v\u1edbi s\u1ef1 thay \u0111\u1ed5i \u0111\u00e1ng k\u1ec3 theo m\u00f9a. M\u00f9a h\u00e8 n\u00f3ng v\u00e0 oi b\u1ee9c (th\u01b0\u1eddng l\u00ean t\u1edbi 90\u00b0F) v\u00e0 m\u00f9a \u0111\u00f4ng l\u1ea1nh v\u1edbi tuy\u1ebft r\u01a1i v\u1eeba ph\u1ea3i. Th\u00e0nh ph\u1ed1 n\u1eb1m tr\u00ean ranh gi\u1edbi c\u1ee7a v\u00f9ng c\u1eadn nhi\u1ec7t \u0111\u1edbi \u1ea9m \u1ea5m h\u01a1n, v\u00ec v\u1eady m\u00f9a \u0111\u00f4ng \u00f4n h\u00f2a h\u01a1n so v\u1edbi c\u00e1c th\u00e0nh ph\u1ed1 ph\u00eda b\u1eafc Trung T\u00e2y. M\u00f9a xu\u00e2n v\u00e0 m\u00f9a thu th\u01b0\u1eddng \u00f4n h\u00f2a v\u00e0 d\u1ec5 ch\u1ecbu (nh\u01b0ng c\u00f3 m\u01b0a v\u00e0o th\u00e1ng 4 v\u00e0 s\u01b0\u01a1ng gi\u00e1 mu\u1ed9n th\u1ec9nh tho\u1ea3ng x\u1ea3y ra).<\/p>\n<p>C\u00e2u chuy\u1ec7n c\u1ee7a Cincinnati b\u1eaft \u0111\u1ea7u v\u00e0o n\u0103m 1788 khi nh\u1eefng c\u1ef1u chi\u1ebfn binh Chi\u1ebfn tranh C\u00e1ch m\u1ea1ng Mathias Denman, Robert Patterson v\u00e0 Israel Ludlow \u0111\u1eb7t ch\u00e2n \u0111\u1ebfn kh\u00fac quanh c\u1ee7a S\u00f4ng Ohio. John Filson, ng\u01b0\u1eddi kh\u1ea3o s\u00e1t, ban \u0111\u1ea7u \u0111\u1eb7t t\u00ean cho khu \u0111\u1ecbnh c\u01b0 l\u00e0 \u201cLosantiville\u201d, nh\u01b0ng v\u00e0o n\u0103m 1790, nh\u1eefng ng\u01b0\u1eddi l\u00e3nh \u0111\u1ea1o c\u1ee7a khu \u0111\u1ecbnh c\u01b0 \u0111\u00e3 \u0111\u1ed5i t\u00ean th\u00e0nh Cincinnati \u0111\u1ec3 vinh danh H\u1ed9i Cincinnati (m\u1ed9t t\u1ed5 ch\u1ee9c c\u1ee7a c\u00e1c s\u0129 quan C\u00e1ch m\u1ea1ng). Th\u00e0nh ph\u1ed1 \u0111\u01b0\u1ee3c th\u00e0nh l\u1eadp v\u00e0o n\u0103m 1802 v\u00e0 nhanh ch\u00f3ng tr\u1edf th\u00e0nh m\u1ed9t c\u1ea3ng s\u00f4ng quan tr\u1ecdng c\u1ee7a L\u00e3nh th\u1ed5 T\u00e2y B\u1eafc. \u0110\u1ebfn n\u0103m 1850, Cincinnati \u0111\u01b0\u1ee3c g\u1ecdi l\u00e0 \u201cPorkopolis\u201d do ng\u00e0nh c\u00f4ng nghi\u1ec7p ch\u1ebf bi\u1ebfn th\u1ecbt l\u1ee3n kh\u1ed5ng l\u1ed3 c\u1ee7a th\u00e0nh ph\u1ed1 - n\u01a1i \u0111\u00e2y gi\u1ebft m\u1ed5 v\u00e0 v\u1eadn chuy\u1ec3n nhi\u1ec1u l\u1ee3n h\u01a1n b\u1ea5t k\u1ef3 n\u01a1i n\u00e0o \u1edf M\u1ef9. \u0110\u01b0\u1eddng s\u1eaft xu\u1ea5t hi\u1ec7n v\u00e0o gi\u1eefa th\u1ebf k\u1ef7 19, c\u1ee7ng c\u1ed1 vai tr\u00f2 c\u1ee7a th\u00e0nh ph\u1ed1 nh\u01b0 m\u1ed9t trung t\u00e2m v\u1eadn t\u1ea3i.<\/p>\n<p>S\u1ef1 ph\u00e1t tri\u1ec3n v\u0103n h\u00f3a c\u1ee7a Cincinnati r\u1ea5t s\u00f4i \u0111\u1ed9ng: th\u00e0nh ph\u1ed1 x\u00e2y d\u1ef1ng c\u00e1c h\u1ed9i tr\u01b0\u1eddng \u00e2m nh\u1ea1c v\u00e0 th\u01b0 vi\u1ec7n l\u1ed9ng l\u1eaby, \u0111\u01b0\u1ee3c m\u1ec7nh danh l\u00e0 &#034;Paris c\u1ee7a n\u01b0\u1edbc M\u1ef9&#034; v\u00e0o nh\u1eefng n\u0103m 1870, nh\u1edd ki\u1ebfn \u200b\u200btr\u00fac \u0111\u1ed3 s\u1ed9 (H\u1ed9i tr\u01b0\u1eddng \u00e2m nh\u1ea1c, c\u1eeda h\u00e0ng b\u00e1ch h\u00f3a Shillito l\u1ed9ng l\u1eaby v\u00e0 C\u1ea7u treo Roebling). Th\u00e0nh ph\u1ed1 c\u0169ng l\u00e0 \u0111i\u1ec3m d\u1eebng ch\u00e2n quan tr\u1ecdng tr\u00ean \u0110\u01b0\u1eddng s\u1eaft ng\u1ea7m, v\u1edbi nhi\u1ec1u ng\u01b0\u1eddi theo ch\u1ee7 ngh\u0129a b\u00e3i n\u00f4 trong d\u00e2n s\u1ed1 (Cincinnati c\u00f3 c\u00e1c b\u1ea3o t\u00e0ng v\u00e0 bia t\u01b0\u1edfng ni\u1ec7m th\u1eddi k\u1ef3 \u0111\u00f3). Cu\u1ed1i th\u1ebf k\u1ef7 19 v\u00e0 \u0111\u1ea7u th\u1ebf k\u1ef7 20 ch\u1ee9ng ki\u1ebfn \u200b\u200bl\u00e0n s\u00f3ng ng\u01b0\u1eddi \u0110\u1ee9c nh\u1eadp c\u01b0, \u0111\u1ecbnh h\u00ecnh n\u00ean c\u00e1c khu ph\u1ed1 nh\u01b0 Over-the-Rhine (OTR), n\u01a1i v\u1eabn c\u00f2n l\u01b0u gi\u1eef b\u1ed9 s\u01b0u t\u1eadp c\u00e1c t\u00f2a nh\u00e0 theo phong c\u00e1ch \u00dd th\u1ebf k\u1ef7 19 l\u1edbn nh\u1ea5t \u1edf M\u1ef9. Cincinnati ti\u1ebfp t\u1ee5c ph\u00e1t tri\u1ec3n trong su\u1ed1t th\u1ebf k\u1ef7 20, m\u1eb7c d\u00f9 c\u00f3 l\u00fac th\u0103ng l\u00fac tr\u1ea7m: qu\u00e1 tr\u00ecnh \u0111\u00f4 th\u1ecb h\u00f3a \u0111\u00e3 \u0111\u01b0a c\u01b0 d\u00e2n r\u1eddi xa c\u00e1c khu ph\u1ed1 trung t\u00e2m v\u00e0o gi\u1eefa th\u1ebf k\u1ef7, nh\u01b0ng trong nh\u1eefng th\u1eadp k\u1ef7 g\u1ea7n \u0111\u00e2y \u0111\u00e3 c\u00f3 m\u1ed9t n\u1ed7 l\u1ef1c c\u00f3 ch\u1ee7 \u0111\u00edch nh\u1eb1m t\u00e1i ph\u00e1t tri\u1ec3n OTR, b\u1edd s\u00f4ng v\u00e0 trung t\u00e2m th\u00e0nh ph\u1ed1.<\/p>\n<p>C\u00e1c s\u1ef1 ki\u1ec7n \u0111\u00e1ng ch\u00fa \u00fd bao g\u1ed3m tr\u1eadn l\u1ee5t n\u0103m 1884 d\u1eabn \u0111\u1ebfn vi\u1ec7c x\u00e2y d\u1ef1ng K\u00eanh \u0111\u00e0o Miami-Erie, v\u00e0 tr\u1eadn l\u1ee5t n\u0103m 1913 \u0111\u1ecbnh h\u00ecnh n\u00ean k\u1ebf ho\u1ea1ch \u0111\u00ea \u0111i\u1ec1u trong t\u01b0\u01a1ng lai. V\u1ec1 m\u1eb7t v\u0103n h\u00f3a, th\u00e0nh ph\u1ed1 \u0111\u00e3 t\u1ea1o ra nh\u1eefng \u0111\u1ed5i m\u1edbi nh\u01b0 \u0111\u1ed9i b\u00f3ng ch\u00e0y chuy\u00ean nghi\u1ec7p \u0111\u1ea7u ti\u00ean (Cincinnati Red Stockings n\u0103m 1869) v\u00e0 n\u1eef c\u1ea7u th\u1ee7 n\u00e9m b\u00f3ng chuy\u00ean nghi\u1ec7p \u0111\u1ea7u ti\u00ean. \u0110\u00e2y c\u0169ng l\u00e0 n\u01a1i x\u1ea3y ra tr\u1eadn l\u1ee5t th\u1ea3m kh\u1ed1c n\u0103m 1937 v\u00e0 vi\u1ec7c di d\u1eddi c\u00e1c xa l\u1ed9 ven s\u00f4ng v\u00e0o nh\u1eefng n\u0103m 1980. Trong th\u1eddi hi\u1ec7n \u0111\u1ea1i, Cincinnati \u0111\u00e3 s\u00e1p nh\u1eadp v\u1edbi c\u00e1c th\u1ecb tr\u1ea5n xung quanh (nh\u01b0 vi\u1ec7c s\u00e1p nh\u1eadp Eastwood n\u0103m 1920) v\u00e0 ph\u00e1t tri\u1ec3n v\u00e0o th\u1ebf k\u1ef7 21 v\u1edbi c\u00e1c t\u1ed5 ch\u1ee9c \u0111\u00e1ng ch\u00fa \u00fd (Nh\u00e0 h\u00e1t Opera Cincinnati, S\u1edf th\u00fa, Ba l\u00ea). L\u1ecbch s\u1eed c\u1ee7a Cincinnati hi\u1ec7n v\u1eabn c\u00f2n hi\u1ec7n h\u1eefu trong c\u00e1c khu ph\u1ed1 l\u1ecbch s\u1eed s\u00f4i \u0111\u1ed9ng v\u00e0 c\u00e1c c\u00f4ng vi\u00ean c\u00f3 t\u1eeb nhi\u1ec1u th\u1ebf k\u1ef7 tr\u01b0\u1edbc nh\u01b0 C\u00f4ng vi\u00ean Eden (th\u00e0nh l\u1eadp n\u0103m 1875) v\u00e0 trung t\u00e2m &#034;Qu\u1ea3ng tr\u01b0\u1eddng \u0110\u00e0i phun n\u01b0\u1edbc&#034; \u1edf trung t\u00e2m th\u00e0nh ph\u1ed1.<\/p>\n<p>B\u1ea3n s\u1eafc \u0111\u1ecba ph\u01b0\u01a1ng c\u1ee7a Cincinnati l\u00e0 \u1ea5m \u00e1p v\u00e0 truy\u1ec1n th\u1ed1ng v\u1edbi m\u1ed9t ch\u00fat c\u1edfi m\u1edf c\u1ee7a v\u00f9ng Trung T\u00e2y. Ng\u00f4n ng\u1eef ch\u00ednh l\u00e0 ti\u1ebfng Anh v\u00e0 nhi\u1ec1u truy\u1ec1n th\u1ed1ng l\u00e2u \u0111\u1eddi h\u01a1n b\u1eaft ngu\u1ed3n t\u1eeb di s\u1ea3n ti\u1ebfng \u0110\u1ee9c. Ph\u01b0\u01a1ng ng\u1eef \u0111\u1ecba ph\u01b0\u01a1ng nh\u1eb9 nh\u00e0ng mang \u00e2m h\u01b0\u1edfng Trung T\u00e2y v\u1edbi m\u1ed9t s\u1ed1 t\u1eeb \u0111\u1ed9c \u0111\u00e1o (v\u00ed d\u1ee5, g\u1ecdi \u0111\u00e0i phun n\u01b0\u1edbc l\u00e0 &#034;\u0111\u00e0i phun n\u01b0\u1edbc s\u1ee7i b\u1ecdt&#034; ho\u1eb7c s\u1eed d\u1ee5ng &#034;l\u00e0m \u01a1n&#034; trong nh\u00e0 v\u1ec7 sinh c\u00f4ng c\u1ed9ng - th\u00f4ng b\u00e1o &#034;Cincinnati Please&#034; n\u1ed5i ti\u1ebfng trong ph\u00f2ng t\u1eafm). C\u00e1c truy\u1ec1n th\u1ed1ng h\u00e0ng n\u0103m nh\u1ea5n m\u1ea1nh di s\u1ea3n c\u1ee7a th\u00e0nh ph\u1ed1: Oktoberfest Zinzinnati l\u00e0 l\u1ec5 h\u1ed9i Oktoberfest l\u1edbn nh\u1ea5t c\u1ee7a Hoa K\u1ef3, v\u1edbi nh\u1eefng chi\u1ebfc c\u1ed1c bia v\u0103n h\u00f3a, nh\u1ea1c polka v\u00e0 cu\u1ed9c \u0111ua ch\u00f3 dachshund &#034;Running of the Wieners&#034; kh\u00e9t ti\u1ebfng. H\u00e0ng n\u0103m, 30.000 ng\u01b0\u1eddi tham d\u1ef1 l\u1ec5 h\u1ed9i Oktoberfest c\u1ee7a Cincinnati, n\u01a1i \u1edbt Cincinnati (\u0111\u01b0\u1ee3c n\u00eam b\u1eb1ng s\u00f4 c\u00f4 la v\u00e0 qu\u1ebf) l\u00e0 m\u00f3n \u0103n \u0111\u01b0\u1ee3c y\u00eau th\u00edch. N\u00f3i v\u1ec1 \u1ea9m th\u1ef1c, Cincinnati n\u1ed5i ti\u1ebfng v\u1edbi m\u00f3n \u1edbt ki\u1ec3u Cincinnati (\u1edbt c\u00f3 ngu\u1ed3n g\u1ed1c t\u1eeb Hy L\u1ea1p \u0111\u01b0\u1ee3c ph\u1ee5c v\u1ee5 tr\u00ean m\u00ec spaghetti v\u00e0 ph\u00f4 mai) v\u00e0 x\u00fac x\u00edch &#034;Goetta&#034;.<\/p>\n<p>Cincinnati t\u1ed5 ch\u1ee9c c\u00e1c l\u1ec5 h\u1ed9i kh\u00e1c ph\u1ea3n \u00e1nh h\u01b0\u01a1ng v\u1ecb \u0111\u1ecba ph\u01b0\u01a1ng. Flying Pig Marathon (v\u00e0 Pig Brew Fest) t\u00f4n vinh l\u1ecbch s\u1eed ch\u1ebf bi\u1ebfn th\u1ecbt l\u1ee3n c\u1ee7a th\u00e0nh ph\u1ed1. \u00c2m nh\u1ea1c ph\u00e1t tri\u1ec3n m\u1ea1nh t\u1ea1i Cincinnati Music Festival (R&amp;B, soul v\u00e0 gospel) v\u00e0 c\u00e1c bu\u1ed5i h\u00f2a nh\u1ea1c ngo\u00e0i tr\u1eddi trong c\u00f4ng vi\u00ean. Bunbury Music Festival thu h\u00fat c\u00e1c ban nh\u1ea1c t\u00ean tu\u1ed5i v\u00e0o m\u00f9a h\u00e8. Pride l\u00e0 m\u1ed9t \u0111i\u1ec3m nh\u1ea5n kh\u00e1c: Cu\u1ed1i tu\u1ea7n t\u1ef1 h\u00e0o \u0111\u1ed3ng t\u00ednh c\u1ee7a Cincinnati l\u00e0 m\u1ed9t trong nh\u1eefng s\u1ef1 ki\u1ec7n l\u1edbn nh\u1ea5t c\u1ee7a Ohio, v\u1edbi c\u00e1c s\u1ef1 ki\u1ec7n v\u00e0o th\u00e1ng 10 l\u00e0m thay \u0111\u1ed5i trung t\u00e2m th\u00e0nh ph\u1ed1. L\u1ec5 h\u1ed9i \u00e1nh s\u00e1ng v\u00e0o th\u00e1ng 11 t\u1ea1i Krohn Conservatory th\u1eafp s\u00e1ng l\u1eddi ch\u00e0o m\u00f9a l\u1ec5 b\u1eb1ng c\u00e1c t\u00e1c ph\u1ea9m \u0111i\u00eau kh\u1eafc \u00e1nh s\u00e1ng.<\/p>\n<p>H\u00e0ng ng\u00e0y, Cincinnati c\u00f3 nh\u1ecbp s\u1ed1ng v\u1eeba ph\u1ea3i \u2013 \u00edt h\u1ed1i h\u1ea3 h\u01a1n Chicago hay Dallas nh\u01b0ng b\u1eadn r\u1ed9n h\u01a1n m\u1ed9t th\u1ecb tr\u1ea5n nh\u1ecf. Ng\u01b0\u1eddi d\u00e2n \u1edf \u0111\u00e2y th\u01b0\u1eddng l\u1ecbch s\u1ef1 v\u00e0 c\u00f3 \u00fd th\u1ee9c c\u1ed9ng \u0111\u1ed3ng. C\u00e1c khu ph\u1ed1 c\u00f3 ti\u1ec7c t\u00f9ng v\u00e0 qu\u00e1n r\u01b0\u1ee3u do ng\u01b0\u1eddi d\u00e2n \u0111\u1ecba ph\u01b0\u01a1ng l\u00e0m ch\u1ee7. Ng\u01b0\u1eddi d\u00e2n Cincinnati th\u00edch s\u00f4ng v\u00e0 \u0111\u1ed3i, \u0111i d\u1ea1o C\u00f4ng vi\u00ean Smale Riverfront v\u00e0o nh\u1eefng ng\u00e0y n\u1eafng ho\u1eb7c c\u1ed5 v\u0169 t\u1ea1i c\u00e1c tr\u1eadn \u0111\u1ea5u c\u1ee7a Bengals (NFL) ho\u1eb7c Reds (MLB). H\u1ecd t\u00f4n vinh c\u00e1c t\u1ed5 ch\u1ee9c ngh\u1ec7 thu\u1eadt c\u1ee7a th\u00e0nh ph\u1ed1 (ph\u00f2ng h\u00f2a nh\u1ea1c, b\u1ea3o t\u00e0ng ngh\u1ec7 thu\u1eadt) v\u00e0 di s\u1ea3n c\u1ee7a s\u1ef1 tham gia c\u1ee7a c\u00f4ng d\u00e2n. C\u1ea3m gi\u00e1c chung c\u1ee7a Cincinnati l\u00e0 th\u00e2n thi\u1ec7n v\u00e0 khi\u00eam t\u1ed1n \u2013 s\u1ef1 pha tr\u1ed9n gi\u1eefa t\u00ecnh l\u00e1ng gi\u1ec1ng Trung T\u00e2y v\u00e0 c\u00e1c khu v\u1ef1c n\u0103ng l\u01b0\u1ee3ng c\u1ee7a th\u00e0nh ph\u1ed1 l\u1edbn. So v\u1edbi c\u00e1c th\u00e0nh ph\u1ed1 ven bi\u1ec3n, n\u01a1i \u0111\u00e2y c\u00f3 gi\u00e1 c\u1ea3 ph\u1ea3i ch\u0103ng v\u00e0 tho\u1ea3i m\u00e1i; so v\u1edbi c\u00e1c th\u1ecb tr\u1ea5n nh\u1ecf, n\u01a1i \u0111\u00e2y gi\u00e0u v\u0103n h\u00f3a v\u00e0 n\u0103ng \u0111\u1ed9ng.<\/p>\n<p>Cincinnati cung c\u1ea5p m\u1ed9t lo\u1ea1t c\u00e1c \u0111i\u1ec3m tham quan \u0111\u00e1ng ng\u1ea1c nhi\u00ean kh\u00f4ng th\u1ec3 b\u1ecf qua. B\u1edd s\u00f4ng Ohio l\u00e0 m\u1ed9t \u0111i\u1ec3m nh\u1ea5n: C\u00f4ng vi\u00ean B\u1edd s\u00f4ng Smale m\u1edbi \u0111\u01b0\u1ee3c c\u1ea3i t\u1ea1o g\u1ea7n \u0111\u00e2y c\u00f3 \u0111\u00e0i phun n\u01b0\u1edbc, s\u00e2n ch\u01a1i v\u00e0 \u0111\u01b0\u1eddng \u0111i b\u1ed9 v\u1edbi t\u1ea7m nh\u00ecn ra \u0111\u01b0\u1eddng ch\u00e2n tr\u1eddi. Qu\u1ea3ng tr\u01b0\u1eddng \u0110\u00e0i phun n\u01b0\u1edbc uy nghi\u00eam (tr\u01b0\u1edbc \u0111\u00e2y l\u00e0 Nh\u00e0 ch\u1ee3 Monroe) l\u00e0 \u0111i\u1ec3m t\u1ee5 h\u1ecdp c\u1ee7a trung t\u00e2m th\u00e0nh ph\u1ed1, \u0111\u01b0\u1ee3c bao quanh b\u1edfi c\u00e1c t\u00f2a nh\u00e0 l\u1ecbch s\u1eed v\u00e0 t\u1ed5 ch\u1ee9c c\u00e1c bu\u1ed5i h\u00f2a nh\u1ea1c v\u00e0 s\u00e2n tr\u01b0\u1ee3t b\u0103ng. Khu ph\u1ed1 Over-the-Rhine (OTR) l\u00e0 \u0111i\u1ec3m thu h\u00fat h\u00e0ng \u0111\u1ea7u - m\u1ed9t trong nh\u1eefng khu l\u1ecbch s\u1eed l\u1edbn nh\u1ea5t \u1edf Hoa K\u1ef3. T\u1ea1i \u0111\u00e2y, di s\u1ea3n th\u1ebf k\u1ef7 19 c\u1ee7a th\u00e0nh ph\u1ed1 tr\u1edf n\u00ean s\u1ed1ng \u0111\u1ed9ng v\u1edbi c\u00e1c nh\u00e0 m\u00e1y bia \u0111\u01b0\u1ee3c ph\u1ee5c h\u1ed3i, c\u00e1c nh\u00e0 m\u00e1y bia th\u1ee7 c\u00f4ng (Cinci l\u00e0 m\u1ed9t th\u1ecb tr\u1ea5n s\u1ea3n xu\u1ea5t bia), c\u00e1c qu\u00e1n c\u00e0 ph\u00ea v\u00e0 c\u00e1c c\u1eeda h\u00e0ng th\u1eddi trang. Ph\u00eda \u0111\u00f4ng OTR, Ch\u1ee3 Findlay (ch\u1ee3 c\u00f4ng c\u1ed9ng li\u00ean t\u1ee5c ho\u1ea1t \u0111\u1ed9ng l\u00e2u \u0111\u1eddi nh\u1ea5t c\u1ee7a Ohio, t\u1eeb n\u0103m 1852) l\u00e0 n\u01a1i l\u00fd t\u01b0\u1edfng \u0111\u1ec3 n\u1ebfm th\u1eed c\u00e1c s\u1ea3n ph\u1ea9m \u0111\u1ecba ph\u01b0\u01a1ng v\u00e0 c\u00e1c m\u00f3n \u0103n d\u00e2n t\u1ed9c.<\/p>\n<p>Ki\u1ebfn tr\u00fac n\u1ed5i ti\u1ebfng l\u00e0m n\u1ed5i b\u1eadt c\u1ea3nh quan th\u00e0nh ph\u1ed1: C\u1ea7u treo Roebling (ti\u1ec1n th\u00e2n c\u1ee7a C\u1ed5ng V\u00e0ng San Francisco), Th\u00e1p Carew (t\u00f2a nh\u00e0 cao nh\u1ea5t tr\u01b0\u1edbc \u0111\u00e2y \u1edf mi\u1ec1n Nam, v\u1edbi \u0111\u00e0i quan s\u00e1t Art Deco) v\u00e0 Nh\u00e0 h\u00e1t \u00e2m nh\u1ea1c Art Deco n\u1ed5i b\u1eadt. Cincinnati t\u1ef1 h\u00e0o c\u00f3 c\u00e1c t\u1ed5 ch\u1ee9c v\u0103n h\u00f3a quan tr\u1ecdng c\u1ea5p qu\u1ed1c gia: B\u1ea3o t\u00e0ng ngh\u1ec7 thu\u1eadt Cincinnati trong C\u00f4ng vi\u00ean Eden \u0111\u1eb9p nh\u01b0 tranh v\u1ebd, Trung t\u00e2m T\u1ef1 do \u0110\u01b0\u1eddng s\u1eaft ng\u1ea7m Qu\u1ed1c gia (b\u1ea3o t\u00e0ng ven s\u00f4ng v\u1ec1 ch\u1ebf \u0111\u1ed9 n\u00f4 l\u1ec7 v\u00e0 quy\u1ec1n c\u00f4ng d\u00e2n) v\u00e0 B\u1ea3o t\u00e0ng Bi\u1ec3n b\u00e1o Hoa K\u1ef3 (tri\u1ec3n l\u00e3m l\u1ecbch s\u1eed k\u1ef3 qu\u1eb7c v\u1ec1 \u0111\u00e8n neon v\u00e0 bi\u1ec3n b\u00e1o).<\/p>\n<p>\u0110\u1ed1i v\u1edbi c\u00e1c gia \u0111\u00ecnh, c\u00f3 V\u01b0\u1eddn b\u00e1ch th\u1ea3o &amp; S\u1edf th\u00fa Cincinnati (m\u1ed9t trong nh\u1eefng s\u1edf th\u00fa l\u00e2u \u0111\u1eddi nh\u1ea5t t\u1ea1i Hoa K\u1ef3, n\u1ed5i ti\u1ebfng v\u1edbi ch\u00fa h\u00e0 m\u00e3 Fiona). C\u00f4ng vi\u00ean Eden c\u0169ng c\u00f3 Nh\u00e0 k\u00ednh Krohn (th\u1ef1c v\u1eadt nhi\u1ec7t \u0111\u1edbi) v\u00e0 Trung t\u00e2m thi\u00ean nhi\u00ean Cincinnati. Ng\u01b0\u1eddi h\u00e2m m\u1ed9 th\u1ec3 thao gh\u00e9 th\u0103m Great American Ball Park (Reds) v\u00e0 S\u00e2n v\u1eadn \u0111\u1ed9ng Paycor (Bengals). B\u1ea3o t\u00e0ng Bi\u1ec3n b\u00e1o Hoa K\u1ef3 mang \u0111\u1ebfn m\u1ed9t h\u00e0nh tr\u00ecnh ho\u00e0i c\u1ed5 qua \u0111\u00e8n neon Americana gi\u1eefa th\u1ebf k\u1ef7. Nh\u1eefng ng\u01b0\u1eddi \u0111am m\u00ea ho\u1ea1t \u0111\u1ed9ng ngo\u00e0i tr\u1eddi c\u00f3 th\u1ec3 ch\u00e8o thuy\u1ec1n kayak tr\u00ean s\u00f4ng ho\u1eb7c \u0111i b\u1ed9 \u0111\u01b0\u1eddng d\u00e0i tr\u00ean nh\u1eefng con \u0111\u01b0\u1eddng m\u00f2n c\u00f3 nhi\u1ec1u c\u00e2y c\u1ed1i c\u1ee7a c\u00e1c c\u00f4ng vi\u00ean g\u1ea7n \u0111\u00f3 nh\u01b0 Mount Airy ho\u1eb7c C\u00f4ng vi\u00ean Ault (nh\u1eefng gian h\u00e0ng theo phong c\u00e1ch La M\u00e3, h\u1ed3 n\u01b0\u1edbc ng\u1eadp n\u1eafng). V\u00e0 \u0111\u1eebng b\u1ecf l\u1ee1 Ch\u01b0\u01a1ng tr\u00ecnh Ng\u00e0y l\u1ec5 c\u1ee7a Nh\u00e0 k\u00ednh Krohn ho\u1eb7c B\u1ea3o t\u00e0ng Tr\u1ebb em Cincinnati t\u01b0\u01a1ng t\u00e1c \u0111\u1ec3 vui ch\u01a1i th\u00e2n thi\u1ec7n v\u1edbi tr\u1ebb em.<\/p>\n<p>\u0110\u1ebfn Cincinnati r\u1ea5t thu\u1eadn ti\u1ec7n. S\u00e2n bay qu\u1ed1c t\u1ebf Cincinnati\/Northern Kentucky (CVG), ngay b\u00ean kia s\u00f4ng \u1edf Kentucky, l\u00e0 c\u1eeda ng\u00f5 h\u00e0ng kh\u00f4ng ch\u00ednh. CVG c\u00f3 c\u00e1c chuy\u1ebfn bay \u0111\u1ebfn c\u00e1c trung t\u00e2m trong n\u01b0\u1edbc v\u00e0 m\u1ed9t s\u1ed1 chuy\u1ebfn bay qu\u1ed1c t\u1ebf (Delta, American, v.v.). Trung t\u00e2m th\u00e0nh ph\u1ed1 c\u0169ng c\u00f3 th\u1ec3 \u0111i \u0111\u1ebfn b\u1eb1ng Amtrak (tuy\u1ebfn Cardinal t\u1eeb Chicago, Washington, NYC d\u1eebng t\u1ea1i Cincinnati Union Terminal, m\u1ed9t ki\u1ec7t t\u00e1c ngh\u1ec7 thu\u1eadt trang tr\u00ed). C\u00e1c xa l\u1ed9 ch\u00ednh giao nhau t\u1ea1i \u0111\u00e2y: I-75 (theo h\u01b0\u1edbng b\u1eafc-nam gi\u1eefa Detroit v\u00e0 Florida) v\u00e0 I-71 (gi\u1eefa Cleveland v\u00e0 Louisville) g\u1eb7p nhau t\u1ea1i trung t\u00e2m th\u00e0nh ph\u1ed1, gi\u00fap vi\u1ec7c \u0111i l\u1ea1i b\u1eb1ng \u0111\u01b0\u1eddng b\u1ed9 tr\u1edf n\u00ean d\u1ec5 d\u00e0ng.<\/p>\n<p>Trong th\u00e0nh ph\u1ed1, ph\u01b0\u01a1ng ti\u1ec7n giao th\u00f4ng c\u00f4ng c\u1ed9ng kh\u00e1 khi\u00eam t\u1ed1n: Xe bu\u00fdt Metro bao ph\u1ee7 h\u1ea7u h\u1ebft c\u00e1c khu v\u1ef1c (m\u1eb7c d\u00f9 d\u1ecbch v\u1ee5 c\u00f3 th\u1ec3 kh\u00f4ng th\u01b0\u1eddng xuy\u00ean tr\u00ean m\u1ed9t s\u1ed1 tuy\u1ebfn). Xe \u0111i\u1ec7n Metro (\u201cThe Cincinnati Bell Connector\u201d) n\u1ed1i trung t\u00e2m th\u00e0nh ph\u1ed1 v\u1edbi b\u1edd s\u00f4ng v\u00e0 OTR \u2013 m\u1ed9t tuy\u1ebfn ho\u00e0i c\u1ed5 h\u1eefu \u00edch cho nh\u1eefng ng\u01b0\u1eddi \u0111i tham quan. C\u00f3 d\u1ecbch v\u1ee5 taxi v\u00e0 \u0111i chung xe, nh\u01b0ng thu\u00ea xe c\u00f3 th\u1ec3 l\u00e0 l\u1ef1a ch\u1ecdn kh\u00f4n ngoan \u0111\u1ec3 \u0111\u1ebfn c\u00e1c v\u00f9ng ngo\u1ea1i \u00f4 ho\u1eb7c c\u00f4ng vi\u00ean b\u00ean ngo\u00e0i trung t\u00e2m th\u00e0nh ph\u1ed1. Trung t\u00e2m th\u00e0nh ph\u1ed1 Cincinnati v\u00e0 OTR kh\u00e1 d\u1ec5 \u0111i b\u1ed9, c\u0169ng nh\u01b0 m\u1ed9t s\u1ed1 khu d\u00e2n c\u01b0 (nh\u01b0 Mount Adams ho\u1eb7c Covington c\u1ee7a B\u1eafc Kentucky b\u00ean kia s\u00f4ng). \u0110i xe \u0111\u1ea1p \u0111ang ph\u00e1t tri\u1ec3n (ch\u01b0\u01a1ng tr\u00ecnh chia s\u1ebb xe \u0111\u1ea1p Red Bike), \u0111\u1eb7c bi\u1ec7t l\u00e0 tr\u00ean b\u1edd s\u00f4ng.<\/p>\n<p>M\u1eb9o c\u01a1 b\u1ea3n: ti\u1ec1n t\u1ec7 l\u00e0 USD; ti\u1ebfng Anh l\u00e0 ng\u00f4n ng\u1eef m\u1eb7c \u0111\u1ecbnh. Ti\u1ec1n boa khi \u0103n u\u1ed1ng v\u00e0 \u0111i taxi theo phong t\u1ee5c c\u1ee7a Hoa K\u1ef3 (~15\u201320%). Cincinnati \u0111\u01b0\u1ee3c coi l\u00e0 t\u01b0\u01a1ng \u0111\u1ed1i an to\u00e0n, m\u1eb7c d\u00f9 nh\u01b0 \u1edf b\u1ea5t k\u1ef3 th\u00e0nh ph\u1ed1 n\u00e0o kh\u00e1c, du kh\u00e1ch n\u00ean \u1edf l\u1ea1i nh\u1eefng khu v\u1ef1c \u0111\u00f4ng \u0111\u00fac sau khi tr\u1eddi t\u1ed1i. C\u1ea3nh s\u00e1t tu\u1ea7n tra khu ph\u1ed1 r\u1ea5t m\u1ea1nh; t\u1ed9i ph\u1ea1m ch\u1ee7 y\u1ebfu ch\u1ec9 gi\u1edbi h\u1ea1n \u1edf m\u1ed9t v\u00e0i khu v\u1ef1c b\u1ea5t \u1ed5n b\u00ean ngo\u00e0i c\u00e1c qu\u1eadn ch\u00ednh. L\u1ecbch s\u1ef1 v\u00e0 t\u00f4n tr\u1ecdng ng\u01b0\u1eddi Trung T\u00e2y l\u00e0 chu\u1ea9n m\u1ef1c - gi\u1eef c\u1eeda, n\u00f3i &#034;l\u00e0m \u01a1n&#034; v\u00e0 &#034;c\u1ea3m \u01a1n&#034; (bi\u1ec3n b\u00e1o nh\u00e0 v\u1ec7 sinh c\u00f4ng c\u1ed9ng n\u1ed5i ti\u1ebfng c\u1ee7a Cincinnati nh\u1eafc nh\u1edf: h\u00e3y n\u00f3i &#034;l\u00e0m \u01a1n&#034; khi y\u00eau c\u1ea7u s\u1eed d\u1ee5ng nh\u00e0 v\u1ec7 sinh, m\u1ed9t n\u00e9t v\u0103n h\u00f3a \u0111\u1ecba ph\u01b0\u01a1ng). Kh\u00ed h\u1eadu \u0111\u1ecba ph\u01b0\u01a1ng c\u00f3 ngh\u0129a l\u00e0 m\u00f9a h\u00e8 c\u00f3 th\u1ec3 n\u00f3ng v\u00e0 \u1ea9m, v\u00ec v\u1eady qu\u1ea7n \u00e1o nh\u1eb9 v\u00e0 kem ch\u1ed1ng n\u1eafng l\u00e0 \u0111i\u1ec1u kh\u00f4n ngoan. M\u00f9a \u0111\u00f4ng c\u00f3 th\u1ec3 c\u00f3 tuy\u1ebft v\u00e0 \u0111\u00f3ng b\u0103ng, v\u00ec v\u1eady h\u00e3y mang theo \u0111\u1ed3 \u1ea5m n\u1ebfu \u0111\u1ebfn th\u0103m v\u00e0o th\u00e1ng 12 \u0111\u1ebfn th\u00e1ng 2. C\u00f3 th\u1ec3 \u0111\u00e1ng ch\u00fa \u00fd l\u00e0 d\u1ecb \u1ee9ng theo m\u00f9a (m\u00f9a ph\u1ea5n hoa v\u00e0o m\u00f9a xu\u00e2n v\u00e0 m\u00f9a thu).<\/p>\n<p>V\u1ec1 b\u1ea3n ch\u1ea5t, Cincinnati l\u00e0 m\u1ed9t th\u00e0nh ph\u1ed1 v\u1edbi c\u00e1c ti\u1ec7n nghi c\u1ee7a \u201cTh\u00e0nh ph\u1ed1 l\u1edbn\u201d nh\u01b0ng l\u1ea1i c\u00f3 tr\u00e1i tim c\u1ee7a m\u1ed9t th\u1ecb tr\u1ea5n nh\u1ecf. S\u1ef1 quy\u1ebfn r\u0169 l\u1ecbch s\u1eed, quang c\u1ea3nh b\u1edd s\u00f4ng v\u00e0 b\u1ed1i c\u1ea3nh v\u0103n h\u00f3a ch\u00e0o \u0111\u00f3n khi\u1ebfn n\u01a1i \u0111\u00e2y tr\u1edf th\u00e0nh \u0111i\u1ec3m d\u1eebng ch\u00e2n ho\u1eb7c \u0111i\u1ec3m \u0111\u1ebfn th\u00fa v\u1ecb b\u1ea5t ng\u1edd. Du kh\u00e1ch kh\u00e1m ph\u00e1 m\u1ed9t th\u00e0nh ph\u1ed1 t\u1ef1 h\u00e0o c\u00f3 ngu\u1ed3n g\u1ed1c t\u1eeb l\u1ecbch s\u1eed v\u00e0 s\u1ef1 \u0111\u1ed5i m\u1edbi, t\u1eeb c\u00e1c qu\u00e1n bia \u0110\u1ee9c \u0111\u1ebfn c\u00e1c c\u00f4ng ty kh\u1edfi nghi\u1ec7p ti\u00ean ti\u1ebfn, t\u1ea5t c\u1ea3 \u0111\u1ec1u c\u00f3 n\u1ee5 c\u01b0\u1eddi th\u00e2n thi\u1ec7n c\u1ee7a v\u00f9ng Trung T\u00e2y.<a href=\"https:\/\/travelshelper.com\/vi\/diem-den\/bac-my\/hop-chung-quoc-hoa-ky\/berkeley-springs\/\" target=\"_self\" aria-labelledby=\"uael-post-8997\"><br \/>\n<\/a><\/p>","protected":false},"excerpt":{"rendered":"<p>Cincinnati l\u00e0 m\u1ed9t th\u00e0nh ph\u1ed1 n\u0103ng \u0111\u1ed9ng n\u1eb1m \u1edf v\u00f9ng t\u00e2y nam c\u1ee7a Ohio, \u0111\u00f3ng vai tr\u00f2 l\u00e0 qu\u1eadn l\u1ef5 c\u1ee7a Qu\u1eadn Hamilton. \u0110\u01b0\u1ee3c th\u00e0nh l\u1eadp l\u1ea7n \u0111\u1ea7u v\u00e0o n\u0103m 1788, Cincinnati c\u00f3 v\u1ecb tr\u00ed l\u00fd t\u01b0\u1edfng t\u1ea1i \u0111i\u1ec3m h\u1ee3p l\u01b0u c\u1ee7a s\u00f4ng Licking v\u00e0 s\u00f4ng Ohio; s\u00f4ng Ohio t\u1ef1 nhi\u00ean chia c\u1eaft Ohio v\u1edbi Kentucky. Cincinnati, x\u1ebfp h\u1ea1ng 64 t\u1ea1i Hoa K\u1ef3, c\u00f3 309.317 c\u01b0 d\u00e2n theo \u0111i\u1ec1u tra d\u00e2n s\u1ed1 n\u0103m 2020, l\u00e0 th\u00e0nh ph\u1ed1 \u0111\u00f4ng d\u00e2n th\u1ee9 ba \u1edf Ohio ch\u1ec9 sau Columbus v\u00e0 Cleveland. V\u1edbi h\u01a1n 2,265 tri\u1ec7u ng\u01b0\u1eddi, th\u00e0nh ph\u1ed1 n\u00e0y l\u00e0 trung t\u00e2m kinh t\u1ebf v\u00e0 v\u0103n h\u00f3a c\u1ee7a v\u00f9ng \u0111\u00f4 th\u1ecb Cincinnati\u2014v\u00f9ng \u0111\u00f4 th\u1ecb \u0111\u00f4ng d\u00e2n nh\u1ea5t \u1edf Ohio v\u00e0 l\u1edbn th\u1ee9 30 tr\u00ean to\u00e0n qu\u1ed1c.<\/p>","protected":false},"author":1,"featured_media":3942,"parent":8072,"menu_order":0,"comment_status":"closed","ping_status":"closed","template":"elementor_theme","meta":{"_eb_attr":"","footnotes":""},"class_list":["post-8795","page","type-page","status-publish","has-post-thumbnail"],"_links":{"self":[{"href":"https:\/\/travelshelper.com\/vi\/wp-json\/wp\/v2\/pages\/8795","targetHints":{"allow":["GET"]}}],"collection":[{"href":"https:\/\/travelshelper.com\/vi\/wp-json\/wp\/v2\/pages"}],"about":[{"href":"https:\/\/travelshelper.com\/vi\/wp-json\/wp\/v2\/types\/page"}],"author":[{"embeddable":true,"href":"https:\/\/travelshelper.com\/vi\/wp-json\/wp\/v2\/users\/1"}],"replies":[{"embeddable":true,"href":"https:\/\/travelshelper.com\/vi\/wp-json\/wp\/v2\/comments?post=8795"}],"version-history":[{"count":0,"href":"https:\/\/travelshelper.com\/vi\/wp-json\/wp\/v2\/pages\/8795\/revisions"}],"up":[{"embeddable":true,"href":"https:\/\/travelshelper.com\/vi\/wp-json\/wp\/v2\/pages\/8072"}],"wp:featuredmedia":[{"embeddable":true,"href":"https:\/\/travelshelper.com\/vi\/wp-json\/wp\/v2\/media\/3942"}],"wp:attachment":[{"href":"https:\/\/travelshelper.com\/vi\/wp-json\/wp\/v2\/media?parent=8795"}],"curies":[{"name":"wp","href":"https:\/\/api.w.org\/{rel}","templated":true}]}}