{"id":8773,"date":"2024-09-04T20:45:01","date_gmt":"2024-09-04T20:45:01","guid":{"rendered":"https:\/\/travelshelper.com\/staging\/?page_id=8773"},"modified":"2026-03-13T17:34:10","modified_gmt":"2026-03-13T17:34:10","slug":"colombo","status":"publish","type":"page","link":"https:\/\/travelshelper.com\/vi\/destinations\/north-america\/united-states\/columbus\/","title":{"rendered":"C\u00f4l\u00f4mb\u00f4"},"content":{"rendered":"<p>Columbus l\u00e0 th\u1ee7 ph\u1ee7 v\u00e0 l\u00e0 m\u1ea1ch m\u00e1u c\u1ee7a Ohio, m\u1ed9t th\u00e0nh ph\u1ed1 \u0111ang t\u00e1i t\u1ea1o ch\u00ednh m\u00ecnh t\u1eeb m\u1ed9t th\u1ecb tr\u1ea5n y\u00ean t\u0129nh \u1edf mi\u1ec1n Trung T\u00e2y th\u00e0nh m\u1ed9t trung t\u00e2m \u0111\u00f4 th\u1ecb n\u0103ng \u0111\u1ed9ng. V\u1edbi d\u00e2n s\u1ed1 n\u0103m 2020 l\u00e0 905.748 ng\u01b0\u1eddi, Columbus l\u00e0 th\u00e0nh ph\u1ed1 l\u1edbn nh\u1ea5t \u1edf Ohio v\u00e0 l\u1edbn th\u1ee9 14 tr\u00ean to\u00e0n qu\u1ed1c. Khu v\u1ef1c \u0111\u00f4 th\u1ecb g\u1ed3m m\u01b0\u1eddi qu\u1eadn c\u1ee7a th\u00e0nh ph\u1ed1 c\u00f3 kho\u1ea3ng 2,14 tri\u1ec7u ng\u01b0\u1eddi, khi\u1ebfn n\u01a1i \u0111\u00e2y tr\u1edf th\u00e0nh khu v\u1ef1c \u0111\u00f4 th\u1ecb l\u1edbn nh\u1ea5t ho\u00e0n to\u00e0n n\u1eb1m trong Ohio. N\u1ec1n kinh t\u1ebf c\u1ee7a Columbus \u0111a d\u1ea1ng v\u00e0 \u0111ang ph\u00e1t tri\u1ec3n: n\u01a1i \u0111\u00e2y l\u00e0 n\u01a1i \u0111\u1eb7t tr\u1ee5 s\u1edf c\u1ee7a t\u1ed5 ch\u1ee9c R&amp;D t\u01b0 nh\u00e2n l\u1edbn nh\u1ea5t th\u1ebf gi\u1edbi (Vi\u1ec7n Battelle Memorial) v\u00e0 Chemical Abstracts Service, ph\u1ea3n \u00e1nh th\u1ebf m\u1ea1nh v\u1ec1 khoa h\u1ecdc v\u00e0 c\u00f4ng ngh\u1ec7. C\u00e1c tr\u1ee5 s\u1edf c\u00f4ng ty l\u1edbn bao g\u1ed3m OhioHealth (ch\u0103m s\u00f3c s\u1ee9c kh\u1ecfe), Nationwide Insurance, Cardinal Health, L Brands (tr\u01b0\u1edbc \u0111\u00e2y l\u00e0 The Limited) v\u00e0 Abercrombie &amp; Fitch, c\u00f9ng nhi\u1ec1u c\u00f4ng ty kh\u00e1c. Th\u00e0nh ph\u1ed1 \u0111\u00e3 t\u0103ng th\u00eam kho\u1ea3ng 164.000 vi\u1ec7c l\u00e0m t\u1eeb n\u0103m 2010 \u0111\u1ebfn n\u0103m 2017, \u0111\u1ee9ng th\u1ee9 hai tr\u00ean to\u00e0n qu\u1ed1c trong giai \u0111o\u1ea1n \u0111\u00f3 (m\u1ed9t d\u1ea5u hi\u1ec7u c\u1ee7a s\u1ef1 t\u0103ng tr\u01b0\u1edfng m\u1ea1nh m\u1ebd). C\u00e1c l\u0129nh v\u1ef1c ch\u00ednh bao g\u1ed3m gi\u00e1o d\u1ee5c (\u0110\u1ea1i h\u1ecdc bang Ohio, v\u1edbi h\u01a1n 60.000 sinh vi\u00ean, l\u00e0 m\u1ed9t nh\u00e0 tuy\u1ec3n d\u1ee5ng h\u00e0ng \u0111\u1ea7u), b\u1ea3o hi\u1ec3m\/t\u00e0i ch\u00ednh, b\u00e1n l\u1ebb, h\u1eadu c\u1ea7n, c\u00f4ng ngh\u1ec7 v\u00e0 nghi\u00ean c\u1ee9u. Columbus \u0111\u00e3 ph\u1ea7n l\u1edbn v\u01b0\u1ee3t qua suy tho\u00e1i kinh t\u1ebf t\u1ed1t h\u01a1n nhi\u1ec1u tr\u01b0\u1eddng kh\u00e1c nh\u1edd v\u00e0o c\u01a1 s\u1edf r\u1ed9ng l\u1edbn n\u00e0y.<\/p>\n<p>Columbus n\u1eb1m g\u1ea7n trung t\u00e2m Ohio (\u1edf Qu\u1eadn Franklin), g\u1ea7n gi\u1eefa Cleveland v\u00e0 Cincinnati. \u0110\u1ecba h\u00ecnh c\u1ee7a th\u00e0nh ph\u1ed1 n\u00e0y nh\u00ecn chung b\u1eb1ng ph\u1eb3ng \u0111\u1ebfn g\u1ee3n s\u00f3ng nh\u1eb9; m\u1ed9t \u0111\u1eb7c \u0111i\u1ec3m \u0111\u00e1ng ch\u00fa \u00fd l\u00e0 nhi\u1ec1u l\u01b0u v\u1ef1c nh\u1ecf (S\u00f4ng Olentangy v\u00e0 Scioto), cung c\u1ea5p n\u01b0\u1edbc cho c\u00e1c c\u00f4ng vi\u00ean \u0111\u1ecba ph\u01b0\u01a1ng v\u00e0 khu v\u1ef1c h\u1ed3. \u0110\u01b0\u1eddng xanh Scioto Mile c\u1ee7a th\u00e0nh ph\u1ed1 \u0111\u00e3 tr\u1ebb h\u00f3a b\u1edd s\u00f4ng trung t\u00e2m th\u00e0nh ph\u1ed1, n\u1ed1i li\u1ec1n c\u00e1c c\u00f4ng vi\u00ean, \u0111\u01b0\u1eddng m\u00f2n v\u00e0 \u0111\u00e0i phun n\u01b0\u1edbc d\u1ecdc theo S\u00f4ng Scioto. Columbus n\u1eb1m \u1edf v\u0129 \u0111\u1ed9 kho\u1ea3ng 40\u00b0 B\u1eafc v\u00e0 n\u1eb1m ch\u1eafc ch\u1eafn trong v\u00f9ng kh\u00ed h\u1eadu l\u1ee5c \u0111\u1ecba \u1ea9m. M\u00f9a h\u00e8 \u1ea5m \u00e1p v\u00e0 \u1ea9m \u01b0\u1edbt, th\u01b0\u1eddng l\u00ean \u0111\u1ebfn 80\u201390 \u00b0F, trong khi m\u00f9a \u0111\u00f4ng l\u1ea1nh (nhi\u1ec7t \u0111\u1ed9 th\u1ea5p trung b\u00ecnh kho\u1ea3ng 20 \u00b0F). Tuy\u1ebft r\u01a1i v\u1eeba ph\u1ea3i nh\u01b0ng kh\u00f4ng d\u1eef d\u1ed9i nh\u01b0 mi\u1ec1n b\u1eafc Ohio (v\u1ecb tr\u00ed c\u1ee7a Columbus gi\u00fap th\u00e0nh ph\u1ed1 tr\u00e1nh \u0111\u01b0\u1ee3c tuy\u1ebft r\u01a1i d\u00e0y do hi\u1ec7u \u1ee9ng h\u1ed3). Du kh\u00e1ch s\u1ebd \u0111\u01b0\u1ee3c tr\u1ea3i nghi\u1ec7m b\u1ed1n m\u00f9a ri\u00eang bi\u1ec7t: m\u00f9a xu\u00e2n s\u00f4i \u0111\u1ed9ng, m\u00f9a h\u00e8 \u0111\u00f4i khi \u1ea9m \u01b0\u1edbt, m\u00f9a thu m\u00e1t m\u1ebb v\u00e0 m\u00f9a \u0111\u00f4ng l\u1ea1nh gi\u00e1.<\/p>\n<p>Khu v\u1ef1c tr\u1edf th\u00e0nh Columbus ban \u0111\u1ea7u l\u00e0 m\u1ed9t ph\u1ea7n c\u1ee7a Qu\u00e2n khu Virginia sau Chi\u1ebfn tranh C\u00e1ch m\u1ea1ng, v\u1edbi c\u00e1c khu \u0111\u1ecbnh c\u01b0 xu\u1ea5t hi\u1ec7n v\u00e0o \u0111\u1ea7u nh\u1eefng n\u0103m 1800. Th\u00e0nh ph\u1ed1 \u0111\u01b0\u1ee3c th\u00e0nh l\u1eadp v\u00e0o n\u0103m 1812 (ch\u00ednh th\u1ee9c \u0111\u01b0\u1ee3c c\u1ea5p hi\u1ebfn ch\u01b0\u01a1ng), \u0111\u01b0\u1ee3c \u0111\u1eb7t theo t\u00ean c\u1ee7a Christopher Columbus v\u00e0 \u0111\u01b0\u1ee3c ch\u1ecdn l\u00e0m th\u1ee7 ph\u1ee7 c\u1ee7a ti\u1ec3u bang Ohio v\u00e0o n\u0103m 1816, ch\u1ee7 y\u1ebfu l\u00e0 \u0111\u1ec3 \u0111\u1ea3m b\u1ea3o v\u1ecb tr\u00ed trung t\u00e2m c\u1ee7a ti\u1ec3u bang. Ban \u0111\u1ea7u \u0111\u01b0\u1ee3c quy ho\u1ea1ch l\u00e0 m\u1ed9t th\u1ecb tr\u1ea5n l\u01b0\u1edbi, l\u00fac \u0111\u1ea7u th\u00e0nh ph\u1ed1 ph\u00e1t tri\u1ec3n ch\u1eadm. M\u1ed9t k\u00eanh \u0111\u00e0o (Ohio v\u00e0 Erie) v\u00e0 sau \u0111\u00f3 l\u00e0 \u0111\u01b0\u1eddng s\u1eaft \u0111\u00e3 th\u00fac \u0111\u1ea9y s\u1ef1 b\u00f9ng n\u1ed5 d\u00e2n s\u1ed1 v\u00e0o th\u1ebf k\u1ef7 19. Nh\u1eefng ng\u01b0\u1eddi nh\u1eadp c\u01b0 ch\u00e2u \u00c2u - \u0111\u1eb7c bi\u1ec7t l\u00e0 ng\u01b0\u1eddi \u0110\u1ee9c v\u00e0 ng\u01b0\u1eddi Ireland - \u0111\u00e3 \u0111\u1ebfn theo t\u1eebng \u0111\u1ee3t, \u0111\u1ecbnh c\u01b0 \u1edf v\u00f9ng ngo\u1ea1i \u00f4 v\u00e0 \u0111\u00f3ng g\u00f3p v\u00e0o c\u00e1c c\u1ed9ng \u0111\u1ed3ng s\u1ea3n xu\u1ea5t bia v\u00e0 nh\u00e0 th\u1edd. Khi ng\u01b0\u1eddi \u0110\u1ee9c x\u00e2y d\u1ef1ng c\u00e1c nh\u00e0 m\u00e1y bia v\u00e0 tr\u01b0\u1eddng \u0111\u1ea1i h\u1ecdc, Columbus \u0111\u00e3 tr\u1edf th\u00e0nh m\u1ed9t th\u00e0nh ph\u1ed1 \u0111a d\u1ea1ng \u1edf mi\u1ec1n Trung T\u00e2y.<\/p>\n<p>Sau Th\u1ebf chi\u1ebfn II, Columbus \u0111\u00e3 m\u1edf r\u1ed9ng v\u1ec1 m\u1eb7t v\u1eadt l\u00fd (tr\u1edf th\u00e0nh m\u1ed9t trong nh\u1eefng th\u00e0nh ph\u1ed1 l\u1edbn nh\u1ea5t c\u1ee7a ti\u1ec3u bang theo di\u1ec7n t\u00edch) v\u00e0 kinh t\u1ebf. Th\u00e0nh ph\u1ed1 n\u00e0y \u00edt c\u00f4ng nghi\u1ec7p h\u01a1n v\u00e0 nhi\u1ec1u c\u1ed5 c\u1ed3n tr\u1eafng h\u01a1n c\u00e1c th\u00e0nh ph\u1ed1 Rust Belt c\u0169, \u0111i\u1ec1u n\u00e0y gi\u00fap th\u00e0nh ph\u1ed1 tr\u00e1nh \u0111\u01b0\u1ee3c s\u1ef1 suy tho\u00e1i nghi\u00eam tr\u1ecdng. C\u00e1c \u0111\u1ecba danh l\u1ecbch s\u1eed ch\u00ednh bao g\u1ed3m T\u00f2a nh\u00e0 Qu\u1ed1c h\u1ed9i Ohio (ho\u00e0n th\u00e0nh n\u0103m 1861 theo phong c\u00e1ch Ph\u1ee5c h\u01b0ng Hy L\u1ea1p c\u1ee7a th\u00e0nh ph\u1ed1), Short North v\u00e0 German Village th\u1ebf k\u1ef7 19 (khu d\u00e2n c\u01b0 s\u1ea3n xu\u1ea5t bia v\u00e0 nh\u1eadp c\u01b0) v\u00e0 c\u00e1c t\u1ed5 ch\u1ee9c nh\u01b0 \u0110\u1ea1i h\u1ecdc Ohio Wesleyan. G\u1ea7n \u0111\u00e2y h\u01a1n, Columbus \u0111\u00e3 tr\u1ea3i qua qu\u00e1 tr\u00ecnh ph\u1ee5c h\u1ed3i \u0111\u00f4 th\u1ecb: trung t\u00e2m th\u00e0nh ph\u1ed1 \u0111\u01b0\u1ee3c t\u00e1i ph\u00e1t tri\u1ec3n v\u1edbi c\u00e1c c\u00f4ng ty c\u00f4ng ngh\u1ec7, t\u00f2a nh\u00e0 chung c\u01b0 v\u00e0 c\u00f4ng vi\u00ean. Nh\u1eefng n\u0103m 1990 v\u00e0 2000 ch\u1ee9ng ki\u1ebfn \u200b\u200bs\u1ef1 chuy\u1ec3n \u0111\u1ed5i c\u1ee7a c\u00e1c khu v\u1ef1c c\u0169: Short North tr\u1edf th\u00e0nh h\u00e0nh lang ngh\u1ec7 thu\u1eadt, Khu Arena (\u0111\u01b0\u1ee3c x\u00e2y d\u1ef1ng xung quanh Nationwide Arena) xu\u1ea5t hi\u1ec7n v\u00e0 nh\u1eefng n\u01a1i nh\u01b0 German Village \u0111\u01b0\u1ee3c b\u1ea3o t\u1ed3n t\u1ec9 m\u1ec9. Columbus c\u0169ng mang m\u1ed9t s\u1ed1 n\u1ed1t tr\u1ea7m: th\u00e0nh ph\u1ed1 \u0111\u00e3 t\u1ed5 ch\u1ee9c cu\u1ed9c bi\u1ec3u t\u00ecnh \u201cUnite the Right\u201d n\u0103m 2017 (b\u1ea1o l\u1ef1c t\u1ea1i t\u00f2a nh\u00e0 qu\u1ed1c h\u1ed9i), m\u00e0 k\u1ec3 t\u1eeb \u0111\u00f3 th\u00e0nh ph\u1ed1 \u0111\u00e3 ph\u1ea7n l\u1edbn ph\u1ee5c h\u1ed3i. Ng\u00e0y nay, th\u00e0nh ph\u1ed1 n\u00e0y t\u1ef1 qu\u1ea3ng c\u00e1o m\u00ecnh l\u00e0 m\u1ed9t th\u00e0nh ph\u1ed1 h\u01b0\u1edbng t\u1edbi t\u01b0\u01a1ng lai (v\u00ed d\u1ee5 nh\u01b0 gi\u00e0nh chi\u1ebfn th\u1eafng trong cu\u1ed9c thi \u0111\u1ed5i m\u1edbi \u201cTh\u00e0nh ph\u1ed1 th\u00f4ng minh\u201d n\u0103m 2018), nh\u01b0ng l\u1ecbch s\u1eed c\u1ee7a th\u00e0nh ph\u1ed1 v\u1eabn hi\u1ec7n h\u1eefu tr\u00ean m\u1ecdi con ph\u1ed1 \u0111\u01b0\u1ee3c x\u00e2y d\u1ef1ng l\u1ea1i v\u00e0 m\u1ecdi qu\u1eadn \u0111\u01b0\u1ee3c thi\u1ebft k\u1ebf l\u1ea1i.<\/p>\n<p>Columbus tr\u1ebb trung, \u0111a d\u1ea1ng v\u00e0 c\u00f3 tinh th\u1ea7n kh\u1edfi nghi\u1ec7p. L\u00e0 n\u01a1i c\u00f3 l\u01b0\u1ee3ng sinh vi\u00ean \u0111\u00f4ng \u0111\u1ea3o (Ohio State) v\u00e0 c\u1ed9ng \u0111\u1ed3ng ngh\u1ec7 thu\u1eadt \u0111ang ph\u00e1t tri\u1ec3n, th\u00e0nh ph\u1ed1 n\u00e0y tr\u00e0n \u0111\u1ea7y n\u0103ng l\u01b0\u1ee3ng nh\u01b0ng kh\u00f4ng v\u1ed9i v\u00e3 nh\u01b0 m\u1ed9t th\u00e0nh ph\u1ed1 ven bi\u1ec3n. B\u1ea3n s\u1eafc \u0111\u1ecba ph\u01b0\u01a1ng bao g\u1ed3m s\u1ef1 th\u00e2n thi\u1ec7n c\u1ee7a v\u00f9ng Trung T\u00e2y: m\u1ecdi ng\u01b0\u1eddi h\u01b0\u1edbng ngo\u1ea1i (&#034;n\u00f3i chuy\u1ec7n v\u1edbi b\u1ea1n nh\u01b0 h\u00e0ng x\u00f3m&#034;), s\u00e1ng t\u1ea1o v\u00e0 c\u00f3 \u00fd th\u1ee9c c\u00f4ng d\u00e2n. Columbus t\u00f4n vinh ch\u1ee7 ngh\u0129a \u0111a v\u0103n h\u00f3a c\u1ee7a m\u00ecnh. Nh\u00e2n kh\u1ea9u h\u1ecdc c\u1ee7a th\u00e0nh ph\u1ed1 \u0111ang thay \u0111\u1ed5i nhanh ch\u00f3ng, v\u1edbi s\u1ef1 gia t\u0103ng c\u1ee7a c\u1ed9ng \u0111\u1ed3ng ng\u01b0\u1eddi g\u1ed1c T\u00e2y Ban Nha, Ch\u00e2u Phi, Ch\u00e2u \u00c1, Somali, Bhutan v\u00e0 Trung \u0110\u00f4ng trong nh\u1eefng th\u1eadp k\u1ef7 g\u1ea7n \u0111\u00e2y. S\u1ef1 \u0111a d\u1ea1ng n\u00e0y th\u1ec3 hi\u1ec7n \u1edf c\u00e1c khu ph\u1ed1 v\u00e0 l\u1ec5 h\u1ed9i.<\/p>\n<p>Truy\u1ec1n th\u1ed1ng c\u1ee7a Columbus l\u00e0 s\u1ef1 k\u1ebft h\u1ee3p gi\u1eefa n\u00e9t quen thu\u1ed9c c\u1ee7a th\u1ecb tr\u1ea5n nh\u1ecf v\u00e0 s\u1ef1 nhi\u1ec7t huy\u1ebft c\u1ee7a th\u00e0nh ph\u1ed1 l\u1edbn. Th\u00e0nh ph\u1ed1 n\u00e0y t\u1ed5 ch\u1ee9c H\u1ed9i ch\u1ee3 Ti\u1ec3u bang Ohio h\u00e0ng n\u0103m (cu\u1ed1i th\u00e1ng 7\u2013th\u00e1ng 8), m\u1ed9t trong nh\u1eefng h\u1ed9i ch\u1ee3 ti\u1ec3u bang l\u1edbn nh\u1ea5t c\u1ea3 n\u01b0\u1edbc, thu h\u00fat c\u00e1c gia \u0111\u00ecnh tr\u00ean to\u00e0n ti\u1ec3u bang v\u1edbi c\u00e1c tr\u00f2 ch\u01a1i, gia s\u00fac v\u00e0 c\u00e1c t\u00e1c ph\u1ea9m \u0111i\u00eau kh\u1eafc b\u01a1 kh\u1ed5ng l\u1ed3. L\u1ec5 h\u1ed9i Ngh\u1ec7 thu\u1eadt Columbus v\u00e0 L\u1ec5 h\u1ed9i Jazz &amp; Rib (c\u00e1c s\u1ef1 ki\u1ec7n ngh\u1ec7 thu\u1eadt v\u00e0 \u00e2m nh\u1ea1c m\u00f9a h\u00e8 tr\u00ean b\u1edd s\u00f4ng) thu h\u00fat \u0111\u00e1m \u0111\u00f4ng ng\u01b0\u1eddi d\u00e2n \u0111\u1ecba ph\u01b0\u01a1ng. \u00c2m nh\u1ea1c r\u1ea5t tuy\u1ec7t: v\u00e0o m\u1ed7i th\u00e1ng 6, Nationwide Arena l\u1ea1i b\u00f9ng n\u1ed5 v\u1edbi L\u1ec5 h\u1ed9i Ngh\u1ec7 thu\u1eadt &amp; \u00c2m nh\u1ea1c Sonic Temple (nh\u1ea1c rock\/alternative), thay th\u1ebf cho L\u1ec5 h\u1ed9i Rock on the Range c\u0169. Cu\u1ed1i tu\u1ea7n T\u1ef1 h\u00e0o v\u00e0o th\u00e1ng 6 r\u1ea5t l\u1edbn \u2013 Columbus \u0111\u01b0\u1ee3c x\u1ebfp h\u1ea1ng l\u00e0 m\u1ed9t trong nh\u1eefng l\u1ec5 k\u1ef7 ni\u1ec7m T\u1ef1 h\u00e0o l\u1edbn nh\u1ea5t t\u1ea1i Hoa K\u1ef3, l\u00e0m n\u1ed5i b\u1eadt c\u1ed9ng \u0111\u1ed3ng LGBT \u0111\u00f4ng \u0111\u1ea3o c\u1ee7a th\u00e0nh ph\u1ed1 (\u01b0\u1edbc t\u00ednh kho\u1ea3ng 34.000 ng\u01b0\u1eddi). ComFest (C\u00f4ng vi\u00ean Goodale, cu\u1ed1i tu\u1ea7n cu\u1ed1i c\u00f9ng c\u1ee7a th\u00e1ng 6) l\u00e0 m\u1ed9t l\u1ec5 h\u1ed9i \u0111\u01b0\u1eddng ph\u1ed1 m\u00f9a h\u00e8 n\u1ed5i ti\u1ebfng v\u1edbi s\u1ef1 pha tr\u1ed9n, \u0111\u01b0\u1ee3c coi l\u00e0 l\u1ec5 h\u1ed9i l\u1edbn nh\u1ea5t c\u1ea3 n\u01b0\u1edbc <em>phi th\u01b0\u01a1ng m\u1ea1i<\/em> l\u1ec5 h\u1ed9i \u00e2m nh\u1ea1c\/ngh\u1ec7 thu\u1eadt. M\u1ed7i ng\u00e0y 4 th\u00e1ng 7, ph\u00e1o hoa \u201c\u0110\u1ecf, Tr\u1eafng &amp; B\u00f9ng n\u1ed5\u201d d\u1ecdc theo S\u00f4ng Scioto, thu h\u00fat h\u01a1n n\u1eeda tri\u1ec7u ng\u01b0\u1eddi. C\u00f3 r\u1ea5t nhi\u1ec1u l\u1ec5 h\u1ed9i theo m\u00f9a: Gallery Hops \u1edf Short North (cu\u1ed9c \u0111i b\u1ed9 ngh\u1ec7 thu\u1eadt h\u00e0ng th\u00e1ng), L\u1ec5 h\u1ed9i bia Oktoberfest c\u1ee7a German Village v\u00e0o th\u00e1ng 9 v\u00e0 L\u1ec5 h\u1ed9i Boo at the Zoo th\u01b0\u1eddng ni\u00ean c\u1ee7a Columbus Zoo v\u00e0o th\u00e1ng 10.<\/p>\n<p>C\u1ea3m gi\u00e1c c\u1ee7a khu ph\u1ed1 r\u1ea5t \u0111a d\u1ea1ng: Khu Short North Arts District nh\u1ed9n nh\u1ecbp v\u1edbi c\u00e1c ph\u00f2ng tr\u01b0ng b\u00e0y, tranh t\u01b0\u1eddng v\u00e0 c\u00e1c qu\u00e1n \u0103n h\u1ee3p th\u1eddi trang \u2013 n\u1eb1m c\u1ea1nh trung t\u00e2m th\u00e0nh ph\u1ed1 v\u00e0 c\u00f3 th\u1ec3 \u0111i b\u1ed9. German Village, v\u1edbi nh\u1eefng con ph\u1ed1 l\u00e1t g\u1ea1ch v\u00e0 b\u1ed3n hoa, mang \u0111\u1ebfn c\u1ea3m gi\u00e1c nh\u01b0 m\u1ed9t th\u1ecb tr\u1ea5n ch\u00e2u \u00c2u c\u1ed5 k\u00ednh (n\u01a1i di\u1ec5n ra nhi\u1ec1u l\u1ec5 h\u1ed9i \u1edf tr\u00ean). Nh\u1eefng ng\u00f4i nh\u00e0 theo phong c\u00e1ch Victoria \u1edf Victorian Village v\u00e0 Italian Village to\u00e1t l\u00ean n\u00e9t \u0111\u1eb7c tr\u01b0ng. Arena District l\u00e0 n\u01a1i m\u1ecdi ng\u01b0\u1eddi \u0111\u1ebfn \u0111\u1ec3 ch\u01a1i kh\u00fac c\u00f4n c\u1ea7u v\u00e0 qu\u00e1n bar th\u1ec3 thao. Clintonville v\u00e0 Upper Arlington \u1edf ph\u00eda b\u1eafc khu\u00f4n vi\u00ean tr\u01b0\u1eddng l\u00e0 nh\u1eefng v\u00f9ng \u0111\u1ea5t ngo\u1ea1i \u00f4 r\u1ee3p b\u00f3ng c\u00e2y. Tr\u00ean kh\u1eafp th\u00e0nh ph\u1ed1, c\u00f3 m\u1ed9t c\u1ea3m gi\u00e1c c\u1ed9ng \u0111\u1ed3ng m\u1ea1nh m\u1ebd; c\u1edd t\u1ef1 h\u00e0o v\u00e0 tranh t\u01b0\u1eddng \u0111\u1ecba ph\u01b0\u01a1ng \u1edf kh\u1eafp m\u1ecdi n\u01a1i.<\/p>\n<p>C\u00e1c \u0111i\u1ec3m tham quan c\u1ee7a Columbus k\u1ebft h\u1ee3p gi\u1eefa ni\u1ec1m vui gia \u0111\u00ecnh v\u1edbi chi\u1ec1u s\u00e2u v\u0103n h\u00f3a. N\u1ed5i b\u1eadt nh\u1ea5t l\u00e0 khu\u00f4n vi\u00ean tr\u01b0\u1eddng \u0110\u1ea1i h\u1ecdc bang Ohio (m\u1eb7c d\u00f9 kh\u00f4ng ph\u1ea3i l\u00e0 m\u1ed9t \u0111\u1ecba \u0111i\u1ec3m du l\u1ecbch, nh\u01b0ng r\u1ea5t l\u1edbn \u2013 h\u00e3y xem S\u00e2n v\u1eadn \u0111\u1ed9ng OSU h\u00ecnh b\u1ea7u d\u1ee5c, \u201cThe Shoe\u201d b\u1eb1ng g\u1ea1ch v\u00e0 ki\u1ebfn \u200b\u200btr\u00fac Trung t\u00e2m Wexner). C\u00e1c \u0111i\u1ec3m n\u1ed5i b\u1eadt c\u1ee7a trung t\u00e2m th\u00e0nh ph\u1ed1 bao g\u1ed3m T\u00f2a nh\u00e0 Qu\u1ed1c h\u1ed9i Ohio (tham quan t\u00f2a nh\u00e0 qu\u1ed1c h\u1ed9i) v\u00e0 B\u1ea3o t\u00e0ng Ngh\u1ec7 thu\u1eadt Columbus (ngh\u1ec7 thu\u1eadt M\u1ef9 v\u00e0 ch\u00e2u \u00c2u, c\u00f9ng v\u1edbi \u201cTopiary Park\u201d k\u1ef3 qu\u00e1i). \u0110\u01b0\u1eddng \u0111i b\u1ed9 ven s\u00f4ng Scioto Mile c\u00f3 \u0111\u00e0i phun n\u01b0\u1edbc, nh\u00e0 h\u00e1t ngo\u00e0i tr\u1eddi v\u00e0 t\u1ea7m nh\u00ecn ra \u0111\u01b0\u1eddng ch\u00e2n tr\u1eddi.<\/p>\n<p>C\u00e1c gia \u0111\u00ecnh \u0111\u1ed5 x\u00f4 \u0111\u1ebfn COSI (Trung t\u00e2m Khoa h\u1ecdc v\u00e0 C\u00f4ng nghi\u1ec7p) \u2013 m\u1ed9t b\u1ea3o t\u00e0ng khoa h\u1ecdc t\u01b0\u01a1ng t\u00e1c r\u1ed9ng l\u1edbn d\u00e0nh cho m\u1ecdi l\u1ee9a tu\u1ed5i. V\u01b0\u1eddn th\u00fa v\u00e0 Th\u1ee7y cung Columbus (c\u00e1ch \u0111\u00f3 kho\u1ea3ng 10 d\u1eb7m v\u1ec1 ph\u00eda b\u1eafc, \u0111\u01b0\u1ee3c Jack Hanna l\u00e0m cho n\u1ed5i ti\u1ebfng) lu\u00f4n \u0111\u01b0\u1ee3c x\u1ebfp h\u1ea1ng l\u00e0 m\u1ed9t trong nh\u1eefng v\u01b0\u1eddn th\u00fa t\u1ed1t nh\u1ea5t c\u1ee7a Hoa K\u1ef3, v\u1edbi m\u00f4i tr\u01b0\u1eddng s\u1ed1ng m\u1edbi cho g\u1ea5u B\u1eafc C\u1ef1c v\u00e0 m\u1ed9t c\u00f4ng vi\u00ean safari ngo\u1ea1i l\u1ec7. G\u1ea7n \u0111\u00f3, Th\u1ee7y cung Newport (b\u00ean kia s\u00f4ng \u1edf KY) c\u0169ng r\u1ea5t n\u1ed5i ti\u1ebfng. V\u01b0\u1eddn b\u00e1ch th\u1ea3o v\u00e0 Nh\u00e0 k\u00ednh Franklin Park l\u00e0 \u0111i\u1ec3m \u0111\u1ebfn kh\u00f4ng th\u1ec3 b\u1ecf qua \u0111\u1ed1i v\u1edbi nh\u1eefng ng\u01b0\u1eddi y\u00eau th\u00edch th\u1ef1c v\u1eadt (\u0111\u1eebng b\u1ecf l\u1ee1 c\u00e1c cu\u1ed9c tri\u1ec3n l\u00e3m th\u1ee7y tinh Chihuly trong nh\u00e0 k\u00ednh). Nh\u1eefng ng\u01b0\u1eddi \u0111am m\u00ea l\u1ecbch s\u1eed th\u00edch Trung t\u00e2m L\u1ecbch s\u1eed Ohio v\u00e0 L\u00e0ng Ohio (b\u1ea3o t\u00e0ng l\u1ecbch s\u1eed ngo\u00e0i tr\u1eddi). Trung t\u00e2m Du kh\u00e1ch L\u00e0ng \u0110\u1ee9c (C\u00f4ng vi\u00ean Schiller) v\u00e0 C\u00f4ng vi\u00ean Goodale l\u00e0 nh\u1eefng kh\u00f4ng gian xanh \u0111\u00f4 th\u1ecb d\u1ec5 ch\u1ecbu.<\/p>\n<p>C\u00e1c \u0111\u1ecba \u0111i\u1ec3m kh\u00f4ng theo quy t\u1eafc bao g\u1ed3m c\u00e1c b\u1ee9c tranh t\u01b0\u1eddng c\u1ee7a Short North, Trung t\u00e2m kh\u00e1m ph\u00e1 Legoland v\u00e0 v\u00f2ng \u0111u quay k\u1ef3 qu\u1eb7c c\u1ee7a Trung t\u00e2m khoa h\u1ecdc v\u00e0 c\u00f4ng nghi\u1ec7p. C\u00e1c \u0111\u1ecba \u0111i\u1ec3m th\u1ec3 thao \u2013 S\u00e2n v\u1eadn \u0111\u1ed9ng Ohio (b\u00f3ng b\u1ea7u d\u1ee5c Buckeyes) v\u00e0 Nationwide Arena (kh\u00fac c\u00f4n c\u1ea7u Blue Jackets) \u2013 t\u1ef1 ch\u00fang thu h\u00fat du kh\u00e1ch, c\u0169ng nh\u01b0 \u0111\u00e1m \u0111\u00f4ng du l\u1ecbch b\u00f3ng b\u1ea7u d\u1ee5c \u0111\u1ea1i h\u1ecdc theo m\u00f9a. Chi nh\u00e1nh ch\u00ednh c\u1ee7a Th\u01b0 vi\u1ec7n \u0111\u00f4 th\u1ecb Columbus (m\u1ed9t t\u00f2a nh\u00e0 kho v\u0169 kh\u00ed c\u0169) th\u01b0\u1eddng xuy\u00ean t\u1ed5 ch\u1ee9c c\u00e1c h\u1ed9i ch\u1ee3 ngh\u1ec7 thu\u1eadt v\u00e0 tri\u1ec3n l\u00e3m.<\/p>\n<p>Khu mua s\u1eafm\/du l\u1ecbch: Easton Town Center (trung t\u00e2m mua s\u1eafm ngo\u00e0i tr\u1eddi cao c\u1ea5p) v\u00e0 Polaris Fashion Place (trung t\u00e2m mua s\u1eafm th\u1eddi trang) l\u00e0 nh\u1eefng \u0111i\u1ec3m thu h\u00fat b\u00e1n l\u1ebb l\u1edbn. \u0110\u1ec3 c\u00f3 tr\u1ea3i nghi\u1ec7m \u0111\u1ecba ph\u01b0\u01a1ng, North Market (t\u1eeb n\u0103m 1876) cung c\u1ea5p r\u01b0\u1ee3u vang Ohio, th\u1ef1c ph\u1ea9m qu\u1ed1c t\u1ebf v\u00e0 l\u1ec5 h\u1ed9i.<\/p>\n<p>V\u1ec1 b\u1ea3n ch\u1ea5t, n\u00e9t quy\u1ebfn r\u0169 c\u1ee7a Columbus l\u00e0 s\u1ef1 ch\u00e0o \u0111\u00f3n c\u1ee7a m\u1ed9t &#034;th\u00e0nh ph\u1ed1 nh\u1ecf l\u1edbn&#034;: n\u01a1i \u0111\u00e2y c\u00f3 b\u1ea7u kh\u00f4ng kh\u00ed c\u1ee7a m\u1ed9t gi\u1ea3i \u0111\u1ea5u l\u1edbn (th\u1ec3 thao chuy\u00ean nghi\u1ec7p, trung t\u00e2m h\u1ed9i ngh\u1ecb, ch\u00ednh quy\u1ec1n ti\u1ec3u bang) nh\u01b0ng l\u1ea1i c\u00f3 c\u1ea3m gi\u00e1c d\u1ec5 qu\u1ea3n l\u00fd v\u00e0 th\u00e2n thi\u1ec7n. Du kh\u00e1ch s\u1ebd t\u00ecm th\u1ea5y c\u00e1c ti\u1ec7n nghi hi\u1ec7n \u0111\u1ea1i c\u1ee7a th\u00e0nh ph\u1ed1 v\u00e0 cu\u1ed9c s\u1ed1ng v\u1ec1 \u0111\u00eam b\u00ean c\u1ea1nh l\u00f2ng hi\u1ebfu kh\u00e1ch c\u1ee7a v\u00f9ng Trung T\u00e2y - s\u1ef1 k\u1ebft h\u1ee3p h\u1ea5p d\u1eabn gi\u1eefa v\u0103n h\u00f3a M\u1ef9 c\u1ee7a v\u00f9ng Trung T\u00e2y v\u00e0 v\u0103n h\u00f3a \u0111\u00f4 th\u1ecb ti\u1ebfn b\u1ed9.<\/p>\n<p>\u0110\u1ebfn Columbus r\u1ea5t d\u1ec5 d\u00e0ng. S\u00e2n bay qu\u1ed1c t\u1ebf John Glenn Columbus (CMH) c\u00e1ch trung t\u00e2m th\u00e0nh ph\u1ed1 6 d\u1eb7m v\u1ec1 ph\u00eda \u0111\u00f4ng, c\u00f3 c\u00e1c chuy\u1ebfn bay th\u1eb3ng \u0111\u1ebfn h\u1ea7u h\u1ebft c\u00e1c trung t\u00e2m c\u1ee7a Hoa K\u1ef3; c\u00e1c h\u00e3ng v\u1eadn chuy\u1ec3n bao g\u1ed3m American, Delta, Southwest v\u00e0 United. C\u00e1c tuy\u1ebfn qu\u1ed1c gia c\u1ee7a Amtrak (Cardinal v\u00e0 Capitol Limited) ph\u1ee5c v\u1ee5 Columbus h\u00e0ng ng\u00e0y qua Ga Columbus. C\u00e1c xa l\u1ed9 li\u00ean bang I-70 (\u0111\u00f4ng-t\u00e2y) v\u00e0 I-71 (b\u1eafc-nam) \u0111\u1ec1u \u0111i qua ho\u1eb7c g\u1ea7n trung t\u00e2m th\u00e0nh ph\u1ed1, k\u1ebft n\u1ed1i Columbus v\u1edbi Indianapolis, Pittsburgh, Cincinnati v\u00e0 Cleveland.<\/p>\n<p>Khi \u0111\u1ebfn \u0111\u00e2y, Columbus c\u00f3 m\u1ed9t h\u1ec7 th\u1ed1ng giao th\u00f4ng c\u00f4ng c\u1ed9ng \u0111ang ph\u00e1t tri\u1ec3n (xe bu\u00fdt c\u1ee7a C\u01a1 quan Giao th\u00f4ng C\u00f4ng c\u1ed9ng Trung t\u00e2m Ohio) nh\u01b0ng nhi\u1ec1u \u0111i\u1ec3m tham quan l\u1ea1i n\u1eb1m r\u1ea3i r\u00e1c. C\u00f3 th\u1ec3 c\u1ea7n ph\u1ea3i thu\u00ea xe h\u01a1i ho\u1eb7c \u0111i chung xe \u0111\u1ed1i v\u1edbi c\u00e1c v\u00f9ng ngo\u1ea1i \u00f4 xa x\u00f4i. Khu trung t\u00e2m, Short North v\u00e0 khu\u00f4n vi\u00ean tr\u01b0\u1eddng \u0110\u1ea1i h\u1ecdc Bang Ohio \u0111\u1eb7c bi\u1ec7t d\u1ec5 \u0111i b\u1ed9 v\u00e0 th\u00e2n thi\u1ec7n v\u1edbi xe \u0111\u1ea1p (ch\u01b0\u01a1ng tr\u00ecnh chia s\u1ebb xe \u0111\u1ea1p Columbus \u201cCoGo\u201d c\u00f3 c\u00e1c tr\u1ea1m). M\u1ea1ng l\u01b0\u1edbi c\u00f4ng vi\u00ean v\u00e0 \u0111\u01b0\u1eddng m\u00f2n r\u1ed9ng l\u1edbn c\u1ee7a th\u00e0nh ph\u1ed1 (bao g\u1ed3m c\u1ea3 \u0111\u01b0\u1eddng m\u00f2n Scioto Greenway) khi\u1ebfn vi\u1ec7c \u0111i xe \u0111\u1ea1p v\u00e0 \u0111i b\u1ed9 tr\u1edf n\u00ean d\u1ec5 ch\u1ecbu \u1edf nhi\u1ec1u n\u01a1i.<\/p>\n<p>L\u1eddi khuy\u00ean cho du kh\u00e1ch: Columbus r\u1ea5t an to\u00e0n cho kh\u00e1ch du l\u1ecbch; t\u1ed9i ph\u1ea1m b\u1ea1o l\u1ef1c th\u1ea5p \u1edf c\u00e1c khu v\u1ef1c du l\u1ecbch v\u00e0 kinh doanh. Tuy nhi\u00ean, gi\u1ed1ng nh\u01b0 b\u1ea5t k\u1ef3 th\u00e0nh ph\u1ed1 n\u00e0o kh\u00e1c, h\u00e3y \u1edf nh\u1eefng khu v\u1ef1c c\u00f3 \u0111\u00e8n chi\u1ebfu s\u00e1ng v\u00e0o ban \u0111\u00eam v\u00e0 ch\u00fa \u00fd \u0111\u1ebfn m\u00f4i tr\u01b0\u1eddng xung quanh. Ti\u1ec1n boa l\u00e0 th\u00f4ng l\u1ec7 \u1edf \u0111\u00e2y c\u0169ng nh\u01b0 \u1edf kh\u1eafp Hoa K\u1ef3 (15\u201320% t\u1ea1i c\u00e1c nh\u00e0 h\u00e0ng). Lu\u1eadt u\u1ed1ng r\u01b0\u1ee3u n\u01a1i c\u00f4ng c\u1ed9ng (\u0111\u1ed3 \u0111\u1ef1ng m\u1edf) \u0111\u01b0\u1ee3c th\u1ef1c thi \u1edf trung t\u00e2m th\u00e0nh ph\u1ed1. Ti\u1ec1n t\u1ec7 v\u00e0 ng\u00f4n ng\u1eef \u0111\u1ecba ph\u01b0\u01a1ng l\u00e0 c\u00e1c chu\u1ea9n m\u1ef1c th\u00f4ng th\u01b0\u1eddng c\u1ee7a Hoa K\u1ef3 (USD v\u00e0 ti\u1ebfng Anh). Th\u1eddi ti\u1ebft c\u00f3 th\u1ec3 thay \u0111\u1ed5i: m\u00f9a h\u00e8 c\u00f3 th\u1ec3 n\u00f3ng (c\u1ea7n kem ch\u1ed1ng n\u1eafng v\u00e0 n\u01b0\u1edbc) v\u00e0 m\u00f9a \u0111\u00f4ng c\u00f3 th\u1ec3 c\u00f3 b\u00e3o nh\u01b0 hi\u1ec7u \u1ee9ng h\u1ed3 ho\u1eb7c gi\u00f4ng b\u00e3o (h\u00e3y mang theo \u00e1o kho\u00e1c v\u00e0 \u00f4). Ohio kh\u00f4ng c\u00f3 gi\u1ea5y t\u1edd du l\u1ecbch b\u1ed5 sung n\u00e0o ngo\u00e0i gi\u1ea5y ph\u00e9p l\u00e1i xe.<\/p>\n<p>Nh\u00ecn chung, Columbus l\u00e0 m\u1ed9t th\u1ee7 ph\u1ee7 c\u00f3 xu h\u01b0\u1edbng ph\u00e1t tri\u1ec3n, k\u1ebft h\u1ee3p c\u00e1c ch\u1ee9c n\u0103ng c\u1ee7a ch\u00ednh quy\u1ec1n ti\u1ec3u bang v\u1edbi n\u0103ng l\u01b0\u1ee3ng c\u1ee7a th\u1ecb tr\u1ea5n \u0111\u1ea1i h\u1ecdc v\u00e0 s\u1ef1 \u0111\u1ed5i m\u1edbi \u0111\u00f4 th\u1ecb s\u00f4i \u0111\u1ed9ng. N\u01a1i \u0111\u00e2y c\u00f3 s\u1ef1 k\u1ebft h\u1ee3p gi\u1eefa n\u00e9t quy\u1ebfn r\u0169 c\u1ee7a v\u00f9ng Trung T\u00e2y, b\u1ed1i c\u1ea3nh ngh\u1ec7 thu\u1eadt s\u00e1ng t\u1ea1o v\u00e0 c\u00e1c \u0111i\u1ec3m tham quan \u0111a d\u1ea1ng \u0111\u00e1ng ng\u1ea1c nhi\u00ean \u2013 t\u1eeb nh\u1eefng ng\u00f4i l\u00e0ng l\u1ecbch s\u1eed \u0111\u1ebfn c\u00e1c trung t\u00e2m khoa h\u1ecdc ti\u00ean ti\u1ebfn \u2013 khi\u1ebfn n\u01a1i \u0111\u00e2y tr\u1edf th\u00e0nh \u0111i\u1ec3m \u0111\u1ebfn h\u1ea5p d\u1eabn c\u1ee7a v\u00f9ng Trung T\u00e2y.<a href=\"https:\/\/travelshelper.com\/vi\/diem-den\/bac-my\/hop-chung-quoc-hoa-ky\/berkeley-springs\/\" target=\"_self\" aria-labelledby=\"uael-post-8997\"><br \/>\n<\/a><\/p>","protected":false},"excerpt":{"rendered":"<p>Columbus, th\u1ee7 ph\u1ee7 v\u00e0 th\u00e0nh ph\u1ed1 l\u1edbn nh\u1ea5t c\u1ee7a Ohio, n\u1eb1m t\u1ea1i ng\u00e3 ba s\u00f4ng Scioto v\u00e0 Olentangy. Theo \u0111i\u1ec1u tra d\u00e2n s\u1ed1 n\u0103m 2020, d\u00e2n s\u1ed1 l\u00e0 905.748, khi\u1ebfn \u0111\u00e2y tr\u1edf th\u00e0nh th\u00e0nh ph\u1ed1 \u0111\u00f4ng d\u00e2n th\u1ee9 14 t\u1ea1i Hoa K\u1ef3 v\u00e0 \u0111\u00f4ng d\u00e2n th\u1ee9 hai \u1edf Trung T\u00e2y, sau Chicago. Tr\u1ee5 s\u1edf c\u1ee7a Qu\u1eadn Franklin l\u00e0 th\u00e0nh ph\u1ed1 s\u00f4i \u0111\u1ed9ng n\u00e0y, n\u01a1i c\u0169ng tr\u1ea3i d\u00e0i sang m\u1ed9t s\u1ed1 ph\u1ea7n c\u1ee7a c\u00e1c qu\u1eadn Delaware v\u00e0 Fairfield v\u00e0 t\u1ea1o th\u00e0nh trung t\u00e2m c\u1ee7a v\u00f9ng \u0111\u00f4 th\u1ecb Columbus, bao g\u1ed3m m\u01b0\u1eddi qu\u1eadn \u1edf trung t\u00e2m Ohio.<\/p>","protected":false},"author":1,"featured_media":3368,"parent":8072,"menu_order":0,"comment_status":"closed","ping_status":"closed","template":"elementor_theme","meta":{"_eb_attr":"","footnotes":""},"class_list":["post-8773","page","type-page","status-publish","has-post-thumbnail"],"_links":{"self":[{"href":"https:\/\/travelshelper.com\/vi\/wp-json\/wp\/v2\/pages\/8773","targetHints":{"allow":["GET"]}}],"collection":[{"href":"https:\/\/travelshelper.com\/vi\/wp-json\/wp\/v2\/pages"}],"about":[{"href":"https:\/\/travelshelper.com\/vi\/wp-json\/wp\/v2\/types\/page"}],"author":[{"embeddable":true,"href":"https:\/\/travelshelper.com\/vi\/wp-json\/wp\/v2\/users\/1"}],"replies":[{"embeddable":true,"href":"https:\/\/travelshelper.com\/vi\/wp-json\/wp\/v2\/comments?post=8773"}],"version-history":[{"count":0,"href":"https:\/\/travelshelper.com\/vi\/wp-json\/wp\/v2\/pages\/8773\/revisions"}],"up":[{"embeddable":true,"href":"https:\/\/travelshelper.com\/vi\/wp-json\/wp\/v2\/pages\/8072"}],"wp:featuredmedia":[{"embeddable":true,"href":"https:\/\/travelshelper.com\/vi\/wp-json\/wp\/v2\/media\/3368"}],"wp:attachment":[{"href":"https:\/\/travelshelper.com\/vi\/wp-json\/wp\/v2\/media?parent=8773"}],"curies":[{"name":"wp","href":"https:\/\/api.w.org\/{rel}","templated":true}]}}