{"id":8723,"date":"2024-09-04T14:00:30","date_gmt":"2024-09-04T14:00:30","guid":{"rendered":"https:\/\/travelshelper.com\/staging\/?page_id=8723"},"modified":"2026-03-13T17:42:21","modified_gmt":"2026-03-13T17:42:21","slug":"phao-dai-lauderdale","status":"publish","type":"page","link":"https:\/\/travelshelper.com\/vi\/destinations\/north-america\/united-states\/fort-lauderdale\/","title":{"rendered":"Ph\u00e1o \u0111\u00e0i Lauderdale"},"content":{"rendered":"<p>Fort Lauderdale l\u00e0 m\u1ed9t th\u00e0nh ph\u1ed1 ven bi\u1ec3n c\u00f3 quy m\u00f4 trung b\u00ecnh \u1edf ph\u00eda \u0111\u00f4ng nam Florida, c\u00e1ch Miami kho\u1ea3ng 23 d\u1eb7m v\u1ec1 ph\u00eda b\u1eafc. D\u00e2n s\u1ed1 hi\u1ec7n t\u1ea1i c\u1ee7a th\u00e0nh ph\u1ed1 l\u00e0 kho\u1ea3ng 185.000 ng\u01b0\u1eddi, khi\u1ebfn th\u00e0nh ph\u1ed1 n\u00e0y tr\u1edf th\u00e0nh th\u00e0nh ph\u1ed1 l\u1edbn nh\u1ea5t c\u1ee7a Qu\u1eadn Broward v\u00e0 l\u00e0 \u0111i\u1ec3m neo \u0111\u00e1ng ch\u00fa \u00fd c\u1ee7a khu v\u1ef1c \u0111\u00f4 th\u1ecb Miami. N\u1ec1n kinh t\u1ebf c\u1ee7a th\u00e0nh ph\u1ed1 l\u00e0 s\u1ef1 k\u1ebft h\u1ee3p gi\u1eefa du l\u1ecbch, c\u00f4ng nghi\u1ec7p h\u00e0ng h\u1ea3i v\u00e0 c\u00e1c ng\u00e0nh d\u1ecbch v\u1ee5: C\u1ea3ng Everglades (c\u1ea3ng n\u01b0\u1edbc s\u00e2u g\u1ea7n \u0111\u00f3) v\u00e0 S\u00e2n bay qu\u1ed1c t\u1ebf Fort Lauderdale\u2013Hollywood l\u00e0 nh\u1eefng \u0111\u1ed9ng l\u1ef1c kinh t\u1ebf ch\u00ednh. Thu nh\u1eadp b\u00ecnh qu\u00e2n \u0111\u1ea7u ng\u01b0\u1eddi t\u01b0\u01a1ng \u0111\u1ed1i cao - s\u1ed1 li\u1ec7u g\u1ea7n \u0111\u00e2y cho th\u1ea5y thu nh\u1eadp h\u1ed9 gia \u0111\u00ecnh trung b\u00ecnh v\u00e0o kho\u1ea3ng 128.000 \u0111\u00f4 la, m\u1eb7c d\u00f9 g\u1ea7n 15% c\u01b0 d\u00e2n s\u1ed1ng d\u01b0\u1edbi m\u1ee9c ngh\u00e8o kh\u1ed5. V\u1ec1 m\u1eb7t nh\u00e2n kh\u1ea9u h\u1ecdc, Fort Lauderdale v\u1eabn l\u00e0 n\u01a1i c\u00f3 \u0111a s\u1ed1 ng\u01b0\u1eddi da tr\u1eafng (kho\u1ea3ng 61%), v\u1edbi kho\u1ea3ng 32% c\u01b0 d\u00e2n x\u00e1c \u0111\u1ecbnh l\u00e0 ng\u01b0\u1eddi da \u0111en ho\u1eb7c ng\u01b0\u1eddi M\u1ef9 g\u1ed1c Phi. G\u1ea7n m\u1ed9t ph\u1ea7n t\u01b0 d\u00e2n s\u1ed1 l\u00e0 ng\u01b0\u1eddi sinh ra \u1edf n\u01b0\u1edbc ngo\u00e0i, \u0111\u1eb7c bi\u1ec7t l\u00e0 t\u1eeb M\u1ef9 Latinh v\u00e0 Caribe, t\u1ea1o cho th\u00e0nh ph\u1ed1 n\u00e0y m\u1ed9t b\u1ea3n s\u1eafc \u0111a ng\u00f4n ng\u1eef phong ph\u00fa. Ti\u1ebfng Anh chi\u1ebfm \u01b0u th\u1ebf, nh\u01b0ng ti\u1ebfng T\u00e2y Ban Nha v\u00e0 ti\u1ebfng Creole Haiti c\u0169ng \u0111\u01b0\u1ee3c nghe r\u1ed9ng r\u00e3i tr\u00ean \u0111\u01b0\u1eddng ph\u1ed1. T\u00f3m l\u1ea1i, Fort Lauderdale \u0111\u01b0\u1ee3c \u0111\u00e1nh gi\u00e1 l\u00e0 m\u1ed9t th\u00e0nh ph\u1ed1 M\u1ef9 gi\u00e0u c\u00f3, c\u00f3 quy m\u00f4 trung b\u00ecnh v\u1edbi d\u00e2n s\u1ed1 \u0111a d\u1ea1ng, qu\u1ed1c t\u1ebf, c\u00f3 n\u1ec1n kinh t\u1ebf du l\u1ecbch v\u00e0 d\u1ecbch v\u1ee5 m\u1ea1nh m\u1ebd.<\/p>\n<p>V\u1ec1 m\u1eb7t \u0111\u1ecba l\u00fd, Fort Lauderdale n\u1eb1m tr\u00ean b\u1edd bi\u1ec3n \u0110\u1ea1i T\u00e2y D\u01b0\u01a1ng c\u1ee7a Florida \u2013 m\u1ed9t ph\u1ea7n c\u1ee7a \u0111\u1ed3ng b\u1eb1ng ven bi\u1ec3n tr\u0169ng th\u1ea5p c\u1ee7a Nam Florida. Th\u00e0nh ph\u1ed1 n\u00e0y chi\u1ebfm m\u1ed9t d\u1ea3i \u0111\u1ea5t h\u1eb9p gi\u1eefa \u0111\u1ea1i d\u01b0\u01a1ng v\u00e0 m\u1ed9t lo\u1ea1t c\u00e1c \u0111\u1ea3o ch\u1eafn v\u00e0 c\u00e1c tuy\u1ebfn \u0111\u01b0\u1eddng th\u1ee7y n\u1ed9i \u0111\u1ecba. Th\u00e0nh ph\u1ed1 n\u00e0y \u0111\u00f4i khi \u0111\u01b0\u1ee3c g\u1ecdi l\u00e0 &#034;Venice c\u1ee7a n\u01b0\u1edbc M\u1ef9&#034; do c\u00f3 165 d\u1eb7m k\u00eanh \u0111\u00e0o c\u00f3 th\u1ec3 \u0111i\u1ec1u h\u01b0\u1edbng \u0111\u01b0\u1ee3c. C\u1ea3nh quan b\u1eb1ng ph\u1eb3ng v\u00e0 t\u01b0\u01a1i t\u1ed1t, v\u1edbi nh\u1eefng c\u00e2y c\u1ecd nhi\u1ec7t \u0111\u1edbi\/c\u1eadn nhi\u1ec7t \u0111\u1edbi, c\u00e1c tuy\u1ebfn \u0111\u01b0\u1eddng th\u1ee7y c\u00f3 r\u1eebng ng\u1eadp m\u1eb7n v\u00e0 nh\u1eefng m\u1ea3ng \u0111\u1ea5t ng\u1eadp n\u01b0\u1edbc ven bi\u1ec3n. Kh\u00ed h\u1eadu n\u1ed5i ti\u1ebfng n\u1eafng v\u00e0 \u1ea5m \u00e1p: Fort Lauderdale c\u00f3 trung b\u00ecnh kho\u1ea3ng 3.000 gi\u1edd n\u1eafng m\u1ed7i n\u0103m. Nhi\u1ec7t \u0111\u1ed9 cao nh\u1ea5t v\u00e0o ban ng\u00e0y trong m\u00f9a \u0111\u00f4ng l\u00e0 t\u1eeb 60 \u0111\u1ebfn 70 \u00b0 F (kho\u1ea3ng 20 \u00b0 C) v\u00e0 m\u00f9a h\u00e8 th\u01b0\u1eddng t\u0103ng v\u1ecdt l\u00ean 80 \u0111\u1ebfn 90 \u00b0 F (27\u201335 \u00b0 C), \u0111\u01b0\u1ee3c \u0111i\u1ec1u h\u00f2a b\u1edfi nh\u1eefng c\u01a1n gi\u00f3 bi\u1ec3n \u1ed5n \u0111\u1ecbnh. L\u01b0\u1ee3ng m\u01b0a theo m\u00f9a (ch\u1ee7 y\u1ebfu l\u00e0 gi\u00f4ng b\u00e3o v\u00e0o m\u00f9a h\u00e8) v\u00e0 h\u1ea7u nh\u01b0 kh\u00f4ng bao gi\u1edd c\u00f3 b\u0103ng gi\u00e1. T\u00f3m l\u1ea1i, th\u00e0nh ph\u1ed1 n\u00e0y c\u00f3 kh\u00ed h\u1eadu b\u00e1n nhi\u1ec7t \u0111\u1edbi v\u1edbi m\u00f9a h\u00e8 \u1ea5m \u00e1p, \u1ea9m \u01b0\u1edbt, m\u00f9a \u0111\u00f4ng \u00f4n h\u00f2a v\u00e0 gi\u00f3 m\u1eadu d\u1ecbch th\u01b0\u1eddng xuy\u00ean t\u1eeb \u0110\u1ea1i T\u00e2y D\u01b0\u01a1ng \u2013 nh\u1eefng \u0111i\u1ec1u ki\u1ec7n t\u1ea1o n\u00ean khung c\u1ea3nh nh\u00e0n nh\u00e3, ng\u1eadp tr\u00e0n \u00e1nh n\u1eafng c\u1ee7a th\u00e0nh ph\u1ed1.<\/p>\n<p>Ngu\u1ed3n g\u1ed1c c\u1ee7a Fort Lauderdale n\u1eb1m \u1edf m\u1ed9t ti\u1ec1n \u0111\u1ed3n qu\u00e2n s\u1ef1 ch\u1ee9 kh\u00f4ng ph\u1ea3i l\u00e0 truy\u1ec1n thuy\u1ebft c\u1ed5 x\u01b0a. Th\u00e0nh ph\u1ed1 \u0111\u01b0\u1ee3c \u0111\u1eb7t t\u00ean theo m\u1ed9t c\u00f4ng s\u1ef1 nh\u1ecf \u0111\u01b0\u1ee3c x\u00e2y d\u1ef1ng tr\u00ean S\u00f4ng New v\u00e0o n\u0103m 1838 b\u1edfi Thi\u1ebfu t\u00e1 William Lauderdale c\u1ee7a Qu\u00e2n \u0111\u1ed9i Hoa K\u1ef3, trong Chi\u1ebfn tranh Seminole l\u1ea7n th\u1ee9 hai. Sau kh\u1edfi \u0111\u1ea7u qu\u00e2n s\u1ef1 \u0111\u00f3, khu v\u1ef1c n\u00e0y c\u00f3 \u00edt ng\u01b0\u1eddi \u0111\u1ecbnh c\u01b0 cho \u0111\u1ebfn cu\u1ed1i th\u1ebf k\u1ef7 19. S\u1ef1 t\u0103ng tr\u01b0\u1edfng \u1ed5n \u0111\u1ecbnh b\u1eaft \u0111\u1ea7u v\u1edbi s\u1ef1 xu\u1ea5t hi\u1ec7n c\u1ee7a \u0110\u01b0\u1eddng s\u1eaft B\u1edd bi\u1ec3n ph\u00eda \u0110\u00f4ng Florida v\u00e0 s\u1ef1 b\u00f9ng n\u1ed5 \u0111\u1ea5t \u0111ai Florida v\u00e0o nh\u1eefng n\u0103m 1920. Fort Lauderdale ch\u00ednh th\u1ee9c \u0111\u01b0\u1ee3c th\u00e0nh l\u1eadp v\u00e0o n\u0103m 1911 v\u00e0 \u0111\u01b0\u1ee3c ch\u1ec9 \u0111\u1ecbnh l\u00e0 tr\u1ee5 s\u1edf c\u1ee7a Qu\u1eadn Broward m\u1edbi th\u00e0nh l\u1eadp v\u00e0o n\u0103m 1915. S\u1ef1 th\u1ecbnh v\u01b0\u1ee3ng ban \u0111\u1ea7u g\u1ea7n nh\u01b0 b\u1ecb ph\u00e1 h\u1ecfng b\u1edfi c\u01a1n b\u00e3o l\u1edbn Miami n\u0103m 1926 v\u00e0 cu\u1ed9c \u0110\u1ea1i suy tho\u00e1i, l\u00e0m ch\u1eadm \u0111\u00e1ng k\u1ec3 s\u1ef1 ph\u00e1t tri\u1ec3n.<\/p>\n<p>S\u1ef1 th\u1ecbnh v\u01b0\u1ee3ng c\u1ee7a th\u00e0nh ph\u1ed1 \u0111\u00e3 h\u1ed3i sinh trong v\u00e0 sau Th\u1ebf chi\u1ebfn II. M\u1ed9t c\u0103n c\u1ee9 kh\u00f4ng qu\u00e2n h\u1ea3i qu\u00e2n l\u1edbn \u0111\u00e3 \u0111\u01b0a h\u00e0ng ngh\u00ecn qu\u00e2n nh\u00e2n \u0111\u1ebfn, gieo m\u1ea7m cho s\u1ef1 b\u00f9ng n\u1ed5 d\u00e2n s\u1ed1 sau chi\u1ebfn tranh. V\u00e0o nh\u1eefng n\u0103m 1950\u201360, c\u00e1c khu nh\u00e0 \u1edf ngo\u1ea1i \u00f4 m\u1edf r\u1ed9ng v\u00e0 th\u00e0nh ph\u1ed1 ph\u00e1t tri\u1ec3n th\u00e0nh m\u1ed9t \u0111i\u1ec3m \u0111\u1ebfn ngh\u1ec9 d\u01b0\u1ee1ng l\u1edbn. L\u00e0ng ch\u00e0i khi\u00eam t\u1ed1n tr\u01b0\u1edbc \u0111\u00e2y \u0111\u00e3 \u0111\u01b0\u1ee3c t\u00e1i thi\u1ebft th\u00e0nh m\u1ed9t th\u00e0nh ph\u1ed1 hi\u1ec7n \u0111\u1ea1i v\u1edbi c\u00e1c kh\u00e1ch s\u1ea1n, khu mua s\u1eafm v\u00e0 b\u1ebfn du thuy\u1ec1n. V\u00e0o cu\u1ed1i th\u1ebf k\u1ef7 20, Fort Lauderdale \u0111\u00e3 tr\u1edf th\u00e0nh m\u1ed9t trong nh\u1eefng trung t\u00e2m du thuy\u1ec1n l\u1edbn nh\u1ea5t th\u1ebf gi\u1edbi v\u00e0 l\u00e0 &#034;s\u00e2n ch\u01a1i m\u00f9a \u0111\u00f4ng&#034; cho nh\u1eefng ng\u01b0\u1eddi th\u00edch tuy\u1ebft. Ng\u00e0nh c\u00f4ng nghi\u1ec7p du thuy\u1ec1n c\u0169ng t\u00ecm th\u1ea5y m\u1ed9t ng\u00f4i nh\u00e0 \u1edf \u0111\u00e2y - ng\u00e0y nay C\u1ea3ng Everglades l\u00e0 m\u1ed9t trong nh\u1eefng c\u1ea3ng du thuy\u1ec1n b\u1eadn r\u1ed9n nh\u1ea5t tr\u00ean to\u00e0n c\u1ea7u. Trong su\u1ed1t nh\u1eefng thay \u0111\u1ed5i n\u00e0y, Fort Lauderdale v\u1eabn duy tr\u00ec b\u1ea3n s\u1eafc &#034;khu ngh\u1ec9 d\u01b0\u1ee1ng ven bi\u1ec3n&#034;, ngay c\u1ea3 khi th\u00e0nh ph\u1ed1 x\u00e2y d\u1ef1ng b\u1ec7nh vi\u1ec7n, tr\u01b0\u1eddng \u0111\u1ea1i h\u1ecdc (bao g\u1ed3m c\u1ea3 khu\u00f4n vi\u00ean c\u1ee7a \u0110\u1ea1i h\u1ecdc Florida Atlantic) v\u00e0 m\u1ed9t khu t\u00e0i ch\u00ednh \u1edf trung t\u00e2m th\u00e0nh ph\u1ed1. Trong nh\u1eefng n\u0103m g\u1ea7n \u0111\u00e2y, th\u00e0nh ph\u1ed1 \u0111\u00e3 t\u1eadp trung v\u00e0o vi\u1ec7c ph\u1ee5c h\u1ed3i \u0111\u00f4 th\u1ecb: c\u00e1c t\u00f2a nh\u00e0 cao t\u1ea7ng m\u1edbi d\u1ecdc theo b\u1edd s\u00f4ng, c\u00e1c \u0111\u1ecba danh l\u1ecbch s\u1eed \u0111\u01b0\u1ee3c ph\u1ee5c h\u1ed3i v\u00e0 c\u00e1c t\u1ed5 ch\u1ee9c v\u0103n h\u00f3a \u0111\u00e3 \u0111\u1ecbnh h\u00ecnh l\u1ea1i \u0111\u01b0\u1eddng ch\u00e2n tr\u1eddi c\u1ee7a th\u00e0nh ph\u1ed1. Nh\u01b0ng di s\u1ea3n c\u1ee7a nh\u1eefng th\u1eadp k\u1ef7 b\u00f9ng n\u1ed5 v\u00e0 suy tho\u00e1i \u0111\u1ea7u ti\u00ean v\u1eabn th\u1ec3 hi\u1ec7n \u1edf b\u1ea3n s\u1eafc nhi\u1ec1u l\u1edbp c\u1ee7a Fort Lauderdale \u2013 t\u1eeb nh\u1eefng c\u0103n h\u1ed9 chung c\u01b0 theo phong c\u00e1ch ngh\u1ec7 thu\u1eadt trang tr\u00ed nh\u1eefng n\u0103m 1920 tr\u00ean Las Olas \u0111\u1ebfn nh\u1eefng t\u00f2a th\u00e1p si\u00eau hi\u1ec7n \u0111\u1ea1i tr\u00ean Intracoastal.<\/p>\n<p>Ng\u00e0y nay, Fort Lauderdale mang \u0111\u1ebfn c\u1ea3m gi\u00e1c nh\u01b0 m\u1ed9t th\u00e0nh ph\u1ed1 b\u00e3i bi\u1ec3n th\u01b0 gi\u00e3n nh\u01b0ng tinh t\u1ebf. Kh\u00f4ng kh\u00ed c\u1ee7a th\u00e0nh ph\u1ed1 l\u00e0 s\u1ef1 pha tr\u1ed9n gi\u1eefa &#034;khu ngh\u1ec9 d\u01b0\u1ee1ng Nam Florida&#034; v\u1edbi m\u1ed9t d\u00f2ng ch\u1ea3y \u0111a v\u0103n h\u00f3a. V\u0103n h\u00f3a \u0111\u1ecba ph\u01b0\u01a1ng ph\u1ea3n \u00e1nh c\u1ed9ng \u0111\u1ed3ng ng\u01b0\u1eddi T\u00e2y Ban Nha v\u00e0 Caribe \u0111\u00f4ng \u0111\u1ea3o. C\u00e1c l\u1ec5 h\u1ed9i v\u00e0 s\u1ef1 ki\u1ec7n r\u1ea5t phong ph\u00fa v\u00e0 \u0111a d\u1ea1ng - v\u00ed d\u1ee5, cu\u1ed9c di\u1ec5u h\u00e0nh Ng\u00e0y Th\u00e1nh Patrick h\u00e0ng n\u0103m qua trung t\u00e2m th\u00e0nh ph\u1ed1 l\u00e0 m\u1ed9t \u0111i\u1ec3m thu h\u00fat l\u1edbn, c\u00f9ng v\u1edbi c\u00e1c b\u1eefa ti\u1ec7c b\u00e3i bi\u1ec3n theo ch\u1ee7 \u0111\u1ec1 Caribe v\u00e0 c\u00e1c bu\u1ed5i tr\u00ecnh di\u1ec5n thuy\u1ec1n l\u1edbn. Ti\u1ebfng Anh l\u00e0 ng\u00f4n ng\u1eef chung, nh\u01b0ng \u1edf b\u1ea5t k\u1ef3 khu ph\u1ed1 n\u00e0o, b\u1ea1n c\u0169ng c\u00f3 th\u1ec3 nghe th\u1ea5y ti\u1ebfng T\u00e2y Ban Nha, ti\u1ebfng Creole Haiti ho\u1eb7c ti\u1ebfng Ph\u00e1p. Th\u1eadt v\u1eady, h\u01a1n 21% c\u01b0 d\u00e2n sinh ra \u1edf n\u01b0\u1edbc ngo\u00e0i, mang \u0111\u1ebfn cho c\u00e1c nh\u00e0 h\u00e0ng v\u00e0 c\u1eeda h\u00e0ng h\u01b0\u01a1ng v\u1ecb to\u00e0n c\u1ea7u (qu\u00e1n c\u00e0 ph\u00ea Cuba, ti\u1ec7m b\u00e1nh Jamaica, v.v.).<\/p>\n<p>Ng\u01b0\u1eddi d\u00e2n \u0111\u1ecba ph\u01b0\u01a1ng Fort Lauderdale c\u00f3 xu h\u01b0\u1edbng m\u00f4 t\u1ea3 cu\u1ed9c s\u1ed1ng th\u00e0nh ph\u1ed1 l\u00e0 tho\u1ea3i m\u00e1i v\u00e0 h\u01b0\u1edbng \u0111\u1ebfn ho\u1ea1t \u0111\u1ed9ng ngo\u00e0i tr\u1eddi. M\u1ed9t th\u00f3i quen \u0111i\u1ec3n h\u00ecnh c\u00f3 th\u1ec3 bao g\u1ed3m c\u00e1c ho\u1ea1t \u0111\u1ed9ng tr\u00ean b\u00e3i bi\u1ec3n ho\u1eb7c k\u00eanh \u0111\u00e0o v\u00e0o s\u00e1ng s\u1edbm (ch\u1ea1y, ch\u00e8o thuy\u1ec1n, t\u1eadp yoga), m\u1ed9t b\u1eefa tr\u01b0a nh\u00e0n nh\u00e3 tr\u00ean \u0110\u1ea1i l\u1ed9 Las Olas ho\u1eb7c b\u00ean b\u1edd n\u01b0\u1edbc, v\u00e0 c\u00e1c cu\u1ed9c t\u1ee5 h\u1ecdp bu\u1ed5i t\u1ed1i t\u1ea1i c\u00e1c qu\u00e1n r\u01b0\u1ee3u ho\u1eb7c ph\u00f2ng tr\u01b0ng b\u00e0y ngo\u00e0i tr\u1eddi. \u0110\u00e2y l\u00e0 n\u01a1i di\u1ec5n ra nhi\u1ec1u ho\u1ea1t \u0111\u1ed9ng x\u00e3 h\u1ed9i ngo\u00e0i tr\u1eddi: qu\u00e1n c\u00e0 ph\u00ea v\u1ec9a h\u00e8, l\u1ec5 h\u1ed9i h\u00e0ng h\u1ea3i, s\u00e2n golf v\u00e0 h\u1ed9i ch\u1ee3 ngh\u1ec7 thu\u1eadt. C\u00e1c khu ph\u1ed1 nh\u01b0 Coral Ridge v\u00e0 Victoria Park mang l\u1ea1i c\u1ea3m gi\u00e1c \u1ea5m \u00e1p v\u00e0 th\u00e2n thi\u1ec7n, v\u1edbi phong c\u00e1ch &#034;b\u00ecnh d\u00e2n Florida&#034;. M\u1ecdi ng\u01b0\u1eddi n\u00f3i chung d\u1ec5 g\u1ea7n - nh\u1eefng ng\u01b0\u1eddi h\u01b0\u1edbng d\u1eabn l\u01b0\u1edbt s\u00f3ng v\u00e0 gi\u00e1o vi\u00ean yoga h\u00f2a m\u00ecnh v\u00e0o c\u00e1c gi\u00e1m \u0111\u1ed1c \u0111i\u1ec1u h\u00e0nh trong th\u1ecb tr\u1ea5n \u0111\u1ec3 tham d\u1ef1 c\u00e1c h\u1ed9i ngh\u1ecb. Ngay c\u1ea3 trong m\u00f9a du l\u1ecbch b\u1eadn r\u1ed9n nh\u1ea5t, nh\u1eefng \u0111\u1ea1i l\u1ed9 r\u1ee3p b\u00f3ng c\u1ecd v\u00e0 nhi\u1ec1u d\u1eb7m c\u00f4ng vi\u00ean ven s\u00f4ng c\u1ee7a th\u00e0nh ph\u1ed1 v\u1eabn t\u1ea1o n\u00ean c\u1ea3m gi\u00e1c r\u1ed9ng r\u00e3i v\u00e0 b\u00ecnh t\u0129nh. T\u00f3m l\u1ea1i, b\u1ea7u kh\u00f4ng kh\u00ed c\u1ee7a Fort Lauderdale k\u1ebft h\u1ee3p s\u1ef1 tho\u1ea3i m\u00e1i c\u1ee7a \u0111\u00f4 th\u1ecb v\u1edbi nh\u1ecbp s\u1ed1ng h\u00e0ng h\u1ea3i tho\u1ea3i m\u00e1i; du kh\u00e1ch th\u01b0\u1eddng l\u01b0u \u00fd r\u1eb1ng t\u00ednh c\u00e1ch &#034;em g\u00e1i c\u1ee7a Miami&#034; c\u1ee7a th\u00e0nh ph\u1ed1 n\u00e0y \u00edt \u1ed3n \u00e0o v\u00e0 nhi\u1ec1u n\u1eafng h\u01a1n tr\u00ean m\u1eb7t n\u01b0\u1edbc.<\/p>\n<p>C\u00e1c \u0111i\u1ec3m tham quan c\u1ee7a Fort Lauderdale t\u1eadp trung v\u00e0o m\u1eb7t tr\u1eddi, bi\u1ec3n v\u00e0 v\u0103n h\u00f3a. \u0110\u1ea7u ti\u00ean v\u00e0 quan tr\u1ecdng nh\u1ea5t l\u00e0 B\u00e3i bi\u1ec3n Fort Lauderdale, m\u1ed9t b\u00e3i c\u00e1t m\u1ecbn, s\u00e1ng m\u00e0u d\u00e0i b\u1ea3y d\u1eb7m \u0111\u01b0\u1ee3c bao quanh b\u1edfi m\u1ed9t l\u1ed1i \u0111i d\u1ea1o r\u1ed9ng r\u1ee3p b\u00f3ng c\u1ecd. B\u00e3i bi\u1ec3n n\u00e0y \u0111\u01b0\u1ee3c ca ng\u1ee3i r\u1ed9ng r\u00e3i l\u00e0 &#034;m\u1ed9t trong nh\u1eefng b\u00e3i bi\u1ec3n \u0111\u1eb9p nh\u1ea5t \u1edf Florida&#034;. N\u01b0\u1edbc \u1ea5m n\u00f4ng, b\u1edd bi\u1ec3n c\u00f3 nh\u00e2n vi\u00ean c\u1ee9u h\u1ed9 gi\u00e1m s\u00e1t v\u00e0 b\u00e3i \u0111\u1eadu xe d\u1ec5 d\u00e0ng khi\u1ebfn n\u01a1i \u0111\u00e2y tr\u1edf n\u00ean l\u00fd t\u01b0\u1edfng cho c\u00e1c gia \u0111\u00ecnh. N\u1eb1m c\u1ea1nh b\u00e3i bi\u1ec3n l\u00e0 \u0110\u1ea1i l\u1ed9 Las Olas, m\u1ed9t tuy\u1ebfn \u0111\u01b0\u1eddng mua s\u1eafm v\u00e0 \u0103n u\u1ed1ng d\u00e0i m\u1ed9t d\u1eb7m n\u1ed1i trung t\u00e2m th\u00e0nh ph\u1ed1 v\u1edbi \u0111\u1ea1i d\u01b0\u01a1ng. Las Olas t\u1ef1 h\u00e0o c\u00f3 h\u01a1n 100 c\u1eeda h\u00e0ng, c\u1eeda hi\u1ec7u v\u00e0 ph\u00f2ng tr\u01b0ng b\u00e0y ngh\u1ec7 thu\u1eadt, c\u00f9ng v\u1edbi h\u00e0ng ch\u1ee5c qu\u00e1n c\u00e0 ph\u00ea v\u1ec9a h\u00e8 v\u00e0 qu\u00e1n r\u01b0\u1ee3u nh\u1ecf. \u0110\u00e2y l\u00e0 l\u1ed1i \u0111i d\u1ea1o h\u1ee3p th\u1eddi trang c\u1ee7a th\u00e0nh ph\u1ed1, n\u01a1i ng\u01b0\u1eddi d\u00e2n \u0111\u1ecba ph\u01b0\u01a1ng v\u00e0 du kh\u00e1ch giao l\u01b0u, \u0111\u1eb7c bi\u1ec7t l\u00e0 v\u00e0o bu\u1ed5i t\u1ed1i v\u00e0 cu\u1ed1i tu\u1ea7n.<\/p>\n<p>V\u00e0o s\u00e2u trong \u0111\u1ea5t li\u1ec1n, Fort Lauderdale Riverwalk (c\u00f2n g\u1ecdi l\u00e0 Khu Ngh\u1ec7 thu\u1eadt &amp; Gi\u1ea3i tr\u00ed) mang \u0111\u1ebfn s\u1ef1 thay \u0111\u1ed5i nh\u1ecbp \u0111\u1ed9. Con \u0111\u01b0\u1eddng ven s\u00f4ng d\u00e0i 2,5 d\u1eb7m n\u00e0y ch\u1ea1y d\u1ecdc theo S\u00f4ng New qua trung t\u00e2m th\u00e0nh ph\u1ed1 v\u00e0 khu b\u1ea3o t\u00e0ng. D\u1ecdc theo Riverwalk, b\u1ea1n s\u1ebd t\u00ecm th\u1ea5y c\u00e1c c\u00f4ng vi\u00ean, ngh\u1ec7 thu\u1eadt c\u00f4ng c\u1ed9ng v\u00e0 nh\u00e0 h\u00e0ng ven s\u00f4ng. Con \u0111\u01b0\u1eddng \u0111i qua m\u01b0\u1eddi c\u00f4ng vi\u00ean tuy\u1ebfn t\u00ednh, n\u01a1i b\u1ea1n c\u00f3 th\u1ec3 ng\u1eafm du thuy\u1ec1n, thuy\u1ec1n ch\u00e8o v\u00e0 th\u1ec9nh tho\u1ea3ng l\u00e0 thuy\u1ec1n gondola ng\u1eafm c\u1ea3nh (th\u1eadm ch\u00ed c\u00f2n c\u00f3 c\u1ea3 taxi n\u01b0\u1edbc mi\u1ec5n ph\u00ed). Riverwalk k\u1ebft n\u1ed1i c\u00e1c \u0111\u1ecba danh ch\u00ednh nh\u01b0 Trung t\u00e2m Bi\u1ec3u di\u1ec5n Ngh\u1ec7 thu\u1eadt Broward v\u00e0 B\u1ea3o t\u00e0ng Kh\u00e1m ph\u00e1 v\u00e0 Khoa h\u1ecdc t\u01b0\u01a1ng t\u00e1c. \u0110\u1ec3 ng\u1eafm nh\u00ecn thi\u00ean nhi\u00ean, B\u1ea3o t\u00e0ng &amp; V\u01b0\u1eddn Bonnet House l\u00e0 \u0111i\u1ec3m \u0111\u1ebfn kh\u00f4ng th\u1ec3 b\u1ecf qua: m\u1ed9t khu \u0111i\u1ec1n trang t\u1eeb nh\u1eefng n\u0103m 1920 n\u1eb1m gi\u1eefa s\u1ef1 ph\u00e1t tri\u1ec3n c\u1ee7a th\u00e0nh ph\u1ed1. Bonnet House (m\u1ed9t b\u1ea3o t\u00e0ng nh\u00e0 \u1edf) c\u00f3 ni\u00ean \u0111\u1ea1i h\u00e0ng th\u1ebf k\u1ef7 tr\u1ea3i d\u00e0i tr\u00ean 36 m\u1eabu Anh v\u1edbi nh\u1eefng khu v\u01b0\u1eddn t\u01b0\u01a1i t\u1ed1t, c\u00f3 m\u1ed9t ng\u00f4i nh\u00e0 l\u1ecbch s\u1eed ch\u1ee9a \u0111\u1ea7y ngh\u1ec7 thu\u1eadt v\u00e0 \u0111\u1ed3 c\u1ed5. \u1ed0c \u0111\u1ea3o th\u1ef1c v\u1eadt v\u00e0 ki\u1ebfn \u200b\u200btr\u00fac n\u00e0y - v\u1edbi nh\u1eefng b\u00e3i bi\u1ec3n, r\u1eebng ng\u1eadp m\u1eb7n v\u00e0 khu v\u01b0\u1eddn c\u00f9ng t\u1ed3n t\u1ea1i - mang \u0111\u1ebfn h\u01b0\u01a1ng v\u1ecb c\u1ee7a Florida c\u1ed5 k\u00ednh. Nh\u1eefng \u0111i\u1ec3m n\u1ed5i b\u1eadt kh\u00e1c bao g\u1ed3m Nh\u00e0 Stranahan (c\u00f4ng tr\u00ecnh ki\u1ebfn \u200b\u200btr\u00fac l\u00e2u \u0111\u1eddi nh\u1ea5t c\u00f2n s\u00f3t l\u1ea1i c\u1ee7a Fort Lauderdale, hi\u1ec7n l\u00e0 b\u1ea3o t\u00e0ng l\u1ecbch s\u1eed \u0111\u1ecba ph\u01b0\u01a1ng) v\u00e0 nhi\u1ec1u b\u1ebfn du thuy\u1ec1n cung c\u1ea5p c\u00e1c tour du l\u1ecbch b\u1eb1ng thuy\u1ec1n v\u00e0 \u0111\u01b0\u1eddng th\u1ee7y ng\u1eafm c\u1ea3nh.<\/p>\n<p>Nh\u1eefng ng\u01b0\u1eddi ch\u01a1i g\u00f4n v\u00e0 nh\u1eefng ng\u01b0\u1eddi nghi\u1ec7n mua s\u1eafm \u0111\u1ec1u coi nhi\u1ec1u s\u00e2n g\u00f4n v\u00e0 trung t\u00e2m mua s\u1eafm c\u1ee7a th\u00e0nh ph\u1ed1 (nh\u01b0 Trung t\u00e2m th\u01b0\u01a1ng m\u1ea1i Galleria Mall v\u00e0 Sawgrass Mills) l\u00e0 nh\u1eefng \u0111i\u1ec3m thu h\u00fat h\u00e0ng \u0111\u1ea7u. V\u00e0o ban \u0111\u00eam, \u0110\u1ea1i l\u1ed9 Las Olas c\u00f3 nhi\u1ec1u du thuy\u1ec1n c\u1ee7a th\u00e0nh ph\u1ed1 s\u00e1ng l\u00ean v\u1edbi \u00e2m nh\u1ea1c t\u1eeb c\u00e1c qu\u00e1n bar tr\u00ean t\u1ea7ng th\u01b0\u1ee3ng, \u0111\u00f3ng vai tr\u00f2 l\u00e0 \u0111i\u1ec3m giao l\u01b0u. V\u00e0 \u0111\u1ed1i v\u1edbi ni\u1ec1m vui c\u1ee7a gia \u0111\u00ecnh, B\u1ea3o t\u00e0ng Kh\u00e1m ph\u00e1 &amp; Khoa h\u1ecdc (v\u1edbi c\u00e1c cu\u1ed9c tri\u1ec3n l\u00e3m kh\u1ee7ng long v\u00e0 r\u1ea1p chi\u1ebfu phim IMAX) l\u00e0 m\u1ed9t \u0111\u1ecba \u0111i\u1ec3m y\u00eau th\u00edch l\u00e2u \u0111\u1eddi. Kh\u00f4ng th\u1ec3 b\u1ecf qua: V\u1ecb tr\u00ed c\u1ee7a Fort Lauderdale nh\u01b0 m\u1ed9t th\u1ee7 \u0111\u00f4 du thuy\u1ec1n c\u00f3 ngh\u0129a l\u00e0 C\u1ea3ng Everglades r\u1ed9ng l\u1edbn l\u00e0 m\u1ed9t n\u01a1i m\u00e0 nhi\u1ec1u ng\u01b0\u1eddi \u0111\u1ebfn - cho d\u00f9 l\u00e0 \u0111\u1ec3 l\u00ean t\u00e0u du ngo\u1ea1n v\u00f9ng Caribe hay \u0111\u1ec3 xem nh\u1eefng chi\u1ebfc t\u00e0u l\u1edbn \u0111\u1ebfn v\u00e0 \u0111i, m\u1ed9t tr\u1ea3i nghi\u1ec7m t\u1ef1 th\u00e2n.<\/p>\n<p>Fort Lauderdale r\u1ea5t d\u1ec5 ti\u1ebfp c\u1eadn. S\u00e2n bay ch\u00ednh c\u1ee7a th\u00e0nh ph\u1ed1 l\u00e0 Fort Lauderdale\u2013Hollywood International (FLL), m\u1ed9t trung t\u00e2m b\u1eadn r\u1ed9n cho c\u00e1c chuy\u1ebfn bay trong n\u01b0\u1edbc v\u00e0 qu\u1ed1c t\u1ebf. FLL t\u1ef1 h\u00e0o c\u00f3 d\u1ecbch v\u1ee5 tr\u1ef1c ti\u1ebfp \u0111\u1ebfn 140 \u0111i\u1ec3m \u0111\u1ebfn v\u00e0 ph\u1ee5c v\u1ee5 h\u01a1n 80.000 du kh\u00e1ch m\u1ed7i ng\u00e0y. M\u1ed9t d\u1ecbch v\u1ee5 \u0111\u01b0a \u0111\u00f3n mi\u1ec5n ph\u00ed k\u1ebft n\u1ed1i c\u00e1c nh\u00e0 ga c\u1ee7a s\u00e2n bay v\u1edbi ga t\u00e0u \u0111i l\u1ea1i Tri-Rail g\u1ea7n \u0111\u00f3 (\u1edf Dania Beach), n\u01a1i cung c\u1ea5p d\u1ecbch v\u1ee5 t\u00e0u khu v\u1ef1c th\u01b0\u1eddng xuy\u00ean d\u1ecdc theo b\u1edd bi\u1ec3n Nam Florida. (Tuy\u1ebfn Tri-Rail k\u1ebft n\u1ed1i v\u1edbi Miami v\u00e0 Palm Beach, v\u1edbi m\u1ed9t \u0111i\u1ec3m d\u1eebng g\u1ea7n s\u00e2n bay Hollywood-Ft. Lauderdale.) Ngo\u00e0i ra, nhi\u1ec1u du kh\u00e1ch bay \u0111\u1ebfn S\u00e2n bay qu\u1ed1c t\u1ebf Miami g\u1ea7n \u0111\u00f3, ch\u1ec9 c\u00e1ch 30 d\u1eb7m v\u1ec1 ph\u00eda nam, v\u00e0 chuy\u1ec3n \u0111\u1ebfn Fort Lauderdale b\u1eb1ng \u00f4 t\u00f4 ho\u1eb7c xe bu\u00fdt. B\u1eb1ng \u00f4 t\u00f4, \u0110\u01b0\u1eddng li\u00ean bang 95 ch\u1ea1y theo h\u01b0\u1edbng b\u1eafc-nam qua th\u00e0nh ph\u1ed1 v\u00e0 \u0110\u01b0\u1eddng cao t\u1ed1c thu ph\u00ed Florida k\u1ebft n\u1ed1i th\u00e0nh ph\u1ed1 v\u1edbi Orlando v\u00e0 xa h\u01a1n n\u1eefa.<\/p>\n<p>Trung t\u00e2m th\u00e0nh ph\u1ed1 Fort Lauderdale v\u00e0 khu v\u1ef1c b\u00e3i bi\u1ec3n kh\u00e1 d\u1ec5 \u0111i b\u1ed9, \u0111\u1eb7c bi\u1ec7t l\u00e0 xung quanh Las Olas v\u00e0 Riverwalk. Th\u00e0nh ph\u1ed1 v\u1eadn h\u00e0nh m\u1ed9t tuy\u1ebfn xe bu\u00fdt \u0111\u1ecba ph\u01b0\u01a1ng mi\u1ec5n ph\u00ed (Sun Trolley) tr\u00ean m\u1ed9t s\u1ed1 tuy\u1ebfn \u0111\u01b0\u1eddng l\u01b0u th\u00f4ng, r\u1ea5t h\u1eefu \u00edch \u1edf c\u00e1c khu du l\u1ecbch. Xe bu\u00fdt th\u01b0\u1eddng xuy\u00ean c\u1ee7a Qu\u1eadn Broward k\u1ebft n\u1ed1i h\u1ea7u h\u1ebft c\u00e1c khu ph\u1ed1 v\u00e0 Tri-Rail ph\u1ee5c v\u1ee5 c\u00e1c tuy\u1ebfn \u0111\u01b0\u1eddng \u0111i l\u00e0m. Taxi v\u00e0 d\u1ecbch v\u1ee5 \u0111i chung xe r\u1ea5t ph\u1ed5 bi\u1ebfn. Nhi\u1ec1u du kh\u00e1ch th\u1ea5y thu\u00ea xe d\u1ec5 nh\u1ea5t v\u00ec c\u00e1c \u0111i\u1ec3m tham quan nh\u01b0 Sawgrass Mills ho\u1eb7c c\u00e1c chuy\u1ebfn tham quan Everglades n\u1eb1m xa h\u01a1n. Giao th\u00f4ng c\u00f3 th\u1ec3 \u0111\u00f4ng \u0111\u00fac v\u00e0o m\u00f9a cao \u0111i\u1ec3m (th\u00e1ng 12\u2013th\u00e1ng 4) v\u00e0 v\u00e0o c\u00e1c ng\u00e0y cu\u1ed1i tu\u1ea7n l\u1ec5, v\u00ec v\u1eady, n\u00ean d\u00e0nh th\u1eddi gian di chuy\u1ec3n th\u00eam.<\/p>\n<p>Fort Lauderdale s\u1eed d\u1ee5ng \u0111\u00f4 la M\u1ef9. Ti\u1ebfng Anh l\u00e0 ng\u00f4n ng\u1eef ch\u00ednh th\u1ee9c, m\u1eb7c d\u00f9 nhi\u1ec1u ng\u01b0\u1eddi d\u00e2n \u0111\u1ecba ph\u01b0\u01a1ng c\u0169ng n\u00f3i ti\u1ebfng T\u00e2y Ban Nha ho\u1eb7c ti\u1ebfng Creole. Ti\u1ec1n boa kho\u1ea3ng 15\u201320% t\u1ea1i c\u00e1c nh\u00e0 h\u00e0ng v\u00e0 taxi l\u00e0 th\u00f4ng l\u1ec7. V\u1edbi tr\u1ecdng t\u00e2m l\u00e0 b\u00e3i bi\u1ec3n, qu\u1ea7n \u00e1o m\u00f9a h\u00e8 nh\u1eb9, \u0111\u1ed3 b\u01a1i v\u00e0 kem ch\u1ed1ng n\u1eafng l\u00e0 nh\u1eefng th\u1ee9 c\u1ea7n thi\u1ebft. V\u00ec \u0111\u00e2y l\u00e0 \u0111i\u1ec3m \u0111\u1ebfn \u1edf v\u00f9ng Caribe, h\u00e3y c\u1ea9n th\u1eadn v\u1edbi mu\u1ed7i v\u00e0o l\u00fac r\u1ea1ng s\u00e1ng\/ho\u00e0ng h\u00f4n. Quy \u0111\u1ecbnh v\u1ec1 trang ph\u1ee5c l\u00e0 tho\u1ea3i m\u00e1i (ngay c\u1ea3 \u1edf nh\u1eefng nh\u00e0 h\u00e0ng \u0111\u1eb9p h\u01a1n, qu\u1ea7n short v\u00e0 \u00e1o polo th\u01b0\u1eddng ph\u00f9 h\u1ee3p v\u1edbi nam gi\u1edbi). Fort Lauderdale nh\u00ecn chung an to\u00e0n, nh\u01b0ng v\u1eabn \u00e1p d\u1ee5ng c\u00e1c bi\u1ec7n ph\u00e1p ph\u00f2ng ng\u1eeba an to\u00e0n th\u00f4ng th\u01b0\u1eddng c\u1ee7a th\u00e0nh ph\u1ed1 - h\u00e3y gi\u1eef an to\u00e0n cho \u0111\u1ed3 v\u1eadt c\u00f3 gi\u00e1 tr\u1ecb, c\u1ea3nh gi\u00e1c tr\u00ean v\u1ec9a h\u00e8 \u0111\u00f4ng \u0111\u00fac v\u00e0 tr\u00e1nh nh\u1eefng khu v\u1ef1c b\u00e3i bi\u1ec3n v\u1eafng v\u1ebb v\u00e0o ban \u0111\u00eam. Nh\u00ecn chung, c\u1ea3m gi\u00e1c th\u00e2n thi\u1ec7n v\u00e0 c\u1edfi m\u1edf, ph\u1ea3n \u00e1nh t\u00ednh c\u00e1ch h\u01b0\u1edbng \u0111\u1ebfn du kh\u00e1ch c\u1ee7a th\u00e0nh ph\u1ed1.<a href=\"https:\/\/travelshelper.com\/vi\/diem-den\/bac-my\/hop-chung-quoc-hoa-ky\/berkeley-springs\/\" target=\"_self\" aria-labelledby=\"uael-post-8997\"><br \/>\n<\/a><\/p>","protected":false},"excerpt":{"rendered":"<p>Fort Lauderdale l\u00e0 m\u1ed9t th\u00e0nh ph\u1ed1 ven bi\u1ec3n n\u0103ng \u0111\u1ed9ng \u1edf ti\u1ec3u bang Florida c\u1ee7a Hoa K\u1ef3, c\u00e1ch Miami kho\u1ea3ng 30 d\u1eb7m (48 km) v\u1ec1 ph\u00eda b\u1eafc d\u1ecdc theo \u0110\u1ea1i T\u00e2y D\u01b0\u01a1ng. Theo b\u00e1o c\u00e1o trong cu\u1ed9c \u0111i\u1ec1u tra d\u00e2n s\u1ed1 n\u0103m 2020, Fort Lauderdale, qu\u1eadn l\u1ef5 v\u00e0 l\u00e0 th\u00e0nh ph\u1ed1 \u0111\u00f4ng d\u00e2n nh\u1ea5t \u1edf Qu\u1eadn Broward, t\u1ef1 h\u00e0o c\u00f3 182.260 c\u00f4ng d\u00e2n. V\u1edbi d\u00e2n s\u1ed1 khu v\u1ef1c \u0111\u00f4 th\u1ecb l\u00e0 6.166.488 ng\u01b0\u1eddi v\u00e0o n\u0103m 2019, Fort Lauderdale x\u1ebfp h\u1ea1ng l\u00e0 th\u00e0nh ph\u1ed1 \u0111\u00f4ng d\u00e2n th\u1ee9 ba trong khu v\u1ef1c \u0111\u00f4 th\u1ecb Miami sau Miami v\u00e0 Hialeah. \u0110i\u1ec1u n\u00e0y khi\u1ebfn th\u00e0nh ph\u1ed1 n\u00e0y tr\u1edf th\u00e0nh th\u00e0nh ph\u1ed1 \u0111\u00f4ng d\u00e2n th\u1ee9 m\u01b0\u1eddi \u1edf Florida.<\/p>","protected":false},"author":1,"featured_media":2720,"parent":8072,"menu_order":0,"comment_status":"closed","ping_status":"closed","template":"elementor_theme","meta":{"_eb_attr":"","footnotes":""},"class_list":["post-8723","page","type-page","status-publish","has-post-thumbnail"],"_links":{"self":[{"href":"https:\/\/travelshelper.com\/vi\/wp-json\/wp\/v2\/pages\/8723","targetHints":{"allow":["GET"]}}],"collection":[{"href":"https:\/\/travelshelper.com\/vi\/wp-json\/wp\/v2\/pages"}],"about":[{"href":"https:\/\/travelshelper.com\/vi\/wp-json\/wp\/v2\/types\/page"}],"author":[{"embeddable":true,"href":"https:\/\/travelshelper.com\/vi\/wp-json\/wp\/v2\/users\/1"}],"replies":[{"embeddable":true,"href":"https:\/\/travelshelper.com\/vi\/wp-json\/wp\/v2\/comments?post=8723"}],"version-history":[{"count":0,"href":"https:\/\/travelshelper.com\/vi\/wp-json\/wp\/v2\/pages\/8723\/revisions"}],"up":[{"embeddable":true,"href":"https:\/\/travelshelper.com\/vi\/wp-json\/wp\/v2\/pages\/8072"}],"wp:featuredmedia":[{"embeddable":true,"href":"https:\/\/travelshelper.com\/vi\/wp-json\/wp\/v2\/media\/2720"}],"wp:attachment":[{"href":"https:\/\/travelshelper.com\/vi\/wp-json\/wp\/v2\/media?parent=8723"}],"curies":[{"name":"wp","href":"https:\/\/api.w.org\/{rel}","templated":true}]}}