{"id":8675,"date":"2024-09-04T10:54:39","date_gmt":"2024-09-04T10:54:39","guid":{"rendered":"https:\/\/travelshelper.com\/staging\/?page_id=8675"},"modified":"2026-03-13T18:05:45","modified_gmt":"2026-03-13T18:05:45","slug":"thanh-pho-salt-lake","status":"publish","type":"page","link":"https:\/\/travelshelper.com\/vi\/destinations\/north-america\/united-states\/salt-lake-city\/","title":{"rendered":"Th\u00e0nh ph\u1ed1 Salt Lake"},"content":{"rendered":"<p>Salt Lake City, Utah, tr\u1ea3i d\u00e0i tr\u00ean m\u1ed9t thung l\u0169ng n\u00fai cao d\u01b0\u1edbi ch\u00e2n d\u00e3y Wasatch. Th\u00e0nh ph\u1ed1 n\u1eb1m \u1edf \u0111\u1ed9 cao kho\u1ea3ng 4.300 feet so v\u1edbi m\u1ef1c n\u01b0\u1edbc bi\u1ec3n, v\u1edbi nh\u1eefng \u0111\u1ec9nh n\u00fai g\u1ed3 gh\u1ec1 c\u1ee7a Uintas v\u00e0 Wasatch nh\u00f4 l\u00ean \u0111\u1ed9t ng\u1ed9t v\u1ec1 ph\u00eda \u0111\u00f4ng. L\u01b0\u1edbi th\u00e0nh ph\u1ed1 (b\u1eaft ngu\u1ed3n t\u1eeb Qu\u1ea3ng tr\u01b0\u1eddng Temple) tr\u1ea3i d\u00e0i theo m\u00f4 h\u00ecnh b\u1eafc-nam\/\u0111\u00f4ng-t\u00e2y ch\u00ednh x\u00e1c. \u0110\u01b0\u1eddng ch\u00e2n tr\u1eddi \u0111\u01b0\u1ee3c th\u1ed1ng tr\u1ecb b\u1edfi \u0110\u1ec1n th\u1edd Salt Lake v\u00e0 khu ph\u1ee9c h\u1ee3p trung t\u00e2m c\u1ee7a Nh\u00e0 th\u1edd LDS. Theo nhi\u1ec1u h\u01b0\u1edbng, Great Salt Lake v\u00e0 c\u00e1c l\u01b0u v\u1ef1c sa m\u1ea1c c\u00f3 th\u1ec3 nh\u00ecn th\u1ea5y tr\u00ean \u0111\u01b0\u1eddng ch\u00e2n tr\u1eddi. \u1ea4n t\u01b0\u1ee3ng chung l\u00e0 m\u1ed9t th\u00e0nh ph\u1ed1 s\u1ea1ch s\u1ebd, ng\u0103n n\u1eafp tr\u00ean n\u1ec1n n\u00fai ph\u1ee7 \u0111\u1ea7y tuy\u1ebft tr\u1eafng. \u00c1nh s\u00e1ng th\u01b0\u1eddng s\u00e1ng (nh\u1edd \u0111\u1ed9 cao v\u00e0 kh\u00f4ng kh\u00ed kh\u00f4), v\u00e0 m\u00f9a \u0111\u00f4ng c\u00f3 tuy\u1ebft r\u01a1i nhi\u1ec1u bi\u1ebfn nh\u1eefng ng\u1ecdn \u0111\u1ed3i xung quanh th\u00e0nh s\u00e2n ch\u01a1i m\u00f9a \u0111\u00f4ng. Salt Lake City v\u1eeba mang c\u1ea3m gi\u00e1c hi\u1ec7n \u0111\u1ea1i (v\u1edbi s\u1ef1 ph\u00e1t tri\u1ec3n c\u1ee7a ng\u00e0nh c\u00f4ng ngh\u1ec7) v\u1eeba mang c\u1ea3m gi\u00e1c ti\u00ean phong (v\u1edbi di s\u1ea3n ti\u00ean phong c\u1ee7a ng\u01b0\u1eddi Mormon th\u1ebf k\u1ef7 19).<\/p>\n<p>Salt Lake City l\u00e0 th\u1ee7 ph\u1ee7 v\u00e0 th\u00e0nh ph\u1ed1 l\u1edbn nh\u1ea5t c\u1ee7a Utah. D\u00e2n s\u1ed1 c\u1ee7a th\u00e0nh ph\u1ed1 l\u00e0 199.723 ng\u01b0\u1eddi v\u00e0o n\u0103m 2020 v\u00e0 \u0111ang t\u0103ng l\u00ean: \u0111\u1ebfn n\u0103m 2023, d\u00e2n s\u1ed1 \u0111\u1ea1t kho\u1ea3ng 203.888 ng\u01b0\u1eddi (t\u0103ng kho\u1ea3ng +1,3% k\u1ec3 t\u1eeb n\u0103m 2022). Khu v\u1ef1c \u0111\u00f4 th\u1ecb c\u00f3 kho\u1ea3ng 1,2 tri\u1ec7u ng\u01b0\u1eddi; khu v\u1ef1c th\u1ed1ng k\u00ea k\u1ebft h\u1ee3p (Salt Lake City\u2013Ogden\u2013Provo) l\u00e0 g\u1ea7n 2,7 tri\u1ec7u ng\u01b0\u1eddi. S\u1ef1 ph\u00e2n chia ch\u1ee7ng t\u1ed9c\/d\u00e2n t\u1ed9c c\u1ee7a th\u00e0nh ph\u1ed1 n\u00e0y ch\u1ee7 y\u1ebfu l\u00e0 ng\u01b0\u1eddi da tr\u1eafng (kh\u00f4ng ph\u1ea3i ng\u01b0\u1eddi g\u1ed1c T\u00e2y Ban Nha) \u1edf m\u1ee9c ~65%, v\u1edbi c\u01b0 d\u00e2n g\u1ed1c T\u00e2y Ban Nha ho\u1eb7c La tinh kho\u1ea3ng 9% v\u00e0 ng\u01b0\u1eddi ch\u00e2u \u00c1 5%. (S\u1ed1 l\u01b0\u1ee3ng l\u1edbn th\u00e0nh vi\u00ean c\u1ee7a Gi\u00e1o h\u1ed9i Mormon bao g\u1ed3m nhi\u1ec1u th\u00e0nh vi\u00ean g\u1ed1c La tinh; tr\u00ean to\u00e0n ti\u1ec3u bang Utah c\u00f3 kho\u1ea3ng 14% l\u00e0 ng\u01b0\u1eddi g\u1ed1c T\u00e2y Ban Nha.) Thu nh\u1eadp h\u1ed9 gia \u0111\u00ecnh trung b\u00ecnh \u1edf SLC t\u01b0\u01a1ng \u0111\u1ed1i cao, kho\u1ea3ng 75.000 \u0111\u00f4 la\/n\u0103m (khu v\u1ef1c \u0111\u00f4 th\u1ecb, \u0111\u01b0\u1ee3c th\u00fac \u0111\u1ea9y b\u1edfi n\u1ec1n kinh t\u1ebf m\u1ea1nh m\u1ebd, c\u00f3 m\u1ed9t trong nh\u1eefng m\u1ee9c thu nh\u1eadp trung b\u00ecnh cao nh\u1ea5t c\u1ea3 n\u01b0\u1edbc).<\/p>\n<p>N\u1ec1n kinh t\u1ebf c\u1ee7a Salt Lake City \u0111\u00e3 tr\u1edf n\u00ean \u0111a d\u1ea1ng. Theo truy\u1ec1n th\u1ed1ng, \u0111\u00e2y l\u00e0 m\u1ed9t trung t\u00e2m th\u01b0\u01a1ng m\u1ea1i v\u00e0 khai kho\u00e1ng c\u1ee7a khu v\u1ef1c, ng\u00e0y nay th\u00e0nh ph\u1ed1 n\u00e0y n\u1ed5i ti\u1ebfng v\u1ec1 c\u00f4ng ngh\u1ec7, t\u00e0i ch\u00ednh v\u00e0 ch\u0103m s\u00f3c s\u1ee9c kh\u1ecfe. \u0110\u01b0\u1ee3c bi\u1ebft \u0111\u1ebfn nh\u01b0 m\u1ed9t trung t\u00e2m ng\u00e2n h\u00e0ng khu v\u1ef1c, \u0111\u00e2y l\u00e0 tr\u1ee5 s\u1edf ch\u00ednh c\u1ee7a c\u00e1c c\u00f4ng ty nh\u01b0 Zions Bancorp v\u00e0 Questar (c\u1ea3 hai \u0111\u1ec1u n\u1eb1m trong danh s\u00e1ch Fortune 1000). Nh\u1eefng t\u00ean tu\u1ed5i l\u1edbn kh\u00e1c c\u1ee7a c\u00e1c c\u00f4ng ty bao g\u1ed3m Intermountain Health (b\u1ec7nh vi\u1ec7n), Sinclair Oil v\u00e0 Smith&#039;s Food &amp; Drug. Trong nh\u1eefng th\u1eadp k\u1ef7 g\u1ea7n \u0111\u00e2y, SLC \u0111\u00e3 ph\u00e1t tri\u1ec3n m\u1ea1nh m\u1ebd nh\u01b0 m\u1ed9t trung t\u00e2m c\u00f4ng ngh\u1ec7 - th\u01b0\u1eddng \u0111\u01b0\u1ee3c g\u1ecdi l\u00e0 tr\u00e1i tim c\u1ee7a &#034;Silicon Slopes&#034;. V\u00e0o n\u0103m 2022, th\u00e0nh ph\u1ed1 c\u00f3 kho\u1ea3ng 67.500 vi\u1ec7c l\u00e0m c\u00f4ng ngh\u1ec7, t\u0103ng 12% so v\u1edbi n\u0103m 2019. C\u00e1c nh\u00e0 tuy\u1ec3n d\u1ee5ng c\u00f4ng ngh\u1ec7 ch\u00ednh bao g\u1ed3m Adobe v\u00e0 Qualtrics cho \u0111\u1ebfn nhi\u1ec1u c\u00f4ng ty kh\u1edfi nghi\u1ec7p. Salt Lake City c\u0169ng l\u00e0 trung t\u00e2m c\u1ee7a ng\u00e0nh du l\u1ecbch tr\u01b0\u1ee3t tuy\u1ebft c\u1ee7a Utah. C\u00e1c t\u1eadp \u0111o\u00e0n nh\u01b0 Adobe, eBay v\u00e0 Qualtrics c\u00f3 v\u0103n ph\u00f2ng l\u1edbn t\u1ea1i SLC v\u00e0 th\u00e0nh ph\u1ed1 n\u00e0y \u0111\u00e3 t\u1ed5 ch\u1ee9c Th\u1ebf v\u1eadn h\u1ed9i m\u00f9a \u0111\u00f4ng n\u0103m 2002 (n\u00e2ng cao v\u1ecb th\u1ebf qu\u1ed1c t\u1ebf c\u1ee7a m\u00ecnh).<\/p>\n<p>Salt Lake City n\u1eb1m \u1edf mi\u1ec1n n\u00fai ph\u00eda T\u00e2y c\u1ee7a Hoa K\u1ef3. Th\u00e0nh ph\u1ed1 n\u1eb1m \u1edf ph\u00eda b\u1eafc Utah, c\u00e1ch Great Salt Lake kho\u1ea3ng 20 d\u1eb7m v\u1ec1 ph\u00eda \u0111\u00f4ng nam. Th\u00e0nh ph\u1ed1 n\u1eb1m trong m\u1ed9t thung l\u0169ng b\u1eb1ng ph\u1eb3ng, \u0111\u01b0\u1ee3c bao quanh b\u1edfi d\u00e3y n\u00fai Wasatch d\u1ed1c \u0111\u1ee9ng (c\u00f3 \u0111\u1ec9nh cao h\u01a1n 11.000 feet) \u1edf ph\u00eda \u0111\u00f4ng v\u00e0 d\u00e3y n\u00fai Oquirrh \u1edf ph\u00eda t\u00e2y. C\u00f3 th\u1ec3 nh\u00ecn th\u1ea5y n\u01b0\u1edbc m\u1eb7n c\u1ee7a Great Salt Lake \u1edf ph\u00eda t\u00e2y b\u1eafc v\u00e0o nh\u1eefng ng\u00e0y quang \u0111\u00e3ng. B\u1ed1i c\u1ea3nh thung l\u0169ng sa m\u1ea1c cao n\u00e0y c\u00f3 ngh\u0129a l\u00e0 kh\u00ed h\u1eadu b\u00e1n kh\u00f4 h\u1ea1n: m\u00f9a \u0111\u00f4ng l\u1ea1nh v\u00e0 c\u00f3 tuy\u1ebft, trong khi m\u00f9a h\u00e8 n\u00f3ng v\u00e0 kh\u00f4. Theo ph\u00e2n lo\u1ea1i K\u00f6ppen, th\u00e0nh ph\u1ed1 n\u1eb1m tr\u00ean ranh gi\u1edbi gi\u1eefa kh\u00ed h\u1eadu \u0110\u1ecba Trung H\u1ea3i (Csa) v\u00e0 kh\u00ed h\u1eadu l\u1ee5c \u0111\u1ecba m\u00f9a h\u00e8 kh\u00f4 (Dsa). Tr\u00ean th\u1ef1c t\u1ebf, m\u00f9a h\u00e8 d\u00e0i, n\u00f3ng v\u00e0 ch\u1ee7 y\u1ebfu l\u00e0 n\u1eafng (th\u01b0\u1eddng l\u00e0 85\u201395\u00b0F), trong khi m\u00f9a \u0111\u00f4ng l\u1ea1nh v\u1edbi h\u01a1n 50 inch tuy\u1ebft tr\u00ean n\u00fai (nhi\u1ec7t \u0111\u1ed9 trung b\u00ecnh c\u1ee7a m\u00f9a \u0111\u00f4ng trong th\u00e0nh ph\u1ed1 l\u00e0 20\u201340\u00b0F). Do \u0111\u1ed9 \u1ea9m th\u1ea5p, nhi\u1ec7t \u0111\u1ed9 cao th\u01b0\u1eddng gi\u1ea3m m\u1ea1nh v\u00e0o ban \u0111\u00eam v\u00e0 \u00e1nh n\u1eafng m\u1eb7t tr\u1eddi r\u1ea5t gay g\u1eaft.<\/p>\n<p>Salt Lake City \u0111\u01b0\u1ee3c th\u00e0nh l\u1eadp v\u00e0o th\u00e1ng 7 n\u0103m 1847 b\u1edfi nh\u1eefng ng\u01b0\u1eddi ti\u00ean phong theo \u0111\u1ea1o Mormon do Brigham Young l\u00e3nh \u0111\u1ea1o. \u0110\u1ec3 t\u00ecm ki\u1ebfm m\u1ed9t n\u01a1i \u0111\u1ec3 th\u1ef1c h\u00e0nh t\u00f4n gi\u00e1o c\u1ee7a m\u00ecnh m\u1ed9t c\u00e1ch t\u1ef1 do, nh\u1eefng ng\u01b0\u1eddi \u0111\u1ecbnh c\u01b0 n\u00e0y \u0111\u00e3 v\u00e0o Thung l\u0169ng Salt Lake (l\u00fac \u0111\u00f3 l\u00e0 m\u1ed9t ph\u1ea7n c\u1ee7a Mexico) v\u00e0 \u0111\u1eb7t t\u00ean cho khu \u0111\u1ecbnh c\u01b0 c\u1ee7a h\u1ecd l\u00e0 \u201cGreat Salt Lake City\u201d (sau n\u00e0y \u0111\u01b0\u1ee3c r\u00fat ng\u1eafn). Trong nh\u1eefng th\u1eadp k\u1ef7 ti\u1ebfp theo, c\u00e1c d\u1ef1 \u00e1n th\u1ee7y l\u1ee3i \u0111\u00e3 bi\u1ebfn thung l\u0169ng sa m\u1ea1c th\u00e0nh m\u00e0u xanh, v\u00e0 Salt Lake ph\u00e1t tri\u1ec3n th\u00e0nh trung t\u00e2m th\u01b0\u01a1ng m\u1ea1i v\u00e0 v\u0103n h\u00f3a c\u1ee7a l\u00e3nh th\u1ed5. N\u01a1i \u0111\u00e2y tr\u1edf th\u00e0nh th\u1ee7 ph\u1ee7 c\u1ee7a L\u00e3nh th\u1ed5 Utah v\u00e0 sau \u0111\u00f3 l\u00e0 th\u1ee7 ph\u1ee7 c\u1ee7a ti\u1ec3u bang (sau n\u0103m 1896). Nh\u1eefng c\u1ed9t m\u1ed1c quan tr\u1ecdng bao g\u1ed3m vi\u1ec7c ho\u00e0n th\u00e0nh \u0110\u1ec1n th\u1edd Salt Lake (n\u0103m 1893) \u2013 v\u1edbi nh\u1eefng ng\u1ecdn th\u00e1p cao ch\u00f3t v\u00f3t v\u1eabn l\u00e0 bi\u1ec3u t\u01b0\u1ee3ng c\u1ee7a th\u00e0nh ph\u1ed1 \u2013 v\u00e0 s\u1ef1 ra \u0111\u1eddi c\u1ee7a tuy\u1ebfn \u0111\u01b0\u1eddng s\u1eaft xuy\u00ean l\u1ee5c \u0111\u1ecba (n\u0103m 1869), n\u1ed1i li\u1ec1n Salt Lake v\u1edbi qu\u1ed1c gia.<\/p>\n<p>V\u00e0o th\u1ebf k\u1ef7 20, Salt Lake City ph\u00e1t tri\u1ec3n ng\u00e0nh c\u00f4ng nghi\u1ec7p (khai th\u00e1c m\u1ecf, qu\u1ed1c ph\u00f2ng v\u00e0 v\u1eadn t\u1ea3i). M\u1ed9t b\u01b0\u1edbc ngo\u1eb7t quan tr\u1ecdng l\u00e0 t\u1ed5 ch\u1ee9c Th\u1ebf v\u1eadn h\u1ed9i Olympic m\u00f9a \u0111\u00f4ng n\u0103m 2002, thu h\u00fat s\u1ef1 ch\u00fa \u00fd c\u1ee7a qu\u1ed1c t\u1ebf v\u00e0 d\u1eabn \u0111\u1ebfn c\u00e1c \u0111\u1ecba \u0111i\u1ec3m m\u1edbi (nh\u01b0 C\u00f4ng vi\u00ean Olympic m\u00f9a \u0111\u00f4ng b\u00ean ngo\u00e0i th\u00e0nh ph\u1ed1). G\u1ea7n \u0111\u00e2y, Salt Lake City \u0111\u00e3 \u00e1p d\u1ee5ng b\u1ea3n s\u1eafc \u0111\u00f4 th\u1ecb h\u01a1n: h\u1ed3i sinh khu trung t\u00e2m th\u00e0nh ph\u1ed1, m\u1edf r\u1ed9ng c\u00e1c s\u1ef1 ki\u1ec7n v\u0103n h\u00f3a v\u00e0 ti\u1ebfp th\u1ecb b\u1ea3n th\u00e2n nh\u01b0 m\u1ed9t c\u1ed5ng th\u00f4ng tin gi\u1ea3i tr\u00ed ngo\u00e0i tr\u1eddi. S\u1ef1 ph\u00e1t tri\u1ec3n c\u1ee7a c\u00f4ng ngh\u1ec7 v\u00e0 t\u00e0i ch\u00ednh c\u0169ng \u0111\u00e3 bi\u1ebfn \u0111\u1ed5i th\u00e0nh ph\u1ed1 trong nh\u1eefng n\u0103m 2010 v\u00e0 sau \u0111\u00f3.<\/p>\n<p>B\u1ea3n s\u1eafc \u0111\u1ecba ph\u01b0\u01a1ng c\u1ee7a Salt Lake City \u0111\u01b0\u1ee3c h\u00ecnh th\u00e0nh t\u1eeb di s\u1ea3n Mormon v\u00e0 l\u1ed1i s\u1ed1ng mi\u1ec1n n\u00fai. Khu v\u1ef1c trung t\u00e2m th\u00e0nh ph\u1ed1 t\u1eadp trung v\u00e0o Qu\u1ea3ng tr\u01b0\u1eddng \u0110\u1ec1n th\u1edd, tr\u1ee5 s\u1edf c\u1ee7a Gi\u00e1o h\u1ed9i C\u00e1c Th\u00e1nh h\u1eefu Ng\u00e0y sau c\u1ee7a Ch\u00faa Gi\u00ea Su Ky T\u00f4 (Gi\u00e1o h\u1ed9i LDS). T\u1ea1i \u0111\u00e2y, \u0110\u1ec1n th\u1edd Salt Lake l\u1ecbch s\u1eed, Nh\u00e0 t\u1ea1m v\u00e0 c\u00e1c v\u0103n ph\u00f2ng nh\u00e0 th\u1edd t\u1ea1o th\u00e0nh m\u1ed9t khu v\u1ef1c y\u00ean t\u0129nh, l\u1ecbch s\u1ef1. T\u00f4n gi\u00e1o (LDS) \u1ea3nh h\u01b0\u1edfng \u0111\u1ebfn v\u0103n h\u00f3a: nhi\u1ec1u c\u01b0 d\u00e2n \u0111\u1ebfn nh\u00e0 th\u1edd v\u00e0 c\u00e1c gi\u00e1 tr\u1ecb th\u00e2n thi\u1ec7n v\u1edbi gia \u0111\u00ecnh r\u1ea5t n\u1ed5i b\u1eadt. B\u1ea1n s\u1ebd th\u01b0\u1eddng nghe th\u1ea5y c\u00e1c ca \u0111o\u00e0n vang v\u1ecdng v\u00e0 th\u1ea5y ki\u1ebfn \u200b\u200btr\u00fac \u0111\u1ec1n th\u1edd nh\u1ecdn.<\/p>\n<p>Tuy nhi\u00ean, SLC c\u0169ng \u0111\u00e1ng ng\u1ea1c nhi\u00ean l\u00e0 t\u1ef1 do v\u00e0 qu\u1ed1c t\u1ebf. So v\u1edbi danh ti\u1ebfng b\u1ea3o th\u1ee7 c\u1ee7a Utah, th\u00e0nh ph\u1ed1 n\u00e0y b\u1ecf phi\u1ebfu cho \u0111\u1ea3ng D\u00e2n ch\u1ee7 trong c\u00e1c cu\u1ed9c b\u1ea7u c\u1eed g\u1ea7n \u0111\u00e2y v\u00e0 c\u00f3 c\u1ed9ng \u0111\u1ed3ng LGBT l\u1edbn. N\u01a1i \u0111\u00e2y t\u1ed5 ch\u1ee9c L\u1ec5 h\u1ed9i Utah Pride \u0111\u00f4ng \u0111\u1ea3o ng\u01b0\u1eddi tham d\u1ef1 h\u00e0ng n\u0103m. S\u1ef1 hi\u1ec7n di\u1ec7n c\u1ee7a nhi\u1ec1u ng\u01b0\u1eddi chuy\u1ec3n \u0111\u1ebfn t\u1eeb c\u00e1c ti\u1ec3u bang kh\u00e1c (b\u1ecb thu h\u00fat b\u1edfi c\u00f4ng vi\u1ec7c v\u00e0 v\u0103n h\u00f3a tr\u01b0\u1ee3t tuy\u1ebft) g\u00f3p ph\u1ea7n t\u1ea1o n\u00ean b\u1ea7u kh\u00f4ng kh\u00ed ti\u1ebfn b\u1ed9. Th\u00e0nh ph\u1ed1 c\u00f3 nhi\u1ec1u nh\u00e0 h\u00e0ng v\u00e0 cu\u1ed9c s\u1ed1ng v\u1ec1 \u0111\u00eam \u0111a d\u1ea1ng. Do n\u1eb1m \u1edf \u0111\u1ed9 cao v\u00e0 d\u00e2n s\u1ed1 th\u00edch ho\u1ea1t \u0111\u1ed9ng ngo\u00e0i tr\u1eddi, Salt Lake c\u00f3 c\u1ea3m gi\u00e1c th\u1ec3 thao gi\u1ea3n d\u1ecb - m\u1ecdi ng\u01b0\u1eddi c\u00f3 th\u1ec3 tr\u00f2 chuy\u1ec7n v\u1ec1 chuy\u1ebfn \u0111i tr\u01b0\u1ee3t tuy\u1ebft ho\u1eb7c \u0111\u1ea1p xe leo n\u00fai cu\u1ed1i tu\u1ea7n tr\u01b0\u1edbc.<\/p>\n<p>Ng\u00f4n ng\u1eef ch\u00ednh th\u1ee9c l\u00e0 ti\u1ebfng Anh; m\u1ed9t nh\u00f3m thi\u1ec3u s\u1ed1 ng\u01b0\u1eddi La tinh \u0111\u00e1ng k\u1ec3 n\u00f3i ti\u1ebfng T\u00e2y Ban Nha. M\u1ed9t kh\u00eda c\u1ea1nh \u0111\u00e1ng ch\u00fa \u00fd c\u1ee7a cu\u1ed9c s\u1ed1ng \u1edf \u0111\u00e2y l\u00e0 tinh th\u1ea7n hi\u1ebfu kh\u00e1ch v\u00e0 t\u00ecnh nguy\u1ec7n (v\u0103n h\u00f3a ph\u1ee5c v\u1ee5 c\u1ed9ng \u0111\u1ed3ng c\u1ee7a LDS, c\u1ed9ng v\u1edbi s\u1ef1 gi\u00fap \u0111\u1ee1 c\u00f3 \u0111\u1ea7u \u00f3c ti\u00ean phong). C\u00e1c l\u1ec5 h\u1ed9i v\u00e0 s\u1ef1 ki\u1ec7n r\u1ea5t nhi\u1ec1u, t\u1eeb Ch\u1ee3 n\u00f4ng s\u1ea3n trung t\u00e2m v\u00e0o m\u00f9a h\u00e8 \u0111\u1ebfn c\u00e1c h\u1ed9i ch\u1ee3 ti\u1ec3u bang v\u00e0 l\u1ec5 h\u1ed9i ngh\u1ec7 thu\u1eadt. Salt Lake l\u00e0 n\u01a1i c\u00f3 d\u00e0n h\u1ee3p x\u01b0\u1edbng n\u1ed5i ti\u1ebfng (&#034;The Tabernacle Choir t\u1ea1i Qu\u1ea3ng tr\u01b0\u1eddng Temple&#034;) v\u00e0 d\u00e0n nh\u1ea1c giao h\u01b0\u1edfng, ph\u1ea3n \u00e1nh truy\u1ec1n th\u1ed1ng \u00e2m nh\u1ea1c m\u1ea1nh m\u1ebd. V\u1ec1 nh\u1ecbp \u0111\u1ed9, n\u01a1i \u0111\u00e2y kh\u00f4ng v\u1ed9i v\u00e3 nh\u01b0 c\u00e1c th\u00e0nh ph\u1ed1 l\u1edbn h\u01a1n hay bu\u1ed3n ng\u1ee7; n\u01a1i \u0111\u00e2y mang \u0111\u1ebfn s\u1ef1 c\u00e2n b\u1eb1ng gi\u1eefa s\u1ef1 nh\u1ed9n nh\u1ecbp c\u1ee7a th\u00e0nh ph\u1ed1 v\u1edbi s\u1ef1 ti\u1ebfp c\u1eadn tr\u1ef1c ti\u1ebfp v\u1edbi thi\u00ean nhi\u00ean. Ng\u01b0\u1eddi d\u00e2n n\u00f3i chung c\u00f3 \u00fd th\u1ee9c v\u1ec1 s\u1ee9c kh\u1ecfe, quan t\u00e2m \u0111\u1ebfn m\u00f4i tr\u01b0\u1eddng (l\u01b0u \u00fd \u0111\u1ebfn nh\u1eefng lo ng\u1ea1i g\u1ea7n \u0111\u00e2y v\u1ec1 ch\u1ea5t l\u01b0\u1ee3ng kh\u00f4ng kh\u00ed) v\u00e0 t\u1ef1 h\u00e0o v\u1ec1 c\u1ea3nh quan xung quanh c\u1ee7a h\u1ecd.<\/p>\n<p><strong>\u0110i\u1ec3m tham quan h\u00e0ng \u0111\u1ea7u:<\/strong><\/p>\n<ul>\n<li><strong>Qu\u1ea3ng tr\u01b0\u1eddng \u0110\u1ec1n th\u1edd<\/strong> \u2013 Tr\u00e1i tim t\u00e2m linh v\u00e0 l\u1ecbch s\u1eed c\u1ee7a th\u00e0nh ph\u1ed1. N\u01a1i \u0111\u00e2y c\u00f3 \u0110\u1ec1n Salt Lake (LDS) v\u00e0 Nh\u00e0 th\u1edd Tabernacle, n\u01a1i c\u00f3 D\u00e0n h\u1ee3p x\u01b0\u1edbng Nh\u00e0 th\u1edd Tabernacle Mormon n\u1ed5i ti\u1ebfng th\u1ebf gi\u1edbi. Khu\u00f4n vi\u00ean m\u1edf c\u1eeda cho du kh\u00e1ch, v\u1edbi c\u00e1c bu\u1ed5i \u0111\u1ed9c t\u1ea5u \u0111\u00e0n organ mi\u1ec5n ph\u00ed h\u00e0ng ng\u00e0y v\u00e0 c\u00e1c tour tham quan c\u00f3 h\u01b0\u1edbng d\u1eabn. N\u01a1i \u0111\u00e2y th\u1ec3 hi\u1ec7n ph\u1ea7n l\u1edbn b\u1ea3n s\u1eafc c\u1ee7a Salt Lake v\u1edbi t\u01b0 c\u00e1ch l\u00e0 m\u1ed9t th\u00e0nh ph\u1ed1 do nh\u1eefng ng\u01b0\u1eddi ti\u00ean phong theo \u0111\u1ea1o Mormon th\u00e0nh l\u1eadp.<\/li>\n<li><strong>Cung thi\u00ean v\u0103n Clark v\u00e0 C\u1ed5ng kh\u00e1m ph\u00e1<\/strong> \u2013 N\u1eb1m \u1edf r\u00eca khu The Gateway c\u1ee7a trung t\u00e2m th\u00e0nh ph\u1ed1, cung thi\u00ean v\u0103n cung c\u1ea5p c\u00e1c ch\u01b0\u01a1ng tr\u00ecnh khoa h\u1ecdc v\u0169 tr\u1ee5 v\u00e0 r\u1ea1p chi\u1ebfu phim IMAX. B\u00ean c\u1ea1nh \u0111\u00f3, Discovery Gateway l\u00e0 b\u1ea3o t\u00e0ng d\u00e0nh cho tr\u1ebb em c\u1ee7a Utah v\u1edbi c\u00e1c cu\u1ed9c tri\u1ec3n l\u00e3m t\u01b0\u01a1ng t\u00e1c v\u1ec1 khoa h\u1ecdc v\u00e0 c\u00f4ng ngh\u1ec7. (C\u00e1c t\u1ed5 ch\u1ee9c n\u00e0y chia s\u1ebb kh\u00f4ng gian v\u00e0 l\u00e0m n\u1ed5i b\u1eadt s\u1ef1 nh\u1ea5n m\u1ea1nh c\u1ee7a Salt Lake v\u00e0o gi\u1ea3i tr\u00ed gi\u00e1o d\u1ee5c th\u00e2n thi\u1ec7n v\u1edbi gia \u0111\u00ecnh.)<\/li>\n<li><strong>B\u1ea3o t\u00e0ng M\u1ef9 thu\u1eadt &amp; L\u1ecbch s\u1eed T\u1ef1 nhi\u00ean Utah<\/strong> \u2013 Trong khu\u00f4n vi\u00ean tr\u01b0\u1eddng \u0110\u1ea1i h\u1ecdc Utah c\u00f3 m\u1ed9t trong nh\u1eefng b\u1ed9 s\u01b0u t\u1eadp ngh\u1ec7 thu\u1eadt h\u00e0ng \u0111\u1ea7u c\u1ee7a qu\u1ed1c gia \u1edf mi\u1ec1n T\u00e2y. G\u1ea7n \u0111\u00f3 l\u00e0 B\u1ea3o t\u00e0ng L\u1ecbch s\u1eed T\u1ef1 nhi\u00ean Utah (l\u1ea5y c\u1ea3m h\u1ee9ng t\u1eeb ki\u1ebfn \u200b\u200btr\u00fac c\u1ee7a nh\u1eefng ng\u1ecdn n\u00fai ph\u00eda tr\u00ean). C\u00f9ng nhau, ch\u00fang cung c\u1ea5p m\u1ed9t chuy\u1ebfn \u0111i v\u0103n h\u00f3a to\u00e0n di\u1ec7n: ngh\u1ec7 thu\u1eadt t\u1eeb c\u1ed5 \u0111\u1ea1i \u0111\u1ebfn \u0111\u01b0\u01a1ng \u0111\u1ea1i v\u00e0 c\u00e1c m\u00e0n tr\u00ecnh di\u1ec5n l\u1ecbch s\u1eed t\u1ef1 nhi\u00ean (h\u00f3a th\u1ea1ch kh\u1ee7ng long, hi\u1ec7n v\u1eadt c\u1ee7a ng\u01b0\u1eddi M\u1ef9 b\u1ea3n \u0111\u1ecba, v.v.). M\u00f9a \u0111\u00f4ng d\u00e0i c\u1ee7a Salt Lake c\u00f3 ngh\u0129a l\u00e0 c\u00e1c b\u1ea3o t\u00e0ng trong nh\u00e0 \u0111\u01b0\u1ee3c \u0111\u00e1nh gi\u00e1 cao v\u00e0 \u0111\u00e2y l\u00e0 nh\u1eefng \u0111i\u1ec3m n\u1ed5i b\u1eadt.<\/li>\n<li><strong>C\u00f4ng vi\u00ean ti\u1ec3u bang Great Salt Lake &amp; Antelope Island<\/strong> \u2013 H\u1ed3 Great Salt Lake r\u1ed9ng l\u1edbn, m\u1eb7n n\u1eb1m \u1edf ph\u00eda t\u00e2y b\u1eafc c\u1ee7a th\u00e0nh ph\u1ed1 (c\u00f3 th\u1ec3 nh\u00ecn th\u1ea5y t\u1eeb nhi\u1ec1u \u0111i\u1ec3m). \u0110\u00e2y l\u00e0 h\u1ed3 n\u01b0\u1edbc m\u1eb7n l\u1edbn nh\u1ea5t \u1edf T\u00e2y B\u00e1n C\u1ea7u. Du kh\u00e1ch c\u00f3 th\u1ec3 l\u00e1i xe \u0111\u1ebfn \u0110\u1ea3o Antelope trong h\u1ed3 \u2013 c\u00f4ng vi\u00ean ti\u1ec3u bang l\u1edbn nh\u1ea5t Utah \u2013 \u0111\u1ec3 \u0111i b\u1ed9 \u0111\u01b0\u1eddng d\u00e0i gi\u1eefa c\u00e1c \u0111\u00e0n b\u00f2 r\u1eebng bison v\u00e0 b\u01a1i trong v\u00f9ng n\u01b0\u1edbc m\u1eb7n c\u00f3 \u0111\u1ed9 n\u1ed5i cao.<\/li>\n<li><strong>Tr\u01b0\u1ee3t tuy\u1ebft v\u00e0 Gi\u1ea3i tr\u00ed ngo\u00e0i tr\u1eddi<\/strong> \u2013 M\u1eb7c d\u00f9 kh\u00f4ng n\u1eb1m trong th\u00e0nh ph\u1ed1, Salt Lake City n\u1ed5i ti\u1ebfng l\u00e0 \u201cTh\u00e0nh ph\u1ed1 tr\u01b0\u1ee3t tuy\u1ebft Thi\u00ean ni\u00ean k\u1ef7 \u2013 Hoa K\u1ef3\u201d. Trong v\u00f2ng 30\u201360 ph\u00fat t\u1eeb trung t\u00e2m th\u00e0nh ph\u1ed1 l\u00e0 c\u00e1c khu ngh\u1ec9 d\u01b0\u1ee1ng tr\u01b0\u1ee3t tuy\u1ebft \u0111\u1eb3ng c\u1ea5p th\u1ebf gi\u1edbi (Alta, Snowbird, Park City). V\u00e0o m\u00f9a h\u00e8, nh\u1eefng ng\u1ecdn n\u00fai \u0111\u00f3 cung c\u1ea5p d\u1ecbch v\u1ee5 \u0111i b\u1ed9 \u0111\u01b0\u1eddng d\u00e0i v\u00e0 \u0111\u1ea1p xe leo n\u00fai. Trong th\u00e0nh ph\u1ed1, c\u00e1c c\u01a1 h\u1ed9i bao g\u1ed3m V\u01b0\u1eddn Red Butte, C\u00f4ng vi\u00ean Liberty v\u00e0 c\u00e1c h\u1ed3 ch\u1ee9a n\u01b0\u1edbc \u0111\u1ec3 ch\u00e8o thuy\u1ec1n. V\u0103n h\u00f3a ngo\u00e0i tr\u1eddi m\u1ea1nh m\u1ebd l\u00e0 m\u1ed9t \u201c\u0111i\u1ec3m thu h\u00fat\u201d l\u1edbn \u0111\u1ed1i v\u1edbi du kh\u00e1ch v\u00e0 ng\u01b0\u1eddi d\u00e2n \u0111\u1ecba ph\u01b0\u01a1ng.<\/li>\n<li><strong>Qu\u1ea3ng tr\u01b0\u1eddng \u0110\u1ec1n th\u1edd L\u1ecbch s\u1eed (Nh\u00e0 h\u00e0ng &amp; Trung t\u00e2m th\u01b0\u01a1ng m\u1ea1i)<\/strong> \u2013 V\u00e0o bu\u1ed5i t\u1ed1i, b\u1ea1n c\u00f3 th\u1ec3 kh\u00e1m ph\u00e1 \u00e1nh \u0111\u00e8n c\u1ee7a Temple Square ho\u1eb7c th\u01b0 gi\u00e3n t\u1ea1i City Creek Center (m\u1ed9t trung t\u00e2m mua s\u1eafm ngo\u00e0i tr\u1eddi \u1edf trung t\u00e2m th\u00e0nh ph\u1ed1 c\u00f3 m\u1ed9t con l\u1ea1ch ch\u1ea3y qua). L\u01b0\u1edbi th\u00e0nh ph\u1ed1 ban \u0111\u1ea7u c\u0169ng c\u00f3 ngh\u0129a l\u00e0 b\u1ea1n c\u00f3 th\u1ec3 d\u1ec5 d\u00e0ng \u0111i b\u1ed9 \u0111\u1ebfn c\u00e1c nh\u00e0 h\u00e1t (Nh\u00e0 h\u00e1t Eccles) v\u00e0 m\u1ed9t b\u1ed1i c\u1ea3nh \u1ea9m th\u1ef1c \u0111ang ph\u00e1t tri\u1ec3n v\u1edbi \u1ea9m th\u1ef1c \u0111\u01b0\u01a1ng \u0111\u1ea1i theo ch\u1ee7 \u0111\u1ec1 mormon (v\u00ed d\u1ee5, c\u00e1c nh\u00e0 h\u00e0ng do \u0111\u1ea7u b\u1ebfp \u0111i\u1ec1u h\u00e0nh). Th\u00e0nh ph\u1ed1 c\u0169ng c\u00f3 b\u00f3ng ch\u00e0y h\u1ea1ng d\u01b0\u1edbi (\u0111\u1ed9i b\u00f3ng \u0111\u00e1 Real Salt Lake hi\u1ec7n \u0111ang ch\u01a1i t\u1ea1i m\u1ed9t s\u00e2n v\u1eadn \u0111\u1ed9ng m\u1edbi \u1edf trung t\u00e2m th\u00e0nh ph\u1ed1), nh\u01b0ng \u0111\u00e2y l\u00e0 nh\u1eefng \u0111i\u1ec1u kho\u1ea3n \u0111\u1ecba ph\u01b0\u01a1ng h\u01a1n.<\/li>\n<\/ul>\n<p><strong>\u1ea2nh ch\u1ee5p th\u1ef1c t\u1ebf:<\/strong><\/p>\n<ul>\n<li><strong>\u0110\u1ebfn \u0111\u00f3:<\/strong> S\u00e2n bay qu\u1ed1c t\u1ebf Salt Lake City (SLC) l\u00e0 s\u00e2n bay ch\u00ednh, c\u00f3 c\u00e1c chuy\u1ebfn bay tr\u00ean kh\u1eafp Hoa K\u1ef3 v\u00e0 m\u1ed9t s\u1ed1 tuy\u1ebfn qu\u1ed1c t\u1ebf. S\u00e2n bay c\u00e1ch trung t\u00e2m th\u00e0nh ph\u1ed1 kho\u1ea3ng 5 d\u1eb7m v\u1ec1 ph\u00eda t\u00e2y, c\u00f3 th\u1ec3 d\u1ec5 d\u00e0ng \u0111\u1ebfn b\u1eb1ng taxi ho\u1eb7c tuy\u1ebfn \u0111\u01b0\u1eddng s\u1eaft nh\u1eb9 Trax Blue Line c\u1ee7a C\u01a1 quan Giao th\u00f4ng C\u00f4ng c\u1ed9ng Utah (UTA). Khi l\u00e1i xe v\u00e0o, Salt Lake \u0111\u01b0\u1ee3c giao nhau b\u1edfi hai xa l\u1ed9 li\u00ean bang ch\u00ednh: I-15 (b\u1eafc-nam) v\u00e0 I-80 (\u0111\u00f4ng-t\u00e2y) \u0111\u1ec1u b\u0103ng qua trung t\u00e2m th\u00e0nh ph\u1ed1.<\/li>\n<li><strong>Di chuy\u1ec3n:<\/strong> Th\u00e0nh ph\u1ed1 c\u00f3 h\u1ec7 th\u1ed1ng giao th\u00f4ng c\u00f4ng c\u1ed9ng to\u00e0n di\u1ec7n do UTA \u0111i\u1ec1u h\u00e0nh, bao g\u1ed3m \u0111\u01b0\u1eddng s\u1eaft nh\u1eb9 TRAX (ba tuy\u1ebfn t\u1eeb trung t\u00e2m th\u00e0nh ph\u1ed1 \u0111\u1ebfn v\u00f9ng ngo\u1ea1i \u00f4) v\u00e0 m\u1ea1ng l\u01b0\u1edbi xe bu\u00fdt. Tuy\u1ebfn TRAX Blue Line k\u1ebft n\u1ed1i trung t\u00e2m th\u00e0nh ph\u1ed1 v\u1edbi s\u00e2n bay v\u00e0 v\u00f9ng ngo\u1ea1i \u00f4 ph\u00eda nam. B\u1ea3n th\u00e2n trung t\u00e2m th\u00e0nh ph\u1ed1 r\u1ea5t d\u1ec5 \u0111i b\u1ed9, nh\u1edd v\u00e0o b\u1ed1 c\u1ee5c d\u1ea1ng l\u01b0\u1edbi c\u1ee7a n\u00f3. Tuy nhi\u00ean, ngo\u00e0i trung t\u00e2m th\u00e0nh ph\u1ed1, c\u1ea7n ph\u1ea3i l\u00e1i xe ho\u1eb7c \u0111i ph\u01b0\u01a1ng ti\u1ec7n c\u00f4ng c\u1ed9ng \u2013 thung l\u0169ng r\u1ea5t r\u1ed9ng. \u0110i xe \u0111\u1ea1p c\u0169ng ng\u00e0y c\u00e0ng ph\u1ed5 bi\u1ebfn \u1edf c\u00e1c khu ph\u1ed1 b\u00ean trong. Giao th\u00f4ng c\u00f3 th\u1ec3 \u0111\u1ea1t \u0111\u1ec9nh v\u00e0o bu\u1ed5i s\u00e1ng v\u00e0 bu\u1ed5i t\u1ed1i, nh\u01b0ng nh\u00ecn chung c\u00f3 th\u1ec3 ki\u1ec3m so\u00e1t \u0111\u01b0\u1ee3c ngo\u00e0i gi\u1edd cao \u0111i\u1ec3m.<\/li>\n<li><strong>M\u1eb9o c\u01a1 b\u1ea3n:<\/strong> Ti\u1ec1n t\u1ec7 l\u00e0 \u0111\u00f4 la M\u1ef9. Ti\u1ebfng Anh l\u00e0 ng\u00f4n ng\u1eef ch\u00ednh th\u1ee9c, m\u1eb7c d\u00f9 nhi\u1ec1u nh\u00e0 h\u00e0ng ph\u1ee5c v\u1ee5 th\u1ef1c \u0111\u01a1n b\u1eb1ng ti\u1ebfng T\u00e2y Ban Nha. Nghi th\u1ee9c ch\u00ednh: Ng\u01b0\u1eddi Utah th\u01b0\u1eddng d\u00f9ng hai ng\u00f3n tay tr\u00ean vai ph\u1ea3i \u0111\u1ec3 bi\u1ec3u th\u1ecb &#034;t\u1ed1t&#034; (kh\u1eb3ng \u0111\u1ecbnh t\u00edch c\u1ef1c). C\u00e1c gi\u00e1 tr\u1ecb gia \u0111\u00ecnh r\u1ea5t m\u1ea1nh m\u1ebd, v\u00ec v\u1eady trang ph\u1ee5c ph\u1ea3i khi\u00eam t\u1ed1n trong m\u1ed9t s\u1ed1 b\u1ed1i c\u1ea3nh t\u00f4n gi\u00e1o (n\u1ebfu \u0111\u1ebfn th\u0103m \u0111\u1ec1n th\u1edd ho\u1eb7c nh\u00e0 th\u1edd Mormon). \u0110\u1ed3 b\u1ea3o h\u1ed9 tr\u01b0\u1ee3t tuy\u1ebft l\u00e0 v\u1eadt d\u1ee5ng b\u1eaft bu\u1ed9c n\u1ebfu \u0111i du l\u1ecbch v\u00e0o m\u00f9a \u0111\u00f4ng. An to\u00e0n: Salt Lake t\u01b0\u01a1ng \u0111\u1ed1i an to\u00e0n; gi\u1ed1ng nh\u01b0 b\u1ea5t k\u1ef3 th\u00e0nh ph\u1ed1 n\u00e0o kh\u00e1c, h\u00e3y \u1edf nh\u1eefng khu v\u1ef1c c\u00f3 nhi\u1ec1u \u00e1nh s\u00e1ng v\u00e0o ban \u0111\u00eam. Kh\u00f4ng kh\u00ed c\u00f3 th\u1ec3 r\u1ea5t kh\u00f4, v\u00ec v\u1eady h\u00e3y cung c\u1ea5p \u0111\u1ee7 n\u01b0\u1edbc. Theo th\u00f4ng l\u1ec7, ti\u1ec1n boa (15\u201320% trong nh\u00e0 h\u00e0ng) l\u00e0 \u0111i\u1ec1u \u0111\u01b0\u1ee3c mong \u0111\u1ee3i.<a href=\"https:\/\/travelshelper.com\/vi\/diem-den\/bac-my\/hop-chung-quoc-hoa-ky\/berkeley-springs\/\" target=\"_self\" aria-labelledby=\"uael-post-8997\"><br \/>\n<\/a><\/li>\n<\/ul>","protected":false},"excerpt":{"rendered":"<p>Th\u01b0\u1eddng \u0111\u01b0\u1ee3c g\u1ecdi l\u00e0 Salt Lake ho\u1eb7c SLC, Salt Lake City l\u00e0 th\u1ee7 ph\u1ee7 v\u00e0 th\u00e0nh ph\u1ed1 \u0111\u00f4ng d\u00e2n nh\u1ea5t c\u1ee7a Utah. \u0110\u00e2y l\u00e0 qu\u1eadn l\u1ef5 c\u1ee7a Qu\u1eadn Salt Lake, qu\u1eadn \u0111\u00f4ng d\u00e2n nh\u1ea5t trong ti\u1ec3u bang. V\u1edbi d\u00e2n s\u1ed1 1.257.936 theo \u0111i\u1ec1u tra d\u00e2n s\u1ed1 n\u0103m 2020, th\u00e0nh ph\u1ed1 n\u00e0y h\u00ecnh th\u00e0nh n\u00ean trung t\u00e2m c\u1ee7a Khu v\u1ef1c th\u1ed1ng k\u00ea \u0111\u00f4 th\u1ecb Salt Lake City (MSA). Salt Lake City c\u0169ng n\u1eb1m trong khu \u0111\u00f4 th\u1ecb l\u1edbn h\u01a1n \u0111\u01b0\u1ee3c g\u1ecdi l\u00e0 Khu v\u1ef1c th\u1ed1ng k\u00ea k\u1ebft h\u1ee3p Salt Lake City\u2013Ogden\u2013Provo. V\u1edbi d\u00e2n s\u1ed1 \u01b0\u1edbc t\u00ednh l\u00e0 2.746.164 v\u00e0o n\u0103m 2021, khu v\u1ef1c n\u00e0y\u2014m\u1ed9t h\u00e0nh lang ph\u00e1t tri\u1ec3n \u0111\u00f4 th\u1ecb v\u00e0 ngo\u1ea1i \u00f4 li\u00ean t\u1ee5c tr\u1ea3i d\u00e0i 120 d\u1eb7m (190 km)\u2014l\u00e0 khu v\u1ef1c l\u1edbn th\u1ee9 22 trong c\u1ea3 n\u01b0\u1edbc. Salt Lake City, v\u1edbi d\u00e2n s\u1ed1 200.134 v\u00e0o n\u0103m 2020, x\u1ebfp th\u1ee9 117 trong s\u1ed1 t\u1ea5t c\u1ea3 c\u00e1c th\u00e0nh ph\u1ed1 \u1edf Hoa K\u1ef3. Trong s\u1ed1 hai khu v\u1ef1c \u0111\u00f4 th\u1ecb ch\u00ednh n\u1eb1m trong Great Basin, Reno, Nevada l\u00e0 khu v\u1ef1c c\u00f2n l\u1ea1i; \u0111\u00e2y c\u0169ng l\u00e0 trung t\u00e2m c\u1ee7a m\u1ed9t trong hai khu v\u1ef1c \u0111\u00f3.<\/p>","protected":false},"author":1,"featured_media":3102,"parent":8072,"menu_order":0,"comment_status":"closed","ping_status":"closed","template":"elementor_theme","meta":{"_eb_attr":"","footnotes":""},"class_list":["post-8675","page","type-page","status-publish","has-post-thumbnail"],"_links":{"self":[{"href":"https:\/\/travelshelper.com\/vi\/wp-json\/wp\/v2\/pages\/8675","targetHints":{"allow":["GET"]}}],"collection":[{"href":"https:\/\/travelshelper.com\/vi\/wp-json\/wp\/v2\/pages"}],"about":[{"href":"https:\/\/travelshelper.com\/vi\/wp-json\/wp\/v2\/types\/page"}],"author":[{"embeddable":true,"href":"https:\/\/travelshelper.com\/vi\/wp-json\/wp\/v2\/users\/1"}],"replies":[{"embeddable":true,"href":"https:\/\/travelshelper.com\/vi\/wp-json\/wp\/v2\/comments?post=8675"}],"version-history":[{"count":0,"href":"https:\/\/travelshelper.com\/vi\/wp-json\/wp\/v2\/pages\/8675\/revisions"}],"up":[{"embeddable":true,"href":"https:\/\/travelshelper.com\/vi\/wp-json\/wp\/v2\/pages\/8072"}],"wp:featuredmedia":[{"embeddable":true,"href":"https:\/\/travelshelper.com\/vi\/wp-json\/wp\/v2\/media\/3102"}],"wp:attachment":[{"href":"https:\/\/travelshelper.com\/vi\/wp-json\/wp\/v2\/media?parent=8675"}],"curies":[{"name":"wp","href":"https:\/\/api.w.org\/{rel}","templated":true}]}}