{"id":8365,"date":"2024-09-03T18:18:47","date_gmt":"2024-09-03T18:18:47","guid":{"rendered":"https:\/\/travelshelper.com\/staging\/?page_id=8365"},"modified":"2026-03-13T18:51:01","modified_gmt":"2026-03-13T18:51:01","slug":"san-antonio","status":"publish","type":"page","link":"https:\/\/travelshelper.com\/vi\/destinations\/north-america\/united-states\/san-antonio\/","title":{"rendered":"San Antonio"},"content":{"rendered":"<p>San Antonio, Texas, tr\u1ea3i d\u00e0i kh\u1eafp mi\u1ec1n nam-trung t\u00e2m Texas, n\u01a1i th\u1ea3o nguy\u00ean nh\u1ea5p nh\u00f4 g\u1eb7p v\u00f9ng \u0111\u1ed3ng c\u1ecf Nam Texas. C\u1ea3nh quan th\u00e0nh ph\u1ed1 \u0111\u01b0\u1ee3c chi ph\u1ed1i b\u1edfi c\u00e1c ph\u00e1o \u0111\u00e0i v\u00e0 nh\u00e0 truy\u1ec1n gi\u00e1o l\u1ecbch s\u1eed, v\u00e0 \u0111\u00e1ng ch\u00fa \u00fd l\u00e0 Th\u00e1p Ch\u00e2u M\u1ef9 hi\u1ec7n \u0111\u1ea1i xuy\u00ean qua \u0111\u01b0\u1eddng ch\u00e2n tr\u1eddi. Tr\u00e1i tim c\u1ee7a th\u00e0nh ph\u1ed1 b\u1ecb chia \u0111\u00f4i b\u1edfi San Antonio River Walk t\u01b0\u01a1i t\u1ed1t, m\u1ed9t tuy\u1ebfn \u0111\u01b0\u1eddng th\u1ee7y l\u00f3t \u0111\u00e1 tr\u0169ng \u0111\u01b0\u1ee3c bao quanh b\u1edfi c\u00e1c s\u00e2n trong, nh\u00e0 h\u00e0ng v\u00e0 c\u1eeda h\u00e0ng (kh\u00ed h\u1eadu \u1edf \u0111\u00e2y l\u00e0 c\u1eadn nhi\u1ec7t \u0111\u1edbi \u1ea9m, n\u00f3ng v\u00e0o m\u00f9a h\u00e8, \u00f4n h\u00f2a v\u00e0o m\u00f9a \u0111\u00f4ng). B\u1ea7u kh\u00f4ng kh\u00ed c\u1ee7a San Antonio r\u1ea5t \u0111\u1eb7c bi\u1ec7t: s\u1ef1 k\u1ebft h\u1ee3p gi\u1eefa di s\u1ea3n T\u00e2y Ban Nha-Mexico s\u00e2u s\u1eafc v\u00e0 s\u1ef1 n\u0103ng \u0111\u1ed9ng \u0111\u01b0\u01a1ng \u0111\u1ea1i c\u1ee7a Texas. Ki\u1ebfn tr\u00fac th\u1ecbnh h\u00e0nh - t\u1eeb m\u1eb7t ti\u1ec1n b\u1eb1ng \u0111\u00e1 ch\u1ea1m kh\u1eafc c\u1ee7a Alamo \u0111\u1ebfn nh\u1eefng ng\u00f4i nh\u00e0 tr\u00e1t v\u1eefa m\u00e0u ph\u1ea5n - ph\u1ea3n \u00e1nh m\u1ed9t l\u1ecbch s\u1eed k\u00e9o d\u00e0i t\u1eeb T\u00e2y Ban Nha th\u1ebf k\u1ef7 18 \u0111\u1ebfn hi\u1ec7n t\u1ea1i s\u00f4i \u0111\u1ed9ng, \u0111a v\u0103n h\u00f3a.<\/p>\n<p>San Antonio l\u00e0 m\u1ed9t trong nh\u1eefng th\u00e0nh ph\u1ed1 l\u1edbn nh\u1ea5t c\u1ee7a Hoa K\u1ef3. D\u00e2n s\u1ed1 c\u1ee7a th\u00e0nh ph\u1ed1 v\u00e0o n\u0103m 2020 l\u00e0 1.434.625 ng\u01b0\u1eddi (h\u01a1n 1,6 tri\u1ec7u ng\u01b0\u1eddi \u1edf khu v\u1ef1c \u0111\u00f4 th\u1ecb r\u1ed9ng l\u1edbn h\u01a1n). \u0110\u1ebfn n\u0103m 2023, d\u00e2n s\u1ed1 \u0111\u00e3 \u0111\u1ea1t g\u1ea7n 1,46 tri\u1ec7u ng\u01b0\u1eddi, ti\u1ebfp t\u1ee5c t\u0103ng tr\u01b0\u1edfng \u1ed5n \u0111\u1ecbnh. D\u00e2n s\u1ed1 c\u1ee7a San Antonio n\u1ed5i ti\u1ebfng l\u00e0 ph\u1ea7n l\u1edbn l\u00e0 ng\u01b0\u1eddi g\u1ed1c T\u00e2y Ban Nha: kho\u1ea3ng 64% c\u01b0 d\u00e2n l\u00e0 ng\u01b0\u1eddi g\u1ed1c T\u00e2y Ban Nha ho\u1eb7c La tinh, ch\u1ee7 y\u1ebfu l\u00e0 ng\u01b0\u1eddi g\u1ed1c Mexico v\u00e0 kho\u1ea3ng 23% l\u00e0 ng\u01b0\u1eddi da tr\u1eafng kh\u00f4ng ph\u1ea3i g\u1ed1c T\u00e2y Ban Nha. Ngo\u00e0i ra c\u00f2n c\u00f3 m\u1ed9t c\u1ed9ng \u0111\u1ed3ng ng\u01b0\u1eddi M\u1ef9 g\u1ed1c Phi \u0111\u00e1ng k\u1ec3 (kho\u1ea3ng 6%). Thu nh\u1eadp trung b\u00ecnh c\u1ee7a th\u00e0nh ph\u1ed1 th\u1ea5p h\u01a1n m\u1ee9c trung b\u00ecnh to\u00e0n qu\u1ed1c, ph\u1ea3n \u00e1nh c\u01a1 s\u1edf t\u1ea7ng l\u1edbp lao \u0111\u1ed9ng l\u1edbn c\u1ee7a th\u00e0nh ph\u1ed1, m\u1eb7c d\u00f9 n\u1ec1n kinh t\u1ebf \u0111ang ph\u00e1t tri\u1ec3n m\u1ea1nh.<\/p>\n<p>V\u1ec1 m\u1eb7t kinh t\u1ebf, San Antonio r\u1ea5t \u0111a d\u1ea1ng. V\u1ec1 m\u1eb7t l\u1ecbch s\u1eed, \u0111\u00e2y l\u00e0 m\u1ed9t ti\u1ec1n \u0111\u1ed3n qu\u00e2n s\u1ef1 (v\u1edbi m\u1ed9t s\u1ed1 c\u0103n c\u1ee9 \u0111\u01b0\u1ee3c h\u1ee3p nh\u1ea5t th\u00e0nh C\u0103n c\u1ee9 chung San Antonio), n\u01a1i \u0111\u00e2y v\u1eabn c\u00f3 m\u1ed9t trong nh\u1eefng s\u1ef1 hi\u1ec7n di\u1ec7n qu\u00e2n s\u1ef1 l\u1edbn nh\u1ea5t c\u1ee7a \u0111\u1ea5t n\u01b0\u1edbc. C\u00e1c l\u0129nh v\u1ef1c quan tr\u1ecdng kh\u00e1c bao g\u1ed3m ch\u0103m s\u00f3c s\u1ee9c kh\u1ecfe (Trung t\u00e2m Y t\u1ebf Nam Texas r\u1ea5t l\u1edbn), du l\u1ecbch (Fort Sam Houston v\u00e0 Alamo thu h\u00fat h\u00e0ng tri\u1ec7u ng\u01b0\u1eddi), d\u1ecbch v\u1ee5 t\u00e0i ch\u00ednh (tr\u1ee5 s\u1edf ch\u00ednh c\u1ee7a USAA v\u1ec1 b\u1ea3o hi\u1ec3m qu\u00e2n s\u1ef1) v\u00e0 l\u1ecdc d\u1ea7u (Valero Energy c\u00f3 tr\u1ee5 s\u1edf t\u1ea1i \u0111\u00e2y). N\u0103m 2018, GDP c\u1ee7a th\u00e0nh ph\u1ed1 l\u00e0 kho\u1ea3ng 121 t\u1ef7 \u0111\u00f4 la, t\u1eadp trung v\u00e0o c\u00e1c d\u1ecbch v\u1ee5 qu\u00e2n s\u1ef1, ch\u0103m s\u00f3c s\u1ee9c kh\u1ecfe, ch\u00ednh ph\u1ee7 v\u00e0 kinh doanh. Th\u00e0nh ph\u1ed1 c\u0169ng thu h\u00fat c\u00e1c h\u1ed9i ngh\u1ecb t\u1ea1i Trung t\u00e2m H\u1ed9i ngh\u1ecb Henry B. Gonz\u00e1lez. N\u0103m 2017, du l\u1ecbch \u0111\u00e3 h\u1ed7 tr\u1ee3 h\u01a1n 130.000 vi\u1ec7c l\u00e0m v\u00e0 b\u01a1m 13,6 t\u1ef7 \u0111\u00f4 la v\u00e0o n\u1ec1n kinh t\u1ebf \u0111\u1ecba ph\u01b0\u01a1ng. San Antonio l\u00e0 n\u01a1i \u0111\u1eb7t tr\u1ee5 s\u1edf c\u1ee7a hai c\u00f4ng ty Fortune 500 - Valero Energy (d\u1ea7u m\u1ecf) v\u00e0 USAA (b\u1ea3o hi\u1ec3m) - v\u00e0 nhi\u1ec1u tr\u1ee5 s\u1edf khu v\u1ef1c.<\/p>\n<p>San Antonio n\u1eb1m \u1edf Nam Texas, c\u00e1ch V\u1ecbnh Mexico kho\u1ea3ng 75 d\u1eb7m v\u1ec1 ph\u00eda \u0111\u1ea5t li\u1ec1n. Th\u00e0nh ph\u1ed1 n\u1eb1m \u1edf \u0111\u1ed9 cao kho\u1ea3ng 650 feet tr\u00ean Balcones Escarpment, n\u01a1i \u0111\u1ed3ng b\u1eb1ng nh\u1ea5p nh\u00f4 chuy\u1ec3n ti\u1ebfp th\u00e0nh nh\u1eefng ng\u1ecdn \u0111\u1ed3i ven bi\u1ec3n. Kh\u00ed h\u1eadu c\u1eadn nhi\u1ec7t \u0111\u1edbi \u1ea9m: m\u00f9a h\u00e8 r\u1ea5t n\u00f3ng v\u00e0 \u1ea9m (th\u01b0\u1eddng tr\u00ean 100\u00b0F), trong khi m\u00f9a \u0111\u00f4ng \u00f4n h\u00f2a v\u00e0 ng\u1eafn. Th\u00e0nh ph\u1ed1 n\u1eb1m tr\u00ean \u0111\u1ed3ng b\u1eb1ng Nam Texas, v\u00ec v\u1eady \u0111\u1ecba h\u00ecnh xung quanh th\u01b0\u1eddng b\u1eb1ng ph\u1eb3ng \u0111\u1ebfn nh\u1ea5p nh\u00f4 nh\u1eb9, v\u1edbi c\u00e2y c\u1ed1i th\u01b0a th\u1edbt v\u00e0 v\u00f9ng \u0111\u1ea5t b\u1ee5i r\u1eadm. N\u0103m ph\u00e1i b\u1ed9 th\u1ef1c d\u00e2n T\u00e2y Ban Nha c\u1ee7a th\u00e0nh ph\u1ed1 (bao g\u1ed3m c\u1ea3 Alamo) n\u1eb1m d\u1ecdc theo S\u00f4ng San Antonio v\u00e0 \u0111\u01b0\u1ee3c UNESCO c\u00f4ng nh\u1eadn l\u00e0 Di s\u1ea3n Th\u1ebf gi\u1edbi. (B\u1edd s\u00f4ng v\u00e0 c\u00e1c Ph\u00e1i b\u1ed9 gi\u00fap ph\u00e1 v\u1ee1 s\u1ef1 b\u1eb1ng ph\u1eb3ng, t\u1ea1o ra nh\u1eefng m\u1ea3ng xanh trong th\u1ecb tr\u1ea5n.)<\/p>\n<p>L\u1ecbch s\u1eed c\u1ee7a San Antonio b\u1eaft \u0111\u1ea7u t\u1eeb th\u1eddi k\u1ef3 thu\u1ed9c \u0111\u1ecba T\u00e2y Ban Nha. N\u0103m 1718, Cha Antonio de Olivares th\u00e0nh l\u1eadp ph\u00e1i b\u1ed9 truy\u1ec1n gi\u00e1o \u0111\u1ea7u ti\u00ean, \u0111\u1eb7t t\u00ean cho \u0111\u1ecba \u0111i\u1ec3m l\u00e0 San Antonio de Valero (sau n\u00e0y tr\u1edf th\u00e0nh Alamo). C\u00f9ng n\u0103m \u0111\u00f3, T\u00e2y Ban Nha th\u00e0nh l\u1eadp Presidio San Antonio de B\u00e9xar (m\u1ed9t ph\u00e1o \u0111\u00e0i) g\u1ea7n \u0111\u00f3, v\u00e0 nh\u1eefng ng\u01b0\u1eddi \u0111\u1ecbnh c\u01b0 \u0111\u00e3 x\u00e2y d\u1ef1ng m\u1ed9t bi\u1ec7t th\u1ef1 xung quanh n\u00f3. \u0110i\u1ec1u n\u00e0y \u0111\u00e3 bi\u1ebfn San Antonio tr\u1edf th\u00e0nh khu \u0111\u1ecbnh c\u01b0 d\u00e2n s\u1ef1 \u0111\u01b0\u1ee3c c\u1ea5p hi\u1ebfn ch\u01b0\u01a1ng \u0111\u1ea7u ti\u00ean t\u1ea1i n\u01a1i hi\u1ec7n l\u00e0 Texas. Trong th\u1ebf k\u1ef7 18, nhi\u1ec1u ph\u00e1i b\u1ed9 truy\u1ec1n gi\u00e1o kh\u00e1c \u0111\u00e3 \u0111\u01b0\u1ee3c x\u00e2y d\u1ef1ng d\u1ecdc theo con s\u00f4ng. N\u0103m 1821, Texas gi\u00e0nh \u0111\u01b0\u1ee3c \u0111\u1ed9c l\u1eadp t\u1eeb T\u00e2y Ban Nha nh\u01b0 m\u1ed9t ph\u1ea7n c\u1ee7a Mexico, v\u00e0 San Antonio v\u1eabn l\u00e0 m\u1ed9t trung t\u00e2m quan tr\u1ecdng.<\/p>\n<p>M\u1ed9t kho\u1ea3nh kh\u1eafc quan tr\u1ecdng l\u00e0 Tr\u1eadn Alamo n\u0103m 1836 trong cu\u1ed9c C\u00e1ch m\u1ea1ng Texas: 180 ng\u01b0\u1eddi b\u1ea3o v\u1ec7 Texas \u0111\u00e3 b\u1ecb qu\u00e2n \u0111\u1ed9i Mexico c\u1ee7a Santa Anna bao v\u00e2y, v\u00e0 m\u1eb7c d\u00f9 cu\u1ed1i c\u00f9ng b\u1ecb \u0111\u00e1nh b\u1ea1i v\u1edbi t\u1ed5n th\u1ea5t n\u1eb7ng n\u1ec1 c\u1ee7a Texas, ti\u1ebfng k\u00eau chi\u1ebfn \u0111\u1ea5u &#034;H\u00e3y nh\u1edb Alamo&#034; \u0111\u00e3 th\u00fac \u0111\u1ea9y n\u1ec1n \u0111\u1ed9c l\u1eadp c\u1ee7a Texas. (Ph\u00e1i \u0111o\u00e0n Alamo \u0111\u00e3 tr\u1edf th\u00e0nh m\u1ed9t ng\u00f4i \u0111\u1ec1n c\u1ee7a b\u1ea3n s\u1eafc Texas.) V\u00e0o th\u1ebf k\u1ef7 19 v\u00e0 \u0111\u1ea7u th\u1ebf k\u1ef7 20, San Antonio ph\u00e1t tri\u1ec3n th\u00e0nh m\u1ed9t trung t\u00e2m ch\u0103n nu\u00f4i v\u00e0 n\u00f4ng nghi\u1ec7p, v\u00e0 sau \u0111\u00f3 ph\u00e1t tri\u1ec3n c\u00e1c ng\u00e0nh c\u00f4ng nghi\u1ec7p nh\u01b0 Nh\u00e0 m\u00e1y bia Pearl v\u00e0 c\u00e1c c\u01a1 s\u1edf qu\u00e2n s\u1ef1. Sau Th\u1ebf chi\u1ebfn II, vi\u1ec7c h\u1ee3p nh\u1ea5t th\u00e0nh C\u0103n c\u1ee9 chung San Antonio \u0111\u00e3 khi\u1ebfn n\u1ec1n kinh t\u1ebf qu\u00e2n s\u1ef1 tr\u1edf n\u00ean t\u1eadp trung h\u01a1n n\u1eefa. Trong nh\u1eefng th\u1eadp k\u1ef7 g\u1ea7n \u0111\u00e2y, th\u00e0nh ph\u1ed1 \u0111\u00e3 ch\u1ee9ng ki\u1ebfn \u200b\u200bs\u1ef1 t\u0103ng tr\u01b0\u1edfng v\u00e0 \u0111a d\u1ea1ng h\u00f3a nhanh ch\u00f3ng, \u0111\u1ed3ng th\u1eddi n\u1eafm b\u1eaft di s\u1ea3n \u0111a s\u1eafc t\u1ed9c c\u1ee7a m\u00ecnh th\u00f4ng qua c\u00e1c l\u1ec5 h\u1ed9i v\u00e0 c\u00e1c t\u1ed5 ch\u1ee9c v\u0103n h\u00f3a.<\/p>\n<p>V\u0103n h\u00f3a c\u1ee7a San Antonio ch\u1ecbu \u1ea3nh h\u01b0\u1edfng s\u00e2u s\u1eafc c\u1ee7a v\u0103n h\u00f3a T\u00e2y Ban Nha v\u00e0 t\u1ef1 h\u00e0o v\u1ec1 ngu\u1ed3n g\u1ed1c c\u1ee7a m\u00ecnh. Truy\u1ec1n th\u1ed1ng T\u00e2y Ban Nha v\u00e0 Mexico th\u1ea5m nhu\u1ea7n v\u00e0o cu\u1ed9c s\u1ed1ng h\u00e0ng ng\u00e0y: th\u00e0nh ph\u1ed1 tr\u00e0n ng\u1eadp m\u00e0u s\u1eafc, l\u1ec5 h\u1ed9i v\u00e0 \u1ea9m th\u1ef1c. Ng\u00f4n ng\u1eef ch\u00ednh l\u00e0 ti\u1ebfng Anh, nh\u01b0ng ti\u1ebfng T\u00e2y Ban Nha \u0111\u01b0\u1ee3c s\u1eed d\u1ee5ng r\u1ed9ng r\u00e3i (c\u00e1c khu ph\u1ed1, doanh nghi\u1ec7p v\u00e0 bi\u1ec3n b\u00e1o th\u01b0\u1eddng song ng\u1eef). Cu\u1ed9c s\u1ed1ng h\u00e0ng ng\u00e0y c\u00f3 b\u1ea7u kh\u00f4ng kh\u00ed l\u1ec5 h\u1ed9i: nh\u1ea1c mariachi v\u00e0 conjunto r\u1ea5t ph\u1ed5 bi\u1ebfn, v\u00e0 \u1ea9m th\u1ef1c Tex-Mex (b\u00e1nh tacos, enchiladas, th\u1ecbt b\u00f2 n\u01b0\u1edbng) r\u1ea5t ph\u1ed5 bi\u1ebfn. M\u1ed9t trong nh\u1eefng s\u1ef1 ki\u1ec7n l\u1edbn nh\u1ea5t c\u1ee7a th\u00e0nh ph\u1ed1 l\u00e0 Fiesta San Antonio, m\u1ed9t l\u1ec5 k\u1ef7 ni\u1ec7m to\u00e0n th\u00e0nh ph\u1ed1 v\u00e0o m\u1ed7i m\u00f9a xu\u00e2n v\u1ec1 v\u0103n h\u00f3a v\u00e0 l\u1ecbch s\u1eed (\u0111\u00e2y l\u00e0 s\u1ef1 ki\u1ec7n \u0111\u1eb7c tr\u01b0ng c\u1ee7a th\u00e0nh ph\u1ed1). Nhi\u1ec1u ng\u01b0\u1eddi d\u00e2n \u0111\u1ecba ph\u01b0\u01a1ng \u0111\u1ed9i m\u0169 cao b\u1ed3i, th\u01b0\u1edfng th\u1ee9c ti\u1ec7c n\u01b0\u1edbng gia \u0111\u00ecnh v\u00e0 tham d\u1ef1 c\u00e1c bu\u1ed5i bi\u1ec3u di\u1ec5n rodeo v\u00e0 nh\u1ea1c Tejano.<\/p>\n<p>V\u1ec1 phong c\u00e1ch, ng\u01b0\u1eddi d\u00e2n San Antonia th\u00e2n thi\u1ec7n v\u00e0 tho\u1ea3i m\u00e1i. C\u00f3 m\u1ed9t tinh th\u1ea7n c\u1ed9ng \u0111\u1ed3ng m\u1ea1nh m\u1ebd \u1edf nhi\u1ec1u khu ph\u1ed1 (Alamo Heights, Southtown, King William, v.v.). C\u00e1c nh\u00e0 th\u1edd (C\u00f4ng gi\u00e1o v\u00e0 Tin l\u00e0nh) v\u00e0 c\u00e1c trung t\u00e2m c\u1ed9ng \u0111\u1ed3ng l\u00e0 nh\u1eefng \u0111i\u1ec3m nh\u1ea5n. Do th\u1eddi ti\u1ebft n\u00f3ng b\u1ee9c, cu\u1ed9c s\u1ed1ng \u1edf \u0111\u00e2y th\u01b0\u1eddng xoay quanh c\u00e1c ho\u1ea1t \u0111\u1ed9ng bu\u1ed5i t\u1ed1i ho\u1eb7c kh\u00f4ng gian c\u00f3 m\u00e1y l\u1ea1nh; c\u00e1c qu\u00e1n c\u00e0 ph\u00ea ngo\u00e0i tr\u1eddi v\u00e0o ban \u0111\u00eam r\u1ea5t \u0111\u01b0\u1ee3c \u01b0a chu\u1ed9ng. B\u1ea3n th\u00e2n River Walk gi\u1ed1ng nh\u01b0 m\u1ed9t &#034;\u1ed1c \u0111\u1ea3o \u0111\u00f4 th\u1ecb&#034; n\u01a1i m\u1ecdi ng\u01b0\u1eddi t\u1ee5 t\u1eadp \u0111\u1ec3 \u0103n t\u1ed1i v\u00e0 \u0111i d\u1ea1o. Nh\u00ecn chung, th\u00e0nh ph\u1ed1 n\u00e0y k\u1ebft h\u1ee3p di s\u1ea3n Tejano v\u1edbi s\u1ee9c s\u1ed1ng hi\u1ec7n \u0111\u1ea1i c\u1ee7a Texas. Nh\u01b0 m\u1ed9t l\u01b0u \u00fd v\u1ec1 v\u0103n h\u00f3a n\u00eau b\u1eadt, San Antonio l\u00e0 m\u1ed9t trong 26 Th\u00e0nh ph\u1ed1 s\u00e1ng t\u1ea1o v\u1ec1 \u1ea9m th\u1ef1c c\u1ee7a UNESCO (\u0111\u01b0\u1ee3c trao gi\u1ea3i n\u0103m 2017) - m\u1ed9t s\u1ef1 c\u00f4ng nh\u1eadn cho s\u1ef1 n\u1ed5i b\u1eadt v\u1ec1 \u1ea9m th\u1ef1c c\u1ee7a th\u00e0nh ph\u1ed1 n\u00e0y.<\/p>\n<p><strong>\u0110i\u1ec3m tham quan h\u00e0ng \u0111\u1ea7u:<\/strong><\/p>\n<ul>\n<li><strong>Alamo (S\u1ee9 m\u1ec7nh San Antonio)<\/strong> \u2013 Nh\u00e0 truy\u1ec1n gi\u00e1o San Antonio de Valero (\u201cThe Alamo\u201d) l\u00e0 \u0111\u1ecba danh n\u1ed5i ti\u1ebfng nh\u1ea5t c\u1ee7a Texas. \u0110\u01b0\u1ee3c b\u1ea3o t\u1ed3n t\u1eeb nh\u1eefng n\u0103m 1700, n\u01a1i \u0111\u00e2y \u0111\u01b0\u1ee3c h\u01a1n 2 tri\u1ec7u ng\u01b0\u1eddi gh\u00e9 th\u0103m m\u1ed7i n\u0103m v\u00e0 l\u00e0 \u0111i\u1ec3m thu h\u00fat kh\u00e1ch du l\u1ecbch h\u00e0ng \u0111\u1ea7u. G\u1ea7n \u0111\u00f3 l\u00e0 b\u1ed1n nh\u00e0 truy\u1ec1n gi\u00e1o T\u00e2y Ban Nha kh\u00e1c (Mission Concepci\u00f3n, San Jos\u00e9, San Juan v\u00e0 Espada) d\u1ecdc theo \u0110\u01b0\u1eddng m\u00f2n Mission; t\u1ed5ng c\u1ed9ng n\u0103m nh\u00e0 truy\u1ec1n gi\u00e1o n\u00e0y (bao g\u1ed3m c\u1ea3 Alamo) t\u1ea1o th\u00e0nh <strong>C\u00f4ng vi\u00ean L\u1ecbch s\u1eed Qu\u1ed1c gia San Antonio Missions<\/strong>, m\u1ed9t di s\u1ea3n th\u1ebf gi\u1edbi \u0111\u01b0\u1ee3c UNESCO c\u00f4ng nh\u1eadn. C\u00e1c tour \u0111i b\u1ed9 \u1edf \u0111\u00e2y t\u00e1i hi\u1ec7n l\u1ecbch s\u1eed thu\u1ed9c \u0111\u1ecba m\u1ed9t c\u00e1ch s\u1ed1ng \u0111\u1ed9ng.<\/li>\n<li><strong>\u0110i b\u1ed9 d\u1ecdc b\u1edd s\u00f4ng San Antonio<\/strong> \u2013 M\u1ed9t tuy\u1ebfn \u0111\u01b0\u1eddng th\u1ee7y \u0111\u01b0\u1ee3c thi\u1ebft k\u1ebf c\u1ea3nh quan v\u1edbi nh\u1eefng l\u1ed1i \u0111i b\u1ed9 v\u00e0 c\u1ea7u \u0111\u00e1 d\u1ecdc theo S\u00f4ng San Antonio qua trung t\u00e2m th\u00e0nh ph\u1ed1. \u0110\u01b0\u1ee3c bao quanh b\u1edfi c\u00e1c qu\u00e1n c\u00e0 ph\u00ea, nh\u00e0 h\u00e0ng, c\u1eeda h\u00e0ng v\u00e0 kh\u00e1ch s\u1ea1n, n\u01a1i \u0111\u00e2y mang \u0111\u1ebfn s\u1ef1 t\u01b0\u01a1ng ph\u1ea3n \u0111\u1eb9p nh\u01b0 tranh v\u1ebd v\u1edbi c\u00e1i n\u00f3ng c\u1ee7a Texas. M\u1ed9t chuy\u1ebfn tham quan b\u1eb1ng thuy\u1ec1n tr\u00ean River Walk l\u00e0 m\u1ed9t tr\u1ea3i nghi\u1ec7m tham quan ph\u1ed5 bi\u1ebfn. River Walk th\u01b0\u1eddng \u0111\u01b0\u1ee3c m\u00f4 t\u1ea3 l\u00e0 linh h\u1ed3n c\u1ee7a th\u00e0nh ph\u1ed1, n\u01a1i ng\u01b0\u1eddi ta c\u00f3 th\u1ec3 d\u1ec5 d\u00e0ng d\u00e0nh m\u1ed9t bu\u1ed5i chi\u1ec1u \u0111\u1ec3 \u0103n u\u1ed1ng v\u00e0 \u0111i d\u1ea1o d\u1ecdc theo d\u00f2ng s\u00f4ng \u00eam \u0111\u1ec1m.<\/li>\n<li><strong>Th\u00e1p c\u1ee7a Ch\u00e2u M\u1ef9<\/strong> \u2013 M\u1ed9t th\u00e1p quan s\u00e1t cao 750 foot \u0111\u01b0\u1ee3c x\u00e2y d\u1ef1ng cho H\u1ed9i ch\u1ee3 Th\u1ebf gi\u1edbi n\u0103m 1968, v\u1edbi t\u1ea7m nh\u00ecn to\u00e0n c\u1ea3nh San Antonio t\u1eeb \u0111\u00e0i quan s\u00e1t v\u00e0 nh\u00e0 h\u00e0ng xoay tr\u00ean \u0111\u1ec9nh. N\u00f3 n\u1ed5i b\u1eadt trong C\u00f4ng vi\u00ean Hemisfair \u1edf trung t\u00e2m th\u00e0nh ph\u1ed1.<\/li>\n<li><strong>SeaWorld San Antonio v\u00e0 Six Flags Fiesta Texas<\/strong> \u2013 C\u00f4ng vi\u00ean gi\u1ea3i tr\u00ed d\u00e0nh cho gia \u0111\u00ecnh. SeaWorld (\u1edf ph\u00eda t\u00e2y San Antonio) c\u00f3 c\u00e1c ch\u01b0\u01a1ng tr\u00ecnh bi\u1ec3u di\u1ec5n \u0111\u1ed9ng v\u1eadt c\u00f3 v\u00fa bi\u1ec3n v\u00e0 b\u1ec3 c\u00e1. Six Flags Fiesta Texas (\u1edf ph\u00eda t\u00e2y b\u1eafc) c\u00f3 t\u00e0u l\u01b0\u1ee3n si\u00eau t\u1ed1c v\u00e0 tr\u00f2 ch\u01a1i l\u1ec5 h\u1ed9i. C\u1ea3 hai \u0111\u1ec1u n\u1eb1m trong s\u1ed1 nh\u1eefng \u0111i\u1ec3m thu h\u00fat l\u1edbn nh\u1ea5t c\u1ee7a khu v\u1ef1c d\u00e0nh cho tr\u1ebb em v\u00e0 nh\u1eefng ng\u01b0\u1eddi th\u00edch c\u1ea3m gi\u00e1c m\u1ea1nh.<\/li>\n<li><strong>Qu\u1ea3ng tr\u01b0\u1eddng Ch\u1ee3 (The Market)<\/strong> \u2013 Qu\u1ea3ng tr\u01b0\u1eddng Ch\u1ee3 l\u1ecbch s\u1eed \u1edf ph\u00eda nam trung t\u00e2m th\u00e0nh ph\u1ed1 l\u00e0 khu ch\u1ee3 Mexico l\u1edbn nh\u1ea5t t\u1ea1i Hoa K\u1ef3. M\u1edf c\u1eeda h\u00e0ng ng\u00e0y, \u0111\u00e2y l\u00e0 m\u1ed9t qu\u1ea3ng tr\u01b0\u1eddng \u0111\u1ea7y m\u00e0u s\u1eafc v\u1edbi c\u00e1c qu\u1ea7y h\u00e0ng th\u1ee7 c\u00f4ng v\u00e0 qu\u00e1n \u0103n. Nh\u1eefng ng\u01b0\u1eddi b\u00e1n h\u00e0ng rong b\u00e1n pi\u00f1ata, sombrero, \u0111\u1ed3 ng\u1ecdt Mexico v\u00e0 \u0111\u1ed3 th\u1ee7 c\u00f4ng l\u00e0m b\u1eb1ng tay \u2013 ph\u1ea3n \u00e1nh n\u1ec1n v\u0103n h\u00f3a T\u00e2y Ban Nha m\u1ea1nh m\u1ebd c\u1ee7a San Antonio.<\/li>\n<li><strong>C\u00f4ng vi\u00ean L\u1ecbch s\u1eed Qu\u1ed1c gia San Antonio Missions<\/strong> (xem Alamo \u1edf tr\u00ean) \u2013 Ngo\u00e0i s\u1ee9 m\u1ec7nh trung t\u00e2m th\u00e0nh ph\u1ed1, c\u00f4ng vi\u00ean c\u00f2n bao g\u1ed3m c\u00e1c S\u1ee9 m\u1ec7nh Concepci\u00f3n, San Jos\u00e9, San Juan v\u00e0 Espada. Nh\u1eefng n\u01a1i n\u00e0y \u0111\u01b0\u1ee3c b\u1ea3o t\u1ed3n tuy\u1ec7t \u0111\u1eb9p, \u0111\u1eb7c bi\u1ec7t l\u00e0 S\u1ee9 m\u1ec7nh Concepci\u00f3n (c\u00f3 c\u00e1c b\u1ee9c b\u00edch h\u1ecda g\u1ed1c). Ch\u00fang y\u00ean t\u0129nh h\u01a1n Alamo nh\u01b0ng c\u0169ng c\u00f3 \u00fd ngh\u0129a l\u1ecbch s\u1eed kh\u00f4ng k\u00e9m.<\/li>\n<li><strong>Nh\u1eefng \u0111i\u1ec3m n\u1ed5i b\u1eadt kh\u00e1c:<\/strong> V\u01b0\u1eddn th\u00fa San Antonio \u1edf C\u00f4ng vi\u00ean Brackenridge, B\u1ea3o t\u00e0ng Witte (khoa h\u1ecdc, l\u1ecbch s\u1eed, v\u0103n h\u00f3a) v\u00e0 C\u00f4ng vi\u00ean Brackenridge l\u1ecbch s\u1eed (n\u01a1i c\u00f3 V\u01b0\u1eddn tr\u00e0 Nh\u1eadt B\u1ea3n). Cung \u0111i\u1ec7n Th\u1ed1ng \u0111\u1ed1c T\u00e2y Ban Nha l\u1ecbch s\u1eed \u1edf trung t\u00e2m th\u00e0nh ph\u1ed1 l\u00e0 m\u1ed9t trong nh\u1eefng t\u00f2a nh\u00e0 l\u00e2u \u0111\u1eddi nh\u1ea5t \u1edf Texas. C\u0169ng \u0111\u00e1ng ch\u00fa \u00fd l\u00e0 s\u1ef1 ki\u1ec7n River Parade v\u00e0 FIESTA n\u1ebfu chuy\u1ebfn th\u0103m c\u1ee7a b\u1ea1n tr\u00f9ng v\u1edbi nh\u1eefng th\u1eddi \u0111i\u1ec3m \u0111\u00f3 trong n\u0103m.<\/li>\n<\/ul>\n<p><strong>\u1ea2nh ch\u1ee5p th\u1ef1c t\u1ebf:<\/strong><\/p>\n<ul>\n<li><strong>\u0110\u1ebfn \u0111\u00f3:<\/strong> S\u00e2n bay qu\u1ed1c t\u1ebf San Antonio (SAT) ph\u1ee5c v\u1ee5 th\u00e0nh ph\u1ed1, v\u1edbi c\u00e1c chuy\u1ebfn bay t\u1eeb kh\u1eafp Hoa K\u1ef3 S\u00e2n bay n\u1eb1m \u1edf ph\u00eda b\u1eafc trung t\u00e2m th\u00e0nh ph\u1ed1 (c\u00e1ch kho\u1ea3ng 10 d\u1eb7m). C\u00e1c xa l\u1ed9 li\u00ean bang I-35, I-10 v\u00e0 I-37 h\u1ed9i t\u1ee5 quanh San Antonio, gi\u00fap b\u1ea1n c\u00f3 th\u1ec3 \u0111\u1ebfn \u0111\u00e2y b\u1eb1ng \u00f4 t\u00f4 t\u1eeb m\u1ecdi h\u01b0\u1edbng (Dallas\/Houston qua I-35, Austin qua I-35 North, v.v.). Xe bu\u00fdt Greyhound v\u00e0 Amtrak (Sunset Limited) c\u0169ng ph\u1ee5c v\u1ee5 trung t\u00e2m th\u00e0nh ph\u1ed1. Trung t\u00e2m th\u00e0nh ph\u1ed1 c\u00e1ch Austin v\u00e0i gi\u1edd l\u00e1i xe v\u1ec1 ph\u00eda nam v\u00e0 ph\u00eda t\u00e2y nam Houston.<\/li>\n<li><strong>Di chuy\u1ec3n:<\/strong> H\u1ec7 th\u1ed1ng giao th\u00f4ng \u0111\u1ecba ph\u01b0\u01a1ng c\u1ee7a San Antonio do VIA Metropolitan Transit \u0111i\u1ec1u h\u00e0nh (xe bu\u00fdt v\u00e0 h\u1ec7 th\u1ed1ng xe bu\u00fdt t\u1ed1c h\u00e0nh m\u1edbi h\u01a1n). Th\u00e0nh ph\u1ed1 n\u00e0y r\u1ea5t l\u1edbn, v\u00ec v\u1eady h\u1ea7u h\u1ebft du kh\u00e1ch \u0111\u1ec1u \u0111i \u00f4 t\u00f4 ho\u1eb7c \u0111i chung xe. Khu trung t\u00e2m th\u00e0nh ph\u1ed1 v\u00e0 khu v\u1ef1c Alamo r\u1ea5t nh\u1ecf g\u1ecdn v\u00e0 c\u00f3 th\u1ec3 \u0111i b\u1ed9. Taxi, Uber\/Lyft v\u00e0 xe \u0111\u01b0a \u0111\u00f3n c\u1ee7a kh\u00e1ch s\u1ea1n lu\u00f4n s\u1eb5n c\u00f3. (L\u01b0u \u00fd: San Antonio hi\u1ec7n ch\u01b0a c\u00f3 h\u1ec7 th\u1ed1ng \u0111\u01b0\u1eddng s\u1eaft \u0111i l\u1ea1i ho\u1eb7c \u0111\u01b0\u1eddng s\u1eaft nh\u1eb9, m\u1eb7c d\u00f9 \u0111\u00e3 c\u00f3 k\u1ebf ho\u1ea1ch x\u00e2y d\u1ef1ng.)<\/li>\n<li><strong>M\u1eb9o c\u01a1 b\u1ea3n:<\/strong> Ti\u1ec1n t\u1ec7 \u0111\u1ecba ph\u01b0\u01a1ng l\u00e0 \u0111\u00f4 la M\u1ef9. Ti\u1ebfng Anh \u0111\u01b0\u1ee3c n\u00f3i \u1edf kh\u1eafp m\u1ecdi n\u01a1i, nh\u01b0ng ti\u1ebfng T\u00e2y Ban Nha c\u0169ng s\u1ebd gi\u00fap b\u1ea1n (bi\u1ec3n b\u00e1o v\u00e0 th\u1ef1c \u0111\u01a1n th\u01b0\u1eddng song ng\u1eef). Nghi th\u1ee9c x\u00e3 giao \u1edf Texas: gi\u1ed1ng nh\u01b0 mi\u1ec1n Nam r\u1ed9ng l\u1edbn h\u01a1n, m\u1ecdi ng\u01b0\u1eddi l\u1ecbch s\u1ef1 v\u00e0 n\u00f3i &#034;th\u01b0a b\u00e0&#034; v\u00e0 &#034;th\u01b0a \u00f4ng&#034;. Ti\u1ec1n boa (15\u201320%) \u0111\u01b0\u1ee3c mong \u0111\u1ee3i \u1edf c\u00e1c nh\u00e0 h\u00e0ng. V\u1edbi th\u1eddi ti\u1ebft n\u00f3ng n\u1ef1c, h\u00e3y gi\u1eef \u0111\u1ee7 n\u01b0\u1edbc v\u00e0 thoa kem ch\u1ed1ng n\u1eafng v\u00e0o m\u00f9a h\u00e8. San Antonio n\u00f3i chung l\u00e0 an to\u00e0n \u1edf c\u00e1c khu v\u1ef1c du l\u1ecbch, nh\u01b0ng nh\u01b0 m\u1ecdi khi h\u00e3y c\u1ea9n th\u1eadn v\u1edbi nh\u1eefng k\u1ebb m\u00f3c t\u00fai \u1edf nh\u1eefng n\u01a1i \u0111\u00f4ng \u0111\u00fac. Nhi\u1ec1u ng\u01b0\u1eddi d\u00e2n \u0111\u1ecba ph\u01b0\u01a1ng v\u00e0 ch\u1ee7 c\u1eeda h\u00e0ng r\u1ea5t th\u00e2n thi\u1ec7n - m\u1ed9t l\u1eddi ch\u00e0o ti\u1ebfng T\u00e2y Ban Nha ng\u1eafn g\u1ecdn (&#034;Buenos d\u00edas&#034;) lu\u00f4n \u0111\u01b0\u1ee3c \u0111\u00e1nh gi\u00e1 cao.<a href=\"https:\/\/travelshelper.com\/vi\/diem-den\/bac-my\/hop-chung-quoc-hoa-ky\/berkeley-springs\/\" target=\"_self\" aria-labelledby=\"uael-post-8997\"><br \/>\n<\/a><\/li>\n<\/ul>","protected":false},"excerpt":{"rendered":"<p>San Antonio, t\u00ean ch\u00ednh th\u1ee9c l\u00e0 Th\u00e0nh ph\u1ed1 San Antonio, l\u00e0 m\u1ed9t th\u00e0nh ph\u1ed1 n\u0103ng \u0111\u1ed9ng v\u00e0 c\u00f3 \u00fd ngh\u0129a l\u1ecbch s\u1eed n\u1eb1m \u1edf ti\u1ec3u bang Texas. V\u1edbi d\u00e2n s\u1ed1 2,6 tri\u1ec7u ng\u01b0\u1eddi theo \u0110i\u1ec1u tra d\u00e2n s\u1ed1 Hoa K\u1ef3 n\u0103m 2020, th\u00e0nh ph\u1ed1 \u0111\u00f4ng d\u00e2n nh\u1ea5t \u1edf Greater San Antonio n\u00e0y \u0111\u01b0\u1ee3c x\u1ebfp h\u1ea1ng l\u00e0 v\u00f9ng \u0111\u00f4 th\u1ecb l\u1edbn th\u1ee9 ba \u1edf Texas v\u00e0 l\u1edbn th\u1ee9 24 tr\u00ean to\u00e0n qu\u1ed1c. Sau Houston, \u0111\u00e2y l\u00e0 th\u00e0nh ph\u1ed1 \u0111\u00f4ng d\u00e2n th\u1ee9 hai \u1edf Texas; \u0111\u00e2y l\u00e0 qu\u1eadn l\u1ef5 c\u1ee7a Qu\u1eadn Bexar v\u00e0 x\u1ebfp th\u1ee9 b\u1ea3y trong s\u1ed1 t\u1ea5t c\u1ea3 c\u00e1c th\u00e0nh ph\u1ed1 \u1edf Hoa K\u1ef3, th\u1ee9 hai \u1edf mi\u1ec1n Nam Hoa K\u1ef3.<\/p>","protected":false},"author":1,"featured_media":4038,"parent":8072,"menu_order":0,"comment_status":"closed","ping_status":"closed","template":"elementor_theme","meta":{"_eb_attr":"","footnotes":""},"class_list":["post-8365","page","type-page","status-publish","has-post-thumbnail"],"_links":{"self":[{"href":"https:\/\/travelshelper.com\/vi\/wp-json\/wp\/v2\/pages\/8365","targetHints":{"allow":["GET"]}}],"collection":[{"href":"https:\/\/travelshelper.com\/vi\/wp-json\/wp\/v2\/pages"}],"about":[{"href":"https:\/\/travelshelper.com\/vi\/wp-json\/wp\/v2\/types\/page"}],"author":[{"embeddable":true,"href":"https:\/\/travelshelper.com\/vi\/wp-json\/wp\/v2\/users\/1"}],"replies":[{"embeddable":true,"href":"https:\/\/travelshelper.com\/vi\/wp-json\/wp\/v2\/comments?post=8365"}],"version-history":[{"count":0,"href":"https:\/\/travelshelper.com\/vi\/wp-json\/wp\/v2\/pages\/8365\/revisions"}],"up":[{"embeddable":true,"href":"https:\/\/travelshelper.com\/vi\/wp-json\/wp\/v2\/pages\/8072"}],"wp:featuredmedia":[{"embeddable":true,"href":"https:\/\/travelshelper.com\/vi\/wp-json\/wp\/v2\/media\/4038"}],"wp:attachment":[{"href":"https:\/\/travelshelper.com\/vi\/wp-json\/wp\/v2\/media?parent=8365"}],"curies":[{"name":"wp","href":"https:\/\/api.w.org\/{rel}","templated":true}]}}