{"id":8347,"date":"2024-09-03T16:48:42","date_gmt":"2024-09-03T16:48:42","guid":{"rendered":"https:\/\/travelshelper.com\/staging\/?page_id=8347"},"modified":"2026-03-13T18:07:24","modified_gmt":"2026-03-13T18:07:24","slug":"saint-louis","status":"publish","type":"page","link":"https:\/\/travelshelper.com\/vi\/destinations\/north-america\/united-states\/saint-louis\/","title":{"rendered":"Saint Louis"},"content":{"rendered":"<p>Saint Louis, Missouri, tr\u1ea3i d\u00e0i d\u1ecdc theo b\u1edd t\u00e2y c\u1ee7a S\u00f4ng Mississippi h\u00f9ng v\u0129. \u0110i\u1ec3m nh\u1ea5n c\u1ee7a \u0111\u01b0\u1eddng ch\u00e2n tr\u1eddi l\u00e0 C\u1ed5ng v\u00f2m Gateway s\u00e1ng b\u00f3ng, m\u1ed9t t\u01b0\u1ee3ng \u0111\u00e0i b\u1eb1ng th\u00e9p kh\u00f4ng g\u1ec9 cao 630 foot m\u1ecdc l\u00ean t\u1eeb trung t\u00e2m th\u00e0nh ph\u1ed1. B\u1edd s\u00f4ng v\u00e0 v\u00e1ch \u0111\u00e1 t\u1ea1o n\u00ean m\u1ed9t ph\u00f4ng n\u1ec1n h\u00f9ng v\u0129, v\u00e0 l\u01b0\u1edbi th\u00e0nh ph\u1ed1 tr\u1ea3i d\u00e0i t\u1eeb S\u00f4ng v\u1ec1 ph\u00eda \u0111\u00f4ng. St. Louis mang \u0111\u1ebfn c\u1ea3m gi\u00e1c v\u1eeba tho\u1ea3i m\u00e1i v\u1eeba nh\u1ed9n nh\u1ecbp: c\u00f3 s\u1ef1 \u1ea5m \u00e1p c\u1ee7a v\u00f9ng Trung T\u00e2y, nh\u01b0ng c\u0169ng c\u00f3 m\u1ed9t d\u00f2ng ch\u1ea3y ng\u1ea7m t\u1ef1 h\u00e0o t\u1eeb qu\u00e1 kh\u1ee9 l\u1eebng l\u1eaby c\u1ee7a th\u00e0nh ph\u1ed1 nh\u01b0 m\u1ed9t c\u1eeda ng\u00f5 ph\u00eda t\u00e2y v\u00e0 trung t\u00e2m v\u0103n h\u00f3a. St. Louis l\u00e0 s\u1ef1 giao thoa c\u1ee7a nhi\u1ec1u b\u1ea3n s\u1eafc - ngu\u1ed3n g\u1ed1c thu\u1ed9c \u0111\u1ecba Ph\u00e1p, nh\u1eefng ng\u01b0\u1eddi nh\u1eadp c\u01b0 \u0110\u1ee9c v\u00e0 sau \u0111\u00f3 l\u00e0 s\u1ef1 b\u00f9ng n\u1ed5 c\u00f4ng nghi\u1ec7p v\u00e0 khoa h\u1ecdc - t\u1ea5t c\u1ea3 \u0111\u1ec1u \u0111\u01b0\u1ee3c c\u1ea3m nh\u1eadn trong ki\u1ebfn \u200b\u200btr\u00fac v\u00e0 khu ph\u1ed1 c\u1ee7a th\u00e0nh ph\u1ed1.<\/p>\n<p>Saint Louis l\u00e0 m\u1ed9t th\u00e0nh ph\u1ed1 \u0111\u1ed9c l\u1eadp \u1edf Missouri (kh\u00f4ng thu\u1ed9c b\u1ea5t k\u1ef3 qu\u1eadn n\u00e0o). D\u00e2n s\u1ed1 c\u1ee7a th\u00e0nh ph\u1ed1 v\u00e0o kho\u1ea3ng 300.000 ng\u01b0\u1eddi, nh\u01b0ng g\u1ea7n \u0111\u00e2y \u0111\u00e3 gi\u1ea3m nh\u1eb9; v\u00ed d\u1ee5, d\u00e2n s\u1ed1 l\u00e0 293.109 ng\u01b0\u1eddi v\u00e0o n\u0103m 2023 (gi\u1ea3m t\u1eeb kho\u1ea3ng 300.000 ng\u01b0\u1eddi v\u00e0o n\u0103m 2020). Th\u00e0nh ph\u1ed1 n\u00e0y g\u1ea7n nh\u01b0 chia \u0111\u1ec1u gi\u1eefa c\u01b0 d\u00e2n da tr\u1eafng v\u00e0 ng\u01b0\u1eddi M\u1ef9 g\u1ed1c Phi. T\u00ednh \u0111\u1ebfn n\u0103m 2023, kho\u1ea3ng 44,4% c\u00f4ng d\u00e2n Saint Louis l\u00e0 ng\u01b0\u1eddi da tr\u1eafng (kh\u00f4ng ph\u1ea3i g\u1ed1c T\u00e2y Ban Nha) v\u00e0 42,9% l\u00e0 ng\u01b0\u1eddi da \u0111en (kh\u00f4ng ph\u1ea3i g\u1ed1c T\u00e2y Ban Nha). C\u00e1c nh\u00f3m kh\u00e1c bao g\u1ed3m 5% ng\u01b0\u1eddi g\u1ed1c T\u00e2y Ban Nha v\u00e0 m\u1ed9t v\u00e0i ph\u1ea7n tr\u0103m ng\u01b0\u1eddi ch\u00e2u \u00c1 v\u00e0 nhi\u1ec1u ch\u1ee7ng t\u1ed9c. Thu nh\u1eadp h\u1ed9 gia \u0111\u00ecnh trung b\u00ecnh \u1edf m\u1ee9c khi\u00eam t\u1ed1n (kho\u1ea3ng 48.000 \u0111\u00f4 la), ph\u1ea3n \u00e1nh s\u1ef1 pha tr\u1ed9n gi\u1eefa t\u1ea7ng l\u1edbp lao \u0111\u1ed9ng v\u00e0 khu v\u1ef1c chuy\u00ean nghi\u1ec7p c\u1ee7a th\u00e0nh ph\u1ed1.<\/p>\n<p>V\u1ec1 m\u1eb7t kinh t\u1ebf, khu v\u1ef1c St. Louis c\u00f3 \u00fd ngh\u0129a quan tr\u1ecdng. T\u1ed5ng s\u1ea3n ph\u1ea9m qu\u1ed1c n\u1ed9i c\u1ee7a Greater St. Louis l\u00e0 kho\u1ea3ng 209,9 t\u1ef7 \u0111\u00f4 la v\u00e0o n\u0103m 2022. N\u1ec1n kinh t\u1ebf \u0111\u1ecba ph\u01b0\u01a1ng r\u1ea5t \u0111a d\u1ea1ng: t\u1eeb l\u00e2u \u0111\u00e3 m\u1ea1nh v\u1ec1 d\u1ecbch v\u1ee5, s\u1ea3n xu\u1ea5t, th\u01b0\u01a1ng m\u1ea1i v\u00e0 v\u1eadn t\u1ea3i, c\u0169ng nh\u01b0 h\u00e0ng kh\u00f4ng v\u0169 tr\u1ee5 v\u00e0 qu\u1ed1c ph\u00f2ng. C\u00e1c ng\u00e0nh ch\u00ednh bao g\u1ed3m ch\u0103m s\u00f3c s\u1ee9c kh\u1ecfe, t\u00e0i ch\u00ednh, khoa h\u1ecdc sinh h\u1ecdc v\u00e0 d\u1ecbch v\u1ee5 doanh nghi\u1ec7p. Saint Louis l\u00e0 n\u01a1i \u0111\u1eb7t tr\u1ee5 s\u1edf c\u1ee7a 16 c\u00f4ng ty Fortune 1000 (s\u00e1u trong s\u1ed1 \u0111\u00f3 l\u00e0 Fortune 500). C\u00e1c c\u00f4ng ty \u0111\u00e1ng ch\u00fa \u00fd bao g\u1ed3m Boeing Defense (h\u00e0ng kh\u00f4ng v\u0169 tr\u1ee5), Enterprise Holdings (cho thu\u00ea \u00f4 t\u00f4) v\u00e0 c\u00e1c c\u00f4ng ty t\u00e0i ch\u00ednh nh\u01b0 Edward Jones v\u00e0 Ameren. Ngo\u00e0i ra, c\u00e1c c\u00f4ng vi\u1ec7c c\u1ee7a ch\u00ednh ph\u1ee7 v\u00e0 li\u00ean bang r\u1ea5t l\u1edbn (Ng\u00e2n h\u00e0ng D\u1ef1 tr\u1eef Li\u00ean bang St. Louis v\u00e0 USDA c\u00f3 c\u00e1c v\u0103n ph\u00f2ng l\u1edbn t\u1ea1i \u0111\u00e2y).<\/p>\n<p>Saint Louis n\u1eb1m \u1edf v\u00f9ng Trung T\u00e2y Hoa K\u1ef3 (B\u1eafc M\u1ef9) t\u1ea1i m\u1ed9t kh\u00fac quanh r\u1ed9ng c\u1ee7a S\u00f4ng Mississippi g\u1ea7n n\u01a1i h\u1ee3p l\u01b0u v\u1edbi S\u00f4ng Missouri. Th\u00e0nh ph\u1ed1 n\u00e0y n\u1eb1m \u1edf ph\u00eda \u0110\u00f4ng Missouri, g\u1ea7n nh\u01b0 \u1edf trung t\u00e2m c\u1ee7a l\u1ee5c \u0111\u1ecba B\u1eafc M\u1ef9. B\u1ea3n th\u00e2n th\u00e0nh ph\u1ed1 n\u1eb1m ph\u1ea7n l\u1edbn tr\u00ean m\u1ed9t \u0111\u1ed3ng b\u1eb1ng \u1edf \u0111\u1ed9 cao kho\u1ea3ng 400 feet, v\u1edbi c\u00e1c v\u00e1ch \u0111\u00e1 (\u0110\u1ed3i Mississippi) \u1edf ph\u00eda nam. Kh\u00ed h\u1eadu c\u1eadn nhi\u1ec7t \u0111\u1edbi \u1ea9m (K\u00f6ppen Cfa): m\u00f9a h\u00e8 r\u1ea5t n\u00f3ng v\u00e0 \u1ea9m, m\u00f9a \u0111\u00f4ng l\u1ea1nh \u0111\u1ebfn l\u1ea1nh. M\u01b0a ph\u00e2n b\u1ed1 kh\u00e1 \u0111\u1ec1u trong su\u1ed1t m\u00f9a xu\u00e2n v\u00e0 m\u00f9a h\u00e8, th\u1ec9nh tho\u1ea3ng c\u00f3 tuy\u1ebft v\u00e0o m\u00f9a \u0111\u00f4ng. S\u00f4ng Mississippi mang theo n\u01b0\u1edbc l\u0169 m\u00f9a xu\u00e2n, c\u00f3 \u1ea3nh h\u01b0\u1edfng l\u1ecbch s\u1eed \u0111\u1ebfn s\u1ef1 ph\u00e1t tri\u1ec3n c\u1ee7a th\u00e0nh ph\u1ed1.<\/p>\n<p>Saint Louis \u0111\u01b0\u1ee3c th\u00e0nh l\u1eadp v\u00e0o ng\u00e0y 15 th\u00e1ng 2 n\u0103m 1764 b\u1edfi nh\u1eefng ng\u01b0\u1eddi bu\u00f4n b\u00e1n l\u00f4ng th\u00fa ng\u01b0\u1eddi Ph\u00e1p Pierre Lacl\u00e8de v\u00e0 Auguste Chouteau, tr\u00ean v\u00f9ng \u0111\u1ea5t m\u00e0 ng\u01b0\u1eddi T\u00e2y Ban Nha (l\u00fac \u0111\u00f3 l\u00e0 \u0111\u1ed3ng ki\u1ec3m so\u00e1t) \u0111\u00e3 cho Lacl\u00e8de thu\u00ea. H\u1ecd \u0111\u1eb7t t\u00ean n\u01a1i n\u00e0y \u0111\u1ec3 vinh danh Vua Louis IX c\u1ee7a Ph\u00e1p. Tr\u01b0\u1edbc \u0111\u00f3, n\u1ec1n v\u0103n h\u00f3a b\u1ea3n \u0111\u1ecba Mississippi \u0111\u00e3 ph\u00e1t tri\u1ec3n m\u1ea1nh m\u1ebd \u1edf \u0111\u00e2y, v\u00e0 c\u00e1c nh\u00e0 th\u00e1m hi\u1ec3m ng\u01b0\u1eddi Ph\u00e1p Louis Joliet v\u00e0 Jacques Marquette \u0111\u00e3 \u0111i qua \u0111\u00e2y v\u00e0o n\u0103m 1673. Saint Louis \u0111\u00e3 chuy\u1ec3n t\u1eeb quy\u1ec1n ki\u1ec3m so\u00e1t c\u1ee7a Ph\u00e1p sang quy\u1ec1n ki\u1ec3m so\u00e1t c\u1ee7a T\u00e2y Ban Nha v\u00e0o n\u0103m 1763, sau \u0111\u00f3 tr\u1edf l\u1ea1i Ph\u00e1p v\u00e0 cu\u1ed1i c\u00f9ng l\u00e0 Hoa K\u1ef3 v\u1edbi Th\u1ecfa thu\u1eadn mua Louisiana n\u0103m 1803. N\u01a1i \u0111\u00e2y nhanh ch\u00f3ng tr\u1edf th\u00e0nh c\u1eeda ng\u00f5 v\u00e0o mi\u1ec1n t\u00e2y: Chuy\u1ebfn th\u00e1m hi\u1ec3m c\u1ee7a Lewis &amp; Clark b\u1eaft \u0111\u1ea7u \u1edf \u0111\u00e2y v\u00e0o n\u0103m 1804. S\u1ef1 ph\u00e1t tri\u1ec3n b\u00f9ng n\u1ed5 v\u00e0o th\u1ebf k\u1ef7 19 v\u1edbi giao th\u00f4ng b\u1eb1ng t\u00e0u h\u01a1i n\u01b0\u1edbc, \u0111\u01b0\u1eddng s\u1eaft v\u00e0 H\u1ed9i ch\u1ee3 Th\u1ebf gi\u1edbi v\u00e0 Th\u1ebf v\u1eadn h\u1ed9i M\u00f9a h\u00e8 n\u0103m 1904 (\u201cTri\u1ec3n l\u00e3m mua Louisiana\u201d) \u0111\u00e3 \u0111\u01b0a th\u00e0nh ph\u1ed1 l\u00ean t\u1ea7m th\u1ebf gi\u1edbi.<\/p>\n<p>M\u1ed9t b\u01b0\u1edbc ngo\u1eb7t quy\u1ebft \u0111\u1ecbnh \u0111\u1ebfn v\u00e0o n\u0103m 1877 khi St. Louis b\u1ecf phi\u1ebfu t\u00e1ch kh\u1ecfi Qu\u1eadn St. Louis xung quanh v\u00e0 tr\u1edf th\u00e0nh m\u1ed9t th\u00e0nh ph\u1ed1 \u0111\u1ed9c l\u1eadp; \u0111i\u1ec1u n\u00e0y \u0111\u00e3 gi\u1edbi h\u1ea1n ranh gi\u1edbi th\u00e0nh ph\u1ed1 v\u00e0 h\u1ea1n ch\u1ebf vi\u1ec7c s\u00e1p nh\u1eadp th\u00eam, \u0111\u1ecbnh h\u00ecnh n\u00ean quy m\u00f4 hi\u1ec7n \u0111\u1ea1i c\u1ee7a th\u00e0nh ph\u1ed1. Trong su\u1ed1t nh\u1eefng n\u0103m 1800 v\u00e0 \u0111\u1ea7u nh\u1eefng n\u0103m 1900, th\u00e0nh ph\u1ed1 n\u00e0y l\u00e0 m\u1ed9t trung t\u00e2m s\u1ea3n xu\u1ea5t v\u00e0 v\u1eadn t\u1ea3i, \u0111\u01b0\u1ee3c g\u1ecdi l\u00e0 &#034;th\u00e0nh ph\u1ed1 c\u1eeda ng\u00f5&#034;. Th\u00e0nh ph\u1ed1 c\u0169ng tr\u1edf th\u00e0nh m\u1ed9t trung t\u00e2m v\u0103n h\u00f3a l\u1edbn - v\u00ed d\u1ee5, n\u01a1i \u0111\u00e2y l\u00e0 qu\u00ea h\u01b0\u01a1ng c\u1ee7a nh\u00e0 so\u1ea1n nh\u1ea1c ragtime Scott Joplin v\u00e0 nh\u1eefng nh\u1ea1c s\u0129 nh\u1ea1c jazz \u0111\u1ea7u ti\u00ean. Trong th\u1eddi hi\u1ec7n \u0111\u1ea1i, St. Louis \u0111\u00e3 c\u00f3 nh\u1eefng chu k\u1ef3 b\u00f9ng n\u1ed5 v\u00e0 suy tho\u00e1i (suy tho\u00e1i c\u00f4ng nghi\u1ec7p v\u00e0o gi\u1eefa th\u1ebf k\u1ef7 20, sau \u0111\u00f3 t\u1eadp trung v\u00e0o c\u00e1c ng\u00e0nh c\u00f4ng nghi\u1ec7p d\u1ecbch v\u1ee5 v\u00e0 c\u00f4ng ngh\u1ec7 sinh h\u1ecdc). C\u00e1c \u0111\u1ecba danh ch\u00ednh v\u1eabn c\u00f2n t\u1eeb l\u1ecbch s\u1eed c\u1ee7a th\u00e0nh ph\u1ed1, nh\u01b0 C\u1ed5ng v\u00f2m mang t\u00ednh bi\u1ec3u t\u01b0\u1ee3ng (\u0111\u01b0\u1ee3c x\u00e2y d\u1ef1ng v\u00e0o n\u0103m 1963\u201365) v\u00e0 c\u00e1c khu ph\u1ed1 l\u1ecbch s\u1eed \u0111\u01b0\u1ee3c b\u1ea3o t\u1ed3n.<\/p>\n<p>Saint Louis ph\u1ea3n \u00e1nh s\u1ef1 pha tr\u1ed9n gi\u1eefa s\u1ef1 th\u00e2n thi\u1ec7n c\u1ee7a v\u00f9ng Trung T\u00e2y v\u00e0 phong c\u00e1ch qu\u1ed1c t\u1ebf. V\u1ec1 m\u1eb7t v\u0103n h\u00f3a, th\u00e0nh ph\u1ed1 n\u00e0y c\u00f3 di s\u1ea3n \u0110\u1ee9c m\u1ea1nh m\u1ebd (l\u1ec5 k\u1ef7 ni\u1ec7m Oktoberfest \u1edf qu\u1eadn Soulard) v\u00e0 c\u0169ng c\u00f3 ngu\u1ed3n g\u1ed1c t\u1eeb th\u1eddi thu\u1ed9c \u0111\u1ecba Ph\u00e1p. Th\u00e0nh ph\u1ed1 n\u00e0y l\u00e0 n\u01a1i sinh s\u1ed1ng c\u1ee7a m\u1ed9t c\u1ed9ng \u0111\u1ed3ng ng\u01b0\u1eddi M\u1ef9 g\u1ed1c Phi l\u1edbn, \u0111\u00f3ng g\u00f3p v\u00e0o n\u1ec1n \u00e2m nh\u1ea1c s\u00f4i \u0111\u1ed9ng (l\u1ecbch s\u1eed nh\u1ea1c jazz\/blues) v\u00e0 \u1ea9m th\u1ef1c (th\u1ecbt n\u01b0\u1edbng l\u00e0 \u0111\u1eb7c s\u1ea3n \u0111\u1ecba ph\u01b0\u01a1ng). C\u1ed9ng \u0111\u1ed3ng ng\u01b0\u1eddi T\u00e2y Ban Nha v\u00e0 Vi\u1ec7t Nam b\u1ed5 sung th\u00eam nhi\u1ec1u t\u1ea7ng v\u0103n h\u00f3a. \u0110\u00e1ng ch\u00fa \u00fd, St. Louis \u0111\u01b0\u1ee3c \u0111\u00e1nh gi\u00e1 l\u00e0 m\u1ed9t trong nh\u1eefng th\u00e0nh ph\u1ed1 th\u00e2n thi\u1ec7n v\u1edbi LGBTQ nh\u1ea5t \u1edf v\u00f9ng Trung T\u00e2y, v\u1edbi c\u00e1c l\u1ec5 k\u1ef7 ni\u1ec7m Pride s\u00f4i \u0111\u1ed9ng v\u00e0 th\u00e1i \u0111\u1ed9 c\u1edfi m\u1edf c\u1ee7a nhi\u1ec1u c\u01b0 d\u00e2n.<\/p>\n<p>V\u1ec1 ph\u01b0\u01a1ng ng\u1eef, ti\u1ebfng Anh \u0111\u01b0\u1ee3c h\u1ea7u nh\u01b0 m\u1ecdi ng\u01b0\u1eddi n\u00f3i, m\u1ed9t s\u1ed1 gia \u0111\u00ecnh c\u00f3 ngu\u1ed3n g\u1ed1c nh\u1eadp c\u01b0 c\u0169ng n\u00f3i ti\u1ebfng T\u00e2y Ban Nha, ti\u1ebfng Vi\u1ec7t, ti\u1ebfng Bosnia, v.v. Nh\u1ecbp s\u1ed1ng n\u00f3i chung \u1edf m\u1ee9c v\u1eeba ph\u1ea3i; c\u01b0 d\u00e2n c\u00f3 th\u1ec3 th\u00edch \u0111i d\u1ea1o \u1edf Forest Park, tham d\u1ef1 c\u00e1c l\u1ec5 h\u1ed9i \u0111\u1ecba ph\u01b0\u01a1ng ho\u1eb7c c\u1ed5 v\u0169 cho \u0111\u1ed9i b\u00f3ng ch\u00e0y Cardinals. Cu\u1ed9c s\u1ed1ng ngo\u00e0i tr\u1eddi \u0111\u01b0\u1ee3c ch\u00e0o \u0111\u00f3n: ngo\u00e0i Forest Park, nh\u1eefng con \u0111\u01b0\u1eddng m\u00f2n ven s\u00f4ng Missouri g\u1ea7n \u0111\u00f3 v\u00e0 \u0110\u01b0\u1eddng m\u00f2n Katy thu h\u00fat nh\u1eefng ng\u01b0\u1eddi y\u00eau thi\u00ean nhi\u00ean. Nh\u01b0 m\u1ed9t h\u01b0\u1edbng d\u1eabn vi\u00ean th\u00e0nh ph\u1ed1 n\u00eau b\u1eadt, St. Louis t\u1ed5 ch\u1ee9c c\u00e1c s\u1ef1 ki\u1ec7n v\u0103n h\u00f3a quanh n\u0103m, t\u1eeb c\u00e1c bu\u1ed5i h\u00f2a nh\u1ea1c ngo\u00e0i tr\u1eddi \u0111\u1ebfn c\u00e1c cu\u1ed9c di\u1ec5u h\u00e0nh. V\u00ed d\u1ee5, c\u00e1c s\u1ef1 ki\u1ec7n \u0111\u1eb7c tr\u01b0ng nh\u01b0 Soulard Mardi Gras, PrideFest v\u00e0 c\u00e1c l\u1ec5 h\u1ed9i \u00e2m nh\u1ea1c l\u00e0m s\u00f4i \u0111\u1ed9ng l\u1ecbch c\u1ee7a th\u00e0nh ph\u1ed1. Phong c\u00e1ch c\u1ee7a ng\u01b0\u1eddi d\u00e2n \u0111\u1ecba ph\u01b0\u01a1ng th\u01b0\u1eddng gi\u1ea3n d\u1ecb - b\u1ea1n s\u1ebd th\u1ea5y m\u1ecdi ng\u01b0\u1eddi th\u01b0\u1edfng th\u1ee9c bia t\u1ea1i c\u00e1c nh\u00e0 m\u00e1y bia, d\u00f9ng b\u1eefa t\u1ea1i c\u00e1c qu\u00e1n r\u01b0\u1ee3u \u1ea5m c\u00fang ho\u1eb7c tham d\u1ef1 c\u00e1c h\u1ed9i ch\u1ee3 v\u0103n h\u00f3a. Nh\u00ecn chung, th\u00e0nh ph\u1ed1 mang \u0111\u1ebfn b\u1ea7u kh\u00f4ng kh\u00ed \u1ea5m \u00e1p, d\u1ef1a tr\u00ean khu ph\u1ed1: m\u1ed7i khu v\u1ef1c (nh\u01b0 Old North St. Louis ho\u1eb7c Central West End) \u0111\u1ec1u c\u00f3 n\u00e9t \u0111\u1eb7c tr\u01b0ng ri\u00eang.<\/p>\n<p><strong>\u0110i\u1ec3m tham quan h\u00e0ng \u0111\u1ea7u:<\/strong><\/p>\n<ul>\n<li><strong>C\u1ed5ng v\u00f2m Gateway<\/strong> \u2013 \u0110i\u1ec3m nh\u1ea5n c\u1ee7a St. Louis. V\u00f2m th\u00e9p kh\u00f4ng g\u1ec9 cao 630 foot n\u00e0y bao ph\u1ee7 Trung t\u00e2m th\u00e0nh ph\u1ed1 v\u00e0 l\u00e0 m\u1ed9t ph\u1ea7n c\u1ee7a C\u00f4ng vi\u00ean qu\u1ed1c gia Gateway Arch. Du kh\u00e1ch c\u00f3 th\u1ec3 \u0111i xe \u0111i\u1ec7n l\u00ean \u0111\u1ec9nh v\u00e0 ng\u1eafm nh\u00ecn d\u00f2ng s\u00f4ng, th\u00e0nh ph\u1ed1 v\u00e0 xa h\u01a1n n\u1eefa. Khu\u00f4n vi\u00ean v\u00e0 b\u1ea3o t\u00e0ng \u1edf ch\u00e2n v\u00f2m ghi l\u1ea1i qu\u00e1 tr\u00ecnh m\u1edf r\u1ed9ng v\u1ec1 ph\u00eda t\u00e2y. V\u00f2m l\u00e0 bi\u1ec3u t\u01b0\u1ee3ng c\u1ee7a th\u00e0nh ph\u1ed1 v\u00e0 l\u00e0 \u0111i\u1ec3m tham quan kh\u00f4ng th\u1ec3 b\u1ecf qua.<\/li>\n<li><strong>V\u01b0\u1eddn b\u00e1ch th\u1ea3o Missouri<\/strong> \u2013 M\u1ed9t trong nh\u1eefng v\u01b0\u1eddn b\u00e1ch th\u1ea3o l\u00e2u \u0111\u1eddi nh\u1ea5t t\u1ea1i Hoa K\u1ef3 v\u00e0 n\u1ed5i ti\u1ebfng th\u1ebf gi\u1edbi v\u1edbi c\u00e1c m\u00e0n tr\u00ecnh di\u1ec5n l\u00e0m v\u01b0\u1eddn. B\u1ed1i c\u1ea3nh c\u1ee7a n\u00f3 bao g\u1ed3m c\u00e1c khu v\u01b0\u1eddn Nh\u1eadt B\u1ea3n, m\u00e1i v\u00f2m tr\u1eafc \u0111\u1ecba Climatron v\u00e0 nh\u00e0 k\u00ednh r\u1ed9ng l\u1edbn. M\u1ed9t n\u01a1i thanh b\u00ecnh trong truy\u1ec1n th\u1ed1ng Th\u00e0nh ph\u1ed1 t\u01b0\u01a1i \u0111\u1eb9p, n\u01a1i \u0111\u00e2y cung c\u1ea5p c\u00e2y c\u1ed1i v\u00e0 c\u1ea3nh quan quanh n\u0103m.<\/li>\n<li><strong>V\u01b0\u1eddn th\u00fa Saint Louis<\/strong> \u2013 N\u1eb1m t\u1ea1i Forest Park, s\u1edf th\u00fa mi\u1ec5n ph\u00ed n\u00e0y lu\u00f4n \u0111\u01b0\u1ee3c x\u1ebfp h\u1ea1ng l\u00e0 m\u1ed9t trong nh\u1eefng s\u1edf th\u00fa t\u1ed1t nh\u1ea5t c\u1ea3 n\u01b0\u1edbc. N\u01a1i \u0111\u00e2y c\u00f3 h\u00e0ng tr\u0103m lo\u00e0i trong m\u00f4i tr\u01b0\u1eddng s\u1ed1ng \u0111\u01b0\u1ee3c thi\u1ebft k\u1ebf chu \u0111\u00e1o. C\u00e1c gia \u0111\u00ecnh \u0111\u1ed5 x\u00f4 \u0111\u1ebfn \u0111\u00e2y \u0111\u1ec3 xem s\u01b0 t\u1eed, g\u1ea5u, chim, b\u00f2 s\u00e1t v\u00e0 nhi\u1ec1u lo\u00e0i kh\u00e1c (t\u1ea5t c\u1ea3 \u0111\u1ec1u kh\u00f4ng m\u1ea5t ph\u00ed v\u00e0o c\u1eeda). Cam k\u1ebft c\u1ee7a s\u1edf th\u00fa \u0111\u1ed1i v\u1edbi c\u00f4ng t\u00e1c b\u1ea3o t\u1ed3n v\u00e0 gi\u00e1o d\u1ee5c c\u00f4ng ch\u00fang l\u00e0 \u0111i\u1ec1u \u0111\u00e1ng ch\u00fa \u00fd.<\/li>\n<li><strong>B\u1ea3o t\u00e0ng ngh\u1ec7 thu\u1eadt Saint Louis &amp; C\u00f4ng vi\u00ean r\u1eebng<\/strong> \u2013 B\u1ea3o t\u00e0ng Ngh\u1ec7 thu\u1eadt (c\u0169ng n\u1eb1m trong Forest Park) l\u00e0 m\u1ed9t b\u1ed9 s\u01b0u t\u1eadp to\u00e0n di\u1ec7n, t\u1eeb c\u00e1c hi\u1ec7n v\u1eadt Ai C\u1eadp \u0111\u1ebfn c\u00e1c b\u1ee9c tranh theo tr\u01b0\u1eddng ph\u00e1i \u1ea4n t\u01b0\u1ee3ng. B\u00ean c\u1ea1nh l\u00e0 B\u1ea3o t\u00e0ng L\u1ecbch s\u1eed Missouri v\u00e0 Muny (m\u1ed9t nh\u00e0 h\u00e1t ngo\u00e0i tr\u1eddi l\u1ecbch s\u1eed). B\u1ea3n th\u00e2n Forest Park r\u1ea5t r\u1ed9ng (1.300 m\u1eabu Anh) v\u00e0 bao g\u1ed3m c\u00e1c h\u1ed3 n\u01b0\u1edbc v\u00e0 \u0111\u01b0\u1eddng m\u00f2n \u0111\u1eb9p nh\u01b0 tranh v\u1ebd. \u0110\u00e2y l\u00e0 \u0111\u1ecba \u0111i\u1ec3m c\u1ee7a H\u1ed9i ch\u1ee3 Th\u1ebf gi\u1edbi n\u0103m 1904 v\u00e0 v\u1eabn l\u00e0 m\u1ed9t trung t\u00e2m gi\u1ea3i tr\u00ed.<\/li>\n<li><strong>B\u1ea3o t\u00e0ng th\u00e0nh ph\u1ed1<\/strong> \u2013 M\u1ed9t \u0111i\u1ec3m tham quan \u0111\u1ed9c \u0111\u00e1o n\u1eb1m trong m\u1ed9t nh\u00e0 m\u00e1y gi\u00e0y \u0111\u01b0\u1ee3c t\u00e1i s\u1eed d\u1ee5ng. \u0110\u00e2y l\u00e0 s\u00e2n ch\u01a1i d\u00e0nh cho ng\u01b0\u1eddi l\u1edbn v\u00e0 tr\u1ebb em v\u1edbi c\u00e1c \u0111\u01b0\u1eddng h\u1ea7m, c\u1ea7u tr\u01b0\u1ee3t v\u00e0 nh\u1eefng c\u00f4ng tr\u00ecnh ki\u1ebfn \u200b\u200btr\u00fac k\u1ef3 l\u1ea1 \u0111\u01b0\u1ee3c l\u00e0m t\u1eeb v\u1eadt li\u1ec7u t\u00e1i ch\u1ebf. (Bao ph\u1ee7 s\u00e1u s\u00e2n b\u00f3ng \u0111\u00e1, n\u01a1i n\u00e0y \u201ck\u1ef3 l\u1ea1 \u0111\u1ebfn k\u1ef3 l\u1ea1\u201d v\u00e0 c\u1ef1c k\u1ef3 \u0111\u01b0\u1ee3c c\u00e1c gia \u0111\u00ecnh v\u00e0 nh\u1eefng ng\u01b0\u1eddi y\u00eau ngh\u1ec7 thu\u1eadt \u01b0a chu\u1ed9ng.)<\/li>\n<li><strong>Ch\u1ee3 n\u00f4ng s\u1ea3n Soulard v\u00e0 Khu l\u1ecbch s\u1eed Soulard<\/strong> \u2013 Ch\u1ee3 n\u00f4ng s\u1ea3n l\u00e2u \u0111\u1eddi nh\u1ea5t \u1edf ph\u00eda t\u00e2y Mississippi, Ch\u1ee3 Soulard m\u1edf c\u1eeda nhi\u1ec1u ng\u00e0y trong tu\u1ea7n d\u01b0\u1edbi m\u1ed9t gian h\u00e0ng b\u1eb1ng s\u1eaft. Khu ph\u1ed1 Soulard xung quanh (v\u1edbi nh\u1eefng ng\u00f4i nh\u00e0 g\u1ea1ch \u0111\u1ecf) n\u1ed5i ti\u1ebfng v\u1edbi truy\u1ec1n th\u1ed1ng Ph\u00e1p v\u00e0 \u0110\u1ee9c, ki\u1ebfn \u200b\u200btr\u00fac l\u1ecbch s\u1eed v\u00e0 tinh th\u1ea7n c\u1ed9ng \u0111\u1ed3ng m\u1ea1nh m\u1ebd. N\u01a1i \u0111\u00e2y t\u1ed5 ch\u1ee9c Soulard Mardi Gras (m\u1ed9t trong nh\u1eefng b\u1eefa ti\u1ec7c Mardi Gras l\u1edbn nh\u1ea5t \u1edf M\u1ef9) v\u00e0 nh\u1ea1c s\u1ed1ng quanh n\u0103m.<\/li>\n<li><strong>C\u00e1c \u0110i\u1ec3m Tham Quan Kh\u00e1c<\/strong> \u2013 St. Louis c\u00f3 nhi\u1ec1u \u0111i\u1ec3m n\u1ed5i b\u1eadt kh\u00e1c: Nh\u00e0 th\u1edd ch\u00ednh t\u00f2a St. Louis (v\u1edbi m\u00e1i v\u00f2m kh\u1ea3m n\u1ed5i ti\u1ebfng), khu b\u1edd s\u00f4ng Laclede&#039;s Landing l\u1ecbch s\u1eed, Nh\u00e0 ga Union Station \u0111\u01b0\u1ee3c t\u00e2n trang l\u1ea1i (c\u00f3 kh\u00e1ch s\u1ea1n v\u00e0 v\u00f2ng \u0111u quay), v\u00e0 Trung t\u00e2m Khoa h\u1ecdc (mi\u1ec5n ph\u00ed v\u1edbi OMNIMAX c\u00f3 m\u00e1i v\u00f2m). Th\u1ec3 thao c\u0169ng thu h\u00fat du kh\u00e1ch: xem tr\u1eadn b\u00f3ng ch\u00e0y Cardinals t\u1ea1i S\u00e2n v\u1eadn \u0111\u1ed9ng Busch ho\u1eb7c tr\u1eadn kh\u00fac c\u00f4n c\u1ea7u Blues t\u1ea1i Trung t\u00e2m Enterprise.<\/li>\n<\/ul>\n<p><strong>\u1ea2nh ch\u1ee5p th\u1ef1c t\u1ebf:<\/strong><\/p>\n<ul>\n<li><strong>\u0110\u1ebfn \u0111\u00f3:<\/strong> S\u00e2n bay qu\u1ed1c t\u1ebf St. Louis Lambert (STL) l\u00e0 s\u00e2n bay ch\u00ednh, \u0111\u01b0\u1ee3c ph\u1ee5c v\u1ee5 b\u1edfi t\u1ea5t c\u1ea3 c\u00e1c h\u00e3ng h\u00e0ng kh\u00f4ng l\u1edbn v\u1edbi nhi\u1ec1u chuy\u1ebfn bay h\u00e0ng ng\u00e0y tr\u00ean to\u00e0n qu\u1ed1c. \u0110\u01b0\u1eddng s\u1eaft nh\u1eb9 MetroLink k\u1ebft n\u1ed1i c\u1ea3 hai nh\u00e0 ga c\u1ee7a s\u00e2n bay tr\u1ef1c ti\u1ebfp \u0111\u1ebfn trung t\u00e2m th\u00e0nh ph\u1ed1 St. Louis (Ga 1 \u1edf Nh\u00e0 ga 1 v\u00e0 Ga 2 \u1edf Nh\u00e0 ga 2). Tuy\u1ebfn Missouri River Runner c\u1ee7a Amtrak ph\u1ee5c v\u1ee5 th\u00e0nh ph\u1ed1 t\u1eeb c\u1ea3 s\u00e2n bay (th\u00f4ng qua tuy\u1ebfn xe bu\u00fdt\/\u0111\u01b0\u1eddng s\u1eaft) v\u00e0 trung t\u00e2m th\u00e0nh ph\u1ed1 (Ga Gateway). C\u00e1c xa l\u1ed9 ch\u00ednh (I-70, I-64, I-55, I-44) h\u1ed9i t\u1ee5 t\u1ea1i \u0111\u00e2y, gi\u00fap vi\u1ec7c ti\u1ebfp c\u1eadn th\u00e0nh ph\u1ed1 b\u1eb1ng \u00f4 t\u00f4 tr\u1edf n\u00ean d\u1ec5 d\u00e0ng.<\/li>\n<li><strong>Di chuy\u1ec3n:<\/strong> \u0110\u01b0\u1eddng s\u1eaft nh\u1eb9 MetroLink v\u00e0 MetroBus bao ph\u1ee7 ph\u1ea7n l\u1edbn th\u00e0nh ph\u1ed1 v\u00e0 qu\u1eadn. M\u1ed9t tuy\u1ebfn xe \u0111i\u1ec7n hi\u1ec7n \u0111\u1ea1i ch\u1ea1y v\u00f2ng quanh trung t\u00e2m th\u00e0nh ph\u1ed1 v\u00e0 qua Central West End. Xe cho thu\u00ea, taxi v\u00e0 d\u1ecbch v\u1ee5 \u0111i chung xe (Uber\/Lyft) c\u00f3 s\u1eb5n r\u1ed9ng r\u00e3i. Trung t\u00e2m th\u00e0nh ph\u1ed1 St. Louis v\u00e0 c\u00e1c khu ph\u1ed1 l\u00e2n c\u1eadn kh\u00e1 d\u1ec5 \u0111i b\u1ed9, m\u1eb7c d\u00f9 c\u00e1c v\u00f9ng ngo\u1ea1i \u00f4 y\u00eau c\u1ea7u ph\u1ea3i l\u00e1i xe. Giao th\u00f4ng l\u00e0 \u0111i\u1ec3n h\u00ecnh c\u1ee7a m\u1ed9t th\u00e0nh ph\u1ed1 c\u1ee1 trung; b\u00e3i \u0111\u1eadu xe \u1edf c\u00e1c khu v\u1ef1c ph\u1ed5 bi\u1ebfn (Trung t\u00e2m th\u00e0nh ph\u1ed1, Forest Park) c\u00f3 th\u1ec3 b\u1ecb h\u1ea1n ch\u1ebf v\u00e0o gi\u1edd cao \u0111i\u1ec3m.<\/li>\n<li><strong>M\u1eb9o c\u01a1 b\u1ea3n:<\/strong> Ti\u1ec1n t\u1ec7 l\u00e0 \u0111\u00f4 la M\u1ef9. Ti\u1ebfng Anh l\u00e0 ng\u00f4n ng\u1eef ph\u1ed5 bi\u1ebfn, ti\u1ebfng T\u00e2y Ban Nha \u0111\u01b0\u1ee3c nhi\u1ec1u ng\u01b0\u1eddi n\u00f3i (\u0111\u1eb7c bi\u1ec7t l\u00e0 \u1edf ph\u00eda t\u00e2y v\u00e0 ph\u00eda nam St. Louis). Nghi th\u1ee9c x\u00e3 giao: S\u1ef1 l\u1ecbch s\u1ef1 c\u1ee7a ng\u01b0\u1eddi Trung T\u00e2y chi\u1ebfm \u01b0u th\u1ebf (m\u1ecdi ng\u01b0\u1eddi c\u00f3 xu h\u01b0\u1edbng ch\u00e0o h\u1ecfi b\u1eb1ng c\u00e1ch g\u1eadt \u0111\u1ea7u ho\u1eb7c b\u1eaft tay). Ti\u1ec1n boa kho\u1ea3ng 15\u201318% \u1edf c\u00e1c nh\u00e0 h\u00e0ng l\u00e0 th\u00f4ng l\u1ec7. Nh\u01b0 \u1edf b\u1ea5t k\u1ef3 th\u00e0nh ph\u1ed1 n\u00e0o, h\u00e3y ch\u00fa \u00fd \u0111\u1ebfn m\u00f4i tr\u01b0\u1eddng xung quanh; m\u1ed9t s\u1ed1 khu ph\u1ed1 th\u00e0nh th\u1ecb t\u1ed1t nh\u1ea5t n\u00ean tr\u00e1nh v\u00e0o ban \u0111\u00eam. Nh\u00ecn chung, ng\u01b0\u1eddi d\u00e2n Saint Louis th\u00e2n thi\u1ec7n v\u00e0 th\u1eb3ng th\u1eafn.<a href=\"https:\/\/travelshelper.com\/vi\/diem-den\/bac-my\/hop-chung-quoc-hoa-ky\/berkeley-springs\/\" target=\"_self\" aria-labelledby=\"uael-post-8997\"><br \/>\n<\/a><\/li>\n<\/ul>","protected":false},"excerpt":{"rendered":"<p>St. Louis l\u00e0 m\u1ed9t th\u00e0nh ph\u1ed1 n\u1ed5i ti\u1ebfng \u1edf ti\u1ec3u bang Missouri c\u1ee7a Hoa K\u1ef3. Th\u00e0nh ph\u1ed1 n\u00e0y c\u00f3 v\u1ecb tr\u00ed l\u00fd t\u01b0\u1edfng t\u1ea1i \u0111i\u1ec3m giao nhau c\u1ee7a s\u00f4ng Mississippi v\u00e0 s\u00f4ng Missouri, m\u1ed9t v\u1ecb tr\u00ed t\u1eeb l\u00e2u \u0111\u00e3 tr\u1edf th\u00e0nh trung t\u00e2m th\u01b0\u01a1ng m\u1ea1i v\u00e0 v\u1eadn chuy\u1ec3n quan tr\u1ecdng. D\u00e2n s\u1ed1 c\u1ee7a th\u00e0nh ph\u1ed1 t\u00ednh \u0111\u1ebfn n\u0103m 2020 l\u00e0 301.570 ng\u01b0\u1eddi; khu v\u1ef1c \u0111\u00f4 th\u1ecb c\u1ee7a th\u00e0nh ph\u1ed1, tr\u1ea3i d\u00e0i \u0111\u1ebfn t\u1eadn Illinois, \u01b0\u1edbc t\u00ednh c\u00f3 h\u01a1n 2,8 tri\u1ec7u ng\u01b0\u1eddi. \u0110i\u1ec1u n\u00e0y khi\u1ebfn th\u00e0nh ph\u1ed1 tr\u1edf th\u00e0nh khu v\u1ef1c \u0111\u00f4 th\u1ecb quan tr\u1ecdng th\u1ee9 hai \u1edf Illinois v\u00e0 r\u1ed9ng l\u1edbn nh\u1ea5t \u1edf Missouri. H\u01a1n n\u1eefa, di\u1ec7n t\u00edch th\u1ed1ng k\u00ea k\u1ebft h\u1ee3p c\u1ee7a th\u00e0nh ph\u1ed1 n\u1ed5i b\u1eadt l\u00e0 l\u1edbn th\u1ee9 20 \u1edf Hoa K\u1ef3.<\/p>","protected":false},"author":1,"featured_media":4727,"parent":8072,"menu_order":0,"comment_status":"closed","ping_status":"closed","template":"elementor_theme","meta":{"_eb_attr":"","footnotes":""},"class_list":["post-8347","page","type-page","status-publish","has-post-thumbnail"],"_links":{"self":[{"href":"https:\/\/travelshelper.com\/vi\/wp-json\/wp\/v2\/pages\/8347","targetHints":{"allow":["GET"]}}],"collection":[{"href":"https:\/\/travelshelper.com\/vi\/wp-json\/wp\/v2\/pages"}],"about":[{"href":"https:\/\/travelshelper.com\/vi\/wp-json\/wp\/v2\/types\/page"}],"author":[{"embeddable":true,"href":"https:\/\/travelshelper.com\/vi\/wp-json\/wp\/v2\/users\/1"}],"replies":[{"embeddable":true,"href":"https:\/\/travelshelper.com\/vi\/wp-json\/wp\/v2\/comments?post=8347"}],"version-history":[{"count":0,"href":"https:\/\/travelshelper.com\/vi\/wp-json\/wp\/v2\/pages\/8347\/revisions"}],"up":[{"embeddable":true,"href":"https:\/\/travelshelper.com\/vi\/wp-json\/wp\/v2\/pages\/8072"}],"wp:featuredmedia":[{"embeddable":true,"href":"https:\/\/travelshelper.com\/vi\/wp-json\/wp\/v2\/media\/4727"}],"wp:attachment":[{"href":"https:\/\/travelshelper.com\/vi\/wp-json\/wp\/v2\/media?parent=8347"}],"curies":[{"name":"wp","href":"https:\/\/api.w.org\/{rel}","templated":true}]}}