{"id":8312,"date":"2024-09-03T14:51:45","date_gmt":"2024-09-03T14:51:45","guid":{"rendered":"https:\/\/travelshelper.com\/staging\/?page_id=8312"},"modified":"2026-03-13T18:08:17","modified_gmt":"2026-03-13T18:08:17","slug":"philadelphia","status":"publish","type":"page","link":"https:\/\/travelshelper.com\/vi\/destinations\/north-america\/united-states\/philadelphia\/","title":{"rendered":"Philadelphia"},"content":{"rendered":"<p>Philadelphia l\u00e0 m\u1ed9t \u0111\u00f4 th\u1ecb l\u1edbn c\u1ee7a M\u1ef9 v\u1edbi qu\u00e1 kh\u1ee9 l\u1eaby l\u1eebng. D\u00e2n s\u1ed1 c\u1ee7a th\u00e0nh ph\u1ed1 v\u00e0o n\u0103m 2020 l\u00e0 1.603.797 ng\u01b0\u1eddi, khi\u1ebfn n\u01a1i \u0111\u00e2y tr\u1edf th\u00e0nh th\u00e0nh ph\u1ed1 l\u1edbn th\u1ee9 s\u00e1u c\u1ee7a Hoa K\u1ef3. Khu v\u1ef1c \u0111\u00f4 th\u1ecb r\u1ed9ng l\u1edbn h\u01a1n c\u00f3 h\u01a1n 6,2 tri\u1ec7u c\u01b0 d\u00e2n, tr\u1ea3i d\u00e0i t\u1eeb ph\u00eda \u0111\u00f4ng Pennsylvania, ph\u00eda nam New Jersey v\u00e0 Delaware. N\u1ec1n kinh t\u1ebf c\u1ee7a Philadelphia r\u1ea5t \u0111\u00e1ng k\u1ec3: T\u1ed5ng s\u1ea3n ph\u1ea9m qu\u1ed1c n\u1ed9i c\u1ee7a \u0111\u00f4 th\u1ecb v\u01b0\u1ee3t qu\u00e1 518 t\u1ef7 \u0111\u00f4 la v\u00e0o n\u0103m 2022. Th\u00e0nh ph\u1ed1 n\u00e0y r\u1ea5t \u0111a d\u1ea1ng: kho\u1ea3ng 39% c\u01b0 d\u00e2n t\u1ef1 nh\u1eadn m\u00ecnh l\u00e0 ng\u01b0\u1eddi M\u1ef9 g\u1ed1c Phi\/da \u0111en v\u00e0 kho\u1ea3ng 15% l\u00e0 ng\u01b0\u1eddi g\u1ed1c T\u00e2y Ban Nha\/La tinh. G\u1ea7n 35% ng\u01b0\u1eddi l\u1edbn c\u00f3 b\u1eb1ng c\u1eed nh\u00e2n tr\u1edf l\u00ean, ph\u1ea3n \u00e1nh nhi\u1ec1u tr\u01b0\u1eddng cao \u0111\u1eb3ng v\u00e0 \u0111\u1ea1i h\u1ecdc trong th\u00e0nh ph\u1ed1. Thu nh\u1eadp h\u1ed9 gia \u0111\u00ecnh trung b\u00ecnh dao \u0111\u1ed9ng quanh m\u1ee9c 52.900 \u0111\u00f4 la, v\u1edbi kho\u1ea3ng 22,8% ng\u01b0\u1eddi Philadelphia s\u1ed1ng d\u01b0\u1edbi m\u1ee9c ngh\u00e8o kh\u1ed5.<\/p>\n<p>N\u1ec1n kinh t\u1ebf c\u1ee7a Philadelphia \u0111\u01b0\u1ee3c neo gi\u1eef b\u1edfi t\u00e0i ch\u00ednh, gi\u00e1o d\u1ee5c v\u00e0 ch\u0103m s\u00f3c s\u1ee9c kh\u1ecfe, v\u1edbi c\u00e1c trung t\u00e2m vi\u1ec7c l\u00e0m t\u1ea1i khu\u00f4n vi\u00ean tr\u01b0\u1eddng \u0110\u1ea1i h\u1ecdc, khu th\u01b0\u01a1ng m\u1ea1i trung t\u00e2m v\u00e0 m\u1ed9t l\u0129nh v\u1ef1c c\u00f4ng ngh\u1ec7 v\u00e0 kh\u1edfi nghi\u1ec7p \u0111ang ph\u00e1t tri\u1ec3n. \u0110\u00e2y c\u0169ng l\u00e0 trung t\u00e2m v\u0103n h\u00f3a v\u00e0 du l\u1ecbch; n\u0103m 2016, th\u00e0nh ph\u1ed1 n\u00e0y thu h\u00fat kho\u1ea3ng 42 tri\u1ec7u du kh\u00e1ch trong n\u01b0\u1edbc. Trong nh\u1eefng n\u0103m g\u1ea7n \u0111\u00e2y, Philadelphia \u0111\u00e3 ch\u1ee9ng ki\u1ebfn \u200b\u200bs\u1ef1 h\u1ed3i sinh khi\u00eam t\u1ed1n c\u1ee7a d\u00e2n s\u1ed1, sau nhi\u1ec1u th\u1eadp k\u1ef7 suy gi\u1ea3m - c\u00e1c nh\u00e0 quy ho\u1ea1ch \u0111\u00f4 th\u1ecb l\u01b0u \u00fd r\u1eb1ng m\u1eadt \u0111\u1ed9 \u0111\u00f4 th\u1ecb v\u00e0 vai tr\u00f2 trung t\u00e2m c\u1ee7a th\u00e0nh ph\u1ed1 \u1edf \u0110\u00f4ng B\u1eafc mang l\u1ea1i cho th\u00e0nh ph\u1ed1 t\u1ea7m quan tr\u1ecdng l\u00e2u d\u00e0i trong c\u00f4ng nghi\u1ec7p v\u00e0 v\u0103n h\u00f3a.<\/p>\n<p>N\u1eb1m \u1edf v\u00f9ng Trung \u0110\u1ea1i T\u00e2y D\u01b0\u01a1ng c\u1ee7a Hoa K\u1ef3, Philadelphia n\u1eb1m \u1edf ph\u00eda \u0111\u00f4ng nam Pennsylvania tr\u00ean b\u1edd s\u00f4ng Delaware. N\u01a1i \u0111\u00e2y c\u00e1ch V\u1ecbnh Delaware kho\u1ea3ng 20 d\u1eb7m v\u00e0 c\u00e1ch \u0110\u1ea1i T\u00e2y D\u01b0\u01a1ng 100 d\u1eb7m, tr\u00ean m\u1ed9t \u0111\u1ed3ng b\u1eb1ng ven bi\u1ec3n r\u1ed9ng l\u1edbn ngay ph\u00eda t\u00e2y b\u1edd bi\u1ec3n \u0110\u1ea1i T\u00e2y D\u01b0\u01a1ng. \u0110\u1ecba h\u00ecnh c\u1ee7a th\u00e0nh ph\u1ed1 nh\u00ecn chung b\u1eb1ng ph\u1eb3ng nh\u01b0ng t\u0103ng d\u1ea7n th\u00e0nh nh\u1eefng ng\u1ecdn \u0111\u1ed3i \u1edf ph\u00eda t\u00e2y trung t\u00e2m, bao g\u1ed3m H\u1ebbm n\u00fai Wissahickon v\u00e0 \u0111i\u1ec3m cao nh\u1ea5t t\u1ea1i C\u00f4ng vi\u00ean Cobbs Creek (~ 480 feet). V\u1ec1 ph\u00eda t\u00e2y b\u1eafc l\u00e0 D\u00e3y n\u00fai Pocono th\u1ea5p, v\u00e0 v\u1ec1 ph\u00eda t\u00e2y l\u00e0 D\u00e3y n\u00fai Appalachian Piedmont b\u1eaft \u0111\u1ea7u cao d\u1ea7n.<\/p>\n<p>V\u1ec1 m\u1eb7t kh\u00ed h\u1eadu, Philadelphia n\u1eb1m \u1edf r\u00eca c\u1ee7a v\u00f9ng c\u1eadn nhi\u1ec7t \u0111\u1edbi \u1ea9m. M\u00f9a h\u00e8 th\u01b0\u1eddng n\u00f3ng v\u00e0 \u1ea9m, th\u01b0\u1eddng xuy\u00ean c\u00f3 gi\u00f4ng b\u00e3o, trong khi m\u00f9a \u0111\u00f4ng l\u1ea1nh v\u1eeba ph\u1ea3i v\u1edbi tuy\u1ebft r\u01a1i th\u1ec9nh tho\u1ea3ng. M\u00f9a thu v\u00e0 m\u00f9a xu\u00e2n th\u01b0\u1eddng \u00f4n h\u00f2a v\u00e0 c\u00f3 th\u1ec3 d\u1ec5 ch\u1ecbu nh\u01b0ng hay thay \u0111\u1ed5i. Th\u00e0nh ph\u1ed1 c\u00f3 kho\u1ea3ng 2.500 gi\u1edd n\u1eafng m\u1ed7i n\u0103m. S\u00f4ng Delaware v\u00e0 Schuylkill ch\u1ea3y qua th\u00e0nh ph\u1ed1, v\u00e0 C\u00f4ng vi\u00ean Fairmount tr\u00ean b\u1edd s\u00f4ng n\u00e0y l\u00e0 m\u1ed9t trong nh\u1eefng h\u1ec7 th\u1ed1ng c\u00f4ng vi\u00ean \u0111\u00f4 th\u1ecb l\u1edbn nh\u1ea5t c\u1ea3 n\u01b0\u1edbc. B\u1ed1i c\u1ea3nh c\u1ee7a Philadelphia - m\u1ed9t c\u1ea3ng s\u00f4ng l\u1edbn \u1edf \u0110\u00f4ng B\u1eafc v\u00e0 l\u00e0 th\u1ee7 \u0111\u00f4 qu\u1ed1c gia ban \u0111\u1ea7u - trong l\u1ecbch s\u1eed \u0111\u00e3 bi\u1ebfn n\u01a1i \u0111\u00e2y th\u00e0nh ng\u00e3 t\u01b0 giao th\u00f4ng, v\u00e0 ng\u00e0y nay v\u1eabn l\u00e0 trung t\u00e2m c\u1ee7a H\u00e0nh lang \u0110\u00f4ng B\u1eafc c\u1ee7a Amtrak v\u00e0 h\u1ec7 th\u1ed1ng \u0111\u01b0\u1eddng cao t\u1ed1c li\u00ean bang (I-95, I-76).<\/p>\n<p>L\u1ecbch s\u1eed c\u1ee7a Philadelphia l\u00e0 n\u1ec1n t\u1ea3ng cho Hoa K\u1ef3. \u0110\u01b0\u1ee3c th\u00e0nh l\u1eadp v\u00e0o n\u0103m 1682 b\u1edfi William Penn, m\u1ed9t ng\u01b0\u1eddi Anh theo \u0111\u1ea1o Quaker, th\u00e0nh ph\u1ed1 n\u00e0y \u0111\u01b0\u1ee3c quy ho\u1ea1ch l\u00e0 m\u1ed9t &#034;th\u1ecb tr\u1ea5n n\u00f4ng th\u00f4n xanh&#034; n\u1ed5i ti\u1ebfng v\u1edbi s\u1ef1 khoan dung t\u00f4n gi\u00e1o v\u00e0 \u0111\u01b0\u1eddng ph\u1ed1 tr\u1eadt t\u1ef1. V\u00e0o th\u1eddi k\u1ef3 thu\u1ed9c \u0111\u1ecba, th\u00e0nh ph\u1ed1 n\u00e0y tr\u1edf th\u00e0nh th\u1ee7 ph\u1ee7 c\u1ee7a T\u1ec9nh Pennsylvania. Khi c\u0103ng th\u1eb3ng v\u1edbi Anh gia t\u0103ng, Philadelphia tr\u1edf th\u00e0nh t\u00e2m \u0111i\u1ec3m c\u1ee7a C\u00e1ch m\u1ea1ng Hoa K\u1ef3. Th\u00e0nh ph\u1ed1 n\u00e0y \u0111\u00e3 t\u1ed5 ch\u1ee9c \u0110\u1ea1i h\u1ed9i L\u1ee5c \u0111\u1ecba l\u1ea7n th\u1ee9 nh\u1ea5t v\u00e0 l\u1ea7n th\u1ee9 hai v\u00e0 l\u00e0 n\u01a1i h\u1ecdp c\u1ee7a nh\u1eefng Ng\u01b0\u1eddi s\u00e1ng l\u1eadp qu\u1ed1c gia. V\u00e0o th\u00e1ng 7 n\u0103m 1776, Tuy\u00ean ng\u00f4n \u0110\u1ed9c l\u1eadp \u0111\u00e3 \u0111\u01b0\u1ee3c tranh lu\u1eadn v\u00e0 th\u00f4ng qua t\u1ea1i H\u1ed9i tr\u01b0\u1eddng \u0110\u1ed9c l\u1eadp c\u1ee7a Philadelphia. Th\u00e0nh ph\u1ed1 n\u00e0y t\u1eebng l\u00e0 th\u1ee7 \u0111\u00f4 c\u1ee7a n\u1ec1n c\u1ed9ng h\u00f2a non tr\u1ebb trong nh\u1eefng n\u0103m 1780 v\u00e0 ch\u1ee9ng ki\u1ebfn \u200b\u200bvi\u1ec7c x\u00e2y d\u1ef1ng v\u00e0 k\u00fd k\u1ebft Hi\u1ebfn ph\u00e1p Hoa K\u1ef3 v\u00e0o n\u0103m 1787.<\/p>\n<p>Trong su\u1ed1t th\u1ebf k\u1ef7 19 v\u00e0 \u0111\u1ea7u th\u1ebf k\u1ef7 20, Philadelphia \u0111\u00e3 m\u1edf r\u1ed9ng nhanh ch\u00f3ng th\u00e0nh m\u1ed9t th\u00e0nh ph\u1ed1 c\u00f4ng nghi\u1ec7p v\u00e0 c\u1ea3ng. S\u1ef1 gi\u00e0u c\u00f3 c\u1ee7a th\u00e0nh ph\u1ed1 v\u00e0o th\u1ebf k\u1ef7 19 th\u1ec3 hi\u1ec7n r\u00f5 qua c\u00e1c dinh th\u1ef1 th\u1eddi Victoria, t\u01b0\u1ee3ng \u0111\u00e0i c\u00f4ng c\u1ed9ng v\u00e0 \u0111\u1ea1i l\u1ed9 r\u1ee3p b\u00f3ng c\u00e2y \u0111\u01b0\u1ee3c g\u1ecdi l\u00e0 Benjamin Franklin Parkway (m\u00f4 ph\u1ecfng theo \u0111\u1ea1i l\u1ed9 Champs-\u00c9lys\u00e9es). Th\u00e0nh ph\u1ed1 n\u00e0y l\u00e0 m\u1ed9t trung t\u00e2m c\u1ee7a ng\u00e0nh d\u1ec7t may, in \u1ea5n, \u0111\u00f3ng t\u00e0u v\u00e0 sau \u0111\u00f3 l\u00e0 s\u1ea3n xu\u1ea5t. \u0110\u00e2y c\u0169ng l\u00e0 trung t\u00e2m gi\u00e1o d\u1ee5c v\u00e0 y h\u1ecdc (n\u01a1i c\u00f3 c\u00e1c tr\u01b0\u1eddng y v\u00e0 b\u1ec7nh vi\u1ec7n \u0111\u1ea7u ti\u00ean c\u1ee7a M\u1ef9). V\u00e0o gi\u1eefa th\u1ebf k\u1ef7 20, d\u00e2n s\u1ed1 Philly \u0111\u1ea1t \u0111\u1ec9nh v\u00e0 sau \u0111\u00f3 gi\u1ea3m xu\u1ed1ng khi c\u00e1c ng\u00e0nh c\u00f4ng nghi\u1ec7p thay \u0111\u1ed5i, nh\u01b0ng c\u00e1c khu ph\u1ed1 l\u1ecbch s\u1eed c\u1ee7a th\u00e0nh ph\u1ed1 (Ph\u1ed1 c\u1ed5, Qu\u1ea3ng tr\u01b0\u1eddng Rittenhouse) v\u1eabn \u0111\u01b0\u1ee3c b\u1ea3o t\u1ed3n. Ng\u00e0y nay, Philadelphia t\u00f4n vinh di s\u1ea3n thu\u1ed9c \u0111\u1ecba c\u1ee7a m\u00ecnh v\u1edbi c\u00e1c \u0111\u1ecba danh nh\u01b0 Liberty Bell v\u00e0 Independence Hall (c\u1ea3 hai \u0111\u1ec1u l\u00e0 Di s\u1ea3n Th\u1ebf gi\u1edbi c\u1ee7a UNESCO) v\u00e0 k\u1ef7 ni\u1ec7m di s\u1ea3n \u0111\u00f3 t\u1ea1i c\u00e1c b\u1ea3o t\u00e0ng qu\u1ed1c gia v\u00e0 l\u1ec5 h\u1ed9i th\u01b0\u1eddng ni\u00ean.<\/p>\n<p>Philadelphia hi\u1ec7n \u0111\u1ea1i l\u00e0 m\u1ed9t b\u1ee9c tranh gh\u00e9p c\u1ee7a c\u00e1c khu ph\u1ed1, m\u1ed7i khu ph\u1ed1 c\u00f3 m\u1ed9t n\u00e9t \u0111\u1eb7c tr\u01b0ng ri\u00eang. H\u01a1n m\u1ed9t ch\u1ee5c nh\u00f3m d\u00e2n t\u1ed9c \u0111\u00e3 \u0111\u1ecbnh h\u00ecnh n\u00ean th\u00e0nh ph\u1ed1: Ng\u01b0\u1eddi M\u1ef9 g\u1ed1c \u00dd \u1edf Nam Philly, ng\u01b0\u1eddi Ireland \u1edf \u0110\u00f4ng B\u1eafc Philly, c\u1ed9ng \u0111\u1ed3ng Do Th\u00e1i \u1edf T\u00e2y Philly, c\u00e1c khu ph\u1ed1 di s\u1ea3n l\u1edbn c\u1ee7a ng\u01b0\u1eddi M\u1ef9 g\u1ed1c Phi \u1edf B\u1eafc v\u00e0 T\u00e2y, v\u00e0 m\u1ed9t c\u1ed9ng \u0111\u1ed3ng ng\u01b0\u1eddi Puerto Rico\/Latin s\u00f4i \u0111\u1ed9ng \u1edf khu v\u1ef1c &#034;\u0110\u00f4ng B\u1eafc&#034; v\u00e0 T\u00e2y Nam c\u1ee7a th\u00e0nh ph\u1ed1. (Ng\u00e0y nay, th\u00e0nh ph\u1ed1 c\u00f3 kho\u1ea3ng 41% ng\u01b0\u1eddi da \u0111en, 34% ng\u01b0\u1eddi da tr\u1eafng v\u00e0 15% ng\u01b0\u1eddi g\u1ed1c T\u00e2y Ban Nha.) Ti\u1ebfng Anh chi\u1ebfm \u01b0u th\u1ebf, nh\u01b0ng ti\u1ebfng T\u00e2y Ban Nha \u0111\u01b0\u1ee3c n\u00f3i r\u1ed9ng r\u00e3i (h\u01a1n 10% c\u01b0 d\u00e2n n\u00f3i ti\u1ebfng T\u00e2y Ban Nha \u1edf nh\u00e0).<\/p>\n<p>B\u1ea7u kh\u00f4ng kh\u00ed c\u1ee7a th\u00e0nh ph\u1ed1 v\u1eeba m\u1ea1nh m\u1ebd v\u1eeba n\u1ed3ng nhi\u1ec7t. Ng\u01b0\u1eddi Philadelphia n\u1ed5i ti\u1ebfng th\u1eb3ng th\u1eafn - t\u1ef1 h\u00e0o v\u1ec1 kh\u1ea3 n\u0103ng ph\u1ee5c h\u1ed3i c\u1ee7a th\u00e0nh ph\u1ed1. Trong cu\u1ed9c s\u1ed1ng h\u00e0ng ng\u00e0y, ng\u01b0\u1eddi ta th\u01b0\u1eddng c\u1ea3m th\u1ea5y m\u1ed9t s\u1ef1 c\u1ee9ng r\u1eafn th\u00e2n thi\u1ec7n: ng\u01b0\u1eddi d\u00e2n \u0111\u1ecba ph\u01b0\u01a1ng c\u1ed5 v\u0169 nhi\u1ec7t t\u00ecnh cho Eagles (NFL), Phillies (MLB), 76ers (NBA) v\u00e0 Flyers (NHL) c\u1ee7a h\u1ecd v\u00e0 coi s\u1ef1 c\u1ea1nh tranh (\u0111\u1eb7c bi\u1ec7t l\u00e0 v\u1edbi New York v\u00e0 Washington l\u00e2n c\u1eadn) l\u00e0 \u0111i\u1ec1u b\u00ecnh th\u01b0\u1eddng. Tr\u00ean \u0111\u01b0\u1eddng ph\u1ed1 th\u00e0nh ph\u1ed1, m\u1ecdi ng\u01b0\u1eddi \u0111i d\u1ea1o v\u1edbi m\u1ee5c \u0111\u00edch; nh\u1eefng t\u00f2a nh\u00e0 g\u1ea1ch \u0111\u1ecf l\u1ecbch s\u1eed \u0111\u1ee9ng c\u1ea1nh nh\u1eefng t\u00f2a nh\u00e0 cao t\u1ea7ng hi\u1ec7n \u0111\u1ea1i. V\u0103n h\u00f3a \u1ea9m th\u1ef1c l\u00e0 n\u1ec1n t\u1ea3ng c\u1ee7a cu\u1ed9c s\u1ed1ng h\u00e0ng ng\u00e0y. Ng\u01b0\u1eddi d\u00e2n \u0111\u1ecba ph\u01b0\u01a1ng v\u00e0 du kh\u00e1ch th\u01b0\u1edfng th\u1ee9c nh\u1eefng m\u00f3n \u0103n nhanh nh\u01b0 b\u00e1nh m\u00ec k\u1eb9p ph\u00f4 mai, b\u00e1nh m\u00ec k\u1eb9p th\u1ecbt v\u00e0 b\u00e1nh quy m\u1ec1m t\u1eeb c\u00e1c qu\u1ea7y h\u00e0ng trong ch\u1ee3. Ch\u1ee3 Reading Terminal \u1edf trung t\u00e2m th\u00e0nh ph\u1ed1 nh\u1ed9n nh\u1ecbp v\u1edbi \u0111\u00e1m \u0111\u00f4ng h\u1ed7n h\u1ee3p mua b\u00e1nh n\u01b0\u1edbng Amish, falafel Trung \u0110\u00f4ng, c\u00e0 ri \u1ea4n \u0110\u1ed9 ho\u1eb7c b\u00e1nh m\u00ec tr\u00f2n Do Th\u00e1i - m\u1ed9t \u0111\u1ecba \u0111i\u1ec3m th\u1ef1c s\u1ef1 kh\u00f4ng th\u1ec3 b\u1ecf qua \u0111\u1ed1i v\u1edbi nh\u1eefng ng\u01b0\u1eddi s\u00e0nh \u0103n. B\u1ed1i c\u1ea3nh ngh\u1ec7 thu\u1eadt r\u1ea5t s\u00f4i \u0111\u1ed9ng: c\u00e1c t\u1ed5 ch\u1ee9c l\u1edbn nh\u01b0 B\u1ea3o t\u00e0ng Ngh\u1ec7 thu\u1eadt Philadelphia (n\u1ed5i ti\u1ebfng v\u1edbi &#034;Nh\u1eefng b\u1eadc thang \u0111\u00e1&#034;), Qu\u1ef9 Barnes, Vi\u1ec7n Franklin v\u00e0 v\u00f4 s\u1ed1 ph\u00f2ng tr\u01b0ng b\u00e0y n\u1eb1m d\u1ecdc theo Benjamin Franklin Parkway.<\/p>\n<p>L\u1ec5 h\u1ed9i v\u00e0 s\u1ef1 ki\u1ec7n khu ph\u1ed1 nh\u1ea5n m\u1ea1nh s\u1ef1 \u0111a d\u1ea1ng c\u1ee7a th\u00e0nh ph\u1ed1. M\u00f9a h\u00e8 ch\u1ee9ng ki\u1ebfn \u200b\u200bc\u00e1c l\u1ec5 h\u1ed9i \u0111\u01b0\u1eddng ph\u1ed1 theo d\u00e2n t\u1ed9c (L\u1ec5 h\u1ed9i ch\u1ee3 \u00dd, J&#039;ouvert Carib\u00ea) v\u00e0 l\u1ec5 k\u1ef7 ni\u1ec7m ng\u00e0y 4 th\u00e1ng 7 tr\u00ean b\u1edd s\u00f4ng Delaware. Cu\u1ed9c di\u1ec5u h\u00e0nh Mummers h\u00e0ng n\u0103m v\u00e0o Ng\u00e0y \u0111\u1ea7u n\u0103m m\u1edbi (v\u1edbi trang ph\u1ee5c l\u00f4ng v\u0169 v\u00e0 ban nh\u1ea1c di\u1ec5u h\u00e0nh) l\u00e0 tinh t\u00fay c\u1ee7a Philadelphia. M\u1eb7c d\u00f9 c\u00f3 quy m\u00f4 nh\u1ecf, Philly v\u1eabn duy tr\u00ec c\u1ea3m gi\u00e1c \u0111\u1ecba ph\u01b0\u01a1ng m\u1ea1nh m\u1ebd: c\u00e1c qu\u00e1n \u0103n g\u00f3c ph\u1ed1, ti\u1ec7m c\u1eaft t\u00f3c t\u1ef1 h\u00e0o v\u00e0 tranh t\u01b0\u1eddng (th\u00e0nh ph\u1ed1 th\u1ef1c s\u1ef1 c\u00f3 h\u00e0ng ngh\u00ecn b\u1ee9c tranh t\u01b0\u1eddng). V\u1edbi m\u00f9a h\u00e8 \u1ea5m \u00e1p v\u00e0 m\u00f9a xu\u00e2n\/m\u00f9a thu \u00f4n h\u00f2a, nhi\u1ec1u cu\u1ed9c s\u1ed1ng x\u00e3 h\u1ed9i di\u1ec5n ra ngo\u00e0i tr\u1eddi - tr\u00ean b\u1eadc th\u1ec1m hi\u00ean nh\u00e0, trong c\u00e1c qu\u00e1n r\u01b0\u1ee3u g\u00f3c ph\u1ed1 v\u00e0 tr\u00ean b\u00e3i c\u1ecf c\u00f4ng vi\u00ean \u0111\u1ea7y n\u1eafng. Tuy nhi\u00ean, c\u0169ng c\u00f3 m\u1ed9t \u0111\u1ea1o \u0111\u1ee9c ngh\u1ec1 nghi\u1ec7p th\u1ef1c t\u1ebf, x\u00e9t \u0111\u1ebfn ngu\u1ed3n g\u1ed1c c\u00f4ng nghi\u1ec7p phong ph\u00fa c\u1ee7a th\u00e0nh ph\u1ed1. T\u00f3m l\u1ea1i, &#034;c\u1ea3m gi\u00e1c&#034; c\u1ee7a Philadelphia l\u00e0 \u0111\u00f4 th\u1ecb v\u00e0 l\u1ecbch s\u1eed, k\u1ebft h\u1ee3p n\u00e9t quy\u1ebfn r\u0169 c\u1ee7a th\u1ebf gi\u1edbi c\u0169 v\u1edbi t\u00ednh x\u00e1c th\u1ef1c c\u1ee7a t\u1ea7ng l\u1edbp lao \u0111\u1ed9ng ch\u00e2n tay.<\/p>\n<p>Philadelphia c\u00f3 nhi\u1ec1u \u0111i\u1ec3m tham quan tr\u1ea3i d\u00e0i theo l\u1ecbch s\u1eed v\u00e0 v\u0103n h\u00f3a c\u1ee7a th\u00e0nh ph\u1ed1. \u0110i\u1ec3m nh\u1ea5n l\u00e0 C\u00f4ng vi\u00ean L\u1ecbch s\u1eed Qu\u1ed1c gia \u0110\u1ed9c l\u1eadp \u1edf Ph\u1ed1 c\u1ed5. N\u01a1i \u0111\u00e2y c\u00f3 H\u1ed9i tr\u01b0\u1eddng \u0110\u1ed9c l\u1eadp v\u00e0 Chu\u00f4ng T\u1ef1 do, n\u01a1i nh\u1eefng ng\u01b0\u1eddi s\u00e1ng l\u1eadp qu\u1ed1c gia t\u1ee5 h\u1ecdp. Du kh\u00e1ch c\u00f3 th\u1ec3 tham quan ph\u00f2ng h\u1ecdp n\u01a1i c\u1ea3 Tuy\u00ean ng\u00f4n v\u00e0 Hi\u1ebfn ph\u00e1p \u0111\u01b0\u1ee3c k\u00fd k\u1ebft. G\u1ea7n \u0111\u00f3 l\u00e0 c\u00e1c \u0111\u1ecba \u0111i\u1ec3m th\u1eddi thu\u1ed9c \u0111\u1ecba nh\u01b0 H\u1ed9i tr\u01b0\u1eddng Qu\u1ed1c h\u1ed9i v\u00e0 nh\u00e0 Betsy Ross, n\u01a1i l\u01b0u gi\u1eef c\u00e2u chuy\u1ec7n C\u00e1ch m\u1ea1ng. Ch\u1ec9 c\u00e1ch \u0111\u00f3 v\u00e0i d\u00e3y nh\u00e0, c\u00f3 r\u1ea5t nhi\u1ec1u \u0111i\u1ec3m tham quan hi\u1ec7n \u0111\u1ea1i.<\/p>\n<p>Tr\u00ean Benjamin Franklin Parkway \u2013 th\u01b0\u1eddng \u0111\u01b0\u1ee3c g\u1ecdi l\u00e0 \u201cPhilly&#039;s Museum Mile\u201d \u2013 c\u00e1c t\u1ed5 ch\u1ee9c v\u0103n h\u00f3a l\u1edbn t\u1eadp trung t\u1ea1i \u0111\u00e2y. B\u1ea3o t\u00e0ng Ngh\u1ec7 thu\u1eadt Philadelphia (c\u1ed5ng v\u00e0o c\u00e1c b\u1ee9c tranh t\u01b0\u1eddng c\u1ee7a th\u00e0nh ph\u1ed1 v\u00e0 l\u00e0 n\u01a1i c\u00f3 b\u1ee9c t\u01b0\u1ee3ng Rocky n\u1ed5i ti\u1ebfng) v\u00e0 Qu\u1ef9 Barnes (b\u1ed9 s\u01b0u t\u1eadp ngh\u1ec7 thu\u1eadt n\u1ed5i ti\u1ebfng) n\u1eb1m \u1edf \u0111\u00e2y. C\u00e1c b\u1ea3o t\u00e0ng khoa h\u1ecdc v\u00e0 l\u1ecbch s\u1eed (Vi\u1ec7n Franklin, Trung t\u00e2m Hi\u1ebfn ph\u00e1p Qu\u1ed1c gia, B\u1ea3o t\u00e0ng C\u00e1ch m\u1ea1ng Hoa K\u1ef3 m\u1edbi) cung c\u1ea5p c\u00e1c \u0111i\u1ec3m thu h\u00fat gi\u00e1o d\u1ee5c. C\u0169ng trong khu v\u1ef1c n\u00e0y, Nh\u00e0 t\u00f9 Ti\u1ec3u bang ph\u00eda \u0110\u00f4ng \u0111\u01b0\u1ee3c ph\u1ee5c h\u1ed3i (m\u1ed9t t\u00e0n t\u00edch nh\u00e0 t\u00f9 theo phong c\u00e1ch gothic) mang \u0111\u1ebfn c\u00e1i nh\u00ecn \u00e1m \u1ea3nh v\u1ec1 s\u1ef1 giam c\u1ea7m th\u1ebf k\u1ef7 19. \u0110\u1ed1i v\u1edbi nh\u1eefng ng\u01b0\u1eddi y\u00eau th\u00edch \u1ea9m th\u1ef1c, Ch\u1ee3 Reading Terminal (m\u1ed9t khu ch\u1ee3 th\u1ef1c ph\u1ea9m trong nh\u00e0 n\u1eb1m trong m\u1ed9t nh\u00e0 kho \u0111\u01b0\u1eddng s\u1eaft th\u1ebf k\u1ef7 19) l\u00e0 \u0111\u1ecba \u0111i\u1ec3m kh\u00f4ng th\u1ec3 b\u1ecf qua \u2013 n\u01a1i n\u00e0y \u0111\u01b0\u1ee3c x\u1ebfp h\u1ea1ng l\u00e0 m\u1ed9t trong nh\u1eefng khu ch\u1ee3 th\u1ef1c ph\u1ea9m t\u1ed1t nh\u1ea5t c\u1ee7a Hoa K\u1ef3.<\/p>\n<p>B\u1edd s\u00f4ng Philadelphia \u0111\u00e3 \u0111\u01b0\u1ee3c t\u00e1i sinh th\u00e0nh nh\u1eefng kh\u00f4ng gian c\u00f4ng c\u1ed9ng s\u00f4i \u0111\u1ed9ng. C\u00f4ng vi\u00ean Spruce Street Harbor tr\u00ean S\u00f4ng Delaware cung c\u1ea5p v\u00f5ng, qu\u1ea7y h\u00e0ng th\u1ef1c ph\u1ea9m v\u00e0 c\u00e1c s\u1ef1 ki\u1ec7n m\u00f9a h\u00e8. Tr\u00ean S\u00f4ng Schuylkill, l\u1ed1i \u0111i b\u1ed9 Schuylkill Banks v\u00e0 b\u1ebfn thuy\u1ec1n kayak ch\u00e0o \u0111\u00f3n s\u1ef1 kh\u1ecfe kho\u1eafn v\u00e0 gi\u1ea3i tr\u00ed. C\u00f4ng vi\u00ean l\u1ecbch s\u1eed Fairmount (m\u1ed9t trong nh\u1eefng c\u00f4ng vi\u00ean \u0111\u00f4 th\u1ecb l\u1edbn nh\u1ea5t qu\u1ed1c gia) tr\u1ea3i d\u00e0i h\u00e0ng d\u1eb7m \u0111\u01b0\u1eddng m\u00f2n, nh\u1eefng dinh th\u1ef1 l\u1ecbch s\u1eed (nh\u01b0 Nh\u00e0 Betsy Ross v\u00e0 C\u00f4ng tr\u00ecnh c\u1ea5p n\u01b0\u1edbc Fairmount) v\u00e0 S\u1edf th\u00fa Philadelphia n\u1ed5i ti\u1ebfng.<\/p>\n<p>Nh\u1eefng th\u00fa vui h\u00e0ng ng\u00e0y c\u0169ng l\u00e0 \u0111i\u1ec3m thu h\u00fat: qu\u1ea7y b\u00e1nh m\u00ec k\u1eb9p ph\u00f4 mai n\u01b0\u1edbng ho\u1eb7c c\u1eeda s\u1ed5 ti\u1ec7m b\u00e1nh, nh\u1eefng b\u1ee9c tranh t\u01b0\u1eddng \u0111\u1ea7y m\u00e0u s\u1eafc \u0111\u01b0\u1ee3c v\u1ebd tr\u00ean c\u00e1c b\u1ee9c t\u01b0\u1eddng c\u1ee7a khu ph\u1ed1 (Philadelphia n\u1ed5i ti\u1ebfng l\u00e0 \u201cTh\u1ee7 \u0111\u00f4 tranh t\u01b0\u1eddng\u201d c\u1ee7a th\u1ebf gi\u1edbi), ho\u1eb7c Ch\u1ee3 \u00dd Fourth Street (ch\u1ee3 ngo\u00e0i tr\u1eddi l\u00e2u \u0111\u1eddi nh\u1ea5t c\u1ee7a M\u1ef9). Ng\u01b0\u1eddi h\u00e2m m\u1ed9 th\u1ec3 thao c\u00f3 th\u1ec3 s\u1eafp x\u1ebfp th\u1eddi gian gh\u00e9 th\u0103m tr\u00f9ng v\u1edbi tr\u1eadn \u0111\u1ea5u c\u1ee7a Eagles, Phillies ho\u1eb7c Sixers \u0111\u1ec3 c\u1ea3m nh\u1eadn tinh th\u1ea7n \u0111\u1ecba ph\u01b0\u01a1ng. V\u00e0o m\u00f9a \u0111\u00f4ng, Blue Cross RiverRink l\u00e0 s\u00e2n tr\u01b0\u1ee3t b\u0103ng theo m\u00f9a b\u00ean b\u1edd s\u00f4ng v\u1edbi m\u00e0n b\u1eafn ph\u00e1o hoa tr\u00ean C\u1ea7u Benjamin Franklin.<\/p>\n<p>Philadelphia r\u1ea5t d\u1ec5 ti\u1ebfp c\u1eadn. S\u00e2n bay ch\u00ednh c\u1ee7a th\u00e0nh ph\u1ed1 l\u00e0 Philadelphia International (PHL), m\u1ed9t trung t\u00e2m l\u1edbn v\u1edbi c\u00e1c chuy\u1ebfn bay qu\u1ed1c t\u1ebf v\u00e0 n\u1ed9i \u0111\u1ecba. B\u1eb1ng t\u00e0u h\u1ecfa, Ga 30th Street l\u00e0 trung t\u00e2m Amtrak l\u1edbn c\u1ee7a th\u00e0nh ph\u1ed1, l\u00e0 trung t\u00e2m b\u1eadn r\u1ed9n th\u1ee9 ba tr\u00ean to\u00e0n qu\u1ed1c, v\u1edbi d\u1ecbch v\u1ee5 th\u01b0\u1eddng xuy\u00ean \u0111\u1ebfn New York, Washington v\u00e0 xa h\u01a1n n\u1eefa. \u0110\u01b0\u1eddng cao t\u1ed1c li\u00ean bang I-95 (\u0111\u00f4ng b\u1eafc-t\u00e2y nam) v\u00e0 I-76 (ph\u00eda t\u00e2y \u0111\u1ebfn Pittsburgh) ch\u1ea1y g\u1ea7n th\u00e0nh ph\u1ed1, nh\u01b0ng h\u00e3y chu\u1ea9n b\u1ecb cho t\u00ecnh tr\u1ea1ng t\u1eafc ngh\u1ebdn giao th\u00f4ng \u0111\u00f4 th\u1ecb v\u00e0 c\u1ea7u thu ph\u00ed n\u1ebfu l\u00e1i xe. \u0110\u1ed1i v\u1edbi du l\u1ecbch trong khu v\u1ef1c, tuy\u1ebfn t\u00e0u \u0111i\u1ec7n ng\u1ea7m PATCO Speedline (t\u00e0u \u0111i\u1ec7n ng\u1ea7m) c\u1ee7a New Jersey v\u00e0 t\u00e0u NJ Transit k\u1ebft n\u1ed1i Philadelphia v\u1edbi Atlantic City v\u00e0 c\u00e1c v\u00f9ng ngo\u1ea1i \u00f4 \u0111\u1ecba ph\u01b0\u01a1ng c\u1ee7a NJ.<\/p>\n<p>Trung t\u00e2m th\u00e0nh ph\u1ed1 Philadelphia (Center City) nh\u1ecf g\u1ecdn v\u00e0 d\u1ec5 \u0111i b\u1ed9, v\u1edbi m\u1ed9t m\u1ea1ng l\u01b0\u1edbi c\u00e1c con ph\u1ed1 \u0111\u01b0\u1ee3c \u0111\u00e1nh s\u1ed1 v\u00e0 c\u00e1c khu ph\u1ed1 \u0111\u1eb7c bi\u1ec7t. Giao th\u00f4ng c\u00f4ng c\u1ed9ng r\u1ea5t ph\u00e1t tri\u1ec3n: SEPTA v\u1eadn h\u00e0nh t\u00e0u \u0111i\u1ec7n ng\u1ea7m (c\u00e1c tuy\u1ebfn Market-Frankford v\u00e0 Broad Street), c\u00e1c tuy\u1ebfn xe \u0111i\u1ec7n, t\u00e0u h\u1ecfa khu v\u1ef1c v\u00e0 xe bu\u00fdt. Nhi\u1ec1u ng\u01b0\u1eddi \u0111i l\u00e0m d\u1ef1a v\u00e0o SEPTA \u2013 g\u1ea7n 24% ng\u01b0\u1eddi Philadelphia s\u1eed d\u1ee5ng ph\u01b0\u01a1ng ti\u1ec7n c\u00f4ng c\u1ed9ng \u0111\u1ec3 \u0111i l\u00e0m. Taxi v\u00e0 \u0111i chung xe l\u00e0 ph\u01b0\u01a1ng ti\u1ec7n ph\u1ed5 bi\u1ebfn \u1edf trung t\u00e2m th\u00e0nh ph\u1ed1, v\u00e0 c\u00f3 hai tuy\u1ebfn xe \u0111i\u1ec7n ch\u1ea1y g\u1ea7n University City. T\u1eeb Trung t\u00e2m th\u00e0nh ph\u1ed1, b\u1ea1n c\u00f3 th\u1ec3 d\u1ec5 d\u00e0ng \u0111i b\u1ed9 ho\u1eb7c \u0111i xe bu\u00fdt m\u1ed9t \u0111o\u1ea1n ng\u1eafn \u0111\u1ec3 \u0111\u1ebfn m\u1ecdi n\u01a1i.<\/p>\n<p>Ti\u1ec1n t\u1ec7 l\u00e0 \u0111\u00f4 la M\u1ef9 v\u00e0 ti\u1ec1n boa \u0111\u01b0\u1ee3c mong \u0111\u1ee3i (15\u201320% t\u1ea1i c\u00e1c nh\u00e0 h\u00e0ng ng\u1ed3i, 1\u20132 \u0111\u00f4 la cho m\u1ed7i t\u00fai ti\u1ec1n cho ng\u01b0\u1eddi khu\u00e2n v\u00e1c h\u00e0nh l\u00fd, v.v.). Ng\u00f4n ng\u1eef ch\u00ednh l\u00e0 ti\u1ebfng Anh v\u00e0 ti\u1ebfng T\u00e2y Ban Nha (b\u1ea1n s\u1ebd th\u1ea5y bi\u1ec3n b\u00e1o ti\u1ebfng T\u00e2y Ban Nha \u1edf nhi\u1ec1u c\u1eeda h\u00e0ng v\u00e0 nh\u00e0 h\u00e0ng). Trong cu\u1ed9c tr\u00f2 chuy\u1ec7n, ng\u01b0\u1eddi Philadelphia \u0111\u00e1nh gi\u00e1 cao s\u1ef1 th\u00e2n thi\u1ec7n th\u1eb3ng th\u1eafn - m\u1ed9t c\u00e2u &#034;xin ch\u00e0o&#034; ho\u1eb7c &#034;how ya doin&#039;?&#034; nhanh ch\u00f3ng v\u1edbi ng\u01b0\u1eddi l\u1ea1 l\u00e0 ph\u00e9p l\u1ecbch s\u1ef1 \u0111i\u1ec3n h\u00ecnh c\u1ee7a ng\u01b0\u1eddi d\u00e2n \u0111\u1ecba ph\u01b0\u01a1ng. V\u1ec1 m\u1eb7t an to\u00e0n, c\u00e1c khu v\u1ef1c du l\u1ecbch c\u1ee7a Philadelphia (Ph\u1ed1 c\u1ed5, Trung t\u00e2m th\u00e0nh ph\u1ed1, Th\u00e0nh ph\u1ed1 \u0110\u1ea1i h\u1ecdc) nh\u00ecn chung an to\u00e0n v\u00e0o ban ng\u00e0y, nh\u01b0ng h\u00e3y c\u1ea9n th\u1eadn v\u00e0o ban \u0111\u00eam \u1edf nh\u1eefng khu v\u1ef1c \u00edt \u0111\u00f4ng \u0111\u00fac h\u01a1n. H\u00e3y c\u1ea9n th\u1eadn v\u1edbi \u0111\u1ed3 \u0111\u1ea1c c\u1ee7a b\u1ea1n t\u1ea1i c\u00e1c nh\u00e0 ga SEPTA \u0111\u00f4ng \u0111\u00fac. Th\u1eddi ti\u1ebft c\u00f3 th\u1ec3 l\u00e0 m\u1ed9t y\u1ebfu t\u1ed1: tuy\u1ebft v\u00e0o m\u00f9a \u0111\u00f4ng c\u00f3 th\u1ec3 l\u00e0m t\u00ea li\u1ec7t giao th\u00f4ng trong th\u1eddi gian ng\u1eafn (d\u00e0nh th\u00eam th\u1eddi gian), trong khi l\u0169 l\u1ee5t do gi\u00f4ng b\u00e3o v\u00e0o m\u00f9a h\u00e8 c\u00f3 th\u1ec3 g\u00e2y gi\u00e1n \u0111o\u1ea1n giao th\u00f4ng. \u0102n m\u1eb7c tho\u1ea3i m\u00e1i khi \u0111i b\u1ed9 tr\u00ean v\u1ec9a h\u00e8 c\u1ee7a th\u00e0nh ph\u1ed1 (\u0111\u1eb7c bi\u1ec7t l\u00e0 \u1edf c\u00e1c khu v\u1ef1c l\u1ecbch s\u1eed c\u00f3 g\u1ea1ch ho\u1eb7c \u0111\u00e1 cu\u1ed9i kh\u00f4ng b\u1eb1ng ph\u1eb3ng). M\u00f9a h\u00e8 c\u00f3 th\u1ec3 n\u00f3ng v\u00e0 \u1ea9m, v\u00ec v\u1eady h\u00e3y m\u1eb7c qu\u1ea7n \u00e1o nh\u1eb9 v\u00e0 \u00f4 ho\u1eb7c \u00e1o m\u01b0a. T\u00f3m l\u1ea1i, Philadelphia l\u00e0 m\u1ed9t th\u00e0nh ph\u1ed1 d\u1ec5 t\u1eadn h\u01b0\u1edfng v\u1edbi t\u01b0 c\u00e1ch l\u00e0 du kh\u00e1ch: h\u00e3y l\u00ean k\u1ebf ho\u1ea1ch k\u1ebft h\u1ee3p c\u00e1c chuy\u1ebfn tham quan l\u1ecbch s\u1eed c\u00f3 h\u01b0\u1edbng d\u1eabn vi\u00ean v\u1edbi kh\u00e1m ph\u00e1 khu ph\u1ed1 m\u1ed9t c\u00e1ch t\u1ef1 ph\u00e1t.<a href=\"https:\/\/travelshelper.com\/vi\/diem-den\/bac-my\/hop-chung-quoc-hoa-ky\/berkeley-springs\/\" target=\"_self\" aria-labelledby=\"uael-post-8997\"><br \/>\n<\/a><\/p>","protected":false},"excerpt":{"rendered":"<p>V\u1edbi d\u00e2n s\u1ed1 1.603.796 ng\u01b0\u1eddi, Philadelphia\u2014c\u00f2n \u0111\u01b0\u1ee3c g\u1ecdi l\u00e0 \u201cPhilly\u201d\u2014l\u00e0 th\u00e0nh ph\u1ed1 \u0111\u00f4ng d\u00e2n th\u1ee9 s\u00e1u t\u1ea1i Hoa K\u1ef3 v\u00e0 l\u00e0 th\u00e0nh ph\u1ed1 \u0111\u00f4ng d\u00e2n nh\u1ea5t t\u1ea1i Pennsylvania theo \u0111i\u1ec1u tra d\u00e2n s\u1ed1 n\u0103m 2020. Th\u00e0nh ph\u1ed1 n\u0103ng \u0111\u1ed9ng n\u00e0y l\u00e0 trung t\u00e2m \u0111\u00f4 th\u1ecb c\u1ee7a Thung l\u0169ng Delaware, \u0111\u00f4i khi \u0111\u01b0\u1ee3c g\u1ecdi l\u00e0 v\u00f9ng \u0111\u00f4 th\u1ecb Philadelphia. C\u00f3 quy m\u00f4 th\u1ee9 t\u00e1m trong s\u1ed1 c\u00e1c v\u00f9ng \u0111\u00f4 th\u1ecb c\u1ee7a Hoa K\u1ef3 v\u1edbi 6,245 tri\u1ec7u c\u01b0 d\u00e2n trong khu v\u1ef1c th\u1ed1ng k\u00ea \u0111\u00f4 th\u1ecb v\u00e0 7,366 tri\u1ec7u c\u01b0 d\u00e2n trong khu v\u1ef1c th\u1ed1ng k\u00ea k\u1ebft h\u1ee3p, Philadelphia l\u00e0 m\u1ed9t trung t\u00e2m s\u00f4i \u0111\u1ed9ng v\u1ec1 l\u1ecbch s\u1eed, v\u0103n h\u00f3a v\u00e0 ho\u1ea1t \u0111\u1ed9ng.<\/p>","protected":false},"author":1,"featured_media":3027,"parent":8072,"menu_order":0,"comment_status":"closed","ping_status":"closed","template":"elementor_theme","meta":{"_eb_attr":"","footnotes":""},"class_list":["post-8312","page","type-page","status-publish","has-post-thumbnail"],"_links":{"self":[{"href":"https:\/\/travelshelper.com\/vi\/wp-json\/wp\/v2\/pages\/8312","targetHints":{"allow":["GET"]}}],"collection":[{"href":"https:\/\/travelshelper.com\/vi\/wp-json\/wp\/v2\/pages"}],"about":[{"href":"https:\/\/travelshelper.com\/vi\/wp-json\/wp\/v2\/types\/page"}],"author":[{"embeddable":true,"href":"https:\/\/travelshelper.com\/vi\/wp-json\/wp\/v2\/users\/1"}],"replies":[{"embeddable":true,"href":"https:\/\/travelshelper.com\/vi\/wp-json\/wp\/v2\/comments?post=8312"}],"version-history":[{"count":0,"href":"https:\/\/travelshelper.com\/vi\/wp-json\/wp\/v2\/pages\/8312\/revisions"}],"up":[{"embeddable":true,"href":"https:\/\/travelshelper.com\/vi\/wp-json\/wp\/v2\/pages\/8072"}],"wp:featuredmedia":[{"embeddable":true,"href":"https:\/\/travelshelper.com\/vi\/wp-json\/wp\/v2\/media\/3027"}],"wp:attachment":[{"href":"https:\/\/travelshelper.com\/vi\/wp-json\/wp\/v2\/media?parent=8312"}],"curies":[{"name":"wp","href":"https:\/\/api.w.org\/{rel}","templated":true}]}}