{"id":8219,"date":"2024-09-01T20:08:53","date_gmt":"2024-09-01T20:08:53","guid":{"rendered":"https:\/\/travelshelper.com\/staging\/?page_id=8219"},"modified":"2026-03-13T17:59:34","modified_gmt":"2026-03-13T17:59:34","slug":"miami-beach","status":"publish","type":"page","link":"https:\/\/travelshelper.com\/vi\/destinations\/north-america\/united-states\/miami-beach\/","title":{"rendered":"Miami Beach"},"content":{"rendered":"<p>Miami Beach l\u00e0 m\u1ed9t th\u00e0nh ph\u1ed1 nh\u1ecf h\u01a1n v\u1ec1 d\u00e2n s\u1ed1 nh\u01b0ng l\u1ea1i c\u00f3 s\u1ee9c h\u00fat l\u1edbn v\u1ec1 du l\u1ecbch. B\u1ea3n th\u00e2n th\u00e0nh ph\u1ed1 c\u00f3 kho\u1ea3ng 78.000 c\u01b0 d\u00e2n v\u00e0o n\u0103m 2025, gi\u1ea3m so v\u1edbi kho\u1ea3ng 82.000 v\u00e0o n\u0103m 2020. (Tr\u00ean th\u1ef1c t\u1ebf, \u0111\u00e2y l\u00e0 m\u1ed9t ph\u1ea7n c\u1ee7a khu v\u1ef1c \u0111\u00f4 th\u1ecb Miami l\u1edbn h\u01a1n, v\u1edbi t\u1ed5ng d\u00e2n s\u1ed1 h\u01a1n 6 tri\u1ec7u ng\u01b0\u1eddi.) \u0110\u1ed9 tu\u1ed5i trung b\u00ecnh c\u1ee7a Miami Beach c\u00f3 xu h\u01b0\u1edbng gi\u00e0 h\u01a1n - kho\u1ea3ng 47 tu\u1ed5i - ph\u1ea3n \u00e1nh s\u1ef1 ph\u1ed5 bi\u1ebfn c\u1ee7a n\u01a1i n\u00e0y v\u1edbi nh\u1eefng ng\u01b0\u1eddi v\u1ec1 h\u01b0u v\u00e0 du kh\u00e1ch m\u00f9a \u0111\u00f4ng, m\u1eb7c d\u00f9 d\u00e2n s\u1ed1 theo m\u00f9a t\u0103ng l\u00ean v\u00e0o nh\u1eefng th\u00e1ng m\u00f9a \u0111\u00f4ng v\u1edbi nh\u1eefng ng\u01b0\u1eddi th\u00edch tuy\u1ebft. V\u1ec1 m\u1eb7t kinh t\u1ebf, Miami Beach ph\u00e1t tri\u1ec3n m\u1ea1nh v\u1ec1 b\u1ea5t \u0111\u1ed9ng s\u1ea3n v\u00e0 d\u1ecbch v\u1ee5 kh\u00e1ch s\u1ea1n: thu nh\u1eadp h\u1ed9 gia \u0111\u00ecnh trung b\u00ecnh t\u01b0\u01a1ng \u0111\u1ed1i cao (kho\u1ea3ng 67.000 \u0111\u00f4 la) do c\u00e1c khu d\u00e2n c\u01b0 gi\u00e0u c\u00f3 v\u00e0 n\u1ec1n kinh t\u1ebf do khu ngh\u1ec9 d\u01b0\u1ee1ng th\u00fac \u0111\u1ea9y. T\u1ef7 l\u1ec7 th\u1ea5t nghi\u1ec7p c\u00f3 xu h\u01b0\u1edbng th\u1ea5p, trong khi t\u1ef7 l\u1ec7 ngh\u00e8o \u0111\u00f3i th\u1ea5p theo ti\u00eau chu\u1ea9n qu\u1ed1c gia (~ 14%). V\u1ec1 m\u1eb7t ch\u1ee7ng t\u1ed9c v\u00e0 d\u00e2n t\u1ed9c, th\u00e0nh ph\u1ed1 kh\u00e1 \u0111a d\u1ea1ng: kho\u1ea3ng 56% \u0111\u01b0\u1ee3c x\u00e1c \u0111\u1ecbnh l\u00e0 ng\u01b0\u1eddi da tr\u1eafng (kh\u00f4ng ph\u1ea3i ng\u01b0\u1eddi g\u1ed1c T\u00e2y Ban Nha), v\u1edbi c\u1ed9ng \u0111\u1ed3ng ng\u01b0\u1eddi g\u1ed1c T\u00e2y Ban Nha\/La tinh l\u1edbn v\u00e0 c\u00e1c c\u1ed9ng \u0111\u1ed3ng thi\u1ec3u s\u1ed1 kh\u00e1c. G\u1ea7n 60% c\u01b0 d\u00e2n n\u00f3i ti\u1ebfng T\u00e2y Ban Nha \u1edf nh\u00e0, ph\u1ea3n \u00e1nh \u1ea3nh h\u01b0\u1edfng l\u1edbn c\u1ee7a l\u00e0n s\u00f3ng di c\u01b0 t\u1eeb M\u1ef9 Latinh v\u00e0 Caribe.<\/p>\n<p>Miami Beach l\u00e0 m\u1ed9t th\u00e0nh ph\u1ed1 ngh\u1ec9 d\u01b0\u1ee1ng nhi\u1ec7t \u0111\u1edbi n\u1eb1m tr\u00ean m\u1ed9t chu\u1ed7i c\u00e1c \u0111\u1ea3o ch\u1eafn d\u1ecdc theo b\u1edd bi\u1ec3n \u0110\u1ea1i T\u00e2y D\u01b0\u01a1ng c\u1ee7a Florida, ngay ph\u00eda \u0111\u00f4ng c\u1ee7a th\u00e0nh ph\u1ed1 Miami tr\u00ean \u0111\u1ea5t li\u1ec1n. Th\u00e0nh ph\u1ed1 tr\u1ea3i d\u00e0i tr\u00ean \u0110\u1ea3o Miami Beach (n\u01a1i c\u00f3 South Beach), Qu\u1ea7n \u0111\u1ea3o Normandy v\u00e0 Biscayne, v\u00e0 c\u00e1c \u0111\u1ea3o nh\u1ecf h\u01a1n - t\u1ea5t c\u1ea3 \u0111\u1ec1u \u0111\u01b0\u1ee3c t\u00e1ch bi\u1ec7t kh\u1ecfi \u0111\u1ea5t li\u1ec1n b\u1edfi V\u1ecbnh Biscayne. Th\u00e0nh ph\u1ed1 n\u1eb1m \u1edf m\u0169i ph\u00eda nam c\u1ee7a B\u1eafc M\u1ef9, thu\u1ed9c ti\u1ec3u bang Florida c\u1ee7a Hoa K\u1ef3 v\u00e0 do \u0111\u00f3 \u0111\u01b0\u1ee3c coi l\u00e0 m\u1ed9t ph\u1ea7n c\u1ee7a \u0111\u00f4ng nam Hoa K\u1ef3. C\u1ea3nh quan b\u1eb1ng ph\u1eb3ng v\u00e0 \u0111\u1ea1i d\u01b0\u01a1ng, v\u1edbi nhi\u1ec1u d\u1eb7m b\u00e3i bi\u1ec3n \u0111\u1ea7y c\u00e1t h\u01b0\u1edbng ra \u0110\u1ea1i T\u00e2y D\u01b0\u01a1ng v\u1ec1 ph\u00eda \u0111\u00f4ng v\u00e0 c\u00e1c v\u1ecbnh\/\u0111\u1ea7m ph\u00e1 v\u1ec1 ph\u00eda t\u00e2y. Kh\u00f4ng c\u00f3 n\u00fai hay \u0111\u1ed3i - ch\u1ec9 c\u00f3 c\u00e2y c\u1ecd, nh\u1eefng l\u1ed1i \u0111i d\u1ea1o r\u1ee3p b\u00f3ng c\u1ecd v\u00e0 nh\u1eefng t\u00f2a nh\u00e0 Art Deco m\u00e0u ph\u1ea5n n\u1ed5i ti\u1ebfng c\u1ee7a South Beach.<\/p>\n<p>Kh\u00ed h\u1eadu th\u1ef1c s\u1ef1 nhi\u1ec7t \u0111\u1edbi. Miami Beach tr\u1ea3i qua m\u00f9a h\u00e8 n\u00f3ng \u1ea9m v\u00e0 m\u00f9a \u0111\u00f4ng \u1ea5m \u00e1p, \u00f4n h\u00f2a. N\u01a1i \u0111\u00e2y n\u1eb1m trong v\u00f9ng &#034;gi\u00f3 m\u00f9a nhi\u1ec7t \u0111\u1edbi&#034;: m\u00f9a h\u00e8 (t\u1eeb th\u00e1ng 5 \u0111\u1ebfn th\u00e1ng 10) th\u01b0\u1eddng xuy\u00ean c\u00f3 m\u01b0a r\u00e0o v\u00e0o bu\u1ed5i chi\u1ec1u v\u00e0 nguy c\u01a1 x\u1ea3y ra b\u00e3o, v\u1edbi nhi\u1ec7t \u0111\u1ed9 cao v\u00e0o ban ng\u00e0y th\u01b0\u1eddng \u1edf m\u1ee9c tr\u00ean 80\u201390 \u00b0F (tr\u00ean 30 \u00b0C). Nh\u1eefng th\u00e1ng m\u00f9a \u0111\u00f4ng \u1ea5m \u00e1p (nhi\u1ec7t \u0111\u1ed9 cao v\u00e0o th\u00e1ng 1 kho\u1ea3ng t\u1eeb cao 60 \u0111\u1ebfn th\u1ea5p 70 \u00b0F) v\u00e0 hi\u1ebfm khi th\u1ea5y nhi\u1ec7t \u0111\u1ed9 xu\u1ed1ng d\u01b0\u1edbi 50 \u00b0F. M\u00f9a m\u01b0a \u0111\u1ea1t \u0111\u1ec9nh v\u00e0o cu\u1ed1i m\u00f9a h\u00e8, g\u00f3p ph\u1ea7n t\u1ea1o n\u00ean l\u01b0\u1ee3ng m\u01b0a trung b\u00ecnh h\u00e0ng n\u0103m kho\u1ea3ng 52 inch, trong \u0111\u00f3 th\u00e1ng 7 v\u00e0 th\u00e1ng 9 \u0111\u1eb7c bi\u1ec7t \u1ea9m \u01b0\u1edbt. B\u00e3o v\u00e0 b\u00e3o nhi\u1ec7t \u0111\u1edbi c\u00f3 th\u1ec3 \u0111e d\u1ecda t\u1eeb th\u00e1ng 6 \u0111\u1ebfn th\u00e1ng 11, v\u00ec v\u1eady du kh\u00e1ch trong m\u00f9a \u0111\u00f3 n\u00ean theo d\u00f5i d\u1ef1 b\u00e1o. Nh\u00ecn chung, kh\u00ed h\u1eadu th\u00e2n thi\u1ec7n v\u1edbi b\u00e3i bi\u1ec3n quanh n\u0103m, nh\u01b0ng c\u1ea7n ph\u1ea3i b\u1ea3o v\u1ec7 kh\u1ecfi \u00e1nh n\u1eafng m\u1eb7t tr\u1eddi v\u00e0 m\u1eb7c qu\u1ea7n \u00e1o nh\u1eb9 v\u00e0o m\u00f9a h\u00e8, trong khi m\u1ed9t chi\u1ebfc \u00e1o kho\u00e1c nh\u1eb9 l\u00e0 \u0111\u1ee7 cho nh\u1eefng bu\u1ed5i t\u1ed1i m\u00f9a \u0111\u00f4ng m\u00e1t m\u1ebb.<\/p>\n<p>L\u1ecbch s\u1eed c\u1ee7a Miami Beach nh\u01b0 m\u1ed9t khu ngh\u1ec9 d\u01b0\u1ee1ng c\u00f3 t\u1eeb \u0111\u1ea7u th\u1ebf k\u1ef7 20. C\u00e1c h\u00f2n \u0111\u1ea3o ph\u1ea7n l\u1edbn kh\u00f4ng c\u00f3 ng\u01b0\u1eddi \u1edf cho \u0111\u1ebfn khi con \u0111\u01b0\u1eddng \u0111\u1eafp cao \u0111\u1ea7u ti\u00ean \u0111\u01b0\u1ee3c x\u00e2y d\u1ef1ng. N\u0103m 1913, s\u1ef1 ph\u00e1t tri\u1ec3n b\u1eaft \u0111\u1ea7u khi nh\u00e0 t\u00e0i ch\u00ednh John S. Collins ho\u00e0n th\u00e0nh C\u1ea7u Collins b\u1eafc qua V\u1ecbnh Biscayne, v\u00e0o th\u1eddi \u0111i\u1ec3m \u0111\u00f3 l\u00e0 c\u00e2y c\u1ea7u g\u1ed7 d\u00e0i nh\u1ea5t th\u1ebf gi\u1edbi. Collins (v\u00e0 sau n\u00e0y l\u00e0 Carl Fisher, m\u1ed9t \u00f4ng tr\u00f9m \u00f4 t\u00f4 v\u00e0 nh\u00e0 ph\u00e1t tri\u1ec3n b\u1ea5t \u0111\u1ed9ng s\u1ea3n s\u00e1u m\u01b0\u01a1i tu\u1ed5i) b\u1eaft \u0111\u1ea7u b\u00e1n \u0111\u1ea5t v\u00e0 x\u00e2y d\u1ef1ng kh\u00e1ch s\u1ea1n. Th\u00e0nh ph\u1ed1 &#034;Miami Beach&#034; ch\u00ednh th\u1ee9c \u0111\u01b0\u1ee3c th\u00e0nh l\u1eadp v\u00e0o n\u0103m 1915. Miami Beach ph\u00e1t tri\u1ec3n v\u00e0o nh\u1eefng n\u0103m 1920 v\u1edbi s\u1ef1 b\u00f9ng n\u1ed5 \u0111\u1ea5t \u0111ai \u1edf Florida; nhi\u1ec1u kh\u00e1ch s\u1ea1n Art Deco mang t\u00ednh bi\u1ec3u t\u01b0\u1ee3ng c\u1ee7a th\u00e0nh ph\u1ed1 c\u00f3 t\u1eeb n\u0103m 1923\u20131943. Khu l\u1ecbch s\u1eed Art Deco \u1edf South Beach tr\u1edf n\u00ean \u0111\u1eb7c bi\u1ec7t \u0111\u00e1ng ch\u00fa \u00fd - tr\u00ean th\u1ef1c t\u1ebf, khu v\u1ef1c n\u00e0y \u0111\u00e3 \u0111\u01b0\u1ee3c li\u1ec7t k\u00ea trong S\u1ed5 \u0111\u0103ng k\u00fd \u0110\u1ecba \u0111i\u1ec3m L\u1ecbch s\u1eed Qu\u1ed1c gia Hoa K\u1ef3 v\u00e0o n\u0103m 1979 v\u1edbi t\u01b0 c\u00e1ch l\u00e0 b\u1ed9 s\u01b0u t\u1eadp ki\u1ebfn \u200b\u200btr\u00fac Art Deco l\u1edbn nh\u1ea5t th\u1ebf gi\u1edbi.<\/p>\n<p>Nh\u1eefng th\u1eadp k\u1ef7 sau \u0111\u00f3 ch\u1ee9ng ki\u1ebfn \u200b\u200bs\u1ef1 l\u00ean xu\u1ed1ng th\u1ea5t th\u01b0\u1eddng. V\u00e0o gi\u1eefa th\u1ebf k\u1ef7, Miami Beach tr\u1edf th\u00e0nh n\u01a1i ngh\u1ec9 d\u01b0\u1ee1ng ph\u1ed5 bi\u1ebfn cho nh\u1eefng ng\u01b0\u1eddi v\u1ec1 h\u01b0u v\u00e0 ng\u01b0\u1eddi n\u1ed5i ti\u1ebfng. Nh\u1eefng n\u0103m 1960 v\u00e0 1970 \u0111\u00e3 ch\u1ee9ng ki\u1ebfn \u200b\u200bs\u1ef1 suy gi\u1ea3m khi m\u1ed9t s\u1ed1 kh\u00e1ch du l\u1ecbch chuy\u1ec3n \u0111i n\u01a1i kh\u00e1c, nh\u01b0ng nh\u1eefng n\u1ed7 l\u1ef1c b\u1ea3o t\u1ed3n c\u00e1c t\u00f2a nh\u00e0 Art Deco trong nh\u1eefng n\u0103m 1980 v\u00e0 1990 \u0111\u00e3 kh\u01a1i d\u1eady s\u1ef1 h\u1ed3i sinh. Ng\u00e0y nay, Miami Beach n\u1ed5i ti\u1ebfng th\u1ebf gi\u1edbi nh\u01b0 m\u1ed9t th\u00e0nh ph\u1ed1 b\u1ea3o t\u00e0ng Art Deco, \u0111\u00e3 t\u1ef1 \u0111\u1ed5i m\u1edbi m\u00ecnh nhi\u1ec1u l\u1ea7n. L\u1ecbch s\u1eed ban \u0111\u1ea7u c\u1ee7a th\u00e0nh ph\u1ed1 - t\u1eeb nh\u1eefng r\u1eb7ng d\u1eeba Collins v\u00e0 Kh\u00e1ch s\u1ea1n Flamingo (kho\u1ea3ng n\u0103m 1920) cho \u0111\u1ebfn c\u00e1c khu ngh\u1ec9 d\u01b0\u1ee1ng xa hoa ng\u00e0y nay - l\u00e0 minh ch\u1ee9ng cho s\u1ef1 ph\u00e1t tri\u1ec3n b\u1ec1n v\u1eefng c\u1ee7a ng\u00e0nh du l\u1ecbch v\u00e0 b\u1ea5t \u0111\u1ed9ng s\u1ea3n.<\/p>\n<p>Miami Beach l\u00e0 th\u00e0nh ph\u1ed1 qu\u1ed1c t\u1ebf nh\u01b0 c\u00e1c th\u00e0nh ph\u1ed1 c\u1ee7a M\u1ef9. Ti\u1ebfng Anh v\u00e0 ti\u1ebfng T\u00e2y Ban Nha \u0111\u1ec1u ph\u1ed5 bi\u1ebfn; th\u1ef1c t\u1ebf, h\u01a1n m\u1ed9t n\u1eeda d\u00e2n s\u1ed1 n\u00f3i ti\u1ebfng T\u00e2y Ban Nha \u1edf nh\u00e0. V\u0103n h\u00f3a c\u1ee7a th\u00e0nh ph\u1ed1 l\u00e0 s\u1ef1 pha tr\u1ed9n s\u00f4i \u0111\u1ed9ng c\u1ee7a \u1ea3nh h\u01b0\u1edfng t\u1eeb Cuba, Haiti, ch\u00e2u \u00c2u v\u00e0 M\u1ef9, th\u1ec3 hi\u1ec7n qua \u1ea9m th\u1ef1c, \u00e2m nh\u1ea1c v\u00e0 cu\u1ed9c s\u1ed1ng \u0111\u01b0\u1eddng ph\u1ed1. C\u00e1c khu ph\u1ed1 c\u1ee7a th\u00e0nh ph\u1ed1 c\u00f3 nh\u1eefng n\u00e9t ri\u00eang bi\u1ec7t: South Beach (SoBe) sang tr\u1ecdng n\u1ed5i ti\u1ebfng v\u1edbi s\u1ef1 quy\u1ebfn r\u0169 c\u1ee7a h\u1ed9p \u0111\u00eam, nh\u1ecbp \u0111i\u1ec7u Latin v\u00e0 c\u1ed9ng \u0111\u1ed3ng LGBT \u0111\u00f4ng \u0111\u1ea3o; Mid-Beach v\u00e0 North Beach c\u00f3 b\u1ea7u kh\u00f4ng kh\u00ed d\u00e2n c\u01b0 y\u00ean t\u0129nh, th\u00e2n thi\u1ec7n v\u1edbi gia \u0111\u00ecnh.<\/p>\n<p>Theo truy\u1ec1n th\u1ed1ng, cu\u1ed9c s\u1ed1ng \u1edf Miami Beach xoay quanh v\u0103n h\u00f3a b\u00e3i bi\u1ec3n v\u00e0 cu\u1ed9c s\u1ed1ng v\u1ec1 \u0111\u00eam. South Beach n\u00f3i ri\u00eang n\u1ed5i ti\u1ebfng v\u1edbi n\u0103ng l\u01b0\u1ee3ng 24 gi\u1edd: c\u00e1c c\u00e2u l\u1ea1c b\u1ed9 cao c\u1ea5p, ti\u1ec7c h\u1ed3 b\u01a1i v\u00e0 c\u00e1c s\u1ef1 ki\u1ec7n c\u00f3 s\u1ef1 g\u00f3p m\u1eb7t c\u1ee7a ng\u01b0\u1eddi n\u1ed5i ti\u1ebfng (h\u00e3y ngh\u0129 \u0111\u1ebfn nh\u1eefng \u0111\u00eam \u1ea5m \u00e1p tr\u00ean Ocean Drive ho\u1eb7c Club Space). V\u00e0o ban ng\u00e0y, \u0111\u00e2y l\u00e0 thi\u00ean \u0111\u01b0\u1eddng \u0111\u1ec3 t\u1eafm n\u1eafng, ch\u01a1i th\u1ec3 thao d\u01b0\u1edbi n\u01b0\u1edbc v\u00e0 l\u1ed1i s\u1ed1ng th\u01b0 gi\u00e3n tr\u00ean b\u00e3i bi\u1ec3n. Ng\u01b0\u1eddi d\u00e2n \u0111\u1ecba ph\u01b0\u01a1ng th\u00edch t\u1eadp th\u1ec3 d\u1ee5c ngo\u00e0i tr\u1eddi d\u1ecdc theo c\u00e1c con \u0111\u01b0\u1eddng ven s\u00f4ng v\u00e0 th\u00e0nh ph\u1ed1 c\u00f3 b\u1ed1i c\u1ea3nh th\u1eddi trang v\u00e0 ngh\u1ec7 thu\u1eadt \u0111\u00e1ng k\u1ec3 (v\u00ed d\u1ee5, Miami Beach t\u1ed5 ch\u1ee9c h\u1ed9i ch\u1ee3 ngh\u1ec7 thu\u1eadt \u0111\u01b0\u01a1ng \u0111\u1ea1i Art Basel th\u01b0\u1eddng ni\u00ean v\u00e0o m\u1ed7i th\u00e1ng 12, thu h\u00fat \u0111\u00e1m \u0111\u00f4ng qu\u1ed1c t\u1ebf). C\u00e1c l\u1ec5 h\u1ed9i ph\u1ea3n \u00e1nh s\u1ef1 pha tr\u1ed9n n\u00e0y - v\u00ed d\u1ee5, Calle Ocho\/Carnaval Miami \u1edf Little Havana (th\u00e1ng 3) v\u00e0 Miami Beach Pride (th\u00e1ng 3) t\u00f4n vinh n\u1ec1n v\u0103n h\u00f3a Latino v\u00e0 LGBTQ, trong khi L\u1ec5 h\u1ed9i \u1ea9m th\u1ef1c v\u00e0 r\u01b0\u1ee3u vang South Beach (th\u00e1ng 2) v\u00e0 H\u1ed9i ngh\u1ecb \u00e2m nh\u1ea1c m\u00f9a \u0111\u00f4ng (th\u00e1ng 3) thu h\u00fat \u0111\u00e1m \u0111\u00f4ng \u00e2m nh\u1ea1c khi\u00eau v\u0169 v\u00e0 \u1ea9m th\u1ef1c to\u00e0n c\u1ea7u.<\/p>\n<p>Trong cu\u1ed9c s\u1ed1ng h\u00e0ng ng\u00e0y, Miami Beach c\u00f3 nh\u1ecbp s\u1ed1ng nhanh v\u00e0 c\u00f3 ph\u1ea7n quy\u1ebfn r\u0169. Nhi\u1ec1u ng\u01b0\u1eddi l\u00e0m vi\u1ec7c trong ng\u00e0nh du l\u1ecbch v\u00e0 kh\u00e1ch s\u1ea1n ho\u1eb7c t\u00e0i ch\u00ednh\/c\u00f4ng ngh\u1ec7 \u1edf Miami g\u1ea7n \u0111\u00f3. C\u00f3 m\u1ed9t lu\u1ed3ng ng\u1ea7m c\u1ee7a s\u1ef1 sang tr\u1ecdng gi\u1ea3n d\u1ecb - t\u1eeb nh\u1eefng v\u1ec9a h\u00e8 c\u00f3 nhi\u1ec1u qu\u00e1n c\u00e0 ph\u00ea \u0111\u1ebfn c\u00e1c c\u1eeda h\u00e0ng cao c\u1ea5p v\u00e0 qu\u00e1n c\u00e0 ph\u00ea Cuba. B\u1ea5t ch\u1ea5p h\u00ecnh \u1ea3nh ti\u1ec7c t\u00f9ng, ng\u01b0\u1eddi d\u00e2n \u0111\u1ecba ph\u01b0\u01a1ng c\u0169ng duy tr\u00ec \u00fd th\u1ee9c c\u1ed9ng \u0111\u1ed3ng m\u1ea1nh m\u1ebd: c\u00e1c gia \u0111\u00ecnh t\u1eadn h\u01b0\u1edfng c\u00f4ng vi\u00ean b\u00e3i bi\u1ec3n v\u00e0 c\u00f3 s\u1ef1 \u1ea5m \u00e1p tho\u1ea3i m\u00e1i khi m\u1ecdi ng\u01b0\u1eddi ch\u00e0o nhau d\u01b0\u1edbi \u00e1nh m\u1eb7t tr\u1eddi Florida. T\u00f3m l\u1ea1i, b\u1ea7u kh\u00f4ng kh\u00ed c\u1ee7a Miami Beach r\u1ea5t s\u00f4i \u0111\u1ed9ng, cao c\u1ea5p v\u00e0 \u0111a v\u0103n h\u00f3a - m\u1ed9t th\u00e0nh ph\u1ed1 ven bi\u1ec3n, n\u01a1i h\u01b0\u01a1ng v\u1ecb M\u1ef9 Latinh, ngh\u1ec7 s\u0129 to\u00e0n c\u1ea7u v\u00e0 cu\u1ed9c s\u1ed1ng d\u01b0\u1edbi \u0111\u1ea1i d\u01b0\u01a1ng h\u00f2a quy\u1ec7n li\u1ec1n m\u1ea1ch v\u00e0o th\u00f3i quen h\u00e0ng ng\u00e0y.<\/p>\n<p>\u0110i\u1ec3m thu h\u00fat c\u1ee7a Miami Beach ch\u1ee7 y\u1ebfu l\u00e0 b\u00e3i bi\u1ec3n, ki\u1ebfn \u200b\u200btr\u00fac v\u00e0 b\u1ed1i c\u1ea3nh v\u0103n h\u00f3a. N\u1ed5i ti\u1ebfng nh\u1ea5t l\u00e0 South Beach (th\u01b0\u1eddng \u0111\u01b0\u1ee3c g\u1ecdi l\u00e0 SoBe), m\u1ed9t b\u00e3i bi\u1ec3n d\u00e0i hai d\u1eb7m v\u1edbi s\u00f3ng bi\u1ec3n m\u00e0u ng\u1ecdc lam v\u00e0 c\u00e1t tr\u1eafng. Khu Art Deco li\u1ec1n k\u1ec1 (t\u1eadp trung \u1edf Ocean Drive v\u00e0 Collins Avenue) l\u00e0 \u0111i\u1ec3m thu h\u00fat ch\u00ednh \u2013 h\u00e0ng tr\u0103m kh\u00e1ch s\u1ea1n, c\u0103n h\u1ed9 v\u00e0 \u0111\u1ecba danh m\u00e0u pastel t\u01b0\u01a1i s\u00e1ng \u0111\u01b0\u1ee3c x\u00e2y d\u1ef1ng v\u00e0o nh\u1eefng n\u0103m 1920\u201340. Kh\u00e1m ph\u00e1 khu l\u1ecbch s\u1eed n\u00e0y b\u1eb1ng c\u00e1ch \u0111i b\u1ed9 ho\u1eb7c \u0111i xe \u0111\u1ea1p (v\u00ed d\u1ee5 nh\u01b0 trong tour tham quan Khu ki\u1ebfn \u200b\u200btr\u00fac Miami Beach) l\u00e0 m\u1ed9t tr\u1ea3i nghi\u1ec7m tinh t\u00fay.<\/p>\n<p>Nh\u1eefng \u0111i\u1ec3m tham quan kh\u00e1c kh\u00f4ng th\u1ec3 b\u1ecf qua bao g\u1ed3m Lincoln Road Mall, m\u1ed9t trung t\u00e2m mua s\u1eafm ngo\u00e0i tr\u1eddi d\u00e0nh cho ng\u01b0\u1eddi \u0111i b\u1ed9 v\u1edbi c\u00e1c c\u1eeda h\u00e0ng v\u00e0 nh\u00e0 h\u00e0ng; B\u1ea3o t\u00e0ng Wolfsonian-FIU (b\u1ea3o t\u00e0ng thi\u1ebft k\u1ebf Art Deco trong m\u1ed9t kh\u00e1ch s\u1ea1n \u0111\u01b0\u1ee3c c\u1ea3i t\u1ea1o t\u1eeb nh\u1eefng n\u0103m 1920); B\u1ea3o t\u00e0ng Ngh\u1ec7 thu\u1eadt Bass (ngh\u1ec7 thu\u1eadt \u0111\u01b0\u01a1ng \u0111\u1ea1i trong m\u1ed9t t\u00f2a nh\u00e0 theo phong c\u00e1ch Ph\u1ee5c h\u01b0ng m\u1edbi); v\u00e0 \u0110\u00e0i t\u01b0\u1edfng ni\u1ec7m Holocaust (m\u1ed9t t\u00e1c ph\u1ea9m \u0111i\u00eau kh\u1eafc ngo\u00e0i tr\u1eddi di chuy\u1ec3n). \u0110\u1ed1i v\u1edbi v\u1ebb \u0111\u1eb9p t\u1ef1 nhi\u00ean, V\u01b0\u1eddn b\u00e1ch th\u1ea3o Miami Beach v\u00e0 C\u00f4ng vi\u00ean South Pointe (\u1edf m\u0169i South Beach v\u1edbi t\u1ea7m nh\u00ecn ra ng\u1ecdn h\u1ea3i \u0111\u0103ng) l\u00e0 nh\u1eefng n\u01a1i \u1ea9n d\u1eadt thanh b\u00ecnh. Kh\u00f4ng c\u00f3 m\u00f4 t\u1ea3 n\u00e0o l\u00e0 ho\u00e0n ch\u1ec9nh n\u1ebfu kh\u00f4ng c\u00f3 Miami Beach Boardwalk, ch\u1ea1y d\u1ecdc theo b\u00e3i c\u00e1t nhi\u1ec1u d\u1eb7m v\u1ec1 ph\u00eda b\u1eafc. C\u00e1c trung t\u00e2m gi\u1ea3i tr\u00ed v\u00e0 cu\u1ed9c s\u1ed1ng v\u1ec1 \u0111\u00eam t\u1ea1i c\u00e1c c\u00e2u l\u1ea1c b\u1ed9 \u0111\u01b0\u1ee3c th\u1eafp s\u00e1ng b\u1eb1ng \u0111\u00e8n neon c\u1ee7a Ocean Drive, c\u00f9ng v\u1edbi c\u00e1c qu\u00e1n bar tr\u00ean t\u1ea7ng th\u01b0\u1ee3ng cao c\u1ea5p.<\/p>\n<p>G\u1ea7n \u0111\u00f3, Ch\u1ee3 Lincoln Road (\u0111\u01b0\u1ee3c t\u1ed5 ch\u1ee9c h\u00e0ng th\u00e1ng) cung c\u1ea5p \u0111\u1ed3 th\u1ee7 c\u00f4ng v\u00e0 th\u1ef1c ph\u1ea9m \u0111\u1ecba ph\u01b0\u01a1ng. N\u1ebfu b\u1ea1n \u0111i qua \u0111\u01b0\u1eddng \u0111\u1eafp cao, B\u1ea3o t\u00e0ng Art Deco v\u00e0 Trung t\u00e2m H\u1ed9i ngh\u1ecb Miami Beach (n\u01a1i t\u1ed5 ch\u1ee9c Art Basel) c\u00f3 th\u1ec3 \u0111\u01b0\u1ee3c \u0111\u01b0a v\u00e0o. T\u00f3m l\u1ea1i, nh\u1eefng \u0111i\u1ec3m tham quan kh\u00f4ng th\u1ec3 b\u1ecf qua c\u1ee7a Miami Beach k\u1ebft h\u1ee3p gi\u1ea3i tr\u00ed b\u00ean b\u1edd bi\u1ec3n v\u1edbi ngh\u1ec7 thu\u1eadt v\u00e0 thi\u1ebft k\u1ebf - t\u1eeb nh\u1eefng b\u00e3i bi\u1ec3n vui v\u1ebb d\u01b0\u1edbi \u00e1nh n\u1eafng m\u1eb7t tr\u1eddi \u0111\u1ebfn c\u00e1c h\u1ed9i ch\u1ee3 ngh\u1ec7 thu\u1eadt \u0111\u1eb3ng c\u1ea5p th\u1ebf gi\u1edbi - t\u1ea5t c\u1ea3 \u0111\u1ec1u ph\u1ea3n \u00e1nh n\u00e9t quy\u1ebfn r\u0169 c\u1ee7a th\u1ecb tr\u1ea5n b\u00e3i bi\u1ec3n v\u00e0 phong c\u00e1ch to\u00e0n c\u1ea7u c\u1ee7a th\u00e0nh ph\u1ed1.<\/p>\n<p>B\u1ea3n th\u00e2n Miami Beach kh\u00f4ng c\u00f3 s\u00e2n bay th\u01b0\u01a1ng m\u1ea1i, nh\u01b0ng c\u00f3 th\u1ec3 d\u1ec5 d\u00e0ng \u0111\u1ebfn \u0111\u00f3 qua S\u00e2n bay qu\u1ed1c t\u1ebf Miami (MIA), c\u00e1ch Miami kho\u1ea3ng 12 d\u1eb7m v\u1ec1 ph\u00eda \u0111\u1ea5t li\u1ec1n. MIA cung c\u1ea5p nhi\u1ec1u chuy\u1ebfn bay qu\u1ed1c t\u1ebf v\u00e0 n\u1ed9i \u0111\u1ecba. C\u00e1c s\u00e2n bay Fort Lauderdale-Hollywood (FLL) v\u00e0 Palm Beach (PBI) c\u0169ng c\u00e1ch \u0111\u00f3 45\u201370 d\u1eb7m v\u00e0 c\u00f3 th\u1ec3 s\u1eed d\u1ee5ng. T\u1eeb s\u00e2n bay, b\u1ea1n c\u00f3 th\u1ec3 \u0111i taxi, \u0111i chung xe ho\u1eb7c Metrobus\/Miami Beach Airport Flyer \u0111\u1ebfn Miami Beach. C\u00e1c con \u0111\u01b0\u1eddng \u0111\u1eafp cao (Julia Tuttle v\u00e0 Venetian) k\u1ebft n\u1ed1i c\u00e1c \u0111\u1ea3o v\u1edbi th\u00e0nh ph\u1ed1 Miami.<\/p>\n<p>Trong ph\u1ea1m vi Miami Beach, b\u1ea1n c\u00f3 th\u1ec3 t\u00f9y ch\u1ecdn xe h\u01a1i. South Beach r\u1ea5t d\u1ec5 \u0111i b\u1ed9 v\u00e0 \u0111i xe \u0111\u1ea1p; d\u1ecbch v\u1ee5 xe \u0111i\u1ec7n Miami Beach mi\u1ec5n ph\u00ed ch\u1ea1y nhi\u1ec1u tuy\u1ebfn v\u00f2ng (tuy\u1ebfn South Beach, Collins, Mid-Beach v\u00e0 North Beach). H\u1ec7 th\u1ed1ng Metrorail v\u00e0 Metrobus ph\u1ee5c v\u1ee5 khu v\u1ef1c \u0111\u1ea5t li\u1ec1n Miami, v\u00e0 metrorail k\u1ebft n\u1ed1i v\u1edbi s\u00e2n bay v\u00e0 trung t\u00e2m th\u00e0nh ph\u1ed1. Th\u01b0\u1eddng c\u1ea7n c\u00f3 b\u00e3i \u0111\u1eadu xe n\u1ebfu b\u1ea1n l\u00e1i xe, v\u00e0 b\u00e3i \u0111\u1eadu xe tr\u00ean ph\u1ed1 c\u00f3 th\u1ec3 ch\u1eadt h\u1eb9p \u1edf SoBe. Taxi \u0111i chung (Uber\/Lyft) v\u00e0 h\u1ec7 th\u1ed1ng xe bu\u00fdt Miami-Dade c\u0169ng ph\u1ee5c v\u1ee5 Miami Beach. Nh\u00ecn chung, h\u00e3y l\u00ean k\u1ebf ho\u1ea1ch \u0111i b\u1ed9 ho\u1eb7c \u0111i xe \u0111\u1ea1p \u1edf South Beach v\u00e0 c\u00f3 th\u1ec3 thu\u00ea \u00f4 t\u00f4 cho c\u00e1c chuy\u1ebfn \u0111i trong ng\u00e0y v\u1ec1 ph\u00eda b\u1eafc \u0111\u1ebfn Palm Beach ho\u1eb7c v\u1ec1 ph\u00eda t\u00e2y \u0111\u1ebfn Everglades.<\/p>\n<p>Ti\u1ec1n t\u1ec7 l\u00e0 \u0111\u00f4 la M\u1ef9; ti\u1ec1n boa (15\u201320% t\u1ea1i nh\u00e0 h\u00e0ng\/qu\u00e1n bar) l\u00e0 \u0111i\u1ec1u c\u1ea7n thi\u1ebft. Ti\u1ebfng Anh v\u00e0 ti\u1ebfng T\u00e2y Ban Nha \u0111\u01b0\u1ee3c hi\u1ec3u r\u1ed9ng r\u00e3i (nhi\u1ec1u th\u1ef1c \u0111\u01a1n v\u00e0 bi\u1ec3n b\u00e1o song ng\u1eef). Trang ph\u1ee5c r\u1ea5t gi\u1ea3n d\u1ecb; \u0111\u1ed3 \u0111i bi\u1ec3n, d\u00e9p x\u1ecf ng\u00f3n v\u00e0 qu\u1ea7n \u0111\u00f9i l\u00e0 nh\u1eefng trang ph\u1ee5c ph\u1ed5 bi\u1ebfn v\u00e0o ban ng\u00e0y. Th\u00e0nh ph\u1ed1 an to\u00e0n \u1edf c\u00e1c khu v\u1ef1c du l\u1ecbch, nh\u01b0ng c\u00f3 th\u1ec3 x\u1ea3y ra m\u00f3c t\u00fai - h\u00e3y \u0111\u1ec3 m\u1eaft \u0111\u1ebfn \u0111\u1ed3 \u0111\u1ea1c c\u1ee7a b\u1ea1n tr\u00ean b\u00e3i bi\u1ec3n v\u00e0 tr\u00ean c\u00e1c hi\u00ean nh\u00e0 \u0111\u00f4ng \u0111\u00fac. B\u1ea3o v\u1ec7 kh\u1ecfi \u00e1nh n\u1eafng m\u1eb7t tr\u1eddi l\u00e0 \u0111i\u1ec1u quan tr\u1ecdng quanh n\u0103m (kem ch\u1ed1ng n\u1eafng, m\u0169) v\u00ec tia UV r\u1ea5t m\u1ea1nh. N\u1ebfu \u0111\u1ebfn th\u0103m v\u00e0o m\u00f9a b\u00e3o (th\u00e1ng 6\u2013th\u00e1ng 11), h\u00e3y c\u1ea3nh gi\u00e1c v\u1edbi c\u00e1c c\u1ea3nh b\u00e1o th\u1eddi ti\u1ebft (m\u1eb7c d\u00f9 c\u00e1c c\u01a1n b\u00e3o l\u1edbn r\u1ea5t hi\u1ebfm khi x\u1ea3y ra). L\u00ean k\u1ebf ho\u1ea1ch tr\u00e1nh b\u00e3i bi\u1ec3n v\u00e0o bu\u1ed5i chi\u1ec1u trong th\u1eddi gian cao \u0111i\u1ec3m c\u1ee7a m\u00f9a h\u00e8 (ch\u1ec9 s\u1ed1 nhi\u1ec7t c\u00f3 th\u1ec3 t\u0103ng cao), thay v\u00e0o \u0111\u00f3 h\u00e3y ch\u1ecdn \u0111i v\u00e0o s\u00e1ng s\u1edbm ho\u1eb7c chi\u1ec1u mu\u1ed9n. Cu\u1ed1i c\u00f9ng, h\u00e3y l\u1ecbch s\u1ef1 v\u1edbi ng\u01b0\u1eddi d\u00e2n \u0111\u1ecba ph\u01b0\u01a1ng v\u00e0 t\u00f4n tr\u1ecdng gi\u1edd y\u00ean t\u0129nh sau 10 gi\u1edd t\u1ed1i s\u1ebd gi\u00fap b\u1ea1n h\u00f2a nh\u1eadp t\u1ed1t h\u01a1n v\u1edbi c\u1ed9ng \u0111\u1ed3ng nh\u1eefng ng\u01b0\u1eddi y\u00eau th\u00edch b\u00e3i bi\u1ec3n v\u00e0 c\u01b0 d\u00e2n.<a href=\"https:\/\/travelshelper.com\/vi\/diem-den\/bac-my\/hop-chung-quoc-hoa-ky\/berkeley-springs\/\" target=\"_self\" aria-labelledby=\"uael-post-8997\"><br \/>\n<\/a><\/p>","protected":false},"excerpt":{"rendered":"<p>Miami Beach, m\u1ed9t ph\u1ea7n c\u1ee7a khu v\u1ef1c \u0111\u00f4 th\u1ecb Miami \u1edf Nam Florida, l\u00e0 m\u1ed9t th\u00e0nh ph\u1ed1 ngh\u1ec9 m\u00e1t ven bi\u1ec3n \u1edf Qu\u1eadn Miami-Dade, Florida v\u00e0 l\u00e0 m\u1ed9t n\u01a1i s\u00f4i \u0111\u1ed9ng v\u00e0 tr\u00e0n \u0111\u1ea7y n\u0103ng l\u01b0\u1ee3ng. N\u1eb1m tr\u00ean m\u1ed9t chu\u1ed7i c\u00e1c \u0111\u1ea3o ch\u1eafn t\u1ef1 nhi\u00ean v\u00e0 nh\u00e2n t\u1ea1o gi\u1eefa V\u1ecbnh Biscayne y\u00ean t\u0129nh v\u00e0 \u0110\u1ea1i T\u00e2y D\u01b0\u01a1ng r\u1ed9ng l\u1edbn, th\u00e0nh ph\u1ed1 n\u00e0y l\u00e0 V\u1ecbnh chia t\u00e1ch Miami Beach kh\u1ecfi th\u00e0nh ph\u1ed1 \u0111\u1ea5t li\u1ec1n Miami m\u1ed9t c\u00e1ch t\u1ef1 nhi\u00ean. Trong s\u1ed1 nhi\u1ec1u khu ph\u1ed1 c\u1ee7a Miami Beach, South Beach l\u00e0 khu ph\u1ed1 n\u1ed5i ti\u1ebfng nh\u1ea5t r\u1ed9ng 2,5 d\u1eb7m vu\u00f4ng (6,5 km\u00b2). C\u00f9ng v\u1edbi Trung t\u00e2m th\u00e0nh ph\u1ed1 Miami v\u00e0 C\u1ea3ng Miami, South Beach t\u1ea1o th\u00e0nh trung t\u00e2m kinh doanh n\u0103ng \u0111\u1ed9ng c\u1ee7a Nam Florida.<\/p>","protected":false},"author":1,"featured_media":3272,"parent":8072,"menu_order":0,"comment_status":"closed","ping_status":"closed","template":"elementor_theme","meta":{"_eb_attr":"","footnotes":""},"class_list":["post-8219","page","type-page","status-publish","has-post-thumbnail"],"_links":{"self":[{"href":"https:\/\/travelshelper.com\/vi\/wp-json\/wp\/v2\/pages\/8219","targetHints":{"allow":["GET"]}}],"collection":[{"href":"https:\/\/travelshelper.com\/vi\/wp-json\/wp\/v2\/pages"}],"about":[{"href":"https:\/\/travelshelper.com\/vi\/wp-json\/wp\/v2\/types\/page"}],"author":[{"embeddable":true,"href":"https:\/\/travelshelper.com\/vi\/wp-json\/wp\/v2\/users\/1"}],"replies":[{"embeddable":true,"href":"https:\/\/travelshelper.com\/vi\/wp-json\/wp\/v2\/comments?post=8219"}],"version-history":[{"count":0,"href":"https:\/\/travelshelper.com\/vi\/wp-json\/wp\/v2\/pages\/8219\/revisions"}],"up":[{"embeddable":true,"href":"https:\/\/travelshelper.com\/vi\/wp-json\/wp\/v2\/pages\/8072"}],"wp:featuredmedia":[{"embeddable":true,"href":"https:\/\/travelshelper.com\/vi\/wp-json\/wp\/v2\/media\/3272"}],"wp:attachment":[{"href":"https:\/\/travelshelper.com\/vi\/wp-json\/wp\/v2\/media?parent=8219"}],"curies":[{"name":"wp","href":"https:\/\/api.w.org\/{rel}","templated":true}]}}