{"id":7707,"date":"2024-08-28T14:43:40","date_gmt":"2024-08-28T14:43:40","guid":{"rendered":"https:\/\/travelshelper.com\/staging\/?page_id=7707"},"modified":"2026-03-13T23:35:55","modified_gmt":"2026-03-13T23:35:55","slug":"ushuaia","status":"publish","type":"page","link":"https:\/\/travelshelper.com\/vi\/destinations\/south-america\/argentina\/ushuaia\/","title":{"rendered":"Ushuaia"},"content":{"rendered":"<p>Th\u00e0nh ph\u1ed1 Ushuaia n\u1eb1m \u1edf r\u00eca c\u1ee7a th\u1ebf gi\u1edbi c\u00f3 th\u1ec3 sinh s\u1ed1ng, n\u01a1i K\u00eanh Beagle kh\u00f4ng ng\u1eebng ngh\u1ec9 va ch\u1ea1m v\u1edbi b\u1edd c\u1ee7a d\u00e3y Andes. N\u01a1i \u0111\u00e2y thu h\u00fat s\u1ef1 t\u00f2 m\u00f2 c\u1ee7a nh\u1eefng nh\u00e0 th\u00e1m hi\u1ec3m, nh\u00e0 nghi\u00ean c\u1ee9u v\u00e0 kh\u00e1ch du l\u1ecbch t\u00f2 m\u00f2\u2014nh\u1eefng ng\u01b0\u1eddi th\u00edch th\u00fa v\u1edbi v\u0129 \u0111\u1ed9 c\u1ef1c cao v\u00e0 v\u1ebb \u0111\u1eb9p t\u0129nh l\u1eb7ng ch\u1ec9 c\u00f3 th\u1ec3 t\u00ecm th\u1ea5y \u1edf b\u1edd v\u1ef1c b\u0103ng gi\u00e1 v\u00e0 bi\u1ec3n c\u1ea3. M\u1eb7c d\u00f9 th\u01b0\u1eddng \u0111\u01b0\u1ee3c t\u00f4 \u0111i\u1ec3m b\u1eb1ng bi\u1ec7t danh l\u00e3ng m\u1ea1n \u201cT\u1eadn c\u00f9ng th\u1ebf gi\u1edbi\u201d, c\u00e2u chuy\u1ec7n c\u1ee7a Ushuaia c\u00f2n s\u00e2u s\u1eafc h\u01a1n c\u1ea3 m\u1ed9t ti\u1ec1n \u0111\u1ed3n xa x\u00f4i; \u0111\u00e2y l\u00e0 minh ch\u1ee9ng s\u1ed1ng \u0111\u1ed9ng cho s\u1ee9c ph\u1ee5c h\u1ed3i c\u1ee7a con ng\u01b0\u1eddi, s\u1ef1 h\u00f9ng v\u0129 c\u1ee7a thi\u00ean nhi\u00ean v\u00e0 \u0111i\u1ec7u nh\u1ea3y tinh t\u1ebf gi\u1eefa s\u1ef1 ph\u00e1t tri\u1ec3n v\u00e0 b\u1ea3o t\u1ed3n.<\/p>\n<p>N\u1eb1m g\u1ecdn trong b\u1edd bi\u1ec3n ph\u00eda nam c\u1ee7a Isla Grande de Tierra del Fuego, Ushuaia c\u00f3 m\u1ed9t gi\u1ea3ng \u0111\u01b0\u1eddng t\u1ef1 nhi\u00ean v\u1edbi nh\u1eefng s\u01b0\u1eddn d\u1ed1c v\u00e0 \u0111\u1ec9nh n\u00fai. D\u00e3y n\u00fai Martial \u0111\u1ee9ng g\u00e1c tr\u00ean V\u1ecbnh Ushuaia, nh\u1eefng khu\u00f4n m\u1eb7t \u0111\u00e1 c\u1ee7a ch\u00fang \u0111\u01b0\u1ee3c t\u1ea1o n\u00ean b\u1edfi h\u00e0ng thi\u00ean ni\u00ean k\u1ef7 gi\u00f3 v\u00e0 b\u0103ng h\u00e0. B\u00ean d\u01b0\u1edbi, nh\u1eefng con s\u00f3ng c\u1ee7a K\u00eanh Beagle v\u1ed7 v\u00e0o m\u1ed9t b\u1ebfn c\u1ea3ng \u0111\u01b0\u1ee3c che ch\u1edf, n\u01a1i t\u1eebng d\u1eabn \u0111\u01b0\u1eddng cho nh\u1eefng con t\u00e0u tr\u00e1nh xa nh\u1eefng c\u01a1n b\u00e3o ph\u00eda nam. S\u1ef1 \u00f4m \u1ea5p c\u1ee7a v\u00f9ng bi\u1ec3n n\u00e0y l\u00e0m d\u1ecbu \u0111i kh\u00ed h\u1eadu \u0111\u1ea1i d\u01b0\u01a1ng c\u1eadn c\u1ef1c: m\u00f9a h\u00e8 dao \u0111\u1ed9ng quanh m\u1ee9c 10 \u00b0C m\u00e1t m\u1ebb, m\u00f9a \u0111\u00f4ng xu\u1ed1ng d\u01b0\u1edbi m\u1ee9c \u0111\u00f3ng b\u0103ng m\u1ed9t ch\u00fat v\u00e0 nh\u1eefng c\u01a1n gi\u00f4ng c\u00f3 th\u1ec3 xu\u1ea5t hi\u1ec7n m\u00e0 kh\u00f4ng b\u00e1o tr\u01b0\u1edbc. Tuy nhi\u00ean, nh\u1eefng ng\u1ecdn n\u00fai ch\u1edf tuy\u1ebft v\u00e0 m\u01b0a \u0111\u00e1 c\u0169ng l\u00e0m gi\u1ea3m b\u1edbt nh\u1eefng c\u01a1n gi\u00f3 d\u1eef d\u1ed9i nh\u1ea5t, t\u1ea1o ra nh\u1eefng kho\u1ea3ng l\u1eb7ng m\u00e0 ng\u01b0\u1eddi d\u00e2n \u0111\u1ecba ph\u01b0\u01a1ng \u0111\u00e3 h\u1ecdc c\u00e1ch tr\u00e2n tr\u1ecdng.<\/p>\n<p>L\u00e2u tr\u01b0\u1edbc khi l\u1ecbch s\u1eed \u0111\u01b0\u1ee3c ghi ch\u00e9p, ng\u01b0\u1eddi Y\u00e1mana v\u00e0 Selk&#039;nam \u0111\u00e3 \u0111i qua nh\u1eefng v\u00f9ng bi\u1ec3n n\u00e0y b\u1eb1ng xu\u1ed3ng, \u0111\u00e1nh b\u1eaft \u0111\u1ed9ng v\u1eadt c\u00f3 v\u1ecf v\u00e0 theo d\u00f5i guanaco. Tuy nhi\u00ean, trong h\u1ea7u h\u1ebft th\u1ebf k\u1ef7 19, Tierra del Fuego v\u1eabn ch\u00ecm trong truy\u1ec1n thuy\u1ebft m\u01a1 h\u1ed3. V\u00e0o ng\u00e0y 12 th\u00e1ng 10 n\u0103m 1884, ch\u1ec9 huy h\u1ea3i qu\u00e2n Argentina Augusto Lasserre \u0111\u00e3 gi\u01b0\u01a1ng c\u1edd tr\u00ean Fuerte Ushuaia t\u1ea1i \u0111\u1ecba \u0111i\u1ec3m c\u1ee7a ph\u00e1i b\u1ed9 Anh gi\u00e1o tr\u01b0\u1edbc \u0111\u00e2y c\u1ee7a Thomas Bridges. H\u00e0nh \u0111\u1ed9ng \u0111\u00f3 \u0111\u00e3 m\u1edf \u0111\u1ea7u cho s\u1ef1 chuy\u1ec3n \u0111\u1ed5i c\u1ee7a Ushuaia t\u1eeb m\u1ed9t ch\u1ed7 \u0111\u1ee9ng mong manh th\u00e0nh c\u1ea3ng ch\u00ednh \u1edf ph\u00eda nam c\u1ee7a Patagonia\u2014m\u1ed9t b\u1ea3n s\u1eafc s\u1ebd lan t\u1ecfa kh\u1eafp n\u1ec1n kinh t\u1ebf v\u00e0 v\u0103n h\u00f3a c\u1ee7a n\u01a1i n\u00e0y trong nhi\u1ec1u th\u1ebf h\u1ec7.<\/p>\n<p>Phong c\u1ea3nh ngo\u1ea1n m\u1ee5c c\u1ee7a Ushuaia \u0111\u1ecbnh h\u00ecnh m\u1ecdi kh\u00eda c\u1ea1nh c\u1ee7a cu\u1ed9c s\u1ed1ng. V\u1ec1 ph\u00eda b\u1eafc, d\u00e3y Andes \u0111\u1ed5 xu\u1ed1ng theo c\u1ea7u thang c\u1ee7a c\u00e1c r\u1eb7ng n\u00fai, cung c\u1ea5p cho ng\u01b0\u1eddi \u0111i b\u1ed9 \u0111\u01b0\u1eddng d\u00e0i nh\u1eefng c\u00e1nh \u0111\u1ed3ng b\u0103ng, r\u1eebng lenga v\u00e0 \u0111\u1ea7m ph\u00e1 nh\u01b0 g\u01b0\u01a1ng. V\u1ec1 ph\u00eda nam, K\u00eanh Beagle d\u1eabn gi\u00f3 v\u00e0 mu\u1ed1i, t\u1ea1o ra c\u00e1c v\u1ecbnh h\u1eb9p v\u00e0 r\u1ea3i r\u00e1c c\u00e1c \u0111\u1ea3o nh\u1ecf c\u00f3 chim c\u1ed1c v\u00e0 s\u01b0 t\u1eed bi\u1ec3n sinh s\u1ed1ng. \u1ea2nh h\u01b0\u1edfng c\u1ee7a bi\u1ec3n l\u00e0m d\u1ecbu \u0111i s\u1ef1 thay \u0111\u1ed5i nhi\u1ec7t \u0111\u1ed9 nh\u01b0ng l\u1ea1i tri\u1ec7u h\u1ed3i \u0111\u1ed9 \u1ea9m g\u1ea7n nh\u01b0 li\u00ean t\u1ee5c v\u00e0 th\u1eddi ti\u1ebft c\u00f3 th\u1ec3 chuy\u1ec3n t\u1eeb n\u1eafng r\u1ef1c r\u1ee1 sang u \u00e1m ph\u1ee7 \u0111\u1ea7y m\u01b0a \u0111\u00e1 trong v\u00e0i ph\u00fat. Nh\u1eefng ng\u01b0\u1eddi n\u00f4ng d\u00e2n \u0111\u1ecba ph\u01b0\u01a1ng ch\u0103n nu\u00f4i c\u1eebu kh\u1ecfe m\u1ea1nh v\u00e0 c\u00e0 chua nh\u00e0 k\u00ednh, trong khi c\u01b0 d\u00e2n th\u00edch nghi v\u1edbi c\u00e1c m\u00f9a m\u00e0 \u00e1nh s\u00e1ng ban ng\u00e0y k\u00e9o d\u00e0i v\u00f4 t\u1eadn v\u00e0o th\u00e1ng 12 v\u00e0 g\u1ea7n nh\u01b0 bi\u1ebfn m\u1ea5t ho\u00e0n to\u00e0n v\u00e0o th\u00e1ng 6.<\/p>\n<p>V\u1edbi kho\u1ea3ng 82.615 c\u01b0 d\u00e2n, Ushuaia t\u1ef1 h\u00e0o v\u1edbi v\u1ecb th\u1ebf l\u00e0 th\u00e0nh ph\u1ed1 c\u1ef1c nam c\u1ee7a th\u1ebf gi\u1edbi. \u0110\u01b0\u1eddng ph\u1ed1 n\u01a1i \u0111\u00e2y t\u1ea5p n\u1eadp ng\u01b0 d\u00e2n, nh\u00e2n vi\u00ean ch\u00ednh ph\u1ee7, ng\u01b0\u1eddi b\u00e1n h\u00e0ng v\u00e0 nh\u00e0 khoa h\u1ecdc. M\u1ed9t s\u1ef1 ganh \u0111ua s\u00f4i n\u1ed5i di\u1ec5n ra v\u1edbi Puerto Williams g\u1ea7n \u0111\u00f3 tr\u00ean \u0110\u1ea3o Navarino, n\u01a1i c\u00f3 v\u00e0i ngh\u00ecn c\u01b0 d\u00e2n v\u00e0 di\u1ec7n t\u00edch nh\u1ecf 0,99 km\u00b2 khi\u1ebfn c\u00e1c nh\u00e0 th\u1ed1ng k\u00ea c\u1ee7a UNESCO v\u00e0 Li\u00ean h\u1ee3p qu\u1ed1c ph\u1ea3i \u0111\u1eb7t c\u00e2u h\u1ecfi v\u1ec1 v\u1ecb th\u1ebf th\u00e0nh ph\u1ed1 c\u1ee7a th\u00e0nh ph\u1ed1 n\u00e0y. Theo c\u00e1c ti\u00eau ch\u00ed qu\u1ed1c t\u1ebf \u0111\u00f3, c\u01a1 s\u1edf h\u1ea1 t\u1ea7ng v\u00e0 d\u00e2n s\u1ed1 r\u1ed9ng l\u1edbn h\u01a1n c\u1ee7a Ushuaia \u0111\u1ea3m b\u1ea3o tuy\u00ean b\u1ed1 x\u1ee9ng \u0111\u00e1ng \u0111\u01b0\u1ee3c ghi v\u00e0o K\u1ef7 l\u1ee5c Guinness\u2014nh\u01b0ng s\u1ef1 c\u1ea1nh tranh th\u00e2n thi\u1ec7n n\u00e0y l\u1ea1i nh\u1ea5n m\u1ea1nh s\u1ee9c h\u1ea5p d\u1eabn c\u1ee7a cu\u1ed9c s\u1ed1ng \u1edf r\u00eca hoang d\u00e3 c\u1ee7a Tr\u00e1i \u0111\u1ea5t.<\/p>\n<p>Kh\u00e1c xa v\u1edbi m\u1ed9t th\u1ecb tr\u1ea5n du l\u1ecbch \u0111\u01a1n \u0111i\u1ec7u, Ushuaia t\u1ef1 h\u00e0o c\u00f3 m\u1ed9t n\u1ec1n kinh t\u1ebf \u0111a di\u1ec7n. C\u1ea3ng qu\u1ea3n l\u00fd c\u00e1c t\u00e0u du l\u1ecbch \u0111\u1ebfn Nam C\u1ef1c, t\u00e0u \u0111\u00e1nh c\u00e1 v\u00e0 t\u00e0u container ph\u1ee5c v\u1ee5 c\u00e1c tuy\u1ebfn th\u01b0\u01a1ng m\u1ea1i ph\u00eda Nam. Trong c\u00e1c khu c\u00f4ng nghi\u1ec7p g\u1ecdn g\u00e0ng, c\u00e1c nh\u00e0 m\u00e1y ch\u1ebf bi\u1ebfn cua ho\u00e0ng \u0111\u1ebf, c\u00e1 tuy\u1ebft v\u00e0 s\u00f2 \u0111i\u1ec7p Patagonia, trong khi c\u00e1c x\u01b0\u1edfng \u0111i\u1ec7n t\u1eed l\u1eafp r\u00e1p c\u00e1c th\u00e0nh ph\u1ea7n ch\u00ednh x\u00e1c. Nh\u1eefng doanh nghi\u1ec7p n\u00e0y mang l\u1ea1i s\u1ef1 \u1ed5n \u0111\u1ecbnh cho m\u1ed9t c\u1ed9ng \u0111\u1ed3ng m\u00e0 n\u1ebfu kh\u00f4ng s\u1ebd ch\u1eadm ch\u1ea1p khi s\u01b0\u01a1ng gi\u00e1 m\u00f9a \u0111\u00f4ng ng\u0103n c\u1ea3n c\u00e1c t\u00e0u du l\u1ecbch v\u00e0 nh\u1eefng ng\u01b0\u1eddi t\u00ecm ki\u1ebfm c\u1ea3m gi\u00e1c m\u1ea1nh. C\u00e1c v\u0103n ph\u00f2ng ch\u00ednh quy\u1ec1n t\u1ec9nh v\u00e0 l\u00e3nh s\u1ef1 qu\u00e1n neo gi\u1eef khu v\u1ef1c h\u00e0nh ch\u00ednh, cung c\u1ea5p vi\u1ec7c l\u00e0m cho khu v\u1ef1c c\u00f4ng \u1edf quy m\u00f4 hi\u1ebfm c\u00f3 \u1edf c\u00e1c th\u1ecb tr\u1ea5n bi\u00ean gi\u1edbi.<\/p>\n<p>Tuy nhi\u00ean, du l\u1ecbch v\u1eabn l\u00e0 nh\u1ecbp \u0111\u1eadp tr\u00e1i tim c\u1ee7a Ushuaia. M\u1ed7i m\u00f9a h\u00e8, du kh\u00e1ch chen ch\u00fac tr\u00ean ph\u00e0 v\u00e0 thuy\u1ec1n Zodiac \u0111\u1ec3 ch\u1ee9ng ki\u1ebfn \u200b\u200bc\u1ea3nh ho\u00e0ng h\u00f4n r\u1ef1c r\u1ee1 tr\u00ean Martial Grande, \u0111i tr\u00ean nh\u1eefng con \u0111\u01b0\u1eddng m\u00f2n trong C\u00f4ng vi\u00ean qu\u1ed1c gia Tierra del Fuego v\u00e0 theo d\u1ea5u ch\u00e2n c\u1ee7a Charles Darwin trong c\u00e1c chuy\u1ebfn du ngo\u1ea1n \u1edf Cape Horn. C\u00e1c chuy\u1ebfn tham quan b\u1eb1ng thuy\u1ec1n ng\u1eafm c\u00e1 voi v\u00e0 chim l\u01b0\u1edbt qua nh\u1eefng h\u00f2n \u0111\u1ea3o nh\u1ecf r\u1ea3i r\u00e1c s\u01b0 t\u1eed bi\u1ec3n, trong khi nh\u1eefng con t\u00e0u sang tr\u1ecdng l\u00e0m lu m\u1edd b\u1ebfn t\u00e0u khi ch\u00fang chu\u1ea9n b\u1ecb cho nh\u1eefng chuy\u1ebfn \u0111i k\u00e9o d\u00e0i nhi\u1ec1u th\u00e1ng \u0111\u1ebfn l\u1ee5c \u0111\u1ecba tr\u1eafng. \u0110\u1ed1i v\u1edbi nhi\u1ec1u ng\u01b0\u1eddi, Ushuaia kh\u00f4ng ch\u1ec9 l\u00e0 m\u1ed9t \u0111i\u1ec3m d\u1eebng ch\u00e2n\u2014m\u00e0 c\u00f2n l\u00e0 ng\u01b0\u1ee1ng c\u1eeda c\u1ee7a Nam C\u1ef1c, n\u01a1i c\u00e1c tr\u1ea1m ti\u1ebfp nhi\u00ean li\u1ec7u cu\u1ed1i c\u00f9ng m\u1edd d\u1ea7n ph\u00eda sau v\u00e0 nh\u1eefng t\u1ea3ng b\u0103ng tr\u00f4i l\u1edbn hi\u1ec7n ra tr\u00ean \u0111\u01b0\u1eddng ch\u00e2n tr\u1eddi.<\/p>\n<p>B\u1ea3n s\u1eafc c\u1ee7a Ushuaia tr\u1ea3i d\u00e0i v\u01b0\u1ee3t ra ngo\u00e0i m\u0169i ph\u00eda nam c\u1ee7a Argentina th\u00f4ng qua s\u1ef1 k\u1ebft ngh\u0129a ch\u00ednh th\u1ee9c v\u1edbi Hammerfest, Na Uy v\u00e0 Utqia\u0121vik, Alaska. Nh\u1eefng th\u00e0nh ph\u1ed1 c\u00f9ng v\u0129 \u0111\u1ed9 n\u00e0y trao \u0111\u1ed5i b\u00ed quy\u1ebft k\u1ef9 thu\u1eadt v\u1ec1 d\u1ecdn tuy\u1ebft, h\u1ed7 tr\u1ee3 s\u1ee9c kh\u1ecfe t\u00e2m th\u1ea7n trong nh\u1eefng \u0111\u00eam c\u1ef1c v\u00e0 qu\u1ea3n l\u00fd ngh\u1ec1 c\u00e1 b\u1ec1n v\u1eefng. C\u00e1c l\u1ec5 h\u1ed9i v\u0103n h\u00f3a xen k\u1ebd gi\u1eefa ti\u1ebfng T\u00e2y Ban Nha, ti\u1ebfng S\u00e1mi joik v\u00e0 ti\u1ebfng h\u00e1t c\u1ed5 h\u1ecdng I\u00f1upiat, t\u1ea1o n\u00ean m\u1ed1i quan h\u1ec7 h\u1ecd h\u00e0ng kh\u00f4ng ng\u1edd nh\u1ea5n m\u1ea1nh v\u00e0o ni\u1ec1m tin chung: cu\u1ed9c s\u1ed1ng \u1edf r\u00eca g\u1eafn k\u1ebft c\u00e1c c\u1ed9ng \u0111\u1ed3ng b\u1ea5t ch\u1ea5p kho\u1ea3ng c\u00e1ch v\u00e0 kh\u00ed h\u1eadu.<\/p>\n<p>N\u1eb1m g\u1ea7n ranh gi\u1edbi lu\u00f4n thay \u0111\u1ed5i c\u1ee7a bi\u1ebfn \u0111\u1ed5i kh\u00ed h\u1eadu, Ushuaia g\u00e1nh v\u00e1c m\u1ed9t tr\u00e1ch nhi\u1ec7m l\u1edbn h\u01a1n nhi\u1ec1u so v\u1edbi ranh gi\u1edbi th\u00e0nh ph\u1ed1 r\u1ed9ng 47 km\u00b2 c\u1ee7a m\u00ecnh. C\u00e1c nh\u00e0 nghi\u00ean c\u1ee9u t\u1ea1i Trung t\u00e2m Khoa h\u1ecdc H\u00e0ng h\u1ea3i theo d\u00f5i \u0111\u1ed9 m\u1eb7n v\u00e0 d\u00f2ng h\u1ea3i l\u01b0u c\u1ee7a \u0111\u1ea1i d\u01b0\u01a1ng t\u1ea1i K\u00eanh Beagle; c\u00e1c nh\u00e0 nghi\u00ean c\u1ee9u b\u0103ng h\u00e0 nghi\u00ean c\u1ee9u c\u00e1c c\u00e1nh \u0111\u1ed3ng b\u0103ng \u0111ang r\u00fat lui; c\u00e1c chuy\u00ean gia v\u1ec1 chim theo d\u00f5i c\u00e1c \u0111\u00e0n chim c\u00e1nh c\u1ee5t Magellan v\u00e0 chim c\u00e1nh c\u1ee5t vua tr\u00ean c\u00e1c \u0111\u1ea3o ph\u00eda nam c\u1ee7a Tierra del Fuego. Th\u00e0nh ph\u1ed1 \u0111\u00e3 x\u00e2y d\u1ef1ng b\u1ed9 lu\u1eadt m\u00f4i tr\u01b0\u1eddng ri\u00eang \u0111\u1ec3 h\u1ea1n ch\u1ebf r\u00e1c th\u1ea3i nh\u1ef1a, \u0111i\u1ec1u ch\u1ec9nh l\u01b0\u1ee3ng ch\u1ea5t th\u1ea3i c\u1ee7a t\u00e0u du l\u1ecbch v\u00e0 b\u1ea3o v\u1ec7 c\u00e1c b\u00e3i than b\u00f9n m\u1ecfng manh. Ho\u1ea1t \u0111\u1ed9ng t\u00edch c\u1ef1c c\u1ee7a \u0111\u1ecba ph\u01b0\u01a1ng, \u0111\u01b0\u1ee3c h\u1ed7 tr\u1ee3 b\u1edfi c\u00e1c ch\u01b0\u01a1ng tr\u00ecnh ti\u1ebfp c\u1eadn c\u1ed9ng \u0111\u1ed3ng c\u1ee7a tr\u01b0\u1eddng \u0111\u1ea1i h\u1ecdc, \u0111\u1ecbnh v\u1ecb Ushuaia l\u00e0 ng\u01b0\u1eddi quan s\u00e1t v\u00e0 ng\u01b0\u1eddi \u1ee7ng h\u1ed9 trong cu\u1ed9c th\u1ea3o lu\u1eadn to\u00e0n c\u1ea7u v\u1ec1 c\u00e1c h\u1ec7 sinh th\u00e1i v\u00f9ng c\u1ef1c.<\/p>\n<p>Trong m\u1ed9t th\u1ebf gi\u1edbi m\u00e0 du l\u1ecbch th\u01b0\u1eddng theo nh\u1eefng tuy\u1ebfn \u0111\u01b0\u1eddng quen thu\u1ed9c, Ushuaia n\u1ed5i b\u1eadt - m\u1ed9t n\u01a1i m\u00e0 s\u1ee9c ch\u1ecbu \u0111\u1ef1ng c\u1ee7a con ng\u01b0\u1eddi g\u1eb7p ph\u1ea3i c\u00e1c th\u1ebf l\u1ef1c nguy\u00ean t\u1ed1. C\u1ea3ng c\u1ee7a th\u00e0nh ph\u1ed1 v\u1eabn ch\u00e0o \u0111\u00f3n nh\u1eefng ng\u01b0\u1eddi s\u0103n h\u1ea3i c\u1ea9u v\u00e0 th\u01b0\u01a1ng nh\u00e2n, gi\u1edd \u0111\u00e2y b\u00ean c\u1ea1nh c\u00e1c nh\u00e0 khoa h\u1ecdc kh\u00ed h\u1eadu v\u00e0 kh\u00e1ch du l\u1ecbch \u0111\u1ed9i m\u0169 ch\u1ed1ng n\u1eafng. C\u00e1c \u0111\u1ec9nh n\u00fai c\u1ee7a th\u00e0nh ph\u1ed1 v\u1eabn t\u00edch t\u1ee5 tuy\u1ebft cho c\u00e1c s\u00f4ng b\u0103ng h\u00e0ng th\u1ebf k\u1ef7 ngay c\u1ea3 khi nhi\u1ec7t \u0111\u1ed9 to\u00e0n c\u1ea7u t\u0103ng l\u00ean. V\u00e0 b\u00ean d\u01b0\u1edbi t\u1ea5t c\u1ea3 l\u00e0 m\u1ed9t c\u00e2u chuy\u1ec7n v\u1ec1 s\u1ef1 th\u00edch nghi: nh\u1eefng ng\u01b0\u1eddi ki\u1ebfm \u0103n b\u1ea3n \u0111\u1ecba, c\u00e1c nh\u00e0 truy\u1ec1n gi\u00e1o Anh gi\u00e1o, c\u00e1c cu\u1ed9c th\u00e1m hi\u1ec3m tr\u00ean bi\u1ec3n v\u00e0 c\u00e1c doanh nh\u00e2n hi\u1ec7n \u0111\u1ea1i, m\u1ed7i ng\u01b0\u1eddi \u0111\u1ec1u kh\u1eafc h\u1ecda tham v\u1ecdng c\u1ee7a m\u00ecnh v\u00e0o m\u1ed9t trong nh\u1eefng bi\u00ean gi\u1edbi cu\u1ed1i c\u00f9ng c\u1ee7a Tr\u00e1i \u0111\u1ea5t. Cho d\u00f9 \u0111\u1ebfn b\u1eb1ng xe bu\u00fdt qua \u0110\u01b0\u1eddng cao t\u1ed1c Beagle, b\u1eb1ng t\u00e0u t\u1eeb Punta Arenas hay b\u1eb1ng m\u00e1y bay qua nh\u1eefng ng\u1ecdn n\u00fai ph\u1ee7 \u0111\u1ea7y m\u00e2y, Ushuaia \u0111\u1ec1u \u0111\u1ebfn t\u1eadn c\u00f9ng tr\u00e1i tim - xa x\u00f4i, kh\u00f4ng t\u00f4 v\u1ebd, ho\u00e0n to\u00e0n s\u1ed1ng \u0111\u1ed9ng \u1edf t\u1eadn c\u00f9ng th\u1ebf gi\u1edbi.<\/p>","protected":false},"excerpt":{"rendered":"<p>Situated at the southernmost point of South America, where the turbulent Beagle Channel meets the tough Andes Mountains, a city captures the imagination of both adventurers and tourists. Officially known as Ushuaia, the City of Ushuaia is evidence of the attraction of Earth&#8217;s far-off frontiers and human endurance. Often referred to as &#8220;The End of the World,&#8221; this fascinating urban center is not only a physical wonder but also a hive of industry, culture, and natural beauty.<\/p>","protected":false},"author":1,"featured_media":3292,"parent":7678,"menu_order":0,"comment_status":"closed","ping_status":"closed","template":"elementor_theme","meta":{"_eb_attr":"","footnotes":""},"class_list":["post-7707","page","type-page","status-publish","has-post-thumbnail"],"_links":{"self":[{"href":"https:\/\/travelshelper.com\/vi\/wp-json\/wp\/v2\/pages\/7707","targetHints":{"allow":["GET"]}}],"collection":[{"href":"https:\/\/travelshelper.com\/vi\/wp-json\/wp\/v2\/pages"}],"about":[{"href":"https:\/\/travelshelper.com\/vi\/wp-json\/wp\/v2\/types\/page"}],"author":[{"embeddable":true,"href":"https:\/\/travelshelper.com\/vi\/wp-json\/wp\/v2\/users\/1"}],"replies":[{"embeddable":true,"href":"https:\/\/travelshelper.com\/vi\/wp-json\/wp\/v2\/comments?post=7707"}],"version-history":[{"count":0,"href":"https:\/\/travelshelper.com\/vi\/wp-json\/wp\/v2\/pages\/7707\/revisions"}],"up":[{"embeddable":true,"href":"https:\/\/travelshelper.com\/vi\/wp-json\/wp\/v2\/pages\/7678"}],"wp:featuredmedia":[{"embeddable":true,"href":"https:\/\/travelshelper.com\/vi\/wp-json\/wp\/v2\/media\/3292"}],"wp:attachment":[{"href":"https:\/\/travelshelper.com\/vi\/wp-json\/wp\/v2\/media?parent=7707"}],"curies":[{"name":"wp","href":"https:\/\/api.w.org\/{rel}","templated":true}]}}