{"id":7508,"date":"2024-08-26T15:17:32","date_gmt":"2024-08-26T15:17:32","guid":{"rendered":"https:\/\/travelshelper.com\/staging\/?page_id=7508"},"modified":"2026-03-13T23:35:44","modified_gmt":"2026-03-13T23:35:44","slug":"brazil","status":"publish","type":"page","link":"https:\/\/travelshelper.com\/vi\/destinations\/south-america\/brazil\/","title":{"rendered":"Brazil"},"content":{"rendered":"<p>Brazil tr\u1ea3i d\u00e0i t\u1eeb b\u1edd bi\u1ec3n \u0110\u1ea1i T\u00e2y D\u01b0\u01a1ng ng\u1eadp tr\u00e0n \u00e1nh n\u1eafng \u0111\u1ebfn tr\u00e1i tim xanh t\u01b0\u01a1i r\u1eadm r\u1ea1p c\u1ee7a Amazon, m\u1ed9t v\u00f9ng \u0111\u1ea5t c\u1ee7a s\u1ef1 t\u01b0\u01a1ng ph\u1ea3n \u0111\u01b0\u1ee3c t\u1ea1o n\u00ean b\u1edfi nh\u1eefng d\u00f2ng s\u00f4ng, cao nguy\u00ean v\u00e0 b\u1edd bi\u1ec3n. Bao ph\u1ee7 h\u01a1n m\u1ed9t n\u1eeda b\u1ec1 m\u1eb7t Nam M\u1ef9, li\u00ean bang g\u1ed3m 26 ti\u1ec3u bang v\u00e0 m\u1ed9t Qu\u1eadn li\u00ean bang n\u00e0y bao b\u1ecdc th\u1ee7 \u0111\u00f4 c\u1ee7a qu\u1ed1c gia, Bras\u00edlia, gi\u1eefa th\u1ea3o nguy\u00ean r\u1ed9ng m\u1edf v\u00e0 cao nguy\u00ean nh\u1ea5p nh\u00f4. Tuy nhi\u00ean, d\u1ecdc theo r\u00eca ph\u00eda \u0111\u00f4ng\u2014n\u01a1i c\u00e1c th\u00e0nh ph\u1ed1 g\u1eb7p nhau tr\u00ean nh\u1eefng b\u00e3i bi\u1ec3n r\u1ee3p b\u00f3ng c\u1ecd\u2014l\u00e0 n\u01a1i ng\u01b0\u1eddi ta c\u1ea3m nh\u1eadn \u0111\u01b0\u1ee3c nh\u1ecbp \u0111\u1eadp c\u1ee7a Brazil m\u1ed9t c\u00e1ch s\u1ed1ng \u0111\u1ed9ng nh\u1ea5t: nh\u1eefng con s\u00f3ng kh\u00f4ng ng\u1eebng ngh\u1ec9 \u1edf Rio, s\u1ef1 ph\u00e1t tri\u1ec3n b\u1ea5t t\u1eadn c\u1ee7a S\u00e3o Paulo, n\u01a1i gi\u1ecdng n\u00f3i v\u00e0 \u0111\u1ed9ng c\u01a1 h\u00f2a v\u00e0o nhau th\u00e0nh ti\u1ebfng r\u00ec r\u00e0o kh\u00f4ng ng\u1eebng ngh\u1ec9.<\/p>\n<p>T\u1eeb \u0111\u01b0\u1eddng x\u00edch \u0111\u1ea1o \u0111\u1ebfn v\u0129 \u0111\u1ed9 34\u00b0 Nam, Brazil tr\u1ea3i d\u00e0i b\u1ed1n m\u00fai gi\u1edd v\u00e0 hai v\u00e0nh \u0111ai kh\u00ed h\u1eadu ch\u00ednh. M\u1ed9t bu\u1ed5i s\u00e1ng \u1edf Manaus, kh\u00f4ng kh\u00ed \u0111\u1eb7c qu\u00e1nh h\u01a1i \u1ea9m; \u0111\u1ebfn chi\u1ec1u \u1edf Porto Alegre, m\u1ed9t l\u00e0n gi\u00f3 m\u00e1t th\u1ed5i qua nh\u1eefng th\u1ea3m c\u1ecf v\u00e0ng tr\u00ean Pampas. Nh\u1eefng d\u00e3y n\u00fai g\u1ed3 gh\u1ec1 c\u1ee7a Serra do Mar t\u1ea1o th\u00e0nh nh\u1eefng thung l\u0169ng ph\u1ee7 s\u01b0\u01a1ng m\u00f9 d\u1ecdc theo b\u1edd bi\u1ec3n \u0111\u00f4ng nam, trong khi Cao nguy\u00ean Guiana \u1edf ph\u00eda b\u1eafc chia n\u01b0\u1edbc v\u1ec1 ph\u00eda c\u1ea3 l\u01b0u v\u1ef1c Amazon v\u00e0 Orinoco. Pico da Neblina, cao g\u1ea7n ba km, \u0111\u1ee9ng im l\u1eb7ng canh g\u00e1c gi\u1eefa r\u1eebng m\u01b0a Amazon r\u1ed9ng l\u1edbn\u2014m\u1ed9t ti\u1ebfng v\u1ecdng c\u1ee7a con s\u00f4ng l\u1edbn nh\u1ea5t c\u1ee7a \u0111\u1ea5t n\u01b0\u1edbc, b\u1ea3n th\u00e2n n\u00f3 mang nhi\u1ec1u n\u01b0\u1edbc h\u01a1n b\u1ea5t k\u1ef3 h\u1ec7 th\u1ed1ng n\u00e0o kh\u00e1c tr\u00ean Tr\u00e1i \u0111\u1ea5t.<\/p>\n<p>H\u01a1n 212 tri\u1ec7u gi\u1ecdng n\u00f3i \u0111\u1ecbnh h\u00ecnh n\u00ean c\u00e2u chuy\u1ec7n c\u1ee7a Brazil. Ti\u1ebfng B\u1ed3 \u0110\u00e0o Nha, kh\u00f4ng b\u1ecb gi\u00e1n \u0111o\u1ea1n k\u1ec3 t\u1eeb n\u0103m 1500, g\u1eafn k\u1ebft c\u00e1c qu\u00e1n c\u00e0 ph\u00ea b\u00ean b\u1edd bi\u1ec3n v\u1edbi nh\u1eefng ng\u00f4i l\u00e0ng trong r\u1eebng r\u1eadm b\u1eb1ng m\u1ed9t ng\u00f4n ng\u1eef du d\u01b0\u01a1ng, \u0111\u01a1n nh\u1ea5t. C\u00e1c ng\u00f4n ng\u1eef b\u1ea3n \u0111\u1ecba t\u1ed3n t\u1ea1i trong c\u00e1c nh\u00f3m nh\u1ecf\u2014Xavante, Guaran\u00ed\u2014nh\u1eefng l\u1eddi th\u00ec th\u1ea7m c\u1ee7a nh\u1eefng th\u1ebf k\u1ef7 tr\u01b0\u1edbc. S\u1ef1 ph\u00e1t tri\u1ec3n \u0111\u00f4 th\u1ecb c\u1ee7a S\u00e3o Paulo, n\u01a1i sinh s\u1ed1ng c\u1ee7a h\u01a1n 12 tri\u1ec7u ng\u01b0\u1eddi, tr\u1ea3i d\u00e0i v\u1ec1 ph\u00eda \u0111\u00f4ng v\u00e0o c\u00e1c thung l\u0169ng v\u00e0 v\u00f9ng ngo\u1ea1i \u00f4, trong khi Rio de Janeiro b\u00e1m v\u00e0o c\u00e1c \u0111\u1ec9nh n\u00fai \u0111\u00e1 granit, c\u00e1c v\u1ecbnh c\u00e1t tr\u1eafng v\u00e0 nh\u1ecbp \u0111i\u1ec7u l\u1ec5 h\u1ed9i. Nh\u1eefng d\u00f2ng ch\u1ea3y ng\u1ea7m c\u1ee7a di s\u1ea3n ch\u00e2u Phi, ch\u00e2u \u00c2u v\u00e0 b\u1ea3n \u0111\u1ecba h\u00f2a quy\u1ec7n v\u00e0o nhau, m\u1ed9t s\u1ef1 pha tr\u1ed9n \u0111\u01b0\u1ee3c c\u1ea3m nh\u1eadn trong cu\u1ed9c tr\u00f2 chuy\u1ec7n c\u0169ng nh\u01b0 trong c\u00e1c v\u00f2ng tr\u00f2n capoeira ho\u1eb7c h\u01b0\u01a1ng th\u01a1m ng\u1ecdt ng\u00e0o c\u1ee7a acaraj\u00e9 n\u1ea5u tr\u00ean than d\u1ea7u c\u1ecd.<\/p>\n<p>L\u00e2u tr\u01b0\u1edbc khi Cabral \u0111\u1ebfn v\u00e0o th\u00e1ng 4 n\u0103m 1500, c\u00e1c c\u1ed9ng \u0111\u1ed3ng b\u1ea3n \u0111\u1ecba \u0111\u00e3 ph\u00e1t tri\u1ec3n m\u1ea1nh d\u1ecdc theo b\u1edd bi\u1ec3n v\u00e0 s\u00f4ng ng\u00f2i. V\u1edbi chuy\u1ebfn bay c\u1ee7a tri\u1ec1u \u0111\u00ecnh B\u1ed3 \u0110\u00e0o Nha \u0111\u1ebfn Rio v\u00e0o n\u0103m 1808, Brazil \u0111\u00e3 tr\u1edf th\u00e0nh tr\u00e1i tim c\u1ee7a m\u1ed9t \u0111\u1ebf ch\u1ebf to\u00e0n c\u1ea7u trong m\u1ed9t th\u1eddi gian ng\u1eafn. N\u0103m 1822, Ho\u00e0ng t\u1eed Pedro tuy\u00ean b\u1ed1 quy\u1ec1n t\u1ef1 ch\u1ee7, th\u00e0nh l\u1eadp m\u1ed9t \u0111\u1ebf ch\u1ebf c\u00f3 hi\u1ebfn ph\u00e1p \u0111\u1ea7u ti\u00ean t\u00f4n vinh quy\u1ec1n t\u1ef1 do t\u00edn ng\u01b0\u1ee1ng v\u00e0 b\u00e1o ch\u00ed\u2014nh\u01b0ng v\u1eabn gi\u1eef nguy\u00ean ch\u1ebf \u0111\u1ed9 n\u00f4 l\u1ec7 cho \u0111\u1ebfn khi qu\u00e1 tr\u00ecnh gi\u1ea3i th\u1ec3 d\u1ea7n d\u1ea7n k\u1ebft th\u00fac v\u00e0o n\u0103m 1888. M\u1ed9t n\u0103m sau, ch\u1ebf \u0111\u1ed9 qu\u00e2n ch\u1ee7 s\u1ee5p \u0111\u1ed5 do m\u1ed9t cu\u1ed9c \u0111\u1ea3o ch\u00ednh qu\u00e2n s\u1ef1 v\u00e0 n\u1ec1n c\u1ed9ng h\u00f2a b\u1eaft \u0111\u1ea7u. C\u00e1c cu\u1ed9c c\u00e1ch m\u1ea1ng, ch\u1ebf \u0111\u1ed9 d\u00e2n t\u00fay d\u01b0\u1edbi th\u1eddi Get\u00falio Vargas v\u00e0 ch\u1ebf \u0111\u1ed9 qu\u00e2n s\u1ef1 t\u1eeb n\u0103m 1964 \u0111\u1ebfn n\u0103m 1985 \u0111\u00e3 \u0111\u1ecbnh h\u00ecnh n\u00ean n\u1ec1n ch\u00ednh tr\u1ecb hi\u1ec7n \u0111\u1ea1i. Hi\u1ebfn ph\u00e1p n\u0103m 1988 ng\u00e0y nay c\u1ee7ng c\u1ed1 m\u1ed9t li\u00ean bang d\u00e2n ch\u1ee7, Qu\u1ed1c h\u1ed9i c\u1ee7a n\u00f3 vang v\u1ecdng c\u00e1c cu\u1ed9c tranh lu\u1eadn t\u1eeb nh\u1eefng b\u1ee9c tranh b\u00ea t\u00f4ng cao v\u00fat c\u1ee7a Bras\u00edlia.<\/p>\n<p>N\u1ec1n kinh t\u1ebf ph\u1ee9c t\u1ea1p c\u1ee7a Brazil \u0111\u01b0\u1ee3c x\u1ebfp h\u1ea1ng trong s\u1ed1 m\u01b0\u1eddi n\u1ec1n kinh t\u1ebf l\u1edbn nh\u1ea5t th\u1ebf gi\u1edbi. \u0110\u1ed3ng b\u1eb1ng m\u00e0u m\u1ee1 c\u1ee7a Cerrado cho ra \u0111\u1eadu n\u00e0nh v\u00e0 m\u00eda; gia s\u00fac g\u1eb7m c\u1ecf tr\u00ean \u0111\u1ed3ng c\u1ecf r\u1ed9ng kh\u1eafp Mato Grosso do Sul; c\u00e1c m\u1ecf s\u00e2u \u1edf Minas Gerais cung c\u1ea5p qu\u1eb7ng s\u1eaft v\u00e0 v\u00e0ng. C\u00e1c nh\u00e0 m\u00e1y \u0111\u00f4 th\u1ecb \u1edf S\u00e3o Paulo v\u00e0 Belo Horizonte bi\u1ebfn nh\u1eefng ngu\u1ed3n t\u00e0i nguy\u00ean n\u00e0y th\u00e0nh th\u00e9p, \u0111\u1ed3 \u0111i\u1ec7n t\u1eed, ph\u1ee5 t\u00f9ng m\u00e1y bay. Brazil v\u1eadn chuy\u1ec3n c\u00e0 ph\u00ea, th\u1ecbt b\u00f2, qu\u1eb7ng s\u1eaft v\u00e0 m\u00e1y bay \u0111\u1ebfn c\u00e1c th\u1ecb tr\u01b0\u1eddng tr\u00ean m\u1ecdi ch\u00e2u l\u1ee5c. C\u00e1c th\u1ec3 ch\u1ebf t\u1eeb t\u01b0 c\u00e1ch th\u00e0nh vi\u00ean s\u00e1ng l\u1eadp Li\u00ean h\u1ee3p qu\u1ed1c \u0111\u1ebfn c\u00e1c gh\u1ebf t\u1ea1i BRICS, G20 v\u00e0 Mercosur khu\u1ebfch \u0111\u1ea1i ti\u1ebfng n\u00f3i c\u1ee7a m\u00ecnh. Tuy nhi\u00ean, kho\u1ea3ng c\u00e1ch kinh t\u1ebf v\u1eabn t\u1ed3n t\u1ea1i: c\u00e1c khu \u1ed5 chu\u1ed9t g\u1eafn k\u1ebft ch\u1eb7t ch\u1ebd nh\u00ecn ra nh\u1eefng t\u00f2a nh\u00e0 ch\u1ecdc tr\u1eddi s\u00e1ng b\u00f3ng, m\u1ed9t l\u1eddi nh\u1eafc nh\u1edf r\u1eb1ng s\u1ef1 gi\u00e0u c\u00f3 v\u00e0 c\u01a1 h\u1ed9i v\u1eabn \u0111\u01b0\u1ee3c ph\u00e2n b\u1ed5 kh\u00f4ng \u0111\u1ed3ng \u0111\u1ec1u.<\/p>\n<p>S\u00e1u m\u01b0\u01a1i ph\u1ea7n tr\u0103m c\u1ee7a Amazon n\u1eb1m trong bi\u00ean gi\u1edbi c\u1ee7a Brazil, che ch\u1edf cho m\u1ed9t ph\u1ea7n m\u01b0\u1eddi t\u1ea5t c\u1ea3 c\u00e1c lo\u00e0i \u0111\u01b0\u1ee3c bi\u1ebft \u0111\u1ebfn tr\u00ean Tr\u00e1i \u0111\u1ea5t. R\u1ec5 c\u00e2y ch\u1ed1ng \u0111\u1ee1 cao ch\u00f3t v\u00f3t m\u1ecdc l\u00ean t\u1eeb nh\u1eefng l\u1ed1i \u0111i b\u1ed9 \u0111\u01b0\u1ee3c ph\u1ee7 \u0111\u1ea7y l\u00e1 r\u1ee5ng; nh\u1eefng con v\u1eb9t ng\u1ecdc l\u1ee5c b\u1ea3o k\u00eau r\u00edt tr\u00ean cao khi nh\u1eefng con l\u1ee3n v\u00f2i v\u01b0\u1ee3t qua nh\u1eefng d\u00f2ng su\u1ed1i n\u01b0\u1edbc \u0111en. B\u00ean kia r\u1eebng nhi\u1ec7t \u0111\u1edbi, Pantanal ng\u1eadp l\u1ee5t v\u00e0 r\u00fat lui m\u1ed7i m\u00f9a, thu h\u00fat h\u00e0ng ngh\u00ecn lo\u00e0i chim di c\u01b0. Nh\u1eefng th\u1ea3m c\u1ecf hoang d\u00e3 v\u00e0 r\u1eebng ph\u00f2ng h\u1ed9 c\u1ee7a Cerrado l\u00e0 n\u01a1i tr\u00fa ng\u1ee5 c\u1ee7a b\u00e1o \u0111\u1ed1m, s\u00f3i b\u1eddm v\u00e0 th\u00fa \u0103n ki\u1ebfn; d\u1ecdc theo b\u1edd bi\u1ec3n \u0110\u1ea1i T\u00e2y D\u01b0\u01a1ng, c\u00e1 voi l\u01b0ng g\u00f9 nh\u1ea3y l\u00ean g\u1ea7n nh\u1eefng v\u00e1ch \u0111\u00e1 g\u1ed3 gh\u1ec1. C\u00e1c khu b\u1ea3o t\u1ed3n r\u1ea3i r\u00e1c tr\u00ean b\u1ea3n \u0111\u1ed3, nh\u01b0ng n\u1ea1n ph\u00e1 r\u1eebng v\u00e0 ph\u00e1t tri\u1ec3n g\u00e2y s\u1ee9c \u00e9p l\u00ean c\u00e1c h\u1ec7 sinh th\u00e1i n\u00e0y, s\u1ed1 ph\u1eadn c\u1ee7a ch\u00fang g\u1eafn li\u1ec1n v\u1edbi kh\u00ed h\u1eadu to\u00e0n c\u1ea7u v\u00e0 \u0111a d\u1ea1ng sinh h\u1ecdc.<\/p>\n<p>H\u00e0ng ng\u00e0n du kh\u00e1ch \u0111\u1ebfn \u0111\u00e2y. T\u1ea1i Pelourinho c\u1ee7a Salvador, nh\u1eefng m\u1eb7t ti\u1ec1n thu\u1ed9c \u0111\u1ecba r\u1ef1c s\u00e1ng trong \u00e1nh s\u00e1ng ban mai, trong khi ti\u1ebfng tr\u1ed1ng r\u00ec r\u00e0o xa xa v\u1eaby g\u1ecdi t\u1eeb nh\u1eefng s\u00e2n trong \u1ea9n khu\u1ea5t. Nh\u1eefng ng\u01b0\u1eddi \u0111i bi\u1ec3n \u1edf Bahia th\u1ee9c d\u1eady tr\u01b0\u1edbc khi m\u1eb7t tr\u1eddi m\u1ecdc \u0111\u1ec3 ch\u1ee9ng ki\u1ebfn \u200b\u200bth\u1ee7y tri\u1ec1u t\u1ea1o h\u00ecnh nh\u1eefng c\u1ed3n c\u00e1t, sau \u0111\u00f3 n\u1eb1m d\u00e0i b\u00ean nh\u1eefng con s\u00f3ng th\u01a1m m\u00f9i d\u1eeba. Xa h\u01a1n v\u1ec1 ph\u00eda nam, Florian\u00f3polis k\u1ebft h\u1ee3p gi\u1eefa b\u00e3i bi\u1ec3n v\u00e0 nh\u1eefng ng\u1ecdn \u0111\u1ed3i ph\u1ee7 \u0111\u1ea7y th\u00f4ng, n\u01a1i \u1ea9n n\u00e1u cho c\u1ea3 ng\u01b0\u1eddi l\u01b0\u1edbt s\u00f3ng v\u00e0 ng\u01b0\u1eddi \u0111i b\u1ed9 \u0111\u01b0\u1eddng d\u00e0i. Nh\u1eefng ng\u01b0\u1eddi du l\u1ecbch sinh th\u00e1i m\u1ea1o hi\u1ec3m \u0111i ng\u01b0\u1ee3c d\u00f2ng s\u00f4ng tr\u00ean nh\u1eefng chi\u1ebfc xu\u1ed3ng \u0111\u00e1y k\u00ednh, ng\u1eafm c\u00e1 s\u1ea5u caiman v\u00e0 c\u00e1 heo s\u00f4ng d\u01b0\u1edbi nh\u1eefng t\u00e1n c\u00e2y xanh. Nh\u1eefng ng\u01b0\u1eddi t\u00ecm ki\u1ebfm k\u1ef3 ngh\u1ec9 ng\u1eafn ng\u00e0y \u1edf S\u00e3o Paulo \u0111i d\u1ea1o trong c\u00e1c b\u1ea3o t\u00e0ng, n\u1ebfm th\u1eed feijoada trong c\u00e1c nh\u00e0 h\u00e0ng \u1ed3n \u00e0o v\u00e0 n\u00e1n l\u1ea1i th\u01b0\u1edfng th\u1ee9c c\u00e0 ph\u00ea \u0111\u1eadm \u0111\u00e0 trong nh\u1eefng con h\u1ebbm h\u1eb9p.<\/p>\n<p>S\u1ef1 xu\u1ea5t hi\u1ec7n c\u1ee7a Pedro \u00c1lvares Cabral \u0111\u00e3 mang theo nh\u1eefng m\u00e1i v\u00f2m Manueline v\u00e0 b\u00e0n th\u1edd baroque \u0111\u1ebfn nh\u1eefng khu \u0111\u1ecbnh c\u01b0 m\u1edbi. \u1ede Ouro Preto v\u00e0 Olinda, nh\u1eefng nh\u00e0 th\u1edd b\u1eb1ng \u0111\u00e1 ch\u1ea1m kh\u1eafc v\u00e0 nh\u1eefng dinh th\u1ef1 thu\u1ed9c \u0111\u1ecba l\u00e0 minh ch\u1ee9ng cho s\u1ef1 gi\u00e0u c\u00f3 c\u1ee7a c\u01a1n s\u1ed1t v\u00e0ng. Th\u1ebf k\u1ef7 20 \u0111\u00e3 m\u1edf ra m\u1ed9t ch\u1ee7 ngh\u0129a hi\u1ec7n \u0111\u1ea1i v\u1edbi nh\u1eefng \u0111\u01b0\u1eddng n\u00e9t r\u00f5 r\u00e0ng: nh\u1eefng \u0111\u01b0\u1eddng cong c\u1ee7a Oscar Niemeyer \u0111\u1ecbnh h\u00ecnh n\u00ean Qu\u1ed1c h\u1ed9i v\u00e0 nh\u00e0 th\u1edd l\u1edbn c\u1ee7a Bras\u00edlia, m\u1ed9t t\u1ea7m nh\u00ecn cao v\u00fat trong b\u00ea t\u00f4ng tr\u1eafng. Ng\u00e0y nay, c\u00e1c ki\u1ebfn \u200b\u200btr\u00fac s\u01b0 \u0111\u01b0\u01a1ng \u0111\u1ea1i t\u00e1i hi\u1ec7n l\u1ea1i c\u00e1c khu \u1ed5 chu\u1ed9t nh\u01b0 nh\u1eefng b\u1ee9c tranh s\u1ed1ng, s\u01a1n t\u01b0\u1eddng b\u1eb1ng nh\u1eefng t\u00f4ng m\u00e0u t\u01b0\u01a1i s\u00e1ng, t\u1ea1o n\u00ean nh\u1eefng trung t\u00e2m c\u1ed9ng \u0111\u1ed3ng n\u01a1i tr\u01b0\u1edbc \u0111\u00e2y ch\u1ec9 c\u00f3 nh\u1eefng con h\u1ebbm. C\u00e1c ph\u00f2ng tr\u01b0ng b\u00e0y gi\u1edbi thi\u1ec7u c\u00e1c t\u00e1c ph\u1ea9m t\u1eeb phong c\u00e1ch Baroque \u0111\u1ebfn tr\u1eebu t\u01b0\u1ee3ng hi\u1ec7n \u0111\u1ea1i, trong khi c\u00e1c li\u00ean hoan phim \u1edf Rio \u0111\u00e3 \u0111\u01b0a \u0111i\u1ec7n \u1ea3nh Brazil v\u00e0o t\u1ea7m ng\u1eafm c\u1ee7a qu\u1ed1c t\u1ebf.<\/p>\n<p>V\u00e0o l\u00fac ch\u1ea1ng v\u1ea1ng, c\u00e1c tr\u01b0\u1eddng samba khu\u1ea5y \u0111\u1ed9ng s\u1ef1 s\u1ed1ng d\u01b0\u1edbi t\u00e1n c\u00e2y b\u1ea1ch \u0111\u00e0n. \u0110i\u1ec7u Capoeira rodas \u0111\u01b0\u1ee3c t\u1ea1o th\u00e0nh tr\u00ean c\u00e1c qu\u1ea3ng tr\u01b0\u1eddng l\u00e1t \u0111\u00e1 cu\u1ed9i, c\u00e1c c\u1eb7p v\u0169 c\u00f4ng t\u01b0\u01a1ng t\u00e1c nh\u01b0 cu\u1ed9c tr\u00f2 chuy\u1ec7n ng\u1eabu h\u1ee9ng. S\u1ef1 \u0111i\u00ean cu\u1ed3ng c\u1ee7a l\u1ec5 h\u1ed9i h\u00f3a trang\u2014ti\u1ebfng s\u00e1o, ti\u1ebfng surdos, ruy b\u0103ng\u2014b\u00f9ng n\u1ed5 t\u1eeb c\u00e1c truy\u1ec1n th\u1ed1ng kh\u00e1ng c\u1ef1 v\u00e0 l\u1ec5 k\u1ef7 ni\u1ec7m l\u00e2u \u0111\u1eddi. Nh\u1eefng ngh\u1ec7 nh\u00e2n b\u1ea3n \u0111\u1ecba t\u1ea1o ra nh\u1eefng chi\u1ebfc gi\u1ecf, m\u0169 \u0111\u1ed9i \u0111\u1ea7u b\u1eb1ng l\u00f4ng v\u0169 v\u00e0 \u0111\u1ed3 g\u1ed1m, b\u1ea3o t\u1ed3n ngh\u1ec1 th\u1ee7 c\u00f4ng \u0111\u01b0\u1ee3c truy\u1ec1n qua nhi\u1ec1u th\u1ebf h\u1ec7. C\u00e1c ch\u1ee3 th\u1ef1c ph\u1ea9m tr\u00e0n ng\u1eadp qu\u1ea3 a\u00e7a\u00ed, b\u00e1nh k\u1ebfp s\u1eafn v\u00e0 b\u00e1nh pasteis b\u1ed1c h\u01a1i trong d\u1ea7u, m\u1ed7i mi\u1ebfng c\u1eafn l\u00e0 m\u1ed9t c\u00e1i nh\u00ecn tho\u00e1ng qua v\u1ec1 nhi\u1ec1u th\u1ebf k\u1ef7 \u0111an xen. \u1ede \u0111\u00e2y, qu\u00e1 kh\u1ee9 lu\u00f4n hi\u1ec7n di\u1ec7n: trong c\u00e1c nghi l\u1ec5, c\u00f4ng th\u1ee9c n\u1ea5u \u0103n v\u00e0 ng\u00f4n ng\u1eef s\u1ed1ng c\u1ee7a v\u00f9ng \u0111\u1ea5t n\u00e0y.<\/p>\n<p>Brazil r\u1ed9ng l\u1edbn, \u0111\u00fang v\u1eady\u2014l\u00e3nh th\u1ed5 r\u1ef1c r\u1ee1 v\u1edbi s\u1ef1 \u0111a d\u1ea1ng. Nh\u01b0ng ch\u00ednh trong nh\u1eefng kho\u1ea3nh kh\u1eafc th\u01b0\u1eddng nh\u1eadt, b\u1ea3n ch\u1ea5t c\u1ee7a n\u00f3 m\u1edbi n\u1ed5i l\u00ean: tr\u1ebb em \u0111u\u1ed5i theo nh\u1eefng con s\u00f3ng l\u00fac m\u1eb7t tr\u1eddi m\u1ecdc, ng\u01b0\u1eddi gi\u00e0 nh\u1ea5m nh\u00e1p r\u01b0\u1ee3u cacha\u00e7a d\u01b0\u1edbi nh\u1eefng c\u00e2y ph\u01b0\u1ee3ng t\u00edm, ti\u1ebfng chu\u00f4ng nh\u00e0 th\u1edd ng\u00e2n vang tr\u00ean m\u1ed9t thung l\u0169ng \u1ea9m \u01b0\u1edbt. C\u00e2u chuy\u1ec7n c\u1ee7a \u0111\u1ea5t n\u01b0\u1edbc n\u00e0y \u0111\u01b0\u1ee3c m\u1edf ra theo t\u1eebng l\u1edbp\u2014\u0111\u1ecba l\u00fd, l\u1ecbch s\u1eed, v\u0103n h\u00f3a, sinh th\u00e1i\u2014\u0111\u01b0\u1ee3c \u0111an xen v\u1edbi nhau b\u1edfi s\u1ee9c b\u1ec1n b\u1ec9 v\u00e0 s\u1ef1 s\u00e1ng t\u1ea1o c\u1ee7a ng\u01b0\u1eddi d\u00e2n. \u0110i b\u1ed9 tr\u00ean ph\u1ed1 hay ch\u00e8o thuy\u1ec1n tr\u00ean s\u00f4ng l\u00e0 ch\u1ea1m v\u00e0o m\u1ed9t th\u1ee9 g\u00ec \u0111\u00f3 s\u1ed1ng \u0111\u1ed9ng, b\u1ed3n ch\u1ed3n v\u00e0 kh\u00f4ng b\u1ecb r\u00e0ng bu\u1ed9c, m\u00e3i m\u00e3i \u0111\u1ecbnh h\u00ecnh v\u00e0 \u0111\u1ecbnh h\u00ecnh b\u1edfi n\u01a1i n\u00e0y \u1edf r\u00eca ph\u00eda \u0111\u00f4ng c\u1ee7a m\u1ed9t l\u1ee5c \u0111\u1ecba l\u1edbn.<\/p>","protected":false},"excerpt":{"rendered":"<p>Brazil, the largest nation in South America, exemplifies numerous superlative characteristics. Covering an area of more than 8.5 million square kilometers, Brazil offers a wide range of settings, cultures, and experiences that appeal to both residents and visitors. From the Amazon rainforest to the energetic metropolitan area of S\u00e3o Paulo, Brazil shows unmatched variation.<\/p>","protected":false},"author":1,"featured_media":4114,"parent":24096,"menu_order":0,"comment_status":"closed","ping_status":"closed","template":"elementor_theme","meta":{"_eb_attr":"","footnotes":""},"class_list":["post-7508","page","type-page","status-publish","has-post-thumbnail"],"_links":{"self":[{"href":"https:\/\/travelshelper.com\/vi\/wp-json\/wp\/v2\/pages\/7508","targetHints":{"allow":["GET"]}}],"collection":[{"href":"https:\/\/travelshelper.com\/vi\/wp-json\/wp\/v2\/pages"}],"about":[{"href":"https:\/\/travelshelper.com\/vi\/wp-json\/wp\/v2\/types\/page"}],"author":[{"embeddable":true,"href":"https:\/\/travelshelper.com\/vi\/wp-json\/wp\/v2\/users\/1"}],"replies":[{"embeddable":true,"href":"https:\/\/travelshelper.com\/vi\/wp-json\/wp\/v2\/comments?post=7508"}],"version-history":[{"count":0,"href":"https:\/\/travelshelper.com\/vi\/wp-json\/wp\/v2\/pages\/7508\/revisions"}],"up":[{"embeddable":true,"href":"https:\/\/travelshelper.com\/vi\/wp-json\/wp\/v2\/pages\/24096"}],"wp:featuredmedia":[{"embeddable":true,"href":"https:\/\/travelshelper.com\/vi\/wp-json\/wp\/v2\/media\/4114"}],"wp:attachment":[{"href":"https:\/\/travelshelper.com\/vi\/wp-json\/wp\/v2\/media?parent=7508"}],"curies":[{"name":"wp","href":"https:\/\/api.w.org\/{rel}","templated":true}]}}